{"id":1589,"date":"2023-09-27T05:31:36","date_gmt":"2023-09-27T03:31:36","guid":{"rendered":"https:\/\/vapebulkp.com\/?post_type=product&#038;p=1589"},"modified":"2025-09-24T05:12:57","modified_gmt":"2025-09-24T03:12:57","slug":"bang-box-12000puffs-good-vape-sweden-wholesale-price","status":"publish","type":"product","link":"https:\/\/vapebulkp.com\/lv\/product\/bang-box-12000puffs-good-vape-sweden-wholesale-price\/","title":{"rendered":"Bang Box 12000 dvesmas Labs Vape Zviedrijas vairumtirdzniec\u012bbas cena"},"content":{"rendered":"<h2 style=\"text-align: left\">Bang Box 12000 dvesmas Labs Vape Zviedrijas vairumtirdzniec\u012bbas cena<\/h2>\n<p data-start=\"172\" data-end=\"513\">Tas <strong data-start=\"216\" data-end=\"239\">Bang Box 12000 Pufi<\/strong> ir augstas veiktsp\u0113jas <a href=\"https:\/\/vapebulkp.com\/lv\/product-category\/12000-puffs-disposable-vape\/\"><strong data-start=\"262\" data-end=\"293\">12000 d\u016bmu vienreiz\u0113j\u0101s lieto\u0161anas elektronisk\u0101 cigarete<\/strong><\/a> izstr\u0101d\u0101ta Eiropas tvaic\u0113t\u0101jiem, kuri mekl\u0113 \u0113rt\u012bbas, stilu un ilgsto\u0161u jaudu. Apr\u012bkota ar 650 mAh uzl\u0101d\u0113jamu akumulatoru un C tipa \u0101tro uzl\u0101di, t\u0101 nodro\u0161ina nep\u0101rtrauktu tvaic\u0113\u0161anu ikdienas lieto\u0161anai vai soci\u0101los apst\u0101k\u013cos.<\/p>\n<p data-start=\"515\" data-end=\"797\">Ar 23 ml augst\u0101k\u0101s kvalit\u0101tes nikot\u012bna s\u0101ls e-\u0161\u0137idruma (2% un 5%) Bang Box nodro\u0161ina maigus, gar\u0161\u012bgus d\u016bmus ar vienm\u0113r\u012bgu tvaiku. Uzlabot\u0101 t\u012bkla spoles tehnolo\u0123ija nodro\u0161ina bl\u012bvus m\u0101ko\u0146us un uzlabotu gar\u0161u ar katru dvesmu, savuk\u0101rt LED kr\u0101su gaismas pie\u0161\u0137ir modernu un uzkr\u012bto\u0161u piesk\u0101rienu.<\/p>\n<p data-start=\"799\" data-end=\"1083\">Kompakts, iztur\u012bgs un viegli p\u0101rn\u0113s\u0101jams, <strong>Karst\u0101 p\u0101rdo\u0161ana Vapes<\/strong> <strong data-start=\"840\" data-end=\"863\">Bang Box 12000 Pufi<\/strong> ir ide\u0101li piem\u0113rots gan individu\u0101lai lieto\u0161anai, gan vapes vairumtirdzniec\u012bbai. T\u0101 liel\u0101 ietilp\u012bba, uzl\u0101d\u0113jamais dizains un dinamisk\u0101 veiktsp\u0113ja padara to par lab\u0101ko izv\u0113li mazumtirgot\u0101jiem, kuri v\u0113las pieg\u0101d\u0101t augst\u0101k\u0101s kvalit\u0101tes vienreizlietojamos vapes vis\u0101 Eirop\u0101.<\/p>\n<h6 style=\"text-align: left\">\u00a0 \u00a0\u00a0<img decoding=\"async\" class=\"alignnone size-full wp-image-1698\" src=\"http:\/\/vapebulkp.com\/wp-content\/uploads\/2023\/09\/BANG-BOX-12000VAPE-POD-1.png\" alt=\"\" width=\"805\" height=\"449\" srcset=\"https:\/\/vapebulkp.com\/wp-content\/uploads\/2023\/09\/BANG-BOX-12000VAPE-POD-1.png 805w, https:\/\/vapebulkp.com\/wp-content\/uploads\/2023\/09\/BANG-BOX-12000VAPE-POD-1-300x167.png 300w, https:\/\/vapebulkp.com\/wp-content\/uploads\/2023\/09\/BANG-BOX-12000VAPE-POD-1-768x428.png 768w, https:\/\/vapebulkp.com\/wp-content\/uploads\/2023\/09\/BANG-BOX-12000VAPE-POD-1-600x335.png 600w\" sizes=\"(max-width: 805px) 100vw, 805px\" \/><\/h6>\n<h6>L\u016bdzu, sazinieties ar Mandijas WhatsApp, lai sa\u0146emtu atlaides cenu<a href=\"https:\/\/wa.me\/8618077105796\">+8618077105796<\/a><\/h6>\n<p><img decoding=\"async\" class=\"alignnone wp-image-2151\" src=\"http:\/\/vapebulkp.com\/wp-content\/uploads\/2024\/04\/Mandy-WhatsApp-Randm.jpg\" alt=\"Mandy WhatsApp Randi\" width=\"287\" height=\"305\" srcset=\"https:\/\/vapebulkp.com\/wp-content\/uploads\/2024\/04\/Mandy-WhatsApp-Randm.jpg 916w, https:\/\/vapebulkp.com\/wp-content\/uploads\/2024\/04\/Mandy-WhatsApp-Randm-282x300.jpg 282w, https:\/\/vapebulkp.com\/wp-content\/uploads\/2024\/04\/Mandy-WhatsApp-Randm-768x817.jpg 768w, https:\/\/vapebulkp.com\/wp-content\/uploads\/2024\/04\/Mandy-WhatsApp-Randm-600x638.jpg 600w\" sizes=\"(max-width: 287px) 100vw, 287px\" \/><\/p>\n<h2>Dom\u0101ju, ka jums var\u0113tu noder\u0113t inform\u0101cija par Bang Box 12000Puffs vienreizlietojamo VAPE:<\/h2>\n<h5>1. K\u0101 lietot Bang Box 12000 Puffs Vapes pildspalvu?<\/h5>\n<p>1. solis. Pirms 12k dvesmu lieto\u0161anas atvienojiet plastmasas cauruli.<\/p>\n<p>2. solis. Gaidiet apm\u0113ram 3 min\u016btes, lai \u0161\u0137idrums non\u0101ktu iek\u0161\u0113j\u0101 spol\u0113.<\/p>\n<p>3. solis. Izbaudiet to<\/p>\n<h5>2. K\u0100 UZL\u0100D\u0112T VIENREIZLIETOJAMO VAPES IER\u012aCI Bang Box 12000 PUFFS?<\/h5>\n<p>\u0100tr\u0101s uzl\u0101des l\u0101d\u0113t\u0101jus nevar izmantot, un vienreiz\u0113j\u0101s lieto\u0161anas e-cigare\u0161u standarta dro\u0161\u0101 jauda ir 5V 1A.<\/p>\n<p>Katrs uzl\u0101des laiks nedr\u012bkst p\u0101rsniegt 1 stundu, un dro\u0161s uzl\u0101des laiks ir pusstunda.<\/p>\n<p><span style=\"color: #ff6600\">Pazi\u0146ojums: Neuzl\u0101d\u0113jiet visu nakti!<\/span><\/p>\n<h5>3. K\u0101da ir Bang Box 12000Puffs VAPE e-\u0161\u0137idruma ietilp\u012bba?<\/h5>\n<p>\u2014 23 ml<\/p>\n<h5>4. Cik dvesmas es varu uz\u0146emt no \u0161\u012b Bang Box 12000 Puffs?<\/h5>\n<p>\u2014\u201312000 Uzp\u016btienu<\/p>\n<h3>Bang Box 12000 Puffs Vairumtirdzniec\u012bbas vienreizlietojam\u0101 Vapes poda \u012bpa\u0161\u012bbas:<\/h3>\n<p>L\u012bdz 12000 dvesm\u0101m<br \/>\n\u0160\u0137idrums: 23 ml e-\u0161\u0137idruma<br \/>\nNikot\u012bns: 0% 2% 3% 5%<br \/>\nVeids: Vienreizlietojams<br \/>\n650 mAh akumulators<br \/>\nUzl\u0101d\u0113jams ar C tipa kabeli<br \/>\nt\u012bkla spole<br \/>\nLED kr\u0101su gaisma<\/p>\n<p>&nbsp;<\/p>\n<h3><strong>K\u0101das ir lab\u0101k\u0101s Bang Box 12000 Puffs Vapes gar\u0161as?<\/strong><\/h3>\n<p>1) Zeme\u0146u ban\u0101ns<br \/>\n2) Kivi marakujas gvajava<br \/>\n3) Zilais avenes ledus<br \/>\n4) L\u0101\u010du l\u0101c\u012btis<br \/>\n5) Apels\u012bnu limon\u0101de<br \/>\n6) Arb\u016bzu burbu\u013cgumija<br \/>\n7) Zeme\u0146u kivi<br \/>\n8) Zeme\u0146u arb\u016bzs<br \/>\n9) Meln\u0101 p\u016b\u0137a ledus<br \/>\n10) V\u0113s\u0101 piparm\u0113tra<br \/>\n11) Sk\u0101bs \u0101bols ar aven\u0113m<br \/>\n12) Zeme\u0146u sula<\/p>\n<p><a href=\"https:\/\/vapebulkp.com\/lv\/product\/popular-randm-tornado-7000puffs-disposable-vape-best-price\/\"><span style=\"vertical-align: inherit\">RandM Tornado 7000 dvesmas <\/span><\/a><\/p>\n<p><span style=\"vertical-align: inherit\">Atrast vair\u0101k produktu, kas jums var\u0113tu patikt:<\/span><em><a href=\"https:\/\/wa.me\/8618077105796\"><span style=\"vertical-align: inherit\">\u00a0Pirkt tagad<\/span><\/a><\/em><\/p>\n<p><span style=\"vertical-align: inherit\">Citas dvesmas, kas jums var\u0113tu patikt:<\/span><a href=\"https:\/\/vapebulkp.com\/lv\/product\/joymy-ultra15000puffs-best-disposable-vape-2023\/\"><span style=\"vertical-align: inherit\">JOYMY 15000 dvesmas<\/span><\/a><span style=\"vertical-align: inherit\">\u3001<\/span><a href=\"https:\/\/vapebulkp.com\/lv\/product\/wholesale-randm-tornado-9000-puffs-germany\/\"><span style=\"vertical-align: inherit\">RandM 9000 dvesmas<\/span><\/a><span style=\"vertical-align: inherit\">\/ <\/span><a href=\"https:\/\/vapebulkp.com\/lv\/product\/bang-king-12000puffs\/\"><span style=\"vertical-align: inherit\">Bang King 12000 dvesmas<\/span><\/a><span style=\"vertical-align: inherit\">\/ <\/span><a href=\"https:\/\/vapebulkp.com\/lv\/product\/wholesale-tornado-rum-bar-9000-puffs-sweden\/\"><span style=\"vertical-align: inherit\">Rumbar 9000 puffs<\/span><\/a><\/p>\n<p><span style=\"vertical-align: inherit\">\u012apa\u0161as formas e-cigare\u0161u pudele:<\/span><a href=\"https:\/\/vapebulkp.com\/lv\/product\/wholesale-kulx-8000-puffs-disposable-vape\/\"><span style=\"vertical-align: inherit\">\u00a0Kulx 8000 Dvesmas<\/span><\/a><span style=\"vertical-align: inherit\">\/ <\/span><a href=\"https:\/\/vapebulkp.com\/lv\/product\/popular-bang-king-10000-puffs-vape-good-price\/\"><span style=\"vertical-align: inherit\">\u00a0Bang King 10000 Dvesmas <\/span><\/a><span style=\"vertical-align: inherit\">\/<\/span><a href=\"https:\/\/vapebulkp.com\/lv\/product\/disposable-vape-crystal-600-puffs\/\"><span style=\"vertical-align: inherit\"> Crystal 600 Dvesmas<\/span><\/a><\/p>\n<h5>Ra\u017eo\u0161anas kvalifik\u0101cija:<\/h5>\n<p><img decoding=\"async\" class=\"alignnone size-full wp-image-1841\" src=\"http:\/\/vapebulkp.com\/wp-content\/uploads\/2023\/11\/Vape-production-process-2.jpeg\" alt=\"Vape ra\u017eo\u0161anas process\" width=\"650\" height=\"434\" srcset=\"https:\/\/vapebulkp.com\/wp-content\/uploads\/2023\/11\/Vape-production-process-2.jpeg 650w, https:\/\/vapebulkp.com\/wp-content\/uploads\/2023\/11\/Vape-production-process-2-300x200.jpeg 300w, https:\/\/vapebulkp.com\/wp-content\/uploads\/2023\/11\/Vape-production-process-2-600x401.jpeg 600w\" sizes=\"(max-width: 650px) 100vw, 650px\" \/><\/p>\n<p><img decoding=\"async\" class=\"alignnone size-full wp-image-1843\" src=\"http:\/\/vapebulkp.com\/wp-content\/uploads\/2023\/11\/Vape-production-process.jpeg\" alt=\"Vape ra\u017eo\u0161anas process\" width=\"641\" height=\"1026\" srcset=\"https:\/\/vapebulkp.com\/wp-content\/uploads\/2023\/11\/Vape-production-process.jpeg 641w, https:\/\/vapebulkp.com\/wp-content\/uploads\/2023\/11\/Vape-production-process-187x300.jpeg 187w, https:\/\/vapebulkp.com\/wp-content\/uploads\/2023\/11\/Vape-production-process-640x1024.jpeg 640w, https:\/\/vapebulkp.com\/wp-content\/uploads\/2023\/11\/Vape-production-process-600x960.jpeg 600w\" sizes=\"(max-width: 641px) 100vw, 641px\" \/><\/p>\n<h4>Bie\u017ei uzdotie jaut\u0101jumi:<\/h4>\n<p>J: K\u0101ds ir Bang Box 12000Puffs minim\u0101lais pas\u016bt\u012bjuma daudzums?<br \/>\nA: Minim\u0101lais pas\u016bt\u012bjums ir 100 gab.<br \/>\nJ: K\u0101ds ir pieg\u0101des laiks pas\u016bt\u012btajam vape?<br \/>\nA: Parasti tas ir 10-15 dienas p\u0113c izs\u016bt\u012b\u0161anas<br \/>\nJ: Cik maks\u0101 pieg\u0101des izmaksas?A: Pieg\u0101des izmaksas ir atkar\u012bgas no svara. Da\u017e\u0101diem daudzumiem ir at\u0161\u0137ir\u012bgas pieg\u0101des izmaksas, l\u016bdzu, sazinieties ar mums, lai apstiprin\u0101tu pieg\u0101des izmaksas.<\/p>\n<h4>Pieg\u0101des deta\u013cas:<\/h4>\n<p><span style=\"color: #ff6600\">Ra\u017eo\u0161anas laiks: 5-10 darba dienas<\/span><br \/>\n<span style=\"color: #ff6600\">Pieg\u0101des laiks: 8-14 darba dienas<\/span><\/p>\n<p>Visi produkti m\u016bsu veikal\u0101 ir 100% ori\u0123in\u0101li un autentiski, t\u0101p\u0113c desmitk\u0101rt\u012bga kompens\u0101cija par viltot\u0101m prec\u0113m ir m\u016bsu veikala politika. M\u0113s izmantojam t\u0101dus lo\u0123istikas kan\u0101lus k\u0101 UPS\/DHL\/FEDEX\/DPD, lai pieg\u0101d\u0101tu preces jums.<\/p>\n<p>Paci\u0146\u0101m, kas tiek s\u016bt\u012btas uz Latviju, parasti nepiecie\u0161amas 10 darba dienas, lai t\u0101s sa\u0146emtu. S\u016bt\u012bjumiem uz Eiropas valst\u012bm parasti nepiecie\u0161amas 12 l\u012bdz 15 darba dienas, lai t\u0101s sa\u0146emtu. M\u0113s atjaunin\u0101sim lo\u0123istikas inform\u0101ciju jums re\u0101llaik\u0101.<\/p>","protected":false},"excerpt":{"rendered":"<p>Bang Box 12000 Puffs Vapes vairumtirdzniec\u012bba Latvij\u0101 ergonomiskais dizains lieliski iegu\u013c plaukst\u0101. Paaugstiniet savu tvaic\u0113\u0161anas pieredzi ar Bang Box 12000Puffs vienreizlietojamo e-cigareti un izbaudiet tvaic\u0113\u0161anu k\u0101 v\u0113l nekad.<\/p>\n<p><img decoding=\"async\" class=\"alignnone wp-image-2151\" src=\"http:\/\/vapebulkp.com\/wp-content\/uploads\/2024\/04\/Mandy-WhatsApp-Randm.jpg\" alt=\"Mandy WhatsApp Randi\" width=\"234\" height=\"249\" srcset=\"https:\/\/vapebulkp.com\/wp-content\/uploads\/2024\/04\/Mandy-WhatsApp-Randm.jpg 916w, https:\/\/vapebulkp.com\/wp-content\/uploads\/2024\/04\/Mandy-WhatsApp-Randm-282x300.jpg 282w, https:\/\/vapebulkp.com\/wp-content\/uploads\/2024\/04\/Mandy-WhatsApp-Randm-768x817.jpg 768w, https:\/\/vapebulkp.com\/wp-content\/uploads\/2024\/04\/Mandy-WhatsApp-Randm-600x638.jpg 600w\" sizes=\"(max-width: 234px) 100vw, 234px\" \/><\/p>\n<p>L\u016bdzu, sazinieties ar Mandijas WhatsApp, lai sa\u0146emtu atlaides cenu<a href=\"https:\/\/wa.me\/8618077105796\">+8618077105796<\/a><\/p>\n<p><span style=\"color: #ff0000\">PIEZ\u012aME: Cenas m\u016bsu t\u012bmek\u013ca vietn\u0113 neietver pieg\u0101des izmaksas<\/span><\/p>\n<p>&nbsp;<\/p>","protected":false},"featured_media":1693,"comment_status":"open","ping_status":"closed","template":"","meta":{"_uag_custom_page_level_css":"","_lmt_disableupdate":"no","_lmt_disable":"","site-sidebar-layout":"default","site-content-layout":"content-boxed-container","ast-site-content-layout":"normal-width-container","site-content-style":"boxed","site-sidebar-style":"unboxed","ast-global-header-display":"","ast-banner-title-visibility":"","ast-main-header-display":"","ast-hfb-above-header-display":"","ast-hfb-below-header-display":"","ast-hfb-mobile-header-display":"","site-post-title":"","ast-breadcrumbs-content":"","ast-featured-img":"","footer-sml-layout":"","theme-transparent-header-meta":"default","adv-header-id-meta":"","stick-header-meta":"","header-above-stick-meta":"","header-main-stick-meta":"","header-below-stick-meta":"","astra-migrate-meta-layouts":"set","_joinchat":[]},"product_cat":[166,153,345,155,33,59,100,34,158,157,154,152,58,84,156,63,32],"product_tag":[45,36,37,41,40],"class_list":["post-1589","product","type-product","status-publish","has-post-thumbnail","hentry","product_cat-12000-puffs-disposable-vape","product_cat-hot-disposable-vapes","product_cat-bang-vapes","product_cat-belgium-hot-disposable-vapes","product_cat-france-vape-hot-sale","product_cat-germany-hot-disposable-vape","product_cat-germany-wholesale-vape-shop","product_cat-netherlands-vape-good-sale","product_cat-norway-hot-disposable-vapes","product_cat-poland-hot-disposable-vapes","product_cat-portugal-hot-disposable-vapes","product_cat-spain-hot-disposable-vapes","product_cat-sweden-hot-disposable-vape","product_cat-sweden-wholesale-vape","product_cat-switzerland-hot-disposable-vapes","product_cat-top-sale-disposable-vape","product_cat-vape-hot-sale-this-week","product_tag-12000puffs-good-vape","product_tag-good-vape","product_tag-hot-sale-disposable-vape","product_tag-poland-hot-vape","product_tag-sweden-hot-vape","pa_brand-bang-vape","desktop-align-left","tablet-align-left","mobile-align-left"],"yoast_head":"<!-- This site is optimized with the Yoast SEO plugin v21.1 - https:\/\/yoast.com\/wordpress\/plugins\/seo\/ -->\n<title>Bang Box 12000Puffs Good Vape Sweden Wholesale Price - vapebulkp.com<\/title>\n<meta name=\"description\" content=\"Bang Box 12000Puffs Good Vape Sweden Wholesale Price ergonomic design fits perfectly in your hand .Elevate your vaping game with the Bang Box 12000Puffs Disposable E-Cigarette and experience vaping like never before.\" \/>\n<meta name=\"robots\" content=\"index, follow, max-snippet:-1, max-image-preview:large, max-video-preview:-1\" \/>\n<link rel=\"canonical\" href=\"https:\/\/vapebulkp.com\/lv\/product\/bang-box-12000puffs-good-vape-sweden-wholesale-price\/\" \/>\n<meta property=\"og:locale\" content=\"lv_LV\" \/>\n<meta property=\"og:type\" content=\"article\" \/>\n<meta property=\"og:title\" content=\"Bang Box 12000Puffs Good Vape Sweden Wholesale Price - vapebulkp.com\" \/>\n<meta property=\"og:description\" content=\"Bang Box 12000Puffs Good Vape Sweden Wholesale Price ergonomic design fits perfectly in your hand .Elevate your vaping game with the Bang Box 12000Puffs Disposable E-Cigarette and experience vaping like never before.\" \/>\n<meta property=\"og:url\" content=\"https:\/\/vapebulkp.com\/lv\/product\/bang-box-12000puffs-good-vape-sweden-wholesale-price\/\" \/>\n<meta property=\"og:site_name\" content=\"vapebulkp.com\" \/>\n<meta property=\"article:modified_time\" content=\"2025-09-24T03:12:57+00:00\" \/>\n<meta property=\"og:image\" content=\"http:\/\/vapebulkp.com\/wp-content\/uploads\/2023\/09\/bang-box-12k-puff-1.jpg\" \/>\n\t<meta property=\"og:image:width\" content=\"2330\" \/>\n\t<meta property=\"og:image:height\" content=\"1747\" \/>\n\t<meta property=\"og:image:type\" content=\"image\/jpeg\" \/>\n<meta name=\"twitter:card\" content=\"summary_large_image\" \/>\n<meta name=\"twitter:label1\" content=\"Est. reading time\" \/>\n\t<meta name=\"twitter:data1\" content=\"4 min\u016btes\" \/>\n<script type=\"application\/ld+json\" class=\"yoast-schema-graph\">{\"@context\":\"https:\/\/schema.org\",\"@graph\":[{\"@type\":\"WebPage\",\"@id\":\"https:\/\/vapebulkp.com\/product\/bang-box-12000puffs-good-vape-sweden-wholesale-price\/\",\"url\":\"https:\/\/vapebulkp.com\/product\/bang-box-12000puffs-good-vape-sweden-wholesale-price\/\",\"name\":\"Bang Box 12000Puffs Good Vape Sweden Wholesale Price - vapebulkp.com\",\"isPartOf\":{\"@id\":\"https:\/\/vapebulkp.com\/#website\"},\"datePublished\":\"2023-09-27T03:31:36+00:00\",\"dateModified\":\"2025-09-24T03:12:57+00:00\",\"description\":\"Bang Box 12000Puffs Good Vape Sweden Wholesale Price ergonomic design fits perfectly in your hand .Elevate your vaping game with the Bang Box 12000Puffs Disposable E-Cigarette and experience vaping like never before.\",\"breadcrumb\":{\"@id\":\"https:\/\/vapebulkp.com\/product\/bang-box-12000puffs-good-vape-sweden-wholesale-price\/#breadcrumb\"},\"inLanguage\":\"lv-LV\",\"potentialAction\":[{\"@type\":\"ReadAction\",\"target\":[\"https:\/\/vapebulkp.com\/product\/bang-box-12000puffs-good-vape-sweden-wholesale-price\/\"]}]},{\"@type\":\"BreadcrumbList\",\"@id\":\"https:\/\/vapebulkp.com\/product\/bang-box-12000puffs-good-vape-sweden-wholesale-price\/#breadcrumb\",\"itemListElement\":[{\"@type\":\"ListItem\",\"position\":1,\"name\":\"Home\",\"item\":\"https:\/\/vapebulkp.com\/\"},{\"@type\":\"ListItem\",\"position\":2,\"name\":\"Hot Trend Vapes\",\"item\":\"https:\/\/vapebulkp.com\/vape-shop\/\"},{\"@type\":\"ListItem\",\"position\":3,\"name\":\"Bang Box 12000Puffs Good Vape Sweden Wholesale Price\"}]},{\"@type\":\"WebSite\",\"@id\":\"https:\/\/vapebulkp.com\/#website\",\"url\":\"https:\/\/vapebulkp.com\/\",\"name\":\"vapebulkp.com\",\"description\":\"Buy Vape In Cheap Bulk Price Near you\",\"publisher\":{\"@id\":\"https:\/\/vapebulkp.com\/#organization\"},\"potentialAction\":[{\"@type\":\"SearchAction\",\"target\":{\"@type\":\"EntryPoint\",\"urlTemplate\":\"https:\/\/vapebulkp.com\/?s={search_term_string}\"},\"query-input\":\"required name=search_term_string\"}],\"inLanguage\":\"lv-LV\"},{\"@type\":\"Organization\",\"@id\":\"https:\/\/vapebulkp.com\/#organization\",\"name\":\"vapebulkp.com\",\"url\":\"https:\/\/vapebulkp.com\/\",\"logo\":{\"@type\":\"ImageObject\",\"inLanguage\":\"lv-LV\",\"@id\":\"https:\/\/vapebulkp.com\/#\/schema\/logo\/image\/\",\"url\":\"https:\/\/vapebulkp.com\/wp-content\/uploads\/2023\/09\/cropped-vapebulkp.png\",\"contentUrl\":\"https:\/\/vapebulkp.com\/wp-content\/uploads\/2023\/09\/cropped-vapebulkp.png\",\"width\":516,\"height\":163,\"caption\":\"vapebulkp.com\"},\"image\":{\"@id\":\"https:\/\/vapebulkp.com\/#\/schema\/logo\/image\/\"}}]}<\/script>\n<!-- \/ Yoast SEO plugin. -->","yoast_head_json":{"title":"Bang Box 12000Puffs Good Vape Sweden Wholesale Price - vapebulkp.com","description":"Bang Box 12000Puffs Good Vape Sweden Wholesale Price ergonomic design fits perfectly in your hand .Elevate your vaping game with the Bang Box 12000Puffs Disposable E-Cigarette and experience vaping like never before.","robots":{"index":"index","follow":"follow","max-snippet":"max-snippet:-1","max-image-preview":"max-image-preview:large","max-video-preview":"max-video-preview:-1"},"canonical":"https:\/\/vapebulkp.com\/lv\/product\/bang-box-12000puffs-good-vape-sweden-wholesale-price\/","og_locale":"lv_LV","og_type":"article","og_title":"Bang Box 12000Puffs Good Vape Sweden Wholesale Price - vapebulkp.com","og_description":"Bang Box 12000Puffs Good Vape Sweden Wholesale Price ergonomic design fits perfectly in your hand .Elevate your vaping game with the Bang Box 12000Puffs Disposable E-Cigarette and experience vaping like never before.","og_url":"https:\/\/vapebulkp.com\/lv\/product\/bang-box-12000puffs-good-vape-sweden-wholesale-price\/","og_site_name":"vapebulkp.com","article_modified_time":"2025-09-24T03:12:57+00:00","og_image":[{"width":2330,"height":1747,"url":"http:\/\/vapebulkp.com\/wp-content\/uploads\/2023\/09\/bang-box-12k-puff-1.jpg","type":"image\/jpeg"}],"twitter_card":"summary_large_image","twitter_misc":{"Est. reading time":"4 min\u016btes"},"schema":{"@context":"https:\/\/schema.org","@graph":[{"@type":"WebPage","@id":"https:\/\/vapebulkp.com\/product\/bang-box-12000puffs-good-vape-sweden-wholesale-price\/","url":"https:\/\/vapebulkp.com\/product\/bang-box-12000puffs-good-vape-sweden-wholesale-price\/","name":"Bang Box 12000Puffs Good Vape Sweden Wholesale Price - vapebulkp.com","isPartOf":{"@id":"https:\/\/vapebulkp.com\/#website"},"datePublished":"2023-09-27T03:31:36+00:00","dateModified":"2025-09-24T03:12:57+00:00","description":"Bang Box 12000Puffs Good Vape Sweden Wholesale Price ergonomic design fits perfectly in your hand .Elevate your vaping game with the Bang Box 12000Puffs Disposable E-Cigarette and experience vaping like never before.","breadcrumb":{"@id":"https:\/\/vapebulkp.com\/product\/bang-box-12000puffs-good-vape-sweden-wholesale-price\/#breadcrumb"},"inLanguage":"lv-LV","potentialAction":[{"@type":"ReadAction","target":["https:\/\/vapebulkp.com\/product\/bang-box-12000puffs-good-vape-sweden-wholesale-price\/"]}]},{"@type":"BreadcrumbList","@id":"https:\/\/vapebulkp.com\/product\/bang-box-12000puffs-good-vape-sweden-wholesale-price\/#breadcrumb","itemListElement":[{"@type":"ListItem","position":1,"name":"Home","item":"https:\/\/vapebulkp.com\/"},{"@type":"ListItem","position":2,"name":"Hot Trend Vapes","item":"https:\/\/vapebulkp.com\/vape-shop\/"},{"@type":"ListItem","position":3,"name":"Bang Box 12000Puffs Good Vape Sweden Wholesale Price"}]},{"@type":"WebSite","@id":"https:\/\/vapebulkp.com\/#website","url":"https:\/\/vapebulkp.com\/","name":"vapebulkp.com","description":"Buy Vape In Cheap Bulk Price Near you","publisher":{"@id":"https:\/\/vapebulkp.com\/#organization"},"potentialAction":[{"@type":"SearchAction","target":{"@type":"EntryPoint","urlTemplate":"https:\/\/vapebulkp.com\/?s={search_term_string}"},"query-input":"required name=search_term_string"}],"inLanguage":"lv-LV"},{"@type":"Organization","@id":"https:\/\/vapebulkp.com\/#organization","name":"vapebulkp.com","url":"https:\/\/vapebulkp.com\/","logo":{"@type":"ImageObject","inLanguage":"lv-LV","@id":"https:\/\/vapebulkp.com\/#\/schema\/logo\/image\/","url":"https:\/\/vapebulkp.com\/wp-content\/uploads\/2023\/09\/cropped-vapebulkp.png","contentUrl":"https:\/\/vapebulkp.com\/wp-content\/uploads\/2023\/09\/cropped-vapebulkp.png","width":516,"height":163,"caption":"vapebulkp.com"},"image":{"@id":"https:\/\/vapebulkp.com\/#\/schema\/logo\/image\/"}}]}},"uagb_featured_image_src":{"full":["https:\/\/vapebulkp.com\/wp-content\/uploads\/2023\/09\/bang-box-12k-puff-1.jpg",2330,1747,false],"thumbnail":["https:\/\/vapebulkp.com\/wp-content\/uploads\/2023\/09\/bang-box-12k-puff-1-150x150.jpg",150,150,true],"medium":["https:\/\/vapebulkp.com\/wp-content\/uploads\/2023\/09\/bang-box-12k-puff-1-300x225.jpg",300,225,true],"medium_large":["https:\/\/vapebulkp.com\/wp-content\/uploads\/2023\/09\/bang-box-12k-puff-1-768x576.jpg",768,576,true],"large":["https:\/\/vapebulkp.com\/wp-content\/uploads\/2023\/09\/bang-box-12k-puff-1-1024x768.jpg",1024,768,true],"1536x1536":["https:\/\/vapebulkp.com\/wp-content\/uploads\/2023\/09\/bang-box-12k-puff-1-1536x1152.jpg",1536,1152,true],"2048x2048":["https:\/\/vapebulkp.com\/wp-content\/uploads\/2023\/09\/bang-box-12k-puff-1-2048x1536.jpg",2048,1536,true],"trp-custom-language-flag":["https:\/\/vapebulkp.com\/wp-content\/uploads\/2023\/09\/bang-box-12k-puff-1.jpg",16,12,false],"woocommerce_thumbnail":["https:\/\/vapebulkp.com\/wp-content\/uploads\/2023\/09\/bang-box-12k-puff-1-300x300.jpg",300,300,true],"woocommerce_single":["https:\/\/vapebulkp.com\/wp-content\/uploads\/2023\/09\/bang-box-12k-puff-1-600x450.jpg",600,450,true],"woocommerce_gallery_thumbnail":["https:\/\/vapebulkp.com\/wp-content\/uploads\/2023\/09\/bang-box-12k-puff-1-100x100.jpg",100,100,true],"wcpr-photo-reviews":["https:\/\/vapebulkp.com\/wp-content\/uploads\/2023\/09\/bang-box-12k-puff-1.jpg",500,375,false]},"uagb_author_info":{"display_name":"Mandy vape bulk price","author_link":"https:\/\/vapebulkp.com\/lv\/author\/"},"uagb_comment_info":1,"uagb_excerpt":"Bang Box 12000 Puffs Wholesale Vape Sweden Wholesale Price ergonomic design fits perfectly in your hand .Elevate your vaping game with the Bang Box 12000Puffs Disposable E-Cigarette and experience vaping like never before. Pls Contact Mandy's WhatsApp For Discount Price+8618077105796 NOTE: Prices on our website does not include shipping costs &nbsp;","_links":{"self":[{"href":"https:\/\/vapebulkp.com\/lv\/wp-json\/wp\/v2\/product\/1589","targetHints":{"allow":["GET"]}}],"collection":[{"href":"https:\/\/vapebulkp.com\/lv\/wp-json\/wp\/v2\/product"}],"about":[{"href":"https:\/\/vapebulkp.com\/lv\/wp-json\/wp\/v2\/types\/product"}],"replies":[{"embeddable":true,"href":"https:\/\/vapebulkp.com\/lv\/wp-json\/wp\/v2\/comments?post=1589"}],"wp:featuredmedia":[{"embeddable":true,"href":"https:\/\/vapebulkp.com\/lv\/wp-json\/wp\/v2\/media\/1693"}],"wp:attachment":[{"href":"https:\/\/vapebulkp.com\/lv\/wp-json\/wp\/v2\/media?parent=1589"}],"wp:term":[{"taxonomy":"product_cat","embeddable":true,"href":"https:\/\/vapebulkp.com\/lv\/wp-json\/wp\/v2\/product_cat?post=1589"},{"taxonomy":"product_tag","embeddable":true,"href":"https:\/\/vapebulkp.com\/lv\/wp-json\/wp\/v2\/product_tag?post=1589"}],"curies":[{"name":"wp","href":"https:\/\/api.w.org\/{rel}","templated":true}]}}