{"id":1609,"date":"2023-09-28T08:50:33","date_gmt":"2023-09-28T06:50:33","guid":{"rendered":"https:\/\/vapebulkp.com\/?post_type=product&#038;p=1609"},"modified":"2025-09-01T05:15:05","modified_gmt":"2025-09-01T03:15:05","slug":"wholesale-tornado-rum-bar-9000-puffs-sweden","status":"publish","type":"product","link":"https:\/\/vapebulkp.com\/lv\/product\/wholesale-tornado-rum-bar-9000-puffs-sweden\/","title":{"rendered":"Tornado vairumtirdzniec\u012bba Jauns RUM BAR 9000 dvesmas Latvija"},"content":{"rendered":"<h2>Vairumtirdzniec\u012bba Tornado RUM BAR 9000 Puffs Zviedrija<\/h2>\n<p data-start=\"130\" data-end=\"453\">Tas <strong data-start=\"134\" data-end=\"178\">Vairumtirdzniec\u012bba Tornado New RUM BAR 9000 Puffs<\/strong> ir augstas veiktsp\u0113jas <strong data-start=\"201\" data-end=\"220\">vienreiz lietojamais vape<\/strong> paredz\u0113ts ilgsto\u0161am apmierin\u0101jumam. Ar 600 mAh uzl\u0101d\u0113jamu akumulatoru un C tipa \u0101tru uzl\u0101di \u0161\u012b ier\u012bce nodro\u0161ina l\u012bdz pat <strong data-start=\"349\" data-end=\"363\">9000 dvesm\u0101m<\/strong> bez p\u0101rtraukuma, nov\u0113r\u0161ot nepiecie\u0161am\u012bbu p\u0113c bie\u017eas uzl\u0101des vai spoles nomai\u0146as.<\/p>\n<p data-start=\"455\" data-end=\"738\">Apr\u012bkots ar 18 ml e-\u0161\u0137idruma tvertni un 0,8 \u03a9 t\u012bkla spoli, tas rada biezu tvaiku un bag\u0101t\u012bgu gar\u0161u ar katru vilkmi. Pieejams 2% un 5% nikot\u012bna s\u0101ls opcij\u0101s, <strong data-start=\"620\" data-end=\"642\">RUM B\u0100RS 9000 p\u016btieni<\/strong> pied\u0101v\u0101 vienm\u0113r\u012bgus vilcienus un past\u0101v\u012bgu apmierin\u0101t\u012bbu ar kaklu gan ies\u0101c\u0113jiem, gan pieredz\u0113ju\u0161iem veiperiem.<\/p>\n<p data-start=\"740\" data-end=\"1002\">Kompakts un p\u0101rn\u0113s\u0101jams, \u0161is augst\u0101k\u0101s kvalit\u0101tes vienreiz\u0113j\u0101s lieto\u0161anas tvaiks ir ide\u0101li piem\u0113rots Latvijas vairumtirdzniec\u012bbas tirgiem un mazumtirdzniec\u012bbas izplat\u012b\u0161anai. Lieliski piem\u0113rots klientiem, kuri mekl\u0113 uzticamu, lielas ietilp\u012bbas <strong data-start=\"912\" data-end=\"930\">sieta spoles vape<\/strong> ar ilgsto\u0161u lieto\u0161anu, \u0101tru gar\u0161as pieg\u0101di un bez probl\u0113mu apkopi.<\/p>\n<h6 style=\"text-align: left\"><img decoding=\"async\" class=\"alignnone wp-image-1740\" src=\"http:\/\/vapebulkp.com\/wp-content\/uploads\/2023\/09\/Italy-rum-bar-9000-puff-wholesale-price-1.jpg\" alt=\"It\u0101lijas ruma b\u0101rs 9000 dvesmu vairumtirdzniec\u012bbas cena RandM 9000\" width=\"515\" height=\"515\" srcset=\"https:\/\/vapebulkp.com\/wp-content\/uploads\/2023\/09\/Italy-rum-bar-9000-puff-wholesale-price-1.jpg 1280w, https:\/\/vapebulkp.com\/wp-content\/uploads\/2023\/09\/Italy-rum-bar-9000-puff-wholesale-price-1-300x300.jpg 300w, https:\/\/vapebulkp.com\/wp-content\/uploads\/2023\/09\/Italy-rum-bar-9000-puff-wholesale-price-1-1024x1024.jpg 1024w, https:\/\/vapebulkp.com\/wp-content\/uploads\/2023\/09\/Italy-rum-bar-9000-puff-wholesale-price-1-150x150.jpg 150w, https:\/\/vapebulkp.com\/wp-content\/uploads\/2023\/09\/Italy-rum-bar-9000-puff-wholesale-price-1-768x768.jpg 768w, https:\/\/vapebulkp.com\/wp-content\/uploads\/2023\/09\/Italy-rum-bar-9000-puff-wholesale-price-1-600x600.jpg 600w, https:\/\/vapebulkp.com\/wp-content\/uploads\/2023\/09\/Italy-rum-bar-9000-puff-wholesale-price-1-100x100.jpg 100w\" sizes=\"(max-width: 515px) 100vw, 515px\" \/><\/h6>\n<p>&nbsp;<\/p>\n<h6>L\u016bdzu, sazinieties ar Mandijas WhatsApp, lai sa\u0146emtu atlaides cenu<a href=\"https:\/\/wa.me\/8618077105796\">+8618077105796<\/a><\/h6>\n<p><img decoding=\"async\" class=\"alignnone wp-image-2151\" src=\"http:\/\/vapebulkp.com\/wp-content\/uploads\/2024\/04\/Mandy-WhatsApp-Randm.jpg\" alt=\"Mandy WhatsApp Randi\" width=\"259\" height=\"275\" srcset=\"https:\/\/vapebulkp.com\/wp-content\/uploads\/2024\/04\/Mandy-WhatsApp-Randm.jpg 916w, https:\/\/vapebulkp.com\/wp-content\/uploads\/2024\/04\/Mandy-WhatsApp-Randm-282x300.jpg 282w, https:\/\/vapebulkp.com\/wp-content\/uploads\/2024\/04\/Mandy-WhatsApp-Randm-768x817.jpg 768w, https:\/\/vapebulkp.com\/wp-content\/uploads\/2024\/04\/Mandy-WhatsApp-Randm-600x638.jpg 600w\" sizes=\"(max-width: 259px) 100vw, 259px\" \/><\/p>\n<h2><span style=\"vertical-align: inherit\">Dom\u0101ju, ka jums var\u0113tu patikt uzzin\u0101t par lab\u0101ko vienreiz\u0113j\u0101s lieto\u0161anas vape Rumbar 9000 Puffs:<\/span><\/h2>\n<p>&nbsp;<\/p>\n<h5>1.K\u0100DA IR RUMBAR 9000 PUFFS E-\u0160\u0136IDRUMA IETILP\u012aBA?<\/h5>\n<p>\u0160ai ier\u012bcei ir 18 ml e-\u0161\u0137idruma.<\/p>\n<h5>2.CIK ILGI KALPO RUMBAR 9000 Puffs VAPE?<\/h5>\n<p>500 dvesmu\/dien\u0101, var kalpot 24 dienas<br \/>\n1000 dvesmu\/dien\u0101, var kalpot 12 dienas<br \/>\n2000 uzp\u016btienu\/dien\u0101, var kalpot 6 dienas<\/p>\n<h5>3.K\u0100 UZL\u0100D\u0112T VIENREIZLIETOJAM\u0100S VAPE RandM Rumbar 9000PUFFS IER\u012aCI?<\/h5>\n<p>Nav at\u013cauts lietot \u0101tr\u0101s uzl\u0101des l\u0101d\u0113t\u0101jus. Vienreizlietojamo e-cigare\u0161u standarta dro\u0161\u0101 jauda ir 5V 1A. Katra uzl\u0101des reize nedr\u012bkst p\u0101rsniegt 1 stundu, un dro\u0161ais uzl\u0101des laiks ir pusstunda.<\/p>\n<h3><strong><span style=\"vertical-align: inherit\">Produkta specifik\u0101cija Vape Rumbar 9000 Puffs:<\/span><br \/>\n<\/strong><\/h3>\n<p>Akumulators: 600 mAh (C tips)<br \/>\nIetilp\u012bba: 18 ml<br \/>\nSpole: 0,8 omu sieta<br \/>\nAptuvenais uzs\u016bk\u0161anas apjoms: 9000 uzp\u016btienu<br \/>\nNikot\u012bna stiprums: 2%,5%<br \/>\nMOQ: 100 gab<\/p>\n<h3><strong>K\u0101das ir lab\u0101k\u0101s RUM BAR 9000 Puffs gar\u0161as?<\/strong><\/h3>\n<p>&nbsp;<\/p>\n<p>1) V\u0113s\u0101 piparm\u0113tra<\/p>\n<p>2) Kola ledus<\/p>\n<p>3) Arb\u016bzu ledus<\/p>\n<p>4) V\u012bnogu ledus<\/p>\n<p>5) Melle\u0146u ledus<\/p>\n<p>6) \u0100bolu ledus<\/p>\n<p>7) Li\u010d\u012b ledus<\/p>\n<p>8) Gvajaves ledus<\/p>\n<p>9) Zeme\u0146u ledus<\/p>\n<p>10) Mango ledus<\/p>\n<p><a href=\"https:\/\/vapebulkp.com\/lv\/product\/wholesale-price-disposable-vape-crystal-600-puffs\/\"><span style=\"vertical-align: inherit\">Labs p\u0101rdo\u0161anas krist\u0101ls 600 uzp\u016btieni <\/span><\/a><\/p>\n<p><span style=\"vertical-align: inherit\">Atrast vair\u0101k produktu, kas jums var\u0113tu patikt:<\/span><em><a href=\"https:\/\/wa.me\/8618077105796\"><span style=\"vertical-align: inherit\">\u00a0Pirkt tagad<\/span><\/a><\/em><\/p>\n<p><span style=\"vertical-align: inherit\">Citas dvesmas, kas jums var\u0113tu patikt:<\/span><a href=\"https:\/\/vapebulkp.com\/lv\/product\/bang-king-12000puffs\/\"><span style=\"vertical-align: inherit\">Bang King 12000 dvesmas<\/span><\/a><span style=\"vertical-align: inherit\">\u3001<\/span><a href=\"https:\/\/vapebulkp.com\/lv\/product\/wholesale-randm-tornado-9000-puffs-germany\/\"><span style=\"vertical-align: inherit\">RandM Tornado 9000 Dvesmas<\/span><\/a><span style=\"vertical-align: inherit\">\/ <\/span><a href=\"https:\/\/vapebulkp.com\/lv\/product\/popular-kulx-10000puffs-disposable-vape-good-price\/\"><span style=\"vertical-align: inherit\">Kulx 10000 Puffs<\/span><\/a><span style=\"vertical-align: inherit\">\/ <\/span><a href=\"https:\/\/vapebulkp.com\/lv\/product\/wholesale-disposbale-vape-sidia-12000puffs\/\"><span style=\"vertical-align: inherit\">SIDIA 12000 p\u016btieni<\/span><\/a><\/p>\n<p><span style=\"vertical-align: inherit\">\u012apa\u0161as formas e-cigare\u0161u pudele:<\/span><a href=\"https:\/\/vapebulkp.com\/lv\/product\/wholesale-kulx-8000-puffs-disposable-vape\/\"><span style=\"vertical-align: inherit\">Kulx 8000 Dvesmas <\/span><\/a><span style=\"vertical-align: inherit\">\/ <\/span><a href=\"https:\/\/vapebulkp.com\/lv\/product\/wholesale-tornado-rum-bar-9000-puffs-sweden\/\"><span style=\"vertical-align: inherit\">Rumbar 9000 dvesmas\u00a0 <\/span><\/a><span style=\"vertical-align: inherit\">\/<\/span><a href=\"https:\/\/vapebulkp.com\/lv\/product\/fumot-digital-box-12000-disposable-vape-wholesale\/\"><span style=\"vertical-align: inherit\">Fumot Digital Box 12000 p\u016btieni <\/span><\/a><\/p>\n<h4>Ra\u017eo\u0161anas kvalifik\u0101cija:<\/h4>\n<p><img decoding=\"async\" class=\"alignnone size-full wp-image-1841\" src=\"http:\/\/vapebulkp.com\/wp-content\/uploads\/2023\/11\/Vape-production-process-2.jpeg\" alt=\"Vape ra\u017eo\u0161anas process\" width=\"650\" height=\"434\" srcset=\"https:\/\/vapebulkp.com\/wp-content\/uploads\/2023\/11\/Vape-production-process-2.jpeg 650w, https:\/\/vapebulkp.com\/wp-content\/uploads\/2023\/11\/Vape-production-process-2-300x200.jpeg 300w, https:\/\/vapebulkp.com\/wp-content\/uploads\/2023\/11\/Vape-production-process-2-600x401.jpeg 600w\" sizes=\"(max-width: 650px) 100vw, 650px\" \/><\/p>\n<p><img decoding=\"async\" class=\"alignnone size-full wp-image-1843\" src=\"http:\/\/vapebulkp.com\/wp-content\/uploads\/2023\/11\/Vape-production-process.jpeg\" alt=\"Vape ra\u017eo\u0161anas process\" width=\"641\" height=\"1026\" srcset=\"https:\/\/vapebulkp.com\/wp-content\/uploads\/2023\/11\/Vape-production-process.jpeg 641w, https:\/\/vapebulkp.com\/wp-content\/uploads\/2023\/11\/Vape-production-process-187x300.jpeg 187w, https:\/\/vapebulkp.com\/wp-content\/uploads\/2023\/11\/Vape-production-process-640x1024.jpeg 640w, https:\/\/vapebulkp.com\/wp-content\/uploads\/2023\/11\/Vape-production-process-600x960.jpeg 600w\" sizes=\"(max-width: 641px) 100vw, 641px\" \/><\/p>\n<h5>Bie\u017ei uzdotie jaut\u0101jumi:<\/h5>\n<p>J: K\u0101ds ir Rumbar 9000 p\u016btienu minim\u0101lais pas\u016bt\u012bjuma daudzums?<br \/>\nA: Minim\u0101lais pas\u016bt\u012bjums ir 100 gab.<br \/>\nJ: K\u0101ds ir pieg\u0101des laiks pas\u016bt\u012btajam vape?<br \/>\nA: Parasti tas ir 10-15 dienas p\u0113c izs\u016bt\u012b\u0161anas<br \/>\nJ: Cik maks\u0101 pieg\u0101de?A: Pieg\u0101des izmaksas ir atkar\u012bgas no svara. Pieg\u0101des izmaksas at\u0161\u0137iras atkar\u012bb\u0101 no daudzuma, un pieg\u0101des izmaksas katr\u0101 valst\u012b ir at\u0161\u0137ir\u012bgas. Pirms pas\u016bt\u012bjuma veik\u0161anas, l\u016bdzu, sazinieties ar mums, lai apstiprin\u0101tu pieg\u0101des izmaksas. M\u0113s nodro\u0161in\u0101sim jums apmierino\u0161u iepirk\u0161an\u0101s pieredzi.<\/p>\n<h4>Pieg\u0101des deta\u013cas:<\/h4>\n<p>Ra\u017eo\u0161anas laiks: 5-10 darba dienas<br \/>\nPieg\u0101des laiks: 8-14 darba dienas<\/p>\n<p>Visi produkti m\u016bsu veikal\u0101 ir 100% ori\u0123in\u0101li un autentiski, t\u0101p\u0113c desmitk\u0101rt\u012bga kompens\u0101cija par viltot\u0101m prec\u0113m ir m\u016bsu veikala politika. M\u0113s izmantojam t\u0101dus lo\u0123istikas kan\u0101lus k\u0101 UPS\/DHL\/FEDEX\/DPD, lai pieg\u0101d\u0101tu preces jums.<\/p>\n<p>Paci\u0146\u0101m, kas tiek s\u016bt\u012btas uz Latviju, parasti nepiecie\u0161amas 10 darba dienas, lai t\u0101s sa\u0146emtu. S\u016bt\u012bjumiem uz Eiropas valst\u012bm parasti nepiecie\u0161amas 12 l\u012bdz 15 darba dienas, lai t\u0101s sa\u0146emtu. M\u0113s atjaunin\u0101sim lo\u0123istikas inform\u0101ciju jums re\u0101llaik\u0101.<\/p>\n<h3>Laba p\u0113cp\u0101rdo\u0161anas servisa:<\/h3>\n<p>Pazi\u0146ojums: Nav atmaksas vai apmai\u0146as par probl\u0113m\u0101m, kas nav saist\u012btas ar kvalit\u0101ti<br \/>\n1. Klienti var izv\u0113l\u0113ties v\u0113lamo gar\u0161u, ta\u010du, ja gar\u0161a ir izbeigusies, ra\u017eo\u0161anas noda\u013ca izv\u0113l\u0113sies popul\u0101ru gar\u0161u, lai to aizst\u0101tu. Klientiem nav at\u013cauts piepras\u012bt atmaksu vai apmai\u0146u, pamatojoties uz gar\u0161\u0101m.<\/p>\n<p>2. Ja rodas kvalit\u0101tes probl\u0113mas, l\u016bdzu, sniedziet konkr\u0113tus video un att\u0113lu aprakstus.<br \/>\nJa nevarat sniegt pier\u0101d\u012bjumus, piem\u0113ram, video un fotoatt\u0113lus, preces nevar\u0113s apmain\u012bt.<\/p>","protected":false},"excerpt":{"rendered":"<p>Pievienojieties vislab\u0101k p\u0101rdoto e-cigare\u0161u rind\u0101m ar RUM BAR 9000Puffs vienreizlietojam\u0101m e-cigaret\u0113m. Atvadieties no tradicion\u0101lo e-cigare\u0161u nepatik\u0161an\u0101m un izbaudiet e-cigare\u0161u br\u012bv\u012bbu jebkur\u0101 laik\u0101 un viet\u0101. Ar 18 ml e-cigare\u0161u e\u013c\u013cas j\u016bs varat izbaud\u012bt t\u0101s unik\u0101lo gar\u0161u.<\/p>\n<p><img decoding=\"async\" class=\"alignnone wp-image-2151\" src=\"http:\/\/vapebulkp.com\/wp-content\/uploads\/2024\/04\/Mandy-WhatsApp-Randm.jpg\" alt=\"Mandy WhatsApp Randi\" width=\"279\" height=\"296\" srcset=\"https:\/\/vapebulkp.com\/wp-content\/uploads\/2024\/04\/Mandy-WhatsApp-Randm.jpg 916w, https:\/\/vapebulkp.com\/wp-content\/uploads\/2024\/04\/Mandy-WhatsApp-Randm-282x300.jpg 282w, https:\/\/vapebulkp.com\/wp-content\/uploads\/2024\/04\/Mandy-WhatsApp-Randm-768x817.jpg 768w, https:\/\/vapebulkp.com\/wp-content\/uploads\/2024\/04\/Mandy-WhatsApp-Randm-600x638.jpg 600w\" sizes=\"(max-width: 279px) 100vw, 279px\" \/><\/p>\n<p>L\u016bdzu, sazinieties ar Mandijas WhatsApp, lai sa\u0146emtu atlaides cenu<a href=\"https:\/\/wa.me\/8618077105796\">+8618077105796<\/a><\/p>\n<p><span style=\"color: #ff0000\">PIEZ\u012aME: Cenas m\u016bsu t\u012bmek\u013ca vietn\u0113 neietver pieg\u0101des izmaksas<\/span><\/p>","protected":false},"featured_media":1733,"comment_status":"open","ping_status":"closed","template":"","meta":{"_uag_custom_page_level_css":"","_lmt_disableupdate":"no","_lmt_disable":"","site-sidebar-layout":"default","site-content-layout":"content-boxed-container","ast-site-content-layout":"normal-width-container","site-content-style":"boxed","site-sidebar-style":"unboxed","ast-global-header-display":"","ast-banner-title-visibility":"","ast-main-header-display":"","ast-hfb-above-header-display":"","ast-hfb-below-header-display":"","ast-hfb-mobile-header-display":"","site-post-title":"","ast-breadcrumbs-content":"","ast-featured-img":"","footer-sml-layout":"","theme-transparent-header-meta":"default","adv-header-id-meta":"","stick-header-meta":"","header-above-stick-meta":"","header-main-stick-meta":"","header-below-stick-meta":"","astra-migrate-meta-layouts":"set","_joinchat":[]},"product_cat":[168,153,155,33,59,100,34,158,157,154,152,58,84,156,63,32],"product_tag":[47,64,36,37,41,74,40],"class_list":["post-1609","product","type-product","status-publish","has-post-thumbnail","hentry","product_cat-9000-puffs-disposable-vape","product_cat-hot-disposable-vapes","product_cat-belgium-hot-disposable-vapes","product_cat-france-vape-hot-sale","product_cat-germany-hot-disposable-vape","product_cat-germany-wholesale-vape-shop","product_cat-netherlands-vape-good-sale","product_cat-norway-hot-disposable-vapes","product_cat-poland-hot-disposable-vapes","product_cat-portugal-hot-disposable-vapes","product_cat-spain-hot-disposable-vapes","product_cat-sweden-hot-disposable-vape","product_cat-sweden-wholesale-vape","product_cat-switzerland-hot-disposable-vapes","product_cat-top-sale-disposable-vape","product_cat-vape-hot-sale-this-week","product_tag-9000puffs","product_tag-france-hot-vape","product_tag-good-vape","product_tag-hot-sale-disposable-vape","product_tag-poland-hot-vape","product_tag-randm-vape","product_tag-sweden-hot-vape","desktop-align-left","tablet-align-left","mobile-align-left"],"yoast_head":"<!-- This site is optimized with the Yoast SEO plugin v21.1 - https:\/\/yoast.com\/wordpress\/plugins\/seo\/ -->\n<title>Wholesale Tornado New RUM BAR 9000 Puffs Sweden - vapebulkp.com<\/title>\n<meta name=\"description\" content=\"Wholesale Price RUM BAR 9000 Puffs German Vape Ergonomically designed perfectly, allows me to carry it easily and has its unique taste\u3002\" \/>\n<meta name=\"robots\" content=\"index, follow, max-snippet:-1, max-image-preview:large, max-video-preview:-1\" \/>\n<link rel=\"canonical\" href=\"https:\/\/vapebulkp.com\/lv\/product\/wholesale-tornado-rum-bar-9000-puffs-sweden\/\" \/>\n<meta property=\"og:locale\" content=\"lv_LV\" \/>\n<meta property=\"og:type\" content=\"article\" \/>\n<meta property=\"og:title\" content=\"Wholesale Tornado New RUM BAR 9000 Puffs Sweden - vapebulkp.com\" \/>\n<meta property=\"og:description\" content=\"Wholesale Price RUM BAR 9000 Puffs German Vape Ergonomically designed perfectly, allows me to carry it easily and has its unique taste\u3002\" \/>\n<meta property=\"og:url\" content=\"https:\/\/vapebulkp.com\/lv\/product\/wholesale-tornado-rum-bar-9000-puffs-sweden\/\" \/>\n<meta property=\"og:site_name\" content=\"vapebulkp.com\" \/>\n<meta property=\"article:modified_time\" content=\"2025-09-01T03:15:05+00:00\" \/>\n<meta property=\"og:image\" content=\"http:\/\/vapebulkp.com\/wp-content\/uploads\/2023\/09\/RAN-TORNADO-9000.jpg\" \/>\n\t<meta property=\"og:image:width\" content=\"600\" \/>\n\t<meta property=\"og:image:height\" content=\"600\" \/>\n\t<meta property=\"og:image:type\" content=\"image\/jpeg\" \/>\n<meta name=\"twitter:card\" content=\"summary_large_image\" \/>\n<meta name=\"twitter:label1\" content=\"Est. reading time\" \/>\n\t<meta name=\"twitter:data1\" content=\"4 min\u016btes\" \/>\n<script type=\"application\/ld+json\" class=\"yoast-schema-graph\">{\"@context\":\"https:\/\/schema.org\",\"@graph\":[{\"@type\":\"WebPage\",\"@id\":\"https:\/\/vapebulkp.com\/product\/wholesale-tornado-rum-bar-9000-puffs-sweden\/\",\"url\":\"https:\/\/vapebulkp.com\/product\/wholesale-tornado-rum-bar-9000-puffs-sweden\/\",\"name\":\"Wholesale Tornado New RUM BAR 9000 Puffs Sweden - vapebulkp.com\",\"isPartOf\":{\"@id\":\"https:\/\/vapebulkp.com\/#website\"},\"datePublished\":\"2023-09-28T06:50:33+00:00\",\"dateModified\":\"2025-09-01T03:15:05+00:00\",\"description\":\"Wholesale Price RUM BAR 9000 Puffs German Vape Ergonomically designed perfectly, allows me to carry it easily and has its unique taste\u3002\",\"breadcrumb\":{\"@id\":\"https:\/\/vapebulkp.com\/product\/wholesale-tornado-rum-bar-9000-puffs-sweden\/#breadcrumb\"},\"inLanguage\":\"lv-LV\",\"potentialAction\":[{\"@type\":\"ReadAction\",\"target\":[\"https:\/\/vapebulkp.com\/product\/wholesale-tornado-rum-bar-9000-puffs-sweden\/\"]}]},{\"@type\":\"BreadcrumbList\",\"@id\":\"https:\/\/vapebulkp.com\/product\/wholesale-tornado-rum-bar-9000-puffs-sweden\/#breadcrumb\",\"itemListElement\":[{\"@type\":\"ListItem\",\"position\":1,\"name\":\"Home\",\"item\":\"https:\/\/vapebulkp.com\/\"},{\"@type\":\"ListItem\",\"position\":2,\"name\":\"Hot Trend Vapes\",\"item\":\"https:\/\/vapebulkp.com\/vape-shop\/\"},{\"@type\":\"ListItem\",\"position\":3,\"name\":\"Wholesale Tornado New RUM BAR 9000 Puffs Sweden\"}]},{\"@type\":\"WebSite\",\"@id\":\"https:\/\/vapebulkp.com\/#website\",\"url\":\"https:\/\/vapebulkp.com\/\",\"name\":\"vapebulkp.com\",\"description\":\"Buy Vape In Cheap Bulk Price Near you\",\"publisher\":{\"@id\":\"https:\/\/vapebulkp.com\/#organization\"},\"potentialAction\":[{\"@type\":\"SearchAction\",\"target\":{\"@type\":\"EntryPoint\",\"urlTemplate\":\"https:\/\/vapebulkp.com\/?s={search_term_string}\"},\"query-input\":\"required name=search_term_string\"}],\"inLanguage\":\"lv-LV\"},{\"@type\":\"Organization\",\"@id\":\"https:\/\/vapebulkp.com\/#organization\",\"name\":\"vapebulkp.com\",\"url\":\"https:\/\/vapebulkp.com\/\",\"logo\":{\"@type\":\"ImageObject\",\"inLanguage\":\"lv-LV\",\"@id\":\"https:\/\/vapebulkp.com\/#\/schema\/logo\/image\/\",\"url\":\"https:\/\/vapebulkp.com\/wp-content\/uploads\/2023\/09\/cropped-vapebulkp.png\",\"contentUrl\":\"https:\/\/vapebulkp.com\/wp-content\/uploads\/2023\/09\/cropped-vapebulkp.png\",\"width\":516,\"height\":163,\"caption\":\"vapebulkp.com\"},\"image\":{\"@id\":\"https:\/\/vapebulkp.com\/#\/schema\/logo\/image\/\"}}]}<\/script>\n<!-- \/ Yoast SEO plugin. -->","yoast_head_json":{"title":"Wholesale Tornado New RUM BAR 9000 Puffs Sweden - vapebulkp.com","description":"Wholesale Price RUM BAR 9000 Puffs German Vape Ergonomically designed perfectly, allows me to carry it easily and has its unique taste\u3002","robots":{"index":"index","follow":"follow","max-snippet":"max-snippet:-1","max-image-preview":"max-image-preview:large","max-video-preview":"max-video-preview:-1"},"canonical":"https:\/\/vapebulkp.com\/lv\/product\/wholesale-tornado-rum-bar-9000-puffs-sweden\/","og_locale":"lv_LV","og_type":"article","og_title":"Wholesale Tornado New RUM BAR 9000 Puffs Sweden - vapebulkp.com","og_description":"Wholesale Price RUM BAR 9000 Puffs German Vape Ergonomically designed perfectly, allows me to carry it easily and has its unique taste\u3002","og_url":"https:\/\/vapebulkp.com\/lv\/product\/wholesale-tornado-rum-bar-9000-puffs-sweden\/","og_site_name":"vapebulkp.com","article_modified_time":"2025-09-01T03:15:05+00:00","og_image":[{"width":600,"height":600,"url":"http:\/\/vapebulkp.com\/wp-content\/uploads\/2023\/09\/RAN-TORNADO-9000.jpg","type":"image\/jpeg"}],"twitter_card":"summary_large_image","twitter_misc":{"Est. reading time":"4 min\u016btes"},"schema":{"@context":"https:\/\/schema.org","@graph":[{"@type":"WebPage","@id":"https:\/\/vapebulkp.com\/product\/wholesale-tornado-rum-bar-9000-puffs-sweden\/","url":"https:\/\/vapebulkp.com\/product\/wholesale-tornado-rum-bar-9000-puffs-sweden\/","name":"Wholesale Tornado New RUM BAR 9000 Puffs Sweden - vapebulkp.com","isPartOf":{"@id":"https:\/\/vapebulkp.com\/#website"},"datePublished":"2023-09-28T06:50:33+00:00","dateModified":"2025-09-01T03:15:05+00:00","description":"Wholesale Price RUM BAR 9000 Puffs German Vape Ergonomically designed perfectly, allows me to carry it easily and has its unique taste\u3002","breadcrumb":{"@id":"https:\/\/vapebulkp.com\/product\/wholesale-tornado-rum-bar-9000-puffs-sweden\/#breadcrumb"},"inLanguage":"lv-LV","potentialAction":[{"@type":"ReadAction","target":["https:\/\/vapebulkp.com\/product\/wholesale-tornado-rum-bar-9000-puffs-sweden\/"]}]},{"@type":"BreadcrumbList","@id":"https:\/\/vapebulkp.com\/product\/wholesale-tornado-rum-bar-9000-puffs-sweden\/#breadcrumb","itemListElement":[{"@type":"ListItem","position":1,"name":"Home","item":"https:\/\/vapebulkp.com\/"},{"@type":"ListItem","position":2,"name":"Hot Trend Vapes","item":"https:\/\/vapebulkp.com\/vape-shop\/"},{"@type":"ListItem","position":3,"name":"Wholesale Tornado New RUM BAR 9000 Puffs Sweden"}]},{"@type":"WebSite","@id":"https:\/\/vapebulkp.com\/#website","url":"https:\/\/vapebulkp.com\/","name":"vapebulkp.com","description":"Buy Vape In Cheap Bulk Price Near you","publisher":{"@id":"https:\/\/vapebulkp.com\/#organization"},"potentialAction":[{"@type":"SearchAction","target":{"@type":"EntryPoint","urlTemplate":"https:\/\/vapebulkp.com\/?s={search_term_string}"},"query-input":"required name=search_term_string"}],"inLanguage":"lv-LV"},{"@type":"Organization","@id":"https:\/\/vapebulkp.com\/#organization","name":"vapebulkp.com","url":"https:\/\/vapebulkp.com\/","logo":{"@type":"ImageObject","inLanguage":"lv-LV","@id":"https:\/\/vapebulkp.com\/#\/schema\/logo\/image\/","url":"https:\/\/vapebulkp.com\/wp-content\/uploads\/2023\/09\/cropped-vapebulkp.png","contentUrl":"https:\/\/vapebulkp.com\/wp-content\/uploads\/2023\/09\/cropped-vapebulkp.png","width":516,"height":163,"caption":"vapebulkp.com"},"image":{"@id":"https:\/\/vapebulkp.com\/#\/schema\/logo\/image\/"}}]}},"uagb_featured_image_src":{"full":["https:\/\/vapebulkp.com\/wp-content\/uploads\/2023\/09\/RAN-TORNADO-9000.jpg",600,600,false],"thumbnail":["https:\/\/vapebulkp.com\/wp-content\/uploads\/2023\/09\/RAN-TORNADO-9000-150x150.jpg",150,150,true],"medium":["https:\/\/vapebulkp.com\/wp-content\/uploads\/2023\/09\/RAN-TORNADO-9000-300x300.jpg",300,300,true],"medium_large":["https:\/\/vapebulkp.com\/wp-content\/uploads\/2023\/09\/RAN-TORNADO-9000.jpg",600,600,false],"large":["https:\/\/vapebulkp.com\/wp-content\/uploads\/2023\/09\/RAN-TORNADO-9000.jpg",600,600,false],"1536x1536":["https:\/\/vapebulkp.com\/wp-content\/uploads\/2023\/09\/RAN-TORNADO-9000.jpg",600,600,false],"2048x2048":["https:\/\/vapebulkp.com\/wp-content\/uploads\/2023\/09\/RAN-TORNADO-9000.jpg",600,600,false],"trp-custom-language-flag":["https:\/\/vapebulkp.com\/wp-content\/uploads\/2023\/09\/RAN-TORNADO-9000.jpg",12,12,false],"woocommerce_thumbnail":["https:\/\/vapebulkp.com\/wp-content\/uploads\/2023\/09\/RAN-TORNADO-9000-300x300.jpg",300,300,true],"woocommerce_single":["https:\/\/vapebulkp.com\/wp-content\/uploads\/2023\/09\/RAN-TORNADO-9000.jpg",600,600,false],"woocommerce_gallery_thumbnail":["https:\/\/vapebulkp.com\/wp-content\/uploads\/2023\/09\/RAN-TORNADO-9000-100x100.jpg",100,100,true],"wcpr-photo-reviews":["https:\/\/vapebulkp.com\/wp-content\/uploads\/2023\/09\/RAN-TORNADO-9000.jpg",500,500,false]},"uagb_author_info":{"display_name":"Mandy vape bulk price","author_link":"https:\/\/vapebulkp.com\/lv\/author\/"},"uagb_comment_info":1,"uagb_excerpt":"Join the ranks of best-selling e-cigarettes with RUM BAR 9000Puffs disposable e-cigarettes. Say goodbye to the troubles of traditional e-cigarettes and enjoy the freedom of e-cigarettes anytime and anywhere. With 18 ml of e-cigarette oil, you can experience its unique taste. Pls Contact Mandy's WhatsApp For Discount Price+8618077105796 NOTE: Prices on our website does not&hellip;","_links":{"self":[{"href":"https:\/\/vapebulkp.com\/lv\/wp-json\/wp\/v2\/product\/1609","targetHints":{"allow":["GET"]}}],"collection":[{"href":"https:\/\/vapebulkp.com\/lv\/wp-json\/wp\/v2\/product"}],"about":[{"href":"https:\/\/vapebulkp.com\/lv\/wp-json\/wp\/v2\/types\/product"}],"replies":[{"embeddable":true,"href":"https:\/\/vapebulkp.com\/lv\/wp-json\/wp\/v2\/comments?post=1609"}],"wp:featuredmedia":[{"embeddable":true,"href":"https:\/\/vapebulkp.com\/lv\/wp-json\/wp\/v2\/media\/1733"}],"wp:attachment":[{"href":"https:\/\/vapebulkp.com\/lv\/wp-json\/wp\/v2\/media?parent=1609"}],"wp:term":[{"taxonomy":"product_cat","embeddable":true,"href":"https:\/\/vapebulkp.com\/lv\/wp-json\/wp\/v2\/product_cat?post=1609"},{"taxonomy":"product_tag","embeddable":true,"href":"https:\/\/vapebulkp.com\/lv\/wp-json\/wp\/v2\/product_tag?post=1609"}],"curies":[{"name":"wp","href":"https:\/\/api.w.org\/{rel}","templated":true}]}}