{"id":1775,"date":"2023-10-23T09:23:01","date_gmt":"2023-10-23T07:23:01","guid":{"rendered":"https:\/\/vapebulkp.com\/?post_type=product&#038;p=1775"},"modified":"2025-09-01T05:11:12","modified_gmt":"2025-09-01T03:11:12","slug":"qst-rum-bar-tornado-15000-good-disposable-vape","status":"publish","type":"product","link":"https:\/\/vapebulkp.com\/lv\/product\/qst-rum-bar-tornado-15000-good-disposable-vape\/","title":{"rendered":"QST Rum Bar Tornado 15000 laba vienreizlietojam\u0101 vape"},"content":{"rendered":"<h2>QST Rum Bar Tornado 15000 laba vienreizlietojam\u0101 vape<\/h2>\n<p>&nbsp;<\/p>\n<p data-start=\"247\" data-end=\"604\">Tas <strong data-start=\"251\" data-end=\"296\">QST Rum Bar Tornado 15000 P\u016btienu Vienreiz\u0113jais Vapes<\/strong> ir augst\u0101k\u0101s klases, lielas ietilp\u012bbas ier\u012bce, kas paredz\u0113ta Latvijas vape lietot\u0101jiem, kuri mekl\u0113 \u0113rtumu, stilu un uzticamu veiktsp\u0113ju. Ar 22 ml e-\u0161\u0137idruma tvertni un 850 mAh uzl\u0101d\u0113jamu akumulatoru tas nodro\u0161ina l\u012bdz pat 15 000 p\u016btienu maigu tvaiku bez p\u0101rtraukumiem, padarot to ide\u0101li piem\u0113rotu ilg\u0101m sesij\u0101m m\u0101j\u0101s vai ce\u013c\u0101.<\/p>\n<p data-start=\"606\" data-end=\"970\">Ergonomiski izstr\u0101d\u0101tais, pl\u0101nais un p\u0101rn\u0113s\u0101jamais korpuss \u0113rti iegulst rok\u0101 vai kabat\u0101, pied\u0101v\u0101jot gl\u012btu, modernu izskatu. Uzlabot\u0101 sieta spoles tehnolo\u0123ija pastiprina gar\u0161as intensit\u0101ti un tvaiku ra\u017eo\u0161anu, nodro\u0161inot, ka katra ieelpo\u0161ana sniedz bag\u0101t\u012bgu, apmierino\u0161u gar\u0161u. Nikot\u012bna s\u0101ls iesp\u0113jas \u013cauj izv\u0113l\u0113ties 3 mg vai 5 mg stiprumu, apmierinot gan m\u0113renas, gan stipr\u0101kas vape izv\u0113les.<\/p>\n<p data-start=\"972\" data-end=\"1278\">Ar pla\u0161u aug\u013cu, mentola un klasisko tabakas gar\u0161u kl\u0101stu <strong data-start=\"1044\" data-end=\"1089\">QST Rum Bar Tornado <a href=\"https:\/\/vapebulkp.com\/lv\/product-category\/15000-puffs-disposable-vape\/\">15000 d\u016bmu vienreiz\u0113j\u0101s lieto\u0161anas elektronisk\u0101 cigarete<\/a><\/strong> atbilst da\u017e\u0101d\u0101m gar\u0161u v\u0113lm\u0113m, vienlaikus saglab\u0101jot nemain\u012bgu veiktsp\u0113ju. Viegls, uzl\u0101d\u0113jams un gatavs vairumtirdzniec\u012bbai, tas ir ide\u0101ls risin\u0101jums mazumtirgot\u0101jiem un lielapjoma pirc\u0113jiem Latvij\u0101.<\/p>\n<p><img decoding=\"async\" class=\"alignnone size-full wp-image-1939\" src=\"http:\/\/vapebulkp.com\/wp-content\/uploads\/2023\/10\/Rumbar-tornado-15000-Puffs.jpg\" alt=\"Rumbar tornado 15000 Puffs Vairumtirdzniec\u012bbas cena Latvija\" width=\"1000\" height=\"734\" srcset=\"https:\/\/vapebulkp.com\/wp-content\/uploads\/2023\/10\/Rumbar-tornado-15000-Puffs.jpg 1000w, https:\/\/vapebulkp.com\/wp-content\/uploads\/2023\/10\/Rumbar-tornado-15000-Puffs-300x220.jpg 300w, https:\/\/vapebulkp.com\/wp-content\/uploads\/2023\/10\/Rumbar-tornado-15000-Puffs-768x564.jpg 768w, https:\/\/vapebulkp.com\/wp-content\/uploads\/2023\/10\/Rumbar-tornado-15000-Puffs-600x440.jpg 600w\" sizes=\"(max-width: 1000px) 100vw, 1000px\" \/><\/p>\n<h6>L\u016bdzu, sazinieties ar Mandijas WhatsApp, lai sa\u0146emtu atlaides cenu<a href=\"https:\/\/wa.me\/8618077105796\">+8618077105796<\/a><\/h6>\n<h3><img decoding=\"async\" class=\"alignnone wp-image-2151\" src=\"http:\/\/vapebulkp.com\/wp-content\/uploads\/2024\/04\/Mandy-WhatsApp-Randm.jpg\" alt=\"Mandy WhatsApp Randi\" width=\"247\" height=\"263\" srcset=\"https:\/\/vapebulkp.com\/wp-content\/uploads\/2024\/04\/Mandy-WhatsApp-Randm.jpg 916w, https:\/\/vapebulkp.com\/wp-content\/uploads\/2024\/04\/Mandy-WhatsApp-Randm-282x300.jpg 282w, https:\/\/vapebulkp.com\/wp-content\/uploads\/2024\/04\/Mandy-WhatsApp-Randm-768x817.jpg 768w, https:\/\/vapebulkp.com\/wp-content\/uploads\/2024\/04\/Mandy-WhatsApp-Randm-600x638.jpg 600w\" sizes=\"(max-width: 247px) 100vw, 247px\" \/><\/h3>\n<h2>Dom\u0101ju, ka jums var\u0113tu b\u016bt interesanti uzzin\u0101t par Rumbar Tornado 15000 P\u016btienu:<\/h2>\n<p>&nbsp;<\/p>\n<h6>1. K\u0101da ir Rumbar Tornado 15000 p\u016btienu e-\u0161\u0137idruma ietilp\u012bba?<\/h6>\n<p>\u0160ai ier\u012bcei ir 22 ml e-\u0161\u0137idruma.<\/p>\n<h6>2. Cik ilgi pietiek \u0161im vape?<\/h6>\n<p>500 p\u016btienu\/dien\u0101, pietiek 30 dien\u0101m<br \/>\n1000 p\u016btienu\/dien\u0101, pietiek 15 dien\u0101m<br \/>\n2000 p\u016btienu\/dien\u0101, pietiek 8 dien\u0101m<\/p>\n<h6>3.K\u0101 uzl\u0101d\u0113t vienreizlietojamo vape Rumbar Tornado 15000 PUFFS DEVICE?<\/h6>\n<p>Nav at\u013cauts lietot \u0101tr\u0101s uzl\u0101des l\u0101d\u0113t\u0101jus. Vienreizlietojamo e-cigare\u0161u standarta dro\u0161\u0101 jauda ir 5V 1A. Katra uzl\u0101des reize nedr\u012bkst p\u0101rsniegt 1 stundu, un dro\u0161ais uzl\u0101des laiks ir pusstunda.<\/p>\n<p><span style=\"color: #ff6600\">Pazi\u0146ojums: Neuzl\u0101d\u0113jiet visu nakti!<\/span><\/p>\n<h6>4.K\u0101 lietot Rumbar Tornado 15000 Puffs?<\/h6>\n<p>1: Pirms 15k d\u016bmu lieto\u0161anas, iz\u0146emiet plastmasas caurul\u012bti.<br \/>\n2: Uzgaidiet apm\u0113ram 3 min\u016btes, lai sula ies\u016bktos spir\u0101l\u0113 iek\u0161pus\u0113.<br \/>\n3: S\u0101ciet baud\u012bt<\/p>\n<h3><strong><span style=\"vertical-align: inherit\">Specifik\u0101cija Rumbar Tornado 15000<\/span><\/strong><strong>P\u016btieni<\/strong><strong><span style=\"vertical-align: inherit\">\uff1a<\/span><br \/>\n<\/strong><\/h3>\n<ul>\n<li>Akumulators: 850mAh (Type C)<br \/>\nIetilp\u012bba: 22ml<br \/>\nSpole: 0,8 omu sieta<br \/>\nAptuvenais s\u016bk\u0161anas tilpums: 15000 p\u016btieni<br \/>\nNikot\u012bna stiprums: 2%,5%<\/li>\n<li>Efekt\u012bva un konsekventa jaudas pieg\u0101de<\/li>\n<li>MOQ: 100 gab<\/li>\n<\/ul>\n<h3><strong>K\u0101das ir lab\u0101k\u0101s Rumbar Tornado 15k gar\u0161as?<\/strong><\/h3>\n<p>&nbsp;<\/p>\n<p>1.Aukst\u0101 piparm\u0113tra<br \/>\n2.Ledus kola<br \/>\n3. Arb\u016bzu lente<br \/>\n4. V\u012aNOGU ARKTISK\u0100S<br \/>\n5.Melle\u0146u ledus<br \/>\n6.Mango Persiku Anan\u0101su<br \/>\n7. Arb\u016bzu ledus<br \/>\n8. Gvajaves lente<br \/>\n9.Persiks<br \/>\n10. Kauli\u0146\u0161 Sarkanais \u0100bols<br \/>\n11. Kivi, pasifloru, guavas<br \/>\n12. Zeme\u0146u sald\u0113jums<br \/>\n13. Jaukts auglis<br \/>\n14. Mango zeme\u0146u sald\u0113jums<br \/>\n15. Li\u010d\u012b sald\u0113jums<\/p>\n<p>&nbsp;<\/p>\n<p><a href=\"https:\/\/vapebulkp.com\/lv\/product\/popular-randm-tornado-7000puffs-disposable-vape-best-price\/\"><span style=\"vertical-align: inherit\">RandM Tornado 7000 dvesmas <\/span><\/a><\/p>\n<p><span style=\"vertical-align: inherit\">Atrast vair\u0101k produktu, kas jums var\u0113tu patikt:<\/span><em><a href=\"https:\/\/wa.me\/8618077105796\"><span style=\"vertical-align: inherit\">\u00a0Pirkt tagad<\/span><\/a><\/em><\/p>\n<p><span style=\"vertical-align: inherit\">Citas dvesmas, kas jums var\u0113tu patikt:<\/span><a href=\"https:\/\/vapebulkp.com\/lv\/product\/bang-with-a-vape-18000-puffs-crown-bar-hot-vape\/\"><span style=\"vertical-align: inherit\">Bang 18000 P\u016btienu<\/span><\/a><span style=\"vertical-align: inherit\">\u3001<\/span><a href=\"https:\/\/vapebulkp.com\/lv\/product\/top-sale-waspe-12000puffs-disposable-vape-wholesale-france\/\"><span style=\"vertical-align: inherit\">WASPE 12000 dvesmas<\/span><\/a><span style=\"vertical-align: inherit\">\/ <\/span><a href=\"https:\/\/vapebulkp.com\/lv\/product\/wholesale-randm-tornado-9000-puffs-germany\/\"><span style=\"vertical-align: inherit\">RandM Tornado 9000 Dvesmas<\/span><\/a><span style=\"vertical-align: inherit\">\/ <\/span><a href=\"https:\/\/vapebulkp.com\/lv\/product\/bang-box-12000puffs-good-vape-sweden-wholesale-price\/\"><span style=\"vertical-align: inherit\">Bang Vape Box 12000 P\u016btienu<\/span><\/a><\/p>\n<p><span style=\"vertical-align: inherit\">\u012apa\u0161as formas e-cigare\u0161u pudele:<\/span><a href=\"https:\/\/vapebulkp.com\/lv\/product\/good-sale-randm-tornado-10000-puffs-plus\/\"><span style=\"vertical-align: inherit\">RandM Tornado 10000 P\u016btienu Plus <\/span><\/a><span style=\"vertical-align: inherit\">\/<\/span><a href=\"https:\/\/vapebulkp.com\/lv\/product\/fumot-digital-box-12000-disposable-vape-wholesale\/\"><span style=\"vertical-align: inherit\">Fumot Digital Box 12000 P\u016b\u0161\u013ci <\/span><\/a><\/p>\n<h4>Ra\u017eo\u0161anas kvalifik\u0101cija:<\/h4>\n<p><img decoding=\"async\" class=\"alignnone size-full wp-image-1841\" src=\"http:\/\/vapebulkp.com\/wp-content\/uploads\/2023\/11\/Vape-production-process-2.jpeg\" alt=\"Vape ra\u017eo\u0161anas process\" width=\"650\" height=\"434\" srcset=\"https:\/\/vapebulkp.com\/wp-content\/uploads\/2023\/11\/Vape-production-process-2.jpeg 650w, https:\/\/vapebulkp.com\/wp-content\/uploads\/2023\/11\/Vape-production-process-2-300x200.jpeg 300w, https:\/\/vapebulkp.com\/wp-content\/uploads\/2023\/11\/Vape-production-process-2-600x401.jpeg 600w\" sizes=\"(max-width: 650px) 100vw, 650px\" \/><\/p>\n<p><img decoding=\"async\" class=\"alignnone size-full wp-image-1843\" src=\"http:\/\/vapebulkp.com\/wp-content\/uploads\/2023\/11\/Vape-production-process.jpeg\" alt=\"Vape ra\u017eo\u0161anas process\" width=\"641\" height=\"1026\" srcset=\"https:\/\/vapebulkp.com\/wp-content\/uploads\/2023\/11\/Vape-production-process.jpeg 641w, https:\/\/vapebulkp.com\/wp-content\/uploads\/2023\/11\/Vape-production-process-187x300.jpeg 187w, https:\/\/vapebulkp.com\/wp-content\/uploads\/2023\/11\/Vape-production-process-640x1024.jpeg 640w, https:\/\/vapebulkp.com\/wp-content\/uploads\/2023\/11\/Vape-production-process-600x960.jpeg 600w\" sizes=\"(max-width: 641px) 100vw, 641px\" \/><\/p>\n<h5>Bie\u017ei uzdotie jaut\u0101jumi:<\/h5>\n<p>J: K\u0101ds ir Rumbar Tornado 15000 Puffs MOQ?<br \/>\nA: Minim\u0101lais pas\u016bt\u012bjums ir 100 gab.<br \/>\nJ: K\u0101ds ir pieg\u0101des laiks pas\u016bt\u012btajam vape?<br \/>\nA: Parasti tas ir 10-15 dienas p\u0113c izs\u016bt\u012b\u0161anas<br \/>\nJ: Cik maks\u0101 pieg\u0101de?A: Pieg\u0101des izmaksas ir atkar\u012bgas no svara. Pieg\u0101des izmaksas at\u0161\u0137iras atkar\u012bb\u0101 no daudzuma, un pieg\u0101des izmaksas katr\u0101 valst\u012b ir at\u0161\u0137ir\u012bgas. Pirms pas\u016bt\u012bjuma veik\u0161anas, l\u016bdzu, sazinieties ar mums, lai apstiprin\u0101tu pieg\u0101des izmaksas. M\u0113s nodro\u0161in\u0101sim jums apmierino\u0161u iepirk\u0161an\u0101s pieredzi.<\/p>\n<h4>Pieg\u0101des deta\u013cas:<\/h4>\n<p><span style=\"color: #ff6600\">Ra\u017eo\u0161anas laiks: 5-10 darba dienas<\/span><br \/>\n<span style=\"color: #ff6600\">Pieg\u0101des laiks: 8-14 darba dienas<\/span><\/p>\n<p>Visi produkti m\u016bsu veikal\u0101 ir 100% ori\u0123in\u0101li un autentiski, t\u0101p\u0113c desmitk\u0101rt\u012bga kompens\u0101cija par viltot\u0101m prec\u0113m ir m\u016bsu veikala politika. M\u0113s izmantojam t\u0101dus lo\u0123istikas kan\u0101lus k\u0101 UPS\/DHL\/FEDEX\/DPD, lai pieg\u0101d\u0101tu preces jums.<\/p>\n<p>Paci\u0146\u0101m, kas tiek s\u016bt\u012btas uz Latviju, parasti nepiecie\u0161amas 10 darba dienas, lai t\u0101s sa\u0146emtu. S\u016bt\u012bjumiem uz Eiropas valst\u012bm parasti nepiecie\u0161amas 12 l\u012bdz 15 darba dienas, lai t\u0101s sa\u0146emtu. M\u0113s atjaunin\u0101sim lo\u0123istikas inform\u0101ciju jums re\u0101llaik\u0101.<\/p>\n<h3>Laba p\u0113cp\u0101rdo\u0161anas servisa:<\/h3>\n<p><span style=\"color: #ff6600\">Pazi\u0146ojums: Nav atmaksas vai apmai\u0146as par probl\u0113m\u0101m, kas nav saist\u012btas ar kvalit\u0101ti<\/span><br \/>\n1. Klienti var izv\u0113l\u0113ties v\u0113lamo gar\u0161u, ta\u010du, ja gar\u0161a ir izbeigusies, ra\u017eo\u0161anas noda\u013ca izv\u0113l\u0113sies popul\u0101ru gar\u0161u, lai to aizst\u0101tu. Klientiem nav at\u013cauts piepras\u012bt atmaksu vai apmai\u0146u, pamatojoties uz gar\u0161\u0101m.<\/p>\n<p>2. Ja rodas kvalit\u0101tes probl\u0113mas, l\u016bdzu, sniedziet konkr\u0113tus video un att\u0113lu aprakstus.<br \/>\nJa nevarat sniegt pier\u0101d\u012bjumus, piem\u0113ram, video un fotoatt\u0113lus, preces nevar\u0113s apmain\u012bt.<\/p>","protected":false},"excerpt":{"rendered":"<p>Laba izp\u0101rdo\u0161ana Vape Rumbar Tornado 15000 P\u016btienu<br \/>\nRumbar Tornado 15000 P\u016btienu VAPE KIT Latvija<br \/>\nLab\u0101kais Vape Rumbar Tornado 15000 P\u016btienu VAPE BAR<br \/>\nPopul\u0101rais Rumbar Tornado 15000 P\u016btienu VAPE Latvija<br \/>\nLaba Vape Rumbar Tornado 15000 P\u016btienu Top Sale Vape<\/p>\n<p><img decoding=\"async\" class=\"alignnone wp-image-2151\" src=\"http:\/\/vapebulkp.com\/wp-content\/uploads\/2024\/04\/Mandy-WhatsApp-Randm.jpg\" alt=\"Mandy WhatsApp Randi\" width=\"307\" height=\"326\" srcset=\"https:\/\/vapebulkp.com\/wp-content\/uploads\/2024\/04\/Mandy-WhatsApp-Randm.jpg 916w, https:\/\/vapebulkp.com\/wp-content\/uploads\/2024\/04\/Mandy-WhatsApp-Randm-282x300.jpg 282w, https:\/\/vapebulkp.com\/wp-content\/uploads\/2024\/04\/Mandy-WhatsApp-Randm-768x817.jpg 768w, https:\/\/vapebulkp.com\/wp-content\/uploads\/2024\/04\/Mandy-WhatsApp-Randm-600x638.jpg 600w\" sizes=\"(max-width: 307px) 100vw, 307px\" \/><\/p>\n<p>L\u016bdzu, sazinieties ar Mandijas WhatsApp, lai sa\u0146emtu atlaides cenu<a href=\"https:\/\/wa.me\/8618077105796\">+8618077105796<\/a><\/p>\n<p><span style=\"color: #ff0000\">PIEZ\u012aME: Cenas m\u016bsu t\u012bmek\u013ca vietn\u0113 neietver pieg\u0101des izmaksas<\/span><\/p>","protected":false},"featured_media":1939,"comment_status":"open","ping_status":"closed","template":"","meta":{"_uag_custom_page_level_css":"","_lmt_disableupdate":"no","_lmt_disable":"","site-sidebar-layout":"default","site-content-layout":"content-boxed-container","ast-site-content-layout":"normal-width-container","site-content-style":"boxed","site-sidebar-style":"unboxed","ast-global-header-display":"","ast-banner-title-visibility":"","ast-main-header-display":"","ast-hfb-above-header-display":"","ast-hfb-below-header-display":"","ast-hfb-mobile-header-display":"","site-post-title":"","ast-breadcrumbs-content":"","ast-featured-img":"","footer-sml-layout":"","theme-transparent-header-meta":"default","adv-header-id-meta":"","stick-header-meta":"","header-above-stick-meta":"","header-main-stick-meta":"","header-below-stick-meta":"","astra-migrate-meta-layouts":"set","_joinchat":[]},"product_cat":[165,153,155,33,59,100,34,158,157,154,152,58,84,156,63,32],"product_tag":[77,36,37,41,73,40],"class_list":["post-1775","product","type-product","status-publish","has-post-thumbnail","hentry","product_cat-15000-puffs-disposable-vape","product_cat-hot-disposable-vapes","product_cat-belgium-hot-disposable-vapes","product_cat-france-vape-hot-sale","product_cat-germany-hot-disposable-vape","product_cat-germany-wholesale-vape-shop","product_cat-netherlands-vape-good-sale","product_cat-norway-hot-disposable-vapes","product_cat-poland-hot-disposable-vapes","product_cat-portugal-hot-disposable-vapes","product_cat-spain-hot-disposable-vapes","product_cat-sweden-hot-disposable-vape","product_cat-sweden-wholesale-vape","product_cat-switzerland-hot-disposable-vapes","product_cat-top-sale-disposable-vape","product_cat-vape-hot-sale-this-week","product_tag-15000-puffs","product_tag-good-vape","product_tag-hot-sale-disposable-vape","product_tag-poland-hot-vape","product_tag-randm-10000puffs-vape","product_tag-sweden-hot-vape","desktop-align-left","tablet-align-left","mobile-align-left"],"yoast_head":"<!-- This site is optimized with the Yoast SEO plugin v21.1 - https:\/\/yoast.com\/wordpress\/plugins\/seo\/ -->\n<title>QST Rum Bar Tornado 15000 Good Disposable Vape - vapebulkp.com<\/title>\n<meta name=\"description\" content=\"Get the QST Rum Bar Tornado 15000 Puffs Disposable Vape \u2014 high-capacity, sleek, and ready to use with rich flavors.\" \/>\n<meta name=\"robots\" content=\"index, follow, max-snippet:-1, max-image-preview:large, max-video-preview:-1\" \/>\n<link rel=\"canonical\" href=\"https:\/\/vapebulkp.com\/lv\/product\/qst-rum-bar-tornado-15000-good-disposable-vape\/\" \/>\n<meta property=\"og:locale\" content=\"lv_LV\" \/>\n<meta property=\"og:type\" content=\"article\" \/>\n<meta property=\"og:title\" content=\"QST Rum Bar Tornado 15000 Good Disposable Vape - vapebulkp.com\" \/>\n<meta property=\"og:description\" content=\"Get the QST Rum Bar Tornado 15000 Puffs Disposable Vape \u2014 high-capacity, sleek, and ready to use with rich flavors.\" \/>\n<meta property=\"og:url\" content=\"https:\/\/vapebulkp.com\/lv\/product\/qst-rum-bar-tornado-15000-good-disposable-vape\/\" \/>\n<meta property=\"og:site_name\" content=\"vapebulkp.com\" \/>\n<meta property=\"article:modified_time\" content=\"2025-09-01T03:11:12+00:00\" \/>\n<meta property=\"og:image\" content=\"http:\/\/vapebulkp.com\/wp-content\/uploads\/2023\/10\/Rumbar-tornado-15000-Puffs.jpg\" \/>\n\t<meta property=\"og:image:width\" content=\"1000\" \/>\n\t<meta property=\"og:image:height\" content=\"734\" \/>\n\t<meta property=\"og:image:type\" content=\"image\/jpeg\" \/>\n<meta name=\"twitter:card\" content=\"summary_large_image\" \/>\n<meta name=\"twitter:label1\" content=\"Est. reading time\" \/>\n\t<meta name=\"twitter:data1\" content=\"4 min\u016btes\" \/>\n<script type=\"application\/ld+json\" class=\"yoast-schema-graph\">{\"@context\":\"https:\/\/schema.org\",\"@graph\":[{\"@type\":\"WebPage\",\"@id\":\"https:\/\/vapebulkp.com\/product\/qst-rum-bar-tornado-15000-good-disposable-vape\/\",\"url\":\"https:\/\/vapebulkp.com\/product\/qst-rum-bar-tornado-15000-good-disposable-vape\/\",\"name\":\"QST Rum Bar Tornado 15000 Good Disposable Vape - vapebulkp.com\",\"isPartOf\":{\"@id\":\"https:\/\/vapebulkp.com\/#website\"},\"datePublished\":\"2023-10-23T07:23:01+00:00\",\"dateModified\":\"2025-09-01T03:11:12+00:00\",\"description\":\"Get the QST Rum Bar Tornado 15000 Puffs Disposable Vape \u2014 high-capacity, sleek, and ready to use with rich flavors.\",\"breadcrumb\":{\"@id\":\"https:\/\/vapebulkp.com\/product\/qst-rum-bar-tornado-15000-good-disposable-vape\/#breadcrumb\"},\"inLanguage\":\"lv-LV\",\"potentialAction\":[{\"@type\":\"ReadAction\",\"target\":[\"https:\/\/vapebulkp.com\/product\/qst-rum-bar-tornado-15000-good-disposable-vape\/\"]}]},{\"@type\":\"BreadcrumbList\",\"@id\":\"https:\/\/vapebulkp.com\/product\/qst-rum-bar-tornado-15000-good-disposable-vape\/#breadcrumb\",\"itemListElement\":[{\"@type\":\"ListItem\",\"position\":1,\"name\":\"Home\",\"item\":\"https:\/\/vapebulkp.com\/\"},{\"@type\":\"ListItem\",\"position\":2,\"name\":\"Hot Trend Vapes\",\"item\":\"https:\/\/vapebulkp.com\/vape-shop\/\"},{\"@type\":\"ListItem\",\"position\":3,\"name\":\"QST Rum Bar Tornado 15000 Good Disposable Vape\"}]},{\"@type\":\"WebSite\",\"@id\":\"https:\/\/vapebulkp.com\/#website\",\"url\":\"https:\/\/vapebulkp.com\/\",\"name\":\"vapebulkp.com\",\"description\":\"Buy Vape In Cheap Bulk Price Near you\",\"publisher\":{\"@id\":\"https:\/\/vapebulkp.com\/#organization\"},\"potentialAction\":[{\"@type\":\"SearchAction\",\"target\":{\"@type\":\"EntryPoint\",\"urlTemplate\":\"https:\/\/vapebulkp.com\/?s={search_term_string}\"},\"query-input\":\"required name=search_term_string\"}],\"inLanguage\":\"lv-LV\"},{\"@type\":\"Organization\",\"@id\":\"https:\/\/vapebulkp.com\/#organization\",\"name\":\"vapebulkp.com\",\"url\":\"https:\/\/vapebulkp.com\/\",\"logo\":{\"@type\":\"ImageObject\",\"inLanguage\":\"lv-LV\",\"@id\":\"https:\/\/vapebulkp.com\/#\/schema\/logo\/image\/\",\"url\":\"https:\/\/vapebulkp.com\/wp-content\/uploads\/2023\/09\/cropped-vapebulkp.png\",\"contentUrl\":\"https:\/\/vapebulkp.com\/wp-content\/uploads\/2023\/09\/cropped-vapebulkp.png\",\"width\":516,\"height\":163,\"caption\":\"vapebulkp.com\"},\"image\":{\"@id\":\"https:\/\/vapebulkp.com\/#\/schema\/logo\/image\/\"}}]}<\/script>\n<!-- \/ Yoast SEO plugin. -->","yoast_head_json":{"title":"QST Rum Bar Tornado 15000 Good Disposable Vape - vapebulkp.com","description":"Get the QST Rum Bar Tornado 15000 Puffs Disposable Vape \u2014 high-capacity, sleek, and ready to use with rich flavors.","robots":{"index":"index","follow":"follow","max-snippet":"max-snippet:-1","max-image-preview":"max-image-preview:large","max-video-preview":"max-video-preview:-1"},"canonical":"https:\/\/vapebulkp.com\/lv\/product\/qst-rum-bar-tornado-15000-good-disposable-vape\/","og_locale":"lv_LV","og_type":"article","og_title":"QST Rum Bar Tornado 15000 Good Disposable Vape - vapebulkp.com","og_description":"Get the QST Rum Bar Tornado 15000 Puffs Disposable Vape \u2014 high-capacity, sleek, and ready to use with rich flavors.","og_url":"https:\/\/vapebulkp.com\/lv\/product\/qst-rum-bar-tornado-15000-good-disposable-vape\/","og_site_name":"vapebulkp.com","article_modified_time":"2025-09-01T03:11:12+00:00","og_image":[{"width":1000,"height":734,"url":"http:\/\/vapebulkp.com\/wp-content\/uploads\/2023\/10\/Rumbar-tornado-15000-Puffs.jpg","type":"image\/jpeg"}],"twitter_card":"summary_large_image","twitter_misc":{"Est. reading time":"4 min\u016btes"},"schema":{"@context":"https:\/\/schema.org","@graph":[{"@type":"WebPage","@id":"https:\/\/vapebulkp.com\/product\/qst-rum-bar-tornado-15000-good-disposable-vape\/","url":"https:\/\/vapebulkp.com\/product\/qst-rum-bar-tornado-15000-good-disposable-vape\/","name":"QST Rum Bar Tornado 15000 Good Disposable Vape - vapebulkp.com","isPartOf":{"@id":"https:\/\/vapebulkp.com\/#website"},"datePublished":"2023-10-23T07:23:01+00:00","dateModified":"2025-09-01T03:11:12+00:00","description":"Get the QST Rum Bar Tornado 15000 Puffs Disposable Vape \u2014 high-capacity, sleek, and ready to use with rich flavors.","breadcrumb":{"@id":"https:\/\/vapebulkp.com\/product\/qst-rum-bar-tornado-15000-good-disposable-vape\/#breadcrumb"},"inLanguage":"lv-LV","potentialAction":[{"@type":"ReadAction","target":["https:\/\/vapebulkp.com\/product\/qst-rum-bar-tornado-15000-good-disposable-vape\/"]}]},{"@type":"BreadcrumbList","@id":"https:\/\/vapebulkp.com\/product\/qst-rum-bar-tornado-15000-good-disposable-vape\/#breadcrumb","itemListElement":[{"@type":"ListItem","position":1,"name":"Home","item":"https:\/\/vapebulkp.com\/"},{"@type":"ListItem","position":2,"name":"Hot Trend Vapes","item":"https:\/\/vapebulkp.com\/vape-shop\/"},{"@type":"ListItem","position":3,"name":"QST Rum Bar Tornado 15000 Good Disposable Vape"}]},{"@type":"WebSite","@id":"https:\/\/vapebulkp.com\/#website","url":"https:\/\/vapebulkp.com\/","name":"vapebulkp.com","description":"Buy Vape In Cheap Bulk Price Near you","publisher":{"@id":"https:\/\/vapebulkp.com\/#organization"},"potentialAction":[{"@type":"SearchAction","target":{"@type":"EntryPoint","urlTemplate":"https:\/\/vapebulkp.com\/?s={search_term_string}"},"query-input":"required name=search_term_string"}],"inLanguage":"lv-LV"},{"@type":"Organization","@id":"https:\/\/vapebulkp.com\/#organization","name":"vapebulkp.com","url":"https:\/\/vapebulkp.com\/","logo":{"@type":"ImageObject","inLanguage":"lv-LV","@id":"https:\/\/vapebulkp.com\/#\/schema\/logo\/image\/","url":"https:\/\/vapebulkp.com\/wp-content\/uploads\/2023\/09\/cropped-vapebulkp.png","contentUrl":"https:\/\/vapebulkp.com\/wp-content\/uploads\/2023\/09\/cropped-vapebulkp.png","width":516,"height":163,"caption":"vapebulkp.com"},"image":{"@id":"https:\/\/vapebulkp.com\/#\/schema\/logo\/image\/"}}]}},"uagb_featured_image_src":{"full":["https:\/\/vapebulkp.com\/wp-content\/uploads\/2023\/10\/Rumbar-tornado-15000-Puffs.jpg",1000,734,false],"thumbnail":["https:\/\/vapebulkp.com\/wp-content\/uploads\/2023\/10\/Rumbar-tornado-15000-Puffs-150x150.jpg",150,150,true],"medium":["https:\/\/vapebulkp.com\/wp-content\/uploads\/2023\/10\/Rumbar-tornado-15000-Puffs-300x220.jpg",300,220,true],"medium_large":["https:\/\/vapebulkp.com\/wp-content\/uploads\/2023\/10\/Rumbar-tornado-15000-Puffs-768x564.jpg",768,564,true],"large":["https:\/\/vapebulkp.com\/wp-content\/uploads\/2023\/10\/Rumbar-tornado-15000-Puffs.jpg",1000,734,false],"1536x1536":["https:\/\/vapebulkp.com\/wp-content\/uploads\/2023\/10\/Rumbar-tornado-15000-Puffs.jpg",1000,734,false],"2048x2048":["https:\/\/vapebulkp.com\/wp-content\/uploads\/2023\/10\/Rumbar-tornado-15000-Puffs.jpg",1000,734,false],"trp-custom-language-flag":["https:\/\/vapebulkp.com\/wp-content\/uploads\/2023\/10\/Rumbar-tornado-15000-Puffs.jpg",16,12,false],"woocommerce_thumbnail":["https:\/\/vapebulkp.com\/wp-content\/uploads\/2023\/10\/Rumbar-tornado-15000-Puffs-300x300.jpg",300,300,true],"woocommerce_single":["https:\/\/vapebulkp.com\/wp-content\/uploads\/2023\/10\/Rumbar-tornado-15000-Puffs-600x440.jpg",600,440,true],"woocommerce_gallery_thumbnail":["https:\/\/vapebulkp.com\/wp-content\/uploads\/2023\/10\/Rumbar-tornado-15000-Puffs-100x100.jpg",100,100,true],"wcpr-photo-reviews":["https:\/\/vapebulkp.com\/wp-content\/uploads\/2023\/10\/Rumbar-tornado-15000-Puffs.jpg",500,367,false]},"uagb_author_info":{"display_name":"Mandy vape bulk price","author_link":"https:\/\/vapebulkp.com\/lv\/author\/"},"uagb_comment_info":1,"uagb_excerpt":"Good Sale Vape Rumbar Tornado 15000Puffs Rumbar Tornado 15000Puffs VAPE KIT Sweden Best Vape Rumbar Tornado 15000Puffs VAPE BAR Popular Rumbar Tornado 15000Puffs VAPE\u00a0 France Good Vape Rumbar Tornado 15000Puffs Top Sale Vape Pls Contact Mandy's WhatsApp For Discount Price+8618077105796 NOTE: Prices on our website does not include shipping costs","_links":{"self":[{"href":"https:\/\/vapebulkp.com\/lv\/wp-json\/wp\/v2\/product\/1775","targetHints":{"allow":["GET"]}}],"collection":[{"href":"https:\/\/vapebulkp.com\/lv\/wp-json\/wp\/v2\/product"}],"about":[{"href":"https:\/\/vapebulkp.com\/lv\/wp-json\/wp\/v2\/types\/product"}],"replies":[{"embeddable":true,"href":"https:\/\/vapebulkp.com\/lv\/wp-json\/wp\/v2\/comments?post=1775"}],"wp:featuredmedia":[{"embeddable":true,"href":"https:\/\/vapebulkp.com\/lv\/wp-json\/wp\/v2\/media\/1939"}],"wp:attachment":[{"href":"https:\/\/vapebulkp.com\/lv\/wp-json\/wp\/v2\/media?parent=1775"}],"wp:term":[{"taxonomy":"product_cat","embeddable":true,"href":"https:\/\/vapebulkp.com\/lv\/wp-json\/wp\/v2\/product_cat?post=1775"},{"taxonomy":"product_tag","embeddable":true,"href":"https:\/\/vapebulkp.com\/lv\/wp-json\/wp\/v2\/product_tag?post=1775"}],"curies":[{"name":"wp","href":"https:\/\/api.w.org\/{rel}","templated":true}]}}