{"id":1979,"date":"2023-12-26T08:44:42","date_gmt":"2023-12-26T07:44:42","guid":{"rendered":"https:\/\/vapebulkp.com\/?post_type=product&#038;p=1979"},"modified":"2025-09-24T05:18:15","modified_gmt":"2025-09-24T03:18:15","slug":"good-vape-jnr-shisha-15000-puffs-wholesale-vapme-shisha","status":"publish","type":"product","link":"https:\/\/vapebulkp.com\/lv\/product\/good-vape-jnr-shisha-15000-puffs-wholesale-vapme-shisha\/","title":{"rendered":"Laba Vape JNR SHISHA 15000 dvesmas vairumtirdzniec\u012bba VAPME SHISHA"},"content":{"rendered":"<h2>Laba Vape JNR SHISHA 15000 dvesmas vairumtirdzniec\u012bba VAPME SHISHA<\/h2>\n<p data-start=\"410\" data-end=\"753\">Tas <strong data-start=\"470\" data-end=\"498\">VAPME SHISHA 15000 Dvesieni<\/strong> ir lielas ietilp\u012bbas <a href=\"https:\/\/vapebulkp.com\/lv\/product-category\/15000-puffs-disposable-vape\/\"><strong data-start=\"518\" data-end=\"549\">15000 d\u016bmu vienreiz\u0113j\u0101s lieto\u0161anas elektronisk\u0101 cigarete<\/strong><\/a> Paredz\u0113ts jauniem v\u012brie\u0161iem. Ar 650 mAh uzl\u0101d\u0113jamu akumulatoru un 25 ml augst\u0101k\u0101s kvalit\u0101tes nikot\u012bna s\u0101ls e-\u0161\u0137idrumu, tas nodro\u0161ina vienm\u0113r\u012bgu, biezu tvaiku un nemain\u012bgu gar\u0161u ilgsto\u0161\u0101m tvaic\u0113\u0161anas sesij\u0101m.<\/p>\n<p data-start=\"755\" data-end=\"1182\">Ar 2% un 5% nikot\u012bna s\u0101ls opcij\u0101m, tas <strong data-start=\"798\" data-end=\"831\">nikot\u012bna s\u0101ls vienreiz\u0113j\u0101s lieto\u0161anas vape<\/strong> apmierina da\u017e\u0101das v\u0113lmes. T\u0101 kompaktais, stil\u012bgais dizains padara to par perfektu <strong data-start=\"912\" data-end=\"929\">p\u0101rn\u0113s\u0101jamu vape<\/strong> ikdienas lieto\u0161anai, ce\u013cojumiem vai sabiedriskiem pas\u0101kumiem. Katra displeja kast\u012bte satur 10 ier\u012bces, kas ir ide\u0101li piem\u0113rotas <strong data-start=\"1022\" data-end=\"1042\">lielapjoma vape pas\u016bt\u012bjumiem<\/strong> un vairumtirdzniec\u012bbas izplat\u012b\u0161anai Latvij\u0101. The <strong data-start=\"1078\" data-end=\"1110\">ilgsto\u0161ais vienreiz\u0113j\u0101s lieto\u0161anas vape<\/strong> nodro\u0161ina nep\u0101rtrauktu baud\u012bjumu ar bag\u0101t\u012bgu gar\u0161u l\u012bdz p\u0113d\u0113jam dvesienam.<\/p>\n<p data-start=\"1184\" data-end=\"1393\">Augstas kvalit\u0101tes konstrukcija, <strong data-start=\"1211\" data-end=\"1238\">premium vienreizlietojamais vape<\/strong>, un \u0101tra pieg\u0101de Latvij\u0101 padara Good Vape JNR SHISHA 15000 Puffs Vairumtirdzniec\u012bba VAPME SHISHA par lab\u0101ko izv\u0113li mazumtirgot\u0101jiem un entuziastiem, kuri mekl\u0113 uzticamu veiktsp\u0113ju un \u0113rt\u012bbas.<\/p>\n<p><img decoding=\"async\" class=\"alignnone wp-image-1970\" style=\"font-style: inherit;font-weight: inherit\" src=\"http:\/\/vapebulkp.com\/wp-content\/uploads\/2023\/12\/JNR-Shisha-15k-puff-discount-price-Sweden-1-scaled.jpg\" alt=\"JNR Shisha 15k dvesienu atlaides cena Zviedrija Karstais Vape\" width=\"714\" height=\"1049\" srcset=\"https:\/\/vapebulkp.com\/wp-content\/uploads\/2023\/12\/JNR-Shisha-15k-puff-discount-price-Sweden-1-scaled.jpg 1742w, https:\/\/vapebulkp.com\/wp-content\/uploads\/2023\/12\/JNR-Shisha-15k-puff-discount-price-Sweden-1-204x300.jpg 204w, https:\/\/vapebulkp.com\/wp-content\/uploads\/2023\/12\/JNR-Shisha-15k-puff-discount-price-Sweden-1-697x1024.jpg 697w, https:\/\/vapebulkp.com\/wp-content\/uploads\/2023\/12\/JNR-Shisha-15k-puff-discount-price-Sweden-1-768x1129.jpg 768w, https:\/\/vapebulkp.com\/wp-content\/uploads\/2023\/12\/JNR-Shisha-15k-puff-discount-price-Sweden-1-1045x1536.jpg 1045w, https:\/\/vapebulkp.com\/wp-content\/uploads\/2023\/12\/JNR-Shisha-15k-puff-discount-price-Sweden-1-1394x2048.jpg 1394w, https:\/\/vapebulkp.com\/wp-content\/uploads\/2023\/12\/JNR-Shisha-15k-puff-discount-price-Sweden-1-600x882.jpg 600w\" sizes=\"(max-width: 714px) 100vw, 714px\" \/><\/p>\n<h6 style=\"text-align: left\"><\/h6>\n<h6>L\u016bdzu, sazinieties ar Mandijas WhatsApp, lai sa\u0146emtu atlaides cenu<a href=\"https:\/\/wa.me\/8618077105796\">+8618077105796<\/a><\/h6>\n<p><img decoding=\"async\" class=\"alignnone wp-image-2151\" src=\"http:\/\/vapebulkp.com\/wp-content\/uploads\/2024\/04\/Mandy-WhatsApp-Randm.jpg\" alt=\"Mandy WhatsApp Randi\" width=\"263\" height=\"280\" srcset=\"https:\/\/vapebulkp.com\/wp-content\/uploads\/2024\/04\/Mandy-WhatsApp-Randm.jpg 916w, https:\/\/vapebulkp.com\/wp-content\/uploads\/2024\/04\/Mandy-WhatsApp-Randm-282x300.jpg 282w, https:\/\/vapebulkp.com\/wp-content\/uploads\/2024\/04\/Mandy-WhatsApp-Randm-768x817.jpg 768w, https:\/\/vapebulkp.com\/wp-content\/uploads\/2024\/04\/Mandy-WhatsApp-Randm-600x638.jpg 600w\" sizes=\"(max-width: 263px) 100vw, 263px\" \/><\/p>\n<h2><span style=\"vertical-align: inherit\">Dom\u0101j\u0101m, ka j\u016bs v\u0113l\u0113tos uzzin\u0101t par Vapme shisha 15k Puff lab\u0101k\u0101s p\u0101rdo\u0161anas vape:<\/span><\/h2>\n<p>&nbsp;<\/p>\n<h4 class=\"style-scope ytd-watch-metadata\">1. K\u0101 lietot Vapme shisha 15000 Puff Vape Pen?<\/h4>\n<p>1: Atveriet aizz\u012bmogoto maisi\u0146u<br \/>\n2: Noraujiet uzl\u012bmi<br \/>\n3: Izvelciet silikona aizb\u0101zni un \u013caujiet tam nost\u0101v\u0113ties 10 min\u016btes, tad varat to lietot<\/p>\n<h6>2. K\u0101 uzl\u0101d\u0113t vienreiz\u0113j\u0101s lieto\u0161anas vape Vapme shisha 15000 Puffs ier\u012bci?<\/h6>\n<p>\u0100tr\u0101s uzl\u0101des l\u0101d\u0113t\u0101jus nevar izmantot, un vienreiz\u0113j\u0101s lieto\u0161anas e-cigare\u0161u standarta dro\u0161\u0101 jauda ir 5V 1A.<\/p>\n<p>Katrs uzl\u0101des laiks nedr\u012bkst p\u0101rsniegt 1 stundu, un dro\u0161s uzl\u0101des laiks ir pusstunda.<\/p>\n<h6>3. Cik dvesienu ir Vapme shisha 15000 Puffs vienreiz\u0113j\u0101s lieto\u0161anas vape pildspalvai?<\/h6>\n<p>\u2014-15000 p\u016btieni<\/p>\n<p><span style=\"color: #ff6600\">Pazi\u0146ojums: Neuzl\u0101d\u0113jiet visu nakti!<\/span><\/p>\n<p>&nbsp;<\/p>\n<h3>Vapme shisha 15k Puffs Vape produkta \u012bpa\u0161\u012bbas:<\/h3>\n<p>Modelis:VAPME SHISHA 15000 PUFFS<br \/>\nUzp\u016btieni: 15000<br \/>\nAkumulatora ietilp\u012bba: 650mAh<br \/>\nE-\u0161\u0137idruma tilpums: 25ml<br \/>\nNikot\u012bna saturs: 2%\/5% nikot\u012bna s\u0101ls<br \/>\nIepakojums: 10 gabali 1 izst\u0101des kast\u0113<br \/>\nMinim\u0101lais pas\u016bt\u012bjuma daudzums (MOQ): 50 gabali<\/p>\n<h3><strong>Kas ir lab\u0101kais vape Vapme shisha<\/strong>\u00a015000 uzp\u016btienu <strong>Gar\u0161as?<\/strong><\/h3>\n<p>1. Mellenes ar ledu<br \/>\n2. Kivi, pasifloru auglis, guava<br \/>\n3.Zilo ave\u0146u limon\u0101de<br \/>\n4.Zeme\u0146u kivi<br \/>\n5.Jauktas ogas<br \/>\n6.Zeme\u0146u arb\u016bzs<br \/>\n7.V\u012bnogu ledus<br \/>\n8.Arb\u016bzu ledus<br \/>\n9.Persiku mango anan\u0101ss<br \/>\n10.Zeme\u0146u ledus<br \/>\n11.Persiku ledus<br \/>\n12.Mango ban\u0101ns<\/p>\n<p><a href=\"https:\/\/vapebulkp.com\/lv\/product\/popular-randm-tornado-7000puffs-disposable-vape-best-price\/\">Randm tornado 7000 uzp\u016btienu<\/a><\/p>\n<p><span style=\"vertical-align: inherit\">Atrast vair\u0101k produktu, kas jums var\u0113tu patikt:<\/span><em><a href=\"https:\/\/wa.me\/8618077105796\"><span style=\"vertical-align: inherit\">\u00a0Pirkt tagad<\/span><\/a><\/em><\/p>\n<p><span style=\"vertical-align: inherit\">Citas dvesmas, kas jums var\u0113tu patikt:<\/span><a href=\"https:\/\/vapebulkp.com\/lv\/product\/good-sale-randm-tornado-10000-puffs-plus\/\"><span style=\"vertical-align: inherit\">RandM 10000 Dvesieni<\/span><\/a><span style=\"vertical-align: inherit\">\u2014Ar 10 000 dvesienu ietilp\u012bbu \u0161\u012b ier\u012bce ir iecien\u012bta vapingu entuziastu vid\u016b.<\/span><\/p>\n<p><a href=\"https:\/\/vapebulkp.com\/lv\/product\/wholesale-randm-tornado-9000-puffs-germany\/\"><span style=\"vertical-align: inherit\">RandM Tornado 9000 Dvesmas<\/span><\/a><span style=\"vertical-align: inherit\">\u2014K\u0101 popul\u0101r\u0101kajai e-cigaretei, Randm ir 9000 dvesienu, lai j\u016bs var\u0113tu baud\u012bt<\/span><\/p>\n<p><a href=\"https:\/\/vapebulkp.com\/lv\/product\/popular-bang-king-10000-puffs-vape-good-price\/\"><span style=\"vertical-align: inherit\">Bang King 10000 Dvesmas<\/span><\/a><span style=\"vertical-align: inherit\">\u2014Bang King ir popul\u0101rs z\u012bmols ar unik\u0101liem mode\u013ciem un 10000 dvesm\u0101m<\/span><\/p>\n<p><a href=\"https:\/\/vapebulkp.com\/lv\/product\/bang-king-12000puffs\/\"><span style=\"vertical-align: inherit\">Bang King 12000 dvesmas<\/span><\/a>\u2014-Bang King 12000 Dvesieni ir popul\u0101rs z\u012bmols ar unik\u0101liem mode\u013ciem un 12 000 dvesieniem, v\u0113l viena iesp\u0113ja uzlabot j\u016bsu vapingu vajadz\u012bbas<\/p>\n<p><span style=\"vertical-align: inherit\">\u012apa\u0161as formas e-cigare\u0161u pudele:<\/span><a href=\"https:\/\/vapebulkp.com\/lv\/product\/popular-kulx-10000puffs-disposable-vape-good-price\/\"><span style=\"vertical-align: inherit\">Kulx 10000 Puffs<\/span><\/a><span style=\"vertical-align: inherit\">\/ <\/span><a href=\"https:\/\/vapebulkp.com\/lv\/product\/disposable-vape-crystal-600-puffs\/\"><span style=\"vertical-align: inherit\">Crystal Legend 600 uzp\u016btieni<\/span><\/a><span style=\"vertical-align: inherit\">\/<\/span><a href=\"https:\/\/vapebulkp.com\/lv\/product\/bang-box-12000puffs-good-vape-sweden-wholesale-price\/\"><span style=\"vertical-align: inherit\">Bang Box vape 12000 dvesmas<\/span><\/a><\/p>\n<h4>Kas jums var\u0113tu interes\u0113t par elektroniskaj\u0101m cigaret\u0113m (e-cigaret\u0113m):<\/h4>\n<p>J: K\u0101p\u0113c elektronisk\u0101s cigaretes s\u016bcas e\u013c\u013ca?<br \/>\nA: E-cigare\u0161u e\u013c\u013cas nopl\u016bde var rasties nepareizi uzst\u0101d\u012bta atomizatora kodola d\u0113\u013c vai boj\u0101ta bl\u012bv\u0113juma gredzena d\u0113\u013c uzpildes laik\u0101. P\u0101rliecinieties, ka uzpildes laik\u0101 nep\u0101rspie\u017eat e\u013c\u013cu un p\u0101rbaudiet, vai bl\u012bvgredzens ir neskarts, tas var efekt\u012bvi samazin\u0101t e\u013c\u013cas nopl\u016bdi.<\/p>\n<p>J: K\u0101p\u0113c e-cigaretei ir piedeguma smaka?<br \/>\nA: Piedeguma smaku parasti izraisa atomizatora kodola saus\u0101 deg\u0161ana vai nepietiekama e\u013c\u013ca. Ieteicams regul\u0101ri nomain\u012bt atomizatora kodolu un nodro\u0161in\u0101t pietiekamu e\u013c\u013cas daudzumu, lai izvair\u012btos no saus\u0101s deg\u0161anas.<\/p>\n<p>J: K\u0101p\u0113c e-cigare\u0161u vilk\u0161anas sp\u0113ks k\u013c\u016bst v\u0101j\u0101ks?<br \/>\nA: V\u0101j\u0161 vilk\u0161anas sp\u0113ks var rasties nepietiekama akumulatora uzl\u0101des d\u0113\u013c, atomizatora kodola nolietojuma vai t\u0101 aizs\u0113r\u0113\u0161anas d\u0113\u013c. M\u0113\u0123iniet uzl\u0101d\u0113t akumulatoru vai nomain\u012bt atomizatora kodolu ar jaunu, lai atrisin\u0101tu v\u0101j\u0101 vilk\u0161anas sp\u0113ka probl\u0113mu.<\/p>\n<p>J: K\u0101 t\u012br\u012bt e-cigare\u0161u apr\u012bkojumu?<br \/>\nA: Regul\u0101ra e-cigare\u0161u ier\u012bces t\u012br\u012b\u0161ana uztur\u0113s t\u0101s veiktsp\u0113ju un gar\u0161u. Izmantojiet m\u012bkstu dr\u0101nu, lai maigi noslauc\u012btu ier\u012bces virsmu, un izmantojiet vates koci\u0146us, lai not\u012br\u012btu savienojumus vai iek\u0161\u0113j\u0101s virsmas, bet esiet uzman\u012bgi, lai izvair\u012btos no boj\u0101jumiem.<\/p>\n<p>J: Vai e-cigaretes ir kait\u012bgas vesel\u012bbai?<br \/>\nA: Lai gan e-cigaretes var satur\u0113t maz\u0101k kait\u012bgu vielu nek\u0101 tradicion\u0101l\u0101s cigaretes, tas nenoz\u012bm\u0113, ka t\u0101s ir piln\u012bgi nekait\u012bgas. E-cigare\u0161u ilgsto\u0161a lieto\u0161ana joproj\u0101m var rad\u012bt noteiktu ietekmi uz vesel\u012bbu. Vislab\u0101k ir ierobe\u017eot lieto\u0161anu un mekl\u0113t medic\u012bniskas speci\u0101lista padomu.<\/p>\n<h4>Pieg\u0101des deta\u013cas:<\/h4>\n<p><span style=\"color: #ff6600\">Ra\u017eo\u0161anas laiks: 5-10 darba dienas<\/span><br \/>\n<span style=\"color: #ff6600\">Pieg\u0101des laiks: 8-14 darba dienas<\/span><\/p>\n<p>Visi produkti m\u016bsu veikal\u0101 ir 100% ori\u0123in\u0101li un autentiski, t\u0101p\u0113c desmitk\u0101rt\u012bga kompens\u0101cija par viltot\u0101m prec\u0113m ir m\u016bsu veikala politika. M\u0113s izmantojam t\u0101dus lo\u0123istikas kan\u0101lus k\u0101 UPS\/DHL\/FEDEX\/DPD, lai pieg\u0101d\u0101tu preces jums.<\/p>\n<p>Paci\u0146\u0101m, kas tiek s\u016bt\u012btas uz Latviju, parasti nepiecie\u0161amas 10 darba dienas, lai t\u0101s sa\u0146emtu. S\u016bt\u012bjumiem uz Eiropas valst\u012bm parasti nepiecie\u0161amas 12 l\u012bdz 15 darba dienas, lai t\u0101s sa\u0146emtu. M\u0113s atjaunin\u0101sim lo\u0123istikas inform\u0101ciju jums re\u0101llaik\u0101.<\/p>\n<p>Sazinieties ar mums, un m\u0113s varam pied\u0101v\u0101t jums Hazebar 12000 d\u016bmu un pacelt j\u016bsu biznesu augst\u0101kos l\u012bme\u0146os!<\/p>","protected":false},"excerpt":{"rendered":"<p>Vairumtirdzniec\u012bbas cena <a href=\"https:\/\/vapebulkp.com\/lv\/product\/good-vape-jnr-shisha-15000-puffs-wholesale-vapme-shisha\/\">VAPME SHISHA 15000 DVESIENI <\/a>Popul\u0101r\u0101k\u0101 vape<br \/>\nVAPME SHISHA 15000 DVESIENI \u016bdensp\u012bpes vape veikals<br \/>\nPopul\u0101ra VAPE Vapme shisha 15k dvesieni<br \/>\n<img decoding=\"async\" class=\"alignnone wp-image-2151\" src=\"http:\/\/vapebulkp.com\/wp-content\/uploads\/2024\/04\/Mandy-WhatsApp-Randm.jpg\" alt=\"Mandy WhatsApp Randi\" width=\"238\" height=\"253\" srcset=\"https:\/\/vapebulkp.com\/wp-content\/uploads\/2024\/04\/Mandy-WhatsApp-Randm.jpg 916w, https:\/\/vapebulkp.com\/wp-content\/uploads\/2024\/04\/Mandy-WhatsApp-Randm-282x300.jpg 282w, https:\/\/vapebulkp.com\/wp-content\/uploads\/2024\/04\/Mandy-WhatsApp-Randm-768x817.jpg 768w, https:\/\/vapebulkp.com\/wp-content\/uploads\/2024\/04\/Mandy-WhatsApp-Randm-600x638.jpg 600w\" sizes=\"(max-width: 238px) 100vw, 238px\" \/><\/p>\n<p>L\u016bdzu, sazinieties ar Mandijas WhatsApp, lai sa\u0146emtu atlaides cenu<a href=\"https:\/\/wa.me\/8618077105796\">+8618077105796<\/a><\/p>\n<p><span style=\"color: #ff0000\">PIEZ\u012aME: Cenas m\u016bsu t\u012bmek\u013ca vietn\u0113 neietver pieg\u0101des izmaksas<\/span><\/p>","protected":false},"featured_media":1973,"comment_status":"open","ping_status":"closed","template":"","meta":{"_uag_custom_page_level_css":"","_lmt_disableupdate":"no","_lmt_disable":"","site-sidebar-layout":"default","site-content-layout":"content-boxed-container","ast-site-content-layout":"normal-width-container","site-content-style":"boxed","site-sidebar-style":"unboxed","ast-global-header-display":"","ast-banner-title-visibility":"","ast-main-header-display":"","ast-hfb-above-header-display":"","ast-hfb-below-header-display":"","ast-hfb-mobile-header-display":"","site-post-title":"","ast-breadcrumbs-content":"","ast-featured-img":"","footer-sml-layout":"","theme-transparent-header-meta":"default","adv-header-id-meta":"","stick-header-meta":"","header-above-stick-meta":"","header-main-stick-meta":"","header-below-stick-meta":"","astra-migrate-meta-layouts":"set","_joinchat":[]},"product_cat":[165,153,155,33,59,100,353,34,158,157,154,152,58,84,156,63,32],"product_tag":[77,36,37,91,105,41,71,40],"class_list":["post-1979","product","type-product","status-publish","has-post-thumbnail","hentry","product_cat-15000-puffs-disposable-vape","product_cat-hot-disposable-vapes","product_cat-belgium-hot-disposable-vapes","product_cat-france-vape-hot-sale","product_cat-germany-hot-disposable-vape","product_cat-germany-wholesale-vape-shop","product_cat-jnr-vape","product_cat-netherlands-vape-good-sale","product_cat-norway-hot-disposable-vapes","product_cat-poland-hot-disposable-vapes","product_cat-portugal-hot-disposable-vapes","product_cat-spain-hot-disposable-vapes","product_cat-sweden-hot-disposable-vape","product_cat-sweden-wholesale-vape","product_cat-switzerland-hot-disposable-vapes","product_cat-top-sale-disposable-vape","product_cat-vape-hot-sale-this-week","product_tag-15000-puffs","product_tag-good-vape","product_tag-hot-sale-disposable-vape","product_tag-italy-hot-vape","product_tag-jnr","product_tag-poland-hot-vape","product_tag-randm","product_tag-sweden-hot-vape","pa_brand-vapme-vape","desktop-align-left","tablet-align-left","mobile-align-left"],"yoast_head":"<!-- This site is optimized with the Yoast SEO plugin v21.1 - https:\/\/yoast.com\/wordpress\/plugins\/seo\/ -->\n<title>Good Vape JNR SHISHA 15000 Puffs Wholesale VAPME SHISHA - vapebulkp.com<\/title>\n<meta name=\"description\" content=\"Buy the VAPME SHISHA 15000 Puffs, a high-capacity 15000 Puffs Disposable Vape with long-lasting battery and rich flavor. EU shipping \u2014 order now!\" \/>\n<meta name=\"robots\" content=\"index, follow, max-snippet:-1, max-image-preview:large, max-video-preview:-1\" \/>\n<link rel=\"canonical\" href=\"https:\/\/vapebulkp.com\/lv\/product\/good-vape-jnr-shisha-15000-puffs-wholesale-vapme-shisha\/\" \/>\n<meta property=\"og:locale\" content=\"lv_LV\" \/>\n<meta property=\"og:type\" content=\"article\" \/>\n<meta property=\"og:title\" content=\"Good Vape JNR SHISHA 15000 Puffs Wholesale VAPME SHISHA - vapebulkp.com\" \/>\n<meta property=\"og:description\" content=\"Buy the VAPME SHISHA 15000 Puffs, a high-capacity 15000 Puffs Disposable Vape with long-lasting battery and rich flavor. EU shipping \u2014 order now!\" \/>\n<meta property=\"og:url\" content=\"https:\/\/vapebulkp.com\/lv\/product\/good-vape-jnr-shisha-15000-puffs-wholesale-vapme-shisha\/\" \/>\n<meta property=\"og:site_name\" content=\"vapebulkp.com\" \/>\n<meta property=\"article:modified_time\" content=\"2025-09-24T03:18:15+00:00\" \/>\n<meta property=\"og:image\" content=\"http:\/\/vapebulkp.com\/wp-content\/uploads\/2023\/12\/JNR-Shisha-15k-puff-discount-price-Sweden-Germany-scaled.jpg\" \/>\n\t<meta property=\"og:image:width\" content=\"1742\" \/>\n\t<meta property=\"og:image:height\" content=\"2560\" \/>\n\t<meta property=\"og:image:type\" content=\"image\/jpeg\" \/>\n<meta name=\"twitter:card\" content=\"summary_large_image\" \/>\n<meta name=\"twitter:label1\" content=\"Est. reading time\" \/>\n\t<meta name=\"twitter:data1\" content=\"4 min\u016btes\" \/>\n<script type=\"application\/ld+json\" class=\"yoast-schema-graph\">{\"@context\":\"https:\/\/schema.org\",\"@graph\":[{\"@type\":\"WebPage\",\"@id\":\"https:\/\/vapebulkp.com\/product\/good-vape-jnr-shisha-15000-puffs-wholesale-vapme-shisha\/\",\"url\":\"https:\/\/vapebulkp.com\/product\/good-vape-jnr-shisha-15000-puffs-wholesale-vapme-shisha\/\",\"name\":\"Good Vape JNR SHISHA 15000 Puffs Wholesale VAPME SHISHA - vapebulkp.com\",\"isPartOf\":{\"@id\":\"https:\/\/vapebulkp.com\/#website\"},\"datePublished\":\"2023-12-26T07:44:42+00:00\",\"dateModified\":\"2025-09-24T03:18:15+00:00\",\"description\":\"Buy the VAPME SHISHA 15000 Puffs, a high-capacity 15000 Puffs Disposable Vape with long-lasting battery and rich flavor. EU shipping \u2014 order now!\",\"breadcrumb\":{\"@id\":\"https:\/\/vapebulkp.com\/product\/good-vape-jnr-shisha-15000-puffs-wholesale-vapme-shisha\/#breadcrumb\"},\"inLanguage\":\"lv-LV\",\"potentialAction\":[{\"@type\":\"ReadAction\",\"target\":[\"https:\/\/vapebulkp.com\/product\/good-vape-jnr-shisha-15000-puffs-wholesale-vapme-shisha\/\"]}]},{\"@type\":\"BreadcrumbList\",\"@id\":\"https:\/\/vapebulkp.com\/product\/good-vape-jnr-shisha-15000-puffs-wholesale-vapme-shisha\/#breadcrumb\",\"itemListElement\":[{\"@type\":\"ListItem\",\"position\":1,\"name\":\"Home\",\"item\":\"https:\/\/vapebulkp.com\/\"},{\"@type\":\"ListItem\",\"position\":2,\"name\":\"Hot Trend Vapes\",\"item\":\"https:\/\/vapebulkp.com\/vape-shop\/\"},{\"@type\":\"ListItem\",\"position\":3,\"name\":\"Good Vape JNR SHISHA 15000 Puffs Wholesale VAPME SHISHA\"}]},{\"@type\":\"WebSite\",\"@id\":\"https:\/\/vapebulkp.com\/#website\",\"url\":\"https:\/\/vapebulkp.com\/\",\"name\":\"vapebulkp.com\",\"description\":\"Buy Vape In Cheap Bulk Price Near you\",\"publisher\":{\"@id\":\"https:\/\/vapebulkp.com\/#organization\"},\"potentialAction\":[{\"@type\":\"SearchAction\",\"target\":{\"@type\":\"EntryPoint\",\"urlTemplate\":\"https:\/\/vapebulkp.com\/?s={search_term_string}\"},\"query-input\":\"required name=search_term_string\"}],\"inLanguage\":\"lv-LV\"},{\"@type\":\"Organization\",\"@id\":\"https:\/\/vapebulkp.com\/#organization\",\"name\":\"vapebulkp.com\",\"url\":\"https:\/\/vapebulkp.com\/\",\"logo\":{\"@type\":\"ImageObject\",\"inLanguage\":\"lv-LV\",\"@id\":\"https:\/\/vapebulkp.com\/#\/schema\/logo\/image\/\",\"url\":\"https:\/\/vapebulkp.com\/wp-content\/uploads\/2023\/09\/cropped-vapebulkp.png\",\"contentUrl\":\"https:\/\/vapebulkp.com\/wp-content\/uploads\/2023\/09\/cropped-vapebulkp.png\",\"width\":516,\"height\":163,\"caption\":\"vapebulkp.com\"},\"image\":{\"@id\":\"https:\/\/vapebulkp.com\/#\/schema\/logo\/image\/\"}}]}<\/script>\n<!-- \/ Yoast SEO plugin. -->","yoast_head_json":{"title":"Good Vape JNR SHISHA 15000 Puffs Wholesale VAPME SHISHA - vapebulkp.com","description":"Buy the VAPME SHISHA 15000 Puffs, a high-capacity 15000 Puffs Disposable Vape with long-lasting battery and rich flavor. EU shipping \u2014 order now!","robots":{"index":"index","follow":"follow","max-snippet":"max-snippet:-1","max-image-preview":"max-image-preview:large","max-video-preview":"max-video-preview:-1"},"canonical":"https:\/\/vapebulkp.com\/lv\/product\/good-vape-jnr-shisha-15000-puffs-wholesale-vapme-shisha\/","og_locale":"lv_LV","og_type":"article","og_title":"Good Vape JNR SHISHA 15000 Puffs Wholesale VAPME SHISHA - vapebulkp.com","og_description":"Buy the VAPME SHISHA 15000 Puffs, a high-capacity 15000 Puffs Disposable Vape with long-lasting battery and rich flavor. EU shipping \u2014 order now!","og_url":"https:\/\/vapebulkp.com\/lv\/product\/good-vape-jnr-shisha-15000-puffs-wholesale-vapme-shisha\/","og_site_name":"vapebulkp.com","article_modified_time":"2025-09-24T03:18:15+00:00","og_image":[{"width":1742,"height":2560,"url":"http:\/\/vapebulkp.com\/wp-content\/uploads\/2023\/12\/JNR-Shisha-15k-puff-discount-price-Sweden-Germany-scaled.jpg","type":"image\/jpeg"}],"twitter_card":"summary_large_image","twitter_misc":{"Est. reading time":"4 min\u016btes"},"schema":{"@context":"https:\/\/schema.org","@graph":[{"@type":"WebPage","@id":"https:\/\/vapebulkp.com\/product\/good-vape-jnr-shisha-15000-puffs-wholesale-vapme-shisha\/","url":"https:\/\/vapebulkp.com\/product\/good-vape-jnr-shisha-15000-puffs-wholesale-vapme-shisha\/","name":"Good Vape JNR SHISHA 15000 Puffs Wholesale VAPME SHISHA - vapebulkp.com","isPartOf":{"@id":"https:\/\/vapebulkp.com\/#website"},"datePublished":"2023-12-26T07:44:42+00:00","dateModified":"2025-09-24T03:18:15+00:00","description":"Buy the VAPME SHISHA 15000 Puffs, a high-capacity 15000 Puffs Disposable Vape with long-lasting battery and rich flavor. EU shipping \u2014 order now!","breadcrumb":{"@id":"https:\/\/vapebulkp.com\/product\/good-vape-jnr-shisha-15000-puffs-wholesale-vapme-shisha\/#breadcrumb"},"inLanguage":"lv-LV","potentialAction":[{"@type":"ReadAction","target":["https:\/\/vapebulkp.com\/product\/good-vape-jnr-shisha-15000-puffs-wholesale-vapme-shisha\/"]}]},{"@type":"BreadcrumbList","@id":"https:\/\/vapebulkp.com\/product\/good-vape-jnr-shisha-15000-puffs-wholesale-vapme-shisha\/#breadcrumb","itemListElement":[{"@type":"ListItem","position":1,"name":"Home","item":"https:\/\/vapebulkp.com\/"},{"@type":"ListItem","position":2,"name":"Hot Trend Vapes","item":"https:\/\/vapebulkp.com\/vape-shop\/"},{"@type":"ListItem","position":3,"name":"Good Vape JNR SHISHA 15000 Puffs Wholesale VAPME SHISHA"}]},{"@type":"WebSite","@id":"https:\/\/vapebulkp.com\/#website","url":"https:\/\/vapebulkp.com\/","name":"vapebulkp.com","description":"Buy Vape In Cheap Bulk Price Near you","publisher":{"@id":"https:\/\/vapebulkp.com\/#organization"},"potentialAction":[{"@type":"SearchAction","target":{"@type":"EntryPoint","urlTemplate":"https:\/\/vapebulkp.com\/?s={search_term_string}"},"query-input":"required name=search_term_string"}],"inLanguage":"lv-LV"},{"@type":"Organization","@id":"https:\/\/vapebulkp.com\/#organization","name":"vapebulkp.com","url":"https:\/\/vapebulkp.com\/","logo":{"@type":"ImageObject","inLanguage":"lv-LV","@id":"https:\/\/vapebulkp.com\/#\/schema\/logo\/image\/","url":"https:\/\/vapebulkp.com\/wp-content\/uploads\/2023\/09\/cropped-vapebulkp.png","contentUrl":"https:\/\/vapebulkp.com\/wp-content\/uploads\/2023\/09\/cropped-vapebulkp.png","width":516,"height":163,"caption":"vapebulkp.com"},"image":{"@id":"https:\/\/vapebulkp.com\/#\/schema\/logo\/image\/"}}]}},"uagb_featured_image_src":{"full":["https:\/\/vapebulkp.com\/wp-content\/uploads\/2023\/12\/JNR-Shisha-15k-puff-discount-price-Sweden-Germany-scaled.jpg",1742,2560,false],"thumbnail":["https:\/\/vapebulkp.com\/wp-content\/uploads\/2023\/12\/JNR-Shisha-15k-puff-discount-price-Sweden-Germany-150x150.jpg",150,150,true],"medium":["https:\/\/vapebulkp.com\/wp-content\/uploads\/2023\/12\/JNR-Shisha-15k-puff-discount-price-Sweden-Germany-204x300.jpg",204,300,true],"medium_large":["https:\/\/vapebulkp.com\/wp-content\/uploads\/2023\/12\/JNR-Shisha-15k-puff-discount-price-Sweden-Germany-768x1129.jpg",768,1129,true],"large":["https:\/\/vapebulkp.com\/wp-content\/uploads\/2023\/12\/JNR-Shisha-15k-puff-discount-price-Sweden-Germany-697x1024.jpg",697,1024,true],"1536x1536":["https:\/\/vapebulkp.com\/wp-content\/uploads\/2023\/12\/JNR-Shisha-15k-puff-discount-price-Sweden-Germany-1045x1536.jpg",1045,1536,true],"2048x2048":["https:\/\/vapebulkp.com\/wp-content\/uploads\/2023\/12\/JNR-Shisha-15k-puff-discount-price-Sweden-Germany-1394x2048.jpg",1394,2048,true],"trp-custom-language-flag":["https:\/\/vapebulkp.com\/wp-content\/uploads\/2023\/12\/JNR-Shisha-15k-puff-discount-price-Sweden-Germany-scaled.jpg",8,12,false],"woocommerce_thumbnail":["https:\/\/vapebulkp.com\/wp-content\/uploads\/2023\/12\/JNR-Shisha-15k-puff-discount-price-Sweden-Germany-300x300.jpg",300,300,true],"woocommerce_single":["https:\/\/vapebulkp.com\/wp-content\/uploads\/2023\/12\/JNR-Shisha-15k-puff-discount-price-Sweden-Germany-600x882.jpg",600,882,true],"woocommerce_gallery_thumbnail":["https:\/\/vapebulkp.com\/wp-content\/uploads\/2023\/12\/JNR-Shisha-15k-puff-discount-price-Sweden-Germany-100x100.jpg",100,100,true],"wcpr-photo-reviews":["https:\/\/vapebulkp.com\/wp-content\/uploads\/2023\/12\/JNR-Shisha-15k-puff-discount-price-Sweden-Germany-scaled.jpg",340,500,false]},"uagb_author_info":{"display_name":"Mandy vape bulk price","author_link":"https:\/\/vapebulkp.com\/lv\/author\/"},"uagb_comment_info":8,"uagb_excerpt":"Wholesale Prrice VAPME SHISHA 15000 PUFFS Top Sale Vape VAPME SHISHA 15000 PUFFS Hookah vape Shop Popular VAPE Vapme shisha 15k Puffs Pls Contact Mandy's WhatsApp For Discount Price+8618077105796 NOTE: Prices on our website does not include shipping costs","_links":{"self":[{"href":"https:\/\/vapebulkp.com\/lv\/wp-json\/wp\/v2\/product\/1979","targetHints":{"allow":["GET"]}}],"collection":[{"href":"https:\/\/vapebulkp.com\/lv\/wp-json\/wp\/v2\/product"}],"about":[{"href":"https:\/\/vapebulkp.com\/lv\/wp-json\/wp\/v2\/types\/product"}],"replies":[{"embeddable":true,"href":"https:\/\/vapebulkp.com\/lv\/wp-json\/wp\/v2\/comments?post=1979"}],"wp:featuredmedia":[{"embeddable":true,"href":"https:\/\/vapebulkp.com\/lv\/wp-json\/wp\/v2\/media\/1973"}],"wp:attachment":[{"href":"https:\/\/vapebulkp.com\/lv\/wp-json\/wp\/v2\/media?parent=1979"}],"wp:term":[{"taxonomy":"product_cat","embeddable":true,"href":"https:\/\/vapebulkp.com\/lv\/wp-json\/wp\/v2\/product_cat?post=1979"},{"taxonomy":"product_tag","embeddable":true,"href":"https:\/\/vapebulkp.com\/lv\/wp-json\/wp\/v2\/product_tag?post=1979"}],"curies":[{"name":"wp","href":"https:\/\/api.w.org\/{rel}","templated":true}]}}