{"id":2077,"date":"2024-02-26T08:15:03","date_gmt":"2024-02-26T07:15:03","guid":{"rendered":"https:\/\/vapebulkp.com\/?post_type=product&#038;p=2077"},"modified":"2025-09-24T05:17:06","modified_gmt":"2025-09-24T03:17:06","slug":"bang-20000-puffs-hot-vape-top-sale-vape","status":"publish","type":"product","link":"https:\/\/vapebulkp.com\/lv\/product\/bang-20000-puffs-hot-vape-top-sale-vape\/","title":{"rendered":"Bang 20000 p\u016btieni karsts vape top p\u0101rdo\u0161ana vape"},"content":{"rendered":"<h2 style=\"text-align: left\">Bang 20000 p\u016btieni karsts vape top p\u0101rdo\u0161ana vape<\/h2>\n<p data-start=\"157\" data-end=\"421\">Tas <strong data-start=\"201\" data-end=\"226\">Bang 20000 p\u016btieni Vape<\/strong> ir liela apjoma vienreizlietojams tvaic\u0113t\u0101js, kas rad\u012bts ilgsto\u0161ai veiktsp\u0113jai. Ar 25 ml augst\u0101k\u0101s kvalit\u0101tes e-\u0161\u0137idruma un 16 popul\u0101riem arom\u0101tiem, tas nodro\u0161ina nemain\u012bgu, bag\u0101t\u012bgu tvaiku no pirm\u0101 l\u012bdz p\u0113d\u0113jam dvesienam.<\/p>\n<p data-start=\"423\" data-end=\"702\">Apr\u012bkots ar viedo displeju akumulatora un e-\u0161\u0137idruma l\u012bme\u0146iem, karstais p\u0101rdo\u0161anas tvaic\u0113t\u0101js <strong data-start=\"490\" data-end=\"510\">Bang 20K p\u016btieni<\/strong> nodro\u0161ina \u0113rt\u012bbas un kontroli katram lietot\u0101jam. Izstr\u0101d\u0101ts ar elegantu korpusu un jaud\u012bgu akumulatoru, tas pied\u0101v\u0101 l\u012bdz 20 000 dvesienu, padarot to par uzticamu izv\u0113li ikdienas lieto\u0161anai vai savies\u012bgiem pas\u0101kumiem.<\/p>\n<p data-start=\"704\" data-end=\"914\">Ide\u0101li piem\u0113rots tvaic\u0113t\u0101jiem, kuri v\u0113las arom\u0101tu daudzveid\u012bbu, lielu dvesienu skaitu un vieglu uzl\u0101di, <strong data-start=\"791\" data-end=\"827\">Spr\u0101dziens <a href=\"https:\/\/vapebulkp.com\/lv\/product-category\/20000-puffs-disposable-vape\/\">20000 d\u016bmu vienreiz\u0113j\u0101s lieto\u0161anas elektronisk\u0101 cigarete<\/a><\/strong> ir viens no visvair\u0101k p\u0101rdotajiem tirg\u016b, kas uzticams gan kvalit\u0101tes, gan stila zi\u0146\u0101.<\/p>\n<p><img decoding=\"async\" class=\"alignnone wp-image-2083\" src=\"http:\/\/vapebulkp.com\/wp-content\/uploads\/2024\/02\/Good-sale-vape-Bang-20000-puffs-Netherlands.jpg\" alt=\"Labs p\u0101rdo\u0161anas vienreiz\u0113j\u0101s lieto\u0161anas e-cigaretes Bang 20000 dvesmas Latvija\" width=\"402\" height=\"607\" srcset=\"https:\/\/vapebulkp.com\/wp-content\/uploads\/2024\/02\/Good-sale-vape-Bang-20000-puffs-Netherlands.jpg 1080w, https:\/\/vapebulkp.com\/wp-content\/uploads\/2024\/02\/Good-sale-vape-Bang-20000-puffs-Netherlands-199x300.jpg 199w, https:\/\/vapebulkp.com\/wp-content\/uploads\/2024\/02\/Good-sale-vape-Bang-20000-puffs-Netherlands-679x1024.jpg 679w, https:\/\/vapebulkp.com\/wp-content\/uploads\/2024\/02\/Good-sale-vape-Bang-20000-puffs-Netherlands-768x1158.jpg 768w, https:\/\/vapebulkp.com\/wp-content\/uploads\/2024\/02\/Good-sale-vape-Bang-20000-puffs-Netherlands-1018x1536.jpg 1018w, https:\/\/vapebulkp.com\/wp-content\/uploads\/2024\/02\/Good-sale-vape-Bang-20000-puffs-Netherlands-600x905.jpg 600w\" sizes=\"(max-width: 402px) 100vw, 402px\" \/><\/p>\n<p>&nbsp;<\/p>\n<h6>L\u016bdzu, sazinieties ar Mandijas WhatsApp, lai sa\u0146emtu atlaides cenu<a href=\"https:\/\/wa.me\/8618077105796\">+8618077105796<\/a><\/h6>\n<p><img decoding=\"async\" class=\"alignnone wp-image-2151\" src=\"http:\/\/vapebulkp.com\/wp-content\/uploads\/2024\/04\/Mandy-WhatsApp-Randm.jpg\" alt=\"Mandy WhatsApp Randi\" width=\"261\" height=\"277\" srcset=\"https:\/\/vapebulkp.com\/wp-content\/uploads\/2024\/04\/Mandy-WhatsApp-Randm.jpg 916w, https:\/\/vapebulkp.com\/wp-content\/uploads\/2024\/04\/Mandy-WhatsApp-Randm-282x300.jpg 282w, https:\/\/vapebulkp.com\/wp-content\/uploads\/2024\/04\/Mandy-WhatsApp-Randm-768x817.jpg 768w, https:\/\/vapebulkp.com\/wp-content\/uploads\/2024\/04\/Mandy-WhatsApp-Randm-600x638.jpg 600w\" sizes=\"(max-width: 261px) 100vw, 261px\" \/><\/p>\n<h3>Jums var\u0113tu noder\u0113t inform\u0101cija par Bang 20000Puffs vienreizlietojamo tvaic\u0113t\u0101ju:<\/h3>\n<h5>1. K\u0101 lietot Bang 20k Puffs tvaic\u0113t\u0101ja pildspalvu?<\/h5>\n<p>1. solis. Pirms 20k puffs lieto\u0161anas atvienojiet plastmasas cauruli.<\/p>\n<p>2. solis. Gaidiet apm\u0113ram 3 min\u016btes, lai \u0161\u0137idrums non\u0101ktu iek\u0161\u0113j\u0101 spol\u0113.<\/p>\n<p>3. solis. Izbaudiet to<\/p>\n<h5>2. K\u0100 UZL\u0100D\u0112T VIENREIZLIETOJAMO TVAIC\u0112T\u0100JU Bang 20k PUFFS IER\u012aCI?<\/h5>\n<p>\u0100tr\u0101s uzl\u0101des l\u0101d\u0113t\u0101jus nevar izmantot, un vienreiz\u0113j\u0101s lieto\u0161anas e-cigare\u0161u standarta dro\u0161\u0101 jauda ir 5V 1A.<\/p>\n<p>Katrs uzl\u0101des laiks nedr\u012bkst p\u0101rsniegt 1 stundu, un dro\u0161s uzl\u0101des laiks ir pusstunda.<\/p>\n<p><span style=\"color: #ff0000\">Pazi\u0146ojums: Neuzl\u0101d\u0113jiet visu nakti!<\/span><\/p>\n<h5>3. K\u0101ds ir Bang 20000 Puffs WAPE e-\u0161\u0137idruma tilpums?<\/h5>\n<p>25 ml<\/p>\n<h5>4. Cik dvesienus es varu uz\u0146emt no \u0161\u012b Bang 20000 Puffs?<\/h5>\n<p>\u2014\u201320k p\u016btieni<\/p>\n<h3>Vairumtirdzniec\u012bbas tvaic\u0113t\u0101js Bang 20000 Puffs vienreizlietojam\u0101 poda \u012bpa\u0161\u012bbas:<\/h3>\n<ul>\n<li>P\u016btieni: L\u012bdz 20000 p\u016btieniem<\/li>\n<li>\u00a0\u0160\u0137idrums: 25 ml iepriek\u0161 uzpild\u012bta e-\u0161\u0137idruma kasetne<\/li>\n<li>Nikot\u012bns: 2\/5%Nikot\u012bna s\u0101ls<\/li>\n<li>\u00a0Veidi: Vienreiz\u0113j\u0101s lieto\u0161anas<\/li>\n<li>\u00a0650 mAh akumulators<\/li>\n<li>\u00a0T\u012bkla spole<\/li>\n<li>\u00a0C tipa uzl\u0101d\u0113jams<\/li>\n<li>\u00a0Pieejami 16 arom\u0101ti<\/li>\n<\/ul>\n<p>&nbsp;<\/p>\n<h3><strong>K\u0101di ir lab\u0101kie Bang 20000 Puffs tvaic\u0113t\u0101ja arom\u0101ti?<\/strong><\/h3>\n<p>1. M\u0113tra<br \/>\n2. Zeme\u0146u li\u010d\u012b<br \/>\n3. Zeme\u0146u kivi<br \/>\n4. Zeme\u0146u arb\u016bzs<br \/>\n5. Red Bull<br \/>\n6.Jaukti aug\u013ci<br \/>\n7.Melle\u0146u ledus<br \/>\n8.Mellenes un avenes<br \/>\n9.Mellenes un arb\u016bzs<br \/>\n10.V\u012bnogu ledus<br \/>\n11.Persiku Ledus<br \/>\n12.Arb\u016bzu ledus<br \/>\n13.Ave\u0146u un arb\u016bzs<br \/>\n14.Zeme\u0146u un mango<br \/>\n15.Dubultais \u0101bols<br \/>\n16.Mango, persiku un arb\u016bzs<\/p>\n<p><a href=\"https:\/\/vapebulkp.com\/lv\/product\/popular-randm-tornado-7000puffs-disposable-vape-best-price\/\"><span style=\"vertical-align: inherit\">RandM Tornado 7000 dvesmas <\/span><\/a><\/p>\n<p><span style=\"vertical-align: inherit\">Atrast vair\u0101k produktu, kas jums var\u0113tu patikt:<\/span><em><a href=\"https:\/\/wa.me\/8618077105796\"><span style=\"vertical-align: inherit\">\u00a0Pirkt tagad<\/span><\/a><\/em><\/p>\n<p><span style=\"vertical-align: inherit\">Citas dvesmas, kas jums var\u0113tu patikt:<\/span><a href=\"https:\/\/vapebulkp.com\/lv\/product\/joymy-ultra15000puffs-best-disposable-vape-2023\/\"><span style=\"vertical-align: inherit\">JOYMY 15000 dvesmas<\/span><\/a><span style=\"vertical-align: inherit\">\u3001<\/span><a href=\"https:\/\/vapebulkp.com\/lv\/product\/wholesale-randm-tornado-9000-puffs-germany\/\"><span style=\"vertical-align: inherit\">RandM 9000 dvesmas<\/span><\/a><span style=\"vertical-align: inherit\">\/ <\/span><a href=\"https:\/\/vapebulkp.com\/lv\/product\/bang-king-12000puffs\/\"><span style=\"vertical-align: inherit\">Bang King 12000 dvesmas<\/span><\/a><span style=\"vertical-align: inherit\">\/ <\/span><a href=\"https:\/\/vapebulkp.com\/lv\/product\/wholesale-tornado-rum-bar-9000-puffs-sweden\/\"><span style=\"vertical-align: inherit\">Rumbar 9000 puffs<\/span><\/a><\/p>\n<p><span style=\"vertical-align: inherit\">\u012apa\u0161as formas e-cigare\u0161u pudele:<\/span><a href=\"https:\/\/vapebulkp.com\/lv\/product\/wholesale-kulx-8000-puffs-disposable-vape\/\"><span style=\"vertical-align: inherit\">\u00a0Kulx 8000 Dvesmas<\/span><\/a><span style=\"vertical-align: inherit\">\/ <\/span><a href=\"https:\/\/vapebulkp.com\/lv\/product\/popular-bang-king-10000-puffs-vape-good-price\/\"><span style=\"vertical-align: inherit\">\u00a0Bang King 10000 Dvesmas <\/span><\/a><span style=\"vertical-align: inherit\">\/<\/span><a href=\"https:\/\/vapebulkp.com\/lv\/product\/disposable-vape-crystal-600-puffs\/\"><span style=\"vertical-align: inherit\"> Crystal 600 Dvesmas<\/span><\/a><\/p>\n<h5>Ra\u017eo\u0161anas kvalifik\u0101cija:<\/h5>\n<p><img decoding=\"async\" class=\"alignnone size-full wp-image-1841\" src=\"http:\/\/vapebulkp.com\/wp-content\/uploads\/2023\/11\/Vape-production-process-2.jpeg\" alt=\"Vape ra\u017eo\u0161anas process\" width=\"650\" height=\"434\" srcset=\"https:\/\/vapebulkp.com\/wp-content\/uploads\/2023\/11\/Vape-production-process-2.jpeg 650w, https:\/\/vapebulkp.com\/wp-content\/uploads\/2023\/11\/Vape-production-process-2-300x200.jpeg 300w, https:\/\/vapebulkp.com\/wp-content\/uploads\/2023\/11\/Vape-production-process-2-600x401.jpeg 600w\" sizes=\"(max-width: 650px) 100vw, 650px\" \/><\/p>\n<p><img decoding=\"async\" class=\"alignnone size-full wp-image-1843\" src=\"http:\/\/vapebulkp.com\/wp-content\/uploads\/2023\/11\/Vape-production-process.jpeg\" alt=\"Vape ra\u017eo\u0161anas process\" width=\"641\" height=\"1026\" srcset=\"https:\/\/vapebulkp.com\/wp-content\/uploads\/2023\/11\/Vape-production-process.jpeg 641w, https:\/\/vapebulkp.com\/wp-content\/uploads\/2023\/11\/Vape-production-process-187x300.jpeg 187w, https:\/\/vapebulkp.com\/wp-content\/uploads\/2023\/11\/Vape-production-process-640x1024.jpeg 640w, https:\/\/vapebulkp.com\/wp-content\/uploads\/2023\/11\/Vape-production-process-600x960.jpeg 600w\" sizes=\"(max-width: 641px) 100vw, 641px\" \/><\/p>\n<h5>Bie\u017ei uzdotie jaut\u0101jumi:<\/h5>\n<p>J: K\u0101ds ir Bang 20000Puffs minim\u0101lais pas\u016bt\u012bjuma daudzums?<br \/>\nA: Minim\u0101lais pas\u016bt\u012bjums ir 100 gab.<br \/>\nJ: K\u0101ds ir pieg\u0101des laiks pas\u016bt\u012btajam vape?<br \/>\nA: Parasti tas ir 10-15 dienas p\u0113c izs\u016bt\u012b\u0161anas<br \/>\nJ: Cik maks\u0101 pieg\u0101des izmaksas?A: Pieg\u0101des izmaksas ir atkar\u012bgas no svara. Da\u017e\u0101diem daudzumiem ir at\u0161\u0137ir\u012bgas pieg\u0101des izmaksas, l\u016bdzu, sazinieties ar mums, lai apstiprin\u0101tu pieg\u0101des izmaksas.<\/p>\n<h4>Pieg\u0101des deta\u013cas:<\/h4>\n<p><span style=\"color: #ff6600\">Ra\u017eo\u0161anas laiks: 5-10 darba dienas<\/span><br \/>\n<span style=\"color: #ff6600\">Pieg\u0101des laiks: 8-14 darba dienas<\/span><\/p>\n<p>Visi produkti m\u016bsu veikal\u0101 ir 100% ori\u0123in\u0101li un autentiski, t\u0101p\u0113c desmitk\u0101rt\u012bga kompens\u0101cija par viltot\u0101m prec\u0113m ir m\u016bsu veikala politika. M\u0113s izmantojam t\u0101dus lo\u0123istikas kan\u0101lus k\u0101 UPS\/DHL\/FEDEX\/DPD, lai pieg\u0101d\u0101tu preces jums.<\/p>\n<p>Paci\u0146\u0101m, kas tiek s\u016bt\u012btas uz Latviju, parasti nepiecie\u0161amas 10 darba dienas, lai t\u0101s sa\u0146emtu. S\u016bt\u012bjumiem uz Eiropas valst\u012bm parasti nepiecie\u0161amas 12 l\u012bdz 15 darba dienas, lai t\u0101s sa\u0146emtu. M\u0113s atjaunin\u0101sim lo\u0123istikas inform\u0101ciju jums re\u0101llaik\u0101.<\/p>","protected":false},"excerpt":{"rendered":"<p>Nesen izlaistais Bang 20000 Puffs vienreizlietojamais tvaic\u0113t\u0101js, j\u016bs to esat peln\u012bju\u0161i.<\/p>\n<p><img decoding=\"async\" class=\"alignnone wp-image-2151\" src=\"http:\/\/vapebulkp.com\/wp-content\/uploads\/2024\/04\/Mandy-WhatsApp-Randm.jpg\" alt=\"Mandy WhatsApp Randi\" width=\"281\" height=\"299\" srcset=\"https:\/\/vapebulkp.com\/wp-content\/uploads\/2024\/04\/Mandy-WhatsApp-Randm.jpg 916w, https:\/\/vapebulkp.com\/wp-content\/uploads\/2024\/04\/Mandy-WhatsApp-Randm-282x300.jpg 282w, https:\/\/vapebulkp.com\/wp-content\/uploads\/2024\/04\/Mandy-WhatsApp-Randm-768x817.jpg 768w, https:\/\/vapebulkp.com\/wp-content\/uploads\/2024\/04\/Mandy-WhatsApp-Randm-600x638.jpg 600w\" sizes=\"(max-width: 281px) 100vw, 281px\" \/><\/p>\n<p>L\u016bdzu, sazinieties ar Mandijas WhatsApp, lai sa\u0146emtu atlaides cenu<a href=\"https:\/\/wa.me\/8618077105796\">+8618077105796<\/a><\/p>\n<p><span style=\"color: #ff0000\">PIEZ\u012aME: Cenas m\u016bsu t\u012bmek\u013ca vietn\u0113 neietver pieg\u0101des izmaksas<\/span><\/p>\n<p>&nbsp;<\/p>","protected":false},"featured_media":2080,"comment_status":"open","ping_status":"closed","template":"","meta":{"_uag_custom_page_level_css":"","_lmt_disableupdate":"no","_lmt_disable":"","site-sidebar-layout":"default","site-content-layout":"content-boxed-container","ast-site-content-layout":"normal-width-container","site-content-style":"boxed","site-sidebar-style":"unboxed","ast-global-header-display":"","ast-banner-title-visibility":"","ast-main-header-display":"","ast-hfb-above-header-display":"","ast-hfb-below-header-display":"","ast-hfb-mobile-header-display":"","site-post-title":"","ast-breadcrumbs-content":"","ast-featured-img":"","footer-sml-layout":"","theme-transparent-header-meta":"default","adv-header-id-meta":"","stick-header-meta":"","header-above-stick-meta":"","header-main-stick-meta":"","header-below-stick-meta":"","astra-migrate-meta-layouts":"set","_joinchat":[]},"product_cat":[162,153,345,155,33,59,100,34,158,157,154,152,58,84,156,63,32],"product_tag":[109,36,37,41,40],"class_list":["post-2077","product","type-product","status-publish","has-post-thumbnail","hentry","product_cat-20000-puffs-disposable-vape","product_cat-hot-disposable-vapes","product_cat-bang-vapes","product_cat-belgium-hot-disposable-vapes","product_cat-france-vape-hot-sale","product_cat-germany-hot-disposable-vape","product_cat-germany-wholesale-vape-shop","product_cat-netherlands-vape-good-sale","product_cat-norway-hot-disposable-vapes","product_cat-poland-hot-disposable-vapes","product_cat-portugal-hot-disposable-vapes","product_cat-spain-hot-disposable-vapes","product_cat-sweden-hot-disposable-vape","product_cat-sweden-wholesale-vape","product_cat-switzerland-hot-disposable-vapes","product_cat-top-sale-disposable-vape","product_cat-vape-hot-sale-this-week","product_tag-20000-puffs","product_tag-good-vape","product_tag-hot-sale-disposable-vape","product_tag-poland-hot-vape","product_tag-sweden-hot-vape","pa_brand-bang-king-vape","desktop-align-left","tablet-align-left","mobile-align-left"],"yoast_head":"<!-- This site is optimized with the Yoast SEO plugin v21.1 - https:\/\/yoast.com\/wordpress\/plugins\/seo\/ -->\n<title>Bang 20000 Puffs Hot Vape Top Sale Vape - vapebulkp.com<\/title>\n<meta name=\"description\" content=\"Shop the Bang 20000 Puffs Disposable Vape with 25ml e-liquid, 16 flavors, and smart battery display. Long-lasting 20000 Puffs Vape \u2014 order now with fast shipping!\" \/>\n<meta name=\"robots\" content=\"index, follow, max-snippet:-1, max-image-preview:large, max-video-preview:-1\" \/>\n<link rel=\"canonical\" href=\"https:\/\/vapebulkp.com\/lv\/product\/bang-20000-puffs-hot-vape-top-sale-vape\/\" \/>\n<meta property=\"og:locale\" content=\"lv_LV\" \/>\n<meta property=\"og:type\" content=\"article\" \/>\n<meta property=\"og:title\" content=\"Bang 20000 Puffs Hot Vape Top Sale Vape - vapebulkp.com\" \/>\n<meta property=\"og:description\" content=\"Shop the Bang 20000 Puffs Disposable Vape with 25ml e-liquid, 16 flavors, and smart battery display. Long-lasting 20000 Puffs Vape \u2014 order now with fast shipping!\" \/>\n<meta property=\"og:url\" content=\"https:\/\/vapebulkp.com\/lv\/product\/bang-20000-puffs-hot-vape-top-sale-vape\/\" \/>\n<meta property=\"og:site_name\" content=\"vapebulkp.com\" \/>\n<meta property=\"article:modified_time\" content=\"2025-09-24T03:17:06+00:00\" \/>\n<meta property=\"og:image\" content=\"http:\/\/vapebulkp.com\/wp-content\/uploads\/2024\/02\/Good-sale-vape-Bang-20000-puffs.jpg\" \/>\n\t<meta property=\"og:image:width\" content=\"1080\" \/>\n\t<meta property=\"og:image:height\" content=\"1341\" \/>\n\t<meta property=\"og:image:type\" content=\"image\/jpeg\" \/>\n<meta name=\"twitter:card\" content=\"summary_large_image\" \/>\n<meta name=\"twitter:label1\" content=\"Est. reading time\" \/>\n\t<meta name=\"twitter:data1\" content=\"4 min\u016btes\" \/>\n<script type=\"application\/ld+json\" class=\"yoast-schema-graph\">{\"@context\":\"https:\/\/schema.org\",\"@graph\":[{\"@type\":\"WebPage\",\"@id\":\"https:\/\/vapebulkp.com\/product\/bang-20000-puffs-hot-vape-top-sale-vape\/\",\"url\":\"https:\/\/vapebulkp.com\/product\/bang-20000-puffs-hot-vape-top-sale-vape\/\",\"name\":\"Bang 20000 Puffs Hot Vape Top Sale Vape - vapebulkp.com\",\"isPartOf\":{\"@id\":\"https:\/\/vapebulkp.com\/#website\"},\"datePublished\":\"2024-02-26T07:15:03+00:00\",\"dateModified\":\"2025-09-24T03:17:06+00:00\",\"description\":\"Shop the Bang 20000 Puffs Disposable Vape with 25ml e-liquid, 16 flavors, and smart battery display. Long-lasting 20000 Puffs Vape \u2014 order now with fast shipping!\",\"breadcrumb\":{\"@id\":\"https:\/\/vapebulkp.com\/product\/bang-20000-puffs-hot-vape-top-sale-vape\/#breadcrumb\"},\"inLanguage\":\"lv-LV\",\"potentialAction\":[{\"@type\":\"ReadAction\",\"target\":[\"https:\/\/vapebulkp.com\/product\/bang-20000-puffs-hot-vape-top-sale-vape\/\"]}]},{\"@type\":\"BreadcrumbList\",\"@id\":\"https:\/\/vapebulkp.com\/product\/bang-20000-puffs-hot-vape-top-sale-vape\/#breadcrumb\",\"itemListElement\":[{\"@type\":\"ListItem\",\"position\":1,\"name\":\"Home\",\"item\":\"https:\/\/vapebulkp.com\/\"},{\"@type\":\"ListItem\",\"position\":2,\"name\":\"Hot Trend Vapes\",\"item\":\"https:\/\/vapebulkp.com\/vape-shop\/\"},{\"@type\":\"ListItem\",\"position\":3,\"name\":\"Bang 20000 Puffs Hot Vape Top Sale Vape\"}]},{\"@type\":\"WebSite\",\"@id\":\"https:\/\/vapebulkp.com\/#website\",\"url\":\"https:\/\/vapebulkp.com\/\",\"name\":\"vapebulkp.com\",\"description\":\"Buy Vape In Cheap Bulk Price Near you\",\"publisher\":{\"@id\":\"https:\/\/vapebulkp.com\/#organization\"},\"potentialAction\":[{\"@type\":\"SearchAction\",\"target\":{\"@type\":\"EntryPoint\",\"urlTemplate\":\"https:\/\/vapebulkp.com\/?s={search_term_string}\"},\"query-input\":\"required name=search_term_string\"}],\"inLanguage\":\"lv-LV\"},{\"@type\":\"Organization\",\"@id\":\"https:\/\/vapebulkp.com\/#organization\",\"name\":\"vapebulkp.com\",\"url\":\"https:\/\/vapebulkp.com\/\",\"logo\":{\"@type\":\"ImageObject\",\"inLanguage\":\"lv-LV\",\"@id\":\"https:\/\/vapebulkp.com\/#\/schema\/logo\/image\/\",\"url\":\"https:\/\/vapebulkp.com\/wp-content\/uploads\/2023\/09\/cropped-vapebulkp.png\",\"contentUrl\":\"https:\/\/vapebulkp.com\/wp-content\/uploads\/2023\/09\/cropped-vapebulkp.png\",\"width\":516,\"height\":163,\"caption\":\"vapebulkp.com\"},\"image\":{\"@id\":\"https:\/\/vapebulkp.com\/#\/schema\/logo\/image\/\"}}]}<\/script>\n<!-- \/ Yoast SEO plugin. -->","yoast_head_json":{"title":"Bang 20000 Puffs Hot Vape Top Sale Vape - vapebulkp.com","description":"Shop the Bang 20000 Puffs Disposable Vape with 25ml e-liquid, 16 flavors, and smart battery display. Long-lasting 20000 Puffs Vape \u2014 order now with fast shipping!","robots":{"index":"index","follow":"follow","max-snippet":"max-snippet:-1","max-image-preview":"max-image-preview:large","max-video-preview":"max-video-preview:-1"},"canonical":"https:\/\/vapebulkp.com\/lv\/product\/bang-20000-puffs-hot-vape-top-sale-vape\/","og_locale":"lv_LV","og_type":"article","og_title":"Bang 20000 Puffs Hot Vape Top Sale Vape - vapebulkp.com","og_description":"Shop the Bang 20000 Puffs Disposable Vape with 25ml e-liquid, 16 flavors, and smart battery display. Long-lasting 20000 Puffs Vape \u2014 order now with fast shipping!","og_url":"https:\/\/vapebulkp.com\/lv\/product\/bang-20000-puffs-hot-vape-top-sale-vape\/","og_site_name":"vapebulkp.com","article_modified_time":"2025-09-24T03:17:06+00:00","og_image":[{"width":1080,"height":1341,"url":"http:\/\/vapebulkp.com\/wp-content\/uploads\/2024\/02\/Good-sale-vape-Bang-20000-puffs.jpg","type":"image\/jpeg"}],"twitter_card":"summary_large_image","twitter_misc":{"Est. reading time":"4 min\u016btes"},"schema":{"@context":"https:\/\/schema.org","@graph":[{"@type":"WebPage","@id":"https:\/\/vapebulkp.com\/product\/bang-20000-puffs-hot-vape-top-sale-vape\/","url":"https:\/\/vapebulkp.com\/product\/bang-20000-puffs-hot-vape-top-sale-vape\/","name":"Bang 20000 Puffs Hot Vape Top Sale Vape - vapebulkp.com","isPartOf":{"@id":"https:\/\/vapebulkp.com\/#website"},"datePublished":"2024-02-26T07:15:03+00:00","dateModified":"2025-09-24T03:17:06+00:00","description":"Shop the Bang 20000 Puffs Disposable Vape with 25ml e-liquid, 16 flavors, and smart battery display. Long-lasting 20000 Puffs Vape \u2014 order now with fast shipping!","breadcrumb":{"@id":"https:\/\/vapebulkp.com\/product\/bang-20000-puffs-hot-vape-top-sale-vape\/#breadcrumb"},"inLanguage":"lv-LV","potentialAction":[{"@type":"ReadAction","target":["https:\/\/vapebulkp.com\/product\/bang-20000-puffs-hot-vape-top-sale-vape\/"]}]},{"@type":"BreadcrumbList","@id":"https:\/\/vapebulkp.com\/product\/bang-20000-puffs-hot-vape-top-sale-vape\/#breadcrumb","itemListElement":[{"@type":"ListItem","position":1,"name":"Home","item":"https:\/\/vapebulkp.com\/"},{"@type":"ListItem","position":2,"name":"Hot Trend Vapes","item":"https:\/\/vapebulkp.com\/vape-shop\/"},{"@type":"ListItem","position":3,"name":"Bang 20000 Puffs Hot Vape Top Sale Vape"}]},{"@type":"WebSite","@id":"https:\/\/vapebulkp.com\/#website","url":"https:\/\/vapebulkp.com\/","name":"vapebulkp.com","description":"Buy Vape In Cheap Bulk Price Near you","publisher":{"@id":"https:\/\/vapebulkp.com\/#organization"},"potentialAction":[{"@type":"SearchAction","target":{"@type":"EntryPoint","urlTemplate":"https:\/\/vapebulkp.com\/?s={search_term_string}"},"query-input":"required name=search_term_string"}],"inLanguage":"lv-LV"},{"@type":"Organization","@id":"https:\/\/vapebulkp.com\/#organization","name":"vapebulkp.com","url":"https:\/\/vapebulkp.com\/","logo":{"@type":"ImageObject","inLanguage":"lv-LV","@id":"https:\/\/vapebulkp.com\/#\/schema\/logo\/image\/","url":"https:\/\/vapebulkp.com\/wp-content\/uploads\/2023\/09\/cropped-vapebulkp.png","contentUrl":"https:\/\/vapebulkp.com\/wp-content\/uploads\/2023\/09\/cropped-vapebulkp.png","width":516,"height":163,"caption":"vapebulkp.com"},"image":{"@id":"https:\/\/vapebulkp.com\/#\/schema\/logo\/image\/"}}]}},"uagb_featured_image_src":{"full":["https:\/\/vapebulkp.com\/wp-content\/uploads\/2024\/02\/Good-sale-vape-Bang-20000-puffs.jpg",1080,1341,false],"thumbnail":["https:\/\/vapebulkp.com\/wp-content\/uploads\/2024\/02\/Good-sale-vape-Bang-20000-puffs-150x150.jpg",150,150,true],"medium":["https:\/\/vapebulkp.com\/wp-content\/uploads\/2024\/02\/Good-sale-vape-Bang-20000-puffs-242x300.jpg",242,300,true],"medium_large":["https:\/\/vapebulkp.com\/wp-content\/uploads\/2024\/02\/Good-sale-vape-Bang-20000-puffs-768x954.jpg",768,954,true],"large":["https:\/\/vapebulkp.com\/wp-content\/uploads\/2024\/02\/Good-sale-vape-Bang-20000-puffs-825x1024.jpg",825,1024,true],"1536x1536":["https:\/\/vapebulkp.com\/wp-content\/uploads\/2024\/02\/Good-sale-vape-Bang-20000-puffs.jpg",1080,1341,false],"2048x2048":["https:\/\/vapebulkp.com\/wp-content\/uploads\/2024\/02\/Good-sale-vape-Bang-20000-puffs.jpg",1080,1341,false],"trp-custom-language-flag":["https:\/\/vapebulkp.com\/wp-content\/uploads\/2024\/02\/Good-sale-vape-Bang-20000-puffs.jpg",10,12,false],"woocommerce_thumbnail":["https:\/\/vapebulkp.com\/wp-content\/uploads\/2024\/02\/Good-sale-vape-Bang-20000-puffs-300x300.jpg",300,300,true],"woocommerce_single":["https:\/\/vapebulkp.com\/wp-content\/uploads\/2024\/02\/Good-sale-vape-Bang-20000-puffs-600x745.jpg",600,745,true],"woocommerce_gallery_thumbnail":["https:\/\/vapebulkp.com\/wp-content\/uploads\/2024\/02\/Good-sale-vape-Bang-20000-puffs-100x100.jpg",100,100,true],"wcpr-photo-reviews":["https:\/\/vapebulkp.com\/wp-content\/uploads\/2024\/02\/Good-sale-vape-Bang-20000-puffs.jpg",403,500,false]},"uagb_author_info":{"display_name":"Mandy vape bulk price","author_link":"https:\/\/vapebulkp.com\/lv\/author\/"},"uagb_comment_info":3,"uagb_excerpt":"The newly launched Bang 20000 Puffs Disposable Vape, you deserve it. Pls Contact Mandy's WhatsApp For Discount Price+8618077105796 NOTE: Prices on our website does not include shipping costs &nbsp;","_links":{"self":[{"href":"https:\/\/vapebulkp.com\/lv\/wp-json\/wp\/v2\/product\/2077","targetHints":{"allow":["GET"]}}],"collection":[{"href":"https:\/\/vapebulkp.com\/lv\/wp-json\/wp\/v2\/product"}],"about":[{"href":"https:\/\/vapebulkp.com\/lv\/wp-json\/wp\/v2\/types\/product"}],"replies":[{"embeddable":true,"href":"https:\/\/vapebulkp.com\/lv\/wp-json\/wp\/v2\/comments?post=2077"}],"wp:featuredmedia":[{"embeddable":true,"href":"https:\/\/vapebulkp.com\/lv\/wp-json\/wp\/v2\/media\/2080"}],"wp:attachment":[{"href":"https:\/\/vapebulkp.com\/lv\/wp-json\/wp\/v2\/media?parent=2077"}],"wp:term":[{"taxonomy":"product_cat","embeddable":true,"href":"https:\/\/vapebulkp.com\/lv\/wp-json\/wp\/v2\/product_cat?post=2077"},{"taxonomy":"product_tag","embeddable":true,"href":"https:\/\/vapebulkp.com\/lv\/wp-json\/wp\/v2\/product_tag?post=2077"}],"curies":[{"name":"wp","href":"https:\/\/api.w.org\/{rel}","templated":true}]}}