{"id":2147,"date":"2024-04-03T05:07:44","date_gmt":"2024-04-03T03:07:44","guid":{"rendered":"https:\/\/vapebulkp.com\/?post_type=product&#038;p=2147"},"modified":"2025-09-24T05:49:03","modified_gmt":"2025-09-24T03:49:03","slug":"wholesale-price-randm-15k-waspe-15000-puffs-best-vape","status":"publish","type":"product","link":"https:\/\/vapebulkp.com\/lv\/product\/wholesale-price-randm-15k-waspe-15000-puffs-best-vape\/","title":{"rendered":"Vairumtirdzniec\u012bbas cena Randm 15k WASPE 15000 Puffs Lab\u0101kais Vape"},"content":{"rendered":"<h1>Vairumtirdzniec\u012bbas cena Randm 15k WASPE 15000 Puffs Lab\u0101kais Vape<\/h1>\n<p>&nbsp;<\/p>\n<p data-start=\"331\" data-end=\"626\">Tas <strong data-start=\"335\" data-end=\"356\">WASPE 15000 p\u016btieni<\/strong> ir premium <a href=\"https:\/\/vapebulkp.com\/lv\/product-category\/15000-puffs-disposable-vape\/\"><strong data-start=\"370\" data-end=\"401\">15000 d\u016bmu vienreiz\u0113j\u0101s lieto\u0161anas elektronisk\u0101 cigarete<\/strong><\/a> rad\u012bts jauniem v\u012brie\u0161iem no Eiropas, kuri mekl\u0113 augstas veiktsp\u0113jas tvaic\u0113\u0161anas ier\u012bci. Ar 850mAh uzl\u0101d\u0113jamu akumulatoru un modernu <strong data-start=\"519\" data-end=\"543\">t\u012bkla spoles tehnolo\u0123iju<\/strong>, tas nodro\u0161ina biezas d\u016bmu str\u016bklas, bag\u0101t\u012bgu gar\u0161u un maigu vilkmi l\u012bdz pat 15 000 uzvilkumiem.<\/p>\n<p data-start=\"628\" data-end=\"941\">\u0160is <strong data-start=\"633\" data-end=\"666\">liela ietilp\u012bba vienreizlietojam\u0101 vape<\/strong> ir pieejams 12 meistar\u012bgi izstr\u0101d\u0101t\u0101s gar\u0161\u0101s un ar 2% vai 5% nikot\u012bna s\u0101ls iesp\u0113j\u0101m, nodro\u0161inot pat\u012bkamu saj\u016btu r\u012bkl\u0113 un ilgsto\u0161as tvaic\u0113\u0161anas sesijas. Kompakts, stil\u012bgs un iztur\u012bgs, karst\u0101 p\u0101rdo\u0161anas vape <strong data-start=\"843\" data-end=\"864\">WASPE 15000 p\u016btieni<\/strong> ir ide\u0101li piem\u0113rots ikdienas lieto\u0161anai, soci\u0101l\u0101m pulc\u0113\u0161an\u0101s reiz\u0113m vai <strong data-start=\"913\" data-end=\"938\">vairumtirdzniec\u012bbas vape pas\u016bt\u012bjumiem<\/strong>.<\/p>\n<p data-start=\"943\" data-end=\"1216\">Izstr\u0101d\u0101ts \u0113rt\u012bbai, \u0161im <strong data-start=\"974\" data-end=\"1006\">uzl\u0101d\u0113jamais vienreizlietojamais vape<\/strong> atbalsta dro\u0161u uzl\u0101di un uzticamu veiktsp\u0113ju. Pieg\u0101d\u0101ts no \u0136\u012bnas vai ES noliktav\u0101m <strong data-start=\"1087\" data-end=\"1104\">\u0101trai pieg\u0101dei<\/strong>, tas ir ide\u0101la izv\u0113le lielapjoma pirc\u0113jiem un tvaic\u0113\u0161anas entuziastiem, kas mekl\u0113 konsekventas, augst\u0101k\u0101s kvalit\u0101tes ier\u012bces.<\/p>\n<h6 style=\"text-align: left\"><img decoding=\"async\" class=\"alignnone wp-image-2128\" src=\"http:\/\/vapebulkp.com\/wp-content\/uploads\/2024\/04\/WASPE-TORNADO-PUFF-15000-PUFFS-WHOLESALE-PRICE.jpg\" alt=\"WASPE TORNADO DVESMA 15000 DVESMU VAIRUMTIRDZNIEC\u012aBAS CENA\" width=\"550\" height=\"748\" srcset=\"https:\/\/vapebulkp.com\/wp-content\/uploads\/2024\/04\/WASPE-TORNADO-PUFF-15000-PUFFS-WHOLESALE-PRICE.jpg 1409w, https:\/\/vapebulkp.com\/wp-content\/uploads\/2024\/04\/WASPE-TORNADO-PUFF-15000-PUFFS-WHOLESALE-PRICE-221x300.jpg 221w, https:\/\/vapebulkp.com\/wp-content\/uploads\/2024\/04\/WASPE-TORNADO-PUFF-15000-PUFFS-WHOLESALE-PRICE-753x1024.jpg 753w, https:\/\/vapebulkp.com\/wp-content\/uploads\/2024\/04\/WASPE-TORNADO-PUFF-15000-PUFFS-WHOLESALE-PRICE-768x1044.jpg 768w, https:\/\/vapebulkp.com\/wp-content\/uploads\/2024\/04\/WASPE-TORNADO-PUFF-15000-PUFFS-WHOLESALE-PRICE-1130x1536.jpg 1130w, https:\/\/vapebulkp.com\/wp-content\/uploads\/2024\/04\/WASPE-TORNADO-PUFF-15000-PUFFS-WHOLESALE-PRICE-600x816.jpg 600w\" sizes=\"(max-width: 550px) 100vw, 550px\" \/><\/h6>\n<h6>L\u016bdzu, sazinieties ar Mandijas WhatsApp, lai sa\u0146emtu atlaides cenu<a href=\"https:\/\/wa.me\/8618077105796\">+8618077105796<\/a><\/h6>\n<p><img decoding=\"async\" class=\"alignnone wp-image-2151\" src=\"http:\/\/vapebulkp.com\/wp-content\/uploads\/2024\/04\/Mandy-WhatsApp-Randm.jpg\" alt=\"Mandy WhatsApp Randi\" width=\"422\" height=\"449\" srcset=\"https:\/\/vapebulkp.com\/wp-content\/uploads\/2024\/04\/Mandy-WhatsApp-Randm.jpg 916w, https:\/\/vapebulkp.com\/wp-content\/uploads\/2024\/04\/Mandy-WhatsApp-Randm-282x300.jpg 282w, https:\/\/vapebulkp.com\/wp-content\/uploads\/2024\/04\/Mandy-WhatsApp-Randm-768x817.jpg 768w, https:\/\/vapebulkp.com\/wp-content\/uploads\/2024\/04\/Mandy-WhatsApp-Randm-600x638.jpg 600w\" sizes=\"(max-width: 422px) 100vw, 422px\" \/><\/p>\n<h2><span style=\"vertical-align: inherit\">Dom\u0101j\u0101m, ka var\u0113tu b\u016bt noder\u012bga inform\u0101cija par WASPE 15000Puffs vienreizlietojamo VAPE:<\/span><\/h2>\n<p>&nbsp;<\/p>\n<h4 class=\"style-scope ytd-watch-metadata\">1. K\u0101 lietot WASPE 15000 Puffs Vape pildspalvu?<\/h4>\n<p>&nbsp;<\/p>\n<p>Pirmk\u0101rt: Pirms 15k uzvilkumu lieto\u0161anas, izvelciet plastmasas cauruli.<\/p>\n<p>Otrk\u0101rt: Pagaidiet apm\u0113ram 3 min\u016btes, \u013caujot \u0161\u0137idrumam iek\u013c\u016bt spol\u0113.<\/p>\n<p>Tre\u0161k\u0101rt: Izbaudiet to<\/p>\n<h6>2. K\u0101 uzl\u0101d\u0113t vienreizlietojamo vape WASPE 15000 puffs ier\u012bci?<\/h6>\n<p>\u0100tr\u0101s uzl\u0101des l\u0101d\u0113t\u0101jus nevar izmantot, un vienreiz\u0113j\u0101s lieto\u0161anas e-cigare\u0161u standarta dro\u0161\u0101 jauda ir 5V 1A.<\/p>\n<p>Katrs uzl\u0101des laiks nedr\u012bkst p\u0101rsniegt 1 stundu, un dro\u0161s uzl\u0101des laiks ir pusstunda.<\/p>\n<h6>3. Cik uzvilkumu ir WASPE 15k Puffs?<\/h6>\n<p>\u2014-15000 p\u016btieni<\/p>\n<p><span style=\"color: #ff6600\">Pazi\u0146ojums: Neuzl\u0101d\u0113jiet visu nakti!<\/span><\/p>\n<p>&nbsp;<\/p>\n<h3><strong><span style=\"vertical-align: inherit\">Specifik\u0101cija Vape vairumtirdzniec\u012bbai WASPE 15000Puffs Vapes:<\/span><br \/>\n<\/strong><\/h3>\n<p>Akumulators: 850mAh (Type C)<br \/>\nIetilp\u012bba: 22ml<br \/>\nSpole: 0,8 omu sieta<br \/>\nAptuvenais s\u016bk\u0161anas tilpums: 15000 p\u016btieni<br \/>\nNikot\u012bna stiprums: 2%,5%<br \/>\nMOQ: 100 gab<\/p>\n<h3><strong>K\u0101das ir lab\u0101k\u0101s Vape WASPE 15k puffs gar\u0161as?<\/strong><\/h3>\n<p>1. Arb\u016bzu ledus<br \/>\n2.Zeme\u0146u Arb\u016bzs<br \/>\n3.Apels\u012bnu soda<br \/>\n4.Dubult\u0101 \u0101bols<br \/>\n5.Zeme\u0146u kivi<br \/>\n6.\u0136ir\u0161u ledus<br \/>\n7.Alvejas v\u012bnoga<br \/>\n8.Jaukt\u0101s ogas<br \/>\n9.Melle\u0146u ledus<br \/>\n10.Zeme\u0146u mango<br \/>\n11.Zilais avenes citrons<br \/>\n12.Persiku ledus<\/p>\n<p><a href=\"https:\/\/vapebulkp.com\/lv\/product\/popular-randm-tornado-7000puffs-disposable-vape-best-price\/\">https:\/\/vapebulkp.com\/product\/popular-randm-tornado-7000puffs-disposable-vape-best-price\/<\/a><\/p>\n<p><span style=\"vertical-align: inherit\">Atrast vair\u0101k produktu, kas jums var\u0113tu patikt:<\/span><em><a href=\"https:\/\/wa.me\/8618077105796\"><span style=\"vertical-align: inherit\">\u00a0Pirkt tagad<\/span><\/a><\/em><\/p>\n<p><span style=\"vertical-align: inherit\">Citas dvesmas, kas jums var\u0113tu patikt:<\/span><a href=\"https:\/\/vapebulkp.com\/lv\/product\/good-sale-randm-tornado-10000-puffs-plus\/\"><span style=\"vertical-align: inherit\">RandM 10000Dvesmas<\/span><\/a><span style=\"vertical-align: inherit\">\u3001 <\/span><a href=\"https:\/\/vapebulkp.com\/lv\/product\/wholesale-randm-tornado-9000-puffs-germany\/\"><span style=\"vertical-align: inherit\">RandM Tornado 9000 Dvesmas<\/span><\/a><span style=\"vertical-align: inherit\">\/ <\/span><a href=\"https:\/\/vapebulkp.com\/lv\/product\/best-price-vape-randm-15000-puffs-good-vape\/\"><span style=\"vertical-align: inherit\">Randm 15000 dvesieni<\/span><\/a><span style=\"vertical-align: inherit\">\/ <\/span><a href=\"https:\/\/vapebulkp.com\/lv\/product\/bang-king-12000puffs\/\"><span style=\"vertical-align: inherit\">Bang King 12000 dvesmas<\/span><\/a><\/p>\n<p><span style=\"vertical-align: inherit\">\u012apa\u0161as formas e-cigare\u0161u pudele:<\/span><a href=\"https:\/\/vapebulkp.com\/lv\/product\/original-vape-bang-tn-12000-puffs-bang-vape\/\"><span style=\"vertical-align: inherit\">Bang TN 12000 dvesmas <\/span><\/a><span style=\"vertical-align: inherit\">\/ <\/span><a href=\"https:\/\/vapebulkp.com\/lv\/product\/bang-20000-puffs-hot-vape-top-sale-vape\/\"><span style=\"vertical-align: inherit\">Bang 20000 dvesmas <\/span><\/a><span style=\"vertical-align: inherit\">\/<\/span><a href=\"https:\/\/vapebulkp.com\/lv\/product\/bang-with-a-vape-18000-puffs-crown-bar-hot-vape\/\"><span style=\"vertical-align: inherit\">Bang Ar vape 18000 dvesm\u0101m<\/span><\/a><\/p>\n<h4>Pieg\u0101des deta\u013cas:<\/h4>\n<p><span style=\"color: #ff6600\">Ra\u017eo\u0161anas laiks: 5-10 darba dienas<\/span><br \/>\n<span style=\"color: #ff6600\">Pieg\u0101des laiks: 8-14 darba dienas<\/span><\/p>\n<p>Visi produkti m\u016bsu veikal\u0101 ir 100% ori\u0123in\u0101li un autentiski, t\u0101p\u0113c desmitk\u0101rt\u012bga kompens\u0101cija par viltot\u0101m prec\u0113m ir m\u016bsu veikala politika. M\u0113s izmantojam t\u0101dus lo\u0123istikas kan\u0101lus k\u0101 UPS\/DHL\/FEDEX\/DPD, lai pieg\u0101d\u0101tu preces jums.<\/p>\n<p>Paci\u0146\u0101m, kas tiek s\u016bt\u012btas uz Latviju, parasti nepiecie\u0161amas 10 darba dienas, lai t\u0101s sa\u0146emtu. S\u016bt\u012bjumiem uz Eiropas valst\u012bm parasti nepiecie\u0161amas 12 l\u012bdz 15 darba dienas, lai t\u0101s sa\u0146emtu. M\u0113s atjaunin\u0101sim lo\u0123istikas inform\u0101ciju jums re\u0101llaik\u0101.<\/p>","protected":false},"excerpt":{"rendered":"<p>. <img decoding=\"async\" class=\"alignnone wp-image-2151\" src=\"http:\/\/vapebulkp.com\/wp-content\/uploads\/2024\/04\/Mandy-WhatsApp-Randm.jpg\" alt=\"Mandy WhatsApp Randi\" width=\"269\" height=\"286\" srcset=\"https:\/\/vapebulkp.com\/wp-content\/uploads\/2024\/04\/Mandy-WhatsApp-Randm.jpg 916w, https:\/\/vapebulkp.com\/wp-content\/uploads\/2024\/04\/Mandy-WhatsApp-Randm-282x300.jpg 282w, https:\/\/vapebulkp.com\/wp-content\/uploads\/2024\/04\/Mandy-WhatsApp-Randm-768x817.jpg 768w, https:\/\/vapebulkp.com\/wp-content\/uploads\/2024\/04\/Mandy-WhatsApp-Randm-600x638.jpg 600w\" sizes=\"(max-width: 269px) 100vw, 269px\" \/><\/p>\n<p>L\u016bdzu, sazinieties ar Mandijas WhatsApp, lai sa\u0146emtu atlaides cenu<a href=\"https:\/\/wa.me\/8618077105796\">+8618077105796<\/a><\/p>\n<p><span style=\"color: #ff0000\">PIEZ\u012aME: Cenas m\u016bsu t\u012bmek\u013ca vietn\u0113 neietver pieg\u0101des izmaksas<\/span><\/p>","protected":false},"featured_media":2126,"comment_status":"open","ping_status":"closed","template":"","meta":{"_uag_custom_page_level_css":"","_lmt_disableupdate":"no","_lmt_disable":"","site-sidebar-layout":"default","site-content-layout":"content-boxed-container","ast-site-content-layout":"normal-width-container","site-content-style":"boxed","site-sidebar-style":"unboxed","ast-global-header-display":"","ast-banner-title-visibility":"","ast-main-header-display":"","ast-hfb-above-header-display":"","ast-hfb-below-header-display":"","ast-hfb-mobile-header-display":"","site-post-title":"","ast-breadcrumbs-content":"","ast-featured-img":"","footer-sml-layout":"","theme-transparent-header-meta":"default","adv-header-id-meta":"","stick-header-meta":"","header-above-stick-meta":"","header-main-stick-meta":"","header-below-stick-meta":"","astra-migrate-meta-layouts":"set","_joinchat":[]},"product_cat":[165,153,155,33,59,100,34,158,157,154,152,58,84,156,63,32,365],"product_tag":[77,36,37,41,71,40],"class_list":["post-2147","product","type-product","status-publish","has-post-thumbnail","hentry","product_cat-15000-puffs-disposable-vape","product_cat-hot-disposable-vapes","product_cat-belgium-hot-disposable-vapes","product_cat-france-vape-hot-sale","product_cat-germany-hot-disposable-vape","product_cat-germany-wholesale-vape-shop","product_cat-netherlands-vape-good-sale","product_cat-norway-hot-disposable-vapes","product_cat-poland-hot-disposable-vapes","product_cat-portugal-hot-disposable-vapes","product_cat-spain-hot-disposable-vapes","product_cat-sweden-hot-disposable-vape","product_cat-sweden-wholesale-vape","product_cat-switzerland-hot-disposable-vapes","product_cat-top-sale-disposable-vape","product_cat-vape-hot-sale-this-week","product_cat-waspe-vape","product_tag-15000-puffs","product_tag-good-vape","product_tag-hot-sale-disposable-vape","product_tag-poland-hot-vape","product_tag-randm","product_tag-sweden-hot-vape","pa_brand-waspe-vape","desktop-align-left","tablet-align-left","mobile-align-left"],"yoast_head":"<!-- This site is optimized with the Yoast SEO plugin v21.1 - https:\/\/yoast.com\/wordpress\/plugins\/seo\/ -->\n<title>Wholesale Price Randm 15k WASPE 15000 Puffs Best Vape - vapebulkp.com<\/title>\n<meta name=\"description\" content=\"Buy Popular Vape WASPE 15000 Puffs Disposable vape is our recent best-selling product, with unique taste buds for you to choose .\" \/>\n<meta name=\"robots\" content=\"index, follow, max-snippet:-1, max-image-preview:large, max-video-preview:-1\" \/>\n<link rel=\"canonical\" href=\"https:\/\/vapebulkp.com\/lv\/product\/wholesale-price-randm-15k-waspe-15000-puffs-best-vape\/\" \/>\n<meta property=\"og:locale\" content=\"lv_LV\" \/>\n<meta property=\"og:type\" content=\"article\" \/>\n<meta property=\"og:title\" content=\"Wholesale Price Randm 15k WASPE 15000 Puffs Best Vape - vapebulkp.com\" \/>\n<meta property=\"og:description\" content=\"Buy Popular Vape WASPE 15000 Puffs Disposable vape is our recent best-selling product, with unique taste buds for you to choose .\" \/>\n<meta property=\"og:url\" content=\"https:\/\/vapebulkp.com\/lv\/product\/wholesale-price-randm-15k-waspe-15000-puffs-best-vape\/\" \/>\n<meta property=\"og:site_name\" content=\"vapebulkp.com\" \/>\n<meta property=\"article:modified_time\" content=\"2025-09-24T03:49:03+00:00\" \/>\n<meta property=\"og:image\" content=\"http:\/\/vapebulkp.com\/wp-content\/uploads\/2024\/04\/WASPE-TORNADO-PUFF-15000-PUFF-BULK-PRICE.jpg\" \/>\n\t<meta property=\"og:image:width\" content=\"2000\" \/>\n\t<meta property=\"og:image:height\" content=\"937\" \/>\n\t<meta property=\"og:image:type\" content=\"image\/jpeg\" \/>\n<meta name=\"twitter:card\" content=\"summary_large_image\" \/>\n<meta name=\"twitter:label1\" content=\"Est. reading time\" \/>\n\t<meta name=\"twitter:data1\" content=\"3 min\u016btes\" \/>\n<script type=\"application\/ld+json\" class=\"yoast-schema-graph\">{\"@context\":\"https:\/\/schema.org\",\"@graph\":[{\"@type\":\"WebPage\",\"@id\":\"https:\/\/vapebulkp.com\/product\/wholesale-price-randm-15k-waspe-15000-puffs-best-vape\/\",\"url\":\"https:\/\/vapebulkp.com\/product\/wholesale-price-randm-15k-waspe-15000-puffs-best-vape\/\",\"name\":\"Wholesale Price Randm 15k WASPE 15000 Puffs Best Vape - vapebulkp.com\",\"isPartOf\":{\"@id\":\"https:\/\/vapebulkp.com\/#website\"},\"datePublished\":\"2024-04-03T03:07:44+00:00\",\"dateModified\":\"2025-09-24T03:49:03+00:00\",\"description\":\"Buy Popular Vape WASPE 15000 Puffs Disposable vape is our recent best-selling product, with unique taste buds for you to choose .\",\"breadcrumb\":{\"@id\":\"https:\/\/vapebulkp.com\/product\/wholesale-price-randm-15k-waspe-15000-puffs-best-vape\/#breadcrumb\"},\"inLanguage\":\"lv-LV\",\"potentialAction\":[{\"@type\":\"ReadAction\",\"target\":[\"https:\/\/vapebulkp.com\/product\/wholesale-price-randm-15k-waspe-15000-puffs-best-vape\/\"]}]},{\"@type\":\"BreadcrumbList\",\"@id\":\"https:\/\/vapebulkp.com\/product\/wholesale-price-randm-15k-waspe-15000-puffs-best-vape\/#breadcrumb\",\"itemListElement\":[{\"@type\":\"ListItem\",\"position\":1,\"name\":\"Home\",\"item\":\"https:\/\/vapebulkp.com\/\"},{\"@type\":\"ListItem\",\"position\":2,\"name\":\"Hot Trend Vapes\",\"item\":\"https:\/\/vapebulkp.com\/vape-shop\/\"},{\"@type\":\"ListItem\",\"position\":3,\"name\":\"Wholesale Price Randm 15k WASPE 15000 Puffs Best Vape\"}]},{\"@type\":\"WebSite\",\"@id\":\"https:\/\/vapebulkp.com\/#website\",\"url\":\"https:\/\/vapebulkp.com\/\",\"name\":\"vapebulkp.com\",\"description\":\"Buy Vape In Cheap Bulk Price Near you\",\"publisher\":{\"@id\":\"https:\/\/vapebulkp.com\/#organization\"},\"potentialAction\":[{\"@type\":\"SearchAction\",\"target\":{\"@type\":\"EntryPoint\",\"urlTemplate\":\"https:\/\/vapebulkp.com\/?s={search_term_string}\"},\"query-input\":\"required name=search_term_string\"}],\"inLanguage\":\"lv-LV\"},{\"@type\":\"Organization\",\"@id\":\"https:\/\/vapebulkp.com\/#organization\",\"name\":\"vapebulkp.com\",\"url\":\"https:\/\/vapebulkp.com\/\",\"logo\":{\"@type\":\"ImageObject\",\"inLanguage\":\"lv-LV\",\"@id\":\"https:\/\/vapebulkp.com\/#\/schema\/logo\/image\/\",\"url\":\"https:\/\/vapebulkp.com\/wp-content\/uploads\/2023\/09\/cropped-vapebulkp.png\",\"contentUrl\":\"https:\/\/vapebulkp.com\/wp-content\/uploads\/2023\/09\/cropped-vapebulkp.png\",\"width\":516,\"height\":163,\"caption\":\"vapebulkp.com\"},\"image\":{\"@id\":\"https:\/\/vapebulkp.com\/#\/schema\/logo\/image\/\"}}]}<\/script>\n<!-- \/ Yoast SEO plugin. -->","yoast_head_json":{"title":"Wholesale Price Randm 15k WASPE 15000 Puffs Best Vape - vapebulkp.com","description":"Buy Popular Vape WASPE 15000 Puffs Disposable vape is our recent best-selling product, with unique taste buds for you to choose .","robots":{"index":"index","follow":"follow","max-snippet":"max-snippet:-1","max-image-preview":"max-image-preview:large","max-video-preview":"max-video-preview:-1"},"canonical":"https:\/\/vapebulkp.com\/lv\/product\/wholesale-price-randm-15k-waspe-15000-puffs-best-vape\/","og_locale":"lv_LV","og_type":"article","og_title":"Wholesale Price Randm 15k WASPE 15000 Puffs Best Vape - vapebulkp.com","og_description":"Buy Popular Vape WASPE 15000 Puffs Disposable vape is our recent best-selling product, with unique taste buds for you to choose .","og_url":"https:\/\/vapebulkp.com\/lv\/product\/wholesale-price-randm-15k-waspe-15000-puffs-best-vape\/","og_site_name":"vapebulkp.com","article_modified_time":"2025-09-24T03:49:03+00:00","og_image":[{"width":2000,"height":937,"url":"http:\/\/vapebulkp.com\/wp-content\/uploads\/2024\/04\/WASPE-TORNADO-PUFF-15000-PUFF-BULK-PRICE.jpg","type":"image\/jpeg"}],"twitter_card":"summary_large_image","twitter_misc":{"Est. reading time":"3 min\u016btes"},"schema":{"@context":"https:\/\/schema.org","@graph":[{"@type":"WebPage","@id":"https:\/\/vapebulkp.com\/product\/wholesale-price-randm-15k-waspe-15000-puffs-best-vape\/","url":"https:\/\/vapebulkp.com\/product\/wholesale-price-randm-15k-waspe-15000-puffs-best-vape\/","name":"Wholesale Price Randm 15k WASPE 15000 Puffs Best Vape - vapebulkp.com","isPartOf":{"@id":"https:\/\/vapebulkp.com\/#website"},"datePublished":"2024-04-03T03:07:44+00:00","dateModified":"2025-09-24T03:49:03+00:00","description":"Buy Popular Vape WASPE 15000 Puffs Disposable vape is our recent best-selling product, with unique taste buds for you to choose .","breadcrumb":{"@id":"https:\/\/vapebulkp.com\/product\/wholesale-price-randm-15k-waspe-15000-puffs-best-vape\/#breadcrumb"},"inLanguage":"lv-LV","potentialAction":[{"@type":"ReadAction","target":["https:\/\/vapebulkp.com\/product\/wholesale-price-randm-15k-waspe-15000-puffs-best-vape\/"]}]},{"@type":"BreadcrumbList","@id":"https:\/\/vapebulkp.com\/product\/wholesale-price-randm-15k-waspe-15000-puffs-best-vape\/#breadcrumb","itemListElement":[{"@type":"ListItem","position":1,"name":"Home","item":"https:\/\/vapebulkp.com\/"},{"@type":"ListItem","position":2,"name":"Hot Trend Vapes","item":"https:\/\/vapebulkp.com\/vape-shop\/"},{"@type":"ListItem","position":3,"name":"Wholesale Price Randm 15k WASPE 15000 Puffs Best Vape"}]},{"@type":"WebSite","@id":"https:\/\/vapebulkp.com\/#website","url":"https:\/\/vapebulkp.com\/","name":"vapebulkp.com","description":"Buy Vape In Cheap Bulk Price Near you","publisher":{"@id":"https:\/\/vapebulkp.com\/#organization"},"potentialAction":[{"@type":"SearchAction","target":{"@type":"EntryPoint","urlTemplate":"https:\/\/vapebulkp.com\/?s={search_term_string}"},"query-input":"required name=search_term_string"}],"inLanguage":"lv-LV"},{"@type":"Organization","@id":"https:\/\/vapebulkp.com\/#organization","name":"vapebulkp.com","url":"https:\/\/vapebulkp.com\/","logo":{"@type":"ImageObject","inLanguage":"lv-LV","@id":"https:\/\/vapebulkp.com\/#\/schema\/logo\/image\/","url":"https:\/\/vapebulkp.com\/wp-content\/uploads\/2023\/09\/cropped-vapebulkp.png","contentUrl":"https:\/\/vapebulkp.com\/wp-content\/uploads\/2023\/09\/cropped-vapebulkp.png","width":516,"height":163,"caption":"vapebulkp.com"},"image":{"@id":"https:\/\/vapebulkp.com\/#\/schema\/logo\/image\/"}}]}},"uagb_featured_image_src":{"full":["https:\/\/vapebulkp.com\/wp-content\/uploads\/2024\/04\/WASPE-TORNADO-PUFF-15000-PUFF-BULK-PRICE.jpg",2000,937,false],"thumbnail":["https:\/\/vapebulkp.com\/wp-content\/uploads\/2024\/04\/WASPE-TORNADO-PUFF-15000-PUFF-BULK-PRICE-150x150.jpg",150,150,true],"medium":["https:\/\/vapebulkp.com\/wp-content\/uploads\/2024\/04\/WASPE-TORNADO-PUFF-15000-PUFF-BULK-PRICE-300x141.jpg",300,141,true],"medium_large":["https:\/\/vapebulkp.com\/wp-content\/uploads\/2024\/04\/WASPE-TORNADO-PUFF-15000-PUFF-BULK-PRICE-768x360.jpg",768,360,true],"large":["https:\/\/vapebulkp.com\/wp-content\/uploads\/2024\/04\/WASPE-TORNADO-PUFF-15000-PUFF-BULK-PRICE-1024x480.jpg",1024,480,true],"1536x1536":["https:\/\/vapebulkp.com\/wp-content\/uploads\/2024\/04\/WASPE-TORNADO-PUFF-15000-PUFF-BULK-PRICE-1536x720.jpg",1536,720,true],"2048x2048":["https:\/\/vapebulkp.com\/wp-content\/uploads\/2024\/04\/WASPE-TORNADO-PUFF-15000-PUFF-BULK-PRICE.jpg",2000,937,false],"trp-custom-language-flag":["https:\/\/vapebulkp.com\/wp-content\/uploads\/2024\/04\/WASPE-TORNADO-PUFF-15000-PUFF-BULK-PRICE.jpg",18,8,false],"woocommerce_thumbnail":["https:\/\/vapebulkp.com\/wp-content\/uploads\/2024\/04\/WASPE-TORNADO-PUFF-15000-PUFF-BULK-PRICE-300x300.jpg",300,300,true],"woocommerce_single":["https:\/\/vapebulkp.com\/wp-content\/uploads\/2024\/04\/WASPE-TORNADO-PUFF-15000-PUFF-BULK-PRICE-600x281.jpg",600,281,true],"woocommerce_gallery_thumbnail":["https:\/\/vapebulkp.com\/wp-content\/uploads\/2024\/04\/WASPE-TORNADO-PUFF-15000-PUFF-BULK-PRICE-100x100.jpg",100,100,true],"wcpr-photo-reviews":["https:\/\/vapebulkp.com\/wp-content\/uploads\/2024\/04\/WASPE-TORNADO-PUFF-15000-PUFF-BULK-PRICE.jpg",500,234,false]},"uagb_author_info":{"display_name":"Mandy vape bulk price","author_link":"https:\/\/vapebulkp.com\/lv\/author\/"},"uagb_comment_info":0,"uagb_excerpt":". Pls Contact Mandy's WhatsApp For Discount Price+8618077105796 NOTE: Prices on our website does not include shipping costs","_links":{"self":[{"href":"https:\/\/vapebulkp.com\/lv\/wp-json\/wp\/v2\/product\/2147","targetHints":{"allow":["GET"]}}],"collection":[{"href":"https:\/\/vapebulkp.com\/lv\/wp-json\/wp\/v2\/product"}],"about":[{"href":"https:\/\/vapebulkp.com\/lv\/wp-json\/wp\/v2\/types\/product"}],"replies":[{"embeddable":true,"href":"https:\/\/vapebulkp.com\/lv\/wp-json\/wp\/v2\/comments?post=2147"}],"wp:featuredmedia":[{"embeddable":true,"href":"https:\/\/vapebulkp.com\/lv\/wp-json\/wp\/v2\/media\/2126"}],"wp:attachment":[{"href":"https:\/\/vapebulkp.com\/lv\/wp-json\/wp\/v2\/media?parent=2147"}],"wp:term":[{"taxonomy":"product_cat","embeddable":true,"href":"https:\/\/vapebulkp.com\/lv\/wp-json\/wp\/v2\/product_cat?post=2147"},{"taxonomy":"product_tag","embeddable":true,"href":"https:\/\/vapebulkp.com\/lv\/wp-json\/wp\/v2\/product_tag?post=2147"}],"curies":[{"name":"wp","href":"https:\/\/api.w.org\/{rel}","templated":true}]}}