{"id":2399,"date":"2024-04-28T11:43:52","date_gmt":"2024-04-28T09:43:52","guid":{"rendered":"https:\/\/vapebulkp.com\/?post_type=product&#038;p=2399"},"modified":"2025-09-02T05:11:26","modified_gmt":"2025-09-02T03:11:26","slug":"discount-price-cloud-bar-tn-15000-disposable-vape-raz-bar","status":"publish","type":"product","link":"https:\/\/vapebulkp.com\/lv\/product\/discount-price-cloud-bar-tn-15000-disposable-vape-raz-bar\/","title":{"rendered":"Atlaides cena Cloud Bar TN 15000 uzp\u016b\u0161am\u0101s vienreiz\u0113j\u0101s lieto\u0161anas vape RAZ BAR"},"content":{"rendered":"<h2>Atlaides cena Cloud Bar TN 15000 uzp\u016b\u0161am\u0101s vienreiz\u0113j\u0101s lieto\u0161anas vape RAZ BAR<\/h2>\n<p data-start=\"379\" data-end=\"689\">Tas <strong data-start=\"383\" data-end=\"435\">Cloud Bar TN 15000 Puffs Vienreiz\u0113j\u0101s lieto\u0161anas Vape RAZ BAR<\/strong> ir <strong data-start=\"441\" data-end=\"470\">lielas ietilp\u012bbas vape ier\u012bce<\/strong> izstr\u0101d\u0101ts ilgsto\u0161ai darb\u012bbai un bag\u0101t\u012bgai gar\u0161ai. Ar 23 ml e-\u0161\u0137idruma tvertni un 650 mAh uzl\u0101d\u0113jamu akumulatoru, \u0161is <strong data-start=\"592\" data-end=\"624\">uzl\u0101d\u0113jamais vienreizlietojamais vape<\/strong> ir veidots, lai nodro\u0161in\u0101tu konsekventu apmierin\u0101jumu katr\u0101 sesij\u0101.<\/p>\n<p data-start=\"691\" data-end=\"943\">Apr\u012bkots ar <strong data-start=\"705\" data-end=\"734\">vienreizlietojam\u0101 vape ar sieta spoli<\/strong> tehnolo\u0123ija, tas rada gludus tvaikus un t\u012bru gar\u0161u, vienlaikus pastiprinot katra uzp\u016btiena intensit\u0101ti. Digit\u0101lais displejs seko l\u012bdzi gan e-\u0161\u0137idruma, gan akumulatora l\u012bmenim, nodro\u0161inot lietot\u0101jiem piln\u012bgu kontroli bez p\u0101rtraukumiem.<\/p>\n<p data-start=\"945\" data-end=\"1198\">Iepriek\u0161 piepild\u012bts ar <strong data-start=\"961\" data-end=\"983\">nikot\u012bna s\u0101ls vape<\/strong> iesp\u0113j\u0101m, tas atbilst da\u017e\u0101d\u0101m v\u0113lm\u0113m, neatkar\u012bgi no t\u0101, vai v\u0113laties sp\u0113c\u012bgu triecienu kakl\u0101 vai vienm\u0113r\u012bg\u0101ku vilkmi. Pieejams vair\u0101kos <strong data-start=\"1108\" data-end=\"1132\">premium gar\u0161u vape<\/strong>, t\u0101 ir daudzpus\u012bga izv\u0113le ikdienas lieto\u0161anai un sabiedriskiem pas\u0101kumiem.<\/p>\n<p data-start=\"1200\" data-end=\"1407\">Ide\u0101li piem\u0113rots <strong data-start=\"1212\" data-end=\"1237\">vairumtirdzniec\u012bbas vape Eiropa<\/strong>, ar <strong data-start=\"1243\" data-end=\"1287\">M\u0101ko\u0146u b\u0101rs TN <a href=\"https:\/\/vapebulkp.com\/lv\/product-category\/15000-puffs-disposable-vape\/\">15000 d\u016bmu vienreiz\u0113j\u0101s lieto\u0161anas elektronisk\u0101 cigarete<\/a><\/strong> apvieno stilu, \u0113rt\u012bbas un veiktsp\u0113ju, padarot to par uzticamu iesp\u0113ju mazumtirgot\u0101jiem un vairumtirgot\u0101jiem vis\u0101 ES.<\/p>\n<h6 style=\"text-align: left\"><img decoding=\"async\" class=\"alignnone wp-image-2335\" src=\"http:\/\/vapebulkp.com\/wp-content\/uploads\/2024\/04\/Wholesale-Price-Cloud-TN-15000Puffs-Good-Vape-scaled.jpg\" alt=\"Vairumtirdzniec\u012bbas cena Cloud TN 15000 Puffs Labs Vape\" width=\"848\" height=\"1129\" srcset=\"https:\/\/vapebulkp.com\/wp-content\/uploads\/2024\/04\/Wholesale-Price-Cloud-TN-15000Puffs-Good-Vape-scaled.jpg 1922w, https:\/\/vapebulkp.com\/wp-content\/uploads\/2024\/04\/Wholesale-Price-Cloud-TN-15000Puffs-Good-Vape-225x300.jpg 225w, https:\/\/vapebulkp.com\/wp-content\/uploads\/2024\/04\/Wholesale-Price-Cloud-TN-15000Puffs-Good-Vape-769x1024.jpg 769w, https:\/\/vapebulkp.com\/wp-content\/uploads\/2024\/04\/Wholesale-Price-Cloud-TN-15000Puffs-Good-Vape-768x1023.jpg 768w, https:\/\/vapebulkp.com\/wp-content\/uploads\/2024\/04\/Wholesale-Price-Cloud-TN-15000Puffs-Good-Vape-1153x1536.jpg 1153w, https:\/\/vapebulkp.com\/wp-content\/uploads\/2024\/04\/Wholesale-Price-Cloud-TN-15000Puffs-Good-Vape-1538x2048.jpg 1538w, https:\/\/vapebulkp.com\/wp-content\/uploads\/2024\/04\/Wholesale-Price-Cloud-TN-15000Puffs-Good-Vape-600x799.jpg 600w\" sizes=\"(max-width: 848px) 100vw, 848px\" \/><\/h6>\n<p>&nbsp;<\/p>\n<h6>L\u016bdzu, sazinieties ar Mandijas WhatsApp, lai sa\u0146emtu atlaides cenu<a href=\"https:\/\/wa.me\/8618077105796\">+8618077105796<\/a><\/h6>\n<p><img decoding=\"async\" class=\"alignnone wp-image-2151\" src=\"http:\/\/vapebulkp.com\/wp-content\/uploads\/2024\/04\/Mandy-WhatsApp-Randm.jpg\" alt=\"Mandy WhatsApp Randi\" width=\"287\" height=\"305\" srcset=\"https:\/\/vapebulkp.com\/wp-content\/uploads\/2024\/04\/Mandy-WhatsApp-Randm.jpg 916w, https:\/\/vapebulkp.com\/wp-content\/uploads\/2024\/04\/Mandy-WhatsApp-Randm-282x300.jpg 282w, https:\/\/vapebulkp.com\/wp-content\/uploads\/2024\/04\/Mandy-WhatsApp-Randm-768x817.jpg 768w, https:\/\/vapebulkp.com\/wp-content\/uploads\/2024\/04\/Mandy-WhatsApp-Randm-600x638.jpg 600w\" sizes=\"(max-width: 287px) 100vw, 287px\" \/><\/p>\n<div class=\"faqs-answer\"><\/div>\n<h2><strong><span style=\"vertical-align: inherit\">Vairumtirdzniec\u012bbas Vape Cloud bar TN 15k Puffs GEEK BAR specifik\u0101cija:<\/span><br \/>\n<\/strong><\/h2>\n<p>Modelis: Cloud Bar TN 15k Puffs<br \/>\nP\u016b\u0161ieni: 15000P\u016b\u0161ieni<br \/>\nAkumulatora ietilp\u012bba: 650mAh<br \/>\nE-\u0161\u0137idruma tilpums: 23 ml<br \/>\nNikot\u012bna saturs: 2%\/5% nikot\u012bna s\u0101ls<br \/>\nIepakojums: 10 gabali 1 izst\u0101des kast\u0113<br \/>\nMinim\u0101lais pas\u016bt\u012bjuma daudzums (MOQ): 50 gabali<\/p>\n<p>&nbsp;<\/p>\n<h2><strong>GEEK BAR Cloud Bar TN 15k Puffs Vape gar\u0161u izv\u0113le:<\/strong><\/h2>\n<p>1.Melle\u0146u ave\u0146u<br \/>\n2.Mr Blue<br \/>\n3.Zeme\u0146u arb\u016bzs<br \/>\n4.Persiku mango anan\u0101ss<br \/>\n5.Lush Ice (arb\u016bzu ledus)<br \/>\n6.Jaukti ogu<br \/>\n7.Zeme\u0146u ledus<br \/>\n8.Zilo ave\u0146u ledus<br \/>\n9.Meln\u0101 p\u016b\u0137a ledus<br \/>\n10.Persiku ledus<br \/>\n11.\u0136ir\u0161u<br \/>\n12.Zeme\u0146u ave\u0146u \u0137ir\u0161u ledus<\/p>\n<p><a href=\"https:\/\/vapebulkp.com\/lv\/product\/good-sale-bang-de-8500puffs-wholesale-price\/\"><span style=\"vertical-align: inherit\">Laba p\u0101rdo\u0161anas Vape Bang DE 8500 Puffs<\/span><\/a><\/p>\n<p><span style=\"vertical-align: inherit\">Atrast vair\u0101k produktu, kas jums var\u0113tu patikt:<\/span><em><a href=\"https:\/\/wa.me\/8618077105796\"><span style=\"vertical-align: inherit\">\u00a0Pirkt tagad<\/span><\/a><\/em><\/p>\n<p><span style=\"vertical-align: inherit\">Citas dvesmas, kas jums var\u0113tu patikt:<\/span><a href=\"https:\/\/vapebulkp.com\/lv\/product\/bulk-buy-kulx-8800-puffs-disposable-vape-wholesale-germany\/\"><span style=\"vertical-align: inherit\">Kulx 8800Puffs<\/span><\/a><span style=\"vertical-align: inherit\">\u3001<\/span><a href=\"https:\/\/vapebulkp.com\/lv\/product\/good-sale-randm-tornado-10000-puffs-plus\/\"><span style=\"vertical-align: inherit\">Randm 10000 puffs<\/span><\/a><span style=\"vertical-align: inherit\">\/ <\/span><a href=\"https:\/\/vapebulkp.com\/lv\/product\/popular-kulx-10000puffs-disposable-vape-good-price\/\"><span style=\"vertical-align: inherit\">Kulx 10000 Puffs<\/span><\/a><span style=\"vertical-align: inherit\">\/ <\/span><a href=\"https:\/\/vapebulkp.com\/lv\/product\/popular-randm-tornado-7000puffs-disposable-vape-best-price\/\"><span style=\"vertical-align: inherit\">RandM Tornado 7000 dvesu<\/span><\/a><\/p>\n<p><span style=\"vertical-align: inherit\">\u012apa\u0161as formas e-cigare\u0161u pudele:<\/span><a href=\"https:\/\/vapebulkp.com\/lv\/product\/bang-box-12000puffs-good-vape-sweden-wholesale-price\/\"><span style=\"vertical-align: inherit\">Bang Box 12000 dvesu <\/span><\/a><span style=\"vertical-align: inherit\">\/ <\/span><a href=\"https:\/\/vapebulkp.com\/lv\/product\/wholesale-tornado-rum-bar-9000-puffs-sweden\/\"><span style=\"vertical-align: inherit\">Rumbar 9000 puffs<\/span><\/a><span style=\"vertical-align: inherit\">\/<\/span><a href=\"https:\/\/vapebulkp.com\/lv\/product\/top-sale-waspe-12000puffs-disposable-vape-wholesale-france\/\"><span style=\"vertical-align: inherit\">WASPE 12000 dvesmas<\/span><\/a><\/p>\n<h3>Ra\u017eo\u0161anas kvalifik\u0101cija:<\/h3>\n<p><img decoding=\"async\" class=\"alignnone size-full wp-image-1841\" src=\"http:\/\/vapebulkp.com\/wp-content\/uploads\/2023\/11\/Vape-production-process-2.jpeg\" alt=\"Vape ra\u017eo\u0161anas process\" width=\"650\" height=\"434\" srcset=\"https:\/\/vapebulkp.com\/wp-content\/uploads\/2023\/11\/Vape-production-process-2.jpeg 650w, https:\/\/vapebulkp.com\/wp-content\/uploads\/2023\/11\/Vape-production-process-2-300x200.jpeg 300w, https:\/\/vapebulkp.com\/wp-content\/uploads\/2023\/11\/Vape-production-process-2-600x401.jpeg 600w\" sizes=\"(max-width: 650px) 100vw, 650px\" \/><\/p>\n<p><img decoding=\"async\" class=\"alignnone size-full wp-image-1843\" src=\"http:\/\/vapebulkp.com\/wp-content\/uploads\/2023\/11\/Vape-production-process.jpeg\" alt=\"Vape ra\u017eo\u0161anas process\" width=\"641\" height=\"1026\" srcset=\"https:\/\/vapebulkp.com\/wp-content\/uploads\/2023\/11\/Vape-production-process.jpeg 641w, https:\/\/vapebulkp.com\/wp-content\/uploads\/2023\/11\/Vape-production-process-187x300.jpeg 187w, https:\/\/vapebulkp.com\/wp-content\/uploads\/2023\/11\/Vape-production-process-640x1024.jpeg 640w, https:\/\/vapebulkp.com\/wp-content\/uploads\/2023\/11\/Vape-production-process-600x960.jpeg 600w\" sizes=\"(max-width: 641px) 100vw, 641px\" \/><\/p>\n<h4>Bie\u017ei uzdotie jaut\u0101jumi:<\/h4>\n<h4>1. Vai es varu pats uzpild\u012bt savu Cloud bar TN 15k Puffs e-\u0161\u0137idrumu?<\/h4>\n<p>N\u0113, Cloud bar TN 15k Puffs vienreiz\u0113j\u0101s lieto\u0161anas e-cigare\u0161u komplekts ir paredz\u0113ts tikai vienreiz\u0113jai lieto\u0161anai, un to nevar uzpild\u012bt. Tas ir iepriek\u0161 piepild\u012bts ar augst\u0101k\u0101s kvalit\u0101tes e-\u0161\u0137idruma gar\u0161\u0101m, lai nodro\u0161in\u0101tu bezr\u016bp\u012bgu un vienm\u0113r\u012bgu sm\u0113\u0137\u0113\u0161anas pieredzi. Kad e-\u0161\u0137idrums ir izlietots, viss, kas jums j\u0101dara, ir atbild\u012bgi atbr\u012bvoties no ier\u012bces.<\/p>\n<h4>2. Vai es varu \u0146emt Cloud bar TN 15k Puffs vienreiz\u0113j\u0101s lieto\u0161anas vape lidma\u0161\u012bn\u0101?<\/h4>\n<p>Lai gan Cloud bar TN 15000 Puffs vienreiz\u0113j\u0101s lieto\u0161anas Vape komplekts ir kompakts un \u0113rts ce\u013co\u0161anai, pirms \u0146em\u0161anas lidma\u0161\u012bn\u0101 ir v\u0113rts p\u0101rbaud\u012bt savas aviokomp\u0101nijas noteikumus. Da\u017e\u0101m aviokomp\u0101nij\u0101m ir \u012bpa\u0161i noteikumi par iztvaic\u0113\u0161anas ier\u012b\u010du p\u0101rvad\u0101\u0161anu, t\u0101p\u0113c vislab\u0101k ir inform\u0113t iepriek\u0161, lai izvair\u012btos no ne\u0113rt\u012bb\u0101m ce\u013cojuma laik\u0101.<\/p>\n<h4>3. Kas man j\u0101dara ar savu lietoto Cloud bar vape 15K RAZ BAR vienreiz\u0113j\u0101s lieto\u0161anas e-cigare\u0161u komplektu?<\/h4>\n<p>Lai atbild\u012bgi atbr\u012bvotos no sava lietot\u0101 cloud bar tornado 15k puffs vienreiz\u0113j\u0101s lieto\u0161anas e-cigare\u0161u komplekta, jums j\u0101p\u0101rbauda viet\u0113jie noteikumi par e-atkritumiem vai e-p\u0101rstr\u0101di. Daudzi vape veikali un p\u0101rstr\u0101des centri pie\u0146em lietotas ier\u012bces, lai nodro\u0161in\u0101tu, ka t\u0101s tiek dro\u0161i un atbild\u012bgi likvid\u0113tas.<\/p>\n<h4>Pieg\u0101des deta\u013cas:<\/h4>\n<p><span style=\"color: #ff6600\">Ra\u017eo\u0161anas laiks: 5-10 darba dienas<\/span><br \/>\n<span style=\"color: #ff6600\">Pieg\u0101des laiks: 8-14 darba dienas<\/span><\/p>\n<p>Visi produkti m\u016bsu veikal\u0101 ir 100% ori\u0123in\u0101li un autentiski, t\u0101p\u0113c desmitk\u0101rt\u012bga kompens\u0101cija par viltot\u0101m prec\u0113m ir m\u016bsu veikala politika. M\u0113s izmantojam t\u0101dus lo\u0123istikas kan\u0101lus k\u0101 UPS\/DHL\/FEDEX\/DPD, lai pieg\u0101d\u0101tu preces jums.<\/p>\n<p>Paci\u0146\u0101m, kas tiek s\u016bt\u012btas uz Latviju, parasti nepiecie\u0161amas 10 darba dienas, lai t\u0101s sa\u0146emtu. S\u016bt\u012bjumiem uz Eiropas valst\u012bm parasti nepiecie\u0161amas 12 l\u012bdz 15 darba dienas, lai t\u0101s sa\u0146emtu. M\u0113s atjaunin\u0101sim lo\u0123istikas inform\u0101ciju jums re\u0101llaik\u0101.<\/p>","protected":false},"excerpt":{"rendered":"<p>Vairumtirdzniec\u012bbas cena Cloud Bar RAZ BAR 15k Puffs<\/p>\n<p>Cloud Bar TN 15000 puffs Top Sale Zviedrija<\/p>\n<p>Cloud Bar GEEK BAR 15K puffs Vienreiz\u0113j\u0101s lieto\u0161anas Vape Karst\u0101 P\u0101rdo\u0161ana \u0160oned\u0113\u013c<\/p>\n<p><img decoding=\"async\" class=\"alignnone wp-image-2151\" src=\"http:\/\/vapebulkp.com\/wp-content\/uploads\/2024\/04\/Mandy-WhatsApp-Randm.jpg\" alt=\"Mandy WhatsApp Randi\" width=\"269\" height=\"286\" srcset=\"https:\/\/vapebulkp.com\/wp-content\/uploads\/2024\/04\/Mandy-WhatsApp-Randm.jpg 916w, https:\/\/vapebulkp.com\/wp-content\/uploads\/2024\/04\/Mandy-WhatsApp-Randm-282x300.jpg 282w, https:\/\/vapebulkp.com\/wp-content\/uploads\/2024\/04\/Mandy-WhatsApp-Randm-768x817.jpg 768w, https:\/\/vapebulkp.com\/wp-content\/uploads\/2024\/04\/Mandy-WhatsApp-Randm-600x638.jpg 600w\" sizes=\"(max-width: 269px) 100vw, 269px\" \/><\/p>\n<p>L\u016bdzu, sazinieties ar Mandijas WhatsApp, lai sa\u0146emtu atlaides cenu<a href=\"https:\/\/wa.me\/8618077105796\">+8618077105796<\/a><\/p>\n<p><span style=\"color: #ff0000\">PIEZ\u012aME: Cenas m\u016bsu t\u012bmek\u013ca vietn\u0113 neietver pieg\u0101des izmaksas<\/span><\/p>\n<p>Galvenais pirkuma iemesls<br \/>\n1. Izcila kvalit\u0101te un nep\u0101rsp\u0113jama veiktsp\u0113ja.<\/p>\n<p>2. Konkur\u0113tsp\u0113j\u012bga cena un \u0101tra v\u0113rt\u012bba.<\/p>\n<p>3. Vair\u0101kas iesp\u0113jas un savlaic\u012bga pieg\u0101de.<\/p>\n<p>4. Apmierino\u0161a iepirk\u0161an\u0101s pieredze<\/p>","protected":false},"featured_media":2334,"comment_status":"open","ping_status":"closed","template":"","meta":{"_uag_custom_page_level_css":"","_lmt_disableupdate":"no","_lmt_disable":"","site-sidebar-layout":"default","site-content-layout":"content-boxed-container","ast-site-content-layout":"normal-width-container","site-content-style":"boxed","site-sidebar-style":"unboxed","ast-global-header-display":"","ast-banner-title-visibility":"","ast-main-header-display":"","ast-hfb-above-header-display":"","ast-hfb-below-header-display":"","ast-hfb-mobile-header-display":"","site-post-title":"","ast-breadcrumbs-content":"","ast-featured-img":"","footer-sml-layout":"","theme-transparent-header-meta":"default","adv-header-id-meta":"","stick-header-meta":"","header-above-stick-meta":"","header-main-stick-meta":"","header-below-stick-meta":"","astra-migrate-meta-layouts":"set","_joinchat":[]},"product_cat":[165,153,155,33,59,100,87,34,158,157,154,152,58,84,156,63,32],"product_tag":[122,123,36,37,41,75,40],"class_list":["post-2399","product","type-product","status-publish","has-post-thumbnail","hentry","product_cat-15000-puffs-disposable-vape","product_cat-hot-disposable-vapes","product_cat-belgium-hot-disposable-vapes","product_cat-france-vape-hot-sale","product_cat-germany-hot-disposable-vape","product_cat-germany-wholesale-vape-shop","product_cat-minimum-order-quantity-50pcs","product_cat-netherlands-vape-good-sale","product_cat-norway-hot-disposable-vapes","product_cat-poland-hot-disposable-vapes","product_cat-portugal-hot-disposable-vapes","product_cat-spain-hot-disposable-vapes","product_cat-sweden-hot-disposable-vape","product_cat-sweden-wholesale-vape","product_cat-switzerland-hot-disposable-vapes","product_cat-top-sale-disposable-vape","product_cat-vape-hot-sale-this-week","product_tag-15000puffs","product_tag-cloud-bar-tn-15000-disposable-vape-raz-bar","product_tag-good-vape","product_tag-hot-sale-disposable-vape","product_tag-poland-hot-vape","product_tag-randm-vape-9000-puffs","product_tag-sweden-hot-vape","desktop-align-left","tablet-align-left","mobile-align-left"],"yoast_head":"<!-- This site is optimized with the Yoast SEO plugin v21.1 - https:\/\/yoast.com\/wordpress\/plugins\/seo\/ -->\n<title>Discount Price Cloud Bar TN 15000 Puffs Disposable Vape RAZ BAR - vapebulkp.com<\/title>\n<meta name=\"description\" content=\"Discount Price Cloud Bar TN 15000 Disposable Vape RAZ BAR with an unprecedented 23ml e-juice reservoir and a robust 650mAh battery, this intelligent device redefines convenience and performance.\" \/>\n<meta name=\"robots\" content=\"index, follow, max-snippet:-1, max-image-preview:large, max-video-preview:-1\" \/>\n<link rel=\"canonical\" href=\"https:\/\/vapebulkp.com\/lv\/product\/discount-price-cloud-bar-tn-15000-disposable-vape-raz-bar\/\" \/>\n<meta property=\"og:locale\" content=\"lv_LV\" \/>\n<meta property=\"og:type\" content=\"article\" \/>\n<meta property=\"og:title\" content=\"Discount Price Cloud Bar TN 15000 Puffs Disposable Vape RAZ BAR - vapebulkp.com\" \/>\n<meta property=\"og:description\" content=\"Discount Price Cloud Bar TN 15000 Disposable Vape RAZ BAR with an unprecedented 23ml e-juice reservoir and a robust 650mAh battery, this intelligent device redefines convenience and performance.\" \/>\n<meta property=\"og:url\" content=\"https:\/\/vapebulkp.com\/lv\/product\/discount-price-cloud-bar-tn-15000-disposable-vape-raz-bar\/\" \/>\n<meta property=\"og:site_name\" content=\"vapebulkp.com\" \/>\n<meta property=\"article:modified_time\" content=\"2025-09-02T03:11:26+00:00\" \/>\n<meta property=\"og:image\" content=\"http:\/\/vapebulkp.com\/wp-content\/uploads\/2024\/04\/Good-Price-Cloud-TN-15k-Puffs-Good-Vape.png\" \/>\n\t<meta property=\"og:image:width\" content=\"800\" \/>\n\t<meta property=\"og:image:height\" content=\"800\" \/>\n\t<meta property=\"og:image:type\" content=\"image\/png\" \/>\n<meta name=\"twitter:card\" content=\"summary_large_image\" \/>\n<meta name=\"twitter:label1\" content=\"Est. reading time\" \/>\n\t<meta name=\"twitter:data1\" content=\"4 min\u016btes\" \/>\n<script type=\"application\/ld+json\" class=\"yoast-schema-graph\">{\"@context\":\"https:\/\/schema.org\",\"@graph\":[{\"@type\":\"WebPage\",\"@id\":\"https:\/\/vapebulkp.com\/product\/discount-price-cloud-bar-tn-15000-disposable-vape-raz-bar\/\",\"url\":\"https:\/\/vapebulkp.com\/product\/discount-price-cloud-bar-tn-15000-disposable-vape-raz-bar\/\",\"name\":\"Discount Price Cloud Bar TN 15000 Puffs Disposable Vape RAZ BAR - vapebulkp.com\",\"isPartOf\":{\"@id\":\"https:\/\/vapebulkp.com\/#website\"},\"datePublished\":\"2024-04-28T09:43:52+00:00\",\"dateModified\":\"2025-09-02T03:11:26+00:00\",\"description\":\"Discount Price Cloud Bar TN 15000 Disposable Vape RAZ BAR with an unprecedented 23ml e-juice reservoir and a robust 650mAh battery, this intelligent device redefines convenience and performance.\",\"breadcrumb\":{\"@id\":\"https:\/\/vapebulkp.com\/product\/discount-price-cloud-bar-tn-15000-disposable-vape-raz-bar\/#breadcrumb\"},\"inLanguage\":\"lv-LV\",\"potentialAction\":[{\"@type\":\"ReadAction\",\"target\":[\"https:\/\/vapebulkp.com\/product\/discount-price-cloud-bar-tn-15000-disposable-vape-raz-bar\/\"]}]},{\"@type\":\"BreadcrumbList\",\"@id\":\"https:\/\/vapebulkp.com\/product\/discount-price-cloud-bar-tn-15000-disposable-vape-raz-bar\/#breadcrumb\",\"itemListElement\":[{\"@type\":\"ListItem\",\"position\":1,\"name\":\"Home\",\"item\":\"https:\/\/vapebulkp.com\/\"},{\"@type\":\"ListItem\",\"position\":2,\"name\":\"Hot Trend Vapes\",\"item\":\"https:\/\/vapebulkp.com\/vape-shop\/\"},{\"@type\":\"ListItem\",\"position\":3,\"name\":\"Discount Price Cloud Bar TN 15000 Puffs Disposable Vape RAZ BAR\"}]},{\"@type\":\"WebSite\",\"@id\":\"https:\/\/vapebulkp.com\/#website\",\"url\":\"https:\/\/vapebulkp.com\/\",\"name\":\"vapebulkp.com\",\"description\":\"Buy Vape In Cheap Bulk Price Near you\",\"publisher\":{\"@id\":\"https:\/\/vapebulkp.com\/#organization\"},\"potentialAction\":[{\"@type\":\"SearchAction\",\"target\":{\"@type\":\"EntryPoint\",\"urlTemplate\":\"https:\/\/vapebulkp.com\/?s={search_term_string}\"},\"query-input\":\"required name=search_term_string\"}],\"inLanguage\":\"lv-LV\"},{\"@type\":\"Organization\",\"@id\":\"https:\/\/vapebulkp.com\/#organization\",\"name\":\"vapebulkp.com\",\"url\":\"https:\/\/vapebulkp.com\/\",\"logo\":{\"@type\":\"ImageObject\",\"inLanguage\":\"lv-LV\",\"@id\":\"https:\/\/vapebulkp.com\/#\/schema\/logo\/image\/\",\"url\":\"https:\/\/vapebulkp.com\/wp-content\/uploads\/2023\/09\/cropped-vapebulkp.png\",\"contentUrl\":\"https:\/\/vapebulkp.com\/wp-content\/uploads\/2023\/09\/cropped-vapebulkp.png\",\"width\":516,\"height\":163,\"caption\":\"vapebulkp.com\"},\"image\":{\"@id\":\"https:\/\/vapebulkp.com\/#\/schema\/logo\/image\/\"}}]}<\/script>\n<!-- \/ Yoast SEO plugin. -->","yoast_head_json":{"title":"Discount Price Cloud Bar TN 15000 Puffs Disposable Vape RAZ BAR - vapebulkp.com","description":"Discount Price Cloud Bar TN 15000 Disposable Vape RAZ BAR with an unprecedented 23ml e-juice reservoir and a robust 650mAh battery, this intelligent device redefines convenience and performance.","robots":{"index":"index","follow":"follow","max-snippet":"max-snippet:-1","max-image-preview":"max-image-preview:large","max-video-preview":"max-video-preview:-1"},"canonical":"https:\/\/vapebulkp.com\/lv\/product\/discount-price-cloud-bar-tn-15000-disposable-vape-raz-bar\/","og_locale":"lv_LV","og_type":"article","og_title":"Discount Price Cloud Bar TN 15000 Puffs Disposable Vape RAZ BAR - vapebulkp.com","og_description":"Discount Price Cloud Bar TN 15000 Disposable Vape RAZ BAR with an unprecedented 23ml e-juice reservoir and a robust 650mAh battery, this intelligent device redefines convenience and performance.","og_url":"https:\/\/vapebulkp.com\/lv\/product\/discount-price-cloud-bar-tn-15000-disposable-vape-raz-bar\/","og_site_name":"vapebulkp.com","article_modified_time":"2025-09-02T03:11:26+00:00","og_image":[{"width":800,"height":800,"url":"http:\/\/vapebulkp.com\/wp-content\/uploads\/2024\/04\/Good-Price-Cloud-TN-15k-Puffs-Good-Vape.png","type":"image\/png"}],"twitter_card":"summary_large_image","twitter_misc":{"Est. reading time":"4 min\u016btes"},"schema":{"@context":"https:\/\/schema.org","@graph":[{"@type":"WebPage","@id":"https:\/\/vapebulkp.com\/product\/discount-price-cloud-bar-tn-15000-disposable-vape-raz-bar\/","url":"https:\/\/vapebulkp.com\/product\/discount-price-cloud-bar-tn-15000-disposable-vape-raz-bar\/","name":"Discount Price Cloud Bar TN 15000 Puffs Disposable Vape RAZ BAR - vapebulkp.com","isPartOf":{"@id":"https:\/\/vapebulkp.com\/#website"},"datePublished":"2024-04-28T09:43:52+00:00","dateModified":"2025-09-02T03:11:26+00:00","description":"Discount Price Cloud Bar TN 15000 Disposable Vape RAZ BAR with an unprecedented 23ml e-juice reservoir and a robust 650mAh battery, this intelligent device redefines convenience and performance.","breadcrumb":{"@id":"https:\/\/vapebulkp.com\/product\/discount-price-cloud-bar-tn-15000-disposable-vape-raz-bar\/#breadcrumb"},"inLanguage":"lv-LV","potentialAction":[{"@type":"ReadAction","target":["https:\/\/vapebulkp.com\/product\/discount-price-cloud-bar-tn-15000-disposable-vape-raz-bar\/"]}]},{"@type":"BreadcrumbList","@id":"https:\/\/vapebulkp.com\/product\/discount-price-cloud-bar-tn-15000-disposable-vape-raz-bar\/#breadcrumb","itemListElement":[{"@type":"ListItem","position":1,"name":"Home","item":"https:\/\/vapebulkp.com\/"},{"@type":"ListItem","position":2,"name":"Hot Trend Vapes","item":"https:\/\/vapebulkp.com\/vape-shop\/"},{"@type":"ListItem","position":3,"name":"Discount Price Cloud Bar TN 15000 Puffs Disposable Vape RAZ BAR"}]},{"@type":"WebSite","@id":"https:\/\/vapebulkp.com\/#website","url":"https:\/\/vapebulkp.com\/","name":"vapebulkp.com","description":"Buy Vape In Cheap Bulk Price Near you","publisher":{"@id":"https:\/\/vapebulkp.com\/#organization"},"potentialAction":[{"@type":"SearchAction","target":{"@type":"EntryPoint","urlTemplate":"https:\/\/vapebulkp.com\/?s={search_term_string}"},"query-input":"required name=search_term_string"}],"inLanguage":"lv-LV"},{"@type":"Organization","@id":"https:\/\/vapebulkp.com\/#organization","name":"vapebulkp.com","url":"https:\/\/vapebulkp.com\/","logo":{"@type":"ImageObject","inLanguage":"lv-LV","@id":"https:\/\/vapebulkp.com\/#\/schema\/logo\/image\/","url":"https:\/\/vapebulkp.com\/wp-content\/uploads\/2023\/09\/cropped-vapebulkp.png","contentUrl":"https:\/\/vapebulkp.com\/wp-content\/uploads\/2023\/09\/cropped-vapebulkp.png","width":516,"height":163,"caption":"vapebulkp.com"},"image":{"@id":"https:\/\/vapebulkp.com\/#\/schema\/logo\/image\/"}}]}},"uagb_featured_image_src":{"full":["https:\/\/vapebulkp.com\/wp-content\/uploads\/2024\/04\/Good-Price-Cloud-TN-15k-Puffs-Good-Vape.png",800,800,false],"thumbnail":["https:\/\/vapebulkp.com\/wp-content\/uploads\/2024\/04\/Good-Price-Cloud-TN-15k-Puffs-Good-Vape-150x150.png",150,150,true],"medium":["https:\/\/vapebulkp.com\/wp-content\/uploads\/2024\/04\/Good-Price-Cloud-TN-15k-Puffs-Good-Vape-300x300.png",300,300,true],"medium_large":["https:\/\/vapebulkp.com\/wp-content\/uploads\/2024\/04\/Good-Price-Cloud-TN-15k-Puffs-Good-Vape-768x768.png",768,768,true],"large":["https:\/\/vapebulkp.com\/wp-content\/uploads\/2024\/04\/Good-Price-Cloud-TN-15k-Puffs-Good-Vape.png",800,800,false],"1536x1536":["https:\/\/vapebulkp.com\/wp-content\/uploads\/2024\/04\/Good-Price-Cloud-TN-15k-Puffs-Good-Vape.png",800,800,false],"2048x2048":["https:\/\/vapebulkp.com\/wp-content\/uploads\/2024\/04\/Good-Price-Cloud-TN-15k-Puffs-Good-Vape.png",800,800,false],"trp-custom-language-flag":["https:\/\/vapebulkp.com\/wp-content\/uploads\/2024\/04\/Good-Price-Cloud-TN-15k-Puffs-Good-Vape.png",12,12,false],"woocommerce_thumbnail":["https:\/\/vapebulkp.com\/wp-content\/uploads\/2024\/04\/Good-Price-Cloud-TN-15k-Puffs-Good-Vape-300x300.png",300,300,true],"woocommerce_single":["https:\/\/vapebulkp.com\/wp-content\/uploads\/2024\/04\/Good-Price-Cloud-TN-15k-Puffs-Good-Vape-600x600.png",600,600,true],"woocommerce_gallery_thumbnail":["https:\/\/vapebulkp.com\/wp-content\/uploads\/2024\/04\/Good-Price-Cloud-TN-15k-Puffs-Good-Vape-100x100.png",100,100,true],"wcpr-photo-reviews":["https:\/\/vapebulkp.com\/wp-content\/uploads\/2024\/04\/Good-Price-Cloud-TN-15k-Puffs-Good-Vape.png",500,500,false]},"uagb_author_info":{"display_name":"Mandy vape bulk price","author_link":"https:\/\/vapebulkp.com\/lv\/author\/"},"uagb_comment_info":1,"uagb_excerpt":"Wholesale price Cloud Bar RAZ BAR 15k Puffs Cloud Bar TN 15000 puffs Top Sale Sweden Cloud Bar GEEK BAR 15K puffs Disposbale Vape Hot Sale This Week Pls Contact Mandy's WhatsApp For Discount Price+8618077105796 NOTE: Prices on our website does not include shipping costs Main reason for purchase 1. Excellent quality and unparalleled performance.&hellip;","_links":{"self":[{"href":"https:\/\/vapebulkp.com\/lv\/wp-json\/wp\/v2\/product\/2399","targetHints":{"allow":["GET"]}}],"collection":[{"href":"https:\/\/vapebulkp.com\/lv\/wp-json\/wp\/v2\/product"}],"about":[{"href":"https:\/\/vapebulkp.com\/lv\/wp-json\/wp\/v2\/types\/product"}],"replies":[{"embeddable":true,"href":"https:\/\/vapebulkp.com\/lv\/wp-json\/wp\/v2\/comments?post=2399"}],"wp:featuredmedia":[{"embeddable":true,"href":"https:\/\/vapebulkp.com\/lv\/wp-json\/wp\/v2\/media\/2334"}],"wp:attachment":[{"href":"https:\/\/vapebulkp.com\/lv\/wp-json\/wp\/v2\/media?parent=2399"}],"wp:term":[{"taxonomy":"product_cat","embeddable":true,"href":"https:\/\/vapebulkp.com\/lv\/wp-json\/wp\/v2\/product_cat?post=2399"},{"taxonomy":"product_tag","embeddable":true,"href":"https:\/\/vapebulkp.com\/lv\/wp-json\/wp\/v2\/product_tag?post=2399"}],"curies":[{"name":"wp","href":"https:\/\/api.w.org\/{rel}","templated":true}]}}