{"id":2400,"date":"2024-04-29T05:41:48","date_gmt":"2024-04-29T03:41:48","guid":{"rendered":"https:\/\/vapebulkp.com\/?post_type=product&#038;p=2400"},"modified":"2025-09-02T05:18:30","modified_gmt":"2025-09-02T03:18:30","slug":"fluumbox-digital-box-15k-puffs-rechargeable-vape-geek-bar","status":"publish","type":"product","link":"https:\/\/vapebulkp.com\/lv\/product\/fluumbox-digital-box-15k-puffs-rechargeable-vape-geek-bar\/","title":{"rendered":"FLUUMBOX digit\u0101l\u0101 kast\u012bte 15K Puffs atk\u0101rtoti uzl\u0101d\u0113jams vape GEEK BAR"},"content":{"rendered":"<h2>FLUUMBOX digit\u0101l\u0101 kast\u012bte 15K Puffs atk\u0101rtoti uzl\u0101d\u0113jams vape GEEK BAR<\/h2>\n<p>&nbsp;<\/p>\n<p data-start=\"179\" data-end=\"552\">FLUUMBOX Digital Box 15K Puffs Uzl\u0101d\u0113jamais Vape ir premium klases <strong data-start=\"249\" data-end=\"281\">\u00a0vape kaste<\/strong>\u00a0kas izstr\u0101d\u0101ta Eiropas vape entuziastiem, kuri mekl\u0113 \u0113rtumu, veiktsp\u0113ju un stilu. T\u0101 25 ml e-\u0161\u0137idruma ietilp\u012bba un 2% vai 5% nikot\u012bna s\u0101ls iesp\u0113jas nodro\u0161ina bag\u0101t\u012bgu gar\u0161u un apmierino\u0161u \"kakla sitienu\" ar katru pievilk\u0161anu, padarot to par popul\u0101r\u0101ko izv\u0113li <strong data-start=\"527\" data-end=\"549\">nikot\u012bna s\u0101ls vape<\/strong>.<\/p>\n<p data-start=\"554\" data-end=\"868\">faniem. Apr\u012bkots ar 650 mAh uzl\u0101d\u0113jamu akumulatoru un USB Type-C uzl\u0101di, \u0161\u012b ier\u012bce pied\u0101v\u0101 <strong data-start=\"642\" data-end=\"663\">ilgsto\u0161as vape<\/strong> sesijas bez p\u0101rtraukumiem. Ar pievilk\u0161anu aktiviz\u0113t\u0101 sist\u0113ma nodro\u0161ina vienm\u0113r\u012bgus, konsekventus pufus, savuk\u0101rt t\u0101s kompaktais, kabat\u0101 ietilp\u012bgais dizains padara to par ide\u0101lu <strong data-start=\"817\" data-end=\"841\">portat\u012bvo vape ier\u012bci<\/strong> ikdienas lieto\u0161anai vai ce\u013co\u0161anai.<\/p>\n<p data-start=\"870\" data-end=\"1195\">Ide\u0101li piem\u0113rota lielapjoma pas\u016bt\u012bjumiem, <strong data-start=\"899\" data-end=\"951\">FLUUMBOX Digit\u0101l\u0101 kaste <a href=\"https:\/\/vapebulkp.com\/lv\/product-category\/15000-puffs-disposable-vape\/\">15000 d\u016bmu vienreiz\u0113j\u0101s lieto\u0161anas elektronisk\u0101 cigarete<\/a><\/strong> atbilst mazumtirgot\u0101ju vajadz\u012bb\u0101m, kuri mekl\u0113 ienes\u012bgu <strong data-start=\"1006\" data-end=\"1027\">vairumtirdzniec\u012bbas vape ES<\/strong> opciju. Ar l\u012bdz pat 15 000 pufiem uz ier\u012bci t\u0101 apvieno \u0113rtumu, augstu veiktsp\u0113ju un daudzveid\u012bbu, padarot to par izcilu izv\u0113li gan ikdienas, gan past\u0101v\u012bgiem vaperiem.<\/p>\n<h6 style=\"text-align: left\"><img decoding=\"async\" class=\"alignnone wp-image-2360\" src=\"http:\/\/vapebulkp.com\/wp-content\/uploads\/2024\/04\/Raz-box-15000-Vape-Wholesale-Discount-scaled.jpg\" alt=\"Raz box 15000 Vape Vairumtirdzniec\u012bbas atlaide\" width=\"1056\" height=\"783\" srcset=\"https:\/\/vapebulkp.com\/wp-content\/uploads\/2024\/04\/Raz-box-15000-Vape-Wholesale-Discount-scaled.jpg 2560w, https:\/\/vapebulkp.com\/wp-content\/uploads\/2024\/04\/Raz-box-15000-Vape-Wholesale-Discount-300x222.jpg 300w, https:\/\/vapebulkp.com\/wp-content\/uploads\/2024\/04\/Raz-box-15000-Vape-Wholesale-Discount-1024x759.jpg 1024w, https:\/\/vapebulkp.com\/wp-content\/uploads\/2024\/04\/Raz-box-15000-Vape-Wholesale-Discount-768x569.jpg 768w, https:\/\/vapebulkp.com\/wp-content\/uploads\/2024\/04\/Raz-box-15000-Vape-Wholesale-Discount-1536x1139.jpg 1536w, https:\/\/vapebulkp.com\/wp-content\/uploads\/2024\/04\/Raz-box-15000-Vape-Wholesale-Discount-2048x1518.jpg 2048w, https:\/\/vapebulkp.com\/wp-content\/uploads\/2024\/04\/Raz-box-15000-Vape-Wholesale-Discount-600x445.jpg 600w\" sizes=\"(max-width: 1056px) 100vw, 1056px\" \/><\/h6>\n<p>&nbsp;<\/p>\n<h6>L\u016bdzu, sazinieties ar Mandijas WhatsApp, lai sa\u0146emtu atlaides cenu<a href=\"https:\/\/wa.me\/8618077105796\">+8618077105796<\/a><\/h6>\n<p><img decoding=\"async\" class=\"alignnone wp-image-2151\" src=\"http:\/\/vapebulkp.com\/wp-content\/uploads\/2024\/04\/Mandy-WhatsApp-Randm.jpg\" alt=\"Mandy WhatsApp Randi\" width=\"340\" height=\"361\" srcset=\"https:\/\/vapebulkp.com\/wp-content\/uploads\/2024\/04\/Mandy-WhatsApp-Randm.jpg 916w, https:\/\/vapebulkp.com\/wp-content\/uploads\/2024\/04\/Mandy-WhatsApp-Randm-282x300.jpg 282w, https:\/\/vapebulkp.com\/wp-content\/uploads\/2024\/04\/Mandy-WhatsApp-Randm-768x817.jpg 768w, https:\/\/vapebulkp.com\/wp-content\/uploads\/2024\/04\/Mandy-WhatsApp-Randm-600x638.jpg 600w\" sizes=\"(max-width: 340px) 100vw, 340px\" \/><\/p>\n<h2><span style=\"vertical-align: inherit\">Dom\u0101ju, ka jums var\u0113tu b\u016bt interesanti uzzin\u0101t par FLUUM BOX Digital box 15000 Puffs Vienreiz\u0113jo Vape Ori\u0123in\u0101lo Vape:<\/span><\/h2>\n<p>&nbsp;<\/p>\n<h6 class=\"style-scope ytd-watch-metadata\">1.K\u0101 lietot FLUUM BOX digit\u0101lo 15K Puffs Vape BOX RAZZ BAR?<\/h6>\n<p>&nbsp;<\/p>\n<p>1. solis. Pirms 15k p\u016btienu lieto\u0161anas atvienojiet plastmasas cauruli.<\/p>\n<p>2. solis. Gaidiet apm\u0113ram 3 min\u016btes, lai \u0161\u0137idrums non\u0101ktu iek\u0161\u0113j\u0101 spol\u0113.<\/p>\n<p>3. solis. Izbaudiet to<\/p>\n<h6>2.K\u0101 uzl\u0101d\u0113t vienreiz\u0113j\u0101s lieto\u0161anas e-cigareti FLUUM BOX Digital box 15000 Puffs?<\/h6>\n<p>\u0100tr\u0101s uzl\u0101des l\u0101d\u0113t\u0101jus nevar izmantot, un vienreiz\u0113j\u0101s lieto\u0161anas e-cigare\u0161u standarta dro\u0161\u0101 jauda ir 5V 1A.<\/p>\n<p>Katrs uzl\u0101des laiks nedr\u012bkst p\u0101rsniegt 1 stundu, un dro\u0161s uzl\u0101des laiks ir pusstunda.<\/p>\n<h6>3.Cik daudz p\u016btienu ir FLUUM BOX Digital box 15000 Puffs vienreiz\u0113j\u0101s lieto\u0161anas e-cigaretei?<\/h6>\n<p>\u2014-15000 p\u016btieni<\/p>\n<p><span style=\"color: #ff6600\">Pazi\u0146ojums: Neuzl\u0101d\u0113jiet visu nakti!<\/span><\/p>\n<p>&nbsp;<\/p>\n<h3><strong><span style=\"vertical-align: inherit\">Specifik\u0101cija FLUUM BOX Digital box 15k Puffs:<\/span><br \/>\n<\/strong><\/h3>\n<ul>\n<li>Akumulators: 650 mAh (C tipa)<\/li>\n<li>Ietilp\u012bba: 25ml<\/li>\n<li>Aptuvenais s\u016bk\u0161anas tilpums: 15000 p\u016btieni<\/li>\n<li>Nikot\u012bna stiprums: 2%,5%<\/li>\n<li>MOQ: 100 gab<\/li>\n<li class=\"text-body font-regular text-gray-800 leading-[24px] my-[5px] [&amp;&gt;ol]:!pt-0 [&amp;&gt;ol]:!pb-0 [&amp;&gt;ul]:!pt-0 [&amp;&gt;ul]:!pb-0\" value=\"5\"><strong><strong class=\"font-bold\">Pretest\u012bba<\/strong><\/strong>: Ide\u0101ls 1,1 omi, lai katru reizi ieg\u016btu perfektu vilkmi<\/li>\n<li value=\"5\">Pretest\u012bba: 1,1 omi<\/li>\n<\/ul>\n<h3><strong>\u00a0Atlai\u017eu cena Vape FLUUM BOX Digital Box 15000Puffs gar\u0161u saraksts:<\/strong><\/h3>\n<p>1 zeme\u0146u arb\u016bzs<br \/>\n2 zeme\u0146u mango<br \/>\n3 tr\u012bsk\u0101r\u0161\u0101 oga<br \/>\n4 arb\u016bzu ledus<br \/>\n5 mango persiks<br \/>\n6 melle\u0146u avenes<br \/>\n7 persiku ledus<br \/>\n8 melle\u0146u ledus<br \/>\n9 sk\u0101bais \u0101bols<br \/>\n10 zeme\u0146u kivi<br \/>\n11 Kivi pasifloru aug\u013cu gvajava<br \/>\n12 v\u012bnogu ledus<\/p>\n<p><a href=\"https:\/\/vapebulkp.com\/lv\/product\/popular-randm-tornado-7000puffs-disposable-vape-best-price\/\">https:\/\/vapebulkp.com\/product\/popular-randm-tornado-7000puffs-disposable-vape-best-price\/<\/a><\/p>\n<p><span style=\"vertical-align: inherit\">Atrast vair\u0101k produktu, kas jums var\u0113tu patikt:<\/span><em><a href=\"https:\/\/wa.me\/8618077105796\"><span style=\"vertical-align: inherit\">\u00a0Pirkt tagad<\/span><\/a><\/em><\/p>\n<p><span style=\"vertical-align: inherit\">Citas dvesmas, kas jums var\u0113tu patikt:<\/span><a href=\"https:\/\/vapebulkp.com\/lv\/product\/good-sale-randm-tornado-10000-puffs-plus\/\"><span style=\"vertical-align: inherit\">RandM 10000Dvesmas<\/span><\/a><span style=\"vertical-align: inherit\">\u3001 <\/span><a href=\"https:\/\/vapebulkp.com\/lv\/product\/wholesale-randm-tornado-9000-puffs-germany\/\"><span style=\"vertical-align: inherit\">RandM Tornado 9000 Dvesmas<\/span><\/a><span style=\"vertical-align: inherit\">\/ <\/span><a href=\"https:\/\/vapebulkp.com\/lv\/product\/popular-bang-king-10000-puffs-vape-good-price\/\"><span style=\"vertical-align: inherit\">Bang King 10000 Dvesmas<\/span><\/a><span style=\"vertical-align: inherit\">\/ <\/span><a href=\"https:\/\/vapebulkp.com\/lv\/product\/bang-with-a-vape-18000-puffs-crown-bar-hot-vape\/\"><span style=\"vertical-align: inherit\">Bang King 18000Dvesmas<\/span><\/a><\/p>\n<p><span style=\"vertical-align: inherit\">\u012apa\u0161as formas e-cigare\u0161u pudele:<\/span><a href=\"https:\/\/vapebulkp.com\/lv\/product\/popular-kulx-10000puffs-disposable-vape-good-price\/\"><span style=\"vertical-align: inherit\">Kulx vape 10000 dvesmas <\/span><\/a><span style=\"vertical-align: inherit\">\/ <\/span><a href=\"https:\/\/vapebulkp.com\/lv\/product\/bang-20000-puffs-hot-vape-top-sale-vape\/\"><span style=\"vertical-align: inherit\">Bang 20000 dvesmas <\/span><\/a><span style=\"vertical-align: inherit\">\/<\/span><a href=\"https:\/\/vapebulkp.com\/lv\/product\/popular-vape-bang-king-15000-puffs-bang-vape\/\"><span style=\"vertical-align: inherit\">Bang King 15000 Dvesmas<\/span><\/a><\/p>\n<h4>Pieg\u0101des deta\u013cas:<\/h4>\n<p><span style=\"color: #ff6600\">Ra\u017eo\u0161anas laiks: 5-10 darba dienas<\/span><br \/>\n<span style=\"color: #ff6600\">Pieg\u0101des laiks: 8-14 darba dienas<\/span><\/p>\n<p>Visi produkti m\u016bsu veikal\u0101 ir 100% ori\u0123in\u0101li un autentiski, t\u0101p\u0113c desmitk\u0101rt\u012bga kompens\u0101cija par viltot\u0101m prec\u0113m ir m\u016bsu veikala politika. M\u0113s izmantojam t\u0101dus lo\u0123istikas kan\u0101lus k\u0101 UPS\/DHL\/FEDEX\/DPD, lai pieg\u0101d\u0101tu preces jums.<\/p>\n<p>Paci\u0146\u0101m, kas tiek s\u016bt\u012btas uz Latviju, parasti nepiecie\u0161amas 10 darba dienas, lai t\u0101s sa\u0146emtu. S\u016bt\u012bjumiem uz Eiropas valst\u012bm parasti nepiecie\u0161amas 12 l\u012bdz 15 darba dienas, lai t\u0101s sa\u0146emtu. M\u0113s atjaunin\u0101sim lo\u0123istikas inform\u0101ciju jums re\u0101llaik\u0101.<\/p>","protected":false},"excerpt":{"rendered":"<p>FLUUM Digital Box 15K Puffs Uzl\u0101d\u0113jams Vape<\/p>\n<p><img decoding=\"async\" class=\"alignnone wp-image-2151\" src=\"http:\/\/vapebulkp.com\/wp-content\/uploads\/2024\/04\/Mandy-WhatsApp-Randm.jpg\" alt=\"Mandy WhatsApp Randi\" width=\"274\" height=\"291\" srcset=\"https:\/\/vapebulkp.com\/wp-content\/uploads\/2024\/04\/Mandy-WhatsApp-Randm.jpg 916w, https:\/\/vapebulkp.com\/wp-content\/uploads\/2024\/04\/Mandy-WhatsApp-Randm-282x300.jpg 282w, https:\/\/vapebulkp.com\/wp-content\/uploads\/2024\/04\/Mandy-WhatsApp-Randm-768x817.jpg 768w, https:\/\/vapebulkp.com\/wp-content\/uploads\/2024\/04\/Mandy-WhatsApp-Randm-600x638.jpg 600w\" sizes=\"(max-width: 274px) 100vw, 274px\" \/><\/p>\n<p>L\u016bdzu, sazinieties ar Mandijas WhatsApp, lai sa\u0146emtu atlaides cenu<a href=\"https:\/\/wa.me\/8618077105796\">+8618077105796<\/a><\/p>\n<p><span style=\"color: #ff0000\">PIEZ\u012aME: Cenas m\u016bsu t\u012bmek\u013ca vietn\u0113 neietver pieg\u0101des izmaksas<\/span><\/p>","protected":false},"featured_media":2346,"comment_status":"open","ping_status":"closed","template":"","meta":{"_uag_custom_page_level_css":"","_lmt_disableupdate":"no","_lmt_disable":"","site-sidebar-layout":"default","site-content-layout":"content-boxed-container","ast-site-content-layout":"normal-width-container","site-content-style":"boxed","site-sidebar-style":"unboxed","ast-global-header-display":"","ast-banner-title-visibility":"","ast-main-header-display":"","ast-hfb-above-header-display":"","ast-hfb-below-header-display":"","ast-hfb-mobile-header-display":"","site-post-title":"","ast-breadcrumbs-content":"","ast-featured-img":"","footer-sml-layout":"","theme-transparent-header-meta":"default","adv-header-id-meta":"","stick-header-meta":"","header-above-stick-meta":"","header-main-stick-meta":"","header-below-stick-meta":"","astra-migrate-meta-layouts":"set","_joinchat":[]},"product_cat":[165,153,155,33,59,100,87,34,158,157,154,152,58,84,156,32],"product_tag":[77,36,37,41,71,40],"class_list":["post-2400","product","type-product","status-publish","has-post-thumbnail","hentry","product_cat-15000-puffs-disposable-vape","product_cat-hot-disposable-vapes","product_cat-belgium-hot-disposable-vapes","product_cat-france-vape-hot-sale","product_cat-germany-hot-disposable-vape","product_cat-germany-wholesale-vape-shop","product_cat-minimum-order-quantity-50pcs","product_cat-netherlands-vape-good-sale","product_cat-norway-hot-disposable-vapes","product_cat-poland-hot-disposable-vapes","product_cat-portugal-hot-disposable-vapes","product_cat-spain-hot-disposable-vapes","product_cat-sweden-hot-disposable-vape","product_cat-sweden-wholesale-vape","product_cat-switzerland-hot-disposable-vapes","product_cat-vape-hot-sale-this-week","product_tag-15000-puffs","product_tag-good-vape","product_tag-hot-sale-disposable-vape","product_tag-poland-hot-vape","product_tag-randm","product_tag-sweden-hot-vape","desktop-align-left","tablet-align-left","mobile-align-left"],"yoast_head":"<!-- This site is optimized with the Yoast SEO plugin v21.1 - https:\/\/yoast.com\/wordpress\/plugins\/seo\/ -->\n<title>FLUUMBOX Digital Box 15K Puffs Rechargeable Vape GEEK BAR - vapebulkp.com<\/title>\n<meta name=\"description\" content=\"Premium FLUUMBOX Digital Box 15000 Puffs Disposable Vape with 650mAh rechargeable battery, 2\u20135% nicotine salt options, and USB Type-C charging. Long-lasting, portable rechargeable disposable vape.\" \/>\n<meta name=\"robots\" content=\"index, follow, max-snippet:-1, max-image-preview:large, max-video-preview:-1\" \/>\n<link rel=\"canonical\" href=\"https:\/\/vapebulkp.com\/lv\/product\/fluumbox-digital-box-15k-puffs-rechargeable-vape-geek-bar\/\" \/>\n<meta property=\"og:locale\" content=\"lv_LV\" \/>\n<meta property=\"og:type\" content=\"article\" \/>\n<meta property=\"og:title\" content=\"FLUUMBOX Digital Box 15K Puffs Rechargeable Vape GEEK BAR - vapebulkp.com\" \/>\n<meta property=\"og:description\" content=\"Premium FLUUMBOX Digital Box 15000 Puffs Disposable Vape with 650mAh rechargeable battery, 2\u20135% nicotine salt options, and USB Type-C charging. Long-lasting, portable rechargeable disposable vape.\" \/>\n<meta property=\"og:url\" content=\"https:\/\/vapebulkp.com\/lv\/product\/fluumbox-digital-box-15k-puffs-rechargeable-vape-geek-bar\/\" \/>\n<meta property=\"og:site_name\" content=\"vapebulkp.com\" \/>\n<meta property=\"article:modified_time\" content=\"2025-09-02T03:18:30+00:00\" \/>\n<meta property=\"og:image\" content=\"http:\/\/vapebulkp.com\/wp-content\/uploads\/2024\/04\/Fluum-box-15k-Puffs-Wholesale-Discount.png\" \/>\n\t<meta property=\"og:image:width\" content=\"518\" \/>\n\t<meta property=\"og:image:height\" content=\"711\" \/>\n\t<meta property=\"og:image:type\" content=\"image\/png\" \/>\n<meta name=\"twitter:card\" content=\"summary_large_image\" \/>\n<meta name=\"twitter:label1\" content=\"Est. reading time\" \/>\n\t<meta name=\"twitter:data1\" content=\"3 min\u016btes\" \/>\n<script type=\"application\/ld+json\" class=\"yoast-schema-graph\">{\"@context\":\"https:\/\/schema.org\",\"@graph\":[{\"@type\":\"WebPage\",\"@id\":\"https:\/\/vapebulkp.com\/product\/fluumbox-digital-box-15k-puffs-rechargeable-vape-geek-bar\/\",\"url\":\"https:\/\/vapebulkp.com\/product\/fluumbox-digital-box-15k-puffs-rechargeable-vape-geek-bar\/\",\"name\":\"FLUUMBOX Digital Box 15K Puffs Rechargeable Vape GEEK BAR - vapebulkp.com\",\"isPartOf\":{\"@id\":\"https:\/\/vapebulkp.com\/#website\"},\"datePublished\":\"2024-04-29T03:41:48+00:00\",\"dateModified\":\"2025-09-02T03:18:30+00:00\",\"description\":\"Premium FLUUMBOX Digital Box 15000 Puffs Disposable Vape with 650mAh rechargeable battery, 2\u20135% nicotine salt options, and USB Type-C charging. Long-lasting, portable rechargeable disposable vape.\",\"breadcrumb\":{\"@id\":\"https:\/\/vapebulkp.com\/product\/fluumbox-digital-box-15k-puffs-rechargeable-vape-geek-bar\/#breadcrumb\"},\"inLanguage\":\"lv-LV\",\"potentialAction\":[{\"@type\":\"ReadAction\",\"target\":[\"https:\/\/vapebulkp.com\/product\/fluumbox-digital-box-15k-puffs-rechargeable-vape-geek-bar\/\"]}]},{\"@type\":\"BreadcrumbList\",\"@id\":\"https:\/\/vapebulkp.com\/product\/fluumbox-digital-box-15k-puffs-rechargeable-vape-geek-bar\/#breadcrumb\",\"itemListElement\":[{\"@type\":\"ListItem\",\"position\":1,\"name\":\"Home\",\"item\":\"https:\/\/vapebulkp.com\/\"},{\"@type\":\"ListItem\",\"position\":2,\"name\":\"Hot Trend Vapes\",\"item\":\"https:\/\/vapebulkp.com\/vape-shop\/\"},{\"@type\":\"ListItem\",\"position\":3,\"name\":\"FLUUMBOX Digital Box 15K Puffs Rechargeable Vape GEEK BAR\"}]},{\"@type\":\"WebSite\",\"@id\":\"https:\/\/vapebulkp.com\/#website\",\"url\":\"https:\/\/vapebulkp.com\/\",\"name\":\"vapebulkp.com\",\"description\":\"Buy Vape In Cheap Bulk Price Near you\",\"publisher\":{\"@id\":\"https:\/\/vapebulkp.com\/#organization\"},\"potentialAction\":[{\"@type\":\"SearchAction\",\"target\":{\"@type\":\"EntryPoint\",\"urlTemplate\":\"https:\/\/vapebulkp.com\/?s={search_term_string}\"},\"query-input\":\"required name=search_term_string\"}],\"inLanguage\":\"lv-LV\"},{\"@type\":\"Organization\",\"@id\":\"https:\/\/vapebulkp.com\/#organization\",\"name\":\"vapebulkp.com\",\"url\":\"https:\/\/vapebulkp.com\/\",\"logo\":{\"@type\":\"ImageObject\",\"inLanguage\":\"lv-LV\",\"@id\":\"https:\/\/vapebulkp.com\/#\/schema\/logo\/image\/\",\"url\":\"https:\/\/vapebulkp.com\/wp-content\/uploads\/2023\/09\/cropped-vapebulkp.png\",\"contentUrl\":\"https:\/\/vapebulkp.com\/wp-content\/uploads\/2023\/09\/cropped-vapebulkp.png\",\"width\":516,\"height\":163,\"caption\":\"vapebulkp.com\"},\"image\":{\"@id\":\"https:\/\/vapebulkp.com\/#\/schema\/logo\/image\/\"}}]}<\/script>\n<!-- \/ Yoast SEO plugin. -->","yoast_head_json":{"title":"FLUUMBOX Digital Box 15K Puffs Rechargeable Vape GEEK BAR - vapebulkp.com","description":"Premium FLUUMBOX Digital Box 15000 Puffs Disposable Vape with 650mAh rechargeable battery, 2\u20135% nicotine salt options, and USB Type-C charging. Long-lasting, portable rechargeable disposable vape.","robots":{"index":"index","follow":"follow","max-snippet":"max-snippet:-1","max-image-preview":"max-image-preview:large","max-video-preview":"max-video-preview:-1"},"canonical":"https:\/\/vapebulkp.com\/lv\/product\/fluumbox-digital-box-15k-puffs-rechargeable-vape-geek-bar\/","og_locale":"lv_LV","og_type":"article","og_title":"FLUUMBOX Digital Box 15K Puffs Rechargeable Vape GEEK BAR - vapebulkp.com","og_description":"Premium FLUUMBOX Digital Box 15000 Puffs Disposable Vape with 650mAh rechargeable battery, 2\u20135% nicotine salt options, and USB Type-C charging. Long-lasting, portable rechargeable disposable vape.","og_url":"https:\/\/vapebulkp.com\/lv\/product\/fluumbox-digital-box-15k-puffs-rechargeable-vape-geek-bar\/","og_site_name":"vapebulkp.com","article_modified_time":"2025-09-02T03:18:30+00:00","og_image":[{"width":518,"height":711,"url":"http:\/\/vapebulkp.com\/wp-content\/uploads\/2024\/04\/Fluum-box-15k-Puffs-Wholesale-Discount.png","type":"image\/png"}],"twitter_card":"summary_large_image","twitter_misc":{"Est. reading time":"3 min\u016btes"},"schema":{"@context":"https:\/\/schema.org","@graph":[{"@type":"WebPage","@id":"https:\/\/vapebulkp.com\/product\/fluumbox-digital-box-15k-puffs-rechargeable-vape-geek-bar\/","url":"https:\/\/vapebulkp.com\/product\/fluumbox-digital-box-15k-puffs-rechargeable-vape-geek-bar\/","name":"FLUUMBOX Digital Box 15K Puffs Rechargeable Vape GEEK BAR - vapebulkp.com","isPartOf":{"@id":"https:\/\/vapebulkp.com\/#website"},"datePublished":"2024-04-29T03:41:48+00:00","dateModified":"2025-09-02T03:18:30+00:00","description":"Premium FLUUMBOX Digital Box 15000 Puffs Disposable Vape with 650mAh rechargeable battery, 2\u20135% nicotine salt options, and USB Type-C charging. Long-lasting, portable rechargeable disposable vape.","breadcrumb":{"@id":"https:\/\/vapebulkp.com\/product\/fluumbox-digital-box-15k-puffs-rechargeable-vape-geek-bar\/#breadcrumb"},"inLanguage":"lv-LV","potentialAction":[{"@type":"ReadAction","target":["https:\/\/vapebulkp.com\/product\/fluumbox-digital-box-15k-puffs-rechargeable-vape-geek-bar\/"]}]},{"@type":"BreadcrumbList","@id":"https:\/\/vapebulkp.com\/product\/fluumbox-digital-box-15k-puffs-rechargeable-vape-geek-bar\/#breadcrumb","itemListElement":[{"@type":"ListItem","position":1,"name":"Home","item":"https:\/\/vapebulkp.com\/"},{"@type":"ListItem","position":2,"name":"Hot Trend Vapes","item":"https:\/\/vapebulkp.com\/vape-shop\/"},{"@type":"ListItem","position":3,"name":"FLUUMBOX Digital Box 15K Puffs Rechargeable Vape GEEK BAR"}]},{"@type":"WebSite","@id":"https:\/\/vapebulkp.com\/#website","url":"https:\/\/vapebulkp.com\/","name":"vapebulkp.com","description":"Buy Vape In Cheap Bulk Price Near you","publisher":{"@id":"https:\/\/vapebulkp.com\/#organization"},"potentialAction":[{"@type":"SearchAction","target":{"@type":"EntryPoint","urlTemplate":"https:\/\/vapebulkp.com\/?s={search_term_string}"},"query-input":"required name=search_term_string"}],"inLanguage":"lv-LV"},{"@type":"Organization","@id":"https:\/\/vapebulkp.com\/#organization","name":"vapebulkp.com","url":"https:\/\/vapebulkp.com\/","logo":{"@type":"ImageObject","inLanguage":"lv-LV","@id":"https:\/\/vapebulkp.com\/#\/schema\/logo\/image\/","url":"https:\/\/vapebulkp.com\/wp-content\/uploads\/2023\/09\/cropped-vapebulkp.png","contentUrl":"https:\/\/vapebulkp.com\/wp-content\/uploads\/2023\/09\/cropped-vapebulkp.png","width":516,"height":163,"caption":"vapebulkp.com"},"image":{"@id":"https:\/\/vapebulkp.com\/#\/schema\/logo\/image\/"}}]}},"uagb_featured_image_src":{"full":["https:\/\/vapebulkp.com\/wp-content\/uploads\/2024\/04\/Fluum-box-15k-Puffs-Wholesale-Discount.png",518,711,false],"thumbnail":["https:\/\/vapebulkp.com\/wp-content\/uploads\/2024\/04\/Fluum-box-15k-Puffs-Wholesale-Discount-150x150.png",150,150,true],"medium":["https:\/\/vapebulkp.com\/wp-content\/uploads\/2024\/04\/Fluum-box-15k-Puffs-Wholesale-Discount-219x300.png",219,300,true],"medium_large":["https:\/\/vapebulkp.com\/wp-content\/uploads\/2024\/04\/Fluum-box-15k-Puffs-Wholesale-Discount.png",518,711,false],"large":["https:\/\/vapebulkp.com\/wp-content\/uploads\/2024\/04\/Fluum-box-15k-Puffs-Wholesale-Discount.png",518,711,false],"1536x1536":["https:\/\/vapebulkp.com\/wp-content\/uploads\/2024\/04\/Fluum-box-15k-Puffs-Wholesale-Discount.png",518,711,false],"2048x2048":["https:\/\/vapebulkp.com\/wp-content\/uploads\/2024\/04\/Fluum-box-15k-Puffs-Wholesale-Discount.png",518,711,false],"trp-custom-language-flag":["https:\/\/vapebulkp.com\/wp-content\/uploads\/2024\/04\/Fluum-box-15k-Puffs-Wholesale-Discount.png",9,12,false],"woocommerce_thumbnail":["https:\/\/vapebulkp.com\/wp-content\/uploads\/2024\/04\/Fluum-box-15k-Puffs-Wholesale-Discount-300x300.png",300,300,true],"woocommerce_single":["https:\/\/vapebulkp.com\/wp-content\/uploads\/2024\/04\/Fluum-box-15k-Puffs-Wholesale-Discount.png",518,711,false],"woocommerce_gallery_thumbnail":["https:\/\/vapebulkp.com\/wp-content\/uploads\/2024\/04\/Fluum-box-15k-Puffs-Wholesale-Discount-100x100.png",100,100,true],"wcpr-photo-reviews":["https:\/\/vapebulkp.com\/wp-content\/uploads\/2024\/04\/Fluum-box-15k-Puffs-Wholesale-Discount.png",364,500,false]},"uagb_author_info":{"display_name":"Mandy vape bulk price","author_link":"https:\/\/vapebulkp.com\/lv\/author\/"},"uagb_comment_info":0,"uagb_excerpt":"FLUUM Digital Box 15K Puffs Rechargeable Vape Pls Contact Mandy's WhatsApp For Discount Price+8618077105796 NOTE: Prices on our website does not include shipping costs","_links":{"self":[{"href":"https:\/\/vapebulkp.com\/lv\/wp-json\/wp\/v2\/product\/2400","targetHints":{"allow":["GET"]}}],"collection":[{"href":"https:\/\/vapebulkp.com\/lv\/wp-json\/wp\/v2\/product"}],"about":[{"href":"https:\/\/vapebulkp.com\/lv\/wp-json\/wp\/v2\/types\/product"}],"replies":[{"embeddable":true,"href":"https:\/\/vapebulkp.com\/lv\/wp-json\/wp\/v2\/comments?post=2400"}],"wp:featuredmedia":[{"embeddable":true,"href":"https:\/\/vapebulkp.com\/lv\/wp-json\/wp\/v2\/media\/2346"}],"wp:attachment":[{"href":"https:\/\/vapebulkp.com\/lv\/wp-json\/wp\/v2\/media?parent=2400"}],"wp:term":[{"taxonomy":"product_cat","embeddable":true,"href":"https:\/\/vapebulkp.com\/lv\/wp-json\/wp\/v2\/product_cat?post=2400"},{"taxonomy":"product_tag","embeddable":true,"href":"https:\/\/vapebulkp.com\/lv\/wp-json\/wp\/v2\/product_tag?post=2400"}],"curies":[{"name":"wp","href":"https:\/\/api.w.org\/{rel}","templated":true}]}}