{"id":2423,"date":"2024-05-09T10:54:09","date_gmt":"2024-05-09T08:54:09","guid":{"rendered":"https:\/\/vapebulkp.com\/?post_type=product&#038;p=2423"},"modified":"2025-09-24T05:14:17","modified_gmt":"2025-09-24T03:14:17","slug":"original-vape-big-puffs-bang-vape-36000puffs","status":"publish","type":"product","link":"https:\/\/vapebulkp.com\/lv\/product\/original-vape-big-puffs-bang-vape-36000puffs\/","title":{"rendered":"Ori\u0123in\u0101ls Vape Big Puffs Bang Vape 36000Puffs"},"content":{"rendered":"<h1 style=\"text-align: left\">Ori\u0123in\u0101ls Vape Big Puffs Bang Vape 36000Puffs<\/h1>\n<p data-start=\"265\" data-end=\"592\">Tas <strong data-start=\"269\" data-end=\"309\">Bang 36000 Puffs vienreizlietojamais tvaic\u0113t\u0101ja pods<\/strong> ir premium <a href=\"https:\/\/vapebulkp.com\/lv\/product-category\/36000-puff-disposable-vape\/\"><strong data-start=\"323\" data-end=\"354\">36000 dvesmu vienreiz\u0113j\u0101s lieto\u0161anas e-cigarete<\/strong><\/a> izstr\u0101d\u0101ts ilgsto\u0161ai darb\u012bbai un vienm\u0113r\u012bgai gar\u0161as snieg\u0161anai. Iepriek\u0161 uzpild\u012bts ar milz\u012bgu 40 ml e-\u0161\u0137idruma kasetni un pieejams ar 2% vai 5% nikot\u012bna s\u0101ls koncentr\u0101ciju, \u0161\u012b ier\u012bce nodro\u0161ina past\u0101v\u012bgu apmierin\u0101jumu gan gad\u012bjuma, gan smagiem tvaic\u0113t\u0101jiem.<\/p>\n<p data-start=\"594\" data-end=\"936\">Darbin\u0101ts ar iztur\u012bgu 850 mAh uzl\u0101d\u0113jamu akumulatoru ar Type-C \u0101tru uzl\u0101di, tas nodro\u0161ina nep\u0101rtrauktu tvaic\u0113\u0161anu ar minim\u0101lu d\u012bkst\u0101vi. Bang 36000 ir apr\u012bkots ar modernu spoles tehnolo\u0123iju bl\u012bva tvaika ra\u017eo\u0161anai un bag\u0101t\u012bgu saj\u016btu kakl\u0101 ar 10 popul\u0101r\u0101m gar\u0161\u0101m, padarot to par vienu no uzticam\u0101kajiem <strong data-start=\"885\" data-end=\"919\">lielas ietilp\u012bbas vienreizlietojamos vape<\/strong> tirg\u016b.<\/p>\n<p data-start=\"938\" data-end=\"1150\">Kompakts, stil\u012bgs un jaud\u012bgs, <strong data-start=\"974\" data-end=\"1014\">Bang 36000 Puffs vienreizlietojamais tvaic\u0113t\u0101ja pods<\/strong> ir ide\u0101la izv\u0113le tiem, kas mekl\u0113 <strong data-start=\"1061\" data-end=\"1096\">ilgsto\u0161u nikot\u012bna s\u0101ls tvaic\u0113t\u0101ju<\/strong> kas apvieno \u0113rt\u012bbas ar izcilu veiktsp\u0113ju.<\/p>\n<p><img decoding=\"async\" class=\"alignnone wp-image-2270\" src=\"http:\/\/vapebulkp.com\/wp-content\/uploads\/2024\/04\/Bang-Vape-36000-Puffs-Wholesale-Discount.jpg\" alt=\"Bang Vape 36000 Puffs vairumtirdzniec\u012bbas atlaide\" width=\"642\" height=\"875\" srcset=\"https:\/\/vapebulkp.com\/wp-content\/uploads\/2024\/04\/Bang-Vape-36000-Puffs-Wholesale-Discount.jpg 1080w, https:\/\/vapebulkp.com\/wp-content\/uploads\/2024\/04\/Bang-Vape-36000-Puffs-Wholesale-Discount-220x300.jpg 220w, https:\/\/vapebulkp.com\/wp-content\/uploads\/2024\/04\/Bang-Vape-36000-Puffs-Wholesale-Discount-751x1024.jpg 751w, https:\/\/vapebulkp.com\/wp-content\/uploads\/2024\/04\/Bang-Vape-36000-Puffs-Wholesale-Discount-768x1047.jpg 768w, https:\/\/vapebulkp.com\/wp-content\/uploads\/2024\/04\/Bang-Vape-36000-Puffs-Wholesale-Discount-600x818.jpg 600w\" sizes=\"(max-width: 642px) 100vw, 642px\" \/><\/p>\n<h6>L\u016bdzu, sazinieties ar Mandijas WhatsApp, lai sa\u0146emtu atlaides cenu<a href=\"https:\/\/wa.me\/8618077105796\">+8618077105796<\/a><\/h6>\n<p><img decoding=\"async\" class=\"alignnone wp-image-2151\" src=\"http:\/\/vapebulkp.com\/wp-content\/uploads\/2024\/04\/Mandy-WhatsApp-Randm.jpg\" alt=\"Mandy WhatsApp Randi\" width=\"261\" height=\"277\" srcset=\"https:\/\/vapebulkp.com\/wp-content\/uploads\/2024\/04\/Mandy-WhatsApp-Randm.jpg 916w, https:\/\/vapebulkp.com\/wp-content\/uploads\/2024\/04\/Mandy-WhatsApp-Randm-282x300.jpg 282w, https:\/\/vapebulkp.com\/wp-content\/uploads\/2024\/04\/Mandy-WhatsApp-Randm-768x817.jpg 768w, https:\/\/vapebulkp.com\/wp-content\/uploads\/2024\/04\/Mandy-WhatsApp-Randm-600x638.jpg 600w\" sizes=\"(max-width: 261px) 100vw, 261px\" \/><\/p>\n<h2>Dom\u0101j\u0101m, ka j\u016bs v\u0113l\u0113tos uzzin\u0101t par Bang 36000Puffs ori\u0123in\u0101lo tvaic\u0113t\u0101ju:<\/h2>\n<h5>1.K\u0101 lietot Bang 36k Puffs Vape Pen?<\/h5>\n<p>1. solis. Pirms bang vape 36k puffs lieto\u0161anas atvienojiet plastmasas cauruli.<\/p>\n<p>2. solis. Gaidiet apm\u0113ram 3 min\u016btes, lai \u0161\u0137idrums non\u0101ktu iek\u0161\u0113j\u0101 spol\u0113.<\/p>\n<p>3. solis. Izbaudiet to<\/p>\n<h5>2.K\u0101 uzl\u0101d\u0113t vienreizlietojamo tvaic\u0113t\u0101ju Bang Vape 36k puffs Sleek Vape?<\/h5>\n<p>\u0100tr\u0101s uzl\u0101des l\u0101d\u0113t\u0101jus nevar izmantot, un vienreiz\u0113j\u0101s lieto\u0161anas e-cigare\u0161u standarta dro\u0161\u0101 jauda ir 5V 1A.<\/p>\n<p>Katrs uzl\u0101des laiks nedr\u012bkst p\u0101rsniegt 1 stundu, un dro\u0161s uzl\u0101des laiks ir pusstunda.<\/p>\n<p><span style=\"color: #ff0000\">Pazi\u0146ojums: Neuzl\u0101d\u0113jiet visu nakti!<\/span><\/p>\n<h5>3.K\u0101da ir Bang 36k Puffs Vape Pen e-\u0161\u0137idruma ietilp\u012bba?<\/h5>\n<p>40ml<\/p>\n<h5>4.Cik daudz d\u016bmu varu ieelpot no \u0161\u012b Bang 36000 Puffs vienreizlietojam\u0101 tvaic\u0113t\u0101ja?<\/h5>\n<p>\u2014\u201336k d\u016bmi<\/p>\n<h3>Bang 36000 Puffs vienreizlietojam\u0101 tvaic\u0113t\u0101ja poda funkcijas:<\/h3>\n<ul>\n<li>D\u016bmi: L\u012aDZ 36000 d\u016bmiem<\/li>\n<li>\u00a0\u0160\u0137idrums: 40 ml iepriek\u0161 uzpild\u012bta e-\u0161\u0137idruma kasetne<\/li>\n<li>Nikot\u012bns: 2% Nikot\u012bna s\u0101ls<\/li>\n<li>\u00a0Veidi: Vienreizlietojamais e-cigaretes<\/li>\n<li>\u00a0850mAh akumulators<\/li>\n<li>\u00a0C tipa uzl\u0101d\u0113jams<\/li>\n<li>\u00a0Pieejamas 10 gar\u0161as<\/li>\n<\/ul>\n<h3><strong>Lielie d\u016bmi Vape Bang 36000 Puffs Gar\u0161u saraksti?<\/strong><\/h3>\n<p>1.Zeme\u0146u Kivi<br \/>\n2.Mango Persiku Arb\u016bzs<br \/>\n3.Jaukto AUG\u013bU<br \/>\n4.piparm\u0113tru ledus<br \/>\n5.Mango Persiku<br \/>\n6.v\u012bnogu ledus<br \/>\n7.dubultais \u0101bols<br \/>\n8.melle\u0146u ave\u0146u<br \/>\n9. Zeme\u0146u arb\u016bzs<br \/>\n10.ARBUZA LEDUS<br \/>\n11.zeme\u0146u mango<br \/>\n12.Melle\u0146u ledus<\/p>\n<p><a href=\"https:\/\/vapebulkp.com\/lv\/product\/popular-randm-tornado-7000puffs-disposable-vape-best-price\/\"><span style=\"vertical-align: inherit\">RandM Tornado 7000 dvesmas <\/span><\/a><\/p>\n<p><span style=\"vertical-align: inherit\">Atrast vair\u0101k produktu, kas jums var\u0113tu patikt:<\/span><em><a href=\"https:\/\/wa.me\/8618077105796\"><span style=\"vertical-align: inherit\">\u00a0Pirkt tagad<\/span><\/a><\/em><\/p>\n<p><span style=\"vertical-align: inherit\">Citas dvesmas, kas jums var\u0113tu patikt:<\/span><a href=\"https:\/\/vapebulkp.com\/lv\/product\/joymy-ultra15000puffs-best-disposable-vape-2023\/\"><span style=\"vertical-align: inherit\">JOYMY 15000 dvesmas<\/span><\/a><span style=\"vertical-align: inherit\">\u3001<\/span><a href=\"https:\/\/vapebulkp.com\/lv\/product\/wholesale-randm-tornado-9000-puffs-germany\/\"><span style=\"vertical-align: inherit\">RandM 9000 dvesmas<\/span><\/a><span style=\"vertical-align: inherit\">\/ <\/span><a href=\"https:\/\/vapebulkp.com\/lv\/product\/bang-king-12000puffs\/\"><span style=\"vertical-align: inherit\">Bang King 12000 dvesmas<\/span><\/a><span style=\"vertical-align: inherit\">\/ <\/span><a href=\"https:\/\/vapebulkp.com\/lv\/product\/wholesale-tornado-rum-bar-9000-puffs-sweden\/\"><span style=\"vertical-align: inherit\">Rumbar 9000 puffs<\/span><\/a><\/p>\n<p><span style=\"vertical-align: inherit\">\u012apa\u0161as formas e-cigare\u0161u pudele:<\/span><a href=\"https:\/\/vapebulkp.com\/lv\/product\/bang-with-a-vape-18000-puffs-crown-bar-hot-vape\/\"><span style=\"vertical-align: inherit\"> Bang 18000 D\u016bmi<\/span><\/a><span style=\"vertical-align: inherit\">\/ <\/span><a href=\"https:\/\/vapebulkp.com\/lv\/product\/best-price-wga-crystal-pro-max-15k-puffs-original-vape\/\"><span style=\"vertical-align: inherit\">\u00a0WGA Crystal Pro Max 15000 Dvesmas <\/span><\/a><span style=\"vertical-align: inherit\">\/<\/span><a href=\"https:\/\/vapebulkp.com\/lv\/product\/disposable-vape-crystal-600-puffs\/\"><span style=\"vertical-align: inherit\"> Crystal 600 Dvesmas<\/span><\/a><\/p>\n<h5>Ra\u017eo\u0161anas kvalifik\u0101cija:<\/h5>\n<p><img decoding=\"async\" class=\"alignnone size-full wp-image-1841\" src=\"http:\/\/vapebulkp.com\/wp-content\/uploads\/2023\/11\/Vape-production-process-2.jpeg\" alt=\"Vape ra\u017eo\u0161anas process\" width=\"650\" height=\"434\" srcset=\"https:\/\/vapebulkp.com\/wp-content\/uploads\/2023\/11\/Vape-production-process-2.jpeg 650w, https:\/\/vapebulkp.com\/wp-content\/uploads\/2023\/11\/Vape-production-process-2-300x200.jpeg 300w, https:\/\/vapebulkp.com\/wp-content\/uploads\/2023\/11\/Vape-production-process-2-600x401.jpeg 600w\" sizes=\"(max-width: 650px) 100vw, 650px\" \/><\/p>\n<p><img decoding=\"async\" class=\"alignnone size-full wp-image-1843\" src=\"http:\/\/vapebulkp.com\/wp-content\/uploads\/2023\/11\/Vape-production-process.jpeg\" alt=\"Vape ra\u017eo\u0161anas process\" width=\"641\" height=\"1026\" srcset=\"https:\/\/vapebulkp.com\/wp-content\/uploads\/2023\/11\/Vape-production-process.jpeg 641w, https:\/\/vapebulkp.com\/wp-content\/uploads\/2023\/11\/Vape-production-process-187x300.jpeg 187w, https:\/\/vapebulkp.com\/wp-content\/uploads\/2023\/11\/Vape-production-process-640x1024.jpeg 640w, https:\/\/vapebulkp.com\/wp-content\/uploads\/2023\/11\/Vape-production-process-600x960.jpeg 600w\" sizes=\"(max-width: 641px) 100vw, 641px\" \/><\/p>\n<h5>Bie\u017ei uzdotie jaut\u0101jumi:<\/h5>\n<p>J: K\u0101ds ir minim\u0101lais pas\u016bt\u012bjuma daudzums Good Vape Bang 36000 Puffs?<br \/>\nA: Minim\u0101lais pas\u016bt\u012bjums ir 100 gab.<br \/>\nJ: K\u0101ds ir pieg\u0101des laiks pas\u016bt\u012btajam vape?<br \/>\nA: Parasti tas ir 10-15 dienas p\u0113c izs\u016bt\u012b\u0161anas<br \/>\nJ: Cik maks\u0101 pieg\u0101des izmaksas?A: Pieg\u0101des izmaksas ir atkar\u012bgas no svara. Da\u017e\u0101diem daudzumiem ir at\u0161\u0137ir\u012bgas pieg\u0101des izmaksas, l\u016bdzu, sazinieties ar mums, lai apstiprin\u0101tu pieg\u0101des izmaksas.<\/p>\n<h4>Pieg\u0101des deta\u013cas:<\/h4>\n<p><span style=\"color: #ff6600\">Ra\u017eo\u0161anas laiks: 5-10 darba dienas<\/span><br \/>\n<span style=\"color: #ff6600\">Pieg\u0101des laiks: 8-14 darba dienas<\/span><\/p>\n<p>Visi produkti m\u016bsu veikal\u0101 ir 100% ori\u0123in\u0101li un autentiski, t\u0101p\u0113c desmitk\u0101rt\u012bga kompens\u0101cija par viltot\u0101m prec\u0113m ir m\u016bsu veikala politika. M\u0113s izmantojam t\u0101dus lo\u0123istikas kan\u0101lus k\u0101 UPS\/DHL\/FEDEX\/DPD, lai pieg\u0101d\u0101tu preces jums.<\/p>\n<p>Paci\u0146\u0101m, kas tiek s\u016bt\u012btas uz Latviju, parasti nepiecie\u0161amas 10 darba dienas, lai t\u0101s sa\u0146emtu. S\u016bt\u012bjumiem uz Eiropas valst\u012bm parasti nepiecie\u0161amas 12 l\u012bdz 15 darba dienas, lai t\u0101s sa\u0146emtu. M\u0113s atjaunin\u0101sim lo\u0123istikas inform\u0101ciju jums re\u0101llaik\u0101.<\/p>","protected":false},"excerpt":{"rendered":"<p>Gluds un kompakts Bang 36k Puffs vienreizlietojamais tvaic\u0113t\u0101js<\/p>\n<p><img decoding=\"async\" class=\"alignnone wp-image-2151\" src=\"http:\/\/vapebulkp.com\/wp-content\/uploads\/2024\/04\/Mandy-WhatsApp-Randm.jpg\" alt=\"Mandy WhatsApp Randi\" width=\"281\" height=\"299\" srcset=\"https:\/\/vapebulkp.com\/wp-content\/uploads\/2024\/04\/Mandy-WhatsApp-Randm.jpg 916w, https:\/\/vapebulkp.com\/wp-content\/uploads\/2024\/04\/Mandy-WhatsApp-Randm-282x300.jpg 282w, https:\/\/vapebulkp.com\/wp-content\/uploads\/2024\/04\/Mandy-WhatsApp-Randm-768x817.jpg 768w, https:\/\/vapebulkp.com\/wp-content\/uploads\/2024\/04\/Mandy-WhatsApp-Randm-600x638.jpg 600w\" sizes=\"(max-width: 281px) 100vw, 281px\" \/><\/p>\n<p>L\u016bdzu, sazinieties ar Mandijas WhatsApp, lai sa\u0146emtu atlaides cenu<a href=\"https:\/\/wa.me\/8618077105796\">+8618077105796<\/a><\/p>\n<p><span style=\"color: #ff0000\">PIEZ\u012aME: Cenas m\u016bsu t\u012bmek\u013ca vietn\u0113 neietver pieg\u0101des izmaksas<\/span><\/p>\n<p>&nbsp;<\/p>","protected":false},"featured_media":2270,"comment_status":"open","ping_status":"closed","template":"","meta":{"_uag_custom_page_level_css":"","_lmt_disableupdate":"no","_lmt_disable":"","site-sidebar-layout":"default","site-content-layout":"content-boxed-container","ast-site-content-layout":"normal-width-container","site-content-style":"boxed","site-sidebar-style":"unboxed","ast-global-header-display":"","ast-banner-title-visibility":"","ast-main-header-display":"","ast-hfb-above-header-display":"","ast-hfb-below-header-display":"","ast-hfb-mobile-header-display":"","site-post-title":"","ast-breadcrumbs-content":"","ast-featured-img":"","footer-sml-layout":"","theme-transparent-header-meta":"default","adv-header-id-meta":"","stick-header-meta":"","header-above-stick-meta":"","header-main-stick-meta":"","header-below-stick-meta":"","astra-migrate-meta-layouts":"set","_joinchat":[]},"product_cat":[159,153,345,155,33,59,100,87,34,158,157,154,152,58,84,156,63,32],"product_tag":[130,93,36,37,40],"class_list":["post-2423","product","type-product","status-publish","has-post-thumbnail","hentry","product_cat-36000-puff-disposable-vape","product_cat-hot-disposable-vapes","product_cat-bang-vapes","product_cat-belgium-hot-disposable-vapes","product_cat-france-vape-hot-sale","product_cat-germany-hot-disposable-vape","product_cat-germany-wholesale-vape-shop","product_cat-minimum-order-quantity-50pcs","product_cat-netherlands-vape-good-sale","product_cat-norway-hot-disposable-vapes","product_cat-poland-hot-disposable-vapes","product_cat-portugal-hot-disposable-vapes","product_cat-spain-hot-disposable-vapes","product_cat-sweden-hot-disposable-vape","product_cat-sweden-wholesale-vape","product_cat-switzerland-hot-disposable-vapes","product_cat-top-sale-disposable-vape","product_cat-vape-hot-sale-this-week","product_tag-36000puffs","product_tag-bang-vape","product_tag-good-vape","product_tag-hot-sale-disposable-vape","product_tag-sweden-hot-vape","pa_brand-bang-king-vape","desktop-align-left","tablet-align-left","mobile-align-left"],"yoast_head":"<!-- This site is optimized with the Yoast SEO plugin v21.1 - https:\/\/yoast.com\/wordpress\/plugins\/seo\/ -->\n<title>Original Vape Big Puffs Bang Vape 36000Puffs - vapebulkp.com<\/title>\n<meta name=\"description\" content=\"Enjoy the convenience of Sleek vape Original Vape Big Puffs Bang Vape 36000Puffs disposable e-cigarettes and quickly satisfy your high-puff needs\" \/>\n<meta name=\"robots\" content=\"index, follow, max-snippet:-1, max-image-preview:large, max-video-preview:-1\" \/>\n<link rel=\"canonical\" href=\"https:\/\/vapebulkp.com\/lv\/product\/original-vape-big-puffs-bang-vape-36000puffs\/\" \/>\n<meta property=\"og:locale\" content=\"lv_LV\" \/>\n<meta property=\"og:type\" content=\"article\" \/>\n<meta property=\"og:title\" content=\"Original Vape Big Puffs Bang Vape 36000Puffs - vapebulkp.com\" \/>\n<meta property=\"og:description\" content=\"Enjoy the convenience of Sleek vape Original Vape Big Puffs Bang Vape 36000Puffs disposable e-cigarettes and quickly satisfy your high-puff needs\" \/>\n<meta property=\"og:url\" content=\"https:\/\/vapebulkp.com\/lv\/product\/original-vape-big-puffs-bang-vape-36000puffs\/\" \/>\n<meta property=\"og:site_name\" content=\"vapebulkp.com\" \/>\n<meta property=\"article:modified_time\" content=\"2025-09-24T03:14:17+00:00\" \/>\n<meta property=\"og:image\" content=\"http:\/\/vapebulkp.com\/wp-content\/uploads\/2024\/04\/Bang-Vape-36000-Puffs-Wholesale-Discount.jpg\" \/>\n\t<meta property=\"og:image:width\" content=\"1080\" \/>\n\t<meta property=\"og:image:height\" content=\"1472\" \/>\n\t<meta property=\"og:image:type\" content=\"image\/jpeg\" \/>\n<meta name=\"twitter:card\" content=\"summary_large_image\" \/>\n<meta name=\"twitter:label1\" content=\"Est. reading time\" \/>\n\t<meta name=\"twitter:data1\" content=\"4 min\u016btes\" \/>\n<script type=\"application\/ld+json\" class=\"yoast-schema-graph\">{\"@context\":\"https:\/\/schema.org\",\"@graph\":[{\"@type\":\"WebPage\",\"@id\":\"https:\/\/vapebulkp.com\/product\/original-vape-big-puffs-bang-vape-36000puffs\/\",\"url\":\"https:\/\/vapebulkp.com\/product\/original-vape-big-puffs-bang-vape-36000puffs\/\",\"name\":\"Original Vape Big Puffs Bang Vape 36000Puffs - vapebulkp.com\",\"isPartOf\":{\"@id\":\"https:\/\/vapebulkp.com\/#website\"},\"datePublished\":\"2024-05-09T08:54:09+00:00\",\"dateModified\":\"2025-09-24T03:14:17+00:00\",\"description\":\"Enjoy the convenience of Sleek vape Original Vape Big Puffs Bang Vape 36000Puffs disposable e-cigarettes and quickly satisfy your high-puff needs\",\"breadcrumb\":{\"@id\":\"https:\/\/vapebulkp.com\/product\/original-vape-big-puffs-bang-vape-36000puffs\/#breadcrumb\"},\"inLanguage\":\"lv-LV\",\"potentialAction\":[{\"@type\":\"ReadAction\",\"target\":[\"https:\/\/vapebulkp.com\/product\/original-vape-big-puffs-bang-vape-36000puffs\/\"]}]},{\"@type\":\"BreadcrumbList\",\"@id\":\"https:\/\/vapebulkp.com\/product\/original-vape-big-puffs-bang-vape-36000puffs\/#breadcrumb\",\"itemListElement\":[{\"@type\":\"ListItem\",\"position\":1,\"name\":\"Home\",\"item\":\"https:\/\/vapebulkp.com\/\"},{\"@type\":\"ListItem\",\"position\":2,\"name\":\"Hot Trend Vapes\",\"item\":\"https:\/\/vapebulkp.com\/vape-shop\/\"},{\"@type\":\"ListItem\",\"position\":3,\"name\":\"Original Vape Big Puffs Bang Vape 36000Puffs\"}]},{\"@type\":\"WebSite\",\"@id\":\"https:\/\/vapebulkp.com\/#website\",\"url\":\"https:\/\/vapebulkp.com\/\",\"name\":\"vapebulkp.com\",\"description\":\"Buy Vape In Cheap Bulk Price Near you\",\"publisher\":{\"@id\":\"https:\/\/vapebulkp.com\/#organization\"},\"potentialAction\":[{\"@type\":\"SearchAction\",\"target\":{\"@type\":\"EntryPoint\",\"urlTemplate\":\"https:\/\/vapebulkp.com\/?s={search_term_string}\"},\"query-input\":\"required name=search_term_string\"}],\"inLanguage\":\"lv-LV\"},{\"@type\":\"Organization\",\"@id\":\"https:\/\/vapebulkp.com\/#organization\",\"name\":\"vapebulkp.com\",\"url\":\"https:\/\/vapebulkp.com\/\",\"logo\":{\"@type\":\"ImageObject\",\"inLanguage\":\"lv-LV\",\"@id\":\"https:\/\/vapebulkp.com\/#\/schema\/logo\/image\/\",\"url\":\"https:\/\/vapebulkp.com\/wp-content\/uploads\/2023\/09\/cropped-vapebulkp.png\",\"contentUrl\":\"https:\/\/vapebulkp.com\/wp-content\/uploads\/2023\/09\/cropped-vapebulkp.png\",\"width\":516,\"height\":163,\"caption\":\"vapebulkp.com\"},\"image\":{\"@id\":\"https:\/\/vapebulkp.com\/#\/schema\/logo\/image\/\"}}]}<\/script>\n<!-- \/ Yoast SEO plugin. -->","yoast_head_json":{"title":"Original Vape Big Puffs Bang Vape 36000Puffs - vapebulkp.com","description":"Enjoy the convenience of Sleek vape Original Vape Big Puffs Bang Vape 36000Puffs disposable e-cigarettes and quickly satisfy your high-puff needs","robots":{"index":"index","follow":"follow","max-snippet":"max-snippet:-1","max-image-preview":"max-image-preview:large","max-video-preview":"max-video-preview:-1"},"canonical":"https:\/\/vapebulkp.com\/lv\/product\/original-vape-big-puffs-bang-vape-36000puffs\/","og_locale":"lv_LV","og_type":"article","og_title":"Original Vape Big Puffs Bang Vape 36000Puffs - vapebulkp.com","og_description":"Enjoy the convenience of Sleek vape Original Vape Big Puffs Bang Vape 36000Puffs disposable e-cigarettes and quickly satisfy your high-puff needs","og_url":"https:\/\/vapebulkp.com\/lv\/product\/original-vape-big-puffs-bang-vape-36000puffs\/","og_site_name":"vapebulkp.com","article_modified_time":"2025-09-24T03:14:17+00:00","og_image":[{"width":1080,"height":1472,"url":"http:\/\/vapebulkp.com\/wp-content\/uploads\/2024\/04\/Bang-Vape-36000-Puffs-Wholesale-Discount.jpg","type":"image\/jpeg"}],"twitter_card":"summary_large_image","twitter_misc":{"Est. reading time":"4 min\u016btes"},"schema":{"@context":"https:\/\/schema.org","@graph":[{"@type":"WebPage","@id":"https:\/\/vapebulkp.com\/product\/original-vape-big-puffs-bang-vape-36000puffs\/","url":"https:\/\/vapebulkp.com\/product\/original-vape-big-puffs-bang-vape-36000puffs\/","name":"Original Vape Big Puffs Bang Vape 36000Puffs - vapebulkp.com","isPartOf":{"@id":"https:\/\/vapebulkp.com\/#website"},"datePublished":"2024-05-09T08:54:09+00:00","dateModified":"2025-09-24T03:14:17+00:00","description":"Enjoy the convenience of Sleek vape Original Vape Big Puffs Bang Vape 36000Puffs disposable e-cigarettes and quickly satisfy your high-puff needs","breadcrumb":{"@id":"https:\/\/vapebulkp.com\/product\/original-vape-big-puffs-bang-vape-36000puffs\/#breadcrumb"},"inLanguage":"lv-LV","potentialAction":[{"@type":"ReadAction","target":["https:\/\/vapebulkp.com\/product\/original-vape-big-puffs-bang-vape-36000puffs\/"]}]},{"@type":"BreadcrumbList","@id":"https:\/\/vapebulkp.com\/product\/original-vape-big-puffs-bang-vape-36000puffs\/#breadcrumb","itemListElement":[{"@type":"ListItem","position":1,"name":"Home","item":"https:\/\/vapebulkp.com\/"},{"@type":"ListItem","position":2,"name":"Hot Trend Vapes","item":"https:\/\/vapebulkp.com\/vape-shop\/"},{"@type":"ListItem","position":3,"name":"Original Vape Big Puffs Bang Vape 36000Puffs"}]},{"@type":"WebSite","@id":"https:\/\/vapebulkp.com\/#website","url":"https:\/\/vapebulkp.com\/","name":"vapebulkp.com","description":"Buy Vape In Cheap Bulk Price Near you","publisher":{"@id":"https:\/\/vapebulkp.com\/#organization"},"potentialAction":[{"@type":"SearchAction","target":{"@type":"EntryPoint","urlTemplate":"https:\/\/vapebulkp.com\/?s={search_term_string}"},"query-input":"required name=search_term_string"}],"inLanguage":"lv-LV"},{"@type":"Organization","@id":"https:\/\/vapebulkp.com\/#organization","name":"vapebulkp.com","url":"https:\/\/vapebulkp.com\/","logo":{"@type":"ImageObject","inLanguage":"lv-LV","@id":"https:\/\/vapebulkp.com\/#\/schema\/logo\/image\/","url":"https:\/\/vapebulkp.com\/wp-content\/uploads\/2023\/09\/cropped-vapebulkp.png","contentUrl":"https:\/\/vapebulkp.com\/wp-content\/uploads\/2023\/09\/cropped-vapebulkp.png","width":516,"height":163,"caption":"vapebulkp.com"},"image":{"@id":"https:\/\/vapebulkp.com\/#\/schema\/logo\/image\/"}}]}},"uagb_featured_image_src":{"full":["https:\/\/vapebulkp.com\/wp-content\/uploads\/2024\/04\/Bang-Vape-36000-Puffs-Wholesale-Discount.jpg",1080,1472,false],"thumbnail":["https:\/\/vapebulkp.com\/wp-content\/uploads\/2024\/04\/Bang-Vape-36000-Puffs-Wholesale-Discount-150x150.jpg",150,150,true],"medium":["https:\/\/vapebulkp.com\/wp-content\/uploads\/2024\/04\/Bang-Vape-36000-Puffs-Wholesale-Discount-220x300.jpg",220,300,true],"medium_large":["https:\/\/vapebulkp.com\/wp-content\/uploads\/2024\/04\/Bang-Vape-36000-Puffs-Wholesale-Discount-768x1047.jpg",768,1047,true],"large":["https:\/\/vapebulkp.com\/wp-content\/uploads\/2024\/04\/Bang-Vape-36000-Puffs-Wholesale-Discount-751x1024.jpg",751,1024,true],"1536x1536":["https:\/\/vapebulkp.com\/wp-content\/uploads\/2024\/04\/Bang-Vape-36000-Puffs-Wholesale-Discount.jpg",1080,1472,false],"2048x2048":["https:\/\/vapebulkp.com\/wp-content\/uploads\/2024\/04\/Bang-Vape-36000-Puffs-Wholesale-Discount.jpg",1080,1472,false],"trp-custom-language-flag":["https:\/\/vapebulkp.com\/wp-content\/uploads\/2024\/04\/Bang-Vape-36000-Puffs-Wholesale-Discount.jpg",9,12,false],"woocommerce_thumbnail":["https:\/\/vapebulkp.com\/wp-content\/uploads\/2024\/04\/Bang-Vape-36000-Puffs-Wholesale-Discount-300x300.jpg",300,300,true],"woocommerce_single":["https:\/\/vapebulkp.com\/wp-content\/uploads\/2024\/04\/Bang-Vape-36000-Puffs-Wholesale-Discount-600x818.jpg",600,818,true],"woocommerce_gallery_thumbnail":["https:\/\/vapebulkp.com\/wp-content\/uploads\/2024\/04\/Bang-Vape-36000-Puffs-Wholesale-Discount-100x100.jpg",100,100,true],"wcpr-photo-reviews":["https:\/\/vapebulkp.com\/wp-content\/uploads\/2024\/04\/Bang-Vape-36000-Puffs-Wholesale-Discount.jpg",367,500,false]},"uagb_author_info":{"display_name":"Mandy vape bulk price","author_link":"https:\/\/vapebulkp.com\/lv\/author\/"},"uagb_comment_info":1,"uagb_excerpt":"Sleek and compact vape Bang 36k Puffs Disposable Vape Pls Contact Mandy's WhatsApp For Discount Price+8618077105796 NOTE: Prices on our website does not include shipping costs &nbsp;","_links":{"self":[{"href":"https:\/\/vapebulkp.com\/lv\/wp-json\/wp\/v2\/product\/2423","targetHints":{"allow":["GET"]}}],"collection":[{"href":"https:\/\/vapebulkp.com\/lv\/wp-json\/wp\/v2\/product"}],"about":[{"href":"https:\/\/vapebulkp.com\/lv\/wp-json\/wp\/v2\/types\/product"}],"replies":[{"embeddable":true,"href":"https:\/\/vapebulkp.com\/lv\/wp-json\/wp\/v2\/comments?post=2423"}],"wp:featuredmedia":[{"embeddable":true,"href":"https:\/\/vapebulkp.com\/lv\/wp-json\/wp\/v2\/media\/2270"}],"wp:attachment":[{"href":"https:\/\/vapebulkp.com\/lv\/wp-json\/wp\/v2\/media?parent=2423"}],"wp:term":[{"taxonomy":"product_cat","embeddable":true,"href":"https:\/\/vapebulkp.com\/lv\/wp-json\/wp\/v2\/product_cat?post=2423"},{"taxonomy":"product_tag","embeddable":true,"href":"https:\/\/vapebulkp.com\/lv\/wp-json\/wp\/v2\/product_tag?post=2423"}],"curies":[{"name":"wp","href":"https:\/\/api.w.org\/{rel}","templated":true}]}}