{"id":2603,"date":"2024-07-13T11:04:14","date_gmt":"2024-07-13T09:04:14","guid":{"rendered":"https:\/\/vapebulkp.com\/?post_type=product&#038;p=2603"},"modified":"2025-09-24T05:31:51","modified_gmt":"2025-09-24T03:31:51","slug":"uzy-vaper-9000-puffs-discount-price-tornado-vape","status":"publish","type":"product","link":"https:\/\/vapebulkp.com\/lv\/products\/uzy-vaper-9000-puffs-discount-price-tornado-vape\/","title":{"rendered":"UZY VAPER 9000 dvesmas atlaides cena Tornado Vape"},"content":{"rendered":"<h2>UZY VAPER 9000 dvesmas atlaides cena Tornado Vape<\/h2>\n<p data-start=\"358\" data-end=\"666\">Tas <strong data-start=\"362\" data-end=\"402\">UZY VAPER 9000 Pufi Vienreizlietojamais Vape<\/strong> ir augst\u0101k\u0101s klases iztvaiko\u0161anas ier\u012bce, kas izstr\u0101d\u0101ta Eiropas entuziastiem, kuri mekl\u0113 <strong data-start=\"471\" data-end=\"499\">ilgm\u016b\u017e\u012bga e-cigarete<\/strong> ar konsekventu gar\u0161u un veiktsp\u0113ju. Apr\u012bkots ar modernu <strong data-start=\"559\" data-end=\"588\">vienreizlietojam\u0101 vape ar sieta spoli<\/strong> tehnolo\u0123iju, tas nodro\u0161ina vienm\u0113r\u012bgu, bl\u012bvu tvaiku un izteiksm\u012bgu gar\u0161u ar katru piep\u016btienu.<\/p>\n<p data-start=\"668\" data-end=\"995\">\u0160is <strong data-start=\"673\" data-end=\"705\">uzl\u0101d\u0113jamais vienreizlietojamais vape<\/strong> n\u0101k ar 850mAh akumulatoru un Type-C \u0101tru uzl\u0101di, samazinot d\u012bkst\u0101ves laiku un \u013caujot nep\u0101rtraukti lietot. Ar 18 ml e-\u0161\u0137idruma tvertni tas atbalsta <strong data-start=\"848\" data-end=\"873\">s\u0101ls nikot\u012bna vape ES<\/strong> standartiem un pied\u0101v\u0101 0%, 2%, 3% vai 5% nikot\u012bna iesp\u0113jas 15 izmekl\u0113t\u0101s gar\u0161\u0101s, ieskaitot aug\u013cu mais\u012bjumus un mentolus.<\/p>\n<p data-start=\"997\" data-end=\"1279\">Kompakts un stil\u012bgs, <strong data-start=\"1022\" data-end=\"1052\">9000 dvesmu vienreiz\u0113j\u0101s lieto\u0161anas vape<\/strong> ir ide\u0101li piem\u0113rots ikdienas lieto\u0161anai, soci\u0101liem pas\u0101kumiem un vairumtirdzniec\u012bbas izplat\u012b\u0161anai. Lieliski piem\u0113rots <a href=\"https:\/\/vapebulkp.com\/lv\/ot-disposable-vapes-europe\/\"><strong data-start=\"1130\" data-end=\"1155\">vairumtirdzniec\u012bbas vape Eiropa<\/strong><\/a> tirgiem, tas nodro\u0161ina mazumtirgot\u0101jus ar piepras\u012btu produktu, kas apvieno iztur\u012bbu, \u0113rtumu un augst\u0101k\u0101s klases veiktsp\u0113ju.<\/p>\n<p><img decoding=\"async\" class=\"alignnone wp-image-2575\" src=\"http:\/\/vapebulkp.com\/wp-content\/uploads\/2024\/07\/Hot-Vape-UZY-VAPER-9k.png\" alt=\"Karsts Vape UZY VAPER 9k\" width=\"560\" height=\"1102\" \/><\/p>\n<h6>L\u016bdzu, sazinieties ar Mandijas WhatsApp, lai sa\u0146emtu atlaides cenu<a href=\"https:\/\/wa.me\/8618077105796\">+8618077105796<\/a><\/h6>\n<h3><img decoding=\"async\" class=\"alignnone wp-image-2151\" src=\"http:\/\/vapebulkp.com\/wp-content\/uploads\/2024\/04\/Mandy-WhatsApp-Randm.jpg\" alt=\"Mandy WhatsApp Randi\" width=\"268\" height=\"285\" srcset=\"https:\/\/vapebulkp.com\/wp-content\/uploads\/2024\/04\/Mandy-WhatsApp-Randm.jpg 916w, https:\/\/vapebulkp.com\/wp-content\/uploads\/2024\/04\/Mandy-WhatsApp-Randm-282x300.jpg 282w, https:\/\/vapebulkp.com\/wp-content\/uploads\/2024\/04\/Mandy-WhatsApp-Randm-768x817.jpg 768w, https:\/\/vapebulkp.com\/wp-content\/uploads\/2024\/04\/Mandy-WhatsApp-Randm-600x638.jpg 600w\" sizes=\"(max-width: 268px) 100vw, 268px\" \/><\/h3>\n<h2>Dom\u0101ju, ka jums var\u0113tu b\u016bt interesanti uzzin\u0101t par lab\u0101ko Vape UZY VAPER 9K Pufi:<\/h2>\n<p>&nbsp;<\/p>\n<h6>1.K\u0101 uzl\u0101d\u0113t UZY VAPER Tornado 9000 Pufi Vienreizlietojamo Vape?<\/h6>\n<p>Nav at\u013cauts lietot \u0101tr\u0101s uzl\u0101des l\u0101d\u0113t\u0101jus. Vienreizlietojamo e-cigare\u0161u standarta dro\u0161\u0101 jauda ir 5V 1A. Katra uzl\u0101des reize nedr\u012bkst p\u0101rsniegt 1 stundu, un dro\u0161ais uzl\u0101des laiks ir pusstunda.<\/p>\n<p><span style=\"color: #ff6600\">Pazi\u0146ojums: Neuzl\u0101d\u0113jiet visu nakti!<\/span><\/p>\n<h6>2.K\u0101 lietot UZY VAPER 9000 Pufi vienreizlietojamo vape?<\/h6>\n<p>1: Pirms 9k pufi lieto\u0161anas, l\u016bdzu, nopl\u0113\u0161iet iepakojumu.<br \/>\n2: P\u0113c tam uzlieciet bl\u012bv\u0113jumu uz Vape apak\u0161\u0113j\u0101s da\u013cas<br \/>\n3: S\u0101ciet baud\u012bt<\/p>\n<h6><\/h6>\n<h3><strong><span style=\"vertical-align: inherit\">Specifik\u0101cija priek\u0161 UZY VAPER<\/span><\/strong>\u00a0 9000 Pufi Randm Vape<strong><span style=\"vertical-align: inherit\">\uff1a<\/span><br \/>\n<\/strong><\/h3>\n<blockquote><p>\u2013 Pufi skaits: l\u012bdz 9000 pufiem<br \/>\n\u2013 Akumulatora ietilp\u012bba: 850mAh<br \/>\n\u2013 E-\u0161\u0137idruma tilpums: 18ml<br \/>\n\u2013 Uzl\u0101de: C tipa USB \u0101trai uzl\u0101dei<br \/>\n\u2013 Nikot\u012bna stipruma opcijas: 0%, 2%, 3%, 5%<br \/>\n\u2013 Gar\u0161u opcijas: Pieejamas 15 gar\u0161as<br \/>\n\u2013 Spole: t\u012bkla tehnolo\u0123ija uzlabotai gar\u0161ai<\/p>\n<p>&nbsp;<\/p><\/blockquote>\n<h3><strong>\u00a0Vape Vairumtirdzniec\u012bba UZY VAPER 9K<\/strong>\u00a0P\u016btieni <strong>Gar\u0161u saraksts:<\/strong><\/h3>\n<p>&nbsp;<\/p>\n<blockquote><p>1 Melle\u0146u avenes<br \/>\n2 Mr Blue<br \/>\n3 Zeme\u0146u arb\u016bzs<br \/>\n4 persiku mango anan\u0101ss<br \/>\n5 kivi pasifloras aug\u013cu gvava<br \/>\n6.\u0137ir\u0161u ledus<br \/>\n7.Zeme\u0146u ledus<br \/>\n8.Arb\u016bzu ledus<br \/>\n9.V\u012bnogu ledus<br \/>\n10.Melle\u0146u ledus<br \/>\n11.Jauktas ogas<br \/>\n12.persiku ledus<br \/>\n13.Persiku oga<br \/>\n14.zemenes avenes<br \/>\n\u0137ir\u0161u ledus<br \/>\n15.zemenes ban\u0101ns<\/p><\/blockquote>\n<p>&nbsp;<\/p>\n<p><a href=\"https:\/\/vapebulkp.com\/lv\/products\/popular-randm-tornado-7000puffs-disposable-vape-best-price\/\"><span style=\"vertical-align: inherit\">RandM Tornado 7000 dvesmas <\/span><\/a><\/p>\n<p><span style=\"vertical-align: inherit\">Atrast vair\u0101k produktu, kas jums var\u0113tu patikt:<\/span><em><a href=\"https:\/\/wa.me\/8618077105796\"><span style=\"vertical-align: inherit\">\u00a0Pirkt tagad<\/span><\/a><\/em><\/p>\n<p><span style=\"vertical-align: inherit\">Citas dvesmas, kas jums var\u0113tu patikt:<\/span><a href=\"https:\/\/vapebulkp.com\/sv\/product\/fluumbox-digital-box-15k-puffs-rechargeable-vape-geek-bar\/\"><span style=\"vertical-align: inherit\">FLUUMBOX Digit\u0101l\u0101 kaste 15000 uzp\u016btienu<\/span><\/a><span style=\"vertical-align: inherit\">\u3001<\/span><a href=\"https:\/\/vapebulkp.com\/lv\/products\/top-sale-waspe-12000puffs-disposable-vape-wholesale-france\/\"><span style=\"vertical-align: inherit\">UTCO Digit\u0101l\u0101 kaste 12000 uzp\u016btienu<\/span><\/a><span style=\"vertical-align: inherit\">\/ <\/span><a href=\"https:\/\/vapebulkp.com\/lv\/products\/wholesale-randm-tornado-9000-puffs-germany\/\"><span style=\"vertical-align: inherit\">RandM Tornado 9000 Dvesmas<\/span><\/a><span style=\"vertical-align: inherit\">\/ <\/span><a href=\"https:\/\/vapebulkp.com\/lv\/products\/vapme-crystal-7000-puffs-original-vape-good-flavor\/\"><span style=\"vertical-align: inherit\">Crystal 7000 uzp\u016btienu<\/span><\/a><\/p>\n<p><span style=\"vertical-align: inherit\">\u012apa\u0161as formas e-cigare\u0161u pudele:<\/span><a href=\"https:\/\/vapebulkp.com\/lv\/products\/good-sale-randm-tornado-10000-puffs-plus\/\"><span style=\"vertical-align: inherit\">RandM Tornado 10000 P\u016btienu Plus <\/span><\/a><span style=\"vertical-align: inherit\">\/<a href=\"https:\/\/vapebulkp.com\/sv\/product\/wholesale-price-randm-15k-waspe-15000-puffs-best-vape\/\"> Randm Tornado 15000 uzp\u016btienu<\/a><\/span><\/p>\n<h4>Ra\u017eo\u0161anas kvalifik\u0101cija:<\/h4>\n<p><img decoding=\"async\" class=\"alignnone wp-image-1842\" src=\"http:\/\/vapebulkp.com\/wp-content\/uploads\/2023\/11\/Vape-production-process-2.jpg\" alt=\"Vape ra\u017eo\u0161anas process\" width=\"671\" height=\"301\" srcset=\"https:\/\/vapebulkp.com\/wp-content\/uploads\/2023\/11\/Vape-production-process-2.jpg 800w, https:\/\/vapebulkp.com\/wp-content\/uploads\/2023\/11\/Vape-production-process-2-300x135.jpg 300w, https:\/\/vapebulkp.com\/wp-content\/uploads\/2023\/11\/Vape-production-process-2-768x345.jpg 768w, https:\/\/vapebulkp.com\/wp-content\/uploads\/2023\/11\/Vape-production-process-2-600x269.jpg 600w\" sizes=\"(max-width: 671px) 100vw, 671px\" \/><\/p>\n<p><img decoding=\"async\" class=\"alignnone wp-image-1843\" src=\"http:\/\/vapebulkp.com\/wp-content\/uploads\/2023\/11\/Vape-production-process.jpeg\" alt=\"Vape ra\u017eo\u0161anas process\" width=\"671\" height=\"1074\" srcset=\"https:\/\/vapebulkp.com\/wp-content\/uploads\/2023\/11\/Vape-production-process.jpeg 641w, https:\/\/vapebulkp.com\/wp-content\/uploads\/2023\/11\/Vape-production-process-187x300.jpeg 187w, https:\/\/vapebulkp.com\/wp-content\/uploads\/2023\/11\/Vape-production-process-640x1024.jpeg 640w, https:\/\/vapebulkp.com\/wp-content\/uploads\/2023\/11\/Vape-production-process-600x960.jpeg 600w\" sizes=\"(max-width: 671px) 100vw, 671px\" \/><\/p>\n<h5>Bie\u017ei uzdotie jaut\u0101jumi:<\/h5>\n<p>J: K\u0101ds ir UZY VAPER 9k Puffs minim\u0101lais pas\u016bt\u012bjuma daudzums (MOQ)?<br \/>\nA: Minim\u0101lais pas\u016bt\u012bjums ir 50 gab.<br \/>\nJ: K\u0101ds ir pieg\u0101des laiks pas\u016bt\u012btajam vape?<br \/>\nA: Parasti tas ir 10-15 dienas p\u0113c izs\u016bt\u012b\u0161anas<br \/>\nJ: Cik maks\u0101 pieg\u0101des izmaksas?A: Pieg\u0101des izmaksas ir atkar\u012bgas no svara. Da\u017e\u0101diem daudzumiem ir at\u0161\u0137ir\u012bgas pieg\u0101des izmaksas, l\u016bdzu, sazinieties ar mums, lai apstiprin\u0101tu pieg\u0101des izmaksas.<\/p>\n<p>&nbsp;<\/p>\n<h4>Pieg\u0101des deta\u013cas:<\/h4>\n<p><span style=\"color: #ff6600\">Ra\u017eo\u0161anas laiks: 5-10 darba dienas<\/span><br \/>\n<span style=\"color: #ff6600\">Pieg\u0101des laiks: 8-14 darba dienas<\/span><\/p>\n<p>Visi produkti m\u016bsu veikal\u0101 ir 100% ori\u0123in\u0101li un autentiski, t\u0101p\u0113c desmitk\u0101rt\u012bga kompens\u0101cija par viltot\u0101m prec\u0113m ir m\u016bsu veikala politika. M\u0113s izmantojam t\u0101dus lo\u0123istikas kan\u0101lus k\u0101 UPS\/DHL\/FEDEX\/DPD, lai pieg\u0101d\u0101tu preces jums.<\/p>\n<p>Paci\u0146\u0101m, kas tiek s\u016bt\u012btas uz Latviju, parasti nepiecie\u0161amas 10 darba dienas, lai t\u0101s sa\u0146emtu. S\u016bt\u012bjumiem uz Eiropas valst\u012bm parasti nepiecie\u0161amas 12 l\u012bdz 15 darba dienas, lai t\u0101s sa\u0146emtu. M\u0113s atjaunin\u0101sim lo\u0123istikas inform\u0101ciju jums re\u0101llaik\u0101.<\/p>","protected":false},"excerpt":{"rendered":"<p>UZY Tornado 9k Pufi Ori\u0123in\u0101lais Vape Randm Vape<\/p>\n<p><img decoding=\"async\" class=\"alignnone wp-image-2151\" src=\"http:\/\/vapebulkp.com\/wp-content\/uploads\/2024\/04\/Mandy-WhatsApp-Randm.jpg\" alt=\"Mandy WhatsApp Randi\" width=\"247\" height=\"263\" srcset=\"https:\/\/vapebulkp.com\/wp-content\/uploads\/2024\/04\/Mandy-WhatsApp-Randm.jpg 916w, https:\/\/vapebulkp.com\/wp-content\/uploads\/2024\/04\/Mandy-WhatsApp-Randm-282x300.jpg 282w, https:\/\/vapebulkp.com\/wp-content\/uploads\/2024\/04\/Mandy-WhatsApp-Randm-768x817.jpg 768w, https:\/\/vapebulkp.com\/wp-content\/uploads\/2024\/04\/Mandy-WhatsApp-Randm-600x638.jpg 600w\" sizes=\"(max-width: 247px) 100vw, 247px\" \/><\/p>\n<p>L\u016bdzu, sazinieties ar Mandijas WhatsApp, lai sa\u0146emtu atlaides cenu<a href=\"https:\/\/wa.me\/8618077105796\">+8618077105796<\/a><\/p>\n<p><span style=\"color: #ff0000\">PIEZ\u012aME: Cenas m\u016bsu t\u012bmek\u013ca vietn\u0113 neietver pieg\u0101des izmaksas<\/span><\/p>","protected":false},"featured_media":2581,"comment_status":"open","ping_status":"closed","template":"","meta":{"_uag_custom_page_level_css":"","_lmt_disableupdate":"no","_lmt_disable":"","site-sidebar-layout":"default","site-content-layout":"content-boxed-container","ast-site-content-layout":"normal-width-container","site-content-style":"boxed","site-sidebar-style":"unboxed","ast-global-header-display":"","ast-banner-title-visibility":"","ast-main-header-display":"","ast-hfb-above-header-display":"","ast-hfb-below-header-display":"","ast-hfb-mobile-header-display":"","site-post-title":"","ast-breadcrumbs-content":"","ast-featured-img":"","footer-sml-layout":"","theme-transparent-header-meta":"default","adv-header-id-meta":"","stick-header-meta":"","header-above-stick-meta":"","header-main-stick-meta":"","header-below-stick-meta":"","astra-migrate-meta-layouts":"set","_joinchat":[]},"product_cat":[168,153,155,33,59,100,87,34,158,157,154,152,58,84,156,63,361,32],"product_tag":[47,36,37,41,40],"class_list":["post-2603","product","type-product","status-publish","has-post-thumbnail","hentry","product_cat-9000-puffs-disposable-vape","product_cat-hot-disposable-vapes","product_cat-belgium-hot-disposable-vapes","product_cat-france-vape-hot-sale","product_cat-germany-hot-disposable-vape","product_cat-germany-wholesale-vape-shop","product_cat-minimum-order-quantity-50pcs","product_cat-netherlands-vape-good-sale","product_cat-norway-hot-disposable-vapes","product_cat-poland-hot-disposable-vapes","product_cat-portugal-hot-disposable-vapes","product_cat-spain-hot-disposable-vapes","product_cat-sweden-hot-disposable-vape","product_cat-sweden-wholesale-vape","product_cat-switzerland-hot-disposable-vapes","product_cat-top-sale-disposable-vape","product_cat-uzy-vapes","product_cat-vape-hot-sale-this-week","product_tag-9000puffs","product_tag-good-vape","product_tag-hot-sale-disposable-vape","product_tag-poland-hot-vape","product_tag-sweden-hot-vape","pa_brand-uzy-vape","desktop-align-left","tablet-align-left","mobile-align-left"],"yoast_head":"<!-- This site is optimized with the Yoast SEO plugin v21.1 - https:\/\/yoast.com\/wordpress\/plugins\/seo\/ -->\n<title>UZY VAPER 9000 Puffs Discount Price Tornado Vape - vapebulkp.com<\/title>\n<meta name=\"description\" content=\"The UZY Vaper 9000 Puffs Disposable Vape features an 850mAh rechargeable battery, 18ml salt nicotine e-liquid, and mesh coil technology for long-lasting flavor and smooth vapor.\" \/>\n<meta name=\"robots\" content=\"index, follow, max-snippet:-1, max-image-preview:large, max-video-preview:-1\" \/>\n<link rel=\"canonical\" href=\"https:\/\/vapebulkp.com\/lv\/products\/uzy-vaper-9000-puffs-discount-price-tornado-vape\/\" \/>\n<meta property=\"og:locale\" content=\"lv_LV\" \/>\n<meta property=\"og:type\" content=\"article\" \/>\n<meta property=\"og:title\" content=\"UZY VAPER 9000 Puffs Discount Price Tornado Vape - vapebulkp.com\" \/>\n<meta property=\"og:description\" content=\"The UZY Vaper 9000 Puffs Disposable Vape features an 850mAh rechargeable battery, 18ml salt nicotine e-liquid, and mesh coil technology for long-lasting flavor and smooth vapor.\" \/>\n<meta property=\"og:url\" content=\"https:\/\/vapebulkp.com\/lv\/products\/uzy-vaper-9000-puffs-discount-price-tornado-vape\/\" \/>\n<meta property=\"og:site_name\" content=\"vapebulkp.com\" \/>\n<meta property=\"article:modified_time\" content=\"2025-09-24T03:31:51+00:00\" \/>\n<meta property=\"og:image\" content=\"http:\/\/vapebulkp.com\/wp-content\/uploads\/2024\/07\/UZY-VAPER-Tornado-9k-Randm-Vape.png\" \/>\n\t<meta property=\"og:image:width\" content=\"2560\" \/>\n\t<meta property=\"og:image:height\" content=\"1744\" \/>\n\t<meta property=\"og:image:type\" content=\"image\/png\" \/>\n<meta name=\"twitter:card\" content=\"summary_large_image\" \/>\n<meta name=\"twitter:label1\" content=\"Est. reading time\" \/>\n\t<meta name=\"twitter:data1\" content=\"3 min\u016btes\" \/>\n<script type=\"application\/ld+json\" class=\"yoast-schema-graph\">{\"@context\":\"https:\/\/schema.org\",\"@graph\":[{\"@type\":\"WebPage\",\"@id\":\"https:\/\/vapebulkp.com\/product\/uzy-vaper-9000-puffs-discount-price-tornado-vape\/\",\"url\":\"https:\/\/vapebulkp.com\/product\/uzy-vaper-9000-puffs-discount-price-tornado-vape\/\",\"name\":\"UZY VAPER 9000 Puffs Discount Price Tornado Vape - vapebulkp.com\",\"isPartOf\":{\"@id\":\"https:\/\/vapebulkp.com\/#website\"},\"datePublished\":\"2024-07-13T09:04:14+00:00\",\"dateModified\":\"2025-09-24T03:31:51+00:00\",\"description\":\"The UZY Vaper 9000 Puffs Disposable Vape features an 850mAh rechargeable battery, 18ml salt nicotine e-liquid, and mesh coil technology for long-lasting flavor and smooth vapor.\",\"breadcrumb\":{\"@id\":\"https:\/\/vapebulkp.com\/product\/uzy-vaper-9000-puffs-discount-price-tornado-vape\/#breadcrumb\"},\"inLanguage\":\"lv-LV\",\"potentialAction\":[{\"@type\":\"ReadAction\",\"target\":[\"https:\/\/vapebulkp.com\/product\/uzy-vaper-9000-puffs-discount-price-tornado-vape\/\"]}]},{\"@type\":\"BreadcrumbList\",\"@id\":\"https:\/\/vapebulkp.com\/product\/uzy-vaper-9000-puffs-discount-price-tornado-vape\/#breadcrumb\",\"itemListElement\":[{\"@type\":\"ListItem\",\"position\":1,\"name\":\"Home\",\"item\":\"https:\/\/vapebulkp.com\/\"},{\"@type\":\"ListItem\",\"position\":2,\"name\":\"Hot Trend Vapes\",\"item\":\"https:\/\/vapebulkp.com\/vape-shop\/\"},{\"@type\":\"ListItem\",\"position\":3,\"name\":\"UZY VAPER 9000 Puffs Discount Price Tornado Vape\"}]},{\"@type\":\"WebSite\",\"@id\":\"https:\/\/vapebulkp.com\/#website\",\"url\":\"https:\/\/vapebulkp.com\/\",\"name\":\"vapebulkp.com\",\"description\":\"Buy Vape In Cheap Bulk Price Near you\",\"publisher\":{\"@id\":\"https:\/\/vapebulkp.com\/#organization\"},\"potentialAction\":[{\"@type\":\"SearchAction\",\"target\":{\"@type\":\"EntryPoint\",\"urlTemplate\":\"https:\/\/vapebulkp.com\/?s={search_term_string}\"},\"query-input\":\"required name=search_term_string\"}],\"inLanguage\":\"lv-LV\"},{\"@type\":\"Organization\",\"@id\":\"https:\/\/vapebulkp.com\/#organization\",\"name\":\"vapebulkp.com\",\"url\":\"https:\/\/vapebulkp.com\/\",\"logo\":{\"@type\":\"ImageObject\",\"inLanguage\":\"lv-LV\",\"@id\":\"https:\/\/vapebulkp.com\/#\/schema\/logo\/image\/\",\"url\":\"https:\/\/vapebulkp.com\/wp-content\/uploads\/2023\/09\/cropped-vapebulkp.png\",\"contentUrl\":\"https:\/\/vapebulkp.com\/wp-content\/uploads\/2023\/09\/cropped-vapebulkp.png\",\"width\":516,\"height\":163,\"caption\":\"vapebulkp.com\"},\"image\":{\"@id\":\"https:\/\/vapebulkp.com\/#\/schema\/logo\/image\/\"}}]}<\/script>\n<!-- \/ Yoast SEO plugin. -->","yoast_head_json":{"title":"UZY VAPER 9000 Puffs Discount Price Tornado Vape - vapebulkp.com","description":"The UZY Vaper 9000 Puffs Disposable Vape features an 850mAh rechargeable battery, 18ml salt nicotine e-liquid, and mesh coil technology for long-lasting flavor and smooth vapor.","robots":{"index":"index","follow":"follow","max-snippet":"max-snippet:-1","max-image-preview":"max-image-preview:large","max-video-preview":"max-video-preview:-1"},"canonical":"https:\/\/vapebulkp.com\/lv\/products\/uzy-vaper-9000-puffs-discount-price-tornado-vape\/","og_locale":"lv_LV","og_type":"article","og_title":"UZY VAPER 9000 Puffs Discount Price Tornado Vape - vapebulkp.com","og_description":"The UZY Vaper 9000 Puffs Disposable Vape features an 850mAh rechargeable battery, 18ml salt nicotine e-liquid, and mesh coil technology for long-lasting flavor and smooth vapor.","og_url":"https:\/\/vapebulkp.com\/lv\/products\/uzy-vaper-9000-puffs-discount-price-tornado-vape\/","og_site_name":"vapebulkp.com","article_modified_time":"2025-09-24T03:31:51+00:00","og_image":[{"width":2560,"height":1744,"url":"http:\/\/vapebulkp.com\/wp-content\/uploads\/2024\/07\/UZY-VAPER-Tornado-9k-Randm-Vape.png","type":"image\/png"}],"twitter_card":"summary_large_image","twitter_misc":{"Est. reading time":"3 min\u016btes"},"schema":{"@context":"https:\/\/schema.org","@graph":[{"@type":"WebPage","@id":"https:\/\/vapebulkp.com\/product\/uzy-vaper-9000-puffs-discount-price-tornado-vape\/","url":"https:\/\/vapebulkp.com\/product\/uzy-vaper-9000-puffs-discount-price-tornado-vape\/","name":"UZY VAPER 9000 Puffs Discount Price Tornado Vape - vapebulkp.com","isPartOf":{"@id":"https:\/\/vapebulkp.com\/#website"},"datePublished":"2024-07-13T09:04:14+00:00","dateModified":"2025-09-24T03:31:51+00:00","description":"The UZY Vaper 9000 Puffs Disposable Vape features an 850mAh rechargeable battery, 18ml salt nicotine e-liquid, and mesh coil technology for long-lasting flavor and smooth vapor.","breadcrumb":{"@id":"https:\/\/vapebulkp.com\/product\/uzy-vaper-9000-puffs-discount-price-tornado-vape\/#breadcrumb"},"inLanguage":"lv-LV","potentialAction":[{"@type":"ReadAction","target":["https:\/\/vapebulkp.com\/product\/uzy-vaper-9000-puffs-discount-price-tornado-vape\/"]}]},{"@type":"BreadcrumbList","@id":"https:\/\/vapebulkp.com\/product\/uzy-vaper-9000-puffs-discount-price-tornado-vape\/#breadcrumb","itemListElement":[{"@type":"ListItem","position":1,"name":"Home","item":"https:\/\/vapebulkp.com\/"},{"@type":"ListItem","position":2,"name":"Hot Trend Vapes","item":"https:\/\/vapebulkp.com\/vape-shop\/"},{"@type":"ListItem","position":3,"name":"UZY VAPER 9000 Puffs Discount Price Tornado Vape"}]},{"@type":"WebSite","@id":"https:\/\/vapebulkp.com\/#website","url":"https:\/\/vapebulkp.com\/","name":"vapebulkp.com","description":"Buy Vape In Cheap Bulk Price Near you","publisher":{"@id":"https:\/\/vapebulkp.com\/#organization"},"potentialAction":[{"@type":"SearchAction","target":{"@type":"EntryPoint","urlTemplate":"https:\/\/vapebulkp.com\/?s={search_term_string}"},"query-input":"required name=search_term_string"}],"inLanguage":"lv-LV"},{"@type":"Organization","@id":"https:\/\/vapebulkp.com\/#organization","name":"vapebulkp.com","url":"https:\/\/vapebulkp.com\/","logo":{"@type":"ImageObject","inLanguage":"lv-LV","@id":"https:\/\/vapebulkp.com\/#\/schema\/logo\/image\/","url":"https:\/\/vapebulkp.com\/wp-content\/uploads\/2023\/09\/cropped-vapebulkp.png","contentUrl":"https:\/\/vapebulkp.com\/wp-content\/uploads\/2023\/09\/cropped-vapebulkp.png","width":516,"height":163,"caption":"vapebulkp.com"},"image":{"@id":"https:\/\/vapebulkp.com\/#\/schema\/logo\/image\/"}}]}},"uagb_featured_image_src":{"full":["https:\/\/vapebulkp.com\/wp-content\/uploads\/2024\/07\/UZY-VAPER-Tornado-9k-Randm-Vape.png",2560,1744,false],"thumbnail":["https:\/\/vapebulkp.com\/wp-content\/uploads\/2024\/07\/UZY-VAPER-Tornado-9k-Randm-Vape-150x150.png",150,150,true],"medium":["https:\/\/vapebulkp.com\/wp-content\/uploads\/2024\/07\/UZY-VAPER-Tornado-9k-Randm-Vape-300x204.png",300,204,true],"medium_large":["https:\/\/vapebulkp.com\/wp-content\/uploads\/2024\/07\/UZY-VAPER-Tornado-9k-Randm-Vape-768x523.png",768,523,true],"large":["https:\/\/vapebulkp.com\/wp-content\/uploads\/2024\/07\/UZY-VAPER-Tornado-9k-Randm-Vape-1024x698.png",1024,698,true],"1536x1536":["https:\/\/vapebulkp.com\/wp-content\/uploads\/2024\/07\/UZY-VAPER-Tornado-9k-Randm-Vape-1536x1046.png",1536,1046,true],"2048x2048":["https:\/\/vapebulkp.com\/wp-content\/uploads\/2024\/07\/UZY-VAPER-Tornado-9k-Randm-Vape-2048x1395.png",2048,1395,true],"trp-custom-language-flag":["https:\/\/vapebulkp.com\/wp-content\/uploads\/2024\/07\/UZY-VAPER-Tornado-9k-Randm-Vape.png",18,12,false],"woocommerce_thumbnail":["https:\/\/vapebulkp.com\/wp-content\/uploads\/2024\/07\/UZY-VAPER-Tornado-9k-Randm-Vape-300x300.png",300,300,true],"woocommerce_single":["https:\/\/vapebulkp.com\/wp-content\/uploads\/2024\/07\/UZY-VAPER-Tornado-9k-Randm-Vape-600x409.png",600,409,true],"woocommerce_gallery_thumbnail":["https:\/\/vapebulkp.com\/wp-content\/uploads\/2024\/07\/UZY-VAPER-Tornado-9k-Randm-Vape-100x100.png",100,100,true],"wcpr-photo-reviews":["https:\/\/vapebulkp.com\/wp-content\/uploads\/2024\/07\/UZY-VAPER-Tornado-9k-Randm-Vape.png",500,341,false]},"uagb_author_info":{"display_name":"Mandy vape bulk price","author_link":"https:\/\/vapebulkp.com\/lv\/author\/"},"uagb_comment_info":2,"uagb_excerpt":"UZY Tornado 9k Puffs Original Vape\u00a0 Randm Vape Pls Contact Mandy's WhatsApp For Discount Price+8618077105796 NOTE: Prices on our website does not include shipping costs","_links":{"self":[{"href":"https:\/\/vapebulkp.com\/lv\/wp-json\/wp\/v2\/product\/2603","targetHints":{"allow":["GET"]}}],"collection":[{"href":"https:\/\/vapebulkp.com\/lv\/wp-json\/wp\/v2\/product"}],"about":[{"href":"https:\/\/vapebulkp.com\/lv\/wp-json\/wp\/v2\/types\/product"}],"replies":[{"embeddable":true,"href":"https:\/\/vapebulkp.com\/lv\/wp-json\/wp\/v2\/comments?post=2603"}],"wp:featuredmedia":[{"embeddable":true,"href":"https:\/\/vapebulkp.com\/lv\/wp-json\/wp\/v2\/media\/2581"}],"wp:attachment":[{"href":"https:\/\/vapebulkp.com\/lv\/wp-json\/wp\/v2\/media?parent=2603"}],"wp:term":[{"taxonomy":"product_cat","embeddable":true,"href":"https:\/\/vapebulkp.com\/lv\/wp-json\/wp\/v2\/product_cat?post=2603"},{"taxonomy":"product_tag","embeddable":true,"href":"https:\/\/vapebulkp.com\/lv\/wp-json\/wp\/v2\/product_tag?post=2603"}],"curies":[{"name":"wp","href":"https:\/\/api.w.org\/{rel}","templated":true}]}}