{"id":2913,"date":"2024-09-21T05:50:55","date_gmt":"2024-09-21T03:50:55","guid":{"rendered":"https:\/\/vapebulkp.com\/?post_type=product&#038;p=2913"},"modified":"2025-09-24T05:13:53","modified_gmt":"2025-09-24T03:13:53","slug":"wga-crystal-plus-16000-puffs-led-light-disposable-vape","status":"publish","type":"product","link":"https:\/\/vapebulkp.com\/lv\/product\/wga-crystal-plus-16000-puffs-led-light-disposable-vape\/","title":{"rendered":"WGA Crystal Plus 16000 Pufi LED Gaismas Vienreiz\u0113j\u0101s Lieto\u0161anas Vape\u00a0"},"content":{"rendered":"<h2>WGA\u00a0 Crystal Plus 16000 Pufi LED Gaismas Vienreiz\u0113j\u0101s Lieto\u0161anas Vape<\/h2>\n<p>&nbsp;<\/p>\n<p data-start=\"314\" data-end=\"651\">Tas <strong data-start=\"318\" data-end=\"376\">WGA Crystal Plus 16000 Pufi LED Gaismas Vienreiz\u0113j\u0101s Lieto\u0161anas Vape<\/strong> ir premium <strong data-start=\"390\" data-end=\"423\">liela ietilp\u012bba vienreizlietojam\u0101 vape<\/strong> izstr\u0101d\u0101ts Latvijas vaperiem, kuri nov\u0113rt\u0113 veiktsp\u0113ju, gar\u0161u un \u0113rt\u012bbu. Ar <strong data-start=\"506\" data-end=\"522\">16 000 pufiem<\/strong> un 20 unik\u0101l\u0101m gar\u0161\u0101m, \u0161is vairumtirdzniec\u012bbas vape nodro\u0161ina maigu, bl\u012bvu tvaiku un konsekventu gar\u0161u katr\u0101 pievilcien\u0101.<\/p>\n<p data-start=\"653\" data-end=\"1005\">Darbojas ar uzticamu <strong data-start=\"675\" data-end=\"706\">650 mAh uzl\u0101d\u0113jamu akumulatoru<\/strong>, WGA Crystal Plus nodro\u0161ina nep\u0101rtrauktas sesijas, savuk\u0101rt LED gaismas displejs pie\u0161\u0137ir modernu, stil\u012bgu piesk\u0101rienu. Ide\u0101li piem\u0113rots gan ikdienas lietot\u0101jiem, gan pieredz\u0113ju\u0161iem vaperiem, \u0161is <strong data-start=\"878\" data-end=\"911\">nikot\u012bna s\u0101ls vienreiz\u0113j\u0101s lieto\u0161anas vape<\/strong> apvieno \u0113rt\u012bbu, augstu veiktsp\u0113ju un bag\u0101t\u012bgu gar\u0161u, lai nodro\u0161in\u0101tu apmierino\u0161u iztvaiko\u0161anas pieredzi.<\/p>\n<p>&nbsp;<\/p>\n<h6 style=\"text-align: left\"><img decoding=\"async\" class=\"alignnone wp-image-2909\" src=\"http:\/\/vapebulkp.com\/wp-content\/uploads\/2024\/09\/WGA-crystal-Plus-Vape-16k-Puffs-Purchase-Price.jpg\" alt=\"WGA crystal Plus Vape 16k dvesmas pirkuma cena\" width=\"666\" height=\"520\" srcset=\"https:\/\/vapebulkp.com\/wp-content\/uploads\/2024\/09\/WGA-crystal-Plus-Vape-16k-Puffs-Purchase-Price.jpg 2000w, https:\/\/vapebulkp.com\/wp-content\/uploads\/2024\/09\/WGA-crystal-Plus-Vape-16k-Puffs-Purchase-Price-300x234.jpg 300w, https:\/\/vapebulkp.com\/wp-content\/uploads\/2024\/09\/WGA-crystal-Plus-Vape-16k-Puffs-Purchase-Price-1024x800.jpg 1024w, https:\/\/vapebulkp.com\/wp-content\/uploads\/2024\/09\/WGA-crystal-Plus-Vape-16k-Puffs-Purchase-Price-768x600.jpg 768w, https:\/\/vapebulkp.com\/wp-content\/uploads\/2024\/09\/WGA-crystal-Plus-Vape-16k-Puffs-Purchase-Price-1536x1200.jpg 1536w, https:\/\/vapebulkp.com\/wp-content\/uploads\/2024\/09\/WGA-crystal-Plus-Vape-16k-Puffs-Purchase-Price-600x469.jpg 600w\" sizes=\"(max-width: 666px) 100vw, 666px\" \/><\/h6>\n<p>&nbsp;<\/p>\n<h6>L\u016bdzu, sazinieties ar Mandijas WhatsApp, lai sa\u0146emtu atlaides cenu<a href=\"https:\/\/wa.me\/8618077105796\">+8618077105796<\/a><\/h6>\n<p><img decoding=\"async\" class=\"alignnone wp-image-2151\" src=\"http:\/\/vapebulkp.com\/wp-content\/uploads\/2024\/04\/Mandy-WhatsApp-Randm.jpg\" alt=\"Mandy WhatsApp Randi\" width=\"271\" height=\"289\" srcset=\"https:\/\/vapebulkp.com\/wp-content\/uploads\/2024\/04\/Mandy-WhatsApp-Randm.jpg 916w, https:\/\/vapebulkp.com\/wp-content\/uploads\/2024\/04\/Mandy-WhatsApp-Randm-282x300.jpg 282w, https:\/\/vapebulkp.com\/wp-content\/uploads\/2024\/04\/Mandy-WhatsApp-Randm-768x817.jpg 768w, https:\/\/vapebulkp.com\/wp-content\/uploads\/2024\/04\/Mandy-WhatsApp-Randm-600x638.jpg 600w\" sizes=\"(max-width: 271px) 100vw, 271px\" \/><\/p>\n<h2><span style=\"vertical-align: inherit\">Dom\u0101ju, ka jums var\u0113tu b\u016bt interesanti uzzin\u0101t par WGA Crystal Plus 16k Crystal Vapes:<\/span><\/h2>\n<p>&nbsp;<\/p>\n<h6 class=\"style-scope ytd-watch-metadata\">1.K\u0101 lietot\u00a0 \u00a0WGA Crystal Plus 16k Pufi Crystal Vape?<\/h6>\n<p>Tas <strong>WGA Crystal Pro Plus 16K Pufi<\/strong> pied\u0101v\u0101 e\u013c\u013cas kodola atdal\u012b\u0161anas tehnolo\u0123iju, kas pal\u012bdz saglab\u0101t e-\u0161\u0137idrumu l\u012bdz t\u0101 lieto\u0161anas br\u012bdim. L\u016bdzu, iev\u0113rojiet \u0161os nor\u0101d\u012bjumus:<\/p>\n<ul>\n<li><strong>1. solis<\/strong>: Nopl\u0113\u0161iet produkta iepakojumu.<\/li>\n<li><strong>2. solis<\/strong>: No\u0146emiet apak\u0161\u0113jo uzl\u012bmi.<\/li>\n<li><strong>3. solis<\/strong>: Pirms lieto\u0161anas \u013caujiet ier\u012bcei past\u0101v\u0113t 3 min\u016btes, lai e-\u0161\u0137idrums piln\u012bb\u0101 pies\u0101tin\u0101tu serdi.<\/li>\n<\/ul>\n<p>L\u012bdz\u012bgi k\u0101 gatavojot ide\u0101lu \u0113dienu p\u0113c receptes, \u0161ie so\u013ci nodro\u0161ina optim\u0101lu veiktsp\u0113ju un gar\u0161u. \u201cPaciet\u012bba ir r\u016bgta, bet t\u0101s aug\u013ci ir saldi\u201d \u2013 tas attiecas ar\u012b \u0161eit.<\/p>\n<h6>2. K\u0101 uzl\u0101d\u0113t WGA Crystal 16000 Puffs Crystal Vape Kopen:<\/h6>\n<p>Uzl\u0101de ir vienk\u0101r\u0161a, ta\u010du dro\u0161\u012bba ir galvenais. Izvairieties no \u0101trajiem l\u0101d\u0113t\u0101jiem. Standarta dro\u0161a jauda vienreizlietojamo e-cigare\u0161u uzl\u0101d\u0113\u0161anai ir <strong>5V 1A<\/strong>.<\/p>\n<ul>\n<li>Katra uzl\u0101des sesija nedr\u012bkst p\u0101rsniegt <strong>1 stundu<\/strong>, ar <strong>30 min\u016bt\u0113m<\/strong> k\u0101 ieteicamo dro\u0161o uzl\u0101des laiku.<\/li>\n<li><strong>Svar\u012bgi<\/strong>: Neatst\u0101jiet ier\u012bci uzl\u0101d\u0113ties pa nakti.<\/li>\n<\/ul>\n<p>Atcerieties, ko saka: \u201cL\u0113ni un stabili uzvar sac\u012bkstes.\u201d Tas nodro\u0161ina j\u016bsu vape ilgm\u016b\u017e\u012bbu un veiktsp\u0113ju.<\/p>\n<p><span style=\"color: #ff6600\">Pazi\u0146ojums: Neuzl\u0101d\u0113jiet visu nakti!<\/span><\/p>\n<h6>3. K\u0101da ir WGA Crystal Plus 16000 Puffs vape e-\u0161\u0137idruma ietilp\u012bba?<\/h6>\n<p>WGA Crystal Plus 16K satur iev\u0113rojamu <strong>27ml<\/strong> e-\u0161\u0137idruma, nodro\u0161inot ilgsto\u0161u baud\u012bjumu bez nepiecie\u0161am\u012bbas bie\u017ei papildin\u0101t. K\u0101 saka sak\u0101mv\u0101rds: \u201cLabas lietas n\u0101k lielos iepakojumos.\u201d<\/p>\n<h6>4. Cik ilgi darbojas WGA Crystal Plus 16000 uzp\u016btienu vape:<\/h6>\n<p>Ar <strong>16 000 pufiem<\/strong>, \u0161is vape ir izstr\u0101d\u0101ts, lai kalpotu iev\u0113rojamu laiku. Vid\u0113jiem lietot\u0101jiem tas var\u0113tu kalpot ned\u0113\u013c\u0101m, nodro\u0161inot nemain\u012bgu veiktsp\u0113ju. K\u0101 reiz teica Aristotelis: \"Kvalit\u0101te nav r\u012bc\u012bba, t\u0101 ir ieradums\" \u2014 un \u0161is vape nodro\u0161ina kvalit\u0101ti uzp\u016btienu p\u0113c uzp\u016btiena.<\/p>\n<div class=\"faqs-answer\"><\/div>\n<h3><span style=\"vertical-align: inherit\">WGA Crystal Plus 16000 uzp\u016btienu ilgs lieto\u0161anas specifik\u0101cija:<\/span><strong><br \/>\n<\/strong><\/h3>\n<ul>\n<li>Laba baterija: 650mAh (Type C)<\/li>\n<li>Liela ietilp\u012bba: 27ml<\/li>\n<li>L\u012bdz 16000 uzp\u016btieniem<\/li>\n<li>MTL Vaping un Triple Mesh Coil<\/li>\n<li>Regul\u0113jama gaisa pl\u016bsma un LED displejs<\/li>\n<li>\u0112rta un p\u0101rn\u0113s\u0101jama, kompakta ier\u012bce<\/li>\n<li>21 mg\/ml nikot\u012bna stiprums<\/li>\n<\/ul>\n<h3>\u00a0Lab\u0101kais vape WGA Crystal Vape 16k uzp\u016btienu viegla Type-C uzl\u0101de gar\u0161u saraksts:<\/h3>\n<p>&nbsp;<\/p>\n<p>1. BAN\u0100NU ICE<\/p>\n<p>2. ZIL\u0100 RAZZ \u0136IR\u0160U<\/p>\n<p>3. ZIL\u0100 RAZZ ICE<\/p>\n<p>4. MELLE\u0145U \u0136IR\u0160U dz\u0113rve\u0146u<\/p>\n<p>5. MELLE\u0145U AVENE<\/p>\n<p>6. MELLE\u0145U SK\u0100B\u0100 AVENE<\/p>\n<p>7. \u0136IR\u0160U ICE<\/p>\n<p>8. DZIRKSTO\u0160AIS \u0136IR\u0160U<\/p>\n<p>9. SVAIGA M\u0112TRA<\/p>\n<p>10. GUMIJAS l\u0101c\u012btis<\/p>\n<p>11. HUBBA BUBBA<\/p>\n<p>12. SUL\u012aGS PERSKS<\/p>\n<p>13. CITRONU<\/p>\n<p>14. MR ZILS<\/p>\n<p>15. SARKANAIS \u0100BOLS ICE<\/p>\n<p>16. SKITTLES<\/p>\n<p>17. ZEMENE AVENE \u0136IR\u0160U<\/p>\n<p>18. VASARAS SAPNIS<\/p>\n<p>19. VIMTO BULL<\/p>\n<p>20.\u016adensmelones ledus<\/p>\n<p><a href=\"https:\/\/vapebulkp.com\/lv\/product\/cloud-bar-tornado-9000puffs-randm-vape-original-vape\/\"><span style=\"vertical-align: inherit\">Laba p\u0101rdo\u0161ana Vape Cloud Bar 9000 dvesu<\/span><\/a><\/p>\n<p><span style=\"vertical-align: inherit\">Atrast vair\u0101k produktu, kas jums var\u0113tu patikt:<\/span><em><a href=\"https:\/\/wa.me\/8618077105796\"><span style=\"vertical-align: inherit\">\u00a0Pirkt tagad<\/span><\/a><\/em><\/p>\n<p><span style=\"vertical-align: inherit\">Citas dvesmas, kas jums var\u0113tu patikt:<\/span><a href=\"https:\/\/vapebulkp.com\/lv\/product\/good-vape-jnr-shisha-15000-puffs-wholesale-vapme-shisha\/\"><span style=\"vertical-align: inherit\">JNR Vapme \u016bdensp\u012bpe 15000 dvesu<\/span><\/a><span style=\"vertical-align: inherit\">\u3001<\/span><a href=\"https:\/\/vapebulkp.com\/lv\/product\/wholesale-price-randm-15k-waspe-15000-puffs-best-vape\/\"><span style=\"vertical-align: inherit\">Randm Tornado Vape WASPE 15000 dvesmas<\/span><\/a><span style=\"vertical-align: inherit\">\/ <\/span><a href=\"https:\/\/vapebulkp.com\/lv\/product\/popular-vape-bang-king-15000-puffs-bang-vape\/\"><span style=\"vertical-align: inherit\">Bang King 15000 Dvesmas<\/span><\/a><span style=\"vertical-align: inherit\">\/ <\/span><a href=\"https:\/\/vapebulkp.com\/lv\/product\/popular-randm-tornado-7000puffs-disposable-vape-best-price\/\"><span style=\"vertical-align: inherit\">RandM Tornado 7000 dvesu<\/span><\/a><\/p>\n<h4>Ra\u017eo\u0161anas kvalifik\u0101cija:<\/h4>\n<p><img decoding=\"async\" class=\"alignnone size-full wp-image-1841\" src=\"http:\/\/vapebulkp.com\/wp-content\/uploads\/2023\/11\/Vape-production-process-2.jpeg\" alt=\"Vape ra\u017eo\u0161anas process\" width=\"650\" height=\"434\" srcset=\"https:\/\/vapebulkp.com\/wp-content\/uploads\/2023\/11\/Vape-production-process-2.jpeg 650w, https:\/\/vapebulkp.com\/wp-content\/uploads\/2023\/11\/Vape-production-process-2-300x200.jpeg 300w, https:\/\/vapebulkp.com\/wp-content\/uploads\/2023\/11\/Vape-production-process-2-600x401.jpeg 600w\" sizes=\"(max-width: 650px) 100vw, 650px\" \/><\/p>\n<p><img decoding=\"async\" class=\"alignnone size-full wp-image-1843\" src=\"http:\/\/vapebulkp.com\/wp-content\/uploads\/2023\/11\/Vape-production-process.jpeg\" alt=\"Vape ra\u017eo\u0161anas process\" width=\"641\" height=\"1026\" srcset=\"https:\/\/vapebulkp.com\/wp-content\/uploads\/2023\/11\/Vape-production-process.jpeg 641w, https:\/\/vapebulkp.com\/wp-content\/uploads\/2023\/11\/Vape-production-process-187x300.jpeg 187w, https:\/\/vapebulkp.com\/wp-content\/uploads\/2023\/11\/Vape-production-process-640x1024.jpeg 640w, https:\/\/vapebulkp.com\/wp-content\/uploads\/2023\/11\/Vape-production-process-600x960.jpeg 600w\" sizes=\"(max-width: 641px) 100vw, 641px\" \/><\/p>\n<p>&nbsp;<\/p>\n<h4>Pieg\u0101des deta\u013cas:<\/h4>\n<p><span style=\"color: #ff6600\">Ra\u017eo\u0161anas laiks: 5-10 darba dienas<\/span><br \/>\n<span style=\"color: #ff6600\">Pieg\u0101des laiks: 8-14 darba dienas<\/span><\/p>\n<p>Visi produkti m\u016bsu veikal\u0101 ir 100% ori\u0123in\u0101li un autentiski, t\u0101p\u0113c desmitk\u0101rt\u012bga kompens\u0101cija par viltot\u0101m prec\u0113m ir m\u016bsu veikala politika. M\u0113s izmantojam t\u0101dus lo\u0123istikas kan\u0101lus k\u0101 UPS\/DHL\/FEDEX\/DPD, lai pieg\u0101d\u0101tu preces jums.<\/p>\n<p>Paci\u0146\u0101m, kas tiek s\u016bt\u012btas uz Latviju, parasti nepiecie\u0161amas 10 darba dienas, lai t\u0101s sa\u0146emtu. S\u016bt\u012bjumiem uz Eiropas valst\u012bm parasti nepiecie\u0161amas 12 l\u012bdz 15 darba dienas, lai t\u0101s sa\u0146emtu. M\u0113s atjaunin\u0101sim lo\u0123istikas inform\u0101ciju jums re\u0101llaik\u0101.<\/p>","protected":false},"excerpt":{"rendered":"<p>Vislab\u0101k p\u0101rdotais WGA Crystal Plus 16K Pufi Vienreiz\u0113j\u0101s Lieto\u0161anas Vape<\/p>\n<p>L\u016bdzu, sazinieties ar Mandijas WhatsApp, lai sa\u0146emtu atlaides cenu<a href=\"https:\/\/wa.me\/8618077105796\">+8618077105796<\/a><\/p>\n<p><img decoding=\"async\" class=\"alignnone wp-image-2151\" src=\"http:\/\/vapebulkp.com\/wp-content\/uploads\/2024\/04\/Mandy-WhatsApp-Randm.jpg\" alt=\"Mandy WhatsApp Randi\" width=\"297\" height=\"316\" srcset=\"https:\/\/vapebulkp.com\/wp-content\/uploads\/2024\/04\/Mandy-WhatsApp-Randm.jpg 916w, https:\/\/vapebulkp.com\/wp-content\/uploads\/2024\/04\/Mandy-WhatsApp-Randm-282x300.jpg 282w, https:\/\/vapebulkp.com\/wp-content\/uploads\/2024\/04\/Mandy-WhatsApp-Randm-768x817.jpg 768w, https:\/\/vapebulkp.com\/wp-content\/uploads\/2024\/04\/Mandy-WhatsApp-Randm-600x638.jpg 600w\" sizes=\"(max-width: 297px) 100vw, 297px\" \/><\/p>\n<p><span style=\"color: #ff0000\">PIEZ\u012aME: Cenas m\u016bsu t\u012bmek\u013ca vietn\u0113 neietver pieg\u0101des izmaksas<\/span><\/p>\n<p>Galvenais pirkuma iemesls<br \/>\n1. Izcila kvalit\u0101te un nep\u0101rsp\u0113jama veiktsp\u0113ja.<\/p>\n<p>2. Konkur\u0113tsp\u0113j\u012bga cena un \u0101tra v\u0113rt\u012bba.<\/p>\n<p>3. Vair\u0101kas iesp\u0113jas un savlaic\u012bga pieg\u0101de.<\/p>\n<p>4. Apmierino\u0161a iepirk\u0161an\u0101s pieredze<\/p>","protected":false},"featured_media":2905,"comment_status":"open","ping_status":"closed","template":"","meta":{"_uag_custom_page_level_css":"","_lmt_disableupdate":"no","_lmt_disable":"","site-sidebar-layout":"default","site-content-layout":"content-boxed-container","ast-site-content-layout":"normal-width-container","site-content-style":"boxed","site-sidebar-style":"unboxed","ast-global-header-display":"","ast-banner-title-visibility":"","ast-main-header-display":"","ast-hfb-above-header-display":"","ast-hfb-below-header-display":"","ast-hfb-mobile-header-display":"","site-post-title":"","ast-breadcrumbs-content":"","ast-featured-img":"","footer-sml-layout":"","theme-transparent-header-meta":"default","adv-header-id-meta":"","stick-header-meta":"","header-above-stick-meta":"","header-main-stick-meta":"","header-below-stick-meta":"","astra-migrate-meta-layouts":"set","_joinchat":[]},"product_cat":[164,153,155,33,59,100,87,34,158,157,154,152,58,84,156,63,32,366],"product_tag":[181,36,37,41,75,40],"class_list":["post-2913","product","type-product","status-publish","has-post-thumbnail","hentry","product_cat-16000-puffs-disposable-vape","product_cat-hot-disposable-vapes","product_cat-belgium-hot-disposable-vapes","product_cat-france-vape-hot-sale","product_cat-germany-hot-disposable-vape","product_cat-germany-wholesale-vape-shop","product_cat-minimum-order-quantity-50pcs","product_cat-netherlands-vape-good-sale","product_cat-norway-hot-disposable-vapes","product_cat-poland-hot-disposable-vapes","product_cat-portugal-hot-disposable-vapes","product_cat-spain-hot-disposable-vapes","product_cat-sweden-hot-disposable-vape","product_cat-sweden-wholesale-vape","product_cat-switzerland-hot-disposable-vapes","product_cat-top-sale-disposable-vape","product_cat-vape-hot-sale-this-week","product_cat-wga-vape","product_tag-16000-puffs","product_tag-good-vape","product_tag-hot-sale-disposable-vape","product_tag-poland-hot-vape","product_tag-randm-vape-9000-puffs","product_tag-sweden-hot-vape","pa_brand-wga-vape","desktop-align-left","tablet-align-left","mobile-align-left"],"yoast_head":"<!-- This site is optimized with the Yoast SEO plugin v21.1 - https:\/\/yoast.com\/wordpress\/plugins\/seo\/ -->\n<title>WGA\u00a0Crystal Plus 16000 Puffs LED Light Disposable Vape\u00a0 - vapebulkp.com<\/title>\n<meta name=\"description\" content=\"WGA Crystal Plus 16K Puffs Disposable Vape \u2013 27ml e-liquid, 650mAh rechargeable battery, 16,000 puffs, rich flavors, long-lasting high-capacity vape.\" \/>\n<meta name=\"robots\" content=\"index, follow, max-snippet:-1, max-image-preview:large, max-video-preview:-1\" \/>\n<link rel=\"canonical\" href=\"https:\/\/vapebulkp.com\/lv\/product\/wga-crystal-plus-16000-puffs-led-light-disposable-vape\/\" \/>\n<meta property=\"og:locale\" content=\"lv_LV\" \/>\n<meta property=\"og:type\" content=\"article\" \/>\n<meta property=\"og:title\" content=\"WGA\u00a0Crystal Plus 16000 Puffs LED Light Disposable Vape\u00a0 - vapebulkp.com\" \/>\n<meta property=\"og:description\" content=\"WGA Crystal Plus 16K Puffs Disposable Vape \u2013 27ml e-liquid, 650mAh rechargeable battery, 16,000 puffs, rich flavors, long-lasting high-capacity vape.\" \/>\n<meta property=\"og:url\" content=\"https:\/\/vapebulkp.com\/lv\/product\/wga-crystal-plus-16000-puffs-led-light-disposable-vape\/\" \/>\n<meta property=\"og:site_name\" content=\"vapebulkp.com\" \/>\n<meta property=\"article:modified_time\" content=\"2025-09-24T03:13:53+00:00\" \/>\n<meta property=\"og:image\" content=\"http:\/\/vapebulkp.com\/wp-content\/uploads\/2024\/09\/Good-WGA-crystal-Plus-Vape-16000-Puffs-Wholesale-Price.jpg\" \/>\n\t<meta property=\"og:image:width\" content=\"1920\" \/>\n\t<meta property=\"og:image:height\" content=\"1580\" \/>\n\t<meta property=\"og:image:type\" content=\"image\/jpeg\" \/>\n<meta name=\"twitter:card\" content=\"summary_large_image\" \/>\n<meta name=\"twitter:label1\" content=\"Est. reading time\" \/>\n\t<meta name=\"twitter:data1\" content=\"4 min\u016btes\" \/>\n<script type=\"application\/ld+json\" class=\"yoast-schema-graph\">{\"@context\":\"https:\/\/schema.org\",\"@graph\":[{\"@type\":\"WebPage\",\"@id\":\"https:\/\/vapebulkp.com\/product\/wga-crystal-plus-16000-puffs-led-light-disposable-vape\/\",\"url\":\"https:\/\/vapebulkp.com\/product\/wga-crystal-plus-16000-puffs-led-light-disposable-vape\/\",\"name\":\"WGA\u00a0Crystal Plus 16000 Puffs LED Light Disposable Vape\u00a0 - vapebulkp.com\",\"isPartOf\":{\"@id\":\"https:\/\/vapebulkp.com\/#website\"},\"datePublished\":\"2024-09-21T03:50:55+00:00\",\"dateModified\":\"2025-09-24T03:13:53+00:00\",\"description\":\"WGA Crystal Plus 16K Puffs Disposable Vape \u2013 27ml e-liquid, 650mAh rechargeable battery, 16,000 puffs, rich flavors, long-lasting high-capacity vape.\",\"breadcrumb\":{\"@id\":\"https:\/\/vapebulkp.com\/product\/wga-crystal-plus-16000-puffs-led-light-disposable-vape\/#breadcrumb\"},\"inLanguage\":\"lv-LV\",\"potentialAction\":[{\"@type\":\"ReadAction\",\"target\":[\"https:\/\/vapebulkp.com\/product\/wga-crystal-plus-16000-puffs-led-light-disposable-vape\/\"]}]},{\"@type\":\"BreadcrumbList\",\"@id\":\"https:\/\/vapebulkp.com\/product\/wga-crystal-plus-16000-puffs-led-light-disposable-vape\/#breadcrumb\",\"itemListElement\":[{\"@type\":\"ListItem\",\"position\":1,\"name\":\"Home\",\"item\":\"https:\/\/vapebulkp.com\/\"},{\"@type\":\"ListItem\",\"position\":2,\"name\":\"Hot Trend Vapes\",\"item\":\"https:\/\/vapebulkp.com\/vape-shop\/\"},{\"@type\":\"ListItem\",\"position\":3,\"name\":\"WGA\u00a0Crystal Plus 16000 Puffs LED Light Disposable Vape\u00a0\"}]},{\"@type\":\"WebSite\",\"@id\":\"https:\/\/vapebulkp.com\/#website\",\"url\":\"https:\/\/vapebulkp.com\/\",\"name\":\"vapebulkp.com\",\"description\":\"Buy Vape In Cheap Bulk Price Near you\",\"publisher\":{\"@id\":\"https:\/\/vapebulkp.com\/#organization\"},\"potentialAction\":[{\"@type\":\"SearchAction\",\"target\":{\"@type\":\"EntryPoint\",\"urlTemplate\":\"https:\/\/vapebulkp.com\/?s={search_term_string}\"},\"query-input\":\"required name=search_term_string\"}],\"inLanguage\":\"lv-LV\"},{\"@type\":\"Organization\",\"@id\":\"https:\/\/vapebulkp.com\/#organization\",\"name\":\"vapebulkp.com\",\"url\":\"https:\/\/vapebulkp.com\/\",\"logo\":{\"@type\":\"ImageObject\",\"inLanguage\":\"lv-LV\",\"@id\":\"https:\/\/vapebulkp.com\/#\/schema\/logo\/image\/\",\"url\":\"https:\/\/vapebulkp.com\/wp-content\/uploads\/2023\/09\/cropped-vapebulkp.png\",\"contentUrl\":\"https:\/\/vapebulkp.com\/wp-content\/uploads\/2023\/09\/cropped-vapebulkp.png\",\"width\":516,\"height\":163,\"caption\":\"vapebulkp.com\"},\"image\":{\"@id\":\"https:\/\/vapebulkp.com\/#\/schema\/logo\/image\/\"}}]}<\/script>\n<!-- \/ Yoast SEO plugin. -->","yoast_head_json":{"title":"WGA\u00a0Crystal Plus 16000 Puffs LED Light Disposable Vape\u00a0 - vapebulkp.com","description":"WGA Crystal Plus 16K Puffs Disposable Vape \u2013 27ml e-liquid, 650mAh rechargeable battery, 16,000 puffs, rich flavors, long-lasting high-capacity vape.","robots":{"index":"index","follow":"follow","max-snippet":"max-snippet:-1","max-image-preview":"max-image-preview:large","max-video-preview":"max-video-preview:-1"},"canonical":"https:\/\/vapebulkp.com\/lv\/product\/wga-crystal-plus-16000-puffs-led-light-disposable-vape\/","og_locale":"lv_LV","og_type":"article","og_title":"WGA\u00a0Crystal Plus 16000 Puffs LED Light Disposable Vape\u00a0 - vapebulkp.com","og_description":"WGA Crystal Plus 16K Puffs Disposable Vape \u2013 27ml e-liquid, 650mAh rechargeable battery, 16,000 puffs, rich flavors, long-lasting high-capacity vape.","og_url":"https:\/\/vapebulkp.com\/lv\/product\/wga-crystal-plus-16000-puffs-led-light-disposable-vape\/","og_site_name":"vapebulkp.com","article_modified_time":"2025-09-24T03:13:53+00:00","og_image":[{"width":1920,"height":1580,"url":"http:\/\/vapebulkp.com\/wp-content\/uploads\/2024\/09\/Good-WGA-crystal-Plus-Vape-16000-Puffs-Wholesale-Price.jpg","type":"image\/jpeg"}],"twitter_card":"summary_large_image","twitter_misc":{"Est. reading time":"4 min\u016btes"},"schema":{"@context":"https:\/\/schema.org","@graph":[{"@type":"WebPage","@id":"https:\/\/vapebulkp.com\/product\/wga-crystal-plus-16000-puffs-led-light-disposable-vape\/","url":"https:\/\/vapebulkp.com\/product\/wga-crystal-plus-16000-puffs-led-light-disposable-vape\/","name":"WGA\u00a0Crystal Plus 16000 Puffs LED Light Disposable Vape\u00a0 - vapebulkp.com","isPartOf":{"@id":"https:\/\/vapebulkp.com\/#website"},"datePublished":"2024-09-21T03:50:55+00:00","dateModified":"2025-09-24T03:13:53+00:00","description":"WGA Crystal Plus 16K Puffs Disposable Vape \u2013 27ml e-liquid, 650mAh rechargeable battery, 16,000 puffs, rich flavors, long-lasting high-capacity vape.","breadcrumb":{"@id":"https:\/\/vapebulkp.com\/product\/wga-crystal-plus-16000-puffs-led-light-disposable-vape\/#breadcrumb"},"inLanguage":"lv-LV","potentialAction":[{"@type":"ReadAction","target":["https:\/\/vapebulkp.com\/product\/wga-crystal-plus-16000-puffs-led-light-disposable-vape\/"]}]},{"@type":"BreadcrumbList","@id":"https:\/\/vapebulkp.com\/product\/wga-crystal-plus-16000-puffs-led-light-disposable-vape\/#breadcrumb","itemListElement":[{"@type":"ListItem","position":1,"name":"Home","item":"https:\/\/vapebulkp.com\/"},{"@type":"ListItem","position":2,"name":"Hot Trend Vapes","item":"https:\/\/vapebulkp.com\/vape-shop\/"},{"@type":"ListItem","position":3,"name":"WGA\u00a0Crystal Plus 16000 Puffs LED Light Disposable Vape\u00a0"}]},{"@type":"WebSite","@id":"https:\/\/vapebulkp.com\/#website","url":"https:\/\/vapebulkp.com\/","name":"vapebulkp.com","description":"Buy Vape In Cheap Bulk Price Near you","publisher":{"@id":"https:\/\/vapebulkp.com\/#organization"},"potentialAction":[{"@type":"SearchAction","target":{"@type":"EntryPoint","urlTemplate":"https:\/\/vapebulkp.com\/?s={search_term_string}"},"query-input":"required name=search_term_string"}],"inLanguage":"lv-LV"},{"@type":"Organization","@id":"https:\/\/vapebulkp.com\/#organization","name":"vapebulkp.com","url":"https:\/\/vapebulkp.com\/","logo":{"@type":"ImageObject","inLanguage":"lv-LV","@id":"https:\/\/vapebulkp.com\/#\/schema\/logo\/image\/","url":"https:\/\/vapebulkp.com\/wp-content\/uploads\/2023\/09\/cropped-vapebulkp.png","contentUrl":"https:\/\/vapebulkp.com\/wp-content\/uploads\/2023\/09\/cropped-vapebulkp.png","width":516,"height":163,"caption":"vapebulkp.com"},"image":{"@id":"https:\/\/vapebulkp.com\/#\/schema\/logo\/image\/"}}]}},"uagb_featured_image_src":{"full":["https:\/\/vapebulkp.com\/wp-content\/uploads\/2024\/09\/Good-WGA-crystal-Plus-Vape-16000-Puffs-Wholesale-Price.jpg",1920,1580,false],"thumbnail":["https:\/\/vapebulkp.com\/wp-content\/uploads\/2024\/09\/Good-WGA-crystal-Plus-Vape-16000-Puffs-Wholesale-Price-150x150.jpg",150,150,true],"medium":["https:\/\/vapebulkp.com\/wp-content\/uploads\/2024\/09\/Good-WGA-crystal-Plus-Vape-16000-Puffs-Wholesale-Price-300x247.jpg",300,247,true],"medium_large":["https:\/\/vapebulkp.com\/wp-content\/uploads\/2024\/09\/Good-WGA-crystal-Plus-Vape-16000-Puffs-Wholesale-Price-768x632.jpg",768,632,true],"large":["https:\/\/vapebulkp.com\/wp-content\/uploads\/2024\/09\/Good-WGA-crystal-Plus-Vape-16000-Puffs-Wholesale-Price-1024x843.jpg",1024,843,true],"1536x1536":["https:\/\/vapebulkp.com\/wp-content\/uploads\/2024\/09\/Good-WGA-crystal-Plus-Vape-16000-Puffs-Wholesale-Price-1536x1264.jpg",1536,1264,true],"2048x2048":["https:\/\/vapebulkp.com\/wp-content\/uploads\/2024\/09\/Good-WGA-crystal-Plus-Vape-16000-Puffs-Wholesale-Price.jpg",1920,1580,false],"trp-custom-language-flag":["https:\/\/vapebulkp.com\/wp-content\/uploads\/2024\/09\/Good-WGA-crystal-Plus-Vape-16000-Puffs-Wholesale-Price.jpg",15,12,false],"woocommerce_thumbnail":["https:\/\/vapebulkp.com\/wp-content\/uploads\/2024\/09\/Good-WGA-crystal-Plus-Vape-16000-Puffs-Wholesale-Price-300x300.jpg",300,300,true],"woocommerce_single":["https:\/\/vapebulkp.com\/wp-content\/uploads\/2024\/09\/Good-WGA-crystal-Plus-Vape-16000-Puffs-Wholesale-Price-600x494.jpg",600,494,true],"woocommerce_gallery_thumbnail":["https:\/\/vapebulkp.com\/wp-content\/uploads\/2024\/09\/Good-WGA-crystal-Plus-Vape-16000-Puffs-Wholesale-Price-100x100.jpg",100,100,true],"wcpr-photo-reviews":["https:\/\/vapebulkp.com\/wp-content\/uploads\/2024\/09\/Good-WGA-crystal-Plus-Vape-16000-Puffs-Wholesale-Price.jpg",500,411,false]},"uagb_author_info":{"display_name":"Mandy vape bulk price","author_link":"https:\/\/vapebulkp.com\/lv\/author\/"},"uagb_comment_info":0,"uagb_excerpt":"Top-Selling WGA Crystal Plus 16K Puffs Disposable Vape Pls Contact Mandy's WhatsApp For Discount Price+8618077105796 NOTE: Prices on our website does not include shipping costs Main reason for purchase 1. Excellent quality and unparalleled performance. 2. Competitive price and fast value. 3. Multiple options and timely delivery. 4. A satisfying shopping experience","_links":{"self":[{"href":"https:\/\/vapebulkp.com\/lv\/wp-json\/wp\/v2\/product\/2913","targetHints":{"allow":["GET"]}}],"collection":[{"href":"https:\/\/vapebulkp.com\/lv\/wp-json\/wp\/v2\/product"}],"about":[{"href":"https:\/\/vapebulkp.com\/lv\/wp-json\/wp\/v2\/types\/product"}],"replies":[{"embeddable":true,"href":"https:\/\/vapebulkp.com\/lv\/wp-json\/wp\/v2\/comments?post=2913"}],"wp:featuredmedia":[{"embeddable":true,"href":"https:\/\/vapebulkp.com\/lv\/wp-json\/wp\/v2\/media\/2905"}],"wp:attachment":[{"href":"https:\/\/vapebulkp.com\/lv\/wp-json\/wp\/v2\/media?parent=2913"}],"wp:term":[{"taxonomy":"product_cat","embeddable":true,"href":"https:\/\/vapebulkp.com\/lv\/wp-json\/wp\/v2\/product_cat?post=2913"},{"taxonomy":"product_tag","embeddable":true,"href":"https:\/\/vapebulkp.com\/lv\/wp-json\/wp\/v2\/product_tag?post=2913"}],"curies":[{"name":"wp","href":"https:\/\/api.w.org\/{rel}","templated":true}]}}