{"id":3142,"date":"2024-11-21T03:48:22","date_gmt":"2024-11-21T02:48:22","guid":{"rendered":"https:\/\/vapebulkp.com\/?post_type=product&#038;p=3142"},"modified":"2025-09-24T05:17:50","modified_gmt":"2025-09-24T03:17:50","slug":"waspe-vape-40000-puff-fihp-double-flavour-disposable-vape","status":"publish","type":"product","link":"https:\/\/vapebulkp.com\/lv\/product\/waspe-vape-40000-puff-fihp-double-flavour-disposable-vape\/","title":{"rendered":"WASPE Vape 40000 PUFF FIHP DOUBLE FLAVOUR Vienreiz\u0113j\u0101s lieto\u0161anas Vape"},"content":{"rendered":"<h2 style=\"text-align: left\">WASPE Vape 40000 PUFF FIHP DOUBLE FLAVOUR Vienreiz\u0113j\u0101s lieto\u0161anas Vape<\/h2>\n<p>&nbsp;<\/p>\n<p>Tas <b>WASPE Vape 40000 UZP\u016aTIENI<\/b> nosaka jaunu veiktsp\u0113jas un daudzpus\u012bbas standartu. \u0160is uzlabotais <a href=\"https:\/\/vapebulkp.com\/lv\/product-category\/40000-puffs-disposable-vape\/\"><b>40000 d\u016bmu vienreiz\u0113j\u0101s lieto\u0161anas elektronisk\u0101 cigarete<\/b><\/a> ir paredz\u0113ts modernam Latvijas veipot\u0101jam, nodro\u0161inot monument\u0101lu <b>40 000 uzp\u016btienu ietilp\u012bbu<\/b> ar revolucion\u0101ru divu gar\u0161u sist\u0113mu. Ar mas\u012bvu 36 ml e-\u0161\u0137idruma rezervu\u0101ru un div\u0101m 0,9 \u03a9 sieta spol\u0113m j\u016bs ieg\u016bstat konsekventu, bag\u0101t\u012bgu gar\u0161u un iespaid\u012bgus tvaikus no diviem at\u0161\u0137ir\u012bgiem profiliem vien\u0101 ier\u012bc\u0113.<\/p>\n<p>Integr\u0113tais 850 mAh uzl\u0101d\u0113jamais akumulators un C tipa uzl\u0101de nodro\u0161ina uzticamu ener\u0123iju ilgsto\u0161ai lieto\u0161anai. <strong><a href=\"https:\/\/vapebulkp.com\/lv\/puffs-stock-europe-warehouse\/\">ES Vairumtirdzniec\u012bbas Cena Vape<\/a> WASPE 40000 UZP\u016aTIENI<\/strong> ir apr\u012bkots ar viedo LED displeju, kas sniedz re\u0101llaika datus par akumulatora statusu un uzp\u016btienu skaitu, lai j\u016bs vienm\u0113r var\u0113tu kontrol\u0113t. T\u0101 kompaktais, ce\u013cojumiem draudz\u012bgais dizains padara to par ide\u0101lu <b>vape pildspalva<\/b> dz\u012bvesveidam ce\u013c\u0101. Pieejams gan 2%, gan 5% nikot\u012bna stiprum\u0101, \u0161is <b>vienreiz\u0113j\u0101s lieto\u0161anas e-cigarete<\/b> apvieno jaun\u0101k\u0101s tehnolo\u0123ijas ar nep\u0101rsp\u0113jamu \u0113rt\u012bbu.<\/p>\n<p><img decoding=\"async\" class=\"wp-image-3137\" src=\"http:\/\/vapebulkp.com\/wp-content\/uploads\/2024\/11\/WASPE-FIHP-40000-Puffs-Vape-Double-Flavor-Wholeasle-Price.jpg\" alt=\"WASPE FIHP 40000 Puffs Vape dubult\u0101s gar\u0161as vairumtirdzniec\u012bbas cena\" width=\"522\" height=\"522\" srcset=\"https:\/\/vapebulkp.com\/wp-content\/uploads\/2024\/11\/WASPE-FIHP-40000-Puffs-Vape-Double-Flavor-Wholeasle-Price.jpg 800w, https:\/\/vapebulkp.com\/wp-content\/uploads\/2024\/11\/WASPE-FIHP-40000-Puffs-Vape-Double-Flavor-Wholeasle-Price-300x300.jpg 300w, https:\/\/vapebulkp.com\/wp-content\/uploads\/2024\/11\/WASPE-FIHP-40000-Puffs-Vape-Double-Flavor-Wholeasle-Price-150x150.jpg 150w, https:\/\/vapebulkp.com\/wp-content\/uploads\/2024\/11\/WASPE-FIHP-40000-Puffs-Vape-Double-Flavor-Wholeasle-Price-768x768.jpg 768w, https:\/\/vapebulkp.com\/wp-content\/uploads\/2024\/11\/WASPE-FIHP-40000-Puffs-Vape-Double-Flavor-Wholeasle-Price-600x600.jpg 600w, https:\/\/vapebulkp.com\/wp-content\/uploads\/2024\/11\/WASPE-FIHP-40000-Puffs-Vape-Double-Flavor-Wholeasle-Price-100x100.jpg 100w\" sizes=\"(max-width: 522px) 100vw, 522px\" \/><\/p>\n<p>&nbsp;<\/p>\n<h6>L\u016bdzu, sazinieties ar Mandijas WhatsApp, lai sa\u0146emtu atlaides cenu<a href=\"https:\/\/wa.me\/8618077105796\">+8618077105796<\/a><\/h6>\n<p><img decoding=\"async\" class=\"alignnone wp-image-2151\" src=\"http:\/\/vapebulkp.com\/wp-content\/uploads\/2024\/04\/Mandy-WhatsApp-Randm.jpg\" alt=\"Mandy WhatsApp Randi\" width=\"324\" height=\"330\" \/><\/p>\n<p>&nbsp;<\/p>\n<h3><strong>WASPE FIHP 40000 Uzp\u016btienu Vairumtirdzniec\u012bbas Vape <\/strong><strong>Produkta \u012bpa\u0161\u012bbas<\/strong><\/h3>\n<ul>\n<li><strong>40 000 Uzp\u016btieni<\/strong>: \u012apa\u0161i liela ietilp\u012bba ilgsto\u0161\u0101m veipo\u0161anas sesij\u0101m.<\/li>\n<li><strong>Dubult\u0101 Gar\u0161as Sist\u0113ma<\/strong>: Bez piep\u016bles p\u0101rsl\u0113dzieties starp div\u0101m at\u0161\u0137ir\u012bg\u0101m gar\u0161\u0101m.<\/li>\n<li><strong>Divk\u0101r\u0161as 0,9 \u03a9 sieta spoles<\/strong>: Uzlabota tehnolo\u0123ija vienm\u0113r\u012bgam un intens\u012bvam tvaikam.<\/li>\n<li><strong>36 ml E-\u0161\u0137idruma ietilp\u012bba<\/strong>: Pietiekams daudzums ilgsto\u0161ai baud\u012b\u0161anai.<\/li>\n<li><strong>850 mAh uzl\u0101d\u0113jams akumulators<\/strong>: C tipa uzl\u0101de nodro\u0161ina \u0101tru un uzticamu ener\u0123iju.<\/li>\n<\/ul>\n<p>&nbsp;<\/p>\n<p>&nbsp;<\/p>\n<h3><strong>\u00a0WASPE Vape Pods FIHP 40k Puffs gar\u0161u saraksts:<\/strong><\/h3>\n<p>1 arb\u016bzu ledus \/ citronu laims<br \/>\n2 dzirksto\u0161s \u0137ir\u0161u ledus \/ melle\u0146u vate<br \/>\n3 zeme\u0146u arb\u016bzs \/ melle\u0146u ave\u0146u<br \/>\n4 red bull ledus \/ zeme\u0146u mango<br \/>\n5 persiku ledus \/ anan\u0101su mango persiks<br \/>\n6 v\u012bnogu ledus \/ zeme\u0146u kivi<br \/>\n7 jauktas ogas \/ dubult\u0101 \u0101bolu ledus<br \/>\n8 zilo ave\u0146u limon\u0101de \/ arb\u016bzu ko\u0161\u013c\u0101jam\u0101 gumija<br \/>\n9 zeme\u0146u ave\u0146u \u0137irsis \/ love 666<br \/>\n10 zeme\u0146u ban\u0101ns \/ anan\u0101su kokosriekstu ledus<br \/>\n11 zeme\u0146u arb\u016bzu ko\u0161\u013c\u0101jam\u0101 gumija \/ jaukti aug\u013ci<br \/>\n12 \u0137ir\u0161u kolas ledus \/ zeme\u0146u ave\u0146u konfekte<br \/>\n13 sk\u0101bs \u0101bolu ave\u0146u \/ zeme\u0146u big bang<br \/>\n14 persiku ogu \/ arb\u016bzu mango persiku<br \/>\n15 melle\u0146u ledus \/ meln\u0101 p\u016b\u0137a ledus<br \/>\n16 zeme\u0146u \u0137ir\u0161u \/ kivi marakujas gvajaves<\/p>\n<p><a href=\"https:\/\/vapebulkp.com\/lv\/product\/popular-randm-tornado-7000puffs-disposable-vape-best-price\/\"><span style=\"vertical-align: inherit\">RandM Tornado 7000 dvesmas <\/span><\/a><\/p>\n<p><span style=\"vertical-align: inherit\">Atrast vair\u0101k produktu, kas jums var\u0113tu patikt:<\/span><em><a href=\"https:\/\/wa.me\/8618077105796\"><span style=\"vertical-align: inherit\">\u00a0Pirkt tagad<\/span><\/a><\/em><\/p>\n<p><span style=\"vertical-align: inherit\">Citas dvesmas, kas jums var\u0113tu patikt:<\/span><a href=\"https:\/\/vapebulkp.com\/lv\/product\/jnr-media-max-40000-puffs-high-capacity-1000mah-disposable-vape\/\"><span style=\"vertical-align: inherit\">JNR Media max 40000 uzp\u016btienu <\/span><\/a><span style=\"vertical-align: inherit\">\u3001<\/span><a href=\"https:\/\/vapebulkp.com\/lv\/product\/wholesale-randm-tornado-9000-puffs-germany\/\"><span style=\"vertical-align: inherit\">RandM 9000 dvesmas<\/span><\/a><span style=\"vertical-align: inherit\">\/ <\/span><a href=\"https:\/\/vapebulkp.com\/lv\/product\/bang-king-12000puffs\/\"><span style=\"vertical-align: inherit\">Bang King 12000 dvesmas<\/span><\/a><span style=\"vertical-align: inherit\">\/ <\/span><a href=\"https:\/\/vapebulkp.com\/lv\/product\/vozol-gear-power-disposable-vape-20000-puffs-dual-mode-5-nicotine\/\"><span style=\"vertical-align: inherit\">VOZOL Gear power 20000 uzp\u016btienu<\/span><\/a><\/p>\n<h3>BUJ par WASPE FIHP VAPE PODS 40000 UZP\u016aTIENIEM:<\/h3>\n<p><strong>Q1: Vai Hot Vape WASPE FIHP 40k uzp\u016btieni atbalsta du\u0101los arom\u0101tus?<\/strong><\/p>\n<p><strong>A:<\/strong> J\u0101, tam ir dubult\u0101 arom\u0101ta sist\u0113ma, kas \u013cauj lietot\u0101jiem bez piep\u016bles p\u0101rsl\u0113gties starp diviem at\u0161\u0137ir\u012bgiem arom\u0101tiem daudzpus\u012bgai tvaic\u0113\u0161anas pieredzei.<\/p>\n<p><strong>Q2: K\u0101da ir WASPE FIHP vienreiz\u0113j\u0101s lieto\u0161anas Vape uzp\u016btiena 40000 e-\u0161\u0137idruma ietilp\u012bba?<\/strong><\/p>\n<p><strong>A:<\/strong> \u0160im tvaic\u0113t\u0101jam ir milz\u012bgs 36 ml e-\u0161\u0137idruma rezervu\u0101rs, kas nodro\u0161ina ilgsto\u0161u baud\u012bjumu bez bie\u017eas nomai\u0146as.<\/p>\n<p><strong>Q3: K\u0101da veida spoli izmanto WASPE Vape 40000 Puff FIHP?<\/strong><\/p>\n<p><strong>A:<\/strong> Tas izmanto div\u0113j\u0101das 0,9 \u03a9 sieta spoles, nodro\u0161inot vienm\u0113r\u012bgus, konsekventus tvaikus un izcilu gar\u0161as profilu.<\/p>\n<p><strong>Q4: Vai Long Last Vape WASPE FIHP 40k Puffs ir LED displejs?<\/strong><\/p>\n<p><strong>A:<\/strong> J\u0101, tvaic\u0113t\u0101jam ir ieb\u016bv\u0113ts LED displejs, kas nodro\u0161ina re\u0101llaika inform\u0101ciju par uzp\u016btienu skaitu un akumulatora st\u0101vokli.<\/p>\n<p><strong>Q5: K\u0101 darbojas WASPE Tornado Vape divu gar\u0161u sist\u0113ma?<\/strong><\/p>\n<p><strong>A:<\/strong> Divu gar\u0161u sist\u0113ma \u013cauj lietot\u0101jiem viegli p\u0101rsl\u0113gties starp div\u0101m e-\u0161\u0137idruma kamer\u0101m, uzlabojot kop\u0113jo tvaic\u0113\u0161anas pieredzi, pied\u0101v\u0101jot da\u017e\u0101d\u012bbu vien\u0101 ier\u012bc\u0113.<\/p>\n<p><strong>Q6: K\u0101ds ir pieg\u0101des laiks pas\u016bt\u012btajam tvaic\u0113t\u0101jam?<\/strong><\/p>\n<p>A: Parasti tas ir 10-15 dienas p\u0113c izs\u016bt\u012b\u0161anas<\/p>\n<p><strong>Q7: Cik maks\u0101 pieg\u0101de?<\/strong><\/p>\n<p>A: Pieg\u0101des izmaksas ir atkar\u012bgas no svara. Da\u017e\u0101diem daudzumiem ir da\u017e\u0101das pieg\u0101des izmaksas, l\u016bdzu, sazinieties ar mums, lai apstiprin\u0101tu pieg\u0101des izmaksas.<\/p>\n<h4>Pieg\u0101des deta\u013cas:<\/h4>\n<p><span style=\"color: #ff6600\">Ra\u017eo\u0161anas laiks: 5-10 darba dienas<\/span><br \/>\n<span style=\"color: #ff6600\">Pieg\u0101des laiks: 8-14 darba dienas<\/span><\/p>\n<p>Visi produkti m\u016bsu veikal\u0101 ir 100% ori\u0123in\u0101li un autentiski, t\u0101p\u0113c desmitk\u0101rt\u012bga kompens\u0101cija par viltot\u0101m prec\u0113m ir m\u016bsu veikala politika. M\u0113s izmantojam t\u0101dus lo\u0123istikas kan\u0101lus k\u0101 UPS\/DHL\/FEDEX\/DPD, lai pieg\u0101d\u0101tu preces jums.<\/p>\n<p>Paci\u0146\u0101m, kas tiek s\u016bt\u012btas uz Latviju, parasti nepiecie\u0161amas 10 darba dienas, lai t\u0101s sa\u0146emtu. S\u016bt\u012bjumiem uz Eiropas valst\u012bm parasti nepiecie\u0161amas 12 l\u012bdz 15 darba dienas, lai t\u0101s sa\u0146emtu. M\u0113s atjaunin\u0101sim lo\u0123istikas inform\u0101ciju jums re\u0101llaik\u0101.<\/p>","protected":false},"excerpt":{"rendered":"<p>WASPE Vape 40000 PUFF FIHP Double Flavour vienreiz\u0113j\u0101s lieto\u0161anas vape ir augst\u0101k\u0101s kvalit\u0101tes, augstas veiktsp\u0113jas ier\u012bce, kas paredz\u0113ta izsmalcin\u0101tiem veipot\u0101jiem.<\/p>\n<p>L\u016bdzu, sazinieties ar Mandijas WhatsApp, lai sa\u0146emtu atlaides cenu<a href=\"https:\/\/wa.me\/8618077105796\">+8618077105796<\/a><\/p>\n<p><img decoding=\"async\" class=\"alignnone wp-image-2151\" src=\"http:\/\/vapebulkp.com\/wp-content\/uploads\/2024\/04\/Mandy-WhatsApp-Randm.jpg\" alt=\"Mandy WhatsApp Randi\" width=\"297\" height=\"316\" srcset=\"https:\/\/vapebulkp.com\/wp-content\/uploads\/2024\/04\/Mandy-WhatsApp-Randm.jpg 916w, https:\/\/vapebulkp.com\/wp-content\/uploads\/2024\/04\/Mandy-WhatsApp-Randm-282x300.jpg 282w, https:\/\/vapebulkp.com\/wp-content\/uploads\/2024\/04\/Mandy-WhatsApp-Randm-768x817.jpg 768w, https:\/\/vapebulkp.com\/wp-content\/uploads\/2024\/04\/Mandy-WhatsApp-Randm-600x638.jpg 600w\" sizes=\"(max-width: 297px) 100vw, 297px\" \/><\/p>\n<p><span style=\"color: #ff0000\">PIEZ\u012aME: Cenas m\u016bsu t\u012bmek\u013ca vietn\u0113 neietver pieg\u0101des izmaksas<\/span><\/p>\n<p>&nbsp;<\/p>","protected":false},"featured_media":3137,"comment_status":"open","ping_status":"closed","template":"","meta":{"_uag_custom_page_level_css":"","_lmt_disableupdate":"no","_lmt_disable":"","site-sidebar-layout":"default","site-content-layout":"content-boxed-container","ast-site-content-layout":"normal-width-container","site-content-style":"boxed","site-sidebar-style":"unboxed","ast-global-header-display":"","ast-banner-title-visibility":"","ast-main-header-display":"","ast-hfb-above-header-display":"","ast-hfb-below-header-display":"","ast-hfb-mobile-header-display":"","site-post-title":"","ast-breadcrumbs-content":"","ast-featured-img":"","footer-sml-layout":"","theme-transparent-header-meta":"default","adv-header-id-meta":"","stick-header-meta":"","header-above-stick-meta":"","header-main-stick-meta":"","header-below-stick-meta":"","astra-migrate-meta-layouts":"set","_joinchat":[]},"product_cat":[182,153,155,33,59,100,34,158,157,154,152,58,84,156,63,32,365],"product_tag":[37,41,40,183],"class_list":["post-3142","product","type-product","status-publish","has-post-thumbnail","hentry","product_cat-40000-puffs-disposable-vape","product_cat-hot-disposable-vapes","product_cat-belgium-hot-disposable-vapes","product_cat-france-vape-hot-sale","product_cat-germany-hot-disposable-vape","product_cat-germany-wholesale-vape-shop","product_cat-netherlands-vape-good-sale","product_cat-norway-hot-disposable-vapes","product_cat-poland-hot-disposable-vapes","product_cat-portugal-hot-disposable-vapes","product_cat-spain-hot-disposable-vapes","product_cat-sweden-hot-disposable-vape","product_cat-sweden-wholesale-vape","product_cat-switzerland-hot-disposable-vapes","product_cat-top-sale-disposable-vape","product_cat-vape-hot-sale-this-week","product_cat-waspe-vape","product_tag-hot-sale-disposable-vape","product_tag-poland-hot-vape","product_tag-sweden-hot-vape","product_tag-waspe-fihp-40000-puffs","pa_brand-waspe-vape","desktop-align-left","tablet-align-left","mobile-align-left"],"yoast_head":"<!-- This site is optimized with the Yoast SEO plugin v21.1 - https:\/\/yoast.com\/wordpress\/plugins\/seo\/ -->\n<title>WASPE Vape 40000 PUFF FIHP DOUBLE FLAVOUR Disposable Vape - vapebulkp.com<\/title>\n<meta name=\"description\" content=\"The ultimate Disposable Vape WASPE 40000 PUFFS offers dual flavors and a huge puff count. Shop the best e-cigarette for superior performance.\" \/>\n<meta name=\"robots\" content=\"index, follow, max-snippet:-1, max-image-preview:large, max-video-preview:-1\" \/>\n<link rel=\"canonical\" href=\"https:\/\/vapebulkp.com\/lv\/product\/waspe-vape-40000-puff-fihp-double-flavour-disposable-vape\/\" \/>\n<meta property=\"og:locale\" content=\"lv_LV\" \/>\n<meta property=\"og:type\" content=\"article\" \/>\n<meta property=\"og:title\" content=\"WASPE Vape 40000 PUFF FIHP DOUBLE FLAVOUR Disposable Vape - vapebulkp.com\" \/>\n<meta property=\"og:description\" content=\"The ultimate Disposable Vape WASPE 40000 PUFFS offers dual flavors and a huge puff count. Shop the best e-cigarette for superior performance.\" \/>\n<meta property=\"og:url\" content=\"https:\/\/vapebulkp.com\/lv\/product\/waspe-vape-40000-puff-fihp-double-flavour-disposable-vape\/\" \/>\n<meta property=\"og:site_name\" content=\"vapebulkp.com\" \/>\n<meta property=\"article:modified_time\" content=\"2025-09-24T03:17:50+00:00\" \/>\n<meta property=\"og:image\" content=\"http:\/\/vapebulkp.com\/wp-content\/uploads\/2024\/11\/WASPE-FIHP-40000-Puffs-Vape-Double-Flavor-Wholeasle-Price.jpg\" \/>\n\t<meta property=\"og:image:width\" content=\"800\" \/>\n\t<meta property=\"og:image:height\" content=\"800\" \/>\n\t<meta property=\"og:image:type\" content=\"image\/jpeg\" \/>\n<meta name=\"twitter:card\" content=\"summary_large_image\" \/>\n<meta name=\"twitter:label1\" content=\"Est. reading time\" \/>\n\t<meta name=\"twitter:data1\" content=\"4 min\u016btes\" \/>\n<script type=\"application\/ld+json\" class=\"yoast-schema-graph\">{\"@context\":\"https:\/\/schema.org\",\"@graph\":[{\"@type\":\"WebPage\",\"@id\":\"https:\/\/vapebulkp.com\/product\/waspe-vape-40000-puff-fihp-double-flavour-disposable-vape\/\",\"url\":\"https:\/\/vapebulkp.com\/product\/waspe-vape-40000-puff-fihp-double-flavour-disposable-vape\/\",\"name\":\"WASPE Vape 40000 PUFF FIHP DOUBLE FLAVOUR Disposable Vape - vapebulkp.com\",\"isPartOf\":{\"@id\":\"https:\/\/vapebulkp.com\/#website\"},\"datePublished\":\"2024-11-21T02:48:22+00:00\",\"dateModified\":\"2025-09-24T03:17:50+00:00\",\"description\":\"The ultimate Disposable Vape WASPE 40000 PUFFS offers dual flavors and a huge puff count. Shop the best e-cigarette for superior performance.\",\"breadcrumb\":{\"@id\":\"https:\/\/vapebulkp.com\/product\/waspe-vape-40000-puff-fihp-double-flavour-disposable-vape\/#breadcrumb\"},\"inLanguage\":\"lv-LV\",\"potentialAction\":[{\"@type\":\"ReadAction\",\"target\":[\"https:\/\/vapebulkp.com\/product\/waspe-vape-40000-puff-fihp-double-flavour-disposable-vape\/\"]}]},{\"@type\":\"BreadcrumbList\",\"@id\":\"https:\/\/vapebulkp.com\/product\/waspe-vape-40000-puff-fihp-double-flavour-disposable-vape\/#breadcrumb\",\"itemListElement\":[{\"@type\":\"ListItem\",\"position\":1,\"name\":\"Home\",\"item\":\"https:\/\/vapebulkp.com\/\"},{\"@type\":\"ListItem\",\"position\":2,\"name\":\"Hot Trend Vapes\",\"item\":\"https:\/\/vapebulkp.com\/vape-shop\/\"},{\"@type\":\"ListItem\",\"position\":3,\"name\":\"WASPE Vape 40000 PUFF FIHP DOUBLE FLAVOUR Disposable Vape\"}]},{\"@type\":\"WebSite\",\"@id\":\"https:\/\/vapebulkp.com\/#website\",\"url\":\"https:\/\/vapebulkp.com\/\",\"name\":\"vapebulkp.com\",\"description\":\"Buy Vape In Cheap Bulk Price Near you\",\"publisher\":{\"@id\":\"https:\/\/vapebulkp.com\/#organization\"},\"potentialAction\":[{\"@type\":\"SearchAction\",\"target\":{\"@type\":\"EntryPoint\",\"urlTemplate\":\"https:\/\/vapebulkp.com\/?s={search_term_string}\"},\"query-input\":\"required name=search_term_string\"}],\"inLanguage\":\"lv-LV\"},{\"@type\":\"Organization\",\"@id\":\"https:\/\/vapebulkp.com\/#organization\",\"name\":\"vapebulkp.com\",\"url\":\"https:\/\/vapebulkp.com\/\",\"logo\":{\"@type\":\"ImageObject\",\"inLanguage\":\"lv-LV\",\"@id\":\"https:\/\/vapebulkp.com\/#\/schema\/logo\/image\/\",\"url\":\"https:\/\/vapebulkp.com\/wp-content\/uploads\/2023\/09\/cropped-vapebulkp.png\",\"contentUrl\":\"https:\/\/vapebulkp.com\/wp-content\/uploads\/2023\/09\/cropped-vapebulkp.png\",\"width\":516,\"height\":163,\"caption\":\"vapebulkp.com\"},\"image\":{\"@id\":\"https:\/\/vapebulkp.com\/#\/schema\/logo\/image\/\"}}]}<\/script>\n<!-- \/ Yoast SEO plugin. -->","yoast_head_json":{"title":"WASPE Vape 40000 PUFF FIHP DOUBLE FLAVOUR Disposable Vape - vapebulkp.com","description":"The ultimate Disposable Vape WASPE 40000 PUFFS offers dual flavors and a huge puff count. Shop the best e-cigarette for superior performance.","robots":{"index":"index","follow":"follow","max-snippet":"max-snippet:-1","max-image-preview":"max-image-preview:large","max-video-preview":"max-video-preview:-1"},"canonical":"https:\/\/vapebulkp.com\/lv\/product\/waspe-vape-40000-puff-fihp-double-flavour-disposable-vape\/","og_locale":"lv_LV","og_type":"article","og_title":"WASPE Vape 40000 PUFF FIHP DOUBLE FLAVOUR Disposable Vape - vapebulkp.com","og_description":"The ultimate Disposable Vape WASPE 40000 PUFFS offers dual flavors and a huge puff count. Shop the best e-cigarette for superior performance.","og_url":"https:\/\/vapebulkp.com\/lv\/product\/waspe-vape-40000-puff-fihp-double-flavour-disposable-vape\/","og_site_name":"vapebulkp.com","article_modified_time":"2025-09-24T03:17:50+00:00","og_image":[{"width":800,"height":800,"url":"http:\/\/vapebulkp.com\/wp-content\/uploads\/2024\/11\/WASPE-FIHP-40000-Puffs-Vape-Double-Flavor-Wholeasle-Price.jpg","type":"image\/jpeg"}],"twitter_card":"summary_large_image","twitter_misc":{"Est. reading time":"4 min\u016btes"},"schema":{"@context":"https:\/\/schema.org","@graph":[{"@type":"WebPage","@id":"https:\/\/vapebulkp.com\/product\/waspe-vape-40000-puff-fihp-double-flavour-disposable-vape\/","url":"https:\/\/vapebulkp.com\/product\/waspe-vape-40000-puff-fihp-double-flavour-disposable-vape\/","name":"WASPE Vape 40000 PUFF FIHP DOUBLE FLAVOUR Disposable Vape - vapebulkp.com","isPartOf":{"@id":"https:\/\/vapebulkp.com\/#website"},"datePublished":"2024-11-21T02:48:22+00:00","dateModified":"2025-09-24T03:17:50+00:00","description":"The ultimate Disposable Vape WASPE 40000 PUFFS offers dual flavors and a huge puff count. Shop the best e-cigarette for superior performance.","breadcrumb":{"@id":"https:\/\/vapebulkp.com\/product\/waspe-vape-40000-puff-fihp-double-flavour-disposable-vape\/#breadcrumb"},"inLanguage":"lv-LV","potentialAction":[{"@type":"ReadAction","target":["https:\/\/vapebulkp.com\/product\/waspe-vape-40000-puff-fihp-double-flavour-disposable-vape\/"]}]},{"@type":"BreadcrumbList","@id":"https:\/\/vapebulkp.com\/product\/waspe-vape-40000-puff-fihp-double-flavour-disposable-vape\/#breadcrumb","itemListElement":[{"@type":"ListItem","position":1,"name":"Home","item":"https:\/\/vapebulkp.com\/"},{"@type":"ListItem","position":2,"name":"Hot Trend Vapes","item":"https:\/\/vapebulkp.com\/vape-shop\/"},{"@type":"ListItem","position":3,"name":"WASPE Vape 40000 PUFF FIHP DOUBLE FLAVOUR Disposable Vape"}]},{"@type":"WebSite","@id":"https:\/\/vapebulkp.com\/#website","url":"https:\/\/vapebulkp.com\/","name":"vapebulkp.com","description":"Buy Vape In Cheap Bulk Price Near you","publisher":{"@id":"https:\/\/vapebulkp.com\/#organization"},"potentialAction":[{"@type":"SearchAction","target":{"@type":"EntryPoint","urlTemplate":"https:\/\/vapebulkp.com\/?s={search_term_string}"},"query-input":"required name=search_term_string"}],"inLanguage":"lv-LV"},{"@type":"Organization","@id":"https:\/\/vapebulkp.com\/#organization","name":"vapebulkp.com","url":"https:\/\/vapebulkp.com\/","logo":{"@type":"ImageObject","inLanguage":"lv-LV","@id":"https:\/\/vapebulkp.com\/#\/schema\/logo\/image\/","url":"https:\/\/vapebulkp.com\/wp-content\/uploads\/2023\/09\/cropped-vapebulkp.png","contentUrl":"https:\/\/vapebulkp.com\/wp-content\/uploads\/2023\/09\/cropped-vapebulkp.png","width":516,"height":163,"caption":"vapebulkp.com"},"image":{"@id":"https:\/\/vapebulkp.com\/#\/schema\/logo\/image\/"}}]}},"uagb_featured_image_src":{"full":["https:\/\/vapebulkp.com\/wp-content\/uploads\/2024\/11\/WASPE-FIHP-40000-Puffs-Vape-Double-Flavor-Wholeasle-Price.jpg",800,800,false],"thumbnail":["https:\/\/vapebulkp.com\/wp-content\/uploads\/2024\/11\/WASPE-FIHP-40000-Puffs-Vape-Double-Flavor-Wholeasle-Price-150x150.jpg",150,150,true],"medium":["https:\/\/vapebulkp.com\/wp-content\/uploads\/2024\/11\/WASPE-FIHP-40000-Puffs-Vape-Double-Flavor-Wholeasle-Price-300x300.jpg",300,300,true],"medium_large":["https:\/\/vapebulkp.com\/wp-content\/uploads\/2024\/11\/WASPE-FIHP-40000-Puffs-Vape-Double-Flavor-Wholeasle-Price-768x768.jpg",768,768,true],"large":["https:\/\/vapebulkp.com\/wp-content\/uploads\/2024\/11\/WASPE-FIHP-40000-Puffs-Vape-Double-Flavor-Wholeasle-Price.jpg",800,800,false],"1536x1536":["https:\/\/vapebulkp.com\/wp-content\/uploads\/2024\/11\/WASPE-FIHP-40000-Puffs-Vape-Double-Flavor-Wholeasle-Price.jpg",800,800,false],"2048x2048":["https:\/\/vapebulkp.com\/wp-content\/uploads\/2024\/11\/WASPE-FIHP-40000-Puffs-Vape-Double-Flavor-Wholeasle-Price.jpg",800,800,false],"trp-custom-language-flag":["https:\/\/vapebulkp.com\/wp-content\/uploads\/2024\/11\/WASPE-FIHP-40000-Puffs-Vape-Double-Flavor-Wholeasle-Price.jpg",12,12,false],"woocommerce_thumbnail":["https:\/\/vapebulkp.com\/wp-content\/uploads\/2024\/11\/WASPE-FIHP-40000-Puffs-Vape-Double-Flavor-Wholeasle-Price-300x300.jpg",300,300,true],"woocommerce_single":["https:\/\/vapebulkp.com\/wp-content\/uploads\/2024\/11\/WASPE-FIHP-40000-Puffs-Vape-Double-Flavor-Wholeasle-Price-600x600.jpg",600,600,true],"woocommerce_gallery_thumbnail":["https:\/\/vapebulkp.com\/wp-content\/uploads\/2024\/11\/WASPE-FIHP-40000-Puffs-Vape-Double-Flavor-Wholeasle-Price-100x100.jpg",100,100,true],"wcpr-photo-reviews":["https:\/\/vapebulkp.com\/wp-content\/uploads\/2024\/11\/WASPE-FIHP-40000-Puffs-Vape-Double-Flavor-Wholeasle-Price.jpg",500,500,false]},"uagb_author_info":{"display_name":"Mandy vape bulk price","author_link":"https:\/\/vapebulkp.com\/lv\/author\/"},"uagb_comment_info":0,"uagb_excerpt":"The WASPE Vape 40000 PUFF FIHP Double Flavour Disposable Vape is a premium, high-performance device designed for discerning vapers. Pls Contact Mandy's WhatsApp For Discount Price+8618077105796 NOTE: Prices on our website does not include shipping costs &nbsp;","_links":{"self":[{"href":"https:\/\/vapebulkp.com\/lv\/wp-json\/wp\/v2\/product\/3142","targetHints":{"allow":["GET"]}}],"collection":[{"href":"https:\/\/vapebulkp.com\/lv\/wp-json\/wp\/v2\/product"}],"about":[{"href":"https:\/\/vapebulkp.com\/lv\/wp-json\/wp\/v2\/types\/product"}],"replies":[{"embeddable":true,"href":"https:\/\/vapebulkp.com\/lv\/wp-json\/wp\/v2\/comments?post=3142"}],"wp:featuredmedia":[{"embeddable":true,"href":"https:\/\/vapebulkp.com\/lv\/wp-json\/wp\/v2\/media\/3137"}],"wp:attachment":[{"href":"https:\/\/vapebulkp.com\/lv\/wp-json\/wp\/v2\/media?parent=3142"}],"wp:term":[{"taxonomy":"product_cat","embeddable":true,"href":"https:\/\/vapebulkp.com\/lv\/wp-json\/wp\/v2\/product_cat?post=3142"},{"taxonomy":"product_tag","embeddable":true,"href":"https:\/\/vapebulkp.com\/lv\/wp-json\/wp\/v2\/product_tag?post=3142"}],"curies":[{"name":"wp","href":"https:\/\/api.w.org\/{rel}","templated":true}]}}