{"id":3226,"date":"2024-12-13T08:32:34","date_gmt":"2024-12-13T07:32:34","guid":{"rendered":"https:\/\/vapebulkp.com\/?post_type=product&#038;p=3226"},"modified":"2025-09-24T05:23:21","modified_gmt":"2025-09-24T03:23:21","slug":"vapsolo-feed-bar-shisha-vape-15000-puffs-wholesale-price","status":"publish","type":"product","link":"https:\/\/vapebulkp.com\/lv\/products\/vapsolo-feed-bar-shisha-vape-15000-puffs-wholesale-price\/","title":{"rendered":"Vapsolo FEED BAR SHISHA Vape 15000 PUFFS vairumtirdzniec\u012bbas cena"},"content":{"rendered":"<h2 style=\"text-align: left\">Vapsolo FEED BAR SHISHA Vape 15000 PUFFS vairumtirdzniec\u012bbas cena<\/h2>\n<p>&nbsp;<\/p>\n<p>Vapsolo FEED BAR SHISHA 15k d\u016bmu ir revolucion\u0101rs vienreizlietojams tvaic\u0113t\u0101js, kas paredz\u0113ts ilgsto\u0161ai veiktsp\u0113jai un izcilai tvaic\u0113\u0161anas pieredzei. Ar iespaid\u012bgu <strong>15 000 dvesmas<\/strong>, \u0161\u012b ier\u012bce ir lieliski piem\u0113rota aizraut\u012bgiem tvaic\u0113t\u0101jiem, kuri v\u0113las \u0113rt\u012bbu un uzticam\u012bbu kompakt\u0101, stil\u012bg\u0101 iepakojum\u0101. Apr\u012bkots ar d\u0101snu <strong>25 ml e-\u0161\u0137idruma ietilp\u012bbu<\/strong>, 15k Puffs SHISHA tvaic\u0113t\u0101js nodro\u0161ina nep\u0101rtrauktu baud\u012bjumu ar katru d\u016bmu, nodro\u0161inot bag\u0101t\u012bgu un arom\u0101tisku tvaiku. T\u0101 uzlabot\u0101 <strong>t\u012bkla spoles tehnolo\u0123iju<\/strong> apvienojum\u0101 ar <strong>0.6\u03a9 spoles pretest\u012bbu<\/strong> nodro\u0161ina nemain\u012bgu sild\u012b\u0161anu un vienm\u0113r\u012bgu tvaika ra\u017eo\u0161anu, kas patiks gan gar\u0161u entuziastiem, gan liela tvaika cien\u012bt\u0101jiem.<\/p>\n<p>Ieb\u016bv\u0113tais <strong>650 mAh uzl\u0101d\u0113jamu akumulatoru<\/strong> ir izstr\u0101d\u0101ts iztur\u012bbai un efektivit\u0101tei, \u013caujot veikt vair\u0101kus uzl\u0101des ciklus, izmantojot <strong>C tipa ports<\/strong> \u0101tr\u0101kai un stabil\u0101kai uzl\u0101dei. Ar regul\u0113jamu gaisa pl\u016bsmu lietot\u0101ji var personaliz\u0113t savu vilk\u0161anas preferenci, lai ieg\u016btu patiesi piel\u0101gotu tvaic\u0113\u0161anas pieredzi. Gludais dizains un uzlabot\u0101s funkcijas padara Vapsolo <strong>Baro baro \u0160i\u0161a\u00a0<a href=\"https:\/\/vapebulkp.com\/lv\/produkta-kategorija\/15000-puffs-disposable-vape\/\"> 15000 d\u016bmu vienreiz\u0113j\u0101s lieto\u0161anas elektronisk\u0101 cigarete<\/a><\/strong> izcilu izv\u0113li gan ies\u0101c\u0113jiem, gan pieredz\u0113ju\u0161iem tvaic\u0113t\u0101jiem. Neatkar\u012bgi no t\u0101, vai baud\u0101t ikdienas lieto\u0161anu vai mekl\u0113jat ce\u013cojumiem piem\u0113rotu ier\u012bci gariem braucieniem, \u0161is tvaic\u0113t\u0101js ir rad\u012bts, lai atst\u0101tu iespaidu. Uzlabojiet savu tvaic\u0113\u0161anas sp\u0113li ar Top Sale Vape Vapsolo FEED BAR 15k d\u016bmu \u2014 perfektu veiktsp\u0113jas, stila un inov\u0101ciju sajaukumu.<\/p>\n<p><img decoding=\"async\" class=\"wp-image-3230\" src=\"http:\/\/vapebulkp.com\/wp-content\/uploads\/2024\/12\/Vapsolo-FEED-BAR-SHISHA-15000-PUFFS-HOT-SALE-VAPE.png\" alt=\"Vapsolo FEED BAR SHISHA 15000 DVESMU KARSTAIS P\u0100RDO\u0160ANAS VAPE\" width=\"801\" height=\"375\" srcset=\"https:\/\/vapebulkp.com\/wp-content\/uploads\/2024\/12\/Vapsolo-FEED-BAR-SHISHA-15000-PUFFS-HOT-SALE-VAPE.png 720w, https:\/\/vapebulkp.com\/wp-content\/uploads\/2024\/12\/Vapsolo-FEED-BAR-SHISHA-15000-PUFFS-HOT-SALE-VAPE-300x140.png 300w, https:\/\/vapebulkp.com\/wp-content\/uploads\/2024\/12\/Vapsolo-FEED-BAR-SHISHA-15000-PUFFS-HOT-SALE-VAPE-600x281.png 600w\" sizes=\"(max-width: 801px) 100vw, 801px\" \/><\/p>\n<h6>L\u016bdzu, sazinieties ar Mandijas WhatsApp, lai sa\u0146emtu atlaides cenu<a href=\"https:\/\/wa.me\/8618077105796\">+8618077105796<\/a><\/h6>\n<p><img decoding=\"async\" class=\"alignnone wp-image-2151\" src=\"http:\/\/vapebulkp.com\/wp-content\/uploads\/2024\/04\/Mandy-WhatsApp-Randm.jpg\" alt=\"Mandy WhatsApp Randi\" width=\"324\" height=\"330\" \/><\/p>\n<p>&nbsp;<\/p>\n<h2>Vapsolo FEED BAR Vape 15k d\u016bmu \u0161i\u0161as tvaic\u0113t\u0101ja Pod funkcijas:<\/h2>\n<p>&nbsp;<\/p>\n<ul>\n<li><strong>Gaisa pl\u016bsmas kontrole<\/strong>: Regul\u0113jams personaliz\u0113tai vilk\u0161anas pretest\u012bbai<\/li>\n<li><strong>E-\u0161\u0137idruma ietilp\u012bba<\/strong>: 25 ml<\/li>\n<li><strong>Akumulatora ietilp\u012bba<\/strong>: 650mAh uzl\u0101d\u0113jams akumulators<\/li>\n<li><strong>Sild\u012b\u0161anas tehnolo\u0123ija<\/strong>: T\u012bkla spole<\/li>\n<li><strong>Spoles pretest\u012bba<\/strong>: 0.6\u03a9<\/li>\n<li><strong>Uzl\u0101des ports<\/strong>: Type-C, atbalsta \u0101tru uzl\u0101di<\/li>\n<li><strong>D\u016bmu skaits<\/strong>: L\u012bdz 15 000 d\u016bmu<\/li>\n<\/ul>\n<p>&nbsp;<\/p>\n<h2>Vapsolo Vape 15000 dvesmu vienreiz\u0113j\u0101s lieto\u0161anas veipu gar\u0161u saraksts:<\/h2>\n<p>1. Two Apple<br \/>\n2. Zilo ave\u0146u limon\u0101de<br \/>\n3. Persiku ledus<br \/>\n4. Mango ledus<br \/>\n5. Sul\u012bgs ledus<br \/>\n6. Citronu piparm\u0113tra<br \/>\n7. Ma\u0123isk\u0101 M\u012blest\u012bba<br \/>\n8. V\u012bnogu piparm\u0113tra<br \/>\n9. Zeme\u0146u pun\u0161s<br \/>\n10. Melle\u0146u ko\u0161\u013c\u0101jam\u0101 gumija<br \/>\n11. Ogu ledus<br \/>\n12. Salda pasifloru aug\u013cu<br \/>\n13. \u0136ir\u0161u sv\u0113tki<br \/>\n14. Upe\u0146u ledus<br \/>\n15. Zeme\u0146u kivi<\/p>\n<h3><strong>K\u0101p\u0113c izv\u0113l\u0113ties Vapebulkp.com, lai ieg\u0101d\u0101tos Vapsolo FEED BAR SHISHA Vape 15000 dvesmas?<\/strong><\/h3>\n<p>Vapebulkp.com ir uzticama platforma, kas pied\u0101v\u0101 augst\u0101k\u0101s kvalit\u0101tes veipo\u0161anas produktus ar vienk\u0101r\u0161u iepirk\u0161an\u0101s pieredzi. Izv\u0113loties Vapebulkp.com Vapsolo FEED BAR SHISHA ieg\u0101dei, j\u016bs ieg\u016bstat:<\/p>\n<ol>\n<li><strong>Konkur\u0113tsp\u0113j\u012bgas cenas<\/strong>: Ekskluz\u012bvas vairumtirdzniec\u012bbas un mazumtirdzniec\u012bbas cenas par nep\u0101rsp\u0113jamu v\u0113rt\u012bbu.<\/li>\n<li><strong>Autentiskums garant\u0113ts<\/strong>: 100% ori\u0123in\u0101li produkti, kas tiek ieg\u016bti tie\u0161i no ra\u017eot\u0101jiem.<\/li>\n<li><strong>\u0100tra Pieg\u0101de<\/strong>: Uzticama pieg\u0101de vis\u0101 Latvij\u0101, nodro\u0161inot, ka j\u016bsu pas\u016bt\u012bjums tiek pieg\u0101d\u0101ts nekav\u0113joties.<\/li>\n<li><strong>Klientu atbalsts<\/strong>: \u012apa\u0161s serviss, lai pal\u012bdz\u0113tu ar jaut\u0101jumiem un sniegtu p\u0113cp\u0101rdo\u0161anas atbalstu.<\/li>\n<li><strong>Pla\u0161s pied\u0101v\u0101jums<\/strong>: Piek\u013cuve da\u017e\u0101diem augst\u0101k\u0101s klases z\u012bmoliem un produktiem, kas piel\u0101goti da\u017e\u0101d\u0101m v\u0113lm\u0113m.<\/li>\n<\/ol>\n<h4><strong>Citi popul\u0101ri z\u012bmoli pieejami <a href=\"https:\/\/vapebulkp.com\/lv\/vape-shop\/\">Vapebulkp.com<\/a><\/strong><\/h4>\n<ol>\n<li><a href=\"https:\/\/vapebulkp.com\/lv\/products\/bang-vape-36k-puffs-adjustable-ice-premium-disposable-vape\/\"><strong>Bang Vape s\u0113rija<\/strong><\/a>\n<ul>\n<li>Mode\u013ci: 12000 dvesmas, 18000 dvesmas, 22000 dvesmas, 30000 dvesmas, 36000 dvesmas<\/li>\n<li><strong>Priek\u0161roc\u012bbas<\/strong>: Liels dvesmu skaits, inovat\u012bvas funkcijas, piem\u0113ram, LCD ekr\u0101ni un pirkstu nospiedumu atpaz\u012b\u0161ana, daudzveid\u012bgas gar\u0161u opcijas.<\/li>\n<\/ul>\n<\/li>\n<li><a href=\"https:\/\/vapebulkp.com\/lv\/products\/good-randm-tornado-7000-puffs-netherland-wholesale\/\"><strong>Randm Tornado<\/strong><\/a>\n<ul>\n<li>Mode\u013ci: <a href=\"https:\/\/vapebulkp.com\/lv\/produkta-kategorija\/15000-puffs-disposable-vape\/\">15 000 dvesmu<\/a>,<a href=\"https:\/\/vapebulkp.com\/lv\/produkta-kategorija\/30000-puff-disposable-vape\/\"> 30 000 uzp\u016btienu<\/a><\/li>\n<li><strong>Priek\u0161roc\u012bbas<\/strong>: Unik\u0101ls LED dizains, lielas ietilp\u012bbas uzl\u0101d\u0113jamas baterijas, konsekventa gar\u0161a.<\/li>\n<\/ul>\n<\/li>\n<li><a href=\"https:\/\/vapebulkp.com\/lv\/products\/elfworld-plus-20000-puffs-disposable-vape-22ml-eliquid-capacity\/\"><strong>Elf World Plus<\/strong><\/a>\n<ul>\n<li>Mode\u013ci: 20 000 dvesmu<\/li>\n<li><strong>Priek\u0161roc\u012bbas<\/strong>: Kompakts un \u0113rts ce\u013co\u0161anai, augst\u0101k\u0101s kvalit\u0101tes spoles tehnolo\u0123ija, vienm\u0113r\u012bga tvaic\u0113\u0161anas pieredze.<\/li>\n<\/ul>\n<\/li>\n<li><a href=\"https:\/\/vapebulkp.com\/lv\/products\/fumot-tornado-25k-puffs-cheap-price-disposable-vape\/\"><strong>Fumot Tornado<\/strong><\/a>\n<ul>\n<li>Mode\u013ci: 25 000 dvesmu, 30 000 dvesmu<\/li>\n<li><strong>Priek\u0161roc\u012bbas<\/strong>: Dubulta t\u012bklveida spole gar\u0161as uzlabo\u0161anai, TFT ekr\u0101ni un videi draudz\u012bgs dizains.<\/li>\n<\/ul>\n<\/li>\n<li><a href=\"https:\/\/vapebulkp.com\/lv\/products\/vapme-crystal-7000-puffs-original-vape-good-flavor\/\"><strong>Vapme Crystal Series<\/strong><\/a>\n<ul>\n<li>Mode\u013ci: 7 000 dvesmu, 20 000 dvesmu<\/li>\n<li><strong>Priek\u0161roc\u012bbas<\/strong>: Gluds dizains, DTL savietojam\u012bba un da\u017e\u0101das gar\u0161u kombin\u0101cijas.<\/li>\n<\/ul>\n<\/li>\n<\/ol>\n<h3><strong>K\u0101p\u0113c <a href=\"https:\/\/vapebulkp.com\/lv\/vape-shop\/\">Vapebulkp.com<\/a> Izce\u013cas<\/strong><\/h3>\n<p>Ar savu daudzveid\u012bgo kl\u0101stu, <a href=\"https:\/\/vapebulkp.com\/lv\/vape-shop\/\">Vapebulkp.com<\/a> nodro\u0161ina, ka katrs klients atrod sav\u0101m vajadz\u012bb\u0101m piem\u0113rotu produktu, pied\u0101v\u0101jot modernu dizainu, videi draudz\u012bgas iesp\u0113jas un ilgsto\u0161as ier\u012bces, lai uzlabotu tvaic\u0113\u0161anas pieredzi. Platformas uz klientu v\u0113rst\u0101 pieeja, apvienojum\u0101 ar t\u0101s koncentr\u0113\u0161anos uz kvalit\u0101ti un pieejam\u012bbu, padara to par iecien\u012btu galam\u0113r\u0137i tvaic\u0113t\u0101jiem vis\u0101 Latvij\u0101.<\/p>\n<p>&nbsp;<\/p>\n<h3>Pieg\u0101des deta\u013cas:<\/h3>\n<p><span style=\"color: #ff6600\">Ra\u017eo\u0161anas laiks: 5-10 darba dienas<\/span><br \/>\n<span style=\"color: #ff6600\">Pieg\u0101des laiks: 8-14 darba dienas<\/span><\/p>\n<p>Visi produkti m\u016bsu veikal\u0101 ir 100% ori\u0123in\u0101li un autentiski, t\u0101p\u0113c desmitk\u0101rt\u012bga kompens\u0101cija par viltot\u0101m prec\u0113m ir m\u016bsu veikala politika. M\u0113s izmantojam t\u0101dus lo\u0123istikas kan\u0101lus k\u0101 UPS\/DHL\/FEDEX\/DPD, lai pieg\u0101d\u0101tu preces jums.<\/p>\n<p>Paci\u0146\u0101m, kas tiek s\u016bt\u012btas uz Latviju, parasti nepiecie\u0161amas 10 darba dienas, lai t\u0101s sa\u0146emtu. S\u016bt\u012bjumiem uz Eiropas valst\u012bm parasti nepiecie\u0161amas 12 l\u012bdz 15 darba dienas, lai t\u0101s sa\u0146emtu. M\u0113s atjaunin\u0101sim lo\u0123istikas inform\u0101ciju jums re\u0101llaik\u0101.<\/p>","protected":false},"excerpt":{"rendered":"<p>P\u0113rciet Vapsolo FEED BAR SHISHA 15000 d\u016bmu vairum\u0101. Ilgm\u016b\u017e\u012bgs, 15 ml e-\u0161\u0137idrums, 2% nikot\u012bna, izcilas gar\u0161as, konkur\u0113tsp\u0113j\u012bgas cenas!<\/p>\n<p>L\u016bdzu, sazinieties ar Mandijas WhatsApp, lai sa\u0146emtu atlaides cenu<a href=\"https:\/\/wa.me\/8618077105796\">+8618077105796<\/a><\/p>\n<p><img decoding=\"async\" class=\"alignnone wp-image-2151\" src=\"http:\/\/vapebulkp.com\/wp-content\/uploads\/2024\/04\/Mandy-WhatsApp-Randm.jpg\" alt=\"Mandy WhatsApp Randi\" width=\"297\" height=\"316\" srcset=\"https:\/\/vapebulkp.com\/wp-content\/uploads\/2024\/04\/Mandy-WhatsApp-Randm.jpg 916w, https:\/\/vapebulkp.com\/wp-content\/uploads\/2024\/04\/Mandy-WhatsApp-Randm-282x300.jpg 282w, https:\/\/vapebulkp.com\/wp-content\/uploads\/2024\/04\/Mandy-WhatsApp-Randm-768x817.jpg 768w, https:\/\/vapebulkp.com\/wp-content\/uploads\/2024\/04\/Mandy-WhatsApp-Randm-600x638.jpg 600w\" sizes=\"(max-width: 297px) 100vw, 297px\" \/><\/p>\n<p><span style=\"color: #ff0000\">PIEZ\u012aME: Cenas m\u016bsu t\u012bmek\u013ca vietn\u0113 neietver pieg\u0101des izmaksas<\/span><\/p>\n<p>&nbsp;<\/p>","protected":false},"featured_media":3229,"comment_status":"open","ping_status":"closed","template":"","meta":{"_uag_custom_page_level_css":"","_lmt_disableupdate":"no","_lmt_disable":"","site-sidebar-layout":"default","site-content-layout":"content-boxed-container","ast-site-content-layout":"normal-width-container","site-content-style":"boxed","site-sidebar-style":"unboxed","ast-global-header-display":"","ast-banner-title-visibility":"","ast-main-header-display":"","ast-hfb-above-header-display":"","ast-hfb-below-header-display":"","ast-hfb-mobile-header-display":"","site-post-title":"","ast-breadcrumbs-content":"","ast-featured-img":"","footer-sml-layout":"","theme-transparent-header-meta":"default","adv-header-id-meta":"","stick-header-meta":"","header-above-stick-meta":"","header-main-stick-meta":"","header-below-stick-meta":"","astra-migrate-meta-layouts":"set","_joinchat":[]},"product_cat":[165,153,155,33,59,100,87,34,158,157,154,152,58,84,156,63,32,362],"product_tag":[36,37,41,40],"class_list":["post-3226","product","type-product","status-publish","has-post-thumbnail","hentry","product_cat-15000-puffs-disposable-vape","product_cat-hot-disposable-vapes","product_cat-belgium-hot-disposable-vapes","product_cat-france-vape-hot-sale","product_cat-germany-hot-disposable-vape","product_cat-germany-wholesale-vape-shop","product_cat-minimum-order-quantity-50pcs","product_cat-netherlands-vape-good-sale","product_cat-norway-hot-disposable-vapes","product_cat-poland-hot-disposable-vapes","product_cat-portugal-hot-disposable-vapes","product_cat-spain-hot-disposable-vapes","product_cat-sweden-hot-disposable-vape","product_cat-sweden-wholesale-vape","product_cat-switzerland-hot-disposable-vapes","product_cat-top-sale-disposable-vape","product_cat-vape-hot-sale-this-week","product_cat-vapsolo-vape","product_tag-good-vape","product_tag-hot-sale-disposable-vape","product_tag-poland-hot-vape","product_tag-sweden-hot-vape","pa_brand-vapsolo-vape","desktop-align-left","tablet-align-left","mobile-align-left"],"yoast_head":"<!-- This site is optimized with the Yoast SEO plugin v21.1 - https:\/\/yoast.com\/wordpress\/plugins\/seo\/ -->\n<title>Vapsolo FEED BAR SHISHA Vape 15000 PUFFS Wholesale Price - vapebulkp.com<\/title>\n<meta name=\"description\" content=\"Shop Vapsolo FEED BAR SHISHA Vape 15000 Puffs at wholesale prices. High-capacity, premium flavors, perfect for bulk orders.\" \/>\n<meta name=\"robots\" content=\"index, follow, max-snippet:-1, max-image-preview:large, max-video-preview:-1\" \/>\n<link rel=\"canonical\" href=\"https:\/\/vapebulkp.com\/lv\/products\/vapsolo-feed-bar-shisha-vape-15000-puffs-wholesale-price\/\" \/>\n<meta property=\"og:locale\" content=\"lv_LV\" \/>\n<meta property=\"og:type\" content=\"article\" \/>\n<meta property=\"og:title\" content=\"Vapsolo FEED BAR SHISHA Vape 15000 PUFFS Wholesale Price - vapebulkp.com\" \/>\n<meta property=\"og:description\" content=\"Shop Vapsolo FEED BAR SHISHA Vape 15000 Puffs at wholesale prices. High-capacity, premium flavors, perfect for bulk orders.\" \/>\n<meta property=\"og:url\" content=\"https:\/\/vapebulkp.com\/lv\/products\/vapsolo-feed-bar-shisha-vape-15000-puffs-wholesale-price\/\" \/>\n<meta property=\"og:site_name\" content=\"vapebulkp.com\" \/>\n<meta property=\"article:modified_time\" content=\"2025-09-24T03:23:21+00:00\" \/>\n<meta property=\"og:image\" content=\"http:\/\/vapebulkp.com\/wp-content\/uploads\/2024\/12\/Vapsolo-FEED-BAR-SHISHA-15000-PUFFS.jpg\" \/>\n\t<meta property=\"og:image:width\" content=\"800\" \/>\n\t<meta property=\"og:image:height\" content=\"800\" \/>\n\t<meta property=\"og:image:type\" content=\"image\/jpeg\" \/>\n<meta name=\"twitter:card\" content=\"summary_large_image\" \/>\n<meta name=\"twitter:label1\" content=\"Est. reading time\" \/>\n\t<meta name=\"twitter:data1\" content=\"4 min\u016btes\" \/>\n<script type=\"application\/ld+json\" class=\"yoast-schema-graph\">{\"@context\":\"https:\/\/schema.org\",\"@graph\":[{\"@type\":\"WebPage\",\"@id\":\"https:\/\/vapebulkp.com\/product\/vapsolo-feed-bar-shisha-vape-15000-puffs-wholesale-price\/\",\"url\":\"https:\/\/vapebulkp.com\/product\/vapsolo-feed-bar-shisha-vape-15000-puffs-wholesale-price\/\",\"name\":\"Vapsolo FEED BAR SHISHA Vape 15000 PUFFS Wholesale Price - vapebulkp.com\",\"isPartOf\":{\"@id\":\"https:\/\/vapebulkp.com\/#website\"},\"datePublished\":\"2024-12-13T07:32:34+00:00\",\"dateModified\":\"2025-09-24T03:23:21+00:00\",\"description\":\"Shop Vapsolo FEED BAR SHISHA Vape 15000 Puffs at wholesale prices. High-capacity, premium flavors, perfect for bulk orders.\",\"breadcrumb\":{\"@id\":\"https:\/\/vapebulkp.com\/product\/vapsolo-feed-bar-shisha-vape-15000-puffs-wholesale-price\/#breadcrumb\"},\"inLanguage\":\"lv-LV\",\"potentialAction\":[{\"@type\":\"ReadAction\",\"target\":[\"https:\/\/vapebulkp.com\/product\/vapsolo-feed-bar-shisha-vape-15000-puffs-wholesale-price\/\"]}]},{\"@type\":\"BreadcrumbList\",\"@id\":\"https:\/\/vapebulkp.com\/product\/vapsolo-feed-bar-shisha-vape-15000-puffs-wholesale-price\/#breadcrumb\",\"itemListElement\":[{\"@type\":\"ListItem\",\"position\":1,\"name\":\"Home\",\"item\":\"https:\/\/vapebulkp.com\/\"},{\"@type\":\"ListItem\",\"position\":2,\"name\":\"Hot Trend Vapes\",\"item\":\"https:\/\/vapebulkp.com\/vape-shop\/\"},{\"@type\":\"ListItem\",\"position\":3,\"name\":\"Vapsolo FEED BAR SHISHA Vape 15000 PUFFS Wholesale Price\"}]},{\"@type\":\"WebSite\",\"@id\":\"https:\/\/vapebulkp.com\/#website\",\"url\":\"https:\/\/vapebulkp.com\/\",\"name\":\"vapebulkp.com\",\"description\":\"Buy Vape In Cheap Bulk Price Near you\",\"publisher\":{\"@id\":\"https:\/\/vapebulkp.com\/#organization\"},\"potentialAction\":[{\"@type\":\"SearchAction\",\"target\":{\"@type\":\"EntryPoint\",\"urlTemplate\":\"https:\/\/vapebulkp.com\/?s={search_term_string}\"},\"query-input\":\"required name=search_term_string\"}],\"inLanguage\":\"lv-LV\"},{\"@type\":\"Organization\",\"@id\":\"https:\/\/vapebulkp.com\/#organization\",\"name\":\"vapebulkp.com\",\"url\":\"https:\/\/vapebulkp.com\/\",\"logo\":{\"@type\":\"ImageObject\",\"inLanguage\":\"lv-LV\",\"@id\":\"https:\/\/vapebulkp.com\/#\/schema\/logo\/image\/\",\"url\":\"https:\/\/vapebulkp.com\/wp-content\/uploads\/2023\/09\/cropped-vapebulkp.png\",\"contentUrl\":\"https:\/\/vapebulkp.com\/wp-content\/uploads\/2023\/09\/cropped-vapebulkp.png\",\"width\":516,\"height\":163,\"caption\":\"vapebulkp.com\"},\"image\":{\"@id\":\"https:\/\/vapebulkp.com\/#\/schema\/logo\/image\/\"}}]}<\/script>\n<!-- \/ Yoast SEO plugin. -->","yoast_head_json":{"title":"Vapsolo FEED BAR SHISHA Vape 15000 PUFFS Wholesale Price - vapebulkp.com","description":"Shop Vapsolo FEED BAR SHISHA Vape 15000 Puffs at wholesale prices. High-capacity, premium flavors, perfect for bulk orders.","robots":{"index":"index","follow":"follow","max-snippet":"max-snippet:-1","max-image-preview":"max-image-preview:large","max-video-preview":"max-video-preview:-1"},"canonical":"https:\/\/vapebulkp.com\/lv\/products\/vapsolo-feed-bar-shisha-vape-15000-puffs-wholesale-price\/","og_locale":"lv_LV","og_type":"article","og_title":"Vapsolo FEED BAR SHISHA Vape 15000 PUFFS Wholesale Price - vapebulkp.com","og_description":"Shop Vapsolo FEED BAR SHISHA Vape 15000 Puffs at wholesale prices. High-capacity, premium flavors, perfect for bulk orders.","og_url":"https:\/\/vapebulkp.com\/lv\/products\/vapsolo-feed-bar-shisha-vape-15000-puffs-wholesale-price\/","og_site_name":"vapebulkp.com","article_modified_time":"2025-09-24T03:23:21+00:00","og_image":[{"width":800,"height":800,"url":"http:\/\/vapebulkp.com\/wp-content\/uploads\/2024\/12\/Vapsolo-FEED-BAR-SHISHA-15000-PUFFS.jpg","type":"image\/jpeg"}],"twitter_card":"summary_large_image","twitter_misc":{"Est. reading time":"4 min\u016btes"},"schema":{"@context":"https:\/\/schema.org","@graph":[{"@type":"WebPage","@id":"https:\/\/vapebulkp.com\/product\/vapsolo-feed-bar-shisha-vape-15000-puffs-wholesale-price\/","url":"https:\/\/vapebulkp.com\/product\/vapsolo-feed-bar-shisha-vape-15000-puffs-wholesale-price\/","name":"Vapsolo FEED BAR SHISHA Vape 15000 PUFFS Wholesale Price - vapebulkp.com","isPartOf":{"@id":"https:\/\/vapebulkp.com\/#website"},"datePublished":"2024-12-13T07:32:34+00:00","dateModified":"2025-09-24T03:23:21+00:00","description":"Shop Vapsolo FEED BAR SHISHA Vape 15000 Puffs at wholesale prices. High-capacity, premium flavors, perfect for bulk orders.","breadcrumb":{"@id":"https:\/\/vapebulkp.com\/product\/vapsolo-feed-bar-shisha-vape-15000-puffs-wholesale-price\/#breadcrumb"},"inLanguage":"lv-LV","potentialAction":[{"@type":"ReadAction","target":["https:\/\/vapebulkp.com\/product\/vapsolo-feed-bar-shisha-vape-15000-puffs-wholesale-price\/"]}]},{"@type":"BreadcrumbList","@id":"https:\/\/vapebulkp.com\/product\/vapsolo-feed-bar-shisha-vape-15000-puffs-wholesale-price\/#breadcrumb","itemListElement":[{"@type":"ListItem","position":1,"name":"Home","item":"https:\/\/vapebulkp.com\/"},{"@type":"ListItem","position":2,"name":"Hot Trend Vapes","item":"https:\/\/vapebulkp.com\/vape-shop\/"},{"@type":"ListItem","position":3,"name":"Vapsolo FEED BAR SHISHA Vape 15000 PUFFS Wholesale Price"}]},{"@type":"WebSite","@id":"https:\/\/vapebulkp.com\/#website","url":"https:\/\/vapebulkp.com\/","name":"vapebulkp.com","description":"Buy Vape In Cheap Bulk Price Near you","publisher":{"@id":"https:\/\/vapebulkp.com\/#organization"},"potentialAction":[{"@type":"SearchAction","target":{"@type":"EntryPoint","urlTemplate":"https:\/\/vapebulkp.com\/?s={search_term_string}"},"query-input":"required name=search_term_string"}],"inLanguage":"lv-LV"},{"@type":"Organization","@id":"https:\/\/vapebulkp.com\/#organization","name":"vapebulkp.com","url":"https:\/\/vapebulkp.com\/","logo":{"@type":"ImageObject","inLanguage":"lv-LV","@id":"https:\/\/vapebulkp.com\/#\/schema\/logo\/image\/","url":"https:\/\/vapebulkp.com\/wp-content\/uploads\/2023\/09\/cropped-vapebulkp.png","contentUrl":"https:\/\/vapebulkp.com\/wp-content\/uploads\/2023\/09\/cropped-vapebulkp.png","width":516,"height":163,"caption":"vapebulkp.com"},"image":{"@id":"https:\/\/vapebulkp.com\/#\/schema\/logo\/image\/"}}]}},"uagb_featured_image_src":{"full":["https:\/\/vapebulkp.com\/wp-content\/uploads\/2024\/12\/Vapsolo-FEED-BAR-SHISHA-15000-PUFFS.jpg",800,800,false],"thumbnail":["https:\/\/vapebulkp.com\/wp-content\/uploads\/2024\/12\/Vapsolo-FEED-BAR-SHISHA-15000-PUFFS-150x150.jpg",150,150,true],"medium":["https:\/\/vapebulkp.com\/wp-content\/uploads\/2024\/12\/Vapsolo-FEED-BAR-SHISHA-15000-PUFFS-300x300.jpg",300,300,true],"medium_large":["https:\/\/vapebulkp.com\/wp-content\/uploads\/2024\/12\/Vapsolo-FEED-BAR-SHISHA-15000-PUFFS-768x768.jpg",768,768,true],"large":["https:\/\/vapebulkp.com\/wp-content\/uploads\/2024\/12\/Vapsolo-FEED-BAR-SHISHA-15000-PUFFS.jpg",800,800,false],"1536x1536":["https:\/\/vapebulkp.com\/wp-content\/uploads\/2024\/12\/Vapsolo-FEED-BAR-SHISHA-15000-PUFFS.jpg",800,800,false],"2048x2048":["https:\/\/vapebulkp.com\/wp-content\/uploads\/2024\/12\/Vapsolo-FEED-BAR-SHISHA-15000-PUFFS.jpg",800,800,false],"trp-custom-language-flag":["https:\/\/vapebulkp.com\/wp-content\/uploads\/2024\/12\/Vapsolo-FEED-BAR-SHISHA-15000-PUFFS.jpg",12,12,false],"woocommerce_thumbnail":["https:\/\/vapebulkp.com\/wp-content\/uploads\/2024\/12\/Vapsolo-FEED-BAR-SHISHA-15000-PUFFS-300x300.jpg",300,300,true],"woocommerce_single":["https:\/\/vapebulkp.com\/wp-content\/uploads\/2024\/12\/Vapsolo-FEED-BAR-SHISHA-15000-PUFFS-600x600.jpg",600,600,true],"woocommerce_gallery_thumbnail":["https:\/\/vapebulkp.com\/wp-content\/uploads\/2024\/12\/Vapsolo-FEED-BAR-SHISHA-15000-PUFFS-100x100.jpg",100,100,true],"wcpr-photo-reviews":["https:\/\/vapebulkp.com\/wp-content\/uploads\/2024\/12\/Vapsolo-FEED-BAR-SHISHA-15000-PUFFS.jpg",500,500,false]},"uagb_author_info":{"display_name":"Mandy vape bulk price","author_link":"https:\/\/vapebulkp.com\/lv\/author\/"},"uagb_comment_info":0,"uagb_excerpt":"Buy Vapsolo FEED BAR SHISHA 15000 Puffs wholesale. Long-lasting, 15ml e-liquid, 2% nicotine, premium flavors, competitive prices! Pls Contact Mandy's WhatsApp For Discount Price+8618077105796 NOTE: Prices on our website does not include shipping costs &nbsp;","_links":{"self":[{"href":"https:\/\/vapebulkp.com\/lv\/wp-json\/wp\/v2\/product\/3226","targetHints":{"allow":["GET"]}}],"collection":[{"href":"https:\/\/vapebulkp.com\/lv\/wp-json\/wp\/v2\/product"}],"about":[{"href":"https:\/\/vapebulkp.com\/lv\/wp-json\/wp\/v2\/types\/product"}],"replies":[{"embeddable":true,"href":"https:\/\/vapebulkp.com\/lv\/wp-json\/wp\/v2\/comments?post=3226"}],"wp:featuredmedia":[{"embeddable":true,"href":"https:\/\/vapebulkp.com\/lv\/wp-json\/wp\/v2\/media\/3229"}],"wp:attachment":[{"href":"https:\/\/vapebulkp.com\/lv\/wp-json\/wp\/v2\/media?parent=3226"}],"wp:term":[{"taxonomy":"product_cat","embeddable":true,"href":"https:\/\/vapebulkp.com\/lv\/wp-json\/wp\/v2\/product_cat?post=3226"},{"taxonomy":"product_tag","embeddable":true,"href":"https:\/\/vapebulkp.com\/lv\/wp-json\/wp\/v2\/product_tag?post=3226"}],"curies":[{"name":"wp","href":"https:\/\/api.w.org\/{rel}","templated":true}]}}