{"id":3254,"date":"2024-12-18T10:08:48","date_gmt":"2024-12-18T09:08:48","guid":{"rendered":"https:\/\/vapebulkp.com\/?post_type=product&#038;p=3254"},"modified":"2025-09-24T05:22:09","modified_gmt":"2025-09-24T03:22:09","slug":"vapsolo-best-quality-viking-12k-puffs-disposable-vapes","status":"publish","type":"product","link":"https:\/\/vapebulkp.com\/lv\/products\/vapsolo-best-quality-viking-12k-puffs-disposable-vapes\/","title":{"rendered":"Vapsolo lab\u0101k\u0101s kvalit\u0101tes Viking 12K Puffs vienreizlietojamie veipi"},"content":{"rendered":"<h2 style=\"text-align: left\">Vapsolo lab\u0101k\u0101s kvalit\u0101tes Viking 12K Puffs vienreizlietojamie veipi<\/h2>\n<p>&nbsp;<\/p>\n<p data-start=\"146\" data-end=\"493\">Tas <strong data-start=\"150\" data-end=\"196\">Vapsolo Viking 12000 Puffs vienreiz\u0113j\u0101s lieto\u0161anas iztvaic\u0113t\u0101js<\/strong> ir <strong data-start=\"202\" data-end=\"235\">lielas ietilp\u012bbas vienreizlietojamos vape<\/strong> izstr\u0101d\u0101ts Eiropas tvaic\u0113\u0161anas entuziastiem, kuri v\u0113las ilgsto\u0161u darb\u012bbu un bag\u0101t\u012bgu, apmierino\u0161u gar\u0161u. Ar milz\u012bgu 22 ml iepriek\u0161 uzpild\u012btu e-\u0161\u0137idruma rezervu\u0101ru un <strong data-start=\"391\" data-end=\"409\">sieta spoles vape<\/strong> tehnolo\u0123iju, tas rada vienm\u0113r\u012bgus, bl\u012bvus tvaikus, vienlaikus pastiprinot katru gar\u0161as noti.<\/p>\n<p data-start=\"495\" data-end=\"800\">\u0160is lab\u0101kais p\u0101rdo\u0161anas pied\u0101v\u0101jums <a href=\"https:\/\/vapebulkp.com\/lv\/produkta-kategorija\/12000-puffs-disposable-vape\/\"><strong>12000 Puffs vienreiz\u0113j\u0101s lieto\u0161anas iztvaic\u0113t\u0101js<\/strong> <\/a>ir apr\u012bkots ar 650 mAh <strong data-start=\"550\" data-end=\"582\">uzl\u0101d\u0113jamais tvaic\u0113t\u0101js<\/strong> akumulatoru ar C tipa \u0101tro uzl\u0101di, nodro\u0161inot nep\u0101rtrauktu lieto\u0161anu un minim\u0101lu d\u012bkst\u0101vi. Regul\u0113jama gaisa pl\u016bsma un LCD displejs nodro\u0161ina prec\u012bzu kontroli, \u013caujot lietot\u0101jiem piel\u0101got savu tvaic\u0113\u0161anas pieredzi maksim\u0101lam apmierin\u0101jumam.<\/p>\n<p data-start=\"802\" data-end=\"1221\">Pieejams 2% un 5% <strong data-start=\"825\" data-end=\"847\">nikot\u012bna s\u0101ls tvaic\u0113\u0161anas kast\u012btes<\/strong> stiprumos, \u0161\u012b ier\u012bce ir piem\u0113rota gan m\u0113reniem, gan sp\u0113c\u012bg\u0101kiem triecieniem. Viegls, kompakts un p\u0101rn\u0113s\u0101jams, tas ir lieliski piem\u0113rots ikdienas lieto\u0161anai, ce\u013cojumiem vai soci\u0101l\u0101m situ\u0101cij\u0101m. T\u0101 pla\u0161\u0101 aug\u013cu, mentola un desertu iedvesmotu gar\u0161u izv\u0113le padara 12k puffs <strong data-start=\"1085\" data-end=\"1106\">tvaic\u0113t\u0101jus<\/strong> ide\u0101li piem\u0113rotus Eiropas vairumtirgot\u0101jiem vai individu\u0101liem tvaic\u0113t\u0101jiem, kuri mekl\u0113 \u0113rt\u012bbas un veiktsp\u0113ju vien\u0101 ier\u012bc\u0113.<\/p>\n<p><img decoding=\"async\" class=\"wp-image-3255\" src=\"http:\/\/vapebulkp.com\/wp-content\/uploads\/2024\/12\/Vapsolo-Viking-12K-puffs-Cheap-Price-Vapes.png\" alt=\"Vapsolo Viking 12K uzp\u016btienu l\u0113tas cenas vape\" width=\"674\" height=\"505\" srcset=\"https:\/\/vapebulkp.com\/wp-content\/uploads\/2024\/12\/Vapsolo-Viking-12K-puffs-Cheap-Price-Vapes.png 1002w, https:\/\/vapebulkp.com\/wp-content\/uploads\/2024\/12\/Vapsolo-Viking-12K-puffs-Cheap-Price-Vapes-300x225.png 300w, https:\/\/vapebulkp.com\/wp-content\/uploads\/2024\/12\/Vapsolo-Viking-12K-puffs-Cheap-Price-Vapes-768x575.png 768w, https:\/\/vapebulkp.com\/wp-content\/uploads\/2024\/12\/Vapsolo-Viking-12K-puffs-Cheap-Price-Vapes-600x449.png 600w\" sizes=\"(max-width: 674px) 100vw, 674px\" \/><\/p>\n<h6>L\u016bdzu, sazinieties ar Mandijas WhatsApp, lai sa\u0146emtu atlaides cenu<a href=\"https:\/\/wa.me\/8618077105796\">+8618077105796<\/a><\/h6>\n<p>&nbsp;<\/p>\n<p><img decoding=\"async\" class=\"alignnone wp-image-2151\" src=\"http:\/\/vapebulkp.com\/wp-content\/uploads\/2024\/04\/Mandy-WhatsApp-Randm.jpg\" alt=\"Mandy WhatsApp Randi\" width=\"324\" height=\"330\" \/><\/p>\n<div class=\"flex max-w-full flex-col flex-grow\">\n<div class=\"min-h-8 text-message flex w-full flex-col items-end gap-2 whitespace-normal break-words text-start [.text-message+&amp;]:mt-5\" dir=\"auto\" data-message-author-role=\"assistant\" data-message-id=\"1fe1b7df-f0be-476c-874a-f466adf11ab9\" data-message-model-slug=\"gpt-4o\">\n<div class=\"flex w-full flex-col gap-1 empty:hidden first:pt-[3px]\">\n<div class=\"markdown prose w-full break-words dark:prose-invert light\">\n<p>&nbsp;<\/p>\n<\/div>\n<\/div>\n<\/div>\n<\/div>\n<h3>Vapsolo Viking 12000 Puffs Vape specifik\u0101cijas<\/h3>\n<ul>\n<li><strong>E-\u0161\u0137idruma ietilp\u012bba<\/strong>: 22 ml \u2013 paredz\u0113ts ilgsto\u0161\u0101m tvaic\u0113\u0161anas sesij\u0101m ar minim\u0101lu uzpildi.<\/li>\n<li><strong>Akumulators<\/strong>: 650 mAh uzl\u0101d\u0113jams akumulators \u2013 nodro\u0161ina l\u012bdz 12 000 uzp\u016btienu ar vienu uzl\u0101di.<\/li>\n<li><strong>Spoles tehnolo\u0123ija<\/strong>: Uzlabota sieta spole \u2013 nodro\u0161ina vienm\u0113r\u012bgu tvaiku ra\u017eo\u0161anu un intens\u012bvu gar\u0161as pieg\u0101di.<\/li>\n<li><strong>Spoles pretest\u012bba<\/strong>: 1,0 \u03a9 \u2013 optimiz\u0113ts l\u012bdzsvarotam tvaiku un gar\u0161as izdal\u012b\u0161anai.<\/li>\n<li><strong>Uzl\u0101des saskarne<\/strong>: Type-C \u0101tr\u0101 uzl\u0101de \u2013 efekt\u012bva un \u0113rta uzl\u0101de minim\u0101lam d\u012bkst\u0101ves laikam.<\/li>\n<li><strong>Displejs<\/strong>: LCD ekr\u0101ns \u2013 \u0113rti p\u0101rraugiet akumulatora darb\u012bbas laiku un iestat\u012bjumus vien\u0101 mirkl\u012b.<\/li>\n<li><strong>Gaisa pl\u016bsmas opcijas<\/strong>: \u010cetri regul\u0113jami gaisa pl\u016bsmas l\u012bme\u0146i \u2013 personaliz\u0113jiet savu tvaic\u0113\u0161anas pieredzi ar precizit\u0101ti.<\/li>\n<li><strong>P\u0101rn\u0113s\u0101jam\u012bba<\/strong>: Viegls un kompakts dizains \u2013 sver tikai 86 g, lai to var\u0113tu bez piep\u016bles p\u0101rn\u0113s\u0101t.<\/li>\n<li><strong>Nikot\u012bna stiprums<\/strong>: Pieejams 2% un 5% variantos \u2013 izv\u0113lieties atbilsto\u0161i sav\u0101m v\u0113lm\u0113m.<\/li>\n<\/ul>\n<h3>Vapsolo Viking 12000 dvesienu arom\u0101ta vairumtirdzniec\u012bbas cena<\/h3>\n<p>1. Melle\u0146u ave\u0146u<br \/>\n2. Melle\u0146u<br \/>\n3. Dzirksto\u0161ais \u0137irsis<br \/>\n4. Arb\u016bzu ledus<br \/>\n5. Zeme\u0146u kivi<br \/>\n6. Zeme\u0146u arb\u016bzs<br \/>\n7. Vasaras sapnis<br \/>\n8. Melle\u0146u \u0137ir\u0161u dz\u0113rve\u0146u<br \/>\n9. Citronu laims<br \/>\n10. L\u0101\u010du gumijas<br \/>\n11.Zeme\u0146u ban\u0101ns<br \/>\n12. Svaiga piparm\u0113tra<br \/>\n13. Zeme\u0146u ave\u0146u ledus<br \/>\n14. Citronu persiks<br \/>\n15. Sarkano \u0101bolu ledus<\/p>\n<p><a href=\"https:\/\/vapebulkp.com\/lv\/products\/jnr-vape-mega-box-25000-puff-discount-price-vape-pods\/\"><span style=\"vertical-align: inherit\">JNR VAPE Mega Box 25000 Uzp\u016bteni <\/span><\/a><\/p>\n<p><span style=\"vertical-align: inherit\">Atrast vair\u0101k produktu, kas jums var\u0113tu patikt:<\/span><em><a href=\"https:\/\/wa.me\/8618077105796\"><span style=\"vertical-align: inherit\">\u00a0Pirkt tagad<\/span><\/a><\/em><\/p>\n<p><span style=\"vertical-align: inherit\">Citas dvesmas, kas jums var\u0113tu patikt:<\/span><a href=\"https:\/\/vapebulkp.com\/lv\/products\/waspe-vape-40000-puff-fihp-double-flavour-disposable-vape\/\"><span style=\"vertical-align: inherit\">WASPE FIHP 40000 dvesu<\/span><\/a><span style=\"vertical-align: inherit\">\u3001<\/span><a href=\"https:\/\/vapebulkp.com\/lv\/products\/wholesale-randm-tornado-9000-puffs-germany\/\"><span style=\"vertical-align: inherit\">RandM 9000 dvesmas<\/span><\/a><span style=\"vertical-align: inherit\">\/ <\/span><a href=\"https:\/\/vapebulkp.com\/lv\/fi\/products\/bang-30k-puffs-new-double-taste-good-vape\/\"><span style=\"vertical-align: inherit\">Bang Vape 30000 dvesu<\/span><\/a><span style=\"vertical-align: inherit\">\/ <\/span><a href=\"https:\/\/vapebulkp.com\/lv\/products\/jnr-alien-10000-puffs-randm-vape-wholesale-price\/\"><span style=\"vertical-align: inherit\">JNR VAPE Alien 10000 uzp\u016btienu<\/span><\/a><\/p>\n<p><span style=\"vertical-align: inherit\">\u012apa\u0161as formas e-cigare\u0161u pudele:<\/span><a href=\"https:\/\/vapebulkp.com\/lv\/fi\/products\/bang-beach-22k-puffs-new-electronic-cigarette\/\"><span style=\"vertical-align: inherit\"> Bang Beach 22000 dvesmu<\/span><\/a><span style=\"vertical-align: inherit\">\/ <\/span><a href=\"https:\/\/vapebulkp.com\/lv\/fi\/products\/best-price-wga-crystal-pro-max-15k-puffs-original-vape\/\"><span style=\"vertical-align: inherit\">\u00a0WGA Crystal\u00a0 pro max\u00a0 15k\u00a0 P\u016b\u0137i <\/span><\/a><span style=\"vertical-align: inherit\">\/<\/span><a href=\"https:\/\/vapebulkp.com\/lv\/products\/wholesale-price-bangking-36000-puffs-hot-sale-vape-pod\/\"><span style=\"vertical-align: inherit\"> Bang King 36000 dvesmas<\/span><\/a><\/p>\n<h3>K\u0101p\u0113c izv\u0113l\u0113ties <a href=\"https:\/\/vapebulkp.com\/lv\/vape-shop\/\">Vapebulkp<\/a>?<\/h3>\n<p>Vapebulkp izce\u013cas k\u0101 uzticama vairumtirdzniec\u012bbas platforma augst\u0101k\u0101s klases e-cigare\u0161u z\u012bmoliem. Ar pla\u0161u nozares pieredzi t\u0101 ir ieguvusi reput\u0101ciju k\u0101 uzticams avots gan uz\u0146\u0113mumiem, gan individu\u0101liem klientiem.<\/p>\n<p><strong>Pla\u0161s Premium produktu kl\u0101sts<\/strong><br \/>\nVapebulkp j\u016bs varat atrast daudzveid\u012bgu augstas kvalit\u0101tes e-cigare\u0161u z\u012bmolu kl\u0101stu, nodro\u0161inot visaptvero\u0161u iepirk\u0161an\u0101s pieredzi katram klientam.<\/p>\n<p><strong>Rentablas vairumtirdzniec\u012bbas cenas<\/strong><br \/>\nVapebulkp nodro\u0161ina konkur\u0113tsp\u0113j\u012bgas cenas visiem produktiem, pied\u0101v\u0101jot izcilu v\u0113rt\u012bbu, nezaud\u0113jot kvalit\u0101ti, ko klienti sagaida.<\/p>\n<p><strong>\u0100tra un uzticama pieg\u0101de ar izcilu atbalstu<\/strong><br \/>\nVapebulkp koncentr\u0113jas uz \u0101tru un uzticamu pieg\u0101di, un ir pieejama \u012bpa\u0161a klientu apkalpo\u0161anas komanda, kas nekav\u0113joties atbild\u0113s uz visiem jaut\u0101jumiem vai ba\u017e\u0101m.<\/p>\n<h3><strong>BUJ par Vapsolo Viking 12000 Puffs<\/strong><\/h3>\n<ol>\n<li><strong>Cik ilgi kalpos Vapsolo Viking vape?<\/strong><br \/>\nVapsolo Viking kalpo l\u012bdz 12 000 uzp\u016btieniem, atkar\u012bb\u0101 no lieto\u0161anas bie\u017euma.<\/li>\n<li><strong>Vai es varu izmantot Vapsolo Viking 12k Puffs vape MTL vai DTL veipo\u0161anai?<\/strong><br \/>\nVapsolo Viking ir paredz\u0113ts MTL (Mouth-to-Lung) veipo\u0161anai, pied\u0101v\u0101jot vienm\u0113r\u012bgu un gar\u0161\u012bgu ieelpu.<\/li>\n<li><strong>Vai Vapsolo Viking 12k uzp\u016btienu ir dro\u0161i lietot?<\/strong><br \/>\nJ\u0101, Vapsolo Viking ir izgatavots no kvalitat\u012bviem materi\u0101liem un tiek pak\u013cauts stingriem dro\u0161\u012bbas standartiem, lai nodro\u0161in\u0101tu dro\u0161u veipo\u0161anas pieredzi.<\/li>\n<li><strong>Kur es varu ieg\u0101d\u0101ties Vapsolo Viking 12000 Puffs vienreiz\u0113j\u0101s lieto\u0161anas vape?<\/strong><br \/>\nJ\u016bs varat ieg\u0101d\u0101ties Vapsolo Viking 12000 Puffs vietn\u0113 Vapebulkp.com, kur atrad\u012bsiet konkur\u0113tsp\u0113j\u012bgas cenas un uzticamas pieg\u0101des iesp\u0113jas.<\/li>\n<li><strong>Kas man j\u0101dara, ja man ir probl\u0113mas ar manu Vapsolo Viking vape?<\/strong><br \/>\nJa jums rodas probl\u0113mas ar j\u016bsu Vapsolo Viking, m\u016bsu klientu atbalsta komanda ir gatava jums pal\u012bdz\u0113t. L\u016bdzu, sazinieties ar mums, lai sa\u0146emtu pal\u012bdz\u012bbu probl\u0113mu nov\u0113r\u0161an\u0101 vai garantijas jaut\u0101jumos.<\/li>\n<\/ol>\n<h3>Pieg\u0101des deta\u013cas:<\/h3>\n<p><span style=\"color: #ff6600\">Ra\u017eo\u0161anas laiks: 5-10 darba dienas<\/span><br \/>\n<span style=\"color: #ff6600\">Pieg\u0101des laiks: 8-14 darba dienas<\/span><\/p>\n<p>Visi produkti m\u016bsu veikal\u0101 ir 100% ori\u0123in\u0101li un autentiski, t\u0101p\u0113c desmitk\u0101rt\u012bga kompens\u0101cija par viltot\u0101m prec\u0113m ir m\u016bsu veikala politika. M\u0113s izmantojam t\u0101dus lo\u0123istikas kan\u0101lus k\u0101 UPS\/DHL\/FEDEX\/DPD, lai pieg\u0101d\u0101tu preces jums.<\/p>\n<p>Paci\u0146\u0101m, kas tiek s\u016bt\u012btas uz Latviju, parasti nepiecie\u0161amas 10 darba dienas, lai t\u0101s sa\u0146emtu. S\u016bt\u012bjumiem uz Eiropas valst\u012bm parasti nepiecie\u0161amas 12 l\u012bdz 15 darba dienas, lai t\u0101s sa\u0146emtu. M\u0113s atjaunin\u0101sim lo\u0123istikas inform\u0101ciju jums re\u0101llaik\u0101.<\/p>","protected":false},"excerpt":{"rendered":"<p>Vapsolo Viking 12000 Puffs Vape Pod pied\u0101v\u0101 ilgsto\u0161u, arom\u0101tisku tvaic\u0113\u0161anu ar da\u017e\u0101d\u0101m nikot\u012bna iesp\u0113j\u0101m un vienm\u0113r\u012bgu darb\u012bbu.<\/p>\n<p>L\u016bdzu, sazinieties ar Mandijas WhatsApp, lai sa\u0146emtu atlaides cenu<a href=\"https:\/\/wa.me\/8618077105796\">+8618077105796<\/a><\/p>\n<p>&nbsp;<\/p>\n<p><img decoding=\"async\" class=\"alignnone wp-image-2151\" src=\"http:\/\/vapebulkp.com\/wp-content\/uploads\/2024\/04\/Mandy-WhatsApp-Randm.jpg\" alt=\"Mandy WhatsApp Randi\" width=\"297\" height=\"316\" srcset=\"https:\/\/vapebulkp.com\/wp-content\/uploads\/2024\/04\/Mandy-WhatsApp-Randm.jpg 916w, https:\/\/vapebulkp.com\/wp-content\/uploads\/2024\/04\/Mandy-WhatsApp-Randm-282x300.jpg 282w, https:\/\/vapebulkp.com\/wp-content\/uploads\/2024\/04\/Mandy-WhatsApp-Randm-768x817.jpg 768w, https:\/\/vapebulkp.com\/wp-content\/uploads\/2024\/04\/Mandy-WhatsApp-Randm-600x638.jpg 600w\" sizes=\"(max-width: 297px) 100vw, 297px\" \/><\/p>\n<p><span style=\"color: #ff0000\">PIEZ\u012aME: Cenas m\u016bsu t\u012bmek\u013ca vietn\u0113 neietver pieg\u0101des izmaksas<\/span><\/p>\n<p>&nbsp;<\/p>","protected":false},"featured_media":3246,"comment_status":"open","ping_status":"closed","template":"","meta":{"_uag_custom_page_level_css":"","_lmt_disableupdate":"no","_lmt_disable":"","site-sidebar-layout":"default","site-content-layout":"content-boxed-container","ast-site-content-layout":"normal-width-container","site-content-style":"boxed","site-sidebar-style":"unboxed","ast-global-header-display":"","ast-banner-title-visibility":"","ast-main-header-display":"","ast-hfb-above-header-display":"","ast-hfb-below-header-display":"","ast-hfb-mobile-header-display":"","site-post-title":"","ast-breadcrumbs-content":"","ast-featured-img":"","footer-sml-layout":"","theme-transparent-header-meta":"default","adv-header-id-meta":"","stick-header-meta":"","header-above-stick-meta":"","header-main-stick-meta":"","header-below-stick-meta":"","astra-migrate-meta-layouts":"set","_joinchat":[]},"product_cat":[166,153,155,33,59,100,87,34,158,157,154,152,58,84,156,63,32,362],"product_tag":[36,37,41,40,192],"class_list":["post-3254","product","type-product","status-publish","has-post-thumbnail","hentry","product_cat-12000-puffs-disposable-vape","product_cat-hot-disposable-vapes","product_cat-belgium-hot-disposable-vapes","product_cat-france-vape-hot-sale","product_cat-germany-hot-disposable-vape","product_cat-germany-wholesale-vape-shop","product_cat-minimum-order-quantity-50pcs","product_cat-netherlands-vape-good-sale","product_cat-norway-hot-disposable-vapes","product_cat-poland-hot-disposable-vapes","product_cat-portugal-hot-disposable-vapes","product_cat-spain-hot-disposable-vapes","product_cat-sweden-hot-disposable-vape","product_cat-sweden-wholesale-vape","product_cat-switzerland-hot-disposable-vapes","product_cat-top-sale-disposable-vape","product_cat-vape-hot-sale-this-week","product_cat-vapsolo-vape","product_tag-good-vape","product_tag-hot-sale-disposable-vape","product_tag-poland-hot-vape","product_tag-sweden-hot-vape","product_tag-vapsolo-viking-12k-puffs","pa_brand-vapsolo-vape","desktop-align-left","tablet-align-left","mobile-align-left"],"yoast_head":"<!-- This site is optimized with the Yoast SEO plugin v21.1 - https:\/\/yoast.com\/wordpress\/plugins\/seo\/ -->\n<title>Vapsolo Best Quality Viking 12K Puffs Disposable Vapes - vapebulkp.com<\/title>\n<meta name=\"description\" content=\"Top Sale Vapsolo Viking 12000 Puffs: Premium disposable vape, smooth DTL experience, 12,000 puffs, multiple nicotine options\" \/>\n<meta name=\"robots\" content=\"index, follow, max-snippet:-1, max-image-preview:large, max-video-preview:-1\" \/>\n<link rel=\"canonical\" href=\"https:\/\/vapebulkp.com\/lv\/products\/vapsolo-best-quality-viking-12k-puffs-disposable-vapes\/\" \/>\n<meta property=\"og:locale\" content=\"lv_LV\" \/>\n<meta property=\"og:type\" content=\"article\" \/>\n<meta property=\"og:title\" content=\"Vapsolo Best Quality Viking 12K Puffs Disposable Vapes - vapebulkp.com\" \/>\n<meta property=\"og:description\" content=\"Top Sale Vapsolo Viking 12000 Puffs: Premium disposable vape, smooth DTL experience, 12,000 puffs, multiple nicotine options\" \/>\n<meta property=\"og:url\" content=\"https:\/\/vapebulkp.com\/lv\/products\/vapsolo-best-quality-viking-12k-puffs-disposable-vapes\/\" \/>\n<meta property=\"og:site_name\" content=\"vapebulkp.com\" \/>\n<meta property=\"article:modified_time\" content=\"2025-09-24T03:22:09+00:00\" \/>\n<meta property=\"og:image\" content=\"http:\/\/vapebulkp.com\/wp-content\/uploads\/2024\/12\/Vapsolo-Viking-12K-puffs-Germany-Hot-Vape.png\" \/>\n\t<meta property=\"og:image:width\" content=\"800\" \/>\n\t<meta property=\"og:image:height\" content=\"800\" \/>\n\t<meta property=\"og:image:type\" content=\"image\/png\" \/>\n<meta name=\"twitter:card\" content=\"summary_large_image\" \/>\n<meta name=\"twitter:label1\" content=\"Est. reading time\" \/>\n\t<meta name=\"twitter:data1\" content=\"4 min\u016btes\" \/>\n<script type=\"application\/ld+json\" class=\"yoast-schema-graph\">{\"@context\":\"https:\/\/schema.org\",\"@graph\":[{\"@type\":\"WebPage\",\"@id\":\"https:\/\/vapebulkp.com\/product\/vapsolo-best-quality-viking-12k-puffs-disposable-vapes\/\",\"url\":\"https:\/\/vapebulkp.com\/product\/vapsolo-best-quality-viking-12k-puffs-disposable-vapes\/\",\"name\":\"Vapsolo Best Quality Viking 12K Puffs Disposable Vapes - vapebulkp.com\",\"isPartOf\":{\"@id\":\"https:\/\/vapebulkp.com\/#website\"},\"datePublished\":\"2024-12-18T09:08:48+00:00\",\"dateModified\":\"2025-09-24T03:22:09+00:00\",\"description\":\"Top Sale Vapsolo Viking 12000 Puffs: Premium disposable vape, smooth DTL experience, 12,000 puffs, multiple nicotine options\",\"breadcrumb\":{\"@id\":\"https:\/\/vapebulkp.com\/product\/vapsolo-best-quality-viking-12k-puffs-disposable-vapes\/#breadcrumb\"},\"inLanguage\":\"lv-LV\",\"potentialAction\":[{\"@type\":\"ReadAction\",\"target\":[\"https:\/\/vapebulkp.com\/product\/vapsolo-best-quality-viking-12k-puffs-disposable-vapes\/\"]}]},{\"@type\":\"BreadcrumbList\",\"@id\":\"https:\/\/vapebulkp.com\/product\/vapsolo-best-quality-viking-12k-puffs-disposable-vapes\/#breadcrumb\",\"itemListElement\":[{\"@type\":\"ListItem\",\"position\":1,\"name\":\"Home\",\"item\":\"https:\/\/vapebulkp.com\/\"},{\"@type\":\"ListItem\",\"position\":2,\"name\":\"Hot Trend Vapes\",\"item\":\"https:\/\/vapebulkp.com\/vape-shop\/\"},{\"@type\":\"ListItem\",\"position\":3,\"name\":\"Vapsolo Best Quality Viking 12K Puffs Disposable Vapes\"}]},{\"@type\":\"WebSite\",\"@id\":\"https:\/\/vapebulkp.com\/#website\",\"url\":\"https:\/\/vapebulkp.com\/\",\"name\":\"vapebulkp.com\",\"description\":\"Buy Vape In Cheap Bulk Price Near you\",\"publisher\":{\"@id\":\"https:\/\/vapebulkp.com\/#organization\"},\"potentialAction\":[{\"@type\":\"SearchAction\",\"target\":{\"@type\":\"EntryPoint\",\"urlTemplate\":\"https:\/\/vapebulkp.com\/?s={search_term_string}\"},\"query-input\":\"required name=search_term_string\"}],\"inLanguage\":\"lv-LV\"},{\"@type\":\"Organization\",\"@id\":\"https:\/\/vapebulkp.com\/#organization\",\"name\":\"vapebulkp.com\",\"url\":\"https:\/\/vapebulkp.com\/\",\"logo\":{\"@type\":\"ImageObject\",\"inLanguage\":\"lv-LV\",\"@id\":\"https:\/\/vapebulkp.com\/#\/schema\/logo\/image\/\",\"url\":\"https:\/\/vapebulkp.com\/wp-content\/uploads\/2023\/09\/cropped-vapebulkp.png\",\"contentUrl\":\"https:\/\/vapebulkp.com\/wp-content\/uploads\/2023\/09\/cropped-vapebulkp.png\",\"width\":516,\"height\":163,\"caption\":\"vapebulkp.com\"},\"image\":{\"@id\":\"https:\/\/vapebulkp.com\/#\/schema\/logo\/image\/\"}}]}<\/script>\n<!-- \/ Yoast SEO plugin. -->","yoast_head_json":{"title":"Vapsolo Best Quality Viking 12K Puffs Disposable Vapes - vapebulkp.com","description":"Top Sale Vapsolo Viking 12000 Puffs: Premium disposable vape, smooth DTL experience, 12,000 puffs, multiple nicotine options","robots":{"index":"index","follow":"follow","max-snippet":"max-snippet:-1","max-image-preview":"max-image-preview:large","max-video-preview":"max-video-preview:-1"},"canonical":"https:\/\/vapebulkp.com\/lv\/products\/vapsolo-best-quality-viking-12k-puffs-disposable-vapes\/","og_locale":"lv_LV","og_type":"article","og_title":"Vapsolo Best Quality Viking 12K Puffs Disposable Vapes - vapebulkp.com","og_description":"Top Sale Vapsolo Viking 12000 Puffs: Premium disposable vape, smooth DTL experience, 12,000 puffs, multiple nicotine options","og_url":"https:\/\/vapebulkp.com\/lv\/products\/vapsolo-best-quality-viking-12k-puffs-disposable-vapes\/","og_site_name":"vapebulkp.com","article_modified_time":"2025-09-24T03:22:09+00:00","og_image":[{"width":800,"height":800,"url":"http:\/\/vapebulkp.com\/wp-content\/uploads\/2024\/12\/Vapsolo-Viking-12K-puffs-Germany-Hot-Vape.png","type":"image\/png"}],"twitter_card":"summary_large_image","twitter_misc":{"Est. reading time":"4 min\u016btes"},"schema":{"@context":"https:\/\/schema.org","@graph":[{"@type":"WebPage","@id":"https:\/\/vapebulkp.com\/product\/vapsolo-best-quality-viking-12k-puffs-disposable-vapes\/","url":"https:\/\/vapebulkp.com\/product\/vapsolo-best-quality-viking-12k-puffs-disposable-vapes\/","name":"Vapsolo Best Quality Viking 12K Puffs Disposable Vapes - vapebulkp.com","isPartOf":{"@id":"https:\/\/vapebulkp.com\/#website"},"datePublished":"2024-12-18T09:08:48+00:00","dateModified":"2025-09-24T03:22:09+00:00","description":"Top Sale Vapsolo Viking 12000 Puffs: Premium disposable vape, smooth DTL experience, 12,000 puffs, multiple nicotine options","breadcrumb":{"@id":"https:\/\/vapebulkp.com\/product\/vapsolo-best-quality-viking-12k-puffs-disposable-vapes\/#breadcrumb"},"inLanguage":"lv-LV","potentialAction":[{"@type":"ReadAction","target":["https:\/\/vapebulkp.com\/product\/vapsolo-best-quality-viking-12k-puffs-disposable-vapes\/"]}]},{"@type":"BreadcrumbList","@id":"https:\/\/vapebulkp.com\/product\/vapsolo-best-quality-viking-12k-puffs-disposable-vapes\/#breadcrumb","itemListElement":[{"@type":"ListItem","position":1,"name":"Home","item":"https:\/\/vapebulkp.com\/"},{"@type":"ListItem","position":2,"name":"Hot Trend Vapes","item":"https:\/\/vapebulkp.com\/vape-shop\/"},{"@type":"ListItem","position":3,"name":"Vapsolo Best Quality Viking 12K Puffs Disposable Vapes"}]},{"@type":"WebSite","@id":"https:\/\/vapebulkp.com\/#website","url":"https:\/\/vapebulkp.com\/","name":"vapebulkp.com","description":"Buy Vape In Cheap Bulk Price Near you","publisher":{"@id":"https:\/\/vapebulkp.com\/#organization"},"potentialAction":[{"@type":"SearchAction","target":{"@type":"EntryPoint","urlTemplate":"https:\/\/vapebulkp.com\/?s={search_term_string}"},"query-input":"required name=search_term_string"}],"inLanguage":"lv-LV"},{"@type":"Organization","@id":"https:\/\/vapebulkp.com\/#organization","name":"vapebulkp.com","url":"https:\/\/vapebulkp.com\/","logo":{"@type":"ImageObject","inLanguage":"lv-LV","@id":"https:\/\/vapebulkp.com\/#\/schema\/logo\/image\/","url":"https:\/\/vapebulkp.com\/wp-content\/uploads\/2023\/09\/cropped-vapebulkp.png","contentUrl":"https:\/\/vapebulkp.com\/wp-content\/uploads\/2023\/09\/cropped-vapebulkp.png","width":516,"height":163,"caption":"vapebulkp.com"},"image":{"@id":"https:\/\/vapebulkp.com\/#\/schema\/logo\/image\/"}}]}},"uagb_featured_image_src":{"full":["https:\/\/vapebulkp.com\/wp-content\/uploads\/2024\/12\/Vapsolo-Viking-12K-puffs-Germany-Hot-Vape.png",800,800,false],"thumbnail":["https:\/\/vapebulkp.com\/wp-content\/uploads\/2024\/12\/Vapsolo-Viking-12K-puffs-Germany-Hot-Vape-150x150.png",150,150,true],"medium":["https:\/\/vapebulkp.com\/wp-content\/uploads\/2024\/12\/Vapsolo-Viking-12K-puffs-Germany-Hot-Vape-300x300.png",300,300,true],"medium_large":["https:\/\/vapebulkp.com\/wp-content\/uploads\/2024\/12\/Vapsolo-Viking-12K-puffs-Germany-Hot-Vape-768x768.png",768,768,true],"large":["https:\/\/vapebulkp.com\/wp-content\/uploads\/2024\/12\/Vapsolo-Viking-12K-puffs-Germany-Hot-Vape.png",800,800,false],"1536x1536":["https:\/\/vapebulkp.com\/wp-content\/uploads\/2024\/12\/Vapsolo-Viking-12K-puffs-Germany-Hot-Vape.png",800,800,false],"2048x2048":["https:\/\/vapebulkp.com\/wp-content\/uploads\/2024\/12\/Vapsolo-Viking-12K-puffs-Germany-Hot-Vape.png",800,800,false],"trp-custom-language-flag":["https:\/\/vapebulkp.com\/wp-content\/uploads\/2024\/12\/Vapsolo-Viking-12K-puffs-Germany-Hot-Vape.png",12,12,false],"woocommerce_thumbnail":["https:\/\/vapebulkp.com\/wp-content\/uploads\/2024\/12\/Vapsolo-Viking-12K-puffs-Germany-Hot-Vape-300x300.png",300,300,true],"woocommerce_single":["https:\/\/vapebulkp.com\/wp-content\/uploads\/2024\/12\/Vapsolo-Viking-12K-puffs-Germany-Hot-Vape-600x600.png",600,600,true],"woocommerce_gallery_thumbnail":["https:\/\/vapebulkp.com\/wp-content\/uploads\/2024\/12\/Vapsolo-Viking-12K-puffs-Germany-Hot-Vape-100x100.png",100,100,true],"wcpr-photo-reviews":["https:\/\/vapebulkp.com\/wp-content\/uploads\/2024\/12\/Vapsolo-Viking-12K-puffs-Germany-Hot-Vape.png",500,500,false]},"uagb_author_info":{"display_name":"Mandy vape bulk price","author_link":"https:\/\/vapebulkp.com\/lv\/author\/"},"uagb_comment_info":0,"uagb_excerpt":"The Vapsolo Viking 12000 Puffs Vape Pod offers long-lasting, flavorful vaping with a variety of nicotine options and smooth performance. Pls Contact Mandy's WhatsApp For Discount Price+8618077105796 &nbsp; NOTE: Prices on our website does not include shipping costs &nbsp;","_links":{"self":[{"href":"https:\/\/vapebulkp.com\/lv\/wp-json\/wp\/v2\/product\/3254","targetHints":{"allow":["GET"]}}],"collection":[{"href":"https:\/\/vapebulkp.com\/lv\/wp-json\/wp\/v2\/product"}],"about":[{"href":"https:\/\/vapebulkp.com\/lv\/wp-json\/wp\/v2\/types\/product"}],"replies":[{"embeddable":true,"href":"https:\/\/vapebulkp.com\/lv\/wp-json\/wp\/v2\/comments?post=3254"}],"wp:featuredmedia":[{"embeddable":true,"href":"https:\/\/vapebulkp.com\/lv\/wp-json\/wp\/v2\/media\/3246"}],"wp:attachment":[{"href":"https:\/\/vapebulkp.com\/lv\/wp-json\/wp\/v2\/media?parent=3254"}],"wp:term":[{"taxonomy":"product_cat","embeddable":true,"href":"https:\/\/vapebulkp.com\/lv\/wp-json\/wp\/v2\/product_cat?post=3254"},{"taxonomy":"product_tag","embeddable":true,"href":"https:\/\/vapebulkp.com\/lv\/wp-json\/wp\/v2\/product_tag?post=3254"}],"curies":[{"name":"wp","href":"https:\/\/api.w.org\/{rel}","templated":true}]}}