{"id":3268,"date":"2024-12-20T09:24:34","date_gmt":"2024-12-20T08:24:34","guid":{"rendered":"https:\/\/vapebulkp.com\/?post_type=product&#038;p=3268"},"modified":"2025-09-03T05:31:08","modified_gmt":"2025-09-03T03:31:08","slug":"vookbar-30000-puffs-touch-screen-disposable-vapes-wholesale-price","status":"publish","type":"product","link":"https:\/\/vapebulkp.com\/lv\/product\/vookbar-30000-puffs-touch-screen-disposable-vapes-wholesale-price\/","title":{"rendered":"Vookbar 30000 Puffs sk\u0101rienekr\u0101na vienreiz\u0113j\u0101s lieto\u0161anas tvaiki Vairumtirdzniec\u012bbas cena"},"content":{"rendered":"<h1 style=\"text-align: left\">Vookbar 30000 Puffs sk\u0101rienekr\u0101na vienreiz\u0113j\u0101s lieto\u0161anas tvaiki Vairumtirdzniec\u012bbas cena<\/h1>\n<p>&nbsp;<\/p>\n<p>Tas <strong>Vookbar Cyber PRO 30 000 Puffs sk\u0101rienekr\u0101na vienreiz\u0113j\u0101s lieto\u0161anas tvaiks<\/strong> ir lab\u0101k\u0101 izv\u0113le tvaic\u0113t\u0101jiem, kas mekl\u0113 inov\u0101cijas, veiktsp\u0113ju un \u0113rt\u012bbas. Ar modernu <strong>2,01 collu sk\u0101rienekr\u0101nu<\/strong>, \u0161\u012b ier\u012bce pied\u0101v\u0101 prec\u012bzu kontroli p\u0101r iestat\u012bjumiem, savuk\u0101rt t\u0101s <strong>dubult\u0101s sieta spoles tehnolo\u0123iju<\/strong> nodro\u0161ina bag\u0101t\u012bgu gar\u0161u un gludus m\u0101ko\u0146us. Iepriek\u0161 uzpild\u012bts ar <strong>22 ml augst\u0101k\u0101s kvalit\u0101tes e-\u0161\u0137idruma<\/strong> un pied\u0101v\u0101jot <strong>5% nikot\u012bna s\u0101ls stiprumu<\/strong>, Vookbar nodro\u0161ina l\u012bdz pat <strong>30 000 dvesmu<\/strong> Norm re\u017e\u012bm\u0101 vai <strong>15 000 dvesmas<\/strong> Jaudas re\u017e\u012bm\u0101. Izstr\u0101d\u0101ts ar <strong>850mAh uzl\u0101d\u0113jams akumulators<\/strong> un <strong>C tipa \u0101tr\u0101 uzl\u0101de<\/strong>, tas apvieno ilgsto\u0161u jaudu ar \u0101tru uzl\u0101di. Lieliski piem\u0113rots gan person\u012bgai lieto\u0161anai, gan <strong>vairumtirdzniec\u012bbas pirc\u0113jiem<\/strong>, Vookbar Cyber PRO izce\u013cas ar savu kompakto izm\u0113ru, gludo dizainu un nep\u0101rsp\u0113jamu veiktsp\u0113ju. Atrodiet savu <strong>vairumtirdzniec\u012bbas Vookbar Cyber PRO <a href=\"https:\/\/vapebulkp.com\/lv\/product-category\/30000-puff-disposable-vape\/\">30000 uzp\u016btienu vienreizlietojams iztvaikot\u0101js <\/a><\/strong>\u00a0par konkur\u0113tsp\u0113j\u012bg\u0101m cen\u0101m jau \u0161odien!<\/p>\n<p>&nbsp;<\/p>\n<h6>L\u016bdzu, sazinieties ar Mandijas WhatsApp, lai sa\u0146emtu atlaides cenu<a href=\"https:\/\/wa.me\/8618077105796\">+8618077105796<\/a><\/h6>\n<p>&nbsp;<\/p>\n<p><img decoding=\"async\" class=\"alignnone wp-image-2151\" src=\"http:\/\/vapebulkp.com\/wp-content\/uploads\/2024\/04\/Mandy-WhatsApp-Randm.jpg\" alt=\"Mandy WhatsApp Randi\" width=\"324\" height=\"330\" \/><\/p>\n<div class=\"flex max-w-full flex-col flex-grow\">\n<div class=\"min-h-8 text-message flex w-full flex-col items-end gap-2 whitespace-normal break-words text-start [.text-message+&amp;]:mt-5\" dir=\"auto\" data-message-author-role=\"assistant\" data-message-id=\"1fe1b7df-f0be-476c-874a-f466adf11ab9\" data-message-model-slug=\"gpt-4o\">\n<div class=\"flex w-full flex-col gap-1 empty:hidden first:pt-[3px]\">\n<div class=\"markdown prose w-full break-words dark:prose-invert light\">\n<h2>K\u0101p\u0113c ieg\u0101d\u0101ties vairumtirdzniec\u012bbas Vape Vookbar Cyber PRO 30k Puffs vietn\u0113 Vapebulkp.com?<\/h2>\n<p><strong>1. Milz\u012bgs uzp\u016btienu skaits:<\/strong><br \/>\nAr iespaid\u012bgu <strong>30 000 uzp\u016btienu Norm re\u017e\u012bm\u0101<\/strong> un <strong>15 000 dvesmas jaudas re\u017e\u012bm\u0101<\/strong>, \u0161\u012b ier\u012bce ir paredz\u0113ta ilgsto\u0161ai lieto\u0161anai bez kompromisiem.<\/p>\n<p><strong>2. Modern\u0101k\u0101s tehnolo\u0123ijas:<\/strong><br \/>\nTas <strong>dubult\u0101s sieta spoles sist\u0113mu<\/strong> nodro\u0161ina izcilu gar\u0161u un bl\u012bvu tvaiku, savuk\u0101rt <strong>2,01 collu HD displejs<\/strong> uzlabo lietojam\u012bbu ar re\u0101llaika iestat\u012bjumiem un pazi\u0146ojumiem.<\/p>\n<p><strong>3. Ietilp\u012bga E-\u0161\u0137idruma tvertne:<\/strong><br \/>\nKomplekt\u0101 ar <strong>22 ml augst\u0101k\u0101s kvalit\u0101tes e-\u0161\u0137idruma<\/strong> un <strong>5% nikot\u012bna stiprumu<\/strong>, nodro\u0161inot vienm\u0113r\u012bgus, apmierino\u0161us dvesienus katr\u0101 vilcien\u0101.<\/p>\n<p><strong>4. Ilgsto\u0161s akumulators:<\/strong><br \/>\nTas <strong>850mAh uzl\u0101d\u0113jams akumulators<\/strong> nodro\u0161ina uzticamu jaudu, ko papildina <strong>C tipa \u0101tr\u0101 uzl\u0101de<\/strong> \u0101trai un efekt\u012bvai uzl\u0101dei.<\/p>\n<p><strong>5. Vied\u0101s funkcijas:<\/strong><br \/>\nIetver <strong>Bluetooth sader\u012bbu<\/strong>, <strong>kust\u012bbu re\u017e\u012bmu<\/strong>, un <strong>s\u0101nu pogas vad\u012bbu<\/strong>, padarot to daudzpus\u012bgu un \u0113rtu m\u016bsdienu lietot\u0101jiem.<\/p>\n<p><strong>6. Kompakts un p\u0101rn\u0113s\u0101jams:<\/strong><br \/>\nT\u0101 gludie izm\u0113ri (<strong>49x24x93mm<\/strong>) padara to viegli p\u0101rn\u0113s\u0101jamu, ide\u0101li piem\u0113rotu ikdienas tvaic\u0113\u0161anai vai ce\u013co\u0161anai.<\/p>\n<p><strong>7. Ekskluz\u012bvas priek\u0161roc\u012bbas vietn\u0113 Vapebulkp.com:<\/strong><\/p>\n<ul>\n<li><strong>Pieejamas cenas<\/strong> ar pieejam\u0101m lielapjoma atlaid\u0113m.<\/li>\n<li><strong>\u0100tra, uzticama pieg\u0101de<\/strong> vis\u0101s Eiropas valst\u012bs.<\/li>\n<li>Visaptvero\u0161s klientu atbalsts, lai apmierin\u0101tu visas j\u016bsu vajadz\u012bbas.<\/li>\n<\/ul>\n<p>Lai ieg\u016btu uzticamu, ar funkcij\u0101m bag\u0101tu tvaic\u0113\u0161anas risin\u0101jumu, uzticieties Vapebulkp.com pieg\u0101d\u0101t <strong>Vookbar Cyber PRO 30 t\u016bksto\u0161i puffs<\/strong> par nep\u0101rsp\u0113jamu v\u0113rt\u012bbu!<\/p>\n<\/div>\n<\/div>\n<\/div>\n<\/div>\n<h3>Vookbar 30000 Puffs vienreizlietojamo vape specifik\u0101cijas<\/h3>\n<ul>\n<li><strong>Izm\u0113ri:<\/strong> 49mm x 24mm x 93mm (kompakts un p\u0101rn\u0113s\u0101jams).<\/li>\n<li><strong>Ekr\u0101ns:<\/strong> 2,01 collu HD displejs skaidrai vizualiz\u0101cijai un \u0113rtai navig\u0101cijai.<\/li>\n<li><strong>Spoles veids:<\/strong> Dubult\u0101 sieta spir\u0101le bag\u0101t\u012bgai gar\u0161ai un bl\u012bviem tvaikiem.<\/li>\n<li><strong>E-\u0161\u0137idruma ietilp\u012bba:<\/strong> 22ML iepriek\u0161 uzpild\u012bts augst\u0101k\u0101s kvalit\u0101tes vape \u0161\u0137idrums.<\/li>\n<li><strong>Nikot\u012bna stiprums:<\/strong> 5%, nodro\u0161inot vienm\u0113r\u012bgu un apmierino\u0161u pieredzi.<\/li>\n<li><strong>Akumulators:<\/strong> 850mAh uzl\u0101d\u0113jams akumulators ar C tipa \u0101tru uzl\u0101di.<\/li>\n<li><strong>Tvaic\u0113\u0161anas re\u017e\u012bmi:<\/strong>\n<ul>\n<li>Norm\u0101ls re\u017e\u012bms: l\u012bdz 30 000 tvaic\u0113\u0161anas rei\u017eu.<\/li>\n<li>Jaudas re\u017e\u012bms: l\u012bdz 15 000 tvaic\u0113\u0161anas rei\u017eu.<\/li>\n<\/ul>\n<\/li>\n<li><strong>Darb\u012bba:<\/strong> \u0112rta s\u0101nu pogu vad\u012bba jaudai un regul\u0113\u0161anai.<\/li>\n<li><strong>Uzl\u0101des ports:<\/strong> C tips \u0101trai un efekt\u012bvai uzl\u0101dei.<\/li>\n<li><strong>Papildu funkcijas:<\/strong>\n<ul>\n<li>Bluetooth savienojums.<\/li>\n<li>Kust\u012bbas re\u017e\u012bms uzlabotai funkcionalit\u0101tei.<\/li>\n<li>Piel\u0101gojami tvaic\u0113\u0161anas iestat\u012bjumi.<\/li>\n<\/ul>\n<\/li>\n<li><strong>Dizains:<\/strong> Gluds, iztur\u012bgs un ce\u013cojumiem draudz\u012bgs dizains.<\/li>\n<\/ul>\n<h3>Vookbar 30000 Puffs Vape Pods Gar\u0161a<\/h3>\n<p>1.Zil\u0101 ave\u0146u ledus<br \/>\n2.Persiku ledus<br \/>\n3.V\u012bnogu ledus<br \/>\n4.Zeme\u0146u arb\u016bzs<br \/>\n5.Zeme\u0146u ban\u0101ns<br \/>\n6.\u0136ir\u0161u arb\u016bzs<br \/>\n7. Arb\u016bzu ledus<br \/>\n8.Persiku mango<br \/>\n9.Zeme\u0146u kivi<br \/>\n10.Balto zeme\u0146u ledus<br \/>\n11.Baltais gumijas l\u0101\u010du ledus<br \/>\n12.Sald\u0113ta pinacolada<br \/>\n13. S\u016bdi for\u0161i<br \/>\n14.Mohito ar jaukt\u0101m og\u0101m<\/p>\n<p><a href=\"https:\/\/vapebulkp.com\/lv\/product\/jnr-vape-mega-box-25000-puff-discount-price-vape-pods\/\"><span style=\"vertical-align: inherit\">JNR VAPE Mega Box 25000 Uzp\u016bteni <\/span><\/a><\/p>\n<p><span style=\"vertical-align: inherit\">Atrast vair\u0101k produktu, kas jums var\u0113tu patikt:<\/span><em><a href=\"https:\/\/wa.me\/8618077105796\"><span style=\"vertical-align: inherit\">\u00a0Pirkt tagad<\/span><\/a><\/em><\/p>\n<p><span style=\"vertical-align: inherit\">Citas dvesmas, kas jums var\u0113tu patikt:<\/span><a href=\"https:\/\/vapebulkp.com\/lv\/product\/waspe-vape-40000-puff-fihp-double-flavour-disposable-vape\/\"><span style=\"vertical-align: inherit\">WASPE FIHP 40000 dvesu<\/span><\/a><span style=\"vertical-align: inherit\">\u3001<\/span><a href=\"https:\/\/vapebulkp.com\/lv\/product\/wholesale-randm-tornado-9000-puffs-germany\/\"><span style=\"vertical-align: inherit\">RandM 9000 dvesmas<\/span><\/a><span style=\"vertical-align: inherit\">\/ <\/span><a href=\"https:\/\/vapebulkp.com\/lv\/fi\/product\/bang-30k-puffs-new-double-taste-good-vape\/\"><span style=\"vertical-align: inherit\">Bang Vape 30000 dvesu<\/span><\/a><span style=\"vertical-align: inherit\">\/ <\/span><a href=\"https:\/\/vapebulkp.com\/lv\/product\/jnr-alien-10000-puffs-randm-vape-wholesale-price\/\"><span style=\"vertical-align: inherit\">JNR VAPE Alien 10000 uzp\u016btienu<\/span><\/a><\/p>\n<p>&nbsp;<\/p>\n<p>&nbsp;<\/p>\n<h3><strong>Bie\u017ei uzdotie jaut\u0101jumi par Top P\u0101rdo\u0161anas Vape <\/strong>Vookbar 30000 dvesmas<\/h3>\n<p><strong>1. Cik dvesin\u0101jumus es varu ieg\u016bt no Vookbar Vape 30 000 dvesin\u0101jumu?<\/strong><\/p>\n<ul>\n<li>Vookbar pied\u0101v\u0101 l\u012bdz pat <strong>30 000 dvesmu<\/strong> in <strong>Norm\u0101lais re\u017e\u012bms<\/strong> un <strong>15 000 dvesmas<\/strong> in <strong>Jaudas re\u017e\u012bms<\/strong>, nodro\u0161inot ilgsto\u0161u lieto\u0161anu.<\/li>\n<\/ul>\n<p><strong>2. K\u0101ds ir Vookbar 30 000 dvesin\u0101jumu nikot\u012bna stiprums?<\/strong><\/p>\n<ul>\n<li>Ier\u012bce satur <strong>5% nikot\u012bna s\u0101ls<\/strong>, nodro\u0161inot maigu un apmierino\u0161u tvaiku ar katru vilcienu.<\/li>\n<\/ul>\n<p><strong>3. Cik ilgi darbojas Vookbar akumulators?<\/strong><\/p>\n<ul>\n<li>Ar <strong>850mAh uzl\u0101d\u0113jams akumulators<\/strong> un <strong>C tipa \u0101tr\u0101 uzl\u0101de<\/strong>, Vookbar nodro\u0161ina uzticamu jaudu un \u0101tru uzl\u0101di nep\u0101rtrauktai lieto\u0161anai.<\/li>\n<\/ul>\n<p><strong>4. K\u0101da veida spir\u0101le tiek izmantota Vookbar 30 000 uzp\u016btienu ier\u012bc\u0113?<\/strong><\/p>\n<ul>\n<li>Ier\u012bce ir apr\u012bkota ar <strong>dubult\u0101 sieta spole<\/strong>, nodro\u0161inot bag\u0101t\u012bgu gar\u0161u un bl\u012bvus tvaikus ar katru uzp\u016btienu.<\/li>\n<\/ul>\n<p><strong>5. Vai es varu piel\u0101got iestat\u012bjumus Vookbar 30 000 uzp\u016btienu ier\u012bc\u0113?<\/strong><\/p>\n<ul>\n<li>J\u0101, ier\u012bcei ir <strong>2,01 collu sk\u0101rienekr\u0101nu<\/strong>, kas \u013cauj viegli piel\u0101got iestat\u012bjumus un kontrol\u0113t savu veipo\u0161anas pieredzi.<\/li>\n<\/ul>\n<h3>Pieg\u0101des deta\u013cas:<\/h3>\n<p><span style=\"color: #ff6600\">Ra\u017eo\u0161anas laiks: 5-10 darba dienas<\/span><br \/>\n<span style=\"color: #ff6600\">Pieg\u0101des laiks: 8-14 darba dienas<\/span><\/p>\n<p>Visi produkti m\u016bsu veikal\u0101 ir 100% ori\u0123in\u0101li un autentiski, t\u0101p\u0113c desmitk\u0101rt\u012bga kompens\u0101cija par viltot\u0101m prec\u0113m ir m\u016bsu veikala politika. M\u0113s izmantojam t\u0101dus lo\u0123istikas kan\u0101lus k\u0101 UPS\/DHL\/FEDEX\/DPD, lai pieg\u0101d\u0101tu preces jums.<\/p>\n<p>Paci\u0146\u0101m, kas tiek s\u016bt\u012btas uz Latviju, parasti nepiecie\u0161amas 10 darba dienas, lai t\u0101s sa\u0146emtu. S\u016bt\u012bjumiem uz Eiropas valst\u012bm parasti nepiecie\u0161amas 12 l\u012bdz 15 darba dienas, lai t\u0101s sa\u0146emtu. M\u0113s atjaunin\u0101sim lo\u0123istikas inform\u0101ciju jums re\u0101llaik\u0101.<\/p>","protected":false},"excerpt":{"rendered":"<p>Vookbar 30000 Puffs sk\u0101rienekr\u0101na vienreiz\u0113j\u0101s lieto\u0161anas tvaiki par vairumtirdzniec\u012bbas cen\u0101m. Ilgsto\u0161s, augstas kvalit\u0101tes un novatorisks tvaic\u0113\u0161anas risin\u0101jums. Pieejami lieli pas\u016bt\u012bjumi.<\/p>\n<p>L\u016bdzu, sazinieties ar Mandijas WhatsApp, lai sa\u0146emtu atlaides cenu<a href=\"https:\/\/wa.me\/8618077105796\">+8618077105796<\/a><\/p>\n<p>&nbsp;<\/p>\n<p><img decoding=\"async\" class=\"alignnone wp-image-2151\" src=\"http:\/\/vapebulkp.com\/wp-content\/uploads\/2024\/04\/Mandy-WhatsApp-Randm.jpg\" alt=\"Mandy WhatsApp Randi\" width=\"297\" height=\"316\" srcset=\"https:\/\/vapebulkp.com\/wp-content\/uploads\/2024\/04\/Mandy-WhatsApp-Randm.jpg 916w, https:\/\/vapebulkp.com\/wp-content\/uploads\/2024\/04\/Mandy-WhatsApp-Randm-282x300.jpg 282w, https:\/\/vapebulkp.com\/wp-content\/uploads\/2024\/04\/Mandy-WhatsApp-Randm-768x817.jpg 768w, https:\/\/vapebulkp.com\/wp-content\/uploads\/2024\/04\/Mandy-WhatsApp-Randm-600x638.jpg 600w\" sizes=\"(max-width: 297px) 100vw, 297px\" \/><\/p>\n<p><span style=\"color: #ff0000\">PIEZ\u012aME: Cenas m\u016bsu t\u012bmek\u013ca vietn\u0113 neietver pieg\u0101des izmaksas<\/span><\/p>\n<p>&nbsp;<\/p>","protected":false},"featured_media":3266,"comment_status":"open","ping_status":"closed","template":"","meta":{"_uag_custom_page_level_css":"","_lmt_disableupdate":"no","_lmt_disable":"","site-sidebar-layout":"default","site-content-layout":"content-boxed-container","ast-site-content-layout":"normal-width-container","site-content-style":"boxed","site-sidebar-style":"unboxed","ast-global-header-display":"","ast-banner-title-visibility":"","ast-main-header-display":"","ast-hfb-above-header-display":"","ast-hfb-below-header-display":"","ast-hfb-mobile-header-display":"","site-post-title":"","ast-breadcrumbs-content":"","ast-featured-img":"","footer-sml-layout":"","theme-transparent-header-meta":"default","adv-header-id-meta":"","stick-header-meta":"","header-above-stick-meta":"","header-main-stick-meta":"","header-below-stick-meta":"","astra-migrate-meta-layouts":"set","_joinchat":[]},"product_cat":[160,153,155,33,59,100,87,34,158,157,154,152,58,84,156,63,32],"product_tag":[36,37,41,40,193],"class_list":["post-3268","product","type-product","status-publish","has-post-thumbnail","hentry","product_cat-30000-puff-disposable-vape","product_cat-hot-disposable-vapes","product_cat-belgium-hot-disposable-vapes","product_cat-france-vape-hot-sale","product_cat-germany-hot-disposable-vape","product_cat-germany-wholesale-vape-shop","product_cat-minimum-order-quantity-50pcs","product_cat-netherlands-vape-good-sale","product_cat-norway-hot-disposable-vapes","product_cat-poland-hot-disposable-vapes","product_cat-portugal-hot-disposable-vapes","product_cat-spain-hot-disposable-vapes","product_cat-sweden-hot-disposable-vape","product_cat-sweden-wholesale-vape","product_cat-switzerland-hot-disposable-vapes","product_cat-top-sale-disposable-vape","product_cat-vape-hot-sale-this-week","product_tag-good-vape","product_tag-hot-sale-disposable-vape","product_tag-poland-hot-vape","product_tag-sweden-hot-vape","product_tag-vookbar-30000-puffs","desktop-align-left","tablet-align-left","mobile-align-left"],"yoast_head":"<!-- This site is optimized with the Yoast SEO plugin v21.1 - https:\/\/yoast.com\/wordpress\/plugins\/seo\/ -->\n<title>Vookbar 30000 Puffs Touch Screen Disposable Vapes Wholesale Price - vapebulkp.com<\/title>\n<meta name=\"description\" content=\"Shop Vookbar 30000 Puffs Touch Screen Disposable Vapes at wholesale prices. High-capacity, sleek design, and advanced features for premium vaping.\" \/>\n<meta name=\"robots\" content=\"index, follow, max-snippet:-1, max-image-preview:large, max-video-preview:-1\" \/>\n<link rel=\"canonical\" href=\"https:\/\/vapebulkp.com\/lv\/product\/vookbar-30000-puffs-touch-screen-disposable-vapes-wholesale-price\/\" \/>\n<meta property=\"og:locale\" content=\"lv_LV\" \/>\n<meta property=\"og:type\" content=\"article\" \/>\n<meta property=\"og:title\" content=\"Vookbar 30000 Puffs Touch Screen Disposable Vapes Wholesale Price - vapebulkp.com\" \/>\n<meta property=\"og:description\" content=\"Shop Vookbar 30000 Puffs Touch Screen Disposable Vapes at wholesale prices. High-capacity, sleek design, and advanced features for premium vaping.\" \/>\n<meta property=\"og:url\" content=\"https:\/\/vapebulkp.com\/lv\/product\/vookbar-30000-puffs-touch-screen-disposable-vapes-wholesale-price\/\" \/>\n<meta property=\"og:site_name\" content=\"vapebulkp.com\" \/>\n<meta property=\"article:modified_time\" content=\"2025-09-03T03:31:08+00:00\" \/>\n<meta property=\"og:image\" content=\"http:\/\/vapebulkp.com\/wp-content\/uploads\/2024\/12\/Vookbar-30000-Puffs-Top-Sale-Vape.png\" \/>\n\t<meta property=\"og:image:width\" content=\"800\" \/>\n\t<meta property=\"og:image:height\" content=\"800\" \/>\n\t<meta property=\"og:image:type\" content=\"image\/png\" \/>\n<meta name=\"twitter:card\" content=\"summary_large_image\" \/>\n<meta name=\"twitter:label1\" content=\"Est. reading time\" \/>\n\t<meta name=\"twitter:data1\" content=\"4 min\u016btes\" \/>\n<script type=\"application\/ld+json\" class=\"yoast-schema-graph\">{\"@context\":\"https:\/\/schema.org\",\"@graph\":[{\"@type\":\"WebPage\",\"@id\":\"https:\/\/vapebulkp.com\/product\/vookbar-30000-puffs-touch-screen-disposable-vapes-wholesale-price\/\",\"url\":\"https:\/\/vapebulkp.com\/product\/vookbar-30000-puffs-touch-screen-disposable-vapes-wholesale-price\/\",\"name\":\"Vookbar 30000 Puffs Touch Screen Disposable Vapes Wholesale Price - vapebulkp.com\",\"isPartOf\":{\"@id\":\"https:\/\/vapebulkp.com\/#website\"},\"datePublished\":\"2024-12-20T08:24:34+00:00\",\"dateModified\":\"2025-09-03T03:31:08+00:00\",\"description\":\"Shop Vookbar 30000 Puffs Touch Screen Disposable Vapes at wholesale prices. High-capacity, sleek design, and advanced features for premium vaping.\",\"breadcrumb\":{\"@id\":\"https:\/\/vapebulkp.com\/product\/vookbar-30000-puffs-touch-screen-disposable-vapes-wholesale-price\/#breadcrumb\"},\"inLanguage\":\"lv-LV\",\"potentialAction\":[{\"@type\":\"ReadAction\",\"target\":[\"https:\/\/vapebulkp.com\/product\/vookbar-30000-puffs-touch-screen-disposable-vapes-wholesale-price\/\"]}]},{\"@type\":\"BreadcrumbList\",\"@id\":\"https:\/\/vapebulkp.com\/product\/vookbar-30000-puffs-touch-screen-disposable-vapes-wholesale-price\/#breadcrumb\",\"itemListElement\":[{\"@type\":\"ListItem\",\"position\":1,\"name\":\"Home\",\"item\":\"https:\/\/vapebulkp.com\/\"},{\"@type\":\"ListItem\",\"position\":2,\"name\":\"Hot Trend Vapes\",\"item\":\"https:\/\/vapebulkp.com\/vape-shop\/\"},{\"@type\":\"ListItem\",\"position\":3,\"name\":\"Vookbar 30000 Puffs Touch Screen Disposable Vapes Wholesale Price\"}]},{\"@type\":\"WebSite\",\"@id\":\"https:\/\/vapebulkp.com\/#website\",\"url\":\"https:\/\/vapebulkp.com\/\",\"name\":\"vapebulkp.com\",\"description\":\"Buy Vape In Cheap Bulk Price Near you\",\"publisher\":{\"@id\":\"https:\/\/vapebulkp.com\/#organization\"},\"potentialAction\":[{\"@type\":\"SearchAction\",\"target\":{\"@type\":\"EntryPoint\",\"urlTemplate\":\"https:\/\/vapebulkp.com\/?s={search_term_string}\"},\"query-input\":\"required name=search_term_string\"}],\"inLanguage\":\"lv-LV\"},{\"@type\":\"Organization\",\"@id\":\"https:\/\/vapebulkp.com\/#organization\",\"name\":\"vapebulkp.com\",\"url\":\"https:\/\/vapebulkp.com\/\",\"logo\":{\"@type\":\"ImageObject\",\"inLanguage\":\"lv-LV\",\"@id\":\"https:\/\/vapebulkp.com\/#\/schema\/logo\/image\/\",\"url\":\"https:\/\/vapebulkp.com\/wp-content\/uploads\/2023\/09\/cropped-vapebulkp.png\",\"contentUrl\":\"https:\/\/vapebulkp.com\/wp-content\/uploads\/2023\/09\/cropped-vapebulkp.png\",\"width\":516,\"height\":163,\"caption\":\"vapebulkp.com\"},\"image\":{\"@id\":\"https:\/\/vapebulkp.com\/#\/schema\/logo\/image\/\"}}]}<\/script>\n<!-- \/ Yoast SEO plugin. -->","yoast_head_json":{"title":"Vookbar 30000 Puffs Touch Screen Disposable Vapes Wholesale Price - vapebulkp.com","description":"Shop Vookbar 30000 Puffs Touch Screen Disposable Vapes at wholesale prices. High-capacity, sleek design, and advanced features for premium vaping.","robots":{"index":"index","follow":"follow","max-snippet":"max-snippet:-1","max-image-preview":"max-image-preview:large","max-video-preview":"max-video-preview:-1"},"canonical":"https:\/\/vapebulkp.com\/lv\/product\/vookbar-30000-puffs-touch-screen-disposable-vapes-wholesale-price\/","og_locale":"lv_LV","og_type":"article","og_title":"Vookbar 30000 Puffs Touch Screen Disposable Vapes Wholesale Price - vapebulkp.com","og_description":"Shop Vookbar 30000 Puffs Touch Screen Disposable Vapes at wholesale prices. High-capacity, sleek design, and advanced features for premium vaping.","og_url":"https:\/\/vapebulkp.com\/lv\/product\/vookbar-30000-puffs-touch-screen-disposable-vapes-wholesale-price\/","og_site_name":"vapebulkp.com","article_modified_time":"2025-09-03T03:31:08+00:00","og_image":[{"width":800,"height":800,"url":"http:\/\/vapebulkp.com\/wp-content\/uploads\/2024\/12\/Vookbar-30000-Puffs-Top-Sale-Vape.png","type":"image\/png"}],"twitter_card":"summary_large_image","twitter_misc":{"Est. reading time":"4 min\u016btes"},"schema":{"@context":"https:\/\/schema.org","@graph":[{"@type":"WebPage","@id":"https:\/\/vapebulkp.com\/product\/vookbar-30000-puffs-touch-screen-disposable-vapes-wholesale-price\/","url":"https:\/\/vapebulkp.com\/product\/vookbar-30000-puffs-touch-screen-disposable-vapes-wholesale-price\/","name":"Vookbar 30000 Puffs Touch Screen Disposable Vapes Wholesale Price - vapebulkp.com","isPartOf":{"@id":"https:\/\/vapebulkp.com\/#website"},"datePublished":"2024-12-20T08:24:34+00:00","dateModified":"2025-09-03T03:31:08+00:00","description":"Shop Vookbar 30000 Puffs Touch Screen Disposable Vapes at wholesale prices. High-capacity, sleek design, and advanced features for premium vaping.","breadcrumb":{"@id":"https:\/\/vapebulkp.com\/product\/vookbar-30000-puffs-touch-screen-disposable-vapes-wholesale-price\/#breadcrumb"},"inLanguage":"lv-LV","potentialAction":[{"@type":"ReadAction","target":["https:\/\/vapebulkp.com\/product\/vookbar-30000-puffs-touch-screen-disposable-vapes-wholesale-price\/"]}]},{"@type":"BreadcrumbList","@id":"https:\/\/vapebulkp.com\/product\/vookbar-30000-puffs-touch-screen-disposable-vapes-wholesale-price\/#breadcrumb","itemListElement":[{"@type":"ListItem","position":1,"name":"Home","item":"https:\/\/vapebulkp.com\/"},{"@type":"ListItem","position":2,"name":"Hot Trend Vapes","item":"https:\/\/vapebulkp.com\/vape-shop\/"},{"@type":"ListItem","position":3,"name":"Vookbar 30000 Puffs Touch Screen Disposable Vapes Wholesale Price"}]},{"@type":"WebSite","@id":"https:\/\/vapebulkp.com\/#website","url":"https:\/\/vapebulkp.com\/","name":"vapebulkp.com","description":"Buy Vape In Cheap Bulk Price Near you","publisher":{"@id":"https:\/\/vapebulkp.com\/#organization"},"potentialAction":[{"@type":"SearchAction","target":{"@type":"EntryPoint","urlTemplate":"https:\/\/vapebulkp.com\/?s={search_term_string}"},"query-input":"required name=search_term_string"}],"inLanguage":"lv-LV"},{"@type":"Organization","@id":"https:\/\/vapebulkp.com\/#organization","name":"vapebulkp.com","url":"https:\/\/vapebulkp.com\/","logo":{"@type":"ImageObject","inLanguage":"lv-LV","@id":"https:\/\/vapebulkp.com\/#\/schema\/logo\/image\/","url":"https:\/\/vapebulkp.com\/wp-content\/uploads\/2023\/09\/cropped-vapebulkp.png","contentUrl":"https:\/\/vapebulkp.com\/wp-content\/uploads\/2023\/09\/cropped-vapebulkp.png","width":516,"height":163,"caption":"vapebulkp.com"},"image":{"@id":"https:\/\/vapebulkp.com\/#\/schema\/logo\/image\/"}}]}},"uagb_featured_image_src":{"full":["https:\/\/vapebulkp.com\/wp-content\/uploads\/2024\/12\/Vookbar-30000-Puffs-Top-Sale-Vape.png",800,800,false],"thumbnail":["https:\/\/vapebulkp.com\/wp-content\/uploads\/2024\/12\/Vookbar-30000-Puffs-Top-Sale-Vape-150x150.png",150,150,true],"medium":["https:\/\/vapebulkp.com\/wp-content\/uploads\/2024\/12\/Vookbar-30000-Puffs-Top-Sale-Vape-300x300.png",300,300,true],"medium_large":["https:\/\/vapebulkp.com\/wp-content\/uploads\/2024\/12\/Vookbar-30000-Puffs-Top-Sale-Vape-768x768.png",768,768,true],"large":["https:\/\/vapebulkp.com\/wp-content\/uploads\/2024\/12\/Vookbar-30000-Puffs-Top-Sale-Vape.png",800,800,false],"1536x1536":["https:\/\/vapebulkp.com\/wp-content\/uploads\/2024\/12\/Vookbar-30000-Puffs-Top-Sale-Vape.png",800,800,false],"2048x2048":["https:\/\/vapebulkp.com\/wp-content\/uploads\/2024\/12\/Vookbar-30000-Puffs-Top-Sale-Vape.png",800,800,false],"trp-custom-language-flag":["https:\/\/vapebulkp.com\/wp-content\/uploads\/2024\/12\/Vookbar-30000-Puffs-Top-Sale-Vape.png",12,12,false],"woocommerce_thumbnail":["https:\/\/vapebulkp.com\/wp-content\/uploads\/2024\/12\/Vookbar-30000-Puffs-Top-Sale-Vape-300x300.png",300,300,true],"woocommerce_single":["https:\/\/vapebulkp.com\/wp-content\/uploads\/2024\/12\/Vookbar-30000-Puffs-Top-Sale-Vape-600x600.png",600,600,true],"woocommerce_gallery_thumbnail":["https:\/\/vapebulkp.com\/wp-content\/uploads\/2024\/12\/Vookbar-30000-Puffs-Top-Sale-Vape-100x100.png",100,100,true],"wcpr-photo-reviews":["https:\/\/vapebulkp.com\/wp-content\/uploads\/2024\/12\/Vookbar-30000-Puffs-Top-Sale-Vape.png",500,500,false]},"uagb_author_info":{"display_name":"Mandy vape bulk price","author_link":"https:\/\/vapebulkp.com\/lv\/author\/"},"uagb_comment_info":0,"uagb_excerpt":"Vookbar 30000 Puffs Touch Screen Disposable Vapes at wholesale prices. Long-lasting, high-quality, and innovative vaping solution. Bulk orders available. Pls Contact Mandy's WhatsApp For Discount Price+8618077105796 &nbsp; NOTE: Prices on our website does not include shipping costs &nbsp;","_links":{"self":[{"href":"https:\/\/vapebulkp.com\/lv\/wp-json\/wp\/v2\/product\/3268","targetHints":{"allow":["GET"]}}],"collection":[{"href":"https:\/\/vapebulkp.com\/lv\/wp-json\/wp\/v2\/product"}],"about":[{"href":"https:\/\/vapebulkp.com\/lv\/wp-json\/wp\/v2\/types\/product"}],"replies":[{"embeddable":true,"href":"https:\/\/vapebulkp.com\/lv\/wp-json\/wp\/v2\/comments?post=3268"}],"wp:featuredmedia":[{"embeddable":true,"href":"https:\/\/vapebulkp.com\/lv\/wp-json\/wp\/v2\/media\/3266"}],"wp:attachment":[{"href":"https:\/\/vapebulkp.com\/lv\/wp-json\/wp\/v2\/media?parent=3268"}],"wp:term":[{"taxonomy":"product_cat","embeddable":true,"href":"https:\/\/vapebulkp.com\/lv\/wp-json\/wp\/v2\/product_cat?post=3268"},{"taxonomy":"product_tag","embeddable":true,"href":"https:\/\/vapebulkp.com\/lv\/wp-json\/wp\/v2\/product_tag?post=3268"}],"curies":[{"name":"wp","href":"https:\/\/api.w.org\/{rel}","templated":true}]}}