{"id":3277,"date":"2024-12-24T08:52:32","date_gmt":"2024-12-24T07:52:32","guid":{"rendered":"https:\/\/vapebulkp.com\/?post_type=product&#038;p=3277"},"modified":"2025-09-17T10:32:16","modified_gmt":"2025-09-17T08:32:16","slug":"bang-box-35000-puffs-touch-switch-digital-screen-rechargeable-vape","status":"publish","type":"product","link":"https:\/\/vapebulkp.com\/lv\/product\/bang-box-35000-puffs-touch-switch-digital-screen-rechargeable-vape\/","title":{"rendered":"Bang Box 35000 Puffs sk\u0101rienjut\u012bgs sl\u0113dzis digit\u0101lais ekr\u0101ns atk\u0101rtoti uzl\u0101d\u0113jams vape"},"content":{"rendered":"<h2 style=\"text-align: left\">Bang Box 35000 Puffs sk\u0101rienjut\u012bgs sl\u0113dzis digit\u0101lais ekr\u0101ns atk\u0101rtoti uzl\u0101d\u0113jams vape<\/h2>\n<p>Tas <strong>Bang Box 35 000 Pufi sk\u0101rienjut\u012bgs digit\u0101lais ekr\u0101ns Vape<\/strong> ir izstr\u0101d\u0101ts augst\u0101k\u0101s klases veiktsp\u0113jai un \u0113rt\u012bbai. Paredz\u0113ts ilgsto\u0161ai lieto\u0161anai, tas lepojas ar neticamiem <strong>35 000 pufiem<\/strong> un ietilp\u012bgu <strong>23 ml iepriek\u0161 uzpild\u012bta e-\u0161\u0137idruma ietilp\u012bbu<\/strong>. Ar <strong>0%, 2%, 3% un 5% nikot\u012bna s\u0101ls iesp\u0113j\u0101m<\/strong>, tas apmierina da\u017e\u0101das iztvaic\u0113\u0161anas v\u0113lmes.<\/p>\n<p>Darbin\u0101ms ar <strong>950mAh t\u012bra kobalta akumulators<\/strong> ar <strong>5A izl\u0101de<\/strong>, \u0161\u012b ier\u012bce nodro\u0161ina stabilu un uzticamu veiktsp\u0113ju. Uzlabotais <strong>dubultais sild\u012b\u0161anas sieta vads (0,8\u03a9)<\/strong> nodro\u0161ina izcilu gar\u0161u un tvaiku, darbinot regul\u0113jam\u0101 diapazon\u0101 no <strong>15W l\u012bdz 25W<\/strong>.<\/p>\n<p>Pastiprin\u0101ts ar <strong>regul\u0113jamu gaisa pl\u016bsmu<\/strong>, tas \u013cauj lietot\u0101jiem piel\u0101got savu iztvaic\u0113\u0161anas pieredzi optim\u0101lai apmierin\u0101\u0161anai. Tas <strong>dubultie digit\u0101lie ekr\u0101ni<\/strong> un <strong>sk\u0101rienjut\u012bgi vad\u012bbas elementi<\/strong> viegli p\u0101rsl\u0113gties starp iestat\u012bjumiem, tostarp <strong>jaudas re\u017e\u012bmi<\/strong> un <strong>gaisa pl\u016bsmas regul\u0113\u0161ana<\/strong>.<\/p>\n<p>Tas <strong>Bumbas kaste <a href=\"https:\/\/vapebulkp.com\/lv\/product-category\/35000-puffs-disposable-vape\/\">35000 d\u016bmu vienreiz\u0113j\u0101s lieto\u0161anas elektronisk\u0101 cigarete<\/a><\/strong>\u00a0ir elegants, ce\u013cojumiem piem\u0113rots vape, kas apvieno jaun\u0101k\u0101s tehnolo\u0123ijas, lielu ietilp\u012bbu un piel\u0101gojamas funkcijas, padarot to ide\u0101li piem\u0113rotu gan soci\u0101l\u0101m situ\u0101cij\u0101m, gan ikdienas iztvaiko\u0161anai.<\/p>\n<p><img decoding=\"async\" class=\"wp-image-3272\" src=\"http:\/\/vapebulkp.com\/wp-content\/uploads\/2024\/12\/Bang-Box-Vapes-35000-puff-Hot-Sale-Germany.png\" alt=\"Bang Box Vapes 35000 dvesmu popul\u0101rs Latvij\u0101\" width=\"707\" height=\"398\" srcset=\"https:\/\/vapebulkp.com\/wp-content\/uploads\/2024\/12\/Bang-Box-Vapes-35000-puff-Hot-Sale-Germany.png 1240w, https:\/\/vapebulkp.com\/wp-content\/uploads\/2024\/12\/Bang-Box-Vapes-35000-puff-Hot-Sale-Germany-300x169.png 300w, https:\/\/vapebulkp.com\/wp-content\/uploads\/2024\/12\/Bang-Box-Vapes-35000-puff-Hot-Sale-Germany-1024x576.png 1024w, https:\/\/vapebulkp.com\/wp-content\/uploads\/2024\/12\/Bang-Box-Vapes-35000-puff-Hot-Sale-Germany-768x432.png 768w, https:\/\/vapebulkp.com\/wp-content\/uploads\/2024\/12\/Bang-Box-Vapes-35000-puff-Hot-Sale-Germany-600x338.png 600w\" sizes=\"(max-width: 707px) 100vw, 707px\" \/><\/p>\n<h6>L\u016bdzu, sazinieties ar Mandijas WhatsApp, lai sa\u0146emtu atlaides cenu<a href=\"https:\/\/wa.me\/8618077105796\">+8618077105796<\/a><\/h6>\n<p><img decoding=\"async\" class=\"alignnone wp-image-2151\" src=\"http:\/\/vapebulkp.com\/wp-content\/uploads\/2024\/04\/Mandy-WhatsApp-Randm.jpg\" alt=\"Mandy WhatsApp Randi\" width=\"324\" height=\"330\" \/><\/p>\n<div class=\"flex max-w-full flex-col flex-grow\">\n<div class=\"min-h-8 text-message flex w-full flex-col items-end gap-2 whitespace-normal break-words text-start [.text-message+&amp;]:mt-5\" dir=\"auto\" data-message-author-role=\"assistant\" data-message-id=\"d24cf626-c018-4805-80f5-44de047f2ba0\" data-message-model-slug=\"gpt-4o\">\n<div class=\"flex w-full flex-col gap-1 empty:hidden first:pt-[3px]\">\n<div class=\"markdown prose w-full break-words dark:prose-invert light\">\n<h2>K\u0101p\u0113c izv\u0113l\u0113ties Bang Box 35 000 P\u016btu Vape Podus vietn\u0113 Vapebulkp.com?<\/h2>\n<ul>\n<li><strong>Nep\u0101rsp\u0113jama ietilp\u012bba<\/strong>: Izbaudiet vair\u0101k nek\u0101 <strong>35 000 pufiem<\/strong> ar ietilp\u012bgu <strong>23 ml iepriek\u0161 uzpild\u012btu e-\u0161\u0137idruma<\/strong> kasetni un <strong>regul\u0113jamu gaisa pl\u016bsmu<\/strong>, nodro\u0161inot vienm\u0113r\u012bgu un piel\u0101gojamu iztvaiko\u0161anas sesiju, kas atbilst j\u016bsu v\u0113lm\u0113m.<\/li>\n<li><strong>Uzlabota tehnolo\u0123ija<\/strong>: Apr\u012bkots ar <strong>950mAh t\u012bra kobalta akumulators<\/strong> atbalstot <strong>5A izl\u0101de<\/strong>, kop\u0101 ar <strong>dubultu sieta serdi (0,8 \u03a9)<\/strong> sild\u012b\u0161anas sist\u0113mu. \u0160\u012b kombin\u0101cija nodro\u0161ina izcilu gar\u0161u un tvaiku izvad\u012b\u0161anu ar regul\u0113jamu jaudas diapazonu no <strong>15W-25W<\/strong>.<\/li>\n<li><strong>Lietot\u0101jam draudz\u012bgs dizains<\/strong>: Kompakts, p\u0101rn\u0113s\u0101jams un stil\u012bgs, \u0161\u012b ier\u012bce pied\u0101v\u0101 <strong>C tipa \u0101tr\u0101 uzl\u0101de<\/strong> maksim\u0101lam \u0113rt\u012bbai, padarot to ide\u0101li piem\u0113rotu gan ce\u013c\u0101, gan ikdienas iztvaiko\u0161anas vajadz\u012bb\u0101m.<\/li>\n<li><strong>Vapebulkp.com priek\u0161roc\u012bbas<\/strong>: Izbaudiet autentiskus produktus, kas ieg\u016bti tie\u0161i no uzticamiem ra\u017eot\u0101jiem, <strong>konkur\u0113tsp\u0113j\u012bgas cenas<\/strong>, un <strong>\u0101tra pieg\u0101de vis\u0101 Latvij\u0101<\/strong>, nodro\u0161inot nevainojamu iepirk\u0161an\u0101s pieredzi.<\/li>\n<\/ul>\n<p>Bang Box 35k Puffs ir augst\u0101k\u0101s klases izv\u0113le vaperiem, kuri mekl\u0113 lielu ietilp\u012bbu, uzlabotu veiktsp\u0113ju un uzticamu kvalit\u0101ti \u2014 viss pieejams vietn\u0113 <strong>Vapebulkp.com<\/strong>.<\/p>\n<\/div>\n<\/div>\n<\/div>\n<\/div>\n<h2>Bang Vape 35k Puffs specifik\u0101cijas<\/h2>\n<ul>\n<li><strong>P\u016btieni<\/strong>: 35,000+<\/li>\n<li><strong>E-\u0161\u0137idruma ietilp\u012bba<\/strong>: 23ml iepriek\u0161 uzpild\u012bta kasetne<\/li>\n<li><strong>Nikot\u012bna opcijas<\/strong>: 0%, 2%, 3%, 5% nikot\u012bna s\u0101ls<\/li>\n<li><strong>Akumulators<\/strong>: 950mAh, Type-C uzl\u0101d\u0113jams<\/li>\n<li><strong>Sild\u012b\u0161anas spoles<\/strong>: Dubult\u0101s sild\u012b\u0161anas stieples sieta kodols (0.8\u03a9)<\/li>\n<li><strong>Ekr\u0101ni<\/strong>: Divi digit\u0101lie ekr\u0101ni ar sk\u0101rienkontrol\u0113m<\/li>\n<li><strong>Gaisa pl\u016bsma<\/strong>: 3 re\u017e\u012bmu regul\u0113jama gaisa pl\u016bsma<\/li>\n<li><strong>Jaudas re\u017e\u012bmi<\/strong>: 2 re\u017e\u012bmu jaudas p\u0101rsl\u0113g\u0161ana<\/li>\n<li><strong>Papildu funkcijas<\/strong>: Regul\u0113jama gaisa pl\u016bsma, kompakts dizains, lietot\u0101jam draudz\u012bgs interfeiss<\/li>\n<\/ul>\n<h2><strong>Vape Bang Box 35000 Puffs gar\u0161u saraksts<\/strong><\/h2>\n<p>1.ZEME\u0145U KIVI<br \/>\n2.ZIL\u0100 AVE\u0145U LEDUS<br \/>\n3.ZEME\u0145U ARB\u016aZS<br \/>\n4.PASIFLORAS AUG\u013bI<br \/>\n5.CITRONU KOLAS SODA<br \/>\n6.ARB\u016aZA LEDUS<br \/>\n7.ARB\u016aZA BUBBLE GUM<br \/>\n8.KIVI PASIFLORAS GVAJAVE<br \/>\n9.MELLENE UZ LEDUS<br \/>\n10.ARB\u016aZA \u0136IR\u0160I<br \/>\n11. RED BULL<br \/>\n12.MINT GREIPFR\u016aTS<\/p>\n<p><a href=\"https:\/\/vapebulkp.com\/lv\/product\/uzy-triple-60000-puffs-smart-vape-wholesale-3-in-1-flavor\/\"><span style=\"vertical-align: inherit\">UZY Triple 60000 dvesmas <\/span><\/a><\/p>\n<p><span style=\"vertical-align: inherit\">Atrast vair\u0101k produktu, kas jums var\u0113tu patikt:<\/span><em><a href=\"https:\/\/wa.me\/8618077105796\"><span style=\"vertical-align: inherit\">\u00a0Pirkt tagad<\/span><\/a><\/em><\/p>\n<p><span style=\"vertical-align: inherit\">Citas dvesmas, kas jums var\u0113tu patikt:<\/span><a href=\"https:\/\/vapebulkp.com\/lv\/product\/wholesale-price-bang-kingdoms-rex-32000-puffs-vape-pod\/\"><span style=\"vertical-align: inherit\">Bang Kingdoms 32000 Puffs<\/span><\/a><span style=\"vertical-align: inherit\">\u3001<\/span><a href=\"https:\/\/vapebulkp.com\/lv\/product\/buy-bang-de-80000-puffs-disposable-vape-cheap-price-for-bulk-order\/\"><span style=\"vertical-align: inherit\">Bang DE 80000 P\u016b\u0161\u013ci<\/span><\/a><span style=\"vertical-align: inherit\">\/ <\/span><a href=\"https:\/\/vapebulkp.com\/lv\/product\/vapsolo-best-quality-viking-12k-puffs-disposable-vapes\/\"><span style=\"vertical-align: inherit\">Vapsolo viking 12000 Pufi<\/span><\/a><span style=\"vertical-align: inherit\">\/ <\/span><a href=\"https:\/\/vapebulkp.com\/lv\/product\/waspe-vape-40000-puff-fihp-double-flavour-disposable-vape\/\"><span style=\"vertical-align: inherit\">WASPE 40000 Pufi<\/span><\/a><\/p>\n<h3>Bie\u017e\u0101k uzdotie jaut\u0101jumi par Bang Box 35000 dvesmu ilgsto\u0161u vape<\/h3>\n<p><strong>J: Cik ilgi es varu izmantot Bang Box 35000 dvesmu vape?<\/strong><br \/>\n<strong>A:<\/strong> Ar iespaid\u012bgu <strong>35 000 pufiem<\/strong> un sp\u0113c\u012bgu <strong>950mAh t\u012bra kobalta akumulators<\/strong>, \u0161\u012b ier\u012bce ir paredz\u0113ta ilgsto\u0161ai lieto\u0161anai, nodro\u0161inot uzticamu iztvaiko\u0161anas pieredzi.<\/p>\n<p><strong>J: Vai gaisa pl\u016bsma ir regul\u0113jama?<\/strong><br \/>\n<strong>A:<\/strong> J\u0101, Bang Box ir apr\u012bkots ar <strong>regul\u0113jamu gaisa pl\u016bsmu<\/strong>, kas \u013cauj lietot\u0101jiem p\u0101rsl\u0113gties starp <strong>MTL (mute uz plau\u0161\u0101m)<\/strong> un <strong>DTL (tie\u0161i uz plau\u0161\u0101m)<\/strong> stiliem personaliz\u0113tai iztvaiko\u0161anas sesijai.<\/p>\n<p><strong>J: Ar ko Bang Box 35k dvesmas at\u0161\u0137iras no cit\u0101m e-cigaret\u0113m?<\/strong><br \/>\n<strong>A:<\/strong> \u0160is vape izce\u013cas ar savu <strong>dubultu sieta sild\u012b\u0161anas vadu (0,8 \u03a9)<\/strong>, kas nodro\u0161ina vienm\u0113r\u012bgu tvaiku jaudas diapazon\u0101 no <strong>15W l\u012bdz 25W<\/strong>. Kop\u0101 ar savu gludo dizainu un modernaj\u0101m tehnolo\u0123ij\u0101m tas pied\u0101v\u0101 gan stilu, gan veiktsp\u0113ju.<\/p>\n<p><strong>J: Kur es varu ieg\u0101d\u0101ties Bang Box 35000 dvesmu uzl\u0101d\u0113jamo vape?<\/strong><br \/>\n<strong>A:<\/strong> J\u016bs varat to ieg\u0101d\u0101ties tikai vietn\u0113 <strong>Vapebulkp.com<\/strong>, j\u016bsu uzticamaj\u0101 autentisku iztvaiko\u0161anas produktu avot\u0101, ar konkur\u0113tsp\u0113j\u012bg\u0101m cen\u0101m un uzticamu pieg\u0101di vis\u0101 Latvij\u0101.<\/p>\n<h2>Pieg\u0101des deta\u013cas:<\/h2>\n<p><span style=\"color: #ff6600\">Ra\u017eo\u0161anas laiks: 5-10 darba dienas<\/span><br \/>\n<span style=\"color: #ff6600\">Pieg\u0101des laiks: 8-14 darba dienas<\/span><\/p>\n<p>Visi produkti m\u016bsu veikal\u0101 ir 100% ori\u0123in\u0101li un autentiski, t\u0101p\u0113c desmitk\u0101rt\u012bga kompens\u0101cija par viltot\u0101m prec\u0113m ir m\u016bsu veikala politika. M\u0113s izmantojam t\u0101dus lo\u0123istikas kan\u0101lus k\u0101 UPS\/DHL\/FEDEX\/DPD, lai pieg\u0101d\u0101tu preces jums.<\/p>\n<p>Paci\u0146\u0101m, kas tiek s\u016bt\u012btas uz Latviju, parasti nepiecie\u0161amas 10 darba dienas, lai t\u0101s sa\u0146emtu. S\u016bt\u012bjumiem uz Eiropas valst\u012bm parasti nepiecie\u0161amas 12 l\u012bdz 15 darba dienas, lai t\u0101s sa\u0146emtu. M\u0113s atjaunin\u0101sim lo\u0123istikas inform\u0101ciju jums re\u0101llaik\u0101.<\/p>","protected":false},"excerpt":{"rendered":"<p>Bang Box 35000 Pufi Vape ar sk\u0101rienjut\u012bgu sl\u0113dzi, digit\u0101lo ekr\u0101nu, uzl\u0101d\u0113jamu dizainu, 2%\/5% nikot\u012bnu un ilgsto\u0161u darb\u012bbu. Ide\u0101li piem\u0113rots premium iztvaic\u0113\u0161anai.<\/p>\n<p>L\u016bdzu, sazinieties ar Mandijas WhatsApp, lai sa\u0146emtu atlaides cenu<a href=\"https:\/\/wa.me\/8618077105796\">+8618077105796<\/a><\/p>\n<p><img decoding=\"async\" class=\"alignnone wp-image-2151\" src=\"http:\/\/vapebulkp.com\/wp-content\/uploads\/2024\/04\/Mandy-WhatsApp-Randm.jpg\" alt=\"Mandy WhatsApp Randi\" width=\"297\" height=\"316\" srcset=\"https:\/\/vapebulkp.com\/wp-content\/uploads\/2024\/04\/Mandy-WhatsApp-Randm.jpg 916w, https:\/\/vapebulkp.com\/wp-content\/uploads\/2024\/04\/Mandy-WhatsApp-Randm-282x300.jpg 282w, https:\/\/vapebulkp.com\/wp-content\/uploads\/2024\/04\/Mandy-WhatsApp-Randm-768x817.jpg 768w, https:\/\/vapebulkp.com\/wp-content\/uploads\/2024\/04\/Mandy-WhatsApp-Randm-600x638.jpg 600w\" sizes=\"(max-width: 297px) 100vw, 297px\" \/><\/p>\n<p><span style=\"color: #ff0000\">PIEZ\u012aME: Cenas m\u016bsu t\u012bmek\u013ca vietn\u0113 neietver pieg\u0101des izmaksas<\/span><\/p>\n<p>&nbsp;<\/p>","protected":false},"featured_media":3270,"comment_status":"open","ping_status":"closed","template":"","meta":{"_uag_custom_page_level_css":"","_lmt_disableupdate":"no","_lmt_disable":"","site-sidebar-layout":"default","site-content-layout":"content-boxed-container","ast-site-content-layout":"normal-width-container","site-content-style":"boxed","site-sidebar-style":"unboxed","ast-global-header-display":"","ast-banner-title-visibility":"","ast-main-header-display":"","ast-hfb-above-header-display":"","ast-hfb-below-header-display":"","ast-hfb-mobile-header-display":"","site-post-title":"","ast-breadcrumbs-content":"","ast-featured-img":"","footer-sml-layout":"","theme-transparent-header-meta":"default","adv-header-id-meta":"","stick-header-meta":"","header-above-stick-meta":"","header-main-stick-meta":"","header-below-stick-meta":"","astra-migrate-meta-layouts":"set","_joinchat":[]},"product_cat":[190,153,345,155,33,59,100,87,34,158,157,154,152,58,84,156],"product_tag":[191,36,37,41,40],"class_list":["post-3277","product","type-product","status-publish","has-post-thumbnail","hentry","product_cat-35000-puffs-disposable-vape","product_cat-hot-disposable-vapes","product_cat-bang-vapes","product_cat-belgium-hot-disposable-vapes","product_cat-france-vape-hot-sale","product_cat-germany-hot-disposable-vape","product_cat-germany-wholesale-vape-shop","product_cat-minimum-order-quantity-50pcs","product_cat-netherlands-vape-good-sale","product_cat-norway-hot-disposable-vapes","product_cat-poland-hot-disposable-vapes","product_cat-portugal-hot-disposable-vapes","product_cat-spain-hot-disposable-vapes","product_cat-sweden-hot-disposable-vape","product_cat-sweden-wholesale-vape","product_cat-switzerland-hot-disposable-vapes","product_tag-35000-puffs","product_tag-good-vape","product_tag-hot-sale-disposable-vape","product_tag-poland-hot-vape","product_tag-sweden-hot-vape","pa_brand-bang-vape","desktop-align-left","tablet-align-left","mobile-align-left"],"yoast_head":"<!-- This site is optimized with the Yoast SEO plugin v21.1 - https:\/\/yoast.com\/wordpress\/plugins\/seo\/ -->\n<title>Bang Box 35000 Puffs Touch Switch Digital Screen Rechargeable Vape - vapebulkp.com<\/title>\n<meta name=\"description\" content=\"Wholesale price Bang Box 35000 Puffs Rechargeable Vape with touch switch, digital screen, and long-lasting performance. Perfect for premium vaping needs!\" \/>\n<meta name=\"robots\" content=\"index, follow, max-snippet:-1, max-image-preview:large, max-video-preview:-1\" \/>\n<link rel=\"canonical\" href=\"https:\/\/vapebulkp.com\/lv\/product\/bang-box-35000-puffs-touch-switch-digital-screen-rechargeable-vape\/\" \/>\n<meta property=\"og:locale\" content=\"lv_LV\" \/>\n<meta property=\"og:type\" content=\"article\" \/>\n<meta property=\"og:title\" content=\"Bang Box 35000 Puffs Touch Switch Digital Screen Rechargeable Vape - vapebulkp.com\" \/>\n<meta property=\"og:description\" content=\"Wholesale price Bang Box 35000 Puffs Rechargeable Vape with touch switch, digital screen, and long-lasting performance. Perfect for premium vaping needs!\" \/>\n<meta property=\"og:url\" content=\"https:\/\/vapebulkp.com\/lv\/product\/bang-box-35000-puffs-touch-switch-digital-screen-rechargeable-vape\/\" \/>\n<meta property=\"og:site_name\" content=\"vapebulkp.com\" \/>\n<meta property=\"article:modified_time\" content=\"2025-09-17T08:32:16+00:00\" \/>\n<meta property=\"og:image\" content=\"http:\/\/vapebulkp.com\/wp-content\/uploads\/2024\/12\/Bang-Box-35000-puff-Rechargeable-Vapes-Cheap-Price.png\" \/>\n\t<meta property=\"og:image:width\" content=\"800\" \/>\n\t<meta property=\"og:image:height\" content=\"800\" \/>\n\t<meta property=\"og:image:type\" content=\"image\/png\" \/>\n<meta name=\"twitter:card\" content=\"summary_large_image\" \/>\n<meta name=\"twitter:label1\" content=\"Est. reading time\" \/>\n\t<meta name=\"twitter:data1\" content=\"4 min\u016btes\" \/>\n<script type=\"application\/ld+json\" class=\"yoast-schema-graph\">{\"@context\":\"https:\/\/schema.org\",\"@graph\":[{\"@type\":\"WebPage\",\"@id\":\"https:\/\/vapebulkp.com\/product\/bang-box-35000-puffs-touch-switch-digital-screen-rechargeable-vape\/\",\"url\":\"https:\/\/vapebulkp.com\/product\/bang-box-35000-puffs-touch-switch-digital-screen-rechargeable-vape\/\",\"name\":\"Bang Box 35000 Puffs Touch Switch Digital Screen Rechargeable Vape - vapebulkp.com\",\"isPartOf\":{\"@id\":\"https:\/\/vapebulkp.com\/#website\"},\"datePublished\":\"2024-12-24T07:52:32+00:00\",\"dateModified\":\"2025-09-17T08:32:16+00:00\",\"description\":\"Wholesale price Bang Box 35000 Puffs Rechargeable Vape with touch switch, digital screen, and long-lasting performance. Perfect for premium vaping needs!\",\"breadcrumb\":{\"@id\":\"https:\/\/vapebulkp.com\/product\/bang-box-35000-puffs-touch-switch-digital-screen-rechargeable-vape\/#breadcrumb\"},\"inLanguage\":\"lv-LV\",\"potentialAction\":[{\"@type\":\"ReadAction\",\"target\":[\"https:\/\/vapebulkp.com\/product\/bang-box-35000-puffs-touch-switch-digital-screen-rechargeable-vape\/\"]}]},{\"@type\":\"BreadcrumbList\",\"@id\":\"https:\/\/vapebulkp.com\/product\/bang-box-35000-puffs-touch-switch-digital-screen-rechargeable-vape\/#breadcrumb\",\"itemListElement\":[{\"@type\":\"ListItem\",\"position\":1,\"name\":\"Home\",\"item\":\"https:\/\/vapebulkp.com\/\"},{\"@type\":\"ListItem\",\"position\":2,\"name\":\"Hot Trend Vapes\",\"item\":\"https:\/\/vapebulkp.com\/vape-shop\/\"},{\"@type\":\"ListItem\",\"position\":3,\"name\":\"Bang Box 35000 Puffs Touch Switch Digital Screen Rechargeable Vape\"}]},{\"@type\":\"WebSite\",\"@id\":\"https:\/\/vapebulkp.com\/#website\",\"url\":\"https:\/\/vapebulkp.com\/\",\"name\":\"vapebulkp.com\",\"description\":\"Buy Vape In Cheap Bulk Price Near you\",\"publisher\":{\"@id\":\"https:\/\/vapebulkp.com\/#organization\"},\"potentialAction\":[{\"@type\":\"SearchAction\",\"target\":{\"@type\":\"EntryPoint\",\"urlTemplate\":\"https:\/\/vapebulkp.com\/?s={search_term_string}\"},\"query-input\":\"required name=search_term_string\"}],\"inLanguage\":\"lv-LV\"},{\"@type\":\"Organization\",\"@id\":\"https:\/\/vapebulkp.com\/#organization\",\"name\":\"vapebulkp.com\",\"url\":\"https:\/\/vapebulkp.com\/\",\"logo\":{\"@type\":\"ImageObject\",\"inLanguage\":\"lv-LV\",\"@id\":\"https:\/\/vapebulkp.com\/#\/schema\/logo\/image\/\",\"url\":\"https:\/\/vapebulkp.com\/wp-content\/uploads\/2023\/09\/cropped-vapebulkp.png\",\"contentUrl\":\"https:\/\/vapebulkp.com\/wp-content\/uploads\/2023\/09\/cropped-vapebulkp.png\",\"width\":516,\"height\":163,\"caption\":\"vapebulkp.com\"},\"image\":{\"@id\":\"https:\/\/vapebulkp.com\/#\/schema\/logo\/image\/\"}}]}<\/script>\n<!-- \/ Yoast SEO plugin. -->","yoast_head_json":{"title":"Bang Box 35000 Puffs Touch Switch Digital Screen Rechargeable Vape - vapebulkp.com","description":"Wholesale price Bang Box 35000 Puffs Rechargeable Vape with touch switch, digital screen, and long-lasting performance. Perfect for premium vaping needs!","robots":{"index":"index","follow":"follow","max-snippet":"max-snippet:-1","max-image-preview":"max-image-preview:large","max-video-preview":"max-video-preview:-1"},"canonical":"https:\/\/vapebulkp.com\/lv\/product\/bang-box-35000-puffs-touch-switch-digital-screen-rechargeable-vape\/","og_locale":"lv_LV","og_type":"article","og_title":"Bang Box 35000 Puffs Touch Switch Digital Screen Rechargeable Vape - vapebulkp.com","og_description":"Wholesale price Bang Box 35000 Puffs Rechargeable Vape with touch switch, digital screen, and long-lasting performance. Perfect for premium vaping needs!","og_url":"https:\/\/vapebulkp.com\/lv\/product\/bang-box-35000-puffs-touch-switch-digital-screen-rechargeable-vape\/","og_site_name":"vapebulkp.com","article_modified_time":"2025-09-17T08:32:16+00:00","og_image":[{"width":800,"height":800,"url":"http:\/\/vapebulkp.com\/wp-content\/uploads\/2024\/12\/Bang-Box-35000-puff-Rechargeable-Vapes-Cheap-Price.png","type":"image\/png"}],"twitter_card":"summary_large_image","twitter_misc":{"Est. reading time":"4 min\u016btes"},"schema":{"@context":"https:\/\/schema.org","@graph":[{"@type":"WebPage","@id":"https:\/\/vapebulkp.com\/product\/bang-box-35000-puffs-touch-switch-digital-screen-rechargeable-vape\/","url":"https:\/\/vapebulkp.com\/product\/bang-box-35000-puffs-touch-switch-digital-screen-rechargeable-vape\/","name":"Bang Box 35000 Puffs Touch Switch Digital Screen Rechargeable Vape - vapebulkp.com","isPartOf":{"@id":"https:\/\/vapebulkp.com\/#website"},"datePublished":"2024-12-24T07:52:32+00:00","dateModified":"2025-09-17T08:32:16+00:00","description":"Wholesale price Bang Box 35000 Puffs Rechargeable Vape with touch switch, digital screen, and long-lasting performance. Perfect for premium vaping needs!","breadcrumb":{"@id":"https:\/\/vapebulkp.com\/product\/bang-box-35000-puffs-touch-switch-digital-screen-rechargeable-vape\/#breadcrumb"},"inLanguage":"lv-LV","potentialAction":[{"@type":"ReadAction","target":["https:\/\/vapebulkp.com\/product\/bang-box-35000-puffs-touch-switch-digital-screen-rechargeable-vape\/"]}]},{"@type":"BreadcrumbList","@id":"https:\/\/vapebulkp.com\/product\/bang-box-35000-puffs-touch-switch-digital-screen-rechargeable-vape\/#breadcrumb","itemListElement":[{"@type":"ListItem","position":1,"name":"Home","item":"https:\/\/vapebulkp.com\/"},{"@type":"ListItem","position":2,"name":"Hot Trend Vapes","item":"https:\/\/vapebulkp.com\/vape-shop\/"},{"@type":"ListItem","position":3,"name":"Bang Box 35000 Puffs Touch Switch Digital Screen Rechargeable Vape"}]},{"@type":"WebSite","@id":"https:\/\/vapebulkp.com\/#website","url":"https:\/\/vapebulkp.com\/","name":"vapebulkp.com","description":"Buy Vape In Cheap Bulk Price Near you","publisher":{"@id":"https:\/\/vapebulkp.com\/#organization"},"potentialAction":[{"@type":"SearchAction","target":{"@type":"EntryPoint","urlTemplate":"https:\/\/vapebulkp.com\/?s={search_term_string}"},"query-input":"required name=search_term_string"}],"inLanguage":"lv-LV"},{"@type":"Organization","@id":"https:\/\/vapebulkp.com\/#organization","name":"vapebulkp.com","url":"https:\/\/vapebulkp.com\/","logo":{"@type":"ImageObject","inLanguage":"lv-LV","@id":"https:\/\/vapebulkp.com\/#\/schema\/logo\/image\/","url":"https:\/\/vapebulkp.com\/wp-content\/uploads\/2023\/09\/cropped-vapebulkp.png","contentUrl":"https:\/\/vapebulkp.com\/wp-content\/uploads\/2023\/09\/cropped-vapebulkp.png","width":516,"height":163,"caption":"vapebulkp.com"},"image":{"@id":"https:\/\/vapebulkp.com\/#\/schema\/logo\/image\/"}}]}},"uagb_featured_image_src":{"full":["https:\/\/vapebulkp.com\/wp-content\/uploads\/2024\/12\/Bang-Box-35000-puff-Rechargeable-Vapes-Cheap-Price.png",800,800,false],"thumbnail":["https:\/\/vapebulkp.com\/wp-content\/uploads\/2024\/12\/Bang-Box-35000-puff-Rechargeable-Vapes-Cheap-Price-150x150.png",150,150,true],"medium":["https:\/\/vapebulkp.com\/wp-content\/uploads\/2024\/12\/Bang-Box-35000-puff-Rechargeable-Vapes-Cheap-Price-300x300.png",300,300,true],"medium_large":["https:\/\/vapebulkp.com\/wp-content\/uploads\/2024\/12\/Bang-Box-35000-puff-Rechargeable-Vapes-Cheap-Price-768x768.png",768,768,true],"large":["https:\/\/vapebulkp.com\/wp-content\/uploads\/2024\/12\/Bang-Box-35000-puff-Rechargeable-Vapes-Cheap-Price.png",800,800,false],"1536x1536":["https:\/\/vapebulkp.com\/wp-content\/uploads\/2024\/12\/Bang-Box-35000-puff-Rechargeable-Vapes-Cheap-Price.png",800,800,false],"2048x2048":["https:\/\/vapebulkp.com\/wp-content\/uploads\/2024\/12\/Bang-Box-35000-puff-Rechargeable-Vapes-Cheap-Price.png",800,800,false],"trp-custom-language-flag":["https:\/\/vapebulkp.com\/wp-content\/uploads\/2024\/12\/Bang-Box-35000-puff-Rechargeable-Vapes-Cheap-Price.png",12,12,false],"woocommerce_thumbnail":["https:\/\/vapebulkp.com\/wp-content\/uploads\/2024\/12\/Bang-Box-35000-puff-Rechargeable-Vapes-Cheap-Price-300x300.png",300,300,true],"woocommerce_single":["https:\/\/vapebulkp.com\/wp-content\/uploads\/2024\/12\/Bang-Box-35000-puff-Rechargeable-Vapes-Cheap-Price-600x600.png",600,600,true],"woocommerce_gallery_thumbnail":["https:\/\/vapebulkp.com\/wp-content\/uploads\/2024\/12\/Bang-Box-35000-puff-Rechargeable-Vapes-Cheap-Price-100x100.png",100,100,true],"wcpr-photo-reviews":["https:\/\/vapebulkp.com\/wp-content\/uploads\/2024\/12\/Bang-Box-35000-puff-Rechargeable-Vapes-Cheap-Price.png",500,500,false]},"uagb_author_info":{"display_name":"Mandy vape bulk price","author_link":"https:\/\/vapebulkp.com\/lv\/author\/"},"uagb_comment_info":0,"uagb_excerpt":"Bang Box 35000 Puffs Vape with touch switch, digital screen, rechargeable design, 2%\/5% nicotine, and long-lasting performance. Perfect for premium vaping. Pls Contact Mandy's WhatsApp For Discount Price+8618077105796 NOTE: Prices on our website does not include shipping costs &nbsp;","_links":{"self":[{"href":"https:\/\/vapebulkp.com\/lv\/wp-json\/wp\/v2\/product\/3277","targetHints":{"allow":["GET"]}}],"collection":[{"href":"https:\/\/vapebulkp.com\/lv\/wp-json\/wp\/v2\/product"}],"about":[{"href":"https:\/\/vapebulkp.com\/lv\/wp-json\/wp\/v2\/types\/product"}],"replies":[{"embeddable":true,"href":"https:\/\/vapebulkp.com\/lv\/wp-json\/wp\/v2\/comments?post=3277"}],"wp:featuredmedia":[{"embeddable":true,"href":"https:\/\/vapebulkp.com\/lv\/wp-json\/wp\/v2\/media\/3270"}],"wp:attachment":[{"href":"https:\/\/vapebulkp.com\/lv\/wp-json\/wp\/v2\/media?parent=3277"}],"wp:term":[{"taxonomy":"product_cat","embeddable":true,"href":"https:\/\/vapebulkp.com\/lv\/wp-json\/wp\/v2\/product_cat?post=3277"},{"taxonomy":"product_tag","embeddable":true,"href":"https:\/\/vapebulkp.com\/lv\/wp-json\/wp\/v2\/product_tag?post=3277"}],"curies":[{"name":"wp","href":"https:\/\/api.w.org\/{rel}","templated":true}]}}