{"id":3292,"date":"2024-12-28T09:21:22","date_gmt":"2024-12-28T08:21:22","guid":{"rendered":"https:\/\/vapebulkp.com\/?post_type=product&#038;p=3292"},"modified":"2025-09-24T05:21:17","modified_gmt":"2025-09-24T03:21:17","slug":"cheap-price-uwin-shisha-hookah-crystal-20000-puffs-rechargeable-vape","status":"publish","type":"product","link":"https:\/\/vapebulkp.com\/lv\/product\/cheap-price-uwin-shisha-hookah-crystal-20000-puffs-rechargeable-vape\/","title":{"rendered":"L\u0113ta cena Uwin SHISHA HOOKAH Crystal 20000 uzl\u0101d\u0113jams Vape"},"content":{"rendered":"<h2 style=\"text-align: left\">L\u0113ta cena Uwin SHISHA HOOKAH Crystal 20000 uzl\u0101d\u0113jams Vape<\/h2>\n<p data-start=\"150\" data-end=\"458\">Tas <strong data-start=\"154\" data-end=\"196\">Uwin \u016adensp\u012bpes Krist\u0101la 20000 uzp\u016btienu<\/strong> ir <strong data-start=\"202\" data-end=\"235\">liela ietilp\u012bba vienreizlietojam\u0101 vape<\/strong> izstr\u0101d\u0101ts priek\u0161 <strong data-start=\"249\" data-end=\"280\">Latvijas iztvaiko\u0161anas entuziastiem<\/strong> kas mekl\u0113 konsekventu veiktsp\u0113ju un bag\u0101t\u012bgu gar\u0161u. Katra ier\u012bce ir iepriek\u0161 piepild\u012bta ar 25ml <strong data-start=\"369\" data-end=\"399\">premium nikot\u012bna s\u0101ls vape<\/strong>, nodro\u0161inot gludas, apmierino\u0161as ieelpas l\u012bdz pat 20 000 uzp\u016btieniem.<\/p>\n<p data-start=\"460\" data-end=\"780\">Apr\u012bkots ar <strong data-start=\"474\" data-end=\"503\">t\u012bkla spoles tehnolo\u0123ijas vape<\/strong>, Uwin \u016adensp\u012bpes Krist\u0101la uzlabo gar\u0161as intensit\u0101ti un tvaika bl\u012bvumu, ide\u0101li piem\u0113rots <strong data-start=\"591\" data-end=\"622\">tie\u0161ai plau\u0161u (DTL) iztvaiko\u0161anai<\/strong> un biezu, arom\u0101tisku m\u0101ko\u0146u rad\u012b\u0161anai. Pieejams 12 unik\u0101l\u0101s gar\u0161\u0101s un ar nikot\u012bna stiprumu 0%, 2%, 3% vai 5%, tas atbilst pla\u0161am v\u0113lmju kl\u0101stam.<\/p>\n<p data-start=\"782\" data-end=\"1121\">\u0160is <strong data-start=\"787\" data-end=\"819\">uzl\u0101d\u0113jamais vienreizlietojamais vape<\/strong> ir apr\u012bkots ar 850mAh kobalta akumulatoru ar Type-C \u0101tru uzl\u0101di, nodro\u0161inot nep\u0101rtrauktu veiktsp\u0113ju visas dienas garum\u0101. T\u0101 kompaktais, vieglais dizains padara to viegli p\u0101rn\u0113s\u0101jamu, savuk\u0101rt ar vairumtirdzniec\u012bbai piem\u0113rots iepakojums \u2014 10 gabali kast\u0113, 200 gabali kast\u012bt\u0113 \u2014 padara to ide\u0101li piem\u0113rotu mazumtirgot\u0101jiem un lielapjoma pirc\u0113jiem.<\/p>\n<p data-start=\"1123\" data-end=\"1339\">Tas <a href=\"https:\/\/vapebulkp.com\/lv\/product-category\/20000-puffs-disposable-vape\/\"><strong data-start=\"1127\" data-end=\"1158\">20000 d\u016bmu vienreiz\u0113j\u0101s lieto\u0161anas elektronisk\u0101 cigarete<\/strong><\/a> Uwin \u016adensp\u012bpes Krist\u0101la apvieno iztur\u012bbu, \u0113rtumu un premium iztvaiko\u0161anas funkcijas vien\u0101 elegant\u0101 ier\u012bc\u0113, pied\u0101v\u0101jot apmierino\u0161u un ilgsto\u0161u pieredzi m\u016bsdienu vaperiem.<\/p>\n<figure id=\"attachment_3308\" aria-describedby=\"caption-attachment-3308\" style=\"width: 560px\" class=\"wp-caption alignnone\"><img decoding=\"async\" class=\"wp-image-3308\" src=\"http:\/\/vapebulkp.com\/wp-content\/uploads\/2024\/12\/UWIN-VAPES-HOOKAH-Crystal-20000-Puffs-Grape-ice.webp\" alt=\"UWIN VAPES \u016aDENSPIPES Krist\u0101la 20000 uzp\u016btienu v\u012bnogu ledus\" width=\"560\" height=\"539\" \/><figcaption id=\"caption-attachment-3308\" class=\"wp-caption-text\">UWIN VAPES \u016aDENSPIPES Krist\u0101la 20000 uzp\u016btienu v\u012bnogu ledus<\/figcaption><\/figure>\n<h6>L\u016bdzu, sazinieties ar Mandijas WhatsApp, lai sa\u0146emtu atlaides cenu<a href=\"https:\/\/wa.me\/8618077105796\">+8618077105796<\/a><\/h6>\n<p><img decoding=\"async\" class=\"alignnone wp-image-2151\" src=\"http:\/\/vapebulkp.com\/wp-content\/uploads\/2024\/04\/Mandy-WhatsApp-Randm.jpg\" alt=\"Mandy WhatsApp Randi\" width=\"324\" height=\"330\" \/><\/p>\n<div class=\"flex max-w-full flex-col flex-grow\">\n<div class=\"min-h-8 text-message flex w-full flex-col items-end gap-2 whitespace-normal break-words text-start [.text-message+&amp;]:mt-5\" dir=\"auto\" data-message-author-role=\"assistant\" data-message-id=\"d24cf626-c018-4805-80f5-44de047f2ba0\" data-message-model-slug=\"gpt-4o\">\n<div class=\"flex w-full flex-col gap-1 empty:hidden first:pt-[3px]\">\n<div class=\"markdown prose w-full break-words dark:prose-invert light\">\n<h2>K\u0101p\u0113c izv\u0113l\u0113ties Uwin SHISHA HOOKAH Crystal 20000 Puffs vietn\u0113 <a href=\"https:\/\/vapebulkp.com\/lv\/vape-shop\/\">Vapebulkp.com<\/a>?<\/h2>\n<ul>\n<li><strong>Ilgtsp\u0113j\u012bga veiktsp\u0113ja:<\/strong> Nodro\u0161ina l\u012bdz pat 20 000 uzp\u016btienu, ide\u0101li piem\u0113rots ilgsto\u0161ai lieto\u0161anai.<\/li>\n<li><strong>Da\u017e\u0101das nikot\u012bna iesp\u0113jas:<\/strong> Pieejams 0%, 2%, 3% un 5%, lai apmierin\u0101tu visas v\u0113lmes.<\/li>\n<li><strong>Izcila gar\u0161u daudzveid\u012bba:<\/strong> Izbaudiet 12 unik\u0101las un apmierino\u0161as gar\u0161as.<\/li>\n<li><strong>Uzlabota spir\u0101les tehnolo\u0123ija:<\/strong> T\u012bkla spir\u0101le nodro\u0161ina vienm\u0113r\u012bgu, konsekventu un arom\u0101tisku tvaiku.<\/li>\n<li><strong>Uzl\u0101d\u0113jams akumulators:<\/strong> 850mAh kobalta akumulators ar Type-C uzl\u0101di \u0113rt\u012bbai un efektivit\u0101tei.<\/li>\n<li><strong>Ietilp\u012bga e-\u0161\u0137idruma ietilp\u012bba:<\/strong> 25 ml iepriek\u0161 uzpild\u012bta tvertne nep\u0101rtrauktai iztvaiko\u0161anai.<\/li>\n<li><strong>Kompakts<\/strong> Vieglas kartona kastes ar 10 gab.\/kast\u0113 un 200 gab.\/karton\u0101, ide\u0101li piem\u0113rotas vairumtirdzniec\u012bbai.<\/li>\n<li><strong>Izstr\u0101d\u0101ts DTL entuziastiem:<\/strong> SMOK tie\u0161\u0101s plau\u0161u stils sp\u0113c\u012bgai d\u016bmu ra\u017eo\u0161anai.<\/li>\n<\/ul>\n<p>&nbsp;<\/p>\n<\/div>\n<\/div>\n<\/div>\n<\/div>\n<h3>Type-C portu vienreizlietojamie iztvaic\u0113t\u0101ji Uwin SHISHA HOOKAH Crystal 20k Puffs galven\u0101s specifik\u0101cijas:<\/h3>\n<ul>\n<li><strong>Nukot\u012bna iesp\u0113jas:<\/strong> 0%, 2%, 3%, 5%.<\/li>\n<li><strong>Uzp\u016btieni:<\/strong> L\u012bdz 20 000.<\/li>\n<li><strong>Ietilp\u012bba:<\/strong> 25ml e-\u0161\u0137idrums.<\/li>\n<li><strong>Akumulators:<\/strong> 850mAh uzl\u0101d\u0113jams kobalts, Type-C ports.<\/li>\n<li><strong>Spole:<\/strong> T\u012bkla spole vienm\u0113r\u012bgai tvaika padevei.<\/li>\n<li><strong>Gar\u0161as:<\/strong> 12 unik\u0101las izv\u0113les.<\/li>\n<li><strong>Iepakojums:<\/strong> 10 gab.\/kast\u0113, 200 gab.\/kartona kast\u0113.<\/li>\n<li><strong>Kartona kastes deta\u013cas:<\/strong> 20,3 kg, 39,5 \u00d7 39 \u00d7 30,5 cm.<\/li>\n<li><strong>Stils:<\/strong> SMOK tie\u0161\u0101 plau\u0161u (DTL) izpild\u012bjum\u0101.<\/li>\n<\/ul>\n<h3>Pieejams vienreizlietojams vape Europe Uwin SHISHA Crystal 20000 Puffs <strong>Gar\u0161u saraksts<\/strong><\/h3>\n<p>1. Mellenes ar ledu<br \/>\n2. Kivi, pasifloru auglis, guava<br \/>\n3. Zemenes, kivi<br \/>\n4. J\u0101\u0146ogas<br \/>\n5. Zemenes, arb\u016bzs<br \/>\n6. V\u012bnogu ledus<br \/>\n7. Arb\u016bzu ledus<br \/>\n8. \u0136ir\u0161u ledus<br \/>\n9. Zeme\u0146u ledus<br \/>\n10. Persiku ledus<br \/>\n11. Mellenes, avenes<br \/>\n12. Love 66<\/p>\n<p><a href=\"https:\/\/vapebulkp.com\/lv\/product\/aivono-curved-smart-screen-35000-puffs-disposable-vape-wholesale-price\/\"><span style=\"vertical-align: inherit\">Aivono 35000 Puffs <\/span><\/a><\/p>\n<p><span style=\"vertical-align: inherit\">Atrast vair\u0101k produktu, kas jums var\u0113tu patikt:<\/span><em><a href=\"https:\/\/wa.me\/8618077105796\"><span style=\"vertical-align: inherit\">\u00a0Pirkt tagad<\/span><\/a><\/em><\/p>\n<p><span style=\"vertical-align: inherit\">Citas dvesmas, kas jums var\u0113tu patikt:<\/span><a href=\"https:\/\/vapebulkp.com\/lv\/product\/wholesale-price-bang-kingdoms-rex-32000-puffs-vape-pod\/\"><span style=\"vertical-align: inherit\">Bang Kingdoms 32000 Puffs<\/span><\/a><span style=\"vertical-align: inherit\">\u3001<\/span><a href=\"https:\/\/vapebulkp.com\/lv\/product\/bood-pulse-pro-25k-50k-disposable-vape-bar-5000-puffs-nicotine-free\/\"><span style=\"vertical-align: inherit\">Bood pulsa pro 50000 Puffs<\/span><\/a><span style=\"vertical-align: inherit\">\/ <\/span><a href=\"https:\/\/vapebulkp.com\/lv\/product\/vapsolo-best-quality-viking-12k-puffs-disposable-vapes\/\"><span style=\"vertical-align: inherit\">Vapsolo viking 12000 Pufi<\/span><\/a><span style=\"vertical-align: inherit\">\/ <\/span><a href=\"https:\/\/vapebulkp.com\/lv\/product\/waspe-vape-40000-puff-fihp-double-flavour-disposable-vape\/\"><span style=\"vertical-align: inherit\">WASPE 40000 Pufi<\/span><\/a><\/p>\n<p>&nbsp;<\/p>\n<p>&nbsp;<\/p>\n<h3>FAQ par Uwin SHISHA HOOKAH Crystal 20000 Pufi vienreizlietojamajiem vapiem<\/h3>\n<p><strong>1. Cik daudz pufi nodro\u0161ina Uwin Shisha Hookah Crystal 20k pufi?<\/strong><br \/>\nUwin Shisha Hookah Crystal pied\u0101v\u0101 l\u012bdz pat 20 000 pufiem, nodro\u0161inot ilgsto\u0161u darb\u012bbu.<\/p>\n<p><strong>2. K\u0101di nikot\u012bna stiprumi ir pieejami shisha 20000 pufiem?<\/strong><br \/>\n\u0160is vaps ir pieejams ar 0%, 2%, 3% un 5% nikot\u012bna opcij\u0101m, lai apmierin\u0101tu da\u017e\u0101das v\u0113lmes.<\/p>\n<p><strong>3. Cik daudz e-\u0161\u0137idruma ir UWIN Crystal vape 20000 Puffs?<\/strong><br \/>\nIer\u012bce ir iepriek\u0161 piepild\u012bta ar 25 ml e-\u0161\u0137idruma ilgsto\u0161ai lieto\u0161anai.<\/p>\n<p><strong>4. K\u0101du spoli izmanto Uwin shisha vapes 20000 Puffs?<\/strong><br \/>\nTaj\u0101 ir uzlabota sieta spoles tehnolo\u0123ija vienm\u0113r\u012bgai un konsekventai tvaika ra\u017eo\u0161anai.<\/p>\n<p><strong>5. Vai crystal vape 20000 pufi akumulators ir uzl\u0101d\u0113jams?<\/strong><br \/>\nJ\u0101, Uwin Shisha Hookah Crystal ir apr\u012bkots ar 850mAh uzl\u0101d\u0113jamu kobalta akumulatoru un Type-C uzl\u0101des portu.<\/p>\n<h3>Pieg\u0101des deta\u013cas:<\/h3>\n<p><span style=\"color: #ff6600\">Ra\u017eo\u0161anas laiks: 5-10 darba dienas<\/span><br \/>\n<span style=\"color: #ff6600\">Pieg\u0101des laiks: 8-14 darba dienas<\/span><\/p>\n<p>Visi produkti m\u016bsu veikal\u0101 ir 100% ori\u0123in\u0101li un autentiski, t\u0101p\u0113c desmitk\u0101rt\u012bga kompens\u0101cija par viltot\u0101m prec\u0113m ir m\u016bsu veikala politika. M\u0113s izmantojam t\u0101dus lo\u0123istikas kan\u0101lus k\u0101 UPS\/DHL\/FEDEX\/DPD, lai pieg\u0101d\u0101tu preces jums.<\/p>\n<p>Paci\u0146\u0101m, kas tiek s\u016bt\u012btas uz Latviju, parasti nepiecie\u0161amas 10 darba dienas, lai t\u0101s sa\u0146emtu. S\u016bt\u012bjumiem uz Eiropas valst\u012bm parasti nepiecie\u0161amas 12 l\u012bdz 15 darba dienas, lai t\u0101s sa\u0146emtu. M\u0113s atjaunin\u0101sim lo\u0123istikas inform\u0101ciju jums re\u0101llaik\u0101.<\/p>","protected":false},"excerpt":{"rendered":"<ul>\n<li><strong>Gluds tvaiks \u016adensp\u012bpes stila vape UWIN 20K UZP\u016aTIENU<\/strong><\/li>\n<li><strong>Vairumtirdzniec\u012bba Vienreizlietojamas Vapes Eiropa \u016adensp\u012bpes VAPE 20000 UZP\u016aTIENU<\/strong><\/li>\n<li><strong>Viegls vape ar 850mAh akumulatoru<\/strong><\/li>\n<li><strong>Krist\u0101la vienreizlietojama vape ar 25ml ietilp\u012bbu<\/strong><\/li>\n<\/ul>\n<p>L\u016bdzu, sazinieties ar Mandijas WhatsApp, lai sa\u0146emtu atlaides cenu<a href=\"https:\/\/wa.me\/8618077105796\">+8618077105796<\/a><\/p>\n<p><img decoding=\"async\" class=\"alignnone wp-image-2151\" src=\"http:\/\/vapebulkp.com\/wp-content\/uploads\/2024\/04\/Mandy-WhatsApp-Randm.jpg\" alt=\"Mandy WhatsApp Randi\" width=\"297\" height=\"316\" srcset=\"https:\/\/vapebulkp.com\/wp-content\/uploads\/2024\/04\/Mandy-WhatsApp-Randm.jpg 916w, https:\/\/vapebulkp.com\/wp-content\/uploads\/2024\/04\/Mandy-WhatsApp-Randm-282x300.jpg 282w, https:\/\/vapebulkp.com\/wp-content\/uploads\/2024\/04\/Mandy-WhatsApp-Randm-768x817.jpg 768w, https:\/\/vapebulkp.com\/wp-content\/uploads\/2024\/04\/Mandy-WhatsApp-Randm-600x638.jpg 600w\" sizes=\"(max-width: 297px) 100vw, 297px\" \/><\/p>\n<p><span style=\"color: #ff0000\">PIEZ\u012aME: Cenas m\u016bsu t\u012bmek\u013ca vietn\u0113 neietver pieg\u0101des izmaksas<\/span><\/p>\n<p>&nbsp;<\/p>","protected":false},"featured_media":3301,"comment_status":"open","ping_status":"closed","template":"","meta":{"_uag_custom_page_level_css":"","_lmt_disableupdate":"no","_lmt_disable":"","site-sidebar-layout":"default","site-content-layout":"content-boxed-container","ast-site-content-layout":"normal-width-container","site-content-style":"boxed","site-sidebar-style":"unboxed","ast-global-header-display":"","ast-banner-title-visibility":"","ast-main-header-display":"","ast-hfb-above-header-display":"","ast-hfb-below-header-display":"","ast-hfb-mobile-header-display":"","site-post-title":"","ast-breadcrumbs-content":"","ast-featured-img":"","footer-sml-layout":"","theme-transparent-header-meta":"default","adv-header-id-meta":"","stick-header-meta":"","header-above-stick-meta":"","header-main-stick-meta":"","header-below-stick-meta":"","astra-migrate-meta-layouts":"set","_joinchat":[]},"product_cat":[162,153,155,33,59,100,87,34,158,157,154,152,58,84,156,63,360,32],"product_tag":[109,36,37,41,40],"class_list":["post-3292","product","type-product","status-publish","has-post-thumbnail","hentry","product_cat-20000-puffs-disposable-vape","product_cat-hot-disposable-vapes","product_cat-belgium-hot-disposable-vapes","product_cat-france-vape-hot-sale","product_cat-germany-hot-disposable-vape","product_cat-germany-wholesale-vape-shop","product_cat-minimum-order-quantity-50pcs","product_cat-netherlands-vape-good-sale","product_cat-norway-hot-disposable-vapes","product_cat-poland-hot-disposable-vapes","product_cat-portugal-hot-disposable-vapes","product_cat-spain-hot-disposable-vapes","product_cat-sweden-hot-disposable-vape","product_cat-sweden-wholesale-vape","product_cat-switzerland-hot-disposable-vapes","product_cat-top-sale-disposable-vape","product_cat-uwin-vape","product_cat-vape-hot-sale-this-week","product_tag-20000-puffs","product_tag-good-vape","product_tag-hot-sale-disposable-vape","product_tag-poland-hot-vape","product_tag-sweden-hot-vape","pa_brand-uwin-vape","desktop-align-left","tablet-align-left","mobile-align-left"],"yoast_head":"<!-- This site is optimized with the Yoast SEO plugin v21.1 - https:\/\/yoast.com\/wordpress\/plugins\/seo\/ -->\n<title>Cheap Price Uwin SHISHA HOOKAH Crystal 20000 Puffs Rechargeable Vape - vapebulkp.com<\/title>\n<meta name=\"description\" content=\"Affordable Uwin Shisha Hookah Crystal 20000 Puffs Rechargeable Vape, sleek design, 25ml e-liquid, 850mAh battery, smooth vaping experience.\" \/>\n<meta name=\"robots\" content=\"index, follow, max-snippet:-1, max-image-preview:large, max-video-preview:-1\" \/>\n<link rel=\"canonical\" href=\"https:\/\/vapebulkp.com\/lv\/product\/cheap-price-uwin-shisha-hookah-crystal-20000-puffs-rechargeable-vape\/\" \/>\n<meta property=\"og:locale\" content=\"lv_LV\" \/>\n<meta property=\"og:type\" content=\"article\" \/>\n<meta property=\"og:title\" content=\"Cheap Price Uwin SHISHA HOOKAH Crystal 20000 Puffs Rechargeable Vape - vapebulkp.com\" \/>\n<meta property=\"og:description\" content=\"Affordable Uwin Shisha Hookah Crystal 20000 Puffs Rechargeable Vape, sleek design, 25ml e-liquid, 850mAh battery, smooth vaping experience.\" \/>\n<meta property=\"og:url\" content=\"https:\/\/vapebulkp.com\/lv\/product\/cheap-price-uwin-shisha-hookah-crystal-20000-puffs-rechargeable-vape\/\" \/>\n<meta property=\"og:site_name\" content=\"vapebulkp.com\" \/>\n<meta property=\"article:modified_time\" content=\"2025-09-24T03:21:17+00:00\" \/>\n<meta property=\"og:image\" content=\"http:\/\/vapebulkp.com\/wp-content\/uploads\/2024\/12\/Good-Sale-UWIN-HOOKAH-Crystal-20000-Puffs-Watermelon-ice.webp\" \/>\n\t<meta property=\"og:image:width\" content=\"800\" \/>\n\t<meta property=\"og:image:height\" content=\"800\" \/>\n\t<meta property=\"og:image:type\" content=\"image\/webp\" \/>\n<meta name=\"twitter:card\" content=\"summary_large_image\" \/>\n<meta name=\"twitter:label1\" content=\"Est. reading time\" \/>\n\t<meta name=\"twitter:data1\" content=\"4 min\u016btes\" \/>\n<script type=\"application\/ld+json\" class=\"yoast-schema-graph\">{\"@context\":\"https:\/\/schema.org\",\"@graph\":[{\"@type\":\"WebPage\",\"@id\":\"https:\/\/vapebulkp.com\/product\/cheap-price-uwin-shisha-hookah-crystal-20000-puffs-rechargeable-vape\/\",\"url\":\"https:\/\/vapebulkp.com\/product\/cheap-price-uwin-shisha-hookah-crystal-20000-puffs-rechargeable-vape\/\",\"name\":\"Cheap Price Uwin SHISHA HOOKAH Crystal 20000 Puffs Rechargeable Vape - vapebulkp.com\",\"isPartOf\":{\"@id\":\"https:\/\/vapebulkp.com\/#website\"},\"datePublished\":\"2024-12-28T08:21:22+00:00\",\"dateModified\":\"2025-09-24T03:21:17+00:00\",\"description\":\"Affordable Uwin Shisha Hookah Crystal 20000 Puffs Rechargeable Vape, sleek design, 25ml e-liquid, 850mAh battery, smooth vaping experience.\",\"breadcrumb\":{\"@id\":\"https:\/\/vapebulkp.com\/product\/cheap-price-uwin-shisha-hookah-crystal-20000-puffs-rechargeable-vape\/#breadcrumb\"},\"inLanguage\":\"lv-LV\",\"potentialAction\":[{\"@type\":\"ReadAction\",\"target\":[\"https:\/\/vapebulkp.com\/product\/cheap-price-uwin-shisha-hookah-crystal-20000-puffs-rechargeable-vape\/\"]}]},{\"@type\":\"BreadcrumbList\",\"@id\":\"https:\/\/vapebulkp.com\/product\/cheap-price-uwin-shisha-hookah-crystal-20000-puffs-rechargeable-vape\/#breadcrumb\",\"itemListElement\":[{\"@type\":\"ListItem\",\"position\":1,\"name\":\"Home\",\"item\":\"https:\/\/vapebulkp.com\/\"},{\"@type\":\"ListItem\",\"position\":2,\"name\":\"Hot Trend Vapes\",\"item\":\"https:\/\/vapebulkp.com\/vape-shop\/\"},{\"@type\":\"ListItem\",\"position\":3,\"name\":\"Cheap Price Uwin SHISHA HOOKAH Crystal 20000 Puffs Rechargeable Vape\"}]},{\"@type\":\"WebSite\",\"@id\":\"https:\/\/vapebulkp.com\/#website\",\"url\":\"https:\/\/vapebulkp.com\/\",\"name\":\"vapebulkp.com\",\"description\":\"Buy Vape In Cheap Bulk Price Near you\",\"publisher\":{\"@id\":\"https:\/\/vapebulkp.com\/#organization\"},\"potentialAction\":[{\"@type\":\"SearchAction\",\"target\":{\"@type\":\"EntryPoint\",\"urlTemplate\":\"https:\/\/vapebulkp.com\/?s={search_term_string}\"},\"query-input\":\"required name=search_term_string\"}],\"inLanguage\":\"lv-LV\"},{\"@type\":\"Organization\",\"@id\":\"https:\/\/vapebulkp.com\/#organization\",\"name\":\"vapebulkp.com\",\"url\":\"https:\/\/vapebulkp.com\/\",\"logo\":{\"@type\":\"ImageObject\",\"inLanguage\":\"lv-LV\",\"@id\":\"https:\/\/vapebulkp.com\/#\/schema\/logo\/image\/\",\"url\":\"https:\/\/vapebulkp.com\/wp-content\/uploads\/2023\/09\/cropped-vapebulkp.png\",\"contentUrl\":\"https:\/\/vapebulkp.com\/wp-content\/uploads\/2023\/09\/cropped-vapebulkp.png\",\"width\":516,\"height\":163,\"caption\":\"vapebulkp.com\"},\"image\":{\"@id\":\"https:\/\/vapebulkp.com\/#\/schema\/logo\/image\/\"}}]}<\/script>\n<!-- \/ Yoast SEO plugin. -->","yoast_head_json":{"title":"Cheap Price Uwin SHISHA HOOKAH Crystal 20000 Puffs Rechargeable Vape - vapebulkp.com","description":"Affordable Uwin Shisha Hookah Crystal 20000 Puffs Rechargeable Vape, sleek design, 25ml e-liquid, 850mAh battery, smooth vaping experience.","robots":{"index":"index","follow":"follow","max-snippet":"max-snippet:-1","max-image-preview":"max-image-preview:large","max-video-preview":"max-video-preview:-1"},"canonical":"https:\/\/vapebulkp.com\/lv\/product\/cheap-price-uwin-shisha-hookah-crystal-20000-puffs-rechargeable-vape\/","og_locale":"lv_LV","og_type":"article","og_title":"Cheap Price Uwin SHISHA HOOKAH Crystal 20000 Puffs Rechargeable Vape - vapebulkp.com","og_description":"Affordable Uwin Shisha Hookah Crystal 20000 Puffs Rechargeable Vape, sleek design, 25ml e-liquid, 850mAh battery, smooth vaping experience.","og_url":"https:\/\/vapebulkp.com\/lv\/product\/cheap-price-uwin-shisha-hookah-crystal-20000-puffs-rechargeable-vape\/","og_site_name":"vapebulkp.com","article_modified_time":"2025-09-24T03:21:17+00:00","og_image":[{"width":800,"height":800,"url":"http:\/\/vapebulkp.com\/wp-content\/uploads\/2024\/12\/Good-Sale-UWIN-HOOKAH-Crystal-20000-Puffs-Watermelon-ice.webp","type":"image\/webp"}],"twitter_card":"summary_large_image","twitter_misc":{"Est. reading time":"4 min\u016btes"},"schema":{"@context":"https:\/\/schema.org","@graph":[{"@type":"WebPage","@id":"https:\/\/vapebulkp.com\/product\/cheap-price-uwin-shisha-hookah-crystal-20000-puffs-rechargeable-vape\/","url":"https:\/\/vapebulkp.com\/product\/cheap-price-uwin-shisha-hookah-crystal-20000-puffs-rechargeable-vape\/","name":"Cheap Price Uwin SHISHA HOOKAH Crystal 20000 Puffs Rechargeable Vape - vapebulkp.com","isPartOf":{"@id":"https:\/\/vapebulkp.com\/#website"},"datePublished":"2024-12-28T08:21:22+00:00","dateModified":"2025-09-24T03:21:17+00:00","description":"Affordable Uwin Shisha Hookah Crystal 20000 Puffs Rechargeable Vape, sleek design, 25ml e-liquid, 850mAh battery, smooth vaping experience.","breadcrumb":{"@id":"https:\/\/vapebulkp.com\/product\/cheap-price-uwin-shisha-hookah-crystal-20000-puffs-rechargeable-vape\/#breadcrumb"},"inLanguage":"lv-LV","potentialAction":[{"@type":"ReadAction","target":["https:\/\/vapebulkp.com\/product\/cheap-price-uwin-shisha-hookah-crystal-20000-puffs-rechargeable-vape\/"]}]},{"@type":"BreadcrumbList","@id":"https:\/\/vapebulkp.com\/product\/cheap-price-uwin-shisha-hookah-crystal-20000-puffs-rechargeable-vape\/#breadcrumb","itemListElement":[{"@type":"ListItem","position":1,"name":"Home","item":"https:\/\/vapebulkp.com\/"},{"@type":"ListItem","position":2,"name":"Hot Trend Vapes","item":"https:\/\/vapebulkp.com\/vape-shop\/"},{"@type":"ListItem","position":3,"name":"Cheap Price Uwin SHISHA HOOKAH Crystal 20000 Puffs Rechargeable Vape"}]},{"@type":"WebSite","@id":"https:\/\/vapebulkp.com\/#website","url":"https:\/\/vapebulkp.com\/","name":"vapebulkp.com","description":"Buy Vape In Cheap Bulk Price Near you","publisher":{"@id":"https:\/\/vapebulkp.com\/#organization"},"potentialAction":[{"@type":"SearchAction","target":{"@type":"EntryPoint","urlTemplate":"https:\/\/vapebulkp.com\/?s={search_term_string}"},"query-input":"required name=search_term_string"}],"inLanguage":"lv-LV"},{"@type":"Organization","@id":"https:\/\/vapebulkp.com\/#organization","name":"vapebulkp.com","url":"https:\/\/vapebulkp.com\/","logo":{"@type":"ImageObject","inLanguage":"lv-LV","@id":"https:\/\/vapebulkp.com\/#\/schema\/logo\/image\/","url":"https:\/\/vapebulkp.com\/wp-content\/uploads\/2023\/09\/cropped-vapebulkp.png","contentUrl":"https:\/\/vapebulkp.com\/wp-content\/uploads\/2023\/09\/cropped-vapebulkp.png","width":516,"height":163,"caption":"vapebulkp.com"},"image":{"@id":"https:\/\/vapebulkp.com\/#\/schema\/logo\/image\/"}}]}},"uagb_featured_image_src":{"full":["https:\/\/vapebulkp.com\/wp-content\/uploads\/2024\/12\/Good-Sale-UWIN-HOOKAH-Crystal-20000-Puffs-Watermelon-ice.webp",800,800,false],"thumbnail":["https:\/\/vapebulkp.com\/wp-content\/uploads\/2024\/12\/Good-Sale-UWIN-HOOKAH-Crystal-20000-Puffs-Watermelon-ice-150x150.webp",150,150,true],"medium":["https:\/\/vapebulkp.com\/wp-content\/uploads\/2024\/12\/Good-Sale-UWIN-HOOKAH-Crystal-20000-Puffs-Watermelon-ice-300x300.webp",300,300,true],"medium_large":["https:\/\/vapebulkp.com\/wp-content\/uploads\/2024\/12\/Good-Sale-UWIN-HOOKAH-Crystal-20000-Puffs-Watermelon-ice-768x768.webp",768,768,true],"large":["https:\/\/vapebulkp.com\/wp-content\/uploads\/2024\/12\/Good-Sale-UWIN-HOOKAH-Crystal-20000-Puffs-Watermelon-ice.webp",800,800,false],"1536x1536":["https:\/\/vapebulkp.com\/wp-content\/uploads\/2024\/12\/Good-Sale-UWIN-HOOKAH-Crystal-20000-Puffs-Watermelon-ice.webp",800,800,false],"2048x2048":["https:\/\/vapebulkp.com\/wp-content\/uploads\/2024\/12\/Good-Sale-UWIN-HOOKAH-Crystal-20000-Puffs-Watermelon-ice.webp",800,800,false],"trp-custom-language-flag":["https:\/\/vapebulkp.com\/wp-content\/uploads\/2024\/12\/Good-Sale-UWIN-HOOKAH-Crystal-20000-Puffs-Watermelon-ice.webp",12,12,false],"woocommerce_thumbnail":["https:\/\/vapebulkp.com\/wp-content\/uploads\/2024\/12\/Good-Sale-UWIN-HOOKAH-Crystal-20000-Puffs-Watermelon-ice-300x300.webp",300,300,true],"woocommerce_single":["https:\/\/vapebulkp.com\/wp-content\/uploads\/2024\/12\/Good-Sale-UWIN-HOOKAH-Crystal-20000-Puffs-Watermelon-ice-600x600.webp",600,600,true],"woocommerce_gallery_thumbnail":["https:\/\/vapebulkp.com\/wp-content\/uploads\/2024\/12\/Good-Sale-UWIN-HOOKAH-Crystal-20000-Puffs-Watermelon-ice-100x100.webp",100,100,true],"wcpr-photo-reviews":["https:\/\/vapebulkp.com\/wp-content\/uploads\/2024\/12\/Good-Sale-UWIN-HOOKAH-Crystal-20000-Puffs-Watermelon-ice.webp",500,500,false]},"uagb_author_info":{"display_name":"Mandy vape bulk price","author_link":"https:\/\/vapebulkp.com\/lv\/author\/"},"uagb_comment_info":0,"uagb_excerpt":"Smooth Vapor Shisha-Style Vape UWIN 20K PUFFS Wholesale Disposable Vapes Europe SHISHA VAPE 20000 PUFF Lightweight Vape with 850mAh Battery Crystal Disposable Vape with 25ml Capacity Pls Contact Mandy's WhatsApp For Discount Price+8618077105796 NOTE: Prices on our website does not include shipping costs &nbsp;","_links":{"self":[{"href":"https:\/\/vapebulkp.com\/lv\/wp-json\/wp\/v2\/product\/3292","targetHints":{"allow":["GET"]}}],"collection":[{"href":"https:\/\/vapebulkp.com\/lv\/wp-json\/wp\/v2\/product"}],"about":[{"href":"https:\/\/vapebulkp.com\/lv\/wp-json\/wp\/v2\/types\/product"}],"replies":[{"embeddable":true,"href":"https:\/\/vapebulkp.com\/lv\/wp-json\/wp\/v2\/comments?post=3292"}],"wp:featuredmedia":[{"embeddable":true,"href":"https:\/\/vapebulkp.com\/lv\/wp-json\/wp\/v2\/media\/3301"}],"wp:attachment":[{"href":"https:\/\/vapebulkp.com\/lv\/wp-json\/wp\/v2\/media?parent=3292"}],"wp:term":[{"taxonomy":"product_cat","embeddable":true,"href":"https:\/\/vapebulkp.com\/lv\/wp-json\/wp\/v2\/product_cat?post=3292"},{"taxonomy":"product_tag","embeddable":true,"href":"https:\/\/vapebulkp.com\/lv\/wp-json\/wp\/v2\/product_tag?post=3292"}],"curies":[{"name":"wp","href":"https:\/\/api.w.org\/{rel}","templated":true}]}}