{"id":3345,"date":"2025-01-06T07:24:49","date_gmt":"2025-01-06T06:24:49","guid":{"rendered":"https:\/\/vapebulkp.com\/?post_type=product&#038;p=3345"},"modified":"2025-09-16T11:29:20","modified_gmt":"2025-09-16T09:29:20","slug":"bang-king-35000-puffs-wholesale-puff-tornado-vape","status":"publish","type":"product","link":"https:\/\/vapebulkp.com\/lv\/product\/bang-king-35000-puffs-wholesale-puff-tornado-vape\/","title":{"rendered":"Bang King 35000 Puffs Vairumtirdzniec\u012bbas Puff Tornado Vape"},"content":{"rendered":"<h2 style=\"text-align: left\">Bang King 35000 Puffs Vairumtirdzniec\u012bbas Puff Tornado Vape<\/h2>\n<p>&nbsp;<\/p>\n<p>Tas <strong>Bang King 35000 Dvesmas Tornado Vape<\/strong> ir jauna \u0113ra vienreiz\u0113j\u0101s lieto\u0161anas e-cigare\u0161u tirg\u016b, kas pied\u0101v\u0101 nep\u0101rsp\u0113jamu veiktsp\u0113jas, arom\u0101ta un ilgm\u016b\u017e\u012bbas kombin\u0101ciju. \u0160\u012b modern\u0101 vape, kas paredz\u0113ta liela piepras\u012bjuma lietot\u0101jiem un vairumtirdzniec\u012bbas pirc\u0113jiem, nodro\u0161ina l\u012bdz pat <strong>35 000 pufiem<\/strong>\u2014\u012bsts sp\u0113ka avots ilgsto\u0161\u0101m tvaic\u0113\u0161anas sesij\u0101m. Apr\u012bkots ar <strong>23 ml e-\u0161\u0137idruma ietilp\u012bbu<\/strong> un progres\u012bvu <strong>0.6\u03a9 t\u012bkla spole<\/strong>, tas nodro\u0161ina vienm\u0113r\u012bgu tvaiku veido\u0161anos un bag\u0101t\u012bgus, konsekventus arom\u0101tus ar katru vilkmi.<\/p>\n<p>Tas <strong>1000mAh uzl\u0101d\u0113jamu akumulatoru<\/strong> ar <strong>Type-C uzl\u0101des ports<\/strong> garant\u0113 nep\u0101rtrauktu lieto\u0161anu, savuk\u0101rt inovat\u012bv\u0101 <strong>aizsardz\u012bba pret sauso apdegumu<\/strong> nodro\u0161ina dro\u0161\u012bbu un uzticam\u012bbu. Pieejams vair\u0101kos nikot\u012bna stiprumos (<strong>0%, 2%, 3%, un 5%<\/strong>), Bang King ir piem\u0113rots da\u017e\u0101d\u0101m gaum\u0113m, padarot to par univers\u0101lu izv\u0113li jebkuram tvaic\u0113\u0161anas entuziastam.<\/p>\n<p>Bang King 35K ir lieliski piem\u0113rots vairumtirdzniec\u012bbas vajadz\u012bb\u0101m, <strong>10 gab. kast\u0113 un 200 gab. kast\u0113<\/strong>, nodro\u0161inot izcilu v\u0113rt\u012bbu izplat\u012bt\u0101jiem un mazumtirgot\u0101jiem. Izp\u0113tiet Bang King 35K izcilo kvalit\u0101ti un \u0113rt\u012bbas, tikai <strong>Vapebulkp.com<\/strong>, j\u016bsu uzticamais pieg\u0101d\u0101t\u0101js <strong>augst\u0101k\u0101s klases vienreiz\u0113j\u0101s lieto\u0161anas e-cigaret\u0113m<\/strong> Eirop\u0101.<\/p>\n<h6>L\u016bdzu, sazinieties ar Mandijas WhatsApp, lai sa\u0146emtu atlaides cenu<a href=\"https:\/\/wa.me\/8618077105796\">+8618077105796<\/a><\/h6>\n<p><img decoding=\"async\" class=\"alignnone wp-image-2151\" src=\"http:\/\/vapebulkp.com\/wp-content\/uploads\/2024\/04\/Mandy-WhatsApp-Randm.jpg\" alt=\"Mandy WhatsApp Randi\" width=\"324\" height=\"330\" \/><\/p>\n<div class=\"flex max-w-full flex-col flex-grow\">\n<div class=\"min-h-8 text-message flex w-full flex-col items-end gap-2 whitespace-normal break-words text-start [.text-message+&amp;]:mt-5\" dir=\"auto\" data-message-author-role=\"assistant\" data-message-id=\"d24cf626-c018-4805-80f5-44de047f2ba0\" data-message-model-slug=\"gpt-4o\">\n<div class=\"flex w-full flex-col gap-1 empty:hidden first:pt-[3px]\">\n<div class=\"markdown prose w-full break-words dark:prose-invert light\">\n<h2>K\u0101p\u0113c izv\u0113l\u0113ties l\u0113tas cenas vapes <strong>Bang King 35000 Dvesmas <\/strong>at <a href=\"https:\/\/vapebulkp.com\/lv\/vape-shop\/\">Vapebulkp.com<\/a>?<\/h2>\n<ul>\n<li><strong>Nep\u0101rsp\u0113jama ilgm\u016b\u017e\u012bba<\/strong>: ar <strong>35 000 pufiem<\/strong>, \u0161is <strong>liela ietilp\u012bba vienreizlietojam\u0101 vape<\/strong> nosaka standartu ilgsto\u0161ai lieto\u0161anai.<\/li>\n<li><strong>Premium funkcijas<\/strong>: Apr\u012bkots ar <strong>1000 mAh akumulators<\/strong>, <strong>23 ml e-\u0161\u0137idrums<\/strong>, un <strong>0.6\u03a9 t\u012bkla spole<\/strong> konsekventai gar\u0161ai un tvaiku ra\u017eo\u0161anai.<\/li>\n<li><strong>Piel\u0101gojamas nikot\u012bna opcijas<\/strong>: Izv\u0113lieties no <strong>0%, 2%, 3% vai 5% nikot\u012bna s\u0101ls<\/strong> lai atbilstu j\u016bsu v\u0113lm\u0113m.<\/li>\n<li><strong>M\u016bsdienu \u0113rt\u012bbas<\/strong>: Uzl\u0101d\u0113jams, izmantojot <strong>C tipa ports<\/strong> un izstr\u0101d\u0101ts ar <strong>pret-saus\u0101s deg\u0161anas tehnolo\u0123ija<\/strong> vienm\u0113r\u012bg\u0101kai un dro\u0161\u0101kai lieto\u0161anai.<\/li>\n<li><strong>Vairumtirdzniec\u012bbas priek\u0161roc\u012bbas<\/strong>: Pieejams Vapebulkp.com ar lielapjoma iepakojumu (<strong>10 gab.\/kast\u0113, 200 gab.\/kast\u012bt\u0113<\/strong>), ide\u0101li piem\u0113rots Latvijas vaperiem un mazumtirgot\u0101jiem.<\/li>\n<\/ul>\n<h2><\/h2>\n<h3><strong>Bang King 35000 Puffs vienreizlietojamo vape iez\u012bmes<\/strong><\/h3>\n<ul>\n<li><strong>Mas\u012bvs dvesmu skaits<\/strong>: Nodro\u0161ina l\u012bdz pat 35 000 dvesm\u0101m, garant\u0113jot ilgsto\u0161u lieto\u0161anu bez bie\u017eas nomai\u0146as.<\/li>\n<li><strong>E-\u0161\u0137idruma ietilp\u012bba<\/strong>: Piepild\u012bts ar 23 ml augst\u0101k\u0101s kvalit\u0101tes e-\u0161\u0137idrumu, pied\u0101v\u0101jot pagarin\u0101tas tvaic\u0113\u0161anas sesijas.<\/li>\n<li><strong>Jaud\u012bgs akumulators<\/strong>: Apr\u012bkots ar 1000 mAh akumulatoru, kas nodro\u0161ina uzticamu veiktsp\u0113ju un ret\u0101ku uzl\u0101di.<\/li>\n<li><strong>Uzlabota t\u012bklveida spole<\/strong>: Izmanto 0,6\u03a9 t\u012bklveida spoli, lai uzlabotu gar\u0161as izstr\u0101di un nodro\u0161in\u0101tu vienm\u0113r\u012bgu tvaiku pl\u016bsmu.<\/li>\n<li><strong>C tipa uzl\u0101des ports<\/strong>: Atbalsta \u0101tru un efekt\u012bvu uzl\u0101di ar modernu C tipa saskarni.<\/li>\n<li><strong>Aizsardz\u012bba pret sauso deg\u0161anu<\/strong>: Iek\u013cauta uzlabota tehnolo\u0123ija, lai nov\u0113rstu sauso kars\u0113\u0161anu un nodro\u0161in\u0101tu nemain\u012bgu veiktsp\u0113ju.<\/li>\n<li><strong>Nikot\u012bna stipruma iesp\u0113jas<\/strong>: Pieejams da\u017e\u0101dos nikot\u012bna l\u012bme\u0146os, tostarp 0%, 2%, 3% un 5%, lai apmierin\u0101tu da\u017e\u0101das v\u0113lmes.<\/li>\n<li><strong>Iepakojums<\/strong>: \u0112rti iepakots pa 10 gabaliem kast\u0113 un 200 gabaliem kartona kast\u0113, ide\u0101li piem\u0113rots gan person\u012bgai lieto\u0161anai, gan vairumtirdzniec\u012bbai.<\/li>\n<\/ul>\n<\/div>\n<\/div>\n<\/div>\n<\/div>\n<h3>Bang Vape 35000puff vape <strong>Gar\u0161u saraksts<\/strong><\/h3>\n<p>1.zeme\u0146u mango<br \/>\n2.m\u012blest\u012bba66<br \/>\n3.zils razz ledus<br \/>\n4.zeme\u0146u arb\u016bzs<br \/>\n5.citronu piparm\u0113tra<br \/>\n6.dubultais \u0101bols<br \/>\n7.ener\u0123ijas dz\u0113riens<br \/>\n8.persiku ledus<br \/>\n9.zeme\u0146u kivi<br \/>\n10.v\u012bnogu ledus<br \/>\n11.melle\u0146u ledus<br \/>\n12.arb\u016bzs<\/p>\n<p><a href=\"https:\/\/vapebulkp.com\/lv\/product\/aivono-curved-smart-screen-35000-puffs-disposable-vape-wholesale-price\/\"><span style=\"vertical-align: inherit\">Aivono 35000 Puffs <\/span><\/a><\/p>\n<p><span style=\"vertical-align: inherit\">Atrast vair\u0101k produktu, kas jums var\u0113tu patikt:<\/span><em><a href=\"https:\/\/wa.me\/8618077105796\"><span style=\"vertical-align: inherit\">\u00a0Pirkt tagad<\/span><\/a><\/em><\/p>\n<p><span style=\"vertical-align: inherit\">Citas dvesmas, kas jums var\u0113tu patikt:<\/span><a href=\"https:\/\/vapebulkp.com\/lv\/product\/wholesale-price-bang-kingdoms-rex-32000-puffs-vape-pod\/\"><span style=\"vertical-align: inherit\">Bang Kingdoms 32000 Puffs<\/span><\/a><span style=\"vertical-align: inherit\">\u3001<\/span><a href=\"https:\/\/vapebulkp.com\/lv\/product\/bood-pulse-pro-25k-50k-disposable-vape-bar-5000-puffs-nicotine-free\/\"><span style=\"vertical-align: inherit\">Bood pulsa pro 50000 Puffs<\/span><\/a><span style=\"vertical-align: inherit\">\/ <\/span><a href=\"https:\/\/vapebulkp.com\/lv\/product\/vapsolo-best-quality-viking-12k-puffs-disposable-vapes\/\"><span style=\"vertical-align: inherit\">Vapsolo viking 12000 Pufi<\/span><\/a><span style=\"vertical-align: inherit\">\/ <\/span><a href=\"https:\/\/vapebulkp.com\/lv\/product\/waspe-vape-40000-puff-fihp-double-flavour-disposable-vape\/\"><span style=\"vertical-align: inherit\">WASPE 40000 Pufi<\/span><\/a><\/p>\n<p><span style=\"vertical-align: inherit\">\u012apa\u0161as formas e-cigare\u0161u pudele:<\/span><a href=\"https:\/\/vapebulkp.com\/lv\/product\/vapsolo-feed-bar-shisha-vape-15000-puffs-wholesale-price\/\"><span style=\"vertical-align: inherit\"> Vapsolo \u0161\u012b\u0161a 15000 dvesmas<\/span><\/a><span style=\"vertical-align: inherit\">\/ <\/span><a href=\"https:\/\/vapebulkp.com\/lv\/product\/vopk-ultra-30000-puffs-rgb-light-mesh-coil-rechargeable-vape-wholesale-price\/\"><span style=\"vertical-align: inherit\">\u00a0VOPK ULTRA 30000 dvesmas <\/span><\/a><span style=\"vertical-align: inherit\">\/<\/span><a href=\"https:\/\/vapebulkp.com\/lv\/product\/bang-box-35000-puffs-touch-switch-digital-screen-rechargeable-vape\/\"><span style=\"vertical-align: inherit\"> Bang Box 35000 dvesmas<\/span><\/a><\/p>\n<h4><\/h4>\n<h4>BUJ par Bang King 35k vienreizlietojamiem iztvaic\u0113t\u0101jiem<\/h4>\n<p><strong>1. Cik dvesmu pied\u0101v\u0101 Bang King 35K vienreizlietojamais iztvaic\u0113t\u0101js?<\/strong><br \/>\nBang King nodro\u0161ina iespaid\u012bgu <strong>35 000 pufiem<\/strong>, padarot to par vienu no visilg\u0101k lietojamaj\u0101m vienreizlietojamaj\u0101m vape ier\u012bc\u0113m.<\/p>\n<p><strong>2. K\u0101da ir Bang King 35K e-\u0161\u0137idruma ietilp\u012bba?<\/strong><br \/>\nKatr\u0101 ier\u012bc\u0113 ir iepriek\u0161 iepild\u012bts <strong>23 ml augst\u0101k\u0101s kvalit\u0101tes e-\u0161\u0137idruma<\/strong>, nodro\u0161inot ilgsto\u0161u lieto\u0161anu bez uzpild\u012b\u0161anas.<\/p>\n<p><strong>3. K\u0101di nikot\u012bna stiprumi ir pieejami Bang King 35k dvesm\u0101m?<\/strong><br \/>\nBang King pied\u0101v\u0101 da\u017e\u0101dus <strong>nikot\u012bna s\u0101ls variantus<\/strong>: <strong>0%, 2%, 3%, un 5%<\/strong>, piel\u0101gojoties da\u017e\u0101d\u0101m v\u0113lm\u0113m.<\/p>\n<p><strong>4. K\u0101da veida spoli izmanto Bang Vape King 35000 dvesmu?<\/strong><br \/>\nTam ir <strong>0.6\u03a9 t\u012bkla spole<\/strong>, nodro\u0161inot vienm\u0113r\u012bgu tvaiku veido\u0161anos un uzlabotu gar\u0161u.<\/p>\n<p><strong>5. Vai Bang King 35000 dvesmas ir uzl\u0101d\u0113jamas?<\/strong><br \/>\nJ\u0101, ier\u012bce ir apr\u012bkota ar <strong>Type-C uzl\u0101des ports<\/strong> \u0101trai un \u0113rtai uzl\u0101dei.<\/p>\n<h5>Pieg\u0101des deta\u013cas:<\/h5>\n<p><span style=\"color: #ff6600\">Ra\u017eo\u0161anas laiks: 5-10 darba dienas<\/span><br \/>\n<span style=\"color: #ff6600\">Pieg\u0101des laiks: 8-14 darba dienas<\/span><\/p>\n<p>Visi produkti m\u016bsu veikal\u0101 ir 100% ori\u0123in\u0101li un autentiski, t\u0101p\u0113c desmitk\u0101rt\u012bga kompens\u0101cija par viltot\u0101m prec\u0113m ir m\u016bsu veikala politika. M\u0113s izmantojam t\u0101dus lo\u0123istikas kan\u0101lus k\u0101 UPS\/DHL\/FEDEX\/DPD, lai pieg\u0101d\u0101tu preces jums.<\/p>\n<p>Paci\u0146\u0101m, kas tiek s\u016bt\u012btas uz Latviju, parasti nepiecie\u0161amas 10 darba dienas, lai t\u0101s sa\u0146emtu. S\u016bt\u012bjumiem uz Eiropas valst\u012bm parasti nepiecie\u0161amas 12 l\u012bdz 15 darba dienas, lai t\u0101s sa\u0146emtu. M\u0113s atjaunin\u0101sim lo\u0123istikas inform\u0101ciju jums re\u0101llaik\u0101.<\/p>","protected":false},"excerpt":{"rendered":"<div class=\"flex-shrink-0 flex flex-col relative items-end\">\n<div class=\"pt-0\">\n<div class=\"gizmo-bot-avatar flex h-8 w-8 items-center justify-center overflow-hidden rounded-full\">\n<div class=\"relative p-1 rounded-sm flex items-center justify-center bg-token-main-surface-primary text-token-text-primary h-8 w-8\"><strong>Bang King 35000 Dvesmas Vienreiz\u0113j\u0101s Lieto\u0161anas Vape<\/strong>, pied\u0101v\u0101jot milz\u012bgu <strong>35 000 dvesmu ietilp\u012bbu<\/strong>, <strong>23 ml e-\u0161\u0137idrums<\/strong>, <strong>1000 mAh akumulators<\/strong>, un <strong>0.6\u03a9 t\u012bkla spole<\/strong> izcilam arom\u0101tam. Pieejams vairum\u0101 vietn\u0113 <strong>Vapebulkp.com<\/strong> ar vair\u0101k\u0101m nikot\u012bna opcij\u0101m un <strong>C tipa uzl\u0101d\u0113jam\u012bba<\/strong>\u2014lieliska izv\u0113le <strong>lieljaudas vienreiz\u0113j\u0101s lieto\u0161anas vape vairumtirdzniec\u012bbai<\/strong>.<\/div>\n<\/div>\n<\/div>\n<\/div>\n<p>L\u016bdzu, sazinieties ar Mandijas WhatsApp, lai sa\u0146emtu atlaides cenu<a href=\"https:\/\/wa.me\/8618077105796\">+8618077105796<\/a><\/p>\n<p><img decoding=\"async\" class=\"alignnone wp-image-2151\" src=\"http:\/\/vapebulkp.com\/wp-content\/uploads\/2024\/04\/Mandy-WhatsApp-Randm.jpg\" alt=\"Mandy WhatsApp Randi\" width=\"297\" height=\"316\" srcset=\"https:\/\/vapebulkp.com\/wp-content\/uploads\/2024\/04\/Mandy-WhatsApp-Randm.jpg 916w, https:\/\/vapebulkp.com\/wp-content\/uploads\/2024\/04\/Mandy-WhatsApp-Randm-282x300.jpg 282w, https:\/\/vapebulkp.com\/wp-content\/uploads\/2024\/04\/Mandy-WhatsApp-Randm-768x817.jpg 768w, https:\/\/vapebulkp.com\/wp-content\/uploads\/2024\/04\/Mandy-WhatsApp-Randm-600x638.jpg 600w\" sizes=\"(max-width: 297px) 100vw, 297px\" \/><\/p>\n<p><span style=\"color: #ff0000\">PIEZ\u012aME: Cenas m\u016bsu t\u012bmek\u013ca vietn\u0113 neietver pieg\u0101des izmaksas<\/span><\/p>\n<p>&nbsp;<\/p>","protected":false},"featured_media":3353,"comment_status":"open","ping_status":"closed","template":"","meta":{"_uag_custom_page_level_css":"","_lmt_disableupdate":"no","_lmt_disable":"","site-sidebar-layout":"default","site-content-layout":"content-boxed-container","ast-site-content-layout":"normal-width-container","site-content-style":"boxed","site-sidebar-style":"unboxed","ast-global-header-display":"","ast-banner-title-visibility":"","ast-main-header-display":"","ast-hfb-above-header-display":"","ast-hfb-below-header-display":"","ast-hfb-mobile-header-display":"","site-post-title":"","ast-breadcrumbs-content":"","ast-featured-img":"","footer-sml-layout":"","theme-transparent-header-meta":"default","adv-header-id-meta":"","stick-header-meta":"","header-above-stick-meta":"","header-main-stick-meta":"","header-below-stick-meta":"","astra-migrate-meta-layouts":"set","_joinchat":[]},"product_cat":[190,153,344,155,33,59,100,87,34,158,157,154,152,58,84,156,63,32],"product_tag":[198,36,37,41,40],"class_list":["post-3345","product","type-product","status-publish","has-post-thumbnail","hentry","product_cat-35000-puffs-disposable-vape","product_cat-hot-disposable-vapes","product_cat-bang-king-vape","product_cat-belgium-hot-disposable-vapes","product_cat-france-vape-hot-sale","product_cat-germany-hot-disposable-vape","product_cat-germany-wholesale-vape-shop","product_cat-minimum-order-quantity-50pcs","product_cat-netherlands-vape-good-sale","product_cat-norway-hot-disposable-vapes","product_cat-poland-hot-disposable-vapes","product_cat-portugal-hot-disposable-vapes","product_cat-spain-hot-disposable-vapes","product_cat-sweden-hot-disposable-vape","product_cat-sweden-wholesale-vape","product_cat-switzerland-hot-disposable-vapes","product_cat-top-sale-disposable-vape","product_cat-vape-hot-sale-this-week","product_tag-bang-king-35000-puffs","product_tag-good-vape","product_tag-hot-sale-disposable-vape","product_tag-poland-hot-vape","product_tag-sweden-hot-vape","pa_brand-bang-king-vape","desktop-align-left","tablet-align-left","mobile-align-left"],"yoast_head":"<!-- This site is optimized with the Yoast SEO plugin v21.1 - https:\/\/yoast.com\/wordpress\/plugins\/seo\/ -->\n<title>Bang King 35000 Puffs Wholesale Puff Tornado Vape - vapebulkp.com<\/title>\n<meta name=\"description\" content=\"Shop Bang King 35000 Puffs Wholesale Puff Tornado Vape at Vapebulkp.com. Featuring 35,000 puffs, 23ml e-liquid, 0.6\u03a9 mesh coil, Type-C charging. Perfect for European retailers and vapers seeking high-capacity disposable vapes.\" \/>\n<meta name=\"robots\" content=\"index, follow, max-snippet:-1, max-image-preview:large, max-video-preview:-1\" \/>\n<link rel=\"canonical\" href=\"https:\/\/vapebulkp.com\/lv\/product\/bang-king-35000-puffs-wholesale-puff-tornado-vape\/\" \/>\n<meta property=\"og:locale\" content=\"lv_LV\" \/>\n<meta property=\"og:type\" content=\"article\" \/>\n<meta property=\"og:title\" content=\"Bang King 35000 Puffs Wholesale Puff Tornado Vape - vapebulkp.com\" \/>\n<meta property=\"og:description\" content=\"Shop Bang King 35000 Puffs Wholesale Puff Tornado Vape at Vapebulkp.com. Featuring 35,000 puffs, 23ml e-liquid, 0.6\u03a9 mesh coil, Type-C charging. Perfect for European retailers and vapers seeking high-capacity disposable vapes.\" \/>\n<meta property=\"og:url\" content=\"https:\/\/vapebulkp.com\/lv\/product\/bang-king-35000-puffs-wholesale-puff-tornado-vape\/\" \/>\n<meta property=\"og:site_name\" content=\"vapebulkp.com\" \/>\n<meta property=\"article:modified_time\" content=\"2025-09-16T09:29:20+00:00\" \/>\n<meta property=\"og:image\" content=\"http:\/\/vapebulkp.com\/wp-content\/uploads\/2025\/01\/Bang-King-35000-Puffs-Disposable-Vape-Good-Sale.webp\" \/>\n\t<meta property=\"og:image:width\" content=\"800\" \/>\n\t<meta property=\"og:image:height\" content=\"800\" \/>\n\t<meta property=\"og:image:type\" content=\"image\/webp\" \/>\n<meta name=\"twitter:card\" content=\"summary_large_image\" \/>\n<meta name=\"twitter:label1\" content=\"Est. reading time\" \/>\n\t<meta name=\"twitter:data1\" content=\"4 min\u016btes\" \/>\n<script type=\"application\/ld+json\" class=\"yoast-schema-graph\">{\"@context\":\"https:\/\/schema.org\",\"@graph\":[{\"@type\":\"WebPage\",\"@id\":\"https:\/\/vapebulkp.com\/product\/bang-king-35000-puffs-wholesale-puff-tornado-vape\/\",\"url\":\"https:\/\/vapebulkp.com\/product\/bang-king-35000-puffs-wholesale-puff-tornado-vape\/\",\"name\":\"Bang King 35000 Puffs Wholesale Puff Tornado Vape - vapebulkp.com\",\"isPartOf\":{\"@id\":\"https:\/\/vapebulkp.com\/#website\"},\"datePublished\":\"2025-01-06T06:24:49+00:00\",\"dateModified\":\"2025-09-16T09:29:20+00:00\",\"description\":\"Shop Bang King 35000 Puffs Wholesale Puff Tornado Vape at Vapebulkp.com. Featuring 35,000 puffs, 23ml e-liquid, 0.6\u03a9 mesh coil, Type-C charging. Perfect for European retailers and vapers seeking high-capacity disposable vapes.\",\"breadcrumb\":{\"@id\":\"https:\/\/vapebulkp.com\/product\/bang-king-35000-puffs-wholesale-puff-tornado-vape\/#breadcrumb\"},\"inLanguage\":\"lv-LV\",\"potentialAction\":[{\"@type\":\"ReadAction\",\"target\":[\"https:\/\/vapebulkp.com\/product\/bang-king-35000-puffs-wholesale-puff-tornado-vape\/\"]}]},{\"@type\":\"BreadcrumbList\",\"@id\":\"https:\/\/vapebulkp.com\/product\/bang-king-35000-puffs-wholesale-puff-tornado-vape\/#breadcrumb\",\"itemListElement\":[{\"@type\":\"ListItem\",\"position\":1,\"name\":\"Home\",\"item\":\"https:\/\/vapebulkp.com\/\"},{\"@type\":\"ListItem\",\"position\":2,\"name\":\"Hot Trend Vapes\",\"item\":\"https:\/\/vapebulkp.com\/vape-shop\/\"},{\"@type\":\"ListItem\",\"position\":3,\"name\":\"Bang King 35000 Puffs Wholesale Puff Tornado Vape\"}]},{\"@type\":\"WebSite\",\"@id\":\"https:\/\/vapebulkp.com\/#website\",\"url\":\"https:\/\/vapebulkp.com\/\",\"name\":\"vapebulkp.com\",\"description\":\"Buy Vape In Cheap Bulk Price Near you\",\"publisher\":{\"@id\":\"https:\/\/vapebulkp.com\/#organization\"},\"potentialAction\":[{\"@type\":\"SearchAction\",\"target\":{\"@type\":\"EntryPoint\",\"urlTemplate\":\"https:\/\/vapebulkp.com\/?s={search_term_string}\"},\"query-input\":\"required name=search_term_string\"}],\"inLanguage\":\"lv-LV\"},{\"@type\":\"Organization\",\"@id\":\"https:\/\/vapebulkp.com\/#organization\",\"name\":\"vapebulkp.com\",\"url\":\"https:\/\/vapebulkp.com\/\",\"logo\":{\"@type\":\"ImageObject\",\"inLanguage\":\"lv-LV\",\"@id\":\"https:\/\/vapebulkp.com\/#\/schema\/logo\/image\/\",\"url\":\"https:\/\/vapebulkp.com\/wp-content\/uploads\/2023\/09\/cropped-vapebulkp.png\",\"contentUrl\":\"https:\/\/vapebulkp.com\/wp-content\/uploads\/2023\/09\/cropped-vapebulkp.png\",\"width\":516,\"height\":163,\"caption\":\"vapebulkp.com\"},\"image\":{\"@id\":\"https:\/\/vapebulkp.com\/#\/schema\/logo\/image\/\"}}]}<\/script>\n<!-- \/ Yoast SEO plugin. -->","yoast_head_json":{"title":"Bang King 35000 Puffs Wholesale Puff Tornado Vape - vapebulkp.com","description":"Shop Bang King 35000 Puffs Wholesale Puff Tornado Vape at Vapebulkp.com. Featuring 35,000 puffs, 23ml e-liquid, 0.6\u03a9 mesh coil, Type-C charging. Perfect for European retailers and vapers seeking high-capacity disposable vapes.","robots":{"index":"index","follow":"follow","max-snippet":"max-snippet:-1","max-image-preview":"max-image-preview:large","max-video-preview":"max-video-preview:-1"},"canonical":"https:\/\/vapebulkp.com\/lv\/product\/bang-king-35000-puffs-wholesale-puff-tornado-vape\/","og_locale":"lv_LV","og_type":"article","og_title":"Bang King 35000 Puffs Wholesale Puff Tornado Vape - vapebulkp.com","og_description":"Shop Bang King 35000 Puffs Wholesale Puff Tornado Vape at Vapebulkp.com. Featuring 35,000 puffs, 23ml e-liquid, 0.6\u03a9 mesh coil, Type-C charging. Perfect for European retailers and vapers seeking high-capacity disposable vapes.","og_url":"https:\/\/vapebulkp.com\/lv\/product\/bang-king-35000-puffs-wholesale-puff-tornado-vape\/","og_site_name":"vapebulkp.com","article_modified_time":"2025-09-16T09:29:20+00:00","og_image":[{"width":800,"height":800,"url":"http:\/\/vapebulkp.com\/wp-content\/uploads\/2025\/01\/Bang-King-35000-Puffs-Disposable-Vape-Good-Sale.webp","type":"image\/webp"}],"twitter_card":"summary_large_image","twitter_misc":{"Est. reading time":"4 min\u016btes"},"schema":{"@context":"https:\/\/schema.org","@graph":[{"@type":"WebPage","@id":"https:\/\/vapebulkp.com\/product\/bang-king-35000-puffs-wholesale-puff-tornado-vape\/","url":"https:\/\/vapebulkp.com\/product\/bang-king-35000-puffs-wholesale-puff-tornado-vape\/","name":"Bang King 35000 Puffs Wholesale Puff Tornado Vape - vapebulkp.com","isPartOf":{"@id":"https:\/\/vapebulkp.com\/#website"},"datePublished":"2025-01-06T06:24:49+00:00","dateModified":"2025-09-16T09:29:20+00:00","description":"Shop Bang King 35000 Puffs Wholesale Puff Tornado Vape at Vapebulkp.com. Featuring 35,000 puffs, 23ml e-liquid, 0.6\u03a9 mesh coil, Type-C charging. Perfect for European retailers and vapers seeking high-capacity disposable vapes.","breadcrumb":{"@id":"https:\/\/vapebulkp.com\/product\/bang-king-35000-puffs-wholesale-puff-tornado-vape\/#breadcrumb"},"inLanguage":"lv-LV","potentialAction":[{"@type":"ReadAction","target":["https:\/\/vapebulkp.com\/product\/bang-king-35000-puffs-wholesale-puff-tornado-vape\/"]}]},{"@type":"BreadcrumbList","@id":"https:\/\/vapebulkp.com\/product\/bang-king-35000-puffs-wholesale-puff-tornado-vape\/#breadcrumb","itemListElement":[{"@type":"ListItem","position":1,"name":"Home","item":"https:\/\/vapebulkp.com\/"},{"@type":"ListItem","position":2,"name":"Hot Trend Vapes","item":"https:\/\/vapebulkp.com\/vape-shop\/"},{"@type":"ListItem","position":3,"name":"Bang King 35000 Puffs Wholesale Puff Tornado Vape"}]},{"@type":"WebSite","@id":"https:\/\/vapebulkp.com\/#website","url":"https:\/\/vapebulkp.com\/","name":"vapebulkp.com","description":"Buy Vape In Cheap Bulk Price Near you","publisher":{"@id":"https:\/\/vapebulkp.com\/#organization"},"potentialAction":[{"@type":"SearchAction","target":{"@type":"EntryPoint","urlTemplate":"https:\/\/vapebulkp.com\/?s={search_term_string}"},"query-input":"required name=search_term_string"}],"inLanguage":"lv-LV"},{"@type":"Organization","@id":"https:\/\/vapebulkp.com\/#organization","name":"vapebulkp.com","url":"https:\/\/vapebulkp.com\/","logo":{"@type":"ImageObject","inLanguage":"lv-LV","@id":"https:\/\/vapebulkp.com\/#\/schema\/logo\/image\/","url":"https:\/\/vapebulkp.com\/wp-content\/uploads\/2023\/09\/cropped-vapebulkp.png","contentUrl":"https:\/\/vapebulkp.com\/wp-content\/uploads\/2023\/09\/cropped-vapebulkp.png","width":516,"height":163,"caption":"vapebulkp.com"},"image":{"@id":"https:\/\/vapebulkp.com\/#\/schema\/logo\/image\/"}}]}},"uagb_featured_image_src":{"full":["https:\/\/vapebulkp.com\/wp-content\/uploads\/2025\/01\/Bang-King-35000-Puffs-Disposable-Vape-Good-Sale.webp",800,800,false],"thumbnail":["https:\/\/vapebulkp.com\/wp-content\/uploads\/2025\/01\/Bang-King-35000-Puffs-Disposable-Vape-Good-Sale-150x150.webp",150,150,true],"medium":["https:\/\/vapebulkp.com\/wp-content\/uploads\/2025\/01\/Bang-King-35000-Puffs-Disposable-Vape-Good-Sale-300x300.webp",300,300,true],"medium_large":["https:\/\/vapebulkp.com\/wp-content\/uploads\/2025\/01\/Bang-King-35000-Puffs-Disposable-Vape-Good-Sale-768x768.webp",768,768,true],"large":["https:\/\/vapebulkp.com\/wp-content\/uploads\/2025\/01\/Bang-King-35000-Puffs-Disposable-Vape-Good-Sale.webp",800,800,false],"1536x1536":["https:\/\/vapebulkp.com\/wp-content\/uploads\/2025\/01\/Bang-King-35000-Puffs-Disposable-Vape-Good-Sale.webp",800,800,false],"2048x2048":["https:\/\/vapebulkp.com\/wp-content\/uploads\/2025\/01\/Bang-King-35000-Puffs-Disposable-Vape-Good-Sale.webp",800,800,false],"trp-custom-language-flag":["https:\/\/vapebulkp.com\/wp-content\/uploads\/2025\/01\/Bang-King-35000-Puffs-Disposable-Vape-Good-Sale.webp",12,12,false],"woocommerce_thumbnail":["https:\/\/vapebulkp.com\/wp-content\/uploads\/2025\/01\/Bang-King-35000-Puffs-Disposable-Vape-Good-Sale-300x300.webp",300,300,true],"woocommerce_single":["https:\/\/vapebulkp.com\/wp-content\/uploads\/2025\/01\/Bang-King-35000-Puffs-Disposable-Vape-Good-Sale-600x600.webp",600,600,true],"woocommerce_gallery_thumbnail":["https:\/\/vapebulkp.com\/wp-content\/uploads\/2025\/01\/Bang-King-35000-Puffs-Disposable-Vape-Good-Sale-100x100.webp",100,100,true],"wcpr-photo-reviews":["https:\/\/vapebulkp.com\/wp-content\/uploads\/2025\/01\/Bang-King-35000-Puffs-Disposable-Vape-Good-Sale.webp",500,500,false]},"uagb_author_info":{"display_name":"Mandy vape bulk price","author_link":"https:\/\/vapebulkp.com\/lv\/author\/"},"uagb_comment_info":0,"uagb_excerpt":"Bang King 35000 Puffs Disposable Vape, featuring a massive 35,000 puff capacity, 23ml e-liquid, 1000mAh battery, and 0.6\u03a9 mesh coil for superior flavor. Available in bulk at Vapebulkp.com with multiple nicotine options and Type-C rechargeability\u2014the ultimate choice for wholesale high-capacity vapes. Pls Contact Mandy's WhatsApp For Discount Price+8618077105796 NOTE: Prices on our website does not&hellip;","_links":{"self":[{"href":"https:\/\/vapebulkp.com\/lv\/wp-json\/wp\/v2\/product\/3345","targetHints":{"allow":["GET"]}}],"collection":[{"href":"https:\/\/vapebulkp.com\/lv\/wp-json\/wp\/v2\/product"}],"about":[{"href":"https:\/\/vapebulkp.com\/lv\/wp-json\/wp\/v2\/types\/product"}],"replies":[{"embeddable":true,"href":"https:\/\/vapebulkp.com\/lv\/wp-json\/wp\/v2\/comments?post=3345"}],"wp:featuredmedia":[{"embeddable":true,"href":"https:\/\/vapebulkp.com\/lv\/wp-json\/wp\/v2\/media\/3353"}],"wp:attachment":[{"href":"https:\/\/vapebulkp.com\/lv\/wp-json\/wp\/v2\/media?parent=3345"}],"wp:term":[{"taxonomy":"product_cat","embeddable":true,"href":"https:\/\/vapebulkp.com\/lv\/wp-json\/wp\/v2\/product_cat?post=3345"},{"taxonomy":"product_tag","embeddable":true,"href":"https:\/\/vapebulkp.com\/lv\/wp-json\/wp\/v2\/product_tag?post=3345"}],"curies":[{"name":"wp","href":"https:\/\/api.w.org\/{rel}","templated":true}]}}