{"id":3412,"date":"2025-01-30T09:00:36","date_gmt":"2025-01-30T08:00:36","guid":{"rendered":"https:\/\/vapebulkp.com\/?post_type=product&#038;p=3412"},"modified":"2025-09-03T09:21:22","modified_gmt":"2025-09-03T07:21:22","slug":"evappe-deluxe-bar-18000-puffs-high-performance-waka-vape-pod","status":"publish","type":"product","link":"https:\/\/vapebulkp.com\/lv\/product\/evappe-deluxe-bar-18000-puffs-high-performance-waka-vape-pod\/","title":{"rendered":"Evappe Deluxe Bar 18000 Puffs Augstas veiktsp\u0113jas Waka Vape Pods"},"content":{"rendered":"<h2 style=\"text-align: left\">Evappe Deluxe Bar 18000 Puffs Augstas veiktsp\u0113jas Waka Vape Pods<\/h2>\n<p>&nbsp;<\/p>\n<p>Tas <strong>Evappe Deluxe Bar 18000 Pufi Augstas Veiktsp\u0113jas Vape Pods<\/strong> pied\u0101v\u0101 izcilu, premium iztvaiko\u0161anas pieredzi, kas paredz\u0113ta izsmalcin\u0101tam tvaic\u0113t\u0101jam. Pateicoties inovat\u012bvajam dizainam un modern\u0101kaj\u0101m tehnolo\u0123ij\u0101m, \u0161is vienreizlietojamais iztvaic\u0113t\u0101js nodro\u0161ina l\u012bdz pat 18 000 piep\u016b\u0161am ar konsekventu, augstas kvalit\u0101tes tvaiku. Neatkar\u012bgi no t\u0101, vai mekl\u0113jat maigu, apmierino\u0161u nikot\u012bna devu vai ieskaujo\u0161u gar\u0161as profilu, 18000 piep\u016b\u0161amais Evappe Deluxe Bar garant\u0113 abus, padarot to par ide\u0101lu izv\u0113li gan pieredz\u0113ju\u0161iem tvaic\u0113t\u0101jiem, gan ies\u0101c\u0113jiem.<\/p>\n<p>Piepild\u012bts ar d\u0101sniem 25 ml e-\u0161\u0137idruma un pieejams 2% un 5% nikot\u012bna stiprumos, tas pied\u0101v\u0101 elast\u012bbu, lai apmierin\u0101tu person\u012bg\u0101s v\u0113lmes. T\u0101 uzlabot\u0101 0,6\u03a9 sieta spoles tehnolo\u0123ija nodro\u0161ina \u0101tru tvaiku ra\u017eo\u0161anu, optimiz\u0113jot gar\u0161u un nodro\u0161inot maigu kakla saj\u016btu. 750 mAh uzl\u0101d\u0113jam\u0101 akumulatora ar Type-C uzl\u0101des portu iek\u013cau\u0161ana nodro\u0161ina ilg\u0101ku un uzticam\u0101ku darb\u012bbu, kas ir ide\u0101li piem\u0113rota ilgsto\u0161ai lieto\u0161anai.<\/p>\n<p>Izstr\u0101d\u0101ts, dom\u0101jot gan par stilu, gan praktiskumu, Top Sale Vape Evappe Deluxe Bar 18k puff ir gl\u012bts, moderns izskats, savuk\u0101rt DTL (Direct-to-Lung) displejs nodro\u0161ina re\u0101llaika lieto\u0161anas datus. \u0160is vape pod ir izgatavots maksim\u0101lam \u0113rt\u012bgumam, pied\u0101v\u0101jot videi draudz\u012bgu un lietot\u0101jam draudz\u012bgu risin\u0101jumu vapingam, neapdraudot gar\u0161u vai kvalit\u0101ti.<\/p>\n<p>Izv\u0113lieties <strong>Augstas veiktsp\u0113jas <\/strong><strong>Evappe Deluxe B\u0101rs <a href=\"https:\/\/vapebulkp.com\/lv\/product-category\/18000-puffs-disposable-vape\/\">18000 d\u016bmu vienreiz\u0113j\u0101s lieto\u0161anas elektronisk\u0101 cigarete <\/a><\/strong>pa paaugstin\u0101tu iztvaiko\u0161anas pieredzi ar izcilu dizainu, modern\u0101kaj\u0101m tehnolo\u0123ij\u0101m un konsekventu veiktsp\u0113ju.<\/p>\n<h6>L\u016bdzu, sazinieties ar Mandijas WhatsApp, lai sa\u0146emtu atlaides cenu<a href=\"https:\/\/wa.me\/8618077105796\">+8618077105796<\/a><\/h6>\n<p><img decoding=\"async\" class=\"alignnone wp-image-2151\" src=\"http:\/\/vapebulkp.com\/wp-content\/uploads\/2024\/04\/Mandy-WhatsApp-Randm.jpg\" alt=\"Mandy WhatsApp Randi\" width=\"324\" height=\"330\" \/><\/p>\n<h2><strong>Evappe Deluxe Bar 18000 Puffs Vienreiz\u0113j\u0101s lieto\u0161anas vape bie\u017ei uzdotie jaut\u0101jumi:<\/strong><\/h2>\n<p><strong>Cik ilgi kalpos Evappe Deluxe Bar 18k Puffs?<\/strong><br \/>\nIer\u012bce ir paredz\u0113ta l\u012bdz pat 18 000 uzp\u016btienu, atkar\u012bb\u0101 no lieto\u0161anas paradumiem, padarot to ide\u0101li piem\u0113rotu ilgsto\u0161\u0101m iztvaiko\u0161anas sesij\u0101m.<\/p>\n<p><strong>Q2: Vai Evappe Deluxe Bar ir uzl\u0101d\u0113jams?<\/strong><br \/>\nJ\u0101, tam ir 750 mAh uzl\u0101d\u0113jams akumulators ar C tipa uzl\u0101des portu \u0101tram un \u0113rtam uzl\u0101d\u0113\u0161anai.<\/p>\n<p><strong>J5: Cik daudz e-\u0161\u0137idruma satur ier\u012bce?<\/strong><br \/>\nKatra Evappe Deluxe Bar ir iepriek\u0161 piepild\u012bta ar 25 ml augstas kvalit\u0101tes e-\u0161\u0137idruma, nodro\u0161inot ilgsto\u0161u lieto\u0161anu.<\/p>\n<p><strong>J9: Vai Evappe Deluxe Bar ir displejs?<\/strong><br \/>\nJ\u0101, tas ietver DTL displeju, lai \u0113rti uzraudz\u012btu j\u016bsu iztvaiko\u0161anas sesijas.<\/p>\n<p><strong>J10: Kur es varu ieg\u0101d\u0101ties Evappe Deluxe Bar?<\/strong><br \/>\nEvappe Deluxe Bar varat ieg\u0101d\u0101ties pie pilnvarotiem mazumtirgot\u0101jiem vai tie\u0161saistes veikalos, piem\u0113ram, Vapebulkp.com.<\/p>\n<h2><\/h2>\n<h3><strong>Vairumtirdzniec\u012bba Evappe Deluxe Bar 18000 P\u016btienu Funkcijas:<\/strong><\/h3>\n<ul>\n<li><strong>P\u016btienu skaits:<\/strong> L\u012bdz 18 000 p\u016btienu ar tie\u0161o plau\u0161u (DTL) iztvaiko\u0161anas pieredzi.<\/li>\n<li><strong>Nikot\u012bna stiprums:<\/strong> Pieejams 2% un 5% nikot\u012bna iesp\u0113j\u0101s, lai apmierin\u0101tu da\u017e\u0101das v\u0113lmes.<\/li>\n<li><strong>E-\u0161\u0137idruma ietilp\u012bba:<\/strong> Iepriek\u0161 uzpild\u012bts ar 25 ml augst\u0101k\u0101s kvalit\u0101tes e-\u0161\u0137idruma ilgsto\u0161ai lieto\u0161anai.<\/li>\n<li><strong>Akumulators:<\/strong> 750mAh uzl\u0101d\u0113jams akumulators uzticamai, ilgsto\u0161ai darb\u012bbai.<\/li>\n<li><strong>Uzl\u0101des interfeiss:<\/strong> Apr\u012bkots ar C tipa portu \u0101tru un efekt\u012bvu uzl\u0101di.<\/li>\n<li><strong>Spoles tehnolo\u0123ija:<\/strong> Ietver 0,6\u03a9 sieta spoli uzlabotai gar\u0161ai un vienm\u0113r\u012bgai tvaika ra\u017eo\u0161anai.<\/li>\n<li><strong>Iepakojums:<\/strong> P\u0101rdod kast\u0113s, kas satur 10 vien\u012bbas, ide\u0101li piem\u0113rots lielapjoma pirkumiem vai mazumtirdzniec\u012bbas displejiem.<\/li>\n<\/ul>\n<h3>Vairumtirdzniec\u012bbas pirkums Evappe Deluxe Bar 18k P\u016btienu Gar\u0161u Varianti:<\/h3>\n<p>1.Divi \u0100boli<br \/>\n2.V\u012bnogu Piparm\u0113tra<br \/>\n3.Sul\u012bgs ledus<br \/>\n4.Ogu ledus<br \/>\n5.Melle\u0146u gumija<br \/>\n6.\u0136ir\u0161u avenes<br \/>\n7.Persiku ledus<br \/>\n8.M\u012blest\u012bba 66<br \/>\n9.Skaidrs sapnis<br \/>\n10.Zeme\u0146u d\u016briens<\/p>\n<p><a href=\"https:\/\/vapebulkp.com\/lv\/product\/fumot-tornado-25k-puffs-cheap-price-disposable-vape\/\"><span style=\"vertical-align: inherit\">RandM Tornado 25000 Pufas <\/span><\/a><\/p>\n<p><span style=\"vertical-align: inherit\">Atrast vair\u0101k produktu, kas jums var\u0113tu patikt:<\/span><em><a href=\"https:\/\/wa.me\/8618077105796\"><span style=\"vertical-align: inherit\">\u00a0Pirkt tagad<\/span><\/a><\/em><\/p>\n<p><span style=\"vertical-align: inherit\">Citas dvesmas, kas jums var\u0113tu patikt:<\/span><a href=\"https:\/\/vapebulkp.com\/lv\/product\/uwin-tornado-music-35k-puffs-vape-wholesale-nicotine-free\/\"><span style=\"vertical-align: inherit\">UWIN Tornado 35000 dvesu<\/span><\/a><span style=\"vertical-align: inherit\">\u3001<\/span><a href=\"https:\/\/vapebulkp.com\/lv\/product\/wholesale-randm-tornado-9000-puffs-germany\/\"><span style=\"vertical-align: inherit\">RandM 9000 dvesmas<\/span><\/a><span style=\"vertical-align: inherit\">\/ <\/span><a href=\"https:\/\/vapebulkp.com\/lv\/product\/wholesale-price-bang-kingdoms-rex-32000-puffs-vape-pod\/\"><span style=\"vertical-align: inherit\">Bang King doms rex 32000 dvesu<\/span><\/a><span style=\"vertical-align: inherit\">\/ <\/span><a href=\"https:\/\/vapebulkp.com\/lv\/fi\/product\/uzy-bang-digital-12000puffs-led-display-e-cigarettes\/\"><span style=\"vertical-align: inherit\">UZY Bang Digital 15000 Pufi<\/span><\/a><\/p>\n<p><span style=\"vertical-align: inherit\">\u012apa\u0161as formas e-cigare\u0161u pudele:<\/span><a href=\"https:\/\/vapebulkp.com\/lv\/product\/vapsolo-feed-bar-shisha-vape-15000-puffs-wholesale-price\/\"><span style=\"vertical-align: inherit\"> Vapsolo Feed Bar shisha 15000 Pufi<\/span><\/a><span style=\"vertical-align: inherit\">\/ <\/span><a href=\"https:\/\/vapebulkp.com\/lv\/product\/bang-28000-puffs-disposable-vape-pen-with-adjustable-ice-level\/\"><span style=\"vertical-align: inherit\">\u00a0Bang 28000 Pufi <\/span><\/a><span style=\"vertical-align: inherit\">\/<\/span><a href=\"https:\/\/vapebulkp.com\/lv\/product\/waspe-crystal-vape-40000-puffs-disposable-e-cigarette-dual-flavors-wholesale-price\/\"><span style=\"vertical-align: inherit\"> WASPE Crystal 40000 Pufi<\/span><\/a><\/p>\n<p>&nbsp;<\/p>\n<h4><strong>K\u0101p\u0113c izv\u0113l\u0113ties Evappe Deluxe Bar 18000 Pufi vietn\u0113 <a href=\"https:\/\/vapebulkp.com\/lv\/vape-shop\/\">Vapebulkp.com<\/a>?<\/strong><\/h4>\n<p>Vietn\u0113 Vapebulkp.com m\u0113s pied\u0101v\u0101jam tikai augst\u0101k\u0101s kvalit\u0101tes izstr\u0101d\u0101jumus vapingam, un <strong>Evappe Deluxe Bar 18000 Pufi<\/strong> nav iz\u0146\u0113mums. L\u016bk, k\u0101p\u0113c t\u0101 ir lieliska izv\u0113le j\u016bsu vapinga vajadz\u012bb\u0101m:<\/p>\n<ol>\n<li><strong>Premium kvalit\u0101te<\/strong> \u2013 Evappe Deluxe Bar ir izgatavots, izmantojot progres\u012bvas tehnolo\u0123ijas, nodro\u0161inot vienm\u0113r\u012bgu tvaiku, intens\u012bvu gar\u0161u un ilgsto\u0161u veiktsp\u0113ju. Ar l\u012bdz pat 18 000 pufiem un uzticamu uzl\u0101d\u0113jamu 750 mAh akumulatoru \u0161\u012b ier\u012bce garant\u0113 konsekventu un apmierino\u0161u pieredzi katru reizi.<\/li>\n<li><strong>Konkur\u0113tsp\u0113j\u012bgas cenas<\/strong> \u2013 Vapebulkp.com pied\u0101v\u0101 <strong>Evappe Deluxe Bar 18000 Pufi<\/strong>\u00a0par konkur\u0113tsp\u0113j\u012bg\u0101m cen\u0101m, padarot augst\u0101k\u0101s klases vapingu pieejamu, nezaud\u0113jot kvalit\u0101ti. Ir pieejamas ar\u012b vairumtirdzniec\u012bbas ieg\u0101des iesp\u0113jas efekt\u012bviem risin\u0101jumiem.<\/li>\n<li><strong>Pla\u0161s pied\u0101v\u0101jums<\/strong> \u2013 M\u0113s pied\u0101v\u0101jam da\u017e\u0101das nikot\u012bna stipruma pak\u0101pes (21 mg\/ml un 50 mg\/ml), kas atbilst da\u017e\u0101d\u0101m v\u0113lm\u0113m. Neatkar\u012bgi no t\u0101, vai esat ies\u0101c\u0113js vai pieredz\u0113jis vaperis, mums ir ide\u0101la konfigur\u0101cija, kas atbilst j\u016bsu vajadz\u012bb\u0101m.<\/li>\n<li><strong>\u0100tra pieg\u0101de<\/strong> \u2013 M\u016bsu operat\u012bvais un uzticamais pieg\u0101des pakalpojums nodro\u0161ina, ka j\u016bs \u0101tri un dro\u0161i sa\u0146emat savu Evappe Deluxe Bar vis\u0101 Eirop\u0101.<\/li>\n<li><strong>Uz klientu orient\u0113ts serviss<\/strong> \u2013 M\u016bsu \u012bpa\u0161\u0101 klientu atbalsta komanda ir gatava pal\u012bdz\u0113t ar visiem jaut\u0101jumiem, nodro\u0161inot, ka j\u016bsu iepirk\u0161an\u0101s pieredze ir nevainojama no s\u0101kuma l\u012bdz beig\u0101m.<\/li>\n<\/ol>\n<h5>Pieg\u0101des deta\u013cas:<\/h5>\n<p><span style=\"color: #ff6600\">Ra\u017eo\u0161anas laiks: 5-10 darba dienas<\/span><br \/>\n<span style=\"color: #ff6600\">Pieg\u0101des laiks: 8-14 darba dienas<\/span><\/p>\n<p>Visi produkti m\u016bsu veikal\u0101 ir 100% ori\u0123in\u0101li un autentiski, t\u0101p\u0113c desmitk\u0101rt\u012bga kompens\u0101cija par viltot\u0101m prec\u0113m ir m\u016bsu veikala politika. M\u0113s izmantojam t\u0101dus lo\u0123istikas kan\u0101lus k\u0101 UPS\/DHL\/FEDEX\/DPD, lai pieg\u0101d\u0101tu preces jums.<\/p>\n<p>Paci\u0146\u0101m, kas tiek s\u016bt\u012btas uz Latviju, parasti nepiecie\u0161amas 10 darba dienas, lai t\u0101s sa\u0146emtu. S\u016bt\u012bjumiem uz Eiropas valst\u012bm parasti nepiecie\u0161amas 12 l\u012bdz 15 darba dienas, lai t\u0101s sa\u0146emtu. M\u0113s atjaunin\u0101sim lo\u0123istikas inform\u0101ciju jums re\u0101llaik\u0101.<\/p>","protected":false},"excerpt":{"rendered":"<ul>\n<li><strong>Evappe Deluxe Bar 18000 Pufi Augstas veiktsp\u0113jas vienreizlietojam\u0101 vape p\u0101ksts ar sieta spoli un C tipa uzl\u0101d\u0113jamu akumulatoru<\/strong><\/li>\n<li><strong>Premium Evappe Deluxe Bar 18000 d\u016bmu vienreizlietojam\u0101 vape ar 25 ml e-\u0161\u0137idruma un 21 mg\/51 mg nikot\u012bna stiprumu<\/strong><\/li>\n<li><strong>Evappe Deluxe Bar 18000 Puffs Augstas Kvalit\u0101tes Vape Pod DTL Vapingam ar Ilgsto\u0161u Darb\u012bbu un Uzl\u0101d\u0113jamu Akumulatoru<\/strong><\/li>\n<\/ul>\n<p>L\u016bdzu, sazinieties ar Mandijas WhatsApp, lai sa\u0146emtu atlaides cenu<a href=\"https:\/\/wa.me\/8618077105796\">+8618077105796<\/a><\/p>\n<p><img decoding=\"async\" class=\"alignnone wp-image-2151\" src=\"http:\/\/vapebulkp.com\/wp-content\/uploads\/2024\/04\/Mandy-WhatsApp-Randm.jpg\" alt=\"Mandy WhatsApp Randi\" width=\"297\" height=\"316\" srcset=\"https:\/\/vapebulkp.com\/wp-content\/uploads\/2024\/04\/Mandy-WhatsApp-Randm.jpg 916w, https:\/\/vapebulkp.com\/wp-content\/uploads\/2024\/04\/Mandy-WhatsApp-Randm-282x300.jpg 282w, https:\/\/vapebulkp.com\/wp-content\/uploads\/2024\/04\/Mandy-WhatsApp-Randm-768x817.jpg 768w, https:\/\/vapebulkp.com\/wp-content\/uploads\/2024\/04\/Mandy-WhatsApp-Randm-600x638.jpg 600w\" sizes=\"(max-width: 297px) 100vw, 297px\" \/><\/p>\n<p><span style=\"color: #ff0000\">PIEZ\u012aME: Cenas m\u016bsu t\u012bmek\u013ca vietn\u0113 neietver pieg\u0101des izmaksas<\/span><\/p>\n<p>&nbsp;<\/p>","protected":false},"featured_media":3413,"comment_status":"open","ping_status":"closed","template":"","meta":{"_uag_custom_page_level_css":"","_lmt_disableupdate":"no","_lmt_disable":"","site-sidebar-layout":"default","site-content-layout":"content-boxed-container","ast-site-content-layout":"normal-width-container","site-content-style":"boxed","site-sidebar-style":"unboxed","ast-global-header-display":"","ast-banner-title-visibility":"","ast-main-header-display":"","ast-hfb-above-header-display":"","ast-hfb-below-header-display":"","ast-hfb-mobile-header-display":"","site-post-title":"","ast-breadcrumbs-content":"","ast-featured-img":"","footer-sml-layout":"","theme-transparent-header-meta":"default","adv-header-id-meta":"","stick-header-meta":"","header-above-stick-meta":"","header-main-stick-meta":"","header-below-stick-meta":"","astra-migrate-meta-layouts":"set","_joinchat":[]},"product_cat":[163,153,155,33,59,100,87,34,158,157,154,152,58,84,156],"product_tag":[205,36,37,41,40],"class_list":["post-3412","product","type-product","status-publish","has-post-thumbnail","hentry","product_cat-18000-puffs-disposable-vape","product_cat-hot-disposable-vapes","product_cat-belgium-hot-disposable-vapes","product_cat-france-vape-hot-sale","product_cat-germany-hot-disposable-vape","product_cat-germany-wholesale-vape-shop","product_cat-minimum-order-quantity-50pcs","product_cat-netherlands-vape-good-sale","product_cat-norway-hot-disposable-vapes","product_cat-poland-hot-disposable-vapes","product_cat-portugal-hot-disposable-vapes","product_cat-spain-hot-disposable-vapes","product_cat-sweden-hot-disposable-vape","product_cat-sweden-wholesale-vape","product_cat-switzerland-hot-disposable-vapes","product_tag-evappe-deluxe-bar-18000-puffs","product_tag-good-vape","product_tag-hot-sale-disposable-vape","product_tag-poland-hot-vape","product_tag-sweden-hot-vape","desktop-align-left","tablet-align-left","mobile-align-left"],"yoast_head":"<!-- This site is optimized with the Yoast SEO plugin v21.1 - https:\/\/yoast.com\/wordpress\/plugins\/seo\/ -->\n<title>Evappe Deluxe Bar 18000 Puffs High-Performance Waka Vape Pod - vapebulkp.com<\/title>\n<meta name=\"description\" content=\"Best Sale Evappe Deluxe Bar 18000 Puffs offers long-lasting, smooth vapor with 25ml e-liquid and rechargeable convenience for premium vaping.\" \/>\n<meta name=\"robots\" content=\"index, follow, max-snippet:-1, max-image-preview:large, max-video-preview:-1\" \/>\n<link rel=\"canonical\" href=\"https:\/\/vapebulkp.com\/lv\/product\/evappe-deluxe-bar-18000-puffs-high-performance-waka-vape-pod\/\" \/>\n<meta property=\"og:locale\" content=\"lv_LV\" \/>\n<meta property=\"og:type\" content=\"article\" \/>\n<meta property=\"og:title\" content=\"Evappe Deluxe Bar 18000 Puffs High-Performance Waka Vape Pod - vapebulkp.com\" \/>\n<meta property=\"og:description\" content=\"Best Sale Evappe Deluxe Bar 18000 Puffs offers long-lasting, smooth vapor with 25ml e-liquid and rechargeable convenience for premium vaping.\" \/>\n<meta property=\"og:url\" content=\"https:\/\/vapebulkp.com\/lv\/product\/evappe-deluxe-bar-18000-puffs-high-performance-waka-vape-pod\/\" \/>\n<meta property=\"og:site_name\" content=\"vapebulkp.com\" \/>\n<meta property=\"article:modified_time\" content=\"2025-09-03T07:21:22+00:00\" \/>\n<meta property=\"og:image\" content=\"http:\/\/vapebulkp.com\/wp-content\/uploads\/2025\/01\/Evappe-Deluxe-Bar-18000-Puff-Advanced-Vaping-Solution.webp\" \/>\n\t<meta property=\"og:image:width\" content=\"800\" \/>\n\t<meta property=\"og:image:height\" content=\"800\" \/>\n\t<meta property=\"og:image:type\" content=\"image\/webp\" \/>\n<meta name=\"twitter:card\" content=\"summary_large_image\" \/>\n<meta name=\"twitter:label1\" content=\"Est. reading time\" \/>\n\t<meta name=\"twitter:data1\" content=\"4 min\u016btes\" \/>\n<script type=\"application\/ld+json\" class=\"yoast-schema-graph\">{\"@context\":\"https:\/\/schema.org\",\"@graph\":[{\"@type\":\"WebPage\",\"@id\":\"https:\/\/vapebulkp.com\/product\/evappe-deluxe-bar-18000-puffs-high-performance-waka-vape-pod\/\",\"url\":\"https:\/\/vapebulkp.com\/product\/evappe-deluxe-bar-18000-puffs-high-performance-waka-vape-pod\/\",\"name\":\"Evappe Deluxe Bar 18000 Puffs High-Performance Waka Vape Pod - vapebulkp.com\",\"isPartOf\":{\"@id\":\"https:\/\/vapebulkp.com\/#website\"},\"datePublished\":\"2025-01-30T08:00:36+00:00\",\"dateModified\":\"2025-09-03T07:21:22+00:00\",\"description\":\"Best Sale Evappe Deluxe Bar 18000 Puffs offers long-lasting, smooth vapor with 25ml e-liquid and rechargeable convenience for premium vaping.\",\"breadcrumb\":{\"@id\":\"https:\/\/vapebulkp.com\/product\/evappe-deluxe-bar-18000-puffs-high-performance-waka-vape-pod\/#breadcrumb\"},\"inLanguage\":\"lv-LV\",\"potentialAction\":[{\"@type\":\"ReadAction\",\"target\":[\"https:\/\/vapebulkp.com\/product\/evappe-deluxe-bar-18000-puffs-high-performance-waka-vape-pod\/\"]}]},{\"@type\":\"BreadcrumbList\",\"@id\":\"https:\/\/vapebulkp.com\/product\/evappe-deluxe-bar-18000-puffs-high-performance-waka-vape-pod\/#breadcrumb\",\"itemListElement\":[{\"@type\":\"ListItem\",\"position\":1,\"name\":\"Home\",\"item\":\"https:\/\/vapebulkp.com\/\"},{\"@type\":\"ListItem\",\"position\":2,\"name\":\"Hot Trend Vapes\",\"item\":\"https:\/\/vapebulkp.com\/vape-shop\/\"},{\"@type\":\"ListItem\",\"position\":3,\"name\":\"Evappe Deluxe Bar 18000 Puffs High-Performance Waka Vape Pod\"}]},{\"@type\":\"WebSite\",\"@id\":\"https:\/\/vapebulkp.com\/#website\",\"url\":\"https:\/\/vapebulkp.com\/\",\"name\":\"vapebulkp.com\",\"description\":\"Buy Vape In Cheap Bulk Price Near you\",\"publisher\":{\"@id\":\"https:\/\/vapebulkp.com\/#organization\"},\"potentialAction\":[{\"@type\":\"SearchAction\",\"target\":{\"@type\":\"EntryPoint\",\"urlTemplate\":\"https:\/\/vapebulkp.com\/?s={search_term_string}\"},\"query-input\":\"required name=search_term_string\"}],\"inLanguage\":\"lv-LV\"},{\"@type\":\"Organization\",\"@id\":\"https:\/\/vapebulkp.com\/#organization\",\"name\":\"vapebulkp.com\",\"url\":\"https:\/\/vapebulkp.com\/\",\"logo\":{\"@type\":\"ImageObject\",\"inLanguage\":\"lv-LV\",\"@id\":\"https:\/\/vapebulkp.com\/#\/schema\/logo\/image\/\",\"url\":\"https:\/\/vapebulkp.com\/wp-content\/uploads\/2023\/09\/cropped-vapebulkp.png\",\"contentUrl\":\"https:\/\/vapebulkp.com\/wp-content\/uploads\/2023\/09\/cropped-vapebulkp.png\",\"width\":516,\"height\":163,\"caption\":\"vapebulkp.com\"},\"image\":{\"@id\":\"https:\/\/vapebulkp.com\/#\/schema\/logo\/image\/\"}}]}<\/script>\n<!-- \/ Yoast SEO plugin. -->","yoast_head_json":{"title":"Evappe Deluxe Bar 18000 Puffs High-Performance Waka Vape Pod - vapebulkp.com","description":"Best Sale Evappe Deluxe Bar 18000 Puffs offers long-lasting, smooth vapor with 25ml e-liquid and rechargeable convenience for premium vaping.","robots":{"index":"index","follow":"follow","max-snippet":"max-snippet:-1","max-image-preview":"max-image-preview:large","max-video-preview":"max-video-preview:-1"},"canonical":"https:\/\/vapebulkp.com\/lv\/product\/evappe-deluxe-bar-18000-puffs-high-performance-waka-vape-pod\/","og_locale":"lv_LV","og_type":"article","og_title":"Evappe Deluxe Bar 18000 Puffs High-Performance Waka Vape Pod - vapebulkp.com","og_description":"Best Sale Evappe Deluxe Bar 18000 Puffs offers long-lasting, smooth vapor with 25ml e-liquid and rechargeable convenience for premium vaping.","og_url":"https:\/\/vapebulkp.com\/lv\/product\/evappe-deluxe-bar-18000-puffs-high-performance-waka-vape-pod\/","og_site_name":"vapebulkp.com","article_modified_time":"2025-09-03T07:21:22+00:00","og_image":[{"width":800,"height":800,"url":"http:\/\/vapebulkp.com\/wp-content\/uploads\/2025\/01\/Evappe-Deluxe-Bar-18000-Puff-Advanced-Vaping-Solution.webp","type":"image\/webp"}],"twitter_card":"summary_large_image","twitter_misc":{"Est. reading time":"4 min\u016btes"},"schema":{"@context":"https:\/\/schema.org","@graph":[{"@type":"WebPage","@id":"https:\/\/vapebulkp.com\/product\/evappe-deluxe-bar-18000-puffs-high-performance-waka-vape-pod\/","url":"https:\/\/vapebulkp.com\/product\/evappe-deluxe-bar-18000-puffs-high-performance-waka-vape-pod\/","name":"Evappe Deluxe Bar 18000 Puffs High-Performance Waka Vape Pod - vapebulkp.com","isPartOf":{"@id":"https:\/\/vapebulkp.com\/#website"},"datePublished":"2025-01-30T08:00:36+00:00","dateModified":"2025-09-03T07:21:22+00:00","description":"Best Sale Evappe Deluxe Bar 18000 Puffs offers long-lasting, smooth vapor with 25ml e-liquid and rechargeable convenience for premium vaping.","breadcrumb":{"@id":"https:\/\/vapebulkp.com\/product\/evappe-deluxe-bar-18000-puffs-high-performance-waka-vape-pod\/#breadcrumb"},"inLanguage":"lv-LV","potentialAction":[{"@type":"ReadAction","target":["https:\/\/vapebulkp.com\/product\/evappe-deluxe-bar-18000-puffs-high-performance-waka-vape-pod\/"]}]},{"@type":"BreadcrumbList","@id":"https:\/\/vapebulkp.com\/product\/evappe-deluxe-bar-18000-puffs-high-performance-waka-vape-pod\/#breadcrumb","itemListElement":[{"@type":"ListItem","position":1,"name":"Home","item":"https:\/\/vapebulkp.com\/"},{"@type":"ListItem","position":2,"name":"Hot Trend Vapes","item":"https:\/\/vapebulkp.com\/vape-shop\/"},{"@type":"ListItem","position":3,"name":"Evappe Deluxe Bar 18000 Puffs High-Performance Waka Vape Pod"}]},{"@type":"WebSite","@id":"https:\/\/vapebulkp.com\/#website","url":"https:\/\/vapebulkp.com\/","name":"vapebulkp.com","description":"Buy Vape In Cheap Bulk Price Near you","publisher":{"@id":"https:\/\/vapebulkp.com\/#organization"},"potentialAction":[{"@type":"SearchAction","target":{"@type":"EntryPoint","urlTemplate":"https:\/\/vapebulkp.com\/?s={search_term_string}"},"query-input":"required name=search_term_string"}],"inLanguage":"lv-LV"},{"@type":"Organization","@id":"https:\/\/vapebulkp.com\/#organization","name":"vapebulkp.com","url":"https:\/\/vapebulkp.com\/","logo":{"@type":"ImageObject","inLanguage":"lv-LV","@id":"https:\/\/vapebulkp.com\/#\/schema\/logo\/image\/","url":"https:\/\/vapebulkp.com\/wp-content\/uploads\/2023\/09\/cropped-vapebulkp.png","contentUrl":"https:\/\/vapebulkp.com\/wp-content\/uploads\/2023\/09\/cropped-vapebulkp.png","width":516,"height":163,"caption":"vapebulkp.com"},"image":{"@id":"https:\/\/vapebulkp.com\/#\/schema\/logo\/image\/"}}]}},"uagb_featured_image_src":{"full":["https:\/\/vapebulkp.com\/wp-content\/uploads\/2025\/01\/Evappe-Deluxe-Bar-18000-Puff-Advanced-Vaping-Solution.webp",800,800,false],"thumbnail":["https:\/\/vapebulkp.com\/wp-content\/uploads\/2025\/01\/Evappe-Deluxe-Bar-18000-Puff-Advanced-Vaping-Solution-150x150.webp",150,150,true],"medium":["https:\/\/vapebulkp.com\/wp-content\/uploads\/2025\/01\/Evappe-Deluxe-Bar-18000-Puff-Advanced-Vaping-Solution-300x300.webp",300,300,true],"medium_large":["https:\/\/vapebulkp.com\/wp-content\/uploads\/2025\/01\/Evappe-Deluxe-Bar-18000-Puff-Advanced-Vaping-Solution-768x768.webp",768,768,true],"large":["https:\/\/vapebulkp.com\/wp-content\/uploads\/2025\/01\/Evappe-Deluxe-Bar-18000-Puff-Advanced-Vaping-Solution.webp",800,800,false],"1536x1536":["https:\/\/vapebulkp.com\/wp-content\/uploads\/2025\/01\/Evappe-Deluxe-Bar-18000-Puff-Advanced-Vaping-Solution.webp",800,800,false],"2048x2048":["https:\/\/vapebulkp.com\/wp-content\/uploads\/2025\/01\/Evappe-Deluxe-Bar-18000-Puff-Advanced-Vaping-Solution.webp",800,800,false],"trp-custom-language-flag":["https:\/\/vapebulkp.com\/wp-content\/uploads\/2025\/01\/Evappe-Deluxe-Bar-18000-Puff-Advanced-Vaping-Solution.webp",12,12,false],"woocommerce_thumbnail":["https:\/\/vapebulkp.com\/wp-content\/uploads\/2025\/01\/Evappe-Deluxe-Bar-18000-Puff-Advanced-Vaping-Solution-300x300.webp",300,300,true],"woocommerce_single":["https:\/\/vapebulkp.com\/wp-content\/uploads\/2025\/01\/Evappe-Deluxe-Bar-18000-Puff-Advanced-Vaping-Solution-600x600.webp",600,600,true],"woocommerce_gallery_thumbnail":["https:\/\/vapebulkp.com\/wp-content\/uploads\/2025\/01\/Evappe-Deluxe-Bar-18000-Puff-Advanced-Vaping-Solution-100x100.webp",100,100,true],"wcpr-photo-reviews":["https:\/\/vapebulkp.com\/wp-content\/uploads\/2025\/01\/Evappe-Deluxe-Bar-18000-Puff-Advanced-Vaping-Solution.webp",500,500,false]},"uagb_author_info":{"display_name":"Mandy vape bulk price","author_link":"https:\/\/vapebulkp.com\/lv\/author\/"},"uagb_comment_info":0,"uagb_excerpt":"Evappe Deluxe Bar 18000 Puffs High-Performance Disposable Vape Pod with Mesh Coil and Type-C Rechargeable Battery Premium Evappe Deluxe Bar 18000 Puff Disposable Vape with 25ml E-liquid and 2%\/5% Nicotine Strength Evappe Deluxe Bar 18000 Puffs High-Quality Vape Pod for DTL Vaping with Long-Lasting Performance and Rechargeable Battery Pls Contact Mandy's WhatsApp For Discount Price+8618077105796&hellip;","_links":{"self":[{"href":"https:\/\/vapebulkp.com\/lv\/wp-json\/wp\/v2\/product\/3412","targetHints":{"allow":["GET"]}}],"collection":[{"href":"https:\/\/vapebulkp.com\/lv\/wp-json\/wp\/v2\/product"}],"about":[{"href":"https:\/\/vapebulkp.com\/lv\/wp-json\/wp\/v2\/types\/product"}],"replies":[{"embeddable":true,"href":"https:\/\/vapebulkp.com\/lv\/wp-json\/wp\/v2\/comments?post=3412"}],"wp:featuredmedia":[{"embeddable":true,"href":"https:\/\/vapebulkp.com\/lv\/wp-json\/wp\/v2\/media\/3413"}],"wp:attachment":[{"href":"https:\/\/vapebulkp.com\/lv\/wp-json\/wp\/v2\/media?parent=3412"}],"wp:term":[{"taxonomy":"product_cat","embeddable":true,"href":"https:\/\/vapebulkp.com\/lv\/wp-json\/wp\/v2\/product_cat?post=3412"},{"taxonomy":"product_tag","embeddable":true,"href":"https:\/\/vapebulkp.com\/lv\/wp-json\/wp\/v2\/product_tag?post=3412"}],"curies":[{"name":"wp","href":"https:\/\/api.w.org\/{rel}","templated":true}]}}