{"id":3429,"date":"2025-02-07T10:00:01","date_gmt":"2025-02-07T09:00:01","guid":{"rendered":"https:\/\/vapebulkp.com\/?post_type=product&#038;p=3429"},"modified":"2025-09-24T05:51:45","modified_gmt":"2025-09-24T03:51:45","slug":"jnr-power-mate-30000-puffs-wholesale-pocket-hookah-disposable-vape","status":"publish","type":"product","link":"https:\/\/vapebulkp.com\/lv\/products\/jnr-power-mate-30000-puffs-wholesale-pocket-hookah-disposable-vape\/","title":{"rendered":"JNR Power Mate 30000 dvesmas Vairumtirdzniec\u012bbas Kabatas \u016bdensp\u012bpe Vienreiz\u0113j\u0101s lieto\u0161anas Vape"},"content":{"rendered":"<h2 style=\"text-align: left\">JNR Power Mate 30000 dvesmas Vairumtirdzniec\u012bbas Kabatas \u016bdensp\u012bpe Vienreiz\u0113j\u0101s lieto\u0161anas Vape<\/h2>\n<p>Tas <strong>JNR Power Mate 30000 dvesmas Vairumtirdzniec\u012bbas Kabatas \u016bdensp\u012bpe Vienreiz\u0113j\u0101s lieto\u0161anas Vape<\/strong> ir premium ier\u012bce, kas rad\u012bta tvaic\u0113t\u0101jiem, kuri pieprasa izcil\u012bbu. Ar iespaid\u012bgu <strong>30 000 p\u016btienu skaitu<\/strong>, t\u0101 pied\u0101v\u0101 nep\u0101rsp\u0113jamu ilgm\u016b\u017e\u012bbu un apmierin\u0101t\u012bbu. Iepriek\u0161 uzpild\u012bta ar <strong>19 ml e-\u0161\u0137idruma<\/strong> un <strong>2% nikot\u012bna stiprumu<\/strong>, t\u0101 nodro\u0161ina maigas, konsekventas gar\u0161as paaugstin\u0101tai tvaic\u0113\u0161anas pieredzei.<\/p>\n<p>Apr\u012bkots ar <strong>5000mAh baro\u0161anas banka<\/strong>, t\u0101 kalpo ar\u012b k\u0101 p\u0101rn\u0113s\u0101jams l\u0101d\u0113t\u0101js maksim\u0101lam \u0113rtumam. The <strong>dubult\u0101 sieta spole<\/strong> nodro\u0161ina uzlabotu gar\u0161as ra\u017eo\u0161anu, savuk\u0101rt <strong>viedais ekr\u0101ns<\/strong> par\u0101da dvesmu skaitu un akumulatora statusu \u0113rtai lieto\u0161anai. Ar sl\u0113ptiem <strong>C tipa un lightning kabe\u013ciem<\/strong>, \u0161is <strong>kabatas \u016bdensp\u012bpe e-cigarete<\/strong> ir ide\u0101li piem\u0113rota uzl\u0101dei, atrodoties ce\u013c\u0101.<\/p>\n<p>Pieejams par <strong>vairumtirdzniec\u012bbas cenas<\/strong>, JNR Power Mate <strong><a href=\"https:\/\/vapebulkp.com\/lv\/produkta-kategorija\/30000-puff-disposable-vape\/\">30000 uzp\u016btienu vienreizlietojams iztvaikot\u0101js<\/a><\/strong> ir ide\u0101li piem\u0113rota liela apjoma pirc\u0113jiem, kuri mekl\u0113 augstas veiktsp\u0113jas vienreiz\u0113j\u0101s lieto\u0161anas e-cigaretes. Gluds, funkcion\u0101ls un uzticams, \u0161is ir galvenais risin\u0101jums augst\u0101k\u0101s kvalit\u0101tes tvaic\u0113\u0161anai.<\/p>\n<p>&nbsp;<\/p>\n<h6>L\u016bdzu, sazinieties ar Mandijas WhatsApp, lai sa\u0146emtu atlaides cenu<a href=\"https:\/\/wa.me\/8618077105796\">+8618077105796<\/a><\/h6>\n<p><img decoding=\"async\" class=\"alignnone wp-image-2151\" src=\"http:\/\/vapebulkp.com\/wp-content\/uploads\/2024\/04\/Mandy-WhatsApp-Randm.jpg\" alt=\"Mandy WhatsApp Randi\" width=\"287\" height=\"305\" srcset=\"https:\/\/vapebulkp.com\/wp-content\/uploads\/2024\/04\/Mandy-WhatsApp-Randm.jpg 916w, https:\/\/vapebulkp.com\/wp-content\/uploads\/2024\/04\/Mandy-WhatsApp-Randm-282x300.jpg 282w, https:\/\/vapebulkp.com\/wp-content\/uploads\/2024\/04\/Mandy-WhatsApp-Randm-768x817.jpg 768w, https:\/\/vapebulkp.com\/wp-content\/uploads\/2024\/04\/Mandy-WhatsApp-Randm-600x638.jpg 600w\" sizes=\"(max-width: 287px) 100vw, 287px\" \/><\/p>\n<h2><strong>K\u0101p\u0113c izv\u0113l\u0113ties JNR Power Mate 30k dvesmas vienreiz\u0113j\u0101s lieto\u0161anas e-cigareti no Vapebulkp.com?<\/strong><\/h2>\n<ul>\n<li><strong>Nep\u0101rsp\u0113jama produkta kvalit\u0101te<\/strong><br \/>\nVapebulkp.com prioritiz\u0113 augst\u0101k\u0101s kvalit\u0101tes iztvaic\u0113t\u0101jus, piem\u0113ram, JNR Power Mate 30000 Puffs. \u0160\u012b ier\u012bce apvieno izcilu konstrukcijas kvalit\u0101ti un ilgsto\u0161u veiktsp\u0113ju.<\/li>\n<li><strong>Konkur\u0113tsp\u0113j\u012bgas vairumtirdzniec\u012bbas cenas<\/strong><br \/>\nVapebulkp.com pied\u0101v\u0101 JNR Power Mate par nep\u0101rsp\u0113jam\u0101m cen\u0101m individu\u0101liem un vairumtirdzniec\u012bbas pirkumiem. Vairumtirdzniec\u012bbas pirc\u0113jiem ir pieejami izdev\u012bgi pied\u0101v\u0101jumi, kas nodro\u0161ina lielisku v\u0113rt\u012bbu, neapdraudot kvalit\u0101ti.<\/li>\n<li><strong>Uzticama pieg\u0101de vis\u0101 Eirop\u0101<\/strong><br \/>\nM\u0113s specializ\u0113jamies \u0101tr\u0101 un dro\u0161\u0101 pieg\u0101d\u0113 uz Eiropas valst\u012bm, nodro\u0161inot, ka j\u016bsu JNR Power Mate ier\u012bces tiek pieg\u0101d\u0101tas \u0101tri un izcil\u0101 st\u0101vokl\u012b.<\/li>\n<li><strong>\u012apa\u0161a klientu apkalpo\u0161ana<\/strong><br \/>\nM\u016bsu klientu apkalpo\u0161anas komanda vienm\u0113r ir gatava pal\u012bdz\u0113t ar jaut\u0101jumiem par JNR Power Mate vai citiem produktiem. No pas\u016bt\u012bjuma veik\u0161anas l\u012bdz p\u0113cp\u0101rdo\u0161anas atbalstam, m\u0113s esam \u0161eit, lai nodro\u0161in\u0101tu nevainojamu iepirk\u0161an\u0101s pieredzi.<\/li>\n<li><strong>Uzticams avots augst\u0101k\u0101s kvalit\u0101tes tvaic\u0113\u0161anas produktiem<\/strong><br \/>\nK\u0101 uzticams pieg\u0101d\u0101t\u0101js, Vapebulkp.com pied\u0101v\u0101 pla\u0161u augstas klases vienreizlietojamo iztvaic\u0113t\u0101ju kl\u0101stu, kas piel\u0101gots j\u016bsu vajadz\u012bb\u0101m. JNR Power Mate ir piem\u0113rs m\u016bsu ap\u0146em\u0161an\u0101s pieg\u0101d\u0101t jaun\u0101kos tvaic\u0113\u0161anas risin\u0101jumus.<\/li>\n<\/ul>\n<h3><\/h3>\n<div class=\"mb-2 flex gap-3 empty:hidden -ml-2\">\n<div class=\"items-center justify-start rounded-xl p-1 flex\">\n<h3><strong>JNR Vape Power Mate 30000 Puff specifik\u0101cijas<\/strong><\/h3>\n<ul>\n<li><strong>funkcijas:<\/strong> Nodro\u0161ina l\u012bdz 30 000 uzp\u016btieniem ilgsto\u0161ai, bez probl\u0113mu tvaic\u0113\u0161anai.<\/li>\n<li><strong>E-\u0161\u0137idruma tilpums:<\/strong> Iepriek\u0161 piepild\u012bts ar 19 ml augst\u0101k\u0101s kvalit\u0101tes e-\u0161\u0137idruma, t\u0101d\u0113j\u0101di nov\u0113r\u0161ot nepiecie\u0161am\u012bbu p\u0113c bie\u017eas uzpildes.<\/li>\n<li><strong>Nikot\u012bna stiprums:<\/strong> Pieejams ar 2% nikot\u012bna koncentr\u0101ciju, lai ieg\u016btu gludu un apmierino\u0161u pieredzi.<\/li>\n<li><strong>Uzlabota divu sietu spole:<\/strong> Integr\u0113ta 1.0\u03a9 divu sietu spole nodro\u0161ina vienm\u0113r\u012bgu sild\u012b\u0161anu un izcilu gar\u0161as ra\u017eo\u0161anu.<\/li>\n<li><strong>Viedais displejs:<\/strong> Ietver lietot\u0101jam draudz\u012bgu ekr\u0101nu, kas par\u0101da uzp\u016btienu skaitu, akumulatora darb\u012bbas laiku un svar\u012bgu ier\u012bces statistiku.<\/li>\n<li><strong>Izcila gar\u0161a:<\/strong> Nodro\u0161ina gludas, konsekventas un maigas gar\u0161as, lai ieg\u016btu augst\u0101k\u0101s kvalit\u0101tes tvaic\u0113\u0161anas pieredzi.<\/li>\n<li><strong>\u0100tr\u0101 Type-C uzl\u0101de:<\/strong> Atbalsta Type-C \u0101tr\u0101s uzl\u0101des tehnolo\u0123iju \u0101trai un efekt\u012bvai uzl\u0101dei.<\/li>\n<\/ul>\n<\/div>\n<\/div>\n<h3 style=\"text-align: left\"><strong>JNR Power Mate 30000 Puffs Vape Pod gar\u0161u saraksts:<\/strong><\/h3>\n<p>1.Zil\u0101 avenes ledus<br \/>\n2.Zeme\u0146u ledus<br \/>\n3. Arb\u016bzu ledus<br \/>\n4.Zeme\u0146u ban\u0101ns<br \/>\n5.\u0136ir\u0161u zeme\u0146u ave\u0146u<br \/>\n6.Persiku mango arb\u016bzs<br \/>\n7.Zemenes un kivi<br \/>\n8.Jaukt\u0101s ogas<br \/>\n9.Dzirksto\u0161\u0101 \u0137ir\u0161u kola<br \/>\n10.Kivi arb\u016bzu ledus<\/p>\n<p><a href=\"https:\/\/vapebulkp.com\/lv\/products\/waspe-vape-40000-puff-fihp-double-flavour-disposable-vape\/\"><span style=\"vertical-align: inherit\">WASPE 40000 dvesmas<\/span><\/a><\/p>\n<p><span style=\"vertical-align: inherit\">Atrast vair\u0101k produktu, kas jums var\u0113tu patikt:<\/span><em><a href=\"https:\/\/wa.me\/8618077105796\"><span style=\"vertical-align: inherit\">\u00a0Pirkt tagad<\/span><\/a><\/em><\/p>\n<p><span style=\"vertical-align: inherit\">Citas dvesmas, kas jums var\u0113tu patikt:<\/span><a href=\"https:\/\/vapebulkp.com\/lv\/products\/uzy-bang-king-12k-disposable-vape-affordable-price\/\"><span style=\"vertical-align: inherit\">UZY Bang King 12000 uzp\u016btienu<\/span><\/a><span style=\"vertical-align: inherit\">\u3001<\/span><a href=\"https:\/\/vapebulkp.com\/lv\/products\/wholesale-randm-tornado-9000-puffs-germany\/\"><span style=\"vertical-align: inherit\">RandM 9000 dvesmas<\/span><\/a><span style=\"vertical-align: inherit\">\/ <\/span><a href=\"https:\/\/vapebulkp.com\/lv\/products\/uwin-crystal-10k-puff-long-lasting-disposable-vape-for-europe\/\"><span style=\"vertical-align: inherit\">UWIN Crystal 7000 dvesmas<\/span><\/a><span style=\"vertical-align: inherit\">\/ <\/span><a href=\"https:\/\/vapebulkp.com\/lv\/products\/jnr-vape-watch-18-30k-puffs-2-nic-wholesale-price-disposable-vape\/\"><span style=\"vertical-align: inherit\">JNR VAPE WATCH 30K vilcieni\u00a0<\/span><\/a><\/p>\n<p>&nbsp;<\/p>\n<div class=\"flex max-w-full flex-col flex-grow\">\n<div class=\"min-h-8 text-message flex w-full flex-col items-end gap-2 whitespace-normal break-words text-start [.text-message+&amp;]:mt-5\" dir=\"auto\" data-message-author-role=\"assistant\" data-message-id=\"71ffd1de-0990-4a6b-8410-6423ec699d47\" data-message-model-slug=\"gpt-4o-mini\">\n<div class=\"flex w-full flex-col gap-1 empty:hidden first:pt-[3px]\">\n<div class=\"markdown prose w-full break-words dark:prose-invert light\">\n<h3><strong>Bie\u017ei uzdotie jaut\u0101jumi par <\/strong><strong>JNR Power Mate 30000 dvesmas <\/strong><strong>Vienreiz\u0113j\u0101s lieto\u0161anas veipi<\/strong><\/h3>\n<p><strong>1. Cik dvesmas nodro\u0161ina JNR Power Mate 30000?<\/strong><br \/>\nJNR Power Mate nodro\u0161ina l\u012bdz pat 30 000 dvesm\u0101m, padarot to par lielisku izv\u0113li tiem, kas mekl\u0113 ilgsto\u0161u sniegumu bez bie\u017eas nomai\u0146as.<\/p>\n<p><strong>2. K\u0101da ir nikot\u012bna koncentr\u0101cija \u0161aj\u0101 ier\u012bc\u0113?<\/strong><br \/>\n\u0160im vienreizlietojamajam vape ir 2% nikot\u012bna stiprums, nodro\u0161inot vienm\u0113r\u012bgu un apmierino\u0161u r\u012bkles triecienu gan jauniem, gan pieredz\u0113ju\u0161iem lietot\u0101jiem.<\/p>\n<p><strong>3. K\u0101da ir JNR Vape e-\u0161\u0137idruma ietilp\u012bba?<\/strong><br \/>\nTas ir iepriek\u0161 uzpild\u012bts ar 19 ml augstas kvalit\u0101tes e-\u0161\u0137idrumu, kas nodro\u0161ina ilgsto\u0161u lieto\u0161anu bez nepiecie\u0161am\u012bbas uzpild\u012bt.<\/p>\n<p><strong>4. Ar ko JNR Power Mate puff 30000 ir unik\u0101ls?<\/strong><br \/>\nIer\u012bce apvieno ieb\u016bv\u0113tu 5000 mAh jaudas banku ar magn\u0113tisk\u0101s savienojuma sist\u0113mu, diviem uzl\u0101des kabe\u013ciem (C tipa un Lightning) un viedu ekr\u0101nu papildu funkcionalit\u0101tei un \u0113rt\u012bb\u0101m.<\/p>\n<\/div>\n<\/div>\n<\/div>\n<\/div>\n<h3><strong>Pieg\u0101des inform\u0101cija<\/strong>:<\/h3>\n<ul>\n<li><strong>Apstr\u0101des laiks<\/strong>: 5-10 darba dienas<\/li>\n<li><strong>Pieg\u0101des laiks<\/strong>: 8-14 darba dienas<\/li>\n<li><strong>Lo\u0123istikas kan\u0101li<\/strong>: M\u0113s izmantojam uzticamus p\u0101rvad\u0101t\u0101jus, piem\u0113ram, <strong>UPS, DHL un FedEx<\/strong> dro\u0161ai pieg\u0101dei.<\/li>\n<li><strong>Pieg\u0101de uz Latviju<\/strong>Pas\u016bt\u012bjumi uz Eiropas valst\u012bm parasti tiek pieg\u0101d\u0101ti 12\u201315 darba dienu laik\u0101.<\/li>\n<\/ul>","protected":false},"excerpt":{"rendered":"<ul>\n<li>JNR Power Mate 30000 dvesmas liela ietilp\u012bba kabatas \u016bdensp\u012bpe Vairumtirdzniec\u012bbai<\/li>\n<li>Premium JNR Power Mate 30000 dvesmas Vienreiz\u0113j\u0101s lieto\u0161anas e-cigarete ar ieb\u016bv\u0113tu baro\u0161anas banku<\/li>\n<\/ul>\n<p><img decoding=\"async\" class=\"alignnone wp-image-2151\" src=\"http:\/\/vapebulkp.com\/wp-content\/uploads\/2024\/04\/Mandy-WhatsApp-Randm.jpg\" alt=\"Mandy WhatsApp Randi\" width=\"234\" height=\"249\" srcset=\"https:\/\/vapebulkp.com\/wp-content\/uploads\/2024\/04\/Mandy-WhatsApp-Randm.jpg 916w, https:\/\/vapebulkp.com\/wp-content\/uploads\/2024\/04\/Mandy-WhatsApp-Randm-282x300.jpg 282w, https:\/\/vapebulkp.com\/wp-content\/uploads\/2024\/04\/Mandy-WhatsApp-Randm-768x817.jpg 768w, https:\/\/vapebulkp.com\/wp-content\/uploads\/2024\/04\/Mandy-WhatsApp-Randm-600x638.jpg 600w\" sizes=\"(max-width: 234px) 100vw, 234px\" \/><\/p>\n<p>L\u016bdzu, sazinieties ar Mandijas WhatsApp, lai sa\u0146emtu atlaides cenu<a href=\"https:\/\/wa.me\/8618077105796\">+8618077105796<\/a><\/p>\n<p><span style=\"color: #ff0000\">PIEZ\u012aME: Cenas m\u016bsu t\u012bmek\u013ca vietn\u0113 neietver pieg\u0101des izmaksas<\/span><\/p>\n<p>&nbsp;<\/p>","protected":false},"featured_media":3425,"comment_status":"open","ping_status":"closed","template":"","meta":{"_uag_custom_page_level_css":"","_lmt_disableupdate":"no","_lmt_disable":"","site-sidebar-layout":"default","site-content-layout":"content-boxed-container","ast-site-content-layout":"normal-width-container","site-content-style":"boxed","site-sidebar-style":"unboxed","ast-global-header-display":"","ast-banner-title-visibility":"","ast-main-header-display":"","ast-hfb-above-header-display":"","ast-hfb-below-header-display":"","ast-hfb-mobile-header-display":"","site-post-title":"","ast-breadcrumbs-content":"","ast-featured-img":"","footer-sml-layout":"","theme-transparent-header-meta":"default","adv-header-id-meta":"","stick-header-meta":"","header-above-stick-meta":"","header-main-stick-meta":"","header-below-stick-meta":"","astra-migrate-meta-layouts":"set","_joinchat":[]},"product_cat":[160,153,155,33,59,100,353,34,158,157,154,152,58,84,156,63,32],"product_tag":[187,36,37,206,41,40],"class_list":["post-3429","product","type-product","status-publish","has-post-thumbnail","hentry","product_cat-30000-puff-disposable-vape","product_cat-hot-disposable-vapes","product_cat-belgium-hot-disposable-vapes","product_cat-france-vape-hot-sale","product_cat-germany-hot-disposable-vape","product_cat-germany-wholesale-vape-shop","product_cat-jnr-vape","product_cat-netherlands-vape-good-sale","product_cat-norway-hot-disposable-vapes","product_cat-poland-hot-disposable-vapes","product_cat-portugal-hot-disposable-vapes","product_cat-spain-hot-disposable-vapes","product_cat-sweden-hot-disposable-vape","product_cat-sweden-wholesale-vape","product_cat-switzerland-hot-disposable-vapes","product_cat-top-sale-disposable-vape","product_cat-vape-hot-sale-this-week","product_tag-30000-puffs","product_tag-good-vape","product_tag-hot-sale-disposable-vape","product_tag-jnr-power-mate-30000-puffs","product_tag-poland-hot-vape","product_tag-sweden-hot-vape","pa_brand-jnr-vape","desktop-align-left","tablet-align-left","mobile-align-left"],"yoast_head":"<!-- This site is optimized with the Yoast SEO plugin v21.1 - https:\/\/yoast.com\/wordpress\/plugins\/seo\/ -->\n<title>JNR Power Mate 30000 Puffs Wholesale Pocket Hookah Disposable Vape - vapebulkp.com % %<\/title>\n<meta name=\"description\" content=\"Shop the Wholesale Price JNR Power Mate 30000 Puffs Pocket Hookah Vape, featuring 19ml e-liquid, 5000mAh power bank, and smooth flavor performance.&quot;\" \/>\n<meta name=\"robots\" content=\"index, follow, max-snippet:-1, max-image-preview:large, max-video-preview:-1\" \/>\n<link rel=\"canonical\" href=\"https:\/\/vapebulkp.com\/lv\/products\/jnr-power-mate-30000-puffs-wholesale-pocket-hookah-disposable-vape\/\" \/>\n<meta property=\"og:locale\" content=\"lv_LV\" \/>\n<meta property=\"og:type\" content=\"article\" \/>\n<meta property=\"og:title\" content=\"JNR Power Mate 30000 Puffs Wholesale Pocket Hookah Disposable Vape - vapebulkp.com % %\" \/>\n<meta property=\"og:description\" content=\"Shop the Wholesale Price JNR Power Mate 30000 Puffs Pocket Hookah Vape, featuring 19ml e-liquid, 5000mAh power bank, and smooth flavor performance.&quot;\" \/>\n<meta property=\"og:url\" content=\"https:\/\/vapebulkp.com\/lv\/products\/jnr-power-mate-30000-puffs-wholesale-pocket-hookah-disposable-vape\/\" \/>\n<meta property=\"og:site_name\" content=\"vapebulkp.com\" \/>\n<meta property=\"article:modified_time\" content=\"2025-09-24T03:51:45+00:00\" \/>\n<meta property=\"og:image\" content=\"http:\/\/vapebulkp.com\/wp-content\/uploads\/2025\/01\/Jnr-Power-Mate-30000-Puffs-Disposable-Vapes.webp\" \/>\n\t<meta property=\"og:image:width\" content=\"800\" \/>\n\t<meta property=\"og:image:height\" content=\"800\" \/>\n\t<meta property=\"og:image:type\" content=\"image\/webp\" \/>\n<meta name=\"twitter:card\" content=\"summary_large_image\" \/>\n<meta name=\"twitter:label1\" content=\"Est. reading time\" \/>\n\t<meta name=\"twitter:data1\" content=\"4 min\u016btes\" \/>\n<script type=\"application\/ld+json\" class=\"yoast-schema-graph\">{\"@context\":\"https:\/\/schema.org\",\"@graph\":[{\"@type\":\"WebPage\",\"@id\":\"https:\/\/vapebulkp.com\/product\/jnr-power-mate-30000-puffs-wholesale-pocket-hookah-disposable-vape\/\",\"url\":\"https:\/\/vapebulkp.com\/product\/jnr-power-mate-30000-puffs-wholesale-pocket-hookah-disposable-vape\/\",\"name\":\"JNR Power Mate 30000 Puffs Wholesale Pocket Hookah Disposable Vape - vapebulkp.com % %\",\"isPartOf\":{\"@id\":\"https:\/\/vapebulkp.com\/#website\"},\"datePublished\":\"2025-02-07T09:00:01+00:00\",\"dateModified\":\"2025-09-24T03:51:45+00:00\",\"description\":\"Shop the Wholesale Price JNR Power Mate 30000 Puffs Pocket Hookah Vape, featuring 19ml e-liquid, 5000mAh power bank, and smooth flavor performance.\\\"\",\"breadcrumb\":{\"@id\":\"https:\/\/vapebulkp.com\/product\/jnr-power-mate-30000-puffs-wholesale-pocket-hookah-disposable-vape\/#breadcrumb\"},\"inLanguage\":\"lv-LV\",\"potentialAction\":[{\"@type\":\"ReadAction\",\"target\":[\"https:\/\/vapebulkp.com\/product\/jnr-power-mate-30000-puffs-wholesale-pocket-hookah-disposable-vape\/\"]}]},{\"@type\":\"BreadcrumbList\",\"@id\":\"https:\/\/vapebulkp.com\/product\/jnr-power-mate-30000-puffs-wholesale-pocket-hookah-disposable-vape\/#breadcrumb\",\"itemListElement\":[{\"@type\":\"ListItem\",\"position\":1,\"name\":\"Home\",\"item\":\"https:\/\/vapebulkp.com\/\"},{\"@type\":\"ListItem\",\"position\":2,\"name\":\"Hot Trend Vapes\",\"item\":\"https:\/\/vapebulkp.com\/vape-shop\/\"},{\"@type\":\"ListItem\",\"position\":3,\"name\":\"JNR Power Mate 30000 Puffs Wholesale Pocket Hookah Disposable Vape\"}]},{\"@type\":\"WebSite\",\"@id\":\"https:\/\/vapebulkp.com\/#website\",\"url\":\"https:\/\/vapebulkp.com\/\",\"name\":\"vapebulkp.com\",\"description\":\"Buy Vape In Cheap Bulk Price Near you\",\"publisher\":{\"@id\":\"https:\/\/vapebulkp.com\/#organization\"},\"potentialAction\":[{\"@type\":\"SearchAction\",\"target\":{\"@type\":\"EntryPoint\",\"urlTemplate\":\"https:\/\/vapebulkp.com\/?s={search_term_string}\"},\"query-input\":\"required name=search_term_string\"}],\"inLanguage\":\"lv-LV\"},{\"@type\":\"Organization\",\"@id\":\"https:\/\/vapebulkp.com\/#organization\",\"name\":\"vapebulkp.com\",\"url\":\"https:\/\/vapebulkp.com\/\",\"logo\":{\"@type\":\"ImageObject\",\"inLanguage\":\"lv-LV\",\"@id\":\"https:\/\/vapebulkp.com\/#\/schema\/logo\/image\/\",\"url\":\"https:\/\/vapebulkp.com\/wp-content\/uploads\/2023\/09\/cropped-vapebulkp.png\",\"contentUrl\":\"https:\/\/vapebulkp.com\/wp-content\/uploads\/2023\/09\/cropped-vapebulkp.png\",\"width\":516,\"height\":163,\"caption\":\"vapebulkp.com\"},\"image\":{\"@id\":\"https:\/\/vapebulkp.com\/#\/schema\/logo\/image\/\"}}]}<\/script>\n<!-- \/ Yoast SEO plugin. -->","yoast_head_json":{"title":"JNR Power Mate 30000 Puffs Wholesale Pocket Hookah Disposable Vape - vapebulkp.com % %","description":"Shop the Wholesale Price JNR Power Mate 30000 Puffs Pocket Hookah Vape, featuring 19ml e-liquid, 5000mAh power bank, and smooth flavor performance.\"","robots":{"index":"index","follow":"follow","max-snippet":"max-snippet:-1","max-image-preview":"max-image-preview:large","max-video-preview":"max-video-preview:-1"},"canonical":"https:\/\/vapebulkp.com\/lv\/products\/jnr-power-mate-30000-puffs-wholesale-pocket-hookah-disposable-vape\/","og_locale":"lv_LV","og_type":"article","og_title":"JNR Power Mate 30000 Puffs Wholesale Pocket Hookah Disposable Vape - vapebulkp.com % %","og_description":"Shop the Wholesale Price JNR Power Mate 30000 Puffs Pocket Hookah Vape, featuring 19ml e-liquid, 5000mAh power bank, and smooth flavor performance.\"","og_url":"https:\/\/vapebulkp.com\/lv\/products\/jnr-power-mate-30000-puffs-wholesale-pocket-hookah-disposable-vape\/","og_site_name":"vapebulkp.com","article_modified_time":"2025-09-24T03:51:45+00:00","og_image":[{"width":800,"height":800,"url":"http:\/\/vapebulkp.com\/wp-content\/uploads\/2025\/01\/Jnr-Power-Mate-30000-Puffs-Disposable-Vapes.webp","type":"image\/webp"}],"twitter_card":"summary_large_image","twitter_misc":{"Est. reading time":"4 min\u016btes"},"schema":{"@context":"https:\/\/schema.org","@graph":[{"@type":"WebPage","@id":"https:\/\/vapebulkp.com\/product\/jnr-power-mate-30000-puffs-wholesale-pocket-hookah-disposable-vape\/","url":"https:\/\/vapebulkp.com\/product\/jnr-power-mate-30000-puffs-wholesale-pocket-hookah-disposable-vape\/","name":"JNR Power Mate 30000 Puffs Wholesale Pocket Hookah Disposable Vape - vapebulkp.com % %","isPartOf":{"@id":"https:\/\/vapebulkp.com\/#website"},"datePublished":"2025-02-07T09:00:01+00:00","dateModified":"2025-09-24T03:51:45+00:00","description":"Shop the Wholesale Price JNR Power Mate 30000 Puffs Pocket Hookah Vape, featuring 19ml e-liquid, 5000mAh power bank, and smooth flavor performance.\"","breadcrumb":{"@id":"https:\/\/vapebulkp.com\/product\/jnr-power-mate-30000-puffs-wholesale-pocket-hookah-disposable-vape\/#breadcrumb"},"inLanguage":"lv-LV","potentialAction":[{"@type":"ReadAction","target":["https:\/\/vapebulkp.com\/product\/jnr-power-mate-30000-puffs-wholesale-pocket-hookah-disposable-vape\/"]}]},{"@type":"BreadcrumbList","@id":"https:\/\/vapebulkp.com\/product\/jnr-power-mate-30000-puffs-wholesale-pocket-hookah-disposable-vape\/#breadcrumb","itemListElement":[{"@type":"ListItem","position":1,"name":"Home","item":"https:\/\/vapebulkp.com\/"},{"@type":"ListItem","position":2,"name":"Hot Trend Vapes","item":"https:\/\/vapebulkp.com\/vape-shop\/"},{"@type":"ListItem","position":3,"name":"JNR Power Mate 30000 Puffs Wholesale Pocket Hookah Disposable Vape"}]},{"@type":"WebSite","@id":"https:\/\/vapebulkp.com\/#website","url":"https:\/\/vapebulkp.com\/","name":"vapebulkp.com","description":"Buy Vape In Cheap Bulk Price Near you","publisher":{"@id":"https:\/\/vapebulkp.com\/#organization"},"potentialAction":[{"@type":"SearchAction","target":{"@type":"EntryPoint","urlTemplate":"https:\/\/vapebulkp.com\/?s={search_term_string}"},"query-input":"required name=search_term_string"}],"inLanguage":"lv-LV"},{"@type":"Organization","@id":"https:\/\/vapebulkp.com\/#organization","name":"vapebulkp.com","url":"https:\/\/vapebulkp.com\/","logo":{"@type":"ImageObject","inLanguage":"lv-LV","@id":"https:\/\/vapebulkp.com\/#\/schema\/logo\/image\/","url":"https:\/\/vapebulkp.com\/wp-content\/uploads\/2023\/09\/cropped-vapebulkp.png","contentUrl":"https:\/\/vapebulkp.com\/wp-content\/uploads\/2023\/09\/cropped-vapebulkp.png","width":516,"height":163,"caption":"vapebulkp.com"},"image":{"@id":"https:\/\/vapebulkp.com\/#\/schema\/logo\/image\/"}}]}},"uagb_featured_image_src":{"full":["https:\/\/vapebulkp.com\/wp-content\/uploads\/2025\/01\/Jnr-Power-Mate-30000-Puffs-Disposable-Vapes.webp",800,800,false],"thumbnail":["https:\/\/vapebulkp.com\/wp-content\/uploads\/2025\/01\/Jnr-Power-Mate-30000-Puffs-Disposable-Vapes-150x150.webp",150,150,true],"medium":["https:\/\/vapebulkp.com\/wp-content\/uploads\/2025\/01\/Jnr-Power-Mate-30000-Puffs-Disposable-Vapes-300x300.webp",300,300,true],"medium_large":["https:\/\/vapebulkp.com\/wp-content\/uploads\/2025\/01\/Jnr-Power-Mate-30000-Puffs-Disposable-Vapes-768x768.webp",768,768,true],"large":["https:\/\/vapebulkp.com\/wp-content\/uploads\/2025\/01\/Jnr-Power-Mate-30000-Puffs-Disposable-Vapes.webp",800,800,false],"1536x1536":["https:\/\/vapebulkp.com\/wp-content\/uploads\/2025\/01\/Jnr-Power-Mate-30000-Puffs-Disposable-Vapes.webp",800,800,false],"2048x2048":["https:\/\/vapebulkp.com\/wp-content\/uploads\/2025\/01\/Jnr-Power-Mate-30000-Puffs-Disposable-Vapes.webp",800,800,false],"trp-custom-language-flag":["https:\/\/vapebulkp.com\/wp-content\/uploads\/2025\/01\/Jnr-Power-Mate-30000-Puffs-Disposable-Vapes.webp",12,12,false],"woocommerce_thumbnail":["https:\/\/vapebulkp.com\/wp-content\/uploads\/2025\/01\/Jnr-Power-Mate-30000-Puffs-Disposable-Vapes-300x300.webp",300,300,true],"woocommerce_single":["https:\/\/vapebulkp.com\/wp-content\/uploads\/2025\/01\/Jnr-Power-Mate-30000-Puffs-Disposable-Vapes-600x600.webp",600,600,true],"woocommerce_gallery_thumbnail":["https:\/\/vapebulkp.com\/wp-content\/uploads\/2025\/01\/Jnr-Power-Mate-30000-Puffs-Disposable-Vapes-100x100.webp",100,100,true],"wcpr-photo-reviews":["https:\/\/vapebulkp.com\/wp-content\/uploads\/2025\/01\/Jnr-Power-Mate-30000-Puffs-Disposable-Vapes.webp",500,500,false]},"uagb_author_info":{"display_name":"Mandy vape bulk price","author_link":"https:\/\/vapebulkp.com\/lv\/author\/"},"uagb_comment_info":0,"uagb_excerpt":"JNR Power Mate 30000 Puffs High-Capacity Pocket Hookah Vape for Wholesale Premium JNR Power Mate 30000 Puffs Disposable Vape with Built-in Power Bank Pls Contact Mandy's WhatsApp For Discount Price+8618077105796 NOTE: Prices on our website does not include shipping costs &nbsp;","_links":{"self":[{"href":"https:\/\/vapebulkp.com\/lv\/wp-json\/wp\/v2\/product\/3429","targetHints":{"allow":["GET"]}}],"collection":[{"href":"https:\/\/vapebulkp.com\/lv\/wp-json\/wp\/v2\/product"}],"about":[{"href":"https:\/\/vapebulkp.com\/lv\/wp-json\/wp\/v2\/types\/product"}],"replies":[{"embeddable":true,"href":"https:\/\/vapebulkp.com\/lv\/wp-json\/wp\/v2\/comments?post=3429"}],"wp:featuredmedia":[{"embeddable":true,"href":"https:\/\/vapebulkp.com\/lv\/wp-json\/wp\/v2\/media\/3425"}],"wp:attachment":[{"href":"https:\/\/vapebulkp.com\/lv\/wp-json\/wp\/v2\/media?parent=3429"}],"wp:term":[{"taxonomy":"product_cat","embeddable":true,"href":"https:\/\/vapebulkp.com\/lv\/wp-json\/wp\/v2\/product_cat?post=3429"},{"taxonomy":"product_tag","embeddable":true,"href":"https:\/\/vapebulkp.com\/lv\/wp-json\/wp\/v2\/product_tag?post=3429"}],"curies":[{"name":"wp","href":"https:\/\/api.w.org\/{rel}","templated":true}]}}