{"id":3504,"date":"2025-02-24T09:02:47","date_gmt":"2025-02-24T08:02:47","guid":{"rendered":"https:\/\/vapebulkp.com\/?post_type=product&#038;p=3504"},"modified":"2025-09-17T10:33:42","modified_gmt":"2025-09-17T08:33:42","slug":"wholesale-bang-leader-20000-puffs-disposable-e-cigarette-vape-vaporizer","status":"publish","type":"product","link":"https:\/\/vapebulkp.com\/lv\/product\/wholesale-bang-leader-20000-puffs-disposable-e-cigarette-vape-vaporizer\/","title":{"rendered":"Vairumtirdzniec\u012bba Bang Leader 20000 Pufi Vienreiz\u0113j\u0101s Lieto\u0161anas E-Cigarette Vape Vaporizer"},"content":{"rendered":"<h2 style=\"text-align: left\">Vairumtirdzniec\u012bba Bang Leader 20000 P\u016btienu Vienreizlietojam\u0101 E-cigarete Vape Izsmidzin\u0101t\u0101js<\/h2>\n<p data-start=\"123\" data-end=\"483\"><strong data-start=\"123\" data-end=\"223\">Ien\u0101ciet Vairumtirdzniec\u012bb\u0101 Bang Leader 20000 P\u016btienu Vienreizlietojamajos Vape<\/strong>\u2014izsmalcin\u0101ta izv\u0113le tiem, kas mekl\u0113 gan veiktsp\u0113ju, gan grezn\u012bbu katr\u0101 p\u016btien\u0101. \u0160\u012b augst\u0101k\u0101s klases ier\u012bce ir \u012bpa\u0161i izstr\u0101d\u0101ta pras\u012bgiem lietot\u0101jiem, nevainojami apvienojot progres\u012bvas tehnolo\u0123ijas ar elegantu dizainu, lai pied\u0101v\u0101tu nep\u0101rsp\u0113jamu iztvaiko\u0161anas pieredzi.<\/p>\n<p data-start=\"485\" data-end=\"900\">Bang Leader pamat\u0101 ir jaud\u012bgs <strong data-start=\"529\" data-end=\"560\">650 mAh uzl\u0101d\u0113jamu akumulatoru<\/strong>, ko lieliski papildina <strong data-start=\"597\" data-end=\"621\">C tipa \u0101tr\u0101 uzl\u0101de<\/strong> minim\u0101lam d\u012bkst\u0101ves laikam. Neatkar\u012bgi no t\u0101, vai person\u012bgai vai vairumtirdzniec\u012bbas lieto\u0161anai, \u0161\u012b ier\u012bce konsekventi nodro\u0161ina ilgsto\u0161u veiktsp\u0113ju, padarot to ide\u0101li piem\u0113rotu aiz\u0146emtiem vaperiem, kuriem nepiecie\u0161ama uzticam\u012bba bez kompromisiem. T\u0101 rezult\u0101t\u0101 lietot\u0101ji var baud\u012bt nep\u0101rtrauktu, augst\u0101k\u0101s klases pieredzi visas dienas garum\u0101.<\/p>\n<p data-start=\"902\" data-end=\"1328\">Turkl\u0101t ar savu moderno <strong data-start=\"930\" data-end=\"955\">dubult\u0101s sieta spoles sist\u0113mu<\/strong>, Bang Leader ir izstr\u0101d\u0101ts, lai uzlabotu gan gar\u0161u, gan tvaiku ra\u017eo\u0161anu. Katrs p\u016btiens nodro\u0161ina bag\u0101t\u012bgu, pilnas \u0137erme\u0146a gar\u0161u, savuk\u0101rt <strong data-start=\"1086\" data-end=\"1112\">28 ml e-\u0161\u0137idruma ietilp\u012bba<\/strong> garant\u0113 l\u012bdz pat <strong data-start=\"1130\" data-end=\"1146\">20 000 d\u016bmu<\/strong>\u2014nodro\u0161inot, ka lietot\u0101ji g\u016bst maksim\u0101lu labumu no savas ier\u012bces. \u0160\u012b ilgsto\u0161\u0101 ietilp\u012bba ir \u012bpa\u0161i piem\u0113rota ilgsto\u0161\u0101m iztvaiko\u0161anas sesij\u0101m vai klientiem, kuri mekl\u0113 izcilu v\u0113rt\u012bbu laika gait\u0101.<\/p>\n<p data-start=\"1330\" data-end=\"1738\">Papildus iespaid\u012bgajai veiktsp\u0113jai Bang Leader 20000 P\u016btienu ir veidots stil\u012bgi. T\u0101 ergonomiskais, <strong data-start=\"1437\" data-end=\"1462\">necaurlaid\u012bgais dizains<\/strong> un <strong data-start=\"1467\" data-end=\"1495\">uz meh\u0101nismu, ko aktiviz\u0113 ar ieelpu<\/strong> nodro\u0161ina vieglu lieto\u0161anu, padarot to ide\u0101li piem\u0113rotu gan ies\u0101c\u0113jiem, gan pieredz\u0113ju\u0161iem vaperiem. Neskatoties uz kompakto izm\u0113ru, ier\u012bce joproj\u0101m ir \u013coti efekt\u012bva un \u0113rta, pied\u0101v\u0101jot elegantu dizainu, neapdraudot kvalit\u0101ti vai funkcionalit\u0101ti.<\/p>\n<p data-start=\"1740\" data-end=\"2258\">Visbeidzot, <strong data-start=\"1753\" data-end=\"1779\">Bang Krist\u0101la Vad\u012bt\u0101js <a href=\"https:\/\/vapebulkp.com\/lv\/product-category\/20000-puffs-disposable-vape\/\">20000 d\u016bmu vienreiz\u0113j\u0101s lieto\u0161anas elektronisk\u0101 cigarete<\/a><\/strong>\u00a0pied\u0101v\u0101 gudru invest\u012bciju iesp\u0113ju vairumtirdzniec\u012bbas izplat\u012bt\u0101jiem. Tas ir lieliski piem\u0113rots premium tirgum, pied\u0101v\u0101jot vairumtirgot\u0101jiem ienes\u012bgu produktu, kas atbilst gan pat\u0113r\u0113t\u0101ju piepras\u012bjumam, gan biznesa ienes\u012bgumam. Piln\u012bb\u0101 atbilsto\u0161s <strong data-start=\"2018\" data-end=\"2036\">ES regul\u0101m<\/strong> un veidots ar stingriem kvalit\u0101tes standartiem, tas ir produkts, kas dro\u0161i nodro\u0161in\u0101s rezult\u0101tus. Izv\u0113loties <strong data-start=\"2147\" data-end=\"2173\">Bang Vad\u012bt\u0101js 20k Putu Krist\u0101la Vape<\/strong>, j\u016bs uzlabojat savu pied\u0101v\u0101jumu ar ier\u012bci, kas izce\u013cas gan funkcionalit\u0101t\u0113, gan form\u0101.<\/p>\n<figure id=\"attachment_3502\" aria-describedby=\"caption-attachment-3502\" style=\"width: 522px\" class=\"wp-caption alignnone\"><img decoding=\"async\" class=\"wp-image-3502\" src=\"http:\/\/vapebulkp.com\/wp-content\/uploads\/2025\/02\/Bang-Leader-20000-Puff-Vape-Dual-Mesh-Coils-for-Wholesale.webp\" alt=\"Bang Leader 20000 Pufi Vape Dual Mesh Spoles Vairumtirdzniec\u012bbai\" width=\"522\" height=\"522\" \/><figcaption id=\"caption-attachment-3502\" class=\"wp-caption-text\">Bang Leader 20000 Pufi Vape Dual Mesh Spoles Vairumtirdzniec\u012bbai<\/figcaption><\/figure>\n<h6>L\u016bdzu, sazinieties ar Mandijas WhatsApp, lai sa\u0146emtu atlaides cenu<a href=\"https:\/\/wa.me\/8618077105796\">+8618077105796<\/a><\/h6>\n<p><img decoding=\"async\" class=\"alignnone wp-image-2151\" src=\"http:\/\/vapebulkp.com\/wp-content\/uploads\/2024\/04\/Mandy-WhatsApp-Randm.jpg\" alt=\"Mandy WhatsApp Randi\" width=\"324\" height=\"330\" \/><\/p>\n<div class=\"flex max-w-full flex-col flex-grow\">\n<div class=\"min-h-8 text-message flex w-full flex-col items-end gap-2 whitespace-normal break-words text-start [.text-message+&amp;]:mt-5\" dir=\"auto\" data-message-author-role=\"assistant\" data-message-id=\"d24cf626-c018-4805-80f5-44de047f2ba0\" data-message-model-slug=\"gpt-4o\">\n<div class=\"flex w-full flex-col gap-1 empty:hidden first:pt-[3px]\">\n<div class=\"markdown prose w-full break-words dark:prose-invert light\">\n<h2>K\u0101p\u0113c izv\u0113l\u0113ties <strong>Ilgi kalpojo\u0161s vape akumulators <\/strong>Bang vapes Leader 20000 pufi pie <a href=\"https:\/\/vapebulkp.com\/lv\/vape-shop\/\">Vapebulkp.com<\/a>?<\/h2>\n<ul>\n<li data-start=\"64\" data-end=\"183\"><strong data-start=\"66\" data-end=\"94\">Ilgtsp\u0113j\u012bga veiktsp\u0113ja<\/strong>: Ar 20000 pufiem un 28 ml e-\u0161\u0137idruma ietilp\u012bbu tas nodro\u0161ina ilgu lieto\u0161anas laiku starp uzpild\u0113m.<\/li>\n<li data-start=\"184\" data-end=\"282\"><strong data-start=\"186\" data-end=\"214\">Vienm\u0113r\u012bga iztvaiko\u0161anas pieredze<\/strong>: Dubult\u0101s sieta spoles nodro\u0161ina bag\u0101t\u012bgu gar\u0161u un vienm\u0113r\u012bgu, konsekventu iztvaiko\u0161anu.<\/li>\n<li data-start=\"283\" data-end=\"373\"><strong data-start=\"285\" data-end=\"302\">\u0100tra uzl\u0101de<\/strong>: Apr\u012bkots ar C tipa portu \u0101trai uzl\u0101dei, samazinot d\u012bkst\u0101ves laiku.<\/li>\n<li data-start=\"374\" data-end=\"491\"><strong data-start=\"376\" data-end=\"395\">Premium kvalit\u0101te<\/strong>: Izbaudiet uzticamu veiktsp\u0113ju ar 650 mAh akumulatoru, kas nodro\u0161ina ilgas iztvaiko\u0161anas sesijas.<\/li>\n<li data-start=\"492\" data-end=\"608\" data-is-last-node=\"\"><strong data-start=\"494\" data-end=\"519\">Vairumtirdzniec\u012bbas \u0113rt\u012bba<\/strong>: Ide\u0101li piem\u0113rots vairumtirdzniec\u012bbas pirkumiem, pied\u0101v\u0101jot lielisku v\u0113rt\u012bbu gan mazumtirdzniec\u012bbas, gan vairumtirdzniec\u012bbas klientiem.<\/li>\n<\/ul>\n<\/div>\n<\/div>\n<\/div>\n<\/div>\n<h3><strong>Augsta VG e-\u0161\u0137idruma Eiropa <\/strong>Bang Leader 20k dvesu galven\u0101s specifik\u0101cijas:<\/h3>\n<ul>\n<li data-start=\"48\" data-end=\"180\"><strong data-start=\"50\" data-end=\"70\">Akumulatora ietilp\u012bba<\/strong>: 650mAh uzl\u0101d\u0113jams akumulators, nodro\u0161inot ilgsto\u0161u darb\u012bbu ar \u0101tru Type-C uzl\u0101di \u0113rtai lieto\u0161anai.<\/li>\n<li data-start=\"181\" data-end=\"313\"><strong data-start=\"183\" data-end=\"204\">E-\u0161\u0137idruma ietilp\u012bba<\/strong>: 28ml premium e-\u0161\u0137idruma, pied\u0101v\u0101jot l\u012bdz pat 20000 dvesu ilgsto\u0161ai iztvaiko\u0161anai bez bie\u017eas uzpildes.<\/li>\n<li data-start=\"314\" data-end=\"431\"><strong data-start=\"316\" data-end=\"335\">Spoles tehnolo\u0123ija<\/strong>: Uzlabots dubult\u0101s sieta spoles dizains uzlabotai gar\u0161as ra\u017eo\u0161anai un vienm\u0113r\u012bgam tvaikam ar katru dvesu.<\/li>\n<li data-start=\"432\" data-end=\"560\"><strong data-start=\"434\" data-end=\"451\">Uzl\u0101des ports<\/strong>: Apr\u012bkots ar Type-C uzl\u0101des portu \u0101tr\u0101kai uzl\u0101dei, nodro\u0161inot minim\u0101lu d\u012bkst\u0101vi un konsekventu lieto\u0161anu.<\/li>\n<\/ul>\n<h3><strong>Vairumtirdzniec\u012bbas vapes Bang Leader Crystal 20000 dvesu gar\u0161u saraksts<\/strong><\/h3>\n<p>1. ZEMENES AR LEDU<br \/>\n2.ZEMENE KIVI<br \/>\n3.ZEMENE AR ICE<br \/>\n4.MANGO PERSILS<br \/>\n5. MELLE\u0145U AVENE<br \/>\n6.MELLE\u0145U M\u0112TRA<br \/>\n7.JAUKTIE AUG\u013bI<br \/>\n8.ZEMENE AR MAIZI<br \/>\n9.V\u012aNOGU AR ICE<br \/>\n10.ARB\u016aZU K\u013bOCKU KODS<br \/>\n11.MELLE\u0145U AR ICE<br \/>\n12.PERSICU AR ICE<\/p>\n<p><a href=\"https:\/\/vapebulkp.com\/lv\/product\/aivono-curved-smart-screen-35000-puffs-disposable-vape-wholesale-price\/\"><span style=\"vertical-align: inherit\">Aivono 35000 Puffs <\/span><\/a><\/p>\n<p><span style=\"vertical-align: inherit\">Atrast vair\u0101k produktu, kas jums var\u0113tu patikt:<\/span><em><a href=\"https:\/\/wa.me\/8618077105796\"><span style=\"vertical-align: inherit\">\u00a0Pirkt tagad<\/span><\/a><\/em><\/p>\n<p><span style=\"vertical-align: inherit\">Citas dvesmas, kas jums var\u0113tu patikt:<\/span><a href=\"https:\/\/vapebulkp.com\/lv\/product\/wholesale-price-bang-kingdoms-rex-32000-puffs-vape-pod\/\"><span style=\"vertical-align: inherit\">Bang Kingdoms 32000 Puffs<\/span><\/a><span style=\"vertical-align: inherit\">\u3001<\/span><a href=\"https:\/\/vapebulkp.com\/lv\/product\/bood-pulse-pro-25k-50k-disposable-vape-bar-5000-puffs-nicotine-free\/\"><span style=\"vertical-align: inherit\">Bood pulsa pro 50000 Puffs<\/span><\/a><span style=\"vertical-align: inherit\">\/ <\/span><a href=\"https:\/\/vapebulkp.com\/lv\/product\/vapsolo-best-quality-viking-12k-puffs-disposable-vapes\/\"><span style=\"vertical-align: inherit\">Vapsolo viking 12000 Pufi<\/span><\/a><span style=\"vertical-align: inherit\">\/ <\/span><a href=\"https:\/\/vapebulkp.com\/lv\/product\/waspe-vape-40000-puff-fihp-double-flavour-disposable-vape\/\"><span style=\"vertical-align: inherit\">WASPE 40000 Pufi<\/span><\/a><\/p>\n<h3>Pieg\u0101des deta\u013cas:<\/h3>\n<p><span style=\"color: #ff6600\">Ra\u017eo\u0161anas laiks: 5-10 darba dienas<\/span><br \/>\n<span style=\"color: #ff6600\">Pieg\u0101des laiks: 8-14 darba dienas<\/span><\/p>\n<p>Visi produkti m\u016bsu veikal\u0101 ir 100% ori\u0123in\u0101li un autentiski, t\u0101p\u0113c desmitk\u0101rt\u012bga kompens\u0101cija par viltot\u0101m prec\u0113m ir m\u016bsu veikala politika. M\u0113s izmantojam t\u0101dus lo\u0123istikas kan\u0101lus k\u0101 UPS\/DHL\/FEDEX\/DPD, lai pieg\u0101d\u0101tu preces jums.<\/p>\n<p>Paci\u0146\u0101m, kas tiek s\u016bt\u012btas uz Latviju, parasti nepiecie\u0161amas 10 darba dienas, lai t\u0101s sa\u0146emtu. S\u016bt\u012bjumiem uz Eiropas valst\u012bm parasti nepiecie\u0161amas 12 l\u012bdz 15 darba dienas, lai t\u0101s sa\u0146emtu. M\u0113s atjaunin\u0101sim lo\u0123istikas inform\u0101ciju jums re\u0101llaik\u0101.<\/p>","protected":false},"excerpt":{"rendered":"<ul>\n<li data-start=\"115\" data-end=\"211\"><strong data-start=\"118\" data-end=\"209\">Vairumtirdzniec\u012bbas cena Bang Leader 20000 P\u016btienu Vienreizlietojamais Vape lab\u0101kie vape pied\u0101v\u0101jumi<\/strong><\/li>\n<li data-start=\"212\" data-end=\"297\"><strong data-start=\"215\" data-end=\"295\">Bang Leader 20000 P\u016btienu Vapes augsta nikot\u012bna e-\u0161\u0137idrumam<\/strong><\/li>\n<li data-start=\"298\" data-end=\"399\"><strong data-start=\"301\" data-end=\"399\">Bang Leader 20k P\u016btienu Vienreizlietojamais Vape visaugst\u0101k nov\u0113rt\u0113tie uzpild\u0101mie podu komplekti<\/strong><\/li>\n<\/ul>\n<p>L\u016bdzu, sazinieties ar Mandijas WhatsApp, lai sa\u0146emtu atlaides cenu<a href=\"https:\/\/wa.me\/8618077105796\">+8618077105796<\/a><\/p>\n<p><img decoding=\"async\" class=\"alignnone wp-image-2151\" src=\"http:\/\/vapebulkp.com\/wp-content\/uploads\/2024\/04\/Mandy-WhatsApp-Randm.jpg\" alt=\"Mandy WhatsApp Randi\" width=\"297\" height=\"316\" srcset=\"https:\/\/vapebulkp.com\/wp-content\/uploads\/2024\/04\/Mandy-WhatsApp-Randm.jpg 916w, https:\/\/vapebulkp.com\/wp-content\/uploads\/2024\/04\/Mandy-WhatsApp-Randm-282x300.jpg 282w, https:\/\/vapebulkp.com\/wp-content\/uploads\/2024\/04\/Mandy-WhatsApp-Randm-768x817.jpg 768w, https:\/\/vapebulkp.com\/wp-content\/uploads\/2024\/04\/Mandy-WhatsApp-Randm-600x638.jpg 600w\" sizes=\"(max-width: 297px) 100vw, 297px\" \/><\/p>\n<p><span style=\"color: #ff0000\">PIEZ\u012aME: Cenas m\u016bsu t\u012bmek\u013ca vietn\u0113 neietver pieg\u0101des izmaksas<\/span><\/p>\n<p>&nbsp;<\/p>","protected":false},"featured_media":3501,"comment_status":"open","ping_status":"closed","template":"","meta":{"_uag_custom_page_level_css":"","_lmt_disableupdate":"no","_lmt_disable":"","site-sidebar-layout":"default","site-content-layout":"content-boxed-container","ast-site-content-layout":"normal-width-container","site-content-style":"boxed","site-sidebar-style":"unboxed","ast-global-header-display":"","ast-banner-title-visibility":"","ast-main-header-display":"","ast-hfb-above-header-display":"","ast-hfb-below-header-display":"","ast-hfb-mobile-header-display":"","site-post-title":"","ast-breadcrumbs-content":"","ast-featured-img":"","footer-sml-layout":"","theme-transparent-header-meta":"default","adv-header-id-meta":"","stick-header-meta":"","header-above-stick-meta":"","header-main-stick-meta":"","header-below-stick-meta":"","astra-migrate-meta-layouts":"set","_joinchat":[]},"product_cat":[162,153,345,155,33,59,100,87,34,158,157,154,152,58,84,156,63,32],"product_tag":[215,36,37,41,40],"class_list":["post-3504","product","type-product","status-publish","has-post-thumbnail","hentry","product_cat-20000-puffs-disposable-vape","product_cat-hot-disposable-vapes","product_cat-bang-vapes","product_cat-belgium-hot-disposable-vapes","product_cat-france-vape-hot-sale","product_cat-germany-hot-disposable-vape","product_cat-germany-wholesale-vape-shop","product_cat-minimum-order-quantity-50pcs","product_cat-netherlands-vape-good-sale","product_cat-norway-hot-disposable-vapes","product_cat-poland-hot-disposable-vapes","product_cat-portugal-hot-disposable-vapes","product_cat-spain-hot-disposable-vapes","product_cat-sweden-hot-disposable-vape","product_cat-sweden-wholesale-vape","product_cat-switzerland-hot-disposable-vapes","product_cat-top-sale-disposable-vape","product_cat-vape-hot-sale-this-week","product_tag-bang-leader-20000-puffs","product_tag-good-vape","product_tag-hot-sale-disposable-vape","product_tag-poland-hot-vape","product_tag-sweden-hot-vape","pa_brand-bang-vape","desktop-align-left","tablet-align-left","mobile-align-left"],"yoast_head":"<!-- This site is optimized with the Yoast SEO plugin v21.1 - https:\/\/yoast.com\/wordpress\/plugins\/seo\/ -->\n<title>Wholesale Bang Leader 20000 Puffs Disposable E-Cigarette Vape Vaporizer - vapebulkp.com<\/title>\n<meta name=\"description\" content=\"Wholesale Bang Leader 20000 Puffs Disposable Vape, 28ml capacity, 2\/5% nicotine, long-lasting, fast charging, smooth vapor, perfect for bulk orders.\" \/>\n<meta name=\"robots\" content=\"index, follow, max-snippet:-1, max-image-preview:large, max-video-preview:-1\" \/>\n<link rel=\"canonical\" href=\"https:\/\/vapebulkp.com\/lv\/product\/wholesale-bang-leader-20000-puffs-disposable-e-cigarette-vape-vaporizer\/\" \/>\n<meta property=\"og:locale\" content=\"lv_LV\" \/>\n<meta property=\"og:type\" content=\"article\" \/>\n<meta property=\"og:title\" content=\"Wholesale Bang Leader 20000 Puffs Disposable E-Cigarette Vape Vaporizer - vapebulkp.com\" \/>\n<meta property=\"og:description\" content=\"Wholesale Bang Leader 20000 Puffs Disposable Vape, 28ml capacity, 2\/5% nicotine, long-lasting, fast charging, smooth vapor, perfect for bulk orders.\" \/>\n<meta property=\"og:url\" content=\"https:\/\/vapebulkp.com\/lv\/product\/wholesale-bang-leader-20000-puffs-disposable-e-cigarette-vape-vaporizer\/\" \/>\n<meta property=\"og:site_name\" content=\"vapebulkp.com\" \/>\n<meta property=\"article:modified_time\" content=\"2025-09-17T08:33:42+00:00\" \/>\n<meta property=\"og:image\" content=\"http:\/\/vapebulkp.com\/wp-content\/uploads\/2025\/02\/Bang-Leader-20000-Puff-Vape-Dual-Mesh-Coils-Crystal-Vape.webp\" \/>\n\t<meta property=\"og:image:width\" content=\"800\" \/>\n\t<meta property=\"og:image:height\" content=\"800\" \/>\n\t<meta property=\"og:image:type\" content=\"image\/webp\" \/>\n<meta name=\"twitter:card\" content=\"summary_large_image\" \/>\n<meta name=\"twitter:label1\" content=\"Est. reading time\" \/>\n\t<meta name=\"twitter:data1\" content=\"4 min\u016btes\" \/>\n<script type=\"application\/ld+json\" class=\"yoast-schema-graph\">{\"@context\":\"https:\/\/schema.org\",\"@graph\":[{\"@type\":\"WebPage\",\"@id\":\"https:\/\/vapebulkp.com\/product\/wholesale-bang-leader-20000-puffs-disposable-e-cigarette-vape-vaporizer\/\",\"url\":\"https:\/\/vapebulkp.com\/product\/wholesale-bang-leader-20000-puffs-disposable-e-cigarette-vape-vaporizer\/\",\"name\":\"Wholesale Bang Leader 20000 Puffs Disposable E-Cigarette Vape Vaporizer - vapebulkp.com\",\"isPartOf\":{\"@id\":\"https:\/\/vapebulkp.com\/#website\"},\"datePublished\":\"2025-02-24T08:02:47+00:00\",\"dateModified\":\"2025-09-17T08:33:42+00:00\",\"description\":\"Wholesale Bang Leader 20000 Puffs Disposable Vape, 28ml capacity, 2\/5% nicotine, long-lasting, fast charging, smooth vapor, perfect for bulk orders.\",\"breadcrumb\":{\"@id\":\"https:\/\/vapebulkp.com\/product\/wholesale-bang-leader-20000-puffs-disposable-e-cigarette-vape-vaporizer\/#breadcrumb\"},\"inLanguage\":\"lv-LV\",\"potentialAction\":[{\"@type\":\"ReadAction\",\"target\":[\"https:\/\/vapebulkp.com\/product\/wholesale-bang-leader-20000-puffs-disposable-e-cigarette-vape-vaporizer\/\"]}]},{\"@type\":\"BreadcrumbList\",\"@id\":\"https:\/\/vapebulkp.com\/product\/wholesale-bang-leader-20000-puffs-disposable-e-cigarette-vape-vaporizer\/#breadcrumb\",\"itemListElement\":[{\"@type\":\"ListItem\",\"position\":1,\"name\":\"Home\",\"item\":\"https:\/\/vapebulkp.com\/\"},{\"@type\":\"ListItem\",\"position\":2,\"name\":\"Hot Trend Vapes\",\"item\":\"https:\/\/vapebulkp.com\/vape-shop\/\"},{\"@type\":\"ListItem\",\"position\":3,\"name\":\"Wholesale Bang Leader 20000 Puffs Disposable E-Cigarette Vape Vaporizer\"}]},{\"@type\":\"WebSite\",\"@id\":\"https:\/\/vapebulkp.com\/#website\",\"url\":\"https:\/\/vapebulkp.com\/\",\"name\":\"vapebulkp.com\",\"description\":\"Buy Vape In Cheap Bulk Price Near you\",\"publisher\":{\"@id\":\"https:\/\/vapebulkp.com\/#organization\"},\"potentialAction\":[{\"@type\":\"SearchAction\",\"target\":{\"@type\":\"EntryPoint\",\"urlTemplate\":\"https:\/\/vapebulkp.com\/?s={search_term_string}\"},\"query-input\":\"required name=search_term_string\"}],\"inLanguage\":\"lv-LV\"},{\"@type\":\"Organization\",\"@id\":\"https:\/\/vapebulkp.com\/#organization\",\"name\":\"vapebulkp.com\",\"url\":\"https:\/\/vapebulkp.com\/\",\"logo\":{\"@type\":\"ImageObject\",\"inLanguage\":\"lv-LV\",\"@id\":\"https:\/\/vapebulkp.com\/#\/schema\/logo\/image\/\",\"url\":\"https:\/\/vapebulkp.com\/wp-content\/uploads\/2023\/09\/cropped-vapebulkp.png\",\"contentUrl\":\"https:\/\/vapebulkp.com\/wp-content\/uploads\/2023\/09\/cropped-vapebulkp.png\",\"width\":516,\"height\":163,\"caption\":\"vapebulkp.com\"},\"image\":{\"@id\":\"https:\/\/vapebulkp.com\/#\/schema\/logo\/image\/\"}}]}<\/script>\n<!-- \/ Yoast SEO plugin. -->","yoast_head_json":{"title":"Wholesale Bang Leader 20000 Puffs Disposable E-Cigarette Vape Vaporizer - vapebulkp.com","description":"Wholesale Bang Leader 20000 Puffs Disposable Vape, 28ml capacity, 2\/5% nicotine, long-lasting, fast charging, smooth vapor, perfect for bulk orders.","robots":{"index":"index","follow":"follow","max-snippet":"max-snippet:-1","max-image-preview":"max-image-preview:large","max-video-preview":"max-video-preview:-1"},"canonical":"https:\/\/vapebulkp.com\/lv\/product\/wholesale-bang-leader-20000-puffs-disposable-e-cigarette-vape-vaporizer\/","og_locale":"lv_LV","og_type":"article","og_title":"Wholesale Bang Leader 20000 Puffs Disposable E-Cigarette Vape Vaporizer - vapebulkp.com","og_description":"Wholesale Bang Leader 20000 Puffs Disposable Vape, 28ml capacity, 2\/5% nicotine, long-lasting, fast charging, smooth vapor, perfect for bulk orders.","og_url":"https:\/\/vapebulkp.com\/lv\/product\/wholesale-bang-leader-20000-puffs-disposable-e-cigarette-vape-vaporizer\/","og_site_name":"vapebulkp.com","article_modified_time":"2025-09-17T08:33:42+00:00","og_image":[{"width":800,"height":800,"url":"http:\/\/vapebulkp.com\/wp-content\/uploads\/2025\/02\/Bang-Leader-20000-Puff-Vape-Dual-Mesh-Coils-Crystal-Vape.webp","type":"image\/webp"}],"twitter_card":"summary_large_image","twitter_misc":{"Est. reading time":"4 min\u016btes"},"schema":{"@context":"https:\/\/schema.org","@graph":[{"@type":"WebPage","@id":"https:\/\/vapebulkp.com\/product\/wholesale-bang-leader-20000-puffs-disposable-e-cigarette-vape-vaporizer\/","url":"https:\/\/vapebulkp.com\/product\/wholesale-bang-leader-20000-puffs-disposable-e-cigarette-vape-vaporizer\/","name":"Wholesale Bang Leader 20000 Puffs Disposable E-Cigarette Vape Vaporizer - vapebulkp.com","isPartOf":{"@id":"https:\/\/vapebulkp.com\/#website"},"datePublished":"2025-02-24T08:02:47+00:00","dateModified":"2025-09-17T08:33:42+00:00","description":"Wholesale Bang Leader 20000 Puffs Disposable Vape, 28ml capacity, 2\/5% nicotine, long-lasting, fast charging, smooth vapor, perfect for bulk orders.","breadcrumb":{"@id":"https:\/\/vapebulkp.com\/product\/wholesale-bang-leader-20000-puffs-disposable-e-cigarette-vape-vaporizer\/#breadcrumb"},"inLanguage":"lv-LV","potentialAction":[{"@type":"ReadAction","target":["https:\/\/vapebulkp.com\/product\/wholesale-bang-leader-20000-puffs-disposable-e-cigarette-vape-vaporizer\/"]}]},{"@type":"BreadcrumbList","@id":"https:\/\/vapebulkp.com\/product\/wholesale-bang-leader-20000-puffs-disposable-e-cigarette-vape-vaporizer\/#breadcrumb","itemListElement":[{"@type":"ListItem","position":1,"name":"Home","item":"https:\/\/vapebulkp.com\/"},{"@type":"ListItem","position":2,"name":"Hot Trend Vapes","item":"https:\/\/vapebulkp.com\/vape-shop\/"},{"@type":"ListItem","position":3,"name":"Wholesale Bang Leader 20000 Puffs Disposable E-Cigarette Vape Vaporizer"}]},{"@type":"WebSite","@id":"https:\/\/vapebulkp.com\/#website","url":"https:\/\/vapebulkp.com\/","name":"vapebulkp.com","description":"Buy Vape In Cheap Bulk Price Near you","publisher":{"@id":"https:\/\/vapebulkp.com\/#organization"},"potentialAction":[{"@type":"SearchAction","target":{"@type":"EntryPoint","urlTemplate":"https:\/\/vapebulkp.com\/?s={search_term_string}"},"query-input":"required name=search_term_string"}],"inLanguage":"lv-LV"},{"@type":"Organization","@id":"https:\/\/vapebulkp.com\/#organization","name":"vapebulkp.com","url":"https:\/\/vapebulkp.com\/","logo":{"@type":"ImageObject","inLanguage":"lv-LV","@id":"https:\/\/vapebulkp.com\/#\/schema\/logo\/image\/","url":"https:\/\/vapebulkp.com\/wp-content\/uploads\/2023\/09\/cropped-vapebulkp.png","contentUrl":"https:\/\/vapebulkp.com\/wp-content\/uploads\/2023\/09\/cropped-vapebulkp.png","width":516,"height":163,"caption":"vapebulkp.com"},"image":{"@id":"https:\/\/vapebulkp.com\/#\/schema\/logo\/image\/"}}]}},"uagb_featured_image_src":{"full":["https:\/\/vapebulkp.com\/wp-content\/uploads\/2025\/02\/Bang-Leader-20000-Puff-Vape-Dual-Mesh-Coils-Crystal-Vape.webp",800,800,false],"thumbnail":["https:\/\/vapebulkp.com\/wp-content\/uploads\/2025\/02\/Bang-Leader-20000-Puff-Vape-Dual-Mesh-Coils-Crystal-Vape-150x150.webp",150,150,true],"medium":["https:\/\/vapebulkp.com\/wp-content\/uploads\/2025\/02\/Bang-Leader-20000-Puff-Vape-Dual-Mesh-Coils-Crystal-Vape-300x300.webp",300,300,true],"medium_large":["https:\/\/vapebulkp.com\/wp-content\/uploads\/2025\/02\/Bang-Leader-20000-Puff-Vape-Dual-Mesh-Coils-Crystal-Vape-768x768.webp",768,768,true],"large":["https:\/\/vapebulkp.com\/wp-content\/uploads\/2025\/02\/Bang-Leader-20000-Puff-Vape-Dual-Mesh-Coils-Crystal-Vape.webp",800,800,false],"1536x1536":["https:\/\/vapebulkp.com\/wp-content\/uploads\/2025\/02\/Bang-Leader-20000-Puff-Vape-Dual-Mesh-Coils-Crystal-Vape.webp",800,800,false],"2048x2048":["https:\/\/vapebulkp.com\/wp-content\/uploads\/2025\/02\/Bang-Leader-20000-Puff-Vape-Dual-Mesh-Coils-Crystal-Vape.webp",800,800,false],"trp-custom-language-flag":["https:\/\/vapebulkp.com\/wp-content\/uploads\/2025\/02\/Bang-Leader-20000-Puff-Vape-Dual-Mesh-Coils-Crystal-Vape.webp",12,12,false],"woocommerce_thumbnail":["https:\/\/vapebulkp.com\/wp-content\/uploads\/2025\/02\/Bang-Leader-20000-Puff-Vape-Dual-Mesh-Coils-Crystal-Vape-300x300.webp",300,300,true],"woocommerce_single":["https:\/\/vapebulkp.com\/wp-content\/uploads\/2025\/02\/Bang-Leader-20000-Puff-Vape-Dual-Mesh-Coils-Crystal-Vape-600x600.webp",600,600,true],"woocommerce_gallery_thumbnail":["https:\/\/vapebulkp.com\/wp-content\/uploads\/2025\/02\/Bang-Leader-20000-Puff-Vape-Dual-Mesh-Coils-Crystal-Vape-100x100.webp",100,100,true],"wcpr-photo-reviews":["https:\/\/vapebulkp.com\/wp-content\/uploads\/2025\/02\/Bang-Leader-20000-Puff-Vape-Dual-Mesh-Coils-Crystal-Vape.webp",500,500,false]},"uagb_author_info":{"display_name":"Mandy vape bulk price","author_link":"https:\/\/vapebulkp.com\/lv\/author\/"},"uagb_comment_info":0,"uagb_excerpt":"Bulk Price Bang Leader 20000 Puffs Disposable Vape best vape deals Bang Leader 20000 Puff\u00a0 Vapes for high nicotine e-liquid Bang Leader 20k Puff Disposable Vape top-rated refillable pod kits Pls Contact Mandy's WhatsApp For Discount Price+8618077105796 NOTE: Prices on our website does not include shipping costs &nbsp;","_links":{"self":[{"href":"https:\/\/vapebulkp.com\/lv\/wp-json\/wp\/v2\/product\/3504","targetHints":{"allow":["GET"]}}],"collection":[{"href":"https:\/\/vapebulkp.com\/lv\/wp-json\/wp\/v2\/product"}],"about":[{"href":"https:\/\/vapebulkp.com\/lv\/wp-json\/wp\/v2\/types\/product"}],"replies":[{"embeddable":true,"href":"https:\/\/vapebulkp.com\/lv\/wp-json\/wp\/v2\/comments?post=3504"}],"wp:featuredmedia":[{"embeddable":true,"href":"https:\/\/vapebulkp.com\/lv\/wp-json\/wp\/v2\/media\/3501"}],"wp:attachment":[{"href":"https:\/\/vapebulkp.com\/lv\/wp-json\/wp\/v2\/media?parent=3504"}],"wp:term":[{"taxonomy":"product_cat","embeddable":true,"href":"https:\/\/vapebulkp.com\/lv\/wp-json\/wp\/v2\/product_cat?post=3504"},{"taxonomy":"product_tag","embeddable":true,"href":"https:\/\/vapebulkp.com\/lv\/wp-json\/wp\/v2\/product_tag?post=3504"}],"curies":[{"name":"wp","href":"https:\/\/api.w.org\/{rel}","templated":true}]}}