{"id":3700,"date":"2025-04-23T09:53:13","date_gmt":"2025-04-23T07:53:13","guid":{"rendered":"https:\/\/vapebulkp.com\/?post_type=product&#038;p=3700"},"modified":"2025-09-17T10:38:27","modified_gmt":"2025-09-17T08:38:27","slug":"vapme-digital-30000-puffs-disposable-vape-with-smart-screen","status":"publish","type":"product","link":"https:\/\/vapebulkp.com\/lv\/product\/vapme-digital-30000-puffs-disposable-vape-with-smart-screen\/","title":{"rendered":"Vapme Digital 30000 Pufi Vienreiz\u0113j\u0101s Lieto\u0161anas Vape ar Viedo Ekr\u0101nu"},"content":{"rendered":"<h2>Vapme Digital 30000 Pufi Vienreiz\u0113j\u0101s Lieto\u0161anas Vape ar Viedo Ekr\u0101nu<\/h2>\n<p data-start=\"587\" data-end=\"880\">Tas <strong data-start=\"591\" data-end=\"620\">Vapme Digital 30000 pufa<\/strong> ir n\u0101kam\u0101s paaudzes <a href=\"https:\/\/vapebulkp.com\/lv\/product-category\/30000-puff-disposable-vape\/\"><strong data-start=\"642\" data-end=\"673\">30000 uzp\u016btienu vienreizlietojams iztvaikot\u0101js<\/strong><\/a> izveidots Eiropas tirgum. Izstr\u0101d\u0101ts k\u0101 <strong data-start=\"721\" data-end=\"746\">ilgsto\u0161i lietojama elektronisk\u0101 cigarete<\/strong>, tas nodro\u0161ina konsekventu tvaiku un sp\u0113c\u012bgu gar\u0161u t\u016bksto\u0161iem piep\u016btu, padarot to ide\u0101li piem\u0113rotu gan ikdienas lietot\u0101jiem, gan vairumtirdzniec\u012bbas pirc\u0113jiem.<\/p>\n<p data-start=\"882\" data-end=\"1140\">Izstr\u0101d\u0101ts ar modernu <strong data-start=\"907\" data-end=\"925\">sieta spoles vape<\/strong> tehnolo\u0123iju, tas nodro\u0161ina vienm\u0113r\u012bgu gaisa pl\u016bsmu, bl\u012bvu tvaiku un bag\u0101t\u012bgu gar\u0161u, kas saglab\u0101jas l\u012bdz pat p\u0113d\u0113jai piep\u016btei. Digit\u0101lais ekr\u0101ns re\u0101llaik\u0101 par\u0101da akumulatora un e-\u0161\u0137idruma l\u012bmeni, \u013caujot kontrol\u0113t katru sesiju.<\/p>\n<p data-start=\"1142\" data-end=\"1443\">\u0160is <strong data-start=\"1177\" data-end=\"1209\">uzl\u0101d\u0113jamais vienreizlietojamais vape<\/strong> ar 850mAh akumulatoru atbalsta Type-C \u0101tru uzl\u0101di, samazinot d\u012bkst\u0101ves laiku un uzturot stabilu veiktsp\u0113ju. Ar nikot\u012bna s\u0101ls stiprumu 0%, 2%, 3% un 5% <strong data-start=\"1347\" data-end=\"1376\">Vapme Digital 30000 pufa<\/strong> atbilst da\u017e\u0101d\u0101m iztvaiko\u0161anas v\u0113lm\u0113m, neatkar\u012bgi no t\u0101, vai t\u0101s ir vieglas vai stipras.<\/p>\n<p data-start=\"1445\" data-end=\"1706\">Pieejams 12 izsmalcin\u0101t\u0101s gar\u0161\u0101s, \u0161is <strong data-start=\"1483\" data-end=\"1505\">nikot\u012bna s\u0101ls vape<\/strong> apvieno augst\u0101k\u0101s kvalit\u0101tes \u0113rt\u012bbas. Pl\u0101ns, p\u0101rn\u0113s\u0101jams un gatavs vairumtirdzniec\u012bbai, tas ir gudrs pirkums mazumtirgot\u0101jiem un izplat\u012bt\u0101jiem, kuri mekl\u0113 piepras\u012btus produktus Latvij\u0101. <strong data-start=\"1675\" data-end=\"1696\">vairumtirdzniec\u012bbas vape ES<\/strong>.<\/p>\n<h6>L\u016bdzu, sazinieties ar Mandijas WhatsApp, lai sa\u0146emtu atlaides cenu<a href=\"https:\/\/wa.me\/8618077105796\">+8618077105796<\/a><\/h6>\n<p>&nbsp;<\/p>\n<p><img decoding=\"async\" class=\"alignnone wp-image-2151\" src=\"http:\/\/vapebulkp.com\/wp-content\/uploads\/2024\/04\/Mandy-WhatsApp-Randm.jpg\" alt=\"Mandy WhatsApp Randi\" width=\"324\" height=\"330\" \/><\/p>\n<h3 class=\"\" data-start=\"104\" data-end=\"182\"><strong data-start=\"108\" data-end=\"182\">Vapme Digital 30000 Puffs Lielas ietilp\u012bbas vienreizlietojam\u0101s e-cigaretes \u2013 Produkta specifik\u0101cijas<\/strong><\/h3>\n<ul data-start=\"184\" data-end=\"747\">\n<li class=\"\" data-start=\"184\" data-end=\"217\">\n<p class=\"\" data-start=\"186\" data-end=\"217\"><strong data-start=\"186\" data-end=\"200\">D\u016bmu skaits<\/strong>: 30000 Pufi<\/p>\n<\/li>\n<li class=\"\" data-start=\"218\" data-end=\"288\">\n<p class=\"\" data-start=\"220\" data-end=\"288\"><strong data-start=\"220\" data-end=\"231\">Akumulators<\/strong>: 850mAh Uzl\u0101d\u0113jams Akumulators ar Type-C \u0100tro Uzl\u0101di<\/p>\n<\/li>\n<li class=\"\" data-start=\"289\" data-end=\"350\">\n<p class=\"\" data-start=\"291\" data-end=\"350\"><strong data-start=\"291\" data-end=\"312\">E-\u0161\u0137idruma ietilp\u012bba<\/strong>: 20ml Iepriek\u0161 Uzpild\u012bta Premium E-\u0161\u0137idrums<\/p>\n<\/li>\n<li class=\"\" data-start=\"351\" data-end=\"414\">\n<p class=\"\" data-start=\"353\" data-end=\"414\"><strong data-start=\"353\" data-end=\"382\">Nikot\u012bna stipruma iesp\u0113jas<\/strong>: 0%, 2%, 3%, 5% Nikot\u012bna S\u0101ls<\/p>\n<\/li>\n<li class=\"\" data-start=\"415\" data-end=\"483\">\n<p class=\"\" data-start=\"417\" data-end=\"483\"><strong data-start=\"417\" data-end=\"436\">Spoles tehnolo\u0123ija<\/strong>: Uzlabota 0.6\u03a9 Acs Spole Lab\u0101kai Gar\u0161ai<\/p>\n<\/li>\n<li class=\"\" data-start=\"484\" data-end=\"555\">\n<p class=\"\" data-start=\"486\" data-end=\"555\"><strong data-start=\"486\" data-end=\"500\">Ieelpo\u0161anas Stils<\/strong>: MTL (Mute-uz-Plau\u0161\u0101m) \u2013 Maiga, Cigaretei L\u012bdz\u012bga Ieelpo\u0161ana<\/p>\n<\/li>\n<li class=\"\" data-start=\"556\" data-end=\"621\">\n<p class=\"\" data-start=\"558\" data-end=\"621\"><strong data-start=\"558\" data-end=\"569\">Displejs<\/strong>: Digit\u0101lais Ekr\u0101ns Akumulatoram<\/p>\n<\/li>\n<li class=\"\" data-start=\"622\" data-end=\"677\">\n<p class=\"\" data-start=\"624\" data-end=\"677\"><strong data-start=\"624\" data-end=\"635\">Gar\u0161as<\/strong>: 12 Bag\u0101t\u012bgas un Izteiksm\u012bgas Gar\u0161u Izv\u0113les<\/p>\n<\/li>\n<li class=\"\" data-start=\"678\" data-end=\"747\">\n<p class=\"\" data-start=\"680\" data-end=\"747\"><strong data-start=\"680\" data-end=\"693\">Iepakojums<\/strong>: 160 Vien\u012bbas Kast\u0113 | Bruto Svars: 20.5kg Kast\u0113<\/p>\n<\/li>\n<\/ul>\n<h2>Vapme Digital 30000 Puffs Type-C E-ciga\u0161u Gar\u0161a<\/h2>\n<p>1. Zeme\u0146u Ledus<br \/>\n2. Zeme\u0146u Kivi<br \/>\n3. Zeme\u0146u V\u012bnogu<br \/>\n4. \u0136ir\u0161u Ledus<br \/>\n5. Kivi Pasifloru Gvajaves<br \/>\n6. Zeme\u0146u Red Bull 7. Persiku Ledus<br \/>\n8. Ener\u0123ijas dz\u0113riens<br \/>\n9. Lady Killa<br \/>\n10. Watermelon Ice<br \/>\n11. Love 66<br \/>\n12. Melle\u0146u avenes<\/p>\n<p><span style=\"vertical-align: inherit\">Atrast vair\u0101k produktu, kas jums var\u0113tu patikt:<\/span><em><a href=\"https:\/\/wa.me\/8618077105796\"><span style=\"vertical-align: inherit\">\u00a0Pirkt tagad<\/span><\/a><\/em><\/p>\n<p><span style=\"vertical-align: inherit\">Citas dvesmas, kas jums var\u0113tu patikt:<\/span><a href=\"https:\/\/vapebulkp.com\/lv\/product\/waspe-vape-40000-puff-fihp-double-flavour-disposable-vape\/\"><span style=\"vertical-align: inherit\">WASPE FIHP 40000 dvesu<\/span><\/a><span style=\"vertical-align: inherit\">\u3001<\/span><a href=\"https:\/\/vapebulkp.com\/lv\/product\/uzy-crystal-twin-50000-puffs-rechargeable-vape-with-led-display\/\"><span style=\"vertical-align: inherit\">UZY Crystal Twin 50000 dvesu<\/span><\/a><span style=\"vertical-align: inherit\">\/ <\/span><a href=\"https:\/\/vapebulkp.com\/lv\/fi\/product\/bang-30k-puffs-new-double-taste-good-vape\/\"><span style=\"vertical-align: inherit\">Bang Vape 30000 dvesu<\/span><\/a><span style=\"vertical-align: inherit\">\/ <\/span><a href=\"https:\/\/vapebulkp.com\/lv\/product\/zooy-zero-45000-puffs-nicotine-salt-vape-extra-large-e-liquid-capacity\/\"><span style=\"vertical-align: inherit\">ZOOY ZERO 45000 uzp\u016btienu<\/span><\/a><\/p>\n<h3 class=\"\" data-start=\"1557\" data-end=\"1601\"><strong data-start=\"1561\" data-end=\"1599\">K\u0101p\u0113c izv\u0113l\u0113ties Vapme Digital 30000 dvesu vape kasti?<\/strong><\/h3>\n<h4 class=\"\" data-start=\"120\" data-end=\"165\">\ud83d\udd0b<strong data-start=\"128\" data-end=\"163\">\u012apa\u0161i ilgs kalpo\u0161anas laiks \u2014 30 000+ d\u016bmu<\/strong><\/h4>\n<p class=\"\" data-start=\"166\" data-end=\"320\">Atvadieties no past\u0101v\u012bgas nomai\u0146as. \u0160\u012b ier\u012bce nodro\u0161ina izcilu ilgm\u016b\u017e\u012bbu, padarot to par uzticamu pavadoni ikdienas lieto\u0161anai, ce\u013cojumiem un mazumtirdzniec\u012bbas p\u0101rdo\u0161anai.<\/p>\n<h4 class=\"\" data-start=\"322\" data-end=\"356\">\ud83d\udcf1 <strong data-start=\"330\" data-end=\"354\">Viedais digit\u0101lais ekr\u0101ns<\/strong><\/h4>\n<p class=\"\" data-start=\"357\" data-end=\"481\">Ieb\u016bv\u0113tais displejs par\u0101da akumulatora un e-\u0161\u0137idruma l\u012bmeni re\u0101llaik\u0101. Skaidrs, moderns un \u0113rts \u2014 prec\u012bzi zin\u0101t, kad j\u0101uzl\u0101d\u0113.<\/p>\n<h4 class=\"\" data-start=\"483\" data-end=\"526\">\ud83d\udca8 <strong data-start=\"491\" data-end=\"524\">T\u012bkla spole izcilai gar\u0161ai<\/strong><\/h4>\n<p class=\"\" data-start=\"527\" data-end=\"650\">Apr\u012bkots ar 0,6 \u03a9 t\u012bkla spoli, tas nodro\u0161ina bl\u012bvus tvaikus un vienm\u0113r\u012bgus sitienus katru reizi, optimiz\u0113ts MTL (Mouth-to-Lung) lietot\u0101jiem.<\/p>\n<h4 class=\"\" data-start=\"652\" data-end=\"704\">\ud83c\udf4d <strong data-start=\"660\" data-end=\"702\">12 Premium gar\u0161as<\/strong><\/h4>\n<p class=\"\" data-start=\"705\" data-end=\"845\">Izv\u0113lieties no 12 ekspertu veidotiem gar\u0161u mais\u012bjumiem. Pieejams ar 0%, 2%, 3% un 5% nikot\u012bna stiprumu, lai apmierin\u0101tu katru gaumi un v\u0113lmes.<\/p>\n<h4 class=\"\" data-start=\"847\" data-end=\"896\">\u26a1 <strong data-start=\"854\" data-end=\"894\">\u0100tra Type-C uzl\u0101de, 850 mAh akumulators<\/strong><\/h4>\n<p class=\"\" data-start=\"897\" data-end=\"973\">Efekt\u012bva jaudas pieg\u0101de un \u0101tra uzl\u0101de noz\u012bm\u0113 maz\u0101k gaid\u012b\u0161anas, vair\u0101k tvaic\u0113\u0161anas.<\/p>\n<h4 class=\"\" data-start=\"975\" data-end=\"1025\">\ud83d\udce6 <strong data-start=\"983\" data-end=\"1023\">Gatavs vairumtirdzniec\u012bbai \u2014 160 vien\u012bbas kast\u0113<\/strong><\/h4>\n<p class=\"\" data-start=\"1026\" data-end=\"1146\">Ide\u0101li piem\u0113rots mazumtirgot\u0101jiem un lielapjoma pirc\u0113jiem. Viegls, organiz\u0113ts iepakojums (20,5 kg\/kaste) nodro\u0161ina vieglu apstr\u0101di un transport\u0113\u0161anu.<\/p>\n<h4 class=\"\" data-start=\"1148\" data-end=\"1206\">\ud83c\udf0d <strong data-start=\"1156\" data-end=\"1204\">Elegants, ce\u013cojumiem draudz\u012bgs un bez apkopes<\/strong><\/h4>\n<p class=\"\" data-start=\"1207\" data-end=\"1312\">Kompakts, stil\u012bgs un gatavs lieto\u0161anai uzreiz no iepakojuma. Nav nepiecie\u0161ams uzpild\u012bt, nav j\u0101maina spoles \u2014 vienk\u0101r\u0161i uzl\u0101d\u0113jiet un izbaudiet.<\/p>\n<h3>Pieg\u0101des deta\u013cas:<\/h3>\n<p><span style=\"color: #ff6600\">Ra\u017eo\u0161anas laiks: 5-10 darba dienas<\/span><br \/>\n<span style=\"color: #ff6600\">Pieg\u0101des laiks: 8-14 darba dienas<\/span><\/p>\n<p>Visi produkti m\u016bsu veikal\u0101 ir 100% ori\u0123in\u0101li un autentiski, t\u0101p\u0113c desmitk\u0101rt\u012bga kompens\u0101cija par viltot\u0101m prec\u0113m ir m\u016bsu veikala politika. M\u0113s izmantojam t\u0101dus lo\u0123istikas kan\u0101lus k\u0101 UPS\/DHL\/FEDEX\/DPD, lai pieg\u0101d\u0101tu preces jums.<\/p>\n<p>Paci\u0146\u0101m, kas tiek s\u016bt\u012btas uz Latviju, parasti nepiecie\u0161amas 10 darba dienas, lai t\u0101s sa\u0146emtu. S\u016bt\u012bjumiem uz Eiropas valst\u012bm parasti nepiecie\u0161amas 12 l\u012bdz 15 darba dienas, lai t\u0101s sa\u0146emtu. M\u0113s atjaunin\u0101sim lo\u0123istikas inform\u0101ciju jums re\u0101llaik\u0101.<\/p>","protected":false},"excerpt":{"rendered":"<p>VAPME GOAT 40000 Puffs ir augst\u0101k\u0101s klases <strong data-start=\"135\" data-end=\"164\">vienreizlietojama vape vairumtirdzniec\u012bb\u0101<\/strong>, kas izstr\u0101d\u0101ta mazumtirgot\u0101jiem un izplat\u012bt\u0101jiem, kuri mekl\u0113 <strong data-start=\"214\" data-end=\"260\">piepras\u012btus, ilgsto\u0161us iztvaiko\u0161anas risin\u0101jumus<\/strong>. Ar <strong data-start=\"275\" data-end=\"332\">850mAh uzl\u0101d\u0113jamu akumulatoru ar Type-C \u0101tru uzl\u0101di<\/strong>, \u0161\u012b ier\u012bce nodro\u0161ina ilgsto\u0161u lieto\u0161anu ar <strong data-start=\"372\" data-end=\"399\">konstantu jaudas izvadi<\/strong>, padarot to par izcilu izv\u0113li gan ikdienas, gan pieredz\u0113ju\u0161iem vaperiem.<\/p>\n<p>L\u016bdzu, sazinieties ar Mandijas WhatsApp, lai sa\u0146emtu atlaides cenu<a href=\"https:\/\/wa.me\/8618077105796\">+8618077105796<\/a><\/p>\n<p>&nbsp;<\/p>\n<p><img decoding=\"async\" class=\"alignnone wp-image-2151\" src=\"http:\/\/vapebulkp.com\/wp-content\/uploads\/2024\/04\/Mandy-WhatsApp-Randm.jpg\" alt=\"Mandy WhatsApp Randi\" width=\"297\" height=\"316\" srcset=\"https:\/\/vapebulkp.com\/wp-content\/uploads\/2024\/04\/Mandy-WhatsApp-Randm.jpg 916w, https:\/\/vapebulkp.com\/wp-content\/uploads\/2024\/04\/Mandy-WhatsApp-Randm-282x300.jpg 282w, https:\/\/vapebulkp.com\/wp-content\/uploads\/2024\/04\/Mandy-WhatsApp-Randm-768x817.jpg 768w, https:\/\/vapebulkp.com\/wp-content\/uploads\/2024\/04\/Mandy-WhatsApp-Randm-600x638.jpg 600w\" sizes=\"(max-width: 297px) 100vw, 297px\" \/><\/p>\n<p><span style=\"color: #ff0000\">PIEZ\u012aME: Cenas m\u016bsu t\u012bmek\u013ca vietn\u0113 neietver pieg\u0101des izmaksas<\/span><\/p>\n<p>&nbsp;<\/p>","protected":false},"featured_media":3698,"comment_status":"open","ping_status":"closed","template":"","meta":{"_uag_custom_page_level_css":"","_lmt_disableupdate":"no","_lmt_disable":"","site-sidebar-layout":"default","site-content-layout":"content-boxed-container","ast-site-content-layout":"normal-width-container","site-content-style":"boxed","site-sidebar-style":"unboxed","ast-global-header-display":"","ast-banner-title-visibility":"","ast-main-header-display":"","ast-hfb-above-header-display":"","ast-hfb-below-header-display":"","ast-hfb-mobile-header-display":"","site-post-title":"","ast-breadcrumbs-content":"","ast-featured-img":"","footer-sml-layout":"","theme-transparent-header-meta":"default","adv-header-id-meta":"","stick-header-meta":"","header-above-stick-meta":"","header-main-stick-meta":"","header-below-stick-meta":"","astra-migrate-meta-layouts":"set","_joinchat":[]},"product_cat":[160,153,155,33,59,100,87,34,158,157,154,152,58,84,156,63,32,368],"product_tag":[36,37,41,40,241],"class_list":["post-3700","product","type-product","status-publish","has-post-thumbnail","hentry","product_cat-30000-puff-disposable-vape","product_cat-hot-disposable-vapes","product_cat-belgium-hot-disposable-vapes","product_cat-france-vape-hot-sale","product_cat-germany-hot-disposable-vape","product_cat-germany-wholesale-vape-shop","product_cat-minimum-order-quantity-50pcs","product_cat-netherlands-vape-good-sale","product_cat-norway-hot-disposable-vapes","product_cat-poland-hot-disposable-vapes","product_cat-portugal-hot-disposable-vapes","product_cat-spain-hot-disposable-vapes","product_cat-sweden-hot-disposable-vape","product_cat-sweden-wholesale-vape","product_cat-switzerland-hot-disposable-vapes","product_cat-top-sale-disposable-vape","product_cat-vape-hot-sale-this-week","product_cat-vapme-vape","product_tag-good-vape","product_tag-hot-sale-disposable-vape","product_tag-poland-hot-vape","product_tag-sweden-hot-vape","product_tag-vapme-digital-30000-puffs","pa_brand-vapme-vape","desktop-align-left","tablet-align-left","mobile-align-left"],"yoast_head":"<!-- This site is optimized with the Yoast SEO plugin v21.1 - https:\/\/yoast.com\/wordpress\/plugins\/seo\/ -->\n<title>Vapme Digital 30000 Puffs Disposable Vape with Smart Screen - vapebulkp.com<\/title>\n<meta name=\"description\" content=\"Vapme Digital 30000 Puffs Disposable Vape delivers 30,000 puffs of smooth MTL vaping with rich flavors, a smart screen, and a rechargeable 850mAh battery. Enjoy long-lasting performance .\" \/>\n<meta name=\"robots\" content=\"index, follow, max-snippet:-1, max-image-preview:large, max-video-preview:-1\" \/>\n<link rel=\"canonical\" href=\"https:\/\/vapebulkp.com\/lv\/product\/vapme-digital-30000-puffs-disposable-vape-with-smart-screen\/\" \/>\n<meta property=\"og:locale\" content=\"lv_LV\" \/>\n<meta property=\"og:type\" content=\"article\" \/>\n<meta property=\"og:title\" content=\"Vapme Digital 30000 Puffs Disposable Vape with Smart Screen - vapebulkp.com\" \/>\n<meta property=\"og:description\" content=\"Vapme Digital 30000 Puffs Disposable Vape delivers 30,000 puffs of smooth MTL vaping with rich flavors, a smart screen, and a rechargeable 850mAh battery. Enjoy long-lasting performance .\" \/>\n<meta property=\"og:url\" content=\"https:\/\/vapebulkp.com\/lv\/product\/vapme-digital-30000-puffs-disposable-vape-with-smart-screen\/\" \/>\n<meta property=\"og:site_name\" content=\"vapebulkp.com\" \/>\n<meta property=\"article:modified_time\" content=\"2025-09-17T08:38:27+00:00\" \/>\n<meta property=\"og:image\" content=\"http:\/\/vapebulkp.com\/wp-content\/uploads\/2025\/04\/Vapme-Digital-30000-Puffs-Disposable-Vape-Long-Lasting-Vape.webp\" \/>\n\t<meta property=\"og:image:width\" content=\"800\" \/>\n\t<meta property=\"og:image:height\" content=\"800\" \/>\n\t<meta property=\"og:image:type\" content=\"image\/webp\" \/>\n<meta name=\"twitter:card\" content=\"summary_large_image\" \/>\n<meta name=\"twitter:label1\" content=\"Est. reading time\" \/>\n\t<meta name=\"twitter:data1\" content=\"3 min\u016btes\" \/>\n<script type=\"application\/ld+json\" class=\"yoast-schema-graph\">{\"@context\":\"https:\/\/schema.org\",\"@graph\":[{\"@type\":\"WebPage\",\"@id\":\"https:\/\/vapebulkp.com\/product\/vapme-digital-30000-puffs-disposable-vape-with-smart-screen\/\",\"url\":\"https:\/\/vapebulkp.com\/product\/vapme-digital-30000-puffs-disposable-vape-with-smart-screen\/\",\"name\":\"Vapme Digital 30000 Puffs Disposable Vape with Smart Screen - vapebulkp.com\",\"isPartOf\":{\"@id\":\"https:\/\/vapebulkp.com\/#website\"},\"datePublished\":\"2025-04-23T07:53:13+00:00\",\"dateModified\":\"2025-09-17T08:38:27+00:00\",\"description\":\"Vapme Digital 30000 Puffs Disposable Vape delivers 30,000 puffs of smooth MTL vaping with rich flavors, a smart screen, and a rechargeable 850mAh battery. Enjoy long-lasting performance .\",\"breadcrumb\":{\"@id\":\"https:\/\/vapebulkp.com\/product\/vapme-digital-30000-puffs-disposable-vape-with-smart-screen\/#breadcrumb\"},\"inLanguage\":\"lv-LV\",\"potentialAction\":[{\"@type\":\"ReadAction\",\"target\":[\"https:\/\/vapebulkp.com\/product\/vapme-digital-30000-puffs-disposable-vape-with-smart-screen\/\"]}]},{\"@type\":\"BreadcrumbList\",\"@id\":\"https:\/\/vapebulkp.com\/product\/vapme-digital-30000-puffs-disposable-vape-with-smart-screen\/#breadcrumb\",\"itemListElement\":[{\"@type\":\"ListItem\",\"position\":1,\"name\":\"Home\",\"item\":\"https:\/\/vapebulkp.com\/\"},{\"@type\":\"ListItem\",\"position\":2,\"name\":\"Hot Trend Vapes\",\"item\":\"https:\/\/vapebulkp.com\/vape-shop\/\"},{\"@type\":\"ListItem\",\"position\":3,\"name\":\"Vapme Digital 30000 Puffs Disposable Vape with Smart Screen\"}]},{\"@type\":\"WebSite\",\"@id\":\"https:\/\/vapebulkp.com\/#website\",\"url\":\"https:\/\/vapebulkp.com\/\",\"name\":\"vapebulkp.com\",\"description\":\"Buy Vape In Cheap Bulk Price Near you\",\"publisher\":{\"@id\":\"https:\/\/vapebulkp.com\/#organization\"},\"potentialAction\":[{\"@type\":\"SearchAction\",\"target\":{\"@type\":\"EntryPoint\",\"urlTemplate\":\"https:\/\/vapebulkp.com\/?s={search_term_string}\"},\"query-input\":\"required name=search_term_string\"}],\"inLanguage\":\"lv-LV\"},{\"@type\":\"Organization\",\"@id\":\"https:\/\/vapebulkp.com\/#organization\",\"name\":\"vapebulkp.com\",\"url\":\"https:\/\/vapebulkp.com\/\",\"logo\":{\"@type\":\"ImageObject\",\"inLanguage\":\"lv-LV\",\"@id\":\"https:\/\/vapebulkp.com\/#\/schema\/logo\/image\/\",\"url\":\"https:\/\/vapebulkp.com\/wp-content\/uploads\/2023\/09\/cropped-vapebulkp.png\",\"contentUrl\":\"https:\/\/vapebulkp.com\/wp-content\/uploads\/2023\/09\/cropped-vapebulkp.png\",\"width\":516,\"height\":163,\"caption\":\"vapebulkp.com\"},\"image\":{\"@id\":\"https:\/\/vapebulkp.com\/#\/schema\/logo\/image\/\"}}]}<\/script>\n<!-- \/ Yoast SEO plugin. -->","yoast_head_json":{"title":"Vapme Digital 30000 Puffs Disposable Vape with Smart Screen - vapebulkp.com","description":"Vapme Digital 30000 Puffs Disposable Vape delivers 30,000 puffs of smooth MTL vaping with rich flavors, a smart screen, and a rechargeable 850mAh battery. Enjoy long-lasting performance .","robots":{"index":"index","follow":"follow","max-snippet":"max-snippet:-1","max-image-preview":"max-image-preview:large","max-video-preview":"max-video-preview:-1"},"canonical":"https:\/\/vapebulkp.com\/lv\/product\/vapme-digital-30000-puffs-disposable-vape-with-smart-screen\/","og_locale":"lv_LV","og_type":"article","og_title":"Vapme Digital 30000 Puffs Disposable Vape with Smart Screen - vapebulkp.com","og_description":"Vapme Digital 30000 Puffs Disposable Vape delivers 30,000 puffs of smooth MTL vaping with rich flavors, a smart screen, and a rechargeable 850mAh battery. Enjoy long-lasting performance .","og_url":"https:\/\/vapebulkp.com\/lv\/product\/vapme-digital-30000-puffs-disposable-vape-with-smart-screen\/","og_site_name":"vapebulkp.com","article_modified_time":"2025-09-17T08:38:27+00:00","og_image":[{"width":800,"height":800,"url":"http:\/\/vapebulkp.com\/wp-content\/uploads\/2025\/04\/Vapme-Digital-30000-Puffs-Disposable-Vape-Long-Lasting-Vape.webp","type":"image\/webp"}],"twitter_card":"summary_large_image","twitter_misc":{"Est. reading time":"3 min\u016btes"},"schema":{"@context":"https:\/\/schema.org","@graph":[{"@type":"WebPage","@id":"https:\/\/vapebulkp.com\/product\/vapme-digital-30000-puffs-disposable-vape-with-smart-screen\/","url":"https:\/\/vapebulkp.com\/product\/vapme-digital-30000-puffs-disposable-vape-with-smart-screen\/","name":"Vapme Digital 30000 Puffs Disposable Vape with Smart Screen - vapebulkp.com","isPartOf":{"@id":"https:\/\/vapebulkp.com\/#website"},"datePublished":"2025-04-23T07:53:13+00:00","dateModified":"2025-09-17T08:38:27+00:00","description":"Vapme Digital 30000 Puffs Disposable Vape delivers 30,000 puffs of smooth MTL vaping with rich flavors, a smart screen, and a rechargeable 850mAh battery. Enjoy long-lasting performance .","breadcrumb":{"@id":"https:\/\/vapebulkp.com\/product\/vapme-digital-30000-puffs-disposable-vape-with-smart-screen\/#breadcrumb"},"inLanguage":"lv-LV","potentialAction":[{"@type":"ReadAction","target":["https:\/\/vapebulkp.com\/product\/vapme-digital-30000-puffs-disposable-vape-with-smart-screen\/"]}]},{"@type":"BreadcrumbList","@id":"https:\/\/vapebulkp.com\/product\/vapme-digital-30000-puffs-disposable-vape-with-smart-screen\/#breadcrumb","itemListElement":[{"@type":"ListItem","position":1,"name":"Home","item":"https:\/\/vapebulkp.com\/"},{"@type":"ListItem","position":2,"name":"Hot Trend Vapes","item":"https:\/\/vapebulkp.com\/vape-shop\/"},{"@type":"ListItem","position":3,"name":"Vapme Digital 30000 Puffs Disposable Vape with Smart Screen"}]},{"@type":"WebSite","@id":"https:\/\/vapebulkp.com\/#website","url":"https:\/\/vapebulkp.com\/","name":"vapebulkp.com","description":"Buy Vape In Cheap Bulk Price Near you","publisher":{"@id":"https:\/\/vapebulkp.com\/#organization"},"potentialAction":[{"@type":"SearchAction","target":{"@type":"EntryPoint","urlTemplate":"https:\/\/vapebulkp.com\/?s={search_term_string}"},"query-input":"required name=search_term_string"}],"inLanguage":"lv-LV"},{"@type":"Organization","@id":"https:\/\/vapebulkp.com\/#organization","name":"vapebulkp.com","url":"https:\/\/vapebulkp.com\/","logo":{"@type":"ImageObject","inLanguage":"lv-LV","@id":"https:\/\/vapebulkp.com\/#\/schema\/logo\/image\/","url":"https:\/\/vapebulkp.com\/wp-content\/uploads\/2023\/09\/cropped-vapebulkp.png","contentUrl":"https:\/\/vapebulkp.com\/wp-content\/uploads\/2023\/09\/cropped-vapebulkp.png","width":516,"height":163,"caption":"vapebulkp.com"},"image":{"@id":"https:\/\/vapebulkp.com\/#\/schema\/logo\/image\/"}}]}},"uagb_featured_image_src":{"full":["https:\/\/vapebulkp.com\/wp-content\/uploads\/2025\/04\/Vapme-Digital-30000-Puffs-Disposable-Vape-Long-Lasting-Vape.webp",800,800,false],"thumbnail":["https:\/\/vapebulkp.com\/wp-content\/uploads\/2025\/04\/Vapme-Digital-30000-Puffs-Disposable-Vape-Long-Lasting-Vape-150x150.webp",150,150,true],"medium":["https:\/\/vapebulkp.com\/wp-content\/uploads\/2025\/04\/Vapme-Digital-30000-Puffs-Disposable-Vape-Long-Lasting-Vape-300x300.webp",300,300,true],"medium_large":["https:\/\/vapebulkp.com\/wp-content\/uploads\/2025\/04\/Vapme-Digital-30000-Puffs-Disposable-Vape-Long-Lasting-Vape-768x768.webp",768,768,true],"large":["https:\/\/vapebulkp.com\/wp-content\/uploads\/2025\/04\/Vapme-Digital-30000-Puffs-Disposable-Vape-Long-Lasting-Vape.webp",800,800,false],"1536x1536":["https:\/\/vapebulkp.com\/wp-content\/uploads\/2025\/04\/Vapme-Digital-30000-Puffs-Disposable-Vape-Long-Lasting-Vape.webp",800,800,false],"2048x2048":["https:\/\/vapebulkp.com\/wp-content\/uploads\/2025\/04\/Vapme-Digital-30000-Puffs-Disposable-Vape-Long-Lasting-Vape.webp",800,800,false],"trp-custom-language-flag":["https:\/\/vapebulkp.com\/wp-content\/uploads\/2025\/04\/Vapme-Digital-30000-Puffs-Disposable-Vape-Long-Lasting-Vape.webp",12,12,false],"woocommerce_thumbnail":["https:\/\/vapebulkp.com\/wp-content\/uploads\/2025\/04\/Vapme-Digital-30000-Puffs-Disposable-Vape-Long-Lasting-Vape-300x300.webp",300,300,true],"woocommerce_single":["https:\/\/vapebulkp.com\/wp-content\/uploads\/2025\/04\/Vapme-Digital-30000-Puffs-Disposable-Vape-Long-Lasting-Vape-600x600.webp",600,600,true],"woocommerce_gallery_thumbnail":["https:\/\/vapebulkp.com\/wp-content\/uploads\/2025\/04\/Vapme-Digital-30000-Puffs-Disposable-Vape-Long-Lasting-Vape-100x100.webp",100,100,true],"wcpr-photo-reviews":["https:\/\/vapebulkp.com\/wp-content\/uploads\/2025\/04\/Vapme-Digital-30000-Puffs-Disposable-Vape-Long-Lasting-Vape.webp",500,500,false]},"uagb_author_info":{"display_name":"Mandy vape bulk price","author_link":"https:\/\/vapebulkp.com\/lv\/author\/"},"uagb_comment_info":0,"uagb_excerpt":"VAPME GOAT 40000 Puffs is a top-tier wholesale disposable vape, designed for retailers and distributors seeking high-demand, long-lasting vaping solutions. Featuring an 850mAh rechargeable battery with Type-C fast charging, this device ensures extended use with consistent power output, making it a standout choice for both casual and advanced vapers. Pls Contact Mandy's WhatsApp For Discount&hellip;","_links":{"self":[{"href":"https:\/\/vapebulkp.com\/lv\/wp-json\/wp\/v2\/product\/3700","targetHints":{"allow":["GET"]}}],"collection":[{"href":"https:\/\/vapebulkp.com\/lv\/wp-json\/wp\/v2\/product"}],"about":[{"href":"https:\/\/vapebulkp.com\/lv\/wp-json\/wp\/v2\/types\/product"}],"replies":[{"embeddable":true,"href":"https:\/\/vapebulkp.com\/lv\/wp-json\/wp\/v2\/comments?post=3700"}],"wp:featuredmedia":[{"embeddable":true,"href":"https:\/\/vapebulkp.com\/lv\/wp-json\/wp\/v2\/media\/3698"}],"wp:attachment":[{"href":"https:\/\/vapebulkp.com\/lv\/wp-json\/wp\/v2\/media?parent=3700"}],"wp:term":[{"taxonomy":"product_cat","embeddable":true,"href":"https:\/\/vapebulkp.com\/lv\/wp-json\/wp\/v2\/product_cat?post=3700"},{"taxonomy":"product_tag","embeddable":true,"href":"https:\/\/vapebulkp.com\/lv\/wp-json\/wp\/v2\/product_tag?post=3700"}],"curies":[{"name":"wp","href":"https:\/\/api.w.org\/{rel}","templated":true}]}}