{"id":3777,"date":"2025-05-21T11:11:16","date_gmt":"2025-05-21T09:11:16","guid":{"rendered":"https:\/\/vapebulkp.com\/?post_type=product&#038;p=3777"},"modified":"2025-09-17T10:37:32","modified_gmt":"2025-09-17T08:37:32","slug":"aivono-aim-fatmax-50000-puffs-vape-wholesale-price","status":"publish","type":"product","link":"https:\/\/vapebulkp.com\/lv\/product\/aivono-aim-fatmax-50000-puffs-vape-wholesale-price\/","title":{"rendered":"AIVONO AIM FATMAX 50000 Puffs Vape vairumtirdzniec\u012bbas cena"},"content":{"rendered":"<h1 style=\"text-align: left\">AIVONO AIM FATMAX 50000 Puffs Vape vairumtirdzniec\u012bbas cena<\/h1>\n<p class=\"\" data-start=\"302\" data-end=\"642\"><strong>AIVONO AIM FATMAX <a href=\"https:\/\/vapebulkp.com\/lv\/product-category\/50000-puffs-disposable-vape\/\">50000 Puffs vienreiz\u0113j\u0101s lieto\u0161anas veips<\/a><\/strong> ir liela apjoma uzl\u0101d\u0113jams veips, kas paredz\u0113ts lietot\u0101jiem, kuri v\u0113las maksim\u0101lu veiktsp\u0113ju un \u0113rt\u012bbu. Nodro\u0161inot l\u012bdz pat <strong data-start=\"452\" data-end=\"467\">50000 dvesm\u0101m<\/strong>, \u0161ai ier\u012bcei ir <strong data-start=\"492\" data-end=\"525\">30 ml iepriek\u0161 uzpild\u012bta e-\u0161\u0137idruma tvertne<\/strong> un jaud\u012bga <strong data-start=\"541\" data-end=\"572\">800 mAh uzl\u0101d\u0113jama baterija<\/strong> ieb\u016bv\u0113ta ar 21250 t\u012bra kobalta baterijas elementu ilgsto\u0161ai stabilit\u0101tei.<\/p>\n<p class=\"\" data-start=\"644\" data-end=\"920\">Apr\u012bkots ar <strong data-start=\"660\" data-end=\"678\">0.6\u03a9 t\u012bkla spole<\/strong>, t\u0101 nodro\u0161ina vienm\u0113r\u012bgu tvaiku ra\u017eo\u0161anu un uzlabotu gar\u0161u \u2013 ide\u0101li piem\u0113rota <strong data-start=\"754\" data-end=\"770\">ieelp\u0101m plau\u0161\u0101s<\/strong> un ikdienas lieto\u0161anai. Viedais displejs r\u0101da gan <strong data-start=\"818\" data-end=\"834\">akumulatora darb\u012bbas laiku<\/strong> un <strong data-start=\"839\" data-end=\"857\">e-\u0161\u0137idruma l\u012bmeni<\/strong>, dodot lietot\u0101jiem piln\u012bgu kontroli p\u0101r savu veipo\u0161anas pieredzi.<\/p>\n<p class=\"\" data-start=\"922\" data-end=\"1208\">\u0160is vienreiz\u0113j\u0101s lieto\u0161anas veips atbalsta <strong data-start=\"952\" data-end=\"976\">C tipa \u0101tr\u0101 uzl\u0101de<\/strong> un pied\u0101v\u0101 \u010detras <strong data-start=\"993\" data-end=\"1020\">nikot\u012bna s\u0101ls stipruma pak\u0101pes<\/strong>: <strong data-start=\"1022\" data-end=\"1028\">5%<\/strong><span data-start=\"1022\" data-end=\"1028\">\u00a0 un <\/span><strong data-start=\"1038\" data-end=\"1044\">2%<\/strong>, kas atbilst pla\u0161am preferen\u010du un re\u0123ion\u0101lo pras\u012bbu kl\u0101stam. Ar kompakto izm\u0113ru <strong data-start=\"1148\" data-end=\"1160\">38x127mm<\/strong>, tas ir \u0113rts ce\u013co\u0161anai, jaud\u012bgs un stil\u012bgs.<\/p>\n<p class=\"\" data-start=\"1210\" data-end=\"1355\">FATMAX vapes atbalsta ar\u012b <strong data-start=\"1240\" data-end=\"1269\">OEM un ODM piel\u0101go\u0161ana<\/strong>, padarot to par lielisku izv\u0113li pasaules m\u0113roga izplat\u012bt\u0101jiem, kas mekl\u0113 priv\u0101t\u0101s pre\u010du z\u012bmes iesp\u0113jas.<\/p>\n<h6>L\u016bdzu, sazinieties ar Mandijas WhatsApp, lai sa\u0146emtu atlaides cenu<a href=\"https:\/\/wa.me\/8618077105796\">+8618077105796<\/a><\/h6>\n<p><img decoding=\"async\" class=\"alignnone wp-image-2151\" src=\"http:\/\/vapebulkp.com\/wp-content\/uploads\/2024\/04\/Mandy-WhatsApp-Randm.jpg\" alt=\"Mandy WhatsApp Randi\" width=\"324\" height=\"330\" \/><\/p>\n<div class=\"flex max-w-full flex-col flex-grow\">\n<div class=\"min-h-8 text-message flex w-full flex-col items-end gap-2 whitespace-normal break-words text-start [.text-message+&amp;]:mt-5\" dir=\"auto\" data-message-author-role=\"assistant\" data-message-id=\"d24cf626-c018-4805-80f5-44de047f2ba0\" data-message-model-slug=\"gpt-4o\">\n<div class=\"flex w-full flex-col gap-1 empty:hidden first:pt-[3px]\">\n<div class=\"markdown prose w-full break-words dark:prose-invert light\">\n<h2>K\u0101p\u0113c ieg\u0101d\u0101ties AIVONO AIM FATMAX 50000 Puffs t\u012bkla spoles vape veikal\u0101 <a href=\"https:\/\/vapebulkp.com\/lv\/vape-shop\/\">Vapebulkp.com<\/a>?<\/h2>\n<p class=\"\" data-start=\"1686\" data-end=\"1863\">Vapebulkp.com ir j\u016bsu uzticamais avots autentiskiem <strong data-start=\"310\" data-end=\"343\">AIVONO AIM FATMAX 50000 p\u016btieni<\/strong> vienreiz\u0113j\u0101s lieto\u0161anas veipiem par nep\u0101rsp\u0113jam\u0101m vairumtirdzniec\u012bbas cen\u0101m. M\u0113s pied\u0101v\u0101jam \u0101tru, dro\u0161u pieg\u0101di vis\u0101 Eirop\u0101 un ekskluz\u012bvu piek\u013cuvi jaun\u0101kajiem mode\u013ciem ar pilnu OEM\/ODM atbalstu. Katrai ier\u012bcei ir <strong data-start=\"528\" data-end=\"544\">50 000 dvesmu<\/strong>, <strong data-start=\"546\" data-end=\"572\">30 ml e-\u0161\u0137idruma ietilp\u012bba<\/strong>, <strong data-start=\"574\" data-end=\"605\">800 mAh uzl\u0101d\u0113jama baterija<\/strong>, <strong data-start=\"607\" data-end=\"626\">C tipa uzl\u0101de<\/strong>, un <strong data-start=\"634\" data-end=\"656\">gudrs dubultais displejs<\/strong>\u2014 padarot to par vienu no modern\u0101kajiem vienreiz\u0113j\u0101s lieto\u0161anas veipiem tirg\u016b. Ieg\u0101d\u0101joties preces veikal\u0101 Vapebulkp.com, j\u016bs g\u016bstat labumu no lielapjoma iepakojuma, augst\u0101k\u0101s klases klientu apkalpo\u0161anas un tie\u0161as pieg\u0101des no r\u016bpn\u012bcas, nodro\u0161inot j\u016bsu veipu biznesa uzticam\u012bbu, efektivit\u0101ti un pe\u013c\u0146u.<\/p>\n<\/div>\n<\/div>\n<\/div>\n<\/div>\n<h2>AIVONO AIM FATMAX 50000 dvesmu galven\u0101s specifik\u0101cijas:<\/h2>\n<p class=\"\" data-start=\"291\" data-end=\"452\"><strong data-start=\"291\" data-end=\"313\">Pagarin\u0101ts ilgm\u016b\u017e\u012bba<\/strong><br data-start=\"313\" data-end=\"316\" \/>Nodro\u0161ina l\u012bdz 50000 dvesmu uz vienu ier\u012bci, ko nodro\u0161ina 30 ml iepriek\u0161 uzpild\u012bta e-\u0161\u0137idruma tvertne ilgsto\u0161ai lieto\u0161anai bez past\u0101v\u012bgas nomai\u0146as.<\/p>\n<p class=\"\" data-start=\"454\" data-end=\"643\"><strong data-start=\"454\" data-end=\"481\">Augstas efektivit\u0101tes akumulators<\/strong><br data-start=\"481\" data-end=\"484\" \/>Izgatavots ar 800 mAh uzl\u0101d\u0113jamu t\u012bra kobalta akumulatoru un C tipa uzl\u0101des piesl\u0113gvietu, kas nodro\u0161ina \u0101tru uzl\u0101di un stabilu izvadi vis\u0101 ier\u012bces kalpo\u0161anas laik\u0101.<\/p>\n<p class=\"\" data-start=\"645\" data-end=\"829\"><strong data-start=\"645\" data-end=\"678\">Uzlabota t\u012bklveida spoles tehnolo\u0123ija<\/strong><br data-start=\"678\" data-end=\"681\" \/>Apr\u012bkots ar 0,6\u03a9 t\u012bklveida spoli, kas uzlabo tvaiku bl\u012bvumu un gar\u0161as skaidr\u012bbu, ide\u0101li piem\u0113rota gan tie\u0161ai ieelpai (DTL), gan ieelpo\u0161anai mut\u0113 (MTL).<\/p>\n<p class=\"\" data-start=\"831\" data-end=\"984\"><strong data-start=\"831\" data-end=\"858\">Vieds displeja interfeiss<\/strong><br data-start=\"858\" data-end=\"861\" \/>Apr\u012bkots ar re\u0101llaika indikatoriem akumulatora uzl\u0101des l\u012bmenim un e-\u0161\u0137idruma tilpumam, nodro\u0161inot prec\u012bzu uzraudz\u012bbu un \u0113rtu lieto\u0161anu.<\/p>\n<p class=\"\" data-start=\"986\" data-end=\"1145\"><strong data-start=\"986\" data-end=\"1017\">Elast\u012bgs nikot\u012bna stiprums<\/strong><br data-start=\"1017\" data-end=\"1020\" \/>Pieejams ar 5%, 3%, 2% un 0% nikot\u012bna s\u0101ls opcij\u0101m, lai apmierin\u0101tu da\u017e\u0101das pat\u0113r\u0113t\u0101ju v\u0113lmes un re\u0123ion\u0101los atbilst\u012bbas standartus.<\/p>\n<p class=\"\" data-start=\"1147\" data-end=\"1366\"><strong data-start=\"1147\" data-end=\"1180\">Vairumtirdzniec\u012bbai optimiz\u0113ts iepakojums<\/strong><br data-start=\"1180\" data-end=\"1183\" \/>Paredz\u0113ts liela apjoma izplat\u012b\u0161anai, katr\u0101 galvenaj\u0101 kartona kast\u0113 ir 140 vien\u012bbas ar izm\u0113riem 68,5 \u00d7 38 \u00d7 24 cm un kop\u0113jo svaru 18,5 kg \u2013 ide\u0101li piem\u0113rots liela apjoma lo\u0123istikai un uzglab\u0101\u0161anai.<\/p>\n<h2><strong>AIVONO AIM FATMAX 50000 dvesmu ilgsto\u0161as lieto\u0161anas vape ier\u012bces gar\u0161u saraksts<\/strong><\/h2>\n<p class=\"selectable-text copyable-text x15bjb6t x1n2onr6\" dir=\"ltr\">1. AIM FATMAX: \u0136ir\u0161u avenes<br \/>\n2.AIM FATMAX : Divi \u0101boli<br \/>\n3.AIM FATMAX : V\u012bnogu un piparm\u0113tru<br \/>\n4.AIM FATMAX : Melle\u0146u gumija<br \/>\n5.AIM FATMAX : M\u012blest\u012bba 66<br \/>\n6.AIM FATMAX : Skaidrs sapnis<br \/>\n7.AIM FATMAX : Sul\u012bgs ledus<br \/>\n8.AIM FATMAX : Persiku ledus<br \/>\n9.AIM FATMAX : Ogu ledus<br \/>\n10.AIM FATMAX : Zeme\u0146u pun\u0161s<\/p>\n<p><span style=\"vertical-align: inherit\">Atrast vair\u0101k produktu, kas jums var\u0113tu patikt:<\/span><em><a href=\"https:\/\/wa.me\/8618077105796\"><span style=\"vertical-align: inherit\">\u00a0Pirkt tagad<\/span><\/a><\/em><\/p>\n<p><span style=\"vertical-align: inherit\">Citas dvesmas, kas jums var\u0113tu patikt:<\/span><a href=\"https:\/\/vapebulkp.com\/lv\/product\/vopk-60000-puffs-top-sale-disposable-vape-pen\/\"><span style=\"vertical-align: inherit\">VOPK 60000 dvesmas<\/span><\/a><span style=\"vertical-align: inherit\">\u3001<\/span><a href=\"https:\/\/vapebulkp.com\/lv\/product\/bang-kingdoms-rex-nos-50000-puffs-high-capacity-vape-device\/\"><span style=\"vertical-align: inherit\">Bang Kingdoms Rex 45000 dvesmas<\/span><\/a><span style=\"vertical-align: inherit\">\/ <\/span><a href=\"https:\/\/vapebulkp.com\/lv\/product\/fizzy-twins-50000-puffs-high-puff-count-vape-kits-bulk-price\/\"><span style=\"vertical-align: inherit\">FIZZY Vape 50000 dvesmas<\/span><\/a><span style=\"vertical-align: inherit\">\/ <\/span><a href=\"https:\/\/vapebulkp.com\/lv\/product\/cheap-price-uwin-shisha-hookah-crystal-20000-puffs-rechargeable-vape\/\"><span style=\"vertical-align: inherit\">WASPE Vape Double Flavor 40000 dvesmas<\/span><\/a><\/p>\n<h3 class=\"\" data-start=\"62\" data-end=\"118\"><strong data-start=\"66\" data-end=\"118\">AIVONO AIM FATMAX 50000 dvesmas Vairumtirdzniec\u012bba Vape FAQ<\/strong><\/h3>\n<p>1.K\u0101 lietot AIVONO AIM FATMAX 50000 dvesmas vienreiz\u0113j\u0101s lieto\u0161anas vape?<br \/>\nVienk\u0101r\u0161i iz\u0146emiet ier\u012bci no iepakojuma un ieelpojiet caur iemuti. Nav pogu vai iestat\u012bjumu, kas j\u0101piel\u0101go. Ier\u012bce ir aktiviz\u0113jama ar dvesmu, lai to b\u016btu viegli lietot.<\/p>\n<p>2.K\u0101 uzl\u0101d\u0113t AIVONO AIM FATMAX 50K dvesmas Vape p\u0101kstis?<br \/>\nIzmantojiet C tipa uzl\u0101des kabeli, lai uzl\u0101d\u0113tu 800 mAh akumulatoru. Uzl\u0101des ports atrodas ier\u012bces apak\u0161\u0101. Viedais ekr\u0101ns r\u0101d\u012bs akumulatora uzl\u0101des l\u012bmeni, kas k\u013c\u016bst sarkans, kad nepiecie\u0161ama uzl\u0101de.<\/p>\n<p>3.Vai AIVONO AIM FATMAX 50000 dvesmu vape ir atk\u0101rtoti uzpild\u0101ms?<br \/>\nN\u0113, AIVONO AIM FATMAX 50000 ir vienreiz\u0113j\u0101s lieto\u0161anas vape ier\u012bce, un t\u0101 nav paredz\u0113ta atk\u0101rtotai uzpild\u012b\u0161anai. Kad e-\u0161\u0137idrums ir izlietots, l\u016bdzu, atbr\u012bvojieties no ier\u012bces atbild\u012bgi.<\/p>\n<h3>Pieg\u0101des deta\u013cas:<\/h3>\n<p><span style=\"color: #ff6600\">Ra\u017eo\u0161anas laiks: 5-10 darba dienas<\/span><br \/>\n<span style=\"color: #ff6600\">Pieg\u0101des laiks: 8-14 darba dienas<\/span><\/p>\n<p>Visi produkti m\u016bsu veikal\u0101 ir 100% ori\u0123in\u0101li un autentiski, t\u0101p\u0113c desmitk\u0101rt\u012bga kompens\u0101cija par viltot\u0101m prec\u0113m ir m\u016bsu veikala politika. M\u0113s izmantojam t\u0101dus lo\u0123istikas kan\u0101lus k\u0101 UPS\/DHL\/FEDEX\/DPD, lai pieg\u0101d\u0101tu preces jums.<\/p>\n<p>Paci\u0146\u0101m, kas tiek s\u016bt\u012btas uz Latviju, parasti nepiecie\u0161amas 10 darba dienas, lai t\u0101s sa\u0146emtu. S\u016bt\u012bjumiem uz Eiropas valst\u012bm parasti nepiecie\u0161amas 12 l\u012bdz 15 darba dienas, lai t\u0101s sa\u0146emtu. M\u0113s atjaunin\u0101sim lo\u0123istikas inform\u0101ciju jums re\u0101llaik\u0101.<\/p>","protected":false},"excerpt":{"rendered":"<p class=\"\" data-start=\"121\" data-end=\"211\">\u00a0AIVONO AIM FATMAX 50000 Puffs vienreiz\u0113j\u0101s lieto\u0161anas veipi. Ilgsto\u0161a veiktsp\u0113ja, bag\u0101t\u012bgas gar\u0161as un uzl\u0101d\u0113jama \u0113rt\u012bba. Vairumtirdzniec\u012bb\u0101 pieejams tagad.<\/p>\n<p>L\u016bdzu, sazinieties ar Mandijas WhatsApp, lai sa\u0146emtu atlaides cenu<a href=\"https:\/\/wa.me\/8618077105796\">+8618077105796<\/a><\/p>\n<p><img decoding=\"async\" class=\"alignnone wp-image-2151\" src=\"http:\/\/vapebulkp.com\/wp-content\/uploads\/2024\/04\/Mandy-WhatsApp-Randm.jpg\" alt=\"Mandy WhatsApp Randi\" width=\"297\" height=\"316\" srcset=\"https:\/\/vapebulkp.com\/wp-content\/uploads\/2024\/04\/Mandy-WhatsApp-Randm.jpg 916w, https:\/\/vapebulkp.com\/wp-content\/uploads\/2024\/04\/Mandy-WhatsApp-Randm-282x300.jpg 282w, https:\/\/vapebulkp.com\/wp-content\/uploads\/2024\/04\/Mandy-WhatsApp-Randm-768x817.jpg 768w, https:\/\/vapebulkp.com\/wp-content\/uploads\/2024\/04\/Mandy-WhatsApp-Randm-600x638.jpg 600w\" sizes=\"(max-width: 297px) 100vw, 297px\" \/><\/p>\n<p><span style=\"color: #ff0000\">PIEZ\u012aME: Cenas m\u016bsu t\u012bmek\u013ca vietn\u0113 neietver pieg\u0101des izmaksas<\/span><\/p>\n<p>&nbsp;<\/p>","protected":false},"featured_media":3769,"comment_status":"open","ping_status":"closed","template":"","meta":{"_uag_custom_page_level_css":"","_lmt_disableupdate":"no","_lmt_disable":"","site-sidebar-layout":"default","site-content-layout":"content-boxed-container","ast-site-content-layout":"normal-width-container","site-content-style":"boxed","site-sidebar-style":"unboxed","ast-global-header-display":"","ast-banner-title-visibility":"","ast-main-header-display":"","ast-hfb-above-header-display":"","ast-hfb-below-header-display":"","ast-hfb-mobile-header-display":"","site-post-title":"","ast-breadcrumbs-content":"","ast-featured-img":"","footer-sml-layout":"","theme-transparent-header-meta":"default","adv-header-id-meta":"","stick-header-meta":"","header-above-stick-meta":"","header-main-stick-meta":"","header-below-stick-meta":"","astra-migrate-meta-layouts":"set","_joinchat":[]},"product_cat":[194,342,153,155,33,59,100,34,158,157,154,152,58,84,156,63,32],"product_tag":[249,36,37,41,40],"class_list":["post-3777","product","type-product","status-publish","has-post-thumbnail","hentry","product_cat-50000-puffs-disposable-vape","product_cat-aivono-vape","product_cat-hot-disposable-vapes","product_cat-belgium-hot-disposable-vapes","product_cat-france-vape-hot-sale","product_cat-germany-hot-disposable-vape","product_cat-germany-wholesale-vape-shop","product_cat-netherlands-vape-good-sale","product_cat-norway-hot-disposable-vapes","product_cat-poland-hot-disposable-vapes","product_cat-portugal-hot-disposable-vapes","product_cat-spain-hot-disposable-vapes","product_cat-sweden-hot-disposable-vape","product_cat-sweden-wholesale-vape","product_cat-switzerland-hot-disposable-vapes","product_cat-top-sale-disposable-vape","product_cat-vape-hot-sale-this-week","product_tag-aivono-aim-fatmax-50000-puffs","product_tag-good-vape","product_tag-hot-sale-disposable-vape","product_tag-poland-hot-vape","product_tag-sweden-hot-vape","pa_brand-aivono-vape","desktop-align-left","tablet-align-left","mobile-align-left"],"yoast_head":"<!-- This site is optimized with the Yoast SEO plugin v21.1 - https:\/\/yoast.com\/wordpress\/plugins\/seo\/ -->\n<title>AIVONO AIM FATMAX 50000 Puffs Vape Wholesale Price - vapebulkp.com<\/title>\n<meta name=\"description\" content=\"Shop AIVONO AIM FATMAX 50000 Puff Vape with smart display, Type-C charging, 0.6\u03a9 mesh coil, and 4 nicotine options. Bulk ready at Vapebulkp.com.\" \/>\n<meta name=\"robots\" content=\"index, follow, max-snippet:-1, max-image-preview:large, max-video-preview:-1\" \/>\n<link rel=\"canonical\" href=\"https:\/\/vapebulkp.com\/lv\/product\/aivono-aim-fatmax-50000-puffs-vape-wholesale-price\/\" \/>\n<meta property=\"og:locale\" content=\"lv_LV\" \/>\n<meta property=\"og:type\" content=\"article\" \/>\n<meta property=\"og:title\" content=\"AIVONO AIM FATMAX 50000 Puffs Vape Wholesale Price - vapebulkp.com\" \/>\n<meta property=\"og:description\" content=\"Shop AIVONO AIM FATMAX 50000 Puff Vape with smart display, Type-C charging, 0.6\u03a9 mesh coil, and 4 nicotine options. Bulk ready at Vapebulkp.com.\" \/>\n<meta property=\"og:url\" content=\"https:\/\/vapebulkp.com\/lv\/product\/aivono-aim-fatmax-50000-puffs-vape-wholesale-price\/\" \/>\n<meta property=\"og:site_name\" content=\"vapebulkp.com\" \/>\n<meta property=\"article:modified_time\" content=\"2025-09-17T08:37:32+00:00\" \/>\n<meta property=\"og:image\" content=\"http:\/\/vapebulkp.com\/wp-content\/uploads\/2025\/05\/50000-Puff-Disposable-Vape-AIM-FATMAX-Wholesale-Vape.webp\" \/>\n\t<meta property=\"og:image:width\" content=\"800\" \/>\n\t<meta property=\"og:image:height\" content=\"800\" \/>\n\t<meta property=\"og:image:type\" content=\"image\/webp\" \/>\n<meta name=\"twitter:card\" content=\"summary_large_image\" \/>\n<meta name=\"twitter:label1\" content=\"Est. reading time\" \/>\n\t<meta name=\"twitter:data1\" content=\"4 min\u016btes\" \/>\n<script type=\"application\/ld+json\" class=\"yoast-schema-graph\">{\"@context\":\"https:\/\/schema.org\",\"@graph\":[{\"@type\":\"WebPage\",\"@id\":\"https:\/\/vapebulkp.com\/product\/aivono-aim-fatmax-50000-puffs-vape-wholesale-price\/\",\"url\":\"https:\/\/vapebulkp.com\/product\/aivono-aim-fatmax-50000-puffs-vape-wholesale-price\/\",\"name\":\"AIVONO AIM FATMAX 50000 Puffs Vape Wholesale Price - vapebulkp.com\",\"isPartOf\":{\"@id\":\"https:\/\/vapebulkp.com\/#website\"},\"datePublished\":\"2025-05-21T09:11:16+00:00\",\"dateModified\":\"2025-09-17T08:37:32+00:00\",\"description\":\"Shop AIVONO AIM FATMAX 50000 Puff Vape with smart display, Type-C charging, 0.6\u03a9 mesh coil, and 4 nicotine options. Bulk ready at Vapebulkp.com.\",\"breadcrumb\":{\"@id\":\"https:\/\/vapebulkp.com\/product\/aivono-aim-fatmax-50000-puffs-vape-wholesale-price\/#breadcrumb\"},\"inLanguage\":\"lv-LV\",\"potentialAction\":[{\"@type\":\"ReadAction\",\"target\":[\"https:\/\/vapebulkp.com\/product\/aivono-aim-fatmax-50000-puffs-vape-wholesale-price\/\"]}]},{\"@type\":\"BreadcrumbList\",\"@id\":\"https:\/\/vapebulkp.com\/product\/aivono-aim-fatmax-50000-puffs-vape-wholesale-price\/#breadcrumb\",\"itemListElement\":[{\"@type\":\"ListItem\",\"position\":1,\"name\":\"Home\",\"item\":\"https:\/\/vapebulkp.com\/\"},{\"@type\":\"ListItem\",\"position\":2,\"name\":\"Hot Trend Vapes\",\"item\":\"https:\/\/vapebulkp.com\/vape-shop\/\"},{\"@type\":\"ListItem\",\"position\":3,\"name\":\"AIVONO AIM FATMAX 50000 Puffs Vape Wholesale Price\"}]},{\"@type\":\"WebSite\",\"@id\":\"https:\/\/vapebulkp.com\/#website\",\"url\":\"https:\/\/vapebulkp.com\/\",\"name\":\"vapebulkp.com\",\"description\":\"Buy Vape In Cheap Bulk Price Near you\",\"publisher\":{\"@id\":\"https:\/\/vapebulkp.com\/#organization\"},\"potentialAction\":[{\"@type\":\"SearchAction\",\"target\":{\"@type\":\"EntryPoint\",\"urlTemplate\":\"https:\/\/vapebulkp.com\/?s={search_term_string}\"},\"query-input\":\"required name=search_term_string\"}],\"inLanguage\":\"lv-LV\"},{\"@type\":\"Organization\",\"@id\":\"https:\/\/vapebulkp.com\/#organization\",\"name\":\"vapebulkp.com\",\"url\":\"https:\/\/vapebulkp.com\/\",\"logo\":{\"@type\":\"ImageObject\",\"inLanguage\":\"lv-LV\",\"@id\":\"https:\/\/vapebulkp.com\/#\/schema\/logo\/image\/\",\"url\":\"https:\/\/vapebulkp.com\/wp-content\/uploads\/2023\/09\/cropped-vapebulkp.png\",\"contentUrl\":\"https:\/\/vapebulkp.com\/wp-content\/uploads\/2023\/09\/cropped-vapebulkp.png\",\"width\":516,\"height\":163,\"caption\":\"vapebulkp.com\"},\"image\":{\"@id\":\"https:\/\/vapebulkp.com\/#\/schema\/logo\/image\/\"}}]}<\/script>\n<!-- \/ Yoast SEO plugin. -->","yoast_head_json":{"title":"AIVONO AIM FATMAX 50000 Puffs Vape Wholesale Price - vapebulkp.com","description":"Shop AIVONO AIM FATMAX 50000 Puff Vape with smart display, Type-C charging, 0.6\u03a9 mesh coil, and 4 nicotine options. Bulk ready at Vapebulkp.com.","robots":{"index":"index","follow":"follow","max-snippet":"max-snippet:-1","max-image-preview":"max-image-preview:large","max-video-preview":"max-video-preview:-1"},"canonical":"https:\/\/vapebulkp.com\/lv\/product\/aivono-aim-fatmax-50000-puffs-vape-wholesale-price\/","og_locale":"lv_LV","og_type":"article","og_title":"AIVONO AIM FATMAX 50000 Puffs Vape Wholesale Price - vapebulkp.com","og_description":"Shop AIVONO AIM FATMAX 50000 Puff Vape with smart display, Type-C charging, 0.6\u03a9 mesh coil, and 4 nicotine options. Bulk ready at Vapebulkp.com.","og_url":"https:\/\/vapebulkp.com\/lv\/product\/aivono-aim-fatmax-50000-puffs-vape-wholesale-price\/","og_site_name":"vapebulkp.com","article_modified_time":"2025-09-17T08:37:32+00:00","og_image":[{"width":800,"height":800,"url":"http:\/\/vapebulkp.com\/wp-content\/uploads\/2025\/05\/50000-Puff-Disposable-Vape-AIM-FATMAX-Wholesale-Vape.webp","type":"image\/webp"}],"twitter_card":"summary_large_image","twitter_misc":{"Est. reading time":"4 min\u016btes"},"schema":{"@context":"https:\/\/schema.org","@graph":[{"@type":"WebPage","@id":"https:\/\/vapebulkp.com\/product\/aivono-aim-fatmax-50000-puffs-vape-wholesale-price\/","url":"https:\/\/vapebulkp.com\/product\/aivono-aim-fatmax-50000-puffs-vape-wholesale-price\/","name":"AIVONO AIM FATMAX 50000 Puffs Vape Wholesale Price - vapebulkp.com","isPartOf":{"@id":"https:\/\/vapebulkp.com\/#website"},"datePublished":"2025-05-21T09:11:16+00:00","dateModified":"2025-09-17T08:37:32+00:00","description":"Shop AIVONO AIM FATMAX 50000 Puff Vape with smart display, Type-C charging, 0.6\u03a9 mesh coil, and 4 nicotine options. Bulk ready at Vapebulkp.com.","breadcrumb":{"@id":"https:\/\/vapebulkp.com\/product\/aivono-aim-fatmax-50000-puffs-vape-wholesale-price\/#breadcrumb"},"inLanguage":"lv-LV","potentialAction":[{"@type":"ReadAction","target":["https:\/\/vapebulkp.com\/product\/aivono-aim-fatmax-50000-puffs-vape-wholesale-price\/"]}]},{"@type":"BreadcrumbList","@id":"https:\/\/vapebulkp.com\/product\/aivono-aim-fatmax-50000-puffs-vape-wholesale-price\/#breadcrumb","itemListElement":[{"@type":"ListItem","position":1,"name":"Home","item":"https:\/\/vapebulkp.com\/"},{"@type":"ListItem","position":2,"name":"Hot Trend Vapes","item":"https:\/\/vapebulkp.com\/vape-shop\/"},{"@type":"ListItem","position":3,"name":"AIVONO AIM FATMAX 50000 Puffs Vape Wholesale Price"}]},{"@type":"WebSite","@id":"https:\/\/vapebulkp.com\/#website","url":"https:\/\/vapebulkp.com\/","name":"vapebulkp.com","description":"Buy Vape In Cheap Bulk Price Near you","publisher":{"@id":"https:\/\/vapebulkp.com\/#organization"},"potentialAction":[{"@type":"SearchAction","target":{"@type":"EntryPoint","urlTemplate":"https:\/\/vapebulkp.com\/?s={search_term_string}"},"query-input":"required name=search_term_string"}],"inLanguage":"lv-LV"},{"@type":"Organization","@id":"https:\/\/vapebulkp.com\/#organization","name":"vapebulkp.com","url":"https:\/\/vapebulkp.com\/","logo":{"@type":"ImageObject","inLanguage":"lv-LV","@id":"https:\/\/vapebulkp.com\/#\/schema\/logo\/image\/","url":"https:\/\/vapebulkp.com\/wp-content\/uploads\/2023\/09\/cropped-vapebulkp.png","contentUrl":"https:\/\/vapebulkp.com\/wp-content\/uploads\/2023\/09\/cropped-vapebulkp.png","width":516,"height":163,"caption":"vapebulkp.com"},"image":{"@id":"https:\/\/vapebulkp.com\/#\/schema\/logo\/image\/"}}]}},"uagb_featured_image_src":{"full":["https:\/\/vapebulkp.com\/wp-content\/uploads\/2025\/05\/50000-Puff-Disposable-Vape-AIM-FATMAX-Wholesale-Vape.webp",800,800,false],"thumbnail":["https:\/\/vapebulkp.com\/wp-content\/uploads\/2025\/05\/50000-Puff-Disposable-Vape-AIM-FATMAX-Wholesale-Vape-150x150.webp",150,150,true],"medium":["https:\/\/vapebulkp.com\/wp-content\/uploads\/2025\/05\/50000-Puff-Disposable-Vape-AIM-FATMAX-Wholesale-Vape-300x300.webp",300,300,true],"medium_large":["https:\/\/vapebulkp.com\/wp-content\/uploads\/2025\/05\/50000-Puff-Disposable-Vape-AIM-FATMAX-Wholesale-Vape-768x768.webp",768,768,true],"large":["https:\/\/vapebulkp.com\/wp-content\/uploads\/2025\/05\/50000-Puff-Disposable-Vape-AIM-FATMAX-Wholesale-Vape.webp",800,800,false],"1536x1536":["https:\/\/vapebulkp.com\/wp-content\/uploads\/2025\/05\/50000-Puff-Disposable-Vape-AIM-FATMAX-Wholesale-Vape.webp",800,800,false],"2048x2048":["https:\/\/vapebulkp.com\/wp-content\/uploads\/2025\/05\/50000-Puff-Disposable-Vape-AIM-FATMAX-Wholesale-Vape.webp",800,800,false],"trp-custom-language-flag":["https:\/\/vapebulkp.com\/wp-content\/uploads\/2025\/05\/50000-Puff-Disposable-Vape-AIM-FATMAX-Wholesale-Vape.webp",12,12,false],"woocommerce_thumbnail":["https:\/\/vapebulkp.com\/wp-content\/uploads\/2025\/05\/50000-Puff-Disposable-Vape-AIM-FATMAX-Wholesale-Vape-300x300.webp",300,300,true],"woocommerce_single":["https:\/\/vapebulkp.com\/wp-content\/uploads\/2025\/05\/50000-Puff-Disposable-Vape-AIM-FATMAX-Wholesale-Vape-600x600.webp",600,600,true],"woocommerce_gallery_thumbnail":["https:\/\/vapebulkp.com\/wp-content\/uploads\/2025\/05\/50000-Puff-Disposable-Vape-AIM-FATMAX-Wholesale-Vape-100x100.webp",100,100,true],"wcpr-photo-reviews":["https:\/\/vapebulkp.com\/wp-content\/uploads\/2025\/05\/50000-Puff-Disposable-Vape-AIM-FATMAX-Wholesale-Vape.webp",500,500,false]},"uagb_author_info":{"display_name":"Mandy vape bulk price","author_link":"https:\/\/vapebulkp.com\/lv\/author\/"},"uagb_comment_info":0,"uagb_excerpt":"\u00a0AIVONO AIM FATMAX 50000 Puffs Disposable Vapes. Long-lasting performance, rich flavors, and rechargeable convenience. Wholesale available now. Pls Contact Mandy's WhatsApp For Discount Price+8618077105796 NOTE: Prices on our website does not include shipping costs &nbsp;","_links":{"self":[{"href":"https:\/\/vapebulkp.com\/lv\/wp-json\/wp\/v2\/product\/3777","targetHints":{"allow":["GET"]}}],"collection":[{"href":"https:\/\/vapebulkp.com\/lv\/wp-json\/wp\/v2\/product"}],"about":[{"href":"https:\/\/vapebulkp.com\/lv\/wp-json\/wp\/v2\/types\/product"}],"replies":[{"embeddable":true,"href":"https:\/\/vapebulkp.com\/lv\/wp-json\/wp\/v2\/comments?post=3777"}],"wp:featuredmedia":[{"embeddable":true,"href":"https:\/\/vapebulkp.com\/lv\/wp-json\/wp\/v2\/media\/3769"}],"wp:attachment":[{"href":"https:\/\/vapebulkp.com\/lv\/wp-json\/wp\/v2\/media?parent=3777"}],"wp:term":[{"taxonomy":"product_cat","embeddable":true,"href":"https:\/\/vapebulkp.com\/lv\/wp-json\/wp\/v2\/product_cat?post=3777"},{"taxonomy":"product_tag","embeddable":true,"href":"https:\/\/vapebulkp.com\/lv\/wp-json\/wp\/v2\/product_tag?post=3777"}],"curies":[{"name":"wp","href":"https:\/\/api.w.org\/{rel}","templated":true}]}}