{"id":3831,"date":"2025-06-11T05:45:24","date_gmt":"2025-06-11T03:45:24","guid":{"rendered":"https:\/\/vapebulkp.com\/?post_type=product&#038;p=3831"},"modified":"2025-09-24T05:49:52","modified_gmt":"2025-09-24T03:49:52","slug":"fizzy-max-60000-puffs-6-in-1-high-capacity-vaping-device","status":"publish","type":"product","link":"https:\/\/vapebulkp.com\/lv\/product\/fizzy-max-60000-puffs-6-in-1-high-capacity-vaping-device\/","title":{"rendered":"Fizzy Max 60000 PUFFS 6 IN 1 liela ietilp\u012bba Tvaic\u0113\u0161anas ier\u012bce"},"content":{"rendered":"<h2 style=\"text-align: left\">Fizzy Max III 60000 PUFFS 6 IN 1 Liela ietilp\u012bba Vapinga ier\u012bce<\/h2>\n<p data-start=\"142\" data-end=\"417\">Tas <strong data-start=\"146\" data-end=\"191\">Fizzy Max III 60000 Puffs\u00a0 Vape Izp\u0101rdo\u0161ana\u00a0<\/strong> ir paredz\u0113ts Eiropas vapinga entuziastiem, kuri mekl\u0113 <strong data-start=\"244\" data-end=\"279\">lielas ietilp\u012bbas uzl\u0101d\u0113jam\u0101s vapes<\/strong> veiktsp\u0113ju un izcilu gar\u0161u. Ar 850mAh bateriju un \u0101tru C tipa uzl\u0101di, tas nodro\u0161ina ilgsto\u0161as sesijas ar minim\u0101lu d\u012bkst\u0101vi.<\/p>\n<p data-start=\"419\" data-end=\"741\">T\u0101 60 ml e-\u0161\u0137idruma tvertne nodro\u0161ina l\u012bdz <a href=\"https:\/\/vapebulkp.com\/lv\/product-category\/60000-puffs-disposable-vape\/\"><strong data-start=\"457\" data-end=\"488\">60000 dvesmu vienreizlietojamie vape<\/strong><\/a>, nodro\u0161inot vienm\u0113r\u012bgu un konsekventu tvaiku vis\u0101 lieto\u0161anas laik\u0101. Izgatavots ar modernu <strong data-start=\"559\" data-end=\"588\">sieta spoles vape<\/strong> tehnolo\u0123iju, katrs p\u016btiens ir piepild\u012bts ar bag\u0101t\u012bgu gar\u0161u un bieziem m\u0101ko\u0146iem. Izv\u0113lieties starp 2% un 5% <strong data-start=\"682\" data-end=\"704\">nikot\u012bna s\u0101ls vape<\/strong> iesp\u0113j\u0101m, lai ieg\u016btu piel\u0101gotu pieredzi.<\/p>\n<p data-start=\"743\" data-end=\"1029\">Ergonomiski izstr\u0101d\u0101ts un p\u0101rn\u0113s\u0101jams, \u0161is <strong data-start=\"785\" data-end=\"817\">ilgsto\u0161us vienreizlietojamus vape<\/strong> apvieno \u0113rt\u012bbas, stilu un jaudu vien\u0101 ier\u012bc\u0113. Ide\u0101li piem\u0113rots bie\u017eiem lietot\u0101jiem, gar\u0161u mekl\u0113t\u0101jiem vai vairumtirdzniec\u012bbas pirc\u0113jiem, Fizzy Max III nodro\u0161ina premium, bezprobl\u0113mu vapinga risin\u0101jumu Vairumtirdzniec\u012bbai<\/p>\n<h6>L\u016bdzu, sazinieties ar Mandijas WhatsApp, lai sa\u0146emtu atlaides cenu<a href=\"https:\/\/wa.me\/8618077105796\">+8618077105796<\/a><\/h6>\n<p><img decoding=\"async\" class=\"alignnone wp-image-2151\" src=\"http:\/\/vapebulkp.com\/wp-content\/uploads\/2024\/04\/Mandy-WhatsApp-Randm.jpg\" alt=\"Mandy WhatsApp Randi\" width=\"324\" height=\"330\" \/><\/p>\n<div class=\"flex max-w-full flex-col flex-grow\">\n<div class=\"min-h-8 text-message flex w-full flex-col items-end gap-2 whitespace-normal break-words text-start [.text-message+&amp;]:mt-5\" dir=\"auto\" data-message-author-role=\"assistant\" data-message-id=\"d24cf626-c018-4805-80f5-44de047f2ba0\" data-message-model-slug=\"gpt-4o\">\n<div class=\"flex w-full flex-col gap-1 empty:hidden first:pt-[3px]\">\n<div class=\"markdown prose w-full break-words dark:prose-invert light\">\n<h2>K\u0101p\u0113c ieg\u0101d\u0101ties Fizzy Max 60000 pufs lielos vapes pie <a href=\"https:\/\/vapebulkp.com\/lv\/vape-shop\/\">Vapebulkp.com<\/a>?<\/h2>\n<p data-start=\"266\" data-end=\"579\">At <strong data-start=\"247\" data-end=\"264\">Vapebulkp.com<\/strong>, m\u0113s pied\u0101v\u0101jam <strong data-start=\"279\" data-end=\"330\">autentiska Fizzy Max 60000 PUFFS Vienreizlietojam\u0101 Vape<\/strong> par nep\u0101rsp\u0113jam\u0101m vairumtirdzniec\u012bbas cen\u0101m. K\u0101 uzticams vape izplat\u012bt\u0101js Latvij\u0101, m\u0113s garant\u0113jam <strong data-start=\"407\" data-end=\"432\">100% ori\u0123in\u0101lus produktus<\/strong>, \u0101tru pieg\u0101di un izcilu klientu apkalpo\u0161anu. Katra ier\u012bce n\u0101k ar <strong data-start=\"506\" data-end=\"551\">lielas ietilp\u012bbas 850mAh uzl\u0101d\u0113jamu bateriju<\/strong>, <strong data-start=\"553\" data-end=\"574\">premium t\u012bklveida spole<\/strong>, un milz\u012bga <strong data-start=\"590\" data-end=\"612\">60ml e-\u0161\u0137idruma tvertne<\/strong>, nodro\u0161inot ilgsto\u0161u apmierin\u0101jumu ar katru dvesmu. Neatkar\u012bgi no t\u0101, vai j\u016bs ieg\u0101d\u0101jaties preces person\u012bgai lieto\u0161anai vai mazumtirdzniec\u012bbai, Vapebulkp.com nodro\u0161ina vislab\u0101ko v\u0113rt\u012bbu, beztaras atlaides un jaun\u0101kos mode\u013cus. Iep\u0113rcieties ar p\u0101rliec\u012bbu, izmantojot dro\u0161u nor\u0113\u0137inu un re\u0101llaika invent\u0101ra atjaunin\u0101jumus.<\/p>\n<\/div>\n<\/div>\n<\/div>\n<\/div>\n<h2>Fizzy Max III 60k Puffs vienreizlietojam\u0101 vape galven\u0101s specifik\u0101cijas:<\/h2>\n<p><strong data-start=\"248\" data-end=\"257\">P\u016btieni<\/strong>: 60000 dvesmas \u2013 \u012apa\u0161i liela ietilp\u012bba ilgsto\u0161ai vape lieto\u0161anas apmierin\u0101t\u012bbai<br data-start=\"329\" data-end=\"332\" \/><strong data-start=\"332\" data-end=\"342\">Dizains<\/strong>: Kompakts 6-in-1 modul\u0101rais dizains \u2013 Novatorisks un vietu taupo\u0161s<br data-start=\"406\" data-end=\"409\" \/><strong data-start=\"409\" data-end=\"422\">Spoles tips<\/strong>: Uzlabota t\u012bklveida spole \u2013 Nodro\u0161ina vienm\u0113r\u012bg\u0101ku dvesmu un bag\u0101t\u012bg\u0101ku gar\u0161u<br data-start=\"496\" data-end=\"499\" \/><strong data-start=\"499\" data-end=\"520\" data-is-only-node=\"\">E-\u0161\u0137idruma ietilp\u012bba<\/strong>: 60ml augst\u0101k\u0101s kvalit\u0101tes e-\u0161\u0137idrums \u2013 Konsekventa un pilnv\u0113rt\u012bga gar\u0161a<br data-start=\"587\" data-end=\"590\" \/><strong data-start=\"590\" data-end=\"610\">Akumulatora ietilp\u012bba<\/strong>: Ieb\u016bv\u0113ts 850mAh augstas veiktsp\u0113jas akumulators \u2013 Uzl\u0101d\u0113jams, izmantojot Type-C<br data-start=\"678\" data-end=\"681\" \/><strong data-start=\"681\" data-end=\"702\">Nikot\u012bna stiprums<\/strong>: Pieejams ar 2% un 5% nikot\u012bna saturu \u2013 Piem\u0113rots gan ikdienas, gan pieredz\u0113ju\u0161iem vape lietot\u0101jiem<br data-start=\"769\" data-end=\"772\" \/><strong data-start=\"772\" data-end=\"789\">Uzl\u0101des ports<\/strong>: Type-C \u0101tr\u0101 uzl\u0101de \u2013 \u0100tra un uzticama ener\u0123ijas padeve<br data-start=\"847\" data-end=\"850\" \/><strong data-start=\"850\" data-end=\"861\">Displejs<\/strong>: Gudrs LED displejs \u2013 Akumulatora un e-\u0161\u0137idruma l\u012bme\u0146a uzraudz\u012bba re\u0101llaik\u0101<\/p>\n<h2><strong>Fizzy Max III 60000 PUFFS gar\u0161u saraksts<\/strong><\/h2>\n<p>1: Zeme\u0146u arb\u016bzs<br \/>\n2: Melle\u0146u ledus<br \/>\n3: Arb\u016bzu ledus<br \/>\n4: Zeme\u0146u p\u016b\u0137a auglis<br \/>\n5: Zeme\u0146u ave\u0146u<br \/>\n6: Zeme\u0146u v\u012bnogu<br \/>\n7: Melle\u0146u Avenes<br \/>\n8: Jaukt\u0101s Ogas<br \/>\n9: Zeme\u0146u Kivi<br \/>\n10: Zilo Avenes Leds<\/p>\n<p><span style=\"vertical-align: inherit\">Atrast vair\u0101k produktu, kas jums var\u0113tu patikt:<\/span><em><a href=\"https:\/\/wa.me\/8618077105796\"><span style=\"vertical-align: inherit\">\u00a0Pirkt tagad<\/span><\/a><\/em><\/p>\n<p><span style=\"vertical-align: inherit\">Citas dvesmas, kas jums var\u0113tu patikt:<\/span><a href=\"https:\/\/vapebulkp.com\/lv\/product\/wholesale-price-bang-kingdoms-rex-32000-puffs-vape-pod\/\"><span style=\"vertical-align: inherit\">Bang Kingdoms 32000 Puffs<\/span><\/a><span style=\"vertical-align: inherit\">\u3001<\/span><a href=\"https:\/\/vapebulkp.com\/lv\/product\/bang-blaze-60000-puffs-4-in1-disposable-vape-for-wholesale-price\/\"><span style=\"vertical-align: inherit\">Bang Blaze 60000 Pufi<\/span><\/a><span style=\"vertical-align: inherit\">\/ <\/span><a href=\"https:\/\/vapebulkp.com\/lv\/product\/waspe-3in1-60000-puffs-disposable-vape-high-capacity\/\"><span style=\"vertical-align: inherit\">WASPE 3 in 1 60000 Pufi<\/span><\/a><span style=\"vertical-align: inherit\">\/ <\/span><a href=\"https:\/\/vapebulkp.com\/lv\/product\/waspe-vape-40000-puff-fihp-double-flavour-disposable-vape\/\"><span style=\"vertical-align: inherit\">WASPE 40000 Pufi<\/span><\/a><\/p>\n<p>&nbsp;<\/p>\n<h2>Bie\u017e\u0101k uzdotie jaut\u0101jumi par Fizzy Max 60000 PUFFS 6 IN 1 t\u012bkla spoles vape<\/h2>\n<p data-start=\"237\" data-end=\"567\"><strong data-start=\"237\" data-end=\"297\">1. Kas ir Fizzy Max 60000 Puffs 6 in 1 Vape ier\u012bce?<\/strong><br data-start=\"297\" data-end=\"300\" \/>Fizzy Max 60000 Puffs ir liela jauda <strong data-start=\"345\" data-end=\"371\">vienreiz\u0113j\u0101s lieto\u0161anas vape ier\u012bce<\/strong> ar 6-in-1 dizainu. T\u0101 apvieno jaud\u012bgu veiktsp\u0113ju ar \u0113rt\u012bb\u0101m, nodro\u0161inot l\u012bdz pat <strong data-start=\"467\" data-end=\"483\">60 000 pufi<\/strong> izmantojot augst\u0101k\u0101s kvalit\u0101tes <strong data-start=\"500\" data-end=\"524\">t\u012bkla spoles tehnolo\u0123iju<\/strong> un milz\u012bgu <strong data-start=\"539\" data-end=\"556\">60 ml e-\u0161\u0137idruma<\/strong> tvertni.<\/p>\n<p data-start=\"569\" data-end=\"795\"><strong data-start=\"569\" data-end=\"623\">2. Vai Fizzy Max 60000 Puffs Vapes ir uzl\u0101d\u0113jams?<\/strong><br data-start=\"623\" data-end=\"626\" \/>J\u0101, ier\u012bce ir <strong data-start=\"645\" data-end=\"688\">uzl\u0101d\u0113jama, izmantojot C tipa uzl\u0101des portu<\/strong>. Tam ir <strong data-start=\"707\" data-end=\"734\">850 mAh ieb\u016bv\u0113ts akumulators<\/strong> kas atbalsta \u0101tru un efekt\u012bvu uzl\u0101di ilgsto\u0161ai lieto\u0161anai.<\/p>\n<p data-start=\"797\" data-end=\"994\"><strong data-start=\"797\" data-end=\"844\">3. Cik nikot\u012bna opcijas ir pieejamas Fizzy Vape 60000 puff?<\/strong><br data-start=\"844\" data-end=\"847\" \/>Fizzy Max 60000 Vape ir pieejams <strong data-start=\"888\" data-end=\"920\">2% un 5% nikot\u012bna stiprumos<\/strong>, \u013caujot lietot\u0101jiem izv\u0113l\u0113ties v\u0113lamo nikot\u012bna apmierin\u0101t\u012bbas l\u012bmeni.<\/p>\n<p data-start=\"996\" data-end=\"1248\"><strong data-start=\"996\" data-end=\"1059\">4. K\u0101das gar\u0161as ir pieejamas Fizzy Max 6 in 1 Vape?<\/strong><br data-start=\"1059\" data-end=\"1062\" \/>Sist\u0113m\u0101 6-in-1 parasti ir iek\u013cautas <strong data-start=\"1099\" data-end=\"1132\">se\u0161as iepriek\u0161 uzpild\u012btas gar\u0161as iesp\u0113jas<\/strong> vien\u0101 ier\u012bc\u0113, pied\u0101v\u0101jot da\u017e\u0101das gar\u0161as. Gar\u0161u pieejam\u012bba var at\u0161\u0137irties atkar\u012bb\u0101 no kr\u0101jumiem un re\u0123iona.<\/p>\n<h3>Pieg\u0101des deta\u013cas:<\/h3>\n<p><span style=\"color: #ff6600\">Ra\u017eo\u0161anas laiks: 5-10 darba dienas<\/span><br \/>\n<span style=\"color: #ff6600\">Pieg\u0101des laiks: 8-14 darba dienas<\/span><\/p>\n<p>Visi produkti m\u016bsu veikal\u0101 ir 100% ori\u0123in\u0101li un autentiski, t\u0101p\u0113c desmitk\u0101rt\u012bga kompens\u0101cija par viltot\u0101m prec\u0113m ir m\u016bsu veikala politika. M\u0113s izmantojam t\u0101dus lo\u0123istikas kan\u0101lus k\u0101 UPS\/DHL\/FEDEX\/DPD, lai pieg\u0101d\u0101tu preces jums.<\/p>\n<p>Paci\u0146\u0101m, kas tiek s\u016bt\u012btas uz Latviju, parasti nepiecie\u0161amas 10 darba dienas, lai t\u0101s sa\u0146emtu. S\u016bt\u012bjumiem uz Eiropas valst\u012bm parasti nepiecie\u0161amas 12 l\u012bdz 15 darba dienas, lai t\u0101s sa\u0146emtu. M\u0113s atjaunin\u0101sim lo\u0123istikas inform\u0101ciju jums re\u0101llaik\u0101.<\/p>","protected":false},"excerpt":{"rendered":"<p>Ilgsto\u0161a bauda ar Fizzy Max 60000 Puffs vienreizlietojamo vape. \u012apa\u0161i liela ietilp\u012bba, pla\u0161a gar\u0161u izv\u0113le\u2014nav j\u0101uzl\u0101d\u0113, nav j\u0101uzpilda, tikai uzp\u016bst un baud\u012bt!<\/p>\n<p>L\u016bdzu, sazinieties ar Mandijas WhatsApp, lai sa\u0146emtu atlaides cenu<a href=\"https:\/\/wa.me\/8618077105796\">+8618077105796<\/a><\/p>\n<p><img decoding=\"async\" class=\"alignnone wp-image-2151\" src=\"http:\/\/vapebulkp.com\/wp-content\/uploads\/2024\/04\/Mandy-WhatsApp-Randm.jpg\" alt=\"Mandy WhatsApp Randi\" width=\"297\" height=\"316\" srcset=\"https:\/\/vapebulkp.com\/wp-content\/uploads\/2024\/04\/Mandy-WhatsApp-Randm.jpg 916w, https:\/\/vapebulkp.com\/wp-content\/uploads\/2024\/04\/Mandy-WhatsApp-Randm-282x300.jpg 282w, https:\/\/vapebulkp.com\/wp-content\/uploads\/2024\/04\/Mandy-WhatsApp-Randm-768x817.jpg 768w, https:\/\/vapebulkp.com\/wp-content\/uploads\/2024\/04\/Mandy-WhatsApp-Randm-600x638.jpg 600w\" sizes=\"(max-width: 297px) 100vw, 297px\" \/><\/p>\n<p><span style=\"color: #ff0000\">PIEZ\u012aME: Cenas m\u016bsu t\u012bmek\u013ca vietn\u0113 neietver pieg\u0101des izmaksas<\/span><\/p>\n<p>&nbsp;<\/p>","protected":false},"featured_media":3830,"comment_status":"open","ping_status":"closed","template":"","meta":{"_uag_custom_page_level_css":"","_lmt_disableupdate":"no","_lmt_disable":"","site-sidebar-layout":"default","site-content-layout":"content-boxed-container","ast-site-content-layout":"normal-width-container","site-content-style":"boxed","site-sidebar-style":"unboxed","ast-global-header-display":"","ast-banner-title-visibility":"","ast-main-header-display":"","ast-hfb-above-header-display":"","ast-hfb-below-header-display":"","ast-hfb-mobile-header-display":"","site-post-title":"","ast-breadcrumbs-content":"","ast-featured-img":"","footer-sml-layout":"","theme-transparent-header-meta":"default","adv-header-id-meta":"","stick-header-meta":"","header-above-stick-meta":"","header-main-stick-meta":"","header-below-stick-meta":"","astra-migrate-meta-layouts":"set","_joinchat":[]},"product_cat":[234,153,155,351,33,59,100,87,34,158,157,154,152,58,84,156,63,32],"product_tag":[254,36,37,41,286],"class_list":["post-3831","product","type-product","status-publish","has-post-thumbnail","hentry","product_cat-60000-puffs-disposable-vape","product_cat-hot-disposable-vapes","product_cat-belgium-hot-disposable-vapes","product_cat-fizzy-vape","product_cat-france-vape-hot-sale","product_cat-germany-hot-disposable-vape","product_cat-germany-wholesale-vape-shop","product_cat-minimum-order-quantity-50pcs","product_cat-netherlands-vape-good-sale","product_cat-norway-hot-disposable-vapes","product_cat-poland-hot-disposable-vapes","product_cat-portugal-hot-disposable-vapes","product_cat-spain-hot-disposable-vapes","product_cat-sweden-hot-disposable-vape","product_cat-sweden-wholesale-vape","product_cat-switzerland-hot-disposable-vapes","product_cat-top-sale-disposable-vape","product_cat-vape-hot-sale-this-week","product_tag-fizzy-max-60000-puffs","product_tag-good-vape","product_tag-hot-sale-disposable-vape","product_tag-poland-hot-vape","product_tag-puffs-stock-in-europe","pa_brand-fizzy-vape","desktop-align-left","tablet-align-left","mobile-align-left"],"yoast_head":"<!-- This site is optimized with the Yoast SEO plugin v21.1 - https:\/\/yoast.com\/wordpress\/plugins\/seo\/ -->\n<title>Fizzy Max 60000 PUFFS 6 IN 1 High Capacity Vaping Device - vapebulkp.com<\/title>\n<meta name=\"description\" content=\"Buy Fizzy Max 60000 Puffs 6 in 1 Disposable Vape at Vapebulkp.com. Premium flavor, LED display, rechargeable battery, and high-capacity design in one device.\" \/>\n<meta name=\"robots\" content=\"index, follow, max-snippet:-1, max-image-preview:large, max-video-preview:-1\" \/>\n<link rel=\"canonical\" href=\"https:\/\/vapebulkp.com\/lv\/product\/fizzy-max-60000-puffs-6-in-1-high-capacity-vaping-device\/\" \/>\n<meta property=\"og:locale\" content=\"lv_LV\" \/>\n<meta property=\"og:type\" content=\"article\" \/>\n<meta property=\"og:title\" content=\"Fizzy Max 60000 PUFFS 6 IN 1 High Capacity Vaping Device - vapebulkp.com\" \/>\n<meta property=\"og:description\" content=\"Buy Fizzy Max 60000 Puffs 6 in 1 Disposable Vape at Vapebulkp.com. Premium flavor, LED display, rechargeable battery, and high-capacity design in one device.\" \/>\n<meta property=\"og:url\" content=\"https:\/\/vapebulkp.com\/lv\/product\/fizzy-max-60000-puffs-6-in-1-high-capacity-vaping-device\/\" \/>\n<meta property=\"og:site_name\" content=\"vapebulkp.com\" \/>\n<meta property=\"article:modified_time\" content=\"2025-09-24T03:49:52+00:00\" \/>\n<meta property=\"og:image\" content=\"http:\/\/vapebulkp.com\/wp-content\/uploads\/2025\/06\/Long-Lasting-Fizzy-Max-III-Vape-60000-Puff-Disposable-Vape-Pen.webp\" \/>\n\t<meta property=\"og:image:width\" content=\"800\" \/>\n\t<meta property=\"og:image:height\" content=\"800\" \/>\n\t<meta property=\"og:image:type\" content=\"image\/webp\" \/>\n<meta name=\"twitter:card\" content=\"summary_large_image\" \/>\n<meta name=\"twitter:label1\" content=\"Est. reading time\" \/>\n\t<meta name=\"twitter:data1\" content=\"4 min\u016btes\" \/>\n<script type=\"application\/ld+json\" class=\"yoast-schema-graph\">{\"@context\":\"https:\/\/schema.org\",\"@graph\":[{\"@type\":\"WebPage\",\"@id\":\"https:\/\/vapebulkp.com\/product\/fizzy-max-60000-puffs-6-in-1-high-capacity-vaping-device\/\",\"url\":\"https:\/\/vapebulkp.com\/product\/fizzy-max-60000-puffs-6-in-1-high-capacity-vaping-device\/\",\"name\":\"Fizzy Max 60000 PUFFS 6 IN 1 High Capacity Vaping Device - vapebulkp.com\",\"isPartOf\":{\"@id\":\"https:\/\/vapebulkp.com\/#website\"},\"datePublished\":\"2025-06-11T03:45:24+00:00\",\"dateModified\":\"2025-09-24T03:49:52+00:00\",\"description\":\"Buy Fizzy Max 60000 Puffs 6 in 1 Disposable Vape at Vapebulkp.com. Premium flavor, LED display, rechargeable battery, and high-capacity design in one device.\",\"breadcrumb\":{\"@id\":\"https:\/\/vapebulkp.com\/product\/fizzy-max-60000-puffs-6-in-1-high-capacity-vaping-device\/#breadcrumb\"},\"inLanguage\":\"lv-LV\",\"potentialAction\":[{\"@type\":\"ReadAction\",\"target\":[\"https:\/\/vapebulkp.com\/product\/fizzy-max-60000-puffs-6-in-1-high-capacity-vaping-device\/\"]}]},{\"@type\":\"BreadcrumbList\",\"@id\":\"https:\/\/vapebulkp.com\/product\/fizzy-max-60000-puffs-6-in-1-high-capacity-vaping-device\/#breadcrumb\",\"itemListElement\":[{\"@type\":\"ListItem\",\"position\":1,\"name\":\"Home\",\"item\":\"https:\/\/vapebulkp.com\/\"},{\"@type\":\"ListItem\",\"position\":2,\"name\":\"Hot Trend Vapes\",\"item\":\"https:\/\/vapebulkp.com\/vape-shop\/\"},{\"@type\":\"ListItem\",\"position\":3,\"name\":\"Fizzy Max 60000 PUFFS 6 IN 1 High Capacity Vaping Device\"}]},{\"@type\":\"WebSite\",\"@id\":\"https:\/\/vapebulkp.com\/#website\",\"url\":\"https:\/\/vapebulkp.com\/\",\"name\":\"vapebulkp.com\",\"description\":\"Buy Vape In Cheap Bulk Price Near you\",\"publisher\":{\"@id\":\"https:\/\/vapebulkp.com\/#organization\"},\"potentialAction\":[{\"@type\":\"SearchAction\",\"target\":{\"@type\":\"EntryPoint\",\"urlTemplate\":\"https:\/\/vapebulkp.com\/?s={search_term_string}\"},\"query-input\":\"required name=search_term_string\"}],\"inLanguage\":\"lv-LV\"},{\"@type\":\"Organization\",\"@id\":\"https:\/\/vapebulkp.com\/#organization\",\"name\":\"vapebulkp.com\",\"url\":\"https:\/\/vapebulkp.com\/\",\"logo\":{\"@type\":\"ImageObject\",\"inLanguage\":\"lv-LV\",\"@id\":\"https:\/\/vapebulkp.com\/#\/schema\/logo\/image\/\",\"url\":\"https:\/\/vapebulkp.com\/wp-content\/uploads\/2023\/09\/cropped-vapebulkp.png\",\"contentUrl\":\"https:\/\/vapebulkp.com\/wp-content\/uploads\/2023\/09\/cropped-vapebulkp.png\",\"width\":516,\"height\":163,\"caption\":\"vapebulkp.com\"},\"image\":{\"@id\":\"https:\/\/vapebulkp.com\/#\/schema\/logo\/image\/\"}}]}<\/script>\n<!-- \/ Yoast SEO plugin. -->","yoast_head_json":{"title":"Fizzy Max 60000 PUFFS 6 IN 1 High Capacity Vaping Device - vapebulkp.com","description":"Buy Fizzy Max 60000 Puffs 6 in 1 Disposable Vape at Vapebulkp.com. Premium flavor, LED display, rechargeable battery, and high-capacity design in one device.","robots":{"index":"index","follow":"follow","max-snippet":"max-snippet:-1","max-image-preview":"max-image-preview:large","max-video-preview":"max-video-preview:-1"},"canonical":"https:\/\/vapebulkp.com\/lv\/product\/fizzy-max-60000-puffs-6-in-1-high-capacity-vaping-device\/","og_locale":"lv_LV","og_type":"article","og_title":"Fizzy Max 60000 PUFFS 6 IN 1 High Capacity Vaping Device - vapebulkp.com","og_description":"Buy Fizzy Max 60000 Puffs 6 in 1 Disposable Vape at Vapebulkp.com. Premium flavor, LED display, rechargeable battery, and high-capacity design in one device.","og_url":"https:\/\/vapebulkp.com\/lv\/product\/fizzy-max-60000-puffs-6-in-1-high-capacity-vaping-device\/","og_site_name":"vapebulkp.com","article_modified_time":"2025-09-24T03:49:52+00:00","og_image":[{"width":800,"height":800,"url":"http:\/\/vapebulkp.com\/wp-content\/uploads\/2025\/06\/Long-Lasting-Fizzy-Max-III-Vape-60000-Puff-Disposable-Vape-Pen.webp","type":"image\/webp"}],"twitter_card":"summary_large_image","twitter_misc":{"Est. reading time":"4 min\u016btes"},"schema":{"@context":"https:\/\/schema.org","@graph":[{"@type":"WebPage","@id":"https:\/\/vapebulkp.com\/product\/fizzy-max-60000-puffs-6-in-1-high-capacity-vaping-device\/","url":"https:\/\/vapebulkp.com\/product\/fizzy-max-60000-puffs-6-in-1-high-capacity-vaping-device\/","name":"Fizzy Max 60000 PUFFS 6 IN 1 High Capacity Vaping Device - vapebulkp.com","isPartOf":{"@id":"https:\/\/vapebulkp.com\/#website"},"datePublished":"2025-06-11T03:45:24+00:00","dateModified":"2025-09-24T03:49:52+00:00","description":"Buy Fizzy Max 60000 Puffs 6 in 1 Disposable Vape at Vapebulkp.com. Premium flavor, LED display, rechargeable battery, and high-capacity design in one device.","breadcrumb":{"@id":"https:\/\/vapebulkp.com\/product\/fizzy-max-60000-puffs-6-in-1-high-capacity-vaping-device\/#breadcrumb"},"inLanguage":"lv-LV","potentialAction":[{"@type":"ReadAction","target":["https:\/\/vapebulkp.com\/product\/fizzy-max-60000-puffs-6-in-1-high-capacity-vaping-device\/"]}]},{"@type":"BreadcrumbList","@id":"https:\/\/vapebulkp.com\/product\/fizzy-max-60000-puffs-6-in-1-high-capacity-vaping-device\/#breadcrumb","itemListElement":[{"@type":"ListItem","position":1,"name":"Home","item":"https:\/\/vapebulkp.com\/"},{"@type":"ListItem","position":2,"name":"Hot Trend Vapes","item":"https:\/\/vapebulkp.com\/vape-shop\/"},{"@type":"ListItem","position":3,"name":"Fizzy Max 60000 PUFFS 6 IN 1 High Capacity Vaping Device"}]},{"@type":"WebSite","@id":"https:\/\/vapebulkp.com\/#website","url":"https:\/\/vapebulkp.com\/","name":"vapebulkp.com","description":"Buy Vape In Cheap Bulk Price Near you","publisher":{"@id":"https:\/\/vapebulkp.com\/#organization"},"potentialAction":[{"@type":"SearchAction","target":{"@type":"EntryPoint","urlTemplate":"https:\/\/vapebulkp.com\/?s={search_term_string}"},"query-input":"required name=search_term_string"}],"inLanguage":"lv-LV"},{"@type":"Organization","@id":"https:\/\/vapebulkp.com\/#organization","name":"vapebulkp.com","url":"https:\/\/vapebulkp.com\/","logo":{"@type":"ImageObject","inLanguage":"lv-LV","@id":"https:\/\/vapebulkp.com\/#\/schema\/logo\/image\/","url":"https:\/\/vapebulkp.com\/wp-content\/uploads\/2023\/09\/cropped-vapebulkp.png","contentUrl":"https:\/\/vapebulkp.com\/wp-content\/uploads\/2023\/09\/cropped-vapebulkp.png","width":516,"height":163,"caption":"vapebulkp.com"},"image":{"@id":"https:\/\/vapebulkp.com\/#\/schema\/logo\/image\/"}}]}},"uagb_featured_image_src":{"full":["https:\/\/vapebulkp.com\/wp-content\/uploads\/2025\/06\/Long-Lasting-Fizzy-Max-III-Vape-60000-Puff-Disposable-Vape-Pen.webp",800,800,false],"thumbnail":["https:\/\/vapebulkp.com\/wp-content\/uploads\/2025\/06\/Long-Lasting-Fizzy-Max-III-Vape-60000-Puff-Disposable-Vape-Pen-150x150.webp",150,150,true],"medium":["https:\/\/vapebulkp.com\/wp-content\/uploads\/2025\/06\/Long-Lasting-Fizzy-Max-III-Vape-60000-Puff-Disposable-Vape-Pen-300x300.webp",300,300,true],"medium_large":["https:\/\/vapebulkp.com\/wp-content\/uploads\/2025\/06\/Long-Lasting-Fizzy-Max-III-Vape-60000-Puff-Disposable-Vape-Pen-768x768.webp",768,768,true],"large":["https:\/\/vapebulkp.com\/wp-content\/uploads\/2025\/06\/Long-Lasting-Fizzy-Max-III-Vape-60000-Puff-Disposable-Vape-Pen.webp",800,800,false],"1536x1536":["https:\/\/vapebulkp.com\/wp-content\/uploads\/2025\/06\/Long-Lasting-Fizzy-Max-III-Vape-60000-Puff-Disposable-Vape-Pen.webp",800,800,false],"2048x2048":["https:\/\/vapebulkp.com\/wp-content\/uploads\/2025\/06\/Long-Lasting-Fizzy-Max-III-Vape-60000-Puff-Disposable-Vape-Pen.webp",800,800,false],"trp-custom-language-flag":["https:\/\/vapebulkp.com\/wp-content\/uploads\/2025\/06\/Long-Lasting-Fizzy-Max-III-Vape-60000-Puff-Disposable-Vape-Pen.webp",12,12,false],"woocommerce_thumbnail":["https:\/\/vapebulkp.com\/wp-content\/uploads\/2025\/06\/Long-Lasting-Fizzy-Max-III-Vape-60000-Puff-Disposable-Vape-Pen-300x300.webp",300,300,true],"woocommerce_single":["https:\/\/vapebulkp.com\/wp-content\/uploads\/2025\/06\/Long-Lasting-Fizzy-Max-III-Vape-60000-Puff-Disposable-Vape-Pen-600x600.webp",600,600,true],"woocommerce_gallery_thumbnail":["https:\/\/vapebulkp.com\/wp-content\/uploads\/2025\/06\/Long-Lasting-Fizzy-Max-III-Vape-60000-Puff-Disposable-Vape-Pen-100x100.webp",100,100,true],"wcpr-photo-reviews":["https:\/\/vapebulkp.com\/wp-content\/uploads\/2025\/06\/Long-Lasting-Fizzy-Max-III-Vape-60000-Puff-Disposable-Vape-Pen.webp",500,500,false]},"uagb_author_info":{"display_name":"Mandy vape bulk price","author_link":"https:\/\/vapebulkp.com\/lv\/author\/"},"uagb_comment_info":0,"uagb_excerpt":"Long-lasting satisfaction with the Fizzy Max 60000 Puffs disposable vape. Ultra-high capacity, wide variety of flavors\u2014no charging, no refilling, just puff and enjoy! Pls Contact Mandy's WhatsApp For Discount Price+8618077105796 NOTE: Prices on our website does not include shipping costs &nbsp;","_links":{"self":[{"href":"https:\/\/vapebulkp.com\/lv\/wp-json\/wp\/v2\/product\/3831","targetHints":{"allow":["GET"]}}],"collection":[{"href":"https:\/\/vapebulkp.com\/lv\/wp-json\/wp\/v2\/product"}],"about":[{"href":"https:\/\/vapebulkp.com\/lv\/wp-json\/wp\/v2\/types\/product"}],"replies":[{"embeddable":true,"href":"https:\/\/vapebulkp.com\/lv\/wp-json\/wp\/v2\/comments?post=3831"}],"wp:featuredmedia":[{"embeddable":true,"href":"https:\/\/vapebulkp.com\/lv\/wp-json\/wp\/v2\/media\/3830"}],"wp:attachment":[{"href":"https:\/\/vapebulkp.com\/lv\/wp-json\/wp\/v2\/media?parent=3831"}],"wp:term":[{"taxonomy":"product_cat","embeddable":true,"href":"https:\/\/vapebulkp.com\/lv\/wp-json\/wp\/v2\/product_cat?post=3831"},{"taxonomy":"product_tag","embeddable":true,"href":"https:\/\/vapebulkp.com\/lv\/wp-json\/wp\/v2\/product_tag?post=3831"}],"curies":[{"name":"wp","href":"https:\/\/api.w.org\/{rel}","templated":true}]}}