{"id":3874,"date":"2025-06-23T11:12:44","date_gmt":"2025-06-23T09:12:44","guid":{"rendered":"https:\/\/vapebulkp.com\/?post_type=product&#038;p=3874"},"modified":"2025-09-24T04:57:44","modified_gmt":"2025-09-24T02:57:44","slug":"wholesale-vape-okso-60000-puffs-dual-flavor-disposable-device","status":"publish","type":"product","link":"https:\/\/vapebulkp.com\/lv\/product\/wholesale-vape-okso-60000-puffs-dual-flavor-disposable-device\/","title":{"rendered":"Vape OKSO 60000 Pufi Dubult\u0101s Gar\u0161as Vienreizlietojam\u0101 Ier\u012bce Vairumtirdzniec\u012bb\u0101"},"content":{"rendered":"<h2>Vape OKSO 60000 Pufi Dubult\u0101s Gar\u0161as Vienreizlietojam\u0101 Ier\u012bce Vairumtirdzniec\u012bb\u0101<\/h2>\n<p data-start=\"153\" data-end=\"449\">Tas <strong data-start=\"157\" data-end=\"193\">OKSO 60000 Puffs vienreizlietojamais Vape<\/strong> ir <strong data-start=\"199\" data-end=\"232\">liela ietilp\u012bba vienreizlietojam\u0101 vape<\/strong> izveidots, lai lietot\u0101jiem, kuri mekl\u0113 ilgsto\u0161u sniegumu un augst\u0101k\u0101s kvalit\u0101tes gar\u0161u. Ar div\u0101m 25 ml nikot\u012bna s\u0101ls e-\u0161\u0137idruma kamer\u0101m, tas \u013cauj viegli p\u0101rsl\u0113gties starp div\u0101m gar\u0161\u0101m, padarot to ide\u0101li piem\u0113rotu da\u017e\u0101d\u012bbas cien\u012bt\u0101jiem.<\/p>\n<p data-start=\"451\" data-end=\"782\">\u0160is <strong data-start=\"456\" data-end=\"488\">uzl\u0101d\u0113jamais vienreizlietojamais vape<\/strong> ir 650 mAh akumulators un progres\u012bva <strong data-start=\"528\" data-end=\"546\">sieta spoles vape<\/strong> tehnolo\u0123ija, kas nodro\u0161ina vienm\u0113r\u012bgu gaisa pl\u016bsmu, bl\u012bvu tvaiku un nemain\u012bgu gar\u0161u katr\u0101 izvilkum\u0101. Pieejams ar 2% un 5% nikot\u012bna stiprumu, \u0161is <strong data-start=\"686\" data-end=\"708\">nikot\u012bna s\u0101ls vape<\/strong> nodro\u0161ina apmierino\u0161u r\u012bkles triecienu gan ikdienas, gan pieredz\u0113ju\u0161iem lietot\u0101jiem.<\/p>\n<p data-start=\"784\" data-end=\"1185\">Paredz\u0113ts k\u0101 kompakts un p\u0101rn\u0113s\u0101jams, \u0161is <strong data-start=\"825\" data-end=\"861\">OKSO <a href=\"https:\/\/vapebulkp.com\/lv\/product-category\/60000-puffs-disposable-vape\/\">60000 dvesmu vienreizlietojamie vape<\/a><\/strong> ir <strong data-start=\"867\" data-end=\"902\">ce\u013co\u0161anai draudz\u012bgs vienreizlietojamais vape<\/strong> ide\u0101li piem\u0113rots lieto\u0161anai ce\u013c\u0101. Ar LED displeju, kas par\u0101da akumulatora un e-\u0161\u0137idruma l\u012bme\u0146us, tas apvieno \u0113rt\u012bbas un lietojam\u012bbu. Vairumtirdzniec\u012bbai gatavs iepakojums padara to par lielisku iesp\u0113ju <strong data-start=\"1085\" data-end=\"1112\">Eiropas vairumtirdzniec\u012bbas vape<\/strong> izplat\u012b\u0161anai, nodro\u0161inot, ka mazumtirgot\u0101ji var ar p\u0101rliec\u012bbu apmierin\u0101t lielo piepras\u012bjumu.<\/p>\n<p data-start=\"1187\" data-end=\"1355\">Uzticams, daudzpus\u012bgs un rad\u012bts ilgsto\u0161ai baud\u012b\u0161anai, \u0161is <strong data-start=\"1250\" data-end=\"1286\">OKSO 60k Puffs Vape komplekts<\/strong> nosaka jaunu standartu uzl\u0101d\u0113jamos, divu gar\u0161u vienreizlietojamos veipos.<\/p>\n<h6>L\u016bdzu, sazinieties ar Mandijas WhatsApp, lai sa\u0146emtu atlaides cenu<a href=\"https:\/\/wa.me\/8618077105796\">+8618077105796<\/a><\/h6>\n<p><img decoding=\"async\" class=\"alignnone wp-image-2151\" src=\"http:\/\/vapebulkp.com\/wp-content\/uploads\/2024\/04\/Mandy-WhatsApp-Randm.jpg\" alt=\"Mandy WhatsApp Randi\" width=\"271\" height=\"289\" srcset=\"https:\/\/vapebulkp.com\/wp-content\/uploads\/2024\/04\/Mandy-WhatsApp-Randm.jpg 916w, https:\/\/vapebulkp.com\/wp-content\/uploads\/2024\/04\/Mandy-WhatsApp-Randm-282x300.jpg 282w, https:\/\/vapebulkp.com\/wp-content\/uploads\/2024\/04\/Mandy-WhatsApp-Randm-768x817.jpg 768w, https:\/\/vapebulkp.com\/wp-content\/uploads\/2024\/04\/Mandy-WhatsApp-Randm-600x638.jpg 600w\" sizes=\"(max-width: 271px) 100vw, 271px\" \/><\/p>\n<h2><strong>K\u0101p\u0113c ieg\u0101d\u0101ties OKSO dubult\u0101s gar\u0161as 60k p\u016btienus pie <a href=\"https:\/\/vapebulkp.com\/lv\/\">Vapebulkp.com<\/a>?<\/strong><\/h2>\n<p>Vapebulkp.com, m\u0113s pied\u0101v\u0101jam autentisku OKSO dubult\u0101s gar\u0161as 60K Puffs vienreizlietojamo vape ar garant\u0113tu kvalit\u0101ti un nep\u0101rsp\u0113jam\u0101m vairumtirdzniec\u012bbas cen\u0101m. M\u016bsu platforma specializ\u0113jas augst\u0101k\u0101s kvalit\u0101tes veipos, kas paredz\u0113ti gan mazumtirgot\u0101jiem, gan individu\u0101liem vaperiem vis\u0101 Eirop\u0101 un \u0101rpus t\u0101s. Iep\u0113rkoties pie mums, j\u016bs g\u016bstat labumu no \u0101tras pieg\u0101des, lieliska klientu atbalsta un dro\u0161\u0101m maks\u0101jumu iesp\u0113j\u0101m. M\u0113s nodro\u0161in\u0101m, ka katra ier\u012bce ir 100% ori\u0123in\u0101la, ar progres\u012bvu sieta spoles tehnolo\u0123iju, div\u0101m 25 ml e-\u0161\u0137idruma tvertn\u0113m un uzl\u0101d\u0113jamu akumulatoru ilgsto\u0161ai veiktsp\u0113jai. Izv\u0113lieties Vapebulkp.com sav\u0101m OKSO veipu vajadz\u012bb\u0101m un izbaudiet perfektu gar\u0161as, \u0113rt\u012bbas un v\u0113rt\u012bbas apvienojumu vien\u0101 uzticam\u0101 veikal\u0101.<\/p>\n<div class=\"faqs-answer\">\n<h3><strong>Bie\u017ei uzdotie jaut\u0101jumi par stil\u012bgo Vape OKSO 60000 Puffs <\/strong><strong>:<\/strong><\/h3>\n<p data-start=\"208\" data-end=\"370\"><strong data-start=\"208\" data-end=\"256\">1. Cik p\u016btienus nodro\u0161ina OKSO Vape 60000 Puffs?<\/strong><br data-start=\"256\" data-end=\"259\" \/>OKSO nodro\u0161ina l\u012bdz pat <strong data-start=\"283\" data-end=\"299\">60 000 pufi<\/strong>, padarot to par vienu no tirg\u016b ietilp\u012bg\u0101kajiem vienreizlietojamiem tvaikiem.<\/p>\n<p data-start=\"372\" data-end=\"529\"><strong data-start=\"372\" data-end=\"409\">2. K\u0101da veida spoli izmanto okso vape box 60k puffs?<\/strong><br data-start=\"409\" data-end=\"412\" \/>Tam ir <strong data-start=\"424\" data-end=\"448\">t\u012bkla spoles tehnolo\u0123iju<\/strong>, kas nodro\u0161ina vienm\u0113r\u012bg\u0101ku tvaiku, \u0101tr\u0101ku uzsil\u0161anu un bag\u0101t\u012bg\u0101ku gar\u0161u ar katru dvesmu.<\/p>\n<p data-start=\"1034\" data-end=\"1191\"><strong data-start=\"1034\" data-end=\"1071\">3. Vai vairumtirdzniec\u012bbas vape okso puffs 60k ir ekr\u0101ns?<\/strong><br data-start=\"1071\" data-end=\"1074\" \/>J\u0101, OKSO 60K ietver <strong data-start=\"1104\" data-end=\"1119\">LED displejs<\/strong> kas par\u0101da akumulatora darb\u012bbas laiku un e-\u0161\u0137idruma l\u012bmeni, pal\u012bdzot jums uzraudz\u012bt lieto\u0161anu.<\/p>\n<\/div>\n<h4><\/h4>\n<h4><span style=\"vertical-align: inherit\"><strong>Vairumtirdzniec\u012bbas cena Vape OKSO Double Flavor 60000 Puffs S<\/strong>Specifik\u0101cija:<\/span><strong><br \/>\n<\/strong><\/h4>\n<ul>\n<li data-start=\"105\" data-end=\"220\">\n<p data-start=\"107\" data-end=\"220\"><strong data-start=\"107\" data-end=\"132\">Milz\u012bga Dvesmu Ietilp\u012bba<\/strong> \u2013 Izbaudiet l\u012bdz 60000 dvesm\u0101m, lai ieg\u016btu ilgsto\u0161u apmierin\u0101t\u012bbu bez bie\u017eas nomai\u0146as<\/p>\n<\/li>\n<li data-start=\"221\" data-end=\"332\">\n<p data-start=\"223\" data-end=\"332\"><strong data-start=\"223\" data-end=\"256\">Uzlabota t\u012bklveida spoles tehnolo\u0123ija<\/strong> \u2013 Nodro\u0161ina vienm\u0113r\u012bg\u0101ku tvaiku, bag\u0101t\u012bg\u0101ku gar\u0161u un konsekvent\u0101ku veiktsp\u0113ju<\/p>\n<\/li>\n<li data-start=\"333\" data-end=\"453\">\n<p data-start=\"335\" data-end=\"453\"><strong data-start=\"335\" data-end=\"355\">Divu gar\u0161u pods<\/strong> \u2013 Komplekt\u0101 ar div\u0101m atsevi\u0161\u0137\u0101m 25 ml e-\u0161\u0137idruma kamer\u0101m, kas \u013cauj bez piep\u016bles p\u0101rsl\u0113gties starp gar\u0161\u0101m<\/p>\n<\/li>\n<li data-start=\"454\" data-end=\"574\">\n<p data-start=\"456\" data-end=\"574\"><strong data-start=\"456\" data-end=\"488\">Piel\u0101gojami nikot\u012bna l\u012bme\u0146i<\/strong> \u2013 Pieejams 0%, 2%, 3% un 5% nikot\u012bna opcij\u0101s, lai atbilstu j\u016bsu person\u012bgaj\u0101m v\u0113lm\u0113m<\/p>\n<\/li>\n<li data-start=\"575\" data-end=\"663\">\n<p data-start=\"577\" data-end=\"663\"><strong data-start=\"577\" data-end=\"608\">Uzl\u0101d\u0113jams 650 mAh akumulators<\/strong> \u2013 Uzticama jauda, lai atbalst\u012btu pagarin\u0101tas tvaic\u0113\u0161anas sesijas<\/p>\n<\/li>\n<li data-start=\"664\" data-end=\"771\">\n<p data-start=\"666\" data-end=\"771\"><strong data-start=\"666\" data-end=\"687\">Viedais LED displejs<\/strong> \u2013 Skaidri par\u0101da akumulatora un e-\u0161\u0137idruma l\u012bmeni, lai ieg\u016btu pla\u0161\u0101kas zin\u0101\u0161anas par tvaic\u0113\u0161anas pieredzi<\/p>\n<\/li>\n<\/ul>\n<h4>OKSO 60000 Puff divu gar\u0161u vape Gar\u0161u saraksts:<\/h4>\n<p>1. Zil\u0101 ave\u0146u<br \/>\n2. Zeme\u0146u \u0137ir\u0161u<br \/>\n3.Arb\u016bzu ko\u0161\u013c\u0101jam\u0101 gumija<br \/>\n4.Zeme\u0146u ban\u0101ns<br \/>\n5.Arb\u016bzu ledus<br \/>\n6.Zilo ave\u0146u limon\u0101de<br \/>\n7.Sarkan\u0101 ener\u0123ijas dz\u0113riena ledus<br \/>\n8.Zeme\u0146u arb\u016bzs<br \/>\n9.Zil\u0101 avenes \u0137ir\u0161u dz\u0113rvenes<br \/>\n10.Melle\u0146u ledus<\/p>\n<p><span style=\"vertical-align: inherit\">Atrast vair\u0101k produktu, kas jums var\u0113tu patikt:<\/span><em><a href=\"https:\/\/wa.me\/8618077105796\"><span style=\"vertical-align: inherit\">\u00a0Pirkt tagad<\/span><\/a><\/em><\/p>\n<p><span style=\"vertical-align: inherit\">Citas dvesmas, kas jums var\u0113tu patikt:<\/span><a href=\"https:\/\/vapebulkp.com\/lv\/product\/bang-de-60000-puffs-3in1-rechargeable-mesh-coil-disposable-vape\/\"><span style=\"vertical-align: inherit\">Bang DE 60000 Pufi<\/span><\/a><span style=\"vertical-align: inherit\">\u3001<\/span><a href=\"https:\/\/vapebulkp.com\/lv\/product\/vozol-rave-40000-puffs-hot-sale-nicotine-salt-disposable-vaporizer\/\"><span style=\"vertical-align: inherit\">Vozol Rave 40000 uzp\u016btienu<\/span><\/a><span style=\"vertical-align: inherit\">\/ <\/span><a href=\"https:\/\/vapebulkp.com\/lv\/product\/waspe-3in1-60000-puffs-disposable-vape-high-capacity\/\"><span style=\"vertical-align: inherit\">WASPE Vape 60000 dvesmas<\/span><\/a><span style=\"vertical-align: inherit\">\/ <\/span><a href=\"https:\/\/vapebulkp.com\/lv\/product\/fizzy-twins-50000-puffs-high-puff-count-vape-kits-bulk-price\/\"><span style=\"vertical-align: inherit\">Fizzy twins 50000 dvesmas<\/span><\/a><\/p>\n<p>&nbsp;<\/p>\n<h4>Pieg\u0101des deta\u013cas:<\/h4>\n<p><span style=\"color: #ff6600\">Ra\u017eo\u0161anas laiks: 5-10 darba dienas<\/span><br \/>\n<span style=\"color: #ff6600\">Pieg\u0101des laiks: 8-14 darba dienas<\/span><\/p>\n<p>Visi produkti m\u016bsu veikal\u0101 ir 100% ori\u0123in\u0101li un autentiski, t\u0101p\u0113c desmitk\u0101rt\u012bga kompens\u0101cija par viltot\u0101m prec\u0113m ir m\u016bsu veikala politika. M\u0113s izmantojam t\u0101dus lo\u0123istikas kan\u0101lus k\u0101 UPS\/DHL\/FEDEX\/DPD, lai pieg\u0101d\u0101tu preces jums.<\/p>\n<p>Paci\u0146\u0101m, kas tiek s\u016bt\u012btas uz Latviju, parasti nepiecie\u0161amas 10 darba dienas, lai t\u0101s sa\u0146emtu. S\u016bt\u012bjumiem uz Eiropas valst\u012bm parasti nepiecie\u0161amas 12 l\u012bdz 15 darba dienas, lai t\u0101s sa\u0146emtu. M\u0113s atjaunin\u0101sim lo\u0123istikas inform\u0101ciju jums re\u0101llaik\u0101.<\/p>","protected":false},"excerpt":{"rendered":"<p>Ieg\u0101d\u0101jieties OKSO 60k Puffs uzl\u0101d\u0113jamo vienreizlietojamo vape ar divu gar\u0161u dizainu, sieta spoli un 50 ml e-\u0161\u0137idrumu. Ilgsto\u0161s nikot\u012bna vape, kas ir ide\u0101li piem\u0113rots klientiem, kuri mekl\u0113 bag\u0101t\u012bgu gar\u0161u un maigus tvaikus.<\/p>\n<p>L\u016bdzu, sazinieties ar Mandijas WhatsApp, lai sa\u0146emtu atlaides cenu<a href=\"https:\/\/wa.me\/8618077105796\">+8618077105796<\/a><\/p>\n<p><img decoding=\"async\" class=\"alignnone wp-image-2151\" src=\"http:\/\/vapebulkp.com\/wp-content\/uploads\/2024\/04\/Mandy-WhatsApp-Randm.jpg\" alt=\"Mandy WhatsApp Randi\" width=\"297\" height=\"316\" srcset=\"https:\/\/vapebulkp.com\/wp-content\/uploads\/2024\/04\/Mandy-WhatsApp-Randm.jpg 916w, https:\/\/vapebulkp.com\/wp-content\/uploads\/2024\/04\/Mandy-WhatsApp-Randm-282x300.jpg 282w, https:\/\/vapebulkp.com\/wp-content\/uploads\/2024\/04\/Mandy-WhatsApp-Randm-768x817.jpg 768w, https:\/\/vapebulkp.com\/wp-content\/uploads\/2024\/04\/Mandy-WhatsApp-Randm-600x638.jpg 600w\" sizes=\"(max-width: 297px) 100vw, 297px\" \/><\/p>\n<p><span style=\"color: #ff0000\">PIEZ\u012aME: Cenas m\u016bsu t\u012bmek\u013ca vietn\u0113 neietver pieg\u0101des izmaksas<\/span><\/p>\n<p>Galvenais pirkuma iemesls<br \/>\n1. Izcila kvalit\u0101te un nep\u0101rsp\u0113jama veiktsp\u0113ja.<\/p>\n<p>2. Konkur\u0113tsp\u0113j\u012bga cena un \u0101tra v\u0113rt\u012bba.<\/p>\n<p>3. Vair\u0101kas iesp\u0113jas un savlaic\u012bga pieg\u0101de.<\/p>\n<p>4. Apmierino\u0161a iepirk\u0161an\u0101s pieredze<\/p>","protected":false},"featured_media":3869,"comment_status":"open","ping_status":"closed","template":"","meta":{"_uag_custom_page_level_css":"","_lmt_disableupdate":"no","_lmt_disable":"","site-sidebar-layout":"default","site-content-layout":"content-boxed-container","ast-site-content-layout":"normal-width-container","site-content-style":"boxed","site-sidebar-style":"unboxed","ast-global-header-display":"","ast-banner-title-visibility":"","ast-main-header-display":"","ast-hfb-above-header-display":"","ast-hfb-below-header-display":"","ast-hfb-mobile-header-display":"","site-post-title":"","ast-breadcrumbs-content":"","ast-featured-img":"","footer-sml-layout":"","theme-transparent-header-meta":"default","adv-header-id-meta":"","stick-header-meta":"","header-above-stick-meta":"","header-main-stick-meta":"","header-below-stick-meta":"","astra-migrate-meta-layouts":"set","_joinchat":[]},"product_cat":[234,153,155,33,59,100,87,34,158,356,157,154,152,58,84,156,63,32],"product_tag":[36,37,259,41,286],"class_list":["post-3874","product","type-product","status-publish","has-post-thumbnail","hentry","product_cat-60000-puffs-disposable-vape","product_cat-hot-disposable-vapes","product_cat-belgium-hot-disposable-vapes","product_cat-france-vape-hot-sale","product_cat-germany-hot-disposable-vape","product_cat-germany-wholesale-vape-shop","product_cat-minimum-order-quantity-50pcs","product_cat-netherlands-vape-good-sale","product_cat-norway-hot-disposable-vapes","product_cat-okso-vape","product_cat-poland-hot-disposable-vapes","product_cat-portugal-hot-disposable-vapes","product_cat-spain-hot-disposable-vapes","product_cat-sweden-hot-disposable-vape","product_cat-sweden-wholesale-vape","product_cat-switzerland-hot-disposable-vapes","product_cat-top-sale-disposable-vape","product_cat-vape-hot-sale-this-week","product_tag-good-vape","product_tag-hot-sale-disposable-vape","product_tag-okso-60000-puffs","product_tag-poland-hot-vape","product_tag-puffs-stock-in-europe","pa_brand-okso-vape","desktop-align-left","tablet-align-left","mobile-align-left"],"yoast_head":"<!-- This site is optimized with the Yoast SEO plugin v21.1 - https:\/\/yoast.com\/wordpress\/plugins\/seo\/ -->\n<title>Wholesale Vape OKSO 60000 Puffs Dual Flavor Disposable Device - vapebulkp.com<\/title>\n<meta name=\"description\" content=\"Get the OKSO 60000 Puffs Disposable Vape with dual flavors, mesh coil vape technology, and long-lasting performance. Available in 2% and 5% nicotine, perfect for European vapers seeking a high-capacity disposable vape.\" \/>\n<meta name=\"robots\" content=\"index, follow, max-snippet:-1, max-image-preview:large, max-video-preview:-1\" \/>\n<link rel=\"canonical\" href=\"https:\/\/vapebulkp.com\/lv\/product\/wholesale-vape-okso-60000-puffs-dual-flavor-disposable-device\/\" \/>\n<meta property=\"og:locale\" content=\"lv_LV\" \/>\n<meta property=\"og:type\" content=\"article\" \/>\n<meta property=\"og:title\" content=\"Wholesale Vape OKSO 60000 Puffs Dual Flavor Disposable Device - vapebulkp.com\" \/>\n<meta property=\"og:description\" content=\"Get the OKSO 60000 Puffs Disposable Vape with dual flavors, mesh coil vape technology, and long-lasting performance. Available in 2% and 5% nicotine, perfect for European vapers seeking a high-capacity disposable vape.\" \/>\n<meta property=\"og:url\" content=\"https:\/\/vapebulkp.com\/lv\/product\/wholesale-vape-okso-60000-puffs-dual-flavor-disposable-device\/\" \/>\n<meta property=\"og:site_name\" content=\"vapebulkp.com\" \/>\n<meta property=\"article:modified_time\" content=\"2025-09-24T02:57:44+00:00\" \/>\n<meta property=\"og:image\" content=\"http:\/\/vapebulkp.com\/wp-content\/uploads\/2025\/06\/OKSO-60K-Puff-Vape-Dual-Flavor-Wholesale-Vape.webp\" \/>\n\t<meta property=\"og:image:width\" content=\"800\" \/>\n\t<meta property=\"og:image:height\" content=\"800\" \/>\n\t<meta property=\"og:image:type\" content=\"image\/webp\" \/>\n<meta name=\"twitter:card\" content=\"summary_large_image\" \/>\n<meta name=\"twitter:label1\" content=\"Est. reading time\" \/>\n\t<meta name=\"twitter:data1\" content=\"4 min\u016btes\" \/>\n<script type=\"application\/ld+json\" class=\"yoast-schema-graph\">{\"@context\":\"https:\/\/schema.org\",\"@graph\":[{\"@type\":\"WebPage\",\"@id\":\"https:\/\/vapebulkp.com\/product\/wholesale-vape-okso-60000-puffs-dual-flavor-disposable-device\/\",\"url\":\"https:\/\/vapebulkp.com\/product\/wholesale-vape-okso-60000-puffs-dual-flavor-disposable-device\/\",\"name\":\"Wholesale Vape OKSO 60000 Puffs Dual Flavor Disposable Device - vapebulkp.com\",\"isPartOf\":{\"@id\":\"https:\/\/vapebulkp.com\/#website\"},\"datePublished\":\"2025-06-23T09:12:44+00:00\",\"dateModified\":\"2025-09-24T02:57:44+00:00\",\"description\":\"Get the OKSO 60000 Puffs Disposable Vape with dual flavors, mesh coil vape technology, and long-lasting performance. Available in 2% and 5% nicotine, perfect for European vapers seeking a high-capacity disposable vape.\",\"breadcrumb\":{\"@id\":\"https:\/\/vapebulkp.com\/product\/wholesale-vape-okso-60000-puffs-dual-flavor-disposable-device\/#breadcrumb\"},\"inLanguage\":\"lv-LV\",\"potentialAction\":[{\"@type\":\"ReadAction\",\"target\":[\"https:\/\/vapebulkp.com\/product\/wholesale-vape-okso-60000-puffs-dual-flavor-disposable-device\/\"]}]},{\"@type\":\"BreadcrumbList\",\"@id\":\"https:\/\/vapebulkp.com\/product\/wholesale-vape-okso-60000-puffs-dual-flavor-disposable-device\/#breadcrumb\",\"itemListElement\":[{\"@type\":\"ListItem\",\"position\":1,\"name\":\"Home\",\"item\":\"https:\/\/vapebulkp.com\/\"},{\"@type\":\"ListItem\",\"position\":2,\"name\":\"Hot Trend Vapes\",\"item\":\"https:\/\/vapebulkp.com\/vape-shop\/\"},{\"@type\":\"ListItem\",\"position\":3,\"name\":\"Wholesale Vape OKSO 60000 Puffs Dual Flavor Disposable Device\"}]},{\"@type\":\"WebSite\",\"@id\":\"https:\/\/vapebulkp.com\/#website\",\"url\":\"https:\/\/vapebulkp.com\/\",\"name\":\"vapebulkp.com\",\"description\":\"Buy Vape In Cheap Bulk Price Near you\",\"publisher\":{\"@id\":\"https:\/\/vapebulkp.com\/#organization\"},\"potentialAction\":[{\"@type\":\"SearchAction\",\"target\":{\"@type\":\"EntryPoint\",\"urlTemplate\":\"https:\/\/vapebulkp.com\/?s={search_term_string}\"},\"query-input\":\"required name=search_term_string\"}],\"inLanguage\":\"lv-LV\"},{\"@type\":\"Organization\",\"@id\":\"https:\/\/vapebulkp.com\/#organization\",\"name\":\"vapebulkp.com\",\"url\":\"https:\/\/vapebulkp.com\/\",\"logo\":{\"@type\":\"ImageObject\",\"inLanguage\":\"lv-LV\",\"@id\":\"https:\/\/vapebulkp.com\/#\/schema\/logo\/image\/\",\"url\":\"https:\/\/vapebulkp.com\/wp-content\/uploads\/2023\/09\/cropped-vapebulkp.png\",\"contentUrl\":\"https:\/\/vapebulkp.com\/wp-content\/uploads\/2023\/09\/cropped-vapebulkp.png\",\"width\":516,\"height\":163,\"caption\":\"vapebulkp.com\"},\"image\":{\"@id\":\"https:\/\/vapebulkp.com\/#\/schema\/logo\/image\/\"}}]}<\/script>\n<!-- \/ Yoast SEO plugin. -->","yoast_head_json":{"title":"Wholesale Vape OKSO 60000 Puffs Dual Flavor Disposable Device - vapebulkp.com","description":"Get the OKSO 60000 Puffs Disposable Vape with dual flavors, mesh coil vape technology, and long-lasting performance. Available in 2% and 5% nicotine, perfect for European vapers seeking a high-capacity disposable vape.","robots":{"index":"index","follow":"follow","max-snippet":"max-snippet:-1","max-image-preview":"max-image-preview:large","max-video-preview":"max-video-preview:-1"},"canonical":"https:\/\/vapebulkp.com\/lv\/product\/wholesale-vape-okso-60000-puffs-dual-flavor-disposable-device\/","og_locale":"lv_LV","og_type":"article","og_title":"Wholesale Vape OKSO 60000 Puffs Dual Flavor Disposable Device - vapebulkp.com","og_description":"Get the OKSO 60000 Puffs Disposable Vape with dual flavors, mesh coil vape technology, and long-lasting performance. Available in 2% and 5% nicotine, perfect for European vapers seeking a high-capacity disposable vape.","og_url":"https:\/\/vapebulkp.com\/lv\/product\/wholesale-vape-okso-60000-puffs-dual-flavor-disposable-device\/","og_site_name":"vapebulkp.com","article_modified_time":"2025-09-24T02:57:44+00:00","og_image":[{"width":800,"height":800,"url":"http:\/\/vapebulkp.com\/wp-content\/uploads\/2025\/06\/OKSO-60K-Puff-Vape-Dual-Flavor-Wholesale-Vape.webp","type":"image\/webp"}],"twitter_card":"summary_large_image","twitter_misc":{"Est. reading time":"4 min\u016btes"},"schema":{"@context":"https:\/\/schema.org","@graph":[{"@type":"WebPage","@id":"https:\/\/vapebulkp.com\/product\/wholesale-vape-okso-60000-puffs-dual-flavor-disposable-device\/","url":"https:\/\/vapebulkp.com\/product\/wholesale-vape-okso-60000-puffs-dual-flavor-disposable-device\/","name":"Wholesale Vape OKSO 60000 Puffs Dual Flavor Disposable Device - vapebulkp.com","isPartOf":{"@id":"https:\/\/vapebulkp.com\/#website"},"datePublished":"2025-06-23T09:12:44+00:00","dateModified":"2025-09-24T02:57:44+00:00","description":"Get the OKSO 60000 Puffs Disposable Vape with dual flavors, mesh coil vape technology, and long-lasting performance. Available in 2% and 5% nicotine, perfect for European vapers seeking a high-capacity disposable vape.","breadcrumb":{"@id":"https:\/\/vapebulkp.com\/product\/wholesale-vape-okso-60000-puffs-dual-flavor-disposable-device\/#breadcrumb"},"inLanguage":"lv-LV","potentialAction":[{"@type":"ReadAction","target":["https:\/\/vapebulkp.com\/product\/wholesale-vape-okso-60000-puffs-dual-flavor-disposable-device\/"]}]},{"@type":"BreadcrumbList","@id":"https:\/\/vapebulkp.com\/product\/wholesale-vape-okso-60000-puffs-dual-flavor-disposable-device\/#breadcrumb","itemListElement":[{"@type":"ListItem","position":1,"name":"Home","item":"https:\/\/vapebulkp.com\/"},{"@type":"ListItem","position":2,"name":"Hot Trend Vapes","item":"https:\/\/vapebulkp.com\/vape-shop\/"},{"@type":"ListItem","position":3,"name":"Wholesale Vape OKSO 60000 Puffs Dual Flavor Disposable Device"}]},{"@type":"WebSite","@id":"https:\/\/vapebulkp.com\/#website","url":"https:\/\/vapebulkp.com\/","name":"vapebulkp.com","description":"Buy Vape In Cheap Bulk Price Near you","publisher":{"@id":"https:\/\/vapebulkp.com\/#organization"},"potentialAction":[{"@type":"SearchAction","target":{"@type":"EntryPoint","urlTemplate":"https:\/\/vapebulkp.com\/?s={search_term_string}"},"query-input":"required name=search_term_string"}],"inLanguage":"lv-LV"},{"@type":"Organization","@id":"https:\/\/vapebulkp.com\/#organization","name":"vapebulkp.com","url":"https:\/\/vapebulkp.com\/","logo":{"@type":"ImageObject","inLanguage":"lv-LV","@id":"https:\/\/vapebulkp.com\/#\/schema\/logo\/image\/","url":"https:\/\/vapebulkp.com\/wp-content\/uploads\/2023\/09\/cropped-vapebulkp.png","contentUrl":"https:\/\/vapebulkp.com\/wp-content\/uploads\/2023\/09\/cropped-vapebulkp.png","width":516,"height":163,"caption":"vapebulkp.com"},"image":{"@id":"https:\/\/vapebulkp.com\/#\/schema\/logo\/image\/"}}]}},"uagb_featured_image_src":{"full":["https:\/\/vapebulkp.com\/wp-content\/uploads\/2025\/06\/OKSO-60K-Puff-Vape-Dual-Flavor-Wholesale-Vape.webp",800,800,false],"thumbnail":["https:\/\/vapebulkp.com\/wp-content\/uploads\/2025\/06\/OKSO-60K-Puff-Vape-Dual-Flavor-Wholesale-Vape-150x150.webp",150,150,true],"medium":["https:\/\/vapebulkp.com\/wp-content\/uploads\/2025\/06\/OKSO-60K-Puff-Vape-Dual-Flavor-Wholesale-Vape-300x300.webp",300,300,true],"medium_large":["https:\/\/vapebulkp.com\/wp-content\/uploads\/2025\/06\/OKSO-60K-Puff-Vape-Dual-Flavor-Wholesale-Vape-768x768.webp",768,768,true],"large":["https:\/\/vapebulkp.com\/wp-content\/uploads\/2025\/06\/OKSO-60K-Puff-Vape-Dual-Flavor-Wholesale-Vape.webp",800,800,false],"1536x1536":["https:\/\/vapebulkp.com\/wp-content\/uploads\/2025\/06\/OKSO-60K-Puff-Vape-Dual-Flavor-Wholesale-Vape.webp",800,800,false],"2048x2048":["https:\/\/vapebulkp.com\/wp-content\/uploads\/2025\/06\/OKSO-60K-Puff-Vape-Dual-Flavor-Wholesale-Vape.webp",800,800,false],"trp-custom-language-flag":["https:\/\/vapebulkp.com\/wp-content\/uploads\/2025\/06\/OKSO-60K-Puff-Vape-Dual-Flavor-Wholesale-Vape.webp",12,12,false],"woocommerce_thumbnail":["https:\/\/vapebulkp.com\/wp-content\/uploads\/2025\/06\/OKSO-60K-Puff-Vape-Dual-Flavor-Wholesale-Vape-300x300.webp",300,300,true],"woocommerce_single":["https:\/\/vapebulkp.com\/wp-content\/uploads\/2025\/06\/OKSO-60K-Puff-Vape-Dual-Flavor-Wholesale-Vape-600x600.webp",600,600,true],"woocommerce_gallery_thumbnail":["https:\/\/vapebulkp.com\/wp-content\/uploads\/2025\/06\/OKSO-60K-Puff-Vape-Dual-Flavor-Wholesale-Vape-100x100.webp",100,100,true],"wcpr-photo-reviews":["https:\/\/vapebulkp.com\/wp-content\/uploads\/2025\/06\/OKSO-60K-Puff-Vape-Dual-Flavor-Wholesale-Vape.webp",500,500,false]},"uagb_author_info":{"display_name":"Mandy vape bulk price","author_link":"https:\/\/vapebulkp.com\/lv\/author\/"},"uagb_comment_info":0,"uagb_excerpt":"Shop the OKSO 60k Puffs rechargeable disposable vape with dual flavour design, mesh coil, and 50ml e-liquid. A long-lasting nicotine vape ideal for EU customers seeking rich taste and smooth clouds. Pls Contact Mandy's WhatsApp For Discount Price+8618077105796 NOTE: Prices on our website does not include shipping costs Main reason for purchase 1. Excellent quality&hellip;","_links":{"self":[{"href":"https:\/\/vapebulkp.com\/lv\/wp-json\/wp\/v2\/product\/3874","targetHints":{"allow":["GET"]}}],"collection":[{"href":"https:\/\/vapebulkp.com\/lv\/wp-json\/wp\/v2\/product"}],"about":[{"href":"https:\/\/vapebulkp.com\/lv\/wp-json\/wp\/v2\/types\/product"}],"replies":[{"embeddable":true,"href":"https:\/\/vapebulkp.com\/lv\/wp-json\/wp\/v2\/comments?post=3874"}],"wp:featuredmedia":[{"embeddable":true,"href":"https:\/\/vapebulkp.com\/lv\/wp-json\/wp\/v2\/media\/3869"}],"wp:attachment":[{"href":"https:\/\/vapebulkp.com\/lv\/wp-json\/wp\/v2\/media?parent=3874"}],"wp:term":[{"taxonomy":"product_cat","embeddable":true,"href":"https:\/\/vapebulkp.com\/lv\/wp-json\/wp\/v2\/product_cat?post=3874"},{"taxonomy":"product_tag","embeddable":true,"href":"https:\/\/vapebulkp.com\/lv\/wp-json\/wp\/v2\/product_tag?post=3874"}],"curies":[{"name":"wp","href":"https:\/\/api.w.org\/{rel}","templated":true}]}}