{"id":2198,"date":"2024-04-18T05:41:21","date_gmt":"2024-04-18T03:41:21","guid":{"rendered":"https:\/\/vapebulkp.com\/?post_type=product&#038;p=2198"},"modified":"2025-09-01T11:15:25","modified_gmt":"2025-09-01T09:15:25","slug":"wholesale-price-utco-7000-puffs-best-tornado-vape","status":"publish","type":"product","link":"https:\/\/vapebulkp.com\/nl\/product\/wholesale-price-utco-7000-puffs-best-tornado-vape\/","title":{"rendered":"Groothandelsprijs UTCO 7000 Puffs Beste Tornado Vape"},"content":{"rendered":"<h2>Groothandelsprijs UTCO 7000 Puffs Beste Tornado Vape<\/h2>\n<p>De <b>UTCO Tornado 7000 Puffen<\/b>\u00a0staat als een maatstaf in de markt voor wegwerpvapes, ontworpen voor de veeleisende vaper die ultieme controle en een lange levensduur waardeert. Deze geavanceerde <b>7000 Puffs Wegwerp Vape<\/b> is een verfijnde oplossing die een robuust ontwerp koppelt aan onge\u00ebvenaard gemak. Het wordt voorgevuld geleverd met een royale <b>14ml premium nic salt e-liquid<\/b> en een indrukwekkende selectie van meer dan 60 zorgvuldig samengestelde smaken, wat een gevarieerde reeks biedt voor elke smaak.<\/p>\n<p>De kern van het ontwerp is een <b>oplaadbare stroomcel<\/b> en een aan de onderkant gemonteerde <b>Type-C poort<\/b>, zodat u de volledige <b>14ml capaciteit<\/b> zonder onderbreking kunt gebruiken. De precisie-luchtstroomregeling van het apparaat maakt een werkelijk op maat gemaakte trek mogelijk, waardoor u uw dampervaring kunt verfijnen van een strakke, discrete trek tot een rijke, dichte wolk.<\/p>\n<p>Meer dan een eenvoudige <b>wegwerp e-sigaret<\/b>, de UTCO 7000 is een toewijding aan een premium, probleemloze dampreis. De constructie met hoge capaciteit en intu\u00eftieve bediening positioneren het als de definitieve keuze voor vapers die zowel prestaties als betrouwbaarheid eisen in \u00e9\u00e9n gestroomlijnd apparaat.<\/p>\n<h3>UTCO 7k Puffs Productfoto's:<\/h3>\n<p><img decoding=\"async\" class=\"alignnone wp-image-2185\" src=\"http:\/\/vapebulkp.com\/wp-content\/uploads\/2024\/04\/UTCO-7000PUFFS-Best-Sale-Poland-scaled.jpg\" alt=\"UTCO 7000PUFFS Beste verkoop Nederland\" width=\"550\" height=\"482\" \/><\/p>\n<p>&nbsp;<\/p>\n<h6>Neem contact op met Mandy's WhatsApp voor de kortingsprijs<a href=\"https:\/\/wa.me\/8618077105796\">+8618077105796<\/a><\/h6>\n<p><img decoding=\"async\" class=\"alignnone wp-image-2151\" src=\"http:\/\/vapebulkp.com\/wp-content\/uploads\/2024\/04\/Mandy-WhatsApp-Randm.jpg\" alt=\"Mandy WhatsApp Randm\" width=\"301\" height=\"292\" \/><\/p>\n<h2><span style=\"vertical-align: inherit\">Misschien wilt u meer weten over UTCO 7000 Puffs Wegwerp Vape pen:<\/span><\/h2>\n<p>&nbsp;<\/p>\n<h6>1. Wat is de e-liquid capaciteit van UTCO 7k puffs Goede Vape?<\/h6>\n<p>Dit apparaat bevat 18ml e-liquid.<\/p>\n<h6>2. Hoe lang gaat deze goede vape mee UTCO tornado 7000?<\/h6>\n<p>(1)500 trekjes\/dag, kan 14 dagen meegaan<br \/>\n(2)1000 trekjes\/dag, kan 7 dagen meegaan<br \/>\n(3)2000 trekjes\/dag, kan 3,5 dagen meegaan<\/p>\n<h6>3. Hoe laad ik het goede wegwerpbare vape UTCO Vape 7k puffs apparaat op?<\/h6>\n<p>Snelladers kunnen niet worden gebruikt. Het standaard veilige vermogen van wegwerp e-sigaretten is 5V 1A. Elke oplaadbeurt mag niet langer dan 1 uur duren, de veilige oplaadtijd is een half uur.<\/p>\n<p><span style=\"color: #ff6600\">Let op: de hele nacht opladen is niet toegestaan!<\/span><\/p>\n<h6>4. Hoe gebruik je UTCO tornado 7000 Puffs goede Vape?<\/h6>\n<p>&nbsp;<\/p>\n<p><img decoding=\"async\" class=\"wp-image-2200 alignleft\" src=\"http:\/\/vapebulkp.com\/wp-content\/uploads\/2024\/04\/Good-Sale-UTCO-7k-puffs-vape.png\" alt=\"Goede verkoop UTCO 7k puffs vape\" width=\"546\" height=\"1128\" srcset=\"https:\/\/vapebulkp.com\/wp-content\/uploads\/2024\/04\/Good-Sale-UTCO-7k-puffs-vape.png 1024w, https:\/\/vapebulkp.com\/wp-content\/uploads\/2024\/04\/Good-Sale-UTCO-7k-puffs-vape-145x300.png 145w, https:\/\/vapebulkp.com\/wp-content\/uploads\/2024\/04\/Good-Sale-UTCO-7k-puffs-vape-496x1024.png 496w, https:\/\/vapebulkp.com\/wp-content\/uploads\/2024\/04\/Good-Sale-UTCO-7k-puffs-vape-768x1586.png 768w, https:\/\/vapebulkp.com\/wp-content\/uploads\/2024\/04\/Good-Sale-UTCO-7k-puffs-vape-744x1536.png 744w, https:\/\/vapebulkp.com\/wp-content\/uploads\/2024\/04\/Good-Sale-UTCO-7k-puffs-vape-992x2048.png 992w, https:\/\/vapebulkp.com\/wp-content\/uploads\/2024\/04\/Good-Sale-UTCO-7k-puffs-vape-600x1239.png 600w\" sizes=\"(max-width: 546px) 100vw, 546px\" \/><\/p>\n<p>&nbsp;<\/p>\n<p>&nbsp;<\/p>\n<h4>Gebruiksaanwijzing:<\/h4>\n<p>Stap 1: Trek de siliconen plug eruit<\/p>\n<p>*Kantel het apparaat en trek de siliconen plug langzaam omhoog om het gat van de verwarmingsspiraal vrij te maken voor de olietoevoer.<\/p>\n<p>Stap 2: Scheur de sticker eraf<\/p>\n<p>Laat het 2 minuten staan nadat u de sticker hebt verwijderd, daarna kunt u het gebruiken.<\/p>\n<h3><strong><span style=\"vertical-align: inherit\">Specificatie <\/span><\/strong>Voor De UTCO 7000 Beste Vape:<\/h3>\n<h6><\/h6>\n<ul>\n<li>2\/5% Nicotinezout<\/li>\n<li>14ML E-liquid<\/li>\n<li>7000 trekjes per apparaat<\/li>\n<li>Luchtstroomregeling<\/li>\n<li>Type-C Opladen<\/li>\n<li>Batterij oplaadbaar<\/li>\n<li>Ge\u00efntegreerde 850mAh batterij<\/li>\n<li>26 smaken beschikbaar<\/li>\n<li>10 stuks in een displaydoos<\/li>\n<li>240 stuks in een doos\/ 17kg<\/li>\n<\/ul>\n<h3><strong>\u00a0Groothandelsprijs Disposable Vape UTCO 7000 Puffs Smakenlijst:<\/strong><\/h3>\n<p>1 Koele munt<br \/>\n2 Lush Ice<br \/>\n3 Mandarijnijs<br \/>\n4 Aardbeien donut<br \/>\n5 Gummibeer<br \/>\n6 Bosbes op ijs<br \/>\n7 Mango op ijs<br \/>\n8 Perzikijs<br \/>\n9 Bananenijs<br \/>\n10 Druivenijs<br \/>\n11 Roze Limonade<br \/>\n12 Pina Colada Rum<br \/>\n13 Gemengde Bessen<br \/>\n14 Bananenmilkshake<br \/>\n15 Aardbei Watermeloen<br \/>\n16 Rode Appel Citroen<br \/>\n17 Ananasijs<br \/>\n18 Suikerspin<br \/>\n19 Aardbei Banaan<br \/>\n20 Aardbeienijs<br \/>\n21 Kers<br \/>\n22 Blue Razz Kers<br \/>\n23 Cola-ijs<br \/>\n24 Tijgerbloed<br \/>\n25 Zure appel<br \/>\n26 Aardbei Kiwi<\/p>\n<p><a href=\"https:\/\/vapebulkp.com\/nl\/product\/wholesale-price-disposable-vape-crystal-600-puffs\/\"><span style=\"vertical-align: inherit\">Goede verkoop Crystal 600 Puffs <\/span><\/a><\/p>\n<p><span style=\"vertical-align: inherit\">Vind meer producten die u misschien leuk vindt:<\/span><em><a href=\"https:\/\/wa.me\/8618077105796\"><span style=\"vertical-align: inherit\">\u00a0Koop het nu<\/span><\/a><\/em><\/p>\n<p><span style=\"vertical-align: inherit\">Andere trekjes die u misschien leuk vindt:<\/span><a href=\"https:\/\/vapebulkp.com\/nl\/product\/popular-bang-king-10000-puffs-vape-good-price\/\"><span style=\"vertical-align: inherit\">Bang King 10000 trekjes<\/span><\/a><span style=\"vertical-align: inherit\">\u3001<\/span><a href=\"https:\/\/vapebulkp.com\/nl\/product\/bang-box-12000puffs-good-vape-sweden-wholesale-price\/\"><span style=\"vertical-align: inherit\">Bang Box 12000 trekjes<\/span><\/a><span style=\"vertical-align: inherit\">\/ <\/span><a href=\"https:\/\/vapebulkp.com\/it\/product\/bang-tornado-12000-puffs-rechargeable-disposable-pod\/\"><span style=\"vertical-align: inherit\">Bang Tornado 12000 Puffen<\/span><\/a><span style=\"vertical-align: inherit\">\/ <\/span><a href=\"https:\/\/vapebulkp.com\/nl\/product\/wholesale-price-aroma-king-7000puffs-disposable-vape\/\"><span style=\"vertical-align: inherit\">Aroma King 7000 Puffen<\/span><\/a><\/p>\n<p><span style=\"vertical-align: inherit\">E-sigaret fles met speciale vorm:<\/span><a href=\"https:\/\/vapebulkp.com\/it\/product\/popular-kulx-10000puffs-disposable-vape-good-price\/\"><span style=\"vertical-align: inherit\">Kulx vape 10000 puffen<\/span><\/a><span style=\"vertical-align: inherit\">\/ <\/span><a href=\"https:\/\/vapebulkp.com\/it\/product\/randm-tornado-9000-puffs-disposable-vape-kit-18ml\/\"><span style=\"vertical-align: inherit\">Randm tornado 9000 puffen<\/span><\/a><span style=\"vertical-align: inherit\">\/<\/span><a href=\"https:\/\/vapebulkp.com\/it\/product\/randm-tornado-7000puffs-disposable-vape-pen-best-price\/\"><span style=\"vertical-align: inherit\">Randm tornado 7000 puffen <\/span><\/a><\/p>\n<h5>Productiekwalificatie:<\/h5>\n<p><img decoding=\"async\" class=\"alignnone size-full wp-image-1841\" src=\"http:\/\/vapebulkp.com\/wp-content\/uploads\/2023\/11\/Vape-production-process-2.jpeg\" alt=\"Productieproces van vapes\" width=\"650\" height=\"434\" srcset=\"https:\/\/vapebulkp.com\/wp-content\/uploads\/2023\/11\/Vape-production-process-2.jpeg 650w, https:\/\/vapebulkp.com\/wp-content\/uploads\/2023\/11\/Vape-production-process-2-300x200.jpeg 300w, https:\/\/vapebulkp.com\/wp-content\/uploads\/2023\/11\/Vape-production-process-2-600x401.jpeg 600w\" sizes=\"(max-width: 650px) 100vw, 650px\" \/><\/p>\n<p><img decoding=\"async\" class=\"alignnone wp-image-1843\" src=\"http:\/\/vapebulkp.com\/wp-content\/uploads\/2023\/11\/Vape-production-process.jpeg\" alt=\"Productieproces van vapes\" width=\"648\" height=\"1037\" srcset=\"https:\/\/vapebulkp.com\/wp-content\/uploads\/2023\/11\/Vape-production-process.jpeg 641w, https:\/\/vapebulkp.com\/wp-content\/uploads\/2023\/11\/Vape-production-process-187x300.jpeg 187w, https:\/\/vapebulkp.com\/wp-content\/uploads\/2023\/11\/Vape-production-process-640x1024.jpeg 640w, https:\/\/vapebulkp.com\/wp-content\/uploads\/2023\/11\/Vape-production-process-600x960.jpeg 600w\" sizes=\"(max-width: 648px) 100vw, 648px\" \/><\/p>\n<p>&nbsp;<\/p>\n<h5>Veelgestelde vragen:<\/h5>\n<p>V: Wat is de MOQ van UTCO Tornado 7000Puffs?<br \/>\nA: Minimale bestelling is 50 stuks.<br \/>\nV: Wat is de levertijd voor de bestelde vape?<br \/>\nA: Meestal 10-15 dagen na verzending.<br \/>\nV: Hoeveel bedragen de verzendkosten? A: De verzendkosten zijn afhankelijk van het gewicht. Verschillende hoeveelheden hebben verschillende verzendkosten, neem contact met ons op om de verzendkosten te bevestigen.<\/p>\n<h4>Verzenddetails:<\/h4>\n<p>Productietijd: 5-10 werkdagen<br \/>\nVerzendtijd: 8-14 werkdagen<\/p>\n<p>Alle producten in onze winkel zijn 100% origineel en authentiek, dus een tienvoudige vergoeding voor namaakgoederen is ons winkelbeleid. We gebruiken logistieke kanalen zoals UPS\/DHL\/FEDEX\/DPD om goederen bij u te bezorgen.<\/p>\n<p>Voor pakketten die naar Nederland worden verzonden, duurt het meestal 10 werkdagen om aan te komen. Verzending naar Europese landen duurt meestal 12 tot 15 werkdagen om aan te komen. We zullen de logistieke informatie in realtime voor u bijwerken.<\/p>\n<h3>Goede after-sales service:<\/h3>\n<p>Let op: Geen restituties of omruilingen voor niet-kwaliteitsgerelateerde problemen.<br \/>\n1. Klanten kunnen de gewenste smaak kiezen, maar als de smaak niet op voorraad is, kiest de productieafdeling een populaire smaak als vervanging. Klanten kunnen geen restitutie of omruiling aanvragen op basis van smaken.<\/p>\n<p>2. Bij kwaliteitsproblemen, gelieve specifieke video- en fotobeschrijvingen te verstrekken.<br \/>\nIndien u geen bewijs zoals video's en foto's kunt overleggen, kunnen de goederen niet worden vervangen.<\/p>","protected":false},"excerpt":{"rendered":"<p>UTCO 7K Vape Hot Sale<\/p>\n<p>UTCO 7K Top Sale Deze Week<\/p>\n<p>Nederlandse groothandel Goede wegwerp vape UTCO 7000 Puffs<\/p>\n<p><img decoding=\"async\" class=\"alignnone wp-image-2151\" src=\"http:\/\/vapebulkp.com\/wp-content\/uploads\/2024\/04\/Mandy-WhatsApp-Randm.jpg\" alt=\"Mandy WhatsApp Randm\" width=\"328\" height=\"348\" srcset=\"https:\/\/vapebulkp.com\/wp-content\/uploads\/2024\/04\/Mandy-WhatsApp-Randm.jpg 916w, https:\/\/vapebulkp.com\/wp-content\/uploads\/2024\/04\/Mandy-WhatsApp-Randm-282x300.jpg 282w, https:\/\/vapebulkp.com\/wp-content\/uploads\/2024\/04\/Mandy-WhatsApp-Randm-768x817.jpg 768w, https:\/\/vapebulkp.com\/wp-content\/uploads\/2024\/04\/Mandy-WhatsApp-Randm-600x638.jpg 600w\" sizes=\"(max-width: 328px) 100vw, 328px\" \/><\/p>\n<p>Neem contact op met Mandy's WhatsApp voor de kortingsprijs<a href=\"https:\/\/wa.me\/8618077105796\">+8618077105796<\/a><\/p>\n<p><span style=\"color: #ff0000\">OPMERKING: Prijzen op onze website zijn exclusief verzendkosten<\/span><\/p>","protected":false},"featured_media":2178,"comment_status":"open","ping_status":"closed","template":"","meta":{"_uag_custom_page_level_css":"","_lmt_disableupdate":"no","_lmt_disable":"","site-sidebar-layout":"default","site-content-layout":"content-boxed-container","ast-site-content-layout":"normal-width-container","site-content-style":"boxed","site-sidebar-style":"unboxed","ast-global-header-display":"","ast-banner-title-visibility":"","ast-main-header-display":"","ast-hfb-above-header-display":"","ast-hfb-below-header-display":"","ast-hfb-mobile-header-display":"","site-post-title":"","ast-breadcrumbs-content":"","ast-featured-img":"","footer-sml-layout":"","theme-transparent-header-meta":"default","adv-header-id-meta":"","stick-header-meta":"","header-above-stick-meta":"","header-main-stick-meta":"","header-below-stick-meta":"","astra-migrate-meta-layouts":"set","_joinchat":[]},"product_cat":[153,155,33,87,34,157,154,152,58,84,156,63,32],"product_tag":[39,36,37,41,97,71,40],"class_list":["post-2198","product","type-product","status-publish","has-post-thumbnail","hentry","product_cat-hot-disposable-vapes","product_cat-belgium-hot-disposable-vapes","product_cat-france-vape-hot-sale","product_cat-minimum-order-quantity-50pcs","product_cat-netherlands-vape-good-sale","product_cat-poland-hot-disposable-vapes","product_cat-portugal-hot-disposable-vapes","product_cat-spain-hot-disposable-vapes","product_cat-sweden-hot-disposable-vape","product_cat-sweden-wholesale-vape","product_cat-switzerland-hot-disposable-vapes","product_cat-top-sale-disposable-vape","product_cat-vape-hot-sale-this-week","product_tag-7000-puffs","product_tag-good-vape","product_tag-hot-sale-disposable-vape","product_tag-poland-hot-vape","product_tag-r-and-m-tornado-7k","product_tag-randm","product_tag-sweden-hot-vape","desktop-align-left","tablet-align-left","mobile-align-left"],"yoast_head":"<!-- This site is optimized with the Yoast SEO plugin v21.1 - https:\/\/yoast.com\/wordpress\/plugins\/seo\/ -->\n<title>Wholesale Price UTCO 7000 Puffs Best Tornado Vape - vapebulkp.com<\/title>\n<meta name=\"description\" content=\"UTCO 7000 Puffs Good Vape, the top-selling disposable e-cigarette with a rechargeable twist. This innovative device delivers an impressive 7,000 puffs, ensuring lasting enjoyment with every inhale.\" \/>\n<meta name=\"robots\" content=\"index, follow, max-snippet:-1, max-image-preview:large, max-video-preview:-1\" \/>\n<link rel=\"canonical\" href=\"https:\/\/vapebulkp.com\/nl\/product\/wholesale-price-utco-7000-puffs-best-tornado-vape\/\" \/>\n<meta property=\"og:locale\" content=\"nl_NL\" \/>\n<meta property=\"og:type\" content=\"article\" \/>\n<meta property=\"og:title\" content=\"Wholesale Price UTCO 7000 Puffs Best Tornado Vape - vapebulkp.com\" \/>\n<meta property=\"og:description\" content=\"UTCO 7000 Puffs Good Vape, the top-selling disposable e-cigarette with a rechargeable twist. This innovative device delivers an impressive 7,000 puffs, ensuring lasting enjoyment with every inhale.\" \/>\n<meta property=\"og:url\" content=\"https:\/\/vapebulkp.com\/nl\/product\/wholesale-price-utco-7000-puffs-best-tornado-vape\/\" \/>\n<meta property=\"og:site_name\" content=\"vapebulkp.com\" \/>\n<meta property=\"article:modified_time\" content=\"2025-09-01T09:15:25+00:00\" \/>\n<meta property=\"og:image\" content=\"http:\/\/vapebulkp.com\/wp-content\/uploads\/2024\/04\/UTCO-7K-PUFFS-Best-Sale-Netherlands.jpg\" \/>\n\t<meta property=\"og:image:width\" content=\"1733\" \/>\n\t<meta property=\"og:image:height\" content=\"1584\" \/>\n\t<meta property=\"og:image:type\" content=\"image\/jpeg\" \/>\n<meta name=\"twitter:card\" content=\"summary_large_image\" \/>\n<meta name=\"twitter:label1\" content=\"Verwachte leestijd\" \/>\n\t<meta name=\"twitter:data1\" content=\"5 minuten\" \/>\n<script type=\"application\/ld+json\" class=\"yoast-schema-graph\">{\"@context\":\"https:\/\/schema.org\",\"@graph\":[{\"@type\":\"WebPage\",\"@id\":\"https:\/\/vapebulkp.com\/product\/wholesale-price-utco-7000-puffs-best-tornado-vape\/\",\"url\":\"https:\/\/vapebulkp.com\/product\/wholesale-price-utco-7000-puffs-best-tornado-vape\/\",\"name\":\"Wholesale Price UTCO 7000 Puffs Best Tornado Vape - vapebulkp.com\",\"isPartOf\":{\"@id\":\"https:\/\/vapebulkp.com\/#website\"},\"datePublished\":\"2024-04-18T03:41:21+00:00\",\"dateModified\":\"2025-09-01T09:15:25+00:00\",\"description\":\"UTCO 7000 Puffs Good Vape, the top-selling disposable e-cigarette with a rechargeable twist. This innovative device delivers an impressive 7,000 puffs, ensuring lasting enjoyment with every inhale.\",\"breadcrumb\":{\"@id\":\"https:\/\/vapebulkp.com\/product\/wholesale-price-utco-7000-puffs-best-tornado-vape\/#breadcrumb\"},\"inLanguage\":\"nl-NL\",\"potentialAction\":[{\"@type\":\"ReadAction\",\"target\":[\"https:\/\/vapebulkp.com\/product\/wholesale-price-utco-7000-puffs-best-tornado-vape\/\"]}]},{\"@type\":\"BreadcrumbList\",\"@id\":\"https:\/\/vapebulkp.com\/product\/wholesale-price-utco-7000-puffs-best-tornado-vape\/#breadcrumb\",\"itemListElement\":[{\"@type\":\"ListItem\",\"position\":1,\"name\":\"Home\",\"item\":\"https:\/\/vapebulkp.com\/\"},{\"@type\":\"ListItem\",\"position\":2,\"name\":\"Hot Trend Vapes\",\"item\":\"https:\/\/vapebulkp.com\/vape-shop\/\"},{\"@type\":\"ListItem\",\"position\":3,\"name\":\"Wholesale Price UTCO 7000 Puffs Best Tornado Vape\"}]},{\"@type\":\"WebSite\",\"@id\":\"https:\/\/vapebulkp.com\/#website\",\"url\":\"https:\/\/vapebulkp.com\/\",\"name\":\"vapebulkp.com\",\"description\":\"Buy Vape In Cheap Bulk Price Near you\",\"publisher\":{\"@id\":\"https:\/\/vapebulkp.com\/#organization\"},\"potentialAction\":[{\"@type\":\"SearchAction\",\"target\":{\"@type\":\"EntryPoint\",\"urlTemplate\":\"https:\/\/vapebulkp.com\/?s={search_term_string}\"},\"query-input\":\"required name=search_term_string\"}],\"inLanguage\":\"nl-NL\"},{\"@type\":\"Organization\",\"@id\":\"https:\/\/vapebulkp.com\/#organization\",\"name\":\"vapebulkp.com\",\"url\":\"https:\/\/vapebulkp.com\/\",\"logo\":{\"@type\":\"ImageObject\",\"inLanguage\":\"nl-NL\",\"@id\":\"https:\/\/vapebulkp.com\/#\/schema\/logo\/image\/\",\"url\":\"https:\/\/vapebulkp.com\/wp-content\/uploads\/2023\/09\/cropped-vapebulkp.png\",\"contentUrl\":\"https:\/\/vapebulkp.com\/wp-content\/uploads\/2023\/09\/cropped-vapebulkp.png\",\"width\":516,\"height\":163,\"caption\":\"vapebulkp.com\"},\"image\":{\"@id\":\"https:\/\/vapebulkp.com\/#\/schema\/logo\/image\/\"}}]}<\/script>\n<!-- \/ Yoast SEO plugin. -->","yoast_head_json":{"title":"Wholesale Price UTCO 7000 Puffs Best Tornado Vape - vapebulkp.com","description":"UTCO 7000 Puffs Good Vape, the top-selling disposable e-cigarette with a rechargeable twist. This innovative device delivers an impressive 7,000 puffs, ensuring lasting enjoyment with every inhale.","robots":{"index":"index","follow":"follow","max-snippet":"max-snippet:-1","max-image-preview":"max-image-preview:large","max-video-preview":"max-video-preview:-1"},"canonical":"https:\/\/vapebulkp.com\/nl\/product\/wholesale-price-utco-7000-puffs-best-tornado-vape\/","og_locale":"nl_NL","og_type":"article","og_title":"Wholesale Price UTCO 7000 Puffs Best Tornado Vape - vapebulkp.com","og_description":"UTCO 7000 Puffs Good Vape, the top-selling disposable e-cigarette with a rechargeable twist. This innovative device delivers an impressive 7,000 puffs, ensuring lasting enjoyment with every inhale.","og_url":"https:\/\/vapebulkp.com\/nl\/product\/wholesale-price-utco-7000-puffs-best-tornado-vape\/","og_site_name":"vapebulkp.com","article_modified_time":"2025-09-01T09:15:25+00:00","og_image":[{"width":1733,"height":1584,"url":"http:\/\/vapebulkp.com\/wp-content\/uploads\/2024\/04\/UTCO-7K-PUFFS-Best-Sale-Netherlands.jpg","type":"image\/jpeg"}],"twitter_card":"summary_large_image","twitter_misc":{"Verwachte leestijd":"5 minuten"},"schema":{"@context":"https:\/\/schema.org","@graph":[{"@type":"WebPage","@id":"https:\/\/vapebulkp.com\/product\/wholesale-price-utco-7000-puffs-best-tornado-vape\/","url":"https:\/\/vapebulkp.com\/product\/wholesale-price-utco-7000-puffs-best-tornado-vape\/","name":"Wholesale Price UTCO 7000 Puffs Best Tornado Vape - vapebulkp.com","isPartOf":{"@id":"https:\/\/vapebulkp.com\/#website"},"datePublished":"2024-04-18T03:41:21+00:00","dateModified":"2025-09-01T09:15:25+00:00","description":"UTCO 7000 Puffs Good Vape, the top-selling disposable e-cigarette with a rechargeable twist. This innovative device delivers an impressive 7,000 puffs, ensuring lasting enjoyment with every inhale.","breadcrumb":{"@id":"https:\/\/vapebulkp.com\/product\/wholesale-price-utco-7000-puffs-best-tornado-vape\/#breadcrumb"},"inLanguage":"nl-NL","potentialAction":[{"@type":"ReadAction","target":["https:\/\/vapebulkp.com\/product\/wholesale-price-utco-7000-puffs-best-tornado-vape\/"]}]},{"@type":"BreadcrumbList","@id":"https:\/\/vapebulkp.com\/product\/wholesale-price-utco-7000-puffs-best-tornado-vape\/#breadcrumb","itemListElement":[{"@type":"ListItem","position":1,"name":"Home","item":"https:\/\/vapebulkp.com\/"},{"@type":"ListItem","position":2,"name":"Hot Trend Vapes","item":"https:\/\/vapebulkp.com\/vape-shop\/"},{"@type":"ListItem","position":3,"name":"Wholesale Price UTCO 7000 Puffs Best Tornado Vape"}]},{"@type":"WebSite","@id":"https:\/\/vapebulkp.com\/#website","url":"https:\/\/vapebulkp.com\/","name":"vapebulkp.com","description":"Buy Vape In Cheap Bulk Price Near you","publisher":{"@id":"https:\/\/vapebulkp.com\/#organization"},"potentialAction":[{"@type":"SearchAction","target":{"@type":"EntryPoint","urlTemplate":"https:\/\/vapebulkp.com\/?s={search_term_string}"},"query-input":"required name=search_term_string"}],"inLanguage":"nl-NL"},{"@type":"Organization","@id":"https:\/\/vapebulkp.com\/#organization","name":"vapebulkp.com","url":"https:\/\/vapebulkp.com\/","logo":{"@type":"ImageObject","inLanguage":"nl-NL","@id":"https:\/\/vapebulkp.com\/#\/schema\/logo\/image\/","url":"https:\/\/vapebulkp.com\/wp-content\/uploads\/2023\/09\/cropped-vapebulkp.png","contentUrl":"https:\/\/vapebulkp.com\/wp-content\/uploads\/2023\/09\/cropped-vapebulkp.png","width":516,"height":163,"caption":"vapebulkp.com"},"image":{"@id":"https:\/\/vapebulkp.com\/#\/schema\/logo\/image\/"}}]}},"uagb_featured_image_src":{"full":["https:\/\/vapebulkp.com\/wp-content\/uploads\/2024\/04\/UTCO-7K-PUFFS-Best-Sale-Netherlands.jpg",1733,1584,false],"thumbnail":["https:\/\/vapebulkp.com\/wp-content\/uploads\/2024\/04\/UTCO-7K-PUFFS-Best-Sale-Netherlands-150x150.jpg",150,150,true],"medium":["https:\/\/vapebulkp.com\/wp-content\/uploads\/2024\/04\/UTCO-7K-PUFFS-Best-Sale-Netherlands-300x274.jpg",300,274,true],"medium_large":["https:\/\/vapebulkp.com\/wp-content\/uploads\/2024\/04\/UTCO-7K-PUFFS-Best-Sale-Netherlands-768x702.jpg",768,702,true],"large":["https:\/\/vapebulkp.com\/wp-content\/uploads\/2024\/04\/UTCO-7K-PUFFS-Best-Sale-Netherlands-1024x936.jpg",1024,936,true],"1536x1536":["https:\/\/vapebulkp.com\/wp-content\/uploads\/2024\/04\/UTCO-7K-PUFFS-Best-Sale-Netherlands-1536x1404.jpg",1536,1404,true],"2048x2048":["https:\/\/vapebulkp.com\/wp-content\/uploads\/2024\/04\/UTCO-7K-PUFFS-Best-Sale-Netherlands.jpg",1733,1584,false],"trp-custom-language-flag":["https:\/\/vapebulkp.com\/wp-content\/uploads\/2024\/04\/UTCO-7K-PUFFS-Best-Sale-Netherlands.jpg",13,12,false],"woocommerce_thumbnail":["https:\/\/vapebulkp.com\/wp-content\/uploads\/2024\/04\/UTCO-7K-PUFFS-Best-Sale-Netherlands-300x300.jpg",300,300,true],"woocommerce_single":["https:\/\/vapebulkp.com\/wp-content\/uploads\/2024\/04\/UTCO-7K-PUFFS-Best-Sale-Netherlands-600x548.jpg",600,548,true],"woocommerce_gallery_thumbnail":["https:\/\/vapebulkp.com\/wp-content\/uploads\/2024\/04\/UTCO-7K-PUFFS-Best-Sale-Netherlands-100x100.jpg",100,100,true],"wcpr-photo-reviews":["https:\/\/vapebulkp.com\/wp-content\/uploads\/2024\/04\/UTCO-7K-PUFFS-Best-Sale-Netherlands.jpg",500,457,false]},"uagb_author_info":{"display_name":"Mandy vape bulk price","author_link":"https:\/\/vapebulkp.com\/nl\/author\/"},"uagb_comment_info":0,"uagb_excerpt":"UTCO 7K\u00a0 Vape Hot Sale UTCO 7K Top Sale This Week Netherland\u00a0 wholesale Good\u00a0 disposable vape UTCO 7000 Puffs Pls Contact Mandy's WhatsApp For Discount Price+8618077105796 NOTE: Prices on our website does not include shipping costs","_links":{"self":[{"href":"https:\/\/vapebulkp.com\/nl\/wp-json\/wp\/v2\/product\/2198","targetHints":{"allow":["GET"]}}],"collection":[{"href":"https:\/\/vapebulkp.com\/nl\/wp-json\/wp\/v2\/product"}],"about":[{"href":"https:\/\/vapebulkp.com\/nl\/wp-json\/wp\/v2\/types\/product"}],"replies":[{"embeddable":true,"href":"https:\/\/vapebulkp.com\/nl\/wp-json\/wp\/v2\/comments?post=2198"}],"wp:featuredmedia":[{"embeddable":true,"href":"https:\/\/vapebulkp.com\/nl\/wp-json\/wp\/v2\/media\/2178"}],"wp:attachment":[{"href":"https:\/\/vapebulkp.com\/nl\/wp-json\/wp\/v2\/media?parent=2198"}],"wp:term":[{"taxonomy":"product_cat","embeddable":true,"href":"https:\/\/vapebulkp.com\/nl\/wp-json\/wp\/v2\/product_cat?post=2198"},{"taxonomy":"product_tag","embeddable":true,"href":"https:\/\/vapebulkp.com\/nl\/wp-json\/wp\/v2\/product_tag?post=2198"}],"curies":[{"name":"wp","href":"https:\/\/api.w.org\/{rel}","templated":true}]}}