{"id":2674,"date":"2024-07-19T11:10:53","date_gmt":"2024-07-19T09:10:53","guid":{"rendered":"https:\/\/vapebulkp.com\/?post_type=product&#038;p=2674"},"modified":"2025-09-24T05:26:30","modified_gmt":"2025-09-24T03:26:30","slug":"bang-beach-22k-puffs-new-electronic-cigarette","status":"publish","type":"product","link":"https:\/\/vapebulkp.com\/nl\/product\/bang-beach-22k-puffs-new-electronic-cigarette\/","title":{"rendered":"Bang Beach 22k Puffs Nieuwe Elektronische Sigaret"},"content":{"rendered":"<h2 style=\"text-align: left\">Bang Beach 22k Puffs Nieuwe Elektronische Sigaret<\/h2>\n<p>&nbsp;<\/p>\n<p data-start=\"154\" data-end=\"492\">De <strong data-start=\"158\" data-end=\"198\">Bang Beach 22k Puffs Wegwerp Vape<\/strong> is een premium <strong data-start=\"212\" data-end=\"243\">22000 Puffs Wegwerp Vape<\/strong> gebouwd voor Europese vaping-liefhebbers die smaak, prestaties en gemak eisen. De grote 36 ml voorgevulde e-liquid tank zorgt voor langdurig gebruik, terwijl nicotine zout opties van 0%, 2%, 3% en 5% je in staat stellen om je hit aan te passen aan je voorkeur.<\/p>\n<p data-start=\"494\" data-end=\"857\">Ontworpen met een 1.0\u03a9 <strong data-start=\"517\" data-end=\"535\">mesh coil vape<\/strong>, levert dit apparaat rijke, dichte damp en intense smaak. Het <strong data-start=\"600\" data-end=\"627\">vape met instelbare luchtstroom<\/strong> systeem stelt je in staat om elke trek aan te passen, waardoor de vaping-ervaring wordt verbeterd. Aangedreven door een 850mAh batterij en een Type-C oplaadpoort, zorgt deze <strong data-start=\"765\" data-end=\"797\">oplaadbare wegwerp vape<\/strong> ervoor dat je langer kunt vapen met snelle, probleemloze herladingen.<\/p>\n<p data-start=\"859\" data-end=\"1118\">Een strak LED-display toont de batterijduur en het aantal puffs in real-time, waardoor je volledige controle hebt in \u00e9\u00e9n oogopslag. Met 12 unieke smaken, vari\u00ebrend van fruitig tot menthol en op dessert ge\u00efnspireerde profielen, voldoet deze <strong data-start=\"1050\" data-end=\"1083\">wegwerp vapes met hoge capaciteit<\/strong>\u00a0aan alle smaakvoorkeuren.<\/p>\n<p data-start=\"1120\" data-end=\"1316\">Perfect voor EU-detailhandelaren en bulkinkopers, de <strong data-start=\"1166\" data-end=\"1206\">Bang Beach 22k Puffs Wegwerp Vape<\/strong> is een betrouwbare, stijlvolle en snel verkopende <a href=\"https:\/\/vapebulkp.com\/nl\/puffs-stock-europe-warehouse\/\"><strong data-start=\"1248\" data-end=\"1269\">EU groothandel vape<\/strong><\/a> optie, klaar om te voldoen aan de groeiende marktvraag.<\/p>\n<p><img decoding=\"async\" class=\"wp-image-2673 alignleft\" src=\"http:\/\/vapebulkp.com\/wp-content\/uploads\/2024\/07\/BANG-BEACH-Vape-22000Puffs.jpg\" alt=\"BANG BEACH Vape 22000 Puffs\" width=\"478\" height=\"849\" srcset=\"https:\/\/vapebulkp.com\/wp-content\/uploads\/2024\/07\/BANG-BEACH-Vape-22000Puffs.jpg 1080w, https:\/\/vapebulkp.com\/wp-content\/uploads\/2024\/07\/BANG-BEACH-Vape-22000Puffs-169x300.jpg 169w, https:\/\/vapebulkp.com\/wp-content\/uploads\/2024\/07\/BANG-BEACH-Vape-22000Puffs-576x1024.jpg 576w, https:\/\/vapebulkp.com\/wp-content\/uploads\/2024\/07\/BANG-BEACH-Vape-22000Puffs-768x1365.jpg 768w, https:\/\/vapebulkp.com\/wp-content\/uploads\/2024\/07\/BANG-BEACH-Vape-22000Puffs-864x1536.jpg 864w, https:\/\/vapebulkp.com\/wp-content\/uploads\/2024\/07\/BANG-BEACH-Vape-22000Puffs-600x1067.jpg 600w\" sizes=\"(max-width: 478px) 100vw, 478px\" \/><\/p>\n<h6>Neem contact op met Mandy's WhatsApp voor de kortingsprijs<a href=\"https:\/\/wa.me\/8618077105796\">+8618077105796<\/a><\/h6>\n<p><img decoding=\"async\" class=\"alignnone wp-image-2151\" src=\"http:\/\/vapebulkp.com\/wp-content\/uploads\/2024\/04\/Mandy-WhatsApp-Randm.jpg\" alt=\"Mandy WhatsApp Randm\" width=\"324\" height=\"330\" \/><\/p>\n<h2>Misschien vind je het leuk om iets te weten over Bang Beach 22000Puffs Vape:<\/h2>\n<h5>1.Hoe de Bang Beach 22k Puffs Vape Pen te gebruiken?<\/h5>\n<p>Stap 1. Voordat je 22k puffs gebruikt, de plastic pijp loskoppelen.<\/p>\n<p>Stap 2. Wacht ongeveer 3 minuten om de vloeistof in de spoel te laten komen.<\/p>\n<p>Stap 3. Geniet ervan<\/p>\n<h5>2.Hoe de wegwerp vape Bang King Vape 22k Puffs op te laden?<\/h5>\n<p>Snelladers kunnen niet worden gebruikt, en het standaard veilige vermogen van wegwerp-e-sigaretten is 5V 1A.<\/p>\n<p>Elke oplaadtijd mag niet langer zijn dan 1 uur, en de veilige oplaadtijd is een half uur.<\/p>\n<p><span style=\"color: #ff6600\">Let op: de hele nacht opladen is niet toegestaan!<\/span><\/p>\n<h5>3.Wat is de e-liquid capaciteit van Bang Beach 22000 Puffs Top Sale Bang Vape?<\/h5>\n<p>\u2014\u201436ml<\/p>\n<h5>4.Hoeveel puffs kan ik nemen van deze Bang Beach 22k Puffs?<\/h5>\n<p>\u2013\u201322000 Puffs<\/p>\n<h3>Bang Beach 20k Trekjes Wegwerp Vape Pod Kenmerken:<\/h3>\n<ul>\n<li><strong>Puffs:<\/strong> Kan tot 22000 puffs leveren<\/li>\n<li><strong>E-Liquid:<\/strong> Wordt geleverd met een voorgevulde e-liquid cartridge van 36 ml<\/li>\n<li><strong>Nicotinegehalte:<\/strong> Verkrijgbaar in nicotinegehaltes van 0%, 2%, 3% en 5%<\/li>\n<li><strong>Type:<\/strong> Wegwerpontwerp voor gemak<\/li>\n<li><strong>Batterij:<\/strong> Aangedreven door een 850mAh-batterij<\/li>\n<li><strong>Spoel<\/strong> Beschikt over een 1.0 ohm Mesh Coil met instelbare luchtstroominstellingen<\/li>\n<li><strong>Opladen:<\/strong> Uitgerust met een Type-C-poort voor snel opladen<\/li>\n<li><strong>Smaken:<\/strong> Aangeboden in 12 verschillende en bevredigende smaken<\/li>\n<\/ul>\n<h3><strong>Beste Vape Disposable Bang Beach 22000 Puffs Smaken:<\/strong><\/h3>\n<ol>\n<li>Perzik IJs<\/li>\n<li>Perzik Mango<\/li>\n<li>Gemengde Bessen<\/li>\n<li>Roze Limonade<\/li>\n<li>Aardbei Watermeloen<\/li>\n<li>Watermeloen ijs<\/li>\n<li>Druif IJs<\/li>\n<li>Vimto<\/li>\n<li>Aardbei IJs<\/li>\n<li>Kers<\/li>\n<li>Blauwe Framboos<\/li>\n<li>Zure Appel<\/li>\n<\/ol>\n<p><a href=\"https:\/\/vapebulkp.com\/nl\/product\/popular-randm-tornado-7000puffs-disposable-vape-best-price\/\"><span style=\"vertical-align: inherit\">RandM Tornado 7000 Puffen <\/span><\/a><\/p>\n<p><span style=\"vertical-align: inherit\">Vind meer producten die u misschien leuk vindt:<\/span><em><a href=\"https:\/\/wa.me\/8618077105796\"><span style=\"vertical-align: inherit\">\u00a0Koop het nu<\/span><\/a><\/em><\/p>\n<p><span style=\"vertical-align: inherit\">Andere trekjes die u misschien leuk vindt:<\/span><a href=\"https:\/\/vapebulkp.com\/nl\/product\/bang-with-a-vape-gear-20000-puffs-discount-price\/\"><span style=\"vertical-align: inherit\">Bang Gear Vape 20000 Puffs<\/span><\/a><span style=\"vertical-align: inherit\">\u3001<\/span><a href=\"https:\/\/vapebulkp.com\/nl\/product\/wholesale-randm-tornado-9000-puffs-germany\/\"><span style=\"vertical-align: inherit\">RandM 9000 Trekjes<\/span><\/a><span style=\"vertical-align: inherit\">\/ <\/span><a href=\"https:\/\/vapebulkp.com\/nl\/product\/bang-30k-puffs-new-double-taste-good-vape\/\"><span style=\"vertical-align: inherit\">Bang 30k Puffs<\/span><\/a><span style=\"vertical-align: inherit\">\/ <\/span><a href=\"https:\/\/vapebulkp.com\/nl\/fi\/product\/uzy-bang-digital-12000puffs-led-display-e-cigarettes\/\"><span style=\"vertical-align: inherit\">UZY Bang Digital 15000 Puffs<\/span><\/a><\/p>\n<p><span style=\"vertical-align: inherit\">E-sigaret fles met speciale vorm:<\/span><a href=\"https:\/\/vapebulkp.com\/nl\/product\/original-vape-bang-tn-12000-puffs-bang-vape\/\"><span style=\"vertical-align: inherit\"> Bang TN 12000 Puffs<\/span><\/a><span style=\"vertical-align: inherit\">\/ <\/span><a href=\"https:\/\/vapebulkp.com\/nl\/fi\/product\/best-price-wga-crystal-pro-max-15k-puffs-original-vape\/\"><span style=\"vertical-align: inherit\">\u00a0WGA Crystal pro max 15k Puffs <\/span><\/a><span style=\"vertical-align: inherit\">\/<\/span><a href=\"https:\/\/vapebulkp.com\/nl\/product\/original-vape-bang-rocket-18000-puffs-good-sale\/\"><span style=\"vertical-align: inherit\"> Bang Rocket 18000 Puffs<\/span><\/a><\/p>\n<h5>Productiekwalificatie:<\/h5>\n<p><img decoding=\"async\" class=\"alignnone size-full wp-image-1841\" src=\"http:\/\/vapebulkp.com\/wp-content\/uploads\/2023\/11\/Vape-production-process-2.jpeg\" alt=\"Productieproces van vapes\" width=\"650\" height=\"434\" srcset=\"https:\/\/vapebulkp.com\/wp-content\/uploads\/2023\/11\/Vape-production-process-2.jpeg 650w, https:\/\/vapebulkp.com\/wp-content\/uploads\/2023\/11\/Vape-production-process-2-300x200.jpeg 300w, https:\/\/vapebulkp.com\/wp-content\/uploads\/2023\/11\/Vape-production-process-2-600x401.jpeg 600w\" sizes=\"(max-width: 650px) 100vw, 650px\" \/><\/p>\n<p><img decoding=\"async\" class=\"alignnone size-full wp-image-1843\" src=\"http:\/\/vapebulkp.com\/wp-content\/uploads\/2023\/11\/Vape-production-process.jpeg\" alt=\"Productieproces van vapes\" width=\"641\" height=\"1026\" srcset=\"https:\/\/vapebulkp.com\/wp-content\/uploads\/2023\/11\/Vape-production-process.jpeg 641w, https:\/\/vapebulkp.com\/wp-content\/uploads\/2023\/11\/Vape-production-process-187x300.jpeg 187w, https:\/\/vapebulkp.com\/wp-content\/uploads\/2023\/11\/Vape-production-process-640x1024.jpeg 640w, https:\/\/vapebulkp.com\/wp-content\/uploads\/2023\/11\/Vape-production-process-600x960.jpeg 600w\" sizes=\"(max-width: 641px) 100vw, 641px\" \/><\/p>\n<h4>Veelgestelde vragen:<\/h4>\n<p>V: Wat is de MOQ van Best Sale Bang Beach 22000 Puffs?<br \/>\nA: Minimale bestelling is 50 stuks.<br \/>\nV: Wat is de levertijd voor de bestelde vape?<br \/>\nA: Meestal 10-15 dagen na verzending.<br \/>\nV: Hoeveel bedragen de verzendkosten? A: De verzendkosten zijn afhankelijk van het gewicht. Verschillende hoeveelheden hebben verschillende verzendkosten, neem contact met ons op om de verzendkosten te bevestigen.<\/p>\n<h4>Verzenddetails:<\/h4>\n<p><span style=\"color: #ff6600\">Productietijd: 5-10 werkdagen<\/span><br \/>\n<span style=\"color: #ff6600\">Verzendtijd: 8-14 werkdagen<\/span><\/p>\n<p>Alle producten in onze winkel zijn 100% origineel en authentiek, dus een tienvoudige vergoeding voor namaakgoederen is ons winkelbeleid. We gebruiken logistieke kanalen zoals UPS\/DHL\/FEDEX\/DPD om goederen bij u te bezorgen.<\/p>\n<p>Voor pakketten die naar Nederland worden verzonden, duurt het meestal 10 werkdagen om aan te komen. Verzending naar Europese landen duurt meestal 12 tot 15 werkdagen om aan te komen. We zullen de logistieke informatie in realtime voor u bijwerken.<\/p>","protected":false},"excerpt":{"rendered":"<p>Nieuw Model Vape Bang Beach 20k Bang Vape<\/p>\n<p>Neem contact op met Mandy's WhatsApp voor de kortingsprijs<a href=\"https:\/\/wa.me\/8618077105796\">+8618077105796<\/a><\/p>\n<p><img decoding=\"async\" class=\"alignnone wp-image-2151\" src=\"http:\/\/vapebulkp.com\/wp-content\/uploads\/2024\/04\/Mandy-WhatsApp-Randm.jpg\" alt=\"Mandy WhatsApp Randm\" width=\"297\" height=\"316\" srcset=\"https:\/\/vapebulkp.com\/wp-content\/uploads\/2024\/04\/Mandy-WhatsApp-Randm.jpg 916w, https:\/\/vapebulkp.com\/wp-content\/uploads\/2024\/04\/Mandy-WhatsApp-Randm-282x300.jpg 282w, https:\/\/vapebulkp.com\/wp-content\/uploads\/2024\/04\/Mandy-WhatsApp-Randm-768x817.jpg 768w, https:\/\/vapebulkp.com\/wp-content\/uploads\/2024\/04\/Mandy-WhatsApp-Randm-600x638.jpg 600w\" sizes=\"(max-width: 297px) 100vw, 297px\" \/><\/p>\n<p><span style=\"color: #ff0000\">OPMERKING: Prijzen op onze website zijn exclusief verzendkosten<\/span><\/p>\n<p>&nbsp;<\/p>","protected":false},"featured_media":2673,"comment_status":"open","ping_status":"closed","template":"","meta":{"_uag_custom_page_level_css":"","_lmt_disableupdate":"no","_lmt_disable":"","site-sidebar-layout":"default","site-content-layout":"content-boxed-container","ast-site-content-layout":"normal-width-container","site-content-style":"boxed","site-sidebar-style":"unboxed","ast-global-header-display":"","ast-banner-title-visibility":"","ast-main-header-display":"","ast-hfb-above-header-display":"","ast-hfb-below-header-display":"","ast-hfb-mobile-header-display":"","site-post-title":"","ast-breadcrumbs-content":"","ast-featured-img":"","footer-sml-layout":"","theme-transparent-header-meta":"default","adv-header-id-meta":"","stick-header-meta":"","header-above-stick-meta":"","header-main-stick-meta":"","header-below-stick-meta":"","astra-migrate-meta-layouts":"set","_joinchat":[]},"product_cat":[171,153,345,155,33,59,100,87,34,158,157,154,152,58,84,156],"product_tag":[141,145,36,37,41,40],"class_list":["post-2674","product","type-product","status-publish","has-post-thumbnail","hentry","product_cat-22000-puffs-disposable-vape","product_cat-hot-disposable-vapes","product_cat-bang-vapes","product_cat-belgium-hot-disposable-vapes","product_cat-france-vape-hot-sale","product_cat-germany-hot-disposable-vape","product_cat-germany-wholesale-vape-shop","product_cat-minimum-order-quantity-50pcs","product_cat-netherlands-vape-good-sale","product_cat-norway-hot-disposable-vapes","product_cat-poland-hot-disposable-vapes","product_cat-portugal-hot-disposable-vapes","product_cat-spain-hot-disposable-vapes","product_cat-sweden-hot-disposable-vape","product_cat-sweden-wholesale-vape","product_cat-switzerland-hot-disposable-vapes","product_tag-20000puffs","product_tag-22000puffs","product_tag-good-vape","product_tag-hot-sale-disposable-vape","product_tag-poland-hot-vape","product_tag-sweden-hot-vape","pa_brand-bang-king-vape","desktop-align-left","tablet-align-left","mobile-align-left"],"yoast_head":"<!-- This site is optimized with the Yoast SEO plugin v21.1 - https:\/\/yoast.com\/wordpress\/plugins\/seo\/ -->\n<title>Bang Beach 22k Puffs New Electronic Cigarette - vapebulkp.com<\/title>\n<meta name=\"description\" content=\"Bang Beach 22000 Puffs Disposable Vape delivers long-lasting flavor and smooth draws. High-capacity, convenient, and perfect for EU vapers \u2014 order yours now!\" \/>\n<meta name=\"robots\" content=\"index, follow, max-snippet:-1, max-image-preview:large, max-video-preview:-1\" \/>\n<link rel=\"canonical\" href=\"https:\/\/vapebulkp.com\/nl\/product\/bang-beach-22k-puffs-new-electronic-cigarette\/\" \/>\n<meta property=\"og:locale\" content=\"nl_NL\" \/>\n<meta property=\"og:type\" content=\"article\" \/>\n<meta property=\"og:title\" content=\"Bang Beach 22k Puffs New Electronic Cigarette - vapebulkp.com\" \/>\n<meta property=\"og:description\" content=\"Bang Beach 22000 Puffs Disposable Vape delivers long-lasting flavor and smooth draws. High-capacity, convenient, and perfect for EU vapers \u2014 order yours now!\" \/>\n<meta property=\"og:url\" content=\"https:\/\/vapebulkp.com\/nl\/product\/bang-beach-22k-puffs-new-electronic-cigarette\/\" \/>\n<meta property=\"og:site_name\" content=\"vapebulkp.com\" \/>\n<meta property=\"article:modified_time\" content=\"2025-09-24T03:26:30+00:00\" \/>\n<meta property=\"og:image\" content=\"http:\/\/vapebulkp.com\/wp-content\/uploads\/2024\/07\/BANG-BEACH-Vape-22000Puffs.jpg\" \/>\n\t<meta property=\"og:image:width\" content=\"1080\" \/>\n\t<meta property=\"og:image:height\" content=\"1920\" \/>\n\t<meta property=\"og:image:type\" content=\"image\/jpeg\" \/>\n<meta name=\"twitter:card\" content=\"summary_large_image\" \/>\n<meta name=\"twitter:label1\" content=\"Verwachte leestijd\" \/>\n\t<meta name=\"twitter:data1\" content=\"4 minuten\" \/>\n<script type=\"application\/ld+json\" class=\"yoast-schema-graph\">{\"@context\":\"https:\/\/schema.org\",\"@graph\":[{\"@type\":\"WebPage\",\"@id\":\"https:\/\/vapebulkp.com\/product\/bang-beach-22k-puffs-new-electronic-cigarette\/\",\"url\":\"https:\/\/vapebulkp.com\/product\/bang-beach-22k-puffs-new-electronic-cigarette\/\",\"name\":\"Bang Beach 22k Puffs New Electronic Cigarette - vapebulkp.com\",\"isPartOf\":{\"@id\":\"https:\/\/vapebulkp.com\/#website\"},\"datePublished\":\"2024-07-19T09:10:53+00:00\",\"dateModified\":\"2025-09-24T03:26:30+00:00\",\"description\":\"Bang Beach 22000 Puffs Disposable Vape delivers long-lasting flavor and smooth draws. High-capacity, convenient, and perfect for EU vapers \u2014 order yours now!\",\"breadcrumb\":{\"@id\":\"https:\/\/vapebulkp.com\/product\/bang-beach-22k-puffs-new-electronic-cigarette\/#breadcrumb\"},\"inLanguage\":\"nl-NL\",\"potentialAction\":[{\"@type\":\"ReadAction\",\"target\":[\"https:\/\/vapebulkp.com\/product\/bang-beach-22k-puffs-new-electronic-cigarette\/\"]}]},{\"@type\":\"BreadcrumbList\",\"@id\":\"https:\/\/vapebulkp.com\/product\/bang-beach-22k-puffs-new-electronic-cigarette\/#breadcrumb\",\"itemListElement\":[{\"@type\":\"ListItem\",\"position\":1,\"name\":\"Home\",\"item\":\"https:\/\/vapebulkp.com\/\"},{\"@type\":\"ListItem\",\"position\":2,\"name\":\"Hot Trend Vapes\",\"item\":\"https:\/\/vapebulkp.com\/vape-shop\/\"},{\"@type\":\"ListItem\",\"position\":3,\"name\":\"Bang Beach 22k Puffs New Electronic Cigarette\"}]},{\"@type\":\"WebSite\",\"@id\":\"https:\/\/vapebulkp.com\/#website\",\"url\":\"https:\/\/vapebulkp.com\/\",\"name\":\"vapebulkp.com\",\"description\":\"Buy Vape In Cheap Bulk Price Near you\",\"publisher\":{\"@id\":\"https:\/\/vapebulkp.com\/#organization\"},\"potentialAction\":[{\"@type\":\"SearchAction\",\"target\":{\"@type\":\"EntryPoint\",\"urlTemplate\":\"https:\/\/vapebulkp.com\/?s={search_term_string}\"},\"query-input\":\"required name=search_term_string\"}],\"inLanguage\":\"nl-NL\"},{\"@type\":\"Organization\",\"@id\":\"https:\/\/vapebulkp.com\/#organization\",\"name\":\"vapebulkp.com\",\"url\":\"https:\/\/vapebulkp.com\/\",\"logo\":{\"@type\":\"ImageObject\",\"inLanguage\":\"nl-NL\",\"@id\":\"https:\/\/vapebulkp.com\/#\/schema\/logo\/image\/\",\"url\":\"https:\/\/vapebulkp.com\/wp-content\/uploads\/2023\/09\/cropped-vapebulkp.png\",\"contentUrl\":\"https:\/\/vapebulkp.com\/wp-content\/uploads\/2023\/09\/cropped-vapebulkp.png\",\"width\":516,\"height\":163,\"caption\":\"vapebulkp.com\"},\"image\":{\"@id\":\"https:\/\/vapebulkp.com\/#\/schema\/logo\/image\/\"}}]}<\/script>\n<!-- \/ Yoast SEO plugin. -->","yoast_head_json":{"title":"Bang Beach 22k Puffs New Electronic Cigarette - vapebulkp.com","description":"Bang Beach 22000 Puffs Disposable Vape delivers long-lasting flavor and smooth draws. High-capacity, convenient, and perfect for EU vapers \u2014 order yours now!","robots":{"index":"index","follow":"follow","max-snippet":"max-snippet:-1","max-image-preview":"max-image-preview:large","max-video-preview":"max-video-preview:-1"},"canonical":"https:\/\/vapebulkp.com\/nl\/product\/bang-beach-22k-puffs-new-electronic-cigarette\/","og_locale":"nl_NL","og_type":"article","og_title":"Bang Beach 22k Puffs New Electronic Cigarette - vapebulkp.com","og_description":"Bang Beach 22000 Puffs Disposable Vape delivers long-lasting flavor and smooth draws. High-capacity, convenient, and perfect for EU vapers \u2014 order yours now!","og_url":"https:\/\/vapebulkp.com\/nl\/product\/bang-beach-22k-puffs-new-electronic-cigarette\/","og_site_name":"vapebulkp.com","article_modified_time":"2025-09-24T03:26:30+00:00","og_image":[{"width":1080,"height":1920,"url":"http:\/\/vapebulkp.com\/wp-content\/uploads\/2024\/07\/BANG-BEACH-Vape-22000Puffs.jpg","type":"image\/jpeg"}],"twitter_card":"summary_large_image","twitter_misc":{"Verwachte leestijd":"4 minuten"},"schema":{"@context":"https:\/\/schema.org","@graph":[{"@type":"WebPage","@id":"https:\/\/vapebulkp.com\/product\/bang-beach-22k-puffs-new-electronic-cigarette\/","url":"https:\/\/vapebulkp.com\/product\/bang-beach-22k-puffs-new-electronic-cigarette\/","name":"Bang Beach 22k Puffs New Electronic Cigarette - vapebulkp.com","isPartOf":{"@id":"https:\/\/vapebulkp.com\/#website"},"datePublished":"2024-07-19T09:10:53+00:00","dateModified":"2025-09-24T03:26:30+00:00","description":"Bang Beach 22000 Puffs Disposable Vape delivers long-lasting flavor and smooth draws. High-capacity, convenient, and perfect for EU vapers \u2014 order yours now!","breadcrumb":{"@id":"https:\/\/vapebulkp.com\/product\/bang-beach-22k-puffs-new-electronic-cigarette\/#breadcrumb"},"inLanguage":"nl-NL","potentialAction":[{"@type":"ReadAction","target":["https:\/\/vapebulkp.com\/product\/bang-beach-22k-puffs-new-electronic-cigarette\/"]}]},{"@type":"BreadcrumbList","@id":"https:\/\/vapebulkp.com\/product\/bang-beach-22k-puffs-new-electronic-cigarette\/#breadcrumb","itemListElement":[{"@type":"ListItem","position":1,"name":"Home","item":"https:\/\/vapebulkp.com\/"},{"@type":"ListItem","position":2,"name":"Hot Trend Vapes","item":"https:\/\/vapebulkp.com\/vape-shop\/"},{"@type":"ListItem","position":3,"name":"Bang Beach 22k Puffs New Electronic Cigarette"}]},{"@type":"WebSite","@id":"https:\/\/vapebulkp.com\/#website","url":"https:\/\/vapebulkp.com\/","name":"vapebulkp.com","description":"Buy Vape In Cheap Bulk Price Near you","publisher":{"@id":"https:\/\/vapebulkp.com\/#organization"},"potentialAction":[{"@type":"SearchAction","target":{"@type":"EntryPoint","urlTemplate":"https:\/\/vapebulkp.com\/?s={search_term_string}"},"query-input":"required name=search_term_string"}],"inLanguage":"nl-NL"},{"@type":"Organization","@id":"https:\/\/vapebulkp.com\/#organization","name":"vapebulkp.com","url":"https:\/\/vapebulkp.com\/","logo":{"@type":"ImageObject","inLanguage":"nl-NL","@id":"https:\/\/vapebulkp.com\/#\/schema\/logo\/image\/","url":"https:\/\/vapebulkp.com\/wp-content\/uploads\/2023\/09\/cropped-vapebulkp.png","contentUrl":"https:\/\/vapebulkp.com\/wp-content\/uploads\/2023\/09\/cropped-vapebulkp.png","width":516,"height":163,"caption":"vapebulkp.com"},"image":{"@id":"https:\/\/vapebulkp.com\/#\/schema\/logo\/image\/"}}]}},"uagb_featured_image_src":{"full":["https:\/\/vapebulkp.com\/wp-content\/uploads\/2024\/07\/BANG-BEACH-Vape-22000Puffs.jpg",1080,1920,false],"thumbnail":["https:\/\/vapebulkp.com\/wp-content\/uploads\/2024\/07\/BANG-BEACH-Vape-22000Puffs-150x150.jpg",150,150,true],"medium":["https:\/\/vapebulkp.com\/wp-content\/uploads\/2024\/07\/BANG-BEACH-Vape-22000Puffs-169x300.jpg",169,300,true],"medium_large":["https:\/\/vapebulkp.com\/wp-content\/uploads\/2024\/07\/BANG-BEACH-Vape-22000Puffs-768x1365.jpg",768,1365,true],"large":["https:\/\/vapebulkp.com\/wp-content\/uploads\/2024\/07\/BANG-BEACH-Vape-22000Puffs-576x1024.jpg",576,1024,true],"1536x1536":["https:\/\/vapebulkp.com\/wp-content\/uploads\/2024\/07\/BANG-BEACH-Vape-22000Puffs-864x1536.jpg",864,1536,true],"2048x2048":["https:\/\/vapebulkp.com\/wp-content\/uploads\/2024\/07\/BANG-BEACH-Vape-22000Puffs.jpg",1080,1920,false],"trp-custom-language-flag":["https:\/\/vapebulkp.com\/wp-content\/uploads\/2024\/07\/BANG-BEACH-Vape-22000Puffs.jpg",7,12,false],"woocommerce_thumbnail":["https:\/\/vapebulkp.com\/wp-content\/uploads\/2024\/07\/BANG-BEACH-Vape-22000Puffs-300x300.jpg",300,300,true],"woocommerce_single":["https:\/\/vapebulkp.com\/wp-content\/uploads\/2024\/07\/BANG-BEACH-Vape-22000Puffs-600x1067.jpg",600,1067,true],"woocommerce_gallery_thumbnail":["https:\/\/vapebulkp.com\/wp-content\/uploads\/2024\/07\/BANG-BEACH-Vape-22000Puffs-100x100.jpg",100,100,true],"wcpr-photo-reviews":["https:\/\/vapebulkp.com\/wp-content\/uploads\/2024\/07\/BANG-BEACH-Vape-22000Puffs.jpg",281,500,false]},"uagb_author_info":{"display_name":"Mandy vape bulk price","author_link":"https:\/\/vapebulkp.com\/nl\/author\/"},"uagb_comment_info":0,"uagb_excerpt":"New Model\u00a0 Vape Bang Beach\u00a0 20k\u00a0 Bang Vape Pls Contact Mandy's WhatsApp For Discount Price+8618077105796 NOTE: Prices on our website does not include shipping costs &nbsp;","_links":{"self":[{"href":"https:\/\/vapebulkp.com\/nl\/wp-json\/wp\/v2\/product\/2674","targetHints":{"allow":["GET"]}}],"collection":[{"href":"https:\/\/vapebulkp.com\/nl\/wp-json\/wp\/v2\/product"}],"about":[{"href":"https:\/\/vapebulkp.com\/nl\/wp-json\/wp\/v2\/types\/product"}],"replies":[{"embeddable":true,"href":"https:\/\/vapebulkp.com\/nl\/wp-json\/wp\/v2\/comments?post=2674"}],"wp:featuredmedia":[{"embeddable":true,"href":"https:\/\/vapebulkp.com\/nl\/wp-json\/wp\/v2\/media\/2673"}],"wp:attachment":[{"href":"https:\/\/vapebulkp.com\/nl\/wp-json\/wp\/v2\/media?parent=2674"}],"wp:term":[{"taxonomy":"product_cat","embeddable":true,"href":"https:\/\/vapebulkp.com\/nl\/wp-json\/wp\/v2\/product_cat?post=2674"},{"taxonomy":"product_tag","embeddable":true,"href":"https:\/\/vapebulkp.com\/nl\/wp-json\/wp\/v2\/product_tag?post=2674"}],"curies":[{"name":"wp","href":"https:\/\/api.w.org\/{rel}","templated":true}]}}