{"id":3006,"date":"2024-10-14T08:38:55","date_gmt":"2024-10-14T06:38:55","guid":{"rendered":"https:\/\/vapebulkp.com\/?post_type=product&#038;p=3006"},"modified":"2025-09-24T05:06:26","modified_gmt":"2025-09-24T03:06:26","slug":"bang-vape-36k-puffs-lcd-screen-fingerprint-recognition-disposable-vape","status":"publish","type":"product","link":"https:\/\/vapebulkp.com\/nl\/product\/bang-vape-36k-puffs-lcd-screen-fingerprint-recognition-disposable-vape\/","title":{"rendered":"Bang Vape 36k Puffs LCD-scherm Vingerafdrukherkenning Wegwerp Vape"},"content":{"rendered":"<h2 style=\"text-align: left\">Bang Vape 36k Puffs LCD-scherm Vingerafdrukherkenning Wegwerp Vape<\/h2>\n<p>&nbsp;<\/p>\n<div class=\"flex max-w-full flex-col flex-grow\">\n<div class=\"min-h-8 text-message flex w-full flex-col items-end gap-2 whitespace-normal break-words [.text-message+&amp;]:mt-5\" dir=\"auto\" data-message-author-role=\"assistant\" data-message-id=\"804b3ea8-e167-4bec-b4d0-906786e28244\" data-message-model-slug=\"gpt-4o-mini\">\n<div class=\"flex w-full flex-col gap-1 empty:hidden first:pt-[3px]\">\n<div class=\"markdown prose w-full break-words dark:prose-invert light\">\n<p>De Bang Vape 36k Puffs is een geavanceerd product <a href=\"https:\/\/vapebulkp.com\/nl\/product-category\/36000-puff-disposable-vape\/\">36000 Puffs Wegwerp Vape<\/a> ontworpen voor Nederlandse vapers die hoge prestaties en gemak eisen. Uitgerust met een voorgevulde nicotinezout e-liquid cartridge van 36 ml, levert het een zachte, volle damp voor langdurige sessies. Met nicotineopties van 2% of 5% zorgt dit apparaat elke keer voor een bevredigende hit.<\/p>\n<p>Deze premium oplaadbare wegwerp vape 36K PUFF VAPE Pods beschikt over een 850mAh-batterij met Type-C snelladen, waardoor uw apparaat van stroom wordt voorzien voor ononderbroken vaping. Het ge\u00efntegreerde LCD-scherm vape toont in \u00e9\u00e9n oogopslag het aantal trekjes, het batterijniveau en de gebruiksinformatie, terwijl de vingerafdrukherkenning vape-technologie een veilige en gepersonaliseerde ervaring toevoegt.<\/p>\n<p>Ontworpen voor diegenen die op zoek zijn naar een vape met hoge capaciteit, combineert het draagbaarheid met stijl, waardoor het perfect is voor dagelijks gebruik, sociale gelegenheden of reizen. Slank, betrouwbaar en boordevol technologie, de 36000 Puffs Wegwerp Vape is een ideale keuze voor Nederlandse retailers en groothandelskopers die op zoek zijn naar duurzame, tech-gedreven vapingoplossingen.<\/p>\n<\/div>\n<\/div>\n<\/div>\n<\/div>\n<div class=\"mb-2 flex gap-3 empty:hidden -ml-2\">\n<div class=\"items-center justify-start rounded-xl p-1 flex\">\n<div class=\"flex items-center\">\n<div class=\"flex items-center pb-0\"><\/div>\n<\/div>\n<\/div>\n<\/div>\n<p><img decoding=\"async\" class=\"alignnone wp-image-2991\" src=\"http:\/\/vapebulkp.com\/wp-content\/uploads\/2024\/10\/Bang-36000-Puffs-Best-Vape-LCD-screen-Crystal-Vape.jpg\" alt=\"Bang 36000 Puffs Beste Vape LCD-scherm Kristal Vape\" width=\"573\" height=\"573\" srcset=\"https:\/\/vapebulkp.com\/wp-content\/uploads\/2024\/10\/Bang-36000-Puffs-Best-Vape-LCD-screen-Crystal-Vape.jpg 1000w, https:\/\/vapebulkp.com\/wp-content\/uploads\/2024\/10\/Bang-36000-Puffs-Best-Vape-LCD-screen-Crystal-Vape-300x300.jpg 300w, https:\/\/vapebulkp.com\/wp-content\/uploads\/2024\/10\/Bang-36000-Puffs-Best-Vape-LCD-screen-Crystal-Vape-150x150.jpg 150w, https:\/\/vapebulkp.com\/wp-content\/uploads\/2024\/10\/Bang-36000-Puffs-Best-Vape-LCD-screen-Crystal-Vape-768x768.jpg 768w, https:\/\/vapebulkp.com\/wp-content\/uploads\/2024\/10\/Bang-36000-Puffs-Best-Vape-LCD-screen-Crystal-Vape-600x600.jpg 600w, https:\/\/vapebulkp.com\/wp-content\/uploads\/2024\/10\/Bang-36000-Puffs-Best-Vape-LCD-screen-Crystal-Vape-100x100.jpg 100w\" sizes=\"(max-width: 573px) 100vw, 573px\" \/><\/p>\n<h6>Neem contact op met Mandy's WhatsApp voor de kortingsprijs<a href=\"https:\/\/wa.me\/8618077105796\">+8618077105796<\/a><\/h6>\n<p>&nbsp;<\/p>\n<p><img decoding=\"async\" class=\"alignnone wp-image-2151\" src=\"http:\/\/vapebulkp.com\/wp-content\/uploads\/2024\/04\/Mandy-WhatsApp-Randm.jpg\" alt=\"Mandy WhatsApp Randm\" width=\"261\" height=\"277\" srcset=\"https:\/\/vapebulkp.com\/wp-content\/uploads\/2024\/04\/Mandy-WhatsApp-Randm.jpg 916w, https:\/\/vapebulkp.com\/wp-content\/uploads\/2024\/04\/Mandy-WhatsApp-Randm-282x300.jpg 282w, https:\/\/vapebulkp.com\/wp-content\/uploads\/2024\/04\/Mandy-WhatsApp-Randm-768x817.jpg 768w, https:\/\/vapebulkp.com\/wp-content\/uploads\/2024\/04\/Mandy-WhatsApp-Randm-600x638.jpg 600w\" sizes=\"(max-width: 261px) 100vw, 261px\" \/><\/p>\n<h4>Dacht dat je misschien wilde weten over Nederlandse vape trends Bang met een vape 36k Puffs:<\/h4>\n<h6>1. <strong>Hoe werkt de vingerafdrukherkenningsfunctie op de Bang Vape 36k Puffs?<\/strong><\/h6>\n<p><strong>Antwoord :<\/strong>De vingerafdrukherkenningsfunctie voegt een beveiligingslaag toe aan uw vape, zodat alleen u deze kunt activeren. Deze functie is ontworpen om ongeoorloofd gebruik te voorkomen, waardoor het ideaal is voor gebruikers die privacy en veiligheid in hun vapingervaring waarderen.<\/p>\n<h6>2. <strong>Is vingerafdrukherkenning op Bang met een vape echt nodig?<\/strong><\/h6>\n<p><strong>Antwoord:<\/strong>Hoewel niet essentieel, wordt de vingerafdrukherkenningsfunctie een populaire trend onder technisch onderlegde vapers die innovatie en verbeterde beveiliging waarderen. Het zorgt ervoor dat uw vape wordt beschermd tegen misbruik, vooral in sociale omgevingen waar apparaten gemakkelijk kunnen worden gedeeld of misplaatst.<\/p>\n<h6>3. <strong>Heeft de vingerafdrukfunctie invloed op de prestaties van de Bang Vape 36k Puffs?<\/strong><\/h6>\n<p><strong>Antwoord<\/strong>: Nee, de vingerafdrukherkenning heeft geen invloed op de prestaties. Het werkt soepel op de achtergrond, waardoor u het apparaat met een snelle scan kunt ontgrendelen terwijl u geniet van dezelfde hoogwaardige prestaties en smaakervaring tot 36.000 trekjes.<\/p>\n<h6>4. Verbruikt de vingerafdrukfunctie de Bang 36k Puffs-batterij sneller?<\/h6>\n<p><strong>Antwoord:<\/strong>De <strong>850mAh batterij<\/strong> is ontworpen om de stroomvereisten van zowel de vingerafdruksensor als het LCD-scherm aan te kunnen zonder significante impact op de levensduur van de batterij. U kunt genieten van langdurig gebruik voordat u moet opladen.<\/p>\n<h5>Bang LCD Vape 36000 Puffs noordelijke vapes Kenmerken:<\/h5>\n<p><img decoding=\"async\" class=\"alignnone size-full wp-image-3008\" src=\"http:\/\/vapebulkp.com\/wp-content\/uploads\/2024\/10\/Bang-LCD-Vape-36000-Puffs-north-vapes-Features.png\" alt=\"Bang LCD Vape 36000 Puffs north vapes Functies\" width=\"797\" height=\"295\" srcset=\"https:\/\/vapebulkp.com\/wp-content\/uploads\/2024\/10\/Bang-LCD-Vape-36000-Puffs-north-vapes-Features.png 797w, https:\/\/vapebulkp.com\/wp-content\/uploads\/2024\/10\/Bang-LCD-Vape-36000-Puffs-north-vapes-Features-300x111.png 300w, https:\/\/vapebulkp.com\/wp-content\/uploads\/2024\/10\/Bang-LCD-Vape-36000-Puffs-north-vapes-Features-768x284.png 768w, https:\/\/vapebulkp.com\/wp-content\/uploads\/2024\/10\/Bang-LCD-Vape-36000-Puffs-north-vapes-Features-600x222.png 600w\" sizes=\"(max-width: 797px) 100vw, 797px\" \/><\/p>\n<p>&nbsp;<\/p>\n<h5><strong>Nieuwe Stijl <\/strong><strong>36k Puffs Bang Vape noordelijke smaken:<\/strong><\/h5>\n<p>1.GEMENGD FRUIT<br \/>\n2.DRIEVOUDIGE BES<br \/>\n3.PERZIK MANGO WATERMELOEN<br \/>\n4.BOSBES FRAMBOOS<br \/>\n5.ZWARTE DRAAK IJS<br \/>\n6.DRUIVEN IJS<br \/>\n7.BOSBESSEN IJS<br \/>\n8.AARDBEI WATERMELOEN<br \/>\n9.AARDBEI BANAAN<br \/>\n10.AARDBEI KIWI<br \/>\n11.AARDBEI MANGO<br \/>\n12.WATERMELOEN IJS<\/p>\n<p><a href=\"https:\/\/vapebulkp.com\/nl\/product\/popular-randm-tornado-7000puffs-disposable-vape-best-price\/\"><span style=\"vertical-align: inherit\">RandM Tornado 7000 Puffen <\/span><\/a><\/p>\n<p><span style=\"vertical-align: inherit\">Vind meer producten die u misschien leuk vindt:<\/span><em><a href=\"https:\/\/wa.me\/8618077105796\"><span style=\"vertical-align: inherit\">\u00a0Koop het nu<\/span><\/a><\/em><\/p>\n<p><span style=\"vertical-align: inherit\">Andere trekjes die u misschien leuk vindt:<\/span><a href=\"https:\/\/vapebulkp.com\/nl\/product\/joymy-ultra15000puffs-best-disposable-vape-2023\/\"><span style=\"vertical-align: inherit\">JOYMY 15000 Puffs<\/span><\/a><span style=\"vertical-align: inherit\">\u3001<\/span><a href=\"https:\/\/vapebulkp.com\/nl\/product\/wholesale-randm-tornado-9000-puffs-germany\/\"><span style=\"vertical-align: inherit\">RandM 9000 Trekjes<\/span><\/a><span style=\"vertical-align: inherit\">\/ <\/span><a href=\"https:\/\/vapebulkp.com\/nl\/product\/bang-king-12000puffs\/\"><span style=\"vertical-align: inherit\">Bang King 12000 Trekjes<\/span><\/a><span style=\"vertical-align: inherit\">\/ <\/span><a href=\"https:\/\/vapebulkp.com\/nl\/product\/wholesale-tornado-rum-bar-9000-puffs-sweden\/\"><span style=\"vertical-align: inherit\">Rumbar 9000 Puffs<\/span><\/a><\/p>\n<h5>Veelgestelde vragen:<\/h5>\n<p>V: Wat is de MOQ van milieuvriendelijke vape Bang 36000 Puffs?<br \/>\nA: Min order is 100 stuks.<br \/>\nV: Wat is de levertijd voor de bestelde fume vape?<br \/>\nA: Meestal 10-15 dagen na verzending.<br \/>\nV: Hoeveel bedragen de verzendkosten? A: De verzendkosten zijn afhankelijk van het gewicht. Verschillende hoeveelheden hebben verschillende verzendkosten, neem contact met ons op om de verzendkosten te bevestigen.<\/p>\n<h4>Verzenddetails:<\/h4>\n<p><span style=\"color: #ff6600\">Productietijd: 5-10 werkdagen<\/span><br \/>\n<span style=\"color: #ff6600\">Verzendtijd: 8-14 werkdagen<\/span><\/p>\n<p>Alle producten in onze winkel zijn 100% origineel en authentiek, dus een tienvoudige vergoeding voor namaakgoederen is ons winkelbeleid. We gebruiken logistieke kanalen zoals UPS\/DHL\/FEDEX\/DPD om goederen bij u te bezorgen.<\/p>\n<p>Voor pakketten die naar Nederland worden verzonden, duurt het meestal 10 werkdagen om aan te komen. Verzending naar Europese landen duurt meestal 12 tot 15 werkdagen om aan te komen. We zullen de logistieke informatie in realtime voor u bijwerken.<\/p>","protected":false},"excerpt":{"rendered":"<p>Beste Wegwerp Vape 2025 Bang 36k puffs Groothandelsprijs Vape<\/p>\n<p><img decoding=\"async\" class=\"alignnone wp-image-2151\" src=\"http:\/\/vapebulkp.com\/wp-content\/uploads\/2024\/04\/Mandy-WhatsApp-Randm.jpg\" alt=\"Mandy WhatsApp Randm\" width=\"281\" height=\"299\" srcset=\"https:\/\/vapebulkp.com\/wp-content\/uploads\/2024\/04\/Mandy-WhatsApp-Randm.jpg 916w, https:\/\/vapebulkp.com\/wp-content\/uploads\/2024\/04\/Mandy-WhatsApp-Randm-282x300.jpg 282w, https:\/\/vapebulkp.com\/wp-content\/uploads\/2024\/04\/Mandy-WhatsApp-Randm-768x817.jpg 768w, https:\/\/vapebulkp.com\/wp-content\/uploads\/2024\/04\/Mandy-WhatsApp-Randm-600x638.jpg 600w\" sizes=\"(max-width: 281px) 100vw, 281px\" \/><\/p>\n<p>Neem contact op met Mandy's WhatsApp voor de kortingsprijs<a href=\"https:\/\/wa.me\/8618077105796\">+8618077105796<\/a><\/p>\n<p><span style=\"color: #ff0000\">OPMERKING: Prijzen op onze website zijn exclusief verzendkosten<\/span><\/p>\n<p>&nbsp;<\/p>","protected":false},"featured_media":3003,"comment_status":"open","ping_status":"closed","template":"","meta":{"_uag_custom_page_level_css":"","_lmt_disableupdate":"no","_lmt_disable":"","site-sidebar-layout":"default","site-content-layout":"content-boxed-container","ast-site-content-layout":"normal-width-container","site-content-style":"boxed","site-sidebar-style":"unboxed","ast-global-header-display":"","ast-banner-title-visibility":"","ast-main-header-display":"","ast-hfb-above-header-display":"","ast-hfb-below-header-display":"","ast-hfb-mobile-header-display":"","site-post-title":"","ast-breadcrumbs-content":"","ast-featured-img":"","footer-sml-layout":"","theme-transparent-header-meta":"default","adv-header-id-meta":"","stick-header-meta":"","header-above-stick-meta":"","header-main-stick-meta":"","header-below-stick-meta":"","astra-migrate-meta-layouts":"set","_joinchat":[]},"product_cat":[159,153,345,155,33,59,100,87,34,158,157,154,152,58,84,156,63,32],"product_tag":[130,93,36,37,91,41,40],"class_list":["post-3006","product","type-product","status-publish","has-post-thumbnail","hentry","product_cat-36000-puff-disposable-vape","product_cat-hot-disposable-vapes","product_cat-bang-vapes","product_cat-belgium-hot-disposable-vapes","product_cat-france-vape-hot-sale","product_cat-germany-hot-disposable-vape","product_cat-germany-wholesale-vape-shop","product_cat-minimum-order-quantity-50pcs","product_cat-netherlands-vape-good-sale","product_cat-norway-hot-disposable-vapes","product_cat-poland-hot-disposable-vapes","product_cat-portugal-hot-disposable-vapes","product_cat-spain-hot-disposable-vapes","product_cat-sweden-hot-disposable-vape","product_cat-sweden-wholesale-vape","product_cat-switzerland-hot-disposable-vapes","product_cat-top-sale-disposable-vape","product_cat-vape-hot-sale-this-week","product_tag-36000puffs","product_tag-bang-vape","product_tag-good-vape","product_tag-hot-sale-disposable-vape","product_tag-italy-hot-vape","product_tag-poland-hot-vape","product_tag-sweden-hot-vape","pa_brand-bang-vape","desktop-align-left","tablet-align-left","mobile-align-left"],"yoast_head":"<!-- This site is optimized with the Yoast SEO plugin v21.1 - https:\/\/yoast.com\/wordpress\/plugins\/seo\/ -->\n<title>Bang Vape 36k Puffs LCD Screen Fingerprint Recognition Disposable Vape - vapebulkp.com<\/title>\n<meta name=\"description\" content=\"Wholesale Price Bang Vape 36k Puffs Disposable Vape with LCD screen, fingerprint recognition, 850mAh rechargeable battery, 12 flavors, and 2\u20135% nicotine. Buy now!\" \/>\n<meta name=\"robots\" content=\"index, follow, max-snippet:-1, max-image-preview:large, max-video-preview:-1\" \/>\n<link rel=\"canonical\" href=\"https:\/\/vapebulkp.com\/nl\/product\/bang-vape-36k-puffs-lcd-screen-fingerprint-recognition-disposable-vape\/\" \/>\n<meta property=\"og:locale\" content=\"nl_NL\" \/>\n<meta property=\"og:type\" content=\"article\" \/>\n<meta property=\"og:title\" content=\"Bang Vape 36k Puffs LCD Screen Fingerprint Recognition Disposable Vape - vapebulkp.com\" \/>\n<meta property=\"og:description\" content=\"Wholesale Price Bang Vape 36k Puffs Disposable Vape with LCD screen, fingerprint recognition, 850mAh rechargeable battery, 12 flavors, and 2\u20135% nicotine. Buy now!\" \/>\n<meta property=\"og:url\" content=\"https:\/\/vapebulkp.com\/nl\/product\/bang-vape-36k-puffs-lcd-screen-fingerprint-recognition-disposable-vape\/\" \/>\n<meta property=\"og:site_name\" content=\"vapebulkp.com\" \/>\n<meta property=\"article:modified_time\" content=\"2025-09-24T03:06:26+00:00\" \/>\n<meta property=\"og:image\" content=\"http:\/\/vapebulkp.com\/wp-content\/uploads\/2024\/10\/Bang-Vape-36000-Puffs-Disposable-Vape-LCD-screen-Big-Puffs-Tornado-Vape.jpg\" \/>\n\t<meta property=\"og:image:width\" content=\"1000\" \/>\n\t<meta property=\"og:image:height\" content=\"1000\" \/>\n\t<meta property=\"og:image:type\" content=\"image\/jpeg\" \/>\n<meta name=\"twitter:card\" content=\"summary_large_image\" \/>\n<meta name=\"twitter:label1\" content=\"Verwachte leestijd\" \/>\n\t<meta name=\"twitter:data1\" content=\"4 minuten\" \/>\n<script type=\"application\/ld+json\" class=\"yoast-schema-graph\">{\"@context\":\"https:\/\/schema.org\",\"@graph\":[{\"@type\":\"WebPage\",\"@id\":\"https:\/\/vapebulkp.com\/product\/bang-vape-36k-puffs-lcd-screen-fingerprint-recognition-disposable-vape\/\",\"url\":\"https:\/\/vapebulkp.com\/product\/bang-vape-36k-puffs-lcd-screen-fingerprint-recognition-disposable-vape\/\",\"name\":\"Bang Vape 36k Puffs LCD Screen Fingerprint Recognition Disposable Vape - vapebulkp.com\",\"isPartOf\":{\"@id\":\"https:\/\/vapebulkp.com\/#website\"},\"datePublished\":\"2024-10-14T06:38:55+00:00\",\"dateModified\":\"2025-09-24T03:06:26+00:00\",\"description\":\"Wholesale Price Bang Vape 36k Puffs Disposable Vape with LCD screen, fingerprint recognition, 850mAh rechargeable battery, 12 flavors, and 2\u20135% nicotine. Buy now!\",\"breadcrumb\":{\"@id\":\"https:\/\/vapebulkp.com\/product\/bang-vape-36k-puffs-lcd-screen-fingerprint-recognition-disposable-vape\/#breadcrumb\"},\"inLanguage\":\"nl-NL\",\"potentialAction\":[{\"@type\":\"ReadAction\",\"target\":[\"https:\/\/vapebulkp.com\/product\/bang-vape-36k-puffs-lcd-screen-fingerprint-recognition-disposable-vape\/\"]}]},{\"@type\":\"BreadcrumbList\",\"@id\":\"https:\/\/vapebulkp.com\/product\/bang-vape-36k-puffs-lcd-screen-fingerprint-recognition-disposable-vape\/#breadcrumb\",\"itemListElement\":[{\"@type\":\"ListItem\",\"position\":1,\"name\":\"Home\",\"item\":\"https:\/\/vapebulkp.com\/\"},{\"@type\":\"ListItem\",\"position\":2,\"name\":\"Hot Trend Vapes\",\"item\":\"https:\/\/vapebulkp.com\/vape-shop\/\"},{\"@type\":\"ListItem\",\"position\":3,\"name\":\"Bang Vape 36k Puffs LCD Screen Fingerprint Recognition Disposable Vape\"}]},{\"@type\":\"WebSite\",\"@id\":\"https:\/\/vapebulkp.com\/#website\",\"url\":\"https:\/\/vapebulkp.com\/\",\"name\":\"vapebulkp.com\",\"description\":\"Buy Vape In Cheap Bulk Price Near you\",\"publisher\":{\"@id\":\"https:\/\/vapebulkp.com\/#organization\"},\"potentialAction\":[{\"@type\":\"SearchAction\",\"target\":{\"@type\":\"EntryPoint\",\"urlTemplate\":\"https:\/\/vapebulkp.com\/?s={search_term_string}\"},\"query-input\":\"required name=search_term_string\"}],\"inLanguage\":\"nl-NL\"},{\"@type\":\"Organization\",\"@id\":\"https:\/\/vapebulkp.com\/#organization\",\"name\":\"vapebulkp.com\",\"url\":\"https:\/\/vapebulkp.com\/\",\"logo\":{\"@type\":\"ImageObject\",\"inLanguage\":\"nl-NL\",\"@id\":\"https:\/\/vapebulkp.com\/#\/schema\/logo\/image\/\",\"url\":\"https:\/\/vapebulkp.com\/wp-content\/uploads\/2023\/09\/cropped-vapebulkp.png\",\"contentUrl\":\"https:\/\/vapebulkp.com\/wp-content\/uploads\/2023\/09\/cropped-vapebulkp.png\",\"width\":516,\"height\":163,\"caption\":\"vapebulkp.com\"},\"image\":{\"@id\":\"https:\/\/vapebulkp.com\/#\/schema\/logo\/image\/\"}}]}<\/script>\n<!-- \/ Yoast SEO plugin. -->","yoast_head_json":{"title":"Bang Vape 36k Puffs LCD Screen Fingerprint Recognition Disposable Vape - vapebulkp.com","description":"Wholesale Price Bang Vape 36k Puffs Disposable Vape with LCD screen, fingerprint recognition, 850mAh rechargeable battery, 12 flavors, and 2\u20135% nicotine. Buy now!","robots":{"index":"index","follow":"follow","max-snippet":"max-snippet:-1","max-image-preview":"max-image-preview:large","max-video-preview":"max-video-preview:-1"},"canonical":"https:\/\/vapebulkp.com\/nl\/product\/bang-vape-36k-puffs-lcd-screen-fingerprint-recognition-disposable-vape\/","og_locale":"nl_NL","og_type":"article","og_title":"Bang Vape 36k Puffs LCD Screen Fingerprint Recognition Disposable Vape - vapebulkp.com","og_description":"Wholesale Price Bang Vape 36k Puffs Disposable Vape with LCD screen, fingerprint recognition, 850mAh rechargeable battery, 12 flavors, and 2\u20135% nicotine. Buy now!","og_url":"https:\/\/vapebulkp.com\/nl\/product\/bang-vape-36k-puffs-lcd-screen-fingerprint-recognition-disposable-vape\/","og_site_name":"vapebulkp.com","article_modified_time":"2025-09-24T03:06:26+00:00","og_image":[{"width":1000,"height":1000,"url":"http:\/\/vapebulkp.com\/wp-content\/uploads\/2024\/10\/Bang-Vape-36000-Puffs-Disposable-Vape-LCD-screen-Big-Puffs-Tornado-Vape.jpg","type":"image\/jpeg"}],"twitter_card":"summary_large_image","twitter_misc":{"Verwachte leestijd":"4 minuten"},"schema":{"@context":"https:\/\/schema.org","@graph":[{"@type":"WebPage","@id":"https:\/\/vapebulkp.com\/product\/bang-vape-36k-puffs-lcd-screen-fingerprint-recognition-disposable-vape\/","url":"https:\/\/vapebulkp.com\/product\/bang-vape-36k-puffs-lcd-screen-fingerprint-recognition-disposable-vape\/","name":"Bang Vape 36k Puffs LCD Screen Fingerprint Recognition Disposable Vape - vapebulkp.com","isPartOf":{"@id":"https:\/\/vapebulkp.com\/#website"},"datePublished":"2024-10-14T06:38:55+00:00","dateModified":"2025-09-24T03:06:26+00:00","description":"Wholesale Price Bang Vape 36k Puffs Disposable Vape with LCD screen, fingerprint recognition, 850mAh rechargeable battery, 12 flavors, and 2\u20135% nicotine. Buy now!","breadcrumb":{"@id":"https:\/\/vapebulkp.com\/product\/bang-vape-36k-puffs-lcd-screen-fingerprint-recognition-disposable-vape\/#breadcrumb"},"inLanguage":"nl-NL","potentialAction":[{"@type":"ReadAction","target":["https:\/\/vapebulkp.com\/product\/bang-vape-36k-puffs-lcd-screen-fingerprint-recognition-disposable-vape\/"]}]},{"@type":"BreadcrumbList","@id":"https:\/\/vapebulkp.com\/product\/bang-vape-36k-puffs-lcd-screen-fingerprint-recognition-disposable-vape\/#breadcrumb","itemListElement":[{"@type":"ListItem","position":1,"name":"Home","item":"https:\/\/vapebulkp.com\/"},{"@type":"ListItem","position":2,"name":"Hot Trend Vapes","item":"https:\/\/vapebulkp.com\/vape-shop\/"},{"@type":"ListItem","position":3,"name":"Bang Vape 36k Puffs LCD Screen Fingerprint Recognition Disposable Vape"}]},{"@type":"WebSite","@id":"https:\/\/vapebulkp.com\/#website","url":"https:\/\/vapebulkp.com\/","name":"vapebulkp.com","description":"Buy Vape In Cheap Bulk Price Near you","publisher":{"@id":"https:\/\/vapebulkp.com\/#organization"},"potentialAction":[{"@type":"SearchAction","target":{"@type":"EntryPoint","urlTemplate":"https:\/\/vapebulkp.com\/?s={search_term_string}"},"query-input":"required name=search_term_string"}],"inLanguage":"nl-NL"},{"@type":"Organization","@id":"https:\/\/vapebulkp.com\/#organization","name":"vapebulkp.com","url":"https:\/\/vapebulkp.com\/","logo":{"@type":"ImageObject","inLanguage":"nl-NL","@id":"https:\/\/vapebulkp.com\/#\/schema\/logo\/image\/","url":"https:\/\/vapebulkp.com\/wp-content\/uploads\/2023\/09\/cropped-vapebulkp.png","contentUrl":"https:\/\/vapebulkp.com\/wp-content\/uploads\/2023\/09\/cropped-vapebulkp.png","width":516,"height":163,"caption":"vapebulkp.com"},"image":{"@id":"https:\/\/vapebulkp.com\/#\/schema\/logo\/image\/"}}]}},"uagb_featured_image_src":{"full":["https:\/\/vapebulkp.com\/wp-content\/uploads\/2024\/10\/Bang-Vape-36000-Puffs-Disposable-Vape-LCD-screen-Big-Puffs-Tornado-Vape.jpg",1000,1000,false],"thumbnail":["https:\/\/vapebulkp.com\/wp-content\/uploads\/2024\/10\/Bang-Vape-36000-Puffs-Disposable-Vape-LCD-screen-Big-Puffs-Tornado-Vape-150x150.jpg",150,150,true],"medium":["https:\/\/vapebulkp.com\/wp-content\/uploads\/2024\/10\/Bang-Vape-36000-Puffs-Disposable-Vape-LCD-screen-Big-Puffs-Tornado-Vape-300x300.jpg",300,300,true],"medium_large":["https:\/\/vapebulkp.com\/wp-content\/uploads\/2024\/10\/Bang-Vape-36000-Puffs-Disposable-Vape-LCD-screen-Big-Puffs-Tornado-Vape-768x768.jpg",768,768,true],"large":["https:\/\/vapebulkp.com\/wp-content\/uploads\/2024\/10\/Bang-Vape-36000-Puffs-Disposable-Vape-LCD-screen-Big-Puffs-Tornado-Vape.jpg",1000,1000,false],"1536x1536":["https:\/\/vapebulkp.com\/wp-content\/uploads\/2024\/10\/Bang-Vape-36000-Puffs-Disposable-Vape-LCD-screen-Big-Puffs-Tornado-Vape.jpg",1000,1000,false],"2048x2048":["https:\/\/vapebulkp.com\/wp-content\/uploads\/2024\/10\/Bang-Vape-36000-Puffs-Disposable-Vape-LCD-screen-Big-Puffs-Tornado-Vape.jpg",1000,1000,false],"trp-custom-language-flag":["https:\/\/vapebulkp.com\/wp-content\/uploads\/2024\/10\/Bang-Vape-36000-Puffs-Disposable-Vape-LCD-screen-Big-Puffs-Tornado-Vape.jpg",12,12,false],"woocommerce_thumbnail":["https:\/\/vapebulkp.com\/wp-content\/uploads\/2024\/10\/Bang-Vape-36000-Puffs-Disposable-Vape-LCD-screen-Big-Puffs-Tornado-Vape-300x300.jpg",300,300,true],"woocommerce_single":["https:\/\/vapebulkp.com\/wp-content\/uploads\/2024\/10\/Bang-Vape-36000-Puffs-Disposable-Vape-LCD-screen-Big-Puffs-Tornado-Vape-600x600.jpg",600,600,true],"woocommerce_gallery_thumbnail":["https:\/\/vapebulkp.com\/wp-content\/uploads\/2024\/10\/Bang-Vape-36000-Puffs-Disposable-Vape-LCD-screen-Big-Puffs-Tornado-Vape-100x100.jpg",100,100,true],"wcpr-photo-reviews":["https:\/\/vapebulkp.com\/wp-content\/uploads\/2024\/10\/Bang-Vape-36000-Puffs-Disposable-Vape-LCD-screen-Big-Puffs-Tornado-Vape.jpg",500,500,false]},"uagb_author_info":{"display_name":"Mandy vape bulk price","author_link":"https:\/\/vapebulkp.com\/nl\/author\/"},"uagb_comment_info":0,"uagb_excerpt":"Best Disposable Vape 2025 Bang 36k puffs Wholesale Price Vape Pls Contact Mandy's WhatsApp For Discount Price+8618077105796 NOTE: Prices on our website does not include shipping costs &nbsp;","_links":{"self":[{"href":"https:\/\/vapebulkp.com\/nl\/wp-json\/wp\/v2\/product\/3006","targetHints":{"allow":["GET"]}}],"collection":[{"href":"https:\/\/vapebulkp.com\/nl\/wp-json\/wp\/v2\/product"}],"about":[{"href":"https:\/\/vapebulkp.com\/nl\/wp-json\/wp\/v2\/types\/product"}],"replies":[{"embeddable":true,"href":"https:\/\/vapebulkp.com\/nl\/wp-json\/wp\/v2\/comments?post=3006"}],"wp:featuredmedia":[{"embeddable":true,"href":"https:\/\/vapebulkp.com\/nl\/wp-json\/wp\/v2\/media\/3003"}],"wp:attachment":[{"href":"https:\/\/vapebulkp.com\/nl\/wp-json\/wp\/v2\/media?parent=3006"}],"wp:term":[{"taxonomy":"product_cat","embeddable":true,"href":"https:\/\/vapebulkp.com\/nl\/wp-json\/wp\/v2\/product_cat?post=3006"},{"taxonomy":"product_tag","embeddable":true,"href":"https:\/\/vapebulkp.com\/nl\/wp-json\/wp\/v2\/product_tag?post=3006"}],"curies":[{"name":"wp","href":"https:\/\/api.w.org\/{rel}","templated":true}]}}