{"id":3752,"date":"2025-05-07T09:27:59","date_gmt":"2025-05-07T07:27:59","guid":{"rendered":"https:\/\/vapebulkp.com\/?post_type=product&#038;p=3752"},"modified":"2025-09-24T05:57:33","modified_gmt":"2025-09-24T03:57:33","slug":"al-fakher-crystal-8000-puffs-crown-bar-wholesale-disposable-vapes","status":"publish","type":"product","link":"https:\/\/vapebulkp.com\/nl\/product\/al-fakher-crystal-8000-puffs-crown-bar-wholesale-disposable-vapes\/","title":{"rendered":"Al Fakher Crystal 8000 Puffs Crown Bar Groothandel Wegwerp Vapes"},"content":{"rendered":"<h2 style=\"text-align: left\">Al Fakher Crystal 8000 Puffs Crown Bar Groothandel Wegwerp Vapes<\/h2>\n<p>De Al Fakher Crystal 8000 Puffs Wegwerp Vape is ontworpen voor vapers die zowel kracht als precisie eisen. Dit apparaat is niet zomaar een wegwerp vape met een hoge capaciteit; het is een geavanceerd vaping-instrument dat een werkelijk soepele en krachtige ervaring levert. Het is de perfecte keuze voor DTL (Direct-to-Lung) liefhebbers en iedereen die op zoek is naar een krachtige, smaakvolle vape.<\/p>\n<p>Met een enorme capaciteit van 8000 puffs biedt de Al Fakher Crystal onge\u00ebvenaarde duurzaamheid. Het ge\u00efntegreerde slimme scherm geeft u volledige controle door real-time updates te tonen over uw batterijduur, e-liquidniveau en huidige modus. U kunt kiezen tussen Eco-modus voor langdurig gebruik en Boost-modus voor maximale damp- en smaakintensiteit, dankzij de Big Puff Technology.<\/p>\n<p>Het apparaat beschikt over een krachtige oplaadbare batterij met Type-C snelladen, zodat u altijd klaar bent om te vapen. De hoogwaardige constructie en geoptimaliseerde luchtstroom werken samen om ongelooflijk dichte wolken en een consistent krachtige smaak te produceren. Ideaal voor dagelijks gebruik of op reis, de Al Fakher Crystal is een topkeuze voor <a href=\"https:\/\/vapebulkp.com\/nl\/ot-disposable-vapes-europe\/\">vape groothandel kopers in Nederland<\/a> die op zoek zijn naar een product met veel vraag en hoge prestaties.<\/p>\n<h6>Neem contact op met Mandy's WhatsApp voor de kortingsprijs<a href=\"https:\/\/wa.me\/8618077105796\">+8618077105796<\/a><\/h6>\n<p><img decoding=\"async\" class=\"alignnone wp-image-2151\" src=\"http:\/\/vapebulkp.com\/wp-content\/uploads\/2024\/04\/Mandy-WhatsApp-Randm.jpg\" alt=\"Mandy WhatsApp Randm\" width=\"324\" height=\"330\" \/><\/p>\n<div class=\"flex max-w-full flex-col flex-grow\">\n<div class=\"min-h-8 text-message flex w-full flex-col items-end gap-2 whitespace-normal break-words text-start [.text-message+&amp;]:mt-5\" dir=\"auto\" data-message-author-role=\"assistant\" data-message-id=\"d24cf626-c018-4805-80f5-44de047f2ba0\" data-message-model-slug=\"gpt-4o\">\n<div class=\"flex w-full flex-col gap-1 empty:hidden first:pt-[3px]\">\n<div class=\"markdown prose w-full break-words dark:prose-invert light\">\n<h2>Waarom Al Fakher Crystal 8000 Puffs Crown Bar kopen bij <a href=\"https:\/\/vapebulkp.com\/nl\/vape-shop\/\">Vapebulkp.com<\/a>?<\/h2>\n<p class=\"\" data-start=\"1686\" data-end=\"1863\">Bij Vapebulkp.com krijgt u de beste groothandelsdeals op de Al Fakher Crystal 8000 Puffs Crown Bar, met gegarandeerd authentieke producten, concurrerende prijzen en snelle verzending binnen Nederland. We bieden bulkkortingen voor bestellingen van meer dan 1000 stuks, eenvoudige tracking en uitstekende klantenservice. Met duale vaping-modi, een oplaadbare batterij en rijke smaken is deze big puff wegwerp vape een topkeuze voor retailers en vape shop-eigenaren. Winkel nu en geniet van een betrouwbare voorraad voor uw bedrijf.<\/p>\n<\/div>\n<\/div>\n<\/div>\n<\/div>\n<h2>Al Fakher Crystal 8000 Puff Belangrijkste Specificaties:<\/h2>\n<ul data-start=\"113\" data-end=\"479\">\n<li class=\"\" data-start=\"113\" data-end=\"149\">\n<p class=\"\" data-start=\"115\" data-end=\"149\"><strong data-start=\"115\" data-end=\"130\">Aantal trekjes:<\/strong> Tot 8000 puffs<\/p>\n<\/li>\n<li class=\"\" data-start=\"150\" data-end=\"205\">\n<p class=\"\" data-start=\"152\" data-end=\"205\"><strong data-start=\"152\" data-end=\"164\">Batterij:<\/strong> Oplaadbaar met Type-C snelladen<\/p>\n<\/li>\n<li class=\"\" data-start=\"206\" data-end=\"251\">\n<p class=\"\" data-start=\"208\" data-end=\"251\"><strong data-start=\"208\" data-end=\"225\">Vaping Modi:<\/strong> Eco-modus en Boost-modus<\/p>\n<\/li>\n<li class=\"\" data-start=\"252\" data-end=\"315\">\n<p class=\"\" data-start=\"254\" data-end=\"315\"><strong data-start=\"254\" data-end=\"273\">Schermweergave:<\/strong> Toont batterij, e-liquidniveau en modus<\/p>\n<\/li>\n<li class=\"\" data-start=\"316\" data-end=\"365\">\n<p class=\"\" data-start=\"318\" data-end=\"365\"><strong data-start=\"318\" data-end=\"329\">Ontwerp:<\/strong> Hoogwaardige constructie met soepele luchtstroom<\/p>\n<\/li>\n<li class=\"\" data-start=\"366\" data-end=\"429\">\n<p class=\"\" data-start=\"368\" data-end=\"429\"><strong data-start=\"368\" data-end=\"392\">Big Puff Technologie:<\/strong> Hoge dampafgifte voor dichte wolken<\/p>\n<\/li>\n<li class=\"\" data-start=\"430\" data-end=\"479\">\n<p class=\"\" data-start=\"432\" data-end=\"479\"><strong data-start=\"432\" data-end=\"449\">Dampstijl:<\/strong> DTL (Direct-To-Lung) vapen<\/p>\n<\/li>\n<\/ul>\n<h2><strong>Al Fakher Crystal 8000 Puffs Vape Groothandel Smaaklijst<\/strong><\/h2>\n<p class=\"selectable-text copyable-text x15bjb6t x1n2onr6\" dir=\"ltr\">1. KERSENFEEST<br \/>\n2. WEELDERIG IJS<br \/>\n3. CITROENMUNT<br \/>\n4. BLAUWE FRAMBOOS LIMONADE<br \/>\n5. ZWARTE BES IJS<br \/>\n6. PERZIK IJS<br \/>\n7. MUNTGOM<br \/>\n8. KOELE MANGO<br \/>\n9. BESSENIJS<br \/>\n10. MANGO LIEFDE<br \/>\n11. AARDBEIENPONS<br \/>\n12. TWEE APPEL<br \/>\n13. DRUIVENMUNT<br \/>\n14. RUIMTEDROOM<br \/>\n15. BOSBESSENGOM<br \/>\n16. ZWARTEBESSENMUNT<br \/>\n17. BESSENBLAUW<br \/>\n18. HUBBA<br \/>\n19. CITROENLIMOEN<br \/>\n20.MANGO ANANAS<br \/>\n21.DRUIF BES<br \/>\n22.BOSBES MUNT<br \/>\n23.MUNT<br \/>\n24.SINAASAPPEL MUNT<br \/>\n25.BOSBES FRAMBOOS<br \/>\n26.BOSBES AARDBEI FRAMBOOS<br \/>\n27.GEMENGDE BESSEN<br \/>\n28.KERS IJS<br \/>\n29.KERS FIZZ<br \/>\n30.ANANAS IJS<br \/>\n31.WATERMELOEN ANANAS<br \/>\n32.MENTHOL<br \/>\n33.GROENE MUNT<br \/>\n34.ZOMERDROOM<br \/>\n35.BOSBESSEN LIMONADE<br \/>\n36.PASSIE POP<br \/>\n37.BOSBESSEN KERS<br \/>\n38.CITROEN KERS FIZZ<br \/>\n39.AARDBEI KERS<br \/>\n40.IJSBLAUW<br \/>\n41.WATERMELOEN KIWI<br \/>\n42.BLAUWE RAZZ BLAST<\/p>\n<p><span style=\"vertical-align: inherit\">Vind meer producten die u misschien leuk vindt:<\/span><em><a href=\"https:\/\/wa.me\/8618077105796\"><span style=\"vertical-align: inherit\">\u00a0Koop het nu<\/span><\/a><\/em><\/p>\n<p><span style=\"vertical-align: inherit\">Andere trekjes die u misschien leuk vindt:<\/span><a href=\"https:\/\/vapebulkp.com\/nl\/product\/vopk-60000-puffs-top-sale-disposable-vape-pen\/\"><span style=\"vertical-align: inherit\">VOPK 60000 Trekjes<\/span><\/a><span style=\"vertical-align: inherit\">\u3001<\/span><a href=\"https:\/\/vapebulkp.com\/nl\/product\/bang-king-45000-puffs-disposable-vape-best-selling-high-capacity\/\"><span style=\"vertical-align: inherit\">Bang King 45000 Puffs<\/span><\/a><span style=\"vertical-align: inherit\">\/ <\/span><a href=\"https:\/\/vapebulkp.com\/nl\/product\/waspe-3in1-60000-puffs-disposable-vape-high-capacity\/\"><span style=\"vertical-align: inherit\">WASPE 3 in 1 60000 Trekjes<\/span><\/a><span style=\"vertical-align: inherit\">\/ <\/span><a href=\"https:\/\/vapebulkp.com\/nl\/product\/bang-kingdoms-rex-nos-50000-puffs-high-capacity-vape-device\/\"><span style=\"vertical-align: inherit\">\u00a0Bang Kingdoms rex ons 50000 Puffs<\/span><\/a><\/p>\n<h3 class=\"\" data-start=\"62\" data-end=\"118\"><strong data-start=\"66\" data-end=\"118\">Al Fakher Crystal 8000 Puffs Vape Pods Veelgestelde Vragen<\/strong><\/h3>\n<p class=\"\" data-start=\"120\" data-end=\"254\"><strong data-start=\"120\" data-end=\"201\">V: Wat is de minimale bestelhoeveelheid (MOQ) voor Al Fakher Crystal 8000 Puffs?<\/strong><br data-start=\"201\" data-end=\"204\" \/>A: De minimale bestelhoeveelheid is <strong data-start=\"228\" data-end=\"253\">200 stuks per smaak<\/strong>.<\/p>\n<p class=\"\" data-start=\"256\" data-end=\"391\"><strong data-start=\"256\" data-end=\"314\">V: Hoe lang duurt de levering nadat ik een bestelling heb geplaatst?<\/strong><br data-start=\"314\" data-end=\"317\" \/>A: Levering duurt meestal <strong data-start=\"343\" data-end=\"357\">10-15 dagen<\/strong> nadat de zending is verzonden.<\/p>\n<p class=\"\" data-start=\"393\" data-end=\"564\"><strong data-start=\"393\" data-end=\"428\">V: Wat zijn de verzendkosten?<\/strong><br data-start=\"428\" data-end=\"431\" \/>A: Verzendkosten zijn afhankelijk van het totale gewicht van uw bestelling. Gelieve <strong data-start=\"498\" data-end=\"512\">contact met ons op te nemen<\/strong> voor een exacte offerte voor verzending op basis van uw hoeveelheid.<\/p>\n<p class=\"\" data-start=\"566\" data-end=\"895\"><strong data-start=\"566\" data-end=\"599\">V: Verzenden jullie naar mijn land?<\/strong><br data-start=\"599\" data-end=\"602\" \/>A: Ja, we verzenden naar de meeste Europese landen, waaronder <strong data-start=\"656\" data-end=\"880\">Nederland, Duitsland, Frankrijk, Spanje, Itali\u00eb, Belgi\u00eb, Luxemburg, Oostenrijk, Tsjechi\u00eb, Slowakije, Hongarije, Sloveni\u00eb, Roemeni\u00eb, Bulgarije, Griekenland, Polen, Zweden, Ierland, Portugal, Finland, Estland, Letland en Litouwen<\/strong>, onder andere.<\/p>\n<p class=\"\" data-start=\"897\" data-end=\"1060\"><strong data-start=\"897\" data-end=\"945\">V: Kan ik een betere prijs krijgen als ik meer bestel?<\/strong><br data-start=\"945\" data-end=\"948\" \/>A: Ja, bestellingen van <strong data-start=\"966\" data-end=\"989\">1000 stuks of meer<\/strong> komen in aanmerking voor gereduceerde prijzen. Neem contact met ons op voor groothandelstarieven.<\/p>\n<p class=\"\" data-start=\"1062\" data-end=\"1240\"><strong data-start=\"1062\" data-end=\"1117\">V: Ontvang ik een trackingnummer na verzending?<\/strong><br data-start=\"1117\" data-end=\"1120\" \/>A: Ja, zodra uw bestelling wordt verzonden, zullen wij een <strong data-start=\"1169\" data-end=\"1206\">trackingnummer en trackinglink<\/strong> verstrekken zodat u uw levering kunt volgen.<\/p>\n<p class=\"\" data-start=\"1242\" data-end=\"1442\"><strong data-start=\"1242\" data-end=\"1286\">V: Is er een retour- of garantiebeleid?<\/strong><br data-start=\"1286\" data-end=\"1289\" \/>A: Wij accepteren geen retouren of terugbetalingen voor niet-kwaliteitsproblemen. Voor <strong data-start=\"1356\" data-end=\"1376\">kwaliteitsproblemen<\/strong>gelieve <strong data-start=\"1393\" data-end=\"1420\">video- of fotobewijs<\/strong> zodat we u kunnen helpen.<\/p>\n<h3>Verzenddetails:<\/h3>\n<p><span style=\"color: #ff6600\">Productietijd: 5-10 werkdagen<\/span><br \/>\n<span style=\"color: #ff6600\">Verzendtijd: 8-14 werkdagen<\/span><\/p>\n<p>Alle producten in onze winkel zijn 100% origineel en authentiek, dus een tienvoudige vergoeding voor namaakgoederen is ons winkelbeleid. We gebruiken logistieke kanalen zoals UPS\/DHL\/FEDEX\/DPD om goederen bij u te bezorgen.<\/p>\n<p>Voor pakketten die naar Nederland worden verzonden, duurt het meestal 10 werkdagen om aan te komen. Verzending naar Europese landen duurt meestal 12 tot 15 werkdagen om aan te komen. We zullen de logistieke informatie in realtime voor u bijwerken.<\/p>","protected":false},"excerpt":{"rendered":"<p class=\"\" data-start=\"121\" data-end=\"211\">Koop Al Fakher Crystal 8000 Puffs Vapes \u2014 duale modus, oplaadbaar via Type-C, grote wolken, soepel DTL-vapen, schermweergave. Snelle verzending<\/p>\n<p>Neem contact op met Mandy's WhatsApp voor de kortingsprijs<a href=\"https:\/\/wa.me\/8618077105796\">+8618077105796<\/a><\/p>\n<p><img decoding=\"async\" class=\"alignnone wp-image-2151\" src=\"http:\/\/vapebulkp.com\/wp-content\/uploads\/2024\/04\/Mandy-WhatsApp-Randm.jpg\" alt=\"Mandy WhatsApp Randm\" width=\"297\" height=\"316\" srcset=\"https:\/\/vapebulkp.com\/wp-content\/uploads\/2024\/04\/Mandy-WhatsApp-Randm.jpg 916w, https:\/\/vapebulkp.com\/wp-content\/uploads\/2024\/04\/Mandy-WhatsApp-Randm-282x300.jpg 282w, https:\/\/vapebulkp.com\/wp-content\/uploads\/2024\/04\/Mandy-WhatsApp-Randm-768x817.jpg 768w, https:\/\/vapebulkp.com\/wp-content\/uploads\/2024\/04\/Mandy-WhatsApp-Randm-600x638.jpg 600w\" sizes=\"(max-width: 297px) 100vw, 297px\" \/><\/p>\n<p><span style=\"color: #ff0000\">OPMERKING: Prijzen op onze website zijn exclusief verzendkosten<\/span><\/p>\n<p>&nbsp;<\/p>","protected":false},"featured_media":3751,"comment_status":"open","ping_status":"closed","template":"","meta":{"_uag_custom_page_level_css":"","_lmt_disableupdate":"no","_lmt_disable":"","site-sidebar-layout":"default","site-content-layout":"content-boxed-container","ast-site-content-layout":"normal-width-container","site-content-style":"boxed","site-sidebar-style":"unboxed","ast-global-header-display":"","ast-banner-title-visibility":"","ast-main-header-display":"","ast-hfb-above-header-display":"","ast-hfb-below-header-display":"","ast-hfb-mobile-header-display":"","site-post-title":"","ast-breadcrumbs-content":"","ast-featured-img":"","footer-sml-layout":"","theme-transparent-header-meta":"default","adv-header-id-meta":"","stick-header-meta":"","header-above-stick-meta":"","header-main-stick-meta":"","header-below-stick-meta":"","astra-migrate-meta-layouts":"set","_joinchat":[]},"product_cat":[194,343,153,155,33,59,100,34,158,157,154,152,58,84,156,63,32],"product_tag":[36,37,245,41,286,40],"class_list":["post-3752","product","type-product","status-publish","has-post-thumbnail","hentry","product_cat-50000-puffs-disposable-vape","product_cat-al-fakher-vape","product_cat-hot-disposable-vapes","product_cat-belgium-hot-disposable-vapes","product_cat-france-vape-hot-sale","product_cat-germany-hot-disposable-vape","product_cat-germany-wholesale-vape-shop","product_cat-netherlands-vape-good-sale","product_cat-norway-hot-disposable-vapes","product_cat-poland-hot-disposable-vapes","product_cat-portugal-hot-disposable-vapes","product_cat-spain-hot-disposable-vapes","product_cat-sweden-hot-disposable-vape","product_cat-sweden-wholesale-vape","product_cat-switzerland-hot-disposable-vapes","product_cat-top-sale-disposable-vape","product_cat-vape-hot-sale-this-week","product_tag-good-vape","product_tag-hot-sale-disposable-vape","product_tag-mr-goodie-dual-mode-king-50000-puffs","product_tag-poland-hot-vape","product_tag-puffs-stock-in-europe","product_tag-sweden-hot-vape","pa_brand-al-fakher-vape","desktop-align-left","tablet-align-left","mobile-align-left"],"yoast_head":"<!-- This site is optimized with the Yoast SEO plugin v21.1 - https:\/\/yoast.com\/wordpress\/plugins\/seo\/ -->\n<title>Al Fakher Crystal 8000 Puffs Crown Bar Wholesale Disposable Vapes - vapebulkp.com<\/title>\n<meta name=\"description\" content=\"Get Al Fakher Crystal 8000 Puffs Vape \u2014 dual mode, Type-C rechargeable, big clouds, smooth DTL vaping, screen display. Fast shipping &amp; wholesale deals.\" \/>\n<meta name=\"robots\" content=\"index, follow, max-snippet:-1, max-image-preview:large, max-video-preview:-1\" \/>\n<link rel=\"canonical\" href=\"https:\/\/vapebulkp.com\/nl\/product\/al-fakher-crystal-8000-puffs-crown-bar-wholesale-disposable-vapes\/\" \/>\n<meta property=\"og:locale\" content=\"nl_NL\" \/>\n<meta property=\"og:type\" content=\"article\" \/>\n<meta property=\"og:title\" content=\"Al Fakher Crystal 8000 Puffs Crown Bar Wholesale Disposable Vapes - vapebulkp.com\" \/>\n<meta property=\"og:description\" content=\"Get Al Fakher Crystal 8000 Puffs Vape \u2014 dual mode, Type-C rechargeable, big clouds, smooth DTL vaping, screen display. Fast shipping &amp; wholesale deals.\" \/>\n<meta property=\"og:url\" content=\"https:\/\/vapebulkp.com\/nl\/product\/al-fakher-crystal-8000-puffs-crown-bar-wholesale-disposable-vapes\/\" \/>\n<meta property=\"og:site_name\" content=\"vapebulkp.com\" \/>\n<meta property=\"article:modified_time\" content=\"2025-09-24T03:57:33+00:00\" \/>\n<meta property=\"og:image\" content=\"http:\/\/vapebulkp.com\/wp-content\/uploads\/2025\/05\/Shop-Al-Fakher-Crystal-8000-Puffs-Wholesale-Vape.webp\" \/>\n\t<meta property=\"og:image:width\" content=\"800\" \/>\n\t<meta property=\"og:image:height\" content=\"800\" \/>\n\t<meta property=\"og:image:type\" content=\"image\/webp\" \/>\n<meta name=\"twitter:card\" content=\"summary_large_image\" \/>\n<meta name=\"twitter:label1\" content=\"Verwachte leestijd\" \/>\n\t<meta name=\"twitter:data1\" content=\"4 minuten\" \/>\n<script type=\"application\/ld+json\" class=\"yoast-schema-graph\">{\"@context\":\"https:\/\/schema.org\",\"@graph\":[{\"@type\":\"WebPage\",\"@id\":\"https:\/\/vapebulkp.com\/product\/al-fakher-crystal-8000-puffs-crown-bar-wholesale-disposable-vapes\/\",\"url\":\"https:\/\/vapebulkp.com\/product\/al-fakher-crystal-8000-puffs-crown-bar-wholesale-disposable-vapes\/\",\"name\":\"Al Fakher Crystal 8000 Puffs Crown Bar Wholesale Disposable Vapes - vapebulkp.com\",\"isPartOf\":{\"@id\":\"https:\/\/vapebulkp.com\/#website\"},\"datePublished\":\"2025-05-07T07:27:59+00:00\",\"dateModified\":\"2025-09-24T03:57:33+00:00\",\"description\":\"Get Al Fakher Crystal 8000 Puffs Vape \u2014 dual mode, Type-C rechargeable, big clouds, smooth DTL vaping, screen display. Fast shipping & wholesale deals.\",\"breadcrumb\":{\"@id\":\"https:\/\/vapebulkp.com\/product\/al-fakher-crystal-8000-puffs-crown-bar-wholesale-disposable-vapes\/#breadcrumb\"},\"inLanguage\":\"nl-NL\",\"potentialAction\":[{\"@type\":\"ReadAction\",\"target\":[\"https:\/\/vapebulkp.com\/product\/al-fakher-crystal-8000-puffs-crown-bar-wholesale-disposable-vapes\/\"]}]},{\"@type\":\"BreadcrumbList\",\"@id\":\"https:\/\/vapebulkp.com\/product\/al-fakher-crystal-8000-puffs-crown-bar-wholesale-disposable-vapes\/#breadcrumb\",\"itemListElement\":[{\"@type\":\"ListItem\",\"position\":1,\"name\":\"Home\",\"item\":\"https:\/\/vapebulkp.com\/\"},{\"@type\":\"ListItem\",\"position\":2,\"name\":\"Hot Trend Vapes\",\"item\":\"https:\/\/vapebulkp.com\/vape-shop\/\"},{\"@type\":\"ListItem\",\"position\":3,\"name\":\"Al Fakher Crystal 8000 Puffs Crown Bar Wholesale Disposable Vapes\"}]},{\"@type\":\"WebSite\",\"@id\":\"https:\/\/vapebulkp.com\/#website\",\"url\":\"https:\/\/vapebulkp.com\/\",\"name\":\"vapebulkp.com\",\"description\":\"Buy Vape In Cheap Bulk Price Near you\",\"publisher\":{\"@id\":\"https:\/\/vapebulkp.com\/#organization\"},\"potentialAction\":[{\"@type\":\"SearchAction\",\"target\":{\"@type\":\"EntryPoint\",\"urlTemplate\":\"https:\/\/vapebulkp.com\/?s={search_term_string}\"},\"query-input\":\"required name=search_term_string\"}],\"inLanguage\":\"nl-NL\"},{\"@type\":\"Organization\",\"@id\":\"https:\/\/vapebulkp.com\/#organization\",\"name\":\"vapebulkp.com\",\"url\":\"https:\/\/vapebulkp.com\/\",\"logo\":{\"@type\":\"ImageObject\",\"inLanguage\":\"nl-NL\",\"@id\":\"https:\/\/vapebulkp.com\/#\/schema\/logo\/image\/\",\"url\":\"https:\/\/vapebulkp.com\/wp-content\/uploads\/2023\/09\/cropped-vapebulkp.png\",\"contentUrl\":\"https:\/\/vapebulkp.com\/wp-content\/uploads\/2023\/09\/cropped-vapebulkp.png\",\"width\":516,\"height\":163,\"caption\":\"vapebulkp.com\"},\"image\":{\"@id\":\"https:\/\/vapebulkp.com\/#\/schema\/logo\/image\/\"}}]}<\/script>\n<!-- \/ Yoast SEO plugin. -->","yoast_head_json":{"title":"Al Fakher Crystal 8000 Puffs Crown Bar Wholesale Disposable Vapes - vapebulkp.com","description":"Get Al Fakher Crystal 8000 Puffs Vape \u2014 dual mode, Type-C rechargeable, big clouds, smooth DTL vaping, screen display. Fast shipping & wholesale deals.","robots":{"index":"index","follow":"follow","max-snippet":"max-snippet:-1","max-image-preview":"max-image-preview:large","max-video-preview":"max-video-preview:-1"},"canonical":"https:\/\/vapebulkp.com\/nl\/product\/al-fakher-crystal-8000-puffs-crown-bar-wholesale-disposable-vapes\/","og_locale":"nl_NL","og_type":"article","og_title":"Al Fakher Crystal 8000 Puffs Crown Bar Wholesale Disposable Vapes - vapebulkp.com","og_description":"Get Al Fakher Crystal 8000 Puffs Vape \u2014 dual mode, Type-C rechargeable, big clouds, smooth DTL vaping, screen display. Fast shipping & wholesale deals.","og_url":"https:\/\/vapebulkp.com\/nl\/product\/al-fakher-crystal-8000-puffs-crown-bar-wholesale-disposable-vapes\/","og_site_name":"vapebulkp.com","article_modified_time":"2025-09-24T03:57:33+00:00","og_image":[{"width":800,"height":800,"url":"http:\/\/vapebulkp.com\/wp-content\/uploads\/2025\/05\/Shop-Al-Fakher-Crystal-8000-Puffs-Wholesale-Vape.webp","type":"image\/webp"}],"twitter_card":"summary_large_image","twitter_misc":{"Verwachte leestijd":"4 minuten"},"schema":{"@context":"https:\/\/schema.org","@graph":[{"@type":"WebPage","@id":"https:\/\/vapebulkp.com\/product\/al-fakher-crystal-8000-puffs-crown-bar-wholesale-disposable-vapes\/","url":"https:\/\/vapebulkp.com\/product\/al-fakher-crystal-8000-puffs-crown-bar-wholesale-disposable-vapes\/","name":"Al Fakher Crystal 8000 Puffs Crown Bar Wholesale Disposable Vapes - vapebulkp.com","isPartOf":{"@id":"https:\/\/vapebulkp.com\/#website"},"datePublished":"2025-05-07T07:27:59+00:00","dateModified":"2025-09-24T03:57:33+00:00","description":"Get Al Fakher Crystal 8000 Puffs Vape \u2014 dual mode, Type-C rechargeable, big clouds, smooth DTL vaping, screen display. Fast shipping & wholesale deals.","breadcrumb":{"@id":"https:\/\/vapebulkp.com\/product\/al-fakher-crystal-8000-puffs-crown-bar-wholesale-disposable-vapes\/#breadcrumb"},"inLanguage":"nl-NL","potentialAction":[{"@type":"ReadAction","target":["https:\/\/vapebulkp.com\/product\/al-fakher-crystal-8000-puffs-crown-bar-wholesale-disposable-vapes\/"]}]},{"@type":"BreadcrumbList","@id":"https:\/\/vapebulkp.com\/product\/al-fakher-crystal-8000-puffs-crown-bar-wholesale-disposable-vapes\/#breadcrumb","itemListElement":[{"@type":"ListItem","position":1,"name":"Home","item":"https:\/\/vapebulkp.com\/"},{"@type":"ListItem","position":2,"name":"Hot Trend Vapes","item":"https:\/\/vapebulkp.com\/vape-shop\/"},{"@type":"ListItem","position":3,"name":"Al Fakher Crystal 8000 Puffs Crown Bar Wholesale Disposable Vapes"}]},{"@type":"WebSite","@id":"https:\/\/vapebulkp.com\/#website","url":"https:\/\/vapebulkp.com\/","name":"vapebulkp.com","description":"Buy Vape In Cheap Bulk Price Near you","publisher":{"@id":"https:\/\/vapebulkp.com\/#organization"},"potentialAction":[{"@type":"SearchAction","target":{"@type":"EntryPoint","urlTemplate":"https:\/\/vapebulkp.com\/?s={search_term_string}"},"query-input":"required name=search_term_string"}],"inLanguage":"nl-NL"},{"@type":"Organization","@id":"https:\/\/vapebulkp.com\/#organization","name":"vapebulkp.com","url":"https:\/\/vapebulkp.com\/","logo":{"@type":"ImageObject","inLanguage":"nl-NL","@id":"https:\/\/vapebulkp.com\/#\/schema\/logo\/image\/","url":"https:\/\/vapebulkp.com\/wp-content\/uploads\/2023\/09\/cropped-vapebulkp.png","contentUrl":"https:\/\/vapebulkp.com\/wp-content\/uploads\/2023\/09\/cropped-vapebulkp.png","width":516,"height":163,"caption":"vapebulkp.com"},"image":{"@id":"https:\/\/vapebulkp.com\/#\/schema\/logo\/image\/"}}]}},"uagb_featured_image_src":{"full":["https:\/\/vapebulkp.com\/wp-content\/uploads\/2025\/05\/Shop-Al-Fakher-Crystal-8000-Puffs-Wholesale-Vape.webp",800,800,false],"thumbnail":["https:\/\/vapebulkp.com\/wp-content\/uploads\/2025\/05\/Shop-Al-Fakher-Crystal-8000-Puffs-Wholesale-Vape-150x150.webp",150,150,true],"medium":["https:\/\/vapebulkp.com\/wp-content\/uploads\/2025\/05\/Shop-Al-Fakher-Crystal-8000-Puffs-Wholesale-Vape-300x300.webp",300,300,true],"medium_large":["https:\/\/vapebulkp.com\/wp-content\/uploads\/2025\/05\/Shop-Al-Fakher-Crystal-8000-Puffs-Wholesale-Vape-768x768.webp",768,768,true],"large":["https:\/\/vapebulkp.com\/wp-content\/uploads\/2025\/05\/Shop-Al-Fakher-Crystal-8000-Puffs-Wholesale-Vape.webp",800,800,false],"1536x1536":["https:\/\/vapebulkp.com\/wp-content\/uploads\/2025\/05\/Shop-Al-Fakher-Crystal-8000-Puffs-Wholesale-Vape.webp",800,800,false],"2048x2048":["https:\/\/vapebulkp.com\/wp-content\/uploads\/2025\/05\/Shop-Al-Fakher-Crystal-8000-Puffs-Wholesale-Vape.webp",800,800,false],"trp-custom-language-flag":["https:\/\/vapebulkp.com\/wp-content\/uploads\/2025\/05\/Shop-Al-Fakher-Crystal-8000-Puffs-Wholesale-Vape.webp",12,12,false],"woocommerce_thumbnail":["https:\/\/vapebulkp.com\/wp-content\/uploads\/2025\/05\/Shop-Al-Fakher-Crystal-8000-Puffs-Wholesale-Vape-300x300.webp",300,300,true],"woocommerce_single":["https:\/\/vapebulkp.com\/wp-content\/uploads\/2025\/05\/Shop-Al-Fakher-Crystal-8000-Puffs-Wholesale-Vape-600x600.webp",600,600,true],"woocommerce_gallery_thumbnail":["https:\/\/vapebulkp.com\/wp-content\/uploads\/2025\/05\/Shop-Al-Fakher-Crystal-8000-Puffs-Wholesale-Vape-100x100.webp",100,100,true],"wcpr-photo-reviews":["https:\/\/vapebulkp.com\/wp-content\/uploads\/2025\/05\/Shop-Al-Fakher-Crystal-8000-Puffs-Wholesale-Vape.webp",500,500,false]},"uagb_author_info":{"display_name":"Mandy vape bulk price","author_link":"https:\/\/vapebulkp.com\/nl\/author\/"},"uagb_comment_info":0,"uagb_excerpt":"Get Al Fakher Crystal 8000 Puffs Vapes \u2014 dual mode, Type-C rechargeable, big clouds, smooth DTL vaping, screen display. Fast shipping &amp; wholesale deals. Pls Contact Mandy's WhatsApp For Discount Price+8618077105796 NOTE: Prices on our website does not include shipping costs &nbsp;","_links":{"self":[{"href":"https:\/\/vapebulkp.com\/nl\/wp-json\/wp\/v2\/product\/3752","targetHints":{"allow":["GET"]}}],"collection":[{"href":"https:\/\/vapebulkp.com\/nl\/wp-json\/wp\/v2\/product"}],"about":[{"href":"https:\/\/vapebulkp.com\/nl\/wp-json\/wp\/v2\/types\/product"}],"replies":[{"embeddable":true,"href":"https:\/\/vapebulkp.com\/nl\/wp-json\/wp\/v2\/comments?post=3752"}],"wp:featuredmedia":[{"embeddable":true,"href":"https:\/\/vapebulkp.com\/nl\/wp-json\/wp\/v2\/media\/3751"}],"wp:attachment":[{"href":"https:\/\/vapebulkp.com\/nl\/wp-json\/wp\/v2\/media?parent=3752"}],"wp:term":[{"taxonomy":"product_cat","embeddable":true,"href":"https:\/\/vapebulkp.com\/nl\/wp-json\/wp\/v2\/product_cat?post=3752"},{"taxonomy":"product_tag","embeddable":true,"href":"https:\/\/vapebulkp.com\/nl\/wp-json\/wp\/v2\/product_tag?post=3752"}],"curies":[{"name":"wp","href":"https:\/\/api.w.org\/{rel}","templated":true}]}}