{"id":10,"date":"2023-09-19T08:30:11","date_gmt":"2023-09-19T06:30:11","guid":{"rendered":"http:\/\/vapebulkp.com\/?page_id=10"},"modified":"2023-09-19T08:30:12","modified_gmt":"2023-09-19T06:30:12","slug":"refund_returns","status":"publish","type":"page","link":"https:\/\/vapebulkp.com\/pl\/refund_returns\/","title":{"rendered":"Polityka zwrot\u00f3w i zwrot\u00f3w koszt\u00f3w"},"content":{"rendered":"<p><strong>Polityka zwrot\u00f3w:<\/strong><\/p>\n\n\n\n<p>Naszym celem jest zapewnienie satysfakcji klienta, dlatego wprowadzili\u015bmy 7-dniow\u0105 polityk\u0119 zwrot\u00f3w. Masz pe\u0142ne 7 dni od daty otrzymania przedmiotu na zainicjowanie zwrotu.<\/p>\n\n\n\n<p><strong>Aby kwalifikowa\u0107 si\u0119 do zwrotu,<\/strong> Tw\u00f3j przedmiot musi pozosta\u0107 w oryginalnym stanie \u2013 nienoszony, nieu\u017cywany, z nienaruszonymi metkami i w oryginalnym opakowaniu. Dodatkowo, prosimy o przygotowanie paragonu lub dowodu zakupu.<\/p>\n\n\n\n<p><strong>Rozpocz\u0119cie zwrotu:<\/strong> Aby rozpocz\u0105\u0107 proces zwrotu, skontaktuj si\u0119 z nami pod adresem <a href=\"mailto:support@vapebulkp.com\">support@vapebulkp.com<\/a>.<\/p>\n\n\n\n<p><strong>Po zatwierdzeniu Twojego zg\u0142oszenia zwrotu,<\/strong> niezw\u0142ocznie dostarczymy Ci etykiet\u0119 zwrotn\u0105 i szczeg\u00f3\u0142owe instrukcje, gdzie i jak wys\u0142a\u0107 paczk\u0119. Nale\u017cy pami\u0119ta\u0107, \u017ce przedmioty odes\u0142ane bez wcze\u015bniejszego autoryzacji zwrotu nie b\u0119d\u0105 akceptowane.<\/p>\n\n\n\n<p><strong>Je\u015bli masz jakiekolwiek pytania dotycz\u0105ce procesu zwrotu,<\/strong> skontaktuj si\u0119 z nami pod adresem <a href=\"mailto:support@vapebulkp.com\">support@vapebulkp.com<\/a>.<\/p>\n\n\n\n<p><strong>Uszkodzenia i problemy:<\/strong><\/p>\n\n\n\n<p>Po otrzymaniu zam\u00f3wienia prosimy o dok\u0142adne sprawdzenie. Je\u015bli stwierdzisz jakiekolwiek wady, uszkodzenia lub otrzymasz niew\u0142a\u015bciwe przedmioty, prosimy o niezw\u0142oczne powiadomienie nas. Pozwoli nam to oceni\u0107 sytuacj\u0119 i podj\u0105\u0107 szybkie dzia\u0142ania naprawcze.<\/p>\n\n\n\n<p><strong>Wyj\u0105tki i przedmioty niepodlegaj\u0105ce zwrotowi:<\/strong><\/p>\n\n\n\n<p>Nale\u017cy pami\u0119ta\u0107, \u017ce pewne kategorie przedmiot\u00f3w nie podlegaj\u0105 zwrotowi. Obejmuj\u0105 one towary \u0142atwo psuj\u0105ce si\u0119 (takie jak \u017cywno\u015b\u0107, kwiaty lub ro\u015bliny), produkty wykonane na zam\u00f3wienie (w tym zam\u00f3wienia specjalne lub przedmioty spersonalizowane) oraz artyku\u0142y higieny osobistej (takie jak produkty kosmetyczne). Ponadto nie mo\u017cemy przyjmowa\u0107 zwrot\u00f3w materia\u0142\u00f3w niebezpiecznych, p\u0142yn\u00f3w ani gaz\u00f3w. Je\u015bli masz pytania dotycz\u0105ce kwalifikowalno\u015bci danego przedmiotu do zwrotu, nie wahaj si\u0119 z nami skontaktowa\u0107.<\/p>\n\n\n\n<p><strong>Nale\u017cy pami\u0119ta\u0107, \u017ce zwroty nie s\u0105 akceptowane dla przedmiot\u00f3w sprzedawanych na wyprzeda\u017cy ani kart podarunkowych.<\/strong><\/p>\n\n\n\n<p><strong>Wymiany:<\/strong><\/p>\n\n\n\n<p>Aby zapewni\u0107 p\u0142ynny proces wymiany, zalecamy zainicjowanie zwrotu istniej\u0105cego przedmiotu. Po zatwierdzeniu zwrotu mo\u017cesz dokona\u0107 osobnego zakupu nowego przedmiotu.<\/p>\n\n\n\n<p><strong>14-dniowy okres odst\u0105pienia od umowy w Unii Europejskiej:<\/strong><\/p>\n\n\n\n<p>Je\u015bli Twoje towary s\u0105 wysy\u0142ane do Unii Europejskiej, masz prawo anulowa\u0107 lub zwr\u00f3ci\u0107 zam\u00f3wienie w ci\u0105gu 14 dni, bez podania przyczyny. Warunki zwrotu pozostaj\u0105 zgodne z nasz\u0105 og\u00f3ln\u0105 polityk\u0105 \u2013 przedmiot musi by\u0107 w oryginalnym stanie, z nienaruszonymi metkami i wraz z paragonem lub dowodem zakupu.<\/p>\n\n\n\n<p><strong>Zwroty:<\/strong><\/p>\n\n\n\n<p>Po otrzymaniu i ocenie Twojego zwrotu poinformujemy Ci\u0119 o statusie zatwierdzenia zwrotu. Po zatwierdzeniu zwrot zostanie automatycznie przetworzony na Twoj\u0105 pierwotn\u0105 metod\u0119 p\u0142atno\u015bci w ci\u0105gu 10 dni roboczych. Prosimy o uwzgl\u0119dnienie dodatkowego czasu przetwarzania przez Tw\u00f3j bank lub firm\u0119 wydaj\u0105c\u0105 karty kredytowe.<\/p>\n\n\n\n<p><strong>Je\u015bli od zatwierdzenia zwrotu min\u0119\u0142o wi\u0119cej ni\u017c 15 dni roboczych,<\/strong> prosimy o kontakt pod adresem <a href=\"mailto:support@vapebulkp.com\">support@vapebulkp.com<\/a>.<\/p>\n\n\n\n<p>Doceniamy Twoje zrozumienie i wsp\u00f3\u0142prac\u0119 w naszym procesie zwrot\u00f3w.<\/p>","protected":false},"excerpt":{"rendered":"<p>Polityka zwrot\u00f3w: Naszym celem jest zapewnienie satysfakcji klienta, dlatego wprowadzili\u015bmy 7-dniow\u0105 polityk\u0119 zwrot\u00f3w. Masz pe\u0142ne 7 dni od daty otrzymania produktu na rozpocz\u0119cie procesu zwrotu. Aby by\u0107 uprawnionym do zwrotu, Tw\u00f3j produkt musi pozosta\u0107 w oryginalnym stanie \u2013 nieu\u017cywany, nieza\u0142o\u017cony, z nienaruszonymi metkami, \u2026<\/p>\n<p class=\"read-more\"> <a class=\"\" href=\"https:\/\/vapebulkp.com\/pl\/refund_returns\/\"> <span class=\"screen-reader-text\">Polityka zwrot\u00f3w i zwrot\u00f3w koszt\u00f3w<\/span> Czytaj wi\u0119cej \u00bb<\/a><\/p>","protected":false},"author":1,"featured_media":0,"parent":0,"menu_order":0,"comment_status":"closed","ping_status":"closed","template":"","meta":{"_uag_custom_page_level_css":"","_lmt_disableupdate":"","_lmt_disable":"","site-sidebar-layout":"default","site-content-layout":"","ast-site-content-layout":"default","site-content-style":"default","site-sidebar-style":"default","ast-global-header-display":"","ast-banner-title-visibility":"","ast-main-header-display":"","ast-hfb-above-header-display":"","ast-hfb-below-header-display":"","ast-hfb-mobile-header-display":"","site-post-title":"","ast-breadcrumbs-content":"","ast-featured-img":"","footer-sml-layout":"","theme-transparent-header-meta":"","adv-header-id-meta":"","stick-header-meta":"","header-above-stick-meta":"","header-main-stick-meta":"","header-below-stick-meta":"","astra-migrate-meta-layouts":"set","_joinchat":[],"footnotes":""},"class_list":["post-10","page","type-page","status-publish","hentry"],"yoast_head":"<!-- This site is optimized with the Yoast SEO plugin v21.1 - https:\/\/yoast.com\/wordpress\/plugins\/seo\/ -->\n<title>Refund and Returns Policy - vapebulkp.com<\/title>\n<meta name=\"robots\" content=\"index, follow, max-snippet:-1, max-image-preview:large, max-video-preview:-1\" \/>\n<link rel=\"canonical\" href=\"https:\/\/vapebulkp.com\/pl\/refund_returns\/\" \/>\n<meta property=\"og:locale\" content=\"pl_PL\" \/>\n<meta property=\"og:type\" content=\"article\" \/>\n<meta property=\"og:title\" content=\"Refund and Returns Policy - vapebulkp.com\" \/>\n<meta property=\"og:description\" content=\"Return Policy: Our aim is to ensure customer satisfaction, and thus, we have implemented a 7-day return policy. You have a full 7 days from the date of receiving your item to initiate a return. To be eligible for a return, your item must remain in its original condition \u2013 unworn, unused, with tags intact, &hellip; Refund and Returns Policy Read More &raquo;\" \/>\n<meta property=\"og:url\" content=\"https:\/\/vapebulkp.com\/pl\/refund_returns\/\" \/>\n<meta property=\"og:site_name\" content=\"vapebulkp.com\" \/>\n<meta property=\"article:modified_time\" content=\"2023-09-19T06:30:12+00:00\" \/>\n<meta name=\"twitter:card\" content=\"summary_large_image\" \/>\n<meta name=\"twitter:label1\" content=\"Szacowany czas czytania\" \/>\n\t<meta name=\"twitter:data1\" content=\"2 minuty\" \/>\n<script type=\"application\/ld+json\" class=\"yoast-schema-graph\">{\"@context\":\"https:\/\/schema.org\",\"@graph\":[{\"@type\":\"WebPage\",\"@id\":\"https:\/\/vapebulkp.com\/refund_returns\/\",\"url\":\"https:\/\/vapebulkp.com\/refund_returns\/\",\"name\":\"Refund and Returns Policy - vapebulkp.com\",\"isPartOf\":{\"@id\":\"https:\/\/vapebulkp.com\/#website\"},\"datePublished\":\"2023-09-19T06:30:11+00:00\",\"dateModified\":\"2023-09-19T06:30:12+00:00\",\"breadcrumb\":{\"@id\":\"https:\/\/vapebulkp.com\/refund_returns\/#breadcrumb\"},\"inLanguage\":\"pl-PL\",\"potentialAction\":[{\"@type\":\"ReadAction\",\"target\":[\"https:\/\/vapebulkp.com\/refund_returns\/\"]}]},{\"@type\":\"BreadcrumbList\",\"@id\":\"https:\/\/vapebulkp.com\/refund_returns\/#breadcrumb\",\"itemListElement\":[{\"@type\":\"ListItem\",\"position\":1,\"name\":\"Home\",\"item\":\"https:\/\/vapebulkp.com\/\"},{\"@type\":\"ListItem\",\"position\":2,\"name\":\"Refund and Returns Policy\"}]},{\"@type\":\"WebSite\",\"@id\":\"https:\/\/vapebulkp.com\/#website\",\"url\":\"https:\/\/vapebulkp.com\/\",\"name\":\"vapebulkp.com\",\"description\":\"Buy Vape In Cheap Bulk Price Near you\",\"publisher\":{\"@id\":\"https:\/\/vapebulkp.com\/#organization\"},\"potentialAction\":[{\"@type\":\"SearchAction\",\"target\":{\"@type\":\"EntryPoint\",\"urlTemplate\":\"https:\/\/vapebulkp.com\/?s={search_term_string}\"},\"query-input\":\"required name=search_term_string\"}],\"inLanguage\":\"pl-PL\"},{\"@type\":\"Organization\",\"@id\":\"https:\/\/vapebulkp.com\/#organization\",\"name\":\"vapebulkp.com\",\"url\":\"https:\/\/vapebulkp.com\/\",\"logo\":{\"@type\":\"ImageObject\",\"inLanguage\":\"pl-PL\",\"@id\":\"https:\/\/vapebulkp.com\/#\/schema\/logo\/image\/\",\"url\":\"https:\/\/vapebulkp.com\/wp-content\/uploads\/2023\/09\/cropped-vapebulkp.png\",\"contentUrl\":\"https:\/\/vapebulkp.com\/wp-content\/uploads\/2023\/09\/cropped-vapebulkp.png\",\"width\":516,\"height\":163,\"caption\":\"vapebulkp.com\"},\"image\":{\"@id\":\"https:\/\/vapebulkp.com\/#\/schema\/logo\/image\/\"}}]}<\/script>\n<!-- \/ Yoast SEO plugin. -->","yoast_head_json":{"title":"Refund and Returns Policy - vapebulkp.com","robots":{"index":"index","follow":"follow","max-snippet":"max-snippet:-1","max-image-preview":"max-image-preview:large","max-video-preview":"max-video-preview:-1"},"canonical":"https:\/\/vapebulkp.com\/pl\/refund_returns\/","og_locale":"pl_PL","og_type":"article","og_title":"Refund and Returns Policy - vapebulkp.com","og_description":"Return Policy: Our aim is to ensure customer satisfaction, and thus, we have implemented a 7-day return policy. You have a full 7 days from the date of receiving your item to initiate a return. To be eligible for a return, your item must remain in its original condition \u2013 unworn, unused, with tags intact, &hellip; Refund and Returns Policy Read More &raquo;","og_url":"https:\/\/vapebulkp.com\/pl\/refund_returns\/","og_site_name":"vapebulkp.com","article_modified_time":"2023-09-19T06:30:12+00:00","twitter_card":"summary_large_image","twitter_misc":{"Szacowany czas czytania":"2 minuty"},"schema":{"@context":"https:\/\/schema.org","@graph":[{"@type":"WebPage","@id":"https:\/\/vapebulkp.com\/refund_returns\/","url":"https:\/\/vapebulkp.com\/refund_returns\/","name":"Refund and Returns Policy - vapebulkp.com","isPartOf":{"@id":"https:\/\/vapebulkp.com\/#website"},"datePublished":"2023-09-19T06:30:11+00:00","dateModified":"2023-09-19T06:30:12+00:00","breadcrumb":{"@id":"https:\/\/vapebulkp.com\/refund_returns\/#breadcrumb"},"inLanguage":"pl-PL","potentialAction":[{"@type":"ReadAction","target":["https:\/\/vapebulkp.com\/refund_returns\/"]}]},{"@type":"BreadcrumbList","@id":"https:\/\/vapebulkp.com\/refund_returns\/#breadcrumb","itemListElement":[{"@type":"ListItem","position":1,"name":"Home","item":"https:\/\/vapebulkp.com\/"},{"@type":"ListItem","position":2,"name":"Refund and Returns Policy"}]},{"@type":"WebSite","@id":"https:\/\/vapebulkp.com\/#website","url":"https:\/\/vapebulkp.com\/","name":"vapebulkp.com","description":"Buy Vape In Cheap Bulk Price Near you","publisher":{"@id":"https:\/\/vapebulkp.com\/#organization"},"potentialAction":[{"@type":"SearchAction","target":{"@type":"EntryPoint","urlTemplate":"https:\/\/vapebulkp.com\/?s={search_term_string}"},"query-input":"required name=search_term_string"}],"inLanguage":"pl-PL"},{"@type":"Organization","@id":"https:\/\/vapebulkp.com\/#organization","name":"vapebulkp.com","url":"https:\/\/vapebulkp.com\/","logo":{"@type":"ImageObject","inLanguage":"pl-PL","@id":"https:\/\/vapebulkp.com\/#\/schema\/logo\/image\/","url":"https:\/\/vapebulkp.com\/wp-content\/uploads\/2023\/09\/cropped-vapebulkp.png","contentUrl":"https:\/\/vapebulkp.com\/wp-content\/uploads\/2023\/09\/cropped-vapebulkp.png","width":516,"height":163,"caption":"vapebulkp.com"},"image":{"@id":"https:\/\/vapebulkp.com\/#\/schema\/logo\/image\/"}}]}},"uagb_featured_image_src":{"full":false,"thumbnail":false,"medium":false,"medium_large":false,"large":false,"1536x1536":false,"2048x2048":false,"trp-custom-language-flag":false,"woocommerce_thumbnail":false,"woocommerce_single":false,"woocommerce_gallery_thumbnail":false,"wcpr-photo-reviews":false},"uagb_author_info":{"display_name":"vapebulkp.com","author_link":"https:\/\/vapebulkp.com\/pl\/author\/vapebulkp-com\/"},"uagb_comment_info":0,"uagb_excerpt":"Return Policy: Our aim is to ensure customer satisfaction, and thus, we have implemented a 7-day return policy. You have a full 7 days from the date of receiving your item to initiate a return. To be eligible for a return, your item must remain in its original condition \u2013 unworn, unused, with tags intact,&hellip;","_links":{"self":[{"href":"https:\/\/vapebulkp.com\/pl\/wp-json\/wp\/v2\/pages\/10","targetHints":{"allow":["GET"]}}],"collection":[{"href":"https:\/\/vapebulkp.com\/pl\/wp-json\/wp\/v2\/pages"}],"about":[{"href":"https:\/\/vapebulkp.com\/pl\/wp-json\/wp\/v2\/types\/page"}],"author":[{"embeddable":true,"href":"https:\/\/vapebulkp.com\/pl\/wp-json\/wp\/v2\/users\/1"}],"replies":[{"embeddable":true,"href":"https:\/\/vapebulkp.com\/pl\/wp-json\/wp\/v2\/comments?post=10"}],"version-history":[{"count":1,"href":"https:\/\/vapebulkp.com\/pl\/wp-json\/wp\/v2\/pages\/10\/revisions"}],"predecessor-version":[{"id":1465,"href":"https:\/\/vapebulkp.com\/pl\/wp-json\/wp\/v2\/pages\/10\/revisions\/1465"}],"wp:attachment":[{"href":"https:\/\/vapebulkp.com\/pl\/wp-json\/wp\/v2\/media?parent=10"}],"curies":[{"name":"wp","href":"https:\/\/api.w.org\/{rel}","templated":true}]}}