{"id":1523,"date":"2023-09-20T05:18:44","date_gmt":"2023-09-20T03:18:44","guid":{"rendered":"https:\/\/vapebulkp.com\/?post_type=product&#038;p=1523"},"modified":"2025-09-16T11:23:39","modified_gmt":"2025-09-16T09:23:39","slug":"good-sale-randm-tornado-10000-puffs-plus","status":"publish","type":"product","link":"https:\/\/vapebulkp.com\/pl\/product\/good-sale-randm-tornado-10000-puffs-plus\/","title":{"rendered":"Dobra wyprzeda\u017c RandM Tornado 10000 zaci\u0105gni\u0119\u0107 Plus Polska"},"content":{"rendered":"<h2>Dobra Sprzeda\u017c RandM Tornado 10000 Puffs Plus<\/h2>\n<p data-start=\"139\" data-end=\"410\">To <strong data-start=\"143\" data-end=\"172\">RandM Tornado 10000 Zaci\u0105gni\u0119\u0107<\/strong> to wysokowydajne urz\u0105dzenie <strong data-start=\"195\" data-end=\"226\">10000 zaci\u0105gni\u0119\u0107 jednorazowy e-papieros<\/strong> stworzony dla europejskich entuzjast\u00f3w wapowania poszukuj\u0105cych wygody i jako\u015bci. Wst\u0119pnie nape\u0142niony 20 ml najwy\u017cszej jako\u015bci p\u0142ynu z sol\u0105 nikotynow\u0105, zapewnia g\u0142adk\u0105, pe\u0142n\u0105 par\u0119 przy ka\u017cdym zaci\u0105gni\u0119ciu.<\/p>\n<p data-start=\"412\" data-end=\"709\">Wyposa\u017cony w system 0.8\u03a9 <strong data-start=\"429\" data-end=\"447\">siatkowa grza\u0142ka<\/strong> i akumulator 850 mAh typu C, ten <strong data-start=\"503\" data-end=\"536\">jednorazowy e-papieros o du\u017cej pojemno\u015bci<\/strong> zapewnia sta\u0142y smak i satysfakcjonuj\u0105ce uderzenia w gard\u0142o do 10 000 zaci\u0105gni\u0119\u0107. Dost\u0119pny w st\u0119\u017ceniach nikotyny 2% i 5%, zaspokaja preferencje dotycz\u0105ce umiarkowanych i mocnych uderze\u0144.<\/p>\n<p data-start=\"711\" data-end=\"983\">Kompaktowy i lekki <strong data-start=\"740\" data-end=\"785\">RandM Tornado <a href=\"https:\/\/vapebulkp.com\/pl\/product-category\/10000-puffs-disposable-vape\/\">10000 zaci\u0105gni\u0119\u0107 jednorazowy e-papieros<\/a><\/strong> jest przyjazny w podr\u00f3\u017cy, \u0142atwy do przenoszenia i gotowy do u\u017cycia w dowolnym miejscu. Jego ergonomiczna konstrukcja i solidna wydajno\u015b\u0107 sprawiaj\u0105, \u017ce jest idealny do codziennego wapowania, spotka\u0144 towarzyskich lub dystrybucji hurtowej w ca\u0142ej Europie.<\/p>\n<h6 style=\"text-align: left\"><img decoding=\"async\" class=\"alignnone wp-image-1706\" src=\"http:\/\/vapebulkp.com\/wp-content\/uploads\/2023\/09\/randm-tornado-vape-10000-plus-1.jpg\" alt=\"randm-tornado-e-papieros-10000-plus\" width=\"372\" height=\"372\" srcset=\"https:\/\/vapebulkp.com\/wp-content\/uploads\/2023\/09\/randm-tornado-vape-10000-plus-1.jpg 1000w, https:\/\/vapebulkp.com\/wp-content\/uploads\/2023\/09\/randm-tornado-vape-10000-plus-1-300x300.jpg 300w, https:\/\/vapebulkp.com\/wp-content\/uploads\/2023\/09\/randm-tornado-vape-10000-plus-1-150x150.jpg 150w, https:\/\/vapebulkp.com\/wp-content\/uploads\/2023\/09\/randm-tornado-vape-10000-plus-1-768x768.jpg 768w, https:\/\/vapebulkp.com\/wp-content\/uploads\/2023\/09\/randm-tornado-vape-10000-plus-1-600x600.jpg 600w, https:\/\/vapebulkp.com\/wp-content\/uploads\/2023\/09\/randm-tornado-vape-10000-plus-1-100x100.jpg 100w\" sizes=\"(max-width: 372px) 100vw, 372px\" \/><\/h6>\n<h6>Skontaktuj si\u0119 z WhatsApp Mandy, aby uzyska\u0107 cen\u0119 ze zni\u017ck\u0105<a href=\"https:\/\/wa.me\/8618077105796\">+8618077105796<\/a><\/h6>\n<p><img decoding=\"async\" class=\"alignnone wp-image-2151\" src=\"http:\/\/vapebulkp.com\/wp-content\/uploads\/2024\/04\/Mandy-WhatsApp-Randm.jpg\" alt=\"WhatsApp Mandy Randm\" width=\"239\" height=\"254\" srcset=\"https:\/\/vapebulkp.com\/wp-content\/uploads\/2024\/04\/Mandy-WhatsApp-Randm.jpg 916w, https:\/\/vapebulkp.com\/wp-content\/uploads\/2024\/04\/Mandy-WhatsApp-Randm-282x300.jpg 282w, https:\/\/vapebulkp.com\/wp-content\/uploads\/2024\/04\/Mandy-WhatsApp-Randm-768x817.jpg 768w, https:\/\/vapebulkp.com\/wp-content\/uploads\/2024\/04\/Mandy-WhatsApp-Randm-600x638.jpg 600w\" sizes=\"(max-width: 239px) 100vw, 239px\" \/><\/p>\n<h2><span style=\"vertical-align: inherit\">Pomy\u015bleli\u015bmy, \u017ce warto wiedzie\u0107 o RandM Tornado 10000 Puffs Plus:<\/span><\/h2>\n<h5 class=\"style-scope ytd-watch-metadata\">1.Jak u\u017cywa\u0107 r i m <span style=\"vertical-align: inherit\">\u00a0tornado 10000 zaci\u0105gni\u0119\u0107 jednorazowy Plus <\/span>E-papieros?<\/h5>\n<p>Krok 1. Przed u\u017cyciem 10k puffs, od\u0142\u0105cz plastikow\u0105 rurk\u0119.<\/p>\n<p>Krok 2. Odczekaj oko\u0142o 3 minut, aby p\u0142yn dosta\u0142 si\u0119 do spirali wewn\u0105trz.<\/p>\n<p>Krok 3. Ciesz si\u0119<\/p>\n<h5>2.Jak na\u0142adowa\u0107 jednorazowy vape r<span style=\"vertical-align: inherit\">\u00a010000 Chmur Plus <\/span>URZ\u0104DZENIE?<\/h5>\n<p>Nie mo\u017cna u\u017cywa\u0107 \u0142adowarek do szybkiego \u0142adowania, a standardowa bezpieczna moc jednorazowych e-papieros\u00f3w to 5V 1A.<\/p>\n<p>Ka\u017cdy czas \u0142adowania nie mo\u017ce przekroczy\u0107 1 godziny, a bezpieczny czas \u0142adowania to p\u00f3\u0142 godziny.<\/p>\n<p><span style=\"color: #ff6600\">Uwaga: nie mo\u017cna \u0142adowa\u0107 przez ca\u0142\u0105 noc!<\/span><\/p>\n<h5>3.Jaka jest pojemno\u015b\u0107 e-liquidu randm puff 10000?<\/h5>\n<p>\u2014\u201420ml<\/p>\n<h5>4. Ile zaci\u0105gni\u0119\u0107 mog\u0119 wzi\u0105\u0107 z tego randm torndao 10000 Puffs Plus?<\/h5>\n<p>\u2014\u201310000 Puffs plus<\/p>\n<h3><strong><span style=\"vertical-align: inherit\">Specyfikacja dla randm 10000 Puffs Plus:<\/span><br \/>\n<\/strong><\/h3>\n<p>Bateria: 850mAh (Typ C)<br \/>\nPojemno\u015b\u0107: 20 ml<br \/>\nGrza\u0142ka: siatka 0.8 oma<br \/>\nPrzybli\u017cona obj\u0119to\u015b\u0107 ssania: 10000 puffs<br \/>\nZawarto\u015b\u0107 nikotyny: 2%, 5%<br \/>\nMinimalne zam\u00f3wienie: 100 sztuk<\/p>\n<h3><strong>\u00a0Najlepsze opcje smakowe dla randm vape 10000 Puffs Plus:<\/strong><\/h3>\n<p><strong>1 Ch\u0142odz\u0105ca Mi\u0119ta<br \/>\n2 Soczysty L\u00f3d<br \/>\n3 Misie<br \/>\n4 Lody Bor\u00f3wkowe<br \/>\n5 Lody Winogronowe<br \/>\n6 R\u00f3\u017cowa Lemoniada<br \/>\n7 mieszane jagody<br \/>\n8 Truskawka Arbuz <\/strong><\/p>\n<p><strong>9. Czerwone Jab\u0142ko Cytryna<br \/>\n10. Truskawka Kiwi<br \/>\n11 Guma balonowa bor\u00f3wkowa<br \/>\n12 Niebieskie Kwa\u015bne Maliny<br \/>\n13 Dr. Lan<br \/>\n14 Brzoskwinia Mango<br \/>\n15 Lody Truskawkowe<br \/>\n16 Lody Ramblaz<br \/>\n17 Lody Ananasowe<br \/>\n18 wi\u015bni<br \/>\n19 Brzoskwiniowy L\u00f3d<br \/>\n20 malin arbuz<br \/>\n21 jag\u00f3d malin<\/strong><\/p>\n<p><span style=\"vertical-align: inherit\">Znajd\u017a wi\u0119cej produkt\u00f3w, kt\u00f3re mog\u0105 Ci si\u0119 spodoba\u0107:<\/span><em><a href=\"https:\/\/wa.me\/8618077105796\"><span style=\"vertical-align: inherit\">\u00a0Kup teraz<\/span><\/a><\/em><\/p>\n<p><span style=\"vertical-align: inherit\">Inne Puffs, kt\u00f3re mog\u0105 Ci si\u0119 spodoba\u0107:<\/span><a href=\"https:\/\/vapebulkp.com\/pl\/product\/wholesale-price-og-super-smash-10000-puffs-disposable-vape\/\"><span style=\"vertical-align: inherit\">OG Smash 10000 zaci\u0105gni\u0119\u0107<\/span><\/a><span style=\"vertical-align: inherit\">\u3001<\/span><a href=\"https:\/\/vapebulkp.com\/pl\/product\/good-sale-randm-tornado-10000-puffs-plus\/\"><span style=\"vertical-align: inherit\">RandM Tornado 10000 Zaci\u0105gni\u0119\u0107<\/span><\/a><span style=\"vertical-align: inherit\">\/ <\/span><a href=\"https:\/\/vapebulkp.com\/pl\/product\/popular-kulx-10000puffs-disposable-vape-good-price\/\"><span style=\"vertical-align: inherit\">Kulx 10000 Zaci\u0105gni\u0119\u0107<\/span><\/a><span style=\"vertical-align: inherit\">\/ <\/span><a href=\"https:\/\/vapebulkp.com\/pl\/product\/wholesale-randm-vape-9000-puffs-germany\/\"><span style=\"vertical-align: inherit\">RandM Tornado 9000 zaci\u0105gni\u0119\u0107\/<\/span><\/a><\/p>\n<p><span style=\"vertical-align: inherit\">E-papieros o specjalnym kszta\u0142cie butelki:<\/span><a href=\"https:\/\/vapebulkp.com\/pl\/product\/wholesale-tornado-rum-bar-9000-puffs-sweden\/\"><span style=\"vertical-align: inherit\">Rumbar 9000 zaci\u0105gni\u0119\u0107<\/span><\/a><span style=\"vertical-align: inherit\">\/ <\/span><a href=\"https:\/\/vapebulkp.com\/pl\/product\/popular-bang-king-10000-puffs-vape-good-price\/\"><span style=\"vertical-align: inherit\">o\u015bwietlenie RGB<\/span><\/a><span style=\"vertical-align: inherit\">\/<\/span><a href=\"https:\/\/vapebulkp.com\/pl\/product\/top-sale-waspe-12000puffs-disposable-vape-wholesale-france\/\"><span style=\"vertical-align: inherit\">WASPE 12000 zaci\u0105gni\u0119\u0107 <\/span><\/a><\/p>\n<h5>Kwalifikacja produkcyjna:<\/h5>\n<p><img decoding=\"async\" class=\"alignnone size-full wp-image-1841\" src=\"http:\/\/vapebulkp.com\/wp-content\/uploads\/2023\/11\/Vape-production-process-2.jpeg\" alt=\"Proces produkcji vape\" width=\"650\" height=\"434\" srcset=\"https:\/\/vapebulkp.com\/wp-content\/uploads\/2023\/11\/Vape-production-process-2.jpeg 650w, https:\/\/vapebulkp.com\/wp-content\/uploads\/2023\/11\/Vape-production-process-2-300x200.jpeg 300w, https:\/\/vapebulkp.com\/wp-content\/uploads\/2023\/11\/Vape-production-process-2-600x401.jpeg 600w\" sizes=\"(max-width: 650px) 100vw, 650px\" \/><\/p>\n<p><img decoding=\"async\" class=\"alignnone size-full wp-image-1843\" src=\"http:\/\/vapebulkp.com\/wp-content\/uploads\/2023\/11\/Vape-production-process.jpeg\" alt=\"Proces produkcji vape\" width=\"641\" height=\"1026\" srcset=\"https:\/\/vapebulkp.com\/wp-content\/uploads\/2023\/11\/Vape-production-process.jpeg 641w, https:\/\/vapebulkp.com\/wp-content\/uploads\/2023\/11\/Vape-production-process-187x300.jpeg 187w, https:\/\/vapebulkp.com\/wp-content\/uploads\/2023\/11\/Vape-production-process-640x1024.jpeg 640w, https:\/\/vapebulkp.com\/wp-content\/uploads\/2023\/11\/Vape-production-process-600x960.jpeg 600w\" sizes=\"(max-width: 641px) 100vw, 641px\" \/><\/p>\n<h5>Najcz\u0119\u015bciej zadawane pytania:<\/h5>\n<p>P: Jakie jest minimalne zam\u00f3wienie na r and m tornado 10000?<br \/>\nO: Minimalne zam\u00f3wienie to 100 sztuk.<br \/>\nP: Jaki jest czas dostawy zam\u00f3wionych vape'\u00f3w r and m?<br \/>\nO: Zwykle trwa to 10-15 dni od wysy\u0142ki<br \/>\nP: Ile kosztuje wysy\u0142ka?O: Koszt wysy\u0142ki zale\u017cy od wagi. R\u00f3\u017cne ilo\u015bci maj\u0105 r\u00f3\u017cne koszty wysy\u0142ki, prosimy o kontakt w celu ich potwierdzenia.<\/p>\n<h4>Szczeg\u00f3\u0142y wysy\u0142ki:<\/h4>\n<p><span style=\"color: #ff6600\">Czas produkcji: 5-10 dni roboczych<\/span><br \/>\n<span style=\"color: #ff6600\">Czas wysy\u0142ki: 8-14 dni roboczych<\/span><\/p>\n<p>Wszystkie produkty w naszym sklepie s\u0105 w 100% oryginalne i autentyczne, dlatego polityk\u0105 naszego sklepu jest dziesi\u0119ciokrotne odszkodowanie za podrobione towary. Do dostarczania towar\u00f3w u\u017cywamy kana\u0142\u00f3w logistycznych, takich jak UPS\/DHL\/FEDEX\/DPD.<\/p>\n<p>W przypadku paczek wysy\u0142anych do Polski dostawa trwa zwykle 10 dni roboczych. Wysy\u0142ka do kraj\u00f3w europejskich trwa zwykle od 12 do 15 dni roboczych. B\u0119dziemy aktualizowa\u0107 dla Ciebie informacje logistyczne w czasie rzeczywistym.<\/p>","protected":false},"excerpt":{"rendered":"<p>Witamy w przysz\u0142o\u015bci wapowania dzi\u0119ki jednorazowemu e-papierosowi RandM Tornado 10000 Puffs Plus. To niezwyk\u0142e urz\u0105dzenie oferuje zdumiewaj\u0105ce 10000 zaci\u0105gni\u0119\u0107 w eleganckim i jednorazowym opakowaniu, zapewniaj\u0105c waperom niezr\u00f3wnan\u0105 wygod\u0119 i smak. Po\u017cegnaj si\u0119 z k\u0142opotami zwi\u0105zanymi z tradycyjnym wapowaniem i przywitaj nowy spos\u00f3b cieszenia si\u0119 ulubionymi smakami.<\/p>\n<p>Popularny randm torndado dobry vape<\/p>\n<p>Najlepsza sprzeda\u017c randm vape 10000 zaci\u0105gni\u0119\u0107<\/p>\n<p><a href=\"http:\/\/Sklep z vape Randm\">http:\/\/Sklep z vape Randm<\/a><\/p>\n<p><img decoding=\"async\" class=\"alignnone wp-image-2151\" src=\"http:\/\/vapebulkp.com\/wp-content\/uploads\/2024\/04\/Mandy-WhatsApp-Randm.jpg\" alt=\"WhatsApp Mandy Randm\" width=\"255\" height=\"271\" srcset=\"https:\/\/vapebulkp.com\/wp-content\/uploads\/2024\/04\/Mandy-WhatsApp-Randm.jpg 916w, https:\/\/vapebulkp.com\/wp-content\/uploads\/2024\/04\/Mandy-WhatsApp-Randm-282x300.jpg 282w, https:\/\/vapebulkp.com\/wp-content\/uploads\/2024\/04\/Mandy-WhatsApp-Randm-768x817.jpg 768w, https:\/\/vapebulkp.com\/wp-content\/uploads\/2024\/04\/Mandy-WhatsApp-Randm-600x638.jpg 600w\" sizes=\"(max-width: 255px) 100vw, 255px\" \/><\/p>\n<p>Skontaktuj si\u0119 z WhatsApp Mandy, aby uzyska\u0107 cen\u0119 ze zni\u017ck\u0105<a href=\"https:\/\/wa.me\/8618077105796\">+8618077105796<\/a><\/p>\n<p><span style=\"color: #ff0000\">UWAGA: Ceny na naszej stronie internetowej nie zawieraj\u0105 koszt\u00f3w wysy\u0142ki<\/span><\/p>","protected":false},"featured_media":1541,"comment_status":"open","ping_status":"closed","template":"","meta":{"_uag_custom_page_level_css":"","_lmt_disableupdate":"no","_lmt_disable":"","site-sidebar-layout":"default","site-content-layout":"content-boxed-container","ast-site-content-layout":"normal-width-container","site-content-style":"boxed","site-sidebar-style":"unboxed","ast-global-header-display":"","ast-banner-title-visibility":"","ast-main-header-display":"","ast-hfb-above-header-display":"","ast-hfb-below-header-display":"","ast-hfb-mobile-header-display":"","site-post-title":"","ast-breadcrumbs-content":"","ast-featured-img":"","footer-sml-layout":"","theme-transparent-header-meta":"default","adv-header-id-meta":"","stick-header-meta":"","header-above-stick-meta":"","header-main-stick-meta":"","header-below-stick-meta":"","astra-migrate-meta-layouts":"set","_joinchat":[]},"product_cat":[167,153,155,33,352,59,100,87,34,158,157,154,152,58,84,156,63,32],"product_tag":[49,36,37,41,74,40],"class_list":["post-1523","product","type-product","status-publish","has-post-thumbnail","hentry","product_cat-10000-puffs-disposable-vape","product_cat-hot-disposable-vapes","product_cat-belgium-hot-disposable-vapes","product_cat-france-vape-hot-sale","product_cat-fumot-vapes","product_cat-germany-hot-disposable-vape","product_cat-germany-wholesale-vape-shop","product_cat-minimum-order-quantity-50pcs","product_cat-netherlands-vape-good-sale","product_cat-norway-hot-disposable-vapes","product_cat-poland-hot-disposable-vapes","product_cat-portugal-hot-disposable-vapes","product_cat-spain-hot-disposable-vapes","product_cat-sweden-hot-disposable-vape","product_cat-sweden-wholesale-vape","product_cat-switzerland-hot-disposable-vapes","product_cat-top-sale-disposable-vape","product_cat-vape-hot-sale-this-week","product_tag-10000puffs-plus","product_tag-good-vape","product_tag-hot-sale-disposable-vape","product_tag-poland-hot-vape","product_tag-randm-vape","product_tag-sweden-hot-vape","pa_brand-fumot-vape","desktop-align-left","tablet-align-left","mobile-align-left"],"yoast_head":"<!-- This site is optimized with the Yoast SEO plugin v21.1 - https:\/\/yoast.com\/wordpress\/plugins\/seo\/ -->\n<title>Good Sale RandM Tornado 10000 Puffs Plus Germany - vapebulkp.com<\/title>\n<meta name=\"description\" content=\"RandM Tornado 10000 Puffs Plus Vape ergonomic design fits perfectly in your hand and is compact enough to slip into your pocket or purse.\" \/>\n<meta name=\"robots\" content=\"index, follow, max-snippet:-1, max-image-preview:large, max-video-preview:-1\" \/>\n<link rel=\"canonical\" href=\"https:\/\/vapebulkp.com\/pl\/product\/good-sale-randm-tornado-10000-puffs-plus\/\" \/>\n<meta property=\"og:locale\" content=\"pl_PL\" \/>\n<meta property=\"og:type\" content=\"article\" \/>\n<meta property=\"og:title\" content=\"Good Sale RandM Tornado 10000 Puffs Plus Germany - vapebulkp.com\" \/>\n<meta property=\"og:description\" content=\"RandM Tornado 10000 Puffs Plus Vape ergonomic design fits perfectly in your hand and is compact enough to slip into your pocket or purse.\" \/>\n<meta property=\"og:url\" content=\"https:\/\/vapebulkp.com\/pl\/product\/good-sale-randm-tornado-10000-puffs-plus\/\" \/>\n<meta property=\"og:site_name\" content=\"vapebulkp.com\" \/>\n<meta property=\"article:modified_time\" content=\"2025-09-16T09:23:39+00:00\" \/>\n<meta property=\"og:image\" content=\"http:\/\/vapebulkp.com\/wp-content\/uploads\/2023\/09\/76612692f100d93cac6618a626c666e.jpg\" \/>\n\t<meta property=\"og:image:width\" content=\"1080\" \/>\n\t<meta property=\"og:image:height\" content=\"1920\" \/>\n\t<meta property=\"og:image:type\" content=\"image\/jpeg\" \/>\n<meta name=\"twitter:card\" content=\"summary_large_image\" \/>\n<meta name=\"twitter:label1\" content=\"Szacowany czas czytania\" \/>\n\t<meta name=\"twitter:data1\" content=\"4 minuty\" \/>\n<script type=\"application\/ld+json\" class=\"yoast-schema-graph\">{\"@context\":\"https:\/\/schema.org\",\"@graph\":[{\"@type\":\"WebPage\",\"@id\":\"https:\/\/vapebulkp.com\/product\/good-sale-randm-tornado-10000-puffs-plus\/\",\"url\":\"https:\/\/vapebulkp.com\/product\/good-sale-randm-tornado-10000-puffs-plus\/\",\"name\":\"Good Sale RandM Tornado 10000 Puffs Plus Germany - vapebulkp.com\",\"isPartOf\":{\"@id\":\"https:\/\/vapebulkp.com\/#website\"},\"datePublished\":\"2023-09-20T03:18:44+00:00\",\"dateModified\":\"2025-09-16T09:23:39+00:00\",\"description\":\"RandM Tornado 10000 Puffs Plus Vape ergonomic design fits perfectly in your hand and is compact enough to slip into your pocket or purse.\",\"breadcrumb\":{\"@id\":\"https:\/\/vapebulkp.com\/product\/good-sale-randm-tornado-10000-puffs-plus\/#breadcrumb\"},\"inLanguage\":\"pl-PL\",\"potentialAction\":[{\"@type\":\"ReadAction\",\"target\":[\"https:\/\/vapebulkp.com\/product\/good-sale-randm-tornado-10000-puffs-plus\/\"]}]},{\"@type\":\"BreadcrumbList\",\"@id\":\"https:\/\/vapebulkp.com\/product\/good-sale-randm-tornado-10000-puffs-plus\/#breadcrumb\",\"itemListElement\":[{\"@type\":\"ListItem\",\"position\":1,\"name\":\"Home\",\"item\":\"https:\/\/vapebulkp.com\/\"},{\"@type\":\"ListItem\",\"position\":2,\"name\":\"Hot Trend Vapes\",\"item\":\"https:\/\/vapebulkp.com\/vape-shop\/\"},{\"@type\":\"ListItem\",\"position\":3,\"name\":\"Good Sale RandM Tornado 10000 Puffs Plus Germany\"}]},{\"@type\":\"WebSite\",\"@id\":\"https:\/\/vapebulkp.com\/#website\",\"url\":\"https:\/\/vapebulkp.com\/\",\"name\":\"vapebulkp.com\",\"description\":\"Buy Vape In Cheap Bulk Price Near you\",\"publisher\":{\"@id\":\"https:\/\/vapebulkp.com\/#organization\"},\"potentialAction\":[{\"@type\":\"SearchAction\",\"target\":{\"@type\":\"EntryPoint\",\"urlTemplate\":\"https:\/\/vapebulkp.com\/?s={search_term_string}\"},\"query-input\":\"required name=search_term_string\"}],\"inLanguage\":\"pl-PL\"},{\"@type\":\"Organization\",\"@id\":\"https:\/\/vapebulkp.com\/#organization\",\"name\":\"vapebulkp.com\",\"url\":\"https:\/\/vapebulkp.com\/\",\"logo\":{\"@type\":\"ImageObject\",\"inLanguage\":\"pl-PL\",\"@id\":\"https:\/\/vapebulkp.com\/#\/schema\/logo\/image\/\",\"url\":\"https:\/\/vapebulkp.com\/wp-content\/uploads\/2023\/09\/cropped-vapebulkp.png\",\"contentUrl\":\"https:\/\/vapebulkp.com\/wp-content\/uploads\/2023\/09\/cropped-vapebulkp.png\",\"width\":516,\"height\":163,\"caption\":\"vapebulkp.com\"},\"image\":{\"@id\":\"https:\/\/vapebulkp.com\/#\/schema\/logo\/image\/\"}}]}<\/script>\n<!-- \/ Yoast SEO plugin. -->","yoast_head_json":{"title":"Good Sale RandM Tornado 10000 Puffs Plus Germany - vapebulkp.com","description":"RandM Tornado 10000 Puffs Plus Vape ergonomic design fits perfectly in your hand and is compact enough to slip into your pocket or purse.","robots":{"index":"index","follow":"follow","max-snippet":"max-snippet:-1","max-image-preview":"max-image-preview:large","max-video-preview":"max-video-preview:-1"},"canonical":"https:\/\/vapebulkp.com\/pl\/product\/good-sale-randm-tornado-10000-puffs-plus\/","og_locale":"pl_PL","og_type":"article","og_title":"Good Sale RandM Tornado 10000 Puffs Plus Germany - vapebulkp.com","og_description":"RandM Tornado 10000 Puffs Plus Vape ergonomic design fits perfectly in your hand and is compact enough to slip into your pocket or purse.","og_url":"https:\/\/vapebulkp.com\/pl\/product\/good-sale-randm-tornado-10000-puffs-plus\/","og_site_name":"vapebulkp.com","article_modified_time":"2025-09-16T09:23:39+00:00","og_image":[{"width":1080,"height":1920,"url":"http:\/\/vapebulkp.com\/wp-content\/uploads\/2023\/09\/76612692f100d93cac6618a626c666e.jpg","type":"image\/jpeg"}],"twitter_card":"summary_large_image","twitter_misc":{"Szacowany czas czytania":"4 minuty"},"schema":{"@context":"https:\/\/schema.org","@graph":[{"@type":"WebPage","@id":"https:\/\/vapebulkp.com\/product\/good-sale-randm-tornado-10000-puffs-plus\/","url":"https:\/\/vapebulkp.com\/product\/good-sale-randm-tornado-10000-puffs-plus\/","name":"Good Sale RandM Tornado 10000 Puffs Plus Germany - vapebulkp.com","isPartOf":{"@id":"https:\/\/vapebulkp.com\/#website"},"datePublished":"2023-09-20T03:18:44+00:00","dateModified":"2025-09-16T09:23:39+00:00","description":"RandM Tornado 10000 Puffs Plus Vape ergonomic design fits perfectly in your hand and is compact enough to slip into your pocket or purse.","breadcrumb":{"@id":"https:\/\/vapebulkp.com\/product\/good-sale-randm-tornado-10000-puffs-plus\/#breadcrumb"},"inLanguage":"pl-PL","potentialAction":[{"@type":"ReadAction","target":["https:\/\/vapebulkp.com\/product\/good-sale-randm-tornado-10000-puffs-plus\/"]}]},{"@type":"BreadcrumbList","@id":"https:\/\/vapebulkp.com\/product\/good-sale-randm-tornado-10000-puffs-plus\/#breadcrumb","itemListElement":[{"@type":"ListItem","position":1,"name":"Home","item":"https:\/\/vapebulkp.com\/"},{"@type":"ListItem","position":2,"name":"Hot Trend Vapes","item":"https:\/\/vapebulkp.com\/vape-shop\/"},{"@type":"ListItem","position":3,"name":"Good Sale RandM Tornado 10000 Puffs Plus Germany"}]},{"@type":"WebSite","@id":"https:\/\/vapebulkp.com\/#website","url":"https:\/\/vapebulkp.com\/","name":"vapebulkp.com","description":"Buy Vape In Cheap Bulk Price Near you","publisher":{"@id":"https:\/\/vapebulkp.com\/#organization"},"potentialAction":[{"@type":"SearchAction","target":{"@type":"EntryPoint","urlTemplate":"https:\/\/vapebulkp.com\/?s={search_term_string}"},"query-input":"required name=search_term_string"}],"inLanguage":"pl-PL"},{"@type":"Organization","@id":"https:\/\/vapebulkp.com\/#organization","name":"vapebulkp.com","url":"https:\/\/vapebulkp.com\/","logo":{"@type":"ImageObject","inLanguage":"pl-PL","@id":"https:\/\/vapebulkp.com\/#\/schema\/logo\/image\/","url":"https:\/\/vapebulkp.com\/wp-content\/uploads\/2023\/09\/cropped-vapebulkp.png","contentUrl":"https:\/\/vapebulkp.com\/wp-content\/uploads\/2023\/09\/cropped-vapebulkp.png","width":516,"height":163,"caption":"vapebulkp.com"},"image":{"@id":"https:\/\/vapebulkp.com\/#\/schema\/logo\/image\/"}}]}},"uagb_featured_image_src":{"full":["https:\/\/vapebulkp.com\/wp-content\/uploads\/2023\/09\/76612692f100d93cac6618a626c666e.jpg",1080,1920,false],"thumbnail":["https:\/\/vapebulkp.com\/wp-content\/uploads\/2023\/09\/76612692f100d93cac6618a626c666e-150x150.jpg",150,150,true],"medium":["https:\/\/vapebulkp.com\/wp-content\/uploads\/2023\/09\/76612692f100d93cac6618a626c666e-169x300.jpg",169,300,true],"medium_large":["https:\/\/vapebulkp.com\/wp-content\/uploads\/2023\/09\/76612692f100d93cac6618a626c666e-768x1365.jpg",768,1365,true],"large":["https:\/\/vapebulkp.com\/wp-content\/uploads\/2023\/09\/76612692f100d93cac6618a626c666e-576x1024.jpg",576,1024,true],"1536x1536":["https:\/\/vapebulkp.com\/wp-content\/uploads\/2023\/09\/76612692f100d93cac6618a626c666e-864x1536.jpg",864,1536,true],"2048x2048":["https:\/\/vapebulkp.com\/wp-content\/uploads\/2023\/09\/76612692f100d93cac6618a626c666e.jpg",1080,1920,false],"trp-custom-language-flag":["https:\/\/vapebulkp.com\/wp-content\/uploads\/2023\/09\/76612692f100d93cac6618a626c666e.jpg",7,12,false],"woocommerce_thumbnail":["https:\/\/vapebulkp.com\/wp-content\/uploads\/2023\/09\/76612692f100d93cac6618a626c666e-300x300.jpg",300,300,true],"woocommerce_single":["https:\/\/vapebulkp.com\/wp-content\/uploads\/2023\/09\/76612692f100d93cac6618a626c666e-600x1067.jpg",600,1067,true],"woocommerce_gallery_thumbnail":["https:\/\/vapebulkp.com\/wp-content\/uploads\/2023\/09\/76612692f100d93cac6618a626c666e-100x100.jpg",100,100,true],"wcpr-photo-reviews":["https:\/\/vapebulkp.com\/wp-content\/uploads\/2023\/09\/76612692f100d93cac6618a626c666e.jpg",281,500,false]},"uagb_author_info":{"display_name":"Mandy vape bulk price","author_link":"https:\/\/vapebulkp.com\/pl\/author\/"},"uagb_comment_info":1,"uagb_excerpt":"Welcome to the future of vaping with the RandM Tornado 10000 Puffs\u00a0 Plus Disposable E-Cigarette. This remarkable device offers an astonishing 10000 puffs in a sleek and disposable package, providing vapers with unparalleled convenience and flavor. Say goodbye to the hassles of traditional vaping and hello to a new way of enjoying your favorite flavors.&hellip;","_links":{"self":[{"href":"https:\/\/vapebulkp.com\/pl\/wp-json\/wp\/v2\/product\/1523","targetHints":{"allow":["GET"]}}],"collection":[{"href":"https:\/\/vapebulkp.com\/pl\/wp-json\/wp\/v2\/product"}],"about":[{"href":"https:\/\/vapebulkp.com\/pl\/wp-json\/wp\/v2\/types\/product"}],"replies":[{"embeddable":true,"href":"https:\/\/vapebulkp.com\/pl\/wp-json\/wp\/v2\/comments?post=1523"}],"wp:featuredmedia":[{"embeddable":true,"href":"https:\/\/vapebulkp.com\/pl\/wp-json\/wp\/v2\/media\/1541"}],"wp:attachment":[{"href":"https:\/\/vapebulkp.com\/pl\/wp-json\/wp\/v2\/media?parent=1523"}],"wp:term":[{"taxonomy":"product_cat","embeddable":true,"href":"https:\/\/vapebulkp.com\/pl\/wp-json\/wp\/v2\/product_cat?post=1523"},{"taxonomy":"product_tag","embeddable":true,"href":"https:\/\/vapebulkp.com\/pl\/wp-json\/wp\/v2\/product_tag?post=1523"}],"curies":[{"name":"wp","href":"https:\/\/api.w.org\/{rel}","templated":true}]}}