{"id":1600,"date":"2023-09-28T03:50:03","date_gmt":"2023-09-28T01:50:03","guid":{"rendered":"https:\/\/vapebulkp.com\/?post_type=product&#038;p=1600"},"modified":"2025-09-01T05:27:01","modified_gmt":"2025-09-01T03:27:01","slug":"bulk-buy-kulx-vape-8800-puffs-wholesale-germany","status":"publish","type":"product","link":"https:\/\/vapebulkp.com\/pl\/product\/bulk-buy-kulx-vape-8800-puffs-wholesale-germany\/","title":{"rendered":"Zakup hurtowy Kulx vape 8800 Puffs hurt Niemcy"},"content":{"rendered":"<h2>Co to jest Kulx vape 8800 zaci\u0105gni\u0119\u0107 Kup hurtowo ?<\/h2>\n<p data-start=\"157\" data-end=\"407\">Kulx vape 8800 zaci\u0105gni\u0119\u0107 to urz\u0105dzenie o du\u017cej pojemno\u015bci <strong data-start=\"205\" data-end=\"237\">\u0142adowalnym e-papierosie jednorazowym<\/strong> zaprojektowane z my\u015bl\u0105 o p\u0142ynnych, aromatycznych zaci\u0105gni\u0119ciach. Ka\u017cde urz\u0105dzenie jest w pe\u0142ni na\u0142adowane i wst\u0119pnie nape\u0142nione, dostarczaj\u0105c do 8800 zaci\u0105gni\u0119\u0107 bogatej pary z konsekwentnym zadowoleniem z nikotyny.<\/p>\n<p data-start=\"409\" data-end=\"673\">Kompaktowy i przeno\u015bny, ten Vape w cenie hurtowej <strong data-start=\"436\" data-end=\"471\">Jednorazowy Vape Kulx 8800 zaci\u0105gni\u0119\u0107<\/strong> jest idealny do codziennego u\u017cytku, podr\u00f3\u017cy lub zam\u00f3wie\u0144 hurtowych w ca\u0142ej Polsce i UE. Po prostu otw\u00f3rz urz\u0105dzenie, zaci\u0105gnij si\u0119 i ciesz si\u0119 g\u0119stymi chmurami i wyrazistym smakiem bez k\u0142opotu z nape\u0142nianiem lub konserwacj\u0105.<\/p>\n<p data-start=\"675\" data-end=\"988\">Dzi\u0119ki najwy\u017cszej jako\u015bci formulacji e-liquidu i niezawodnej wydajno\u015bci baterii, <strong data-start=\"747\" data-end=\"765\">Pody do waporyzacji Kulx Vape 8800 zaci\u0105gni\u0119\u0107<\/strong> oferuj\u0105 satysfakcjonuj\u0105ce uderzenie w gard\u0142o i g\u0142adk\u0105 par\u0119, co czyni je idealnym wyborem dla entuzjast\u00f3w soli nikotynowych i do\u015bwiadczonych waper\u00f3w. Dost\u0119pny w wielu smakach, zapewnia wszechstronn\u0105 opcj\u0119 waporyzacji dla ka\u017cdego preferowanego smaku.<\/p>\n<p><img decoding=\"async\" class=\"alignnone wp-image-1682\" src=\"http:\/\/vapebulkp.com\/wp-content\/uploads\/2023\/09\/Disposable-POD-flavour-Blueberry-Raspberry-ice-1-scaled.jpg\" alt=\"Smak jednorazowego poda: jagoda, malina, l\u00f3d\" width=\"595\" height=\"458\" srcset=\"https:\/\/vapebulkp.com\/wp-content\/uploads\/2023\/09\/Disposable-POD-flavour-Blueberry-Raspberry-ice-1-scaled.jpg 2560w, https:\/\/vapebulkp.com\/wp-content\/uploads\/2023\/09\/Disposable-POD-flavour-Blueberry-Raspberry-ice-1-300x231.jpg 300w, https:\/\/vapebulkp.com\/wp-content\/uploads\/2023\/09\/Disposable-POD-flavour-Blueberry-Raspberry-ice-1-1024x787.jpg 1024w, https:\/\/vapebulkp.com\/wp-content\/uploads\/2023\/09\/Disposable-POD-flavour-Blueberry-Raspberry-ice-1-768x591.jpg 768w, https:\/\/vapebulkp.com\/wp-content\/uploads\/2023\/09\/Disposable-POD-flavour-Blueberry-Raspberry-ice-1-1536x1181.jpg 1536w, https:\/\/vapebulkp.com\/wp-content\/uploads\/2023\/09\/Disposable-POD-flavour-Blueberry-Raspberry-ice-1-2048x1575.jpg 2048w, https:\/\/vapebulkp.com\/wp-content\/uploads\/2023\/09\/Disposable-POD-flavour-Blueberry-Raspberry-ice-1-600x461.jpg 600w\" sizes=\"(max-width: 595px) 100vw, 595px\" \/><\/p>\n<h6 style=\"text-align: left\"><\/h6>\n<h6>Skontaktuj si\u0119 z WhatsApp Mandy, aby uzyska\u0107 cen\u0119 ze zni\u017ck\u0105<a href=\"https:\/\/wa.me\/8618077105796\">+8618077105796<\/a><\/h6>\n<p><img decoding=\"async\" class=\"alignnone wp-image-2151\" src=\"http:\/\/vapebulkp.com\/wp-content\/uploads\/2024\/04\/Mandy-WhatsApp-Randm.jpg\" alt=\"WhatsApp Mandy Randm\" width=\"247\" height=\"263\" srcset=\"https:\/\/vapebulkp.com\/wp-content\/uploads\/2024\/04\/Mandy-WhatsApp-Randm.jpg 916w, https:\/\/vapebulkp.com\/wp-content\/uploads\/2024\/04\/Mandy-WhatsApp-Randm-282x300.jpg 282w, https:\/\/vapebulkp.com\/wp-content\/uploads\/2024\/04\/Mandy-WhatsApp-Randm-768x817.jpg 768w, https:\/\/vapebulkp.com\/wp-content\/uploads\/2024\/04\/Mandy-WhatsApp-Randm-600x638.jpg 600w\" sizes=\"(max-width: 247px) 100vw, 247px\" \/><\/p>\n<h2><span style=\"vertical-align: inherit\">Pomy\u015bleli\u015bmy, \u017ce warto wiedzie\u0107 o jednorazowym VAPE Kulx 8800 zaci\u0105gni\u0119\u0107 z mo\u017cliwo\u015bci\u0105 zakupu hurtowego:<\/span><\/h2>\n<p>&nbsp;<\/p>\n<h5 class=\"style-scope ytd-watch-metadata\">1.Jak u\u017cywa\u0107 d\u0142ugopisu do waporyzacji Kulx 8800 z mo\u017cliwo\u015bci\u0105 zakupu hurtowego?<\/h5>\n<p>Krok 1. Przed u\u017cyciem 8.8k zaci\u0105gni\u0119\u0107, wyjmij plastikow\u0105 rurk\u0119.<\/p>\n<p>Krok 2. Odczekaj oko\u0142o 3 minut, aby p\u0142yn dosta\u0142 si\u0119 do spirali wewn\u0105trz.<\/p>\n<p>Krok 3. Ciesz si\u0119<\/p>\n<h5>2.JAK NA\u0141ADOWA\u0106 JEDNORAZOWE URZ\u0104DZENIE DO WAPORYZACJI Kulx 8800 ZACI\u0104GNI\u0118\u0106?<\/h5>\n<p>Nie mo\u017cna u\u017cywa\u0107 \u0142adowarek do szybkiego \u0142adowania, a standardowa bezpieczna moc jednorazowych e-papieros\u00f3w to 5V 1A.<\/p>\n<p>Ka\u017cdy czas \u0142adowania nie mo\u017ce przekroczy\u0107 1 godziny, a bezpieczny czas \u0142adowania to p\u00f3\u0142 godziny.<\/p>\n<p><span style=\"color: #ff6600\">Uwaga: nie mo\u017cna \u0142adowa\u0107 przez ca\u0142\u0105 noc!<\/span><\/p>\n<h5>3.Jaka jest pojemno\u015b\u0107 e-liquidu w Kulx vape 8800 zaci\u0105gni\u0119\u0107?<\/h5>\n<p>\u2014\u201318ml<\/p>\n<h5>4.Ile zaci\u0105gni\u0119\u0107 mog\u0119 wzi\u0105\u0107 z tego Kulx 8800 zaci\u0105gni\u0119\u0107?<\/h5>\n<p>\u2014\u20138800 zaci\u0105gni\u0119\u0107<\/p>\n<h3><strong><span style=\"vertical-align: inherit\">Specyfikacja dla Kulx 8800 zaci\u0105gni\u0119\u0107:<\/span><br \/>\n<\/strong><\/h3>\n<p>Bateria: 650mAh (Typ C)<br \/>\nPojemno\u015b\u0107: 18ml<br \/>\nGrza\u0142ka: siatka 0.8 oma<br \/>\nPrzybli\u017cona obj\u0119to\u015b\u0107 zaci\u0105gni\u0119\u0107: 8800 zaci\u0105gni\u0119\u0107<br \/>\nZawarto\u015b\u0107 nikotyny: 2%, 5%<br \/>\nMinimalna ilo\u015b\u0107 zam\u00f3wienia: 50 sztuk<\/p>\n<h3><strong>\u00a0<\/strong><strong style=\"font-size: 19.2px;font-style: normal\">Kulx 8800 Zaci\u0105gni\u0119\u0107 Jednorazowy Vape Hurtowa Cena Opcje Smakowe:<\/strong><\/h3>\n<ol>\n<li>Arbuzowy l\u00f3d<\/li>\n<li>Jagodowo-malinowy l\u00f3d<\/li>\n<li>Truskawka arbuz<\/li>\n<li>Mieszane Jagody<\/li>\n<li>Jagody na lodzie<\/li>\n<li>Truskawka Kiwi<\/li>\n<li>Mango brzoskwinia l\u00f3d<\/li>\n<li>Ananas mango l\u00f3d<\/li>\n<li>Brzoskwiniowa L\u00f3d<\/li>\n<li>Ananas mango l\u00f3d<\/li>\n<li>Jagoda mi\u0119ta<\/li>\n<li>Winogrono<\/li>\n<\/ol>\n<p><a href=\"https:\/\/vapebulkp.com\/pl\/product\/popular-randm-tornado-7000puffs-disposable-vape-best-price\/\">Randm tornado 7000 Zaci\u0105gni\u0119\u0107\u00a0<\/a><\/p>\n<p><span style=\"vertical-align: inherit\">Znajd\u017a wi\u0119cej produkt\u00f3w, kt\u00f3re mog\u0105 Ci si\u0119 spodoba\u0107:<\/span><em><a href=\"https:\/\/wa.me\/8618077105796\"><span style=\"vertical-align: inherit\">\u00a0Kup teraz<\/span><\/a><\/em><\/p>\n<p><span style=\"vertical-align: inherit\">Inne Puffs, kt\u00f3re mog\u0105 Ci si\u0119 spodoba\u0107:<\/span><a href=\"https:\/\/vapebulkp.com\/pl\/product\/good-sale-bang-de-8500puffs-wholesale-price\/\"><span style=\"vertical-align: inherit\">Bang DE 8500 Zaci\u0105gni\u0119\u0107<\/span><\/a><span style=\"vertical-align: inherit\">\u3001<\/span><a href=\"https:\/\/vapebulkp.com\/pl\/product\/fumot-digital-box-12000-disposable-vape-wholesale\/\"><span style=\"vertical-align: inherit\">Fomot Digital Box 12000 Zaci\u0105gni\u0119\u0107<\/span><\/a><span style=\"vertical-align: inherit\">\/ <\/span><a href=\"https:\/\/vapebulkp.com\/pl\/product\/popular-kulx-10000puffs-disposable-vape-good-price\/\"><span style=\"vertical-align: inherit\">Kulx 10000 Zaci\u0105gni\u0119\u0107<\/span><\/a><span style=\"vertical-align: inherit\">\/ <\/span><a href=\"https:\/\/vapebulkp.com\/pl\/product\/bang-king-12000puffs\/\"><span style=\"vertical-align: inherit\">Bang King 12000 zaci\u0105gni\u0119\u0107<\/span><\/a><\/p>\n<p><span style=\"vertical-align: inherit\">E-papieros o specjalnym kszta\u0142cie butelki:<\/span><a href=\"https:\/\/vapebulkp.com\/pl\/product\/wholesale-kulx-8000-puffs-disposable-vape\/\"><span style=\"vertical-align: inherit\">Kulx vape 8800 Zaci\u0105gni\u0119\u0107<\/span><\/a><span style=\"vertical-align: inherit\">\/ <\/span><a href=\"https:\/\/vapebulkp.com\/pl\/product\/popular-bang-king-10000-puffs-vape-good-price\/\"><span style=\"vertical-align: inherit\">Bang king 10k zaci\u0105gni\u0119\u0107<\/span><\/a><span style=\"vertical-align: inherit\">\/<\/span><a href=\"https:\/\/vapebulkp.com\/pl\/product\/wholesale-kulx-8000-puffs-disposable-vape\/\"><span style=\"vertical-align: inherit\">Kulx 8000 zaci\u0105gni\u0119\u0107<\/span><\/a><\/p>\n<h4>Kwalifikacja produkcyjna:<\/h4>\n<p><img decoding=\"async\" class=\"alignnone size-full wp-image-1841\" src=\"http:\/\/vapebulkp.com\/wp-content\/uploads\/2023\/11\/Vape-production-process-2.jpeg\" alt=\"Proces produkcji vape\" width=\"650\" height=\"434\" srcset=\"https:\/\/vapebulkp.com\/wp-content\/uploads\/2023\/11\/Vape-production-process-2.jpeg 650w, https:\/\/vapebulkp.com\/wp-content\/uploads\/2023\/11\/Vape-production-process-2-300x200.jpeg 300w, https:\/\/vapebulkp.com\/wp-content\/uploads\/2023\/11\/Vape-production-process-2-600x401.jpeg 600w\" sizes=\"(max-width: 650px) 100vw, 650px\" \/><\/p>\n<p><img decoding=\"async\" class=\"alignnone size-full wp-image-1843\" src=\"http:\/\/vapebulkp.com\/wp-content\/uploads\/2023\/11\/Vape-production-process.jpeg\" alt=\"Proces produkcji vape\" width=\"641\" height=\"1026\" srcset=\"https:\/\/vapebulkp.com\/wp-content\/uploads\/2023\/11\/Vape-production-process.jpeg 641w, https:\/\/vapebulkp.com\/wp-content\/uploads\/2023\/11\/Vape-production-process-187x300.jpeg 187w, https:\/\/vapebulkp.com\/wp-content\/uploads\/2023\/11\/Vape-production-process-640x1024.jpeg 640w, https:\/\/vapebulkp.com\/wp-content\/uploads\/2023\/11\/Vape-production-process-600x960.jpeg 600w\" sizes=\"(max-width: 641px) 100vw, 641px\" \/><\/p>\n<h5>Najcz\u0119\u015bciej zadawane pytania:<\/h5>\n<p>P: Jakie jest MOQ Kulx vape 8800 Zaci\u0105gni\u0119\u0107?<br \/>\nO: Minimalne zam\u00f3wienie to 100 sztuk.<br \/>\nP: Jaki jest czas dostawy zam\u00f3wionego e-papierosa?<br \/>\nO: Zwykle trwa to 10-15 dni od wysy\u0142ki<br \/>\nP: Ile kosztuje wysy\u0142ka?O: Koszt wysy\u0142ki zale\u017cy od wagi. R\u00f3\u017cne ilo\u015bci maj\u0105 r\u00f3\u017cne koszty wysy\u0142ki, prosimy o kontakt w celu ich potwierdzenia.<\/p>\n<h4>Szczeg\u00f3\u0142y wysy\u0142ki:<\/h4>\n<p><span style=\"color: #ff6600\">Czas produkcji: 5-10 dni roboczych<\/span><br \/>\n<span style=\"color: #ff6600\">Czas wysy\u0142ki: 8-14 dni roboczych<\/span><\/p>\n<p>Wszystkie produkty w naszym sklepie s\u0105 w 100% oryginalne i autentyczne, dlatego polityk\u0105 naszego sklepu jest dziesi\u0119ciokrotne odszkodowanie za podrobione towary. Do dostarczania towar\u00f3w u\u017cywamy kana\u0142\u00f3w logistycznych, takich jak UPS\/DHL\/FEDEX\/DPD.<\/p>\n<p>W przypadku paczek wysy\u0142anych do Polski dostawa trwa zwykle 10 dni roboczych. Wysy\u0142ka do kraj\u00f3w europejskich trwa zwykle od 12 do 15 dni roboczych. B\u0119dziemy aktualizowa\u0107 dla Ciebie informacje logistyczne w czasie rzeczywistym.<\/p>\n<h3>Dobra obs\u0142uga posprzeda\u017cowa:<\/h3>\n<p><span style=\"color: #ff6600\">Uwaga: Brak zwrot\u00f3w lub wymiany w przypadku problem\u00f3w niezwi\u0105zanych z jako\u015bci\u0105<\/span><br \/>\n1. Klienci mog\u0105 wybra\u0107 smak, kt\u00f3ry chc\u0105, ale je\u015bli smak jest niedost\u0119pny, dzia\u0142 produkcji wybierze popularny smak, aby go zast\u0105pi\u0107. Klienci nie mog\u0105 ubiega\u0107 si\u0119 o zwrot pieni\u0119dzy ani wymian\u0119 na podstawie smak\u00f3w.<\/p>\n<p>2. Gdy wyst\u0105pi\u0105 problemy z jako\u015bci\u0105, prosimy o dostarczenie szczeg\u00f3\u0142owego opisu wideo i zdj\u0119\u0107.<br \/>\nJe\u015bli nie mo\u017cesz dostarczy\u0107 dowod\u00f3w, takich jak filmy i zdj\u0119cia, towar nie mo\u017ce zosta\u0107 wymieniony.<\/p>","protected":false},"excerpt":{"rendered":"<p>Kulx vape 8800 Puffs Zakup hurtowy Polska wyr\u00f3\u017cnia si\u0119 jako najlepszy wyb\u00f3r dla os\u00f3b poszukuj\u0105cych zar\u00f3wno wygody, jak i najwy\u017cszej jako\u015bci. Wyposa\u017cony w solidn\u0105, wbudowan\u0105 bateri\u0119 650 mAh, ten zestaw gwarantuje sta\u0142\u0105 i d\u0142ugotrwa\u0142\u0105 wydajno\u015b\u0107.<\/p>\n<p><img decoding=\"async\" class=\"alignnone wp-image-2151\" src=\"http:\/\/vapebulkp.com\/wp-content\/uploads\/2024\/04\/Mandy-WhatsApp-Randm.jpg\" alt=\"WhatsApp Mandy Randm\" width=\"234\" height=\"249\" srcset=\"https:\/\/vapebulkp.com\/wp-content\/uploads\/2024\/04\/Mandy-WhatsApp-Randm.jpg 916w, https:\/\/vapebulkp.com\/wp-content\/uploads\/2024\/04\/Mandy-WhatsApp-Randm-282x300.jpg 282w, https:\/\/vapebulkp.com\/wp-content\/uploads\/2024\/04\/Mandy-WhatsApp-Randm-768x817.jpg 768w, https:\/\/vapebulkp.com\/wp-content\/uploads\/2024\/04\/Mandy-WhatsApp-Randm-600x638.jpg 600w\" sizes=\"(max-width: 234px) 100vw, 234px\" \/><\/p>\n<p>Skontaktuj si\u0119 z WhatsApp Mandy, aby uzyska\u0107 cen\u0119 ze zni\u017ck\u0105<a href=\"https:\/\/wa.me\/8618077105796\">+8618077105796<\/a><\/p>\n<p><span style=\"color: #ff0000\">UWAGA: Ceny na naszej stronie internetowej nie zawieraj\u0105 koszt\u00f3w wysy\u0142ki<\/span><\/p>","protected":false},"featured_media":1678,"comment_status":"open","ping_status":"closed","template":"","meta":{"_uag_custom_page_level_css":"","_lmt_disableupdate":"no","_lmt_disable":"","site-sidebar-layout":"default","site-content-layout":"content-boxed-container","ast-site-content-layout":"normal-width-container","site-content-style":"boxed","site-sidebar-style":"unboxed","ast-global-header-display":"","ast-banner-title-visibility":"","ast-main-header-display":"","ast-hfb-above-header-display":"","ast-hfb-below-header-display":"","ast-hfb-mobile-header-display":"","site-post-title":"","ast-breadcrumbs-content":"","ast-featured-img":"","footer-sml-layout":"","theme-transparent-header-meta":"default","adv-header-id-meta":"","stick-header-meta":"","header-above-stick-meta":"","header-main-stick-meta":"","header-below-stick-meta":"","astra-migrate-meta-layouts":"set","_joinchat":[]},"product_cat":[153,155,33,59,100,87,34,158,157,154,152,58,84,156,63,32],"product_tag":[60,36,37,41,40],"class_list":["post-1600","product","type-product","status-publish","has-post-thumbnail","hentry","product_cat-hot-disposable-vapes","product_cat-belgium-hot-disposable-vapes","product_cat-france-vape-hot-sale","product_cat-germany-hot-disposable-vape","product_cat-germany-wholesale-vape-shop","product_cat-minimum-order-quantity-50pcs","product_cat-netherlands-vape-good-sale","product_cat-norway-hot-disposable-vapes","product_cat-poland-hot-disposable-vapes","product_cat-portugal-hot-disposable-vapes","product_cat-spain-hot-disposable-vapes","product_cat-sweden-hot-disposable-vape","product_cat-sweden-wholesale-vape","product_cat-switzerland-hot-disposable-vapes","product_cat-top-sale-disposable-vape","product_cat-vape-hot-sale-this-week","product_tag-8800-puffs","product_tag-good-vape","product_tag-hot-sale-disposable-vape","product_tag-poland-hot-vape","product_tag-sweden-hot-vape","desktop-align-left","tablet-align-left","mobile-align-left"],"yoast_head":"<!-- This site is optimized with the Yoast SEO plugin v21.1 - https:\/\/yoast.com\/wordpress\/plugins\/seo\/ -->\n<title>Bulk Buy Kulx vape 8800 Puffs Wholesale Germany - vapebulkp.com<\/title>\n<meta name=\"description\" content=\"Bulk Buy Kulx vape 8800 Puffs Wholesale Germany stands out as the prime selection for individuals seeking both convenience and top-notch quality. Equipped with a robust built-in 650mAh battery, this kit guarantees consistent and long-lasting performance.\" \/>\n<meta name=\"robots\" content=\"index, follow, max-snippet:-1, max-image-preview:large, max-video-preview:-1\" \/>\n<link rel=\"canonical\" href=\"https:\/\/vapebulkp.com\/pl\/product\/bulk-buy-kulx-vape-8800-puffs-wholesale-germany\/\" \/>\n<meta property=\"og:locale\" content=\"pl_PL\" \/>\n<meta property=\"og:type\" content=\"article\" \/>\n<meta property=\"og:title\" content=\"Bulk Buy Kulx vape 8800 Puffs Wholesale Germany - vapebulkp.com\" \/>\n<meta property=\"og:description\" content=\"Bulk Buy Kulx vape 8800 Puffs Wholesale Germany stands out as the prime selection for individuals seeking both convenience and top-notch quality. Equipped with a robust built-in 650mAh battery, this kit guarantees consistent and long-lasting performance.\" \/>\n<meta property=\"og:url\" content=\"https:\/\/vapebulkp.com\/pl\/product\/bulk-buy-kulx-vape-8800-puffs-wholesale-germany\/\" \/>\n<meta property=\"og:site_name\" content=\"vapebulkp.com\" \/>\n<meta property=\"article:modified_time\" content=\"2025-09-01T03:27:01+00:00\" \/>\n<meta property=\"og:image\" content=\"http:\/\/vapebulkp.com\/wp-content\/uploads\/2023\/09\/Electronic-Vape-flavour-Mango-peach-ice.jpg\" \/>\n\t<meta property=\"og:image:width\" content=\"1500\" \/>\n\t<meta property=\"og:image:height\" content=\"1500\" \/>\n\t<meta property=\"og:image:type\" content=\"image\/jpeg\" \/>\n<meta name=\"twitter:card\" content=\"summary_large_image\" \/>\n<meta name=\"twitter:label1\" content=\"Szacowany czas czytania\" \/>\n\t<meta name=\"twitter:data1\" content=\"4 minuty\" \/>\n<script type=\"application\/ld+json\" class=\"yoast-schema-graph\">{\"@context\":\"https:\/\/schema.org\",\"@graph\":[{\"@type\":\"WebPage\",\"@id\":\"https:\/\/vapebulkp.com\/product\/bulk-buy-kulx-vape-8800-puffs-wholesale-germany\/\",\"url\":\"https:\/\/vapebulkp.com\/product\/bulk-buy-kulx-vape-8800-puffs-wholesale-germany\/\",\"name\":\"Bulk Buy Kulx vape 8800 Puffs Wholesale Germany - vapebulkp.com\",\"isPartOf\":{\"@id\":\"https:\/\/vapebulkp.com\/#website\"},\"datePublished\":\"2023-09-28T01:50:03+00:00\",\"dateModified\":\"2025-09-01T03:27:01+00:00\",\"description\":\"Bulk Buy Kulx vape 8800 Puffs Wholesale Germany stands out as the prime selection for individuals seeking both convenience and top-notch quality. Equipped with a robust built-in 650mAh battery, this kit guarantees consistent and long-lasting performance.\",\"breadcrumb\":{\"@id\":\"https:\/\/vapebulkp.com\/product\/bulk-buy-kulx-vape-8800-puffs-wholesale-germany\/#breadcrumb\"},\"inLanguage\":\"pl-PL\",\"potentialAction\":[{\"@type\":\"ReadAction\",\"target\":[\"https:\/\/vapebulkp.com\/product\/bulk-buy-kulx-vape-8800-puffs-wholesale-germany\/\"]}]},{\"@type\":\"BreadcrumbList\",\"@id\":\"https:\/\/vapebulkp.com\/product\/bulk-buy-kulx-vape-8800-puffs-wholesale-germany\/#breadcrumb\",\"itemListElement\":[{\"@type\":\"ListItem\",\"position\":1,\"name\":\"Home\",\"item\":\"https:\/\/vapebulkp.com\/\"},{\"@type\":\"ListItem\",\"position\":2,\"name\":\"Hot Trend Vapes\",\"item\":\"https:\/\/vapebulkp.com\/vape-shop\/\"},{\"@type\":\"ListItem\",\"position\":3,\"name\":\"Bulk Buy Kulx vape 8800 Puffs Wholesale Germany\"}]},{\"@type\":\"WebSite\",\"@id\":\"https:\/\/vapebulkp.com\/#website\",\"url\":\"https:\/\/vapebulkp.com\/\",\"name\":\"vapebulkp.com\",\"description\":\"Buy Vape In Cheap Bulk Price Near you\",\"publisher\":{\"@id\":\"https:\/\/vapebulkp.com\/#organization\"},\"potentialAction\":[{\"@type\":\"SearchAction\",\"target\":{\"@type\":\"EntryPoint\",\"urlTemplate\":\"https:\/\/vapebulkp.com\/?s={search_term_string}\"},\"query-input\":\"required name=search_term_string\"}],\"inLanguage\":\"pl-PL\"},{\"@type\":\"Organization\",\"@id\":\"https:\/\/vapebulkp.com\/#organization\",\"name\":\"vapebulkp.com\",\"url\":\"https:\/\/vapebulkp.com\/\",\"logo\":{\"@type\":\"ImageObject\",\"inLanguage\":\"pl-PL\",\"@id\":\"https:\/\/vapebulkp.com\/#\/schema\/logo\/image\/\",\"url\":\"https:\/\/vapebulkp.com\/wp-content\/uploads\/2023\/09\/cropped-vapebulkp.png\",\"contentUrl\":\"https:\/\/vapebulkp.com\/wp-content\/uploads\/2023\/09\/cropped-vapebulkp.png\",\"width\":516,\"height\":163,\"caption\":\"vapebulkp.com\"},\"image\":{\"@id\":\"https:\/\/vapebulkp.com\/#\/schema\/logo\/image\/\"}}]}<\/script>\n<!-- \/ Yoast SEO plugin. -->","yoast_head_json":{"title":"Bulk Buy Kulx vape 8800 Puffs Wholesale Germany - vapebulkp.com","description":"Bulk Buy Kulx vape 8800 Puffs Wholesale Germany stands out as the prime selection for individuals seeking both convenience and top-notch quality. Equipped with a robust built-in 650mAh battery, this kit guarantees consistent and long-lasting performance.","robots":{"index":"index","follow":"follow","max-snippet":"max-snippet:-1","max-image-preview":"max-image-preview:large","max-video-preview":"max-video-preview:-1"},"canonical":"https:\/\/vapebulkp.com\/pl\/product\/bulk-buy-kulx-vape-8800-puffs-wholesale-germany\/","og_locale":"pl_PL","og_type":"article","og_title":"Bulk Buy Kulx vape 8800 Puffs Wholesale Germany - vapebulkp.com","og_description":"Bulk Buy Kulx vape 8800 Puffs Wholesale Germany stands out as the prime selection for individuals seeking both convenience and top-notch quality. Equipped with a robust built-in 650mAh battery, this kit guarantees consistent and long-lasting performance.","og_url":"https:\/\/vapebulkp.com\/pl\/product\/bulk-buy-kulx-vape-8800-puffs-wholesale-germany\/","og_site_name":"vapebulkp.com","article_modified_time":"2025-09-01T03:27:01+00:00","og_image":[{"width":1500,"height":1500,"url":"http:\/\/vapebulkp.com\/wp-content\/uploads\/2023\/09\/Electronic-Vape-flavour-Mango-peach-ice.jpg","type":"image\/jpeg"}],"twitter_card":"summary_large_image","twitter_misc":{"Szacowany czas czytania":"4 minuty"},"schema":{"@context":"https:\/\/schema.org","@graph":[{"@type":"WebPage","@id":"https:\/\/vapebulkp.com\/product\/bulk-buy-kulx-vape-8800-puffs-wholesale-germany\/","url":"https:\/\/vapebulkp.com\/product\/bulk-buy-kulx-vape-8800-puffs-wholesale-germany\/","name":"Bulk Buy Kulx vape 8800 Puffs Wholesale Germany - vapebulkp.com","isPartOf":{"@id":"https:\/\/vapebulkp.com\/#website"},"datePublished":"2023-09-28T01:50:03+00:00","dateModified":"2025-09-01T03:27:01+00:00","description":"Bulk Buy Kulx vape 8800 Puffs Wholesale Germany stands out as the prime selection for individuals seeking both convenience and top-notch quality. Equipped with a robust built-in 650mAh battery, this kit guarantees consistent and long-lasting performance.","breadcrumb":{"@id":"https:\/\/vapebulkp.com\/product\/bulk-buy-kulx-vape-8800-puffs-wholesale-germany\/#breadcrumb"},"inLanguage":"pl-PL","potentialAction":[{"@type":"ReadAction","target":["https:\/\/vapebulkp.com\/product\/bulk-buy-kulx-vape-8800-puffs-wholesale-germany\/"]}]},{"@type":"BreadcrumbList","@id":"https:\/\/vapebulkp.com\/product\/bulk-buy-kulx-vape-8800-puffs-wholesale-germany\/#breadcrumb","itemListElement":[{"@type":"ListItem","position":1,"name":"Home","item":"https:\/\/vapebulkp.com\/"},{"@type":"ListItem","position":2,"name":"Hot Trend Vapes","item":"https:\/\/vapebulkp.com\/vape-shop\/"},{"@type":"ListItem","position":3,"name":"Bulk Buy Kulx vape 8800 Puffs Wholesale Germany"}]},{"@type":"WebSite","@id":"https:\/\/vapebulkp.com\/#website","url":"https:\/\/vapebulkp.com\/","name":"vapebulkp.com","description":"Buy Vape In Cheap Bulk Price Near you","publisher":{"@id":"https:\/\/vapebulkp.com\/#organization"},"potentialAction":[{"@type":"SearchAction","target":{"@type":"EntryPoint","urlTemplate":"https:\/\/vapebulkp.com\/?s={search_term_string}"},"query-input":"required name=search_term_string"}],"inLanguage":"pl-PL"},{"@type":"Organization","@id":"https:\/\/vapebulkp.com\/#organization","name":"vapebulkp.com","url":"https:\/\/vapebulkp.com\/","logo":{"@type":"ImageObject","inLanguage":"pl-PL","@id":"https:\/\/vapebulkp.com\/#\/schema\/logo\/image\/","url":"https:\/\/vapebulkp.com\/wp-content\/uploads\/2023\/09\/cropped-vapebulkp.png","contentUrl":"https:\/\/vapebulkp.com\/wp-content\/uploads\/2023\/09\/cropped-vapebulkp.png","width":516,"height":163,"caption":"vapebulkp.com"},"image":{"@id":"https:\/\/vapebulkp.com\/#\/schema\/logo\/image\/"}}]}},"uagb_featured_image_src":{"full":["https:\/\/vapebulkp.com\/wp-content\/uploads\/2023\/09\/Electronic-Vape-flavour-Mango-peach-ice.jpg",1500,1500,false],"thumbnail":["https:\/\/vapebulkp.com\/wp-content\/uploads\/2023\/09\/Electronic-Vape-flavour-Mango-peach-ice-150x150.jpg",150,150,true],"medium":["https:\/\/vapebulkp.com\/wp-content\/uploads\/2023\/09\/Electronic-Vape-flavour-Mango-peach-ice-300x300.jpg",300,300,true],"medium_large":["https:\/\/vapebulkp.com\/wp-content\/uploads\/2023\/09\/Electronic-Vape-flavour-Mango-peach-ice-768x768.jpg",768,768,true],"large":["https:\/\/vapebulkp.com\/wp-content\/uploads\/2023\/09\/Electronic-Vape-flavour-Mango-peach-ice-1024x1024.jpg",1024,1024,true],"1536x1536":["https:\/\/vapebulkp.com\/wp-content\/uploads\/2023\/09\/Electronic-Vape-flavour-Mango-peach-ice.jpg",1500,1500,false],"2048x2048":["https:\/\/vapebulkp.com\/wp-content\/uploads\/2023\/09\/Electronic-Vape-flavour-Mango-peach-ice.jpg",1500,1500,false],"trp-custom-language-flag":["https:\/\/vapebulkp.com\/wp-content\/uploads\/2023\/09\/Electronic-Vape-flavour-Mango-peach-ice.jpg",12,12,false],"woocommerce_thumbnail":["https:\/\/vapebulkp.com\/wp-content\/uploads\/2023\/09\/Electronic-Vape-flavour-Mango-peach-ice-300x300.jpg",300,300,true],"woocommerce_single":["https:\/\/vapebulkp.com\/wp-content\/uploads\/2023\/09\/Electronic-Vape-flavour-Mango-peach-ice-600x600.jpg",600,600,true],"woocommerce_gallery_thumbnail":["https:\/\/vapebulkp.com\/wp-content\/uploads\/2023\/09\/Electronic-Vape-flavour-Mango-peach-ice-100x100.jpg",100,100,true],"wcpr-photo-reviews":["https:\/\/vapebulkp.com\/wp-content\/uploads\/2023\/09\/Electronic-Vape-flavour-Mango-peach-ice.jpg",500,500,false]},"uagb_author_info":{"display_name":"Mandy vape bulk price","author_link":"https:\/\/vapebulkp.com\/pl\/author\/"},"uagb_comment_info":2,"uagb_excerpt":"Bulk Buy Kulx vape 8800 Puffs Wholesale Germany stands out as the prime selection for individuals seeking both convenience and top-notch quality. Equipped with a robust built-in 650mAh battery, this kit guarantees consistent and long-lasting performance. Pls Contact Mandy's WhatsApp For Discount Price+8618077105796 NOTE: Prices on our website does not include shipping costs","_links":{"self":[{"href":"https:\/\/vapebulkp.com\/pl\/wp-json\/wp\/v2\/product\/1600","targetHints":{"allow":["GET"]}}],"collection":[{"href":"https:\/\/vapebulkp.com\/pl\/wp-json\/wp\/v2\/product"}],"about":[{"href":"https:\/\/vapebulkp.com\/pl\/wp-json\/wp\/v2\/types\/product"}],"replies":[{"embeddable":true,"href":"https:\/\/vapebulkp.com\/pl\/wp-json\/wp\/v2\/comments?post=1600"}],"wp:featuredmedia":[{"embeddable":true,"href":"https:\/\/vapebulkp.com\/pl\/wp-json\/wp\/v2\/media\/1678"}],"wp:attachment":[{"href":"https:\/\/vapebulkp.com\/pl\/wp-json\/wp\/v2\/media?parent=1600"}],"wp:term":[{"taxonomy":"product_cat","embeddable":true,"href":"https:\/\/vapebulkp.com\/pl\/wp-json\/wp\/v2\/product_cat?post=1600"},{"taxonomy":"product_tag","embeddable":true,"href":"https:\/\/vapebulkp.com\/pl\/wp-json\/wp\/v2\/product_tag?post=1600"}],"curies":[{"name":"wp","href":"https:\/\/api.w.org\/{rel}","templated":true}]}}