{"id":1783,"date":"2023-10-25T04:02:28","date_gmt":"2023-10-25T02:02:28","guid":{"rendered":"https:\/\/vapebulkp.com\/?post_type=product&#038;p=1783"},"modified":"2025-09-01T04:57:41","modified_gmt":"2025-09-01T02:57:41","slug":"bulk-buy-vapetop-sale-breze-7500-puffs-sweden","status":"publish","type":"product","link":"https:\/\/vapebulkp.com\/pl\/product\/bulk-buy-vapetop-sale-breze-7500-puffs-sweden\/","title":{"rendered":"Hurtowy zakup VapTop Promocja Breze 7500 zaci\u0105gni\u0119\u0107 Polska"},"content":{"rendered":"<h2>Co to jest Hurtowa Sprzeda\u017c VapTop Wyprzeda\u017c Breze 7500 Zaci\u0105gni\u0119\u0107 Szwecja?<\/h2>\n<p>&nbsp;<\/p>\n<p data-start=\"444\" data-end=\"744\">To <strong data-start=\"474\" data-end=\"510\">Breze 7500 Zaci\u0105gni\u0119\u0107 Jednorazowy Vape<\/strong> to wysokiej jako\u015bci, d\u0142ugotrwa\u0142y vape stworzony dla u\u017cytkownik\u00f3w, kt\u00f3rzy wymagaj\u0105 jako\u015bci, pojemno\u015bci i wygody. Zaprojektowany z my\u015bl\u0105 o europejskich hurtowych nabywcach i sprzedawcach detalicznych, to urz\u0105dzenie \u0142\u0105czy w sobie wysok\u0105 wydajno\u015b\u0107 z eleganck\u0105, gotow\u0105 do u\u017cycia konstrukcj\u0105.<\/p>\n<p data-start=\"746\" data-end=\"1032\">Ka\u017cda jednostka jest dostarczana <strong data-start=\"762\" data-end=\"820\">wst\u0119pnie nape\u0142niona 16 ml wysokiej jako\u015bci e-liquidu z sol\u0105 nikotynow\u0105<\/strong> i oferuje wyb\u00f3r st\u0119\u017cenia nikotyny 2% lub 5%. Z maksymalnie <strong data-start=\"883\" data-end=\"908\">7500 zaci\u0105gni\u0119\u0107 na urz\u0105dzenie<\/strong>, Breze zapewnia sta\u0142\u0105 produkcj\u0119 pary i g\u0142adkie uderzenia w gard\u0142o, kt\u00f3re zadowol\u0105 zar\u00f3wno okazjonalnych u\u017cytkownik\u00f3w, jak i do\u015bwiadczonych waper\u00f3w.<\/p>\n<p data-start=\"1034\" data-end=\"1313\">Zasilany zintegrowanym akumulatorem, Breze przybywa <strong data-start=\"1086\" data-end=\"1119\">wst\u0119pnie na\u0142adowany i gotowy do wapowania<\/strong> od razu po wyj\u0119ciu z pude\u0142ka, eliminuj\u0105c potrzeb\u0119 ponownego nape\u0142niania lub \u0142adowania. Zaawansowana formu\u0142a soli nikotynowej wzmacnia smak, zapewniaj\u0105c jednocze\u015bnie zr\u00f3wnowa\u017cony, satysfakcjonuj\u0105cy wdech bez ostro\u015bci.<\/p>\n<p data-start=\"1315\" data-end=\"1653\">Kompaktowy, niezawodny i stworzony do codziennego u\u017cytku, <strong data-start=\"1366\" data-end=\"1402\">Breze 7500 Zaci\u0105gni\u0119\u0107 Jednorazowy Vape<\/strong> to doskona\u0142y wyb\u00f3r do zam\u00f3wie\u0144 hurtowych, sprzeda\u017cy detalicznej i projekt\u00f3w pod mark\u0105 w\u0142asn\u0105 z dost\u0119pno\u015bci\u0105 OEM. Zaufana opcja dla <strong data-start=\"1532\" data-end=\"1577\">europejskiego hurtowego rynku jednorazowych vape<\/strong>, zapewnia d\u0142ug\u0105 trwa\u0142o\u015b\u0107, p\u0142ynn\u0105 logistyk\u0119 i szybki obr\u00f3t zapasami.<\/p>\n<h3><img decoding=\"async\" class=\"alignnone wp-image-1790\" src=\"http:\/\/vapebulkp.com\/wp-content\/uploads\/2023\/10\/Good-Sale-Vape-Breze-7500-Puffs-8.jpg\" alt=\"Dobra sprzeda\u017c Vape Breze 7500 Pali (8)\" width=\"652\" height=\"652\" srcset=\"https:\/\/vapebulkp.com\/wp-content\/uploads\/2023\/10\/Good-Sale-Vape-Breze-7500-Puffs-8.jpg 1000w, https:\/\/vapebulkp.com\/wp-content\/uploads\/2023\/10\/Good-Sale-Vape-Breze-7500-Puffs-8-300x300.jpg 300w, https:\/\/vapebulkp.com\/wp-content\/uploads\/2023\/10\/Good-Sale-Vape-Breze-7500-Puffs-8-150x150.jpg 150w, https:\/\/vapebulkp.com\/wp-content\/uploads\/2023\/10\/Good-Sale-Vape-Breze-7500-Puffs-8-768x768.jpg 768w, https:\/\/vapebulkp.com\/wp-content\/uploads\/2023\/10\/Good-Sale-Vape-Breze-7500-Puffs-8-600x600.jpg 600w, https:\/\/vapebulkp.com\/wp-content\/uploads\/2023\/10\/Good-Sale-Vape-Breze-7500-Puffs-8-100x100.jpg 100w\" sizes=\"(max-width: 652px) 100vw, 652px\" \/><\/h3>\n<h5><\/h5>\n<h6>Skontaktuj si\u0119 z WhatsApp Mandy, aby uzyska\u0107 cen\u0119 ze zni\u017ck\u0105<a href=\"https:\/\/wa.me\/8618077105796\">+8618077105796<\/a><\/h6>\n<p><img decoding=\"async\" class=\"alignnone wp-image-2151\" src=\"http:\/\/vapebulkp.com\/wp-content\/uploads\/2024\/04\/Mandy-WhatsApp-Randm.jpg\" alt=\"WhatsApp Mandy Randm\" width=\"313\" height=\"333\" srcset=\"https:\/\/vapebulkp.com\/wp-content\/uploads\/2024\/04\/Mandy-WhatsApp-Randm.jpg 916w, https:\/\/vapebulkp.com\/wp-content\/uploads\/2024\/04\/Mandy-WhatsApp-Randm-282x300.jpg 282w, https:\/\/vapebulkp.com\/wp-content\/uploads\/2024\/04\/Mandy-WhatsApp-Randm-768x817.jpg 768w, https:\/\/vapebulkp.com\/wp-content\/uploads\/2024\/04\/Mandy-WhatsApp-Randm-600x638.jpg 600w\" sizes=\"(max-width: 313px) 100vw, 313px\" \/><\/p>\n<h2>Pomy\u015bla\u0142em, \u017ce mo\u017ce Ci\u0119 zainteresowa\u0107 Breze 7500 Puffs:<\/h2>\n<p>&nbsp;<\/p>\n<h6>1.JAKA JEST POJEMNO\u015a\u0106 E-LIQUIDU w Breze 7500 Puffs?<\/h6>\n<p>To urz\u0105dzenie ma 16 ml e-liquidu.<\/p>\n<h6>2. JAK D\u0141UGO TRWA TEN VAPE?<\/h6>\n<p>500 zaci\u0105gni\u0119\u0107\/dzie\u0144, mo\u017ce wystarczy\u0107 na 30 dni<br \/>\n1000 zaci\u0105gni\u0119\u0107\/dzie\u0144, mo\u017ce wystarczy\u0107 na 15 dni<br \/>\n2000 zaci\u0105gni\u0119\u0107\/dzie\u0144, mo\u017ce wystarczy\u0107 na 8 dni<\/p>\n<h6>3.JAK NA\u0141ADOWA\u0106 JEDNORAZOWY VAPE Breze 7500 Puffs?<\/h6>\n<p>Nie wolno u\u017cywa\u0107 \u0142adowarek z szybkim \u0142adowaniem. Standardowa bezpieczna moc dla jednorazowych e-papieros\u00f3w to 5V 1A. Ka\u017cde \u0142adowanie nie mo\u017ce przekracza\u0107 1 godziny, a bezpieczny czas \u0142adowania to p\u00f3\u0142 godziny.<\/p>\n<p><span style=\"color: #ff6600\">Uwaga: nie mo\u017cna \u0142adowa\u0107 przez ca\u0142\u0105 noc!<\/span><\/p>\n<h6>4. Jak u\u017cywa\u0107 Breze 7500 Puffs?<\/h6>\n<p>1: Przed u\u017cyciem 15k zaci\u0105gni\u0119\u0107, wyjmij plastikow\u0105 rurk\u0119.<br \/>\n2: Odczekaj oko\u0142o 3 minut, aby sok dotar\u0142 do grza\u0142ki w \u015brodku.<br \/>\n3: Zacznij si\u0119 nim cieszy\u0107<\/p>\n<h3><strong><span style=\"vertical-align: inherit\">Specyfikacja dla hurtowni vape Breze 7500 Puffs<\/span><\/strong><strong><span style=\"vertical-align: inherit\">\uff1a<\/span><br \/>\n<\/strong><\/h3>\n<ul>\n<li>Bateria: 650mAh (Typ C)<br \/>\nPojemno\u015b\u0107: 16 ml<br \/>\nGrza\u0142ka: siatka 0.8 oma<br \/>\nPrzybli\u017cona obj\u0119to\u015b\u0107 ssania: 7500 puffs<br \/>\nZawarto\u015b\u0107 nikotyny: 2%, 5%<\/li>\n<li>Wydajne i sta\u0142e dostarczanie mocy<\/li>\n<li>Minimalne zam\u00f3wienie: 100 sztuk<\/li>\n<\/ul>\n<h3><strong>Jaka jest najlepsza cena hurtowa i smaki dla jednorazowych e-papieros\u00f3w Breze 7500 Puffs?<\/strong><\/h3>\n<p>&nbsp;<\/p>\n<p><strong>1.Czere\u015bniowa cola<br \/>\n2.Mango brzoskwinia arbuz<br \/>\n3.Blueberry kwa\u015bna malina<br \/>\n4. Pina Colada<br \/>\n5.Soczysta brzoskwinia z lodem<br \/>\n6.Groch soda<br \/>\n7.Limonka mi\u0119ta<br \/>\n8. Arbuzowy l\u00f3d<br \/>\n9. Tropikalny t\u0119czowy wybuch<br \/>\n10.Truskawkowe lody<br \/>\n11.Nap\u00f3j energetyczny z lodem<br \/>\n12.Blueberry z lodem\u00a0<\/strong><\/p>\n<p>&nbsp;<\/p>\n<p><a href=\"https:\/\/vapebulkp.com\/pl\/product\/popular-randm-tornado-7000puffs-disposable-vape-best-price\/\"><span style=\"vertical-align: inherit\">RandM Tornado 7000 zaci\u0105gni\u0119\u0107 <\/span><\/a><\/p>\n<p><span style=\"vertical-align: inherit\">Znajd\u017a wi\u0119cej produkt\u00f3w, kt\u00f3re mog\u0105 Ci si\u0119 spodoba\u0107:<\/span><em><a href=\"https:\/\/wa.me\/8618077105796\"><span style=\"vertical-align: inherit\">\u00a0Kup teraz<\/span><\/a><\/em><\/p>\n<p><span style=\"vertical-align: inherit\">Inne Puffs, kt\u00f3re mog\u0105 Ci si\u0119 spodoba\u0107:<\/span><a href=\"https:\/\/vapebulkp.com\/pl\/product\/bang-box-12000puffs-good-vape-sweden-wholesale-price\/\"><span style=\"vertical-align: inherit\">Bang Box 12000 Zaci\u0105gni\u0119\u0107<\/span><\/a><span style=\"vertical-align: inherit\">\u3001<\/span><a href=\"https:\/\/vapebulkp.com\/pl\/product\/top-sale-waspe-12000puffs-disposable-vape-wholesale-france\/\"><span style=\"vertical-align: inherit\">WASPE 12000 zaci\u0105gni\u0119\u0107<\/span><\/a><span style=\"vertical-align: inherit\">\/ <\/span><a href=\"https:\/\/vapebulkp.com\/pl\/product\/wholesale-randm-tornado-9000-puffs-germany\/\"><span style=\"vertical-align: inherit\">RandM Tornado 9000 zaci\u0105gni\u0119\u0107<\/span><\/a><span style=\"vertical-align: inherit\">\/ <\/span><a href=\"https:\/\/vapebulkp.com\/pl\/product\/disposable-vape-crystal-600-puffs\/\"><span style=\"vertical-align: inherit\">Crystal 600Puff\u00f3w<\/span><\/a><\/p>\n<p><span style=\"vertical-align: inherit\">E-papieros o specjalnym kszta\u0142cie butelki:<\/span><a href=\"https:\/\/vapebulkp.com\/pl\/product\/good-sale-randm-tornado-10000-puffs-plus\/\"><span style=\"vertical-align: inherit\">RandM Tornado 10000 Pali Plus <\/span><\/a><span style=\"vertical-align: inherit\">\/<\/span><a href=\"https:\/\/vapebulkp.com\/pl\/product\/popular-vape-bang-king-15000-puffs-bang-vape\/\"><span style=\"vertical-align: inherit\">Bang Vape King 15000 Pali <\/span><\/a><\/p>\n<h5>Kwalifikacja produkcyjna:<\/h5>\n<p>&nbsp;<\/p>\n<p><img decoding=\"async\" class=\"alignnone size-full wp-image-1841\" src=\"http:\/\/vapebulkp.com\/wp-content\/uploads\/2023\/11\/Vape-production-process-2.jpeg\" alt=\"Proces produkcji vape\" width=\"650\" height=\"434\" srcset=\"https:\/\/vapebulkp.com\/wp-content\/uploads\/2023\/11\/Vape-production-process-2.jpeg 650w, https:\/\/vapebulkp.com\/wp-content\/uploads\/2023\/11\/Vape-production-process-2-300x200.jpeg 300w, https:\/\/vapebulkp.com\/wp-content\/uploads\/2023\/11\/Vape-production-process-2-600x401.jpeg 600w\" sizes=\"(max-width: 650px) 100vw, 650px\" \/><\/p>\n<p><img decoding=\"async\" class=\"alignnone wp-image-1843\" src=\"http:\/\/vapebulkp.com\/wp-content\/uploads\/2023\/11\/Vape-production-process.jpeg\" alt=\"Proces produkcji vape\" width=\"652\" height=\"1043\" srcset=\"https:\/\/vapebulkp.com\/wp-content\/uploads\/2023\/11\/Vape-production-process.jpeg 641w, https:\/\/vapebulkp.com\/wp-content\/uploads\/2023\/11\/Vape-production-process-187x300.jpeg 187w, https:\/\/vapebulkp.com\/wp-content\/uploads\/2023\/11\/Vape-production-process-640x1024.jpeg 640w, https:\/\/vapebulkp.com\/wp-content\/uploads\/2023\/11\/Vape-production-process-600x960.jpeg 600w\" sizes=\"(max-width: 652px) 100vw, 652px\" \/><\/p>\n<h5>Najcz\u0119\u015bciej zadawane pytania:<\/h5>\n<p>Q: Jaka jest minimalna ilo\u015b\u0107 zam\u00f3wienia (MOQ) dla Breze 7500 Puffs?<br \/>\nO: Minimalne zam\u00f3wienie to 100 sztuk.<br \/>\nP: Jaki jest czas dostawy zam\u00f3wionego e-papierosa?<br \/>\nO: Zwykle trwa to 10-15 dni od wysy\u0142ki<br \/>\nP: Ile kosztuje wysy\u0142ka?O: Koszt wysy\u0142ki zale\u017cy od wagi. R\u00f3\u017cne ilo\u015bci maj\u0105 r\u00f3\u017cne koszty wysy\u0142ki, prosimy o kontakt w celu ich potwierdzenia.<\/p>\n<p>&nbsp;<\/p>\n<h4>Szczeg\u00f3\u0142y wysy\u0142ki:<\/h4>\n<p><span style=\"color: #ff6600\">Czas produkcji: 5-10 dni roboczych<\/span><br \/>\n<span style=\"color: #ff6600\">Czas wysy\u0142ki: 8-14 dni roboczych<\/span><\/p>\n<p>Wszystkie produkty w naszym sklepie s\u0105 w 100% oryginalne i autentyczne, dlatego polityk\u0105 naszego sklepu jest dziesi\u0119ciokrotne odszkodowanie za podrobione towary. Do dostarczania towar\u00f3w u\u017cywamy kana\u0142\u00f3w logistycznych, takich jak UPS\/DHL\/FEDEX\/DPD.<\/p>\n<p>W przypadku paczek wysy\u0142anych do Polski dostawa trwa zwykle 10 dni roboczych. Wysy\u0142ka do kraj\u00f3w europejskich trwa zwykle od 12 do 15 dni roboczych. B\u0119dziemy aktualizowa\u0107 dla Ciebie informacje logistyczne w czasie rzeczywistym.<\/p>\n<h3>Dobra obs\u0142uga posprzeda\u017cowa:<\/h3>\n<p><span style=\"color: #ff6600\">Uwaga: Brak zwrot\u00f3w lub wymiany w przypadku problem\u00f3w niezwi\u0105zanych z jako\u015bci\u0105<\/span><br \/>\n1. Klienci mog\u0105 wybra\u0107 smak, kt\u00f3ry chc\u0105, ale je\u015bli smak jest niedost\u0119pny, dzia\u0142 produkcji wybierze popularny smak, aby go zast\u0105pi\u0107. Klienci nie mog\u0105 ubiega\u0107 si\u0119 o zwrot pieni\u0119dzy ani wymian\u0119 na podstawie smak\u00f3w.<\/p>\n<p>2. Gdy wyst\u0105pi\u0105 problemy z jako\u015bci\u0105, prosimy o dostarczenie szczeg\u00f3\u0142owego opisu wideo i zdj\u0119\u0107.<br \/>\nJe\u015bli nie mo\u017cesz dostarczy\u0107 dowod\u00f3w, takich jak filmy i zdj\u0119cia, towar nie mo\u017ce zosta\u0107 wymieniony.<\/p>","protected":false},"excerpt":{"rendered":"<p>Dobra Sprzeda\u017c Vape pen Breze 7500 Zaci\u0105gni\u0119\u0107 Gor\u0105ca Sprzeda\u017c w Niemczech<br \/>\nBreze 7500 Puffs VAPE KIT Polska<br \/>\nPopularny Vape Breze 7500 Zaci\u0105gni\u0119\u0107 VAPE BAR<br \/>\nPopularny Breze 7500 Zaci\u0105gni\u0119\u0107 VAPE Francja<br \/>\nDobry Vape Breze 7500 Zaci\u0105gni\u0119\u0107 Topowa Sprzeda\u017c Vape pen<\/p>\n<p><img decoding=\"async\" class=\"alignnone wp-image-2151\" src=\"http:\/\/vapebulkp.com\/wp-content\/uploads\/2024\/04\/Mandy-WhatsApp-Randm.jpg\" alt=\"WhatsApp Mandy Randm\" width=\"276\" height=\"294\" srcset=\"https:\/\/vapebulkp.com\/wp-content\/uploads\/2024\/04\/Mandy-WhatsApp-Randm.jpg 916w, https:\/\/vapebulkp.com\/wp-content\/uploads\/2024\/04\/Mandy-WhatsApp-Randm-282x300.jpg 282w, https:\/\/vapebulkp.com\/wp-content\/uploads\/2024\/04\/Mandy-WhatsApp-Randm-768x817.jpg 768w, https:\/\/vapebulkp.com\/wp-content\/uploads\/2024\/04\/Mandy-WhatsApp-Randm-600x638.jpg 600w\" sizes=\"(max-width: 276px) 100vw, 276px\" \/><\/p>\n<p>Skontaktuj si\u0119 z WhatsApp Mandy, aby uzyska\u0107 cen\u0119 ze zni\u017ck\u0105<a href=\"https:\/\/wa.me\/8618077105796\">+8618077105796<\/a><\/p>\n<p><span style=\"color: #ff0000\">UWAGA: Ceny na naszej stronie internetowej nie zawieraj\u0105 koszt\u00f3w wysy\u0142ki<\/span><\/p>","protected":false},"featured_media":1784,"comment_status":"open","ping_status":"closed","template":"","meta":{"_uag_custom_page_level_css":"","_lmt_disableupdate":"no","_lmt_disable":"","site-sidebar-layout":"default","site-content-layout":"content-boxed-container","ast-site-content-layout":"normal-width-container","site-content-style":"boxed","site-sidebar-style":"unboxed","ast-global-header-display":"","ast-banner-title-visibility":"","ast-main-header-display":"","ast-hfb-above-header-display":"","ast-hfb-below-header-display":"","ast-hfb-mobile-header-display":"","site-post-title":"","ast-breadcrumbs-content":"","ast-featured-img":"","footer-sml-layout":"","theme-transparent-header-meta":"default","adv-header-id-meta":"","stick-header-meta":"","header-above-stick-meta":"","header-main-stick-meta":"","header-below-stick-meta":"","astra-migrate-meta-layouts":"set","_joinchat":[]},"product_cat":[153,155,33,59,100,34,158,157,154,152,58,84,156,63,32],"product_tag":[79,36,37,41,73,40],"class_list":["post-1783","product","type-product","status-publish","has-post-thumbnail","hentry","product_cat-hot-disposable-vapes","product_cat-belgium-hot-disposable-vapes","product_cat-france-vape-hot-sale","product_cat-germany-hot-disposable-vape","product_cat-germany-wholesale-vape-shop","product_cat-netherlands-vape-good-sale","product_cat-norway-hot-disposable-vapes","product_cat-poland-hot-disposable-vapes","product_cat-portugal-hot-disposable-vapes","product_cat-spain-hot-disposable-vapes","product_cat-sweden-hot-disposable-vape","product_cat-sweden-wholesale-vape","product_cat-switzerland-hot-disposable-vapes","product_cat-top-sale-disposable-vape","product_cat-vape-hot-sale-this-week","product_tag-7500-puffs","product_tag-good-vape","product_tag-hot-sale-disposable-vape","product_tag-poland-hot-vape","product_tag-randm-10000puffs-vape","product_tag-sweden-hot-vape","desktop-align-left","tablet-align-left","mobile-align-left"],"yoast_head":"<!-- This site is optimized with the Yoast SEO plugin v21.1 - https:\/\/yoast.com\/wordpress\/plugins\/seo\/ -->\n<title>Bulk Buy VapTop Sale Breze 7500 Puffs Sweden - vapebulkp.com<\/title>\n<meta name=\"description\" content=\"Join the Vaping Revolution with Bulk Buy VapeTop Sale Breze 7500 Puffs Sweden Disposable E-CigaretteIt&#039;s time to join the vaping revolution with the Breze 7500 Puffs Disposable Vape.\" \/>\n<meta name=\"robots\" content=\"index, follow, max-snippet:-1, max-image-preview:large, max-video-preview:-1\" \/>\n<link rel=\"canonical\" href=\"https:\/\/vapebulkp.com\/pl\/product\/bulk-buy-vapetop-sale-breze-7500-puffs-sweden\/\" \/>\n<meta property=\"og:locale\" content=\"pl_PL\" \/>\n<meta property=\"og:type\" content=\"article\" \/>\n<meta property=\"og:title\" content=\"Bulk Buy VapTop Sale Breze 7500 Puffs Sweden - vapebulkp.com\" \/>\n<meta property=\"og:description\" content=\"Join the Vaping Revolution with Bulk Buy VapeTop Sale Breze 7500 Puffs Sweden Disposable E-CigaretteIt&#039;s time to join the vaping revolution with the Breze 7500 Puffs Disposable Vape.\" \/>\n<meta property=\"og:url\" content=\"https:\/\/vapebulkp.com\/pl\/product\/bulk-buy-vapetop-sale-breze-7500-puffs-sweden\/\" \/>\n<meta property=\"og:site_name\" content=\"vapebulkp.com\" \/>\n<meta property=\"article:modified_time\" content=\"2025-09-01T02:57:41+00:00\" \/>\n<meta property=\"og:image\" content=\"http:\/\/vapebulkp.com\/wp-content\/uploads\/2023\/10\/Good-Sale-Vape-Breze-7500-Puffs-2.jpg\" \/>\n\t<meta property=\"og:image:width\" content=\"1000\" \/>\n\t<meta property=\"og:image:height\" content=\"1000\" \/>\n\t<meta property=\"og:image:type\" content=\"image\/jpeg\" \/>\n<meta name=\"twitter:card\" content=\"summary_large_image\" \/>\n<meta name=\"twitter:label1\" content=\"Szacowany czas czytania\" \/>\n\t<meta name=\"twitter:data1\" content=\"4 minuty\" \/>\n<script type=\"application\/ld+json\" class=\"yoast-schema-graph\">{\"@context\":\"https:\/\/schema.org\",\"@graph\":[{\"@type\":\"WebPage\",\"@id\":\"https:\/\/vapebulkp.com\/product\/bulk-buy-vapetop-sale-breze-7500-puffs-sweden\/\",\"url\":\"https:\/\/vapebulkp.com\/product\/bulk-buy-vapetop-sale-breze-7500-puffs-sweden\/\",\"name\":\"Bulk Buy VapTop Sale Breze 7500 Puffs Sweden - vapebulkp.com\",\"isPartOf\":{\"@id\":\"https:\/\/vapebulkp.com\/#website\"},\"datePublished\":\"2023-10-25T02:02:28+00:00\",\"dateModified\":\"2025-09-01T02:57:41+00:00\",\"description\":\"Join the Vaping Revolution with Bulk Buy VapeTop Sale Breze 7500 Puffs Sweden Disposable E-CigaretteIt's time to join the vaping revolution with the Breze 7500 Puffs Disposable Vape.\",\"breadcrumb\":{\"@id\":\"https:\/\/vapebulkp.com\/product\/bulk-buy-vapetop-sale-breze-7500-puffs-sweden\/#breadcrumb\"},\"inLanguage\":\"pl-PL\",\"potentialAction\":[{\"@type\":\"ReadAction\",\"target\":[\"https:\/\/vapebulkp.com\/product\/bulk-buy-vapetop-sale-breze-7500-puffs-sweden\/\"]}]},{\"@type\":\"BreadcrumbList\",\"@id\":\"https:\/\/vapebulkp.com\/product\/bulk-buy-vapetop-sale-breze-7500-puffs-sweden\/#breadcrumb\",\"itemListElement\":[{\"@type\":\"ListItem\",\"position\":1,\"name\":\"Home\",\"item\":\"https:\/\/vapebulkp.com\/\"},{\"@type\":\"ListItem\",\"position\":2,\"name\":\"Hot Trend Vapes\",\"item\":\"https:\/\/vapebulkp.com\/vape-shop\/\"},{\"@type\":\"ListItem\",\"position\":3,\"name\":\"Bulk Buy VapTop Sale Breze 7500 Puffs Sweden\"}]},{\"@type\":\"WebSite\",\"@id\":\"https:\/\/vapebulkp.com\/#website\",\"url\":\"https:\/\/vapebulkp.com\/\",\"name\":\"vapebulkp.com\",\"description\":\"Buy Vape In Cheap Bulk Price Near you\",\"publisher\":{\"@id\":\"https:\/\/vapebulkp.com\/#organization\"},\"potentialAction\":[{\"@type\":\"SearchAction\",\"target\":{\"@type\":\"EntryPoint\",\"urlTemplate\":\"https:\/\/vapebulkp.com\/?s={search_term_string}\"},\"query-input\":\"required name=search_term_string\"}],\"inLanguage\":\"pl-PL\"},{\"@type\":\"Organization\",\"@id\":\"https:\/\/vapebulkp.com\/#organization\",\"name\":\"vapebulkp.com\",\"url\":\"https:\/\/vapebulkp.com\/\",\"logo\":{\"@type\":\"ImageObject\",\"inLanguage\":\"pl-PL\",\"@id\":\"https:\/\/vapebulkp.com\/#\/schema\/logo\/image\/\",\"url\":\"https:\/\/vapebulkp.com\/wp-content\/uploads\/2023\/09\/cropped-vapebulkp.png\",\"contentUrl\":\"https:\/\/vapebulkp.com\/wp-content\/uploads\/2023\/09\/cropped-vapebulkp.png\",\"width\":516,\"height\":163,\"caption\":\"vapebulkp.com\"},\"image\":{\"@id\":\"https:\/\/vapebulkp.com\/#\/schema\/logo\/image\/\"}}]}<\/script>\n<!-- \/ Yoast SEO plugin. -->","yoast_head_json":{"title":"Bulk Buy VapTop Sale Breze 7500 Puffs Sweden - vapebulkp.com","description":"Join the Vaping Revolution with Bulk Buy VapeTop Sale Breze 7500 Puffs Sweden Disposable E-CigaretteIt's time to join the vaping revolution with the Breze 7500 Puffs Disposable Vape.","robots":{"index":"index","follow":"follow","max-snippet":"max-snippet:-1","max-image-preview":"max-image-preview:large","max-video-preview":"max-video-preview:-1"},"canonical":"https:\/\/vapebulkp.com\/pl\/product\/bulk-buy-vapetop-sale-breze-7500-puffs-sweden\/","og_locale":"pl_PL","og_type":"article","og_title":"Bulk Buy VapTop Sale Breze 7500 Puffs Sweden - vapebulkp.com","og_description":"Join the Vaping Revolution with Bulk Buy VapeTop Sale Breze 7500 Puffs Sweden Disposable E-CigaretteIt's time to join the vaping revolution with the Breze 7500 Puffs Disposable Vape.","og_url":"https:\/\/vapebulkp.com\/pl\/product\/bulk-buy-vapetop-sale-breze-7500-puffs-sweden\/","og_site_name":"vapebulkp.com","article_modified_time":"2025-09-01T02:57:41+00:00","og_image":[{"width":1000,"height":1000,"url":"http:\/\/vapebulkp.com\/wp-content\/uploads\/2023\/10\/Good-Sale-Vape-Breze-7500-Puffs-2.jpg","type":"image\/jpeg"}],"twitter_card":"summary_large_image","twitter_misc":{"Szacowany czas czytania":"4 minuty"},"schema":{"@context":"https:\/\/schema.org","@graph":[{"@type":"WebPage","@id":"https:\/\/vapebulkp.com\/product\/bulk-buy-vapetop-sale-breze-7500-puffs-sweden\/","url":"https:\/\/vapebulkp.com\/product\/bulk-buy-vapetop-sale-breze-7500-puffs-sweden\/","name":"Bulk Buy VapTop Sale Breze 7500 Puffs Sweden - vapebulkp.com","isPartOf":{"@id":"https:\/\/vapebulkp.com\/#website"},"datePublished":"2023-10-25T02:02:28+00:00","dateModified":"2025-09-01T02:57:41+00:00","description":"Join the Vaping Revolution with Bulk Buy VapeTop Sale Breze 7500 Puffs Sweden Disposable E-CigaretteIt's time to join the vaping revolution with the Breze 7500 Puffs Disposable Vape.","breadcrumb":{"@id":"https:\/\/vapebulkp.com\/product\/bulk-buy-vapetop-sale-breze-7500-puffs-sweden\/#breadcrumb"},"inLanguage":"pl-PL","potentialAction":[{"@type":"ReadAction","target":["https:\/\/vapebulkp.com\/product\/bulk-buy-vapetop-sale-breze-7500-puffs-sweden\/"]}]},{"@type":"BreadcrumbList","@id":"https:\/\/vapebulkp.com\/product\/bulk-buy-vapetop-sale-breze-7500-puffs-sweden\/#breadcrumb","itemListElement":[{"@type":"ListItem","position":1,"name":"Home","item":"https:\/\/vapebulkp.com\/"},{"@type":"ListItem","position":2,"name":"Hot Trend Vapes","item":"https:\/\/vapebulkp.com\/vape-shop\/"},{"@type":"ListItem","position":3,"name":"Bulk Buy VapTop Sale Breze 7500 Puffs Sweden"}]},{"@type":"WebSite","@id":"https:\/\/vapebulkp.com\/#website","url":"https:\/\/vapebulkp.com\/","name":"vapebulkp.com","description":"Buy Vape In Cheap Bulk Price Near you","publisher":{"@id":"https:\/\/vapebulkp.com\/#organization"},"potentialAction":[{"@type":"SearchAction","target":{"@type":"EntryPoint","urlTemplate":"https:\/\/vapebulkp.com\/?s={search_term_string}"},"query-input":"required name=search_term_string"}],"inLanguage":"pl-PL"},{"@type":"Organization","@id":"https:\/\/vapebulkp.com\/#organization","name":"vapebulkp.com","url":"https:\/\/vapebulkp.com\/","logo":{"@type":"ImageObject","inLanguage":"pl-PL","@id":"https:\/\/vapebulkp.com\/#\/schema\/logo\/image\/","url":"https:\/\/vapebulkp.com\/wp-content\/uploads\/2023\/09\/cropped-vapebulkp.png","contentUrl":"https:\/\/vapebulkp.com\/wp-content\/uploads\/2023\/09\/cropped-vapebulkp.png","width":516,"height":163,"caption":"vapebulkp.com"},"image":{"@id":"https:\/\/vapebulkp.com\/#\/schema\/logo\/image\/"}}]}},"uagb_featured_image_src":{"full":["https:\/\/vapebulkp.com\/wp-content\/uploads\/2023\/10\/Good-Sale-Vape-Breze-7500-Puffs-2.jpg",1000,1000,false],"thumbnail":["https:\/\/vapebulkp.com\/wp-content\/uploads\/2023\/10\/Good-Sale-Vape-Breze-7500-Puffs-2-150x150.jpg",150,150,true],"medium":["https:\/\/vapebulkp.com\/wp-content\/uploads\/2023\/10\/Good-Sale-Vape-Breze-7500-Puffs-2-300x300.jpg",300,300,true],"medium_large":["https:\/\/vapebulkp.com\/wp-content\/uploads\/2023\/10\/Good-Sale-Vape-Breze-7500-Puffs-2-768x768.jpg",768,768,true],"large":["https:\/\/vapebulkp.com\/wp-content\/uploads\/2023\/10\/Good-Sale-Vape-Breze-7500-Puffs-2.jpg",1000,1000,false],"1536x1536":["https:\/\/vapebulkp.com\/wp-content\/uploads\/2023\/10\/Good-Sale-Vape-Breze-7500-Puffs-2.jpg",1000,1000,false],"2048x2048":["https:\/\/vapebulkp.com\/wp-content\/uploads\/2023\/10\/Good-Sale-Vape-Breze-7500-Puffs-2.jpg",1000,1000,false],"trp-custom-language-flag":["https:\/\/vapebulkp.com\/wp-content\/uploads\/2023\/10\/Good-Sale-Vape-Breze-7500-Puffs-2.jpg",12,12,false],"woocommerce_thumbnail":["https:\/\/vapebulkp.com\/wp-content\/uploads\/2023\/10\/Good-Sale-Vape-Breze-7500-Puffs-2-300x300.jpg",300,300,true],"woocommerce_single":["https:\/\/vapebulkp.com\/wp-content\/uploads\/2023\/10\/Good-Sale-Vape-Breze-7500-Puffs-2-600x600.jpg",600,600,true],"woocommerce_gallery_thumbnail":["https:\/\/vapebulkp.com\/wp-content\/uploads\/2023\/10\/Good-Sale-Vape-Breze-7500-Puffs-2-100x100.jpg",100,100,true],"wcpr-photo-reviews":["https:\/\/vapebulkp.com\/wp-content\/uploads\/2023\/10\/Good-Sale-Vape-Breze-7500-Puffs-2.jpg",500,500,false]},"uagb_author_info":{"display_name":"Mandy vape bulk price","author_link":"https:\/\/vapebulkp.com\/pl\/author\/"},"uagb_comment_info":0,"uagb_excerpt":"Good Sale Vape pen Breze 7500 Puffs Hot Sale In Germany Breze 7500 Puffs VAPE KIT Sweden Popular Vape Breze 7500 Puffs VAPE BAR Popular Breze 7500 Puffs VAPE\u00a0 France Good Vape Breze 7500 Puffs Top Sale Vape pen Pls Contact Mandy's WhatsApp For Discount Price+8618077105796 NOTE: Prices on our website does not include shipping&hellip;","_links":{"self":[{"href":"https:\/\/vapebulkp.com\/pl\/wp-json\/wp\/v2\/product\/1783","targetHints":{"allow":["GET"]}}],"collection":[{"href":"https:\/\/vapebulkp.com\/pl\/wp-json\/wp\/v2\/product"}],"about":[{"href":"https:\/\/vapebulkp.com\/pl\/wp-json\/wp\/v2\/types\/product"}],"replies":[{"embeddable":true,"href":"https:\/\/vapebulkp.com\/pl\/wp-json\/wp\/v2\/comments?post=1783"}],"wp:featuredmedia":[{"embeddable":true,"href":"https:\/\/vapebulkp.com\/pl\/wp-json\/wp\/v2\/media\/1784"}],"wp:attachment":[{"href":"https:\/\/vapebulkp.com\/pl\/wp-json\/wp\/v2\/media?parent=1783"}],"wp:term":[{"taxonomy":"product_cat","embeddable":true,"href":"https:\/\/vapebulkp.com\/pl\/wp-json\/wp\/v2\/product_cat?post=1783"},{"taxonomy":"product_tag","embeddable":true,"href":"https:\/\/vapebulkp.com\/pl\/wp-json\/wp\/v2\/product_tag?post=1783"}],"curies":[{"name":"wp","href":"https:\/\/api.w.org\/{rel}","templated":true}]}}