{"id":1810,"date":"2023-10-26T08:51:36","date_gmt":"2023-10-26T06:51:36","guid":{"rendered":"https:\/\/vapebulkp.com\/?post_type=product&#038;p=1810"},"modified":"2025-09-08T06:04:57","modified_gmt":"2025-09-08T04:04:57","slug":"joymy-ultra15000puffs-best-disposable-vape-2023","status":"publish","type":"product","link":"https:\/\/vapebulkp.com\/pl\/product\/joymy-ultra15000puffs-best-disposable-vape-2023\/","title":{"rendered":"JOYMY ULTRA15000 Puffs Najlepszy Jednorazowy Vape 2023"},"content":{"rendered":"<h2>JOYMY ULTRA 15000Puffs Najlepszy jednorazowy e-papieros 2023<\/h2>\n<p>JOYMY ULTRA \u00a0<a href=\"https:\/\/vapebulkp.com\/pl\/product-category\/15000-puffs-disposable-vape\/\">Jednorazowy e-papieros 15000Puffs<\/a> to jednorazowy e-papieros o du\u017cej pojemno\u015bci, zaprojektowany dla europejskich entuzjast\u00f3w wapowania, kt\u00f3rzy ceni\u0105 sobie wydajno\u015b\u0107, smak i wygod\u0119. Zbudowany z wytrzyma\u0142ej baterii 650 mAh i szybkiego \u0142adowania Type-C, ten d\u0142ugotrwa\u0142y jednorazowy e-papieros zapewnia nieprzerwane sesje, dostarczaj\u0105c g\u0142adk\u0105, sp\u00f3jn\u0105 par\u0119.<\/p>\n<p>Dzi\u0119ki pojemnemu zbiornikowi na e-liquid o pojemno\u015bci 20 ml i zaawansowanej technologii siatkowej grza\u0142ki, jednorazowy e-papieros 15000 Puffs wytwarza g\u0119ste chmury i bogaty smak od pocz\u0105tku do ko\u0144ca. Dost\u0119pny w szerokim wyborze smak\u00f3w premium i r\u00f3\u017cnych mocach soli nikotynowej, zaspokaja zar\u00f3wno okazjonalnych u\u017cytkownik\u00f3w, jak i do\u015bwiadczonych waper\u00f3w poszukuj\u0105cych satysfakcjonuj\u0105cych zaci\u0105gni\u0119\u0107.<\/p>\n<p>Kompaktowy i przeno\u015bny, \u0142adowalny e-papieros JOYMY ULTRA 15000 Puff z \u0142atwo\u015bci\u0105 mie\u015bci si\u0119 w kieszeni lub torbie, dzi\u0119ki czemu idealnie nadaje si\u0119 do podr\u00f3\u017cy, spotka\u0144 towarzyskich lub codziennego u\u017cytku. Idealny zar\u00f3wno dla u\u017cytkownik\u00f3w indywidualnych, jak i odbiorc\u00f3w hurtowych, ten jednorazowy e-papieros o du\u017cej pojemno\u015bci oferuje nisk\u0105 minimaln\u0105 ilo\u015b\u0107 zam\u00f3wienia, co czyni go atrakcyjn\u0105 opcj\u0105 dla sprzedawc\u00f3w detalicznych w ca\u0142ej Europie.<\/p>\n<p>Udoskonal swoj\u0105 kolekcj\u0119 dzi\u0119ki VAPE BAR JOYMY ULTRA 15000Puffs\u2014gotowemu do u\u017cycia, niezawodnemu i stylowemu urz\u0105dzeniu stworzonemu z my\u015bl\u0105 o d\u0142ugotrwa\u0142ej satysfakcji.<\/p>\n<p><img decoding=\"async\" class=\"alignnone size-full wp-image-1815\" src=\"http:\/\/vapebulkp.com\/wp-content\/uploads\/2023\/10\/Good-Sale-JOYMY-15000-Puffs-Hot-vape.png\" alt=\"Dobra sprzeda\u017c e-papierosa JOYMY 15000 zaci\u0105gni\u0119\u0107\" width=\"680\" height=\"340\" srcset=\"https:\/\/vapebulkp.com\/wp-content\/uploads\/2023\/10\/Good-Sale-JOYMY-15000-Puffs-Hot-vape.png 680w, https:\/\/vapebulkp.com\/wp-content\/uploads\/2023\/10\/Good-Sale-JOYMY-15000-Puffs-Hot-vape-300x150.png 300w, https:\/\/vapebulkp.com\/wp-content\/uploads\/2023\/10\/Good-Sale-JOYMY-15000-Puffs-Hot-vape-600x300.png 600w\" sizes=\"(max-width: 680px) 100vw, 680px\" \/><\/p>\n<h6>Skontaktuj si\u0119 z WhatsApp Mandy, aby uzyska\u0107 cen\u0119 ze zni\u017ck\u0105<a href=\"https:\/\/wa.me\/8618077105796\">+8618077105796<\/a><\/h6>\n<p><img decoding=\"async\" class=\"alignnone wp-image-2151\" src=\"http:\/\/vapebulkp.com\/wp-content\/uploads\/2024\/04\/Mandy-WhatsApp-Randm.jpg\" alt=\"WhatsApp Mandy Randm\" width=\"267\" height=\"284\" srcset=\"https:\/\/vapebulkp.com\/wp-content\/uploads\/2024\/04\/Mandy-WhatsApp-Randm.jpg 916w, https:\/\/vapebulkp.com\/wp-content\/uploads\/2024\/04\/Mandy-WhatsApp-Randm-282x300.jpg 282w, https:\/\/vapebulkp.com\/wp-content\/uploads\/2024\/04\/Mandy-WhatsApp-Randm-768x817.jpg 768w, https:\/\/vapebulkp.com\/wp-content\/uploads\/2024\/04\/Mandy-WhatsApp-Randm-600x638.jpg 600w\" sizes=\"(max-width: 267px) 100vw, 267px\" \/><\/p>\n<h2>Pomy\u015bla\u0142e\u015b, \u017ce mo\u017cesz chcie\u0107 wiedzie\u0107 o JOYMY ULTRA 15000Puffs:<\/h2>\n<p>&nbsp;<\/p>\n<h6>1. JAKA JEST POJEMNO\u015a\u0106 E-LIQUIDU VAPE JOYMY 15000 Puffs?<\/h6>\n<p>Urz\u0105dzenie ma 20 ml liquidu.<\/p>\n<h6>2. JAK D\u0141UGO TRWA TEN VAPE?<\/h6>\n<p>500 zaci\u0105gni\u0119\u0107\/dzie\u0144, mo\u017ce wystarczy\u0107 na 30 dni<br \/>\n1000 zaci\u0105gni\u0119\u0107\/dzie\u0144, mo\u017ce wystarczy\u0107 na 15 dni<br \/>\n2000 zaci\u0105gni\u0119\u0107\/dzie\u0144, mo\u017ce wystarczy\u0107 na 8 dni<\/p>\n<h6>3. JAK \u0141ADOWA\u0106 JEDNORAZOWY E-PAPIEROS JOYMY ULTRA 15000Puffs?<\/h6>\n<p>Nie wolno u\u017cywa\u0107 \u0142adowarek z szybkim \u0142adowaniem. Standardowa bezpieczna moc dla jednorazowych e-papieros\u00f3w to 5V 1A. Ka\u017cde \u0142adowanie nie mo\u017ce przekracza\u0107 1 godziny, a bezpieczny czas \u0142adowania to p\u00f3\u0142 godziny.<\/p>\n<p><span style=\"color: #ff6600\">Uwaga: nie mo\u017cna \u0142adowa\u0107 przez ca\u0142\u0105 noc!<\/span><\/p>\n<h6>4. Jak u\u017cywa\u0107 <strong><span style=\"vertical-align: inherit\">JOYMY ULTRA 15000Puff\u00f3w<\/span><\/strong>?<\/h6>\n<p>1: Przed u\u017cyciem 15k zaci\u0105gni\u0119\u0107, wyjmij plastikow\u0105 rurk\u0119.<br \/>\n2: Odczekaj oko\u0142o 3 minut, aby sok dotar\u0142 do grza\u0142ki w \u015brodku.<br \/>\n3: Zacznij si\u0119 nim cieszy\u0107<\/p>\n<h2><strong><span style=\"vertical-align: inherit\">Specyfikacja dla JOYMY 15000 Puff<\/span><\/strong><strong><span style=\"vertical-align: inherit\">\uff1a<\/span><br \/>\n<\/strong><\/h2>\n<ul>\n<li>Bateria: 650mAh (Typ C)<br \/>\nPojemno\u015b\u0107: 20 ml<br \/>\nGrza\u0142ka: siatka 0.8 oma<br \/>\nPrzybli\u017cona obj\u0119to\u015b\u0107 zaci\u0105gni\u0119\u0107: 15000 zaci\u0105gni\u0119\u0107<br \/>\nZawarto\u015b\u0107 nikotyny: 2%, 5%<\/li>\n<li>Wydajne i sta\u0142e dostarczanie mocy<\/li>\n<li>Minimalne zam\u00f3wienie: 100 sztuk<\/li>\n<\/ul>\n<h2><strong>Jakie s\u0105 najlepsze smaki e-papierosa JOYMY 15000 Puffs?<\/strong><\/h2>\n<p>&nbsp;<\/p>\n<p><strong>1.bor\u00f3wka <\/strong><\/p>\n<p><strong>2.czarny l\u00f3d <\/strong><\/p>\n<p><strong>3.arbuz<\/strong><\/p>\n<p><strong> 4.cytryna z mi\u0119t\u0105<\/strong><\/p>\n<p><strong> 5.mi\u0119ta gumowa <\/strong><\/p>\n<p><strong>6.winogrono z lodem <\/strong><\/p>\n<p><strong>7. Truskawka mango<\/strong><\/p>\n<p><strong> 8.podw\u00f3jne jab\u0142ko <\/strong><\/p>\n<p><strong>9.mi\u00f3d melona <\/strong><\/p>\n<p><strong>10. Truskawka Kiwi<\/strong><\/p>\n<p>&nbsp;<\/p>\n<p><a href=\"https:\/\/vapebulkp.com\/pl\/product\/popular-randm-tornado-7000puffs-disposable-vape-best-price\/\"><span style=\"vertical-align: inherit\">RandM Tornado 7000 zaci\u0105gni\u0119\u0107 <\/span><\/a><\/p>\n<p><span style=\"vertical-align: inherit\">Znajd\u017a wi\u0119cej produkt\u00f3w, kt\u00f3re mog\u0105 Ci si\u0119 spodoba\u0107:<\/span><em><a href=\"https:\/\/wa.me\/8618077105796\"><span style=\"vertical-align: inherit\">\u00a0Kup teraz<\/span><\/a><\/em><\/p>\n<p><span style=\"vertical-align: inherit\">Inne Puffs, kt\u00f3re mog\u0105 Ci si\u0119 spodoba\u0107:<\/span><a href=\"https:\/\/vapebulkp.com\/pl\/product\/bang-box-12000puffs-good-vape-sweden-wholesale-price\/\"><span style=\"vertical-align: inherit\">Bang Box 12000 Zaci\u0105gni\u0119\u0107<\/span><\/a><span style=\"vertical-align: inherit\">\u3001<\/span><a href=\"https:\/\/vapebulkp.com\/pl\/product\/top-sale-waspe-12000puffs-disposable-vape-wholesale-france\/\"><span style=\"vertical-align: inherit\">WASPE 12000 zaci\u0105gni\u0119\u0107<\/span><\/a><span style=\"vertical-align: inherit\">\/ <\/span><a href=\"https:\/\/vapebulkp.com\/pl\/product\/wholesale-randm-tornado-9000-puffs-germany\/\"><span style=\"vertical-align: inherit\">RandM Tornado 9000 zaci\u0105gni\u0119\u0107<\/span><\/a><span style=\"vertical-align: inherit\">\/ <\/span><a href=\"https:\/\/vapebulkp.com\/pl\/product\/disposable-vape-crystal-600-puffs\/\"><span style=\"vertical-align: inherit\">Crystal 600Puff\u00f3w<\/span><\/a><\/p>\n<p><span style=\"vertical-align: inherit\">E-papieros o specjalnym kszta\u0142cie butelki:<\/span><a href=\"https:\/\/vapebulkp.com\/pl\/product\/good-sale-randm-tornado-10000-puffs-plus\/\"><span style=\"vertical-align: inherit\">RandM Tornado 10000 Pali Plus <\/span><\/a><span style=\"vertical-align: inherit\">\/<\/span><a href=\"https:\/\/vapebulkp.com\/pl\/product\/wholesale-price-og-super-smash-10000-puffs-disposable-vape\/\"><span style=\"vertical-align: inherit\">OG Super smash 10000 zaci\u0105gni\u0119\u0107<\/span><\/a><\/p>\n<h3>Kwalifikacja produkcyjna:<\/h3>\n<p><img decoding=\"async\" class=\"alignnone size-full wp-image-1841\" src=\"http:\/\/vapebulkp.com\/wp-content\/uploads\/2023\/11\/Vape-production-process-2.jpeg\" alt=\"Proces produkcji vape\" width=\"650\" height=\"434\" srcset=\"https:\/\/vapebulkp.com\/wp-content\/uploads\/2023\/11\/Vape-production-process-2.jpeg 650w, https:\/\/vapebulkp.com\/wp-content\/uploads\/2023\/11\/Vape-production-process-2-300x200.jpeg 300w, https:\/\/vapebulkp.com\/wp-content\/uploads\/2023\/11\/Vape-production-process-2-600x401.jpeg 600w\" sizes=\"(max-width: 650px) 100vw, 650px\" \/><\/p>\n<p><img decoding=\"async\" class=\"alignnone wp-image-1843\" src=\"http:\/\/vapebulkp.com\/wp-content\/uploads\/2023\/11\/Vape-production-process.jpeg\" alt=\"Proces produkcji vape\" width=\"647\" height=\"1036\" srcset=\"https:\/\/vapebulkp.com\/wp-content\/uploads\/2023\/11\/Vape-production-process.jpeg 641w, https:\/\/vapebulkp.com\/wp-content\/uploads\/2023\/11\/Vape-production-process-187x300.jpeg 187w, https:\/\/vapebulkp.com\/wp-content\/uploads\/2023\/11\/Vape-production-process-640x1024.jpeg 640w, https:\/\/vapebulkp.com\/wp-content\/uploads\/2023\/11\/Vape-production-process-600x960.jpeg 600w\" sizes=\"(max-width: 647px) 100vw, 647px\" \/><\/p>\n<h3>Najcz\u0119\u015bciej zadawane pytania:<\/h3>\n<p>P: Jakie jest MOQ hurtowej sprzeda\u017cy JOYMY ULTRA 15000 zaci\u0105gni\u0119\u0107?<br \/>\nO: Minimalne zam\u00f3wienie to 50 sztuk.<br \/>\nP: Jaki jest czas dostawy zam\u00f3wionego e-papierosa?<br \/>\nO: Zwykle trwa to 10-15 dni od wysy\u0142ki<br \/>\nP: Ile kosztuje wysy\u0142ka?O: Koszt wysy\u0142ki zale\u017cy od wagi. R\u00f3\u017cne ilo\u015bci maj\u0105 r\u00f3\u017cne koszty wysy\u0142ki, prosimy o kontakt w celu ich potwierdzenia.<\/p>\n<h4>Szczeg\u00f3\u0142y wysy\u0142ki:<\/h4>\n<p><span style=\"color: #ff6600\">Czas produkcji: 5-10 dni roboczych<\/span><br \/>\n<span style=\"color: #ff6600\">Czas wysy\u0142ki: 8-14 dni roboczych<\/span><\/p>\n<p>Wszystkie produkty w naszym sklepie s\u0105 w 100% oryginalne i autentyczne, dlatego polityk\u0105 naszego sklepu jest dziesi\u0119ciokrotne odszkodowanie za podrobione towary. Do dostarczania towar\u00f3w u\u017cywamy kana\u0142\u00f3w logistycznych, takich jak UPS\/DHL\/FEDEX\/DPD.<\/p>\n<p>W przypadku paczek wysy\u0142anych do Polski dostawa trwa zwykle 10 dni roboczych. Wysy\u0142ka do kraj\u00f3w europejskich trwa zwykle od 12 do 15 dni roboczych. B\u0119dziemy aktualizowa\u0107 dla Ciebie informacje logistyczne w czasie rzeczywistym.<\/p>\n<h3>Dobra obs\u0142uga posprzeda\u017cowa:<\/h3>\n<p><span style=\"color: #ff6600\">Uwaga: Brak zwrot\u00f3w lub wymiany w przypadku problem\u00f3w niezwi\u0105zanych z jako\u015bci\u0105<\/span><br \/>\n1. Klienci mog\u0105 wybra\u0107 smak, kt\u00f3ry chc\u0105, ale je\u015bli smak jest niedost\u0119pny, dzia\u0142 produkcji wybierze popularny smak, aby go zast\u0105pi\u0107. Klienci nie mog\u0105 ubiega\u0107 si\u0119 o zwrot pieni\u0119dzy ani wymian\u0119 na podstawie smak\u00f3w.<\/p>\n<p>2. Gdy wyst\u0105pi\u0105 problemy z jako\u015bci\u0105, prosimy o dostarczenie szczeg\u00f3\u0142owego opisu wideo i zdj\u0119\u0107.<br \/>\nJe\u015bli nie mo\u017cesz dostarczy\u0107 dowod\u00f3w, takich jak filmy i zdj\u0119cia, towar nie mo\u017ce zosta\u0107 wymieniony.<\/p>","protected":false},"excerpt":{"rendered":"<p>Dobry jednorazowy e-papieros JOYMY 15000Puffs, popularny w Polsce<br \/>\nZESTAW VAPE JOYMY 15000Puffs Szwecja<br \/>\nPopularny e-papieros JOYMY 15000Puffs VAPE BAR<br \/>\nPopularny JOYMY 15000Puffs VAPE Polska<br \/>\nDobry e-papieros JOYMY 15000Puffs Najlepiej sprzedaj\u0105cy si\u0119 e-papieros<\/p>\n<p><img decoding=\"async\" class=\"alignnone wp-image-2151\" src=\"http:\/\/vapebulkp.com\/wp-content\/uploads\/2024\/04\/Mandy-WhatsApp-Randm.jpg\" alt=\"WhatsApp Mandy Randm\" width=\"294\" height=\"313\" srcset=\"https:\/\/vapebulkp.com\/wp-content\/uploads\/2024\/04\/Mandy-WhatsApp-Randm.jpg 916w, https:\/\/vapebulkp.com\/wp-content\/uploads\/2024\/04\/Mandy-WhatsApp-Randm-282x300.jpg 282w, https:\/\/vapebulkp.com\/wp-content\/uploads\/2024\/04\/Mandy-WhatsApp-Randm-768x817.jpg 768w, https:\/\/vapebulkp.com\/wp-content\/uploads\/2024\/04\/Mandy-WhatsApp-Randm-600x638.jpg 600w\" sizes=\"(max-width: 294px) 100vw, 294px\" \/><\/p>\n<p>Skontaktuj si\u0119 z WhatsApp Mandy, aby uzyska\u0107 cen\u0119 ze zni\u017ck\u0105<a href=\"https:\/\/wa.me\/8618077105796\">+8618077105796<\/a><\/p>\n<p><span style=\"color: #ff0000\">UWAGA: Ceny na naszej stronie internetowej nie zawieraj\u0105 koszt\u00f3w wysy\u0142ki<\/span><\/p>","protected":false},"featured_media":1811,"comment_status":"open","ping_status":"closed","template":"","meta":{"_uag_custom_page_level_css":"","_lmt_disableupdate":"no","_lmt_disable":"","site-sidebar-layout":"default","site-content-layout":"content-boxed-container","ast-site-content-layout":"normal-width-container","site-content-style":"boxed","site-sidebar-style":"unboxed","ast-global-header-display":"","ast-banner-title-visibility":"","ast-main-header-display":"","ast-hfb-above-header-display":"","ast-hfb-below-header-display":"","ast-hfb-mobile-header-display":"","site-post-title":"","ast-breadcrumbs-content":"","ast-featured-img":"","footer-sml-layout":"","theme-transparent-header-meta":"default","adv-header-id-meta":"","stick-header-meta":"","header-above-stick-meta":"","header-main-stick-meta":"","header-below-stick-meta":"","astra-migrate-meta-layouts":"set","_joinchat":[]},"product_cat":[165,153,155,33,59,100,87,34,158,157,154,152,58,84,156,63,32],"product_tag":[77,36,37,41,73,40],"class_list":["post-1810","product","type-product","status-publish","has-post-thumbnail","hentry","product_cat-15000-puffs-disposable-vape","product_cat-hot-disposable-vapes","product_cat-belgium-hot-disposable-vapes","product_cat-france-vape-hot-sale","product_cat-germany-hot-disposable-vape","product_cat-germany-wholesale-vape-shop","product_cat-minimum-order-quantity-50pcs","product_cat-netherlands-vape-good-sale","product_cat-norway-hot-disposable-vapes","product_cat-poland-hot-disposable-vapes","product_cat-portugal-hot-disposable-vapes","product_cat-spain-hot-disposable-vapes","product_cat-sweden-hot-disposable-vape","product_cat-sweden-wholesale-vape","product_cat-switzerland-hot-disposable-vapes","product_cat-top-sale-disposable-vape","product_cat-vape-hot-sale-this-week","product_tag-15000-puffs","product_tag-good-vape","product_tag-hot-sale-disposable-vape","product_tag-poland-hot-vape","product_tag-randm-10000puffs-vape","product_tag-sweden-hot-vape","desktop-align-left","tablet-align-left","mobile-align-left"],"yoast_head":"<!-- This site is optimized with the Yoast SEO plugin v21.1 - https:\/\/yoast.com\/wordpress\/plugins\/seo\/ -->\n<title>JOYMY ULTRA15000Puffs Best Disposable Vape 2023 - vapebulkp.com<\/title>\n<meta name=\"description\" content=\"Join the Vaping Revolution with JOYMY ULTRA15000Puffs Best Disposable Vape 2023Disposable E-CigaretteIt&#039;s time to join the vaping revolution with the JOYMY ULTRA15k Puffs .\" \/>\n<meta name=\"robots\" content=\"index, follow, max-snippet:-1, max-image-preview:large, max-video-preview:-1\" \/>\n<link rel=\"canonical\" href=\"https:\/\/vapebulkp.com\/pl\/product\/joymy-ultra15000puffs-best-disposable-vape-2023\/\" \/>\n<meta property=\"og:locale\" content=\"pl_PL\" \/>\n<meta property=\"og:type\" content=\"article\" \/>\n<meta property=\"og:title\" content=\"JOYMY ULTRA15000Puffs Best Disposable Vape 2023 - vapebulkp.com\" \/>\n<meta property=\"og:description\" content=\"Join the Vaping Revolution with JOYMY ULTRA15000Puffs Best Disposable Vape 2023Disposable E-CigaretteIt&#039;s time to join the vaping revolution with the JOYMY ULTRA15k Puffs .\" \/>\n<meta property=\"og:url\" content=\"https:\/\/vapebulkp.com\/pl\/product\/joymy-ultra15000puffs-best-disposable-vape-2023\/\" \/>\n<meta property=\"og:site_name\" content=\"vapebulkp.com\" \/>\n<meta property=\"article:modified_time\" content=\"2025-09-08T04:04:57+00:00\" \/>\n<meta property=\"og:image\" content=\"http:\/\/vapebulkp.com\/wp-content\/uploads\/2023\/10\/Ploand-Good-JOYMY-15000-Puffs-Vape-2-768x1024.png\" \/>\n\t<meta property=\"og:image:width\" content=\"768\" \/>\n\t<meta property=\"og:image:height\" content=\"1024\" \/>\n\t<meta property=\"og:image:type\" content=\"image\/png\" \/>\n<meta name=\"twitter:card\" content=\"summary_large_image\" \/>\n<meta name=\"twitter:label1\" content=\"Szacowany czas czytania\" \/>\n\t<meta name=\"twitter:data1\" content=\"4 minuty\" \/>\n<script type=\"application\/ld+json\" class=\"yoast-schema-graph\">{\"@context\":\"https:\/\/schema.org\",\"@graph\":[{\"@type\":\"WebPage\",\"@id\":\"https:\/\/vapebulkp.com\/product\/joymy-ultra15000puffs-best-disposable-vape-2023\/\",\"url\":\"https:\/\/vapebulkp.com\/product\/joymy-ultra15000puffs-best-disposable-vape-2023\/\",\"name\":\"JOYMY ULTRA15000Puffs Best Disposable Vape 2023 - vapebulkp.com\",\"isPartOf\":{\"@id\":\"https:\/\/vapebulkp.com\/#website\"},\"datePublished\":\"2023-10-26T06:51:36+00:00\",\"dateModified\":\"2025-09-08T04:04:57+00:00\",\"description\":\"Join the Vaping Revolution with JOYMY ULTRA15000Puffs Best Disposable Vape 2023Disposable E-CigaretteIt's time to join the vaping revolution with the JOYMY ULTRA15k Puffs .\",\"breadcrumb\":{\"@id\":\"https:\/\/vapebulkp.com\/product\/joymy-ultra15000puffs-best-disposable-vape-2023\/#breadcrumb\"},\"inLanguage\":\"pl-PL\",\"potentialAction\":[{\"@type\":\"ReadAction\",\"target\":[\"https:\/\/vapebulkp.com\/product\/joymy-ultra15000puffs-best-disposable-vape-2023\/\"]}]},{\"@type\":\"BreadcrumbList\",\"@id\":\"https:\/\/vapebulkp.com\/product\/joymy-ultra15000puffs-best-disposable-vape-2023\/#breadcrumb\",\"itemListElement\":[{\"@type\":\"ListItem\",\"position\":1,\"name\":\"Home\",\"item\":\"https:\/\/vapebulkp.com\/\"},{\"@type\":\"ListItem\",\"position\":2,\"name\":\"Hot Trend Vapes\",\"item\":\"https:\/\/vapebulkp.com\/vape-shop\/\"},{\"@type\":\"ListItem\",\"position\":3,\"name\":\"JOYMY ULTRA15000Puffs Best Disposable Vape 2023\"}]},{\"@type\":\"WebSite\",\"@id\":\"https:\/\/vapebulkp.com\/#website\",\"url\":\"https:\/\/vapebulkp.com\/\",\"name\":\"vapebulkp.com\",\"description\":\"Buy Vape In Cheap Bulk Price Near you\",\"publisher\":{\"@id\":\"https:\/\/vapebulkp.com\/#organization\"},\"potentialAction\":[{\"@type\":\"SearchAction\",\"target\":{\"@type\":\"EntryPoint\",\"urlTemplate\":\"https:\/\/vapebulkp.com\/?s={search_term_string}\"},\"query-input\":\"required name=search_term_string\"}],\"inLanguage\":\"pl-PL\"},{\"@type\":\"Organization\",\"@id\":\"https:\/\/vapebulkp.com\/#organization\",\"name\":\"vapebulkp.com\",\"url\":\"https:\/\/vapebulkp.com\/\",\"logo\":{\"@type\":\"ImageObject\",\"inLanguage\":\"pl-PL\",\"@id\":\"https:\/\/vapebulkp.com\/#\/schema\/logo\/image\/\",\"url\":\"https:\/\/vapebulkp.com\/wp-content\/uploads\/2023\/09\/cropped-vapebulkp.png\",\"contentUrl\":\"https:\/\/vapebulkp.com\/wp-content\/uploads\/2023\/09\/cropped-vapebulkp.png\",\"width\":516,\"height\":163,\"caption\":\"vapebulkp.com\"},\"image\":{\"@id\":\"https:\/\/vapebulkp.com\/#\/schema\/logo\/image\/\"}}]}<\/script>\n<!-- \/ Yoast SEO plugin. -->","yoast_head_json":{"title":"JOYMY ULTRA15000Puffs Best Disposable Vape 2023 - vapebulkp.com","description":"Join the Vaping Revolution with JOYMY ULTRA15000Puffs Best Disposable Vape 2023Disposable E-CigaretteIt's time to join the vaping revolution with the JOYMY ULTRA15k Puffs .","robots":{"index":"index","follow":"follow","max-snippet":"max-snippet:-1","max-image-preview":"max-image-preview:large","max-video-preview":"max-video-preview:-1"},"canonical":"https:\/\/vapebulkp.com\/pl\/product\/joymy-ultra15000puffs-best-disposable-vape-2023\/","og_locale":"pl_PL","og_type":"article","og_title":"JOYMY ULTRA15000Puffs Best Disposable Vape 2023 - vapebulkp.com","og_description":"Join the Vaping Revolution with JOYMY ULTRA15000Puffs Best Disposable Vape 2023Disposable E-CigaretteIt's time to join the vaping revolution with the JOYMY ULTRA15k Puffs .","og_url":"https:\/\/vapebulkp.com\/pl\/product\/joymy-ultra15000puffs-best-disposable-vape-2023\/","og_site_name":"vapebulkp.com","article_modified_time":"2025-09-08T04:04:57+00:00","og_image":[{"width":768,"height":1024,"url":"http:\/\/vapebulkp.com\/wp-content\/uploads\/2023\/10\/Ploand-Good-JOYMY-15000-Puffs-Vape-2-768x1024.png","type":"image\/png"}],"twitter_card":"summary_large_image","twitter_misc":{"Szacowany czas czytania":"4 minuty"},"schema":{"@context":"https:\/\/schema.org","@graph":[{"@type":"WebPage","@id":"https:\/\/vapebulkp.com\/product\/joymy-ultra15000puffs-best-disposable-vape-2023\/","url":"https:\/\/vapebulkp.com\/product\/joymy-ultra15000puffs-best-disposable-vape-2023\/","name":"JOYMY ULTRA15000Puffs Best Disposable Vape 2023 - vapebulkp.com","isPartOf":{"@id":"https:\/\/vapebulkp.com\/#website"},"datePublished":"2023-10-26T06:51:36+00:00","dateModified":"2025-09-08T04:04:57+00:00","description":"Join the Vaping Revolution with JOYMY ULTRA15000Puffs Best Disposable Vape 2023Disposable E-CigaretteIt's time to join the vaping revolution with the JOYMY ULTRA15k Puffs .","breadcrumb":{"@id":"https:\/\/vapebulkp.com\/product\/joymy-ultra15000puffs-best-disposable-vape-2023\/#breadcrumb"},"inLanguage":"pl-PL","potentialAction":[{"@type":"ReadAction","target":["https:\/\/vapebulkp.com\/product\/joymy-ultra15000puffs-best-disposable-vape-2023\/"]}]},{"@type":"BreadcrumbList","@id":"https:\/\/vapebulkp.com\/product\/joymy-ultra15000puffs-best-disposable-vape-2023\/#breadcrumb","itemListElement":[{"@type":"ListItem","position":1,"name":"Home","item":"https:\/\/vapebulkp.com\/"},{"@type":"ListItem","position":2,"name":"Hot Trend Vapes","item":"https:\/\/vapebulkp.com\/vape-shop\/"},{"@type":"ListItem","position":3,"name":"JOYMY ULTRA15000Puffs Best Disposable Vape 2023"}]},{"@type":"WebSite","@id":"https:\/\/vapebulkp.com\/#website","url":"https:\/\/vapebulkp.com\/","name":"vapebulkp.com","description":"Buy Vape In Cheap Bulk Price Near you","publisher":{"@id":"https:\/\/vapebulkp.com\/#organization"},"potentialAction":[{"@type":"SearchAction","target":{"@type":"EntryPoint","urlTemplate":"https:\/\/vapebulkp.com\/?s={search_term_string}"},"query-input":"required name=search_term_string"}],"inLanguage":"pl-PL"},{"@type":"Organization","@id":"https:\/\/vapebulkp.com\/#organization","name":"vapebulkp.com","url":"https:\/\/vapebulkp.com\/","logo":{"@type":"ImageObject","inLanguage":"pl-PL","@id":"https:\/\/vapebulkp.com\/#\/schema\/logo\/image\/","url":"https:\/\/vapebulkp.com\/wp-content\/uploads\/2023\/09\/cropped-vapebulkp.png","contentUrl":"https:\/\/vapebulkp.com\/wp-content\/uploads\/2023\/09\/cropped-vapebulkp.png","width":516,"height":163,"caption":"vapebulkp.com"},"image":{"@id":"https:\/\/vapebulkp.com\/#\/schema\/logo\/image\/"}}]}},"uagb_featured_image_src":{"full":["https:\/\/vapebulkp.com\/wp-content\/uploads\/2023\/10\/Ploand-Good-JOYMY-15000-Puffs-Vape-2.png",1536,2048,false],"thumbnail":["https:\/\/vapebulkp.com\/wp-content\/uploads\/2023\/10\/Ploand-Good-JOYMY-15000-Puffs-Vape-2-150x150.png",150,150,true],"medium":["https:\/\/vapebulkp.com\/wp-content\/uploads\/2023\/10\/Ploand-Good-JOYMY-15000-Puffs-Vape-2-225x300.png",225,300,true],"medium_large":["https:\/\/vapebulkp.com\/wp-content\/uploads\/2023\/10\/Ploand-Good-JOYMY-15000-Puffs-Vape-2-768x1024.png",768,1024,true],"large":["https:\/\/vapebulkp.com\/wp-content\/uploads\/2023\/10\/Ploand-Good-JOYMY-15000-Puffs-Vape-2-768x1024.png",768,1024,true],"1536x1536":["https:\/\/vapebulkp.com\/wp-content\/uploads\/2023\/10\/Ploand-Good-JOYMY-15000-Puffs-Vape-2-1152x1536.png",1152,1536,true],"2048x2048":["https:\/\/vapebulkp.com\/wp-content\/uploads\/2023\/10\/Ploand-Good-JOYMY-15000-Puffs-Vape-2.png",1536,2048,false],"trp-custom-language-flag":["https:\/\/vapebulkp.com\/wp-content\/uploads\/2023\/10\/Ploand-Good-JOYMY-15000-Puffs-Vape-2.png",9,12,false],"woocommerce_thumbnail":["https:\/\/vapebulkp.com\/wp-content\/uploads\/2023\/10\/Ploand-Good-JOYMY-15000-Puffs-Vape-2-300x300.png",300,300,true],"woocommerce_single":["https:\/\/vapebulkp.com\/wp-content\/uploads\/2023\/10\/Ploand-Good-JOYMY-15000-Puffs-Vape-2-600x800.png",600,800,true],"woocommerce_gallery_thumbnail":["https:\/\/vapebulkp.com\/wp-content\/uploads\/2023\/10\/Ploand-Good-JOYMY-15000-Puffs-Vape-2-100x100.png",100,100,true],"wcpr-photo-reviews":["https:\/\/vapebulkp.com\/wp-content\/uploads\/2023\/10\/Ploand-Good-JOYMY-15000-Puffs-Vape-2.png",375,500,false]},"uagb_author_info":{"display_name":"Mandy vape bulk price","author_link":"https:\/\/vapebulkp.com\/pl\/author\/"},"uagb_comment_info":0,"uagb_excerpt":"Good Sale Vape JOYMY 15000Puffs Hot Sale Vape France JOYMY 15000Puffs VAPE KIT Sweden Popular Vape JOYMY 15000Puffs VAPE BAR Popular JOYMY 15000Puffs VAPE\u00a0 France Good Vape JOYMY 15000Puffs Top Sale Vape Pls Contact Mandy's WhatsApp For Discount Price+8618077105796 NOTE: Prices on our website does not include shipping costs","_links":{"self":[{"href":"https:\/\/vapebulkp.com\/pl\/wp-json\/wp\/v2\/product\/1810","targetHints":{"allow":["GET"]}}],"collection":[{"href":"https:\/\/vapebulkp.com\/pl\/wp-json\/wp\/v2\/product"}],"about":[{"href":"https:\/\/vapebulkp.com\/pl\/wp-json\/wp\/v2\/types\/product"}],"replies":[{"embeddable":true,"href":"https:\/\/vapebulkp.com\/pl\/wp-json\/wp\/v2\/comments?post=1810"}],"wp:featuredmedia":[{"embeddable":true,"href":"https:\/\/vapebulkp.com\/pl\/wp-json\/wp\/v2\/media\/1811"}],"wp:attachment":[{"href":"https:\/\/vapebulkp.com\/pl\/wp-json\/wp\/v2\/media?parent=1810"}],"wp:term":[{"taxonomy":"product_cat","embeddable":true,"href":"https:\/\/vapebulkp.com\/pl\/wp-json\/wp\/v2\/product_cat?post=1810"},{"taxonomy":"product_tag","embeddable":true,"href":"https:\/\/vapebulkp.com\/pl\/wp-json\/wp\/v2\/product_tag?post=1810"}],"curies":[{"name":"wp","href":"https:\/\/api.w.org\/{rel}","templated":true}]}}