{"id":2077,"date":"2024-02-26T08:15:03","date_gmt":"2024-02-26T07:15:03","guid":{"rendered":"https:\/\/vapebulkp.com\/?post_type=product&#038;p=2077"},"modified":"2025-09-24T05:17:06","modified_gmt":"2025-09-24T03:17:06","slug":"bang-20000-puffs-hot-vape-top-sale-vape","status":"publish","type":"product","link":"https:\/\/vapebulkp.com\/pl\/product\/bang-20000-puffs-hot-vape-top-sale-vape\/","title":{"rendered":"Bang 20000 Puf Gor\u0105cy Vape Najlepsza Sprzeda\u017c Vape"},"content":{"rendered":"<h2 style=\"text-align: left\">Bang 20000 Puf Gor\u0105cy Vape Najlepsza Sprzeda\u017c Vape<\/h2>\n<p data-start=\"157\" data-end=\"421\">To <strong data-start=\"201\" data-end=\"226\">Waporyzator Bang 20000 Puffs<\/strong> to jednorazowy waporyzator o du\u017cej pojemno\u015bci, stworzony z my\u015bl\u0105 o d\u0142ugotrwa\u0142ym dzia\u0142aniu. Dzi\u0119ki 25 ml wysokiej jako\u015bci e-liquidu i 16 popularnym smakom, zapewnia sp\u00f3jn\u0105, bogat\u0105 par\u0119 od pierwszego do ostatniego zaci\u0105gni\u0119cia.<\/p>\n<p data-start=\"423\" data-end=\"702\">Wyposa\u017cony w inteligentny wy\u015bwietlacz poziomu baterii i e-liquidu, waporyzator Hot Sale Vape <strong data-start=\"490\" data-end=\"510\">Uderz 20K Pali<\/strong> zapewnia wygod\u0119 i kontrol\u0119 dla ka\u017cdego u\u017cytkownika. Zaprojektowany z eleganckim korpusem i wydajn\u0105 bateri\u0105, oferuje do 20 000 zaci\u0105gni\u0119\u0107, co czyni go niezawodnym wyborem do codziennego u\u017cytku lub na imprezy towarzyskie.<\/p>\n<p data-start=\"704\" data-end=\"914\">Idealny dla vaper\u00f3w, kt\u00f3rzy ceni\u0105 sobie r\u00f3\u017cnorodno\u015b\u0107 smak\u00f3w, du\u017c\u0105 liczb\u0119 zaci\u0105gni\u0119\u0107 i \u0142atwe \u0142adowanie, <strong data-start=\"791\" data-end=\"827\">Uderzenie <a href=\"https:\/\/vapebulkp.com\/pl\/product-category\/20000-puffs-disposable-vape\/\">20000 zaci\u0105gni\u0119\u0107 jednorazowy e-papieros<\/a><\/strong> jest jednym z najlepiej sprzedaj\u0105cych si\u0119 urz\u0105dze\u0144 na rynku, cenionym zar\u00f3wno za jako\u015b\u0107, jak i styl.<\/p>\n<p><img decoding=\"async\" class=\"alignnone wp-image-2083\" src=\"http:\/\/vapebulkp.com\/wp-content\/uploads\/2024\/02\/Good-sale-vape-Bang-20000-puffs-Netherlands.jpg\" alt=\"Dobra sprzeda\u017c vape Bang 20000 zaci\u0105gni\u0119\u0107 Holandia\" width=\"402\" height=\"607\" srcset=\"https:\/\/vapebulkp.com\/wp-content\/uploads\/2024\/02\/Good-sale-vape-Bang-20000-puffs-Netherlands.jpg 1080w, https:\/\/vapebulkp.com\/wp-content\/uploads\/2024\/02\/Good-sale-vape-Bang-20000-puffs-Netherlands-199x300.jpg 199w, https:\/\/vapebulkp.com\/wp-content\/uploads\/2024\/02\/Good-sale-vape-Bang-20000-puffs-Netherlands-679x1024.jpg 679w, https:\/\/vapebulkp.com\/wp-content\/uploads\/2024\/02\/Good-sale-vape-Bang-20000-puffs-Netherlands-768x1158.jpg 768w, https:\/\/vapebulkp.com\/wp-content\/uploads\/2024\/02\/Good-sale-vape-Bang-20000-puffs-Netherlands-1018x1536.jpg 1018w, https:\/\/vapebulkp.com\/wp-content\/uploads\/2024\/02\/Good-sale-vape-Bang-20000-puffs-Netherlands-600x905.jpg 600w\" sizes=\"(max-width: 402px) 100vw, 402px\" \/><\/p>\n<p>&nbsp;<\/p>\n<h6>Skontaktuj si\u0119 z WhatsApp Mandy, aby uzyska\u0107 cen\u0119 ze zni\u017ck\u0105<a href=\"https:\/\/wa.me\/8618077105796\">+8618077105796<\/a><\/h6>\n<p><img decoding=\"async\" class=\"alignnone wp-image-2151\" src=\"http:\/\/vapebulkp.com\/wp-content\/uploads\/2024\/04\/Mandy-WhatsApp-Randm.jpg\" alt=\"WhatsApp Mandy Randm\" width=\"261\" height=\"277\" srcset=\"https:\/\/vapebulkp.com\/wp-content\/uploads\/2024\/04\/Mandy-WhatsApp-Randm.jpg 916w, https:\/\/vapebulkp.com\/wp-content\/uploads\/2024\/04\/Mandy-WhatsApp-Randm-282x300.jpg 282w, https:\/\/vapebulkp.com\/wp-content\/uploads\/2024\/04\/Mandy-WhatsApp-Randm-768x817.jpg 768w, https:\/\/vapebulkp.com\/wp-content\/uploads\/2024\/04\/Mandy-WhatsApp-Randm-600x638.jpg 600w\" sizes=\"(max-width: 261px) 100vw, 261px\" \/><\/p>\n<h3>Pomy\u015bleli\u015bmy, \u017ce mo\u017cesz chcie\u0107 wiedzie\u0107 o jednorazowym waporyzatorze Bang 20000Puffs:<\/h3>\n<h5>1. Jak u\u017cywa\u0107 waporyzatora Bang 20k Puffs?<\/h5>\n<p>Krok 1. Przed u\u017cyciem 20k Puffs wyci\u0105gnij plastikow\u0105 rurk\u0119.<\/p>\n<p>Krok 2. Odczekaj oko\u0142o 3 minut, aby p\u0142yn dosta\u0142 si\u0119 do spirali wewn\u0105trz.<\/p>\n<p>Krok 3. Ciesz si\u0119<\/p>\n<h5>2. JAK \u0141ADOWA\u0106 JEDNORAZOWY WAPORYZATOR Bang 20k PUFFS?<\/h5>\n<p>Nie mo\u017cna u\u017cywa\u0107 \u0142adowarek do szybkiego \u0142adowania, a standardowa bezpieczna moc jednorazowych e-papieros\u00f3w to 5V 1A.<\/p>\n<p>Ka\u017cdy czas \u0142adowania nie mo\u017ce przekroczy\u0107 1 godziny, a bezpieczny czas \u0142adowania to p\u00f3\u0142 godziny.<\/p>\n<p><span style=\"color: #ff0000\">Uwaga: nie mo\u017cna \u0142adowa\u0107 przez ca\u0142\u0105 noc!<\/span><\/p>\n<h5>3. Jaka jest pojemno\u015b\u0107 e-liquidu w Bang 20000 Puffs WAPE?<\/h5>\n<p>\u2014\u201425 ml<\/p>\n<h5>4. Ile zaci\u0105gni\u0119\u0107 mog\u0119 wzi\u0105\u0107 z tego Bang 20000 Puffs?<\/h5>\n<p>\u2014\u201320k zaci\u0105gni\u0119\u0107<\/p>\n<h3>Hurtownia Waporyzator\u00f3w Bang 20000 Puffs Jednorazowy Pod Cechy:<\/h3>\n<ul>\n<li>Zaci\u0105gni\u0119cia: DO 20000 zaci\u0105gni\u0119\u0107<\/li>\n<li>\u00a0P\u0142yn: 25 ml wst\u0119pnie nape\u0142nionego kartrid\u017ca e-liquidem<\/li>\n<li>Nikotyna: 2\/5% s\u00f3l nikotynowa<\/li>\n<li>\u00a0Typy: Jednorazowy<\/li>\n<li>\u00a0Bateria 650mAh<\/li>\n<li>\u00a0Grza\u0142ka siatkowa<\/li>\n<li>\u00a0Kabel do \u0142adowania USB-C<\/li>\n<li>\u00a0Dost\u0119pnych 16 smak\u00f3w<\/li>\n<\/ul>\n<p>&nbsp;<\/p>\n<h3><strong>Jakie s\u0105 najlepsze smaki waporyzatora Bang 20000 Puffs?<\/strong><\/h3>\n<p>1. Mi\u0119ta<br \/>\n2. Liczi truskawkowe<br \/>\n3. Kiwi truskawkowe<br \/>\n4. Arbuz truskawkowy<br \/>\n5. Red Bull<br \/>\n6.Mieszane owoce<br \/>\n7.Jagodowy l\u00f3d<br \/>\n8.Bor\u00f3wka malina<br \/>\n9.Jagoda Arbuz<br \/>\n10.Winogronowy l\u00f3d<br \/>\n11.Brzoskwiniowy l\u00f3d<br \/>\n12.Arbuzowy l\u00f3d<br \/>\n13.Malina Arbuz<br \/>\n14.Truskawka Mango<br \/>\n15.Podw\u00f3jne jab\u0142ko<br \/>\n16.Mango Brzoskwinia Arbuz<\/p>\n<p><a href=\"https:\/\/vapebulkp.com\/pl\/product\/popular-randm-tornado-7000puffs-disposable-vape-best-price\/\"><span style=\"vertical-align: inherit\">RandM Tornado 7000 zaci\u0105gni\u0119\u0107 <\/span><\/a><\/p>\n<p><span style=\"vertical-align: inherit\">Znajd\u017a wi\u0119cej produkt\u00f3w, kt\u00f3re mog\u0105 Ci si\u0119 spodoba\u0107:<\/span><em><a href=\"https:\/\/wa.me\/8618077105796\"><span style=\"vertical-align: inherit\">\u00a0Kup teraz<\/span><\/a><\/em><\/p>\n<p><span style=\"vertical-align: inherit\">Inne Puffs, kt\u00f3re mog\u0105 Ci si\u0119 spodoba\u0107:<\/span><a href=\"https:\/\/vapebulkp.com\/pl\/product\/joymy-ultra15000puffs-best-disposable-vape-2023\/\"><span style=\"vertical-align: inherit\">JOYMY 15000 Puffs<\/span><\/a><span style=\"vertical-align: inherit\">\u3001<\/span><a href=\"https:\/\/vapebulkp.com\/pl\/product\/wholesale-randm-tornado-9000-puffs-germany\/\"><span style=\"vertical-align: inherit\">RandM 9000 zaci\u0105gni\u0119\u0107<\/span><\/a><span style=\"vertical-align: inherit\">\/ <\/span><a href=\"https:\/\/vapebulkp.com\/pl\/product\/bang-king-12000puffs\/\"><span style=\"vertical-align: inherit\">Bang King 12000 zaci\u0105gni\u0119\u0107<\/span><\/a><span style=\"vertical-align: inherit\">\/ <\/span><a href=\"https:\/\/vapebulkp.com\/pl\/product\/wholesale-tornado-rum-bar-9000-puffs-sweden\/\"><span style=\"vertical-align: inherit\">Rumbar 9000 zaci\u0105gni\u0119\u0107<\/span><\/a><\/p>\n<p><span style=\"vertical-align: inherit\">E-papieros o specjalnym kszta\u0142cie butelki:<\/span><a href=\"https:\/\/vapebulkp.com\/pl\/product\/wholesale-kulx-8000-puffs-disposable-vape\/\"><span style=\"vertical-align: inherit\">\u00a0Kulx 8000 Pali<\/span><\/a><span style=\"vertical-align: inherit\">\/ <\/span><a href=\"https:\/\/vapebulkp.com\/pl\/product\/popular-bang-king-10000-puffs-vape-good-price\/\"><span style=\"vertical-align: inherit\">\u00a0Bang King 10000 Pali <\/span><\/a><span style=\"vertical-align: inherit\">\/<\/span><a href=\"https:\/\/vapebulkp.com\/pl\/product\/disposable-vape-crystal-600-puffs\/\"><span style=\"vertical-align: inherit\"> Crystal 600 Pali<\/span><\/a><\/p>\n<h5>Kwalifikacja produkcyjna:<\/h5>\n<p><img decoding=\"async\" class=\"alignnone size-full wp-image-1841\" src=\"http:\/\/vapebulkp.com\/wp-content\/uploads\/2023\/11\/Vape-production-process-2.jpeg\" alt=\"Proces produkcji vape\" width=\"650\" height=\"434\" srcset=\"https:\/\/vapebulkp.com\/wp-content\/uploads\/2023\/11\/Vape-production-process-2.jpeg 650w, https:\/\/vapebulkp.com\/wp-content\/uploads\/2023\/11\/Vape-production-process-2-300x200.jpeg 300w, https:\/\/vapebulkp.com\/wp-content\/uploads\/2023\/11\/Vape-production-process-2-600x401.jpeg 600w\" sizes=\"(max-width: 650px) 100vw, 650px\" \/><\/p>\n<p><img decoding=\"async\" class=\"alignnone size-full wp-image-1843\" src=\"http:\/\/vapebulkp.com\/wp-content\/uploads\/2023\/11\/Vape-production-process.jpeg\" alt=\"Proces produkcji vape\" width=\"641\" height=\"1026\" srcset=\"https:\/\/vapebulkp.com\/wp-content\/uploads\/2023\/11\/Vape-production-process.jpeg 641w, https:\/\/vapebulkp.com\/wp-content\/uploads\/2023\/11\/Vape-production-process-187x300.jpeg 187w, https:\/\/vapebulkp.com\/wp-content\/uploads\/2023\/11\/Vape-production-process-640x1024.jpeg 640w, https:\/\/vapebulkp.com\/wp-content\/uploads\/2023\/11\/Vape-production-process-600x960.jpeg 600w\" sizes=\"(max-width: 641px) 100vw, 641px\" \/><\/p>\n<h5>Najcz\u0119\u015bciej zadawane pytania:<\/h5>\n<p>P: Jakie jest MOQ Bang 20000Puffs?<br \/>\nO: Minimalne zam\u00f3wienie to 100 sztuk.<br \/>\nP: Jaki jest czas dostawy zam\u00f3wionego e-papierosa?<br \/>\nO: Zwykle trwa to 10-15 dni od wysy\u0142ki<br \/>\nP: Ile kosztuje wysy\u0142ka?O: Koszt wysy\u0142ki zale\u017cy od wagi. R\u00f3\u017cne ilo\u015bci maj\u0105 r\u00f3\u017cne koszty wysy\u0142ki, prosimy o kontakt w celu ich potwierdzenia.<\/p>\n<h4>Szczeg\u00f3\u0142y wysy\u0142ki:<\/h4>\n<p><span style=\"color: #ff6600\">Czas produkcji: 5-10 dni roboczych<\/span><br \/>\n<span style=\"color: #ff6600\">Czas wysy\u0142ki: 8-14 dni roboczych<\/span><\/p>\n<p>Wszystkie produkty w naszym sklepie s\u0105 w 100% oryginalne i autentyczne, dlatego polityk\u0105 naszego sklepu jest dziesi\u0119ciokrotne odszkodowanie za podrobione towary. Do dostarczania towar\u00f3w u\u017cywamy kana\u0142\u00f3w logistycznych, takich jak UPS\/DHL\/FEDEX\/DPD.<\/p>\n<p>W przypadku paczek wysy\u0142anych do Polski dostawa trwa zwykle 10 dni roboczych. Wysy\u0142ka do kraj\u00f3w europejskich trwa zwykle od 12 do 15 dni roboczych. B\u0119dziemy aktualizowa\u0107 dla Ciebie informacje logistyczne w czasie rzeczywistym.<\/p>","protected":false},"excerpt":{"rendered":"<p>Nowo wprowadzony jednorazowy waporyzator Bang 20000 Puffs, zas\u0142ugujesz na niego.<\/p>\n<p><img decoding=\"async\" class=\"alignnone wp-image-2151\" src=\"http:\/\/vapebulkp.com\/wp-content\/uploads\/2024\/04\/Mandy-WhatsApp-Randm.jpg\" alt=\"WhatsApp Mandy Randm\" width=\"281\" height=\"299\" srcset=\"https:\/\/vapebulkp.com\/wp-content\/uploads\/2024\/04\/Mandy-WhatsApp-Randm.jpg 916w, https:\/\/vapebulkp.com\/wp-content\/uploads\/2024\/04\/Mandy-WhatsApp-Randm-282x300.jpg 282w, https:\/\/vapebulkp.com\/wp-content\/uploads\/2024\/04\/Mandy-WhatsApp-Randm-768x817.jpg 768w, https:\/\/vapebulkp.com\/wp-content\/uploads\/2024\/04\/Mandy-WhatsApp-Randm-600x638.jpg 600w\" sizes=\"(max-width: 281px) 100vw, 281px\" \/><\/p>\n<p>Skontaktuj si\u0119 z WhatsApp Mandy, aby uzyska\u0107 cen\u0119 ze zni\u017ck\u0105<a href=\"https:\/\/wa.me\/8618077105796\">+8618077105796<\/a><\/p>\n<p><span style=\"color: #ff0000\">UWAGA: Ceny na naszej stronie internetowej nie zawieraj\u0105 koszt\u00f3w wysy\u0142ki<\/span><\/p>\n<p>&nbsp;<\/p>","protected":false},"featured_media":2080,"comment_status":"open","ping_status":"closed","template":"","meta":{"_uag_custom_page_level_css":"","_lmt_disableupdate":"no","_lmt_disable":"","site-sidebar-layout":"default","site-content-layout":"content-boxed-container","ast-site-content-layout":"normal-width-container","site-content-style":"boxed","site-sidebar-style":"unboxed","ast-global-header-display":"","ast-banner-title-visibility":"","ast-main-header-display":"","ast-hfb-above-header-display":"","ast-hfb-below-header-display":"","ast-hfb-mobile-header-display":"","site-post-title":"","ast-breadcrumbs-content":"","ast-featured-img":"","footer-sml-layout":"","theme-transparent-header-meta":"default","adv-header-id-meta":"","stick-header-meta":"","header-above-stick-meta":"","header-main-stick-meta":"","header-below-stick-meta":"","astra-migrate-meta-layouts":"set","_joinchat":[]},"product_cat":[162,153,345,155,33,59,100,34,158,157,154,152,58,84,156,63,32],"product_tag":[109,36,37,41,40],"class_list":["post-2077","product","type-product","status-publish","has-post-thumbnail","hentry","product_cat-20000-puffs-disposable-vape","product_cat-hot-disposable-vapes","product_cat-bang-vapes","product_cat-belgium-hot-disposable-vapes","product_cat-france-vape-hot-sale","product_cat-germany-hot-disposable-vape","product_cat-germany-wholesale-vape-shop","product_cat-netherlands-vape-good-sale","product_cat-norway-hot-disposable-vapes","product_cat-poland-hot-disposable-vapes","product_cat-portugal-hot-disposable-vapes","product_cat-spain-hot-disposable-vapes","product_cat-sweden-hot-disposable-vape","product_cat-sweden-wholesale-vape","product_cat-switzerland-hot-disposable-vapes","product_cat-top-sale-disposable-vape","product_cat-vape-hot-sale-this-week","product_tag-20000-puffs","product_tag-good-vape","product_tag-hot-sale-disposable-vape","product_tag-poland-hot-vape","product_tag-sweden-hot-vape","pa_brand-bang-king-vape","desktop-align-left","tablet-align-left","mobile-align-left"],"yoast_head":"<!-- This site is optimized with the Yoast SEO plugin v21.1 - https:\/\/yoast.com\/wordpress\/plugins\/seo\/ -->\n<title>Bang 20000 Puffs Hot Vape Top Sale Vape - vapebulkp.com<\/title>\n<meta name=\"description\" content=\"Shop the Bang 20000 Puffs Disposable Vape with 25ml e-liquid, 16 flavors, and smart battery display. Long-lasting 20000 Puffs Vape \u2014 order now with fast shipping!\" \/>\n<meta name=\"robots\" content=\"index, follow, max-snippet:-1, max-image-preview:large, max-video-preview:-1\" \/>\n<link rel=\"canonical\" href=\"https:\/\/vapebulkp.com\/pl\/product\/bang-20000-puffs-hot-vape-top-sale-vape\/\" \/>\n<meta property=\"og:locale\" content=\"pl_PL\" \/>\n<meta property=\"og:type\" content=\"article\" \/>\n<meta property=\"og:title\" content=\"Bang 20000 Puffs Hot Vape Top Sale Vape - vapebulkp.com\" \/>\n<meta property=\"og:description\" content=\"Shop the Bang 20000 Puffs Disposable Vape with 25ml e-liquid, 16 flavors, and smart battery display. Long-lasting 20000 Puffs Vape \u2014 order now with fast shipping!\" \/>\n<meta property=\"og:url\" content=\"https:\/\/vapebulkp.com\/pl\/product\/bang-20000-puffs-hot-vape-top-sale-vape\/\" \/>\n<meta property=\"og:site_name\" content=\"vapebulkp.com\" \/>\n<meta property=\"article:modified_time\" content=\"2025-09-24T03:17:06+00:00\" \/>\n<meta property=\"og:image\" content=\"http:\/\/vapebulkp.com\/wp-content\/uploads\/2024\/02\/Good-sale-vape-Bang-20000-puffs.jpg\" \/>\n\t<meta property=\"og:image:width\" content=\"1080\" \/>\n\t<meta property=\"og:image:height\" content=\"1341\" \/>\n\t<meta property=\"og:image:type\" content=\"image\/jpeg\" \/>\n<meta name=\"twitter:card\" content=\"summary_large_image\" \/>\n<meta name=\"twitter:label1\" content=\"Szacowany czas czytania\" \/>\n\t<meta name=\"twitter:data1\" content=\"4 minuty\" \/>\n<script type=\"application\/ld+json\" class=\"yoast-schema-graph\">{\"@context\":\"https:\/\/schema.org\",\"@graph\":[{\"@type\":\"WebPage\",\"@id\":\"https:\/\/vapebulkp.com\/product\/bang-20000-puffs-hot-vape-top-sale-vape\/\",\"url\":\"https:\/\/vapebulkp.com\/product\/bang-20000-puffs-hot-vape-top-sale-vape\/\",\"name\":\"Bang 20000 Puffs Hot Vape Top Sale Vape - vapebulkp.com\",\"isPartOf\":{\"@id\":\"https:\/\/vapebulkp.com\/#website\"},\"datePublished\":\"2024-02-26T07:15:03+00:00\",\"dateModified\":\"2025-09-24T03:17:06+00:00\",\"description\":\"Shop the Bang 20000 Puffs Disposable Vape with 25ml e-liquid, 16 flavors, and smart battery display. Long-lasting 20000 Puffs Vape \u2014 order now with fast shipping!\",\"breadcrumb\":{\"@id\":\"https:\/\/vapebulkp.com\/product\/bang-20000-puffs-hot-vape-top-sale-vape\/#breadcrumb\"},\"inLanguage\":\"pl-PL\",\"potentialAction\":[{\"@type\":\"ReadAction\",\"target\":[\"https:\/\/vapebulkp.com\/product\/bang-20000-puffs-hot-vape-top-sale-vape\/\"]}]},{\"@type\":\"BreadcrumbList\",\"@id\":\"https:\/\/vapebulkp.com\/product\/bang-20000-puffs-hot-vape-top-sale-vape\/#breadcrumb\",\"itemListElement\":[{\"@type\":\"ListItem\",\"position\":1,\"name\":\"Home\",\"item\":\"https:\/\/vapebulkp.com\/\"},{\"@type\":\"ListItem\",\"position\":2,\"name\":\"Hot Trend Vapes\",\"item\":\"https:\/\/vapebulkp.com\/vape-shop\/\"},{\"@type\":\"ListItem\",\"position\":3,\"name\":\"Bang 20000 Puffs Hot Vape Top Sale Vape\"}]},{\"@type\":\"WebSite\",\"@id\":\"https:\/\/vapebulkp.com\/#website\",\"url\":\"https:\/\/vapebulkp.com\/\",\"name\":\"vapebulkp.com\",\"description\":\"Buy Vape In Cheap Bulk Price Near you\",\"publisher\":{\"@id\":\"https:\/\/vapebulkp.com\/#organization\"},\"potentialAction\":[{\"@type\":\"SearchAction\",\"target\":{\"@type\":\"EntryPoint\",\"urlTemplate\":\"https:\/\/vapebulkp.com\/?s={search_term_string}\"},\"query-input\":\"required name=search_term_string\"}],\"inLanguage\":\"pl-PL\"},{\"@type\":\"Organization\",\"@id\":\"https:\/\/vapebulkp.com\/#organization\",\"name\":\"vapebulkp.com\",\"url\":\"https:\/\/vapebulkp.com\/\",\"logo\":{\"@type\":\"ImageObject\",\"inLanguage\":\"pl-PL\",\"@id\":\"https:\/\/vapebulkp.com\/#\/schema\/logo\/image\/\",\"url\":\"https:\/\/vapebulkp.com\/wp-content\/uploads\/2023\/09\/cropped-vapebulkp.png\",\"contentUrl\":\"https:\/\/vapebulkp.com\/wp-content\/uploads\/2023\/09\/cropped-vapebulkp.png\",\"width\":516,\"height\":163,\"caption\":\"vapebulkp.com\"},\"image\":{\"@id\":\"https:\/\/vapebulkp.com\/#\/schema\/logo\/image\/\"}}]}<\/script>\n<!-- \/ Yoast SEO plugin. -->","yoast_head_json":{"title":"Bang 20000 Puffs Hot Vape Top Sale Vape - vapebulkp.com","description":"Shop the Bang 20000 Puffs Disposable Vape with 25ml e-liquid, 16 flavors, and smart battery display. Long-lasting 20000 Puffs Vape \u2014 order now with fast shipping!","robots":{"index":"index","follow":"follow","max-snippet":"max-snippet:-1","max-image-preview":"max-image-preview:large","max-video-preview":"max-video-preview:-1"},"canonical":"https:\/\/vapebulkp.com\/pl\/product\/bang-20000-puffs-hot-vape-top-sale-vape\/","og_locale":"pl_PL","og_type":"article","og_title":"Bang 20000 Puffs Hot Vape Top Sale Vape - vapebulkp.com","og_description":"Shop the Bang 20000 Puffs Disposable Vape with 25ml e-liquid, 16 flavors, and smart battery display. Long-lasting 20000 Puffs Vape \u2014 order now with fast shipping!","og_url":"https:\/\/vapebulkp.com\/pl\/product\/bang-20000-puffs-hot-vape-top-sale-vape\/","og_site_name":"vapebulkp.com","article_modified_time":"2025-09-24T03:17:06+00:00","og_image":[{"width":1080,"height":1341,"url":"http:\/\/vapebulkp.com\/wp-content\/uploads\/2024\/02\/Good-sale-vape-Bang-20000-puffs.jpg","type":"image\/jpeg"}],"twitter_card":"summary_large_image","twitter_misc":{"Szacowany czas czytania":"4 minuty"},"schema":{"@context":"https:\/\/schema.org","@graph":[{"@type":"WebPage","@id":"https:\/\/vapebulkp.com\/product\/bang-20000-puffs-hot-vape-top-sale-vape\/","url":"https:\/\/vapebulkp.com\/product\/bang-20000-puffs-hot-vape-top-sale-vape\/","name":"Bang 20000 Puffs Hot Vape Top Sale Vape - vapebulkp.com","isPartOf":{"@id":"https:\/\/vapebulkp.com\/#website"},"datePublished":"2024-02-26T07:15:03+00:00","dateModified":"2025-09-24T03:17:06+00:00","description":"Shop the Bang 20000 Puffs Disposable Vape with 25ml e-liquid, 16 flavors, and smart battery display. Long-lasting 20000 Puffs Vape \u2014 order now with fast shipping!","breadcrumb":{"@id":"https:\/\/vapebulkp.com\/product\/bang-20000-puffs-hot-vape-top-sale-vape\/#breadcrumb"},"inLanguage":"pl-PL","potentialAction":[{"@type":"ReadAction","target":["https:\/\/vapebulkp.com\/product\/bang-20000-puffs-hot-vape-top-sale-vape\/"]}]},{"@type":"BreadcrumbList","@id":"https:\/\/vapebulkp.com\/product\/bang-20000-puffs-hot-vape-top-sale-vape\/#breadcrumb","itemListElement":[{"@type":"ListItem","position":1,"name":"Home","item":"https:\/\/vapebulkp.com\/"},{"@type":"ListItem","position":2,"name":"Hot Trend Vapes","item":"https:\/\/vapebulkp.com\/vape-shop\/"},{"@type":"ListItem","position":3,"name":"Bang 20000 Puffs Hot Vape Top Sale Vape"}]},{"@type":"WebSite","@id":"https:\/\/vapebulkp.com\/#website","url":"https:\/\/vapebulkp.com\/","name":"vapebulkp.com","description":"Buy Vape In Cheap Bulk Price Near you","publisher":{"@id":"https:\/\/vapebulkp.com\/#organization"},"potentialAction":[{"@type":"SearchAction","target":{"@type":"EntryPoint","urlTemplate":"https:\/\/vapebulkp.com\/?s={search_term_string}"},"query-input":"required name=search_term_string"}],"inLanguage":"pl-PL"},{"@type":"Organization","@id":"https:\/\/vapebulkp.com\/#organization","name":"vapebulkp.com","url":"https:\/\/vapebulkp.com\/","logo":{"@type":"ImageObject","inLanguage":"pl-PL","@id":"https:\/\/vapebulkp.com\/#\/schema\/logo\/image\/","url":"https:\/\/vapebulkp.com\/wp-content\/uploads\/2023\/09\/cropped-vapebulkp.png","contentUrl":"https:\/\/vapebulkp.com\/wp-content\/uploads\/2023\/09\/cropped-vapebulkp.png","width":516,"height":163,"caption":"vapebulkp.com"},"image":{"@id":"https:\/\/vapebulkp.com\/#\/schema\/logo\/image\/"}}]}},"uagb_featured_image_src":{"full":["https:\/\/vapebulkp.com\/wp-content\/uploads\/2024\/02\/Good-sale-vape-Bang-20000-puffs.jpg",1080,1341,false],"thumbnail":["https:\/\/vapebulkp.com\/wp-content\/uploads\/2024\/02\/Good-sale-vape-Bang-20000-puffs-150x150.jpg",150,150,true],"medium":["https:\/\/vapebulkp.com\/wp-content\/uploads\/2024\/02\/Good-sale-vape-Bang-20000-puffs-242x300.jpg",242,300,true],"medium_large":["https:\/\/vapebulkp.com\/wp-content\/uploads\/2024\/02\/Good-sale-vape-Bang-20000-puffs-768x954.jpg",768,954,true],"large":["https:\/\/vapebulkp.com\/wp-content\/uploads\/2024\/02\/Good-sale-vape-Bang-20000-puffs-825x1024.jpg",825,1024,true],"1536x1536":["https:\/\/vapebulkp.com\/wp-content\/uploads\/2024\/02\/Good-sale-vape-Bang-20000-puffs.jpg",1080,1341,false],"2048x2048":["https:\/\/vapebulkp.com\/wp-content\/uploads\/2024\/02\/Good-sale-vape-Bang-20000-puffs.jpg",1080,1341,false],"trp-custom-language-flag":["https:\/\/vapebulkp.com\/wp-content\/uploads\/2024\/02\/Good-sale-vape-Bang-20000-puffs.jpg",10,12,false],"woocommerce_thumbnail":["https:\/\/vapebulkp.com\/wp-content\/uploads\/2024\/02\/Good-sale-vape-Bang-20000-puffs-300x300.jpg",300,300,true],"woocommerce_single":["https:\/\/vapebulkp.com\/wp-content\/uploads\/2024\/02\/Good-sale-vape-Bang-20000-puffs-600x745.jpg",600,745,true],"woocommerce_gallery_thumbnail":["https:\/\/vapebulkp.com\/wp-content\/uploads\/2024\/02\/Good-sale-vape-Bang-20000-puffs-100x100.jpg",100,100,true],"wcpr-photo-reviews":["https:\/\/vapebulkp.com\/wp-content\/uploads\/2024\/02\/Good-sale-vape-Bang-20000-puffs.jpg",403,500,false]},"uagb_author_info":{"display_name":"Mandy vape bulk price","author_link":"https:\/\/vapebulkp.com\/pl\/author\/"},"uagb_comment_info":3,"uagb_excerpt":"The newly launched Bang 20000 Puffs Disposable Vape, you deserve it. Pls Contact Mandy's WhatsApp For Discount Price+8618077105796 NOTE: Prices on our website does not include shipping costs &nbsp;","_links":{"self":[{"href":"https:\/\/vapebulkp.com\/pl\/wp-json\/wp\/v2\/product\/2077","targetHints":{"allow":["GET"]}}],"collection":[{"href":"https:\/\/vapebulkp.com\/pl\/wp-json\/wp\/v2\/product"}],"about":[{"href":"https:\/\/vapebulkp.com\/pl\/wp-json\/wp\/v2\/types\/product"}],"replies":[{"embeddable":true,"href":"https:\/\/vapebulkp.com\/pl\/wp-json\/wp\/v2\/comments?post=2077"}],"wp:featuredmedia":[{"embeddable":true,"href":"https:\/\/vapebulkp.com\/pl\/wp-json\/wp\/v2\/media\/2080"}],"wp:attachment":[{"href":"https:\/\/vapebulkp.com\/pl\/wp-json\/wp\/v2\/media?parent=2077"}],"wp:term":[{"taxonomy":"product_cat","embeddable":true,"href":"https:\/\/vapebulkp.com\/pl\/wp-json\/wp\/v2\/product_cat?post=2077"},{"taxonomy":"product_tag","embeddable":true,"href":"https:\/\/vapebulkp.com\/pl\/wp-json\/wp\/v2\/product_tag?post=2077"}],"curies":[{"name":"wp","href":"https:\/\/api.w.org\/{rel}","templated":true}]}}