{"id":2147,"date":"2024-04-03T05:07:44","date_gmt":"2024-04-03T03:07:44","guid":{"rendered":"https:\/\/vapebulkp.com\/?post_type=product&#038;p=2147"},"modified":"2025-09-24T05:49:03","modified_gmt":"2025-09-24T03:49:03","slug":"wholesale-price-randm-15k-waspe-15000-puffs-best-vape","status":"publish","type":"product","link":"https:\/\/vapebulkp.com\/pl\/product\/wholesale-price-randm-15k-waspe-15000-puffs-best-vape\/","title":{"rendered":"Cena hurtowa Randm 15k WASPE 15000 zaci\u0105gni\u0119\u0107 Najlepszy waporyzator"},"content":{"rendered":"<h1>Cena hurtowa Randm 15k WASPE 15000 zaci\u0105gni\u0119\u0107 Najlepszy waporyzator<\/h1>\n<p>&nbsp;<\/p>\n<p data-start=\"331\" data-end=\"626\">To <strong data-start=\"335\" data-end=\"356\">WASPE 15000 Zaci\u0105gni\u0119\u0107<\/strong> to produkt premium <a href=\"https:\/\/vapebulkp.com\/pl\/product-category\/15000-puffs-disposable-vape\/\"><strong data-start=\"370\" data-end=\"401\">15000 zaci\u0105gni\u0119\u0107 jednorazowy e-papieros<\/strong><\/a> stworzony dla m\u0142odych m\u0119\u017cczyzn z Europy, kt\u00f3rzy szukaj\u0105 wysokowydajnego wapowania. Posiada akumulator o pojemno\u015bci 850 mAh oraz zaawansowan\u0105 <strong data-start=\"519\" data-end=\"543\">technologi\u0105 grza\u0142ki siatkowej<\/strong>, zapewnia g\u0119ste chmury, bogaty smak i p\u0142ynne zaci\u0105gni\u0119cia do 15 000 zaci\u0105gni\u0119\u0107.<\/p>\n<p data-start=\"628\" data-end=\"941\">Ten <strong data-start=\"633\" data-end=\"666\">jednorazowy e-papieros o du\u017cej pojemno\u015bci<\/strong> jest dost\u0119pny w 12 fachowo skomponowanych smakach i opcjach soli nikotynowej 2% lub 5%, zapewniaj\u0105c satysfakcjonuj\u0105ce uderzenie w gard\u0142o i d\u0142ugotrwa\u0142e sesje waporyzacji. Kompaktowy, stylowy i wytrzyma\u0142y, Gor\u0105ca Sprzeda\u017c Waporyzatora <strong data-start=\"843\" data-end=\"864\">WASPE 15000 Zaci\u0105gni\u0119\u0107<\/strong> jest idealny do codziennego u\u017cytku, spotka\u0144 towarzyskich lub <strong data-start=\"913\" data-end=\"938\">hurtowych zam\u00f3wie\u0144 waporyzator\u00f3w<\/strong>.<\/p>\n<p data-start=\"943\" data-end=\"1216\">Zaprojektowany z my\u015bl\u0105 o wygodzie, ten <strong data-start=\"974\" data-end=\"1006\">\u0142adowalnym e-papierosie jednorazowym<\/strong> wspiera bezpieczne \u0142adowanie i niezawodne dzia\u0142anie. Wysy\u0142any z magazyn\u00f3w w Chinach lub UE dla <strong data-start=\"1087\" data-end=\"1104\">szybk\u0105 dostaw\u0119<\/strong>, jest idealnym wyborem dla nabywc\u00f3w hurtowych i entuzjast\u00f3w wapowania, kt\u00f3rzy szukaj\u0105 sp\u00f3jnych, wysokiej jako\u015bci urz\u0105dze\u0144.<\/p>\n<h6 style=\"text-align: left\"><img decoding=\"async\" class=\"alignnone wp-image-2128\" src=\"http:\/\/vapebulkp.com\/wp-content\/uploads\/2024\/04\/WASPE-TORNADO-PUFF-15000-PUFFS-WHOLESALE-PRICE.jpg\" alt=\"WASPE TORNADO ZACI\u0104GNI\u0118CIE 15000 ZACI\u0104GNI\u0118\u0106 CENA HURTOWA\" width=\"550\" height=\"748\" srcset=\"https:\/\/vapebulkp.com\/wp-content\/uploads\/2024\/04\/WASPE-TORNADO-PUFF-15000-PUFFS-WHOLESALE-PRICE.jpg 1409w, https:\/\/vapebulkp.com\/wp-content\/uploads\/2024\/04\/WASPE-TORNADO-PUFF-15000-PUFFS-WHOLESALE-PRICE-221x300.jpg 221w, https:\/\/vapebulkp.com\/wp-content\/uploads\/2024\/04\/WASPE-TORNADO-PUFF-15000-PUFFS-WHOLESALE-PRICE-753x1024.jpg 753w, https:\/\/vapebulkp.com\/wp-content\/uploads\/2024\/04\/WASPE-TORNADO-PUFF-15000-PUFFS-WHOLESALE-PRICE-768x1044.jpg 768w, https:\/\/vapebulkp.com\/wp-content\/uploads\/2024\/04\/WASPE-TORNADO-PUFF-15000-PUFFS-WHOLESALE-PRICE-1130x1536.jpg 1130w, https:\/\/vapebulkp.com\/wp-content\/uploads\/2024\/04\/WASPE-TORNADO-PUFF-15000-PUFFS-WHOLESALE-PRICE-600x816.jpg 600w\" sizes=\"(max-width: 550px) 100vw, 550px\" \/><\/h6>\n<h6>Skontaktuj si\u0119 z WhatsApp Mandy, aby uzyska\u0107 cen\u0119 ze zni\u017ck\u0105<a href=\"https:\/\/wa.me\/8618077105796\">+8618077105796<\/a><\/h6>\n<p><img decoding=\"async\" class=\"alignnone wp-image-2151\" src=\"http:\/\/vapebulkp.com\/wp-content\/uploads\/2024\/04\/Mandy-WhatsApp-Randm.jpg\" alt=\"WhatsApp Mandy Randm\" width=\"422\" height=\"449\" srcset=\"https:\/\/vapebulkp.com\/wp-content\/uploads\/2024\/04\/Mandy-WhatsApp-Randm.jpg 916w, https:\/\/vapebulkp.com\/wp-content\/uploads\/2024\/04\/Mandy-WhatsApp-Randm-282x300.jpg 282w, https:\/\/vapebulkp.com\/wp-content\/uploads\/2024\/04\/Mandy-WhatsApp-Randm-768x817.jpg 768w, https:\/\/vapebulkp.com\/wp-content\/uploads\/2024\/04\/Mandy-WhatsApp-Randm-600x638.jpg 600w\" sizes=\"(max-width: 422px) 100vw, 422px\" \/><\/p>\n<h2><span style=\"vertical-align: inherit\">Pomy\u015bla\u0142em, \u017ce mo\u017ce Ci\u0119 zainteresowa\u0107 WASPE 15000Puffs Jednorazowy WAPORYZATOR\uff1a<\/span><\/h2>\n<p>&nbsp;<\/p>\n<h4 class=\"style-scope ytd-watch-metadata\">1.Jak u\u017cywa\u0107 Vape Pen WASPE 15000 Puffs?<\/h4>\n<p>&nbsp;<\/p>\n<p>Pierwszy: Przed u\u017cyciem 15k zaci\u0105gni\u0119\u0107, od\u0142\u0105cz plastikow\u0105 rurk\u0119.<\/p>\n<p>Drugi: Odczekaj oko\u0142o 3 minut, pozwalaj\u0105c soku dosta\u0107 si\u0119 do cewki w \u015brodku.<\/p>\n<p>Trzeci: Ciesz si\u0119 tym<\/p>\n<h6>2.Jak na\u0142adowa\u0107 jednorazowe urz\u0105dzenie vape WASPE 15000 puffs\uff1f<\/h6>\n<p>Nie mo\u017cna u\u017cywa\u0107 \u0142adowarek do szybkiego \u0142adowania, a standardowa bezpieczna moc jednorazowych e-papieros\u00f3w to 5V 1A.<\/p>\n<p>Ka\u017cdy czas \u0142adowania nie mo\u017ce przekroczy\u0107 1 godziny, a bezpieczny czas \u0142adowania to p\u00f3\u0142 godziny.<\/p>\n<h6>3.Ile zaci\u0105gni\u0119\u0107 ma WASPE 15k Puffs?<\/h6>\n<p>\u2014-15000 Zaci\u0105gni\u0119\u0107<\/p>\n<p><span style=\"color: #ff6600\">Uwaga: nie mo\u017cna \u0142adowa\u0107 przez ca\u0142\u0105 noc!<\/span><\/p>\n<p>&nbsp;<\/p>\n<h3><strong><span style=\"vertical-align: inherit\">Specyfikacja dla Hurtowni Waporyzator\u00f3w WASPE 15000Puffs\uff1a<\/span><br \/>\n<\/strong><\/h3>\n<p>Bateria: 850mAh (Typ C)<br \/>\nPojemno\u015b\u0107: 22ml<br \/>\nGrza\u0142ka: siatka 0.8 oma<br \/>\nPrzybli\u017cona liczba zaci\u0105gni\u0119\u0107: 15000<br \/>\nZawarto\u015b\u0107 nikotyny: 2%, 5%<br \/>\nMinimalne zam\u00f3wienie: 100 sztuk<\/p>\n<h3><strong>Jaki jest Najlepszy Waporyzator WASPE 15k Puffs Smaki?<\/strong><\/h3>\n<p>1. Arbuzowy L\u00f3d<br \/>\n2. Truskawka Arbuz<br \/>\n3.Pomara\u0144czowa lemoniada<br \/>\n4.Podw\u00f3jne jab\u0142ko<br \/>\n5.Truskawka Kiwi<br \/>\n6.Wi\u015bniowy L\u00f3d<br \/>\n7.Winogrono Aloesowe<br \/>\n8. Mieszane Jagody<br \/>\n9.Jagodowy L\u00f3d<br \/>\n10. Truskawka Mango<br \/>\n11.Niebieska Malina Cytryna<br \/>\n12.Brzoskwiniowy L\u00f3d<\/p>\n<p><a href=\"https:\/\/vapebulkp.com\/pl\/product\/popular-randm-tornado-7000puffs-disposable-vape-best-price\/\">https:\/\/vapebulkp.com\/product\/popular-randm-tornado-7000puffs-disposable-vape-best-price\/<\/a><\/p>\n<p><span style=\"vertical-align: inherit\">Znajd\u017a wi\u0119cej produkt\u00f3w, kt\u00f3re mog\u0105 Ci si\u0119 spodoba\u0107:<\/span><em><a href=\"https:\/\/wa.me\/8618077105796\"><span style=\"vertical-align: inherit\">\u00a0Kup teraz<\/span><\/a><\/em><\/p>\n<p><span style=\"vertical-align: inherit\">Inne Puffs, kt\u00f3re mog\u0105 Ci si\u0119 spodoba\u0107:<\/span><a href=\"https:\/\/vapebulkp.com\/pl\/product\/good-sale-randm-tornado-10000-puffs-plus\/\"><span style=\"vertical-align: inherit\">RandM 10000 zaci\u0105gni\u0119\u0107<\/span><\/a><span style=\"vertical-align: inherit\">\u3001 <\/span><a href=\"https:\/\/vapebulkp.com\/pl\/product\/wholesale-randm-tornado-9000-puffs-germany\/\"><span style=\"vertical-align: inherit\">RandM Tornado 9000 zaci\u0105gni\u0119\u0107<\/span><\/a><span style=\"vertical-align: inherit\">\/ <\/span><a href=\"https:\/\/vapebulkp.com\/pl\/product\/best-price-vape-randm-15000-puffs-good-vape\/\"><span style=\"vertical-align: inherit\">Randm 15000 Zaci\u0105gni\u0119\u0107<\/span><\/a><span style=\"vertical-align: inherit\">\/ <\/span><a href=\"https:\/\/vapebulkp.com\/pl\/product\/bang-king-12000puffs\/\"><span style=\"vertical-align: inherit\">Bang King 12000 zaci\u0105gni\u0119\u0107<\/span><\/a><\/p>\n<p><span style=\"vertical-align: inherit\">E-papieros o specjalnym kszta\u0142cie butelki:<\/span><a href=\"https:\/\/vapebulkp.com\/pl\/product\/original-vape-bang-tn-12000-puffs-bang-vape\/\"><span style=\"vertical-align: inherit\">Bang TN 12000 zaci\u0105gni\u0119\u0107 <\/span><\/a><span style=\"vertical-align: inherit\">\/ <\/span><a href=\"https:\/\/vapebulkp.com\/pl\/product\/bang-20000-puffs-hot-vape-top-sale-vape\/\"><span style=\"vertical-align: inherit\">Bang 20000 zaci\u0105gni\u0119\u0107 <\/span><\/a><span style=\"vertical-align: inherit\">\/<\/span><a href=\"https:\/\/vapebulkp.com\/pl\/product\/bang-with-a-vape-18000-puffs-crown-bar-hot-vape\/\"><span style=\"vertical-align: inherit\">Bang Z e-papierosem 18000 Zaci\u0105gni\u0119\u0107<\/span><\/a><\/p>\n<h4>Szczeg\u00f3\u0142y wysy\u0142ki:<\/h4>\n<p><span style=\"color: #ff6600\">Czas produkcji: 5-10 dni roboczych<\/span><br \/>\n<span style=\"color: #ff6600\">Czas wysy\u0142ki: 8-14 dni roboczych<\/span><\/p>\n<p>Wszystkie produkty w naszym sklepie s\u0105 w 100% oryginalne i autentyczne, dlatego polityk\u0105 naszego sklepu jest dziesi\u0119ciokrotne odszkodowanie za podrobione towary. Do dostarczania towar\u00f3w u\u017cywamy kana\u0142\u00f3w logistycznych, takich jak UPS\/DHL\/FEDEX\/DPD.<\/p>\n<p>W przypadku paczek wysy\u0142anych do Polski dostawa trwa zwykle 10 dni roboczych. Wysy\u0142ka do kraj\u00f3w europejskich trwa zwykle od 12 do 15 dni roboczych. B\u0119dziemy aktualizowa\u0107 dla Ciebie informacje logistyczne w czasie rzeczywistym.<\/p>","protected":false},"excerpt":{"rendered":"<p>. <img decoding=\"async\" class=\"alignnone wp-image-2151\" src=\"http:\/\/vapebulkp.com\/wp-content\/uploads\/2024\/04\/Mandy-WhatsApp-Randm.jpg\" alt=\"WhatsApp Mandy Randm\" width=\"269\" height=\"286\" srcset=\"https:\/\/vapebulkp.com\/wp-content\/uploads\/2024\/04\/Mandy-WhatsApp-Randm.jpg 916w, https:\/\/vapebulkp.com\/wp-content\/uploads\/2024\/04\/Mandy-WhatsApp-Randm-282x300.jpg 282w, https:\/\/vapebulkp.com\/wp-content\/uploads\/2024\/04\/Mandy-WhatsApp-Randm-768x817.jpg 768w, https:\/\/vapebulkp.com\/wp-content\/uploads\/2024\/04\/Mandy-WhatsApp-Randm-600x638.jpg 600w\" sizes=\"(max-width: 269px) 100vw, 269px\" \/><\/p>\n<p>Skontaktuj si\u0119 z WhatsApp Mandy, aby uzyska\u0107 cen\u0119 ze zni\u017ck\u0105<a href=\"https:\/\/wa.me\/8618077105796\">+8618077105796<\/a><\/p>\n<p><span style=\"color: #ff0000\">UWAGA: Ceny na naszej stronie internetowej nie zawieraj\u0105 koszt\u00f3w wysy\u0142ki<\/span><\/p>","protected":false},"featured_media":2126,"comment_status":"open","ping_status":"closed","template":"","meta":{"_uag_custom_page_level_css":"","_lmt_disableupdate":"no","_lmt_disable":"","site-sidebar-layout":"default","site-content-layout":"content-boxed-container","ast-site-content-layout":"normal-width-container","site-content-style":"boxed","site-sidebar-style":"unboxed","ast-global-header-display":"","ast-banner-title-visibility":"","ast-main-header-display":"","ast-hfb-above-header-display":"","ast-hfb-below-header-display":"","ast-hfb-mobile-header-display":"","site-post-title":"","ast-breadcrumbs-content":"","ast-featured-img":"","footer-sml-layout":"","theme-transparent-header-meta":"default","adv-header-id-meta":"","stick-header-meta":"","header-above-stick-meta":"","header-main-stick-meta":"","header-below-stick-meta":"","astra-migrate-meta-layouts":"set","_joinchat":[]},"product_cat":[165,153,155,33,59,100,34,158,157,154,152,58,84,156,63,32,365],"product_tag":[77,36,37,41,71,40],"class_list":["post-2147","product","type-product","status-publish","has-post-thumbnail","hentry","product_cat-15000-puffs-disposable-vape","product_cat-hot-disposable-vapes","product_cat-belgium-hot-disposable-vapes","product_cat-france-vape-hot-sale","product_cat-germany-hot-disposable-vape","product_cat-germany-wholesale-vape-shop","product_cat-netherlands-vape-good-sale","product_cat-norway-hot-disposable-vapes","product_cat-poland-hot-disposable-vapes","product_cat-portugal-hot-disposable-vapes","product_cat-spain-hot-disposable-vapes","product_cat-sweden-hot-disposable-vape","product_cat-sweden-wholesale-vape","product_cat-switzerland-hot-disposable-vapes","product_cat-top-sale-disposable-vape","product_cat-vape-hot-sale-this-week","product_cat-waspe-vape","product_tag-15000-puffs","product_tag-good-vape","product_tag-hot-sale-disposable-vape","product_tag-poland-hot-vape","product_tag-randm","product_tag-sweden-hot-vape","pa_brand-waspe-vape","desktop-align-left","tablet-align-left","mobile-align-left"],"yoast_head":"<!-- This site is optimized with the Yoast SEO plugin v21.1 - https:\/\/yoast.com\/wordpress\/plugins\/seo\/ -->\n<title>Wholesale Price Randm 15k WASPE 15000 Puffs Best Vape - vapebulkp.com<\/title>\n<meta name=\"description\" content=\"Buy Popular Vape WASPE 15000 Puffs Disposable vape is our recent best-selling product, with unique taste buds for you to choose .\" \/>\n<meta name=\"robots\" content=\"index, follow, max-snippet:-1, max-image-preview:large, max-video-preview:-1\" \/>\n<link rel=\"canonical\" href=\"https:\/\/vapebulkp.com\/pl\/product\/wholesale-price-randm-15k-waspe-15000-puffs-best-vape\/\" \/>\n<meta property=\"og:locale\" content=\"pl_PL\" \/>\n<meta property=\"og:type\" content=\"article\" \/>\n<meta property=\"og:title\" content=\"Wholesale Price Randm 15k WASPE 15000 Puffs Best Vape - vapebulkp.com\" \/>\n<meta property=\"og:description\" content=\"Buy Popular Vape WASPE 15000 Puffs Disposable vape is our recent best-selling product, with unique taste buds for you to choose .\" \/>\n<meta property=\"og:url\" content=\"https:\/\/vapebulkp.com\/pl\/product\/wholesale-price-randm-15k-waspe-15000-puffs-best-vape\/\" \/>\n<meta property=\"og:site_name\" content=\"vapebulkp.com\" \/>\n<meta property=\"article:modified_time\" content=\"2025-09-24T03:49:03+00:00\" \/>\n<meta property=\"og:image\" content=\"http:\/\/vapebulkp.com\/wp-content\/uploads\/2024\/04\/WASPE-TORNADO-PUFF-15000-PUFF-BULK-PRICE.jpg\" \/>\n\t<meta property=\"og:image:width\" content=\"2000\" \/>\n\t<meta property=\"og:image:height\" content=\"937\" \/>\n\t<meta property=\"og:image:type\" content=\"image\/jpeg\" \/>\n<meta name=\"twitter:card\" content=\"summary_large_image\" \/>\n<meta name=\"twitter:label1\" content=\"Szacowany czas czytania\" \/>\n\t<meta name=\"twitter:data1\" content=\"3 minuty\" \/>\n<script type=\"application\/ld+json\" class=\"yoast-schema-graph\">{\"@context\":\"https:\/\/schema.org\",\"@graph\":[{\"@type\":\"WebPage\",\"@id\":\"https:\/\/vapebulkp.com\/product\/wholesale-price-randm-15k-waspe-15000-puffs-best-vape\/\",\"url\":\"https:\/\/vapebulkp.com\/product\/wholesale-price-randm-15k-waspe-15000-puffs-best-vape\/\",\"name\":\"Wholesale Price Randm 15k WASPE 15000 Puffs Best Vape - vapebulkp.com\",\"isPartOf\":{\"@id\":\"https:\/\/vapebulkp.com\/#website\"},\"datePublished\":\"2024-04-03T03:07:44+00:00\",\"dateModified\":\"2025-09-24T03:49:03+00:00\",\"description\":\"Buy Popular Vape WASPE 15000 Puffs Disposable vape is our recent best-selling product, with unique taste buds for you to choose .\",\"breadcrumb\":{\"@id\":\"https:\/\/vapebulkp.com\/product\/wholesale-price-randm-15k-waspe-15000-puffs-best-vape\/#breadcrumb\"},\"inLanguage\":\"pl-PL\",\"potentialAction\":[{\"@type\":\"ReadAction\",\"target\":[\"https:\/\/vapebulkp.com\/product\/wholesale-price-randm-15k-waspe-15000-puffs-best-vape\/\"]}]},{\"@type\":\"BreadcrumbList\",\"@id\":\"https:\/\/vapebulkp.com\/product\/wholesale-price-randm-15k-waspe-15000-puffs-best-vape\/#breadcrumb\",\"itemListElement\":[{\"@type\":\"ListItem\",\"position\":1,\"name\":\"Home\",\"item\":\"https:\/\/vapebulkp.com\/\"},{\"@type\":\"ListItem\",\"position\":2,\"name\":\"Hot Trend Vapes\",\"item\":\"https:\/\/vapebulkp.com\/vape-shop\/\"},{\"@type\":\"ListItem\",\"position\":3,\"name\":\"Wholesale Price Randm 15k WASPE 15000 Puffs Best Vape\"}]},{\"@type\":\"WebSite\",\"@id\":\"https:\/\/vapebulkp.com\/#website\",\"url\":\"https:\/\/vapebulkp.com\/\",\"name\":\"vapebulkp.com\",\"description\":\"Buy Vape In Cheap Bulk Price Near you\",\"publisher\":{\"@id\":\"https:\/\/vapebulkp.com\/#organization\"},\"potentialAction\":[{\"@type\":\"SearchAction\",\"target\":{\"@type\":\"EntryPoint\",\"urlTemplate\":\"https:\/\/vapebulkp.com\/?s={search_term_string}\"},\"query-input\":\"required name=search_term_string\"}],\"inLanguage\":\"pl-PL\"},{\"@type\":\"Organization\",\"@id\":\"https:\/\/vapebulkp.com\/#organization\",\"name\":\"vapebulkp.com\",\"url\":\"https:\/\/vapebulkp.com\/\",\"logo\":{\"@type\":\"ImageObject\",\"inLanguage\":\"pl-PL\",\"@id\":\"https:\/\/vapebulkp.com\/#\/schema\/logo\/image\/\",\"url\":\"https:\/\/vapebulkp.com\/wp-content\/uploads\/2023\/09\/cropped-vapebulkp.png\",\"contentUrl\":\"https:\/\/vapebulkp.com\/wp-content\/uploads\/2023\/09\/cropped-vapebulkp.png\",\"width\":516,\"height\":163,\"caption\":\"vapebulkp.com\"},\"image\":{\"@id\":\"https:\/\/vapebulkp.com\/#\/schema\/logo\/image\/\"}}]}<\/script>\n<!-- \/ Yoast SEO plugin. -->","yoast_head_json":{"title":"Wholesale Price Randm 15k WASPE 15000 Puffs Best Vape - vapebulkp.com","description":"Buy Popular Vape WASPE 15000 Puffs Disposable vape is our recent best-selling product, with unique taste buds for you to choose .","robots":{"index":"index","follow":"follow","max-snippet":"max-snippet:-1","max-image-preview":"max-image-preview:large","max-video-preview":"max-video-preview:-1"},"canonical":"https:\/\/vapebulkp.com\/pl\/product\/wholesale-price-randm-15k-waspe-15000-puffs-best-vape\/","og_locale":"pl_PL","og_type":"article","og_title":"Wholesale Price Randm 15k WASPE 15000 Puffs Best Vape - vapebulkp.com","og_description":"Buy Popular Vape WASPE 15000 Puffs Disposable vape is our recent best-selling product, with unique taste buds for you to choose .","og_url":"https:\/\/vapebulkp.com\/pl\/product\/wholesale-price-randm-15k-waspe-15000-puffs-best-vape\/","og_site_name":"vapebulkp.com","article_modified_time":"2025-09-24T03:49:03+00:00","og_image":[{"width":2000,"height":937,"url":"http:\/\/vapebulkp.com\/wp-content\/uploads\/2024\/04\/WASPE-TORNADO-PUFF-15000-PUFF-BULK-PRICE.jpg","type":"image\/jpeg"}],"twitter_card":"summary_large_image","twitter_misc":{"Szacowany czas czytania":"3 minuty"},"schema":{"@context":"https:\/\/schema.org","@graph":[{"@type":"WebPage","@id":"https:\/\/vapebulkp.com\/product\/wholesale-price-randm-15k-waspe-15000-puffs-best-vape\/","url":"https:\/\/vapebulkp.com\/product\/wholesale-price-randm-15k-waspe-15000-puffs-best-vape\/","name":"Wholesale Price Randm 15k WASPE 15000 Puffs Best Vape - vapebulkp.com","isPartOf":{"@id":"https:\/\/vapebulkp.com\/#website"},"datePublished":"2024-04-03T03:07:44+00:00","dateModified":"2025-09-24T03:49:03+00:00","description":"Buy Popular Vape WASPE 15000 Puffs Disposable vape is our recent best-selling product, with unique taste buds for you to choose .","breadcrumb":{"@id":"https:\/\/vapebulkp.com\/product\/wholesale-price-randm-15k-waspe-15000-puffs-best-vape\/#breadcrumb"},"inLanguage":"pl-PL","potentialAction":[{"@type":"ReadAction","target":["https:\/\/vapebulkp.com\/product\/wholesale-price-randm-15k-waspe-15000-puffs-best-vape\/"]}]},{"@type":"BreadcrumbList","@id":"https:\/\/vapebulkp.com\/product\/wholesale-price-randm-15k-waspe-15000-puffs-best-vape\/#breadcrumb","itemListElement":[{"@type":"ListItem","position":1,"name":"Home","item":"https:\/\/vapebulkp.com\/"},{"@type":"ListItem","position":2,"name":"Hot Trend Vapes","item":"https:\/\/vapebulkp.com\/vape-shop\/"},{"@type":"ListItem","position":3,"name":"Wholesale Price Randm 15k WASPE 15000 Puffs Best Vape"}]},{"@type":"WebSite","@id":"https:\/\/vapebulkp.com\/#website","url":"https:\/\/vapebulkp.com\/","name":"vapebulkp.com","description":"Buy Vape In Cheap Bulk Price Near you","publisher":{"@id":"https:\/\/vapebulkp.com\/#organization"},"potentialAction":[{"@type":"SearchAction","target":{"@type":"EntryPoint","urlTemplate":"https:\/\/vapebulkp.com\/?s={search_term_string}"},"query-input":"required name=search_term_string"}],"inLanguage":"pl-PL"},{"@type":"Organization","@id":"https:\/\/vapebulkp.com\/#organization","name":"vapebulkp.com","url":"https:\/\/vapebulkp.com\/","logo":{"@type":"ImageObject","inLanguage":"pl-PL","@id":"https:\/\/vapebulkp.com\/#\/schema\/logo\/image\/","url":"https:\/\/vapebulkp.com\/wp-content\/uploads\/2023\/09\/cropped-vapebulkp.png","contentUrl":"https:\/\/vapebulkp.com\/wp-content\/uploads\/2023\/09\/cropped-vapebulkp.png","width":516,"height":163,"caption":"vapebulkp.com"},"image":{"@id":"https:\/\/vapebulkp.com\/#\/schema\/logo\/image\/"}}]}},"uagb_featured_image_src":{"full":["https:\/\/vapebulkp.com\/wp-content\/uploads\/2024\/04\/WASPE-TORNADO-PUFF-15000-PUFF-BULK-PRICE.jpg",2000,937,false],"thumbnail":["https:\/\/vapebulkp.com\/wp-content\/uploads\/2024\/04\/WASPE-TORNADO-PUFF-15000-PUFF-BULK-PRICE-150x150.jpg",150,150,true],"medium":["https:\/\/vapebulkp.com\/wp-content\/uploads\/2024\/04\/WASPE-TORNADO-PUFF-15000-PUFF-BULK-PRICE-300x141.jpg",300,141,true],"medium_large":["https:\/\/vapebulkp.com\/wp-content\/uploads\/2024\/04\/WASPE-TORNADO-PUFF-15000-PUFF-BULK-PRICE-768x360.jpg",768,360,true],"large":["https:\/\/vapebulkp.com\/wp-content\/uploads\/2024\/04\/WASPE-TORNADO-PUFF-15000-PUFF-BULK-PRICE-1024x480.jpg",1024,480,true],"1536x1536":["https:\/\/vapebulkp.com\/wp-content\/uploads\/2024\/04\/WASPE-TORNADO-PUFF-15000-PUFF-BULK-PRICE-1536x720.jpg",1536,720,true],"2048x2048":["https:\/\/vapebulkp.com\/wp-content\/uploads\/2024\/04\/WASPE-TORNADO-PUFF-15000-PUFF-BULK-PRICE.jpg",2000,937,false],"trp-custom-language-flag":["https:\/\/vapebulkp.com\/wp-content\/uploads\/2024\/04\/WASPE-TORNADO-PUFF-15000-PUFF-BULK-PRICE.jpg",18,8,false],"woocommerce_thumbnail":["https:\/\/vapebulkp.com\/wp-content\/uploads\/2024\/04\/WASPE-TORNADO-PUFF-15000-PUFF-BULK-PRICE-300x300.jpg",300,300,true],"woocommerce_single":["https:\/\/vapebulkp.com\/wp-content\/uploads\/2024\/04\/WASPE-TORNADO-PUFF-15000-PUFF-BULK-PRICE-600x281.jpg",600,281,true],"woocommerce_gallery_thumbnail":["https:\/\/vapebulkp.com\/wp-content\/uploads\/2024\/04\/WASPE-TORNADO-PUFF-15000-PUFF-BULK-PRICE-100x100.jpg",100,100,true],"wcpr-photo-reviews":["https:\/\/vapebulkp.com\/wp-content\/uploads\/2024\/04\/WASPE-TORNADO-PUFF-15000-PUFF-BULK-PRICE.jpg",500,234,false]},"uagb_author_info":{"display_name":"Mandy vape bulk price","author_link":"https:\/\/vapebulkp.com\/pl\/author\/"},"uagb_comment_info":0,"uagb_excerpt":". Pls Contact Mandy's WhatsApp For Discount Price+8618077105796 NOTE: Prices on our website does not include shipping costs","_links":{"self":[{"href":"https:\/\/vapebulkp.com\/pl\/wp-json\/wp\/v2\/product\/2147","targetHints":{"allow":["GET"]}}],"collection":[{"href":"https:\/\/vapebulkp.com\/pl\/wp-json\/wp\/v2\/product"}],"about":[{"href":"https:\/\/vapebulkp.com\/pl\/wp-json\/wp\/v2\/types\/product"}],"replies":[{"embeddable":true,"href":"https:\/\/vapebulkp.com\/pl\/wp-json\/wp\/v2\/comments?post=2147"}],"wp:featuredmedia":[{"embeddable":true,"href":"https:\/\/vapebulkp.com\/pl\/wp-json\/wp\/v2\/media\/2126"}],"wp:attachment":[{"href":"https:\/\/vapebulkp.com\/pl\/wp-json\/wp\/v2\/media?parent=2147"}],"wp:term":[{"taxonomy":"product_cat","embeddable":true,"href":"https:\/\/vapebulkp.com\/pl\/wp-json\/wp\/v2\/product_cat?post=2147"},{"taxonomy":"product_tag","embeddable":true,"href":"https:\/\/vapebulkp.com\/pl\/wp-json\/wp\/v2\/product_tag?post=2147"}],"curies":[{"name":"wp","href":"https:\/\/api.w.org\/{rel}","templated":true}]}}