{"id":2164,"date":"2024-04-17T11:30:52","date_gmt":"2024-04-17T09:30:52","guid":{"rendered":"https:\/\/vapebulkp.com\/?post_type=product&#038;p=2164"},"modified":"2025-09-24T05:41:45","modified_gmt":"2025-09-24T03:41:45","slug":"top-sale-vape-vapme-crown-bar-18000-puffs-pro-max","status":"publish","type":"product","link":"https:\/\/vapebulkp.com\/pl\/product\/top-sale-vape-vapme-crown-bar-18000-puffs-pro-max\/","title":{"rendered":"Najlepiej Sprzedaj\u0105cy si\u0119 E-Papieros VAPME CROWN BAR 18000 Zaci\u0105gni\u0119\u0107 PRO MAX"},"content":{"rendered":"<h2 style=\"text-align: left\">Najlepiej Sprzedaj\u0105cy si\u0119 E-Papieros VAPME CROWN BAR 18000 Zaci\u0105gni\u0119\u0107 PRO MAX<\/h2>\n<p data-start=\"129\" data-end=\"419\">To <strong data-start=\"133\" data-end=\"172\">VAPME CROWN BAR 18000 Pali Puf\u00f3w PRO MAX<\/strong> jest <strong data-start=\"178\" data-end=\"205\">jednorazowy vape premium<\/strong> stworzony dla polskich entuzjast\u00f3w wapowania, kt\u00f3rzy oczekuj\u0105 wydajno\u015bci, smaku i wygody. To urz\u0105dzenie o du\u017cej pojemno\u015bci zapewnia do 18 000 zaci\u0105gni\u0119\u0107, co czyni je niezawodnym <strong data-start=\"369\" data-end=\"391\">wielokrotnego \u0142adowania vape<\/strong> do d\u0142ugich sesji wapowania.<\/p>\n<p data-start=\"421\" data-end=\"730\">Zasilany akumulatorem o pojemno\u015bci 850mAh z portem szybkiego \u0142adowania Type-C, <strong data-start=\"501\" data-end=\"533\">\u0142adowalnym e-papierosie jednorazowym<\/strong> zapewnia nieprzerwan\u0105 przyjemno\u015b\u0107. Jego 25ml wst\u0119pnie nape\u0142niony wk\u0142ad z e-liquidem i zaawansowana technologia siatki 0.6\u03a9 <strong data-start=\"643\" data-end=\"661\">siatkowa grza\u0142ka<\/strong> wytwarzaj\u0105 g\u0119ste chmury pary i bogaty, sp\u00f3jny smak.<\/p>\n<p data-start=\"732\" data-end=\"1065\">Dostosuj ka\u017cde zaci\u0105gni\u0119cie dzi\u0119ki regulowanemu przep\u0142ywowi powietrza, a 12 wyselekcjonowanych smak\u00f3w i opcji soli nikotynowej 2% lub 5% zaspokoi wszystkie preferencje, czyni\u0105c go wszechstronnym <strong data-start=\"889\" data-end=\"911\">s\u00f3l nikotynowa<\/strong>. Elegancki, ergonomiczny i stylowy, <a href=\"https:\/\/vapebulkp.com\/pl\/product-category\/18000-puffs-disposable-vape\/\"><strong data-start=\"948\" data-end=\"979\">18000 zaci\u0105gni\u0119\u0107 jednorazowy e-papieros<\/strong><\/a> jest idealny do codziennego u\u017cytku, spotka\u0144 towarzyskich lub dystrybucji hurtowej w Polsce.<\/p>\n<p><img decoding=\"async\" class=\"alignnone size-full wp-image-2163\" src=\"http:\/\/vapebulkp.com\/wp-content\/uploads\/2024\/04\/VAPME-CROWN-BAR-18000-PRO-MAX.png\" alt=\"VAPME CROWN BAR 18000 PRO MAX\" width=\"730\" height=\"730\" srcset=\"https:\/\/vapebulkp.com\/wp-content\/uploads\/2024\/04\/VAPME-CROWN-BAR-18000-PRO-MAX.png 730w, https:\/\/vapebulkp.com\/wp-content\/uploads\/2024\/04\/VAPME-CROWN-BAR-18000-PRO-MAX-300x300.png 300w, https:\/\/vapebulkp.com\/wp-content\/uploads\/2024\/04\/VAPME-CROWN-BAR-18000-PRO-MAX-150x150.png 150w, https:\/\/vapebulkp.com\/wp-content\/uploads\/2024\/04\/VAPME-CROWN-BAR-18000-PRO-MAX-600x600.png 600w, https:\/\/vapebulkp.com\/wp-content\/uploads\/2024\/04\/VAPME-CROWN-BAR-18000-PRO-MAX-100x100.png 100w\" sizes=\"(max-width: 730px) 100vw, 730px\" \/><\/p>\n<h6>Skontaktuj si\u0119 z WhatsApp Mandy, aby uzyska\u0107 cen\u0119 ze zni\u017ck\u0105<a href=\"https:\/\/wa.me\/8618077105796\">+8618077105796<\/a><\/h6>\n<p><img decoding=\"async\" class=\"alignnone wp-image-2151\" src=\"http:\/\/vapebulkp.com\/wp-content\/uploads\/2024\/04\/Mandy-WhatsApp-Randm.jpg\" alt=\"WhatsApp Mandy Randm\" width=\"324\" height=\"330\" \/><\/p>\n<h2>Pomy\u015bla\u0142em, \u017ce mo\u017ce Ci\u0119 zainteresowa\u0107 Najlepiej Sprzedaj\u0105cy si\u0119 Vape Vapme Crown Bar 18000Puffs Pro Max:<\/h2>\n<h5>1.Jak u\u017cywa\u0107 zestawu Vapme 18k Puffs Vape?<\/h5>\n<p>Krok 1. Przed u\u017cyciem 18k puffs, od\u0142\u0105cz plastikow\u0105 rurk\u0119.<\/p>\n<p>Krok 2. Odczekaj oko\u0142o 3 minut, aby p\u0142yn dosta\u0142 si\u0119 do spirali wewn\u0105trz.<\/p>\n<p>Krok 3. Ciesz si\u0119<\/p>\n<h5>2.JAK NA\u0141ADOWA\u0106 JEDNORAZOWY E-PAPIEROS Vapme Crown Bar 18k Pro MAX?<\/h5>\n<p>Nie mo\u017cna u\u017cywa\u0107 \u0142adowarek do szybkiego \u0142adowania, a standardowa bezpieczna moc jednorazowych e-papieros\u00f3w to 5V 1A.<\/p>\n<p>Ka\u017cdy czas \u0142adowania nie mo\u017ce przekroczy\u0107 1 godziny, a bezpieczny czas \u0142adowania to p\u00f3\u0142 godziny.<\/p>\n<p><span style=\"color: #ff6600\">Uwaga: nie mo\u017cna \u0142adowa\u0107 przez ca\u0142\u0105 noc!<\/span><\/p>\n<h5>3.Jaka jest pojemno\u015b\u0107 e-liquidu Vapme Crown Bar 18000 Puffs Pro Max WAPE?<\/h5>\n<p>\u2014\u201420ml<\/p>\n<h5>4.Ile zaci\u0105gni\u0119\u0107 mog\u0119 wykona\u0107 z tego Vapme Crown Bar 18000 Puffs Pro Max?<\/h5>\n<p>\u2014\u201318k zaci\u0105gni\u0119\u0107<\/p>\n<h3>Cechy jednorazowego poda Vapme Crown Bar 18000 Puff Pro Max:<\/h3>\n<ul>\n<li>Zaci\u0105gni\u0119cia: DO 18000 zaci\u0105gni\u0119\u0107<\/li>\n<li>\u00a0P\u0142yn: 25 ml wst\u0119pnie nape\u0142nionego kartrid\u017ca e-liquidem<\/li>\n<li>Nikotyna: 2\/5% s\u00f3l nikotynowa<\/li>\n<li>\u00a0Typy: Jednorazowy<\/li>\n<li>\u00a0Bateria 850 mAh<\/li>\n<li>\u00a00.6 Grza\u0142ka MESH, REGULOWANY PRZEP\u0141YW POWIETRZA<\/li>\n<li>\u00a0Kabel do \u0142adowania USB-C<\/li>\n<li>\u00a012 dost\u0119pnych smak\u00f3w<\/li>\n<\/ul>\n<p>&nbsp;<\/p>\n<h3><strong>\u00a0Lista smak\u00f3w urz\u0105dzenia Vapme Crown Bar 18k Puffs Pro Max Vape:<\/strong><\/h3>\n<ol>\n<li>Lush Ice<\/li>\n<li>Jagodowy L\u00f3d<\/li>\n<li>Guma Bor\u00f3wkowa<\/li>\n<li>Wi\u015bniowa Fiesta<\/li>\n<li>Poncz Winogronowy<\/li>\n<li>Truskawka Arbuz<\/li>\n<li>Mango Mro\u017cone<\/li>\n<li>Poncz Truskawkowy<\/li>\n<li>S\u0142odka Marakuja<\/li>\n<li>Bor\u00f3wka Malina<\/li>\n<li>Dwa Jab\u0142ka<\/li>\n<li>Love 66<\/li>\n<\/ol>\n<p><a href=\"https:\/\/vapebulkp.com\/pl\/product\/popular-randm-tornado-7000puffs-disposable-vape-best-price\/\"><span style=\"vertical-align: inherit\">RandM Tornado 7000 zaci\u0105gni\u0119\u0107 <\/span><\/a><\/p>\n<p><span style=\"vertical-align: inherit\">Znajd\u017a wi\u0119cej produkt\u00f3w, kt\u00f3re mog\u0105 Ci si\u0119 spodoba\u0107:<\/span><em><a href=\"https:\/\/wa.me\/8618077105796\"><span style=\"vertical-align: inherit\">\u00a0Kup teraz<\/span><\/a><\/em><\/p>\n<p><span style=\"vertical-align: inherit\">Inne Puffs, kt\u00f3re mog\u0105 Ci si\u0119 spodoba\u0107:<\/span><a href=\"https:\/\/vapebulkp.com\/pl\/product\/joymy-ultra15000puffs-best-disposable-vape-2023\/\"><span style=\"vertical-align: inherit\">JOYMY 15000 Puffs<\/span><\/a><span style=\"vertical-align: inherit\">\u3001<\/span><a href=\"https:\/\/vapebulkp.com\/pl\/product\/wholesale-randm-tornado-9000-puffs-germany\/\"><span style=\"vertical-align: inherit\">RandM 9000 zaci\u0105gni\u0119\u0107<\/span><\/a><span style=\"vertical-align: inherit\">\/ <\/span><a href=\"https:\/\/vapebulkp.com\/pl\/product\/bang-king-12000puffs\/\"><span style=\"vertical-align: inherit\">Bang King 12000 zaci\u0105gni\u0119\u0107<\/span><\/a><span style=\"vertical-align: inherit\">\/ <\/span><a href=\"https:\/\/vapebulkp.com\/pl\/product\/wholesale-tornado-rum-bar-9000-puffs-sweden\/\"><span style=\"vertical-align: inherit\">Rumbar 9000 zaci\u0105gni\u0119\u0107<\/span><\/a><\/p>\n<p><span style=\"vertical-align: inherit\">E-papieros o specjalnym kszta\u0142cie butelki:<\/span><a href=\"https:\/\/vapebulkp.com\/pl\/product\/original-vape-bang-tn-12000-puffs-bang-vape\/\"><span style=\"vertical-align: inherit\"> Bang TN 12000 zaci\u0105gni\u0119\u0107<\/span><\/a><span style=\"vertical-align: inherit\">\/ <\/span><a href=\"https:\/\/vapebulkp.com\/pl\/product\/popular-bang-king-10000-puffs-vape-good-price\/\"><span style=\"vertical-align: inherit\">\u00a0Bang King 10000 Pali <\/span><\/a><span style=\"vertical-align: inherit\">\/<\/span><a href=\"https:\/\/vapebulkp.com\/pl\/product\/bang-tornado-12000-puffs-rechargeable-disposable-pod\/\"><span style=\"vertical-align: inherit\"> Bang Tornado 12000 zaci\u0105gni\u0119\u0107<\/span><\/a><\/p>\n<h5>Kwalifikacja produkcyjna:<\/h5>\n<p><img decoding=\"async\" class=\"alignnone size-full wp-image-1841\" src=\"http:\/\/vapebulkp.com\/wp-content\/uploads\/2023\/11\/Vape-production-process-2.jpeg\" alt=\"Proces produkcji vape\" width=\"650\" height=\"434\" srcset=\"https:\/\/vapebulkp.com\/wp-content\/uploads\/2023\/11\/Vape-production-process-2.jpeg 650w, https:\/\/vapebulkp.com\/wp-content\/uploads\/2023\/11\/Vape-production-process-2-300x200.jpeg 300w, https:\/\/vapebulkp.com\/wp-content\/uploads\/2023\/11\/Vape-production-process-2-600x401.jpeg 600w\" sizes=\"(max-width: 650px) 100vw, 650px\" \/><\/p>\n<p><img decoding=\"async\" class=\"alignnone size-full wp-image-1843\" src=\"http:\/\/vapebulkp.com\/wp-content\/uploads\/2023\/11\/Vape-production-process.jpeg\" alt=\"Proces produkcji vape\" width=\"641\" height=\"1026\" srcset=\"https:\/\/vapebulkp.com\/wp-content\/uploads\/2023\/11\/Vape-production-process.jpeg 641w, https:\/\/vapebulkp.com\/wp-content\/uploads\/2023\/11\/Vape-production-process-187x300.jpeg 187w, https:\/\/vapebulkp.com\/wp-content\/uploads\/2023\/11\/Vape-production-process-640x1024.jpeg 640w, https:\/\/vapebulkp.com\/wp-content\/uploads\/2023\/11\/Vape-production-process-600x960.jpeg 600w\" sizes=\"(max-width: 641px) 100vw, 641px\" \/><\/p>\n<h5>Najcz\u0119\u015bciej zadawane pytania:<\/h5>\n<p>P: Jakie jest MOQ Vapme Crown Bar 18000 Puffs Pro Max?<br \/>\nO: Minimalne zam\u00f3wienie to 100 sztuk.<br \/>\nP: Jaki jest czas dostawy zam\u00f3wionego e-papierosa?<br \/>\nO: Zwykle trwa to 10-15 dni od wysy\u0142ki<br \/>\nP: Ile kosztuje wysy\u0142ka?O: Koszt wysy\u0142ki zale\u017cy od wagi. R\u00f3\u017cne ilo\u015bci maj\u0105 r\u00f3\u017cne koszty wysy\u0142ki, prosimy o kontakt w celu ich potwierdzenia.<\/p>\n<h4>Szczeg\u00f3\u0142y wysy\u0142ki:<\/h4>\n<p><span style=\"color: #ff6600\">Czas produkcji: 5-10 dni roboczych<\/span><br \/>\n<span style=\"color: #ff6600\">Czas wysy\u0142ki: 8-14 dni roboczych<\/span><\/p>\n<p>Wszystkie produkty w naszym sklepie s\u0105 w 100% oryginalne i autentyczne, dlatego polityk\u0105 naszego sklepu jest dziesi\u0119ciokrotne odszkodowanie za podrobione towary. Do dostarczania towar\u00f3w u\u017cywamy kana\u0142\u00f3w logistycznych, takich jak UPS\/DHL\/FEDEX\/DPD.<\/p>\n<p>W przypadku paczek wysy\u0142anych do Polski dostawa trwa zwykle 10 dni roboczych. Wysy\u0142ka do kraj\u00f3w europejskich trwa zwykle od 12 do 15 dni roboczych. B\u0119dziemy aktualizowa\u0107 dla Ciebie informacje logistyczne w czasie rzeczywistym.<\/p>","protected":false},"excerpt":{"rendered":"<p>Najlepiej Sprzedaj\u0105cy si\u0119 Vape Vapme Crown Bar 18000 Puffs Pro Max w tym tygodniu!<\/p>\n<p>Skontaktuj si\u0119 z WhatsApp Mandy, aby uzyska\u0107 cen\u0119 ze zni\u017ck\u0105<a href=\"https:\/\/wa.me\/8618077105796\">+8618077105796<\/a><\/p>\n<p><img decoding=\"async\" class=\"alignnone wp-image-2151\" src=\"http:\/\/vapebulkp.com\/wp-content\/uploads\/2024\/04\/Mandy-WhatsApp-Randm.jpg\" alt=\"WhatsApp Mandy Randm\" width=\"297\" height=\"316\" srcset=\"https:\/\/vapebulkp.com\/wp-content\/uploads\/2024\/04\/Mandy-WhatsApp-Randm.jpg 916w, https:\/\/vapebulkp.com\/wp-content\/uploads\/2024\/04\/Mandy-WhatsApp-Randm-282x300.jpg 282w, https:\/\/vapebulkp.com\/wp-content\/uploads\/2024\/04\/Mandy-WhatsApp-Randm-768x817.jpg 768w, https:\/\/vapebulkp.com\/wp-content\/uploads\/2024\/04\/Mandy-WhatsApp-Randm-600x638.jpg 600w\" sizes=\"(max-width: 297px) 100vw, 297px\" \/><\/p>\n<p><span style=\"color: #ff0000\">UWAGA: Ceny na naszej stronie internetowej nie zawieraj\u0105 koszt\u00f3w wysy\u0142ki<\/span><\/p>\n<p>&nbsp;<\/p>","protected":false},"featured_media":2162,"comment_status":"open","ping_status":"closed","template":"","meta":{"_uag_custom_page_level_css":"","_lmt_disableupdate":"no","_lmt_disable":"","site-sidebar-layout":"default","site-content-layout":"content-boxed-container","ast-site-content-layout":"normal-width-container","site-content-style":"boxed","site-sidebar-style":"unboxed","ast-global-header-display":"","ast-banner-title-visibility":"","ast-main-header-display":"","ast-hfb-above-header-display":"","ast-hfb-below-header-display":"","ast-hfb-mobile-header-display":"","site-post-title":"","ast-breadcrumbs-content":"","ast-featured-img":"","footer-sml-layout":"","theme-transparent-header-meta":"default","adv-header-id-meta":"","stick-header-meta":"","header-above-stick-meta":"","header-main-stick-meta":"","header-below-stick-meta":"","astra-migrate-meta-layouts":"set","_joinchat":[]},"product_cat":[163,153,155,33,59,100,34,158,157,154,152,58,84,156,63,32,368],"product_tag":[111,36,37,41,40],"class_list":["post-2164","product","type-product","status-publish","has-post-thumbnail","hentry","product_cat-18000-puffs-disposable-vape","product_cat-hot-disposable-vapes","product_cat-belgium-hot-disposable-vapes","product_cat-france-vape-hot-sale","product_cat-germany-hot-disposable-vape","product_cat-germany-wholesale-vape-shop","product_cat-netherlands-vape-good-sale","product_cat-norway-hot-disposable-vapes","product_cat-poland-hot-disposable-vapes","product_cat-portugal-hot-disposable-vapes","product_cat-spain-hot-disposable-vapes","product_cat-sweden-hot-disposable-vape","product_cat-sweden-wholesale-vape","product_cat-switzerland-hot-disposable-vapes","product_cat-top-sale-disposable-vape","product_cat-vape-hot-sale-this-week","product_cat-vapme-vape","product_tag-18000puffs","product_tag-good-vape","product_tag-hot-sale-disposable-vape","product_tag-poland-hot-vape","product_tag-sweden-hot-vape","pa_brand-vapme-vape","desktop-align-left","tablet-align-left","mobile-align-left"],"yoast_head":"<!-- This site is optimized with the Yoast SEO plugin v21.1 - https:\/\/yoast.com\/wordpress\/plugins\/seo\/ -->\n<title>Top Sale Vape VAPME CROWN BAR 18000 Puffs PRO MAX - vapebulkp.com<\/title>\n<meta name=\"description\" content=\"Hot Sale Vapme Crown Bar 18000 puffs disposable vape, unique model, 12 flavors for you to choose from, you won\u2019t be able to put it down.\" \/>\n<meta name=\"robots\" content=\"index, follow, max-snippet:-1, max-image-preview:large, max-video-preview:-1\" \/>\n<link rel=\"canonical\" href=\"https:\/\/vapebulkp.com\/pl\/product\/top-sale-vape-vapme-crown-bar-18000-puffs-pro-max\/\" \/>\n<meta property=\"og:locale\" content=\"pl_PL\" \/>\n<meta property=\"og:type\" content=\"article\" \/>\n<meta property=\"og:title\" content=\"Top Sale Vape VAPME CROWN BAR 18000 Puffs PRO MAX - vapebulkp.com\" \/>\n<meta property=\"og:description\" content=\"Hot Sale Vapme Crown Bar 18000 puffs disposable vape, unique model, 12 flavors for you to choose from, you won\u2019t be able to put it down.\" \/>\n<meta property=\"og:url\" content=\"https:\/\/vapebulkp.com\/pl\/product\/top-sale-vape-vapme-crown-bar-18000-puffs-pro-max\/\" \/>\n<meta property=\"og:site_name\" content=\"vapebulkp.com\" \/>\n<meta property=\"article:modified_time\" content=\"2025-09-24T03:41:45+00:00\" \/>\n<meta property=\"og:image\" content=\"http:\/\/vapebulkp.com\/wp-content\/uploads\/2024\/04\/VAPME-CROWN-BAR-18000-PRO-MAX-Top-Sale.png\" \/>\n\t<meta property=\"og:image:width\" content=\"730\" \/>\n\t<meta property=\"og:image:height\" content=\"730\" \/>\n\t<meta property=\"og:image:type\" content=\"image\/png\" \/>\n<meta name=\"twitter:card\" content=\"summary_large_image\" \/>\n<meta name=\"twitter:label1\" content=\"Szacowany czas czytania\" \/>\n\t<meta name=\"twitter:data1\" content=\"4 minuty\" \/>\n<script type=\"application\/ld+json\" class=\"yoast-schema-graph\">{\"@context\":\"https:\/\/schema.org\",\"@graph\":[{\"@type\":\"WebPage\",\"@id\":\"https:\/\/vapebulkp.com\/product\/top-sale-vape-vapme-crown-bar-18000-puffs-pro-max\/\",\"url\":\"https:\/\/vapebulkp.com\/product\/top-sale-vape-vapme-crown-bar-18000-puffs-pro-max\/\",\"name\":\"Top Sale Vape VAPME CROWN BAR 18000 Puffs PRO MAX - vapebulkp.com\",\"isPartOf\":{\"@id\":\"https:\/\/vapebulkp.com\/#website\"},\"datePublished\":\"2024-04-17T09:30:52+00:00\",\"dateModified\":\"2025-09-24T03:41:45+00:00\",\"description\":\"Hot Sale Vapme Crown Bar 18000 puffs disposable vape, unique model, 12 flavors for you to choose from, you won\u2019t be able to put it down.\",\"breadcrumb\":{\"@id\":\"https:\/\/vapebulkp.com\/product\/top-sale-vape-vapme-crown-bar-18000-puffs-pro-max\/#breadcrumb\"},\"inLanguage\":\"pl-PL\",\"potentialAction\":[{\"@type\":\"ReadAction\",\"target\":[\"https:\/\/vapebulkp.com\/product\/top-sale-vape-vapme-crown-bar-18000-puffs-pro-max\/\"]}]},{\"@type\":\"BreadcrumbList\",\"@id\":\"https:\/\/vapebulkp.com\/product\/top-sale-vape-vapme-crown-bar-18000-puffs-pro-max\/#breadcrumb\",\"itemListElement\":[{\"@type\":\"ListItem\",\"position\":1,\"name\":\"Home\",\"item\":\"https:\/\/vapebulkp.com\/\"},{\"@type\":\"ListItem\",\"position\":2,\"name\":\"Hot Trend Vapes\",\"item\":\"https:\/\/vapebulkp.com\/vape-shop\/\"},{\"@type\":\"ListItem\",\"position\":3,\"name\":\"Top Sale Vape VAPME CROWN BAR 18000 Puffs PRO MAX\"}]},{\"@type\":\"WebSite\",\"@id\":\"https:\/\/vapebulkp.com\/#website\",\"url\":\"https:\/\/vapebulkp.com\/\",\"name\":\"vapebulkp.com\",\"description\":\"Buy Vape In Cheap Bulk Price Near you\",\"publisher\":{\"@id\":\"https:\/\/vapebulkp.com\/#organization\"},\"potentialAction\":[{\"@type\":\"SearchAction\",\"target\":{\"@type\":\"EntryPoint\",\"urlTemplate\":\"https:\/\/vapebulkp.com\/?s={search_term_string}\"},\"query-input\":\"required name=search_term_string\"}],\"inLanguage\":\"pl-PL\"},{\"@type\":\"Organization\",\"@id\":\"https:\/\/vapebulkp.com\/#organization\",\"name\":\"vapebulkp.com\",\"url\":\"https:\/\/vapebulkp.com\/\",\"logo\":{\"@type\":\"ImageObject\",\"inLanguage\":\"pl-PL\",\"@id\":\"https:\/\/vapebulkp.com\/#\/schema\/logo\/image\/\",\"url\":\"https:\/\/vapebulkp.com\/wp-content\/uploads\/2023\/09\/cropped-vapebulkp.png\",\"contentUrl\":\"https:\/\/vapebulkp.com\/wp-content\/uploads\/2023\/09\/cropped-vapebulkp.png\",\"width\":516,\"height\":163,\"caption\":\"vapebulkp.com\"},\"image\":{\"@id\":\"https:\/\/vapebulkp.com\/#\/schema\/logo\/image\/\"}}]}<\/script>\n<!-- \/ Yoast SEO plugin. -->","yoast_head_json":{"title":"Top Sale Vape VAPME CROWN BAR 18000 Puffs PRO MAX - vapebulkp.com","description":"Hot Sale Vapme Crown Bar 18000 puffs disposable vape, unique model, 12 flavors for you to choose from, you won\u2019t be able to put it down.","robots":{"index":"index","follow":"follow","max-snippet":"max-snippet:-1","max-image-preview":"max-image-preview:large","max-video-preview":"max-video-preview:-1"},"canonical":"https:\/\/vapebulkp.com\/pl\/product\/top-sale-vape-vapme-crown-bar-18000-puffs-pro-max\/","og_locale":"pl_PL","og_type":"article","og_title":"Top Sale Vape VAPME CROWN BAR 18000 Puffs PRO MAX - vapebulkp.com","og_description":"Hot Sale Vapme Crown Bar 18000 puffs disposable vape, unique model, 12 flavors for you to choose from, you won\u2019t be able to put it down.","og_url":"https:\/\/vapebulkp.com\/pl\/product\/top-sale-vape-vapme-crown-bar-18000-puffs-pro-max\/","og_site_name":"vapebulkp.com","article_modified_time":"2025-09-24T03:41:45+00:00","og_image":[{"width":730,"height":730,"url":"http:\/\/vapebulkp.com\/wp-content\/uploads\/2024\/04\/VAPME-CROWN-BAR-18000-PRO-MAX-Top-Sale.png","type":"image\/png"}],"twitter_card":"summary_large_image","twitter_misc":{"Szacowany czas czytania":"4 minuty"},"schema":{"@context":"https:\/\/schema.org","@graph":[{"@type":"WebPage","@id":"https:\/\/vapebulkp.com\/product\/top-sale-vape-vapme-crown-bar-18000-puffs-pro-max\/","url":"https:\/\/vapebulkp.com\/product\/top-sale-vape-vapme-crown-bar-18000-puffs-pro-max\/","name":"Top Sale Vape VAPME CROWN BAR 18000 Puffs PRO MAX - vapebulkp.com","isPartOf":{"@id":"https:\/\/vapebulkp.com\/#website"},"datePublished":"2024-04-17T09:30:52+00:00","dateModified":"2025-09-24T03:41:45+00:00","description":"Hot Sale Vapme Crown Bar 18000 puffs disposable vape, unique model, 12 flavors for you to choose from, you won\u2019t be able to put it down.","breadcrumb":{"@id":"https:\/\/vapebulkp.com\/product\/top-sale-vape-vapme-crown-bar-18000-puffs-pro-max\/#breadcrumb"},"inLanguage":"pl-PL","potentialAction":[{"@type":"ReadAction","target":["https:\/\/vapebulkp.com\/product\/top-sale-vape-vapme-crown-bar-18000-puffs-pro-max\/"]}]},{"@type":"BreadcrumbList","@id":"https:\/\/vapebulkp.com\/product\/top-sale-vape-vapme-crown-bar-18000-puffs-pro-max\/#breadcrumb","itemListElement":[{"@type":"ListItem","position":1,"name":"Home","item":"https:\/\/vapebulkp.com\/"},{"@type":"ListItem","position":2,"name":"Hot Trend Vapes","item":"https:\/\/vapebulkp.com\/vape-shop\/"},{"@type":"ListItem","position":3,"name":"Top Sale Vape VAPME CROWN BAR 18000 Puffs PRO MAX"}]},{"@type":"WebSite","@id":"https:\/\/vapebulkp.com\/#website","url":"https:\/\/vapebulkp.com\/","name":"vapebulkp.com","description":"Buy Vape In Cheap Bulk Price Near you","publisher":{"@id":"https:\/\/vapebulkp.com\/#organization"},"potentialAction":[{"@type":"SearchAction","target":{"@type":"EntryPoint","urlTemplate":"https:\/\/vapebulkp.com\/?s={search_term_string}"},"query-input":"required name=search_term_string"}],"inLanguage":"pl-PL"},{"@type":"Organization","@id":"https:\/\/vapebulkp.com\/#organization","name":"vapebulkp.com","url":"https:\/\/vapebulkp.com\/","logo":{"@type":"ImageObject","inLanguage":"pl-PL","@id":"https:\/\/vapebulkp.com\/#\/schema\/logo\/image\/","url":"https:\/\/vapebulkp.com\/wp-content\/uploads\/2023\/09\/cropped-vapebulkp.png","contentUrl":"https:\/\/vapebulkp.com\/wp-content\/uploads\/2023\/09\/cropped-vapebulkp.png","width":516,"height":163,"caption":"vapebulkp.com"},"image":{"@id":"https:\/\/vapebulkp.com\/#\/schema\/logo\/image\/"}}]}},"uagb_featured_image_src":{"full":["https:\/\/vapebulkp.com\/wp-content\/uploads\/2024\/04\/VAPME-CROWN-BAR-18000-PRO-MAX-Top-Sale.png",730,730,false],"thumbnail":["https:\/\/vapebulkp.com\/wp-content\/uploads\/2024\/04\/VAPME-CROWN-BAR-18000-PRO-MAX-Top-Sale-150x150.png",150,150,true],"medium":["https:\/\/vapebulkp.com\/wp-content\/uploads\/2024\/04\/VAPME-CROWN-BAR-18000-PRO-MAX-Top-Sale-300x300.png",300,300,true],"medium_large":["https:\/\/vapebulkp.com\/wp-content\/uploads\/2024\/04\/VAPME-CROWN-BAR-18000-PRO-MAX-Top-Sale.png",730,730,false],"large":["https:\/\/vapebulkp.com\/wp-content\/uploads\/2024\/04\/VAPME-CROWN-BAR-18000-PRO-MAX-Top-Sale.png",730,730,false],"1536x1536":["https:\/\/vapebulkp.com\/wp-content\/uploads\/2024\/04\/VAPME-CROWN-BAR-18000-PRO-MAX-Top-Sale.png",730,730,false],"2048x2048":["https:\/\/vapebulkp.com\/wp-content\/uploads\/2024\/04\/VAPME-CROWN-BAR-18000-PRO-MAX-Top-Sale.png",730,730,false],"trp-custom-language-flag":["https:\/\/vapebulkp.com\/wp-content\/uploads\/2024\/04\/VAPME-CROWN-BAR-18000-PRO-MAX-Top-Sale.png",12,12,false],"woocommerce_thumbnail":["https:\/\/vapebulkp.com\/wp-content\/uploads\/2024\/04\/VAPME-CROWN-BAR-18000-PRO-MAX-Top-Sale-300x300.png",300,300,true],"woocommerce_single":["https:\/\/vapebulkp.com\/wp-content\/uploads\/2024\/04\/VAPME-CROWN-BAR-18000-PRO-MAX-Top-Sale-600x600.png",600,600,true],"woocommerce_gallery_thumbnail":["https:\/\/vapebulkp.com\/wp-content\/uploads\/2024\/04\/VAPME-CROWN-BAR-18000-PRO-MAX-Top-Sale-100x100.png",100,100,true],"wcpr-photo-reviews":["https:\/\/vapebulkp.com\/wp-content\/uploads\/2024\/04\/VAPME-CROWN-BAR-18000-PRO-MAX-Top-Sale.png",500,500,false]},"uagb_author_info":{"display_name":"Mandy vape bulk price","author_link":"https:\/\/vapebulkp.com\/pl\/author\/"},"uagb_comment_info":0,"uagb_excerpt":"Top Sale Vape Vapme Crown Bar 18000 puffs Pro Max this week\uff01 Pls Contact Mandy's WhatsApp For Discount Price+8618077105796 NOTE: Prices on our website does not include shipping costs &nbsp;","_links":{"self":[{"href":"https:\/\/vapebulkp.com\/pl\/wp-json\/wp\/v2\/product\/2164","targetHints":{"allow":["GET"]}}],"collection":[{"href":"https:\/\/vapebulkp.com\/pl\/wp-json\/wp\/v2\/product"}],"about":[{"href":"https:\/\/vapebulkp.com\/pl\/wp-json\/wp\/v2\/types\/product"}],"replies":[{"embeddable":true,"href":"https:\/\/vapebulkp.com\/pl\/wp-json\/wp\/v2\/comments?post=2164"}],"wp:featuredmedia":[{"embeddable":true,"href":"https:\/\/vapebulkp.com\/pl\/wp-json\/wp\/v2\/media\/2162"}],"wp:attachment":[{"href":"https:\/\/vapebulkp.com\/pl\/wp-json\/wp\/v2\/media?parent=2164"}],"wp:term":[{"taxonomy":"product_cat","embeddable":true,"href":"https:\/\/vapebulkp.com\/pl\/wp-json\/wp\/v2\/product_cat?post=2164"},{"taxonomy":"product_tag","embeddable":true,"href":"https:\/\/vapebulkp.com\/pl\/wp-json\/wp\/v2\/product_tag?post=2164"}],"curies":[{"name":"wp","href":"https:\/\/api.w.org\/{rel}","templated":true}]}}