{"id":2177,"date":"2024-04-18T04:55:38","date_gmt":"2024-04-18T02:55:38","guid":{"rendered":"https:\/\/vapebulkp.com\/?post_type=product&#038;p=2177"},"modified":"2025-09-24T05:41:31","modified_gmt":"2025-09-24T03:41:31","slug":"bang-with-a-vape-gear-20000-puffs-discount-price","status":"publish","type":"product","link":"https:\/\/vapebulkp.com\/pl\/product\/bang-with-a-vape-gear-20000-puffs-discount-price\/","title":{"rendered":"Bang With A Vape Gear 20000 Puffs Cena promocyjna"},"content":{"rendered":"<h2 style=\"text-align: left\">Bang With A Vape Gear 20000 Puffs Cena promocyjna<\/h2>\n<p>Bang With A Vape Gear 20000 Zaci\u0105gni\u0119\u0107 w Wyj\u0105tkowej Cenie Promocyjnej! To wysokiej jako\u015bci jednorazowe urz\u0105dzenie do wapowania podnosi Twoje do\u015bwiadczenie z wapowania dzi\u0119ki najnowocze\u015bniejszym funkcjom i niezr\u00f3wnanej wygodzie. Zaprojektowane dla wymagaj\u0105cych waper\u00f3w, oferuje imponuj\u0105c\u0105 <strong>pojemno\u015b\u0107 25 ml e-liquidu<\/strong> oraz wyb\u00f3r z <strong>12 wyrafinowanych smak\u00f3w<\/strong>, starannie stworzonych, aby dostarcza\u0107 bogat\u0105 i satysfakcjonuj\u0105c\u0105 par\u0119.<\/p>\n<p>Wyposa\u017cone w <strong>inteligentny wska\u017anik poziomu baterii i e-liquidu<\/strong>, to urz\u0105dzenie zapewnia, \u017ce zawsze jeste\u015b poinformowany i masz kontrol\u0119, unikaj\u0105c przerw podczas sesji wapowania. Dzi\u0119ki swojemu <strong>eleganckiemu designowi<\/strong> i <strong>i \u0142atwej obs\u0142udze<\/strong>, Bang Vape Gear 20000 Zaci\u0105gni\u0119\u0107 jest idealny zar\u00f3wno do codziennego u\u017cytku, jak i na okazje towarzyskie. Jego <strong>wysoka wydajno\u015b\u0107<\/strong> gwarantuje d\u0142ugotrwa\u0142\u0105 przyjemno\u015b\u0107, co czyni go idealnym do podr\u00f3\u017cy lub d\u0142u\u017cszego u\u017cytkowania.<\/p>\n<p>Wyposa\u017cony w <strong>technologi\u0119 siatkowej grza\u0142ki high-end<\/strong>, urz\u0105dzenie zapewnia sp\u00f3jne dostarczanie smaku i p\u0142ynn\u0105 produkcj\u0119 pary z ka\u017cdym zaci\u0105gni\u0119ciem. Niezale\u017cnie od tego, czy wolisz profile owocowe, mi\u0119towe czy deserowe, ten\u00a0 <a href=\"https:\/\/vapebulkp.com\/pl\/product-category\/20000-puffs-disposable-vape\/\"><strong>20000 zaci\u0105gni\u0119\u0107 jednorazowy e-papieros<\/strong><\/a> zaspokoi wszystkie preferencje. Ciesz si\u0119 <strong>doskona\u0142e doznania z vapingu<\/strong> i na nowo zdefiniuj sw\u00f3j styl z Bang Vape Gear 20000 Puffs \u2014 wyrafinowany wyb\u00f3r dla nowoczesnego vapera.<\/p>\n<p><img decoding=\"async\" class=\"alignnone wp-image-2172\" src=\"http:\/\/vapebulkp.com\/wp-content\/uploads\/2024\/04\/Bang-Vape-20k-Vape-Wholesale-Discount-2.jpg\" alt=\"Bang Vape 20k Vape Hurtowa Promocja\" width=\"438\" height=\"713\" srcset=\"https:\/\/vapebulkp.com\/wp-content\/uploads\/2024\/04\/Bang-Vape-20k-Vape-Wholesale-Discount-2.jpg 1080w, https:\/\/vapebulkp.com\/wp-content\/uploads\/2024\/04\/Bang-Vape-20k-Vape-Wholesale-Discount-2-184x300.jpg 184w, https:\/\/vapebulkp.com\/wp-content\/uploads\/2024\/04\/Bang-Vape-20k-Vape-Wholesale-Discount-2-629x1024.jpg 629w, https:\/\/vapebulkp.com\/wp-content\/uploads\/2024\/04\/Bang-Vape-20k-Vape-Wholesale-Discount-2-768x1249.jpg 768w, https:\/\/vapebulkp.com\/wp-content\/uploads\/2024\/04\/Bang-Vape-20k-Vape-Wholesale-Discount-2-944x1536.jpg 944w, https:\/\/vapebulkp.com\/wp-content\/uploads\/2024\/04\/Bang-Vape-20k-Vape-Wholesale-Discount-2-600x976.jpg 600w\" sizes=\"(max-width: 438px) 100vw, 438px\" \/><\/p>\n<h6>Skontaktuj si\u0119 z WhatsApp Mandy, aby uzyska\u0107 cen\u0119 ze zni\u017ck\u0105<a href=\"https:\/\/wa.me\/8618077105796\">+8618077105796<\/a><\/h6>\n<p><img decoding=\"async\" class=\"alignnone wp-image-2151\" src=\"http:\/\/vapebulkp.com\/wp-content\/uploads\/2024\/04\/Mandy-WhatsApp-Randm.jpg\" alt=\"WhatsApp Mandy Randm\" width=\"324\" height=\"330\" \/><\/p>\n<h2>Pomy\u015bleli\u015bmy, \u017ce mo\u017cesz chcie\u0107 wiedzie\u0107 o jednorazowym waporyzatorze Bang 20000Puffs:<\/h2>\n<h5>1. Jak u\u017cywa\u0107 Bang z waporyzatorem 20k Puffs Vape Pen?<\/h5>\n<p>Krok 1. Przed u\u017cyciem 20k Puffs wyci\u0105gnij plastikow\u0105 rurk\u0119.<\/p>\n<p>Krok 2. Odczekaj oko\u0142o 3 minut, aby p\u0142yn dosta\u0142 si\u0119 do spirali wewn\u0105trz.<\/p>\n<p>Krok 3. Ciesz si\u0119<\/p>\n<h5>2. Jak na\u0142adowa\u0107 jednorazowy waporyzator Bang 20k Puffs?<\/h5>\n<p>Nie mo\u017cna u\u017cywa\u0107 \u0142adowarek do szybkiego \u0142adowania, a standardowa bezpieczna moc jednorazowych e-papieros\u00f3w to 5V 1A.<\/p>\n<p>Ka\u017cdy czas \u0142adowania nie mo\u017ce przekroczy\u0107 1 godziny, a bezpieczny czas \u0142adowania to p\u00f3\u0142 godziny.<\/p>\n<p><span style=\"color: #ff6600\">Uwaga: nie mo\u017cna \u0142adowa\u0107 przez ca\u0142\u0105 noc!<\/span><\/p>\n<h5>3. Jaka jest pojemno\u015b\u0107 e-liquidu w Bang 20000 Puffs WAPE?<\/h5>\n<p>\u2014\u201425 ml<\/p>\n<h5>4. Ile zaci\u0105gni\u0119\u0107 mog\u0119 wzi\u0105\u0107 z tego Bang z waporyzatorem 20k Puffs?<\/h5>\n<p>\u2014\u201320k zaci\u0105gni\u0119\u0107<\/p>\n<h3>Bang z waporyzatorem 20000 Puffs Jednorazowy Pod Cechy:<\/h3>\n<ul>\n<li>Zaci\u0105gni\u0119cia: DO 20000 zaci\u0105gni\u0119\u0107<\/li>\n<li>\u00a0P\u0142yn: 25 ml wst\u0119pnie nape\u0142nionego kartrid\u017ca e-liquidem<\/li>\n<li>Nikotyna: 2\/5% s\u00f3l nikotynowa<\/li>\n<li>\u00a0Typy: Jednorazowy<\/li>\n<li>\u00a0Bateria 500 mAh<\/li>\n<li>Ekran LED<\/li>\n<li>\u00a0Kabel do \u0142adowania USB-C<\/li>\n<li>\u00a012 dost\u0119pnych smak\u00f3w<\/li>\n<\/ul>\n<p>&nbsp;<\/p>\n<h3><strong>\u00a0Dobra jednorazowa waper Bang z list\u0105 smak\u00f3w na 20 tys. zaci\u0105gni\u0119\u0107:<\/strong><\/h3>\n<p>1. Truskawka mango<br \/>\n2. Nap\u00f3j energetyczny<br \/>\n3. Lemoniada z bor\u00f3wk\u0105 i wi\u015bni\u0105<br \/>\n4. L\u00f3d z czarnego smoka<br \/>\n5. Brzoskwiniowy l\u00f3d<br \/>\n6. Truskawka Banan<br \/>\n7. Mieszane Owoce<br \/>\n8. Jagodowy L\u00f3d<br \/>\n9. Arbuzowy L\u00f3d<br \/>\n10. Truskawka Kiwi<br \/>\n11. Jagoda Malina<br \/>\n12. Truskawka Arbuz<\/p>\n<p><a href=\"https:\/\/vapebulkp.com\/pl\/product\/popular-randm-tornado-7000puffs-disposable-vape-best-price\/\"><span style=\"vertical-align: inherit\">RandM Tornado 7000 zaci\u0105gni\u0119\u0107 <\/span><\/a><\/p>\n<p><span style=\"vertical-align: inherit\">Znajd\u017a wi\u0119cej produkt\u00f3w, kt\u00f3re mog\u0105 Ci si\u0119 spodoba\u0107:<\/span><em><a href=\"https:\/\/wa.me\/8618077105796\"><span style=\"vertical-align: inherit\">\u00a0Kup teraz<\/span><\/a><\/em><\/p>\n<p><span style=\"vertical-align: inherit\">Inne Puffs, kt\u00f3re mog\u0105 Ci si\u0119 spodoba\u0107:<\/span><a href=\"https:\/\/vapebulkp.com\/pl\/product\/top-sale-vape-vapme-crown-bar-18000-puffs-pro-max\/\"><span style=\"vertical-align: inherit\">Vapme Crown Bar 18000 zaci\u0105gni\u0119\u0107<\/span><\/a><span style=\"vertical-align: inherit\">\u3001<\/span><a href=\"https:\/\/vapebulkp.com\/pl\/product\/wholesale-randm-tornado-9000-puffs-germany\/\"><span style=\"vertical-align: inherit\">RandM 9000 zaci\u0105gni\u0119\u0107<\/span><\/a><span style=\"vertical-align: inherit\">\/ <\/span><a href=\"https:\/\/vapebulkp.com\/pl\/product\/bang-king-12000puffs\/\"><span style=\"vertical-align: inherit\">Bang King 12000 zaci\u0105gni\u0119\u0107<\/span><\/a><span style=\"vertical-align: inherit\">\/ <\/span><a href=\"https:\/\/vapebulkp.com\/pl\/product\/wholesale-tornado-rum-bar-9000-puffs-sweden\/\"><span style=\"vertical-align: inherit\">Rumbar 9000 zaci\u0105gni\u0119\u0107<\/span><\/a><\/p>\n<p><span style=\"vertical-align: inherit\">E-papieros o specjalnym kszta\u0142cie butelki:<\/span><a href=\"https:\/\/vapebulkp.com\/pl\/product\/original-vape-bang-tn-12000-puffs-bang-vape\/\"><span style=\"vertical-align: inherit\"> Bang TN 12000 zaci\u0105gni\u0119\u0107<\/span><\/a><span style=\"vertical-align: inherit\">\/ <\/span><a href=\"https:\/\/vapebulkp.com\/pl\/product\/best-price-vape-randm-15000-puffs-good-vape\/\"><span style=\"vertical-align: inherit\">\u00a0Randm 150000 zaci\u0105gni\u0119\u0107 <\/span><\/a><span style=\"vertical-align: inherit\">\/<\/span><a href=\"https:\/\/vapebulkp.com\/pl\/product\/bang-tornado-12000-puffs-rechargeable-disposable-pod\/\"><span style=\"vertical-align: inherit\"> Bang Tornado 12000 zaci\u0105gni\u0119\u0107<\/span><\/a><\/p>\n<h5>Kwalifikacja produkcyjna:<\/h5>\n<p><img decoding=\"async\" class=\"alignnone size-full wp-image-1841\" src=\"http:\/\/vapebulkp.com\/wp-content\/uploads\/2023\/11\/Vape-production-process-2.jpeg\" alt=\"Proces produkcji vape\" width=\"650\" height=\"434\" srcset=\"https:\/\/vapebulkp.com\/wp-content\/uploads\/2023\/11\/Vape-production-process-2.jpeg 650w, https:\/\/vapebulkp.com\/wp-content\/uploads\/2023\/11\/Vape-production-process-2-300x200.jpeg 300w, https:\/\/vapebulkp.com\/wp-content\/uploads\/2023\/11\/Vape-production-process-2-600x401.jpeg 600w\" sizes=\"(max-width: 650px) 100vw, 650px\" \/><\/p>\n<p><img decoding=\"async\" class=\"alignnone size-full wp-image-1843\" src=\"http:\/\/vapebulkp.com\/wp-content\/uploads\/2023\/11\/Vape-production-process.jpeg\" alt=\"Proces produkcji vape\" width=\"641\" height=\"1026\" srcset=\"https:\/\/vapebulkp.com\/wp-content\/uploads\/2023\/11\/Vape-production-process.jpeg 641w, https:\/\/vapebulkp.com\/wp-content\/uploads\/2023\/11\/Vape-production-process-187x300.jpeg 187w, https:\/\/vapebulkp.com\/wp-content\/uploads\/2023\/11\/Vape-production-process-640x1024.jpeg 640w, https:\/\/vapebulkp.com\/wp-content\/uploads\/2023\/11\/Vape-production-process-600x960.jpeg 600w\" sizes=\"(max-width: 641px) 100vw, 641px\" \/><\/p>\n<h5>Najcz\u0119\u015bciej zadawane pytania:<\/h5>\n<p>P: Jaka jest minimalna ilo\u015b\u0107 zam\u00f3wienia (MOQ) dla e-papierosa Bang 20000 Puffs?<br \/>\nO: Minimalne zam\u00f3wienie to 100 sztuk.<br \/>\nP: Jaki jest czas dostawy zam\u00f3wionego e-papierosa?<br \/>\nO: Zwykle trwa to 10-15 dni od wysy\u0142ki<br \/>\nP: Ile kosztuje wysy\u0142ka?O: Koszt wysy\u0142ki zale\u017cy od wagi. R\u00f3\u017cne ilo\u015bci maj\u0105 r\u00f3\u017cne koszty wysy\u0142ki, prosimy o kontakt w celu ich potwierdzenia.<\/p>\n<h4>Szczeg\u00f3\u0142y wysy\u0142ki:<\/h4>\n<p><span style=\"color: #ff6600\">Czas produkcji: 5-10 dni roboczych<\/span><br \/>\n<span style=\"color: #ff6600\">Czas wysy\u0142ki: 8-14 dni roboczych<\/span><\/p>\n<p>Wszystkie produkty w naszym sklepie s\u0105 w 100% oryginalne i autentyczne, dlatego polityk\u0105 naszego sklepu jest dziesi\u0119ciokrotne odszkodowanie za podrobione towary. Do dostarczania towar\u00f3w u\u017cywamy kana\u0142\u00f3w logistycznych, takich jak UPS\/DHL\/FEDEX\/DPD.<\/p>\n<p>W przypadku paczek wysy\u0142anych do Polski dostawa trwa zwykle 10 dni roboczych. Wysy\u0142ka do kraj\u00f3w europejskich trwa zwykle od 12 do 15 dni roboczych. B\u0119dziemy aktualizowa\u0107 dla Ciebie informacje logistyczne w czasie rzeczywistym.<\/p>","protected":false},"excerpt":{"rendered":"<p>Nowo wprowadzony na rynek Bang with a vape 20k zaci\u0105gni\u0119\u0107, najlepiej sprzedaj\u0105cy si\u0119 styl<\/p>\n<p>Skontaktuj si\u0119 z WhatsApp Mandy, aby uzyska\u0107 cen\u0119 ze zni\u017ck\u0105<a href=\"https:\/\/wa.me\/8618077105796\">+8618077105796<\/a><\/p>\n<p><img decoding=\"async\" class=\"alignnone wp-image-2151\" src=\"http:\/\/vapebulkp.com\/wp-content\/uploads\/2024\/04\/Mandy-WhatsApp-Randm.jpg\" alt=\"WhatsApp Mandy Randm\" width=\"297\" height=\"316\" srcset=\"https:\/\/vapebulkp.com\/wp-content\/uploads\/2024\/04\/Mandy-WhatsApp-Randm.jpg 916w, https:\/\/vapebulkp.com\/wp-content\/uploads\/2024\/04\/Mandy-WhatsApp-Randm-282x300.jpg 282w, https:\/\/vapebulkp.com\/wp-content\/uploads\/2024\/04\/Mandy-WhatsApp-Randm-768x817.jpg 768w, https:\/\/vapebulkp.com\/wp-content\/uploads\/2024\/04\/Mandy-WhatsApp-Randm-600x638.jpg 600w\" sizes=\"(max-width: 297px) 100vw, 297px\" \/><\/p>\n<p><span style=\"color: #ff0000\">UWAGA: Ceny na naszej stronie internetowej nie zawieraj\u0105 koszt\u00f3w wysy\u0142ki<\/span><\/p>\n<p>&nbsp;<\/p>","protected":false},"featured_media":2165,"comment_status":"open","ping_status":"closed","template":"","meta":{"_uag_custom_page_level_css":"","_lmt_disableupdate":"no","_lmt_disable":"","site-sidebar-layout":"default","site-content-layout":"content-boxed-container","ast-site-content-layout":"normal-width-container","site-content-style":"boxed","site-sidebar-style":"unboxed","ast-global-header-display":"","ast-banner-title-visibility":"","ast-main-header-display":"","ast-hfb-above-header-display":"","ast-hfb-below-header-display":"","ast-hfb-mobile-header-display":"","site-post-title":"","ast-breadcrumbs-content":"","ast-featured-img":"","footer-sml-layout":"","theme-transparent-header-meta":"default","adv-header-id-meta":"","stick-header-meta":"","header-above-stick-meta":"","header-main-stick-meta":"","header-below-stick-meta":"","astra-migrate-meta-layouts":"set","_joinchat":[]},"product_cat":[162,153,345,155,33,59,100,34,158,157,154,152,58,84,156,63,32],"product_tag":[109,36,37,41,40],"class_list":["post-2177","product","type-product","status-publish","has-post-thumbnail","hentry","product_cat-20000-puffs-disposable-vape","product_cat-hot-disposable-vapes","product_cat-bang-vapes","product_cat-belgium-hot-disposable-vapes","product_cat-france-vape-hot-sale","product_cat-germany-hot-disposable-vape","product_cat-germany-wholesale-vape-shop","product_cat-netherlands-vape-good-sale","product_cat-norway-hot-disposable-vapes","product_cat-poland-hot-disposable-vapes","product_cat-portugal-hot-disposable-vapes","product_cat-spain-hot-disposable-vapes","product_cat-sweden-hot-disposable-vape","product_cat-sweden-wholesale-vape","product_cat-switzerland-hot-disposable-vapes","product_cat-top-sale-disposable-vape","product_cat-vape-hot-sale-this-week","product_tag-20000-puffs","product_tag-good-vape","product_tag-hot-sale-disposable-vape","product_tag-poland-hot-vape","product_tag-sweden-hot-vape","pa_brand-bang-king-vape","desktop-align-left","tablet-align-left","mobile-align-left"],"yoast_head":"<!-- This site is optimized with the Yoast SEO plugin v21.1 - https:\/\/yoast.com\/wordpress\/plugins\/seo\/ -->\n<title>Bang With A Vape Gear 20000 Puffs Discount Price - vapebulkp.com<\/title>\n<meta name=\"description\" content=\"Bang With A Vape 20000 puffs Hot Vape, that offers an unmatched flavor experience with its innovative design. Fall in love with vaping all over again as you explore what this new model has to offer.\" \/>\n<meta name=\"robots\" content=\"index, follow, max-snippet:-1, max-image-preview:large, max-video-preview:-1\" \/>\n<link rel=\"canonical\" href=\"https:\/\/vapebulkp.com\/pl\/product\/bang-with-a-vape-gear-20000-puffs-discount-price\/\" \/>\n<meta property=\"og:locale\" content=\"pl_PL\" \/>\n<meta property=\"og:type\" content=\"article\" \/>\n<meta property=\"og:title\" content=\"Bang With A Vape Gear 20000 Puffs Discount Price - vapebulkp.com\" \/>\n<meta property=\"og:description\" content=\"Bang With A Vape 20000 puffs Hot Vape, that offers an unmatched flavor experience with its innovative design. Fall in love with vaping all over again as you explore what this new model has to offer.\" \/>\n<meta property=\"og:url\" content=\"https:\/\/vapebulkp.com\/pl\/product\/bang-with-a-vape-gear-20000-puffs-discount-price\/\" \/>\n<meta property=\"og:site_name\" content=\"vapebulkp.com\" \/>\n<meta property=\"article:modified_time\" content=\"2025-09-24T03:41:31+00:00\" \/>\n<meta property=\"og:image\" content=\"http:\/\/vapebulkp.com\/wp-content\/uploads\/2024\/04\/Bang-Bar-20000-Puffs-Discount-Price.jpg\" \/>\n\t<meta property=\"og:image:width\" content=\"1000\" \/>\n\t<meta property=\"og:image:height\" content=\"1000\" \/>\n\t<meta property=\"og:image:type\" content=\"image\/jpeg\" \/>\n<meta name=\"twitter:card\" content=\"summary_large_image\" \/>\n<meta name=\"twitter:label1\" content=\"Szacowany czas czytania\" \/>\n\t<meta name=\"twitter:data1\" content=\"4 minuty\" \/>\n<script type=\"application\/ld+json\" class=\"yoast-schema-graph\">{\"@context\":\"https:\/\/schema.org\",\"@graph\":[{\"@type\":\"WebPage\",\"@id\":\"https:\/\/vapebulkp.com\/product\/bang-with-a-vape-gear-20000-puffs-discount-price\/\",\"url\":\"https:\/\/vapebulkp.com\/product\/bang-with-a-vape-gear-20000-puffs-discount-price\/\",\"name\":\"Bang With A Vape Gear 20000 Puffs Discount Price - vapebulkp.com\",\"isPartOf\":{\"@id\":\"https:\/\/vapebulkp.com\/#website\"},\"datePublished\":\"2024-04-18T02:55:38+00:00\",\"dateModified\":\"2025-09-24T03:41:31+00:00\",\"description\":\"Bang With A Vape 20000 puffs Hot Vape, that offers an unmatched flavor experience with its innovative design. Fall in love with vaping all over again as you explore what this new model has to offer.\",\"breadcrumb\":{\"@id\":\"https:\/\/vapebulkp.com\/product\/bang-with-a-vape-gear-20000-puffs-discount-price\/#breadcrumb\"},\"inLanguage\":\"pl-PL\",\"potentialAction\":[{\"@type\":\"ReadAction\",\"target\":[\"https:\/\/vapebulkp.com\/product\/bang-with-a-vape-gear-20000-puffs-discount-price\/\"]}]},{\"@type\":\"BreadcrumbList\",\"@id\":\"https:\/\/vapebulkp.com\/product\/bang-with-a-vape-gear-20000-puffs-discount-price\/#breadcrumb\",\"itemListElement\":[{\"@type\":\"ListItem\",\"position\":1,\"name\":\"Home\",\"item\":\"https:\/\/vapebulkp.com\/\"},{\"@type\":\"ListItem\",\"position\":2,\"name\":\"Hot Trend Vapes\",\"item\":\"https:\/\/vapebulkp.com\/vape-shop\/\"},{\"@type\":\"ListItem\",\"position\":3,\"name\":\"Bang With A Vape Gear 20000 Puffs Discount Price\"}]},{\"@type\":\"WebSite\",\"@id\":\"https:\/\/vapebulkp.com\/#website\",\"url\":\"https:\/\/vapebulkp.com\/\",\"name\":\"vapebulkp.com\",\"description\":\"Buy Vape In Cheap Bulk Price Near you\",\"publisher\":{\"@id\":\"https:\/\/vapebulkp.com\/#organization\"},\"potentialAction\":[{\"@type\":\"SearchAction\",\"target\":{\"@type\":\"EntryPoint\",\"urlTemplate\":\"https:\/\/vapebulkp.com\/?s={search_term_string}\"},\"query-input\":\"required name=search_term_string\"}],\"inLanguage\":\"pl-PL\"},{\"@type\":\"Organization\",\"@id\":\"https:\/\/vapebulkp.com\/#organization\",\"name\":\"vapebulkp.com\",\"url\":\"https:\/\/vapebulkp.com\/\",\"logo\":{\"@type\":\"ImageObject\",\"inLanguage\":\"pl-PL\",\"@id\":\"https:\/\/vapebulkp.com\/#\/schema\/logo\/image\/\",\"url\":\"https:\/\/vapebulkp.com\/wp-content\/uploads\/2023\/09\/cropped-vapebulkp.png\",\"contentUrl\":\"https:\/\/vapebulkp.com\/wp-content\/uploads\/2023\/09\/cropped-vapebulkp.png\",\"width\":516,\"height\":163,\"caption\":\"vapebulkp.com\"},\"image\":{\"@id\":\"https:\/\/vapebulkp.com\/#\/schema\/logo\/image\/\"}}]}<\/script>\n<!-- \/ Yoast SEO plugin. -->","yoast_head_json":{"title":"Bang With A Vape Gear 20000 Puffs Discount Price - vapebulkp.com","description":"Bang With A Vape 20000 puffs Hot Vape, that offers an unmatched flavor experience with its innovative design. Fall in love with vaping all over again as you explore what this new model has to offer.","robots":{"index":"index","follow":"follow","max-snippet":"max-snippet:-1","max-image-preview":"max-image-preview:large","max-video-preview":"max-video-preview:-1"},"canonical":"https:\/\/vapebulkp.com\/pl\/product\/bang-with-a-vape-gear-20000-puffs-discount-price\/","og_locale":"pl_PL","og_type":"article","og_title":"Bang With A Vape Gear 20000 Puffs Discount Price - vapebulkp.com","og_description":"Bang With A Vape 20000 puffs Hot Vape, that offers an unmatched flavor experience with its innovative design. Fall in love with vaping all over again as you explore what this new model has to offer.","og_url":"https:\/\/vapebulkp.com\/pl\/product\/bang-with-a-vape-gear-20000-puffs-discount-price\/","og_site_name":"vapebulkp.com","article_modified_time":"2025-09-24T03:41:31+00:00","og_image":[{"width":1000,"height":1000,"url":"http:\/\/vapebulkp.com\/wp-content\/uploads\/2024\/04\/Bang-Bar-20000-Puffs-Discount-Price.jpg","type":"image\/jpeg"}],"twitter_card":"summary_large_image","twitter_misc":{"Szacowany czas czytania":"4 minuty"},"schema":{"@context":"https:\/\/schema.org","@graph":[{"@type":"WebPage","@id":"https:\/\/vapebulkp.com\/product\/bang-with-a-vape-gear-20000-puffs-discount-price\/","url":"https:\/\/vapebulkp.com\/product\/bang-with-a-vape-gear-20000-puffs-discount-price\/","name":"Bang With A Vape Gear 20000 Puffs Discount Price - vapebulkp.com","isPartOf":{"@id":"https:\/\/vapebulkp.com\/#website"},"datePublished":"2024-04-18T02:55:38+00:00","dateModified":"2025-09-24T03:41:31+00:00","description":"Bang With A Vape 20000 puffs Hot Vape, that offers an unmatched flavor experience with its innovative design. Fall in love with vaping all over again as you explore what this new model has to offer.","breadcrumb":{"@id":"https:\/\/vapebulkp.com\/product\/bang-with-a-vape-gear-20000-puffs-discount-price\/#breadcrumb"},"inLanguage":"pl-PL","potentialAction":[{"@type":"ReadAction","target":["https:\/\/vapebulkp.com\/product\/bang-with-a-vape-gear-20000-puffs-discount-price\/"]}]},{"@type":"BreadcrumbList","@id":"https:\/\/vapebulkp.com\/product\/bang-with-a-vape-gear-20000-puffs-discount-price\/#breadcrumb","itemListElement":[{"@type":"ListItem","position":1,"name":"Home","item":"https:\/\/vapebulkp.com\/"},{"@type":"ListItem","position":2,"name":"Hot Trend Vapes","item":"https:\/\/vapebulkp.com\/vape-shop\/"},{"@type":"ListItem","position":3,"name":"Bang With A Vape Gear 20000 Puffs Discount Price"}]},{"@type":"WebSite","@id":"https:\/\/vapebulkp.com\/#website","url":"https:\/\/vapebulkp.com\/","name":"vapebulkp.com","description":"Buy Vape In Cheap Bulk Price Near you","publisher":{"@id":"https:\/\/vapebulkp.com\/#organization"},"potentialAction":[{"@type":"SearchAction","target":{"@type":"EntryPoint","urlTemplate":"https:\/\/vapebulkp.com\/?s={search_term_string}"},"query-input":"required name=search_term_string"}],"inLanguage":"pl-PL"},{"@type":"Organization","@id":"https:\/\/vapebulkp.com\/#organization","name":"vapebulkp.com","url":"https:\/\/vapebulkp.com\/","logo":{"@type":"ImageObject","inLanguage":"pl-PL","@id":"https:\/\/vapebulkp.com\/#\/schema\/logo\/image\/","url":"https:\/\/vapebulkp.com\/wp-content\/uploads\/2023\/09\/cropped-vapebulkp.png","contentUrl":"https:\/\/vapebulkp.com\/wp-content\/uploads\/2023\/09\/cropped-vapebulkp.png","width":516,"height":163,"caption":"vapebulkp.com"},"image":{"@id":"https:\/\/vapebulkp.com\/#\/schema\/logo\/image\/"}}]}},"uagb_featured_image_src":{"full":["https:\/\/vapebulkp.com\/wp-content\/uploads\/2024\/04\/Bang-Bar-20000-Puffs-Discount-Price.jpg",1000,1000,false],"thumbnail":["https:\/\/vapebulkp.com\/wp-content\/uploads\/2024\/04\/Bang-Bar-20000-Puffs-Discount-Price-150x150.jpg",150,150,true],"medium":["https:\/\/vapebulkp.com\/wp-content\/uploads\/2024\/04\/Bang-Bar-20000-Puffs-Discount-Price-300x300.jpg",300,300,true],"medium_large":["https:\/\/vapebulkp.com\/wp-content\/uploads\/2024\/04\/Bang-Bar-20000-Puffs-Discount-Price-768x768.jpg",768,768,true],"large":["https:\/\/vapebulkp.com\/wp-content\/uploads\/2024\/04\/Bang-Bar-20000-Puffs-Discount-Price.jpg",1000,1000,false],"1536x1536":["https:\/\/vapebulkp.com\/wp-content\/uploads\/2024\/04\/Bang-Bar-20000-Puffs-Discount-Price.jpg",1000,1000,false],"2048x2048":["https:\/\/vapebulkp.com\/wp-content\/uploads\/2024\/04\/Bang-Bar-20000-Puffs-Discount-Price.jpg",1000,1000,false],"trp-custom-language-flag":["https:\/\/vapebulkp.com\/wp-content\/uploads\/2024\/04\/Bang-Bar-20000-Puffs-Discount-Price.jpg",12,12,false],"woocommerce_thumbnail":["https:\/\/vapebulkp.com\/wp-content\/uploads\/2024\/04\/Bang-Bar-20000-Puffs-Discount-Price-300x300.jpg",300,300,true],"woocommerce_single":["https:\/\/vapebulkp.com\/wp-content\/uploads\/2024\/04\/Bang-Bar-20000-Puffs-Discount-Price-600x600.jpg",600,600,true],"woocommerce_gallery_thumbnail":["https:\/\/vapebulkp.com\/wp-content\/uploads\/2024\/04\/Bang-Bar-20000-Puffs-Discount-Price-100x100.jpg",100,100,true],"wcpr-photo-reviews":["https:\/\/vapebulkp.com\/wp-content\/uploads\/2024\/04\/Bang-Bar-20000-Puffs-Discount-Price.jpg",500,500,false]},"uagb_author_info":{"display_name":"Mandy vape bulk price","author_link":"https:\/\/vapebulkp.com\/pl\/author\/"},"uagb_comment_info":3,"uagb_excerpt":"The newly launched Bang with a vape 20k puffs best-selling style Pls Contact Mandy's WhatsApp For Discount Price+8618077105796 NOTE: Prices on our website does not include shipping costs &nbsp;","_links":{"self":[{"href":"https:\/\/vapebulkp.com\/pl\/wp-json\/wp\/v2\/product\/2177","targetHints":{"allow":["GET"]}}],"collection":[{"href":"https:\/\/vapebulkp.com\/pl\/wp-json\/wp\/v2\/product"}],"about":[{"href":"https:\/\/vapebulkp.com\/pl\/wp-json\/wp\/v2\/types\/product"}],"replies":[{"embeddable":true,"href":"https:\/\/vapebulkp.com\/pl\/wp-json\/wp\/v2\/comments?post=2177"}],"wp:featuredmedia":[{"embeddable":true,"href":"https:\/\/vapebulkp.com\/pl\/wp-json\/wp\/v2\/media\/2165"}],"wp:attachment":[{"href":"https:\/\/vapebulkp.com\/pl\/wp-json\/wp\/v2\/media?parent=2177"}],"wp:term":[{"taxonomy":"product_cat","embeddable":true,"href":"https:\/\/vapebulkp.com\/pl\/wp-json\/wp\/v2\/product_cat?post=2177"},{"taxonomy":"product_tag","embeddable":true,"href":"https:\/\/vapebulkp.com\/pl\/wp-json\/wp\/v2\/product_tag?post=2177"}],"curies":[{"name":"wp","href":"https:\/\/api.w.org\/{rel}","templated":true}]}}