{"id":2261,"date":"2024-04-23T09:35:00","date_gmt":"2024-04-23T07:35:00","guid":{"rendered":"https:\/\/vapebulkp.com\/?post_type=product&#038;p=2261"},"modified":"2025-09-01T11:20:18","modified_gmt":"2025-09-01T09:20:18","slug":"top-sale-utco-tornado-9000-puffs-good-disposable-vape","status":"publish","type":"product","link":"https:\/\/vapebulkp.com\/pl\/product\/top-sale-utco-tornado-9000-puffs-good-disposable-vape\/","title":{"rendered":"Najlepsza Sprzeda\u017c UTCO Tornado 9000 Zaci\u0105gni\u0119\u0107 Dobry E-papieros Jednorazowy"},"content":{"rendered":"<h2>Najlepsza Sprzeda\u017c UTCO Tornado 9000 Zaci\u0105gni\u0119\u0107 Dobry E-papieros Jednorazowy<\/h2>\n<p>UTCO Tornado 9000 Puffs \u00a0wyznacza nowy standard wydajno\u015bci i wygody w bran\u017cy waporyzacyjnej. Zaprojektowany dla tych, kt\u00f3rzy wymagaj\u0105 doskona\u0142o\u015bci, ten <b>Jednorazowy Vape 9000 Puffs<\/b> zapewnia monumentaln\u0105 podr\u00f3\u017c waporyzacyjn\u0105 bez kompromis\u00f3w. Ka\u017cde urz\u0105dzenie jest wst\u0119pnie nape\u0142nione obszernym <b>18 ml e-liquidu premium<\/b>, oferuj\u0105c p\u0142ynne i d\u0142ugotrwa\u0142e do\u015bwiadczenie. <b>Opcje soli nikotynowej 2% i 5%<\/b> zapewniaj\u0105 g\u0142adkie, satysfakcjonuj\u0105ce uderzenie w gard\u0142o przy ka\u017cdym zaci\u0105gni\u0119ciu.<\/p>\n<p>W swej istocie, UTCO 9000 jest zasilany przez zintegrowany <b>akumulator 850mAh<\/b>, gwarantuj\u0105c niezawodn\u0105 moc przez ca\u0142y okres u\u017cytkowania. Innowacyjny <b>technologi\u0105 grza\u0142ki siatkowej<\/b> jest starannie wykonany, aby wytwarza\u0107 g\u0119st\u0105 par\u0119 i optymaln\u0105 wierno\u015b\u0107 smaku. Dzi\u0119ki <b>portem \u0142adowania typu C<\/b>, urz\u0105dzenie zapewnia szybkie odzyskiwanie mocy, minimalizuj\u0105c wszelkie przerwy w sesji waporyzacyjnej.<\/p>\n<p>To urz\u0105dzenie jest strategicznym wyborem zar\u00f3wno dla sprzedawc\u00f3w, jak i wymagaj\u0105cych waper\u00f3w. Jego wyb\u00f3r 12 \u017cywych smak\u00f3w zaspokaja zr\u00f3\u017cnicowan\u0105 klientel\u0119, od orze\u017awiaj\u0105cych owoc\u00f3w po chrupi\u0105ce mentole. UTCO Tornado 9000 zapewnia niezr\u00f3wnane po\u0142\u0105czenie wygody, niezawodno\u015bci i smaku, umacniaj\u0105c swoj\u0105 pozycj\u0119 jako lider rynku.<\/p>\n<h3>Zdj\u0119cia produktu UTCO 9k Puffs:<\/h3>\n<p><img decoding=\"async\" class=\"alignnone wp-image-2257\" src=\"http:\/\/vapebulkp.com\/wp-content\/uploads\/2024\/04\/UTCO-Vape-9000PUFFS-Discount-price-France.jpg\" alt=\"UTCO Vape 9000PUFFS Cena promocyjna w Polsce.\" width=\"625\" height=\"489\" srcset=\"https:\/\/vapebulkp.com\/wp-content\/uploads\/2024\/04\/UTCO-Vape-9000PUFFS-Discount-price-France.jpg 2058w, https:\/\/vapebulkp.com\/wp-content\/uploads\/2024\/04\/UTCO-Vape-9000PUFFS-Discount-price-France-300x235.jpg 300w, https:\/\/vapebulkp.com\/wp-content\/uploads\/2024\/04\/UTCO-Vape-9000PUFFS-Discount-price-France-1024x802.jpg 1024w, https:\/\/vapebulkp.com\/wp-content\/uploads\/2024\/04\/UTCO-Vape-9000PUFFS-Discount-price-France-768x601.jpg 768w, https:\/\/vapebulkp.com\/wp-content\/uploads\/2024\/04\/UTCO-Vape-9000PUFFS-Discount-price-France-1536x1202.jpg 1536w, https:\/\/vapebulkp.com\/wp-content\/uploads\/2024\/04\/UTCO-Vape-9000PUFFS-Discount-price-France-2048x1603.jpg 2048w, https:\/\/vapebulkp.com\/wp-content\/uploads\/2024\/04\/UTCO-Vape-9000PUFFS-Discount-price-France-600x470.jpg 600w\" sizes=\"(max-width: 625px) 100vw, 625px\" \/><\/p>\n<p>&nbsp;<\/p>\n<h6 style=\"text-align: left\"><\/h6>\n<h6>Skontaktuj si\u0119 z WhatsApp Mandy, aby uzyska\u0107 cen\u0119 ze zni\u017ck\u0105<a href=\"https:\/\/wa.me\/8618077105796\">+8618077105796<\/a><\/h6>\n<p><img decoding=\"async\" class=\"alignnone wp-image-2151\" src=\"http:\/\/vapebulkp.com\/wp-content\/uploads\/2024\/04\/Mandy-WhatsApp-Randm.jpg\" alt=\"WhatsApp Mandy Randm\" width=\"301\" height=\"292\" \/><\/p>\n<h2><span style=\"vertical-align: inherit\">Pomy\u015bla\u0142e\u015b, \u017ce mo\u017ce chcia\u0142by\u015b wiedzie\u0107 o UTCO 9k Puffs Jednorazowy E-papieros:<\/span><\/h2>\n<p>&nbsp;<\/p>\n<h6>1.Jaka jest pojemno\u015b\u0107 e-liquidu w Jednorazowym E-papierosie UTCO 9k puffs?<\/h6>\n<p>To urz\u0105dzenie ma 18 ml e-liquidu.<\/p>\n<h6>2.Jak d\u0142ugo dzia\u0142a ten dobry e-papieros UTCO tornado 9000 Puffs?<\/h6>\n<p>(1)500 zaci\u0105gni\u0119\u0107\/dzie\u0144, mo\u017ce wystarczy\u0107 na 18 dni<br \/>\n(2)1000 zaci\u0105gni\u0119\u0107\/dzie\u0144, wystarcza na 9 dni<br \/>\n(3)2000 zaci\u0105gni\u0119\u0107\/dzie\u0144, wystarcza na 4.5 dnia<\/p>\n<h6>3.Jak na\u0142adowa\u0107 jednorazowy e-papieros UTCO Tornado Vape 9k puffs?<\/h6>\n<p>Nie mo\u017cna u\u017cywa\u0107 szybkich \u0142adowarek, a standardowa bezpieczna moc jednorazowych e-papieros\u00f3w to 5V 1A. Ka\u017cdy czas \u0142adowania nie mo\u017ce przekracza\u0107 1 godziny, a bezpieczny czas \u0142adowania to p\u00f3\u0142 godziny.<\/p>\n<p><span style=\"color: #ff6600\">Uwaga: nie mo\u017cna \u0142adowa\u0107 przez ca\u0142\u0105 noc!<\/span><\/p>\n<h6>4.Jak u\u017cywa\u0107 jednorazowego e-papierosa UTCO Tornado 9k puffs?<\/h6>\n<p>Krok 1: Wyjmij silikonow\u0105 zatyczk\u0119<\/p>\n<p>Przechyl urz\u0105dzenie na bok i powoli poci\u0105gnij silikonow\u0105 zatyczk\u0119 do g\u00f3ry, aby otw\u00f3r na cewce grzewczej otworzy\u0142 si\u0119 dla przep\u0142ywu olejku.<\/p>\n<p>Krok 2: Oderwij naklejk\u0119<\/p>\n<p>Pozostaw urz\u0105dzenie na 2 minuty po oderwaniu naklejki, a nast\u0119pnie mo\u017cesz go u\u017cy\u0107.<\/p>\n<h3><strong><span style=\"vertical-align: inherit\">Specyfikacja <\/span><\/strong>Dla UTCO 9000 Best Tornado Vape:<\/h3>\n<h6><\/h6>\n<ul>\n<li>2\/5% s\u00f3l nikotynowa<\/li>\n<li>18ML p\u0142ynu<\/li>\n<li>9000 zaci\u0105gni\u0119\u0107 na urz\u0105dzenie<\/li>\n<li>Regulacja przep\u0142ywu powietrza<\/li>\n<li>\u0141adowanie USB-C<\/li>\n<li>Akumulator<\/li>\n<li>Zintegrowany akumulator 850mAh<\/li>\n<li>22 Dost\u0119pne smaki<\/li>\n<li>10 sztuk w pude\u0142ku ekspozycyjnym<\/li>\n<\/ul>\n<h3><strong>Najlepsze smaki jednorazowego e-papierosa UTCO 9k Puffs:<\/strong><\/h3>\n<p>1 Jagoda Malina<br \/>\n2 Pan Niebieski<br \/>\n3 Truskawka Arbuz<br \/>\n4 Lemoniada Pomara\u0144czowa<br \/>\n5 Arbuzowa Guma Balonowa<br \/>\n6 T\u0119czowe Cukierki<br \/>\n7 R\u00f3\u017cowa Lemoniada<br \/>\n8 Brzoskwinia Mango Ananas<br \/>\n9 Truskawka Banan<br \/>\n10 Arbuzowy L\u00f3d<br \/>\n11 Czarny Smoczy L\u00f3d<br \/>\n12 Aloes Winogrono<br \/>\n13 Truskawka Winogrono<br \/>\n14 Cytryna Limonka<br \/>\n15 L\u00f3d Pop<br \/>\n16 Jagoda na lodzie<br \/>\n17 Niebieska Malina L\u00f3d<br \/>\n18 Mieszane owoce le\u015bne<br \/>\n19 Wi\u015bniowa Cola<br \/>\n20 Truskawka Mango<br \/>\n21 Kiwi Marakuja Guawa<br \/>\n22 Czarny L\u00f3d<\/p>\n<p><a href=\"https:\/\/vapebulkp.com\/pl\/product\/top-sale-vape-vapme-crown-bar-18000-puffs-pro-max\/\"><span style=\"vertical-align: inherit\">Dobra sprzeda\u017c Vapme Crown bar 18000 zaci\u0105gni\u0119\u0107 <\/span><\/a><\/p>\n<p><span style=\"vertical-align: inherit\">Znajd\u017a wi\u0119cej produkt\u00f3w, kt\u00f3re mog\u0105 Ci si\u0119 spodoba\u0107:<\/span><em><a href=\"https:\/\/wa.me\/8618077105796\"><span style=\"vertical-align: inherit\">\u00a0Kup teraz<\/span><\/a><\/em><\/p>\n<p><span style=\"vertical-align: inherit\">Inne Puffs, kt\u00f3re mog\u0105 Ci si\u0119 spodoba\u0107:<\/span><a href=\"https:\/\/vapebulkp.com\/pl\/product\/bang-with-a-vape-18000-puffs-crown-bar-hot-vape\/\"><span style=\"vertical-align: inherit\">Bang 18000 Puffs<\/span><\/a><span style=\"vertical-align: inherit\">\u3001<\/span><a href=\"https:\/\/vapebulkp.com\/pl\/product\/best-price-vape-randm-15000-puffs-good-vape\/\"><span style=\"vertical-align: inherit\">Randm Tornado 15000 zaci\u0105gni\u0119\u0107<\/span><\/a><span style=\"vertical-align: inherit\">\/ <\/span><a href=\"https:\/\/vapebulkp.com\/it\/product\/bang-tornado-12000-puffs-rechargeable-disposable-pod\/\"><span style=\"vertical-align: inherit\">Bang Tornado 12000 zaci\u0105gni\u0119\u0107<\/span><\/a><span style=\"vertical-align: inherit\">\/ <\/span><a href=\"https:\/\/vapebulkp.com\/pl\/product\/vapme-crystal-7000-puffs-original-vape-good-flavor\/\"><span style=\"vertical-align: inherit\">Vapme Crystal 7000 zaci\u0105gni\u0119\u0107<\/span><\/a><\/p>\n<p><span style=\"vertical-align: inherit\">E-papieros o specjalnym kszta\u0142cie butelki:<\/span><a href=\"https:\/\/vapebulkp.com\/it\/product\/popular-kulx-10000puffs-disposable-vape-good-price\/\"><span style=\"vertical-align: inherit\">Kulx vape 10000 zaci\u0105gni\u0119\u0107<\/span><\/a><span style=\"vertical-align: inherit\">\/ <\/span><a href=\"https:\/\/vapebulkp.com\/it\/product\/randm-tornado-9000-puffs-disposable-vape-kit-18ml\/\"><span style=\"vertical-align: inherit\">Randm tornado 9000 zaci\u0105gni\u0119\u0107<\/span><\/a><span style=\"vertical-align: inherit\">\/<\/span><a href=\"https:\/\/vapebulkp.com\/it\/product\/randm-tornado-7000puffs-disposable-vape-pen-best-price\/\"><span style=\"vertical-align: inherit\">Randm tornado 7000 zaci\u0105gni\u0119\u0107 <\/span><\/a><\/p>\n<h5>Kwalifikacja produkcyjna:<\/h5>\n<p><img decoding=\"async\" class=\"alignnone size-full wp-image-1841\" src=\"http:\/\/vapebulkp.com\/wp-content\/uploads\/2023\/11\/Vape-production-process-2.jpeg\" alt=\"Proces produkcji vape\" width=\"650\" height=\"434\" srcset=\"https:\/\/vapebulkp.com\/wp-content\/uploads\/2023\/11\/Vape-production-process-2.jpeg 650w, https:\/\/vapebulkp.com\/wp-content\/uploads\/2023\/11\/Vape-production-process-2-300x200.jpeg 300w, https:\/\/vapebulkp.com\/wp-content\/uploads\/2023\/11\/Vape-production-process-2-600x401.jpeg 600w\" sizes=\"(max-width: 650px) 100vw, 650px\" \/><\/p>\n<p><img decoding=\"async\" class=\"alignnone wp-image-1843\" src=\"http:\/\/vapebulkp.com\/wp-content\/uploads\/2023\/11\/Vape-production-process.jpeg\" alt=\"Proces produkcji vape\" width=\"648\" height=\"1037\" srcset=\"https:\/\/vapebulkp.com\/wp-content\/uploads\/2023\/11\/Vape-production-process.jpeg 641w, https:\/\/vapebulkp.com\/wp-content\/uploads\/2023\/11\/Vape-production-process-187x300.jpeg 187w, https:\/\/vapebulkp.com\/wp-content\/uploads\/2023\/11\/Vape-production-process-640x1024.jpeg 640w, https:\/\/vapebulkp.com\/wp-content\/uploads\/2023\/11\/Vape-production-process-600x960.jpeg 600w\" sizes=\"(max-width: 648px) 100vw, 648px\" \/><\/p>\n<p>&nbsp;<\/p>\n<h5>Najcz\u0119\u015bciej zadawane pytania:<\/h5>\n<p>P: Jakie jest MOQ UTCO Tornado 9000 zaci\u0105gni\u0119\u0107, dobra waporyzacja?<br \/>\nO: Minimalne zam\u00f3wienie to 50 sztuk.<br \/>\nP: Jaki jest czas dostawy zam\u00f3wionego e-papierosa?<br \/>\nO: Zwykle trwa to 10-15 dni od wysy\u0142ki<br \/>\nP: Ile kosztuje wysy\u0142ka?O: Koszt wysy\u0142ki zale\u017cy od wagi. R\u00f3\u017cne ilo\u015bci maj\u0105 r\u00f3\u017cne koszty wysy\u0142ki, prosimy o kontakt w celu ich potwierdzenia.<\/p>\n<h4>Szczeg\u00f3\u0142y wysy\u0142ki:<\/h4>\n<p>Czas produkcji: 5-10 dni roboczych<br \/>\nCzas wysy\u0142ki: 8-14 dni roboczych<\/p>\n<p>Wszystkie produkty w naszym sklepie s\u0105 w 100% oryginalne i autentyczne, dlatego polityk\u0105 naszego sklepu jest dziesi\u0119ciokrotne odszkodowanie za podrobione towary. Do dostarczania towar\u00f3w u\u017cywamy kana\u0142\u00f3w logistycznych, takich jak UPS\/DHL\/FEDEX\/DPD.<\/p>\n<p>W przypadku paczek wysy\u0142anych do Polski dostawa trwa zwykle 10 dni roboczych. Wysy\u0142ka do kraj\u00f3w europejskich trwa zwykle od 12 do 15 dni roboczych. B\u0119dziemy aktualizowa\u0107 dla Ciebie informacje logistyczne w czasie rzeczywistym.<\/p>\n<h3>Dobra obs\u0142uga posprzeda\u017cowa:<\/h3>\n<p>Uwaga: Brak zwrot\u00f3w lub wymiany w przypadku problem\u00f3w niezwi\u0105zanych z jako\u015bci\u0105<br \/>\n1. Klienci mog\u0105 wybra\u0107 smak, kt\u00f3ry chc\u0105, ale je\u015bli smak jest niedost\u0119pny, dzia\u0142 produkcji wybierze popularny smak, aby go zast\u0105pi\u0107. Klienci nie mog\u0105 ubiega\u0107 si\u0119 o zwrot pieni\u0119dzy ani wymian\u0119 na podstawie smak\u00f3w.<\/p>\n<p>2. Gdy wyst\u0105pi\u0105 problemy z jako\u015bci\u0105, prosimy o dostarczenie szczeg\u00f3\u0142owego opisu wideo i zdj\u0119\u0107.<br \/>\nJe\u015bli nie mo\u017cesz dostarczy\u0107 dowod\u00f3w, takich jak filmy i zdj\u0119cia, towar nie mo\u017ce zosta\u0107 wymieniony.<\/p>","protected":false},"excerpt":{"rendered":"<p>UTCO 9000 Puffs Dobry E-papieros Cena Hurtowa<\/p>\n<p>Cena Promocyjna UTCO 9K Najlepiej Sprzedaj\u0105cy si\u0119 w Tym Tygodniu<\/p>\n<p>Polska hurtownia Dobry jednorazowy e-papieros UTCO 9000 Puffs<\/p>\n<p><img decoding=\"async\" class=\"alignnone wp-image-2151\" src=\"http:\/\/vapebulkp.com\/wp-content\/uploads\/2024\/04\/Mandy-WhatsApp-Randm.jpg\" alt=\"WhatsApp Mandy Randm\" width=\"328\" height=\"348\" srcset=\"https:\/\/vapebulkp.com\/wp-content\/uploads\/2024\/04\/Mandy-WhatsApp-Randm.jpg 916w, https:\/\/vapebulkp.com\/wp-content\/uploads\/2024\/04\/Mandy-WhatsApp-Randm-282x300.jpg 282w, https:\/\/vapebulkp.com\/wp-content\/uploads\/2024\/04\/Mandy-WhatsApp-Randm-768x817.jpg 768w, https:\/\/vapebulkp.com\/wp-content\/uploads\/2024\/04\/Mandy-WhatsApp-Randm-600x638.jpg 600w\" sizes=\"(max-width: 328px) 100vw, 328px\" \/><\/p>\n<p>Skontaktuj si\u0119 z WhatsApp Mandy, aby uzyska\u0107 cen\u0119 ze zni\u017ck\u0105<a href=\"https:\/\/wa.me\/8618077105796\">+8618077105796<\/a><\/p>\n<p><span style=\"color: #ff0000\">UWAGA: Ceny na naszej stronie internetowej nie zawieraj\u0105 koszt\u00f3w wysy\u0142ki<\/span><\/p>","protected":false},"featured_media":2250,"comment_status":"open","ping_status":"closed","template":"","meta":{"_uag_custom_page_level_css":"","_lmt_disableupdate":"no","_lmt_disable":"","site-sidebar-layout":"default","site-content-layout":"content-boxed-container","ast-site-content-layout":"normal-width-container","site-content-style":"boxed","site-sidebar-style":"unboxed","ast-global-header-display":"","ast-banner-title-visibility":"","ast-main-header-display":"","ast-hfb-above-header-display":"","ast-hfb-below-header-display":"","ast-hfb-mobile-header-display":"","site-post-title":"","ast-breadcrumbs-content":"","ast-featured-img":"","footer-sml-layout":"","theme-transparent-header-meta":"default","adv-header-id-meta":"","stick-header-meta":"","header-above-stick-meta":"","header-main-stick-meta":"","header-below-stick-meta":"","astra-migrate-meta-layouts":"set","_joinchat":[]},"product_cat":[168,153,155,33,59,100,87,34,158,157,154,152,58,84,156,63,32],"product_tag":[116,36,37,41,97,71,40],"class_list":["post-2261","product","type-product","status-publish","has-post-thumbnail","hentry","product_cat-9000-puffs-disposable-vape","product_cat-hot-disposable-vapes","product_cat-belgium-hot-disposable-vapes","product_cat-france-vape-hot-sale","product_cat-germany-hot-disposable-vape","product_cat-germany-wholesale-vape-shop","product_cat-minimum-order-quantity-50pcs","product_cat-netherlands-vape-good-sale","product_cat-norway-hot-disposable-vapes","product_cat-poland-hot-disposable-vapes","product_cat-portugal-hot-disposable-vapes","product_cat-spain-hot-disposable-vapes","product_cat-sweden-hot-disposable-vape","product_cat-sweden-wholesale-vape","product_cat-switzerland-hot-disposable-vapes","product_cat-top-sale-disposable-vape","product_cat-vape-hot-sale-this-week","product_tag-9000-puffs","product_tag-good-vape","product_tag-hot-sale-disposable-vape","product_tag-poland-hot-vape","product_tag-r-and-m-tornado-7k","product_tag-randm","product_tag-sweden-hot-vape","desktop-align-left","tablet-align-left","mobile-align-left"],"yoast_head":"<!-- This site is optimized with the Yoast SEO plugin v21.1 - https:\/\/yoast.com\/wordpress\/plugins\/seo\/ -->\n<title>Top Sale UTCO Tornado 9000 Puffs Good Disposable Vape - vapebulkp.com<\/title>\n<meta name=\"description\" content=\"Top Sale UTCO Tornado 9000 Puffs Good Disposable Vape is your best choice. This state-of-the-art device delivers an unparalleled experience and holds an impressive 9,000 puffs for longer flavor adventures.\" \/>\n<meta name=\"robots\" content=\"index, follow, max-snippet:-1, max-image-preview:large, max-video-preview:-1\" \/>\n<link rel=\"canonical\" href=\"https:\/\/vapebulkp.com\/pl\/product\/top-sale-utco-tornado-9000-puffs-good-disposable-vape\/\" \/>\n<meta property=\"og:locale\" content=\"pl_PL\" \/>\n<meta property=\"og:type\" content=\"article\" \/>\n<meta property=\"og:title\" content=\"Top Sale UTCO Tornado 9000 Puffs Good Disposable Vape - vapebulkp.com\" \/>\n<meta property=\"og:description\" content=\"Top Sale UTCO Tornado 9000 Puffs Good Disposable Vape is your best choice. This state-of-the-art device delivers an unparalleled experience and holds an impressive 9,000 puffs for longer flavor adventures.\" \/>\n<meta property=\"og:url\" content=\"https:\/\/vapebulkp.com\/pl\/product\/top-sale-utco-tornado-9000-puffs-good-disposable-vape\/\" \/>\n<meta property=\"og:site_name\" content=\"vapebulkp.com\" \/>\n<meta property=\"article:modified_time\" content=\"2025-09-01T09:20:18+00:00\" \/>\n<meta property=\"og:image\" content=\"http:\/\/vapebulkp.com\/wp-content\/uploads\/2024\/04\/UTCO-9000PUFFS-Good-Sale-Germany.jpg\" \/>\n\t<meta property=\"og:image:width\" content=\"1600\" \/>\n\t<meta property=\"og:image:height\" content=\"1600\" \/>\n\t<meta property=\"og:image:type\" content=\"image\/jpeg\" \/>\n<meta name=\"twitter:card\" content=\"summary_large_image\" \/>\n<meta name=\"twitter:label1\" content=\"Szacowany czas czytania\" \/>\n\t<meta name=\"twitter:data1\" content=\"5 minut\" \/>\n<script type=\"application\/ld+json\" class=\"yoast-schema-graph\">{\"@context\":\"https:\/\/schema.org\",\"@graph\":[{\"@type\":\"WebPage\",\"@id\":\"https:\/\/vapebulkp.com\/product\/top-sale-utco-tornado-9000-puffs-good-disposable-vape\/\",\"url\":\"https:\/\/vapebulkp.com\/product\/top-sale-utco-tornado-9000-puffs-good-disposable-vape\/\",\"name\":\"Top Sale UTCO Tornado 9000 Puffs Good Disposable Vape - vapebulkp.com\",\"isPartOf\":{\"@id\":\"https:\/\/vapebulkp.com\/#website\"},\"datePublished\":\"2024-04-23T07:35:00+00:00\",\"dateModified\":\"2025-09-01T09:20:18+00:00\",\"description\":\"Top Sale UTCO Tornado 9000 Puffs Good Disposable Vape is your best choice. This state-of-the-art device delivers an unparalleled experience and holds an impressive 9,000 puffs for longer flavor adventures.\",\"breadcrumb\":{\"@id\":\"https:\/\/vapebulkp.com\/product\/top-sale-utco-tornado-9000-puffs-good-disposable-vape\/#breadcrumb\"},\"inLanguage\":\"pl-PL\",\"potentialAction\":[{\"@type\":\"ReadAction\",\"target\":[\"https:\/\/vapebulkp.com\/product\/top-sale-utco-tornado-9000-puffs-good-disposable-vape\/\"]}]},{\"@type\":\"BreadcrumbList\",\"@id\":\"https:\/\/vapebulkp.com\/product\/top-sale-utco-tornado-9000-puffs-good-disposable-vape\/#breadcrumb\",\"itemListElement\":[{\"@type\":\"ListItem\",\"position\":1,\"name\":\"Home\",\"item\":\"https:\/\/vapebulkp.com\/\"},{\"@type\":\"ListItem\",\"position\":2,\"name\":\"Hot Trend Vapes\",\"item\":\"https:\/\/vapebulkp.com\/vape-shop\/\"},{\"@type\":\"ListItem\",\"position\":3,\"name\":\"Top Sale UTCO Tornado 9000 Puffs Good Disposable Vape\"}]},{\"@type\":\"WebSite\",\"@id\":\"https:\/\/vapebulkp.com\/#website\",\"url\":\"https:\/\/vapebulkp.com\/\",\"name\":\"vapebulkp.com\",\"description\":\"Buy Vape In Cheap Bulk Price Near you\",\"publisher\":{\"@id\":\"https:\/\/vapebulkp.com\/#organization\"},\"potentialAction\":[{\"@type\":\"SearchAction\",\"target\":{\"@type\":\"EntryPoint\",\"urlTemplate\":\"https:\/\/vapebulkp.com\/?s={search_term_string}\"},\"query-input\":\"required name=search_term_string\"}],\"inLanguage\":\"pl-PL\"},{\"@type\":\"Organization\",\"@id\":\"https:\/\/vapebulkp.com\/#organization\",\"name\":\"vapebulkp.com\",\"url\":\"https:\/\/vapebulkp.com\/\",\"logo\":{\"@type\":\"ImageObject\",\"inLanguage\":\"pl-PL\",\"@id\":\"https:\/\/vapebulkp.com\/#\/schema\/logo\/image\/\",\"url\":\"https:\/\/vapebulkp.com\/wp-content\/uploads\/2023\/09\/cropped-vapebulkp.png\",\"contentUrl\":\"https:\/\/vapebulkp.com\/wp-content\/uploads\/2023\/09\/cropped-vapebulkp.png\",\"width\":516,\"height\":163,\"caption\":\"vapebulkp.com\"},\"image\":{\"@id\":\"https:\/\/vapebulkp.com\/#\/schema\/logo\/image\/\"}}]}<\/script>\n<!-- \/ Yoast SEO plugin. -->","yoast_head_json":{"title":"Top Sale UTCO Tornado 9000 Puffs Good Disposable Vape - vapebulkp.com","description":"Top Sale UTCO Tornado 9000 Puffs Good Disposable Vape is your best choice. This state-of-the-art device delivers an unparalleled experience and holds an impressive 9,000 puffs for longer flavor adventures.","robots":{"index":"index","follow":"follow","max-snippet":"max-snippet:-1","max-image-preview":"max-image-preview:large","max-video-preview":"max-video-preview:-1"},"canonical":"https:\/\/vapebulkp.com\/pl\/product\/top-sale-utco-tornado-9000-puffs-good-disposable-vape\/","og_locale":"pl_PL","og_type":"article","og_title":"Top Sale UTCO Tornado 9000 Puffs Good Disposable Vape - vapebulkp.com","og_description":"Top Sale UTCO Tornado 9000 Puffs Good Disposable Vape is your best choice. This state-of-the-art device delivers an unparalleled experience and holds an impressive 9,000 puffs for longer flavor adventures.","og_url":"https:\/\/vapebulkp.com\/pl\/product\/top-sale-utco-tornado-9000-puffs-good-disposable-vape\/","og_site_name":"vapebulkp.com","article_modified_time":"2025-09-01T09:20:18+00:00","og_image":[{"width":1600,"height":1600,"url":"http:\/\/vapebulkp.com\/wp-content\/uploads\/2024\/04\/UTCO-9000PUFFS-Good-Sale-Germany.jpg","type":"image\/jpeg"}],"twitter_card":"summary_large_image","twitter_misc":{"Szacowany czas czytania":"5 minut"},"schema":{"@context":"https:\/\/schema.org","@graph":[{"@type":"WebPage","@id":"https:\/\/vapebulkp.com\/product\/top-sale-utco-tornado-9000-puffs-good-disposable-vape\/","url":"https:\/\/vapebulkp.com\/product\/top-sale-utco-tornado-9000-puffs-good-disposable-vape\/","name":"Top Sale UTCO Tornado 9000 Puffs Good Disposable Vape - vapebulkp.com","isPartOf":{"@id":"https:\/\/vapebulkp.com\/#website"},"datePublished":"2024-04-23T07:35:00+00:00","dateModified":"2025-09-01T09:20:18+00:00","description":"Top Sale UTCO Tornado 9000 Puffs Good Disposable Vape is your best choice. This state-of-the-art device delivers an unparalleled experience and holds an impressive 9,000 puffs for longer flavor adventures.","breadcrumb":{"@id":"https:\/\/vapebulkp.com\/product\/top-sale-utco-tornado-9000-puffs-good-disposable-vape\/#breadcrumb"},"inLanguage":"pl-PL","potentialAction":[{"@type":"ReadAction","target":["https:\/\/vapebulkp.com\/product\/top-sale-utco-tornado-9000-puffs-good-disposable-vape\/"]}]},{"@type":"BreadcrumbList","@id":"https:\/\/vapebulkp.com\/product\/top-sale-utco-tornado-9000-puffs-good-disposable-vape\/#breadcrumb","itemListElement":[{"@type":"ListItem","position":1,"name":"Home","item":"https:\/\/vapebulkp.com\/"},{"@type":"ListItem","position":2,"name":"Hot Trend Vapes","item":"https:\/\/vapebulkp.com\/vape-shop\/"},{"@type":"ListItem","position":3,"name":"Top Sale UTCO Tornado 9000 Puffs Good Disposable Vape"}]},{"@type":"WebSite","@id":"https:\/\/vapebulkp.com\/#website","url":"https:\/\/vapebulkp.com\/","name":"vapebulkp.com","description":"Buy Vape In Cheap Bulk Price Near you","publisher":{"@id":"https:\/\/vapebulkp.com\/#organization"},"potentialAction":[{"@type":"SearchAction","target":{"@type":"EntryPoint","urlTemplate":"https:\/\/vapebulkp.com\/?s={search_term_string}"},"query-input":"required name=search_term_string"}],"inLanguage":"pl-PL"},{"@type":"Organization","@id":"https:\/\/vapebulkp.com\/#organization","name":"vapebulkp.com","url":"https:\/\/vapebulkp.com\/","logo":{"@type":"ImageObject","inLanguage":"pl-PL","@id":"https:\/\/vapebulkp.com\/#\/schema\/logo\/image\/","url":"https:\/\/vapebulkp.com\/wp-content\/uploads\/2023\/09\/cropped-vapebulkp.png","contentUrl":"https:\/\/vapebulkp.com\/wp-content\/uploads\/2023\/09\/cropped-vapebulkp.png","width":516,"height":163,"caption":"vapebulkp.com"},"image":{"@id":"https:\/\/vapebulkp.com\/#\/schema\/logo\/image\/"}}]}},"uagb_featured_image_src":{"full":["https:\/\/vapebulkp.com\/wp-content\/uploads\/2024\/04\/UTCO-9000PUFFS-Good-Sale-Germany.jpg",1600,1600,false],"thumbnail":["https:\/\/vapebulkp.com\/wp-content\/uploads\/2024\/04\/UTCO-9000PUFFS-Good-Sale-Germany-150x150.jpg",150,150,true],"medium":["https:\/\/vapebulkp.com\/wp-content\/uploads\/2024\/04\/UTCO-9000PUFFS-Good-Sale-Germany-300x300.jpg",300,300,true],"medium_large":["https:\/\/vapebulkp.com\/wp-content\/uploads\/2024\/04\/UTCO-9000PUFFS-Good-Sale-Germany-768x768.jpg",768,768,true],"large":["https:\/\/vapebulkp.com\/wp-content\/uploads\/2024\/04\/UTCO-9000PUFFS-Good-Sale-Germany-1024x1024.jpg",1024,1024,true],"1536x1536":["https:\/\/vapebulkp.com\/wp-content\/uploads\/2024\/04\/UTCO-9000PUFFS-Good-Sale-Germany-1536x1536.jpg",1536,1536,true],"2048x2048":["https:\/\/vapebulkp.com\/wp-content\/uploads\/2024\/04\/UTCO-9000PUFFS-Good-Sale-Germany.jpg",1600,1600,false],"trp-custom-language-flag":["https:\/\/vapebulkp.com\/wp-content\/uploads\/2024\/04\/UTCO-9000PUFFS-Good-Sale-Germany.jpg",12,12,false],"woocommerce_thumbnail":["https:\/\/vapebulkp.com\/wp-content\/uploads\/2024\/04\/UTCO-9000PUFFS-Good-Sale-Germany-300x300.jpg",300,300,true],"woocommerce_single":["https:\/\/vapebulkp.com\/wp-content\/uploads\/2024\/04\/UTCO-9000PUFFS-Good-Sale-Germany-600x600.jpg",600,600,true],"woocommerce_gallery_thumbnail":["https:\/\/vapebulkp.com\/wp-content\/uploads\/2024\/04\/UTCO-9000PUFFS-Good-Sale-Germany-100x100.jpg",100,100,true],"wcpr-photo-reviews":["https:\/\/vapebulkp.com\/wp-content\/uploads\/2024\/04\/UTCO-9000PUFFS-Good-Sale-Germany.jpg",500,500,false]},"uagb_author_info":{"display_name":"Mandy vape bulk price","author_link":"https:\/\/vapebulkp.com\/pl\/author\/"},"uagb_comment_info":0,"uagb_excerpt":"UTCO 9000 Puffs Good Vape Bulk Price Discount Price UTCO 9K Top Sale This Week Netherland\u00a0 wholesale Good\u00a0 disposable vape UTCO 9000 Puffs Pls Contact Mandy's WhatsApp For Discount Price+8618077105796 NOTE: Prices on our website does not include shipping costs","_links":{"self":[{"href":"https:\/\/vapebulkp.com\/pl\/wp-json\/wp\/v2\/product\/2261","targetHints":{"allow":["GET"]}}],"collection":[{"href":"https:\/\/vapebulkp.com\/pl\/wp-json\/wp\/v2\/product"}],"about":[{"href":"https:\/\/vapebulkp.com\/pl\/wp-json\/wp\/v2\/types\/product"}],"replies":[{"embeddable":true,"href":"https:\/\/vapebulkp.com\/pl\/wp-json\/wp\/v2\/comments?post=2261"}],"wp:featuredmedia":[{"embeddable":true,"href":"https:\/\/vapebulkp.com\/pl\/wp-json\/wp\/v2\/media\/2250"}],"wp:attachment":[{"href":"https:\/\/vapebulkp.com\/pl\/wp-json\/wp\/v2\/media?parent=2261"}],"wp:term":[{"taxonomy":"product_cat","embeddable":true,"href":"https:\/\/vapebulkp.com\/pl\/wp-json\/wp\/v2\/product_cat?post=2261"},{"taxonomy":"product_tag","embeddable":true,"href":"https:\/\/vapebulkp.com\/pl\/wp-json\/wp\/v2\/product_tag?post=2261"}],"curies":[{"name":"wp","href":"https:\/\/api.w.org\/{rel}","templated":true}]}}