{"id":2302,"date":"2024-04-24T11:32:17","date_gmt":"2024-04-24T09:32:17","guid":{"rendered":"https:\/\/vapebulkp.com\/?post_type=product&#038;p=2302"},"modified":"2025-09-01T11:34:40","modified_gmt":"2025-09-01T09:34:40","slug":"discount-price-bang-shisha-15k-puffs-jnr-shisha-disposable-vape","status":"publish","type":"product","link":"https:\/\/vapebulkp.com\/pl\/product\/discount-price-bang-shisha-15k-puffs-jnr-shisha-disposable-vape\/","title":{"rendered":"Cena promocyjna Bang shisha 15k Puffs JNR shisha Jednorazowy Vape"},"content":{"rendered":"<h2>Cena promocyjna Bang shisha 15k Puffs JNR shisha Jednorazowy Vape<\/h2>\n<p data-start=\"159\" data-end=\"409\">Bang shisha 15k Puffs <strong data-start=\"163\" data-end=\"206\">Jednorazowy Vape<\/strong> zapewnia d\u0142ugotrwa\u0142y smak i g\u0142adk\u0105 par\u0119 dla entuzjast\u00f3w wapowania w Polsce. Z pojemn\u0105 23ml pojemno\u015bci\u0105 e-liquidu, dostarcza do 15 000 zaci\u0105gni\u0119\u0107, zapewniaj\u0105c d\u0142ug\u0105 przyjemno\u015b\u0107 bez przerw.<\/p>\n<p data-start=\"411\" data-end=\"734\">Wybieraj spo\u015br\u00f3d 20 starannie dobranych smak\u00f3w, w tym owocowych mieszanek, ch\u0142odz\u0105cych mi\u0119t i dekadenckich deser\u00f3w, stworzonych, aby zaspokoi\u0107 r\u00f3\u017cnorodne preferencje. Dost\u0119pny w st\u0119\u017ceniach soli nikotynowej 0%, 2%, 3% i 5%, Vape do zakupu hurtowego <strong data-start=\"630\" data-end=\"673\">Bang Shisha 15k Puffs Vape Pen<\/strong> dostosowuje si\u0119 zar\u00f3wno do umiarkowanych, jak i mocniejszych uderze\u0144 dla ka\u017cdego wapuj\u0105cego.<\/p>\n<p data-start=\"736\" data-end=\"968\">Wyposa\u017cony w wst\u0119pnie na\u0142adowany akumulator o pojemno\u015bci 600mAh, ten jednorazowy vape jest gotowy do u\u017cycia w dowolnym miejscu i czasie. Kompaktowy i przeno\u015bny, jest dostarczany w 10-cz\u0119\u015bciowym pude\u0142ku ekspozycyjnym, co czyni go idealnym do zam\u00f3wie\u0144 hurtowych lub dystrybucji masowej w ca\u0142ej Polsce.<\/p>\n<p data-start=\"970\" data-end=\"1211\">Idealny dla tych, kt\u00f3rzy ceni\u0105 wygod\u0119, r\u00f3\u017cnorodno\u015b\u0107 smak\u00f3w i jako\u015b\u0107 premium, ten <strong data-start=\"1052\" data-end=\"1095\">Bang Shisha<a href=\"https:\/\/vapebulkp.com\/pl\/product-category\/15000-puffs-disposable-vape\/\"> 15000 zaci\u0105gni\u0119\u0107 jednorazowy e-papieros<\/a><\/strong> \u0142\u0105czy w sobie wydajno\u015b\u0107 o du\u017cej pojemno\u015bci z nowoczesnym designem, co czyni go wyj\u0105tkow\u0105 opcj\u0105 na rynku jednorazowych vape'\u00f3w.<\/p>\n<p><img decoding=\"async\" class=\"alignnone wp-image-2300\" src=\"http:\/\/vapebulkp.com\/wp-content\/uploads\/2024\/04\/Original-Good-Sale-Vape-Bang-Shisha-15k.png\" alt=\"Oryginalna Dobra wyprzeda\u017c Vape Bang Shisha 15k\" width=\"525\" height=\"525\" srcset=\"https:\/\/vapebulkp.com\/wp-content\/uploads\/2024\/04\/Original-Good-Sale-Vape-Bang-Shisha-15k.png 1060w, https:\/\/vapebulkp.com\/wp-content\/uploads\/2024\/04\/Original-Good-Sale-Vape-Bang-Shisha-15k-300x300.png 300w, https:\/\/vapebulkp.com\/wp-content\/uploads\/2024\/04\/Original-Good-Sale-Vape-Bang-Shisha-15k-1024x1024.png 1024w, https:\/\/vapebulkp.com\/wp-content\/uploads\/2024\/04\/Original-Good-Sale-Vape-Bang-Shisha-15k-150x150.png 150w, https:\/\/vapebulkp.com\/wp-content\/uploads\/2024\/04\/Original-Good-Sale-Vape-Bang-Shisha-15k-768x768.png 768w, https:\/\/vapebulkp.com\/wp-content\/uploads\/2024\/04\/Original-Good-Sale-Vape-Bang-Shisha-15k-600x600.png 600w, https:\/\/vapebulkp.com\/wp-content\/uploads\/2024\/04\/Original-Good-Sale-Vape-Bang-Shisha-15k-100x100.png 100w\" sizes=\"(max-width: 525px) 100vw, 525px\" \/><\/p>\n<h6 style=\"text-align: left\"><\/h6>\n<h6>Skontaktuj si\u0119 z WhatsApp Mandy, aby uzyska\u0107 cen\u0119 ze zni\u017ck\u0105<a href=\"https:\/\/wa.me\/8618077105796\">+8618077105796<\/a><\/h6>\n<p><img decoding=\"async\" class=\"alignnone wp-image-2151\" src=\"http:\/\/vapebulkp.com\/wp-content\/uploads\/2024\/04\/Mandy-WhatsApp-Randm.jpg\" alt=\"WhatsApp Mandy Randm\" width=\"263\" height=\"280\" srcset=\"https:\/\/vapebulkp.com\/wp-content\/uploads\/2024\/04\/Mandy-WhatsApp-Randm.jpg 916w, https:\/\/vapebulkp.com\/wp-content\/uploads\/2024\/04\/Mandy-WhatsApp-Randm-282x300.jpg 282w, https:\/\/vapebulkp.com\/wp-content\/uploads\/2024\/04\/Mandy-WhatsApp-Randm-768x817.jpg 768w, https:\/\/vapebulkp.com\/wp-content\/uploads\/2024\/04\/Mandy-WhatsApp-Randm-600x638.jpg 600w\" sizes=\"(max-width: 263px) 100vw, 263px\" \/><\/p>\n<h2><span style=\"vertical-align: inherit\">Pomy\u015bla\u0142e\u015b, \u017ce mo\u017cesz chcie\u0107 wiedzie\u0107 o jednorazowym Vape Bang shisha 15k Puff\uff1a<\/span><\/h2>\n<p>&nbsp;<\/p>\n<h6 class=\"style-scope ytd-watch-metadata\">1.Jak u\u017cywa\u0107 JNR Bang shisha 15000 Puff Vape Pen?<\/h6>\n<p>1: Otw\u00f3rz szczeln\u0105 torb\u0119<br \/>\n2: Oderwij naklejk\u0119<br \/>\n3: Wyci\u0105gnij silikonow\u0105 zatyczk\u0119 i pozostaw na 10 minut, a nast\u0119pnie mo\u017cesz go u\u017cy\u0107<\/p>\n<h6>2.Jak na\u0142adowa\u0107 urz\u0105dzenie Top Sale jednorazowy vape Bang shisha 15000 Puffs?<\/h6>\n<p>Nie mo\u017cna u\u017cywa\u0107 \u0142adowarek do szybkiego \u0142adowania, a standardowa bezpieczna moc jednorazowych e-papieros\u00f3w to 5V 1A.<\/p>\n<p>Ka\u017cdy czas \u0142adowania nie mo\u017ce przekroczy\u0107 1 godziny, a bezpieczny czas \u0142adowania to p\u00f3\u0142 godziny.<\/p>\n<h6>3.Ile zaci\u0105gni\u0119\u0107 ma jednorazowy e-papieros Bang shisha 15000 Puffs?<\/h6>\n<p>\u2014-15000 Zaci\u0105gni\u0119\u0107<\/p>\n<p><span style=\"color: #ff6600\">Uwaga: nie mo\u017cna \u0142adowa\u0107 przez ca\u0142\u0105 noc!<\/span><\/p>\n<h6>4.Dlaczego warto wybra\u0107 Bang Shisha 15000 Puffs?<\/h6>\n<ul>\n<li><strong>Wygoda<\/strong>: Nie ma potrzeby ci\u0105g\u0142ego uzupe\u0142niania ani \u0142adowania; Bang Shisha 15000 Puffs zosta\u0142 zaprojektowany z my\u015bl\u0105 o wygodzie w podr\u00f3\u017cy.<\/li>\n<li><strong>R\u00f3\u017cnorodno\u015b\u0107 smak\u00f3w<\/strong>: Z 20 smakami do wyboru, ka\u017cde zaci\u0105gni\u0119cie to nowa przygoda.<\/li>\n<li><strong>D\u0142ugowieczno\u015b\u0107<\/strong>: Ciesz si\u0119 15000 zaci\u0105gni\u0119ciami z ka\u017cdego urz\u0105dzenia, co zapewnia d\u0142ugotrwa\u0142\u0105 przyjemno\u015b\u0107.<\/li>\n<li><strong>Dostosowanie<\/strong>: Dostosuj swoje do\u015bwiadczenia dzi\u0119ki r\u00f3\u017cnym st\u0119\u017ceniom nikotyny, aby dopasowa\u0107 je do swoich preferencji.<\/li>\n<\/ul>\n<p>Do\u015bwiadcz nowej generacji vapingu z Bang Shisha 15000 Puffs. Niezale\u017cnie od tego, czy relaksujesz si\u0119 w domu, wychodzisz ze znajomymi, czy jeste\u015b w podr\u00f3\u017cy, to urz\u0105dzenie jest twoim towarzyszem podczas aromatycznych, satysfakcjonuj\u0105cych sesji vapingu. Ulepsz swoj\u0105 gr\u0119 vapingow\u0105 ju\u017c dzi\u015b z Bang Shisha 15000 Puffs!<\/p>\n<p>&nbsp;<\/p>\n<h3>Hurtownia Vape Bang shisha 15k puff Funkcje produktu:<\/h3>\n<p>Model: Bang SHISHA 15000 PUFFS<br \/>\nLiczba zaci\u0105gni\u0119\u0107: 15000<br \/>\nPojemno\u015b\u0107 baterii: 600mAh<br \/>\nObj\u0119to\u015b\u0107 e-liquidu: 23ml<br \/>\nZawarto\u015b\u0107 nikotyny: 2%\/\/5% s\u00f3l nikotynowa<br \/>\nOpakowanie: 10 sztuk w 1 pude\u0142ku prezentacyjnym<br \/>\nMinimalna ilo\u015b\u0107 zam\u00f3wienia (MOQ): 50 sztuk<\/p>\n<h5><strong>Jakie s\u0105 oryginalne smaki vape Bang shisha<\/strong>\u00a015000 zaci\u0105gni\u0119\u0107? <strong>Smaki?<\/strong><\/h5>\n<p>1,Jagodowy l\u00f3d<br \/>\n2,Niebieska malina z lodem<br \/>\n3,Wi\u015bnia z arbuzem<br \/>\n4,Mro\u017cone jab\u0142ko<br \/>\n5,Mi\u0119ta gumowa<br \/>\n6,Mango z bananem<br \/>\n7,Mieszanka jagodowa z lodem<br \/>\n8,Ananas z kokosem<br \/>\n9,Czerwony jagodowy slush<br \/>\n10,Kiwi marakuja z guaw\u0105<br \/>\n11, \u017burawina winogronowa<br \/>\n12, L\u00f3d truskawkowy<br \/>\n13, Truskawka kiwi<br \/>\n14, Cukierki truskawkowo-malinowe<br \/>\n15, L\u00f3d arbuzowy<br \/>\n16, Soczyste brzoskwinie<br \/>\n17, Love 66<br \/>\n18, Brzoskwinia mango<br \/>\n19, Red Bull<br \/>\n20, Guma balonowa arbuzowo-truskawkowa<\/p>\n<p><a href=\"https:\/\/vapebulkp.com\/pl\/product\/popular-randm-tornado-7000puffs-disposable-vape-best-price\/\">Randm tornado 7000 zaci\u0105gni\u0119\u0107<\/a><\/p>\n<p><span style=\"vertical-align: inherit\">Znajd\u017a wi\u0119cej produkt\u00f3w, kt\u00f3re mog\u0105 Ci si\u0119 spodoba\u0107:<\/span><em><a href=\"https:\/\/wa.me\/8618077105796\"><span style=\"vertical-align: inherit\">\u00a0Kup teraz<\/span><\/a><\/em><\/p>\n<p><span style=\"vertical-align: inherit\">Inne Puffs, kt\u00f3re mog\u0105 Ci si\u0119 spodoba\u0107:<\/span><a href=\"https:\/\/vapebulkp.com\/pl\/product\/good-sale-randm-tornado-10000-puffs-plus\/\"><span style=\"vertical-align: inherit\">RandM 10000 zaci\u0105gni\u0119\u0107<\/span><\/a><span style=\"vertical-align: inherit\">\u2014Dzi\u0119ki pojemno\u015bci 10 000 zaci\u0105gni\u0119\u0107, urz\u0105dzenie to jest ulubie\u0144cem entuzjast\u00f3w waporyzacji.<\/span><\/p>\n<p><a href=\"https:\/\/vapebulkp.com\/pl\/product\/wholesale-randm-tornado-9000-puffs-germany\/\"><span style=\"vertical-align: inherit\">RandM Tornado 9000 zaci\u0105gni\u0119\u0107<\/span><\/a><span style=\"vertical-align: inherit\">\u2014Jako najpopularniejszy e-papieros, Randm oferuje 9 000 zaci\u0105gni\u0119\u0107 do Twojej dyspozycji.<\/span><\/p>\n<p><a href=\"https:\/\/vapebulkp.com\/pl\/product\/bang-20000-puffs-hot-vape-top-sale-vape\/\"><span style=\"vertical-align: inherit\">Bang 20000 zaci\u0105gni\u0119\u0107<\/span><\/a><span style=\"vertical-align: inherit\">\u2014Bang King to popularna marka z unikalnymi modelami i 20 000 zaci\u0105gni\u0119\u0107.<\/span><\/p>\n<p><a href=\"https:\/\/vapebulkp.com\/pl\/product\/bang-king-12000puffs\/\"><span style=\"vertical-align: inherit\">Bang King 12000 zaci\u0105gni\u0119\u0107<\/span><\/a>\u2014Bang King 12000 zaci\u0105gni\u0119\u0107 to popularna marka z unikalnymi modelami i 12 000 zaci\u0105gni\u0119\u0107, kolejna opcja, aby zaspokoi\u0107 Twoje potrzeby zwi\u0105zane z waporyzacj\u0105.<\/p>\n<p><span style=\"vertical-align: inherit\">E-papieros o specjalnym kszta\u0142cie butelki:<\/span><a href=\"https:\/\/vapebulkp.com\/pl\/product\/original-vape-bang-tn-12000-puffs-bang-vape\/\"><span style=\"vertical-align: inherit\">Bang TN 12000 zaci\u0105gni\u0119\u0107<\/span><\/a><span style=\"vertical-align: inherit\">\/ <\/span><a href=\"https:\/\/vapebulkp.com\/pl\/product\/vapme-crystal-7000-puffs-original-vape-good-flavor\/\"><span style=\"vertical-align: inherit\">Crystal 7000 zaci\u0105gni\u0119\u0107<\/span><\/a><span style=\"vertical-align: inherit\">\/<\/span><a href=\"https:\/\/vapebulkp.com\/pl\/product\/top-sale-waspe-12000puffs-disposable-vape-wholesale-france\/\"><span style=\"vertical-align: inherit\">WASPE 12000 zaci\u0105gni\u0119\u0107<\/span><\/a><\/p>\n<p>&nbsp;<\/p>\n<h4>Szczeg\u00f3\u0142y wysy\u0142ki:<\/h4>\n<p><span style=\"color: #ff6600\">Czas produkcji: 5-10 dni roboczych<\/span><br \/>\n<span style=\"color: #ff6600\">Czas wysy\u0142ki: 8-14 dni roboczych<\/span><\/p>\n<p>Wszystkie produkty w naszym sklepie s\u0105 w 100% oryginalne i autentyczne, dlatego polityk\u0105 naszego sklepu jest dziesi\u0119ciokrotne odszkodowanie za podrobione towary. Do dostarczania towar\u00f3w u\u017cywamy kana\u0142\u00f3w logistycznych, takich jak UPS\/DHL\/FEDEX\/DPD.<\/p>\n<p>W przypadku paczek wysy\u0142anych do Polski dostawa trwa zwykle 10 dni roboczych. Wysy\u0142ka do kraj\u00f3w europejskich trwa zwykle od 12 do 15 dni roboczych. B\u0119dziemy aktualizowa\u0107 dla Ciebie informacje logistyczne w czasie rzeczywistym.<\/p>\n<p>Skontaktuj si\u0119 z nami, a zaoferujemy Ci Hazebar 12000 Puff i pomo\u017cemy rozwin\u0105\u0107 Tw\u00f3j biznes!<\/p>","protected":false},"excerpt":{"rendered":"<p>Dobra cena Bang SHISHA 15000 PUFFS<\/p>\n<p>Bang Vape SHISHA 15000 PUFFS JNR Shisha<\/p>\n<p>Popularna Bang shisha 15k Puffs, najlepiej sprzedaj\u0105ca si\u0119<\/p>\n<p><img decoding=\"async\" class=\"alignnone wp-image-2151\" src=\"http:\/\/vapebulkp.com\/wp-content\/uploads\/2024\/04\/Mandy-WhatsApp-Randm.jpg\" alt=\"WhatsApp Mandy Randm\" width=\"238\" height=\"253\" srcset=\"https:\/\/vapebulkp.com\/wp-content\/uploads\/2024\/04\/Mandy-WhatsApp-Randm.jpg 916w, https:\/\/vapebulkp.com\/wp-content\/uploads\/2024\/04\/Mandy-WhatsApp-Randm-282x300.jpg 282w, https:\/\/vapebulkp.com\/wp-content\/uploads\/2024\/04\/Mandy-WhatsApp-Randm-768x817.jpg 768w, https:\/\/vapebulkp.com\/wp-content\/uploads\/2024\/04\/Mandy-WhatsApp-Randm-600x638.jpg 600w\" sizes=\"(max-width: 238px) 100vw, 238px\" \/><\/p>\n<p>Skontaktuj si\u0119 z WhatsApp Mandy, aby uzyska\u0107 cen\u0119 ze zni\u017ck\u0105<a href=\"https:\/\/wa.me\/8618077105796\">+8618077105796<\/a><\/p>\n<p><span style=\"color: #ff0000\">UWAGA: Ceny na naszej stronie internetowej nie zawieraj\u0105 koszt\u00f3w wysy\u0142ki<\/span><\/p>","protected":false},"featured_media":2286,"comment_status":"open","ping_status":"closed","template":"","meta":{"_uag_custom_page_level_css":"","_lmt_disableupdate":"no","_lmt_disable":"","site-sidebar-layout":"default","site-content-layout":"content-boxed-container","ast-site-content-layout":"normal-width-container","site-content-style":"boxed","site-sidebar-style":"unboxed","ast-global-header-display":"","ast-banner-title-visibility":"","ast-main-header-display":"","ast-hfb-above-header-display":"","ast-hfb-below-header-display":"","ast-hfb-mobile-header-display":"","site-post-title":"","ast-breadcrumbs-content":"","ast-featured-img":"","footer-sml-layout":"","theme-transparent-header-meta":"default","adv-header-id-meta":"","stick-header-meta":"","header-above-stick-meta":"","header-main-stick-meta":"","header-below-stick-meta":"","astra-migrate-meta-layouts":"set","_joinchat":[]},"product_cat":[165,153,155,33,59,100,98,34,158,157,154,152,58,84,156,63,32],"product_tag":[77,36,37,91,105,41,71,40],"class_list":["post-2302","product","type-product","status-publish","has-post-thumbnail","hentry","product_cat-15000-puffs-disposable-vape","product_cat-hot-disposable-vapes","product_cat-belgium-hot-disposable-vapes","product_cat-france-vape-hot-sale","product_cat-germany-hot-disposable-vape","product_cat-germany-wholesale-vape-shop","product_cat-moq-100pcs","product_cat-netherlands-vape-good-sale","product_cat-norway-hot-disposable-vapes","product_cat-poland-hot-disposable-vapes","product_cat-portugal-hot-disposable-vapes","product_cat-spain-hot-disposable-vapes","product_cat-sweden-hot-disposable-vape","product_cat-sweden-wholesale-vape","product_cat-switzerland-hot-disposable-vapes","product_cat-top-sale-disposable-vape","product_cat-vape-hot-sale-this-week","product_tag-15000-puffs","product_tag-good-vape","product_tag-hot-sale-disposable-vape","product_tag-italy-hot-vape","product_tag-jnr","product_tag-poland-hot-vape","product_tag-randm","product_tag-sweden-hot-vape","pa_brand-bang-vape","desktop-align-left","tablet-align-left","mobile-align-left"],"yoast_head":"<!-- This site is optimized with the Yoast SEO plugin v21.1 - https:\/\/yoast.com\/wordpress\/plugins\/seo\/ -->\n<title>Discount Price Bang shisha 15k Puffs JNR shisha Disposable Vape - vapebulkp.com<\/title>\n<meta name=\"description\" content=\"With a powerful 600mAh battery, Bang Shisha 15000 Puffs Disposable Vape ensures long-lasting performance, allowing you to enjoy uninterrupted vaping sessions. Say goodbye to frequent recharging and hello to extended enjoyment.\" \/>\n<meta name=\"robots\" content=\"index, follow, max-snippet:-1, max-image-preview:large, max-video-preview:-1\" \/>\n<link rel=\"canonical\" href=\"https:\/\/vapebulkp.com\/pl\/product\/discount-price-bang-shisha-15k-puffs-jnr-shisha-disposable-vape\/\" \/>\n<meta property=\"og:locale\" content=\"pl_PL\" \/>\n<meta property=\"og:type\" content=\"article\" \/>\n<meta property=\"og:title\" content=\"Discount Price Bang shisha 15k Puffs JNR shisha Disposable Vape - vapebulkp.com\" \/>\n<meta property=\"og:description\" content=\"With a powerful 600mAh battery, Bang Shisha 15000 Puffs Disposable Vape ensures long-lasting performance, allowing you to enjoy uninterrupted vaping sessions. Say goodbye to frequent recharging and hello to extended enjoyment.\" \/>\n<meta property=\"og:url\" content=\"https:\/\/vapebulkp.com\/pl\/product\/discount-price-bang-shisha-15k-puffs-jnr-shisha-disposable-vape\/\" \/>\n<meta property=\"og:site_name\" content=\"vapebulkp.com\" \/>\n<meta property=\"article:modified_time\" content=\"2025-09-01T09:34:40+00:00\" \/>\n<meta property=\"og:image\" content=\"http:\/\/vapebulkp.com\/wp-content\/uploads\/2024\/04\/Bang-shisha-15k-PUFFS-Vape-585x1024.png\" \/>\n\t<meta property=\"og:image:width\" content=\"585\" \/>\n\t<meta property=\"og:image:height\" content=\"1024\" \/>\n\t<meta property=\"og:image:type\" content=\"image\/png\" \/>\n<meta name=\"twitter:card\" content=\"summary_large_image\" \/>\n<meta name=\"twitter:label1\" content=\"Szacowany czas czytania\" \/>\n\t<meta name=\"twitter:data1\" content=\"4 minuty\" \/>\n<script type=\"application\/ld+json\" class=\"yoast-schema-graph\">{\"@context\":\"https:\/\/schema.org\",\"@graph\":[{\"@type\":\"WebPage\",\"@id\":\"https:\/\/vapebulkp.com\/product\/discount-price-bang-shisha-15k-puffs-jnr-shisha-disposable-vape\/\",\"url\":\"https:\/\/vapebulkp.com\/product\/discount-price-bang-shisha-15k-puffs-jnr-shisha-disposable-vape\/\",\"name\":\"Discount Price Bang shisha 15k Puffs JNR shisha Disposable Vape - vapebulkp.com\",\"isPartOf\":{\"@id\":\"https:\/\/vapebulkp.com\/#website\"},\"datePublished\":\"2024-04-24T09:32:17+00:00\",\"dateModified\":\"2025-09-01T09:34:40+00:00\",\"description\":\"With a powerful 600mAh battery, Bang Shisha 15000 Puffs Disposable Vape ensures long-lasting performance, allowing you to enjoy uninterrupted vaping sessions. Say goodbye to frequent recharging and hello to extended enjoyment.\",\"breadcrumb\":{\"@id\":\"https:\/\/vapebulkp.com\/product\/discount-price-bang-shisha-15k-puffs-jnr-shisha-disposable-vape\/#breadcrumb\"},\"inLanguage\":\"pl-PL\",\"potentialAction\":[{\"@type\":\"ReadAction\",\"target\":[\"https:\/\/vapebulkp.com\/product\/discount-price-bang-shisha-15k-puffs-jnr-shisha-disposable-vape\/\"]}]},{\"@type\":\"BreadcrumbList\",\"@id\":\"https:\/\/vapebulkp.com\/product\/discount-price-bang-shisha-15k-puffs-jnr-shisha-disposable-vape\/#breadcrumb\",\"itemListElement\":[{\"@type\":\"ListItem\",\"position\":1,\"name\":\"Home\",\"item\":\"https:\/\/vapebulkp.com\/\"},{\"@type\":\"ListItem\",\"position\":2,\"name\":\"Hot Trend Vapes\",\"item\":\"https:\/\/vapebulkp.com\/vape-shop\/\"},{\"@type\":\"ListItem\",\"position\":3,\"name\":\"Discount Price Bang shisha 15k Puffs JNR shisha Disposable Vape\"}]},{\"@type\":\"WebSite\",\"@id\":\"https:\/\/vapebulkp.com\/#website\",\"url\":\"https:\/\/vapebulkp.com\/\",\"name\":\"vapebulkp.com\",\"description\":\"Buy Vape In Cheap Bulk Price Near you\",\"publisher\":{\"@id\":\"https:\/\/vapebulkp.com\/#organization\"},\"potentialAction\":[{\"@type\":\"SearchAction\",\"target\":{\"@type\":\"EntryPoint\",\"urlTemplate\":\"https:\/\/vapebulkp.com\/?s={search_term_string}\"},\"query-input\":\"required name=search_term_string\"}],\"inLanguage\":\"pl-PL\"},{\"@type\":\"Organization\",\"@id\":\"https:\/\/vapebulkp.com\/#organization\",\"name\":\"vapebulkp.com\",\"url\":\"https:\/\/vapebulkp.com\/\",\"logo\":{\"@type\":\"ImageObject\",\"inLanguage\":\"pl-PL\",\"@id\":\"https:\/\/vapebulkp.com\/#\/schema\/logo\/image\/\",\"url\":\"https:\/\/vapebulkp.com\/wp-content\/uploads\/2023\/09\/cropped-vapebulkp.png\",\"contentUrl\":\"https:\/\/vapebulkp.com\/wp-content\/uploads\/2023\/09\/cropped-vapebulkp.png\",\"width\":516,\"height\":163,\"caption\":\"vapebulkp.com\"},\"image\":{\"@id\":\"https:\/\/vapebulkp.com\/#\/schema\/logo\/image\/\"}}]}<\/script>\n<!-- \/ Yoast SEO plugin. -->","yoast_head_json":{"title":"Discount Price Bang shisha 15k Puffs JNR shisha Disposable Vape - vapebulkp.com","description":"With a powerful 600mAh battery, Bang Shisha 15000 Puffs Disposable Vape ensures long-lasting performance, allowing you to enjoy uninterrupted vaping sessions. Say goodbye to frequent recharging and hello to extended enjoyment.","robots":{"index":"index","follow":"follow","max-snippet":"max-snippet:-1","max-image-preview":"max-image-preview:large","max-video-preview":"max-video-preview:-1"},"canonical":"https:\/\/vapebulkp.com\/pl\/product\/discount-price-bang-shisha-15k-puffs-jnr-shisha-disposable-vape\/","og_locale":"pl_PL","og_type":"article","og_title":"Discount Price Bang shisha 15k Puffs JNR shisha Disposable Vape - vapebulkp.com","og_description":"With a powerful 600mAh battery, Bang Shisha 15000 Puffs Disposable Vape ensures long-lasting performance, allowing you to enjoy uninterrupted vaping sessions. Say goodbye to frequent recharging and hello to extended enjoyment.","og_url":"https:\/\/vapebulkp.com\/pl\/product\/discount-price-bang-shisha-15k-puffs-jnr-shisha-disposable-vape\/","og_site_name":"vapebulkp.com","article_modified_time":"2025-09-01T09:34:40+00:00","og_image":[{"width":585,"height":1024,"url":"http:\/\/vapebulkp.com\/wp-content\/uploads\/2024\/04\/Bang-shisha-15k-PUFFS-Vape-585x1024.png","type":"image\/png"}],"twitter_card":"summary_large_image","twitter_misc":{"Szacowany czas czytania":"4 minuty"},"schema":{"@context":"https:\/\/schema.org","@graph":[{"@type":"WebPage","@id":"https:\/\/vapebulkp.com\/product\/discount-price-bang-shisha-15k-puffs-jnr-shisha-disposable-vape\/","url":"https:\/\/vapebulkp.com\/product\/discount-price-bang-shisha-15k-puffs-jnr-shisha-disposable-vape\/","name":"Discount Price Bang shisha 15k Puffs JNR shisha Disposable Vape - vapebulkp.com","isPartOf":{"@id":"https:\/\/vapebulkp.com\/#website"},"datePublished":"2024-04-24T09:32:17+00:00","dateModified":"2025-09-01T09:34:40+00:00","description":"With a powerful 600mAh battery, Bang Shisha 15000 Puffs Disposable Vape ensures long-lasting performance, allowing you to enjoy uninterrupted vaping sessions. Say goodbye to frequent recharging and hello to extended enjoyment.","breadcrumb":{"@id":"https:\/\/vapebulkp.com\/product\/discount-price-bang-shisha-15k-puffs-jnr-shisha-disposable-vape\/#breadcrumb"},"inLanguage":"pl-PL","potentialAction":[{"@type":"ReadAction","target":["https:\/\/vapebulkp.com\/product\/discount-price-bang-shisha-15k-puffs-jnr-shisha-disposable-vape\/"]}]},{"@type":"BreadcrumbList","@id":"https:\/\/vapebulkp.com\/product\/discount-price-bang-shisha-15k-puffs-jnr-shisha-disposable-vape\/#breadcrumb","itemListElement":[{"@type":"ListItem","position":1,"name":"Home","item":"https:\/\/vapebulkp.com\/"},{"@type":"ListItem","position":2,"name":"Hot Trend Vapes","item":"https:\/\/vapebulkp.com\/vape-shop\/"},{"@type":"ListItem","position":3,"name":"Discount Price Bang shisha 15k Puffs JNR shisha Disposable Vape"}]},{"@type":"WebSite","@id":"https:\/\/vapebulkp.com\/#website","url":"https:\/\/vapebulkp.com\/","name":"vapebulkp.com","description":"Buy Vape In Cheap Bulk Price Near you","publisher":{"@id":"https:\/\/vapebulkp.com\/#organization"},"potentialAction":[{"@type":"SearchAction","target":{"@type":"EntryPoint","urlTemplate":"https:\/\/vapebulkp.com\/?s={search_term_string}"},"query-input":"required name=search_term_string"}],"inLanguage":"pl-PL"},{"@type":"Organization","@id":"https:\/\/vapebulkp.com\/#organization","name":"vapebulkp.com","url":"https:\/\/vapebulkp.com\/","logo":{"@type":"ImageObject","inLanguage":"pl-PL","@id":"https:\/\/vapebulkp.com\/#\/schema\/logo\/image\/","url":"https:\/\/vapebulkp.com\/wp-content\/uploads\/2023\/09\/cropped-vapebulkp.png","contentUrl":"https:\/\/vapebulkp.com\/wp-content\/uploads\/2023\/09\/cropped-vapebulkp.png","width":516,"height":163,"caption":"vapebulkp.com"},"image":{"@id":"https:\/\/vapebulkp.com\/#\/schema\/logo\/image\/"}}]}},"uagb_featured_image_src":{"full":["https:\/\/vapebulkp.com\/wp-content\/uploads\/2024\/04\/Bang-shisha-15k-PUFFS-Vape.png",900,1575,false],"thumbnail":["https:\/\/vapebulkp.com\/wp-content\/uploads\/2024\/04\/Bang-shisha-15k-PUFFS-Vape-150x150.png",150,150,true],"medium":["https:\/\/vapebulkp.com\/wp-content\/uploads\/2024\/04\/Bang-shisha-15k-PUFFS-Vape-171x300.png",171,300,true],"medium_large":["https:\/\/vapebulkp.com\/wp-content\/uploads\/2024\/04\/Bang-shisha-15k-PUFFS-Vape-768x1344.png",768,1344,true],"large":["https:\/\/vapebulkp.com\/wp-content\/uploads\/2024\/04\/Bang-shisha-15k-PUFFS-Vape-585x1024.png",585,1024,true],"1536x1536":["https:\/\/vapebulkp.com\/wp-content\/uploads\/2024\/04\/Bang-shisha-15k-PUFFS-Vape-878x1536.png",878,1536,true],"2048x2048":["https:\/\/vapebulkp.com\/wp-content\/uploads\/2024\/04\/Bang-shisha-15k-PUFFS-Vape.png",900,1575,false],"trp-custom-language-flag":["https:\/\/vapebulkp.com\/wp-content\/uploads\/2024\/04\/Bang-shisha-15k-PUFFS-Vape.png",7,12,false],"woocommerce_thumbnail":["https:\/\/vapebulkp.com\/wp-content\/uploads\/2024\/04\/Bang-shisha-15k-PUFFS-Vape-300x300.png",300,300,true],"woocommerce_single":["https:\/\/vapebulkp.com\/wp-content\/uploads\/2024\/04\/Bang-shisha-15k-PUFFS-Vape-600x1050.png",600,1050,true],"woocommerce_gallery_thumbnail":["https:\/\/vapebulkp.com\/wp-content\/uploads\/2024\/04\/Bang-shisha-15k-PUFFS-Vape-100x100.png",100,100,true],"wcpr-photo-reviews":["https:\/\/vapebulkp.com\/wp-content\/uploads\/2024\/04\/Bang-shisha-15k-PUFFS-Vape.png",286,500,false]},"uagb_author_info":{"display_name":"Mandy vape bulk price","author_link":"https:\/\/vapebulkp.com\/pl\/author\/"},"uagb_comment_info":1,"uagb_excerpt":"Good\u00a0 Price Bang SHISHA 15000 PUFFS Bang Vape\u00a0 SHISHA 15000 PUFFS\u00a0 JNR Shisha Popular Bang\u00a0 shisha 15k Puffs top sale Pls Contact Mandy's WhatsApp For Discount Price+8618077105796 NOTE: Prices on our website does not include shipping costs","_links":{"self":[{"href":"https:\/\/vapebulkp.com\/pl\/wp-json\/wp\/v2\/product\/2302","targetHints":{"allow":["GET"]}}],"collection":[{"href":"https:\/\/vapebulkp.com\/pl\/wp-json\/wp\/v2\/product"}],"about":[{"href":"https:\/\/vapebulkp.com\/pl\/wp-json\/wp\/v2\/types\/product"}],"replies":[{"embeddable":true,"href":"https:\/\/vapebulkp.com\/pl\/wp-json\/wp\/v2\/comments?post=2302"}],"wp:featuredmedia":[{"embeddable":true,"href":"https:\/\/vapebulkp.com\/pl\/wp-json\/wp\/v2\/media\/2286"}],"wp:attachment":[{"href":"https:\/\/vapebulkp.com\/pl\/wp-json\/wp\/v2\/media?parent=2302"}],"wp:term":[{"taxonomy":"product_cat","embeddable":true,"href":"https:\/\/vapebulkp.com\/pl\/wp-json\/wp\/v2\/product_cat?post=2302"},{"taxonomy":"product_tag","embeddable":true,"href":"https:\/\/vapebulkp.com\/pl\/wp-json\/wp\/v2\/product_tag?post=2302"}],"curies":[{"name":"wp","href":"https:\/\/api.w.org\/{rel}","templated":true}]}}