{"id":2316,"date":"2024-04-25T05:53:26","date_gmt":"2024-04-25T03:53:26","guid":{"rendered":"https:\/\/vapebulkp.com\/?post_type=product&#038;p=2316"},"modified":"2025-09-17T10:34:53","modified_gmt":"2025-09-17T08:34:53","slug":"discount-price-waspe-digital-box-15000-puffs-disposable-vape","status":"publish","type":"product","link":"https:\/\/vapebulkp.com\/pl\/produkt\/discount-price-waspe-digital-box-15000-puffs-disposable-vape\/","title":{"rendered":"Cena promocyjna WASPE Digital Box 15000 zaci\u0105gni\u0119\u0107 Jednorazowy Waporyzator"},"content":{"rendered":"<h2>Cena promocyjna WASPE Digital Box 15000 zaci\u0105gni\u0119\u0107 Jednorazowy Waporyzator<\/h2>\n<p data-start=\"188\" data-end=\"527\">To <strong data-start=\"192\" data-end=\"225\">WASPE Digital Box 15000 Paliw<\/strong> to produkt premium <a href=\"https:\/\/vapebulkp.com\/pl\/kategoria-produktu\/15000-puffs-disposable-vape\/\"><strong data-start=\"239\" data-end=\"270\">15000 zaci\u0105gni\u0119\u0107 jednorazowy e-papieros<\/strong><\/a> zaprojektowany dla polskich entuzjast\u00f3w wapowania, kt\u00f3rzy ceni\u0105 smak, wygod\u0119 i wysok\u0105 wydajno\u015b\u0107. Zbudowany ze zbiornikiem na e-liquid o pojemno\u015bci 22 ml, zapewnia sta\u0142\u0105, bogat\u0105 par\u0119 do 15 000 zaci\u0105gni\u0119\u0107, zapewniaj\u0105c d\u0142ugotrwa\u0142\u0105 satysfakcj\u0119 bez przerw.<\/p>\n<p data-start=\"529\" data-end=\"838\">Wyposa\u017cony w akumulator 650 mAh i szybkie \u0142adowanie typu C, <strong data-start=\"603\" data-end=\"636\">WASPE Digital Box 15000 Paliw<\/strong> minimalizuje przestoje i zapewnia p\u0142ynne wapowanie. Wska\u017aniki poziomu baterii i e-liquidu pozwalaj\u0105 monitorowa\u0107 zu\u017cycie na pierwszy rzut oka, a elegancka, kompaktowa konstrukcja zapewnia przeno\u015bno\u015b\u0107 do codziennego u\u017cytku lub w podr\u00f3\u017cy.<\/p>\n<p data-start=\"840\" data-end=\"1224\">Dost\u0119pny w 10 starannie dobranych smakach, od klasycznego tytoniu i mentolu po \u017cywe mieszanki owocowe, <strong data-start=\"946\" data-end=\"979\">jednorazowy e-papieros o du\u017cej pojemno\u015bci<\/strong> zaspokaja r\u00f3\u017cnorodne preferencje smakowe. Zaprojektowany z my\u015bl\u0105 o p\u0142ynnych zaci\u0105gni\u0119ciach, g\u0119stych chmurach i satysfakcjonuj\u0105cym uderzeniu w gard\u0142o, WASPE Digital Box \u0142\u0105czy elegancj\u0119, funkcjonalno\u015b\u0107 i niezawodno\u015b\u0107 zar\u00f3wno do u\u017cytku osobistego, jak i dystrybucji hurtowej w ca\u0142ej Polsce.<\/p>\n<p><img decoding=\"async\" class=\"alignnone wp-image-2306\" src=\"http:\/\/vapebulkp.com\/wp-content\/uploads\/2024\/04\/WASPE-15000-Puffs-Best-Sale-Vape-scaled-e1714017465329.jpg\" alt=\"WASPE 15000 Zaci\u0105gni\u0119\u0107 Najlepiej Sprzedaj\u0105cy Si\u0119 Vape\" width=\"578\" height=\"583\" srcset=\"https:\/\/vapebulkp.com\/wp-content\/uploads\/2024\/04\/WASPE-15000-Puffs-Best-Sale-Vape-scaled-e1714017465329.jpg 1813w, https:\/\/vapebulkp.com\/wp-content\/uploads\/2024\/04\/WASPE-15000-Puffs-Best-Sale-Vape-scaled-e1714017465329-297x300.jpg 297w, https:\/\/vapebulkp.com\/wp-content\/uploads\/2024\/04\/WASPE-15000-Puffs-Best-Sale-Vape-scaled-e1714017465329-1014x1024.jpg 1014w, https:\/\/vapebulkp.com\/wp-content\/uploads\/2024\/04\/WASPE-15000-Puffs-Best-Sale-Vape-scaled-e1714017465329-150x150.jpg 150w, https:\/\/vapebulkp.com\/wp-content\/uploads\/2024\/04\/WASPE-15000-Puffs-Best-Sale-Vape-scaled-e1714017465329-768x775.jpg 768w, https:\/\/vapebulkp.com\/wp-content\/uploads\/2024\/04\/WASPE-15000-Puffs-Best-Sale-Vape-scaled-e1714017465329-1522x1536.jpg 1522w, https:\/\/vapebulkp.com\/wp-content\/uploads\/2024\/04\/WASPE-15000-Puffs-Best-Sale-Vape-scaled-e1714017465329-600x606.jpg 600w, https:\/\/vapebulkp.com\/wp-content\/uploads\/2024\/04\/WASPE-15000-Puffs-Best-Sale-Vape-scaled-e1714017465329-100x100.jpg 100w\" sizes=\"(max-width: 578px) 100vw, 578px\" \/><\/p>\n<h6>Skontaktuj si\u0119 z WhatsApp Mandy, aby uzyska\u0107 cen\u0119 ze zni\u017ck\u0105<a href=\"https:\/\/wa.me\/8618077105796\">+8618077105796<\/a><\/h6>\n<p><img decoding=\"async\" class=\"alignnone wp-image-2151\" src=\"http:\/\/vapebulkp.com\/wp-content\/uploads\/2024\/04\/Mandy-WhatsApp-Randm.jpg\" alt=\"WhatsApp Mandy Randm\" width=\"288\" height=\"306\" srcset=\"https:\/\/vapebulkp.com\/wp-content\/uploads\/2024\/04\/Mandy-WhatsApp-Randm.jpg 916w, https:\/\/vapebulkp.com\/wp-content\/uploads\/2024\/04\/Mandy-WhatsApp-Randm-282x300.jpg 282w, https:\/\/vapebulkp.com\/wp-content\/uploads\/2024\/04\/Mandy-WhatsApp-Randm-768x817.jpg 768w, https:\/\/vapebulkp.com\/wp-content\/uploads\/2024\/04\/Mandy-WhatsApp-Randm-600x638.jpg 600w\" sizes=\"(max-width: 288px) 100vw, 288px\" \/><\/p>\n<h2><span style=\"vertical-align: inherit\">Pomy\u015bla\u0142em, \u017ce chcia\u0142by\u015b wiedzie\u0107 o jednorazowym VAPE WASPE Digital Box 15000Puffs:<\/span><\/h2>\n<p>&nbsp;<\/p>\n<h6 class=\"style-scope ytd-watch-metadata\">1. Jak u\u017cywa\u0107 Hot Vape WASPE Digital Box 15k Puffs Vape?<\/h6>\n<p>&nbsp;<\/p>\n<p>Krok 1. Przed u\u017cyciem 15k zaci\u0105gni\u0119\u0107, od\u0142\u0105cz plastikow\u0105 rurk\u0119.<\/p>\n<p>Krok 2. Odczekaj oko\u0142o 3 minut, aby p\u0142yn dosta\u0142 si\u0119 do spirali wewn\u0105trz.<\/p>\n<p>Krok 3. Ciesz si\u0119<\/p>\n<h6>2. Jak \u0142adowa\u0107 najlepszy jednorazowy vape WASPE Digital Box 15000 puffs?<\/h6>\n<p>Nie mo\u017cna u\u017cywa\u0107 \u0142adowarek do szybkiego \u0142adowania, a standardowa bezpieczna moc jednorazowych e-papieros\u00f3w to 5V 1A.<\/p>\n<p>Ka\u017cdy czas \u0142adowania nie mo\u017ce przekroczy\u0107 1 godziny, a bezpieczny czas \u0142adowania to p\u00f3\u0142 godziny.<\/p>\n<h6>3. Ile zaci\u0105gni\u0119\u0107 ma WASPE Digital Box 15k Puffs Good Sale Vape?<\/h6>\n<p>\u2014-12000 Zaci\u0105gni\u0119\u0107<\/p>\n<p><span style=\"color: #ff6600\">Uwaga: nie mo\u017cna \u0142adowa\u0107 przez ca\u0142\u0105 noc!<\/span><\/p>\n<p>&nbsp;<\/p>\n<h3><strong><span style=\"vertical-align: inherit\">Specyfikacja dla WASPE Digital Box 15000Puffs:<\/span><br \/>\n<\/strong><\/h3>\n<blockquote><p>Bateria: 650mAh (Typ C)<br \/>\nPojemno\u015b\u0107: 22ml<br \/>\nGrza\u0142ka: siatka 0.8 oma<br \/>\nPrzybli\u017cona liczba zaci\u0105gni\u0119\u0107: 15000<br \/>\nZawarto\u015b\u0107 nikotyny: 2%, 5%<br \/>\nMinimalne zam\u00f3wienie: 100 sztuk<\/p><\/blockquote>\n<h3><strong>\u00a0Lista smak\u00f3w urz\u0105dzenia WASPE Digital Box 12000 Puff Vape:<\/strong><\/h3>\n<blockquote><p>1. Arbuzowy l\u00f3d<br \/>\n2. Jagodowe Lody<br \/>\n3. Winogronowy Marshmallom<br \/>\n4. Truskawka Malina Wi\u015bnia<br \/>\n5. Mieszane jagody<br \/>\n6. Truskawkowy arbuz<br \/>\n7. Truskawkowe kiwi<br \/>\n8. Mango Peach Ananas<br \/>\n9. Sok z malin i granat\u00f3w<br \/>\n10. L\u00f3d z zielonego jab\u0142ka i arbuza<\/p><\/blockquote>\n<p><span style=\"vertical-align: inherit\">Znajd\u017a wi\u0119cej produkt\u00f3w, kt\u00f3re mog\u0105 Ci si\u0119 spodoba\u0107:<\/span><em><a href=\"https:\/\/wa.me\/8618077105796\"><span style=\"vertical-align: inherit\">\u00a0Kup teraz<\/span><\/a><\/em><\/p>\n<p><span style=\"vertical-align: inherit\">Inne Puffs, kt\u00f3re mog\u0105 Ci si\u0119 spodoba\u0107:<\/span><a href=\"https:\/\/vapebulkp.com\/pl\/produkt\/good-sale-randm-tornado-10000-puffs-plus\/\"><span style=\"vertical-align: inherit\">RandM 10000 zaci\u0105gni\u0119\u0107<\/span><\/a><span style=\"vertical-align: inherit\">\u3001 <\/span><a href=\"https:\/\/vapebulkp.com\/pl\/produkt\/wholesale-randm-tornado-9000-puffs-germany\/\"><span style=\"vertical-align: inherit\">RandM Tornado 9000 zaci\u0105gni\u0119\u0107<\/span><\/a><span style=\"vertical-align: inherit\">\/ <\/span><a href=\"https:\/\/vapebulkp.com\/pl\/produkt\/utco-digital-box-12000-puffs-wholeasle-price-vape\/\"><span style=\"vertical-align: inherit\">UTCO Digital Box 12000 Zaci\u0105gni\u0119\u0107<\/span><\/a><span style=\"vertical-align: inherit\">\/ <\/span><a href=\"https:\/\/vapebulkp.com\/pl\/produkt\/bang-king-12000puffs\/\"><span style=\"vertical-align: inherit\">Bang King 12000 zaci\u0105gni\u0119\u0107<\/span><\/a><\/p>\n<p><span style=\"vertical-align: inherit\">E-papieros o specjalnym kszta\u0142cie butelki:<\/span><a href=\"https:\/\/vapebulkp.com\/pl\/produkt\/original-vape-bang-tn-12000-puffs-bang-vape\/\"><span style=\"vertical-align: inherit\">Bang TN 12000 zaci\u0105gni\u0119\u0107 <\/span><\/a><span style=\"vertical-align: inherit\">\/ <\/span><a href=\"https:\/\/vapebulkp.com\/pl\/produkt\/discount-price-bang-shisha-15k-puffs-jnr-shisha-disposable-vape\/\"><span style=\"vertical-align: inherit\">Bang shisha 15000 zaci\u0105gni\u0119\u0107 <\/span><\/a><span style=\"vertical-align: inherit\">\/<\/span><a href=\"https:\/\/vapebulkp.com\/pl\/produkt\/popular-vape-bang-king-15000-puffs-bang-vape\/\"><span style=\"vertical-align: inherit\">Bang King 15000 Zaci\u0105gni\u0119\u0107<\/span><\/a><\/p>\n<h4>Szczeg\u00f3\u0142y wysy\u0142ki:<\/h4>\n<p><span style=\"color: #ff6600\">Czas produkcji: 5-10 dni roboczych<\/span><br \/>\n<span style=\"color: #ff6600\">Czas wysy\u0142ki: 8-14 dni roboczych<\/span><\/p>\n<p>Wszystkie produkty w naszym sklepie s\u0105 w 100% oryginalne i autentyczne, dlatego polityk\u0105 naszego sklepu jest dziesi\u0119ciokrotne odszkodowanie za podrobione towary. Do dostarczania towar\u00f3w u\u017cywamy kana\u0142\u00f3w logistycznych, takich jak UPS\/DHL\/FEDEX\/DPD.<\/p>\n<p>W przypadku paczek wysy\u0142anych do Polski dostawa trwa zwykle 10 dni roboczych. Wysy\u0142ka do kraj\u00f3w europejskich trwa zwykle od 12 do 15 dni roboczych. B\u0119dziemy aktualizowa\u0107 dla Ciebie informacje logistyczne w czasie rzeczywistym.<\/p>","protected":false},"excerpt":{"rendered":"<p>Korzystanie z e-papierosa WASPE Digital Box 15k Puffs to przyjemny proces. Niezale\u017cnie od tego, czy relaksujesz si\u0119 w domu, wychodzisz ze znajomymi, czy jeste\u015b w podr\u00f3\u017cy, to urz\u0105dzenie jest Twoim towarzyszem pysznego i satysfakcjonuj\u0105cego wapowania. Ulepsz swoje wra\u017cenia z wapowania dzi\u0119ki WASPE Digital Box 15000 Puffs ju\u017c dzi\u015b!<\/p>\n<p><img decoding=\"async\" class=\"alignnone wp-image-2151\" src=\"http:\/\/vapebulkp.com\/wp-content\/uploads\/2024\/04\/Mandy-WhatsApp-Randm.jpg\" alt=\"WhatsApp Mandy Randm\" width=\"276\" height=\"293\" srcset=\"https:\/\/vapebulkp.com\/wp-content\/uploads\/2024\/04\/Mandy-WhatsApp-Randm.jpg 916w, https:\/\/vapebulkp.com\/wp-content\/uploads\/2024\/04\/Mandy-WhatsApp-Randm-282x300.jpg 282w, https:\/\/vapebulkp.com\/wp-content\/uploads\/2024\/04\/Mandy-WhatsApp-Randm-768x817.jpg 768w, https:\/\/vapebulkp.com\/wp-content\/uploads\/2024\/04\/Mandy-WhatsApp-Randm-600x638.jpg 600w\" sizes=\"(max-width: 276px) 100vw, 276px\" \/><\/p>\n<p>Skontaktuj si\u0119 z WhatsApp Mandy, aby uzyska\u0107 cen\u0119 ze zni\u017ck\u0105<a href=\"https:\/\/wa.me\/8618077105796\">+8618077105796<\/a><\/p>\n<p><span style=\"color: #ff0000\">UWAGA: Ceny na naszej stronie internetowej nie zawieraj\u0105 koszt\u00f3w wysy\u0142ki<\/span><\/p>","protected":false},"featured_media":2305,"comment_status":"open","ping_status":"closed","template":"","meta":{"_uag_custom_page_level_css":"","_lmt_disableupdate":"no","_lmt_disable":"","site-sidebar-layout":"default","site-content-layout":"content-boxed-container","ast-site-content-layout":"normal-width-container","site-content-style":"boxed","site-sidebar-style":"unboxed","ast-global-header-display":"","ast-banner-title-visibility":"","ast-main-header-display":"","ast-hfb-above-header-display":"","ast-hfb-below-header-display":"","ast-hfb-mobile-header-display":"","site-post-title":"","ast-breadcrumbs-content":"","ast-featured-img":"","footer-sml-layout":"","theme-transparent-header-meta":"default","adv-header-id-meta":"","stick-header-meta":"","header-above-stick-meta":"","header-main-stick-meta":"","header-below-stick-meta":"","astra-migrate-meta-layouts":"set","_joinchat":[]},"product_cat":[165,153,155,33,59,100,87,34,158,157,154,152,58,84,156,63,32,365],"product_tag":[77,36,37,41],"class_list":["post-2316","product","type-product","status-publish","has-post-thumbnail","hentry","product_cat-15000-puffs-disposable-vape","product_cat-hot-disposable-vapes","product_cat-belgium-hot-disposable-vapes","product_cat-france-vape-hot-sale","product_cat-germany-hot-disposable-vape","product_cat-germany-wholesale-vape-shop","product_cat-minimum-order-quantity-50pcs","product_cat-netherlands-vape-good-sale","product_cat-norway-hot-disposable-vapes","product_cat-poland-hot-disposable-vapes","product_cat-portugal-hot-disposable-vapes","product_cat-spain-hot-disposable-vapes","product_cat-sweden-hot-disposable-vape","product_cat-sweden-wholesale-vape","product_cat-switzerland-hot-disposable-vapes","product_cat-top-sale-disposable-vape","product_cat-vape-hot-sale-this-week","product_cat-waspe-vape","product_tag-15000-puffs","product_tag-good-vape","product_tag-hot-sale-disposable-vape","product_tag-poland-hot-vape","pa_brand-waspe-vape","desktop-align-left","tablet-align-left","mobile-align-left"],"yoast_head":"<!-- This site is optimized with the Yoast SEO plugin v21.1 - https:\/\/yoast.com\/wordpress\/plugins\/seo\/ -->\n<title>Discount Price WASPE Digital Box 15000 Puffs Disposable Vape - vapebulkp.com<\/title>\n<meta name=\"description\" content=\"WASPE Digital Box 15000 Puffs body e-cigarette is an enjoyable process. Whether you&#039;re relaxing at home, out with friends, or on the go, this device is your companion for delicious, satisfying vaping.\" \/>\n<meta name=\"robots\" content=\"index, follow, max-snippet:-1, max-image-preview:large, max-video-preview:-1\" \/>\n<link rel=\"canonical\" href=\"https:\/\/vapebulkp.com\/pl\/produkt\/discount-price-waspe-digital-box-15000-puffs-disposable-vape\/\" \/>\n<meta property=\"og:locale\" content=\"pl_PL\" \/>\n<meta property=\"og:type\" content=\"article\" \/>\n<meta property=\"og:title\" content=\"Discount Price WASPE Digital Box 15000 Puffs Disposable Vape - vapebulkp.com\" \/>\n<meta property=\"og:description\" content=\"WASPE Digital Box 15000 Puffs body e-cigarette is an enjoyable process. Whether you&#039;re relaxing at home, out with friends, or on the go, this device is your companion for delicious, satisfying vaping.\" \/>\n<meta property=\"og:url\" content=\"https:\/\/vapebulkp.com\/pl\/produkt\/discount-price-waspe-digital-box-15000-puffs-disposable-vape\/\" \/>\n<meta property=\"og:site_name\" content=\"vapebulkp.com\" \/>\n<meta property=\"article:modified_time\" content=\"2025-09-17T08:34:53+00:00\" \/>\n<meta property=\"og:image\" content=\"http:\/\/vapebulkp.com\/wp-content\/uploads\/2024\/04\/WASPE-15000-Puffs-Best-Sale-Vape-Box.png\" \/>\n\t<meta property=\"og:image:width\" content=\"1000\" \/>\n\t<meta property=\"og:image:height\" content=\"1000\" \/>\n\t<meta property=\"og:image:type\" content=\"image\/png\" \/>\n<meta name=\"twitter:card\" content=\"summary_large_image\" \/>\n<meta name=\"twitter:label1\" content=\"Szacowany czas czytania\" \/>\n\t<meta name=\"twitter:data1\" content=\"3 minuty\" \/>\n<script type=\"application\/ld+json\" class=\"yoast-schema-graph\">{\"@context\":\"https:\/\/schema.org\",\"@graph\":[{\"@type\":\"WebPage\",\"@id\":\"https:\/\/vapebulkp.com\/product\/discount-price-waspe-digital-box-15000-puffs-disposable-vape\/\",\"url\":\"https:\/\/vapebulkp.com\/product\/discount-price-waspe-digital-box-15000-puffs-disposable-vape\/\",\"name\":\"Discount Price WASPE Digital Box 15000 Puffs Disposable Vape - vapebulkp.com\",\"isPartOf\":{\"@id\":\"https:\/\/vapebulkp.com\/#website\"},\"datePublished\":\"2024-04-25T03:53:26+00:00\",\"dateModified\":\"2025-09-17T08:34:53+00:00\",\"description\":\"WASPE Digital Box 15000 Puffs body e-cigarette is an enjoyable process. Whether you're relaxing at home, out with friends, or on the go, this device is your companion for delicious, satisfying vaping.\",\"breadcrumb\":{\"@id\":\"https:\/\/vapebulkp.com\/product\/discount-price-waspe-digital-box-15000-puffs-disposable-vape\/#breadcrumb\"},\"inLanguage\":\"pl-PL\",\"potentialAction\":[{\"@type\":\"ReadAction\",\"target\":[\"https:\/\/vapebulkp.com\/product\/discount-price-waspe-digital-box-15000-puffs-disposable-vape\/\"]}]},{\"@type\":\"BreadcrumbList\",\"@id\":\"https:\/\/vapebulkp.com\/product\/discount-price-waspe-digital-box-15000-puffs-disposable-vape\/#breadcrumb\",\"itemListElement\":[{\"@type\":\"ListItem\",\"position\":1,\"name\":\"Home\",\"item\":\"https:\/\/vapebulkp.com\/\"},{\"@type\":\"ListItem\",\"position\":2,\"name\":\"Hot Trend Vapes\",\"item\":\"https:\/\/vapebulkp.com\/vape-shop\/\"},{\"@type\":\"ListItem\",\"position\":3,\"name\":\"Discount Price WASPE Digital Box 15000 Puffs Disposable Vape\"}]},{\"@type\":\"WebSite\",\"@id\":\"https:\/\/vapebulkp.com\/#website\",\"url\":\"https:\/\/vapebulkp.com\/\",\"name\":\"vapebulkp.com\",\"description\":\"Buy Vape In Cheap Bulk Price Near you\",\"publisher\":{\"@id\":\"https:\/\/vapebulkp.com\/#organization\"},\"potentialAction\":[{\"@type\":\"SearchAction\",\"target\":{\"@type\":\"EntryPoint\",\"urlTemplate\":\"https:\/\/vapebulkp.com\/?s={search_term_string}\"},\"query-input\":\"required name=search_term_string\"}],\"inLanguage\":\"pl-PL\"},{\"@type\":\"Organization\",\"@id\":\"https:\/\/vapebulkp.com\/#organization\",\"name\":\"vapebulkp.com\",\"url\":\"https:\/\/vapebulkp.com\/\",\"logo\":{\"@type\":\"ImageObject\",\"inLanguage\":\"pl-PL\",\"@id\":\"https:\/\/vapebulkp.com\/#\/schema\/logo\/image\/\",\"url\":\"https:\/\/vapebulkp.com\/wp-content\/uploads\/2023\/09\/cropped-vapebulkp.png\",\"contentUrl\":\"https:\/\/vapebulkp.com\/wp-content\/uploads\/2023\/09\/cropped-vapebulkp.png\",\"width\":516,\"height\":163,\"caption\":\"vapebulkp.com\"},\"image\":{\"@id\":\"https:\/\/vapebulkp.com\/#\/schema\/logo\/image\/\"}}]}<\/script>\n<!-- \/ Yoast SEO plugin. -->","yoast_head_json":{"title":"Discount Price WASPE Digital Box 15000 Puffs Disposable Vape - vapebulkp.com","description":"WASPE Digital Box 15000 Puffs body e-cigarette is an enjoyable process. Whether you're relaxing at home, out with friends, or on the go, this device is your companion for delicious, satisfying vaping.","robots":{"index":"index","follow":"follow","max-snippet":"max-snippet:-1","max-image-preview":"max-image-preview:large","max-video-preview":"max-video-preview:-1"},"canonical":"https:\/\/vapebulkp.com\/pl\/produkt\/discount-price-waspe-digital-box-15000-puffs-disposable-vape\/","og_locale":"pl_PL","og_type":"article","og_title":"Discount Price WASPE Digital Box 15000 Puffs Disposable Vape - vapebulkp.com","og_description":"WASPE Digital Box 15000 Puffs body e-cigarette is an enjoyable process. Whether you're relaxing at home, out with friends, or on the go, this device is your companion for delicious, satisfying vaping.","og_url":"https:\/\/vapebulkp.com\/pl\/produkt\/discount-price-waspe-digital-box-15000-puffs-disposable-vape\/","og_site_name":"vapebulkp.com","article_modified_time":"2025-09-17T08:34:53+00:00","og_image":[{"width":1000,"height":1000,"url":"http:\/\/vapebulkp.com\/wp-content\/uploads\/2024\/04\/WASPE-15000-Puffs-Best-Sale-Vape-Box.png","type":"image\/png"}],"twitter_card":"summary_large_image","twitter_misc":{"Szacowany czas czytania":"3 minuty"},"schema":{"@context":"https:\/\/schema.org","@graph":[{"@type":"WebPage","@id":"https:\/\/vapebulkp.com\/product\/discount-price-waspe-digital-box-15000-puffs-disposable-vape\/","url":"https:\/\/vapebulkp.com\/product\/discount-price-waspe-digital-box-15000-puffs-disposable-vape\/","name":"Discount Price WASPE Digital Box 15000 Puffs Disposable Vape - vapebulkp.com","isPartOf":{"@id":"https:\/\/vapebulkp.com\/#website"},"datePublished":"2024-04-25T03:53:26+00:00","dateModified":"2025-09-17T08:34:53+00:00","description":"WASPE Digital Box 15000 Puffs body e-cigarette is an enjoyable process. Whether you're relaxing at home, out with friends, or on the go, this device is your companion for delicious, satisfying vaping.","breadcrumb":{"@id":"https:\/\/vapebulkp.com\/product\/discount-price-waspe-digital-box-15000-puffs-disposable-vape\/#breadcrumb"},"inLanguage":"pl-PL","potentialAction":[{"@type":"ReadAction","target":["https:\/\/vapebulkp.com\/product\/discount-price-waspe-digital-box-15000-puffs-disposable-vape\/"]}]},{"@type":"BreadcrumbList","@id":"https:\/\/vapebulkp.com\/product\/discount-price-waspe-digital-box-15000-puffs-disposable-vape\/#breadcrumb","itemListElement":[{"@type":"ListItem","position":1,"name":"Home","item":"https:\/\/vapebulkp.com\/"},{"@type":"ListItem","position":2,"name":"Hot Trend Vapes","item":"https:\/\/vapebulkp.com\/vape-shop\/"},{"@type":"ListItem","position":3,"name":"Discount Price WASPE Digital Box 15000 Puffs Disposable Vape"}]},{"@type":"WebSite","@id":"https:\/\/vapebulkp.com\/#website","url":"https:\/\/vapebulkp.com\/","name":"vapebulkp.com","description":"Buy Vape In Cheap Bulk Price Near you","publisher":{"@id":"https:\/\/vapebulkp.com\/#organization"},"potentialAction":[{"@type":"SearchAction","target":{"@type":"EntryPoint","urlTemplate":"https:\/\/vapebulkp.com\/?s={search_term_string}"},"query-input":"required name=search_term_string"}],"inLanguage":"pl-PL"},{"@type":"Organization","@id":"https:\/\/vapebulkp.com\/#organization","name":"vapebulkp.com","url":"https:\/\/vapebulkp.com\/","logo":{"@type":"ImageObject","inLanguage":"pl-PL","@id":"https:\/\/vapebulkp.com\/#\/schema\/logo\/image\/","url":"https:\/\/vapebulkp.com\/wp-content\/uploads\/2023\/09\/cropped-vapebulkp.png","contentUrl":"https:\/\/vapebulkp.com\/wp-content\/uploads\/2023\/09\/cropped-vapebulkp.png","width":516,"height":163,"caption":"vapebulkp.com"},"image":{"@id":"https:\/\/vapebulkp.com\/#\/schema\/logo\/image\/"}}]}},"uagb_featured_image_src":{"full":["https:\/\/vapebulkp.com\/wp-content\/uploads\/2024\/04\/WASPE-15000-Puffs-Best-Sale-Vape-Box.png",1000,1000,false],"thumbnail":["https:\/\/vapebulkp.com\/wp-content\/uploads\/2024\/04\/WASPE-15000-Puffs-Best-Sale-Vape-Box-150x150.png",150,150,true],"medium":["https:\/\/vapebulkp.com\/wp-content\/uploads\/2024\/04\/WASPE-15000-Puffs-Best-Sale-Vape-Box-300x300.png",300,300,true],"medium_large":["https:\/\/vapebulkp.com\/wp-content\/uploads\/2024\/04\/WASPE-15000-Puffs-Best-Sale-Vape-Box-768x768.png",768,768,true],"large":["https:\/\/vapebulkp.com\/wp-content\/uploads\/2024\/04\/WASPE-15000-Puffs-Best-Sale-Vape-Box.png",1000,1000,false],"1536x1536":["https:\/\/vapebulkp.com\/wp-content\/uploads\/2024\/04\/WASPE-15000-Puffs-Best-Sale-Vape-Box.png",1000,1000,false],"2048x2048":["https:\/\/vapebulkp.com\/wp-content\/uploads\/2024\/04\/WASPE-15000-Puffs-Best-Sale-Vape-Box.png",1000,1000,false],"trp-custom-language-flag":["https:\/\/vapebulkp.com\/wp-content\/uploads\/2024\/04\/WASPE-15000-Puffs-Best-Sale-Vape-Box.png",12,12,false],"woocommerce_thumbnail":["https:\/\/vapebulkp.com\/wp-content\/uploads\/2024\/04\/WASPE-15000-Puffs-Best-Sale-Vape-Box-300x300.png",300,300,true],"woocommerce_single":["https:\/\/vapebulkp.com\/wp-content\/uploads\/2024\/04\/WASPE-15000-Puffs-Best-Sale-Vape-Box-600x600.png",600,600,true],"woocommerce_gallery_thumbnail":["https:\/\/vapebulkp.com\/wp-content\/uploads\/2024\/04\/WASPE-15000-Puffs-Best-Sale-Vape-Box-100x100.png",100,100,true],"wcpr-photo-reviews":["https:\/\/vapebulkp.com\/wp-content\/uploads\/2024\/04\/WASPE-15000-Puffs-Best-Sale-Vape-Box.png",500,500,false]},"uagb_author_info":{"display_name":"Mandy vape bulk price","author_link":"https:\/\/vapebulkp.com\/pl\/author\/"},"uagb_comment_info":1,"uagb_excerpt":"Using WASPE Digital Box 15k Puffs\u00a0 e-cigarette is an enjoyable process. Whether you're relaxing at home, out with friends, or on the go, this device is your companion for delicious, satisfying vaping. Upgrade your vaping experience with WASPE Digital Box 15000 Puffs today! Pls Contact Mandy's WhatsApp For Discount Price+8618077105796 NOTE: Prices on our website&hellip;","_links":{"self":[{"href":"https:\/\/vapebulkp.com\/pl\/wp-json\/wp\/v2\/product\/2316","targetHints":{"allow":["GET"]}}],"collection":[{"href":"https:\/\/vapebulkp.com\/pl\/wp-json\/wp\/v2\/product"}],"about":[{"href":"https:\/\/vapebulkp.com\/pl\/wp-json\/wp\/v2\/types\/product"}],"replies":[{"embeddable":true,"href":"https:\/\/vapebulkp.com\/pl\/wp-json\/wp\/v2\/comments?post=2316"}],"wp:featuredmedia":[{"embeddable":true,"href":"https:\/\/vapebulkp.com\/pl\/wp-json\/wp\/v2\/media\/2305"}],"wp:attachment":[{"href":"https:\/\/vapebulkp.com\/pl\/wp-json\/wp\/v2\/media?parent=2316"}],"wp:term":[{"taxonomy":"product_cat","embeddable":true,"href":"https:\/\/vapebulkp.com\/pl\/wp-json\/wp\/v2\/product_cat?post=2316"},{"taxonomy":"product_tag","embeddable":true,"href":"https:\/\/vapebulkp.com\/pl\/wp-json\/wp\/v2\/product_tag?post=2316"}],"curies":[{"name":"wp","href":"https:\/\/api.w.org\/{rel}","templated":true}]}}