{"id":2399,"date":"2024-04-28T11:43:52","date_gmt":"2024-04-28T09:43:52","guid":{"rendered":"https:\/\/vapebulkp.com\/?post_type=product&#038;p=2399"},"modified":"2025-09-02T05:11:26","modified_gmt":"2025-09-02T03:11:26","slug":"discount-price-cloud-bar-tn-15000-disposable-vape-raz-bar","status":"publish","type":"product","link":"https:\/\/vapebulkp.com\/pl\/product\/discount-price-cloud-bar-tn-15000-disposable-vape-raz-bar\/","title":{"rendered":"Cloud Bar TN 15000 Puffs Disposable Vape RAZ BAR, cena promocyjna"},"content":{"rendered":"<h2>Cloud Bar TN 15000 Puffs Disposable Vape RAZ BAR, cena promocyjna<\/h2>\n<p data-start=\"379\" data-end=\"689\">To <strong data-start=\"383\" data-end=\"435\">Cloud Bar TN 15000 Zaci\u0105gni\u0119\u0107 Jednorazowy Waporyzator RAZ BAR<\/strong> jest <strong data-start=\"441\" data-end=\"470\">waporyzator o du\u017cej pojemno\u015bci<\/strong> zaprojektowany z my\u015bl\u0105 o d\u0142ugotrwa\u0142ej wydajno\u015bci i bogatym smaku. Z pojemno\u015bci\u0105 23ml liquidu i akumulatorem 650mAh, ten <strong data-start=\"592\" data-end=\"624\">\u0142adowalnym e-papierosie jednorazowym<\/strong> zosta\u0142 stworzony, aby zapewni\u0107 ci\u0105g\u0142\u0105 satysfakcj\u0119 podczas ka\u017cdej sesji.<\/p>\n<p data-start=\"691\" data-end=\"943\">Wyposa\u017cony w technologi\u0119 <strong data-start=\"705\" data-end=\"734\">jednoraz\u00f3wk\u0105 z siatkow\u0105 grza\u0142k\u0105<\/strong> , produkuje g\u0142adk\u0105 par\u0119 i czysty smak, jednocze\u015bnie wzmacniaj\u0105c intensywno\u015b\u0107 ka\u017cdego zaci\u0105gni\u0119cia. Cyfrowy wy\u015bwietlacz \u015bledzi zar\u00f3wno poziom liquidu, jak i baterii, daj\u0105c u\u017cytkownikom pe\u0142n\u0105 kontrol\u0119 bez przerw.<\/p>\n<p data-start=\"945\" data-end=\"1198\">Wst\u0119pnie nape\u0142nione <strong data-start=\"961\" data-end=\"983\">s\u00f3l nikotynowa<\/strong> opcje, zaspokaja r\u00f3\u017cne preferencje, niezale\u017cnie od tego, czy chcesz silnego uderzenia w gard\u0142o, czy \u0142agodniejszego zaci\u0105gni\u0119cia. Dost\u0119pny w wielu <strong data-start=\"1108\" data-end=\"1132\">smaki waporyzatora klasy premium<\/strong>, jest wszechstronnym wyborem do codziennego u\u017cytku i na imprezy towarzyskie.<\/p>\n<p data-start=\"1200\" data-end=\"1407\">Idealny dla <strong data-start=\"1212\" data-end=\"1237\">rynkach hurtowej sprzeda\u017cy vape w Europie<\/strong>, <strong data-start=\"1243\" data-end=\"1287\">Bar Chmurowy TN <a href=\"https:\/\/vapebulkp.com\/pl\/product-category\/15000-puffs-disposable-vape\/\">15000 zaci\u0105gni\u0119\u0107 jednorazowy e-papieros<\/a><\/strong> \u0142\u0105czy styl, wygod\u0119 i wydajno\u015b\u0107 \u2014 co czyni go niezawodn\u0105 opcj\u0105 dla sprzedawc\u00f3w detalicznych i nabywc\u00f3w hurtowych w ca\u0142ej Polsce.<\/p>\n<h6 style=\"text-align: left\"><img decoding=\"async\" class=\"alignnone wp-image-2335\" src=\"http:\/\/vapebulkp.com\/wp-content\/uploads\/2024\/04\/Wholesale-Price-Cloud-TN-15000Puffs-Good-Vape-scaled.jpg\" alt=\"Cena Hurtowa Cloud TN 15000Puffs Dobry Vape\" width=\"848\" height=\"1129\" srcset=\"https:\/\/vapebulkp.com\/wp-content\/uploads\/2024\/04\/Wholesale-Price-Cloud-TN-15000Puffs-Good-Vape-scaled.jpg 1922w, https:\/\/vapebulkp.com\/wp-content\/uploads\/2024\/04\/Wholesale-Price-Cloud-TN-15000Puffs-Good-Vape-225x300.jpg 225w, https:\/\/vapebulkp.com\/wp-content\/uploads\/2024\/04\/Wholesale-Price-Cloud-TN-15000Puffs-Good-Vape-769x1024.jpg 769w, https:\/\/vapebulkp.com\/wp-content\/uploads\/2024\/04\/Wholesale-Price-Cloud-TN-15000Puffs-Good-Vape-768x1023.jpg 768w, https:\/\/vapebulkp.com\/wp-content\/uploads\/2024\/04\/Wholesale-Price-Cloud-TN-15000Puffs-Good-Vape-1153x1536.jpg 1153w, https:\/\/vapebulkp.com\/wp-content\/uploads\/2024\/04\/Wholesale-Price-Cloud-TN-15000Puffs-Good-Vape-1538x2048.jpg 1538w, https:\/\/vapebulkp.com\/wp-content\/uploads\/2024\/04\/Wholesale-Price-Cloud-TN-15000Puffs-Good-Vape-600x799.jpg 600w\" sizes=\"(max-width: 848px) 100vw, 848px\" \/><\/h6>\n<p>&nbsp;<\/p>\n<h6>Skontaktuj si\u0119 z WhatsApp Mandy, aby uzyska\u0107 cen\u0119 ze zni\u017ck\u0105<a href=\"https:\/\/wa.me\/8618077105796\">+8618077105796<\/a><\/h6>\n<p><img decoding=\"async\" class=\"alignnone wp-image-2151\" src=\"http:\/\/vapebulkp.com\/wp-content\/uploads\/2024\/04\/Mandy-WhatsApp-Randm.jpg\" alt=\"WhatsApp Mandy Randm\" width=\"287\" height=\"305\" srcset=\"https:\/\/vapebulkp.com\/wp-content\/uploads\/2024\/04\/Mandy-WhatsApp-Randm.jpg 916w, https:\/\/vapebulkp.com\/wp-content\/uploads\/2024\/04\/Mandy-WhatsApp-Randm-282x300.jpg 282w, https:\/\/vapebulkp.com\/wp-content\/uploads\/2024\/04\/Mandy-WhatsApp-Randm-768x817.jpg 768w, https:\/\/vapebulkp.com\/wp-content\/uploads\/2024\/04\/Mandy-WhatsApp-Randm-600x638.jpg 600w\" sizes=\"(max-width: 287px) 100vw, 287px\" \/><\/p>\n<div class=\"faqs-answer\"><\/div>\n<h2><strong><span style=\"vertical-align: inherit\">Specyfikacja Cloud bar TN 15k Zaci\u0105gni\u0119\u0107 GEEK BAR:<\/span><br \/>\n<\/strong><\/h2>\n<p>Model: Cloud Bar TN 15k Zaci\u0105gni\u0119\u0107<br \/>\nIlo\u015b\u0107 zaci\u0105gni\u0119\u0107: 15000 zaci\u0105gni\u0119\u0107<br \/>\nPojemno\u015b\u0107 baterii: 650mAh<br \/>\nObj\u0119to\u015b\u0107 e-liquidu: 23ml<br \/>\nZawarto\u015b\u0107 nikotyny: 2%\/\/5% s\u00f3l nikotynowa<br \/>\nOpakowanie: 10 sztuk w 1 pude\u0142ku prezentacyjnym<br \/>\nMinimalna ilo\u015b\u0107 zam\u00f3wienia (MOQ): 50 sztuk<\/p>\n<p>&nbsp;<\/p>\n<h2><strong>Wyb\u00f3r smak\u00f3w vape GEEK BAR Cloud Bar TN 15k Puffs:<\/strong><\/h2>\n<p>1.Bor\u00f3wka Malina<br \/>\n2.Pan Niebieski<br \/>\n3.Truskawka Arbuz<br \/>\n4.Brzoskwiniowe Mango Ananas<br \/>\n5.Soczysty L\u00f3d (l\u00f3d arbuzowy)<br \/>\n6.Mieszane jagody<br \/>\n7.Truskawkowy L\u00f3d<br \/>\n8.Niebieski l\u00f3d malinowy<br \/>\n9.Czarny Smoczy L\u00f3d<br \/>\n10. Brzoskwinia l\u00f3d<br \/>\n11.Wi\u015bnia<br \/>\n12.L\u00f3d wi\u015bniowo-truskawkowo-malinowy<\/p>\n<p><a href=\"https:\/\/vapebulkp.com\/pl\/product\/good-sale-bang-de-8500puffs-wholesale-price\/\"><span style=\"vertical-align: inherit\">Dobra Wyprzeda\u017c Vape Bang DE 8500 Zaci\u0105gni\u0119\u0107<\/span><\/a><\/p>\n<p><span style=\"vertical-align: inherit\">Znajd\u017a wi\u0119cej produkt\u00f3w, kt\u00f3re mog\u0105 Ci si\u0119 spodoba\u0107:<\/span><em><a href=\"https:\/\/wa.me\/8618077105796\"><span style=\"vertical-align: inherit\">\u00a0Kup teraz<\/span><\/a><\/em><\/p>\n<p><span style=\"vertical-align: inherit\">Inne Puffs, kt\u00f3re mog\u0105 Ci si\u0119 spodoba\u0107:<\/span><a href=\"https:\/\/vapebulkp.com\/pl\/product\/bulk-buy-kulx-8800-puffs-disposable-vape-wholesale-germany\/\"><span style=\"vertical-align: inherit\">Kulx 8800 Zaci\u0105gni\u0119\u0107<\/span><\/a><span style=\"vertical-align: inherit\">\u3001<\/span><a href=\"https:\/\/vapebulkp.com\/pl\/product\/good-sale-randm-tornado-10000-puffs-plus\/\"><span style=\"vertical-align: inherit\">Randm 10000 Zaci\u0105gni\u0119\u0107<\/span><\/a><span style=\"vertical-align: inherit\">\/ <\/span><a href=\"https:\/\/vapebulkp.com\/pl\/product\/popular-kulx-10000puffs-disposable-vape-good-price\/\"><span style=\"vertical-align: inherit\">Kulx 10000 Zaci\u0105gni\u0119\u0107<\/span><\/a><span style=\"vertical-align: inherit\">\/ <\/span><a href=\"https:\/\/vapebulkp.com\/pl\/product\/popular-randm-tornado-7000puffs-disposable-vape-best-price\/\"><span style=\"vertical-align: inherit\">RandM Tornado 7000 Zaci\u0105gni\u0119\u0107<\/span><\/a><\/p>\n<p><span style=\"vertical-align: inherit\">E-papieros o specjalnym kszta\u0142cie butelki:<\/span><a href=\"https:\/\/vapebulkp.com\/pl\/product\/bang-box-12000puffs-good-vape-sweden-wholesale-price\/\"><span style=\"vertical-align: inherit\">Bang Box 12000 zaci\u0105gni\u0119\u0107 <\/span><\/a><span style=\"vertical-align: inherit\">\/ <\/span><a href=\"https:\/\/vapebulkp.com\/pl\/product\/wholesale-tornado-rum-bar-9000-puffs-sweden\/\"><span style=\"vertical-align: inherit\">Rumbar 9000 zaci\u0105gni\u0119\u0107<\/span><\/a><span style=\"vertical-align: inherit\">\/<\/span><a href=\"https:\/\/vapebulkp.com\/pl\/product\/top-sale-waspe-12000puffs-disposable-vape-wholesale-france\/\"><span style=\"vertical-align: inherit\">WASPE 12000 zaci\u0105gni\u0119\u0107<\/span><\/a><\/p>\n<h3>Kwalifikacja produkcyjna:<\/h3>\n<p><img decoding=\"async\" class=\"alignnone size-full wp-image-1841\" src=\"http:\/\/vapebulkp.com\/wp-content\/uploads\/2023\/11\/Vape-production-process-2.jpeg\" alt=\"Proces produkcji vape\" width=\"650\" height=\"434\" srcset=\"https:\/\/vapebulkp.com\/wp-content\/uploads\/2023\/11\/Vape-production-process-2.jpeg 650w, https:\/\/vapebulkp.com\/wp-content\/uploads\/2023\/11\/Vape-production-process-2-300x200.jpeg 300w, https:\/\/vapebulkp.com\/wp-content\/uploads\/2023\/11\/Vape-production-process-2-600x401.jpeg 600w\" sizes=\"(max-width: 650px) 100vw, 650px\" \/><\/p>\n<p><img decoding=\"async\" class=\"alignnone size-full wp-image-1843\" src=\"http:\/\/vapebulkp.com\/wp-content\/uploads\/2023\/11\/Vape-production-process.jpeg\" alt=\"Proces produkcji vape\" width=\"641\" height=\"1026\" srcset=\"https:\/\/vapebulkp.com\/wp-content\/uploads\/2023\/11\/Vape-production-process.jpeg 641w, https:\/\/vapebulkp.com\/wp-content\/uploads\/2023\/11\/Vape-production-process-187x300.jpeg 187w, https:\/\/vapebulkp.com\/wp-content\/uploads\/2023\/11\/Vape-production-process-640x1024.jpeg 640w, https:\/\/vapebulkp.com\/wp-content\/uploads\/2023\/11\/Vape-production-process-600x960.jpeg 600w\" sizes=\"(max-width: 641px) 100vw, 641px\" \/><\/p>\n<h4>Najcz\u0119\u015bciej zadawane pytania:<\/h4>\n<h4>1.Czy mog\u0119 samodzielnie uzupe\u0142ni\u0107 p\u0142yn Cloud bar TN 15k Puffs?<\/h4>\n<p>Nie, jednorazowy zestaw papieros\u00f3w elektronicznych Cloud bar TN 15k Puffs jest przeznaczony wy\u0142\u0105cznie do jednorazowego u\u017cytku i nie mo\u017cna go uzupe\u0142nia\u0107. Jest fabrycznie nape\u0142niony wysokiej jako\u015bci p\u0142ynami smakowymi, aby zapewni\u0107 bezproblemowe i sp\u00f3jne wra\u017cenia z palenia. Po zu\u017cyciu p\u0142ynu wystarczy w odpowiedzialny spos\u00f3b wyrzuci\u0107 urz\u0105dzenie.<\/p>\n<h4>2.Czy mog\u0119 zabra\u0107 jednorazowy vape Cloud bar TN 15k Puffs w podr\u00f3\u017c samolotem?<\/h4>\n<p>Chocia\u017c jednorazowy zestaw do e-papierosa Cloud bar TN 15000 Puffs jest kompaktowy i przyjazny w podr\u00f3\u017cy, warto sprawdzi\u0107 przepisy linii lotniczych, zanim zabierzesz go na pok\u0142ad samolotu. Niekt\u00f3re linie lotnicze maj\u0105 specjalne przepisy dotycz\u0105ce przewozu urz\u0105dze\u0144 do wapowania, dlatego najlepiej jest poinformowa\u0107 si\u0119 z wyprzedzeniem, aby unikn\u0105\u0107 niedogodno\u015bci podczas podr\u00f3\u017cy.<\/p>\n<h4>3.Co powinienem zrobi\u0107 ze zu\u017cytym jednorazowym zestawem e-papieros\u00f3w Cloud bar vape 15K RAZ BAR?<\/h4>\n<p>Aby odpowiedzialnie pozby\u0107 si\u0119 zu\u017cytego jednorazowego zestawu do e-papieros\u00f3w Cloud bar tornado 15k zaci\u0105gni\u0119\u0107, nale\u017cy sprawdzi\u0107 lokalne przepisy dotycz\u0105ce e-odpad\u00f3w lub e-recyklingu. Wiele sklep\u00f3w z vape i centr\u00f3w recyklingu przyjmuje zu\u017cyte urz\u0105dzenia, aby upewni\u0107 si\u0119, \u017ce zostan\u0105 zutylizowane w spos\u00f3b bezpieczny i odpowiedzialny.<\/p>\n<h4>Szczeg\u00f3\u0142y wysy\u0142ki:<\/h4>\n<p><span style=\"color: #ff6600\">Czas produkcji: 5-10 dni roboczych<\/span><br \/>\n<span style=\"color: #ff6600\">Czas wysy\u0142ki: 8-14 dni roboczych<\/span><\/p>\n<p>Wszystkie produkty w naszym sklepie s\u0105 w 100% oryginalne i autentyczne, dlatego polityk\u0105 naszego sklepu jest dziesi\u0119ciokrotne odszkodowanie za podrobione towary. Do dostarczania towar\u00f3w u\u017cywamy kana\u0142\u00f3w logistycznych, takich jak UPS\/DHL\/FEDEX\/DPD.<\/p>\n<p>W przypadku paczek wysy\u0142anych do Polski dostawa trwa zwykle 10 dni roboczych. Wysy\u0142ka do kraj\u00f3w europejskich trwa zwykle od 12 do 15 dni roboczych. B\u0119dziemy aktualizowa\u0107 dla Ciebie informacje logistyczne w czasie rzeczywistym.<\/p>","protected":false},"excerpt":{"rendered":"<p>Cena hurtowa Cloud Bar RAZ BAR 15k Zaci\u0105gni\u0119\u0107<\/p>\n<p>Cloud Bar TN 15000 Zaci\u0105gni\u0119\u0107 Najlepiej sprzedaj\u0105ce si\u0119 w Polsce<\/p>\n<p>Cloud Bar GEEK BAR 15K Zaci\u0105gni\u0119\u0107 Jednorazowy Waporyzator Gor\u0105ca sprzeda\u017c w tym tygodniu<\/p>\n<p><img decoding=\"async\" class=\"alignnone wp-image-2151\" src=\"http:\/\/vapebulkp.com\/wp-content\/uploads\/2024\/04\/Mandy-WhatsApp-Randm.jpg\" alt=\"WhatsApp Mandy Randm\" width=\"269\" height=\"286\" srcset=\"https:\/\/vapebulkp.com\/wp-content\/uploads\/2024\/04\/Mandy-WhatsApp-Randm.jpg 916w, https:\/\/vapebulkp.com\/wp-content\/uploads\/2024\/04\/Mandy-WhatsApp-Randm-282x300.jpg 282w, https:\/\/vapebulkp.com\/wp-content\/uploads\/2024\/04\/Mandy-WhatsApp-Randm-768x817.jpg 768w, https:\/\/vapebulkp.com\/wp-content\/uploads\/2024\/04\/Mandy-WhatsApp-Randm-600x638.jpg 600w\" sizes=\"(max-width: 269px) 100vw, 269px\" \/><\/p>\n<p>Skontaktuj si\u0119 z WhatsApp Mandy, aby uzyska\u0107 cen\u0119 ze zni\u017ck\u0105<a href=\"https:\/\/wa.me\/8618077105796\">+8618077105796<\/a><\/p>\n<p><span style=\"color: #ff0000\">UWAGA: Ceny na naszej stronie internetowej nie zawieraj\u0105 koszt\u00f3w wysy\u0142ki<\/span><\/p>\n<p>G\u0142\u00f3wny pow\u00f3d zakupu<br \/>\n1. Doskona\u0142a jako\u015b\u0107 i niezr\u00f3wnana wydajno\u015b\u0107.<\/p>\n<p>2. Konkurencyjna cena i szybko\u015b\u0107.<\/p>\n<p>3. Wiele opcji i terminowa dostawa.<\/p>\n<p>4. Satysfakcjonuj\u0105ce do\u015bwiadczenie zakupowe<\/p>","protected":false},"featured_media":2334,"comment_status":"open","ping_status":"closed","template":"","meta":{"_uag_custom_page_level_css":"","_lmt_disableupdate":"no","_lmt_disable":"","site-sidebar-layout":"default","site-content-layout":"content-boxed-container","ast-site-content-layout":"normal-width-container","site-content-style":"boxed","site-sidebar-style":"unboxed","ast-global-header-display":"","ast-banner-title-visibility":"","ast-main-header-display":"","ast-hfb-above-header-display":"","ast-hfb-below-header-display":"","ast-hfb-mobile-header-display":"","site-post-title":"","ast-breadcrumbs-content":"","ast-featured-img":"","footer-sml-layout":"","theme-transparent-header-meta":"default","adv-header-id-meta":"","stick-header-meta":"","header-above-stick-meta":"","header-main-stick-meta":"","header-below-stick-meta":"","astra-migrate-meta-layouts":"set","_joinchat":[]},"product_cat":[165,153,155,33,59,100,87,34,158,157,154,152,58,84,156,63,32],"product_tag":[122,123,36,37,41,75,40],"class_list":["post-2399","product","type-product","status-publish","has-post-thumbnail","hentry","product_cat-15000-puffs-disposable-vape","product_cat-hot-disposable-vapes","product_cat-belgium-hot-disposable-vapes","product_cat-france-vape-hot-sale","product_cat-germany-hot-disposable-vape","product_cat-germany-wholesale-vape-shop","product_cat-minimum-order-quantity-50pcs","product_cat-netherlands-vape-good-sale","product_cat-norway-hot-disposable-vapes","product_cat-poland-hot-disposable-vapes","product_cat-portugal-hot-disposable-vapes","product_cat-spain-hot-disposable-vapes","product_cat-sweden-hot-disposable-vape","product_cat-sweden-wholesale-vape","product_cat-switzerland-hot-disposable-vapes","product_cat-top-sale-disposable-vape","product_cat-vape-hot-sale-this-week","product_tag-15000puffs","product_tag-cloud-bar-tn-15000-disposable-vape-raz-bar","product_tag-good-vape","product_tag-hot-sale-disposable-vape","product_tag-poland-hot-vape","product_tag-randm-vape-9000-puffs","product_tag-sweden-hot-vape","desktop-align-left","tablet-align-left","mobile-align-left"],"yoast_head":"<!-- This site is optimized with the Yoast SEO plugin v21.1 - https:\/\/yoast.com\/wordpress\/plugins\/seo\/ -->\n<title>Discount Price Cloud Bar TN 15000 Puffs Disposable Vape RAZ BAR - vapebulkp.com<\/title>\n<meta name=\"description\" content=\"Discount Price Cloud Bar TN 15000 Disposable Vape RAZ BAR with an unprecedented 23ml e-juice reservoir and a robust 650mAh battery, this intelligent device redefines convenience and performance.\" \/>\n<meta name=\"robots\" content=\"index, follow, max-snippet:-1, max-image-preview:large, max-video-preview:-1\" \/>\n<link rel=\"canonical\" href=\"https:\/\/vapebulkp.com\/pl\/product\/discount-price-cloud-bar-tn-15000-disposable-vape-raz-bar\/\" \/>\n<meta property=\"og:locale\" content=\"pl_PL\" \/>\n<meta property=\"og:type\" content=\"article\" \/>\n<meta property=\"og:title\" content=\"Discount Price Cloud Bar TN 15000 Puffs Disposable Vape RAZ BAR - vapebulkp.com\" \/>\n<meta property=\"og:description\" content=\"Discount Price Cloud Bar TN 15000 Disposable Vape RAZ BAR with an unprecedented 23ml e-juice reservoir and a robust 650mAh battery, this intelligent device redefines convenience and performance.\" \/>\n<meta property=\"og:url\" content=\"https:\/\/vapebulkp.com\/pl\/product\/discount-price-cloud-bar-tn-15000-disposable-vape-raz-bar\/\" \/>\n<meta property=\"og:site_name\" content=\"vapebulkp.com\" \/>\n<meta property=\"article:modified_time\" content=\"2025-09-02T03:11:26+00:00\" \/>\n<meta property=\"og:image\" content=\"http:\/\/vapebulkp.com\/wp-content\/uploads\/2024\/04\/Good-Price-Cloud-TN-15k-Puffs-Good-Vape.png\" \/>\n\t<meta property=\"og:image:width\" content=\"800\" \/>\n\t<meta property=\"og:image:height\" content=\"800\" \/>\n\t<meta property=\"og:image:type\" content=\"image\/png\" \/>\n<meta name=\"twitter:card\" content=\"summary_large_image\" \/>\n<meta name=\"twitter:label1\" content=\"Szacowany czas czytania\" \/>\n\t<meta name=\"twitter:data1\" content=\"4 minuty\" \/>\n<script type=\"application\/ld+json\" class=\"yoast-schema-graph\">{\"@context\":\"https:\/\/schema.org\",\"@graph\":[{\"@type\":\"WebPage\",\"@id\":\"https:\/\/vapebulkp.com\/product\/discount-price-cloud-bar-tn-15000-disposable-vape-raz-bar\/\",\"url\":\"https:\/\/vapebulkp.com\/product\/discount-price-cloud-bar-tn-15000-disposable-vape-raz-bar\/\",\"name\":\"Discount Price Cloud Bar TN 15000 Puffs Disposable Vape RAZ BAR - vapebulkp.com\",\"isPartOf\":{\"@id\":\"https:\/\/vapebulkp.com\/#website\"},\"datePublished\":\"2024-04-28T09:43:52+00:00\",\"dateModified\":\"2025-09-02T03:11:26+00:00\",\"description\":\"Discount Price Cloud Bar TN 15000 Disposable Vape RAZ BAR with an unprecedented 23ml e-juice reservoir and a robust 650mAh battery, this intelligent device redefines convenience and performance.\",\"breadcrumb\":{\"@id\":\"https:\/\/vapebulkp.com\/product\/discount-price-cloud-bar-tn-15000-disposable-vape-raz-bar\/#breadcrumb\"},\"inLanguage\":\"pl-PL\",\"potentialAction\":[{\"@type\":\"ReadAction\",\"target\":[\"https:\/\/vapebulkp.com\/product\/discount-price-cloud-bar-tn-15000-disposable-vape-raz-bar\/\"]}]},{\"@type\":\"BreadcrumbList\",\"@id\":\"https:\/\/vapebulkp.com\/product\/discount-price-cloud-bar-tn-15000-disposable-vape-raz-bar\/#breadcrumb\",\"itemListElement\":[{\"@type\":\"ListItem\",\"position\":1,\"name\":\"Home\",\"item\":\"https:\/\/vapebulkp.com\/\"},{\"@type\":\"ListItem\",\"position\":2,\"name\":\"Hot Trend Vapes\",\"item\":\"https:\/\/vapebulkp.com\/vape-shop\/\"},{\"@type\":\"ListItem\",\"position\":3,\"name\":\"Discount Price Cloud Bar TN 15000 Puffs Disposable Vape RAZ BAR\"}]},{\"@type\":\"WebSite\",\"@id\":\"https:\/\/vapebulkp.com\/#website\",\"url\":\"https:\/\/vapebulkp.com\/\",\"name\":\"vapebulkp.com\",\"description\":\"Buy Vape In Cheap Bulk Price Near you\",\"publisher\":{\"@id\":\"https:\/\/vapebulkp.com\/#organization\"},\"potentialAction\":[{\"@type\":\"SearchAction\",\"target\":{\"@type\":\"EntryPoint\",\"urlTemplate\":\"https:\/\/vapebulkp.com\/?s={search_term_string}\"},\"query-input\":\"required name=search_term_string\"}],\"inLanguage\":\"pl-PL\"},{\"@type\":\"Organization\",\"@id\":\"https:\/\/vapebulkp.com\/#organization\",\"name\":\"vapebulkp.com\",\"url\":\"https:\/\/vapebulkp.com\/\",\"logo\":{\"@type\":\"ImageObject\",\"inLanguage\":\"pl-PL\",\"@id\":\"https:\/\/vapebulkp.com\/#\/schema\/logo\/image\/\",\"url\":\"https:\/\/vapebulkp.com\/wp-content\/uploads\/2023\/09\/cropped-vapebulkp.png\",\"contentUrl\":\"https:\/\/vapebulkp.com\/wp-content\/uploads\/2023\/09\/cropped-vapebulkp.png\",\"width\":516,\"height\":163,\"caption\":\"vapebulkp.com\"},\"image\":{\"@id\":\"https:\/\/vapebulkp.com\/#\/schema\/logo\/image\/\"}}]}<\/script>\n<!-- \/ Yoast SEO plugin. -->","yoast_head_json":{"title":"Discount Price Cloud Bar TN 15000 Puffs Disposable Vape RAZ BAR - vapebulkp.com","description":"Discount Price Cloud Bar TN 15000 Disposable Vape RAZ BAR with an unprecedented 23ml e-juice reservoir and a robust 650mAh battery, this intelligent device redefines convenience and performance.","robots":{"index":"index","follow":"follow","max-snippet":"max-snippet:-1","max-image-preview":"max-image-preview:large","max-video-preview":"max-video-preview:-1"},"canonical":"https:\/\/vapebulkp.com\/pl\/product\/discount-price-cloud-bar-tn-15000-disposable-vape-raz-bar\/","og_locale":"pl_PL","og_type":"article","og_title":"Discount Price Cloud Bar TN 15000 Puffs Disposable Vape RAZ BAR - vapebulkp.com","og_description":"Discount Price Cloud Bar TN 15000 Disposable Vape RAZ BAR with an unprecedented 23ml e-juice reservoir and a robust 650mAh battery, this intelligent device redefines convenience and performance.","og_url":"https:\/\/vapebulkp.com\/pl\/product\/discount-price-cloud-bar-tn-15000-disposable-vape-raz-bar\/","og_site_name":"vapebulkp.com","article_modified_time":"2025-09-02T03:11:26+00:00","og_image":[{"width":800,"height":800,"url":"http:\/\/vapebulkp.com\/wp-content\/uploads\/2024\/04\/Good-Price-Cloud-TN-15k-Puffs-Good-Vape.png","type":"image\/png"}],"twitter_card":"summary_large_image","twitter_misc":{"Szacowany czas czytania":"4 minuty"},"schema":{"@context":"https:\/\/schema.org","@graph":[{"@type":"WebPage","@id":"https:\/\/vapebulkp.com\/product\/discount-price-cloud-bar-tn-15000-disposable-vape-raz-bar\/","url":"https:\/\/vapebulkp.com\/product\/discount-price-cloud-bar-tn-15000-disposable-vape-raz-bar\/","name":"Discount Price Cloud Bar TN 15000 Puffs Disposable Vape RAZ BAR - vapebulkp.com","isPartOf":{"@id":"https:\/\/vapebulkp.com\/#website"},"datePublished":"2024-04-28T09:43:52+00:00","dateModified":"2025-09-02T03:11:26+00:00","description":"Discount Price Cloud Bar TN 15000 Disposable Vape RAZ BAR with an unprecedented 23ml e-juice reservoir and a robust 650mAh battery, this intelligent device redefines convenience and performance.","breadcrumb":{"@id":"https:\/\/vapebulkp.com\/product\/discount-price-cloud-bar-tn-15000-disposable-vape-raz-bar\/#breadcrumb"},"inLanguage":"pl-PL","potentialAction":[{"@type":"ReadAction","target":["https:\/\/vapebulkp.com\/product\/discount-price-cloud-bar-tn-15000-disposable-vape-raz-bar\/"]}]},{"@type":"BreadcrumbList","@id":"https:\/\/vapebulkp.com\/product\/discount-price-cloud-bar-tn-15000-disposable-vape-raz-bar\/#breadcrumb","itemListElement":[{"@type":"ListItem","position":1,"name":"Home","item":"https:\/\/vapebulkp.com\/"},{"@type":"ListItem","position":2,"name":"Hot Trend Vapes","item":"https:\/\/vapebulkp.com\/vape-shop\/"},{"@type":"ListItem","position":3,"name":"Discount Price Cloud Bar TN 15000 Puffs Disposable Vape RAZ BAR"}]},{"@type":"WebSite","@id":"https:\/\/vapebulkp.com\/#website","url":"https:\/\/vapebulkp.com\/","name":"vapebulkp.com","description":"Buy Vape In Cheap Bulk Price Near you","publisher":{"@id":"https:\/\/vapebulkp.com\/#organization"},"potentialAction":[{"@type":"SearchAction","target":{"@type":"EntryPoint","urlTemplate":"https:\/\/vapebulkp.com\/?s={search_term_string}"},"query-input":"required name=search_term_string"}],"inLanguage":"pl-PL"},{"@type":"Organization","@id":"https:\/\/vapebulkp.com\/#organization","name":"vapebulkp.com","url":"https:\/\/vapebulkp.com\/","logo":{"@type":"ImageObject","inLanguage":"pl-PL","@id":"https:\/\/vapebulkp.com\/#\/schema\/logo\/image\/","url":"https:\/\/vapebulkp.com\/wp-content\/uploads\/2023\/09\/cropped-vapebulkp.png","contentUrl":"https:\/\/vapebulkp.com\/wp-content\/uploads\/2023\/09\/cropped-vapebulkp.png","width":516,"height":163,"caption":"vapebulkp.com"},"image":{"@id":"https:\/\/vapebulkp.com\/#\/schema\/logo\/image\/"}}]}},"uagb_featured_image_src":{"full":["https:\/\/vapebulkp.com\/wp-content\/uploads\/2024\/04\/Good-Price-Cloud-TN-15k-Puffs-Good-Vape.png",800,800,false],"thumbnail":["https:\/\/vapebulkp.com\/wp-content\/uploads\/2024\/04\/Good-Price-Cloud-TN-15k-Puffs-Good-Vape-150x150.png",150,150,true],"medium":["https:\/\/vapebulkp.com\/wp-content\/uploads\/2024\/04\/Good-Price-Cloud-TN-15k-Puffs-Good-Vape-300x300.png",300,300,true],"medium_large":["https:\/\/vapebulkp.com\/wp-content\/uploads\/2024\/04\/Good-Price-Cloud-TN-15k-Puffs-Good-Vape-768x768.png",768,768,true],"large":["https:\/\/vapebulkp.com\/wp-content\/uploads\/2024\/04\/Good-Price-Cloud-TN-15k-Puffs-Good-Vape.png",800,800,false],"1536x1536":["https:\/\/vapebulkp.com\/wp-content\/uploads\/2024\/04\/Good-Price-Cloud-TN-15k-Puffs-Good-Vape.png",800,800,false],"2048x2048":["https:\/\/vapebulkp.com\/wp-content\/uploads\/2024\/04\/Good-Price-Cloud-TN-15k-Puffs-Good-Vape.png",800,800,false],"trp-custom-language-flag":["https:\/\/vapebulkp.com\/wp-content\/uploads\/2024\/04\/Good-Price-Cloud-TN-15k-Puffs-Good-Vape.png",12,12,false],"woocommerce_thumbnail":["https:\/\/vapebulkp.com\/wp-content\/uploads\/2024\/04\/Good-Price-Cloud-TN-15k-Puffs-Good-Vape-300x300.png",300,300,true],"woocommerce_single":["https:\/\/vapebulkp.com\/wp-content\/uploads\/2024\/04\/Good-Price-Cloud-TN-15k-Puffs-Good-Vape-600x600.png",600,600,true],"woocommerce_gallery_thumbnail":["https:\/\/vapebulkp.com\/wp-content\/uploads\/2024\/04\/Good-Price-Cloud-TN-15k-Puffs-Good-Vape-100x100.png",100,100,true],"wcpr-photo-reviews":["https:\/\/vapebulkp.com\/wp-content\/uploads\/2024\/04\/Good-Price-Cloud-TN-15k-Puffs-Good-Vape.png",500,500,false]},"uagb_author_info":{"display_name":"Mandy vape bulk price","author_link":"https:\/\/vapebulkp.com\/pl\/author\/"},"uagb_comment_info":1,"uagb_excerpt":"Wholesale price Cloud Bar RAZ BAR 15k Puffs Cloud Bar TN 15000 puffs Top Sale Sweden Cloud Bar GEEK BAR 15K puffs Disposbale Vape Hot Sale This Week Pls Contact Mandy's WhatsApp For Discount Price+8618077105796 NOTE: Prices on our website does not include shipping costs Main reason for purchase 1. Excellent quality and unparalleled performance.&hellip;","_links":{"self":[{"href":"https:\/\/vapebulkp.com\/pl\/wp-json\/wp\/v2\/product\/2399","targetHints":{"allow":["GET"]}}],"collection":[{"href":"https:\/\/vapebulkp.com\/pl\/wp-json\/wp\/v2\/product"}],"about":[{"href":"https:\/\/vapebulkp.com\/pl\/wp-json\/wp\/v2\/types\/product"}],"replies":[{"embeddable":true,"href":"https:\/\/vapebulkp.com\/pl\/wp-json\/wp\/v2\/comments?post=2399"}],"wp:featuredmedia":[{"embeddable":true,"href":"https:\/\/vapebulkp.com\/pl\/wp-json\/wp\/v2\/media\/2334"}],"wp:attachment":[{"href":"https:\/\/vapebulkp.com\/pl\/wp-json\/wp\/v2\/media?parent=2399"}],"wp:term":[{"taxonomy":"product_cat","embeddable":true,"href":"https:\/\/vapebulkp.com\/pl\/wp-json\/wp\/v2\/product_cat?post=2399"},{"taxonomy":"product_tag","embeddable":true,"href":"https:\/\/vapebulkp.com\/pl\/wp-json\/wp\/v2\/product_tag?post=2399"}],"curies":[{"name":"wp","href":"https:\/\/api.w.org\/{rel}","templated":true}]}}