{"id":2423,"date":"2024-05-09T10:54:09","date_gmt":"2024-05-09T08:54:09","guid":{"rendered":"https:\/\/vapebulkp.com\/?post_type=product&#038;p=2423"},"modified":"2025-09-24T05:14:17","modified_gmt":"2025-09-24T03:14:17","slug":"original-vape-big-puffs-bang-vape-36000puffs","status":"publish","type":"product","link":"https:\/\/vapebulkp.com\/pl\/product\/original-vape-big-puffs-bang-vape-36000puffs\/","title":{"rendered":"Oryginalna e-papieros, du\u017ce zaci\u0105gni\u0119cia, Bang Vape 36000 zaci\u0105gni\u0119\u0107"},"content":{"rendered":"<h1 style=\"text-align: left\">Oryginalna e-papieros, du\u017ce zaci\u0105gni\u0119cia, Bang Vape 36000 zaci\u0105gni\u0119\u0107<\/h1>\n<p data-start=\"265\" data-end=\"592\">To <strong data-start=\"269\" data-end=\"309\">Jednorazowy e-papieros Bang 36000 Puffs<\/strong> to produkt premium <a href=\"https:\/\/vapebulkp.com\/pl\/product-category\/36000-puff-disposable-vape\/\"><strong data-start=\"323\" data-end=\"354\">jednorazowy vape 36000 Puffs<\/strong><\/a> zaprojektowany z my\u015bl\u0105 o d\u0142ugotrwa\u0142ym u\u017cytkowaniu i g\u0142adkim oddawaniu smaku. Wst\u0119pnie nape\u0142niony ogromnym wk\u0142adem z 40 ml p\u0142ynu i dost\u0119pny w wersji z sol\u0105 nikotynow\u0105 2% lub 5%, to urz\u0105dzenie zapewnia sta\u0142\u0105 satysfakcj\u0119 zar\u00f3wno dla okazjonalnych, jak i na\u0142ogowych palaczy.<\/p>\n<p data-start=\"594\" data-end=\"936\">Zasilany wytrzyma\u0142\u0105, \u0142adowaln\u0105 bateri\u0105 850 mAh z szybkim \u0142adowaniem typu C, zapewnia nieprzerwane wapowanie z minimalnymi przestojami. Bang 36000 wyposa\u017cono w zaawansowan\u0105 technologi\u0119 grza\u0142ki, kt\u00f3ra gwarantuje g\u0119st\u0105 par\u0119 i mocne uderzenie w gard\u0142o w 10 popularnych smakach, co czyni go jednym z najbardziej niezawodnych <strong data-start=\"885\" data-end=\"919\">jednorazowe e-papierosy o du\u017cej pojemno\u015bci<\/strong> na rynku.<\/p>\n<p data-start=\"938\" data-end=\"1150\">Kompaktowy, stylowy i wydajny <strong data-start=\"974\" data-end=\"1014\">Jednorazowy e-papieros Bang 36000 Puffs<\/strong> to idealny wyb\u00f3r dla tych, kt\u00f3rzy szukaj\u0105 <strong data-start=\"1061\" data-end=\"1096\">d\u0142ugotrwa\u0142ego e-papierosa z sol\u0105 nikotynow\u0105<\/strong> \u0142\u0105cz\u0105cego wygod\u0119 z najwy\u017csz\u0105 wydajno\u015bci\u0105.<\/p>\n<p><img decoding=\"async\" class=\"alignnone wp-image-2270\" src=\"http:\/\/vapebulkp.com\/wp-content\/uploads\/2024\/04\/Bang-Vape-36000-Puffs-Wholesale-Discount.jpg\" alt=\"Bang Vape 36000 zaci\u0105gni\u0119\u0107, zni\u017cka hurtowa\" width=\"642\" height=\"875\" srcset=\"https:\/\/vapebulkp.com\/wp-content\/uploads\/2024\/04\/Bang-Vape-36000-Puffs-Wholesale-Discount.jpg 1080w, https:\/\/vapebulkp.com\/wp-content\/uploads\/2024\/04\/Bang-Vape-36000-Puffs-Wholesale-Discount-220x300.jpg 220w, https:\/\/vapebulkp.com\/wp-content\/uploads\/2024\/04\/Bang-Vape-36000-Puffs-Wholesale-Discount-751x1024.jpg 751w, https:\/\/vapebulkp.com\/wp-content\/uploads\/2024\/04\/Bang-Vape-36000-Puffs-Wholesale-Discount-768x1047.jpg 768w, https:\/\/vapebulkp.com\/wp-content\/uploads\/2024\/04\/Bang-Vape-36000-Puffs-Wholesale-Discount-600x818.jpg 600w\" sizes=\"(max-width: 642px) 100vw, 642px\" \/><\/p>\n<h6>Skontaktuj si\u0119 z WhatsApp Mandy, aby uzyska\u0107 cen\u0119 ze zni\u017ck\u0105<a href=\"https:\/\/wa.me\/8618077105796\">+8618077105796<\/a><\/h6>\n<p><img decoding=\"async\" class=\"alignnone wp-image-2151\" src=\"http:\/\/vapebulkp.com\/wp-content\/uploads\/2024\/04\/Mandy-WhatsApp-Randm.jpg\" alt=\"WhatsApp Mandy Randm\" width=\"261\" height=\"277\" srcset=\"https:\/\/vapebulkp.com\/wp-content\/uploads\/2024\/04\/Mandy-WhatsApp-Randm.jpg 916w, https:\/\/vapebulkp.com\/wp-content\/uploads\/2024\/04\/Mandy-WhatsApp-Randm-282x300.jpg 282w, https:\/\/vapebulkp.com\/wp-content\/uploads\/2024\/04\/Mandy-WhatsApp-Randm-768x817.jpg 768w, https:\/\/vapebulkp.com\/wp-content\/uploads\/2024\/04\/Mandy-WhatsApp-Randm-600x638.jpg 600w\" sizes=\"(max-width: 261px) 100vw, 261px\" \/><\/p>\n<h2>Pomy\u015bla\u0142e\u015b, \u017ce mo\u017ce chcie\u0107 dowiedzie\u0107 si\u0119 o oryginalnym e-papierosie Bang 36000 Zaci\u0105gni\u0119\u0107:<\/h2>\n<h5>1. Jak u\u017cywa\u0107 e-papierosa Bang 36k Puffs?<\/h5>\n<p>Krok 1. Przed u\u017cyciem e-papierosa Bang 36k puffs od\u0142\u0105cz plastikow\u0105 rurk\u0119.<\/p>\n<p>Krok 2. Odczekaj oko\u0142o 3 minut, aby p\u0142yn dosta\u0142 si\u0119 do spirali wewn\u0105trz.<\/p>\n<p>Krok 3. Ciesz si\u0119<\/p>\n<h5>2. Jak \u0142adowa\u0107 jednorazowego e-papierosa Bang Vape 36k puffs?<\/h5>\n<p>Nie mo\u017cna u\u017cywa\u0107 \u0142adowarek do szybkiego \u0142adowania, a standardowa bezpieczna moc jednorazowych e-papieros\u00f3w to 5V 1A.<\/p>\n<p>Ka\u017cdy czas \u0142adowania nie mo\u017ce przekroczy\u0107 1 godziny, a bezpieczny czas \u0142adowania to p\u00f3\u0142 godziny.<\/p>\n<p><span style=\"color: #ff0000\">Uwaga: nie mo\u017cna \u0142adowa\u0107 przez ca\u0142\u0105 noc!<\/span><\/p>\n<h5>3. Jaka jest pojemno\u015b\u0107 p\u0142ynu w e-papierosie Bang 36k Puffs?<\/h5>\n<p>\u2014\u201340ml<\/p>\n<h5>4. Ile zaci\u0105gni\u0119\u0107 mog\u0119 wzi\u0105\u0107 z tego jednorazowego e-papierosa Bang 36000 Puffs?<\/h5>\n<p>\u2014\u201336k zaci\u0105gni\u0119\u0107<\/p>\n<h3>Cechy jednorazowego e-papierosa Bang 36000 Puffs:<\/h3>\n<ul>\n<li>Zaci\u0105gni\u0119cia: do 36000 zaci\u0105gni\u0119\u0107<\/li>\n<li>\u00a0P\u0142yn: 40 ml wst\u0119pnie nape\u0142nionego wk\u0142adu z p\u0142ynem<\/li>\n<li>Nikotyna: 2\/5% s\u00f3l nikotynowa<\/li>\n<li>\u00a0Typy: Jednorazowy e-papieros<\/li>\n<li>\u00a0Bateria 850 mAh<\/li>\n<li>\u00a0Kabel do \u0142adowania USB-C<\/li>\n<li>\u00a0Dost\u0119pne 10 smak\u00f3w<\/li>\n<\/ul>\n<h3><strong>Jednorazowy e-papieros Big Puffs Bang 36000 Zaci\u0105gni\u0119\u0107 Lista smak\u00f3w?<\/strong><\/h3>\n<p>1. Truskawka Kiwi<br \/>\n2. Mango Brzoskwinia Arbuz<br \/>\n3. MIESZANKA OWOC\u00d3W<br \/>\n4. Mi\u0119towy l\u00f3d<br \/>\n5. Mango Brzoskwinia<br \/>\n6.winogrono z lodem<br \/>\n7. Podw\u00f3jne jab\u0142ko<br \/>\n8. Jagoda malina<br \/>\n9. Truskawkowy Arbuz<br \/>\n10. ARBUZOWY L\u00d3D<br \/>\n11. Truskawka mango<br \/>\n12. Jagodowy l\u00f3d<\/p>\n<p><a href=\"https:\/\/vapebulkp.com\/pl\/product\/popular-randm-tornado-7000puffs-disposable-vape-best-price\/\"><span style=\"vertical-align: inherit\">RandM Tornado 7000 zaci\u0105gni\u0119\u0107 <\/span><\/a><\/p>\n<p><span style=\"vertical-align: inherit\">Znajd\u017a wi\u0119cej produkt\u00f3w, kt\u00f3re mog\u0105 Ci si\u0119 spodoba\u0107:<\/span><em><a href=\"https:\/\/wa.me\/8618077105796\"><span style=\"vertical-align: inherit\">\u00a0Kup teraz<\/span><\/a><\/em><\/p>\n<p><span style=\"vertical-align: inherit\">Inne Puffs, kt\u00f3re mog\u0105 Ci si\u0119 spodoba\u0107:<\/span><a href=\"https:\/\/vapebulkp.com\/pl\/product\/joymy-ultra15000puffs-best-disposable-vape-2023\/\"><span style=\"vertical-align: inherit\">JOYMY 15000 Puffs<\/span><\/a><span style=\"vertical-align: inherit\">\u3001<\/span><a href=\"https:\/\/vapebulkp.com\/pl\/product\/wholesale-randm-tornado-9000-puffs-germany\/\"><span style=\"vertical-align: inherit\">RandM 9000 zaci\u0105gni\u0119\u0107<\/span><\/a><span style=\"vertical-align: inherit\">\/ <\/span><a href=\"https:\/\/vapebulkp.com\/pl\/product\/bang-king-12000puffs\/\"><span style=\"vertical-align: inherit\">Bang King 12000 zaci\u0105gni\u0119\u0107<\/span><\/a><span style=\"vertical-align: inherit\">\/ <\/span><a href=\"https:\/\/vapebulkp.com\/pl\/product\/wholesale-tornado-rum-bar-9000-puffs-sweden\/\"><span style=\"vertical-align: inherit\">Rumbar 9000 zaci\u0105gni\u0119\u0107<\/span><\/a><\/p>\n<p><span style=\"vertical-align: inherit\">E-papieros o specjalnym kszta\u0142cie butelki:<\/span><a href=\"https:\/\/vapebulkp.com\/pl\/product\/bang-with-a-vape-18000-puffs-crown-bar-hot-vape\/\"><span style=\"vertical-align: inherit\"> Bang 18000 Zaci\u0105gni\u0119\u0107<\/span><\/a><span style=\"vertical-align: inherit\">\/ <\/span><a href=\"https:\/\/vapebulkp.com\/pl\/product\/best-price-wga-crystal-pro-max-15k-puffs-original-vape\/\"><span style=\"vertical-align: inherit\">\u00a0WGA Crystal Pro Max 15000 zaci\u0105gni\u0119\u0107 <\/span><\/a><span style=\"vertical-align: inherit\">\/<\/span><a href=\"https:\/\/vapebulkp.com\/pl\/product\/disposable-vape-crystal-600-puffs\/\"><span style=\"vertical-align: inherit\"> Crystal 600 Pali<\/span><\/a><\/p>\n<h5>Kwalifikacja produkcyjna:<\/h5>\n<p><img decoding=\"async\" class=\"alignnone size-full wp-image-1841\" src=\"http:\/\/vapebulkp.com\/wp-content\/uploads\/2023\/11\/Vape-production-process-2.jpeg\" alt=\"Proces produkcji vape\" width=\"650\" height=\"434\" srcset=\"https:\/\/vapebulkp.com\/wp-content\/uploads\/2023\/11\/Vape-production-process-2.jpeg 650w, https:\/\/vapebulkp.com\/wp-content\/uploads\/2023\/11\/Vape-production-process-2-300x200.jpeg 300w, https:\/\/vapebulkp.com\/wp-content\/uploads\/2023\/11\/Vape-production-process-2-600x401.jpeg 600w\" sizes=\"(max-width: 650px) 100vw, 650px\" \/><\/p>\n<p><img decoding=\"async\" class=\"alignnone size-full wp-image-1843\" src=\"http:\/\/vapebulkp.com\/wp-content\/uploads\/2023\/11\/Vape-production-process.jpeg\" alt=\"Proces produkcji vape\" width=\"641\" height=\"1026\" srcset=\"https:\/\/vapebulkp.com\/wp-content\/uploads\/2023\/11\/Vape-production-process.jpeg 641w, https:\/\/vapebulkp.com\/wp-content\/uploads\/2023\/11\/Vape-production-process-187x300.jpeg 187w, https:\/\/vapebulkp.com\/wp-content\/uploads\/2023\/11\/Vape-production-process-640x1024.jpeg 640w, https:\/\/vapebulkp.com\/wp-content\/uploads\/2023\/11\/Vape-production-process-600x960.jpeg 600w\" sizes=\"(max-width: 641px) 100vw, 641px\" \/><\/p>\n<h5>Najcz\u0119\u015bciej zadawane pytania:<\/h5>\n<p>P: Jakie jest MOQ Good Vape Bang 36000 Zaci\u0105gni\u0119\u0107?<br \/>\nO: Minimalne zam\u00f3wienie to 100 sztuk.<br \/>\nP: Jaki jest czas dostawy zam\u00f3wionego e-papierosa?<br \/>\nO: Zwykle trwa to 10-15 dni od wysy\u0142ki<br \/>\nP: Ile kosztuje wysy\u0142ka?O: Koszt wysy\u0142ki zale\u017cy od wagi. R\u00f3\u017cne ilo\u015bci maj\u0105 r\u00f3\u017cne koszty wysy\u0142ki, prosimy o kontakt w celu ich potwierdzenia.<\/p>\n<h4>Szczeg\u00f3\u0142y wysy\u0142ki:<\/h4>\n<p><span style=\"color: #ff6600\">Czas produkcji: 5-10 dni roboczych<\/span><br \/>\n<span style=\"color: #ff6600\">Czas wysy\u0142ki: 8-14 dni roboczych<\/span><\/p>\n<p>Wszystkie produkty w naszym sklepie s\u0105 w 100% oryginalne i autentyczne, dlatego polityk\u0105 naszego sklepu jest dziesi\u0119ciokrotne odszkodowanie za podrobione towary. Do dostarczania towar\u00f3w u\u017cywamy kana\u0142\u00f3w logistycznych, takich jak UPS\/DHL\/FEDEX\/DPD.<\/p>\n<p>W przypadku paczek wysy\u0142anych do Polski dostawa trwa zwykle 10 dni roboczych. Wysy\u0142ka do kraj\u00f3w europejskich trwa zwykle od 12 do 15 dni roboczych. B\u0119dziemy aktualizowa\u0107 dla Ciebie informacje logistyczne w czasie rzeczywistym.<\/p>","protected":false},"excerpt":{"rendered":"<p>Elegancki i kompaktowy jednorazowy e-papieros Bang 36k Puffs<\/p>\n<p><img decoding=\"async\" class=\"alignnone wp-image-2151\" src=\"http:\/\/vapebulkp.com\/wp-content\/uploads\/2024\/04\/Mandy-WhatsApp-Randm.jpg\" alt=\"WhatsApp Mandy Randm\" width=\"281\" height=\"299\" srcset=\"https:\/\/vapebulkp.com\/wp-content\/uploads\/2024\/04\/Mandy-WhatsApp-Randm.jpg 916w, https:\/\/vapebulkp.com\/wp-content\/uploads\/2024\/04\/Mandy-WhatsApp-Randm-282x300.jpg 282w, https:\/\/vapebulkp.com\/wp-content\/uploads\/2024\/04\/Mandy-WhatsApp-Randm-768x817.jpg 768w, https:\/\/vapebulkp.com\/wp-content\/uploads\/2024\/04\/Mandy-WhatsApp-Randm-600x638.jpg 600w\" sizes=\"(max-width: 281px) 100vw, 281px\" \/><\/p>\n<p>Skontaktuj si\u0119 z WhatsApp Mandy, aby uzyska\u0107 cen\u0119 ze zni\u017ck\u0105<a href=\"https:\/\/wa.me\/8618077105796\">+8618077105796<\/a><\/p>\n<p><span style=\"color: #ff0000\">UWAGA: Ceny na naszej stronie internetowej nie zawieraj\u0105 koszt\u00f3w wysy\u0142ki<\/span><\/p>\n<p>&nbsp;<\/p>","protected":false},"featured_media":2270,"comment_status":"open","ping_status":"closed","template":"","meta":{"_uag_custom_page_level_css":"","_lmt_disableupdate":"no","_lmt_disable":"","site-sidebar-layout":"default","site-content-layout":"content-boxed-container","ast-site-content-layout":"normal-width-container","site-content-style":"boxed","site-sidebar-style":"unboxed","ast-global-header-display":"","ast-banner-title-visibility":"","ast-main-header-display":"","ast-hfb-above-header-display":"","ast-hfb-below-header-display":"","ast-hfb-mobile-header-display":"","site-post-title":"","ast-breadcrumbs-content":"","ast-featured-img":"","footer-sml-layout":"","theme-transparent-header-meta":"default","adv-header-id-meta":"","stick-header-meta":"","header-above-stick-meta":"","header-main-stick-meta":"","header-below-stick-meta":"","astra-migrate-meta-layouts":"set","_joinchat":[]},"product_cat":[159,153,345,155,33,59,100,87,34,158,157,154,152,58,84,156,63,32],"product_tag":[130,93,36,37,40],"class_list":["post-2423","product","type-product","status-publish","has-post-thumbnail","hentry","product_cat-36000-puff-disposable-vape","product_cat-hot-disposable-vapes","product_cat-bang-vapes","product_cat-belgium-hot-disposable-vapes","product_cat-france-vape-hot-sale","product_cat-germany-hot-disposable-vape","product_cat-germany-wholesale-vape-shop","product_cat-minimum-order-quantity-50pcs","product_cat-netherlands-vape-good-sale","product_cat-norway-hot-disposable-vapes","product_cat-poland-hot-disposable-vapes","product_cat-portugal-hot-disposable-vapes","product_cat-spain-hot-disposable-vapes","product_cat-sweden-hot-disposable-vape","product_cat-sweden-wholesale-vape","product_cat-switzerland-hot-disposable-vapes","product_cat-top-sale-disposable-vape","product_cat-vape-hot-sale-this-week","product_tag-36000puffs","product_tag-bang-vape","product_tag-good-vape","product_tag-hot-sale-disposable-vape","product_tag-sweden-hot-vape","pa_brand-bang-king-vape","desktop-align-left","tablet-align-left","mobile-align-left"],"yoast_head":"<!-- This site is optimized with the Yoast SEO plugin v21.1 - https:\/\/yoast.com\/wordpress\/plugins\/seo\/ -->\n<title>Original Vape Big Puffs Bang Vape 36000Puffs - vapebulkp.com<\/title>\n<meta name=\"description\" content=\"Enjoy the convenience of Sleek vape Original Vape Big Puffs Bang Vape 36000Puffs disposable e-cigarettes and quickly satisfy your high-puff needs\" \/>\n<meta name=\"robots\" content=\"index, follow, max-snippet:-1, max-image-preview:large, max-video-preview:-1\" \/>\n<link rel=\"canonical\" href=\"https:\/\/vapebulkp.com\/pl\/product\/original-vape-big-puffs-bang-vape-36000puffs\/\" \/>\n<meta property=\"og:locale\" content=\"pl_PL\" \/>\n<meta property=\"og:type\" content=\"article\" \/>\n<meta property=\"og:title\" content=\"Original Vape Big Puffs Bang Vape 36000Puffs - vapebulkp.com\" \/>\n<meta property=\"og:description\" content=\"Enjoy the convenience of Sleek vape Original Vape Big Puffs Bang Vape 36000Puffs disposable e-cigarettes and quickly satisfy your high-puff needs\" \/>\n<meta property=\"og:url\" content=\"https:\/\/vapebulkp.com\/pl\/product\/original-vape-big-puffs-bang-vape-36000puffs\/\" \/>\n<meta property=\"og:site_name\" content=\"vapebulkp.com\" \/>\n<meta property=\"article:modified_time\" content=\"2025-09-24T03:14:17+00:00\" \/>\n<meta property=\"og:image\" content=\"http:\/\/vapebulkp.com\/wp-content\/uploads\/2024\/04\/Bang-Vape-36000-Puffs-Wholesale-Discount.jpg\" \/>\n\t<meta property=\"og:image:width\" content=\"1080\" \/>\n\t<meta property=\"og:image:height\" content=\"1472\" \/>\n\t<meta property=\"og:image:type\" content=\"image\/jpeg\" \/>\n<meta name=\"twitter:card\" content=\"summary_large_image\" \/>\n<meta name=\"twitter:label1\" content=\"Szacowany czas czytania\" \/>\n\t<meta name=\"twitter:data1\" content=\"4 minuty\" \/>\n<script type=\"application\/ld+json\" class=\"yoast-schema-graph\">{\"@context\":\"https:\/\/schema.org\",\"@graph\":[{\"@type\":\"WebPage\",\"@id\":\"https:\/\/vapebulkp.com\/product\/original-vape-big-puffs-bang-vape-36000puffs\/\",\"url\":\"https:\/\/vapebulkp.com\/product\/original-vape-big-puffs-bang-vape-36000puffs\/\",\"name\":\"Original Vape Big Puffs Bang Vape 36000Puffs - vapebulkp.com\",\"isPartOf\":{\"@id\":\"https:\/\/vapebulkp.com\/#website\"},\"datePublished\":\"2024-05-09T08:54:09+00:00\",\"dateModified\":\"2025-09-24T03:14:17+00:00\",\"description\":\"Enjoy the convenience of Sleek vape Original Vape Big Puffs Bang Vape 36000Puffs disposable e-cigarettes and quickly satisfy your high-puff needs\",\"breadcrumb\":{\"@id\":\"https:\/\/vapebulkp.com\/product\/original-vape-big-puffs-bang-vape-36000puffs\/#breadcrumb\"},\"inLanguage\":\"pl-PL\",\"potentialAction\":[{\"@type\":\"ReadAction\",\"target\":[\"https:\/\/vapebulkp.com\/product\/original-vape-big-puffs-bang-vape-36000puffs\/\"]}]},{\"@type\":\"BreadcrumbList\",\"@id\":\"https:\/\/vapebulkp.com\/product\/original-vape-big-puffs-bang-vape-36000puffs\/#breadcrumb\",\"itemListElement\":[{\"@type\":\"ListItem\",\"position\":1,\"name\":\"Home\",\"item\":\"https:\/\/vapebulkp.com\/\"},{\"@type\":\"ListItem\",\"position\":2,\"name\":\"Hot Trend Vapes\",\"item\":\"https:\/\/vapebulkp.com\/vape-shop\/\"},{\"@type\":\"ListItem\",\"position\":3,\"name\":\"Original Vape Big Puffs Bang Vape 36000Puffs\"}]},{\"@type\":\"WebSite\",\"@id\":\"https:\/\/vapebulkp.com\/#website\",\"url\":\"https:\/\/vapebulkp.com\/\",\"name\":\"vapebulkp.com\",\"description\":\"Buy Vape In Cheap Bulk Price Near you\",\"publisher\":{\"@id\":\"https:\/\/vapebulkp.com\/#organization\"},\"potentialAction\":[{\"@type\":\"SearchAction\",\"target\":{\"@type\":\"EntryPoint\",\"urlTemplate\":\"https:\/\/vapebulkp.com\/?s={search_term_string}\"},\"query-input\":\"required name=search_term_string\"}],\"inLanguage\":\"pl-PL\"},{\"@type\":\"Organization\",\"@id\":\"https:\/\/vapebulkp.com\/#organization\",\"name\":\"vapebulkp.com\",\"url\":\"https:\/\/vapebulkp.com\/\",\"logo\":{\"@type\":\"ImageObject\",\"inLanguage\":\"pl-PL\",\"@id\":\"https:\/\/vapebulkp.com\/#\/schema\/logo\/image\/\",\"url\":\"https:\/\/vapebulkp.com\/wp-content\/uploads\/2023\/09\/cropped-vapebulkp.png\",\"contentUrl\":\"https:\/\/vapebulkp.com\/wp-content\/uploads\/2023\/09\/cropped-vapebulkp.png\",\"width\":516,\"height\":163,\"caption\":\"vapebulkp.com\"},\"image\":{\"@id\":\"https:\/\/vapebulkp.com\/#\/schema\/logo\/image\/\"}}]}<\/script>\n<!-- \/ Yoast SEO plugin. -->","yoast_head_json":{"title":"Original Vape Big Puffs Bang Vape 36000Puffs - vapebulkp.com","description":"Enjoy the convenience of Sleek vape Original Vape Big Puffs Bang Vape 36000Puffs disposable e-cigarettes and quickly satisfy your high-puff needs","robots":{"index":"index","follow":"follow","max-snippet":"max-snippet:-1","max-image-preview":"max-image-preview:large","max-video-preview":"max-video-preview:-1"},"canonical":"https:\/\/vapebulkp.com\/pl\/product\/original-vape-big-puffs-bang-vape-36000puffs\/","og_locale":"pl_PL","og_type":"article","og_title":"Original Vape Big Puffs Bang Vape 36000Puffs - vapebulkp.com","og_description":"Enjoy the convenience of Sleek vape Original Vape Big Puffs Bang Vape 36000Puffs disposable e-cigarettes and quickly satisfy your high-puff needs","og_url":"https:\/\/vapebulkp.com\/pl\/product\/original-vape-big-puffs-bang-vape-36000puffs\/","og_site_name":"vapebulkp.com","article_modified_time":"2025-09-24T03:14:17+00:00","og_image":[{"width":1080,"height":1472,"url":"http:\/\/vapebulkp.com\/wp-content\/uploads\/2024\/04\/Bang-Vape-36000-Puffs-Wholesale-Discount.jpg","type":"image\/jpeg"}],"twitter_card":"summary_large_image","twitter_misc":{"Szacowany czas czytania":"4 minuty"},"schema":{"@context":"https:\/\/schema.org","@graph":[{"@type":"WebPage","@id":"https:\/\/vapebulkp.com\/product\/original-vape-big-puffs-bang-vape-36000puffs\/","url":"https:\/\/vapebulkp.com\/product\/original-vape-big-puffs-bang-vape-36000puffs\/","name":"Original Vape Big Puffs Bang Vape 36000Puffs - vapebulkp.com","isPartOf":{"@id":"https:\/\/vapebulkp.com\/#website"},"datePublished":"2024-05-09T08:54:09+00:00","dateModified":"2025-09-24T03:14:17+00:00","description":"Enjoy the convenience of Sleek vape Original Vape Big Puffs Bang Vape 36000Puffs disposable e-cigarettes and quickly satisfy your high-puff needs","breadcrumb":{"@id":"https:\/\/vapebulkp.com\/product\/original-vape-big-puffs-bang-vape-36000puffs\/#breadcrumb"},"inLanguage":"pl-PL","potentialAction":[{"@type":"ReadAction","target":["https:\/\/vapebulkp.com\/product\/original-vape-big-puffs-bang-vape-36000puffs\/"]}]},{"@type":"BreadcrumbList","@id":"https:\/\/vapebulkp.com\/product\/original-vape-big-puffs-bang-vape-36000puffs\/#breadcrumb","itemListElement":[{"@type":"ListItem","position":1,"name":"Home","item":"https:\/\/vapebulkp.com\/"},{"@type":"ListItem","position":2,"name":"Hot Trend Vapes","item":"https:\/\/vapebulkp.com\/vape-shop\/"},{"@type":"ListItem","position":3,"name":"Original Vape Big Puffs Bang Vape 36000Puffs"}]},{"@type":"WebSite","@id":"https:\/\/vapebulkp.com\/#website","url":"https:\/\/vapebulkp.com\/","name":"vapebulkp.com","description":"Buy Vape In Cheap Bulk Price Near you","publisher":{"@id":"https:\/\/vapebulkp.com\/#organization"},"potentialAction":[{"@type":"SearchAction","target":{"@type":"EntryPoint","urlTemplate":"https:\/\/vapebulkp.com\/?s={search_term_string}"},"query-input":"required name=search_term_string"}],"inLanguage":"pl-PL"},{"@type":"Organization","@id":"https:\/\/vapebulkp.com\/#organization","name":"vapebulkp.com","url":"https:\/\/vapebulkp.com\/","logo":{"@type":"ImageObject","inLanguage":"pl-PL","@id":"https:\/\/vapebulkp.com\/#\/schema\/logo\/image\/","url":"https:\/\/vapebulkp.com\/wp-content\/uploads\/2023\/09\/cropped-vapebulkp.png","contentUrl":"https:\/\/vapebulkp.com\/wp-content\/uploads\/2023\/09\/cropped-vapebulkp.png","width":516,"height":163,"caption":"vapebulkp.com"},"image":{"@id":"https:\/\/vapebulkp.com\/#\/schema\/logo\/image\/"}}]}},"uagb_featured_image_src":{"full":["https:\/\/vapebulkp.com\/wp-content\/uploads\/2024\/04\/Bang-Vape-36000-Puffs-Wholesale-Discount.jpg",1080,1472,false],"thumbnail":["https:\/\/vapebulkp.com\/wp-content\/uploads\/2024\/04\/Bang-Vape-36000-Puffs-Wholesale-Discount-150x150.jpg",150,150,true],"medium":["https:\/\/vapebulkp.com\/wp-content\/uploads\/2024\/04\/Bang-Vape-36000-Puffs-Wholesale-Discount-220x300.jpg",220,300,true],"medium_large":["https:\/\/vapebulkp.com\/wp-content\/uploads\/2024\/04\/Bang-Vape-36000-Puffs-Wholesale-Discount-768x1047.jpg",768,1047,true],"large":["https:\/\/vapebulkp.com\/wp-content\/uploads\/2024\/04\/Bang-Vape-36000-Puffs-Wholesale-Discount-751x1024.jpg",751,1024,true],"1536x1536":["https:\/\/vapebulkp.com\/wp-content\/uploads\/2024\/04\/Bang-Vape-36000-Puffs-Wholesale-Discount.jpg",1080,1472,false],"2048x2048":["https:\/\/vapebulkp.com\/wp-content\/uploads\/2024\/04\/Bang-Vape-36000-Puffs-Wholesale-Discount.jpg",1080,1472,false],"trp-custom-language-flag":["https:\/\/vapebulkp.com\/wp-content\/uploads\/2024\/04\/Bang-Vape-36000-Puffs-Wholesale-Discount.jpg",9,12,false],"woocommerce_thumbnail":["https:\/\/vapebulkp.com\/wp-content\/uploads\/2024\/04\/Bang-Vape-36000-Puffs-Wholesale-Discount-300x300.jpg",300,300,true],"woocommerce_single":["https:\/\/vapebulkp.com\/wp-content\/uploads\/2024\/04\/Bang-Vape-36000-Puffs-Wholesale-Discount-600x818.jpg",600,818,true],"woocommerce_gallery_thumbnail":["https:\/\/vapebulkp.com\/wp-content\/uploads\/2024\/04\/Bang-Vape-36000-Puffs-Wholesale-Discount-100x100.jpg",100,100,true],"wcpr-photo-reviews":["https:\/\/vapebulkp.com\/wp-content\/uploads\/2024\/04\/Bang-Vape-36000-Puffs-Wholesale-Discount.jpg",367,500,false]},"uagb_author_info":{"display_name":"Mandy vape bulk price","author_link":"https:\/\/vapebulkp.com\/pl\/author\/"},"uagb_comment_info":1,"uagb_excerpt":"Sleek and compact vape Bang 36k Puffs Disposable Vape Pls Contact Mandy's WhatsApp For Discount Price+8618077105796 NOTE: Prices on our website does not include shipping costs &nbsp;","_links":{"self":[{"href":"https:\/\/vapebulkp.com\/pl\/wp-json\/wp\/v2\/product\/2423","targetHints":{"allow":["GET"]}}],"collection":[{"href":"https:\/\/vapebulkp.com\/pl\/wp-json\/wp\/v2\/product"}],"about":[{"href":"https:\/\/vapebulkp.com\/pl\/wp-json\/wp\/v2\/types\/product"}],"replies":[{"embeddable":true,"href":"https:\/\/vapebulkp.com\/pl\/wp-json\/wp\/v2\/comments?post=2423"}],"wp:featuredmedia":[{"embeddable":true,"href":"https:\/\/vapebulkp.com\/pl\/wp-json\/wp\/v2\/media\/2270"}],"wp:attachment":[{"href":"https:\/\/vapebulkp.com\/pl\/wp-json\/wp\/v2\/media?parent=2423"}],"wp:term":[{"taxonomy":"product_cat","embeddable":true,"href":"https:\/\/vapebulkp.com\/pl\/wp-json\/wp\/v2\/product_cat?post=2423"},{"taxonomy":"product_tag","embeddable":true,"href":"https:\/\/vapebulkp.com\/pl\/wp-json\/wp\/v2\/product_tag?post=2423"}],"curies":[{"name":"wp","href":"https:\/\/api.w.org\/{rel}","templated":true}]}}