{"id":2674,"date":"2024-07-19T11:10:53","date_gmt":"2024-07-19T09:10:53","guid":{"rendered":"https:\/\/vapebulkp.com\/?post_type=product&#038;p=2674"},"modified":"2025-09-24T05:26:30","modified_gmt":"2025-09-24T03:26:30","slug":"bang-beach-22k-puffs-new-electronic-cigarette","status":"publish","type":"product","link":"https:\/\/vapebulkp.com\/pl\/product\/bang-beach-22k-puffs-new-electronic-cigarette\/","title":{"rendered":"Bang Beach 22k Puffs Nowy Elektroniczny Papieros"},"content":{"rendered":"<h2 style=\"text-align: left\">Bang Beach 22k Puffs Nowy Elektroniczny Papieros<\/h2>\n<p>&nbsp;<\/p>\n<p data-start=\"154\" data-end=\"492\">To <strong data-start=\"158\" data-end=\"198\">Jednorazowy waporyzator Bang Beach 22k Puffs<\/strong> to produkt premium <strong data-start=\"212\" data-end=\"243\">Jednorazowy Vape 22000 zaci\u0105gni\u0119\u0107<\/strong> zaprojektowany dla europejskich entuzjast\u00f3w wapowania, kt\u00f3rzy oczekuj\u0105 smaku, wydajno\u015bci i wygody. Jego du\u017cy, wst\u0119pnie nape\u0142niony zbiornik na e-liquid o pojemno\u015bci 36 ml zapewnia d\u0142ugotrwa\u0142e u\u017cytkowanie, a opcje soli nikotynowej 0%, 2%, 3% i 5% pozwalaj\u0105 dostosowa\u0107 moc uderzenia do w\u0142asnych preferencji.<\/p>\n<p data-start=\"494\" data-end=\"857\">Zaprojektowany z 1,0 \u03a9 <strong data-start=\"517\" data-end=\"535\">siatkowa grza\u0142ka<\/strong>, to urz\u0105dzenie zapewnia bogat\u0105, g\u0119st\u0105 par\u0119 i intensywny smak. System <strong data-start=\"600\" data-end=\"627\">regulowany przep\u0142yw powietrza<\/strong> pozwala dostosowa\u0107 ka\u017cde zaci\u0105gni\u0119cie, co zwi\u0119ksza wra\u017cenia z wapowania. Zasilany bateri\u0105 850 mAh i portem \u0142adowania typu C, ten <strong data-start=\"765\" data-end=\"797\">\u0142adowalnym e-papierosie jednorazowym<\/strong> pozwala na d\u0142u\u017csze wapowanie dzi\u0119ki szybkiemu i bezproblemowemu \u0142adowaniu.<\/p>\n<p data-start=\"859\" data-end=\"1118\">Elegancki wy\u015bwietlacz LED pokazuje poziom na\u0142adowania baterii i liczb\u0119 zaci\u0105gni\u0119\u0107 w czasie rzeczywistym, co daje pe\u0142n\u0105 kontrol\u0119 na pierwszy rzut oka. Dzi\u0119ki 12 unikalnym smakom, od owocowych po mentolowe i inspirowane deserami, ten <strong data-start=\"1050\" data-end=\"1083\">jednorazowe e-papierosy o du\u017cej pojemno\u015bci<\/strong>\u00a0zaspokoi wszystkie preferencje smakowe.<\/p>\n<p data-start=\"1120\" data-end=\"1316\">Idealny dla polskich sprzedawc\u00f3w detalicznych i nabywc\u00f3w hurtowych, <strong data-start=\"1166\" data-end=\"1206\">Jednorazowy waporyzator Bang Beach 22k Puffs<\/strong> jest niezawodn\u0105, stylow\u0105 i szybko sprzedaj\u0105c\u0105 si\u0119 <a href=\"https:\/\/vapebulkp.com\/pl\/puffs-stock-europe-warehouse\/\"><strong data-start=\"1248\" data-end=\"1269\">hurtow\u0105 opcj\u0105 waporyzatora w Polsce<\/strong><\/a> , gotow\u0105 sprosta\u0107 rosn\u0105cemu zapotrzebowaniu rynku.<\/p>\n<p><img decoding=\"async\" class=\"wp-image-2673 alignleft\" src=\"http:\/\/vapebulkp.com\/wp-content\/uploads\/2024\/07\/BANG-BEACH-Vape-22000Puffs.jpg\" alt=\"BANG BEACH Vape 22000Puffs\" width=\"478\" height=\"849\" srcset=\"https:\/\/vapebulkp.com\/wp-content\/uploads\/2024\/07\/BANG-BEACH-Vape-22000Puffs.jpg 1080w, https:\/\/vapebulkp.com\/wp-content\/uploads\/2024\/07\/BANG-BEACH-Vape-22000Puffs-169x300.jpg 169w, https:\/\/vapebulkp.com\/wp-content\/uploads\/2024\/07\/BANG-BEACH-Vape-22000Puffs-576x1024.jpg 576w, https:\/\/vapebulkp.com\/wp-content\/uploads\/2024\/07\/BANG-BEACH-Vape-22000Puffs-768x1365.jpg 768w, https:\/\/vapebulkp.com\/wp-content\/uploads\/2024\/07\/BANG-BEACH-Vape-22000Puffs-864x1536.jpg 864w, https:\/\/vapebulkp.com\/wp-content\/uploads\/2024\/07\/BANG-BEACH-Vape-22000Puffs-600x1067.jpg 600w\" sizes=\"(max-width: 478px) 100vw, 478px\" \/><\/p>\n<h6>Skontaktuj si\u0119 z WhatsApp Mandy, aby uzyska\u0107 cen\u0119 ze zni\u017ck\u0105<a href=\"https:\/\/wa.me\/8618077105796\">+8618077105796<\/a><\/h6>\n<p><img decoding=\"async\" class=\"alignnone wp-image-2151\" src=\"http:\/\/vapebulkp.com\/wp-content\/uploads\/2024\/04\/Mandy-WhatsApp-Randm.jpg\" alt=\"WhatsApp Mandy Randm\" width=\"324\" height=\"330\" \/><\/p>\n<h2>Pomy\u015bla\u0142e\u015b, \u017ce mo\u017ce chcia\u0142by\u015b wiedzie\u0107 o waporyzatorze Bang Beach 22000Puffs\uff1a<\/h2>\n<h5>1.Jak u\u017cywa\u0107 Vape Pena Bang Beach 22k Puffs?<\/h5>\n<p>Krok 1. Przed u\u017cyciem 22k zaci\u0105gni\u0119\u0107, od\u0142\u0105cz plastikow\u0105 rurk\u0119.<\/p>\n<p>Krok 2. Odczekaj oko\u0142o 3 minut, aby p\u0142yn dosta\u0142 si\u0119 do spirali wewn\u0105trz.<\/p>\n<p>Krok 3. Ciesz si\u0119<\/p>\n<h5>2.Jak na\u0142adowa\u0107 jednorazowy waporyzator Bang King Vape 22k Puffs?<\/h5>\n<p>Nie mo\u017cna u\u017cywa\u0107 \u0142adowarek do szybkiego \u0142adowania, a standardowa bezpieczna moc jednorazowych e-papieros\u00f3w to 5V 1A.<\/p>\n<p>Ka\u017cdy czas \u0142adowania nie mo\u017ce przekroczy\u0107 1 godziny, a bezpieczny czas \u0142adowania to p\u00f3\u0142 godziny.<\/p>\n<p><span style=\"color: #ff6600\">Uwaga: nie mo\u017cna \u0142adowa\u0107 przez ca\u0142\u0105 noc!<\/span><\/p>\n<h5>3.Jaka jest pojemno\u015b\u0107 e-liquidu Bang Beach 22000 Puffs Top Sale Bang Vape?<\/h5>\n<p>\u2014\u201436ml<\/p>\n<h5>4.Ile zaci\u0105gni\u0119\u0107 mog\u0119 wzi\u0105\u0107 z tego Bang Beach 22k Puffs?<\/h5>\n<p>\u2014\u201322000 Zaci\u0105gni\u0119\u0107<\/p>\n<h3>Cechy jednorazowego waporyzatora Bang Beach 20k Puffs:<\/h3>\n<ul>\n<li><strong>Zaci\u0105gni\u0119cia:<\/strong> Zdolny dostarczy\u0107 do 22000 zaci\u0105gni\u0119\u0107<\/li>\n<li><strong>P\u0142yn E-Liquid:<\/strong> W zestawie z 36ml fabrycznie nape\u0142nionym wk\u0142adem z p\u0142ynem e-liquid<\/li>\n<li><strong>Poziomy Nikotyny:<\/strong> Dost\u0119pne w st\u0119\u017ceniach nikotyny 0%, 2%, 3% i 5%<\/li>\n<li><strong>Typ:<\/strong> Jednorazowa konstrukcja dla wygody<\/li>\n<li><strong>Bateria:<\/strong> Zasilany bateri\u0105 850mAh<\/li>\n<li><strong>Grza\u0142ka<\/strong> Wyposa\u017cony w grza\u0142k\u0119 siatkow\u0105 o oporno\u015bci 1.0 ohm z regulowanymi ustawieniami przep\u0142ywu powietrza<\/li>\n<li><strong>\u0141adowanie:<\/strong> Wyposa\u017cony w port Type-C do szybkiego \u0142adowania<\/li>\n<li><strong>Smaki:<\/strong> Oferowany w 12 r\u00f3\u017cnych i satysfakcjonuj\u0105cych smakach<\/li>\n<\/ul>\n<h3><strong>Najlepsze Smaki Jednorazowego E-papierosa Bang Beach 22000 Zaci\u0105gni\u0119\u0107:<\/strong><\/h3>\n<ol>\n<li>Brzoskwinia Lodowa<\/li>\n<li>Brzoskwinia Mango<\/li>\n<li>Mieszane Jagody<\/li>\n<li>R\u00f3\u017cowa Lemoniada<\/li>\n<li>Truskawka Arbuz<\/li>\n<li>Arbuzowy l\u00f3d<\/li>\n<li>Winogrono Lodowe<\/li>\n<li>Vimto<\/li>\n<li>Truskawkowe lody<\/li>\n<li>Wi\u015bnia<\/li>\n<li>Bor\u00f3wka Malina<\/li>\n<li>Kwa\u015bne Jab\u0142ko<\/li>\n<\/ol>\n<p><a href=\"https:\/\/vapebulkp.com\/pl\/product\/popular-randm-tornado-7000puffs-disposable-vape-best-price\/\"><span style=\"vertical-align: inherit\">RandM Tornado 7000 zaci\u0105gni\u0119\u0107 <\/span><\/a><\/p>\n<p><span style=\"vertical-align: inherit\">Znajd\u017a wi\u0119cej produkt\u00f3w, kt\u00f3re mog\u0105 Ci si\u0119 spodoba\u0107:<\/span><em><a href=\"https:\/\/wa.me\/8618077105796\"><span style=\"vertical-align: inherit\">\u00a0Kup teraz<\/span><\/a><\/em><\/p>\n<p><span style=\"vertical-align: inherit\">Inne Puffs, kt\u00f3re mog\u0105 Ci si\u0119 spodoba\u0107:<\/span><a href=\"https:\/\/vapebulkp.com\/pl\/product\/bang-with-a-vape-gear-20000-puffs-discount-price\/\"><span style=\"vertical-align: inherit\">Bang Gear Vape 20000 Puffs<\/span><\/a><span style=\"vertical-align: inherit\">\u3001<\/span><a href=\"https:\/\/vapebulkp.com\/pl\/product\/wholesale-randm-tornado-9000-puffs-germany\/\"><span style=\"vertical-align: inherit\">RandM 9000 zaci\u0105gni\u0119\u0107<\/span><\/a><span style=\"vertical-align: inherit\">\/ <\/span><a href=\"https:\/\/vapebulkp.com\/pl\/product\/bang-30k-puffs-new-double-taste-good-vape\/\"><span style=\"vertical-align: inherit\">Bang 30k zaci\u0105gni\u0119\u0107<\/span><\/a><span style=\"vertical-align: inherit\">\/ <\/span><a href=\"https:\/\/vapebulkp.com\/pl\/fi\/product\/uzy-bang-digital-12000puffs-led-display-e-cigarettes\/\"><span style=\"vertical-align: inherit\">UZY Bang Digital 15000 zaci\u0105gni\u0119\u0107<\/span><\/a><\/p>\n<p><span style=\"vertical-align: inherit\">E-papieros o specjalnym kszta\u0142cie butelki:<\/span><a href=\"https:\/\/vapebulkp.com\/pl\/product\/original-vape-bang-tn-12000-puffs-bang-vape\/\"><span style=\"vertical-align: inherit\"> Bang TN 12000 zaci\u0105gni\u0119\u0107<\/span><\/a><span style=\"vertical-align: inherit\">\/ <\/span><a href=\"https:\/\/vapebulkp.com\/pl\/fi\/product\/best-price-wga-crystal-pro-max-15k-puffs-original-vape\/\"><span style=\"vertical-align: inherit\">\u00a0WGA Crystal pro max 15k Zaci\u0105gni\u0119\u0107 <\/span><\/a><span style=\"vertical-align: inherit\">\/<\/span><a href=\"https:\/\/vapebulkp.com\/pl\/product\/original-vape-bang-rocket-18000-puffs-good-sale\/\"><span style=\"vertical-align: inherit\"> Bang Rocket 18000 zaci\u0105gni\u0119\u0107<\/span><\/a><\/p>\n<h5>Kwalifikacja produkcyjna:<\/h5>\n<p><img decoding=\"async\" class=\"alignnone size-full wp-image-1841\" src=\"http:\/\/vapebulkp.com\/wp-content\/uploads\/2023\/11\/Vape-production-process-2.jpeg\" alt=\"Proces produkcji vape\" width=\"650\" height=\"434\" srcset=\"https:\/\/vapebulkp.com\/wp-content\/uploads\/2023\/11\/Vape-production-process-2.jpeg 650w, https:\/\/vapebulkp.com\/wp-content\/uploads\/2023\/11\/Vape-production-process-2-300x200.jpeg 300w, https:\/\/vapebulkp.com\/wp-content\/uploads\/2023\/11\/Vape-production-process-2-600x401.jpeg 600w\" sizes=\"(max-width: 650px) 100vw, 650px\" \/><\/p>\n<p><img decoding=\"async\" class=\"alignnone size-full wp-image-1843\" src=\"http:\/\/vapebulkp.com\/wp-content\/uploads\/2023\/11\/Vape-production-process.jpeg\" alt=\"Proces produkcji vape\" width=\"641\" height=\"1026\" srcset=\"https:\/\/vapebulkp.com\/wp-content\/uploads\/2023\/11\/Vape-production-process.jpeg 641w, https:\/\/vapebulkp.com\/wp-content\/uploads\/2023\/11\/Vape-production-process-187x300.jpeg 187w, https:\/\/vapebulkp.com\/wp-content\/uploads\/2023\/11\/Vape-production-process-640x1024.jpeg 640w, https:\/\/vapebulkp.com\/wp-content\/uploads\/2023\/11\/Vape-production-process-600x960.jpeg 600w\" sizes=\"(max-width: 641px) 100vw, 641px\" \/><\/p>\n<h4>Najcz\u0119\u015bciej zadawane pytania:<\/h4>\n<p>P: Jakie jest minimalne zam\u00f3wienie na najlepiej sprzedaj\u0105cy si\u0119 Bang Beach 22000 Puffs?<br \/>\nO: Minimalne zam\u00f3wienie to 50 sztuk.<br \/>\nP: Jaki jest czas dostawy zam\u00f3wionego e-papierosa?<br \/>\nO: Zwykle trwa to 10-15 dni od wysy\u0142ki<br \/>\nP: Ile wynosi koszt wysy\u0142ki? O: Koszt wysy\u0142ki zale\u017cy od wagi. R\u00f3\u017cne ilo\u015bci maj\u0105 r\u00f3\u017cne koszty wysy\u0142ki, prosimy o kontakt w celu potwierdzenia kosztu wysy\u0142ki.<\/p>\n<h4>Szczeg\u00f3\u0142y wysy\u0142ki:<\/h4>\n<p><span style=\"color: #ff6600\">Czas produkcji: 5-10 dni roboczych<\/span><br \/>\n<span style=\"color: #ff6600\">Czas wysy\u0142ki: 8-14 dni roboczych<\/span><\/p>\n<p>Wszystkie produkty w naszym sklepie s\u0105 w 100% oryginalne i autentyczne, dlatego polityk\u0105 naszego sklepu jest dziesi\u0119ciokrotne odszkodowanie za podrobione towary. Do dostarczania towar\u00f3w u\u017cywamy kana\u0142\u00f3w logistycznych, takich jak UPS\/DHL\/FEDEX\/DPD.<\/p>\n<p>W przypadku paczek wysy\u0142anych do Polski dostawa trwa zwykle 10 dni roboczych. Wysy\u0142ka do kraj\u00f3w europejskich trwa zwykle od 12 do 15 dni roboczych. B\u0119dziemy aktualizowa\u0107 dla Ciebie informacje logistyczne w czasie rzeczywistym.<\/p>","protected":false},"excerpt":{"rendered":"<p>Nowy Model\u00a0 Vape Bang Beach\u00a0 20k\u00a0 Bang Vape<\/p>\n<p>Skontaktuj si\u0119 z WhatsApp Mandy, aby uzyska\u0107 cen\u0119 ze zni\u017ck\u0105<a href=\"https:\/\/wa.me\/8618077105796\">+8618077105796<\/a><\/p>\n<p><img decoding=\"async\" class=\"alignnone wp-image-2151\" src=\"http:\/\/vapebulkp.com\/wp-content\/uploads\/2024\/04\/Mandy-WhatsApp-Randm.jpg\" alt=\"WhatsApp Mandy Randm\" width=\"297\" height=\"316\" srcset=\"https:\/\/vapebulkp.com\/wp-content\/uploads\/2024\/04\/Mandy-WhatsApp-Randm.jpg 916w, https:\/\/vapebulkp.com\/wp-content\/uploads\/2024\/04\/Mandy-WhatsApp-Randm-282x300.jpg 282w, https:\/\/vapebulkp.com\/wp-content\/uploads\/2024\/04\/Mandy-WhatsApp-Randm-768x817.jpg 768w, https:\/\/vapebulkp.com\/wp-content\/uploads\/2024\/04\/Mandy-WhatsApp-Randm-600x638.jpg 600w\" sizes=\"(max-width: 297px) 100vw, 297px\" \/><\/p>\n<p><span style=\"color: #ff0000\">UWAGA: Ceny na naszej stronie internetowej nie zawieraj\u0105 koszt\u00f3w wysy\u0142ki<\/span><\/p>\n<p>&nbsp;<\/p>","protected":false},"featured_media":2673,"comment_status":"open","ping_status":"closed","template":"","meta":{"_uag_custom_page_level_css":"","_lmt_disableupdate":"no","_lmt_disable":"","site-sidebar-layout":"default","site-content-layout":"content-boxed-container","ast-site-content-layout":"normal-width-container","site-content-style":"boxed","site-sidebar-style":"unboxed","ast-global-header-display":"","ast-banner-title-visibility":"","ast-main-header-display":"","ast-hfb-above-header-display":"","ast-hfb-below-header-display":"","ast-hfb-mobile-header-display":"","site-post-title":"","ast-breadcrumbs-content":"","ast-featured-img":"","footer-sml-layout":"","theme-transparent-header-meta":"default","adv-header-id-meta":"","stick-header-meta":"","header-above-stick-meta":"","header-main-stick-meta":"","header-below-stick-meta":"","astra-migrate-meta-layouts":"set","_joinchat":[]},"product_cat":[171,153,345,155,33,59,100,87,34,158,157,154,152,58,84,156],"product_tag":[141,145,36,37,41,40],"class_list":["post-2674","product","type-product","status-publish","has-post-thumbnail","hentry","product_cat-22000-puffs-disposable-vape","product_cat-hot-disposable-vapes","product_cat-bang-vapes","product_cat-belgium-hot-disposable-vapes","product_cat-france-vape-hot-sale","product_cat-germany-hot-disposable-vape","product_cat-germany-wholesale-vape-shop","product_cat-minimum-order-quantity-50pcs","product_cat-netherlands-vape-good-sale","product_cat-norway-hot-disposable-vapes","product_cat-poland-hot-disposable-vapes","product_cat-portugal-hot-disposable-vapes","product_cat-spain-hot-disposable-vapes","product_cat-sweden-hot-disposable-vape","product_cat-sweden-wholesale-vape","product_cat-switzerland-hot-disposable-vapes","product_tag-20000puffs","product_tag-22000puffs","product_tag-good-vape","product_tag-hot-sale-disposable-vape","product_tag-poland-hot-vape","product_tag-sweden-hot-vape","pa_brand-bang-king-vape","desktop-align-left","tablet-align-left","mobile-align-left"],"yoast_head":"<!-- This site is optimized with the Yoast SEO plugin v21.1 - https:\/\/yoast.com\/wordpress\/plugins\/seo\/ -->\n<title>Bang Beach 22k Puffs New Electronic Cigarette - vapebulkp.com<\/title>\n<meta name=\"description\" content=\"Bang Beach 22000 Puffs Disposable Vape delivers long-lasting flavor and smooth draws. High-capacity, convenient, and perfect for EU vapers \u2014 order yours now!\" \/>\n<meta name=\"robots\" content=\"index, follow, max-snippet:-1, max-image-preview:large, max-video-preview:-1\" \/>\n<link rel=\"canonical\" href=\"https:\/\/vapebulkp.com\/pl\/product\/bang-beach-22k-puffs-new-electronic-cigarette\/\" \/>\n<meta property=\"og:locale\" content=\"pl_PL\" \/>\n<meta property=\"og:type\" content=\"article\" \/>\n<meta property=\"og:title\" content=\"Bang Beach 22k Puffs New Electronic Cigarette - vapebulkp.com\" \/>\n<meta property=\"og:description\" content=\"Bang Beach 22000 Puffs Disposable Vape delivers long-lasting flavor and smooth draws. High-capacity, convenient, and perfect for EU vapers \u2014 order yours now!\" \/>\n<meta property=\"og:url\" content=\"https:\/\/vapebulkp.com\/pl\/product\/bang-beach-22k-puffs-new-electronic-cigarette\/\" \/>\n<meta property=\"og:site_name\" content=\"vapebulkp.com\" \/>\n<meta property=\"article:modified_time\" content=\"2025-09-24T03:26:30+00:00\" \/>\n<meta property=\"og:image\" content=\"http:\/\/vapebulkp.com\/wp-content\/uploads\/2024\/07\/BANG-BEACH-Vape-22000Puffs.jpg\" \/>\n\t<meta property=\"og:image:width\" content=\"1080\" \/>\n\t<meta property=\"og:image:height\" content=\"1920\" \/>\n\t<meta property=\"og:image:type\" content=\"image\/jpeg\" \/>\n<meta name=\"twitter:card\" content=\"summary_large_image\" \/>\n<meta name=\"twitter:label1\" content=\"Szacowany czas czytania\" \/>\n\t<meta name=\"twitter:data1\" content=\"4 minuty\" \/>\n<script type=\"application\/ld+json\" class=\"yoast-schema-graph\">{\"@context\":\"https:\/\/schema.org\",\"@graph\":[{\"@type\":\"WebPage\",\"@id\":\"https:\/\/vapebulkp.com\/product\/bang-beach-22k-puffs-new-electronic-cigarette\/\",\"url\":\"https:\/\/vapebulkp.com\/product\/bang-beach-22k-puffs-new-electronic-cigarette\/\",\"name\":\"Bang Beach 22k Puffs New Electronic Cigarette - vapebulkp.com\",\"isPartOf\":{\"@id\":\"https:\/\/vapebulkp.com\/#website\"},\"datePublished\":\"2024-07-19T09:10:53+00:00\",\"dateModified\":\"2025-09-24T03:26:30+00:00\",\"description\":\"Bang Beach 22000 Puffs Disposable Vape delivers long-lasting flavor and smooth draws. High-capacity, convenient, and perfect for EU vapers \u2014 order yours now!\",\"breadcrumb\":{\"@id\":\"https:\/\/vapebulkp.com\/product\/bang-beach-22k-puffs-new-electronic-cigarette\/#breadcrumb\"},\"inLanguage\":\"pl-PL\",\"potentialAction\":[{\"@type\":\"ReadAction\",\"target\":[\"https:\/\/vapebulkp.com\/product\/bang-beach-22k-puffs-new-electronic-cigarette\/\"]}]},{\"@type\":\"BreadcrumbList\",\"@id\":\"https:\/\/vapebulkp.com\/product\/bang-beach-22k-puffs-new-electronic-cigarette\/#breadcrumb\",\"itemListElement\":[{\"@type\":\"ListItem\",\"position\":1,\"name\":\"Home\",\"item\":\"https:\/\/vapebulkp.com\/\"},{\"@type\":\"ListItem\",\"position\":2,\"name\":\"Hot Trend Vapes\",\"item\":\"https:\/\/vapebulkp.com\/vape-shop\/\"},{\"@type\":\"ListItem\",\"position\":3,\"name\":\"Bang Beach 22k Puffs New Electronic Cigarette\"}]},{\"@type\":\"WebSite\",\"@id\":\"https:\/\/vapebulkp.com\/#website\",\"url\":\"https:\/\/vapebulkp.com\/\",\"name\":\"vapebulkp.com\",\"description\":\"Buy Vape In Cheap Bulk Price Near you\",\"publisher\":{\"@id\":\"https:\/\/vapebulkp.com\/#organization\"},\"potentialAction\":[{\"@type\":\"SearchAction\",\"target\":{\"@type\":\"EntryPoint\",\"urlTemplate\":\"https:\/\/vapebulkp.com\/?s={search_term_string}\"},\"query-input\":\"required name=search_term_string\"}],\"inLanguage\":\"pl-PL\"},{\"@type\":\"Organization\",\"@id\":\"https:\/\/vapebulkp.com\/#organization\",\"name\":\"vapebulkp.com\",\"url\":\"https:\/\/vapebulkp.com\/\",\"logo\":{\"@type\":\"ImageObject\",\"inLanguage\":\"pl-PL\",\"@id\":\"https:\/\/vapebulkp.com\/#\/schema\/logo\/image\/\",\"url\":\"https:\/\/vapebulkp.com\/wp-content\/uploads\/2023\/09\/cropped-vapebulkp.png\",\"contentUrl\":\"https:\/\/vapebulkp.com\/wp-content\/uploads\/2023\/09\/cropped-vapebulkp.png\",\"width\":516,\"height\":163,\"caption\":\"vapebulkp.com\"},\"image\":{\"@id\":\"https:\/\/vapebulkp.com\/#\/schema\/logo\/image\/\"}}]}<\/script>\n<!-- \/ Yoast SEO plugin. -->","yoast_head_json":{"title":"Bang Beach 22k Puffs New Electronic Cigarette - vapebulkp.com","description":"Bang Beach 22000 Puffs Disposable Vape delivers long-lasting flavor and smooth draws. High-capacity, convenient, and perfect for EU vapers \u2014 order yours now!","robots":{"index":"index","follow":"follow","max-snippet":"max-snippet:-1","max-image-preview":"max-image-preview:large","max-video-preview":"max-video-preview:-1"},"canonical":"https:\/\/vapebulkp.com\/pl\/product\/bang-beach-22k-puffs-new-electronic-cigarette\/","og_locale":"pl_PL","og_type":"article","og_title":"Bang Beach 22k Puffs New Electronic Cigarette - vapebulkp.com","og_description":"Bang Beach 22000 Puffs Disposable Vape delivers long-lasting flavor and smooth draws. High-capacity, convenient, and perfect for EU vapers \u2014 order yours now!","og_url":"https:\/\/vapebulkp.com\/pl\/product\/bang-beach-22k-puffs-new-electronic-cigarette\/","og_site_name":"vapebulkp.com","article_modified_time":"2025-09-24T03:26:30+00:00","og_image":[{"width":1080,"height":1920,"url":"http:\/\/vapebulkp.com\/wp-content\/uploads\/2024\/07\/BANG-BEACH-Vape-22000Puffs.jpg","type":"image\/jpeg"}],"twitter_card":"summary_large_image","twitter_misc":{"Szacowany czas czytania":"4 minuty"},"schema":{"@context":"https:\/\/schema.org","@graph":[{"@type":"WebPage","@id":"https:\/\/vapebulkp.com\/product\/bang-beach-22k-puffs-new-electronic-cigarette\/","url":"https:\/\/vapebulkp.com\/product\/bang-beach-22k-puffs-new-electronic-cigarette\/","name":"Bang Beach 22k Puffs New Electronic Cigarette - vapebulkp.com","isPartOf":{"@id":"https:\/\/vapebulkp.com\/#website"},"datePublished":"2024-07-19T09:10:53+00:00","dateModified":"2025-09-24T03:26:30+00:00","description":"Bang Beach 22000 Puffs Disposable Vape delivers long-lasting flavor and smooth draws. High-capacity, convenient, and perfect for EU vapers \u2014 order yours now!","breadcrumb":{"@id":"https:\/\/vapebulkp.com\/product\/bang-beach-22k-puffs-new-electronic-cigarette\/#breadcrumb"},"inLanguage":"pl-PL","potentialAction":[{"@type":"ReadAction","target":["https:\/\/vapebulkp.com\/product\/bang-beach-22k-puffs-new-electronic-cigarette\/"]}]},{"@type":"BreadcrumbList","@id":"https:\/\/vapebulkp.com\/product\/bang-beach-22k-puffs-new-electronic-cigarette\/#breadcrumb","itemListElement":[{"@type":"ListItem","position":1,"name":"Home","item":"https:\/\/vapebulkp.com\/"},{"@type":"ListItem","position":2,"name":"Hot Trend Vapes","item":"https:\/\/vapebulkp.com\/vape-shop\/"},{"@type":"ListItem","position":3,"name":"Bang Beach 22k Puffs New Electronic Cigarette"}]},{"@type":"WebSite","@id":"https:\/\/vapebulkp.com\/#website","url":"https:\/\/vapebulkp.com\/","name":"vapebulkp.com","description":"Buy Vape In Cheap Bulk Price Near you","publisher":{"@id":"https:\/\/vapebulkp.com\/#organization"},"potentialAction":[{"@type":"SearchAction","target":{"@type":"EntryPoint","urlTemplate":"https:\/\/vapebulkp.com\/?s={search_term_string}"},"query-input":"required name=search_term_string"}],"inLanguage":"pl-PL"},{"@type":"Organization","@id":"https:\/\/vapebulkp.com\/#organization","name":"vapebulkp.com","url":"https:\/\/vapebulkp.com\/","logo":{"@type":"ImageObject","inLanguage":"pl-PL","@id":"https:\/\/vapebulkp.com\/#\/schema\/logo\/image\/","url":"https:\/\/vapebulkp.com\/wp-content\/uploads\/2023\/09\/cropped-vapebulkp.png","contentUrl":"https:\/\/vapebulkp.com\/wp-content\/uploads\/2023\/09\/cropped-vapebulkp.png","width":516,"height":163,"caption":"vapebulkp.com"},"image":{"@id":"https:\/\/vapebulkp.com\/#\/schema\/logo\/image\/"}}]}},"uagb_featured_image_src":{"full":["https:\/\/vapebulkp.com\/wp-content\/uploads\/2024\/07\/BANG-BEACH-Vape-22000Puffs.jpg",1080,1920,false],"thumbnail":["https:\/\/vapebulkp.com\/wp-content\/uploads\/2024\/07\/BANG-BEACH-Vape-22000Puffs-150x150.jpg",150,150,true],"medium":["https:\/\/vapebulkp.com\/wp-content\/uploads\/2024\/07\/BANG-BEACH-Vape-22000Puffs-169x300.jpg",169,300,true],"medium_large":["https:\/\/vapebulkp.com\/wp-content\/uploads\/2024\/07\/BANG-BEACH-Vape-22000Puffs-768x1365.jpg",768,1365,true],"large":["https:\/\/vapebulkp.com\/wp-content\/uploads\/2024\/07\/BANG-BEACH-Vape-22000Puffs-576x1024.jpg",576,1024,true],"1536x1536":["https:\/\/vapebulkp.com\/wp-content\/uploads\/2024\/07\/BANG-BEACH-Vape-22000Puffs-864x1536.jpg",864,1536,true],"2048x2048":["https:\/\/vapebulkp.com\/wp-content\/uploads\/2024\/07\/BANG-BEACH-Vape-22000Puffs.jpg",1080,1920,false],"trp-custom-language-flag":["https:\/\/vapebulkp.com\/wp-content\/uploads\/2024\/07\/BANG-BEACH-Vape-22000Puffs.jpg",7,12,false],"woocommerce_thumbnail":["https:\/\/vapebulkp.com\/wp-content\/uploads\/2024\/07\/BANG-BEACH-Vape-22000Puffs-300x300.jpg",300,300,true],"woocommerce_single":["https:\/\/vapebulkp.com\/wp-content\/uploads\/2024\/07\/BANG-BEACH-Vape-22000Puffs-600x1067.jpg",600,1067,true],"woocommerce_gallery_thumbnail":["https:\/\/vapebulkp.com\/wp-content\/uploads\/2024\/07\/BANG-BEACH-Vape-22000Puffs-100x100.jpg",100,100,true],"wcpr-photo-reviews":["https:\/\/vapebulkp.com\/wp-content\/uploads\/2024\/07\/BANG-BEACH-Vape-22000Puffs.jpg",281,500,false]},"uagb_author_info":{"display_name":"Mandy vape bulk price","author_link":"https:\/\/vapebulkp.com\/pl\/author\/"},"uagb_comment_info":0,"uagb_excerpt":"New Model\u00a0 Vape Bang Beach\u00a0 20k\u00a0 Bang Vape Pls Contact Mandy's WhatsApp For Discount Price+8618077105796 NOTE: Prices on our website does not include shipping costs &nbsp;","_links":{"self":[{"href":"https:\/\/vapebulkp.com\/pl\/wp-json\/wp\/v2\/product\/2674","targetHints":{"allow":["GET"]}}],"collection":[{"href":"https:\/\/vapebulkp.com\/pl\/wp-json\/wp\/v2\/product"}],"about":[{"href":"https:\/\/vapebulkp.com\/pl\/wp-json\/wp\/v2\/types\/product"}],"replies":[{"embeddable":true,"href":"https:\/\/vapebulkp.com\/pl\/wp-json\/wp\/v2\/comments?post=2674"}],"wp:featuredmedia":[{"embeddable":true,"href":"https:\/\/vapebulkp.com\/pl\/wp-json\/wp\/v2\/media\/2673"}],"wp:attachment":[{"href":"https:\/\/vapebulkp.com\/pl\/wp-json\/wp\/v2\/media?parent=2674"}],"wp:term":[{"taxonomy":"product_cat","embeddable":true,"href":"https:\/\/vapebulkp.com\/pl\/wp-json\/wp\/v2\/product_cat?post=2674"},{"taxonomy":"product_tag","embeddable":true,"href":"https:\/\/vapebulkp.com\/pl\/wp-json\/wp\/v2\/product_tag?post=2674"}],"curies":[{"name":"wp","href":"https:\/\/api.w.org\/{rel}","templated":true}]}}