{"id":2701,"date":"2024-07-26T08:28:10","date_gmt":"2024-07-26T06:28:10","guid":{"rendered":"https:\/\/vapebulkp.com\/?post_type=product&#038;p=2701"},"modified":"2025-09-24T05:15:20","modified_gmt":"2025-09-24T03:15:20","slug":"vapsolo-super-15k-puffs-wholesale-price-e-cigarette","status":"publish","type":"product","link":"https:\/\/vapebulkp.com\/pl\/product\/vapsolo-super-15k-puffs-wholesale-price-e-cigarette\/","title":{"rendered":"Vapsolo SUPER 15K Puffs Hurtowa Cena E-Papieros"},"content":{"rendered":"<h2 style=\"text-align: left\">Vapsolo SUPER 15K Puffs Hurtowa Cena E-Papieros<\/h2>\n<p>&nbsp;<\/p>\n<p data-start=\"203\" data-end=\"636\"><strong data-start=\"203\" data-end=\"246\">Jednorazowy Vape Vapsolo SUPER 15K Puffs<\/strong> jest przeznaczony na rynek europejski, oferuj\u0105c idealn\u0105 r\u00f3wnowag\u0119 mi\u0119dzy wygod\u0105 a wydajno\u015bci\u0105 dla m\u0142odych doros\u0142ych u\u017cytkownik\u00f3w. Ten <a href=\"https:\/\/vapebulkp.com\/pl\/product-category\/15000-puffs-disposable-vape\/\"><strong data-start=\"379\" data-end=\"408\">Jednorazowy Vape 15k Puffs<\/strong><\/a> jest wyposa\u017cony w pot\u0119\u017cn\u0105 bateri\u0119 wielokrotnego \u0142adowania o pojemno\u015bci 650 mAh i 25 ml p\u0142ynu, zapewniaj\u0105c d\u0142ugotrwa\u0142e u\u017cytkowanie i stabiln\u0105 produkcj\u0119 pary. Z <strong data-start=\"545\" data-end=\"572\">2% i 5% nikotynowy vape<\/strong> opcjami, zaspokaja r\u00f3\u017cne potrzeby i preferencje dotycz\u0105ce wapowania.<\/p>\n<p data-start=\"638\" data-end=\"1016\">Oferuj\u0105c 15 najlepiej sprzedaj\u0105cych si\u0119 smak\u00f3w, ten <a href=\"https:\/\/vapebulkp.com\/pl\/product-category\/germany-hot-disposable-vape\/\"><strong data-start=\"678\" data-end=\"707\">jednorazowy e-papieros hurtowo<\/strong><\/a> zapewnia g\u0142adkie uderzenia w gard\u0142o i sta\u0142e zadowolenie, co czyni go niezawodnym <strong data-start=\"786\" data-end=\"808\">urz\u0105dzeniem e-papierosowym<\/strong> zar\u00f3wno dla sprzedawc\u00f3w detalicznych, jak i konsument\u00f3w. Zaprojektowany do intensywnego u\u017cytkowania i efektywno\u015bci kosztowej, <strong data-start=\"891\" data-end=\"923\">Vape Vapsolo SUPER 15K Puffs<\/strong> jest m\u0105drym wyborem dla hurtownik\u00f3w celuj\u0105cych w segment rynku m\u0119skiego w wieku 25-35 lat w ca\u0142ej UE.<\/p>\n<p><img decoding=\"async\" class=\"alignnone wp-image-2699\" src=\"http:\/\/vapebulkp.com\/wp-content\/uploads\/2024\/07\/Vapsolo-SUPER-15K-Puffs.jpg\" alt=\"Vapsolo SUPER 15K Zaci\u0105gni\u0119\u0107\" width=\"783\" height=\"589\" srcset=\"https:\/\/vapebulkp.com\/wp-content\/uploads\/2024\/07\/Vapsolo-SUPER-15K-Puffs.jpg 896w, https:\/\/vapebulkp.com\/wp-content\/uploads\/2024\/07\/Vapsolo-SUPER-15K-Puffs-300x226.jpg 300w, https:\/\/vapebulkp.com\/wp-content\/uploads\/2024\/07\/Vapsolo-SUPER-15K-Puffs-768x578.jpg 768w, https:\/\/vapebulkp.com\/wp-content\/uploads\/2024\/07\/Vapsolo-SUPER-15K-Puffs-600x451.jpg 600w\" sizes=\"(max-width: 783px) 100vw, 783px\" \/><\/p>\n<h6>Skontaktuj si\u0119 z WhatsApp Mandy, aby uzyska\u0107 cen\u0119 ze zni\u017ck\u0105<a href=\"https:\/\/wa.me\/8618077105796\">+8618077105796<\/a><\/h6>\n<p>&nbsp;<\/p>\n<p><img decoding=\"async\" class=\"alignnone wp-image-2151\" src=\"http:\/\/vapebulkp.com\/wp-content\/uploads\/2024\/04\/Mandy-WhatsApp-Randm.jpg\" alt=\"WhatsApp Mandy Randm\" width=\"324\" height=\"330\" \/><\/p>\n<h5>Pomy\u015bla\u0142em, \u017ce warto wiedzie\u0107 o Vapsolo super 15000Puffs Vape:<\/h5>\n<h5>1.Jak u\u017cywa\u0107 Vapsolo super 15k Puffs Vape Pen?<\/h5>\n<p>Krok 1. Przed u\u017cyciem 15k zaci\u0105gni\u0119\u0107, od\u0142\u0105cz plastikow\u0105 rurk\u0119.<\/p>\n<p>Krok 2. Odczekaj oko\u0142o 3 minut, aby p\u0142yn dosta\u0142 si\u0119 do spirali wewn\u0105trz.<\/p>\n<p>Krok 3. Ciesz si\u0119<\/p>\n<h5>2.Jak na\u0142adowa\u0107 Vapsolo SUPER Vape 15k Puffs?<\/h5>\n<p>Nie mo\u017cna u\u017cywa\u0107 \u0142adowarek do szybkiego \u0142adowania, a standardowa bezpieczna moc jednorazowych e-papieros\u00f3w to 5V 1A.<\/p>\n<p>Ka\u017cdy czas \u0142adowania nie mo\u017ce przekroczy\u0107 1 godziny, a bezpieczny czas \u0142adowania to p\u00f3\u0142 godziny.<\/p>\n<p><span style=\"color: #ff6600\">Uwaga: nie mo\u017cna \u0142adowa\u0107 przez ca\u0142\u0105 noc!<\/span><\/p>\n<h5>3.Jaka jest pojemno\u015b\u0107 p\u0142ynu w Vapsolo SUPER 15000 Puffs Super Vape?<\/h5>\n<p>\u2014\u201425 ml<\/p>\n<h5>4.Ile zaci\u0105gni\u0119\u0107 mog\u0119 wzi\u0105\u0107 z tego Vapsolo super 15k Puffs?<\/h5>\n<p>\u2014\u201315000 Zaci\u0105gni\u0119\u0107<\/p>\n<h5>Funkcje jednorazowego podu Vape Vapsolo SUPER 15k Puffs:<\/h5>\n<p>&nbsp;<\/p>\n<ul>\n<li>\u00a0P\u0142yn: 25 ml wst\u0119pnie nape\u0142nionego kartrid\u017ca e-liquidem<\/li>\n<li>Nikotyna: 2\/5% s\u00f3l nikotynowa<\/li>\n<li>\u00a0Bateria 650mAh<\/li>\n<li>\u00a0Inteligentny VAPE typu C<\/li>\n<li>\u00a0Dost\u0119pnych 15 smak\u00f3w<\/li>\n<\/ul>\n<p>&nbsp;<\/p>\n<h5><strong>Jakie s\u0105 popularne smaki Vapsolo SUPER 15000 Puffs?<\/strong><\/h5>\n<p>1. NIEBIESKA MALINA<br \/>\n2.JAGODOWY L\u00d3D<br \/>\n3. PODW\u00d3JNE JAB\u0141KO<br \/>\n4. ARBUZ Z LODEM<br \/>\n5. TRUSKAWKA KIWI<br \/>\n6. MIESZANE JAGODY<br \/>\n7. RED BULL<br \/>\n8. BOR\u00d3WKA WI\u015aNIA \u017bURAWINA<br \/>\n9. CYTRYNA LIMONKA<br \/>\n10. SKITTLES<br \/>\n11. Smoczy owoc truskawka czarna<br \/>\n12. Bor\u00f3wka wi\u015bnia cola<br \/>\n13.Malina arbuz<br \/>\n14. Truskawka banan<br \/>\n15. Letni sen<\/p>\n<p><a href=\"https:\/\/vapebulkp.com\/pl\/product\/popular-randm-tornado-7000puffs-disposable-vape-best-price\/\"><span style=\"vertical-align: inherit\">RandM Tornado 7000 zaci\u0105gni\u0119\u0107 <\/span><\/a><\/p>\n<p><span style=\"vertical-align: inherit\">Znajd\u017a wi\u0119cej produkt\u00f3w, kt\u00f3re mog\u0105 Ci si\u0119 spodoba\u0107:<\/span><em><a href=\"https:\/\/wa.me\/8618077105796\"><span style=\"vertical-align: inherit\">\u00a0Kup teraz<\/span><\/a><\/em><\/p>\n<p><span style=\"vertical-align: inherit\">Inne Puffs, kt\u00f3re mog\u0105 Ci si\u0119 spodoba\u0107:<\/span><a href=\"https:\/\/vapebulkp.com\/pl\/product\/bang-with-a-vape-gear-20000-puffs-discount-price\/\"><span style=\"vertical-align: inherit\">Bang Gear Vape 20000 Puffs<\/span><\/a><span style=\"vertical-align: inherit\">\u3001<\/span><a href=\"https:\/\/vapebulkp.com\/pl\/product\/wholesale-randm-tornado-9000-puffs-germany\/\"><span style=\"vertical-align: inherit\">RandM 9000 zaci\u0105gni\u0119\u0107<\/span><\/a><span style=\"vertical-align: inherit\">\/ <\/span><a href=\"https:\/\/vapebulkp.com\/pl\/fi\/product\/bang-30k-puffs-new-double-taste-good-vape\/\"><span style=\"vertical-align: inherit\">Bang Vape 30000 zaci\u0105gni\u0119\u0107<\/span><\/a><span style=\"vertical-align: inherit\">\/ <\/span><a href=\"https:\/\/vapebulkp.com\/pl\/fi\/product\/uzy-bang-digital-12000puffs-led-display-e-cigarettes\/\"><span style=\"vertical-align: inherit\">UZY Bang Digital 15000 zaci\u0105gni\u0119\u0107<\/span><\/a><\/p>\n<p><span style=\"vertical-align: inherit\">E-papieros o specjalnym kszta\u0142cie butelki:<\/span><a href=\"https:\/\/vapebulkp.com\/pl\/fi\/product\/bang-beach-22k-puffs-new-electronic-cigarette\/\"><span style=\"vertical-align: inherit\"> Bang Beach 22000 Zaci\u0105gni\u0119\u0107<\/span><\/a><span style=\"vertical-align: inherit\">\/ <\/span><a href=\"https:\/\/vapebulkp.com\/pl\/fi\/product\/best-price-wga-crystal-pro-max-15k-puffs-original-vape\/\"><span style=\"vertical-align: inherit\">\u00a0WGA Crystal pro max 15k Zaci\u0105gni\u0119\u0107 <\/span><\/a><span style=\"vertical-align: inherit\">\/<\/span><a href=\"https:\/\/vapebulkp.com\/pl\/product\/bang-tornado-12000-puffs-rechargeable-disposable-pod\/\"><span style=\"vertical-align: inherit\"> Bang Tornado 12000 zaci\u0105gni\u0119\u0107<\/span><\/a><\/p>\n<h5>Kwalifikacja produkcyjna:<\/h5>\n<p><img decoding=\"async\" class=\"alignnone size-full wp-image-1841\" src=\"http:\/\/vapebulkp.com\/wp-content\/uploads\/2023\/11\/Vape-production-process-2.jpeg\" alt=\"Proces produkcji vape\" width=\"650\" height=\"434\" srcset=\"https:\/\/vapebulkp.com\/wp-content\/uploads\/2023\/11\/Vape-production-process-2.jpeg 650w, https:\/\/vapebulkp.com\/wp-content\/uploads\/2023\/11\/Vape-production-process-2-300x200.jpeg 300w, https:\/\/vapebulkp.com\/wp-content\/uploads\/2023\/11\/Vape-production-process-2-600x401.jpeg 600w\" sizes=\"(max-width: 650px) 100vw, 650px\" \/><\/p>\n<p><img decoding=\"async\" class=\"alignnone size-full wp-image-1843\" src=\"http:\/\/vapebulkp.com\/wp-content\/uploads\/2023\/11\/Vape-production-process.jpeg\" alt=\"Proces produkcji vape\" width=\"641\" height=\"1026\" srcset=\"https:\/\/vapebulkp.com\/wp-content\/uploads\/2023\/11\/Vape-production-process.jpeg 641w, https:\/\/vapebulkp.com\/wp-content\/uploads\/2023\/11\/Vape-production-process-187x300.jpeg 187w, https:\/\/vapebulkp.com\/wp-content\/uploads\/2023\/11\/Vape-production-process-640x1024.jpeg 640w, https:\/\/vapebulkp.com\/wp-content\/uploads\/2023\/11\/Vape-production-process-600x960.jpeg 600w\" sizes=\"(max-width: 641px) 100vw, 641px\" \/><\/p>\n<h5>Najcz\u0119\u015bciej zadawane pytania:<\/h5>\n<p>P: Jakie jest MOQ najlepszych sprzedaj\u0105cych si\u0119 Vapsolo SUPER 15000 Puffs?<br \/>\nO: Minimalne zam\u00f3wienie to 100 sztuk.<br \/>\nP: Jaki jest czas dostawy zam\u00f3wionego e-papierosa?<br \/>\nO: Zwykle trwa to 10-15 dni od wysy\u0142ki<br \/>\nP: Ile wynosi koszt wysy\u0142ki? O: Koszt wysy\u0142ki zale\u017cy od wagi. R\u00f3\u017cne ilo\u015bci maj\u0105 r\u00f3\u017cne koszty wysy\u0142ki, prosimy o kontakt w celu potwierdzenia kosztu wysy\u0142ki.<\/p>\n<h4>Szczeg\u00f3\u0142y wysy\u0142ki:<\/h4>\n<p><span style=\"color: #ff6600\">Czas produkcji: 5-10 dni roboczych<\/span><br \/>\n<span style=\"color: #ff6600\">Czas wysy\u0142ki: 8-14 dni roboczych<\/span><\/p>\n<p>Wszystkie produkty w naszym sklepie s\u0105 w 100% oryginalne i autentyczne, dlatego polityk\u0105 naszego sklepu jest dziesi\u0119ciokrotne odszkodowanie za podrobione towary. Do dostarczania towar\u00f3w u\u017cywamy kana\u0142\u00f3w logistycznych, takich jak UPS\/DHL\/FEDEX\/DPD.<\/p>\n<p>W przypadku paczek wysy\u0142anych do Polski dostawa trwa zwykle 10 dni roboczych. Wysy\u0142ka do kraj\u00f3w europejskich trwa zwykle od 12 do 15 dni roboczych. B\u0119dziemy aktualizowa\u0107 dla Ciebie informacje logistyczne w czasie rzeczywistym.<\/p>","protected":false},"excerpt":{"rendered":"<p>Vapsolo 15k Puffs Nowy model Vape w obni\u017conej cenie<\/p>\n<h6>Skontaktuj si\u0119 z WhatsApp Mandy, aby uzyska\u0107 cen\u0119 ze zni\u017ck\u0105<a href=\"https:\/\/wa.me\/8618077105796\">+8618077105796<\/a><\/h6>\n<p>&nbsp;<\/p>\n<p><img decoding=\"async\" class=\"alignnone wp-image-2151\" src=\"http:\/\/vapebulkp.com\/wp-content\/uploads\/2024\/04\/Mandy-WhatsApp-Randm.jpg\" alt=\"WhatsApp Mandy Randm\" width=\"297\" height=\"316\" srcset=\"https:\/\/vapebulkp.com\/wp-content\/uploads\/2024\/04\/Mandy-WhatsApp-Randm.jpg 916w, https:\/\/vapebulkp.com\/wp-content\/uploads\/2024\/04\/Mandy-WhatsApp-Randm-282x300.jpg 282w, https:\/\/vapebulkp.com\/wp-content\/uploads\/2024\/04\/Mandy-WhatsApp-Randm-768x817.jpg 768w, https:\/\/vapebulkp.com\/wp-content\/uploads\/2024\/04\/Mandy-WhatsApp-Randm-600x638.jpg 600w\" sizes=\"(max-width: 297px) 100vw, 297px\" \/><\/p>\n<p><span style=\"color: #ff0000\">UWAGA: Ceny na naszej stronie internetowej nie zawieraj\u0105 koszt\u00f3w wysy\u0142ki<\/span><\/p>\n<p>&nbsp;<\/p>","protected":false},"featured_media":2692,"comment_status":"open","ping_status":"closed","template":"","meta":{"_uag_custom_page_level_css":"","_lmt_disableupdate":"no","_lmt_disable":"","site-sidebar-layout":"default","site-content-layout":"content-boxed-container","ast-site-content-layout":"normal-width-container","site-content-style":"boxed","site-sidebar-style":"unboxed","ast-global-header-display":"","ast-banner-title-visibility":"","ast-main-header-display":"","ast-hfb-above-header-display":"","ast-hfb-below-header-display":"","ast-hfb-mobile-header-display":"","site-post-title":"","ast-breadcrumbs-content":"","ast-featured-img":"","footer-sml-layout":"","theme-transparent-header-meta":"default","adv-header-id-meta":"","stick-header-meta":"","header-above-stick-meta":"","header-main-stick-meta":"","header-below-stick-meta":"","astra-migrate-meta-layouts":"set","_joinchat":[]},"product_cat":[165,153,155,33,59,100,87,34,158,157,154,152,58,84,156,63,32,362],"product_tag":[36,37,41,40],"class_list":["post-2701","product","type-product","status-publish","has-post-thumbnail","hentry","product_cat-15000-puffs-disposable-vape","product_cat-hot-disposable-vapes","product_cat-belgium-hot-disposable-vapes","product_cat-france-vape-hot-sale","product_cat-germany-hot-disposable-vape","product_cat-germany-wholesale-vape-shop","product_cat-minimum-order-quantity-50pcs","product_cat-netherlands-vape-good-sale","product_cat-norway-hot-disposable-vapes","product_cat-poland-hot-disposable-vapes","product_cat-portugal-hot-disposable-vapes","product_cat-spain-hot-disposable-vapes","product_cat-sweden-hot-disposable-vape","product_cat-sweden-wholesale-vape","product_cat-switzerland-hot-disposable-vapes","product_cat-top-sale-disposable-vape","product_cat-vape-hot-sale-this-week","product_cat-vapsolo-vape","product_tag-good-vape","product_tag-hot-sale-disposable-vape","product_tag-poland-hot-vape","product_tag-sweden-hot-vape","pa_brand-vapsolo-vape","desktop-align-left","tablet-align-left","mobile-align-left"],"yoast_head":"<!-- This site is optimized with the Yoast SEO plugin v21.1 - https:\/\/yoast.com\/wordpress\/plugins\/seo\/ -->\n<title>Vapsolo SUPER 15K Puffs Wholesale Price E-Cigarette - vapebulkp.com<\/title>\n<meta name=\"description\" content=\"Buy Vapsolo SUPER 15K Puffs Disposable Vape at wholesale prices. Long-lasting 15k Puffs vape device with rich flavors and nicotine options. Perfect for EU distributors\u2014order today!\" \/>\n<meta name=\"robots\" content=\"index, follow, max-snippet:-1, max-image-preview:large, max-video-preview:-1\" \/>\n<link rel=\"canonical\" href=\"https:\/\/vapebulkp.com\/pl\/product\/vapsolo-super-15k-puffs-wholesale-price-e-cigarette\/\" \/>\n<meta property=\"og:locale\" content=\"pl_PL\" \/>\n<meta property=\"og:type\" content=\"article\" \/>\n<meta property=\"og:title\" content=\"Vapsolo SUPER 15K Puffs Wholesale Price E-Cigarette - vapebulkp.com\" \/>\n<meta property=\"og:description\" content=\"Buy Vapsolo SUPER 15K Puffs Disposable Vape at wholesale prices. Long-lasting 15k Puffs vape device with rich flavors and nicotine options. Perfect for EU distributors\u2014order today!\" \/>\n<meta property=\"og:url\" content=\"https:\/\/vapebulkp.com\/pl\/product\/vapsolo-super-15k-puffs-wholesale-price-e-cigarette\/\" \/>\n<meta property=\"og:site_name\" content=\"vapebulkp.com\" \/>\n<meta property=\"article:modified_time\" content=\"2025-09-24T03:15:20+00:00\" \/>\n<meta property=\"og:image\" content=\"http:\/\/vapebulkp.com\/wp-content\/uploads\/2024\/07\/Vapsolo-SUPER-15K-Puffs-Good-Price.jpg\" \/>\n\t<meta property=\"og:image:width\" content=\"1276\" \/>\n\t<meta property=\"og:image:height\" content=\"1702\" \/>\n\t<meta property=\"og:image:type\" content=\"image\/jpeg\" \/>\n<meta name=\"twitter:card\" content=\"summary_large_image\" \/>\n<meta name=\"twitter:label1\" content=\"Szacowany czas czytania\" \/>\n\t<meta name=\"twitter:data1\" content=\"4 minuty\" \/>\n<script type=\"application\/ld+json\" class=\"yoast-schema-graph\">{\"@context\":\"https:\/\/schema.org\",\"@graph\":[{\"@type\":\"WebPage\",\"@id\":\"https:\/\/vapebulkp.com\/product\/vapsolo-super-15k-puffs-wholesale-price-e-cigarette\/\",\"url\":\"https:\/\/vapebulkp.com\/product\/vapsolo-super-15k-puffs-wholesale-price-e-cigarette\/\",\"name\":\"Vapsolo SUPER 15K Puffs Wholesale Price E-Cigarette - vapebulkp.com\",\"isPartOf\":{\"@id\":\"https:\/\/vapebulkp.com\/#website\"},\"datePublished\":\"2024-07-26T06:28:10+00:00\",\"dateModified\":\"2025-09-24T03:15:20+00:00\",\"description\":\"Buy Vapsolo SUPER 15K Puffs Disposable Vape at wholesale prices. Long-lasting 15k Puffs vape device with rich flavors and nicotine options. Perfect for EU distributors\u2014order today!\",\"breadcrumb\":{\"@id\":\"https:\/\/vapebulkp.com\/product\/vapsolo-super-15k-puffs-wholesale-price-e-cigarette\/#breadcrumb\"},\"inLanguage\":\"pl-PL\",\"potentialAction\":[{\"@type\":\"ReadAction\",\"target\":[\"https:\/\/vapebulkp.com\/product\/vapsolo-super-15k-puffs-wholesale-price-e-cigarette\/\"]}]},{\"@type\":\"BreadcrumbList\",\"@id\":\"https:\/\/vapebulkp.com\/product\/vapsolo-super-15k-puffs-wholesale-price-e-cigarette\/#breadcrumb\",\"itemListElement\":[{\"@type\":\"ListItem\",\"position\":1,\"name\":\"Home\",\"item\":\"https:\/\/vapebulkp.com\/\"},{\"@type\":\"ListItem\",\"position\":2,\"name\":\"Hot Trend Vapes\",\"item\":\"https:\/\/vapebulkp.com\/vape-shop\/\"},{\"@type\":\"ListItem\",\"position\":3,\"name\":\"Vapsolo SUPER 15K Puffs Wholesale Price E-Cigarette\"}]},{\"@type\":\"WebSite\",\"@id\":\"https:\/\/vapebulkp.com\/#website\",\"url\":\"https:\/\/vapebulkp.com\/\",\"name\":\"vapebulkp.com\",\"description\":\"Buy Vape In Cheap Bulk Price Near you\",\"publisher\":{\"@id\":\"https:\/\/vapebulkp.com\/#organization\"},\"potentialAction\":[{\"@type\":\"SearchAction\",\"target\":{\"@type\":\"EntryPoint\",\"urlTemplate\":\"https:\/\/vapebulkp.com\/?s={search_term_string}\"},\"query-input\":\"required name=search_term_string\"}],\"inLanguage\":\"pl-PL\"},{\"@type\":\"Organization\",\"@id\":\"https:\/\/vapebulkp.com\/#organization\",\"name\":\"vapebulkp.com\",\"url\":\"https:\/\/vapebulkp.com\/\",\"logo\":{\"@type\":\"ImageObject\",\"inLanguage\":\"pl-PL\",\"@id\":\"https:\/\/vapebulkp.com\/#\/schema\/logo\/image\/\",\"url\":\"https:\/\/vapebulkp.com\/wp-content\/uploads\/2023\/09\/cropped-vapebulkp.png\",\"contentUrl\":\"https:\/\/vapebulkp.com\/wp-content\/uploads\/2023\/09\/cropped-vapebulkp.png\",\"width\":516,\"height\":163,\"caption\":\"vapebulkp.com\"},\"image\":{\"@id\":\"https:\/\/vapebulkp.com\/#\/schema\/logo\/image\/\"}}]}<\/script>\n<!-- \/ Yoast SEO plugin. -->","yoast_head_json":{"title":"Vapsolo SUPER 15K Puffs Wholesale Price E-Cigarette - vapebulkp.com","description":"Buy Vapsolo SUPER 15K Puffs Disposable Vape at wholesale prices. Long-lasting 15k Puffs vape device with rich flavors and nicotine options. Perfect for EU distributors\u2014order today!","robots":{"index":"index","follow":"follow","max-snippet":"max-snippet:-1","max-image-preview":"max-image-preview:large","max-video-preview":"max-video-preview:-1"},"canonical":"https:\/\/vapebulkp.com\/pl\/product\/vapsolo-super-15k-puffs-wholesale-price-e-cigarette\/","og_locale":"pl_PL","og_type":"article","og_title":"Vapsolo SUPER 15K Puffs Wholesale Price E-Cigarette - vapebulkp.com","og_description":"Buy Vapsolo SUPER 15K Puffs Disposable Vape at wholesale prices. Long-lasting 15k Puffs vape device with rich flavors and nicotine options. Perfect for EU distributors\u2014order today!","og_url":"https:\/\/vapebulkp.com\/pl\/product\/vapsolo-super-15k-puffs-wholesale-price-e-cigarette\/","og_site_name":"vapebulkp.com","article_modified_time":"2025-09-24T03:15:20+00:00","og_image":[{"width":1276,"height":1702,"url":"http:\/\/vapebulkp.com\/wp-content\/uploads\/2024\/07\/Vapsolo-SUPER-15K-Puffs-Good-Price.jpg","type":"image\/jpeg"}],"twitter_card":"summary_large_image","twitter_misc":{"Szacowany czas czytania":"4 minuty"},"schema":{"@context":"https:\/\/schema.org","@graph":[{"@type":"WebPage","@id":"https:\/\/vapebulkp.com\/product\/vapsolo-super-15k-puffs-wholesale-price-e-cigarette\/","url":"https:\/\/vapebulkp.com\/product\/vapsolo-super-15k-puffs-wholesale-price-e-cigarette\/","name":"Vapsolo SUPER 15K Puffs Wholesale Price E-Cigarette - vapebulkp.com","isPartOf":{"@id":"https:\/\/vapebulkp.com\/#website"},"datePublished":"2024-07-26T06:28:10+00:00","dateModified":"2025-09-24T03:15:20+00:00","description":"Buy Vapsolo SUPER 15K Puffs Disposable Vape at wholesale prices. Long-lasting 15k Puffs vape device with rich flavors and nicotine options. Perfect for EU distributors\u2014order today!","breadcrumb":{"@id":"https:\/\/vapebulkp.com\/product\/vapsolo-super-15k-puffs-wholesale-price-e-cigarette\/#breadcrumb"},"inLanguage":"pl-PL","potentialAction":[{"@type":"ReadAction","target":["https:\/\/vapebulkp.com\/product\/vapsolo-super-15k-puffs-wholesale-price-e-cigarette\/"]}]},{"@type":"BreadcrumbList","@id":"https:\/\/vapebulkp.com\/product\/vapsolo-super-15k-puffs-wholesale-price-e-cigarette\/#breadcrumb","itemListElement":[{"@type":"ListItem","position":1,"name":"Home","item":"https:\/\/vapebulkp.com\/"},{"@type":"ListItem","position":2,"name":"Hot Trend Vapes","item":"https:\/\/vapebulkp.com\/vape-shop\/"},{"@type":"ListItem","position":3,"name":"Vapsolo SUPER 15K Puffs Wholesale Price E-Cigarette"}]},{"@type":"WebSite","@id":"https:\/\/vapebulkp.com\/#website","url":"https:\/\/vapebulkp.com\/","name":"vapebulkp.com","description":"Buy Vape In Cheap Bulk Price Near you","publisher":{"@id":"https:\/\/vapebulkp.com\/#organization"},"potentialAction":[{"@type":"SearchAction","target":{"@type":"EntryPoint","urlTemplate":"https:\/\/vapebulkp.com\/?s={search_term_string}"},"query-input":"required name=search_term_string"}],"inLanguage":"pl-PL"},{"@type":"Organization","@id":"https:\/\/vapebulkp.com\/#organization","name":"vapebulkp.com","url":"https:\/\/vapebulkp.com\/","logo":{"@type":"ImageObject","inLanguage":"pl-PL","@id":"https:\/\/vapebulkp.com\/#\/schema\/logo\/image\/","url":"https:\/\/vapebulkp.com\/wp-content\/uploads\/2023\/09\/cropped-vapebulkp.png","contentUrl":"https:\/\/vapebulkp.com\/wp-content\/uploads\/2023\/09\/cropped-vapebulkp.png","width":516,"height":163,"caption":"vapebulkp.com"},"image":{"@id":"https:\/\/vapebulkp.com\/#\/schema\/logo\/image\/"}}]}},"uagb_featured_image_src":{"full":["https:\/\/vapebulkp.com\/wp-content\/uploads\/2024\/07\/Vapsolo-SUPER-15K-Puffs-Good-Price.jpg",1276,1702,false],"thumbnail":["https:\/\/vapebulkp.com\/wp-content\/uploads\/2024\/07\/Vapsolo-SUPER-15K-Puffs-Good-Price-150x150.jpg",150,150,true],"medium":["https:\/\/vapebulkp.com\/wp-content\/uploads\/2024\/07\/Vapsolo-SUPER-15K-Puffs-Good-Price-225x300.jpg",225,300,true],"medium_large":["https:\/\/vapebulkp.com\/wp-content\/uploads\/2024\/07\/Vapsolo-SUPER-15K-Puffs-Good-Price-768x1024.jpg",768,1024,true],"large":["https:\/\/vapebulkp.com\/wp-content\/uploads\/2024\/07\/Vapsolo-SUPER-15K-Puffs-Good-Price-768x1024.jpg",768,1024,true],"1536x1536":["https:\/\/vapebulkp.com\/wp-content\/uploads\/2024\/07\/Vapsolo-SUPER-15K-Puffs-Good-Price-1152x1536.jpg",1152,1536,true],"2048x2048":["https:\/\/vapebulkp.com\/wp-content\/uploads\/2024\/07\/Vapsolo-SUPER-15K-Puffs-Good-Price.jpg",1276,1702,false],"trp-custom-language-flag":["https:\/\/vapebulkp.com\/wp-content\/uploads\/2024\/07\/Vapsolo-SUPER-15K-Puffs-Good-Price.jpg",9,12,false],"woocommerce_thumbnail":["https:\/\/vapebulkp.com\/wp-content\/uploads\/2024\/07\/Vapsolo-SUPER-15K-Puffs-Good-Price-300x300.jpg",300,300,true],"woocommerce_single":["https:\/\/vapebulkp.com\/wp-content\/uploads\/2024\/07\/Vapsolo-SUPER-15K-Puffs-Good-Price-600x800.jpg",600,800,true],"woocommerce_gallery_thumbnail":["https:\/\/vapebulkp.com\/wp-content\/uploads\/2024\/07\/Vapsolo-SUPER-15K-Puffs-Good-Price-100x100.jpg",100,100,true],"wcpr-photo-reviews":["https:\/\/vapebulkp.com\/wp-content\/uploads\/2024\/07\/Vapsolo-SUPER-15K-Puffs-Good-Price.jpg",375,500,false]},"uagb_author_info":{"display_name":"Mandy vape bulk price","author_link":"https:\/\/vapebulkp.com\/pl\/author\/"},"uagb_comment_info":0,"uagb_excerpt":"Discount Price Vapsolo\u00a0 15k Puffs\u00a0 New Model\u00a0 Vape Pls Contact Mandy's WhatsApp For Discount Price+8618077105796 &nbsp; NOTE: Prices on our website does not include shipping costs &nbsp;","_links":{"self":[{"href":"https:\/\/vapebulkp.com\/pl\/wp-json\/wp\/v2\/product\/2701","targetHints":{"allow":["GET"]}}],"collection":[{"href":"https:\/\/vapebulkp.com\/pl\/wp-json\/wp\/v2\/product"}],"about":[{"href":"https:\/\/vapebulkp.com\/pl\/wp-json\/wp\/v2\/types\/product"}],"replies":[{"embeddable":true,"href":"https:\/\/vapebulkp.com\/pl\/wp-json\/wp\/v2\/comments?post=2701"}],"wp:featuredmedia":[{"embeddable":true,"href":"https:\/\/vapebulkp.com\/pl\/wp-json\/wp\/v2\/media\/2692"}],"wp:attachment":[{"href":"https:\/\/vapebulkp.com\/pl\/wp-json\/wp\/v2\/media?parent=2701"}],"wp:term":[{"taxonomy":"product_cat","embeddable":true,"href":"https:\/\/vapebulkp.com\/pl\/wp-json\/wp\/v2\/product_cat?post=2701"},{"taxonomy":"product_tag","embeddable":true,"href":"https:\/\/vapebulkp.com\/pl\/wp-json\/wp\/v2\/product_tag?post=2701"}],"curies":[{"name":"wp","href":"https:\/\/api.w.org\/{rel}","templated":true}]}}