{"id":2913,"date":"2024-09-21T05:50:55","date_gmt":"2024-09-21T03:50:55","guid":{"rendered":"https:\/\/vapebulkp.com\/?post_type=product&#038;p=2913"},"modified":"2025-09-24T05:13:53","modified_gmt":"2025-09-24T03:13:53","slug":"wga-crystal-plus-16000-puffs-led-light-disposable-vape","status":"publish","type":"product","link":"https:\/\/vapebulkp.com\/pl\/product\/wga-crystal-plus-16000-puffs-led-light-disposable-vape\/","title":{"rendered":"WGA Crystal Plus 16000 Zaci\u0105gni\u0119\u0107 Jednorazowy E-papieros z o\u015bwietleniem LED\u00a0"},"content":{"rendered":"<h2>WGA Crystal Plus 16000 Puffs LED Light jednorazowy e-papieros<\/h2>\n<p>&nbsp;<\/p>\n<p data-start=\"314\" data-end=\"651\">To <strong data-start=\"318\" data-end=\"376\">WGA Crystal Plus 16000 Puffs LED Light jednorazowy e-papieros<\/strong> to produkt premium <strong data-start=\"390\" data-end=\"423\">jednorazowy e-papieros o du\u017cej pojemno\u015bci<\/strong> zaprojektowany dla polskich vaper\u00f3w, kt\u00f3rzy ceni\u0105 sobie wydajno\u015b\u0107, smak i wygod\u0119. Z <strong data-start=\"506\" data-end=\"522\">16 000 zaci\u0105gni\u0119\u0107<\/strong> i 20 unikalnymi smakami, ten hurtowy e-papieros dostarcza g\u0142adk\u0105, g\u0119st\u0105 par\u0119 i sp\u00f3jny smak w ka\u017cdym zaci\u0105gni\u0119ciu.<\/p>\n<p data-start=\"653\" data-end=\"1005\">Zasilany przez niezawodn\u0105 <strong data-start=\"675\" data-end=\"706\">bateri\u0119 o pojemno\u015bci 650mAh z mo\u017cliwo\u015bci\u0105 \u0142adowania<\/strong>, WGA Crystal Plus zapewnia nieprzerwane sesje, podczas gdy wy\u015bwietlacz LED dodaje nowoczesnego, stylowego akcentu. Idealny zar\u00f3wno dla okazjonalnych u\u017cytkownik\u00f3w, jak i do\u015bwiadczonych vaper\u00f3w, ten <strong data-start=\"878\" data-end=\"911\">jednorazowy e-papieros z sol\u0105 nikotynow\u0105<\/strong> \u0142\u0105czy wygod\u0119, wysok\u0105 wydajno\u015b\u0107 i bogaty smak, zapewniaj\u0105c satysfakcjonuj\u0105ce do\u015bwiadczenie vapingu.<\/p>\n<p>&nbsp;<\/p>\n<h6 style=\"text-align: left\"><img decoding=\"async\" class=\"alignnone wp-image-2909\" src=\"http:\/\/vapebulkp.com\/wp-content\/uploads\/2024\/09\/WGA-crystal-Plus-Vape-16k-Puffs-Purchase-Price.jpg\" alt=\"WGA crystal Plus Vape 16k Puffs Cena zakupu\" width=\"666\" height=\"520\" srcset=\"https:\/\/vapebulkp.com\/wp-content\/uploads\/2024\/09\/WGA-crystal-Plus-Vape-16k-Puffs-Purchase-Price.jpg 2000w, https:\/\/vapebulkp.com\/wp-content\/uploads\/2024\/09\/WGA-crystal-Plus-Vape-16k-Puffs-Purchase-Price-300x234.jpg 300w, https:\/\/vapebulkp.com\/wp-content\/uploads\/2024\/09\/WGA-crystal-Plus-Vape-16k-Puffs-Purchase-Price-1024x800.jpg 1024w, https:\/\/vapebulkp.com\/wp-content\/uploads\/2024\/09\/WGA-crystal-Plus-Vape-16k-Puffs-Purchase-Price-768x600.jpg 768w, https:\/\/vapebulkp.com\/wp-content\/uploads\/2024\/09\/WGA-crystal-Plus-Vape-16k-Puffs-Purchase-Price-1536x1200.jpg 1536w, https:\/\/vapebulkp.com\/wp-content\/uploads\/2024\/09\/WGA-crystal-Plus-Vape-16k-Puffs-Purchase-Price-600x469.jpg 600w\" sizes=\"(max-width: 666px) 100vw, 666px\" \/><\/h6>\n<p>&nbsp;<\/p>\n<h6>Skontaktuj si\u0119 z WhatsApp Mandy, aby uzyska\u0107 cen\u0119 ze zni\u017ck\u0105<a href=\"https:\/\/wa.me\/8618077105796\">+8618077105796<\/a><\/h6>\n<p><img decoding=\"async\" class=\"alignnone wp-image-2151\" src=\"http:\/\/vapebulkp.com\/wp-content\/uploads\/2024\/04\/Mandy-WhatsApp-Randm.jpg\" alt=\"WhatsApp Mandy Randm\" width=\"271\" height=\"289\" srcset=\"https:\/\/vapebulkp.com\/wp-content\/uploads\/2024\/04\/Mandy-WhatsApp-Randm.jpg 916w, https:\/\/vapebulkp.com\/wp-content\/uploads\/2024\/04\/Mandy-WhatsApp-Randm-282x300.jpg 282w, https:\/\/vapebulkp.com\/wp-content\/uploads\/2024\/04\/Mandy-WhatsApp-Randm-768x817.jpg 768w, https:\/\/vapebulkp.com\/wp-content\/uploads\/2024\/04\/Mandy-WhatsApp-Randm-600x638.jpg 600w\" sizes=\"(max-width: 271px) 100vw, 271px\" \/><\/p>\n<h2><span style=\"vertical-align: inherit\">Pomy\u015bla\u0142em, \u017ce mo\u017ce Ci\u0119 zainteresowa\u0107 WGA Crystal Plus 16k Crystal Vapes:<\/span><\/h2>\n<p>&nbsp;<\/p>\n<h6 class=\"style-scope ytd-watch-metadata\">1. Jak u\u017cywa\u0107 WGA Crystal Plus 16k Puffs Crystal Vape?<\/h6>\n<p>To <strong>WGA Crystal Pro Plus 16K Wdech\u00f3w<\/strong> posiada technologi\u0119 oddzielania rdzenia oleju, kt\u00f3ra pomaga zachowa\u0107 e-liquid do momentu, gdy jest gotowy do u\u017cycia. Post\u0119puj zgodnie z poni\u017cszymi instrukcjami:<\/p>\n<ul>\n<li><strong>Krok 1<\/strong>: Otw\u00f3rz opakowanie produktu.<\/li>\n<li><strong>Krok 2<\/strong>: Usu\u0144 doln\u0105 naklejk\u0119.<\/li>\n<li><strong>Krok 3<\/strong>: Pozw\u00f3l urz\u0105dzeniu odczeka\u0107 3 minuty przed u\u017cyciem, aby e-liquid w pe\u0142ni nasyci\u0142 rdze\u0144.<\/li>\n<\/ul>\n<p>Podobnie jak w przypadku przepisu na idealne danie, te kroki zapewniaj\u0105 optymaln\u0105 wydajno\u015b\u0107 i smak. \u201eCierpliwo\u015b\u0107 jest gorzka, ale jej owoc jest s\u0142odki\u201d \u2013 to dotyczy r\u00f3wnie\u017c tego przypadku.<\/p>\n<h6>2. Jak \u0142adowa\u0107 WGA Crystal 16000 Puffs Crystal Vape Kopen:<\/h6>\n<p>\u0141adowanie jest proste, ale bezpiecze\u0144stwo jest kluczowe. Unikaj u\u017cywania szybkich \u0142adowarek. Standardowa, bezpieczna moc do \u0142adowania jednorazowych e-papieros\u00f3w to <strong>5V 1A<\/strong>.<\/p>\n<ul>\n<li>Ka\u017cda sesja \u0142adowania nie powinna przekracza\u0107 <strong>1 godziny<\/strong>, przy czym zalecany bezpieczny czas \u0142adowania wynosi <strong>30 minut<\/strong> .<\/li>\n<li><strong>Wa\u017cne<\/strong>: Nie zostawiaj urz\u0105dzenia pod\u0142\u0105czonego do \u0142adowania na ca\u0142\u0105 noc.<\/li>\n<\/ul>\n<p>Pami\u0119taj, co m\u00f3wi\u0105: \u201eSpiesz si\u0119 powoli\u201d. Zapewnia to d\u0142ugowieczno\u015b\u0107 i wydajno\u015b\u0107 twojego e-papierosa.<\/p>\n<p><span style=\"color: #ff6600\">Uwaga: nie mo\u017cna \u0142adowa\u0107 przez ca\u0142\u0105 noc!<\/span><\/p>\n<h6>3. Jaka jest pojemno\u015b\u0107 e-liquidu w e-papierosie WGA Crystal Plus 16000 Puffs?<\/h6>\n<p>WGA Crystal Plus 16K zawiera znaczn\u0105 ilo\u015b\u0107 <strong>27ml<\/strong> e-liquidu, co zapewnia d\u0142ugotrwa\u0142\u0105 przyjemno\u015b\u0107 bez konieczno\u015bci cz\u0119stego uzupe\u0142niania. Jak to si\u0119 m\u00f3wi, \u201eDobre rzeczy przychodz\u0105 w du\u017cych opakowaniach\u201d.<\/p>\n<h6>4. Jak d\u0142ugo wytrzymuje e-papieros WGA Crystal Plus 16000 Puffs:<\/h6>\n<p>Dzi\u0119ki <strong>16 000 zaci\u0105gni\u0119\u0107<\/strong>, ten e-papieros jest stworzony, aby dzia\u0142a\u0107 przez d\u0142ugi czas. Dla umiarkowanych u\u017cytkownik\u00f3w mo\u017ce to trwa\u0107 tygodniami, oferuj\u0105c sta\u0142\u0105 wydajno\u015b\u0107 przez ca\u0142y okres. Jak powiedzia\u0142 kiedy\u015b Arystoteles, \u201eJako\u015b\u0107 nie jest jednorazowym aktem, lecz nawykiem\u201d \u2013 a ten e-papieros zapewnia jako\u015b\u0107 z ka\u017cdym zaci\u0105gni\u0119ciem.<\/p>\n<div class=\"faqs-answer\"><\/div>\n<h3><span style=\"vertical-align: inherit\">Specyfikacja d\u0142ugotrwa\u0142ego u\u017cytkowania WGA Crystal Plus 16000 Puffs:<\/span><strong><br \/>\n<\/strong><\/h3>\n<ul>\n<li>Dobra Bateria: 650mAh (Typ C)<\/li>\n<li>Wysoka pojemno\u015b\u0107: 27ml<\/li>\n<li>Do 16000 zaci\u0105gni\u0119\u0107<\/li>\n<li>MTL Vaping i Potr\u00f3jna Grza\u0142ka Siatkowa<\/li>\n<li>Regulowany przep\u0142yw powietrza i wy\u015bwietlacz LED<\/li>\n<li>Wygodne i przeno\u015bne, kompaktowe urz\u0105dzenie<\/li>\n<li>2% 5% moc nikotyny<\/li>\n<\/ul>\n<h3>\u00a0Najlepszy jednorazowy WGA Crystal Vape 16k zaci\u0105gni\u0119\u0107 z \u0142atwym \u0142adowaniem przez port Type-C, lista smak\u00f3w:<\/h3>\n<p>&nbsp;<\/p>\n<p>1.BANANOWY L\u00d3D<\/p>\n<p>2.NIEBIESKA MALINA I WI\u015aNIA<\/p>\n<p>3.NIEBIESKA MALINA Z LODEM<\/p>\n<p>4.JAGODA, WI\u015aNIA, \u017bURAWINA<\/p>\n<p>5.JAGODA Z MALIN\u0104<\/p>\n<p>6.JAGODA I KWA\u015aNA MALINA<\/p>\n<p>7.WI\u015aNIOWY L\u00d3D<\/p>\n<p>8.GAZOWANA WI\u015aNIA<\/p>\n<p>9.\u015aWIE\u017bA MI\u0118TA<\/p>\n<p>10.MI\u015a \u017bELKOWY<\/p>\n<p>11. HUBBA BUBBA<\/p>\n<p>12.SOCZYSTA BRZOSKWINIA<\/p>\n<p>13.CYTRYNA<\/p>\n<p>14.PAN NIEBIESKI<\/p>\n<p>15.CZERWONE JAB\u0141KO Z LODEM<\/p>\n<p>16. SKITTLES<\/p>\n<p>17.TRUSKAWKA MALINA CZERE\u015aNIA<\/p>\n<p>18.LETNI SEN<\/p>\n<p>19. VIMTO BULL<\/p>\n<p>20.ARBUZ Z LODEM<\/p>\n<p><a href=\"https:\/\/vapebulkp.com\/pl\/product\/cloud-bar-tornado-9000puffs-randm-vape-original-vape\/\"><span style=\"vertical-align: inherit\">Dobra Sprzeda\u017c Vape Cloud Bar 9000 Zaci\u0105gni\u0119\u0107<\/span><\/a><\/p>\n<p><span style=\"vertical-align: inherit\">Znajd\u017a wi\u0119cej produkt\u00f3w, kt\u00f3re mog\u0105 Ci si\u0119 spodoba\u0107:<\/span><em><a href=\"https:\/\/wa.me\/8618077105796\"><span style=\"vertical-align: inherit\">\u00a0Kup teraz<\/span><\/a><\/em><\/p>\n<p><span style=\"vertical-align: inherit\">Inne Puffs, kt\u00f3re mog\u0105 Ci si\u0119 spodoba\u0107:<\/span><a href=\"https:\/\/vapebulkp.com\/pl\/product\/good-vape-jnr-shisha-15000-puffs-wholesale-vapme-shisha\/\"><span style=\"vertical-align: inherit\">JNR Vapme shisha 15000 Zaci\u0105gni\u0119\u0107<\/span><\/a><span style=\"vertical-align: inherit\">\u3001<\/span><a href=\"https:\/\/vapebulkp.com\/pl\/product\/wholesale-price-randm-15k-waspe-15000-puffs-best-vape\/\"><span style=\"vertical-align: inherit\">Randm Tornado Vape WASPE 15000 Zaci\u0105gni\u0119\u0107<\/span><\/a><span style=\"vertical-align: inherit\">\/ <\/span><a href=\"https:\/\/vapebulkp.com\/pl\/product\/popular-vape-bang-king-15000-puffs-bang-vape\/\"><span style=\"vertical-align: inherit\">Bang King 15000 Zaci\u0105gni\u0119\u0107<\/span><\/a><span style=\"vertical-align: inherit\">\/ <\/span><a href=\"https:\/\/vapebulkp.com\/pl\/product\/popular-randm-tornado-7000puffs-disposable-vape-best-price\/\"><span style=\"vertical-align: inherit\">RandM Tornado 7000 Zaci\u0105gni\u0119\u0107<\/span><\/a><\/p>\n<h4>Kwalifikacja produkcyjna:<\/h4>\n<p><img decoding=\"async\" class=\"alignnone size-full wp-image-1841\" src=\"http:\/\/vapebulkp.com\/wp-content\/uploads\/2023\/11\/Vape-production-process-2.jpeg\" alt=\"Proces produkcji vape\" width=\"650\" height=\"434\" srcset=\"https:\/\/vapebulkp.com\/wp-content\/uploads\/2023\/11\/Vape-production-process-2.jpeg 650w, https:\/\/vapebulkp.com\/wp-content\/uploads\/2023\/11\/Vape-production-process-2-300x200.jpeg 300w, https:\/\/vapebulkp.com\/wp-content\/uploads\/2023\/11\/Vape-production-process-2-600x401.jpeg 600w\" sizes=\"(max-width: 650px) 100vw, 650px\" \/><\/p>\n<p><img decoding=\"async\" class=\"alignnone size-full wp-image-1843\" src=\"http:\/\/vapebulkp.com\/wp-content\/uploads\/2023\/11\/Vape-production-process.jpeg\" alt=\"Proces produkcji vape\" width=\"641\" height=\"1026\" srcset=\"https:\/\/vapebulkp.com\/wp-content\/uploads\/2023\/11\/Vape-production-process.jpeg 641w, https:\/\/vapebulkp.com\/wp-content\/uploads\/2023\/11\/Vape-production-process-187x300.jpeg 187w, https:\/\/vapebulkp.com\/wp-content\/uploads\/2023\/11\/Vape-production-process-640x1024.jpeg 640w, https:\/\/vapebulkp.com\/wp-content\/uploads\/2023\/11\/Vape-production-process-600x960.jpeg 600w\" sizes=\"(max-width: 641px) 100vw, 641px\" \/><\/p>\n<p>&nbsp;<\/p>\n<h4>Szczeg\u00f3\u0142y wysy\u0142ki:<\/h4>\n<p><span style=\"color: #ff6600\">Czas produkcji: 5-10 dni roboczych<\/span><br \/>\n<span style=\"color: #ff6600\">Czas wysy\u0142ki: 8-14 dni roboczych<\/span><\/p>\n<p>Wszystkie produkty w naszym sklepie s\u0105 w 100% oryginalne i autentyczne, dlatego polityk\u0105 naszego sklepu jest dziesi\u0119ciokrotne odszkodowanie za podrobione towary. Do dostarczania towar\u00f3w u\u017cywamy kana\u0142\u00f3w logistycznych, takich jak UPS\/DHL\/FEDEX\/DPD.<\/p>\n<p>W przypadku paczek wysy\u0142anych do Polski dostawa trwa zwykle 10 dni roboczych. Wysy\u0142ka do kraj\u00f3w europejskich trwa zwykle od 12 do 15 dni roboczych. B\u0119dziemy aktualizowa\u0107 dla Ciebie informacje logistyczne w czasie rzeczywistym.<\/p>","protected":false},"excerpt":{"rendered":"<p>Najlepiej sprzedaj\u0105cy si\u0119 jednorazowy e-papieros WGA Crystal Plus 16K Puffs<\/p>\n<p>Skontaktuj si\u0119 z WhatsApp Mandy, aby uzyska\u0107 cen\u0119 ze zni\u017ck\u0105<a href=\"https:\/\/wa.me\/8618077105796\">+8618077105796<\/a><\/p>\n<p><img decoding=\"async\" class=\"alignnone wp-image-2151\" src=\"http:\/\/vapebulkp.com\/wp-content\/uploads\/2024\/04\/Mandy-WhatsApp-Randm.jpg\" alt=\"WhatsApp Mandy Randm\" width=\"297\" height=\"316\" srcset=\"https:\/\/vapebulkp.com\/wp-content\/uploads\/2024\/04\/Mandy-WhatsApp-Randm.jpg 916w, https:\/\/vapebulkp.com\/wp-content\/uploads\/2024\/04\/Mandy-WhatsApp-Randm-282x300.jpg 282w, https:\/\/vapebulkp.com\/wp-content\/uploads\/2024\/04\/Mandy-WhatsApp-Randm-768x817.jpg 768w, https:\/\/vapebulkp.com\/wp-content\/uploads\/2024\/04\/Mandy-WhatsApp-Randm-600x638.jpg 600w\" sizes=\"(max-width: 297px) 100vw, 297px\" \/><\/p>\n<p><span style=\"color: #ff0000\">UWAGA: Ceny na naszej stronie internetowej nie zawieraj\u0105 koszt\u00f3w wysy\u0142ki<\/span><\/p>\n<p>G\u0142\u00f3wny pow\u00f3d zakupu<br \/>\n1. Doskona\u0142a jako\u015b\u0107 i niezr\u00f3wnana wydajno\u015b\u0107.<\/p>\n<p>2. Konkurencyjna cena i szybko\u015b\u0107.<\/p>\n<p>3. Wiele opcji i terminowa dostawa.<\/p>\n<p>4. Satysfakcjonuj\u0105ce do\u015bwiadczenie zakupowe<\/p>","protected":false},"featured_media":2905,"comment_status":"open","ping_status":"closed","template":"","meta":{"_uag_custom_page_level_css":"","_lmt_disableupdate":"no","_lmt_disable":"","site-sidebar-layout":"default","site-content-layout":"content-boxed-container","ast-site-content-layout":"normal-width-container","site-content-style":"boxed","site-sidebar-style":"unboxed","ast-global-header-display":"","ast-banner-title-visibility":"","ast-main-header-display":"","ast-hfb-above-header-display":"","ast-hfb-below-header-display":"","ast-hfb-mobile-header-display":"","site-post-title":"","ast-breadcrumbs-content":"","ast-featured-img":"","footer-sml-layout":"","theme-transparent-header-meta":"default","adv-header-id-meta":"","stick-header-meta":"","header-above-stick-meta":"","header-main-stick-meta":"","header-below-stick-meta":"","astra-migrate-meta-layouts":"set","_joinchat":[]},"product_cat":[164,153,155,33,59,100,87,34,158,157,154,152,58,84,156,63,32,366],"product_tag":[181,36,37,41,75,40],"class_list":["post-2913","product","type-product","status-publish","has-post-thumbnail","hentry","product_cat-16000-puffs-disposable-vape","product_cat-hot-disposable-vapes","product_cat-belgium-hot-disposable-vapes","product_cat-france-vape-hot-sale","product_cat-germany-hot-disposable-vape","product_cat-germany-wholesale-vape-shop","product_cat-minimum-order-quantity-50pcs","product_cat-netherlands-vape-good-sale","product_cat-norway-hot-disposable-vapes","product_cat-poland-hot-disposable-vapes","product_cat-portugal-hot-disposable-vapes","product_cat-spain-hot-disposable-vapes","product_cat-sweden-hot-disposable-vape","product_cat-sweden-wholesale-vape","product_cat-switzerland-hot-disposable-vapes","product_cat-top-sale-disposable-vape","product_cat-vape-hot-sale-this-week","product_cat-wga-vape","product_tag-16000-puffs","product_tag-good-vape","product_tag-hot-sale-disposable-vape","product_tag-poland-hot-vape","product_tag-randm-vape-9000-puffs","product_tag-sweden-hot-vape","pa_brand-wga-vape","desktop-align-left","tablet-align-left","mobile-align-left"],"yoast_head":"<!-- This site is optimized with the Yoast SEO plugin v21.1 - https:\/\/yoast.com\/wordpress\/plugins\/seo\/ -->\n<title>WGA\u00a0Crystal Plus 16000 Puffs LED Light Disposable Vape\u00a0 - vapebulkp.com<\/title>\n<meta name=\"description\" content=\"WGA Crystal Plus 16K Puffs Disposable Vape \u2013 27ml e-liquid, 650mAh rechargeable battery, 16,000 puffs, rich flavors, long-lasting high-capacity vape.\" \/>\n<meta name=\"robots\" content=\"index, follow, max-snippet:-1, max-image-preview:large, max-video-preview:-1\" \/>\n<link rel=\"canonical\" href=\"https:\/\/vapebulkp.com\/pl\/product\/wga-crystal-plus-16000-puffs-led-light-disposable-vape\/\" \/>\n<meta property=\"og:locale\" content=\"pl_PL\" \/>\n<meta property=\"og:type\" content=\"article\" \/>\n<meta property=\"og:title\" content=\"WGA\u00a0Crystal Plus 16000 Puffs LED Light Disposable Vape\u00a0 - vapebulkp.com\" \/>\n<meta property=\"og:description\" content=\"WGA Crystal Plus 16K Puffs Disposable Vape \u2013 27ml e-liquid, 650mAh rechargeable battery, 16,000 puffs, rich flavors, long-lasting high-capacity vape.\" \/>\n<meta property=\"og:url\" content=\"https:\/\/vapebulkp.com\/pl\/product\/wga-crystal-plus-16000-puffs-led-light-disposable-vape\/\" \/>\n<meta property=\"og:site_name\" content=\"vapebulkp.com\" \/>\n<meta property=\"article:modified_time\" content=\"2025-09-24T03:13:53+00:00\" \/>\n<meta property=\"og:image\" content=\"http:\/\/vapebulkp.com\/wp-content\/uploads\/2024\/09\/Good-WGA-crystal-Plus-Vape-16000-Puffs-Wholesale-Price.jpg\" \/>\n\t<meta property=\"og:image:width\" content=\"1920\" \/>\n\t<meta property=\"og:image:height\" content=\"1580\" \/>\n\t<meta property=\"og:image:type\" content=\"image\/jpeg\" \/>\n<meta name=\"twitter:card\" content=\"summary_large_image\" \/>\n<meta name=\"twitter:label1\" content=\"Szacowany czas czytania\" \/>\n\t<meta name=\"twitter:data1\" content=\"4 minuty\" \/>\n<script type=\"application\/ld+json\" class=\"yoast-schema-graph\">{\"@context\":\"https:\/\/schema.org\",\"@graph\":[{\"@type\":\"WebPage\",\"@id\":\"https:\/\/vapebulkp.com\/product\/wga-crystal-plus-16000-puffs-led-light-disposable-vape\/\",\"url\":\"https:\/\/vapebulkp.com\/product\/wga-crystal-plus-16000-puffs-led-light-disposable-vape\/\",\"name\":\"WGA\u00a0Crystal Plus 16000 Puffs LED Light Disposable Vape\u00a0 - vapebulkp.com\",\"isPartOf\":{\"@id\":\"https:\/\/vapebulkp.com\/#website\"},\"datePublished\":\"2024-09-21T03:50:55+00:00\",\"dateModified\":\"2025-09-24T03:13:53+00:00\",\"description\":\"WGA Crystal Plus 16K Puffs Disposable Vape \u2013 27ml e-liquid, 650mAh rechargeable battery, 16,000 puffs, rich flavors, long-lasting high-capacity vape.\",\"breadcrumb\":{\"@id\":\"https:\/\/vapebulkp.com\/product\/wga-crystal-plus-16000-puffs-led-light-disposable-vape\/#breadcrumb\"},\"inLanguage\":\"pl-PL\",\"potentialAction\":[{\"@type\":\"ReadAction\",\"target\":[\"https:\/\/vapebulkp.com\/product\/wga-crystal-plus-16000-puffs-led-light-disposable-vape\/\"]}]},{\"@type\":\"BreadcrumbList\",\"@id\":\"https:\/\/vapebulkp.com\/product\/wga-crystal-plus-16000-puffs-led-light-disposable-vape\/#breadcrumb\",\"itemListElement\":[{\"@type\":\"ListItem\",\"position\":1,\"name\":\"Home\",\"item\":\"https:\/\/vapebulkp.com\/\"},{\"@type\":\"ListItem\",\"position\":2,\"name\":\"Hot Trend Vapes\",\"item\":\"https:\/\/vapebulkp.com\/vape-shop\/\"},{\"@type\":\"ListItem\",\"position\":3,\"name\":\"WGA\u00a0Crystal Plus 16000 Puffs LED Light Disposable Vape\u00a0\"}]},{\"@type\":\"WebSite\",\"@id\":\"https:\/\/vapebulkp.com\/#website\",\"url\":\"https:\/\/vapebulkp.com\/\",\"name\":\"vapebulkp.com\",\"description\":\"Buy Vape In Cheap Bulk Price Near you\",\"publisher\":{\"@id\":\"https:\/\/vapebulkp.com\/#organization\"},\"potentialAction\":[{\"@type\":\"SearchAction\",\"target\":{\"@type\":\"EntryPoint\",\"urlTemplate\":\"https:\/\/vapebulkp.com\/?s={search_term_string}\"},\"query-input\":\"required name=search_term_string\"}],\"inLanguage\":\"pl-PL\"},{\"@type\":\"Organization\",\"@id\":\"https:\/\/vapebulkp.com\/#organization\",\"name\":\"vapebulkp.com\",\"url\":\"https:\/\/vapebulkp.com\/\",\"logo\":{\"@type\":\"ImageObject\",\"inLanguage\":\"pl-PL\",\"@id\":\"https:\/\/vapebulkp.com\/#\/schema\/logo\/image\/\",\"url\":\"https:\/\/vapebulkp.com\/wp-content\/uploads\/2023\/09\/cropped-vapebulkp.png\",\"contentUrl\":\"https:\/\/vapebulkp.com\/wp-content\/uploads\/2023\/09\/cropped-vapebulkp.png\",\"width\":516,\"height\":163,\"caption\":\"vapebulkp.com\"},\"image\":{\"@id\":\"https:\/\/vapebulkp.com\/#\/schema\/logo\/image\/\"}}]}<\/script>\n<!-- \/ Yoast SEO plugin. -->","yoast_head_json":{"title":"WGA\u00a0Crystal Plus 16000 Puffs LED Light Disposable Vape\u00a0 - vapebulkp.com","description":"WGA Crystal Plus 16K Puffs Disposable Vape \u2013 27ml e-liquid, 650mAh rechargeable battery, 16,000 puffs, rich flavors, long-lasting high-capacity vape.","robots":{"index":"index","follow":"follow","max-snippet":"max-snippet:-1","max-image-preview":"max-image-preview:large","max-video-preview":"max-video-preview:-1"},"canonical":"https:\/\/vapebulkp.com\/pl\/product\/wga-crystal-plus-16000-puffs-led-light-disposable-vape\/","og_locale":"pl_PL","og_type":"article","og_title":"WGA\u00a0Crystal Plus 16000 Puffs LED Light Disposable Vape\u00a0 - vapebulkp.com","og_description":"WGA Crystal Plus 16K Puffs Disposable Vape \u2013 27ml e-liquid, 650mAh rechargeable battery, 16,000 puffs, rich flavors, long-lasting high-capacity vape.","og_url":"https:\/\/vapebulkp.com\/pl\/product\/wga-crystal-plus-16000-puffs-led-light-disposable-vape\/","og_site_name":"vapebulkp.com","article_modified_time":"2025-09-24T03:13:53+00:00","og_image":[{"width":1920,"height":1580,"url":"http:\/\/vapebulkp.com\/wp-content\/uploads\/2024\/09\/Good-WGA-crystal-Plus-Vape-16000-Puffs-Wholesale-Price.jpg","type":"image\/jpeg"}],"twitter_card":"summary_large_image","twitter_misc":{"Szacowany czas czytania":"4 minuty"},"schema":{"@context":"https:\/\/schema.org","@graph":[{"@type":"WebPage","@id":"https:\/\/vapebulkp.com\/product\/wga-crystal-plus-16000-puffs-led-light-disposable-vape\/","url":"https:\/\/vapebulkp.com\/product\/wga-crystal-plus-16000-puffs-led-light-disposable-vape\/","name":"WGA\u00a0Crystal Plus 16000 Puffs LED Light Disposable Vape\u00a0 - vapebulkp.com","isPartOf":{"@id":"https:\/\/vapebulkp.com\/#website"},"datePublished":"2024-09-21T03:50:55+00:00","dateModified":"2025-09-24T03:13:53+00:00","description":"WGA Crystal Plus 16K Puffs Disposable Vape \u2013 27ml e-liquid, 650mAh rechargeable battery, 16,000 puffs, rich flavors, long-lasting high-capacity vape.","breadcrumb":{"@id":"https:\/\/vapebulkp.com\/product\/wga-crystal-plus-16000-puffs-led-light-disposable-vape\/#breadcrumb"},"inLanguage":"pl-PL","potentialAction":[{"@type":"ReadAction","target":["https:\/\/vapebulkp.com\/product\/wga-crystal-plus-16000-puffs-led-light-disposable-vape\/"]}]},{"@type":"BreadcrumbList","@id":"https:\/\/vapebulkp.com\/product\/wga-crystal-plus-16000-puffs-led-light-disposable-vape\/#breadcrumb","itemListElement":[{"@type":"ListItem","position":1,"name":"Home","item":"https:\/\/vapebulkp.com\/"},{"@type":"ListItem","position":2,"name":"Hot Trend Vapes","item":"https:\/\/vapebulkp.com\/vape-shop\/"},{"@type":"ListItem","position":3,"name":"WGA\u00a0Crystal Plus 16000 Puffs LED Light Disposable Vape\u00a0"}]},{"@type":"WebSite","@id":"https:\/\/vapebulkp.com\/#website","url":"https:\/\/vapebulkp.com\/","name":"vapebulkp.com","description":"Buy Vape In Cheap Bulk Price Near you","publisher":{"@id":"https:\/\/vapebulkp.com\/#organization"},"potentialAction":[{"@type":"SearchAction","target":{"@type":"EntryPoint","urlTemplate":"https:\/\/vapebulkp.com\/?s={search_term_string}"},"query-input":"required name=search_term_string"}],"inLanguage":"pl-PL"},{"@type":"Organization","@id":"https:\/\/vapebulkp.com\/#organization","name":"vapebulkp.com","url":"https:\/\/vapebulkp.com\/","logo":{"@type":"ImageObject","inLanguage":"pl-PL","@id":"https:\/\/vapebulkp.com\/#\/schema\/logo\/image\/","url":"https:\/\/vapebulkp.com\/wp-content\/uploads\/2023\/09\/cropped-vapebulkp.png","contentUrl":"https:\/\/vapebulkp.com\/wp-content\/uploads\/2023\/09\/cropped-vapebulkp.png","width":516,"height":163,"caption":"vapebulkp.com"},"image":{"@id":"https:\/\/vapebulkp.com\/#\/schema\/logo\/image\/"}}]}},"uagb_featured_image_src":{"full":["https:\/\/vapebulkp.com\/wp-content\/uploads\/2024\/09\/Good-WGA-crystal-Plus-Vape-16000-Puffs-Wholesale-Price.jpg",1920,1580,false],"thumbnail":["https:\/\/vapebulkp.com\/wp-content\/uploads\/2024\/09\/Good-WGA-crystal-Plus-Vape-16000-Puffs-Wholesale-Price-150x150.jpg",150,150,true],"medium":["https:\/\/vapebulkp.com\/wp-content\/uploads\/2024\/09\/Good-WGA-crystal-Plus-Vape-16000-Puffs-Wholesale-Price-300x247.jpg",300,247,true],"medium_large":["https:\/\/vapebulkp.com\/wp-content\/uploads\/2024\/09\/Good-WGA-crystal-Plus-Vape-16000-Puffs-Wholesale-Price-768x632.jpg",768,632,true],"large":["https:\/\/vapebulkp.com\/wp-content\/uploads\/2024\/09\/Good-WGA-crystal-Plus-Vape-16000-Puffs-Wholesale-Price-1024x843.jpg",1024,843,true],"1536x1536":["https:\/\/vapebulkp.com\/wp-content\/uploads\/2024\/09\/Good-WGA-crystal-Plus-Vape-16000-Puffs-Wholesale-Price-1536x1264.jpg",1536,1264,true],"2048x2048":["https:\/\/vapebulkp.com\/wp-content\/uploads\/2024\/09\/Good-WGA-crystal-Plus-Vape-16000-Puffs-Wholesale-Price.jpg",1920,1580,false],"trp-custom-language-flag":["https:\/\/vapebulkp.com\/wp-content\/uploads\/2024\/09\/Good-WGA-crystal-Plus-Vape-16000-Puffs-Wholesale-Price.jpg",15,12,false],"woocommerce_thumbnail":["https:\/\/vapebulkp.com\/wp-content\/uploads\/2024\/09\/Good-WGA-crystal-Plus-Vape-16000-Puffs-Wholesale-Price-300x300.jpg",300,300,true],"woocommerce_single":["https:\/\/vapebulkp.com\/wp-content\/uploads\/2024\/09\/Good-WGA-crystal-Plus-Vape-16000-Puffs-Wholesale-Price-600x494.jpg",600,494,true],"woocommerce_gallery_thumbnail":["https:\/\/vapebulkp.com\/wp-content\/uploads\/2024\/09\/Good-WGA-crystal-Plus-Vape-16000-Puffs-Wholesale-Price-100x100.jpg",100,100,true],"wcpr-photo-reviews":["https:\/\/vapebulkp.com\/wp-content\/uploads\/2024\/09\/Good-WGA-crystal-Plus-Vape-16000-Puffs-Wholesale-Price.jpg",500,411,false]},"uagb_author_info":{"display_name":"Mandy vape bulk price","author_link":"https:\/\/vapebulkp.com\/pl\/author\/"},"uagb_comment_info":0,"uagb_excerpt":"Top-Selling WGA Crystal Plus 16K Puffs Disposable Vape Pls Contact Mandy's WhatsApp For Discount Price+8618077105796 NOTE: Prices on our website does not include shipping costs Main reason for purchase 1. Excellent quality and unparalleled performance. 2. Competitive price and fast value. 3. Multiple options and timely delivery. 4. A satisfying shopping experience","_links":{"self":[{"href":"https:\/\/vapebulkp.com\/pl\/wp-json\/wp\/v2\/product\/2913","targetHints":{"allow":["GET"]}}],"collection":[{"href":"https:\/\/vapebulkp.com\/pl\/wp-json\/wp\/v2\/product"}],"about":[{"href":"https:\/\/vapebulkp.com\/pl\/wp-json\/wp\/v2\/types\/product"}],"replies":[{"embeddable":true,"href":"https:\/\/vapebulkp.com\/pl\/wp-json\/wp\/v2\/comments?post=2913"}],"wp:featuredmedia":[{"embeddable":true,"href":"https:\/\/vapebulkp.com\/pl\/wp-json\/wp\/v2\/media\/2905"}],"wp:attachment":[{"href":"https:\/\/vapebulkp.com\/pl\/wp-json\/wp\/v2\/media?parent=2913"}],"wp:term":[{"taxonomy":"product_cat","embeddable":true,"href":"https:\/\/vapebulkp.com\/pl\/wp-json\/wp\/v2\/product_cat?post=2913"},{"taxonomy":"product_tag","embeddable":true,"href":"https:\/\/vapebulkp.com\/pl\/wp-json\/wp\/v2\/product_tag?post=2913"}],"curies":[{"name":"wp","href":"https:\/\/api.w.org\/{rel}","templated":true}]}}