{"id":2927,"date":"2024-09-24T10:27:32","date_gmt":"2024-09-24T08:27:32","guid":{"rendered":"https:\/\/vapebulkp.com\/?post_type=product&#038;p=2927"},"modified":"2025-09-24T05:16:28","modified_gmt":"2025-09-24T03:16:28","slug":"waspe-tornado-vape-30k-puffs-fihp-best-long-lasting-vape","status":"publish","type":"product","link":"https:\/\/vapebulkp.com\/pl\/produkt\/waspe-tornado-vape-30k-puffs-fihp-best-long-lasting-vape\/","title":{"rendered":"WASPE Tornado Vape 30k Puffs  FIHP Najlepszy d\u0142ugotrwa\u0142y vape"},"content":{"rendered":"<h1 style=\"text-align: left\">WASPE Tornado Vape 30k Puffs FIHP Najlepszy d\u0142ugotrwa\u0142y vape<\/h1>\n<p data-start=\"205\" data-end=\"513\">To <strong data-start=\"209\" data-end=\"241\">WASPE Tornado Vape 30 tysi\u0119cy puf\u00f3w<\/strong> to wysokowydajne urz\u0105dzenie <a href=\"https:\/\/vapebulkp.com\/pl\/kategoria-produktu\/30000-puff-disposable-vape\/\"><strong data-start=\"264\" data-end=\"295\">30000 Zaci\u0105gni\u0119\u0107 Jednorazowy Vape<\/strong> <\/a>zaprojektowany dla europejskich m\u0142odych m\u0119\u017cczyzn. Z podw\u00f3jnymi trybami mocy \u2014 12W Regularny i 25W Turbo \u2014 zapewnia g\u0142adk\u0105, g\u0119st\u0105 par\u0119 i dostosowywaln\u0105 intensywno\u015b\u0107 dla ka\u017cdego zaci\u0105gni\u0119cia, co czyni go najlepszym wyborem dla <strong data-start=\"479\" data-end=\"510\">premium liquid\u00f3w nikotynowych<\/strong>.<\/p>\n<p data-start=\"515\" data-end=\"1001\">Wyposa\u017cone w zaawansowan\u0105 <strong data-start=\"538\" data-end=\"567\">technologi\u0105 podw\u00f3jnej siatki grzewczej<\/strong>, 28 ml <strong data-start=\"576\" data-end=\"601\">premium zbiornik na e-liquid<\/strong>oraz akumulator 850mAh <strong data-start=\"617\" data-end=\"646\">\u0142adowalna bateria do vape'a<\/strong> z szybkim \u0142adowaniem Type-C, zapewnia <strong data-start=\"686\" data-end=\"709\">d\u0142ugotrwa\u0142y smak<\/strong> i nieprzerwane vapowanie. Z 5% sol\u0105 nikotynow\u0105, oferuje silne uderzenie w gard\u0142o, zachowuj\u0105c bogate, sp\u00f3jne chmury. Kompaktowy, stylowy i niezawodny, <strong data-start=\"868\" data-end=\"900\">WASPE Tornado Vape 30 tysi\u0119cy puf\u00f3w<\/strong> jest idealny jako <strong data-start=\"915\" data-end=\"948\">jednorazowy e-papieros o du\u017cej pojemno\u015bci<\/strong> do codziennego u\u017cytku, podr\u00f3\u017cy lub <a href=\"https:\/\/vapebulkp.com\/pl\/ot-disposable-vapes-europe\/\"><strong>hurtowe zam\u00f3wienia vape na Polsk\u0119<\/strong><\/a>.<\/p>\n<p><img decoding=\"async\" class=\"alignnone wp-image-2923\" src=\"http:\/\/vapebulkp.com\/wp-content\/uploads\/2024\/09\/FIHP-WASPE-30000-Puff-Tornado-Vape.jpg\" alt=\"Jednorazowy e-papieros FIHP WASPE 30000 Puffs Tornado Vape\" width=\"607\" height=\"597\" srcset=\"https:\/\/vapebulkp.com\/wp-content\/uploads\/2024\/09\/FIHP-WASPE-30000-Puff-Tornado-Vape.jpg 929w, https:\/\/vapebulkp.com\/wp-content\/uploads\/2024\/09\/FIHP-WASPE-30000-Puff-Tornado-Vape-300x295.jpg 300w, https:\/\/vapebulkp.com\/wp-content\/uploads\/2024\/09\/FIHP-WASPE-30000-Puff-Tornado-Vape-768x756.jpg 768w, https:\/\/vapebulkp.com\/wp-content\/uploads\/2024\/09\/FIHP-WASPE-30000-Puff-Tornado-Vape-600x590.jpg 600w\" sizes=\"(max-width: 607px) 100vw, 607px\" \/><\/p>\n<h6>Skontaktuj si\u0119 z WhatsApp Mandy, aby uzyska\u0107 cen\u0119 ze zni\u017ck\u0105<a href=\"https:\/\/wa.me\/8618077105796\">+8618077105796<\/a><\/h6>\n<p><img decoding=\"async\" class=\"alignnone wp-image-2151\" src=\"http:\/\/vapebulkp.com\/wp-content\/uploads\/2024\/04\/Mandy-WhatsApp-Randm.jpg\" alt=\"WhatsApp Mandy Randm\" width=\"324\" height=\"330\" \/><\/p>\n<h2>My\u015bla\u0142e\u015b, \u017ce mo\u017ce Ci si\u0119 spodoba\u0107 WASPE FIHP 30k Puff, \u0142adowalny jednorazowy vape:<\/h2>\n<p>&nbsp;<\/p>\n<h5>1. Jak d\u0142ugo wytrzymuje bateria w WASPE FIHP Vape 30k Puffs?<\/h5>\n<p>WASPE FIHP Vape jest zasilany przez <strong>akumulator 850mAh<\/strong>. Z podw\u00f3jnymi trybami mocy (12W Tryb Regularny na 30 000 zaci\u0105gni\u0119\u0107 i 25W Tryb Turbo na 15 000 zaci\u0105gni\u0119\u0107), bateria jest zaprojektowana, aby wytrzyma\u0107 wiele sesji, zapewniaj\u0105c bezproblemowe do\u015bwiadczenie.<\/p>\n<h5>2. Czy WASPE FIHP Vape 30k Puffs jest \u0142atwy do na\u0142adowania i ile czasu zajmuje pe\u0142ne na\u0142adowanie?<\/h5>\n<p>Tak, urz\u0105dzenie jest wyposa\u017cone w <strong>portem \u0142adowania typu C<\/strong> dla szybkiego i wygodnego \u0142adowania. Pe\u0142ne na\u0142adowanie baterii o pojemno\u015bci 850 mAh zajmuje zwykle oko\u0142o <strong>1-2 godzin<\/strong> co pozwala na ci\u0105g\u0142e palenie z minimalnym czasem przestoju.<\/p>\n<p><span style=\"color: #ff6600\">Uwaga: nie mo\u017cna \u0142adowa\u0107 przez ca\u0142\u0105 noc!<\/span><\/p>\n<h5>3. Jak\u0105 moc nikotyny oferuje WASPE FIHP Vape 30k Puffs?<\/h5>\n<p>WASPE FIHP Vape jest dost\u0119pny z <strong>2%,<\/strong> <strong>moc nikotyny 5%<\/strong>, oferuj\u0105c satysfakcjonuj\u0105ce uderzenie w gard\u0142o dla do\u015bwiadczonych waper\u00f3w, co czyni go popularnym w\u015br\u00f3d klient\u00f3w w krajach takich jak <strong>Polsce<\/strong> i <strong>W\u0142ochy<\/strong>, gdzie cz\u0119sto istnieje zapotrzebowanie na silniejsze produkty nikotynowe.<\/p>\n<h5>4. Czy WASPE Vape FIHP 30k Puffs jest zgodny z europejskimi przepisami TPD?<\/h5>\n<p>WASPE FIHP Vape jest zgodny z <strong>europejskimi przepisami TPD (Tobacco Products Directive)<\/strong> , oferuj\u0105c <strong>2%<\/strong> ,<strong>moc nikotyny 5%<\/strong> kt\u00f3ry spe\u0142nia wymogi prawne w krajach, w kt\u00f3rych takie st\u0119\u017cenia s\u0105 dozwolone. Przed zakupem upewnij si\u0119, \u017ce produkt jest zgodny z obowi\u0105zuj\u0105cymi przepisami w Twoim kraju.<\/p>\n<h5>5. Jak WASPE FIHP Vape 30k Puff wypada w por\u00f3wnaniu z innymi jednorazowymi waporyzatorami na rynku?<\/h5>\n<p>WASPE FIHP Vape 30k Puffs wyr\u00f3\u017cnia si\u0119 <strong>opcjami trybu podw\u00f3jnej mocy<\/strong>, <strong>du\u017ca pojemno\u015b\u0107 e-liquidu<\/strong>, oraz <strong>p\u0142ynne dostarczanie pary<\/strong> dzi\u0119ki podw\u00f3jnym cewkom mesh. Oferuje wi\u0119cej zaci\u0105gni\u0119\u0107 w por\u00f3wnaniu ze standardowymi jednorazowymi waporyzatorami i zapewnia u\u017cytkownikom elastyczno\u015b\u0107 wyboru mi\u0119dzy d\u0142u\u017cszymi lub intensywnymi sesjami wapowania.<\/p>\n<p>&nbsp;<\/p>\n<h3>Waporyzator aktywowany zaci\u0105ganiem WASPE FIHP 30000 Puffs Funkcje:<\/h3>\n<p>&nbsp;<\/p>\n<ul>\n<li>Pojemno\u015b\u0107 e-liquidu: 28 ml wst\u0119pnie nape\u0142niony kartrid\u017c z e-liquidem<\/li>\n<li>St\u0119\u017cenie nikotyny: 2\/5% s\u00f3l nikotynowa<\/li>\n<li>\u0141adowarka <strong>:\u00a0<\/strong>Typ C<\/li>\n<li>Bateria: Zasilana przez wbudowany <strong>akumulator 850mAh<\/strong>, co zapewnia d\u0142u\u017cszy czas u\u017cytkowania i niezawodne dzia\u0142anie.<\/li>\n<li>Pojemno\u015b\u0107 zaci\u0105gni\u0119\u0107: Zapewnia do <strong>30 000 zaci\u0105gni\u0119\u0107<\/strong> w trybie zwyk\u0142ym i <strong>15 000 zaci\u0105gni\u0119\u0107<\/strong> w trybie turbo.<\/li>\n<li>Zaawansowana technologia: Wyposa\u017cona w <strong>technologi\u0119 podw\u00f3jnej siatki grzewczej<\/strong>, zapewniaj\u0105c g\u0142adk\u0105 i sta\u0142\u0105 produkcj\u0119 pary przy ka\u017cdym zaci\u0105gni\u0119ciu.<\/li>\n<\/ul>\n<h3><strong>Smaki Long Last Vape WASPE FIHP 30k Puffs:<\/strong><\/h3>\n<ol>\n<li><strong>Truskawka Mango<\/strong><\/li>\n<li><strong>Mieszane Jagody<\/strong><\/li>\n<li><strong>Arbuzowy l\u00f3d<\/strong><\/li>\n<li><strong>Truskawka Arbuz<\/strong><\/li>\n<li><strong>Truskawkowy Red Bull<\/strong><\/li>\n<li><strong>Kiwi Marakuja Guawa<\/strong><\/li>\n<li><strong>Winogronowa L\u00f3d<\/strong><\/li>\n<li><strong>Podw\u00f3jne Jab\u0142ko z Lodem<\/strong><\/li>\n<li><strong>Bor\u00f3wka Malina<\/strong><\/li>\n<li><strong>Arbuz Mango z Lodem<\/strong><\/li>\n<li><strong>Jagody z lodem<\/strong><\/li>\n<li><strong>Brzoskwinia Jagoda<\/strong><\/li>\n<li><strong>Truskawka Kiwi<\/strong><\/li>\n<li><strong>Wi\u015bnia z Lodem<\/strong><\/li>\n<li><strong>Truskawka Superburst Wi\u015bnia<\/strong><\/li>\n<li><strong>Arbuzowa Guma Balonowa<\/strong><\/li>\n<\/ol>\n<p><a href=\"https:\/\/vapebulkp.com\/pl\/produkt\/popular-randm-tornado-7000puffs-disposable-vape-best-price\/\"><span style=\"vertical-align: inherit\">RandM Tornado 7000 zaci\u0105gni\u0119\u0107 <\/span><\/a><\/p>\n<p><span style=\"vertical-align: inherit\">Znajd\u017a wi\u0119cej produkt\u00f3w, kt\u00f3re mog\u0105 Ci si\u0119 spodoba\u0107:<\/span><em><a href=\"https:\/\/wa.me\/8618077105796\"><span style=\"vertical-align: inherit\">\u00a0Kup teraz<\/span><\/a><\/em><\/p>\n<p><span style=\"vertical-align: inherit\">Inne Puffs, kt\u00f3re mog\u0105 Ci si\u0119 spodoba\u0107:<\/span><a href=\"https:\/\/vapebulkp.com\/pl\/produkt\/bang-with-a-vape-gear-20000-puffs-discount-price\/\"><span style=\"vertical-align: inherit\">Bang Gear Vape 20000 Puffs<\/span><\/a><span style=\"vertical-align: inherit\">\u3001<\/span><a href=\"https:\/\/vapebulkp.com\/pl\/produkt\/wholesale-randm-tornado-9000-puffs-germany\/\"><span style=\"vertical-align: inherit\">RandM 9000 zaci\u0105gni\u0119\u0107<\/span><\/a><span style=\"vertical-align: inherit\">\/ <\/span><a href=\"https:\/\/vapebulkp.com\/pl\/produkt\/bang-king-12000puffs\/\"><span style=\"vertical-align: inherit\">Bang King 12000 zaci\u0105gni\u0119\u0107<\/span><\/a><span style=\"vertical-align: inherit\">\/ <\/span><a href=\"https:\/\/vapebulkp.com\/pl\/produkt\/uzy-qute-800-puffs-original-disposable-vape\/\"><span style=\"vertical-align: inherit\">UZY QUTE 800 Puffs<\/span><\/a><\/p>\n<p><span style=\"vertical-align: inherit\">E-papieros o specjalnym kszta\u0142cie butelki:<\/span><a href=\"https:\/\/vapebulkp.com\/pl\/produkt\/original-vape-bang-tn-12000-puffs-bang-vape\/\"><span style=\"vertical-align: inherit\"> Bang TN 12000 zaci\u0105gni\u0119\u0107<\/span><\/a><span style=\"vertical-align: inherit\">\/ <\/span><a href=\"https:\/\/vapebulkp.com\/pl\/fi\/produkt\/best-price-wga-crystal-pro-max-15k-puffs-original-vape\/\"><span style=\"vertical-align: inherit\">\u00a0WGA Crystal pro max 15k Zaci\u0105gni\u0119\u0107 <\/span><\/a><span style=\"vertical-align: inherit\">\/<\/span><a href=\"https:\/\/vapebulkp.com\/pl\/produkt\/bang-tornado-12000-puffs-rechargeable-disposable-pod\/\"><span style=\"vertical-align: inherit\"> Bang Tornado 12000 zaci\u0105gni\u0119\u0107<\/span><\/a><\/p>\n<h5>Kwalifikacja produkcyjna:<\/h5>\n<p><img decoding=\"async\" class=\"alignnone size-full wp-image-1841\" src=\"http:\/\/vapebulkp.com\/wp-content\/uploads\/2023\/11\/Vape-production-process-2.jpeg\" alt=\"Proces produkcji vape\" width=\"650\" height=\"434\" srcset=\"https:\/\/vapebulkp.com\/wp-content\/uploads\/2023\/11\/Vape-production-process-2.jpeg 650w, https:\/\/vapebulkp.com\/wp-content\/uploads\/2023\/11\/Vape-production-process-2-300x200.jpeg 300w, https:\/\/vapebulkp.com\/wp-content\/uploads\/2023\/11\/Vape-production-process-2-600x401.jpeg 600w\" sizes=\"(max-width: 650px) 100vw, 650px\" \/><\/p>\n<p><img decoding=\"async\" class=\"alignnone size-full wp-image-1843\" src=\"http:\/\/vapebulkp.com\/wp-content\/uploads\/2023\/11\/Vape-production-process.jpeg\" alt=\"Proces produkcji vape\" width=\"641\" height=\"1026\" srcset=\"https:\/\/vapebulkp.com\/wp-content\/uploads\/2023\/11\/Vape-production-process.jpeg 641w, https:\/\/vapebulkp.com\/wp-content\/uploads\/2023\/11\/Vape-production-process-187x300.jpeg 187w, https:\/\/vapebulkp.com\/wp-content\/uploads\/2023\/11\/Vape-production-process-640x1024.jpeg 640w, https:\/\/vapebulkp.com\/wp-content\/uploads\/2023\/11\/Vape-production-process-600x960.jpeg 600w\" sizes=\"(max-width: 641px) 100vw, 641px\" \/><\/p>\n<h5>Najcz\u0119\u015bciej zadawane pytania:<\/h5>\n<p>P: Jakie jest MOQ dla e-papierosa o du\u017cej pojemno\u015bci WASPE Tornado Vape FIHP 30000 Puffs?<br \/>\nO: Minimalne zam\u00f3wienie to 5 sztuk.<br \/>\nP: Jaki jest czas dostawy zam\u00f3wionego e-papierosa?<br \/>\nO: Zwykle trwa to 10-15 dni od wysy\u0142ki<br \/>\nP: Ile kosztuje wysy\u0142ka?O: Koszt wysy\u0142ki zale\u017cy od wagi. R\u00f3\u017cne ilo\u015bci maj\u0105 r\u00f3\u017cne koszty wysy\u0142ki, prosimy o kontakt w celu ich potwierdzenia.<\/p>\n<h4>Szczeg\u00f3\u0142y wysy\u0142ki:<\/h4>\n<p><span style=\"color: #ff6600\">Czas produkcji: 5-10 dni roboczych<\/span><br \/>\n<span style=\"color: #ff6600\">Czas wysy\u0142ki: 8-14 dni roboczych<\/span><\/p>\n<p>Wszystkie produkty w naszym sklepie s\u0105 w 100% oryginalne i autentyczne, dlatego polityk\u0105 naszego sklepu jest dziesi\u0119ciokrotne odszkodowanie za podrobione towary. Do dostarczania towar\u00f3w u\u017cywamy kana\u0142\u00f3w logistycznych, takich jak UPS\/DHL\/FEDEX\/DPD.<\/p>\n<p>W przypadku paczek wysy\u0142anych do Polski dostawa trwa zwykle 10 dni roboczych. Wysy\u0142ka do kraj\u00f3w europejskich trwa zwykle od 12 do 15 dni roboczych. B\u0119dziemy aktualizowa\u0107 dla Ciebie informacje logistyczne w czasie rzeczywistym.<\/p>","protected":false},"excerpt":{"rendered":"<p>WASPE FIHP 30000 Zaci\u0105gni\u0119\u0107 Dobry Smak Jednorazowy Vape \u2013 Zakup Hurtowy<\/p>\n<p>Skontaktuj si\u0119 z WhatsApp Mandy, aby uzyska\u0107 cen\u0119 ze zni\u017ck\u0105<a href=\"https:\/\/wa.me\/8618077105796\">+8618077105796<\/a><\/p>\n<p><img decoding=\"async\" class=\"alignnone wp-image-2151\" src=\"http:\/\/vapebulkp.com\/wp-content\/uploads\/2024\/04\/Mandy-WhatsApp-Randm.jpg\" alt=\"WhatsApp Mandy Randm\" width=\"297\" height=\"316\" srcset=\"https:\/\/vapebulkp.com\/wp-content\/uploads\/2024\/04\/Mandy-WhatsApp-Randm.jpg 916w, https:\/\/vapebulkp.com\/wp-content\/uploads\/2024\/04\/Mandy-WhatsApp-Randm-282x300.jpg 282w, https:\/\/vapebulkp.com\/wp-content\/uploads\/2024\/04\/Mandy-WhatsApp-Randm-768x817.jpg 768w, https:\/\/vapebulkp.com\/wp-content\/uploads\/2024\/04\/Mandy-WhatsApp-Randm-600x638.jpg 600w\" sizes=\"(max-width: 297px) 100vw, 297px\" \/><\/p>\n<p><span style=\"color: #ff0000\">UWAGA: Ceny na naszej stronie internetowej nie zawieraj\u0105 koszt\u00f3w wysy\u0142ki<\/span><\/p>\n<p>&nbsp;<\/p>","protected":false},"featured_media":2924,"comment_status":"open","ping_status":"closed","template":"","meta":{"_uag_custom_page_level_css":"","_lmt_disableupdate":"no","_lmt_disable":"","site-sidebar-layout":"default","site-content-layout":"content-boxed-container","ast-site-content-layout":"normal-width-container","site-content-style":"boxed","site-sidebar-style":"unboxed","ast-global-header-display":"","ast-banner-title-visibility":"","ast-main-header-display":"","ast-hfb-above-header-display":"","ast-hfb-below-header-display":"","ast-hfb-mobile-header-display":"","site-post-title":"","ast-breadcrumbs-content":"","ast-featured-img":"","footer-sml-layout":"","theme-transparent-header-meta":"default","adv-header-id-meta":"","stick-header-meta":"","header-above-stick-meta":"","header-main-stick-meta":"","header-below-stick-meta":"","astra-migrate-meta-layouts":"set","_joinchat":[]},"product_cat":[160,153,155,33,59,100,34,158,157,154,152,58,84,156,63,32,365],"product_tag":[139,36,37,41,40],"class_list":["post-2927","product","type-product","status-publish","has-post-thumbnail","hentry","product_cat-30000-puff-disposable-vape","product_cat-hot-disposable-vapes","product_cat-belgium-hot-disposable-vapes","product_cat-france-vape-hot-sale","product_cat-germany-hot-disposable-vape","product_cat-germany-wholesale-vape-shop","product_cat-netherlands-vape-good-sale","product_cat-norway-hot-disposable-vapes","product_cat-poland-hot-disposable-vapes","product_cat-portugal-hot-disposable-vapes","product_cat-spain-hot-disposable-vapes","product_cat-sweden-hot-disposable-vape","product_cat-sweden-wholesale-vape","product_cat-switzerland-hot-disposable-vapes","product_cat-top-sale-disposable-vape","product_cat-vape-hot-sale-this-week","product_cat-waspe-vape","product_tag-30k-puffs","product_tag-good-vape","product_tag-hot-sale-disposable-vape","product_tag-poland-hot-vape","product_tag-sweden-hot-vape","pa_brand-waspe-vape","desktop-align-left","tablet-align-left","mobile-align-left"],"yoast_head":"<!-- This site is optimized with the Yoast SEO plugin v21.1 - https:\/\/yoast.com\/wordpress\/plugins\/seo\/ -->\n<title>WASPE Tornado Vape 30k Puffs FIHP Best Long-Lasting Vape - vapebulkp.com<\/title>\n<meta name=\"description\" content=\"Buy the WASPE Tornado Vape 30k Puffs, a high-capacity 30000 Puffs Disposable Vape with dual mesh coils and fast rechargeable battery. EU shipping \u2014 order now!\" \/>\n<meta name=\"robots\" content=\"index, follow, max-snippet:-1, max-image-preview:large, max-video-preview:-1\" \/>\n<link rel=\"canonical\" href=\"https:\/\/vapebulkp.com\/pl\/produkt\/waspe-tornado-vape-30k-puffs-fihp-best-long-lasting-vape\/\" \/>\n<meta property=\"og:locale\" content=\"pl_PL\" \/>\n<meta property=\"og:type\" content=\"article\" \/>\n<meta property=\"og:title\" content=\"WASPE Tornado Vape 30k Puffs FIHP Best Long-Lasting Vape - vapebulkp.com\" \/>\n<meta property=\"og:description\" content=\"Buy the WASPE Tornado Vape 30k Puffs, a high-capacity 30000 Puffs Disposable Vape with dual mesh coils and fast rechargeable battery. EU shipping \u2014 order now!\" \/>\n<meta property=\"og:url\" content=\"https:\/\/vapebulkp.com\/pl\/produkt\/waspe-tornado-vape-30k-puffs-fihp-best-long-lasting-vape\/\" \/>\n<meta property=\"og:site_name\" content=\"vapebulkp.com\" \/>\n<meta property=\"article:modified_time\" content=\"2025-09-24T03:16:28+00:00\" \/>\n<meta property=\"og:image\" content=\"http:\/\/vapebulkp.com\/wp-content\/uploads\/2024\/09\/FIHP-WASPE-30000-Puff-Vape-Pen-Discount-Price-France.jpg\" \/>\n\t<meta property=\"og:image:width\" content=\"1276\" \/>\n\t<meta property=\"og:image:height\" content=\"1702\" \/>\n\t<meta property=\"og:image:type\" content=\"image\/jpeg\" \/>\n<meta name=\"twitter:card\" content=\"summary_large_image\" \/>\n<meta name=\"twitter:label1\" content=\"Szacowany czas czytania\" \/>\n\t<meta name=\"twitter:data1\" content=\"5 minut\" \/>\n<script type=\"application\/ld+json\" class=\"yoast-schema-graph\">{\"@context\":\"https:\/\/schema.org\",\"@graph\":[{\"@type\":\"WebPage\",\"@id\":\"https:\/\/vapebulkp.com\/product\/waspe-tornado-vape-30k-puffs-fihp-best-long-lasting-vape\/\",\"url\":\"https:\/\/vapebulkp.com\/product\/waspe-tornado-vape-30k-puffs-fihp-best-long-lasting-vape\/\",\"name\":\"WASPE Tornado Vape 30k Puffs FIHP Best Long-Lasting Vape - vapebulkp.com\",\"isPartOf\":{\"@id\":\"https:\/\/vapebulkp.com\/#website\"},\"datePublished\":\"2024-09-24T08:27:32+00:00\",\"dateModified\":\"2025-09-24T03:16:28+00:00\",\"description\":\"Buy the WASPE Tornado Vape 30k Puffs, a high-capacity 30000 Puffs Disposable Vape with dual mesh coils and fast rechargeable battery. EU shipping \u2014 order now!\",\"breadcrumb\":{\"@id\":\"https:\/\/vapebulkp.com\/product\/waspe-tornado-vape-30k-puffs-fihp-best-long-lasting-vape\/#breadcrumb\"},\"inLanguage\":\"pl-PL\",\"potentialAction\":[{\"@type\":\"ReadAction\",\"target\":[\"https:\/\/vapebulkp.com\/product\/waspe-tornado-vape-30k-puffs-fihp-best-long-lasting-vape\/\"]}]},{\"@type\":\"BreadcrumbList\",\"@id\":\"https:\/\/vapebulkp.com\/product\/waspe-tornado-vape-30k-puffs-fihp-best-long-lasting-vape\/#breadcrumb\",\"itemListElement\":[{\"@type\":\"ListItem\",\"position\":1,\"name\":\"Home\",\"item\":\"https:\/\/vapebulkp.com\/\"},{\"@type\":\"ListItem\",\"position\":2,\"name\":\"Hot Trend Vapes\",\"item\":\"https:\/\/vapebulkp.com\/vape-shop\/\"},{\"@type\":\"ListItem\",\"position\":3,\"name\":\"WASPE Tornado Vape 30k Puffs FIHP Best Long-Lasting Vape\"}]},{\"@type\":\"WebSite\",\"@id\":\"https:\/\/vapebulkp.com\/#website\",\"url\":\"https:\/\/vapebulkp.com\/\",\"name\":\"vapebulkp.com\",\"description\":\"Buy Vape In Cheap Bulk Price Near you\",\"publisher\":{\"@id\":\"https:\/\/vapebulkp.com\/#organization\"},\"potentialAction\":[{\"@type\":\"SearchAction\",\"target\":{\"@type\":\"EntryPoint\",\"urlTemplate\":\"https:\/\/vapebulkp.com\/?s={search_term_string}\"},\"query-input\":\"required name=search_term_string\"}],\"inLanguage\":\"pl-PL\"},{\"@type\":\"Organization\",\"@id\":\"https:\/\/vapebulkp.com\/#organization\",\"name\":\"vapebulkp.com\",\"url\":\"https:\/\/vapebulkp.com\/\",\"logo\":{\"@type\":\"ImageObject\",\"inLanguage\":\"pl-PL\",\"@id\":\"https:\/\/vapebulkp.com\/#\/schema\/logo\/image\/\",\"url\":\"https:\/\/vapebulkp.com\/wp-content\/uploads\/2023\/09\/cropped-vapebulkp.png\",\"contentUrl\":\"https:\/\/vapebulkp.com\/wp-content\/uploads\/2023\/09\/cropped-vapebulkp.png\",\"width\":516,\"height\":163,\"caption\":\"vapebulkp.com\"},\"image\":{\"@id\":\"https:\/\/vapebulkp.com\/#\/schema\/logo\/image\/\"}}]}<\/script>\n<!-- \/ Yoast SEO plugin. -->","yoast_head_json":{"title":"WASPE Tornado Vape 30k Puffs FIHP Best Long-Lasting Vape - vapebulkp.com","description":"Buy the WASPE Tornado Vape 30k Puffs, a high-capacity 30000 Puffs Disposable Vape with dual mesh coils and fast rechargeable battery. EU shipping \u2014 order now!","robots":{"index":"index","follow":"follow","max-snippet":"max-snippet:-1","max-image-preview":"max-image-preview:large","max-video-preview":"max-video-preview:-1"},"canonical":"https:\/\/vapebulkp.com\/pl\/produkt\/waspe-tornado-vape-30k-puffs-fihp-best-long-lasting-vape\/","og_locale":"pl_PL","og_type":"article","og_title":"WASPE Tornado Vape 30k Puffs FIHP Best Long-Lasting Vape - vapebulkp.com","og_description":"Buy the WASPE Tornado Vape 30k Puffs, a high-capacity 30000 Puffs Disposable Vape with dual mesh coils and fast rechargeable battery. EU shipping \u2014 order now!","og_url":"https:\/\/vapebulkp.com\/pl\/produkt\/waspe-tornado-vape-30k-puffs-fihp-best-long-lasting-vape\/","og_site_name":"vapebulkp.com","article_modified_time":"2025-09-24T03:16:28+00:00","og_image":[{"width":1276,"height":1702,"url":"http:\/\/vapebulkp.com\/wp-content\/uploads\/2024\/09\/FIHP-WASPE-30000-Puff-Vape-Pen-Discount-Price-France.jpg","type":"image\/jpeg"}],"twitter_card":"summary_large_image","twitter_misc":{"Szacowany czas czytania":"5 minut"},"schema":{"@context":"https:\/\/schema.org","@graph":[{"@type":"WebPage","@id":"https:\/\/vapebulkp.com\/product\/waspe-tornado-vape-30k-puffs-fihp-best-long-lasting-vape\/","url":"https:\/\/vapebulkp.com\/product\/waspe-tornado-vape-30k-puffs-fihp-best-long-lasting-vape\/","name":"WASPE Tornado Vape 30k Puffs FIHP Best Long-Lasting Vape - vapebulkp.com","isPartOf":{"@id":"https:\/\/vapebulkp.com\/#website"},"datePublished":"2024-09-24T08:27:32+00:00","dateModified":"2025-09-24T03:16:28+00:00","description":"Buy the WASPE Tornado Vape 30k Puffs, a high-capacity 30000 Puffs Disposable Vape with dual mesh coils and fast rechargeable battery. EU shipping \u2014 order now!","breadcrumb":{"@id":"https:\/\/vapebulkp.com\/product\/waspe-tornado-vape-30k-puffs-fihp-best-long-lasting-vape\/#breadcrumb"},"inLanguage":"pl-PL","potentialAction":[{"@type":"ReadAction","target":["https:\/\/vapebulkp.com\/product\/waspe-tornado-vape-30k-puffs-fihp-best-long-lasting-vape\/"]}]},{"@type":"BreadcrumbList","@id":"https:\/\/vapebulkp.com\/product\/waspe-tornado-vape-30k-puffs-fihp-best-long-lasting-vape\/#breadcrumb","itemListElement":[{"@type":"ListItem","position":1,"name":"Home","item":"https:\/\/vapebulkp.com\/"},{"@type":"ListItem","position":2,"name":"Hot Trend Vapes","item":"https:\/\/vapebulkp.com\/vape-shop\/"},{"@type":"ListItem","position":3,"name":"WASPE Tornado Vape 30k Puffs FIHP Best Long-Lasting Vape"}]},{"@type":"WebSite","@id":"https:\/\/vapebulkp.com\/#website","url":"https:\/\/vapebulkp.com\/","name":"vapebulkp.com","description":"Buy Vape In Cheap Bulk Price Near you","publisher":{"@id":"https:\/\/vapebulkp.com\/#organization"},"potentialAction":[{"@type":"SearchAction","target":{"@type":"EntryPoint","urlTemplate":"https:\/\/vapebulkp.com\/?s={search_term_string}"},"query-input":"required name=search_term_string"}],"inLanguage":"pl-PL"},{"@type":"Organization","@id":"https:\/\/vapebulkp.com\/#organization","name":"vapebulkp.com","url":"https:\/\/vapebulkp.com\/","logo":{"@type":"ImageObject","inLanguage":"pl-PL","@id":"https:\/\/vapebulkp.com\/#\/schema\/logo\/image\/","url":"https:\/\/vapebulkp.com\/wp-content\/uploads\/2023\/09\/cropped-vapebulkp.png","contentUrl":"https:\/\/vapebulkp.com\/wp-content\/uploads\/2023\/09\/cropped-vapebulkp.png","width":516,"height":163,"caption":"vapebulkp.com"},"image":{"@id":"https:\/\/vapebulkp.com\/#\/schema\/logo\/image\/"}}]}},"uagb_featured_image_src":{"full":["https:\/\/vapebulkp.com\/wp-content\/uploads\/2024\/09\/FIHP-WASPE-30000-Puff-Vape-Pen-Discount-Price-France.jpg",1276,1702,false],"thumbnail":["https:\/\/vapebulkp.com\/wp-content\/uploads\/2024\/09\/FIHP-WASPE-30000-Puff-Vape-Pen-Discount-Price-France-150x150.jpg",150,150,true],"medium":["https:\/\/vapebulkp.com\/wp-content\/uploads\/2024\/09\/FIHP-WASPE-30000-Puff-Vape-Pen-Discount-Price-France-225x300.jpg",225,300,true],"medium_large":["https:\/\/vapebulkp.com\/wp-content\/uploads\/2024\/09\/FIHP-WASPE-30000-Puff-Vape-Pen-Discount-Price-France-768x1024.jpg",768,1024,true],"large":["https:\/\/vapebulkp.com\/wp-content\/uploads\/2024\/09\/FIHP-WASPE-30000-Puff-Vape-Pen-Discount-Price-France-768x1024.jpg",768,1024,true],"1536x1536":["https:\/\/vapebulkp.com\/wp-content\/uploads\/2024\/09\/FIHP-WASPE-30000-Puff-Vape-Pen-Discount-Price-France-1152x1536.jpg",1152,1536,true],"2048x2048":["https:\/\/vapebulkp.com\/wp-content\/uploads\/2024\/09\/FIHP-WASPE-30000-Puff-Vape-Pen-Discount-Price-France.jpg",1276,1702,false],"trp-custom-language-flag":["https:\/\/vapebulkp.com\/wp-content\/uploads\/2024\/09\/FIHP-WASPE-30000-Puff-Vape-Pen-Discount-Price-France.jpg",9,12,false],"woocommerce_thumbnail":["https:\/\/vapebulkp.com\/wp-content\/uploads\/2024\/09\/FIHP-WASPE-30000-Puff-Vape-Pen-Discount-Price-France-300x300.jpg",300,300,true],"woocommerce_single":["https:\/\/vapebulkp.com\/wp-content\/uploads\/2024\/09\/FIHP-WASPE-30000-Puff-Vape-Pen-Discount-Price-France-600x800.jpg",600,800,true],"woocommerce_gallery_thumbnail":["https:\/\/vapebulkp.com\/wp-content\/uploads\/2024\/09\/FIHP-WASPE-30000-Puff-Vape-Pen-Discount-Price-France-100x100.jpg",100,100,true],"wcpr-photo-reviews":["https:\/\/vapebulkp.com\/wp-content\/uploads\/2024\/09\/FIHP-WASPE-30000-Puff-Vape-Pen-Discount-Price-France.jpg",375,500,false]},"uagb_author_info":{"display_name":"Mandy vape bulk price","author_link":"https:\/\/vapebulkp.com\/pl\/author\/"},"uagb_comment_info":0,"uagb_excerpt":"WASPE FIHP 30000 Puffs Good Taste Disposable Vape \u2013 Bulk Buy Pls Contact Mandy's WhatsApp For Discount Price+8618077105796 NOTE: Prices on our website does not include shipping costs &nbsp;","_links":{"self":[{"href":"https:\/\/vapebulkp.com\/pl\/wp-json\/wp\/v2\/product\/2927","targetHints":{"allow":["GET"]}}],"collection":[{"href":"https:\/\/vapebulkp.com\/pl\/wp-json\/wp\/v2\/product"}],"about":[{"href":"https:\/\/vapebulkp.com\/pl\/wp-json\/wp\/v2\/types\/product"}],"replies":[{"embeddable":true,"href":"https:\/\/vapebulkp.com\/pl\/wp-json\/wp\/v2\/comments?post=2927"}],"wp:featuredmedia":[{"embeddable":true,"href":"https:\/\/vapebulkp.com\/pl\/wp-json\/wp\/v2\/media\/2924"}],"wp:attachment":[{"href":"https:\/\/vapebulkp.com\/pl\/wp-json\/wp\/v2\/media?parent=2927"}],"wp:term":[{"taxonomy":"product_cat","embeddable":true,"href":"https:\/\/vapebulkp.com\/pl\/wp-json\/wp\/v2\/product_cat?post=2927"},{"taxonomy":"product_tag","embeddable":true,"href":"https:\/\/vapebulkp.com\/pl\/wp-json\/wp\/v2\/product_tag?post=2927"}],"curies":[{"name":"wp","href":"https:\/\/api.w.org\/{rel}","templated":true}]}}