{"id":2954,"date":"2024-09-26T09:30:48","date_gmt":"2024-09-26T07:30:48","guid":{"rendered":"https:\/\/vapebulkp.com\/?post_type=product&#038;p=2954"},"modified":"2025-09-24T05:15:54","modified_gmt":"2025-09-24T03:15:54","slug":"waspe-aiviou-25000-puffs-high-capacity-disposable-vape","status":"publish","type":"product","link":"https:\/\/vapebulkp.com\/pl\/product\/waspe-aiviou-25000-puffs-high-capacity-disposable-vape\/","title":{"rendered":"WASPE AIVIOU 25000 Puffs Jednorazowy e-papieros o du\u017cej pojemno\u015bci"},"content":{"rendered":"<h1 style=\"text-align: left\">WASPE AIVIOU 25000 Puffs Jednorazowy e-papieros o du\u017cej pojemno\u015bci<\/h1>\n<p data-start=\"322\" data-end=\"651\">To <strong data-start=\"366\" data-end=\"394\">WASPE AIVIOU 25000 puf\u00f3w<\/strong> to produkt premium <a href=\"https:\/\/vapebulkp.com\/pl\/product-category\/25000-puffs-disposable-vape\/\"><strong data-start=\"408\" data-end=\"439\">Jednorazowy e-papieros 25000 Puffs<\/strong><\/a> stworzony dla europejskich m\u0142odych m\u0119\u017cczyzn, kt\u00f3rzy ceni\u0105 sobie d\u0142ugotrwa\u0142\u0105 wydajno\u015b\u0107 i intensywny smak. Zasilany akumulatorem 650 mAh z szybkim \u0142adowaniem Type-C, zapewnia do 25 000 zaci\u0105gni\u0119\u0107 bez cz\u0119stego \u0142adowania.<\/p>\n<p data-start=\"653\" data-end=\"933\">Dzi\u0119ki zbiornikowi na e-liquid o pojemno\u015bci 25 ml i opcjom nikotyny 0%, 2%, lub 5%, oferuje elastyczno\u015b\u0107 zar\u00f3wno dla preferuj\u0105cych s\u0142absze, jak i mocniejsze doznania. Technologia podw\u00f3jnej siatki zapewnia g\u0119st\u0105 par\u0119 i sp\u00f3jny smak, a ekran LCD informuje o poziomie baterii, liczbie zaci\u0105gni\u0119\u0107 i poziomie e-liquidu.<\/p>\n<p data-start=\"935\" data-end=\"1168\">Kompaktowy, wydajny i bezproblemowy, <strong data-start=\"975\" data-end=\"1003\">WASPE AIVIOU 25000 puf\u00f3w<\/strong> jest dost\u0119pny w 10 popularnych smakach. Wysy\u0142any z magazyn\u00f3w w Europie, jest idealnym <strong data-start=\"1083\" data-end=\"1129\">wielokrotnego \u0142adowania jednorazowym e-papierosem o du\u017cej pojemno\u015bci<\/strong> dla hurtownik\u00f3w i konsument\u00f3w.<\/p>\n<p><img decoding=\"async\" class=\"alignnone size-full wp-image-2952\" src=\"http:\/\/vapebulkp.com\/wp-content\/uploads\/2024\/09\/WASPE-AIVIOU-25000-Puffs-Tornado-Vape-25k.png\" alt=\"WASPE AIVIOU 25000 puf\u00f3w Tornado Vape 25k\" width=\"520\" height=\"550\" srcset=\"https:\/\/vapebulkp.com\/wp-content\/uploads\/2024\/09\/WASPE-AIVIOU-25000-Puffs-Tornado-Vape-25k.png 520w, https:\/\/vapebulkp.com\/wp-content\/uploads\/2024\/09\/WASPE-AIVIOU-25000-Puffs-Tornado-Vape-25k-284x300.png 284w\" sizes=\"(max-width: 520px) 100vw, 520px\" \/><\/p>\n<h6>Skontaktuj si\u0119 z WhatsApp Mandy, aby uzyska\u0107 cen\u0119 ze zni\u017ck\u0105<a href=\"https:\/\/wa.me\/8618077105796\">+8618077105796<\/a><\/h6>\n<p><img decoding=\"async\" class=\"alignnone wp-image-2151\" src=\"http:\/\/vapebulkp.com\/wp-content\/uploads\/2024\/04\/Mandy-WhatsApp-Randm.jpg\" alt=\"WhatsApp Mandy Randm\" width=\"324\" height=\"330\" \/><\/p>\n<h2>Pomy\u015bleli\u015bmy, \u017ce mo\u017cesz by\u0107 zainteresowany hurtow\u0105 sprzeda\u017c\u0105 e-papieros\u00f3w <strong>WASPE AIVIOU 25000 puf\u00f3w<\/strong>\u00a0 \uff1a<\/h2>\n<p>&nbsp;<\/p>\n<p><strong>Pytanie: Co wyr\u00f3\u017cnia WASPE AIVIOU 25000 Puffs na rynku jednorazowych e-papieros\u00f3w?<\/strong><br \/>\nOdpowied\u017a: Zestawy e-papieros\u00f3w WASPE AIVIOU 25k puff oferuj\u0105 imponuj\u0105ce 25 000 zaci\u0105gni\u0119\u0107, co czyni je jedn\u0105 z najd\u0142u\u017cej dzia\u0142aj\u0105cych opcji na rynku, idealn\u0105 dla u\u017cytkownik\u00f3w szukaj\u0105cych trwa\u0142o\u015bci i warto\u015bci.<\/p>\n<p><strong>Pytanie: Czy dost\u0119pne s\u0105 r\u00f3\u017cne opcje smakowe dla WASPE AIVIOU 25000 Puff?<\/strong><br \/>\nOdpowied\u017a: Tak, oferuje szerok\u0105 gam\u0119 smak\u00f3w, od owocowych, takich jak Mango Melon, po orze\u017awiaj\u0105ce, takie jak Cool Mint, zaspokajaj\u0105c r\u00f3\u017cne preferencje smakowe.<\/p>\n<p><strong>Pytanie: Jak \u017cywotno\u015b\u0107 baterii WASPE AIVIOU 25k Puff wypada w por\u00f3wnaniu z innymi jednorazowymi e-papierosami?<\/strong><br \/>\nDzi\u0119ki solidnej konstrukcji baterii, WASPE AIVIOU zapewnia sta\u0142\u0105 wydajno\u015b\u0107 przez ca\u0142y okres u\u017cytkowania, co czyni go najlepszym wyborem dla os\u00f3b poszukuj\u0105cych d\u0142ugotrwa\u0142ych jednorazowych e-papieros\u00f3w.<\/p>\n<p><strong>P: Czy przyjazne dla \u015brodowiska AIVIOU 25k Puffs jest \u0142atwe w u\u017cyciu dla pocz\u0105tkuj\u0105cych?<\/strong><br \/>\nO: Absolutnie! Jego przyjazny dla u\u017cytkownika design sprawia, \u017ce jest idealny dla nowicjuszy w wapowaniu, oferuj\u0105c bezproblemowe do\u015bwiadczenie bez skomplikowanych ustawie\u0144.<\/p>\n<p><strong>P: Gdzie mog\u0119 znale\u017a\u0107 najlepsze oferty na WASPE AIVIOU 25000 Puffs?<\/strong><br \/>\nO: Tak, mo\u017cesz kupi\u0107 WASPE AIVIOU 25000 Puffs na <a href=\"https:\/\/vapebulkp.com\/pl\/\">vapebulkp.com<\/a> Zazwyczaj oferuj\u0105 r\u00f3\u017cnorodne smaki i opcje pakowania, co czyni je wygodnym wyborem dla Twoich potrzeb zwi\u0105zanych z wapowaniem.<\/p>\n<h3>\u00a0WAPE AIVIOU Vape 25k Puffs Cena hurtowa Funkcje Vape:<\/h3>\n<p>&nbsp;<\/p>\n<ul>\n<li><strong>Opcje nikotyny:\u00a0 <\/strong><span style=\"font-size: 16px\">Dost\u0119pne w poziomach nikotyny 0%, 2% i 5%, zaspokajaj\u0105c r\u00f3\u017cne preferencje wapowania zar\u00f3wno dla pocz\u0105tkuj\u0105cych, jak i do\u015bwiadczonych u\u017cytkownik\u00f3w.<\/span><\/li>\n<li><strong>Liczba Zaci\u0105gni\u0119\u0107:<\/strong> Imponuj\u0105ce 25 000 zaci\u0105gni\u0119\u0107, zapewniaj\u0105ce d\u0142ugotrwa\u0142e do\u015bwiadczenie wapowania, idealne dla tych, kt\u00f3rzy szukaj\u0105 trwa\u0142ych jednorazowych e-papieros\u00f3w.<\/li>\n<li><strong>Pojemno\u015b\u0107 E-liquidu:<\/strong> Posiada hojn\u0105 pojemno\u015b\u0107 25 ml e-liquidu, co pozwala na d\u0142u\u017csze u\u017cytkowanie bez cz\u0119stych wymian.<\/li>\n<li><strong>Opakowanie:<\/strong> Ka\u017cdy karton zawiera 200 sztuk, co czyni go doskona\u0142ym wyborem dla sprzedawc\u00f3w detalicznych lub zapalonych wapuj\u0105cych, kt\u00f3rzy chc\u0105 zrobi\u0107 zapasy.<\/li>\n<li><strong>R\u00f3\u017cnorodno\u015b\u0107 Smak\u00f3w:<\/strong> Oferuje 10 pysznych smak\u00f3w, w tym popularne opcje, kt\u00f3re przemawiaj\u0105 do europejskich klient\u00f3w, zapewniaj\u0105c, \u017ce ka\u017cdy znajdzie co\u015b dla siebie.<\/li>\n<li><strong>Technologia Dual Mesh:<\/strong><span style=\"font-size: 16px\">Wyposa\u017cony w zaawansowane cewki dual mesh dla lepszego smaku i produkcji pary, zapewniaj\u0105c doskona\u0142e wra\u017cenia z wapowania.<\/span><\/li>\n<li><strong>Wy\u015bwietlacz LCD:<\/strong> Zawiera wbudowany wy\u015bwietlacz LCD do monitorowania liczby zaci\u0105gni\u0119\u0107 i poziomu na\u0142adowania baterii w czasie rzeczywistym, co zwi\u0119ksza wygod\u0119 dla u\u017cytkownik\u00f3w.<\/li>\n<li><strong>Port \u0142adowania typu C:<\/strong> Posiada nowoczesny port \u0142adowania typu C do szybkiego i wydajnego \u0142adowania, idealny do u\u017cytku w podr\u00f3\u017cy.<\/li>\n<li><strong>Pojemno\u015b\u0107 baterii:<\/strong> Zasilany niezawodn\u0105 bateri\u0105 650 mAh, zapewniaj\u0105c\u0105 sta\u0142\u0105 wydajno\u015b\u0107 przez ca\u0142y okres jej u\u017cytkowania.<\/li>\n<li><strong>Konstrukcja grza\u0142ki:<\/strong> Wykorzystuje wysokiej jako\u015bci grza\u0142k\u0119 siatkow\u0105 dla optymalnego dostarczania smaku i p\u0142ynnych zaci\u0105gni\u0119\u0107.<\/li>\n<li><strong>Specyfikacja kartonu:<\/strong> Ka\u017cdy karton wa\u017cy 21 kg i ma wymiary 685 mm x 330 mm x 230 mm, co u\u0142atwia jego obs\u0142ug\u0119 i przechowywanie.<\/li>\n<\/ul>\n<h3><strong>Tania cena Vape WASPE AIVIOU 25000 Puffs Organiczne smaki:<\/strong><\/h3>\n<p>1 arbuz z lodem<br \/>\n2 Jagoda na lodzie<br \/>\n3 truskawka arbuz<br \/>\n4 jagoda malina lemoniada<br \/>\n5 wi\u015bnia na lodzie<br \/>\n6 brzoskwinia mango arbuz<br \/>\n7 mieszane jagody<br \/>\n8 brzoskwinia na lodzie<br \/>\n9 truskawka kiwi<br \/>\n10 winogrono na lodzie<\/p>\n<p><a href=\"https:\/\/vapebulkp.com\/pl\/product\/popular-randm-tornado-7000puffs-disposable-vape-best-price\/\"><span style=\"vertical-align: inherit\">RandM Tornado 7000 zaci\u0105gni\u0119\u0107 <\/span><\/a><\/p>\n<p><span style=\"vertical-align: inherit\">Znajd\u017a wi\u0119cej produkt\u00f3w, kt\u00f3re mog\u0105 Ci si\u0119 spodoba\u0107:<\/span><em><a href=\"https:\/\/wa.me\/8618077105796\"><span style=\"vertical-align: inherit\">\u00a0Kup teraz<\/span><\/a><\/em><\/p>\n<p><span style=\"vertical-align: inherit\">Inne Puffs, kt\u00f3re mog\u0105 Ci si\u0119 spodoba\u0107:<\/span><a href=\"https:\/\/vapebulkp.com\/pl\/product\/bang-with-a-vape-gear-20000-puffs-discount-price\/\"><span style=\"vertical-align: inherit\">Bang Gear Vape 20000 Puffs<\/span><\/a><span style=\"vertical-align: inherit\">\u3001<\/span><a href=\"https:\/\/vapebulkp.com\/pl\/product\/wholesale-randm-tornado-9000-puffs-germany\/\"><span style=\"vertical-align: inherit\">RandM 9000 zaci\u0105gni\u0119\u0107<\/span><\/a><span style=\"vertical-align: inherit\">\/ <\/span><a href=\"https:\/\/vapebulkp.com\/pl\/product\/bang-king-12000puffs\/\"><span style=\"vertical-align: inherit\">Bang King 12000 zaci\u0105gni\u0119\u0107<\/span><\/a><span style=\"vertical-align: inherit\">\/ <\/span><a href=\"https:\/\/vapebulkp.com\/pl\/product\/uzy-qute-800-puffs-original-disposable-vape\/\"><span style=\"vertical-align: inherit\">UZY QUTE 800 Puffs<\/span><\/a><\/p>\n<p><span style=\"vertical-align: inherit\">E-papieros o specjalnym kszta\u0142cie butelki:<\/span><a href=\"https:\/\/vapebulkp.com\/pl\/product\/original-vape-bang-tn-12000-puffs-bang-vape\/\"><span style=\"vertical-align: inherit\"> Bang TN 12000 zaci\u0105gni\u0119\u0107<\/span><\/a><span style=\"vertical-align: inherit\">\/ <\/span><a href=\"https:\/\/vapebulkp.com\/pl\/fi\/product\/best-price-wga-crystal-pro-max-15k-puffs-original-vape\/\"><span style=\"vertical-align: inherit\">\u00a0WGA Crystal pro max 15k Zaci\u0105gni\u0119\u0107 <\/span><\/a><span style=\"vertical-align: inherit\">\/<\/span><a href=\"https:\/\/vapebulkp.com\/pl\/product\/bang-tornado-12000-puffs-rechargeable-disposable-pod\/\"><span style=\"vertical-align: inherit\"> Bang Tornado 12000 zaci\u0105gni\u0119\u0107<\/span><\/a><\/p>\n<h5>Kwalifikacja produkcyjna:<\/h5>\n<p><img decoding=\"async\" class=\"alignnone size-full wp-image-1841\" src=\"http:\/\/vapebulkp.com\/wp-content\/uploads\/2023\/11\/Vape-production-process-2.jpeg\" alt=\"Proces produkcji vape\" width=\"650\" height=\"434\" srcset=\"https:\/\/vapebulkp.com\/wp-content\/uploads\/2023\/11\/Vape-production-process-2.jpeg 650w, https:\/\/vapebulkp.com\/wp-content\/uploads\/2023\/11\/Vape-production-process-2-300x200.jpeg 300w, https:\/\/vapebulkp.com\/wp-content\/uploads\/2023\/11\/Vape-production-process-2-600x401.jpeg 600w\" sizes=\"(max-width: 650px) 100vw, 650px\" \/><\/p>\n<p><img decoding=\"async\" class=\"alignnone size-full wp-image-1843\" src=\"http:\/\/vapebulkp.com\/wp-content\/uploads\/2023\/11\/Vape-production-process.jpeg\" alt=\"Proces produkcji vape\" width=\"641\" height=\"1026\" srcset=\"https:\/\/vapebulkp.com\/wp-content\/uploads\/2023\/11\/Vape-production-process.jpeg 641w, https:\/\/vapebulkp.com\/wp-content\/uploads\/2023\/11\/Vape-production-process-187x300.jpeg 187w, https:\/\/vapebulkp.com\/wp-content\/uploads\/2023\/11\/Vape-production-process-640x1024.jpeg 640w, https:\/\/vapebulkp.com\/wp-content\/uploads\/2023\/11\/Vape-production-process-600x960.jpeg 600w\" sizes=\"(max-width: 641px) 100vw, 641px\" \/><\/p>\n<h5>Najcz\u0119\u015bciej zadawane pytania:<\/h5>\n<p>P: Jaki jest MOQ dla \u015bwiadomych zdrowia e-papieros\u00f3w WASPE AIVIOU 25000 Puffs?<br \/>\nO: Minimalne zam\u00f3wienie to 5 sztuk.<br \/>\nP: Jaki jest czas dostawy zam\u00f3wionego e-papierosa?<br \/>\nO: Zwykle trwa to 10-15 dni od wysy\u0142ki<br \/>\nP: Ile kosztuje wysy\u0142ka?O: Koszt wysy\u0142ki zale\u017cy od wagi. R\u00f3\u017cne ilo\u015bci maj\u0105 r\u00f3\u017cne koszty wysy\u0142ki, prosimy o kontakt w celu ich potwierdzenia.<\/p>\n<h4>Szczeg\u00f3\u0142y wysy\u0142ki:<\/h4>\n<p><span style=\"color: #ff6600\">Czas produkcji: 5-10 dni roboczych<\/span><br \/>\n<span style=\"color: #ff6600\">Czas wysy\u0142ki: 8-14 dni roboczych<\/span><\/p>\n<p>Wszystkie produkty w naszym sklepie s\u0105 w 100% oryginalne i autentyczne, dlatego polityk\u0105 naszego sklepu jest dziesi\u0119ciokrotne odszkodowanie za podrobione towary. Do dostarczania towar\u00f3w u\u017cywamy kana\u0142\u00f3w logistycznych, takich jak UPS\/DHL\/FEDEX\/DPD.<\/p>\n<p>W przypadku paczek wysy\u0142anych do Polski dostawa trwa zwykle 10 dni roboczych. Wysy\u0142ka do kraj\u00f3w europejskich trwa zwykle od 12 do 15 dni roboczych. B\u0119dziemy aktualizowa\u0107 dla Ciebie informacje logistyczne w czasie rzeczywistym.<\/p>","protected":false},"excerpt":{"rendered":"<p>Materia\u0142y przyjazne dla \u015brodowiska <strong>Jednorazowy e-papieros WASPE AIVIOU 25000 Puffs<\/strong><\/p>\n<p>Czysta technologia wapowania\u00a0 <strong>WASPE AIVIOU 25 tys. puf\u00f3w<\/strong><\/p>\n<p>Skontaktuj si\u0119 z WhatsApp Mandy, aby uzyska\u0107 cen\u0119 ze zni\u017ck\u0105<a href=\"https:\/\/wa.me\/8618077105796\">+8618077105796<\/a><\/p>\n<p><img decoding=\"async\" class=\"alignnone wp-image-2151\" src=\"http:\/\/vapebulkp.com\/wp-content\/uploads\/2024\/04\/Mandy-WhatsApp-Randm.jpg\" alt=\"WhatsApp Mandy Randm\" width=\"297\" height=\"316\" srcset=\"https:\/\/vapebulkp.com\/wp-content\/uploads\/2024\/04\/Mandy-WhatsApp-Randm.jpg 916w, https:\/\/vapebulkp.com\/wp-content\/uploads\/2024\/04\/Mandy-WhatsApp-Randm-282x300.jpg 282w, https:\/\/vapebulkp.com\/wp-content\/uploads\/2024\/04\/Mandy-WhatsApp-Randm-768x817.jpg 768w, https:\/\/vapebulkp.com\/wp-content\/uploads\/2024\/04\/Mandy-WhatsApp-Randm-600x638.jpg 600w\" sizes=\"(max-width: 297px) 100vw, 297px\" \/><\/p>\n<p><span style=\"color: #ff0000\">UWAGA: Ceny na naszej stronie internetowej nie zawieraj\u0105 koszt\u00f3w wysy\u0142ki<\/span><\/p>\n<p>&nbsp;<\/p>","protected":false},"featured_media":2952,"comment_status":"open","ping_status":"closed","template":"","meta":{"_uag_custom_page_level_css":"","_lmt_disableupdate":"no","_lmt_disable":"","site-sidebar-layout":"default","site-content-layout":"content-boxed-container","ast-site-content-layout":"normal-width-container","site-content-style":"boxed","site-sidebar-style":"unboxed","ast-global-header-display":"","ast-banner-title-visibility":"","ast-main-header-display":"","ast-hfb-above-header-display":"","ast-hfb-below-header-display":"","ast-hfb-mobile-header-display":"","site-post-title":"","ast-breadcrumbs-content":"","ast-featured-img":"","footer-sml-layout":"","theme-transparent-header-meta":"default","adv-header-id-meta":"","stick-header-meta":"","header-above-stick-meta":"","header-main-stick-meta":"","header-below-stick-meta":"","astra-migrate-meta-layouts":"set","_joinchat":[]},"product_cat":[161,153,155,33,59,100,34,158,157,154,152,58,84,156,63,32,365],"product_tag":[139,36,37,41,40],"class_list":["post-2954","product","type-product","status-publish","has-post-thumbnail","hentry","product_cat-25000-puffs-disposable-vape","product_cat-hot-disposable-vapes","product_cat-belgium-hot-disposable-vapes","product_cat-france-vape-hot-sale","product_cat-germany-hot-disposable-vape","product_cat-germany-wholesale-vape-shop","product_cat-netherlands-vape-good-sale","product_cat-norway-hot-disposable-vapes","product_cat-poland-hot-disposable-vapes","product_cat-portugal-hot-disposable-vapes","product_cat-spain-hot-disposable-vapes","product_cat-sweden-hot-disposable-vape","product_cat-sweden-wholesale-vape","product_cat-switzerland-hot-disposable-vapes","product_cat-top-sale-disposable-vape","product_cat-vape-hot-sale-this-week","product_cat-waspe-vape","product_tag-30k-puffs","product_tag-good-vape","product_tag-hot-sale-disposable-vape","product_tag-poland-hot-vape","product_tag-sweden-hot-vape","pa_brand-waspe-vape","desktop-align-left","tablet-align-left","mobile-align-left"],"yoast_head":"<!-- This site is optimized with the Yoast SEO plugin v21.1 - https:\/\/yoast.com\/wordpress\/plugins\/seo\/ -->\n<title>WASPE AIVIOU 25000 Puffs High-capacity Disposable Vape - vapebulkp.com<\/title>\n<meta name=\"description\" content=\"Order the WASPE AIVIOU 25000 Puffs, a high-capacity 25000 Puffs Disposable Vape with dual mesh coils and LCD display. Fast EU shipping \u2014 buy now!\" \/>\n<meta name=\"robots\" content=\"index, follow, max-snippet:-1, max-image-preview:large, max-video-preview:-1\" \/>\n<link rel=\"canonical\" href=\"https:\/\/vapebulkp.com\/pl\/product\/waspe-aiviou-25000-puffs-high-capacity-disposable-vape\/\" \/>\n<meta property=\"og:locale\" content=\"pl_PL\" \/>\n<meta property=\"og:type\" content=\"article\" \/>\n<meta property=\"og:title\" content=\"WASPE AIVIOU 25000 Puffs High-capacity Disposable Vape - vapebulkp.com\" \/>\n<meta property=\"og:description\" content=\"Order the WASPE AIVIOU 25000 Puffs, a high-capacity 25000 Puffs Disposable Vape with dual mesh coils and LCD display. Fast EU shipping \u2014 buy now!\" \/>\n<meta property=\"og:url\" content=\"https:\/\/vapebulkp.com\/pl\/product\/waspe-aiviou-25000-puffs-high-capacity-disposable-vape\/\" \/>\n<meta property=\"og:site_name\" content=\"vapebulkp.com\" \/>\n<meta property=\"article:modified_time\" content=\"2025-09-24T03:15:54+00:00\" \/>\n<meta property=\"og:image\" content=\"http:\/\/vapebulkp.com\/wp-content\/uploads\/2024\/09\/WASPE-AIVIOU-25000-Puffs-Tornado-Vape-25k.png\" \/>\n\t<meta property=\"og:image:width\" content=\"520\" \/>\n\t<meta property=\"og:image:height\" content=\"550\" \/>\n\t<meta property=\"og:image:type\" content=\"image\/png\" \/>\n<meta name=\"twitter:card\" content=\"summary_large_image\" \/>\n<meta name=\"twitter:label1\" content=\"Szacowany czas czytania\" \/>\n\t<meta name=\"twitter:data1\" content=\"5 minut\" \/>\n<script type=\"application\/ld+json\" class=\"yoast-schema-graph\">{\"@context\":\"https:\/\/schema.org\",\"@graph\":[{\"@type\":\"WebPage\",\"@id\":\"https:\/\/vapebulkp.com\/product\/waspe-aiviou-25000-puffs-high-capacity-disposable-vape\/\",\"url\":\"https:\/\/vapebulkp.com\/product\/waspe-aiviou-25000-puffs-high-capacity-disposable-vape\/\",\"name\":\"WASPE AIVIOU 25000 Puffs High-capacity Disposable Vape - vapebulkp.com\",\"isPartOf\":{\"@id\":\"https:\/\/vapebulkp.com\/#website\"},\"datePublished\":\"2024-09-26T07:30:48+00:00\",\"dateModified\":\"2025-09-24T03:15:54+00:00\",\"description\":\"Order the WASPE AIVIOU 25000 Puffs, a high-capacity 25000 Puffs Disposable Vape with dual mesh coils and LCD display. Fast EU shipping \u2014 buy now!\",\"breadcrumb\":{\"@id\":\"https:\/\/vapebulkp.com\/product\/waspe-aiviou-25000-puffs-high-capacity-disposable-vape\/#breadcrumb\"},\"inLanguage\":\"pl-PL\",\"potentialAction\":[{\"@type\":\"ReadAction\",\"target\":[\"https:\/\/vapebulkp.com\/product\/waspe-aiviou-25000-puffs-high-capacity-disposable-vape\/\"]}]},{\"@type\":\"BreadcrumbList\",\"@id\":\"https:\/\/vapebulkp.com\/product\/waspe-aiviou-25000-puffs-high-capacity-disposable-vape\/#breadcrumb\",\"itemListElement\":[{\"@type\":\"ListItem\",\"position\":1,\"name\":\"Home\",\"item\":\"https:\/\/vapebulkp.com\/\"},{\"@type\":\"ListItem\",\"position\":2,\"name\":\"Hot Trend Vapes\",\"item\":\"https:\/\/vapebulkp.com\/vape-shop\/\"},{\"@type\":\"ListItem\",\"position\":3,\"name\":\"WASPE AIVIOU 25000 Puffs High-capacity Disposable Vape\"}]},{\"@type\":\"WebSite\",\"@id\":\"https:\/\/vapebulkp.com\/#website\",\"url\":\"https:\/\/vapebulkp.com\/\",\"name\":\"vapebulkp.com\",\"description\":\"Buy Vape In Cheap Bulk Price Near you\",\"publisher\":{\"@id\":\"https:\/\/vapebulkp.com\/#organization\"},\"potentialAction\":[{\"@type\":\"SearchAction\",\"target\":{\"@type\":\"EntryPoint\",\"urlTemplate\":\"https:\/\/vapebulkp.com\/?s={search_term_string}\"},\"query-input\":\"required name=search_term_string\"}],\"inLanguage\":\"pl-PL\"},{\"@type\":\"Organization\",\"@id\":\"https:\/\/vapebulkp.com\/#organization\",\"name\":\"vapebulkp.com\",\"url\":\"https:\/\/vapebulkp.com\/\",\"logo\":{\"@type\":\"ImageObject\",\"inLanguage\":\"pl-PL\",\"@id\":\"https:\/\/vapebulkp.com\/#\/schema\/logo\/image\/\",\"url\":\"https:\/\/vapebulkp.com\/wp-content\/uploads\/2023\/09\/cropped-vapebulkp.png\",\"contentUrl\":\"https:\/\/vapebulkp.com\/wp-content\/uploads\/2023\/09\/cropped-vapebulkp.png\",\"width\":516,\"height\":163,\"caption\":\"vapebulkp.com\"},\"image\":{\"@id\":\"https:\/\/vapebulkp.com\/#\/schema\/logo\/image\/\"}}]}<\/script>\n<!-- \/ Yoast SEO plugin. -->","yoast_head_json":{"title":"WASPE AIVIOU 25000 Puffs High-capacity Disposable Vape - vapebulkp.com","description":"Order the WASPE AIVIOU 25000 Puffs, a high-capacity 25000 Puffs Disposable Vape with dual mesh coils and LCD display. Fast EU shipping \u2014 buy now!","robots":{"index":"index","follow":"follow","max-snippet":"max-snippet:-1","max-image-preview":"max-image-preview:large","max-video-preview":"max-video-preview:-1"},"canonical":"https:\/\/vapebulkp.com\/pl\/product\/waspe-aiviou-25000-puffs-high-capacity-disposable-vape\/","og_locale":"pl_PL","og_type":"article","og_title":"WASPE AIVIOU 25000 Puffs High-capacity Disposable Vape - vapebulkp.com","og_description":"Order the WASPE AIVIOU 25000 Puffs, a high-capacity 25000 Puffs Disposable Vape with dual mesh coils and LCD display. Fast EU shipping \u2014 buy now!","og_url":"https:\/\/vapebulkp.com\/pl\/product\/waspe-aiviou-25000-puffs-high-capacity-disposable-vape\/","og_site_name":"vapebulkp.com","article_modified_time":"2025-09-24T03:15:54+00:00","og_image":[{"width":520,"height":550,"url":"http:\/\/vapebulkp.com\/wp-content\/uploads\/2024\/09\/WASPE-AIVIOU-25000-Puffs-Tornado-Vape-25k.png","type":"image\/png"}],"twitter_card":"summary_large_image","twitter_misc":{"Szacowany czas czytania":"5 minut"},"schema":{"@context":"https:\/\/schema.org","@graph":[{"@type":"WebPage","@id":"https:\/\/vapebulkp.com\/product\/waspe-aiviou-25000-puffs-high-capacity-disposable-vape\/","url":"https:\/\/vapebulkp.com\/product\/waspe-aiviou-25000-puffs-high-capacity-disposable-vape\/","name":"WASPE AIVIOU 25000 Puffs High-capacity Disposable Vape - vapebulkp.com","isPartOf":{"@id":"https:\/\/vapebulkp.com\/#website"},"datePublished":"2024-09-26T07:30:48+00:00","dateModified":"2025-09-24T03:15:54+00:00","description":"Order the WASPE AIVIOU 25000 Puffs, a high-capacity 25000 Puffs Disposable Vape with dual mesh coils and LCD display. Fast EU shipping \u2014 buy now!","breadcrumb":{"@id":"https:\/\/vapebulkp.com\/product\/waspe-aiviou-25000-puffs-high-capacity-disposable-vape\/#breadcrumb"},"inLanguage":"pl-PL","potentialAction":[{"@type":"ReadAction","target":["https:\/\/vapebulkp.com\/product\/waspe-aiviou-25000-puffs-high-capacity-disposable-vape\/"]}]},{"@type":"BreadcrumbList","@id":"https:\/\/vapebulkp.com\/product\/waspe-aiviou-25000-puffs-high-capacity-disposable-vape\/#breadcrumb","itemListElement":[{"@type":"ListItem","position":1,"name":"Home","item":"https:\/\/vapebulkp.com\/"},{"@type":"ListItem","position":2,"name":"Hot Trend Vapes","item":"https:\/\/vapebulkp.com\/vape-shop\/"},{"@type":"ListItem","position":3,"name":"WASPE AIVIOU 25000 Puffs High-capacity Disposable Vape"}]},{"@type":"WebSite","@id":"https:\/\/vapebulkp.com\/#website","url":"https:\/\/vapebulkp.com\/","name":"vapebulkp.com","description":"Buy Vape In Cheap Bulk Price Near you","publisher":{"@id":"https:\/\/vapebulkp.com\/#organization"},"potentialAction":[{"@type":"SearchAction","target":{"@type":"EntryPoint","urlTemplate":"https:\/\/vapebulkp.com\/?s={search_term_string}"},"query-input":"required name=search_term_string"}],"inLanguage":"pl-PL"},{"@type":"Organization","@id":"https:\/\/vapebulkp.com\/#organization","name":"vapebulkp.com","url":"https:\/\/vapebulkp.com\/","logo":{"@type":"ImageObject","inLanguage":"pl-PL","@id":"https:\/\/vapebulkp.com\/#\/schema\/logo\/image\/","url":"https:\/\/vapebulkp.com\/wp-content\/uploads\/2023\/09\/cropped-vapebulkp.png","contentUrl":"https:\/\/vapebulkp.com\/wp-content\/uploads\/2023\/09\/cropped-vapebulkp.png","width":516,"height":163,"caption":"vapebulkp.com"},"image":{"@id":"https:\/\/vapebulkp.com\/#\/schema\/logo\/image\/"}}]}},"uagb_featured_image_src":{"full":["https:\/\/vapebulkp.com\/wp-content\/uploads\/2024\/09\/WASPE-AIVIOU-25000-Puffs-Tornado-Vape-25k.png",520,550,false],"thumbnail":["https:\/\/vapebulkp.com\/wp-content\/uploads\/2024\/09\/WASPE-AIVIOU-25000-Puffs-Tornado-Vape-25k-150x150.png",150,150,true],"medium":["https:\/\/vapebulkp.com\/wp-content\/uploads\/2024\/09\/WASPE-AIVIOU-25000-Puffs-Tornado-Vape-25k-284x300.png",284,300,true],"medium_large":["https:\/\/vapebulkp.com\/wp-content\/uploads\/2024\/09\/WASPE-AIVIOU-25000-Puffs-Tornado-Vape-25k.png",520,550,false],"large":["https:\/\/vapebulkp.com\/wp-content\/uploads\/2024\/09\/WASPE-AIVIOU-25000-Puffs-Tornado-Vape-25k.png",520,550,false],"1536x1536":["https:\/\/vapebulkp.com\/wp-content\/uploads\/2024\/09\/WASPE-AIVIOU-25000-Puffs-Tornado-Vape-25k.png",520,550,false],"2048x2048":["https:\/\/vapebulkp.com\/wp-content\/uploads\/2024\/09\/WASPE-AIVIOU-25000-Puffs-Tornado-Vape-25k.png",520,550,false],"trp-custom-language-flag":["https:\/\/vapebulkp.com\/wp-content\/uploads\/2024\/09\/WASPE-AIVIOU-25000-Puffs-Tornado-Vape-25k.png",11,12,false],"woocommerce_thumbnail":["https:\/\/vapebulkp.com\/wp-content\/uploads\/2024\/09\/WASPE-AIVIOU-25000-Puffs-Tornado-Vape-25k-300x300.png",300,300,true],"woocommerce_single":["https:\/\/vapebulkp.com\/wp-content\/uploads\/2024\/09\/WASPE-AIVIOU-25000-Puffs-Tornado-Vape-25k.png",520,550,false],"woocommerce_gallery_thumbnail":["https:\/\/vapebulkp.com\/wp-content\/uploads\/2024\/09\/WASPE-AIVIOU-25000-Puffs-Tornado-Vape-25k-100x100.png",100,100,true],"wcpr-photo-reviews":["https:\/\/vapebulkp.com\/wp-content\/uploads\/2024\/09\/WASPE-AIVIOU-25000-Puffs-Tornado-Vape-25k.png",473,500,false]},"uagb_author_info":{"display_name":"Mandy vape bulk price","author_link":"https:\/\/vapebulkp.com\/pl\/author\/"},"uagb_comment_info":0,"uagb_excerpt":"Eco-friendly materials WASPE AIVIOU 25000 Puffs Disposable Vape Clean vaping technology\u00a0 WASPE AIVIOU 25k Puffs Pls Contact Mandy's WhatsApp For Discount Price+8618077105796 NOTE: Prices on our website does not include shipping costs &nbsp;","_links":{"self":[{"href":"https:\/\/vapebulkp.com\/pl\/wp-json\/wp\/v2\/product\/2954","targetHints":{"allow":["GET"]}}],"collection":[{"href":"https:\/\/vapebulkp.com\/pl\/wp-json\/wp\/v2\/product"}],"about":[{"href":"https:\/\/vapebulkp.com\/pl\/wp-json\/wp\/v2\/types\/product"}],"replies":[{"embeddable":true,"href":"https:\/\/vapebulkp.com\/pl\/wp-json\/wp\/v2\/comments?post=2954"}],"wp:featuredmedia":[{"embeddable":true,"href":"https:\/\/vapebulkp.com\/pl\/wp-json\/wp\/v2\/media\/2952"}],"wp:attachment":[{"href":"https:\/\/vapebulkp.com\/pl\/wp-json\/wp\/v2\/media?parent=2954"}],"wp:term":[{"taxonomy":"product_cat","embeddable":true,"href":"https:\/\/vapebulkp.com\/pl\/wp-json\/wp\/v2\/product_cat?post=2954"},{"taxonomy":"product_tag","embeddable":true,"href":"https:\/\/vapebulkp.com\/pl\/wp-json\/wp\/v2\/product_tag?post=2954"}],"curies":[{"name":"wp","href":"https:\/\/api.w.org\/{rel}","templated":true}]}}