{"id":3047,"date":"2024-10-23T09:54:46","date_gmt":"2024-10-23T07:54:46","guid":{"rendered":"https:\/\/vapebulkp.com\/?post_type=product&#038;p=3047"},"modified":"2025-09-08T05:08:08","modified_gmt":"2025-09-08T03:08:08","slug":"vapme-shisha-pro-max-20k-type-c-rechargeable-vape","status":"publish","type":"product","link":"https:\/\/vapebulkp.com\/pl\/product\/vapme-shisha-pro-max-20k-type-c-rechargeable-vape\/","title":{"rendered":"Vapme Shisha PRO Max 20k Vape z mo\u017cliwo\u015bci\u0105 \u0142adowania Type-C"},"content":{"rendered":"<h2>Vapme Shisha PRO Max 20k Vape z mo\u017cliwo\u015bci\u0105 \u0142adowania Type-C<\/h2>\n<div class=\"flex max-w-full flex-col flex-grow\">\n<div class=\"min-h-8 text-message flex w-full flex-col items-end gap-2 whitespace-normal break-words [.text-message+&amp;]:mt-5\" dir=\"auto\" data-message-author-role=\"assistant\" data-message-id=\"d4e5856e-b87d-43e1-bf1b-fe5b0e62d5d8\" data-message-model-slug=\"gpt-4o\">\n<div class=\"flex w-full flex-col gap-1 empty:hidden first:pt-[3px]\">\n<div class=\"markdown prose w-full break-words dark:prose-invert light\">\n<p>Vapme Shisha PRO Max 20k to wysokowydajne urz\u0105dzenie <a href=\"https:\/\/vapebulkp.com\/pl\/product-category\/20000-puffs-disposable-vape\/\">20000 zaci\u0105gni\u0119\u0107 jednorazowy e-papieros<\/a> zaprojektowane dla polskich u\u017cytkownik\u00f3w e-papieros\u00f3w, kt\u00f3rzy wymagaj\u0105 zar\u00f3wno smaku, jak i niezawodno\u015bci. Jako d\u0142ugopis wielokrotnego \u0142adowania, jest wyposa\u017cony w bateri\u0119 Type-C do szybkiego \u0142adowania, zapewniaj\u0105c nieprzerwane sesje przez ca\u0142y dzie\u0144.<\/p>\n<p>Ten e-papieros shisha o du\u017cej pojemno\u015bci, wst\u0119pnie nape\u0142niony, 20000 puffs, jest wyposa\u017cony w zbiornik e-liquidu o pojemno\u015bci 28 ml i grza\u0142k\u0119 mesh coil 0,6 \u03a9, zapewniaj\u0105c g\u0142adk\u0105 par\u0119 i sp\u00f3jny smak przy ka\u017cdym zaci\u0105gni\u0119ciu. Jego konstrukcja DTL (Direct-to-Lung) sprawia, \u017ce \u200b\u200bjest idealny dla entuzjast\u00f3w e-papieros\u00f3w goni\u0105cych za chmurami, wytwarzaj\u0105c g\u0119ste chmury i intensywne uderzenie w gard\u0142o przy ka\u017cdym zaci\u0105gni\u0119ciu.<\/p>\n<p>Dost\u0119pny w 24 wyj\u0105tkowych smakach o mocy nikotyny 2%, to wysokiej jako\u015bci polskie przeno\u015bne urz\u0105dzenie do e-papieros\u00f3w zaspokaja szeroki zakres preferencji smakowych. Lekki, ergonomiczny i elegancki, Vapme Shisha PRO Max 20k puff \u0142\u0105czy w sobie wygod\u0119, styl i wydajno\u015b\u0107. Idealny dla polskich detalist\u00f3w i kupuj\u0105cych hurtowych, wyr\u00f3\u017cnia si\u0119 na rynku jednorazowych e-papieros\u00f3w wielokrotnego \u0142adowania ze wzgl\u0119du na du\u017c\u0105 pojemno\u015b\u0107 i mo\u017cliwo\u015bci wytwarzania chmur.<\/p>\n<\/div>\n<\/div>\n<\/div>\n<\/div>\n<p><img decoding=\"async\" class=\"alignnone wp-image-3044\" src=\"http:\/\/vapebulkp.com\/wp-content\/uploads\/2024\/10\/Original-Vapme-Shisha-PRO-Max-20000-Puffs-Disposable-Vape.jpg\" alt=\"Oryginalny Vapme Shisha PRO Max 20000 Zaci\u0105gni\u0119\u0107 Jednorazowy Vape\" width=\"544\" height=\"374\" srcset=\"https:\/\/vapebulkp.com\/wp-content\/uploads\/2024\/10\/Original-Vapme-Shisha-PRO-Max-20000-Puffs-Disposable-Vape.jpg 1060w, https:\/\/vapebulkp.com\/wp-content\/uploads\/2024\/10\/Original-Vapme-Shisha-PRO-Max-20000-Puffs-Disposable-Vape-300x206.jpg 300w, https:\/\/vapebulkp.com\/wp-content\/uploads\/2024\/10\/Original-Vapme-Shisha-PRO-Max-20000-Puffs-Disposable-Vape-1024x704.jpg 1024w, https:\/\/vapebulkp.com\/wp-content\/uploads\/2024\/10\/Original-Vapme-Shisha-PRO-Max-20000-Puffs-Disposable-Vape-768x528.jpg 768w, https:\/\/vapebulkp.com\/wp-content\/uploads\/2024\/10\/Original-Vapme-Shisha-PRO-Max-20000-Puffs-Disposable-Vape-600x413.jpg 600w\" sizes=\"(max-width: 544px) 100vw, 544px\" \/><\/p>\n<h6 style=\"text-align: left\"><\/h6>\n<h6>Skontaktuj si\u0119 z WhatsApp Mandy, aby uzyska\u0107 cen\u0119 ze zni\u017ck\u0105<a href=\"https:\/\/wa.me\/8618077105796\">+8618077105796<\/a><\/h6>\n<p><img decoding=\"async\" class=\"alignnone wp-image-2151\" src=\"http:\/\/vapebulkp.com\/wp-content\/uploads\/2024\/04\/Mandy-WhatsApp-Randm.jpg\" alt=\"WhatsApp Mandy Randm\" width=\"263\" height=\"280\" srcset=\"https:\/\/vapebulkp.com\/wp-content\/uploads\/2024\/04\/Mandy-WhatsApp-Randm.jpg 916w, https:\/\/vapebulkp.com\/wp-content\/uploads\/2024\/04\/Mandy-WhatsApp-Randm-282x300.jpg 282w, https:\/\/vapebulkp.com\/wp-content\/uploads\/2024\/04\/Mandy-WhatsApp-Randm-768x817.jpg 768w, https:\/\/vapebulkp.com\/wp-content\/uploads\/2024\/04\/Mandy-WhatsApp-Randm-600x638.jpg 600w\" sizes=\"(max-width: 263px) 100vw, 263px\" \/><\/p>\n<h2><span style=\"vertical-align: inherit\">Pomy\u015bla\u0142em, \u017ce mo\u017cesz chcie\u0107 wiedzie\u0107 o Vapme shisha Pro Max 20k Puff:<\/span><\/h2>\n<p>&nbsp;<\/p>\n<h5><strong>1. Czy Vapme Shisha Pro Max 20k Puffs mo\u017cna \u0142adowa\u0107?<\/strong><\/h5>\n<p><strong>Odpowied\u017a: <\/strong>Tak, Vapme Shisha Pro Max 20k puff jest wyposa\u017cony w port \u0142adowania Type-C do szybkiego i wygodnego \u0142adowania. Pozwala to na utrzymanie zasilania urz\u0105dzenia przez ca\u0142y okres jego u\u017cytkowania.<\/p>\n<h5><strong>2. Jak na\u0142adowa\u0107 Vapme Shisha Pro Max 20k Puffs?<\/strong><\/h5>\n<p><strong>Odpowied\u017a: <\/strong>Aby na\u0142adowa\u0107 urz\u0105dzenie, wystarczy pod\u0142\u0105czy\u0107 kabel Type-C do portu i pod\u0142\u0105czy\u0107 go do \u017ar\u00f3d\u0142a zasilania USB. Zaleca si\u0119 u\u017cywanie standardowej \u0142adowarki, aby unikn\u0105\u0107 prze\u0142adowania lub uszkodzenia baterii.<\/p>\n<h5><strong>3. O czym nale\u017cy pami\u0119ta\u0107 podczas \u0142adowania mojego d\u0142ugotrwa\u0142ego jednorazowego e-papierosa 20000 Puffs Vapme shisha?<\/strong><\/h5>\n<p><strong>Odpowied\u017a: <\/strong>Upewnij si\u0119, \u017ce u\u017cywasz kompatybilnego kabla \u0142aduj\u0105cego Type-C i unikaj prze\u0142adowania baterii. Najlepiej od\u0142\u0105czy\u0107 \u0142adowark\u0119 po pe\u0142nym na\u0142adowaniu urz\u0105dzenia, aby zachowa\u0107 \u017cywotno\u015b\u0107 baterii.<\/p>\n<h5><strong>4. Jaki typ grza\u0142ki jest u\u017cywany w Vapme shisha Pro Max 20000 Puff?<\/strong><\/h5>\n<p><strong>Odpowied\u017a: <\/strong>To urz\u0105dzenie jest wyposa\u017cone w grza\u0142k\u0119 mesh coil 0,6 \u03a9, zaprojektowan\u0105 w celu poprawy zar\u00f3wno smaku, jak i produkcji pary, zapewniaj\u0105c p\u0142ynne i satysfakcjonuj\u0105ce wra\u017cenia z vapingu.<\/p>\n<h5><strong>5. Czy przeno\u015bny Mesh Coil Vape Europe Vapme shisha vape Pro Max 20k puff obs\u0142uguje vaping Direct-to-Lung (DTL)?<\/strong><\/h5>\n<p><strong>Odpowied\u017a: <\/strong>Tak, Vapme Shisha Pro Max 20k zosta\u0142 specjalnie zaprojektowany do stylu vapingu Direct-to-Lung (DTL), oferuj\u0105c intensywne smaki i wi\u0119ksze chmury pary.<\/p>\n<h5><strong>6. Jakie s\u0105 dost\u0119pne smaki i moce nikotyny dla Vapme shisha 20k Puffs Vapes?<\/strong><\/h5>\n<p><strong>Odpowied\u017a: <\/strong>Vapme Shisha Pro Max 20k jest dost\u0119pny w 24 r\u00f3\u017cnych smakach, od owocowych po mentolowe i bogate mieszanki. Oferuje moc nikotyny 2%, przeznaczon\u0105 dla waper\u00f3w poszukuj\u0105cych umiarkowanej zawarto\u015bci nikotyny.<\/p>\n<h5><strong>7. Sk\u0105d mam wiedzie\u0107, kiedy na\u0142adowa\u0107 m\u00f3j JNR SHISHA Vapme shisha Pro Max 20000 Puffs?<\/strong><\/h5>\n<p><strong>Odpowied\u017a:<\/strong> Je\u015bli zauwa\u017cysz spadek produkcji pary lub s\u0142abszy smak, mo\u017ce to by\u0107 czas na na\u0142adowanie. Po prostu pod\u0142\u0105cz urz\u0105dzenie za pomoc\u0105 kabla typu C, aby upewni\u0107 si\u0119, \u017ce jest gotowe do u\u017cycia.<\/p>\n<p><span style=\"color: #ff6600\">Uwaga: nie mo\u017cna \u0142adowa\u0107 przez ca\u0142\u0105 noc!<\/span><\/p>\n<p>&nbsp;<\/p>\n<h3><strong>Najlepszy jednorazowy d\u0142ugopis do waporyzacji bezpo\u015brednio do p\u0142uc Vapme shisha Pro Max 20000 Puffs \u2013 Specyfikacja produktu:<\/strong><\/h3>\n<ul>\n<li><strong>Pojemno\u015b\u0107 Puff<\/strong>: Ponad 20 000 zaci\u0105gni\u0119\u0107<\/li>\n<li><strong>Bateria<\/strong>: 850 mAh, wyposa\u017cony w port typu C do szybkiego i wygodnego \u0142adowania<\/li>\n<li><strong>Pojemno\u015b\u0107 e-liquidu<\/strong>: 28 ml soku do waporyzacji<\/li>\n<li><strong>Technologia grza\u0142ki<\/strong>: Cewka siatkowa 0,6 \u03a9 dla wzmocnionego smaku i produkcji pary<\/li>\n<li><strong>Moc nikotyny<\/strong>: 2%<\/li>\n<li><strong>Smaki<\/strong>: 24 dost\u0119pne opcje<\/li>\n<li><strong>Styl wapowania<\/strong>: Bezpo\u015brednio do p\u0142uc (DTL) dla intensywnego smaku i wi\u0119kszej produkcji chmur<\/li>\n<li><strong>Opakowanie<\/strong>: 160 sztuk w opakowaniu, o \u0142\u0105cznej wadze 19,2 kg na opakowanie<\/li>\n<\/ul>\n<h5>Bogaty smak Cewka siatkowa Vape dla mi\u0142o\u015bnik\u00f3w Vapme shisha 20k Puffs:<\/h5>\n<p>1. Guma balonowa jagodowa<br \/>\n2. Guawa z marakui kiwi<br \/>\n3. Niebieska lemoniada malinowa<br \/>\n4. Truskawkowe kiwi<br \/>\n5. Mieszane jagody<br \/>\n6. Truskawkowy arbuz<br \/>\n7. Grape Punch<br \/>\n8. Arbuzowy l\u00f3d<br \/>\n9. Brzoskwinia mango ananas<br \/>\n10. Truskawkowy l\u00f3d<br \/>\n11. Soczysta Brzoskwinia<br \/>\n12. Lady Killa<br \/>\n13. Cherry Berry<br \/>\n14. Jagoda malina<br \/>\n15. Love 66<br \/>\n16. Arbuzowy bull<br \/>\n17. Truskawka Winogrono<br \/>\n18. Cukierki truskawkowo-malinowe<br \/>\n19. Bia\u0142a Mamba<br \/>\n20. Arbuz Wi\u015bnia<br \/>\n21. Mro\u017cone Jab\u0142ko<br \/>\n22. Cytryna Mi\u0119ta<br \/>\n23. Czarna Porzeczka z Lodem<br \/>\n24. Shake Ananasowy<\/p>\n<p><span style=\"vertical-align: inherit\">Znajd\u017a wi\u0119cej produkt\u00f3w, kt\u00f3re mog\u0105 Ci si\u0119 spodoba\u0107:<\/span><em><a href=\"https:\/\/wa.me\/8618077105796\"><span style=\"vertical-align: inherit\">\u00a0Kup teraz<\/span><\/a><\/em><\/p>\n<p><span style=\"vertical-align: inherit\">Inne Puffs, kt\u00f3re mog\u0105 Ci si\u0119 spodoba\u0107:<\/span><a href=\"https:\/\/vapebulkp.com\/pl\/product\/fumot-tornado-25k-puffs-cheap-price-disposable-vape\/\"><span style=\"vertical-align: inherit\">RandM Fumot Tornado 25000 Zaci\u0105gni\u0119\u0107<\/span><\/a><\/p>\n<p><a href=\"https:\/\/vapebulkp.com\/pl\/product\/wholesale-randm-tornado-9000-puffs-germany\/\"><span style=\"vertical-align: inherit\">RandM Tornado 9000 zaci\u0105gni\u0119\u0107<\/span><\/a><\/p>\n<p><a href=\"https:\/\/vapebulkp.com\/pl\/product\/uwin-crystal-10k-puff-long-lasting-disposable-vape-for-europe\/\"><span style=\"vertical-align: inherit\">UWIN Crystal 10000 Zaci\u0105gni\u0119\u0107<\/span><\/a><\/p>\n<p><a href=\"https:\/\/vapebulkp.com\/pl\/product\/randm-fumot-tornado-30k-puffs-rechargeable-vapes-best-sale\/\"><span style=\"vertical-align: inherit\">Randm Vape 30k Zaci\u0105gni\u0119\u0107<\/span><\/a><\/p>\n<p><span style=\"vertical-align: inherit\">E-papieros o specjalnym kszta\u0142cie butelki:<\/span><a href=\"https:\/\/vapebulkp.com\/pl\/product\/bang-king-pro-30k-puffs-top-selling-vape-in-europe\/\"><span style=\"vertical-align: inherit\">Bang King Pro 30000 zaci\u0105gni\u0119\u0107<\/span><\/a><span style=\"vertical-align: inherit\">\/ <\/span><a href=\"https:\/\/vapebulkp.com\/pl\/product\/waspe-tornado-vape-30k-puffs-fihp-best-long-lasting-vape\/\"><span style=\"vertical-align: inherit\">WASPE Tornado 30000 zaci\u0105gni\u0119\u0107<\/span><\/a><span style=\"vertical-align: inherit\">\/<\/span><a href=\"https:\/\/vapebulkp.com\/pl\/product\/uzy-bang-digital-15000puffs-led-display-e-cigarettes\/\"><span style=\"vertical-align: inherit\">UZY Bang Digital Box 15000 Zaci\u0105gni\u0119\u0107<\/span><\/a><\/p>\n<h4>Szczeg\u00f3\u0142y wysy\u0142ki:<\/h4>\n<p><span style=\"color: #ff6600\">Czas produkcji: 5-10 dni roboczych<\/span><br \/>\n<span style=\"color: #ff6600\">Czas wysy\u0142ki: 8-14 dni roboczych<\/span><\/p>\n<p>Wszystkie produkty w naszym sklepie s\u0105 w 100% oryginalne i autentyczne, dlatego polityk\u0105 naszego sklepu jest dziesi\u0119ciokrotne odszkodowanie za podrobione towary. Do dostarczania towar\u00f3w u\u017cywamy kana\u0142\u00f3w logistycznych, takich jak UPS\/DHL\/FEDEX\/DPD.<\/p>\n<p>W przypadku paczek wysy\u0142anych do Polski dostawa trwa zwykle 10 dni roboczych. Wysy\u0142ka do kraj\u00f3w europejskich trwa zwykle od 12 do 15 dni roboczych. B\u0119dziemy aktualizowa\u0107 dla Ciebie informacje logistyczne w czasie rzeczywistym.<\/p>\n<p>Skontaktuj si\u0119 z nami, a zaoferujemy Ci Hazebar 12000 Puff i pomo\u017cemy rozwin\u0105\u0107 Tw\u00f3j biznes!<\/p>","protected":false},"excerpt":{"rendered":"<p>Vapme Shisha Pro Max 20k Puffs dla europejskich detalist\u00f3w<\/p>\n<p>Akumulator VAPME shisha Vape 20000 Puffs 850mAh<br \/>\n<img decoding=\"async\" class=\"alignnone wp-image-2151\" src=\"http:\/\/vapebulkp.com\/wp-content\/uploads\/2024\/04\/Mandy-WhatsApp-Randm.jpg\" alt=\"WhatsApp Mandy Randm\" width=\"238\" height=\"253\" srcset=\"https:\/\/vapebulkp.com\/wp-content\/uploads\/2024\/04\/Mandy-WhatsApp-Randm.jpg 916w, https:\/\/vapebulkp.com\/wp-content\/uploads\/2024\/04\/Mandy-WhatsApp-Randm-282x300.jpg 282w, https:\/\/vapebulkp.com\/wp-content\/uploads\/2024\/04\/Mandy-WhatsApp-Randm-768x817.jpg 768w, https:\/\/vapebulkp.com\/wp-content\/uploads\/2024\/04\/Mandy-WhatsApp-Randm-600x638.jpg 600w\" sizes=\"(max-width: 238px) 100vw, 238px\" \/><\/p>\n<p>Skontaktuj si\u0119 z WhatsApp Mandy, aby uzyska\u0107 cen\u0119 ze zni\u017ck\u0105<a href=\"https:\/\/wa.me\/8618077105796\">+8618077105796<\/a><\/p>\n<p><span style=\"color: #ff0000\">UWAGA: Ceny na naszej stronie internetowej nie zawieraj\u0105 koszt\u00f3w wysy\u0142ki<\/span><\/p>","protected":false},"featured_media":3045,"comment_status":"open","ping_status":"closed","template":"","meta":{"_uag_custom_page_level_css":"","_lmt_disableupdate":"no","_lmt_disable":"","site-sidebar-layout":"default","site-content-layout":"content-boxed-container","ast-site-content-layout":"normal-width-container","site-content-style":"boxed","site-sidebar-style":"unboxed","ast-global-header-display":"","ast-banner-title-visibility":"","ast-main-header-display":"","ast-hfb-above-header-display":"","ast-hfb-below-header-display":"","ast-hfb-mobile-header-display":"","site-post-title":"","ast-breadcrumbs-content":"","ast-featured-img":"","footer-sml-layout":"","theme-transparent-header-meta":"default","adv-header-id-meta":"","stick-header-meta":"","header-above-stick-meta":"","header-main-stick-meta":"","header-below-stick-meta":"","astra-migrate-meta-layouts":"set","_joinchat":[]},"product_cat":[162,153,155,33,59,100,34,158,157,154,152,58,84,156,63,32],"product_tag":[77,36,37,91,105,41,71,40],"class_list":["post-3047","product","type-product","status-publish","has-post-thumbnail","hentry","product_cat-20000-puffs-disposable-vape","product_cat-hot-disposable-vapes","product_cat-belgium-hot-disposable-vapes","product_cat-france-vape-hot-sale","product_cat-germany-hot-disposable-vape","product_cat-germany-wholesale-vape-shop","product_cat-netherlands-vape-good-sale","product_cat-norway-hot-disposable-vapes","product_cat-poland-hot-disposable-vapes","product_cat-portugal-hot-disposable-vapes","product_cat-spain-hot-disposable-vapes","product_cat-sweden-hot-disposable-vape","product_cat-sweden-wholesale-vape","product_cat-switzerland-hot-disposable-vapes","product_cat-top-sale-disposable-vape","product_cat-vape-hot-sale-this-week","product_tag-15000-puffs","product_tag-good-vape","product_tag-hot-sale-disposable-vape","product_tag-italy-hot-vape","product_tag-jnr","product_tag-poland-hot-vape","product_tag-randm","product_tag-sweden-hot-vape","desktop-align-left","tablet-align-left","mobile-align-left"],"yoast_head":"<!-- This site is optimized with the Yoast SEO plugin v21.1 - https:\/\/yoast.com\/wordpress\/plugins\/seo\/ -->\n<title>Vapme Shisha PRO Max 20k Type-C Rechargeable Vape - vapebulkp.com<\/title>\n<meta name=\"description\" content=\"Vapme Shisha Pro Max 20k Puffs is a high-capacity rechargeable vape pen with 28mL e-liquid, 24 flavors, and 2% nicotine. Featuring mesh coil and DTL design for rich clouds, it\u2019s perfect for European retailers and cloud-chasing enthusiasts.\" \/>\n<meta name=\"robots\" content=\"index, follow, max-snippet:-1, max-image-preview:large, max-video-preview:-1\" \/>\n<link rel=\"canonical\" href=\"https:\/\/vapebulkp.com\/pl\/product\/vapme-shisha-pro-max-20k-type-c-rechargeable-vape\/\" \/>\n<meta property=\"og:locale\" content=\"pl_PL\" \/>\n<meta property=\"og:type\" content=\"article\" \/>\n<meta property=\"og:title\" content=\"Vapme Shisha PRO Max 20k Type-C Rechargeable Vape - vapebulkp.com\" \/>\n<meta property=\"og:description\" content=\"Vapme Shisha Pro Max 20k Puffs is a high-capacity rechargeable vape pen with 28mL e-liquid, 24 flavors, and 2% nicotine. Featuring mesh coil and DTL design for rich clouds, it\u2019s perfect for European retailers and cloud-chasing enthusiasts.\" \/>\n<meta property=\"og:url\" content=\"https:\/\/vapebulkp.com\/pl\/product\/vapme-shisha-pro-max-20k-type-c-rechargeable-vape\/\" \/>\n<meta property=\"og:site_name\" content=\"vapebulkp.com\" \/>\n<meta property=\"article:modified_time\" content=\"2025-09-08T03:08:08+00:00\" \/>\n<meta property=\"og:image\" content=\"http:\/\/vapebulkp.com\/wp-content\/uploads\/2024\/10\/Vapme-Shisha-PRO-Max-20000-Puffs-Disposable-Vape-20k-Puffs-Vape.jpg\" \/>\n\t<meta property=\"og:image:width\" content=\"550\" \/>\n\t<meta property=\"og:image:height\" content=\"550\" \/>\n\t<meta property=\"og:image:type\" content=\"image\/jpeg\" \/>\n<meta name=\"twitter:card\" content=\"summary_large_image\" \/>\n<meta name=\"twitter:label1\" content=\"Szacowany czas czytania\" \/>\n\t<meta name=\"twitter:data1\" content=\"4 minuty\" \/>\n<script type=\"application\/ld+json\" class=\"yoast-schema-graph\">{\"@context\":\"https:\/\/schema.org\",\"@graph\":[{\"@type\":\"WebPage\",\"@id\":\"https:\/\/vapebulkp.com\/product\/vapme-shisha-pro-max-20k-type-c-rechargeable-vape\/\",\"url\":\"https:\/\/vapebulkp.com\/product\/vapme-shisha-pro-max-20k-type-c-rechargeable-vape\/\",\"name\":\"Vapme Shisha PRO Max 20k Type-C Rechargeable Vape - vapebulkp.com\",\"isPartOf\":{\"@id\":\"https:\/\/vapebulkp.com\/#website\"},\"datePublished\":\"2024-10-23T07:54:46+00:00\",\"dateModified\":\"2025-09-08T03:08:08+00:00\",\"description\":\"Vapme Shisha Pro Max 20k Puffs is a high-capacity rechargeable vape pen with 28mL e-liquid, 24 flavors, and 2% nicotine. Featuring mesh coil and DTL design for rich clouds, it\u2019s perfect for European retailers and cloud-chasing enthusiasts.\",\"breadcrumb\":{\"@id\":\"https:\/\/vapebulkp.com\/product\/vapme-shisha-pro-max-20k-type-c-rechargeable-vape\/#breadcrumb\"},\"inLanguage\":\"pl-PL\",\"potentialAction\":[{\"@type\":\"ReadAction\",\"target\":[\"https:\/\/vapebulkp.com\/product\/vapme-shisha-pro-max-20k-type-c-rechargeable-vape\/\"]}]},{\"@type\":\"BreadcrumbList\",\"@id\":\"https:\/\/vapebulkp.com\/product\/vapme-shisha-pro-max-20k-type-c-rechargeable-vape\/#breadcrumb\",\"itemListElement\":[{\"@type\":\"ListItem\",\"position\":1,\"name\":\"Home\",\"item\":\"https:\/\/vapebulkp.com\/\"},{\"@type\":\"ListItem\",\"position\":2,\"name\":\"Hot Trend Vapes\",\"item\":\"https:\/\/vapebulkp.com\/vape-shop\/\"},{\"@type\":\"ListItem\",\"position\":3,\"name\":\"Vapme Shisha PRO Max 20k Type-C Rechargeable Vape\"}]},{\"@type\":\"WebSite\",\"@id\":\"https:\/\/vapebulkp.com\/#website\",\"url\":\"https:\/\/vapebulkp.com\/\",\"name\":\"vapebulkp.com\",\"description\":\"Buy Vape In Cheap Bulk Price Near you\",\"publisher\":{\"@id\":\"https:\/\/vapebulkp.com\/#organization\"},\"potentialAction\":[{\"@type\":\"SearchAction\",\"target\":{\"@type\":\"EntryPoint\",\"urlTemplate\":\"https:\/\/vapebulkp.com\/?s={search_term_string}\"},\"query-input\":\"required name=search_term_string\"}],\"inLanguage\":\"pl-PL\"},{\"@type\":\"Organization\",\"@id\":\"https:\/\/vapebulkp.com\/#organization\",\"name\":\"vapebulkp.com\",\"url\":\"https:\/\/vapebulkp.com\/\",\"logo\":{\"@type\":\"ImageObject\",\"inLanguage\":\"pl-PL\",\"@id\":\"https:\/\/vapebulkp.com\/#\/schema\/logo\/image\/\",\"url\":\"https:\/\/vapebulkp.com\/wp-content\/uploads\/2023\/09\/cropped-vapebulkp.png\",\"contentUrl\":\"https:\/\/vapebulkp.com\/wp-content\/uploads\/2023\/09\/cropped-vapebulkp.png\",\"width\":516,\"height\":163,\"caption\":\"vapebulkp.com\"},\"image\":{\"@id\":\"https:\/\/vapebulkp.com\/#\/schema\/logo\/image\/\"}}]}<\/script>\n<!-- \/ Yoast SEO plugin. -->","yoast_head_json":{"title":"Vapme Shisha PRO Max 20k Type-C Rechargeable Vape - vapebulkp.com","description":"Vapme Shisha Pro Max 20k Puffs is a high-capacity rechargeable vape pen with 28mL e-liquid, 24 flavors, and 2% nicotine. Featuring mesh coil and DTL design for rich clouds, it\u2019s perfect for European retailers and cloud-chasing enthusiasts.","robots":{"index":"index","follow":"follow","max-snippet":"max-snippet:-1","max-image-preview":"max-image-preview:large","max-video-preview":"max-video-preview:-1"},"canonical":"https:\/\/vapebulkp.com\/pl\/product\/vapme-shisha-pro-max-20k-type-c-rechargeable-vape\/","og_locale":"pl_PL","og_type":"article","og_title":"Vapme Shisha PRO Max 20k Type-C Rechargeable Vape - vapebulkp.com","og_description":"Vapme Shisha Pro Max 20k Puffs is a high-capacity rechargeable vape pen with 28mL e-liquid, 24 flavors, and 2% nicotine. Featuring mesh coil and DTL design for rich clouds, it\u2019s perfect for European retailers and cloud-chasing enthusiasts.","og_url":"https:\/\/vapebulkp.com\/pl\/product\/vapme-shisha-pro-max-20k-type-c-rechargeable-vape\/","og_site_name":"vapebulkp.com","article_modified_time":"2025-09-08T03:08:08+00:00","og_image":[{"width":550,"height":550,"url":"http:\/\/vapebulkp.com\/wp-content\/uploads\/2024\/10\/Vapme-Shisha-PRO-Max-20000-Puffs-Disposable-Vape-20k-Puffs-Vape.jpg","type":"image\/jpeg"}],"twitter_card":"summary_large_image","twitter_misc":{"Szacowany czas czytania":"4 minuty"},"schema":{"@context":"https:\/\/schema.org","@graph":[{"@type":"WebPage","@id":"https:\/\/vapebulkp.com\/product\/vapme-shisha-pro-max-20k-type-c-rechargeable-vape\/","url":"https:\/\/vapebulkp.com\/product\/vapme-shisha-pro-max-20k-type-c-rechargeable-vape\/","name":"Vapme Shisha PRO Max 20k Type-C Rechargeable Vape - vapebulkp.com","isPartOf":{"@id":"https:\/\/vapebulkp.com\/#website"},"datePublished":"2024-10-23T07:54:46+00:00","dateModified":"2025-09-08T03:08:08+00:00","description":"Vapme Shisha Pro Max 20k Puffs is a high-capacity rechargeable vape pen with 28mL e-liquid, 24 flavors, and 2% nicotine. Featuring mesh coil and DTL design for rich clouds, it\u2019s perfect for European retailers and cloud-chasing enthusiasts.","breadcrumb":{"@id":"https:\/\/vapebulkp.com\/product\/vapme-shisha-pro-max-20k-type-c-rechargeable-vape\/#breadcrumb"},"inLanguage":"pl-PL","potentialAction":[{"@type":"ReadAction","target":["https:\/\/vapebulkp.com\/product\/vapme-shisha-pro-max-20k-type-c-rechargeable-vape\/"]}]},{"@type":"BreadcrumbList","@id":"https:\/\/vapebulkp.com\/product\/vapme-shisha-pro-max-20k-type-c-rechargeable-vape\/#breadcrumb","itemListElement":[{"@type":"ListItem","position":1,"name":"Home","item":"https:\/\/vapebulkp.com\/"},{"@type":"ListItem","position":2,"name":"Hot Trend Vapes","item":"https:\/\/vapebulkp.com\/vape-shop\/"},{"@type":"ListItem","position":3,"name":"Vapme Shisha PRO Max 20k Type-C Rechargeable Vape"}]},{"@type":"WebSite","@id":"https:\/\/vapebulkp.com\/#website","url":"https:\/\/vapebulkp.com\/","name":"vapebulkp.com","description":"Buy Vape In Cheap Bulk Price Near you","publisher":{"@id":"https:\/\/vapebulkp.com\/#organization"},"potentialAction":[{"@type":"SearchAction","target":{"@type":"EntryPoint","urlTemplate":"https:\/\/vapebulkp.com\/?s={search_term_string}"},"query-input":"required name=search_term_string"}],"inLanguage":"pl-PL"},{"@type":"Organization","@id":"https:\/\/vapebulkp.com\/#organization","name":"vapebulkp.com","url":"https:\/\/vapebulkp.com\/","logo":{"@type":"ImageObject","inLanguage":"pl-PL","@id":"https:\/\/vapebulkp.com\/#\/schema\/logo\/image\/","url":"https:\/\/vapebulkp.com\/wp-content\/uploads\/2023\/09\/cropped-vapebulkp.png","contentUrl":"https:\/\/vapebulkp.com\/wp-content\/uploads\/2023\/09\/cropped-vapebulkp.png","width":516,"height":163,"caption":"vapebulkp.com"},"image":{"@id":"https:\/\/vapebulkp.com\/#\/schema\/logo\/image\/"}}]}},"uagb_featured_image_src":{"full":["https:\/\/vapebulkp.com\/wp-content\/uploads\/2024\/10\/Vapme-Shisha-PRO-Max-20000-Puffs-Disposable-Vape-20k-Puffs-Vape.jpg",550,550,false],"thumbnail":["https:\/\/vapebulkp.com\/wp-content\/uploads\/2024\/10\/Vapme-Shisha-PRO-Max-20000-Puffs-Disposable-Vape-20k-Puffs-Vape-150x150.jpg",150,150,true],"medium":["https:\/\/vapebulkp.com\/wp-content\/uploads\/2024\/10\/Vapme-Shisha-PRO-Max-20000-Puffs-Disposable-Vape-20k-Puffs-Vape-300x300.jpg",300,300,true],"medium_large":["https:\/\/vapebulkp.com\/wp-content\/uploads\/2024\/10\/Vapme-Shisha-PRO-Max-20000-Puffs-Disposable-Vape-20k-Puffs-Vape.jpg",550,550,false],"large":["https:\/\/vapebulkp.com\/wp-content\/uploads\/2024\/10\/Vapme-Shisha-PRO-Max-20000-Puffs-Disposable-Vape-20k-Puffs-Vape.jpg",550,550,false],"1536x1536":["https:\/\/vapebulkp.com\/wp-content\/uploads\/2024\/10\/Vapme-Shisha-PRO-Max-20000-Puffs-Disposable-Vape-20k-Puffs-Vape.jpg",550,550,false],"2048x2048":["https:\/\/vapebulkp.com\/wp-content\/uploads\/2024\/10\/Vapme-Shisha-PRO-Max-20000-Puffs-Disposable-Vape-20k-Puffs-Vape.jpg",550,550,false],"trp-custom-language-flag":["https:\/\/vapebulkp.com\/wp-content\/uploads\/2024\/10\/Vapme-Shisha-PRO-Max-20000-Puffs-Disposable-Vape-20k-Puffs-Vape.jpg",12,12,false],"woocommerce_thumbnail":["https:\/\/vapebulkp.com\/wp-content\/uploads\/2024\/10\/Vapme-Shisha-PRO-Max-20000-Puffs-Disposable-Vape-20k-Puffs-Vape-300x300.jpg",300,300,true],"woocommerce_single":["https:\/\/vapebulkp.com\/wp-content\/uploads\/2024\/10\/Vapme-Shisha-PRO-Max-20000-Puffs-Disposable-Vape-20k-Puffs-Vape.jpg",550,550,false],"woocommerce_gallery_thumbnail":["https:\/\/vapebulkp.com\/wp-content\/uploads\/2024\/10\/Vapme-Shisha-PRO-Max-20000-Puffs-Disposable-Vape-20k-Puffs-Vape-100x100.jpg",100,100,true],"wcpr-photo-reviews":["https:\/\/vapebulkp.com\/wp-content\/uploads\/2024\/10\/Vapme-Shisha-PRO-Max-20000-Puffs-Disposable-Vape-20k-Puffs-Vape.jpg",500,500,false]},"uagb_author_info":{"display_name":"Mandy vape bulk price","author_link":"https:\/\/vapebulkp.com\/pl\/author\/"},"uagb_comment_info":0,"uagb_excerpt":"Vapme Shisha Pro Max 20k Puffs for European Retailers 850mAh Rechargeable VAPME shisha Vape 20000 Puffs Pls Contact Mandy's WhatsApp For Discount Price+8618077105796 NOTE: Prices on our website does not include shipping costs","_links":{"self":[{"href":"https:\/\/vapebulkp.com\/pl\/wp-json\/wp\/v2\/product\/3047","targetHints":{"allow":["GET"]}}],"collection":[{"href":"https:\/\/vapebulkp.com\/pl\/wp-json\/wp\/v2\/product"}],"about":[{"href":"https:\/\/vapebulkp.com\/pl\/wp-json\/wp\/v2\/types\/product"}],"replies":[{"embeddable":true,"href":"https:\/\/vapebulkp.com\/pl\/wp-json\/wp\/v2\/comments?post=3047"}],"wp:featuredmedia":[{"embeddable":true,"href":"https:\/\/vapebulkp.com\/pl\/wp-json\/wp\/v2\/media\/3045"}],"wp:attachment":[{"href":"https:\/\/vapebulkp.com\/pl\/wp-json\/wp\/v2\/media?parent=3047"}],"wp:term":[{"taxonomy":"product_cat","embeddable":true,"href":"https:\/\/vapebulkp.com\/pl\/wp-json\/wp\/v2\/product_cat?post=3047"},{"taxonomy":"product_tag","embeddable":true,"href":"https:\/\/vapebulkp.com\/pl\/wp-json\/wp\/v2\/product_tag?post=3047"}],"curies":[{"name":"wp","href":"https:\/\/api.w.org\/{rel}","templated":true}]}}