{"id":3084,"date":"2024-10-29T09:45:41","date_gmt":"2024-10-29T08:45:41","guid":{"rendered":"https:\/\/vapebulkp.com\/?post_type=product&#038;p=3084"},"modified":"2025-09-24T05:13:38","modified_gmt":"2025-09-24T03:13:38","slug":"bang-vape-36k-puffs-adjustable-ice-premium-disposable-vape","status":"publish","type":"product","link":"https:\/\/vapebulkp.com\/pl\/product\/bang-vape-36k-puffs-adjustable-ice-premium-disposable-vape\/","title":{"rendered":"Bang Vape 36K zaci\u0105gni\u0119\u0107, regulowany l\u00f3d, premium, jednorazowa e-papieros"},"content":{"rendered":"<h2 style=\"text-align: left\">Bang Vape 36K zaci\u0105gni\u0119\u0107, regulowany l\u00f3d, premium, jednorazowa e-papieros<\/h2>\n<div class=\"flex max-w-full flex-col flex-grow\">\n<div class=\"min-h-8 text-message flex w-full flex-col items-end gap-2 whitespace-normal break-words [.text-message+&amp;]:mt-5\" dir=\"auto\" data-message-author-role=\"assistant\" data-message-id=\"804b3ea8-e167-4bec-b4d0-906786e28244\" data-message-model-slug=\"gpt-4o-mini\">\n<div class=\"flex w-full flex-col gap-1 empty:hidden first:pt-[3px]\">\n<div class=\"markdown prose w-full break-words dark:prose-invert light\">\n<p data-start=\"150\" data-end=\"411\">To <strong data-start=\"154\" data-end=\"192\">Bang Vape 36K Puffs Regulowany L\u00f3d<\/strong> to urz\u0105dzenie o du\u017cej pojemno\u015bci <strong data-start=\"212\" data-end=\"239\">jednorazowy vape premium<\/strong> zaprojektowany z my\u015bl\u0105 o d\u0142ugotrwa\u0142ej wydajno\u015bci i doskona\u0142ym smaku. Z pojemno\u015bci\u0105 do 36 000 zaci\u0105gni\u0119\u0107, technologia podw\u00f3jnej siatki mesh coil zapewnia g\u0142adk\u0105 par\u0119 i sp\u00f3jny smak z ka\u017cdym zaci\u0105gni\u0119ciem.<\/p>\n<p data-start=\"413\" data-end=\"677\">Wyposa\u017cony w akumulator o pojemno\u015bci 850 mAh i szybkie \u0142adowanie Type-C, ten <strong data-start=\"489\" data-end=\"521\">\u0142adowalnym e-papierosie jednorazowym<\/strong> zapewnia nieprzerwane sesje wapowania. Podw\u00f3jne zbiorniki na e-liquid (30 ml + 10 ml) pozwalaj\u0105 na mocne lub subtelne opcje smakowe, idealne dla u\u017cytkownik\u00f3w, kt\u00f3rzy ceni\u0105 sobie r\u00f3\u017cnorodno\u015b\u0107.<\/p>\n<p data-start=\"679\" data-end=\"976\">Technologia regulowanego lodu pozwala kontrolowa\u0107 poziom ch\u0142odzenia dla orze\u017awiaj\u0105cego wdechu, a regulacja nacisku na odcisk palca zapewnia bezpieczny, spersonalizowany chwyt. Wybierz z szerokiej gamy popularnych smak\u00f3w, w tym truskawka kiwi i innych wysokiej jako\u015bci mieszanek, aby cieszy\u0107 si\u0119 satysfakcj\u0105 przez wiele tygodni.<\/p>\n<p data-start=\"978\" data-end=\"1130\">Kompaktowy, stylowy i wydajny, <strong data-start=\"1022\" data-end=\"1045\">Bang Vape <a href=\"https:\/\/vapebulkp.com\/pl\/product-category\/36000-puff-disposable-vape\/\">jednorazowy vape 36000 Puffs<\/a><\/strong>\u00a0jest idealny do codziennego u\u017cytku, spotka\u0144 towarzyskich i dystrybucji hurtowej na terenie ca\u0142ej Polski.<\/p>\n<\/div>\n<\/div>\n<\/div>\n<\/div>\n<div class=\"mb-2 flex gap-3 empty:hidden -ml-2\">\n<div class=\"items-center justify-start rounded-xl p-1 flex\">\n<div class=\"flex items-center\">\n<div class=\"flex items-center pb-0\"><\/div>\n<\/div>\n<\/div>\n<\/div>\n<p><img decoding=\"async\" class=\"alignnone size-full wp-image-3081\" src=\"http:\/\/vapebulkp.com\/wp-content\/uploads\/2024\/10\/Bang-Vape-36k-Adjustable-Ice-Disposable-Electronic-Cigarette.png\" alt=\"Bang Vape 36k Regulowany jednorazowy e-papieros z lodem\" width=\"367\" height=\"593\" srcset=\"https:\/\/vapebulkp.com\/wp-content\/uploads\/2024\/10\/Bang-Vape-36k-Adjustable-Ice-Disposable-Electronic-Cigarette.png 367w, https:\/\/vapebulkp.com\/wp-content\/uploads\/2024\/10\/Bang-Vape-36k-Adjustable-Ice-Disposable-Electronic-Cigarette-186x300.png 186w\" sizes=\"(max-width: 367px) 100vw, 367px\" \/><\/p>\n<h6>Skontaktuj si\u0119 z WhatsApp Mandy, aby uzyska\u0107 cen\u0119 ze zni\u017ck\u0105<a href=\"https:\/\/wa.me\/8618077105796\">+8618077105796<\/a><\/h6>\n<p><img decoding=\"async\" class=\"alignnone wp-image-2151\" src=\"http:\/\/vapebulkp.com\/wp-content\/uploads\/2024\/04\/Mandy-WhatsApp-Randm.jpg\" alt=\"WhatsApp Mandy Randm\" width=\"261\" height=\"277\" srcset=\"https:\/\/vapebulkp.com\/wp-content\/uploads\/2024\/04\/Mandy-WhatsApp-Randm.jpg 916w, https:\/\/vapebulkp.com\/wp-content\/uploads\/2024\/04\/Mandy-WhatsApp-Randm-282x300.jpg 282w, https:\/\/vapebulkp.com\/wp-content\/uploads\/2024\/04\/Mandy-WhatsApp-Randm-768x817.jpg 768w, https:\/\/vapebulkp.com\/wp-content\/uploads\/2024\/04\/Mandy-WhatsApp-Randm-600x638.jpg 600w\" sizes=\"(max-width: 261px) 100vw, 261px\" \/><\/p>\n<h2>My\u015bleli\u015bmy, \u017ce mo\u017cesz chcie\u0107 wiedzie\u0107 o jednorazowych vape'ach Bang Vape 36K Puffs z regulowanym lodem:<\/h2>\n<ol>\n<li><strong>P: Co wyr\u00f3\u017cnia jednorazowy e-papieros Bang Vape 36k Puffs spo\u015br\u00f3d innych vape'\u00f3w o du\u017cej pojemno\u015bci?<\/strong><br \/>\n<strong>A:<\/strong> Model Bang Vape 36k Puffs zosta\u0142 zaprojektowany z technologi\u0105 regulowanego lodu, co pozwala u\u017cytkownikom dostosowa\u0107 ch\u0142odzenie. Ta funkcja premium, w po\u0142\u0105czeniu z 36 000 zaci\u0105gni\u0119\u0107, zapewnia niezr\u00f3wnan\u0105 sp\u00f3jno\u015b\u0107 smaku i satysfakcj\u0119 z wapowania.<\/li>\n<li><strong>P: Czy jednorazowy e-papieros Bang 36k z regulowanym lodem nadaje si\u0119 do d\u0142ugotrwa\u0142ego u\u017cytkowania?<\/strong><br \/>\n<strong>A:<\/strong> Absolutnie. Dzi\u0119ki imponuj\u0105cym 36 000 zaci\u0105gni\u0119\u0107 i innowacyjnemu mechanizmowi regulowanego lodu, Bang Vape 36k zosta\u0142 zaprojektowany, aby dzia\u0142a\u0107 d\u0142u\u017cej, jednocze\u015bnie utrzymuj\u0105c \u015bwie\u017cy i orze\u017awiaj\u0105cy profil smakowy przez ca\u0142\u0105 sesj\u0119.<\/li>\n<li><strong>P: W jaki spos\u00f3b funkcja regulowanego lodu poprawia do\u015bwiadczenie z jednorazowym vape'em Bang Energy 36k?<\/strong><br \/>\n<strong>A:<\/strong> Funkcja regulowanego lodu pozwala dostosowa\u0107 intensywno\u015b\u0107 ch\u0142odzenia ka\u017cdego zaci\u0105gni\u0119cia, oferuj\u0105c bardziej spersonalizowane i zaawansowane do\u015bwiadczenie z wapowaniem. Ta wysokiej klasy funkcja personalizacji jest idealna dla u\u017cytkownik\u00f3w poszukuj\u0105cych wyrafinowanej kontroli nad dynamik\u0105 smaku swojego vape'a.<\/li>\n<li><strong>P: Jaki typ wapera odniesie najwi\u0119ksze korzy\u015bci z modelu Bang Vape 36k Puffs z regulowanym lodem?<\/strong><br \/>\n<strong>A:<\/strong> Waperzy, kt\u00f3rzy stawiaj\u0105 na wyd\u0142u\u017con\u0105 wydajno\u015b\u0107, najwy\u017csz\u0105 jako\u015b\u0107 smaku i spersonalizowane efekty ch\u0142odzenia, doceni\u0105 model Bang Vape 36k z regulowanym lodem. Jego konstrukcja o du\u017cej pojemno\u015bci i innowacje zorientowane na u\u017cytkownika s\u0105 przeznaczone zar\u00f3wno dla pocz\u0105tkuj\u0105cych, jak i do\u015bwiadczonych waper\u00f3w.<\/li>\n<li><strong>P: Czy jednorazowy e-papieros Bang Vape 36k Puffs to niezawodna opcja do wapowania w podr\u00f3\u017cy?<\/strong><br \/>\n<strong>A:<\/strong> Tak, Bang Vape 36k to idealny wyb\u00f3r dla entuzjast\u00f3w wapowania w podr\u00f3\u017cy. Dzi\u0119ki du\u017cej pojemno\u015bci i przeno\u015bnej konstrukcji zapewnia wygod\u0119 bez kompromis\u00f3w w zakresie funkcji premium, takich jak regulacja lodu, co gwarantuje, \u017ce ka\u017cda sesja wapowania b\u0119dzie dostosowana do Twoich preferencji.<\/li>\n<\/ol>\n<p>&nbsp;<\/p>\n<h3>Gor\u0105ca wyprzeda\u017c 2024 BangVape 36000 Puffs Vape o du\u017cej pojemno\u015bci Funkcje:<\/h3>\n<ul>\n<li><strong>Liczba zaci\u0105gni\u0119\u0107<\/strong>: 36 000 zaci\u0105gni\u0119\u0107<\/li>\n<li><strong>Pojemno\u015b\u0107 baterii<\/strong>: 850mAh<\/li>\n<li><strong>Port \u0142adowania<\/strong>: Typ-C<\/li>\n<li><strong>Pojemno\u015b\u0107 e-liquidu<\/strong>: Podw\u00f3jne zbiorniki (30ml dla zbiornika L-Oil i 10ml dla zbiornika R-Oil)<\/li>\n<li><strong>Technologia grza\u0142ki<\/strong>: Podw\u00f3jna siatka<\/li>\n<li><strong>Regulacja lodu<\/strong>: Funkcja dostosowania lodu<\/li>\n<li><strong>Regulacja ci\u015bnienia odciskiem palca<\/strong>: W zestawie do spersonalizowanych ustawie\u0144<\/li>\n<li><strong>Wy\u015bwietlane smaki<\/strong>: 12 SMAK\u00d3W<\/li>\n<\/ul>\n<p>&nbsp;<\/p>\n<h3><strong>Najwy\u017cej oceniane marki jednorazowych waporyzator\u00f3w\u00a0<\/strong><strong>Smaki Bang Vape 36k Puffs:<\/strong><\/h3>\n<p>1. ARBUZ Z LODEM<br \/>\n2. TRUSKAWKA KIWI<br \/>\n3. TRUSKAWKA MANGO<br \/>\n4. Red Bull<br \/>\n5.POTR\u00d3JNE OWOCE LE\u015aNE<br \/>\n6.TRUSKAWKA ARBUZ<br \/>\n7.TRUSKAWKA Z LODEM<br \/>\n8.JAGODA Z LODEM<br \/>\n9.JAGODA MALINA<br \/>\n10.TRUSKAWKOWY BANAN<br \/>\n11.LOVE66<br \/>\n12.ANANAS KOKOS<\/p>\n<p><a href=\"https:\/\/vapebulkp.com\/pl\/product\/popular-randm-tornado-7000puffs-disposable-vape-best-price\/\"><span style=\"vertical-align: inherit\">RandM Tornado 7000 zaci\u0105gni\u0119\u0107 <\/span><\/a><\/p>\n<p><span style=\"vertical-align: inherit\">Znajd\u017a wi\u0119cej produkt\u00f3w, kt\u00f3re mog\u0105 Ci si\u0119 spodoba\u0107:<\/span><em><a href=\"https:\/\/wa.me\/8618077105796\"><span style=\"vertical-align: inherit\">\u00a0Kup teraz<\/span><\/a><\/em><\/p>\n<p><span style=\"vertical-align: inherit\">Inne Puffs, kt\u00f3re mog\u0105 Ci si\u0119 spodoba\u0107:<\/span><a href=\"https:\/\/vapebulkp.com\/pl\/product\/hot-selling-brand-vape-mesii-visual-16000puffs-wholesale-price\/\"><span style=\"vertical-align: inherit\">MESII VISUAL 16000 Zaci\u0105gni\u0119\u0107<\/span><\/a><span style=\"vertical-align: inherit\">\u3001<\/span><a href=\"https:\/\/vapebulkp.com\/pl\/product\/wholesale-randm-tornado-9000-puffs-germany\/\"><span style=\"vertical-align: inherit\">RandM 9000 zaci\u0105gni\u0119\u0107<\/span><\/a><span style=\"vertical-align: inherit\">\/ <\/span><a href=\"https:\/\/vapebulkp.com\/pl\/product\/aivono-aim-boom-25000-puff-hot-sale-disposable-vape-razz-bar\/\"><span style=\"vertical-align: inherit\">AIVONO AIM BOOM 25K Zaci\u0105gni\u0119\u0107<\/span><\/a><span style=\"vertical-align: inherit\">\/ <\/span><a href=\"https:\/\/vapebulkp.com\/pl\/product\/waspe-tornado-vape-30k-puffs-fihp-best-long-lasting-vape\/\"><span style=\"vertical-align: inherit\">WASPE Tornado 30k zaci\u0105gni\u0119\u0107<\/span><\/a><\/p>\n<p><span style=\"vertical-align: inherit\">E-papieros o specjalnym kszta\u0142cie butelki:<\/span><a href=\"https:\/\/vapebulkp.com\/pl\/product\/bang-vape-36k-puffs-lcd-screen-fingerprint-recognition-disposable-vape\/\"><span style=\"vertical-align: inherit\"> Bang vape 36000 zaci\u0105gni\u0119\u0107<\/span><\/a><span style=\"vertical-align: inherit\">\/ <\/span><a href=\"https:\/\/vapebulkp.com\/pl\/product\/best-price-wga-crystal-pro-max-15k-puffs-original-vape\/\"><span style=\"vertical-align: inherit\">\u00a0WGA Crystal Pro Max 15000 zaci\u0105gni\u0119\u0107 <\/span><\/a><span style=\"vertical-align: inherit\">\/<\/span><a href=\"https:\/\/vapebulkp.com\/pl\/product\/poco-bl-10000-puffs-hot-selling-high-puff-type-c-disposable-vape\/\"><span style=\"vertical-align: inherit\"> POCO BL 10000 Zaci\u0105gni\u0119\u0107<\/span><\/a><\/p>\n<h5>Najcz\u0119\u015bciej zadawane pytania:<\/h5>\n<p>P: Jakie jest MOQ dla jednorazowego e-papierosa Bang Bars 36000 zaci\u0105gni\u0119\u0107?<br \/>\nO: Minimalne zam\u00f3wienie to 100 sztuk.<br \/>\nP: Jaki jest czas dostawy zam\u00f3wionych vape Fume?<br \/>\nO: Zwykle trwa to 10-15 dni od wysy\u0142ki<br \/>\nP: Ile wynosi koszt wysy\u0142ki? O: Koszt wysy\u0142ki zale\u017cy od wagi. R\u00f3\u017cne ilo\u015bci maj\u0105 r\u00f3\u017cne koszty wysy\u0142ki, prosimy o kontakt w celu potwierdzenia kosztu wysy\u0142ki.<\/p>\n<h4>Szczeg\u00f3\u0142y wysy\u0142ki:<\/h4>\n<p><span style=\"color: #ff6600\">Czas produkcji: 5-10 dni roboczych<\/span><br \/>\n<span style=\"color: #ff6600\">Czas wysy\u0142ki: 8-14 dni roboczych<\/span><\/p>\n<p>Wszystkie produkty w naszym sklepie s\u0105 w 100% oryginalne i autentyczne, dlatego polityk\u0105 naszego sklepu jest dziesi\u0119ciokrotne odszkodowanie za podrobione towary. Do dostarczania towar\u00f3w u\u017cywamy kana\u0142\u00f3w logistycznych, takich jak UPS\/DHL\/FEDEX\/DPD.<\/p>\n<p>W przypadku paczek wysy\u0142anych do Polski dostawa trwa zwykle 10 dni roboczych. Wysy\u0142ka do kraj\u00f3w europejskich trwa zwykle od 12 do 15 dni roboczych. B\u0119dziemy aktualizowa\u0107 dla Ciebie informacje logistyczne w czasie rzeczywistym.<\/p>","protected":false},"excerpt":{"rendered":"<p>Jednorazowy e-papieros Bang Vape 36K Puffs z regulowanym lodem - wysokiej klasy rozwi\u0105zanie dla d\u0142ugotrwa\u0142ego do\u015bwiadczenia z wapowaniem<\/p>\n<p><img decoding=\"async\" class=\"alignnone wp-image-2151\" src=\"http:\/\/vapebulkp.com\/wp-content\/uploads\/2024\/04\/Mandy-WhatsApp-Randm.jpg\" alt=\"WhatsApp Mandy Randm\" width=\"281\" height=\"299\" srcset=\"https:\/\/vapebulkp.com\/wp-content\/uploads\/2024\/04\/Mandy-WhatsApp-Randm.jpg 916w, https:\/\/vapebulkp.com\/wp-content\/uploads\/2024\/04\/Mandy-WhatsApp-Randm-282x300.jpg 282w, https:\/\/vapebulkp.com\/wp-content\/uploads\/2024\/04\/Mandy-WhatsApp-Randm-768x817.jpg 768w, https:\/\/vapebulkp.com\/wp-content\/uploads\/2024\/04\/Mandy-WhatsApp-Randm-600x638.jpg 600w\" sizes=\"(max-width: 281px) 100vw, 281px\" \/><\/p>\n<p>Skontaktuj si\u0119 z WhatsApp Mandy, aby uzyska\u0107 cen\u0119 ze zni\u017ck\u0105<a href=\"https:\/\/wa.me\/8618077105796\">+8618077105796<\/a><\/p>\n<p><span style=\"color: #ff0000\">UWAGA: Ceny na naszej stronie internetowej nie zawieraj\u0105 koszt\u00f3w wysy\u0142ki<\/span><\/p>\n<p>&nbsp;<\/p>","protected":false},"featured_media":3082,"comment_status":"open","ping_status":"closed","template":"","meta":{"_uag_custom_page_level_css":"","_lmt_disableupdate":"no","_lmt_disable":"","site-sidebar-layout":"default","site-content-layout":"content-boxed-container","ast-site-content-layout":"normal-width-container","site-content-style":"boxed","site-sidebar-style":"unboxed","ast-global-header-display":"","ast-banner-title-visibility":"","ast-main-header-display":"","ast-hfb-above-header-display":"","ast-hfb-below-header-display":"","ast-hfb-mobile-header-display":"","site-post-title":"","ast-breadcrumbs-content":"","ast-featured-img":"","footer-sml-layout":"","theme-transparent-header-meta":"default","adv-header-id-meta":"","stick-header-meta":"","header-above-stick-meta":"","header-main-stick-meta":"","header-below-stick-meta":"","astra-migrate-meta-layouts":"set","_joinchat":[]},"product_cat":[159,153,345,155,33,59,100,87,34,158,157,154,152,58,84,156,63,32],"product_tag":[130,93,36,37,91,41,40],"class_list":["post-3084","product","type-product","status-publish","has-post-thumbnail","hentry","product_cat-36000-puff-disposable-vape","product_cat-hot-disposable-vapes","product_cat-bang-vapes","product_cat-belgium-hot-disposable-vapes","product_cat-france-vape-hot-sale","product_cat-germany-hot-disposable-vape","product_cat-germany-wholesale-vape-shop","product_cat-minimum-order-quantity-50pcs","product_cat-netherlands-vape-good-sale","product_cat-norway-hot-disposable-vapes","product_cat-poland-hot-disposable-vapes","product_cat-portugal-hot-disposable-vapes","product_cat-spain-hot-disposable-vapes","product_cat-sweden-hot-disposable-vape","product_cat-sweden-wholesale-vape","product_cat-switzerland-hot-disposable-vapes","product_cat-top-sale-disposable-vape","product_cat-vape-hot-sale-this-week","product_tag-36000puffs","product_tag-bang-vape","product_tag-good-vape","product_tag-hot-sale-disposable-vape","product_tag-italy-hot-vape","product_tag-poland-hot-vape","product_tag-sweden-hot-vape","pa_brand-bang-king-vape","desktop-align-left","tablet-align-left","mobile-align-left"],"yoast_head":"<!-- This site is optimized with the Yoast SEO plugin v21.1 - https:\/\/yoast.com\/wordpress\/plugins\/seo\/ -->\n<title>Bang Vape 36K Puffs Adjustable Ice Premium Disposable Vape - vapebulkp.com<\/title>\n<meta name=\"description\" content=\"Buy the Bang Vape 36K Puffs, a 36K Puffs Disposable Vape with smooth vapor, customizable cooling, and long-lasting rechargeable battery.\" \/>\n<meta name=\"robots\" content=\"index, follow, max-snippet:-1, max-image-preview:large, max-video-preview:-1\" \/>\n<link rel=\"canonical\" href=\"https:\/\/vapebulkp.com\/pl\/product\/bang-vape-36k-puffs-adjustable-ice-premium-disposable-vape\/\" \/>\n<meta property=\"og:locale\" content=\"pl_PL\" \/>\n<meta property=\"og:type\" content=\"article\" \/>\n<meta property=\"og:title\" content=\"Bang Vape 36K Puffs Adjustable Ice Premium Disposable Vape - vapebulkp.com\" \/>\n<meta property=\"og:description\" content=\"Buy the Bang Vape 36K Puffs, a 36K Puffs Disposable Vape with smooth vapor, customizable cooling, and long-lasting rechargeable battery.\" \/>\n<meta property=\"og:url\" content=\"https:\/\/vapebulkp.com\/pl\/product\/bang-vape-36k-puffs-adjustable-ice-premium-disposable-vape\/\" \/>\n<meta property=\"og:site_name\" content=\"vapebulkp.com\" \/>\n<meta property=\"article:modified_time\" content=\"2025-09-24T03:13:38+00:00\" \/>\n<meta property=\"og:image\" content=\"http:\/\/vapebulkp.com\/wp-content\/uploads\/2024\/10\/Bang-Vape-36k-Adjustable-Ice-Disposable-Vape-Your-Ultimate-Vaping-Solution.png\" \/>\n\t<meta property=\"og:image:width\" content=\"1000\" \/>\n\t<meta property=\"og:image:height\" content=\"1000\" \/>\n\t<meta property=\"og:image:type\" content=\"image\/png\" \/>\n<meta name=\"twitter:card\" content=\"summary_large_image\" \/>\n<meta name=\"twitter:label1\" content=\"Szacowany czas czytania\" \/>\n\t<meta name=\"twitter:data1\" content=\"4 minuty\" \/>\n<script type=\"application\/ld+json\" class=\"yoast-schema-graph\">{\"@context\":\"https:\/\/schema.org\",\"@graph\":[{\"@type\":\"WebPage\",\"@id\":\"https:\/\/vapebulkp.com\/product\/bang-vape-36k-puffs-adjustable-ice-premium-disposable-vape\/\",\"url\":\"https:\/\/vapebulkp.com\/product\/bang-vape-36k-puffs-adjustable-ice-premium-disposable-vape\/\",\"name\":\"Bang Vape 36K Puffs Adjustable Ice Premium Disposable Vape - vapebulkp.com\",\"isPartOf\":{\"@id\":\"https:\/\/vapebulkp.com\/#website\"},\"datePublished\":\"2024-10-29T08:45:41+00:00\",\"dateModified\":\"2025-09-24T03:13:38+00:00\",\"description\":\"Buy the Bang Vape 36K Puffs, a 36K Puffs Disposable Vape with smooth vapor, customizable cooling, and long-lasting rechargeable battery.\",\"breadcrumb\":{\"@id\":\"https:\/\/vapebulkp.com\/product\/bang-vape-36k-puffs-adjustable-ice-premium-disposable-vape\/#breadcrumb\"},\"inLanguage\":\"pl-PL\",\"potentialAction\":[{\"@type\":\"ReadAction\",\"target\":[\"https:\/\/vapebulkp.com\/product\/bang-vape-36k-puffs-adjustable-ice-premium-disposable-vape\/\"]}]},{\"@type\":\"BreadcrumbList\",\"@id\":\"https:\/\/vapebulkp.com\/product\/bang-vape-36k-puffs-adjustable-ice-premium-disposable-vape\/#breadcrumb\",\"itemListElement\":[{\"@type\":\"ListItem\",\"position\":1,\"name\":\"Home\",\"item\":\"https:\/\/vapebulkp.com\/\"},{\"@type\":\"ListItem\",\"position\":2,\"name\":\"Hot Trend Vapes\",\"item\":\"https:\/\/vapebulkp.com\/vape-shop\/\"},{\"@type\":\"ListItem\",\"position\":3,\"name\":\"Bang Vape 36K Puffs Adjustable Ice Premium Disposable Vape\"}]},{\"@type\":\"WebSite\",\"@id\":\"https:\/\/vapebulkp.com\/#website\",\"url\":\"https:\/\/vapebulkp.com\/\",\"name\":\"vapebulkp.com\",\"description\":\"Buy Vape In Cheap Bulk Price Near you\",\"publisher\":{\"@id\":\"https:\/\/vapebulkp.com\/#organization\"},\"potentialAction\":[{\"@type\":\"SearchAction\",\"target\":{\"@type\":\"EntryPoint\",\"urlTemplate\":\"https:\/\/vapebulkp.com\/?s={search_term_string}\"},\"query-input\":\"required name=search_term_string\"}],\"inLanguage\":\"pl-PL\"},{\"@type\":\"Organization\",\"@id\":\"https:\/\/vapebulkp.com\/#organization\",\"name\":\"vapebulkp.com\",\"url\":\"https:\/\/vapebulkp.com\/\",\"logo\":{\"@type\":\"ImageObject\",\"inLanguage\":\"pl-PL\",\"@id\":\"https:\/\/vapebulkp.com\/#\/schema\/logo\/image\/\",\"url\":\"https:\/\/vapebulkp.com\/wp-content\/uploads\/2023\/09\/cropped-vapebulkp.png\",\"contentUrl\":\"https:\/\/vapebulkp.com\/wp-content\/uploads\/2023\/09\/cropped-vapebulkp.png\",\"width\":516,\"height\":163,\"caption\":\"vapebulkp.com\"},\"image\":{\"@id\":\"https:\/\/vapebulkp.com\/#\/schema\/logo\/image\/\"}}]}<\/script>\n<!-- \/ Yoast SEO plugin. -->","yoast_head_json":{"title":"Bang Vape 36K Puffs Adjustable Ice Premium Disposable Vape - vapebulkp.com","description":"Buy the Bang Vape 36K Puffs, a 36K Puffs Disposable Vape with smooth vapor, customizable cooling, and long-lasting rechargeable battery.","robots":{"index":"index","follow":"follow","max-snippet":"max-snippet:-1","max-image-preview":"max-image-preview:large","max-video-preview":"max-video-preview:-1"},"canonical":"https:\/\/vapebulkp.com\/pl\/product\/bang-vape-36k-puffs-adjustable-ice-premium-disposable-vape\/","og_locale":"pl_PL","og_type":"article","og_title":"Bang Vape 36K Puffs Adjustable Ice Premium Disposable Vape - vapebulkp.com","og_description":"Buy the Bang Vape 36K Puffs, a 36K Puffs Disposable Vape with smooth vapor, customizable cooling, and long-lasting rechargeable battery.","og_url":"https:\/\/vapebulkp.com\/pl\/product\/bang-vape-36k-puffs-adjustable-ice-premium-disposable-vape\/","og_site_name":"vapebulkp.com","article_modified_time":"2025-09-24T03:13:38+00:00","og_image":[{"width":1000,"height":1000,"url":"http:\/\/vapebulkp.com\/wp-content\/uploads\/2024\/10\/Bang-Vape-36k-Adjustable-Ice-Disposable-Vape-Your-Ultimate-Vaping-Solution.png","type":"image\/png"}],"twitter_card":"summary_large_image","twitter_misc":{"Szacowany czas czytania":"4 minuty"},"schema":{"@context":"https:\/\/schema.org","@graph":[{"@type":"WebPage","@id":"https:\/\/vapebulkp.com\/product\/bang-vape-36k-puffs-adjustable-ice-premium-disposable-vape\/","url":"https:\/\/vapebulkp.com\/product\/bang-vape-36k-puffs-adjustable-ice-premium-disposable-vape\/","name":"Bang Vape 36K Puffs Adjustable Ice Premium Disposable Vape - vapebulkp.com","isPartOf":{"@id":"https:\/\/vapebulkp.com\/#website"},"datePublished":"2024-10-29T08:45:41+00:00","dateModified":"2025-09-24T03:13:38+00:00","description":"Buy the Bang Vape 36K Puffs, a 36K Puffs Disposable Vape with smooth vapor, customizable cooling, and long-lasting rechargeable battery.","breadcrumb":{"@id":"https:\/\/vapebulkp.com\/product\/bang-vape-36k-puffs-adjustable-ice-premium-disposable-vape\/#breadcrumb"},"inLanguage":"pl-PL","potentialAction":[{"@type":"ReadAction","target":["https:\/\/vapebulkp.com\/product\/bang-vape-36k-puffs-adjustable-ice-premium-disposable-vape\/"]}]},{"@type":"BreadcrumbList","@id":"https:\/\/vapebulkp.com\/product\/bang-vape-36k-puffs-adjustable-ice-premium-disposable-vape\/#breadcrumb","itemListElement":[{"@type":"ListItem","position":1,"name":"Home","item":"https:\/\/vapebulkp.com\/"},{"@type":"ListItem","position":2,"name":"Hot Trend Vapes","item":"https:\/\/vapebulkp.com\/vape-shop\/"},{"@type":"ListItem","position":3,"name":"Bang Vape 36K Puffs Adjustable Ice Premium Disposable Vape"}]},{"@type":"WebSite","@id":"https:\/\/vapebulkp.com\/#website","url":"https:\/\/vapebulkp.com\/","name":"vapebulkp.com","description":"Buy Vape In Cheap Bulk Price Near you","publisher":{"@id":"https:\/\/vapebulkp.com\/#organization"},"potentialAction":[{"@type":"SearchAction","target":{"@type":"EntryPoint","urlTemplate":"https:\/\/vapebulkp.com\/?s={search_term_string}"},"query-input":"required name=search_term_string"}],"inLanguage":"pl-PL"},{"@type":"Organization","@id":"https:\/\/vapebulkp.com\/#organization","name":"vapebulkp.com","url":"https:\/\/vapebulkp.com\/","logo":{"@type":"ImageObject","inLanguage":"pl-PL","@id":"https:\/\/vapebulkp.com\/#\/schema\/logo\/image\/","url":"https:\/\/vapebulkp.com\/wp-content\/uploads\/2023\/09\/cropped-vapebulkp.png","contentUrl":"https:\/\/vapebulkp.com\/wp-content\/uploads\/2023\/09\/cropped-vapebulkp.png","width":516,"height":163,"caption":"vapebulkp.com"},"image":{"@id":"https:\/\/vapebulkp.com\/#\/schema\/logo\/image\/"}}]}},"uagb_featured_image_src":{"full":["https:\/\/vapebulkp.com\/wp-content\/uploads\/2024\/10\/Bang-Vape-36k-Adjustable-Ice-Disposable-Vape-Your-Ultimate-Vaping-Solution.png",1000,1000,false],"thumbnail":["https:\/\/vapebulkp.com\/wp-content\/uploads\/2024\/10\/Bang-Vape-36k-Adjustable-Ice-Disposable-Vape-Your-Ultimate-Vaping-Solution-150x150.png",150,150,true],"medium":["https:\/\/vapebulkp.com\/wp-content\/uploads\/2024\/10\/Bang-Vape-36k-Adjustable-Ice-Disposable-Vape-Your-Ultimate-Vaping-Solution-300x300.png",300,300,true],"medium_large":["https:\/\/vapebulkp.com\/wp-content\/uploads\/2024\/10\/Bang-Vape-36k-Adjustable-Ice-Disposable-Vape-Your-Ultimate-Vaping-Solution-768x768.png",768,768,true],"large":["https:\/\/vapebulkp.com\/wp-content\/uploads\/2024\/10\/Bang-Vape-36k-Adjustable-Ice-Disposable-Vape-Your-Ultimate-Vaping-Solution.png",1000,1000,false],"1536x1536":["https:\/\/vapebulkp.com\/wp-content\/uploads\/2024\/10\/Bang-Vape-36k-Adjustable-Ice-Disposable-Vape-Your-Ultimate-Vaping-Solution.png",1000,1000,false],"2048x2048":["https:\/\/vapebulkp.com\/wp-content\/uploads\/2024\/10\/Bang-Vape-36k-Adjustable-Ice-Disposable-Vape-Your-Ultimate-Vaping-Solution.png",1000,1000,false],"trp-custom-language-flag":["https:\/\/vapebulkp.com\/wp-content\/uploads\/2024\/10\/Bang-Vape-36k-Adjustable-Ice-Disposable-Vape-Your-Ultimate-Vaping-Solution.png",12,12,false],"woocommerce_thumbnail":["https:\/\/vapebulkp.com\/wp-content\/uploads\/2024\/10\/Bang-Vape-36k-Adjustable-Ice-Disposable-Vape-Your-Ultimate-Vaping-Solution-300x300.png",300,300,true],"woocommerce_single":["https:\/\/vapebulkp.com\/wp-content\/uploads\/2024\/10\/Bang-Vape-36k-Adjustable-Ice-Disposable-Vape-Your-Ultimate-Vaping-Solution-600x600.png",600,600,true],"woocommerce_gallery_thumbnail":["https:\/\/vapebulkp.com\/wp-content\/uploads\/2024\/10\/Bang-Vape-36k-Adjustable-Ice-Disposable-Vape-Your-Ultimate-Vaping-Solution-100x100.png",100,100,true],"wcpr-photo-reviews":["https:\/\/vapebulkp.com\/wp-content\/uploads\/2024\/10\/Bang-Vape-36k-Adjustable-Ice-Disposable-Vape-Your-Ultimate-Vaping-Solution.png",500,500,false]},"uagb_author_info":{"display_name":"Mandy vape bulk price","author_link":"https:\/\/vapebulkp.com\/pl\/author\/"},"uagb_comment_info":0,"uagb_excerpt":"Bang Vape 36k Adjustable Ice Disposable E-Cigarette The High-End Solution for a Long-Lasting Vaping Experience Pls Contact Mandy's WhatsApp For Discount Price+8618077105796 NOTE: Prices on our website does not include shipping costs &nbsp;","_links":{"self":[{"href":"https:\/\/vapebulkp.com\/pl\/wp-json\/wp\/v2\/product\/3084","targetHints":{"allow":["GET"]}}],"collection":[{"href":"https:\/\/vapebulkp.com\/pl\/wp-json\/wp\/v2\/product"}],"about":[{"href":"https:\/\/vapebulkp.com\/pl\/wp-json\/wp\/v2\/types\/product"}],"replies":[{"embeddable":true,"href":"https:\/\/vapebulkp.com\/pl\/wp-json\/wp\/v2\/comments?post=3084"}],"wp:featuredmedia":[{"embeddable":true,"href":"https:\/\/vapebulkp.com\/pl\/wp-json\/wp\/v2\/media\/3082"}],"wp:attachment":[{"href":"https:\/\/vapebulkp.com\/pl\/wp-json\/wp\/v2\/media?parent=3084"}],"wp:term":[{"taxonomy":"product_cat","embeddable":true,"href":"https:\/\/vapebulkp.com\/pl\/wp-json\/wp\/v2\/product_cat?post=3084"},{"taxonomy":"product_tag","embeddable":true,"href":"https:\/\/vapebulkp.com\/pl\/wp-json\/wp\/v2\/product_tag?post=3084"}],"curies":[{"name":"wp","href":"https:\/\/api.w.org\/{rel}","templated":true}]}}